{"id":5987,"date":"2026-01-24T10:40:06","date_gmt":"2026-01-24T02:40:06","guid":{"rendered":"https:\/\/oiovape.com\/?post_type=product&#038;p=5987"},"modified":"2026-04-15T17:52:54","modified_gmt":"2026-04-15T09:52:54","slug":"fizzy-max-iii-60000-puffs","status":"publish","type":"product","link":"https:\/\/oiovape.com\/de\/product\/fizzy-max-iii-60000-puffs\/","title":{"rendered":"Fizzy MAX III 60000 PUFFS 6 in 1 Geschmack 850mAh Akku Wiederaufladbarer Disposable Vape Mit Mesh Coil"},"content":{"rendered":"<div data-page-id=\"ZVeMfq8uxd7y1ycuKm5cym4LnYd\" data-lark-html-role=\"root\" data-docx-has-block-data=\"false\">\n<div data-page-id=\"Fd41fZ5N9dzRQtcRNoVc2FuDnCh\" data-lark-html-role=\"root\" data-docx-has-block-data=\"true\">\n<div data-page-id=\"BdIJfeeijdk1eucGpS8cDCBBn5c\" data-lark-html-role=\"root\" data-docx-has-block-data=\"false\">\n<div data-page-id=\"Zbg9fWx77dUuh2cIYpic25c8nyd\" data-lark-html-role=\"root\" data-docx-has-block-data=\"false\">\n<div data-page-id=\"KaIvfiurhdlCKdc0kyxcX64cnE6\" data-lark-html-role=\"root\" data-docx-has-block-data=\"true\">\n<div data-page-id=\"PbvFfqxqlddUTScRpEYcY5MHnpf\" data-lark-html-role=\"root\" data-docx-has-block-data=\"true\">\n<div data-page-id=\"GZO2f5JeudwY4jc9iJtcdk9Hnxh\" data-lark-html-role=\"root\" data-docx-has-block-data=\"false\">\n<div data-page-id=\"EZVRf2acFduXLGcseZFc4qH2n6e\" data-lark-html-role=\"root\" data-docx-has-block-data=\"false\">\n<div data-page-id=\"B8rHfcqlqdzmH5cCWCncz17Cntb\" data-lark-html-role=\"root\" data-docx-has-block-data=\"false\">\n<div data-page-id=\"B8rHfcqlqdzmH5cCWCncz17Cntb\" data-lark-html-role=\"root\" data-docx-has-block-data=\"false\">\n<div data-page-id=\"B8rHfcqlqdzmH5cCWCncz17Cntb\" data-lark-html-role=\"root\" data-docx-has-block-data=\"true\">\n<div data-page-id=\"HM70f1aoxdD0bMcxJZBcVc7ynZd\" data-lark-html-role=\"root\" data-docx-has-block-data=\"false\">\n<div data-page-id=\"NSrJfN7Ord22i0c1iwZcsF8yn8b\" data-lark-html-role=\"root\" data-docx-has-block-data=\"false\">\n<div data-page-id=\"RXEff4Mskds8o1cqL5HcGEtUnCh\" data-lark-html-role=\"root\" data-docx-has-block-data=\"false\">\n<div data-page-id=\"KJ7gfqkVndMSRJcMseScmvYwnTc\" data-lark-html-role=\"root\" data-docx-has-block-data=\"false\">\n<div class=\"ace-line ace-line old-record-id-QADAfETPudgmudc05YvcTO5fnxe\">\n<div data-page-id=\"KJ7gfqkVndMSRJcMseScmvYwnTc\" data-lark-html-role=\"root\" data-docx-has-block-data=\"false\">\n<div class=\"ace-line ace-line old-record-id-JoRkfpho8dOkiacEOascDyCOncb\">\n<div data-page-id=\"KJ7gfqkVndMSRJcMseScmvYwnTc\" data-lark-html-role=\"root\" data-docx-has-block-data=\"false\">\n<div data-page-id=\"Ju6ofQ3V4dGmePcVvJvc1gmcnZb\" data-lark-html-role=\"root\" data-docx-has-block-data=\"true\">\n<div data-page-id=\"PR9ife5PLdFabccbFgZcWgZOnTc\" data-lark-html-role=\"root\" data-docx-has-block-data=\"false\">\n<div data-page-id=\"INdrfOIGzdaenXcptrcc1BcznQc\" data-lark-html-role=\"root\" data-docx-has-block-data=\"false\">\n<div class=\"ace-line ace-line old-record-id-P0fIf4YaZdoGkbcxt5ackec2nnb\">\n<div data-page-id=\"INdrfOIGzdaenXcptrcc1BcznQc\" data-lark-html-role=\"root\" data-docx-has-block-data=\"false\">\n<div data-page-id=\"MAzCfUB73dMTQscm8eWcougVn1g\" data-lark-html-role=\"root\" data-docx-has-block-data=\"true\">\n<div data-page-id=\"AXfpf7H1odhDvGcKoUOcErN8nV7\" data-lark-html-role=\"root\" data-docx-has-block-data=\"false\">\n<div data-page-id=\"QYTKf5PvLdUNdbce2nBcW9yfnrh\" data-lark-html-role=\"root\" data-docx-has-block-data=\"false\">\n<div data-page-id=\"Pvu1f1CCBdxbjncA9pgcBTpanph\" data-lark-html-role=\"root\" data-docx-has-block-data=\"true\">\n<div data-page-id=\"Axf3fcmY8dDAhtcjVircBcphnPc\" data-lark-html-role=\"root\" data-docx-has-block-data=\"false\">\n<div data-page-id=\"KKj1f9SPmdLhhMc5E2AcNlLen6f\" data-lark-html-role=\"root\" data-docx-has-block-data=\"true\">\n<div data-page-id=\"Rx61fK1sJdXHjPcBuhZcweNhnwc\" data-lark-html-role=\"root\" data-docx-has-block-data=\"false\">\n<div data-page-id=\"L1H9fkG9Mdz45Fcy4WMc5VKXnRe\" data-lark-html-role=\"root\" data-docx-has-block-data=\"false\">\n<div data-page-id=\"L1H9fkG9Mdz45Fcy4WMc5VKXnRe\" data-lark-html-role=\"root\" data-docx-has-block-data=\"false\">\n<div data-page-id=\"D4XLfVBVrdE8mrcaYizczklLnaf\" data-lark-html-role=\"root\" data-docx-has-block-data=\"false\">\n<div data-page-id=\"WVcifIY44d5mhMcXtyEcTsfenGd\" data-lark-html-role=\"root\" data-docx-has-block-data=\"true\">\n<div data-page-id=\"LRknfa6Whd4DWCcUc0FcNKpJnyh\" data-lark-html-role=\"root\" data-docx-has-block-data=\"false\">\n<div data-page-id=\"LRknfa6Whd4DWCcUc0FcNKpJnyh\" data-lark-html-role=\"root\" data-docx-has-block-data=\"false\">\n<div data-page-id=\"XFRAfkcOEdRWh8cArQ2cJdyRnJf\" data-lark-html-role=\"root\" data-docx-has-block-data=\"true\">\n<div data-page-id=\"OQ3bfjnRddMTDGcC3ouc6xFKnWf\" data-lark-html-role=\"root\" data-docx-has-block-data=\"true\">\n<div data-page-id=\"J0iGfj1hEdjc4rcUdSmc4spMnmZ\" data-lark-html-role=\"root\" data-docx-has-block-data=\"false\">\n<div data-page-id=\"P1o7fFyNlduP8tcfZpQcagzbnIf\" data-lark-html-role=\"root\" data-docx-has-block-data=\"false\">\n<div class=\"ace-line ace-line old-record-id-P1o7fFyNlduP8tcfZpQcagzbnIf\">\n<div data-page-id=\"P1o7fFyNlduP8tcfZpQcagzbnIf\" data-lark-html-role=\"root\" data-docx-has-block-data=\"false\">\n<div data-page-id=\"U4iufW38SdttWKcTstMcTtHRnXc\" data-lark-html-role=\"root\" data-docx-has-block-data=\"true\">\n<div data-page-id=\"ONVMf7VTWddcFtcyATOchCJHnZb\" data-lark-html-role=\"root\" data-docx-has-block-data=\"true\">\n<div data-page-id=\"KoW2fSy0PdLHFlc5kSHcgvWMnYg\" data-lark-html-role=\"root\" data-docx-has-block-data=\"false\">\n<div data-page-id=\"KoW2fSy0PdLHFlc5kSHcgvWMnYg\" data-lark-html-role=\"root\" data-docx-has-block-data=\"false\">\n<div data-page-id=\"OLGhfzxC7d7EFIcLEj9cRT5ynZf\" data-lark-html-role=\"root\" data-docx-has-block-data=\"false\">\n<div data-page-id=\"DdnnfrLjzdqrFIc9Il9c7pA2noc\" data-lark-html-role=\"root\" data-docx-has-block-data=\"true\">\n<div data-page-id=\"KNzcf2o0oddkJOcztTVcqPdlnth\" data-lark-html-role=\"root\" data-docx-has-block-data=\"false\">\n<div data-page-id=\"LBU7fg5SEdkWhecGJoxca3xvnCe\" data-lark-html-role=\"root\" data-docx-has-block-data=\"false\">\n<div data-page-id=\"EB70fooS3d69bMcgWB7c5qb9n8g\" data-lark-html-role=\"root\" data-docx-has-block-data=\"false\">\n<div data-page-id=\"AogwfsZCadB6t0cAvF0cK4JLnvf\" data-lark-html-role=\"root\" data-docx-has-block-data=\"false\">\n<div data-page-id=\"AogwfsZCadB6t0cAvF0cK4JLnvf\" data-lark-html-role=\"root\" data-docx-has-block-data=\"false\">\n<div data-page-id=\"JMZIflNGddQuU0c5JZocSqlvnle\" data-lark-html-role=\"root\" data-docx-has-block-data=\"false\">\n<div data-page-id=\"JMZIflNGddQuU0c5JZocSqlvnle\" data-lark-html-role=\"root\" data-docx-has-block-data=\"true\">\n<div data-page-id=\"HtEafjjRIdPAlMc9zgYcsGy6nOe\" data-lark-html-role=\"root\" data-docx-has-block-data=\"false\">\n<div data-page-id=\"Rhnafz0WTdDeT9c43xxczsbVnJo\" data-lark-html-role=\"root\" data-docx-has-block-data=\"false\">\n<div data-page-id=\"WY0CfKdcTdf4hVcZl67ct5LGncf\" data-lark-html-role=\"root\" data-docx-has-block-data=\"true\">\n<div data-page-id=\"MkB5fF4AVdchovcoPEpc7LqvnOd\" data-lark-html-role=\"root\" data-docx-has-block-data=\"true\">\n<div data-page-id=\"MfbjfZhbhdJdA8cH1dAckqF0n6g\" data-lark-html-role=\"root\" data-docx-has-block-data=\"false\">\n<div class=\"ace-line ace-line old-record-id-W2AHfJLnjd7ugjcRLs1c8BdhnNh\">\n<div data-page-id=\"MfbjfZhbhdJdA8cH1dAckqF0n6g\" data-lark-html-role=\"root\" data-docx-has-block-data=\"false\">\n<div class=\"old-record-id-XXd1feeCZdR2hJc6evocxnh1nOg\">\n<div data-page-id=\"MfbjfZhbhdJdA8cH1dAckqF0n6g\" data-lark-html-role=\"root\" data-docx-has-block-data=\"false\">\n<div data-page-id=\"DE51fYUmxdT3ekcHzc3cGrVQnsc\" data-lark-html-role=\"root\" data-docx-has-block-data=\"false\">\n<div data-page-id=\"YSKdfaZ08dRej3ci5CccQBuOncc\" data-lark-html-role=\"root\" data-docx-has-block-data=\"true\">\n<div data-page-id=\"K6mofQmledamEFcgp1EcVobmnYd\" data-lark-html-role=\"root\" data-docx-has-block-data=\"false\">\n<div data-page-id=\"VTgsfVLdCd9q1ucYcwRcCM0Hnof\" data-lark-html-role=\"root\" data-docx-has-block-data=\"true\">\n<div data-page-id=\"WucKfzp8RdNy8rcMJHncz4Knnac\" data-lark-html-role=\"root\" data-docx-has-block-data=\"true\">\n<div data-page-id=\"IfZ9fDIBLd9b9hcJiqGcLw9Pnmh\" data-lark-html-role=\"root\" data-docx-has-block-data=\"false\">\n<h2 data-path-to-node=\"0\">Fizzy MAX III 60000 Z\u00fcge: Das ewige Sinnesfest, das den K\u00f6nig der Ausdauer kr\u00f6nt<\/h2>\n<p data-path-to-node=\"1\">In der weitl\u00e4ufigen Wildnis der Nikotinoptionen, haben Sie jemals unter \u201cFlavor FOMO\u201d gelitten \u2013 eine Vape umklammernd, w\u00e4hrend Sie sich nach der Seele einer anderen sehnen? Oder dieses kalte Kribbeln der Angst gesp\u00fcrt, wenn Ihr Akku mitten auf einer langen Reise rot blinkt? Das <b data-path-to-node=\"1\" data-index-in-node=\"253\">Fizzy MAX III 60000 Z\u00fcge<\/b> ist nicht nur hier, um Rekorde zu brechen; es ist hier, um die \u00c4ra des Kompromisses zu beenden. Stellen Sie es sich als eine taschengro\u00dfe Musikbox vor, aber anstatt Vinyl abzuspielen, spielt sie eine lebendige Melodie von Geschm\u00e4ckern ab, die Ihren Gaumen mit chirurgischer Pr\u00e4zision treffen sollen.<\/p>\n<p><img decoding=\"async\" class=\"alignnone wp-image-5989 size-full\" title=\"Fizzy MAX III 60k Plakat\" src=\"https:\/\/oiovape.com\/wp-content\/uploads\/2026\/01\/Fizzy-MAX-III-60k-poster.jpg\" alt=\"Fizzy MAX III 60k Plakat\" width=\"1920\" height=\"1245\" srcset=\"https:\/\/oiovape.com\/wp-content\/uploads\/2026\/01\/Fizzy-MAX-III-60k-poster.jpg 1920w, https:\/\/oiovape.com\/wp-content\/uploads\/2026\/01\/Fizzy-MAX-III-60k-poster-150x97.jpg 150w, https:\/\/oiovape.com\/wp-content\/uploads\/2026\/01\/Fizzy-MAX-III-60k-poster-1200x778.jpg 1200w, https:\/\/oiovape.com\/wp-content\/uploads\/2026\/01\/Fizzy-MAX-III-60k-poster-300x195.jpg 300w, https:\/\/oiovape.com\/wp-content\/uploads\/2026\/01\/Fizzy-MAX-III-60k-poster-1024x664.jpg 1024w, https:\/\/oiovape.com\/wp-content\/uploads\/2026\/01\/Fizzy-MAX-III-60k-poster-768x498.jpg 768w, https:\/\/oiovape.com\/wp-content\/uploads\/2026\/01\/Fizzy-MAX-III-60k-poster-1536x996.jpg 1536w, https:\/\/oiovape.com\/wp-content\/uploads\/2026\/01\/Fizzy-MAX-III-60k-poster-18x12.jpg 18w\" sizes=\"(max-width: 1920px) 100vw, 1920px\" \/><\/p>\n<h2 data-path-to-node=\"3\">Warum ist die Fizzy MAX III Ihr pers\u00f6nlicher \u201cFlavor Maestro\u201d?<\/h2>\n<p data-path-to-node=\"4\">Wenn eine gew\u00f6hnliche Vape eine Soloauff\u00fchrung ist, dann ist die <b data-path-to-node=\"4\" data-index-in-node=\"47\">Fizzy MAX III<\/b> <strong>60000 Z\u00fcge<\/strong> ein vollst\u00e4ndiges philharmonisches Orchester. Sie weigert sich, sich mit blo\u00dfer Langlebigkeit zufriedenzugeben; sie strebt danach, Ihnen mit jedem Atemzug ein Ticket in eine andere Dimension zu geben.<\/p>\n<h3 data-path-to-node=\"5\">Ein 60000-Zug-Marathon: Der treue Begleiter f\u00fcr die lange Strecke<\/h3>\n<p data-path-to-node=\"6\">W\u00e4hrend die meisten Einwegger\u00e4te nur Touristen in Ihrem Leben sind, ist die Fizzy MAX III 60000 Z\u00fcge der standhaft Verb\u00fcndete, der mit Ihnen \u00fcber Berge und Meere geht. Eine erstaunliche <b data-path-to-node=\"6\" data-index-in-node=\"157\">60000 Puff<\/b> Kapazit\u00e4t bedeutet, dass Sie nicht mehr nach Vape-Shops suchen m\u00fcssen und Ihre Tasche nicht mehr mit \u201cNotfall\u201d-Ersatzger\u00e4ten vollstopfen m\u00fcssen. Es ist eine tragbare Mineralader der Energie \u2013 immer da, immer bereit, wann immer das Verlangen zuschl\u00e4gt.<\/p>\n<h3 data-path-to-node=\"7\">6-in-1 Dreh-Schalter-Magie: Ein Zaubertrick an Ihren Fingerspitzen<\/h3>\n<p data-path-to-node=\"8\">Warum einen Koffer voller Ger\u00e4te mitschleppen, wenn Sie ein Meisterwerk mitschleppen k\u00f6nnen? Mit einer <b data-path-to-node=\"8\" data-index-in-node=\"80\">klassischen dreieckigen Stabilit\u00e4tsstruktur<\/b>, drehen Sie einfach das Mundst\u00fcck, um zwischen sechs verschiedenen Welten zu gleiten. Dieses mechanische Feedback bietet mehr als nur einen Geschmackswechsel; es bietet ein taktiles Entspannungsritual. W\u00fcrzige Zitrusfr\u00fcchte zum Starten des Morgens, samtige Creme f\u00fcr das Nachmittagstief und eine k\u00fchle Beerenbrise f\u00fcr den Mond um Mitternacht \u2013 es ist ein Ger\u00e4t, das sich so schnell entwickelt wie Ihre Stimmung.<\/p>\n<h2 data-path-to-node=\"10\">Pr\u00e4zisionstechnik: Die harte Seele unter dem Neon-Prisma<\/h2>\n<p data-path-to-node=\"11\">Echter Luxus ist nicht nur eine gl\u00e4nzende Au\u00dfenseite; es geht um die Details im Verborgenen. Der Fizzy Max III 6 in 1 60000 Puffs geht tiefer in die \u201cunsichtbaren\u201d Details ein, um sicherzustellen, dass jeder Zug so rein schmeckt wie der erste.<\/p>\n<h4 data-path-to-node=\"12\">Einzigartige Tank-Aufteilung: Kein \u201cGeschmacks-\u00dcbergriff\u201d mehr\u201d<\/h4>\n<p data-path-to-node=\"13\">Das gr\u00f6\u00dfte Leid von Multi-Geschmack-Ger\u00e4ten ist Geschmacksblutung \u2013 wenn alles schlie\u00dflich wie ein tr\u00fcbes Durcheinander von Chemikalien schmeckt. Der Fizzy MAX III l\u00f6st dies mit einem <b data-path-to-node=\"13\" data-index-in-node=\"170\">bahnbrechenden unabh\u00e4ngigen Partitionierungsdesign<\/b>. Sein 60-ml-Reservoir ist in sechs private \u201cApartments\u201d unterteilt, die jeden Duft einschlie\u00dfen. Erdbeere bleibt Erdbeere, und Zitrone bleibt Zitrone. Es ist Geschmackstrennung in ihrer sch\u00f6nsten Form.<\/p>\n<h4 data-path-to-node=\"14\">Mesh-Spule der dritten Generation: Der Dampf erh\u00e4lt eine seidene Seele<\/h4>\n<p data-path-to-node=\"15\">Wenn die E-Fl\u00fcssigkeit das Blut ist, ist die Mesh-Spule das Herz. Das professionelle Mesh-Heizelement vergr\u00f6\u00dfert die Oberfl\u00e4che, um Fl\u00fcssigkeit in Dampf so glatt wie Seide umzuwandeln. Das ist nicht nur \u201cDampf\u201d; es ist ein feiner, mikroskopischer Nebel, der sich anf\u00fchlt wie Morgennebel, der \u00fcber deine Zunge rollt \u2013 dicht, konsistent und tadellos raffiniert.<\/p>\n<h4 data-path-to-node=\"16\">Das intelligente LED-Cockpit: Absolute Kontrolle \u00fcber deine Sitzung<\/h4>\n<p data-path-to-node=\"17\">Bist du es leid, von einem leeren Akku \u00fcberrascht zu werden? Der hochaufl\u00f6sende LED-Bildschirm an der Basis fungiert als dein Instrumentenbrett und \u00fcberwacht <b data-path-to-node=\"17\" data-index-in-node=\"139\">Batterieprozentsatz<\/b> und <b data-path-to-node=\"17\" data-index-in-node=\"162\">Fl\u00fcssigkeitsst\u00e4nde<\/b> in Echtzeit. Das ist kein Raten; es ist datengesteuerte Entspannung. Kombiniert mit dem <b data-path-to-node=\"17\" data-index-in-node=\"258\">Type-C-Schnellladeanschluss<\/b>, kehrt es in einem Herzschlag zur vollen Leistung zur\u00fcck und erkl\u00e4rt der \u201cStromangst\u201d den Krieg.\u201d<\/p>\n<h3 data-path-to-node=\"19\">Navigation durch die 10 Geschmacks-Konstellationen: In welcher Umlaufbahn befindest du dich?<\/h3>\n<p data-path-to-node=\"20\">Unsere Mixologen haben Frucht-, Frost- und Dessertelemente dekonstruiert, um zehn einzigartige 6-in-1-Matrizen zusammenzustellen. Welche spricht zu deiner Seele?<\/p>\n<ul>\n<li>Option 1: Erdbeere Wassermelone \/ Zitrone Limette \/ Blaubeere Kokosnuss<\/li>\n<li>Option 2: Blaubeere Eis \/ Fizzy Kirsche \/ Himbeere Zitrone<\/li>\n<li>Option 3: Wassermelone Eis \/ Erdbeere Vanille Cola \/ Gemischte Beeren<\/li>\n<li>Option 4: Erdbeere Drachenfrucht \/ Red Bull \/ Himbeere Wassermelone<\/li>\n<li>Option 5: Erdbeere Himbeere \/ Mango Pfirsich \/ Blaubeere Wassermelone<\/li>\n<li>Option 6: Erdbeere Traube \/ Blaubeere Kokosnuss \/ Pfirsich Zitrone<\/li>\n<li>Option 7: Blaubeere Himbeere \/ Triple Melone \/ Erdbeere Eis<\/li>\n<li>Option 8: Gemischte Beeren \/ Kiwi Passionsfrucht Guave \/ Erdbeere Wassermelone<\/li>\n<li>Option 9: Erdbeere Kiwi \/ Blaubeere Eis \/ Wassermelone Eis<\/li>\n<li>Option 10: Blue Razz Eis \/ Erdbeere Kiwi \/ Saure Ananas Orange<\/li>\n<\/ul>\n<div style=\"width: 1920px;\" class=\"wp-video\"><video class=\"wp-video-shortcode\" id=\"video-5987-1\" width=\"1920\" height=\"1080\" preload=\"metadata\" controls=\"controls\"><source type=\"video\/mp4\" src=\"https:\/\/oiovape.com\/wp-content\/uploads\/2026\/04\/Fizzy-MAX-III-60K-Video.mp4?_=1\" \/><a href=\"https:\/\/oiovape.com\/wp-content\/uploads\/2026\/04\/Fizzy-MAX-III-60K-Video.mp4\">https:\/\/oiovape.com\/wp-content\/uploads\/2026\/04\/Fizzy-MAX-III-60K-Video.mp4<\/a><\/video><\/div>\n<h3 data-path-to-node=\"28\">Fizzy MAX III 60K Performance Blueprints<\/h3>\n<table data-path-to-node=\"29\">\n<thead>\n<tr>\n<td><strong>Funktion<\/strong><\/td>\n<td><strong>Detaillierte Spezifikation<\/strong><\/td>\n<\/tr>\n<\/thead>\n<tbody>\n<tr>\n<td><span data-path-to-node=\"29,1,0,0\"><b data-path-to-node=\"29,1,0,0\" data-index-in-node=\"0\">Theoretische Zuganzahl<\/b><\/span><\/td>\n<td><span data-path-to-node=\"29,1,1,0\">60000 Z\u00fcge<\/span><\/td>\n<\/tr>\n<tr>\n<td><span data-path-to-node=\"29,2,0,0\"><b data-path-to-node=\"29,2,0,0\" data-index-in-node=\"0\">Gesamte E-Liquid-Kapazit\u00e4t<\/b><\/span><\/td>\n<td><span data-path-to-node=\"29,2,1,0\">60ml (Unabh\u00e4ngige Partitionslagerung)<\/span><\/td>\n<\/tr>\n<tr>\n<td><span data-path-to-node=\"29,3,0,0\"><b data-path-to-node=\"29,3,0,0\" data-index-in-node=\"0\">Kerntechnologie<\/b><\/span><\/td>\n<td><span data-path-to-node=\"29,3,1,0\">6 in 1 Mechanischer Schalter \/ Premium-Mesh-Spule<\/span><\/td>\n<\/tr>\n<tr>\n<td><span data-path-to-node=\"29,4,0,0\"><b data-path-to-node=\"29,4,0,0\" data-index-in-node=\"0\">Stromquelle<\/b><\/span><\/td>\n<td><span data-path-to-node=\"29,4,1,0\">850mAh Hochdichte-Kobalt \/ USB-C Schnellladung<\/span><\/td>\n<\/tr>\n<tr>\n<td><span data-path-to-node=\"29,5,0,0\"><b data-path-to-node=\"29,5,0,0\" data-index-in-node=\"0\">Nikotinst\u00e4rke<\/b><\/span><\/td>\n<td><span data-path-to-node=\"29,5,1,0\">2% &amp; 5% (Verf\u00fcgbare Stufen)<\/span><\/td>\n<\/tr>\n<tr>\n<td><span data-path-to-node=\"29,6,0,0\"><b data-path-to-node=\"29,6,0,0\" data-index-in-node=\"0\">Interaktionsdesign<\/b><\/span><\/td>\n<td><span data-path-to-node=\"29,6,1,0\">Intelligente digitale Anzeige (Batterie\/Liquid)<\/span><\/td>\n<\/tr>\n<\/tbody>\n<\/table>\n<h2 data-path-to-node=\"31\">H\u00e4ufig gestellte Fragen: Alles, was Sie wissen m\u00fcssen<\/h2>\n<h4 data-path-to-node=\"32\">Wie wechsle ich tats\u00e4chlich zwischen den 6 Geschmacksrichtungen?<\/h4>\n<p data-path-to-node=\"33\">Es ist so intuitiv wie das Drehen eines Drehknopfes. Drehen Sie einfach den oberen Mundst\u00fcckbereich. Sie werden ein zufriedenstellendes mechanisches \u201cKlicken\u201d sp\u00fcren, wenn es sich mit dem n\u00e4chsten unabh\u00e4ngigen \u00d6ltank ausrichtet. Keine Tasten, keine Men\u00fcs \u2013 nur pure mechanische Einfachheit.<\/p>\n<h4 data-path-to-node=\"34\">Sind 60.000 Z\u00fcge realistisch?<\/h4>\n<p data-path-to-node=\"35\">Ja, konstruktionsbedingt. Mit einem massiven 60-ml-E-Liquid-Reservoir und einer hocheffizienten Mesh-Spule ist das Ger\u00e4t f\u00fcr lange Eins\u00e4tze ausgelegt. Obwohl die individuelle Zugdauer variiert, sind das enorme Fl\u00fcssigkeitsvolumen und der 850-mAh-Akku mit Wiederaufladung daf\u00fcr ausgelegt, diesen Marathon zu bew\u00e4ltigen.<\/p>\n<h4 data-path-to-node=\"36\">Ist das Ger\u00e4t nachf\u00fcllbar oder die Spule austauschbar?<\/h4>\n<p data-path-to-node=\"37\">Das Fizzy MAX III 6 in 1 60K ist ein Hochkapazit\u00e4ts-Einwegger\u00e4t, das f\u00fcr ultimativen Komfort konzipiert ist. Um die Integrit\u00e4t der 6-Tank-Partition und die auslaufsichere Abdichtung zu gew\u00e4hrleisten, ist das System geschlossen. Wenn die 60 ml Saft aufgebraucht sind, ist es Zeit, Ihr n\u00e4chstes Abenteuer zu w\u00e4hlen.<\/p>\n<h4 data-path-to-node=\"38\">Wie lange dauert das Aufladen?<\/h4>\n<p data-path-to-node=\"39\">Dank der USB-C-Schnellladefunktion erreicht der 850-mAh-Akku typischerweise eine funktionsf\u00e4hige Ladung innerhalb von 60\u201390 Minuten. Die LED-Anzeige h\u00e4lt Sie \u00fcber den Fortschritt auf dem Laufenden, damit Sie nie im Dunkeln stehen.<\/p>\n<h4 data-path-to-node=\"40\">Vermischen sich die Geschmacksrichtungen, wenn ich es auf die Seite lege?<\/h4>\n<p data-path-to-node=\"41\">\u00dcberhaupt nicht. Die interne Partition ist vakuumversiegelt. Ob in Ihrer Tasche, Ihrem Rucksack oder auf einem Tisch \u2013 die Blueberry Ice wird nicht bei der Strawberry Vanilla Coke \u201cvorbeischauen\u201d.<\/p>\n<\/div>\n<\/div>\n<\/div>\n<\/div>\n<\/div>\n<\/div>\n<\/div>\n<\/div>\n<\/div>\n<\/div>\n<\/div>\n<\/div>\n<\/div>\n<\/div>\n<\/div>\n<\/div>\n<\/div>\n<\/div>\n<\/div>\n<\/div>\n<\/div>\n<\/div>\n<\/div>\n<\/div>\n<\/div>\n<\/div>\n<\/div>\n<\/div>\n<\/div>\n<\/div>\n<\/div>\n<\/div>\n<\/div>\n<\/div>\n<\/div>\n<\/div>\n<\/div>\n<\/div>\n<\/div>\n<\/div>\n<\/div>\n<\/div>\n<\/div>\n<\/div>\n<\/div>\n<\/div>\n<\/div>\n<\/div>\n<\/div>\n<\/div>\n<\/div>\n<\/div>\n<\/div>\n<\/div>\n<\/div>\n<\/div>\n<\/div>\n<\/div>\n<\/div>\n<\/div>\n<\/div>\n<\/div>\n<\/div>\n<\/div>\n<\/div>\n<\/div>\n<\/div>\n<\/div>\n<\/div>\n<\/div>\n<\/div>","protected":false},"excerpt":{"rendered":"<div data-page-id=\"RAopf2sw9dtvw4cWYXpcTwo0n8g\" data-lark-html-role=\"root\" data-docx-has-block-data=\"false\">\n<div class=\"ace-line ace-line old-record-id-Uju9f3RXYd8dh2crAJbcBF3Un6M\">Fizzy MAX III 60000 Z\u00fcge bietet ein ultimatives Dampferlebnis mit 10 Varianten von 6-in-1 Geschm\u00e4ckern, die jeweils f\u00fcr authentischen Geschmack gro\u00dfgeschrieben sind. Es verf\u00fcgt \u00fcber eine hochwertige Mesh-Spule, einen 850mAh Type-C wiederaufladbaren Akku, ein LED-Display, 60ml E-Liquid und 2%\/5% Nikotinalternativen. Massive Z\u00fcge und vielf\u00e4ltige fruchtige, eisige Mischungen machen es perfekt f\u00fcr alle Dampfer.<\/div>\n<\/div>","protected":false},"featured_media":5999,"comment_status":"open","ping_status":"closed","template":"","meta":{"_acf_changed":false,"inline_featured_image":false,"_sitemap_exclude":false,"_sitemap_priority":"","_sitemap_frequency":""},"product_brand":[297],"product_cat":[298,239,242,229],"product_tag":[],"class_list":{"0":"post-5987","1":"product","2":"type-product","3":"status-publish","4":"has-post-thumbnail","6":"product_brand-fizzy","7":"product_cat-fizzy-puff","8":"product_cat-disposable-vape-collection","9":"product_cat-60k-puff","10":"product_cat-ship-from-german","12":"first","13":"instock","14":"sale","15":"shipping-taxable","16":"purchasable","17":"product-type-variable","18":"has-default-attributes"},"acf":[],"tiered_pricing_type":"fixed","tiered_pricing_fixed_rules":{"30":11.35,"60":10.12,"100":9.45,"200":8.96},"tiered_pricing_product_settings":{"layout":"default","base_unit_name":{"singular":null,"plural":null},"default_variation":null},"tiered_pricing_minimum_quantity":null,"tiered_pricing_roles_data":[],"tiered_pricing_percentage_rules":[],"tiered_pricing_maximum_quantity":null,"tiered_pricing_quantity_step":"10","_links":{"self":[{"href":"https:\/\/oiovape.com\/de\/wp-json\/wp\/v2\/product\/5987","targetHints":{"allow":["GET"]}}],"collection":[{"href":"https:\/\/oiovape.com\/de\/wp-json\/wp\/v2\/product"}],"about":[{"href":"https:\/\/oiovape.com\/de\/wp-json\/wp\/v2\/types\/product"}],"replies":[{"embeddable":true,"href":"https:\/\/oiovape.com\/de\/wp-json\/wp\/v2\/comments?post=5987"}],"version-history":[{"count":2,"href":"https:\/\/oiovape.com\/de\/wp-json\/wp\/v2\/product\/5987\/revisions"}],"predecessor-version":[{"id":8376,"href":"https:\/\/oiovape.com\/de\/wp-json\/wp\/v2\/product\/5987\/revisions\/8376"}],"wp:featuredmedia":[{"embeddable":true,"href":"https:\/\/oiovape.com\/de\/wp-json\/wp\/v2\/media\/5999"}],"wp:attachment":[{"href":"https:\/\/oiovape.com\/de\/wp-json\/wp\/v2\/media?parent=5987"}],"wp:term":[{"taxonomy":"product_brand","embeddable":true,"href":"https:\/\/oiovape.com\/de\/wp-json\/wp\/v2\/product_brand?post=5987"},{"taxonomy":"product_cat","embeddable":true,"href":"https:\/\/oiovape.com\/de\/wp-json\/wp\/v2\/product_cat?post=5987"},{"taxonomy":"product_tag","embeddable":true,"href":"https:\/\/oiovape.com\/de\/wp-json\/wp\/v2\/product_tag?post=5987"}],"curies":[{"name":"wp","href":"https:\/\/api.w.org\/{rel}","templated":true}]}}