{"id":6257,"date":"2026-01-27T15:55:08","date_gmt":"2026-01-27T07:55:08","guid":{"rendered":"https:\/\/oiovape.com\/?post_type=product&#038;p=6257"},"modified":"2026-04-16T14:44:43","modified_gmt":"2026-04-16T06:44:43","slug":"uwin-randm-twins-crystal-40000-puffs","status":"publish","type":"product","link":"https:\/\/oiovape.com\/de\/product\/uwin-randm-twins-crystal-40000-puffs\/","title":{"rendered":"Uwin RandM Twins Crystal 40000 PUFFS Mesh Coil 650mAh Akku Wiederaufladbare E-Zigarette mit Gro\u00dfhandelsangebot"},"content":{"rendered":"<div data-page-id=\"ZVeMfq8uxd7y1ycuKm5cym4LnYd\" data-lark-html-role=\"root\" data-docx-has-block-data=\"false\">\n<div data-page-id=\"Fd41fZ5N9dzRQtcRNoVc2FuDnCh\" data-lark-html-role=\"root\" data-docx-has-block-data=\"true\">\n<div data-page-id=\"BdIJfeeijdk1eucGpS8cDCBBn5c\" data-lark-html-role=\"root\" data-docx-has-block-data=\"false\">\n<div data-page-id=\"Zbg9fWx77dUuh2cIYpic25c8nyd\" data-lark-html-role=\"root\" data-docx-has-block-data=\"false\">\n<div data-page-id=\"KaIvfiurhdlCKdc0kyxcX64cnE6\" data-lark-html-role=\"root\" data-docx-has-block-data=\"true\">\n<div data-page-id=\"PbvFfqxqlddUTScRpEYcY5MHnpf\" data-lark-html-role=\"root\" data-docx-has-block-data=\"true\">\n<div data-page-id=\"GZO2f5JeudwY4jc9iJtcdk9Hnxh\" data-lark-html-role=\"root\" data-docx-has-block-data=\"false\">\n<div data-page-id=\"EZVRf2acFduXLGcseZFc4qH2n6e\" data-lark-html-role=\"root\" data-docx-has-block-data=\"false\">\n<div data-page-id=\"B8rHfcqlqdzmH5cCWCncz17Cntb\" data-lark-html-role=\"root\" data-docx-has-block-data=\"false\">\n<div data-page-id=\"B8rHfcqlqdzmH5cCWCncz17Cntb\" data-lark-html-role=\"root\" data-docx-has-block-data=\"false\">\n<div data-page-id=\"B8rHfcqlqdzmH5cCWCncz17Cntb\" data-lark-html-role=\"root\" data-docx-has-block-data=\"true\">\n<div data-page-id=\"HM70f1aoxdD0bMcxJZBcVc7ynZd\" data-lark-html-role=\"root\" data-docx-has-block-data=\"false\">\n<div data-page-id=\"NSrJfN7Ord22i0c1iwZcsF8yn8b\" data-lark-html-role=\"root\" data-docx-has-block-data=\"false\">\n<div data-page-id=\"RXEff4Mskds8o1cqL5HcGEtUnCh\" data-lark-html-role=\"root\" data-docx-has-block-data=\"false\">\n<div data-page-id=\"KJ7gfqkVndMSRJcMseScmvYwnTc\" data-lark-html-role=\"root\" data-docx-has-block-data=\"false\">\n<div class=\"ace-line ace-line old-record-id-QADAfETPudgmudc05YvcTO5fnxe\">\n<div data-page-id=\"KJ7gfqkVndMSRJcMseScmvYwnTc\" data-lark-html-role=\"root\" data-docx-has-block-data=\"false\">\n<div class=\"ace-line ace-line old-record-id-JoRkfpho8dOkiacEOascDyCOncb\">\n<div data-page-id=\"KJ7gfqkVndMSRJcMseScmvYwnTc\" data-lark-html-role=\"root\" data-docx-has-block-data=\"false\">\n<div data-page-id=\"Ju6ofQ3V4dGmePcVvJvc1gmcnZb\" data-lark-html-role=\"root\" data-docx-has-block-data=\"true\">\n<div data-page-id=\"PR9ife5PLdFabccbFgZcWgZOnTc\" data-lark-html-role=\"root\" data-docx-has-block-data=\"false\">\n<div data-page-id=\"INdrfOIGzdaenXcptrcc1BcznQc\" data-lark-html-role=\"root\" data-docx-has-block-data=\"false\">\n<div class=\"ace-line ace-line old-record-id-P0fIf4YaZdoGkbcxt5ackec2nnb\">\n<div data-page-id=\"INdrfOIGzdaenXcptrcc1BcznQc\" data-lark-html-role=\"root\" data-docx-has-block-data=\"false\">\n<div data-page-id=\"MAzCfUB73dMTQscm8eWcougVn1g\" data-lark-html-role=\"root\" data-docx-has-block-data=\"true\">\n<div data-page-id=\"AXfpf7H1odhDvGcKoUOcErN8nV7\" data-lark-html-role=\"root\" data-docx-has-block-data=\"false\">\n<div data-page-id=\"QYTKf5PvLdUNdbce2nBcW9yfnrh\" data-lark-html-role=\"root\" data-docx-has-block-data=\"false\">\n<div data-page-id=\"Pvu1f1CCBdxbjncA9pgcBTpanph\" data-lark-html-role=\"root\" data-docx-has-block-data=\"true\">\n<div data-page-id=\"Axf3fcmY8dDAhtcjVircBcphnPc\" data-lark-html-role=\"root\" data-docx-has-block-data=\"false\">\n<div data-page-id=\"KKj1f9SPmdLhhMc5E2AcNlLen6f\" data-lark-html-role=\"root\" data-docx-has-block-data=\"true\">\n<div data-page-id=\"Rx61fK1sJdXHjPcBuhZcweNhnwc\" data-lark-html-role=\"root\" data-docx-has-block-data=\"false\">\n<div data-page-id=\"L1H9fkG9Mdz45Fcy4WMc5VKXnRe\" data-lark-html-role=\"root\" data-docx-has-block-data=\"false\">\n<div data-page-id=\"L1H9fkG9Mdz45Fcy4WMc5VKXnRe\" data-lark-html-role=\"root\" data-docx-has-block-data=\"false\">\n<div data-page-id=\"D4XLfVBVrdE8mrcaYizczklLnaf\" data-lark-html-role=\"root\" data-docx-has-block-data=\"false\">\n<div data-page-id=\"WVcifIY44d5mhMcXtyEcTsfenGd\" data-lark-html-role=\"root\" data-docx-has-block-data=\"true\">\n<div data-page-id=\"LRknfa6Whd4DWCcUc0FcNKpJnyh\" data-lark-html-role=\"root\" data-docx-has-block-data=\"false\">\n<div data-page-id=\"LRknfa6Whd4DWCcUc0FcNKpJnyh\" data-lark-html-role=\"root\" data-docx-has-block-data=\"false\">\n<div data-page-id=\"XFRAfkcOEdRWh8cArQ2cJdyRnJf\" data-lark-html-role=\"root\" data-docx-has-block-data=\"true\">\n<div data-page-id=\"OQ3bfjnRddMTDGcC3ouc6xFKnWf\" data-lark-html-role=\"root\" data-docx-has-block-data=\"true\">\n<div data-page-id=\"J0iGfj1hEdjc4rcUdSmc4spMnmZ\" data-lark-html-role=\"root\" data-docx-has-block-data=\"false\">\n<div data-page-id=\"P1o7fFyNlduP8tcfZpQcagzbnIf\" data-lark-html-role=\"root\" data-docx-has-block-data=\"false\">\n<div class=\"ace-line ace-line old-record-id-P1o7fFyNlduP8tcfZpQcagzbnIf\">\n<div data-page-id=\"P1o7fFyNlduP8tcfZpQcagzbnIf\" data-lark-html-role=\"root\" data-docx-has-block-data=\"false\">\n<div data-page-id=\"U4iufW38SdttWKcTstMcTtHRnXc\" data-lark-html-role=\"root\" data-docx-has-block-data=\"true\">\n<div data-page-id=\"ONVMf7VTWddcFtcyATOchCJHnZb\" data-lark-html-role=\"root\" data-docx-has-block-data=\"true\">\n<div data-page-id=\"KoW2fSy0PdLHFlc5kSHcgvWMnYg\" data-lark-html-role=\"root\" data-docx-has-block-data=\"false\">\n<div data-page-id=\"KoW2fSy0PdLHFlc5kSHcgvWMnYg\" data-lark-html-role=\"root\" data-docx-has-block-data=\"false\">\n<div data-page-id=\"OLGhfzxC7d7EFIcLEj9cRT5ynZf\" data-lark-html-role=\"root\" data-docx-has-block-data=\"false\">\n<div data-page-id=\"DdnnfrLjzdqrFIc9Il9c7pA2noc\" data-lark-html-role=\"root\" data-docx-has-block-data=\"true\">\n<div data-page-id=\"KNzcf2o0oddkJOcztTVcqPdlnth\" data-lark-html-role=\"root\" data-docx-has-block-data=\"false\">\n<div data-page-id=\"LBU7fg5SEdkWhecGJoxca3xvnCe\" data-lark-html-role=\"root\" data-docx-has-block-data=\"false\">\n<div data-page-id=\"EB70fooS3d69bMcgWB7c5qb9n8g\" data-lark-html-role=\"root\" data-docx-has-block-data=\"false\">\n<div data-page-id=\"AogwfsZCadB6t0cAvF0cK4JLnvf\" data-lark-html-role=\"root\" data-docx-has-block-data=\"false\">\n<div data-page-id=\"AogwfsZCadB6t0cAvF0cK4JLnvf\" data-lark-html-role=\"root\" data-docx-has-block-data=\"false\">\n<div data-page-id=\"JMZIflNGddQuU0c5JZocSqlvnle\" data-lark-html-role=\"root\" data-docx-has-block-data=\"false\">\n<div data-page-id=\"JMZIflNGddQuU0c5JZocSqlvnle\" data-lark-html-role=\"root\" data-docx-has-block-data=\"true\">\n<div data-page-id=\"HtEafjjRIdPAlMc9zgYcsGy6nOe\" data-lark-html-role=\"root\" data-docx-has-block-data=\"false\">\n<div data-page-id=\"Rhnafz0WTdDeT9c43xxczsbVnJo\" data-lark-html-role=\"root\" data-docx-has-block-data=\"false\">\n<div data-page-id=\"WY0CfKdcTdf4hVcZl67ct5LGncf\" data-lark-html-role=\"root\" data-docx-has-block-data=\"true\">\n<div data-page-id=\"MkB5fF4AVdchovcoPEpc7LqvnOd\" data-lark-html-role=\"root\" data-docx-has-block-data=\"true\">\n<div data-page-id=\"MfbjfZhbhdJdA8cH1dAckqF0n6g\" data-lark-html-role=\"root\" data-docx-has-block-data=\"false\">\n<div class=\"ace-line ace-line old-record-id-W2AHfJLnjd7ugjcRLs1c8BdhnNh\">\n<div data-page-id=\"MfbjfZhbhdJdA8cH1dAckqF0n6g\" data-lark-html-role=\"root\" data-docx-has-block-data=\"false\">\n<div class=\"old-record-id-XXd1feeCZdR2hJc6evocxnh1nOg\">\n<div data-page-id=\"MfbjfZhbhdJdA8cH1dAckqF0n6g\" data-lark-html-role=\"root\" data-docx-has-block-data=\"false\">\n<div data-page-id=\"DE51fYUmxdT3ekcHzc3cGrVQnsc\" data-lark-html-role=\"root\" data-docx-has-block-data=\"false\">\n<div data-page-id=\"YSKdfaZ08dRej3ci5CccQBuOncc\" data-lark-html-role=\"root\" data-docx-has-block-data=\"true\">\n<div data-page-id=\"K6mofQmledamEFcgp1EcVobmnYd\" data-lark-html-role=\"root\" data-docx-has-block-data=\"false\">\n<div data-page-id=\"VTgsfVLdCd9q1ucYcwRcCM0Hnof\" data-lark-html-role=\"root\" data-docx-has-block-data=\"true\">\n<div data-page-id=\"WucKfzp8RdNy8rcMJHncz4Knnac\" data-lark-html-role=\"root\" data-docx-has-block-data=\"true\">\n<div data-page-id=\"IfZ9fDIBLd9b9hcJiqGcLw9Pnmh\" data-lark-html-role=\"root\" data-docx-has-block-data=\"false\">\n<div data-page-id=\"JeU6f3Yq5dbdEHcZDptc5ikcn5c\" data-lark-html-role=\"root\" data-docx-has-block-data=\"true\">\n<div data-page-id=\"E1YjfnB4Jdmtsfc2ZObcu04Un6c\" data-lark-html-role=\"root\" data-docx-has-block-data=\"false\">\n<div data-page-id=\"RQVEfdiOzdqTQKcRcnxcG0Y7nce\" data-lark-html-role=\"root\" data-docx-has-block-data=\"true\">\n<h2 data-path-to-node=\"2\">Uwin RandM Twins Crystal 40000 Z\u00fcge: M\u00fcde davon, dass Ihr Einweg-Vape zu schnell leer wird?<\/h2>\n<p data-path-to-node=\"3\">Das Uwin RandM Twins Crystal 40000 Z\u00fcge schreibt die Erwartungen daran neu, wie lange ein Ger\u00e4t halten sollte und wie es funktionieren sollte. Mit k\u00fchnen, von Street-Art inspirierten Designs und robuster Hardware ausgestattet, ist dieses Ger\u00e4t f\u00fcr Dampfer gebaut, die ernsthafte Langlebigkeit ohne Kompromisse bei der Geschmacksqualit\u00e4t fordern.<\/p>\n<p><img decoding=\"async\" class=\"alignnone wp-image-6269 size-full\" title=\"Uwin RandM Twins Crystal 40000 Z\u00fcge Banner\" src=\"https:\/\/oiovape.com\/wp-content\/uploads\/2026\/01\/Uwin-RandM-Twins-Crystal-40000-Puffs-Banner.jpg\" alt=\"Uwin RandM Twins Crystal 40000 Z\u00fcge Banner\" width=\"2400\" height=\"820\" srcset=\"https:\/\/oiovape.com\/wp-content\/uploads\/2026\/01\/Uwin-RandM-Twins-Crystal-40000-Puffs-Banner.jpg 2400w, https:\/\/oiovape.com\/wp-content\/uploads\/2026\/01\/Uwin-RandM-Twins-Crystal-40000-Puffs-Banner-300x103.jpg 300w, https:\/\/oiovape.com\/wp-content\/uploads\/2026\/01\/Uwin-RandM-Twins-Crystal-40000-Puffs-Banner-1024x350.jpg 1024w, https:\/\/oiovape.com\/wp-content\/uploads\/2026\/01\/Uwin-RandM-Twins-Crystal-40000-Puffs-Banner-768x262.jpg 768w, https:\/\/oiovape.com\/wp-content\/uploads\/2026\/01\/Uwin-RandM-Twins-Crystal-40000-Puffs-Banner-1536x525.jpg 1536w, https:\/\/oiovape.com\/wp-content\/uploads\/2026\/01\/Uwin-RandM-Twins-Crystal-40000-Puffs-Banner-2048x700.jpg 2048w, https:\/\/oiovape.com\/wp-content\/uploads\/2026\/01\/Uwin-RandM-Twins-Crystal-40000-Puffs-Banner-18x6.jpg 18w, https:\/\/oiovape.com\/wp-content\/uploads\/2026\/01\/Uwin-RandM-Twins-Crystal-40000-Puffs-Banner-1200x410.jpg 1200w, https:\/\/oiovape.com\/wp-content\/uploads\/2026\/01\/Uwin-RandM-Twins-Crystal-40000-Puffs-Banner-150x51.jpg 150w\" sizes=\"(max-width: 2400px) 100vw, 2400px\" \/><\/p>\n<h2 data-path-to-node=\"4\">Ein absoluter Marathon: 40000 Z\u00fcge und Dual-Mesh-Technologie<\/h2>\n<p data-path-to-node=\"5\">Die meisten Einweg-Vapes sind Sprints; das Uwin Twins Crystal 40K ist ein Ausdauerlauf. Mit einer massiven <b data-path-to-node=\"5\" data-index-in-node=\"96\">32ml E-Liquid-Kapazit\u00e4t<\/b>, fungiert dieses Ger\u00e4t als tiefes Geschmacksreservoir und liefert konstant bis zu <b data-path-to-node=\"5\" data-index-in-node=\"200\">40000 Z\u00fcge<\/b>. Das Geheimnis seiner Ausdauer ist das integrierte Dual-Mesh-Spulensystem. Anstatt zu verblassen oder verbrannt zu schmecken, wenn die Fl\u00fcssigkeit sinkt, fungiert das Mesh als fein abgestimmter Motor und garantiert, dass Ihr letzter Zug genauso dicht und lebendig ist wie Ihr allererster.<\/p>\n<h3 data-path-to-node=\"6\">Zwei Geschmacksrichtungen in einem Ger\u00e4t: Warum Ihre Gel\u00fcste begrenzen?<\/h3>\n<p data-path-to-node=\"7\">Gaumenerm\u00fcdung passiert jedem, also warum sich mit einem einzigen Geschmack zufrieden geben, wenn Sie ein Dual-Channel-Men\u00fc in Ihrer Tasche tragen k\u00f6nnen? Das innovative <b data-path-to-node=\"7\" data-index-in-node=\"145\">\u201c2 Geschmacksrichtungen in 1\u201d<\/b> Design erm\u00f6glicht es Ihnen, in einer Sekunde zwischen zwei Premium-Geschmacksrichtungen zu wechseln. Stellen Sie sich vor, Sie h\u00e4tten zwei unterschiedliche Soundtracks f\u00fcr Ihren Tag \u2013 wechseln Sie m\u00fchelos von der scharfen K\u00fchle von Blueberry On Ice zur hellen S\u00fc\u00dfe von Summer Peach Ice mit einem einfachen Schalter. Sie haben die volle Kontrolle \u00fcber das Erlebnis.<\/p>\n<h4 data-path-to-node=\"8\">Unterbrechungsfreie Leistung: Das 850mAh Kraftpaket &amp; Smart-LED-Display<\/h4>\n<p data-path-to-node=\"9\">Zu raten, wie viel Saft Sie noch haben, geh\u00f6rt der Vergangenheit an. Das Uwin RandM Crystal Twins 40000 Z\u00fcge verf\u00fcgt \u00fcber ein hochaufl\u00f6sendes <b data-path-to-node=\"9\" data-index-in-node=\"111\">Smart LED Display<\/b> das als Ihr pers\u00f6nliches Dashboard fungiert und Akkulaufzeit und E-Liquid-Niveau in Echtzeit anzeigt. Angetrieben durch eine robuste <b data-path-to-node=\"9\" data-index-in-node=\"243\">850mAh wiederaufladbarer Akku<\/b>\u2013 eine gro\u00dfe Verbesserung gegen\u00fcber Standard-Einweg-Zellen \u2013 und schnelles <b data-path-to-node=\"9\" data-index-in-node=\"328\">Type-C-Ladeanschlusses<\/b>, ist es entwickelt, um mit Ihren arbeitsreichsten Tagen Schritt zu halten, ohne einen Schlag zu verpassen.<\/p>\n<h5 data-path-to-node=\"10\">Ma\u00dfgeschneiderte Nikotinabgabe: 0% bis 5% Optionen<\/h5>\n<p data-path-to-node=\"11\">Da Ihre Dampfgewohnheiten ganz Ihre eigenen sind, sollte die Nikotinst\u00e4rke nicht erzwungen werden. Wir bieten vollst\u00e4ndige Flexibilit\u00e4t mit mehreren Salznikotin-Konzentrationen: <b data-path-to-node=\"11\" data-index-in-node=\"174\">0%, 2%, 3% und 5%<\/b>. Egal ob Sie Nikotin vollst\u00e4ndig reduzieren, reinen Dampf und Geschmack anstreben oder nach diesem scharfen, befriedigenden Halsschlag suchen \u2013 es gibt eine Konfiguration, die genau auf Ihren Lebensstil abgestimmt ist.<\/p>\n<h3 data-path-to-node=\"13\">Spezifikationstabelle<\/h3>\n<table data-path-to-node=\"14\">\n<thead>\n<tr>\n<td><strong>Funktion<\/strong><\/td>\n<td><strong>Einzelheiten<\/strong><\/td>\n<\/tr>\n<\/thead>\n<tbody>\n<tr>\n<td><span data-path-to-node=\"14,1,0,0\"><b data-path-to-node=\"14,1,0,0\" data-index-in-node=\"0\">Puff-Z\u00e4hlung<\/b><\/span><\/td>\n<td><span data-path-to-node=\"14,1,1,0\">Bis zu 40000 Puffs<\/span><\/td>\n<\/tr>\n<tr>\n<td><span data-path-to-node=\"14,2,0,0\"><b data-path-to-node=\"14,2,0,0\" data-index-in-node=\"0\">E-Liquid Kapazit\u00e4t<\/b><\/span><\/td>\n<td><span data-path-to-node=\"14,2,1,0\">32ml<\/span><\/td>\n<\/tr>\n<tr>\n<td><span data-path-to-node=\"14,3,0,0\"><b data-path-to-node=\"14,3,0,0\" data-index-in-node=\"0\">Batterie<\/b><\/span><\/td>\n<td><span data-path-to-node=\"14,3,1,0\">850mAh (Wiederaufladbar)<\/span><\/td>\n<\/tr>\n<tr>\n<td><span data-path-to-node=\"14,4,0,0\"><b data-path-to-node=\"14,4,0,0\" data-index-in-node=\"0\">Ladeanschluss<\/b><\/span><\/td>\n<td><span data-path-to-node=\"14,4,1,0\">Typ-C<\/span><\/td>\n<\/tr>\n<tr>\n<td><span data-path-to-node=\"14,5,0,0\"><b data-path-to-node=\"14,5,0,0\" data-index-in-node=\"0\">Geschmacksmodus<\/b><\/span><\/td>\n<td><span data-path-to-node=\"14,5,1,0\">2 Geschmacksrichtungen in 1 Ger\u00e4t<\/span><\/td>\n<\/tr>\n<tr>\n<td><span data-path-to-node=\"14,6,0,0\"><b data-path-to-node=\"14,6,0,0\" data-index-in-node=\"0\">Nikotinst\u00e4rke<\/b><\/span><\/td>\n<td><span data-path-to-node=\"14,6,1,0\">0% \/ 2% \/ 3% \/ 5%<\/span><\/td>\n<\/tr>\n<tr>\n<td><span data-path-to-node=\"14,7,0,0\"><b data-path-to-node=\"14,7,0,0\" data-index-in-node=\"0\">Coil-Typ<\/b><\/span><\/td>\n<td><span data-path-to-node=\"14,7,1,0\">Dual Mesh Coil<\/span><\/td>\n<\/tr>\n<\/tbody>\n<\/table>\n<h3 data-path-to-node=\"16\">Das Uwin RandM Twins Crystal 40000 Z\u00fcge Geschmacksrichtungs-Sortiment (Dual-Kombinationen)<\/h3>\n<ul data-path-to-node=\"17\">\n<li>\n<p data-path-to-node=\"17,0,0\"><b data-path-to-node=\"17,0,0\" data-index-in-node=\"0\">Heidelbeere Auf Eis \/ Sommerpfirsich Eis<\/b><\/p>\n<\/li>\n<li>\n<p data-path-to-node=\"17,1,0\"><b data-path-to-node=\"17,1,0\" data-index-in-node=\"0\">Pfirsich Mango Ananas \/ Roter Stier<\/b><\/p>\n<\/li>\n<li>\n<p data-path-to-node=\"17,2,0\"><b data-path-to-node=\"17,2,0\" data-index-in-node=\"0\">Erdbeere Wassermelone \/ Zitronen Limette<\/b><\/p>\n<\/li>\n<li>\n<p data-path-to-node=\"17,3,0\"><b data-path-to-node=\"17,3,0\" data-index-in-node=\"0\">Wassermelonen Eis \/ Gemischte Beeren<\/b><\/p>\n<\/li>\n<li>\n<p data-path-to-node=\"17,4,0\"><b data-path-to-node=\"17,4,0\" data-index-in-node=\"0\">Kiwi Passionsfrucht Guave \/ Zwei \u00c4pfel<\/b><\/p>\n<\/li>\n<li>\n<p data-path-to-node=\"17,5,0\"><b data-path-to-node=\"17,5,0\" data-index-in-node=\"0\">Erdbeere Himbeere Kirsche \/ Mr Blue<\/b><\/p>\n<\/li>\n<li>\n<p data-path-to-node=\"17,6,0\"><b data-path-to-node=\"17,6,0\" data-index-in-node=\"0\">Erdbeere Kiwi \/ Trauben Eis<\/b><\/p>\n<\/li>\n<li>\n<p data-path-to-node=\"17,7,0\"><b data-path-to-node=\"17,7,0\" data-index-in-node=\"0\">Strawberry Banana \/ Love 66<\/b><\/p>\n<\/li>\n<li>\n<p data-path-to-node=\"17,8,0\"><b data-path-to-node=\"17,8,0\" data-index-in-node=\"0\">Heidelbeere Himbeere \/ Kirsch Eis<\/b><\/p>\n<\/li>\n<li>\n<p data-path-to-node=\"17,9,0\"><b data-path-to-node=\"17,9,0\" data-index-in-node=\"0\">Kiwi Passionsfrucht Guave \/ Heidelbeere Himbeere<\/b><\/p>\n<\/li>\n<\/ul>\n<p><img decoding=\"async\" class=\"alignnone wp-image-8385 size-full\" title=\"Uwin Twins Crystal 40K Geschmacksrichtungen\" src=\"https:\/\/oiovape.com\/wp-content\/uploads\/2026\/04\/Uwin-Twins-Crystal-40K-Flavors.jpg\" alt=\"Uwin Twins Crystal 40K Geschmacksrichtungen\" width=\"1041\" height=\"1179\" srcset=\"https:\/\/oiovape.com\/wp-content\/uploads\/2026\/04\/Uwin-Twins-Crystal-40K-Flavors.jpg 1041w, https:\/\/oiovape.com\/wp-content\/uploads\/2026\/04\/Uwin-Twins-Crystal-40K-Flavors-265x300.jpg 265w, https:\/\/oiovape.com\/wp-content\/uploads\/2026\/04\/Uwin-Twins-Crystal-40K-Flavors-904x1024.jpg 904w, https:\/\/oiovape.com\/wp-content\/uploads\/2026\/04\/Uwin-Twins-Crystal-40K-Flavors-768x870.jpg 768w, https:\/\/oiovape.com\/wp-content\/uploads\/2026\/04\/Uwin-Twins-Crystal-40K-Flavors-11x12.jpg 11w, https:\/\/oiovape.com\/wp-content\/uploads\/2026\/04\/Uwin-Twins-Crystal-40K-Flavors-150x170.jpg 150w\" sizes=\"(max-width: 1041px) 100vw, 1041px\" \/><\/p>\n<\/div>\n<\/div>\n<\/div>\n<\/div>\n<\/div>\n<\/div>\n<\/div>\n<\/div>\n<\/div>\n<\/div>\n<\/div>\n<\/div>\n<\/div>\n<\/div>\n<\/div>\n<\/div>\n<\/div>\n<\/div>\n<\/div>\n<\/div>\n<\/div>\n<\/div>\n<\/div>\n<\/div>\n<\/div>\n<\/div>\n<\/div>\n<\/div>\n<\/div>\n<\/div>\n<\/div>\n<\/div>\n<\/div>\n<\/div>\n<\/div>\n<\/div>\n<\/div>\n<\/div>\n<\/div>\n<\/div>\n<\/div>\n<\/div>\n<\/div>\n<\/div>\n<\/div>\n<\/div>\n<\/div>\n<\/div>\n<\/div>\n<\/div>\n<\/div>\n<\/div>\n<\/div>\n<\/div>\n<\/div>\n<\/div>\n<\/div>\n<\/div>\n<\/div>\n<\/div>\n<\/div>\n<\/div>\n<\/div>\n<\/div>\n<\/div>\n<\/div>\n<\/div>\n<\/div>\n<\/div>\n<\/div>\n<\/div>\n<\/div>\n<\/div>\n<\/div>","protected":false},"excerpt":{"rendered":"<div data-page-id=\"RAopf2sw9dtvw4cWYXpcTwo0n8g\" data-lark-html-role=\"root\" data-docx-has-block-data=\"false\">\n<div class=\"ace-line ace-line old-record-id-Uju9f3RXYd8dh2crAJbcBF3Un6M\">Uwin RandM Twins Crystal 40000 Z\u00fcge bietet 15 Dual-Geschmackss\u00e4tze mit fruchtigen und eisigen Aromen, alle in 0%-5% Nikotinalternativen. Es hat 32ml E-Liquid, einen 650mAh Type-C wiederaufladbaren Akku und eine Mesh-Coil f\u00fcr einen sanften Dampf. Verpackt zu 10 St\u00fcck\/Box, 200 St\u00fcck\/Karton, ist es perfekt f\u00fcr Dampfer aller Erfahrungsstufen mit langlebigen 40K Z\u00fcgen.<\/div>\n<\/div>","protected":false},"featured_media":6259,"comment_status":"open","ping_status":"closed","template":"","meta":{"_acf_changed":false,"inline_featured_image":false,"_sitemap_exclude":false,"_sitemap_priority":"","_sitemap_frequency":""},"product_brand":[309],"product_cat":[310,239,244],"product_tag":[],"class_list":{"0":"post-6257","1":"product","2":"type-product","3":"status-publish","4":"has-post-thumbnail","6":"product_brand-uwin","7":"product_cat-uwin-puff","8":"product_cat-disposable-vape-collection","9":"product_cat-40k-puff","11":"first","12":"instock","13":"sale","14":"shipping-taxable","15":"purchasable","16":"product-type-variable","17":"has-default-attributes"},"acf":[],"tiered_pricing_type":"fixed","tiered_pricing_fixed_rules":{"30":7.68,"60":6.35,"100":6.08,"200":5.68},"tiered_pricing_product_settings":{"layout":"default","base_unit_name":{"singular":null,"plural":null},"default_variation":null},"tiered_pricing_minimum_quantity":10,"tiered_pricing_roles_data":[],"tiered_pricing_percentage_rules":[],"tiered_pricing_maximum_quantity":null,"tiered_pricing_quantity_step":"10","_links":{"self":[{"href":"https:\/\/oiovape.com\/de\/wp-json\/wp\/v2\/product\/6257","targetHints":{"allow":["GET"]}}],"collection":[{"href":"https:\/\/oiovape.com\/de\/wp-json\/wp\/v2\/product"}],"about":[{"href":"https:\/\/oiovape.com\/de\/wp-json\/wp\/v2\/types\/product"}],"replies":[{"embeddable":true,"href":"https:\/\/oiovape.com\/de\/wp-json\/wp\/v2\/comments?post=6257"}],"version-history":[{"count":2,"href":"https:\/\/oiovape.com\/de\/wp-json\/wp\/v2\/product\/6257\/revisions"}],"predecessor-version":[{"id":8386,"href":"https:\/\/oiovape.com\/de\/wp-json\/wp\/v2\/product\/6257\/revisions\/8386"}],"wp:featuredmedia":[{"embeddable":true,"href":"https:\/\/oiovape.com\/de\/wp-json\/wp\/v2\/media\/6259"}],"wp:attachment":[{"href":"https:\/\/oiovape.com\/de\/wp-json\/wp\/v2\/media?parent=6257"}],"wp:term":[{"taxonomy":"product_brand","embeddable":true,"href":"https:\/\/oiovape.com\/de\/wp-json\/wp\/v2\/product_brand?post=6257"},{"taxonomy":"product_cat","embeddable":true,"href":"https:\/\/oiovape.com\/de\/wp-json\/wp\/v2\/product_cat?post=6257"},{"taxonomy":"product_tag","embeddable":true,"href":"https:\/\/oiovape.com\/de\/wp-json\/wp\/v2\/product_tag?post=6257"}],"curies":[{"name":"wp","href":"https:\/\/api.w.org\/{rel}","templated":true}]}}