{"id":6317,"date":"2026-01-29T13:59:15","date_gmt":"2026-01-29T05:59:15","guid":{"rendered":"https:\/\/oiovape.com\/?post_type=product&#038;p=6317"},"modified":"2026-04-16T15:36:23","modified_gmt":"2026-04-16T07:36:23","slug":"uwin-digital-box-68000-puffs","status":"publish","type":"product","link":"https:\/\/oiovape.com\/de\/product\/uwin-digital-box-68000-puffs\/","title":{"rendered":"Uwin Digital Box 68000 PUFFS 10 Geschmacksrichtungen verf\u00fcgbar Mesh Coil Leistungsanzeige Einweg-E-Zigarette"},"content":{"rendered":"<div data-page-id=\"ZVeMfq8uxd7y1ycuKm5cym4LnYd\" data-lark-html-role=\"root\" data-docx-has-block-data=\"false\">\n<div data-page-id=\"Fd41fZ5N9dzRQtcRNoVc2FuDnCh\" data-lark-html-role=\"root\" data-docx-has-block-data=\"true\">\n<div data-page-id=\"BdIJfeeijdk1eucGpS8cDCBBn5c\" data-lark-html-role=\"root\" data-docx-has-block-data=\"false\">\n<div data-page-id=\"Zbg9fWx77dUuh2cIYpic25c8nyd\" data-lark-html-role=\"root\" data-docx-has-block-data=\"false\">\n<div data-page-id=\"KaIvfiurhdlCKdc0kyxcX64cnE6\" data-lark-html-role=\"root\" data-docx-has-block-data=\"true\">\n<div data-page-id=\"PbvFfqxqlddUTScRpEYcY5MHnpf\" data-lark-html-role=\"root\" data-docx-has-block-data=\"true\">\n<div data-page-id=\"GZO2f5JeudwY4jc9iJtcdk9Hnxh\" data-lark-html-role=\"root\" data-docx-has-block-data=\"false\">\n<div data-page-id=\"EZVRf2acFduXLGcseZFc4qH2n6e\" data-lark-html-role=\"root\" data-docx-has-block-data=\"false\">\n<div data-page-id=\"B8rHfcqlqdzmH5cCWCncz17Cntb\" data-lark-html-role=\"root\" data-docx-has-block-data=\"false\">\n<div data-page-id=\"B8rHfcqlqdzmH5cCWCncz17Cntb\" data-lark-html-role=\"root\" data-docx-has-block-data=\"false\">\n<div data-page-id=\"B8rHfcqlqdzmH5cCWCncz17Cntb\" data-lark-html-role=\"root\" data-docx-has-block-data=\"true\">\n<div data-page-id=\"HM70f1aoxdD0bMcxJZBcVc7ynZd\" data-lark-html-role=\"root\" data-docx-has-block-data=\"false\">\n<div data-page-id=\"NSrJfN7Ord22i0c1iwZcsF8yn8b\" data-lark-html-role=\"root\" data-docx-has-block-data=\"false\">\n<div data-page-id=\"RXEff4Mskds8o1cqL5HcGEtUnCh\" data-lark-html-role=\"root\" data-docx-has-block-data=\"false\">\n<div data-page-id=\"KJ7gfqkVndMSRJcMseScmvYwnTc\" data-lark-html-role=\"root\" data-docx-has-block-data=\"false\">\n<div class=\"ace-line ace-line old-record-id-QADAfETPudgmudc05YvcTO5fnxe\">\n<div data-page-id=\"KJ7gfqkVndMSRJcMseScmvYwnTc\" data-lark-html-role=\"root\" data-docx-has-block-data=\"false\">\n<div class=\"ace-line ace-line old-record-id-JoRkfpho8dOkiacEOascDyCOncb\">\n<div data-page-id=\"KJ7gfqkVndMSRJcMseScmvYwnTc\" data-lark-html-role=\"root\" data-docx-has-block-data=\"false\">\n<div data-page-id=\"Ju6ofQ3V4dGmePcVvJvc1gmcnZb\" data-lark-html-role=\"root\" data-docx-has-block-data=\"true\">\n<div data-page-id=\"PR9ife5PLdFabccbFgZcWgZOnTc\" data-lark-html-role=\"root\" data-docx-has-block-data=\"false\">\n<div data-page-id=\"INdrfOIGzdaenXcptrcc1BcznQc\" data-lark-html-role=\"root\" data-docx-has-block-data=\"false\">\n<div class=\"ace-line ace-line old-record-id-P0fIf4YaZdoGkbcxt5ackec2nnb\">\n<div data-page-id=\"INdrfOIGzdaenXcptrcc1BcznQc\" data-lark-html-role=\"root\" data-docx-has-block-data=\"false\">\n<div data-page-id=\"MAzCfUB73dMTQscm8eWcougVn1g\" data-lark-html-role=\"root\" data-docx-has-block-data=\"true\">\n<div data-page-id=\"AXfpf7H1odhDvGcKoUOcErN8nV7\" data-lark-html-role=\"root\" data-docx-has-block-data=\"false\">\n<div data-page-id=\"QYTKf5PvLdUNdbce2nBcW9yfnrh\" data-lark-html-role=\"root\" data-docx-has-block-data=\"false\">\n<div data-page-id=\"Pvu1f1CCBdxbjncA9pgcBTpanph\" data-lark-html-role=\"root\" data-docx-has-block-data=\"true\">\n<div data-page-id=\"Axf3fcmY8dDAhtcjVircBcphnPc\" data-lark-html-role=\"root\" data-docx-has-block-data=\"false\">\n<div data-page-id=\"KKj1f9SPmdLhhMc5E2AcNlLen6f\" data-lark-html-role=\"root\" data-docx-has-block-data=\"true\">\n<div data-page-id=\"Rx61fK1sJdXHjPcBuhZcweNhnwc\" data-lark-html-role=\"root\" data-docx-has-block-data=\"false\">\n<div data-page-id=\"L1H9fkG9Mdz45Fcy4WMc5VKXnRe\" data-lark-html-role=\"root\" data-docx-has-block-data=\"false\">\n<div data-page-id=\"L1H9fkG9Mdz45Fcy4WMc5VKXnRe\" data-lark-html-role=\"root\" data-docx-has-block-data=\"false\">\n<div data-page-id=\"D4XLfVBVrdE8mrcaYizczklLnaf\" data-lark-html-role=\"root\" data-docx-has-block-data=\"false\">\n<div data-page-id=\"WVcifIY44d5mhMcXtyEcTsfenGd\" data-lark-html-role=\"root\" data-docx-has-block-data=\"true\">\n<div data-page-id=\"LRknfa6Whd4DWCcUc0FcNKpJnyh\" data-lark-html-role=\"root\" data-docx-has-block-data=\"false\">\n<div data-page-id=\"LRknfa6Whd4DWCcUc0FcNKpJnyh\" data-lark-html-role=\"root\" data-docx-has-block-data=\"false\">\n<div data-page-id=\"XFRAfkcOEdRWh8cArQ2cJdyRnJf\" data-lark-html-role=\"root\" data-docx-has-block-data=\"true\">\n<div data-page-id=\"OQ3bfjnRddMTDGcC3ouc6xFKnWf\" data-lark-html-role=\"root\" data-docx-has-block-data=\"true\">\n<div data-page-id=\"J0iGfj1hEdjc4rcUdSmc4spMnmZ\" data-lark-html-role=\"root\" data-docx-has-block-data=\"false\">\n<div data-page-id=\"P1o7fFyNlduP8tcfZpQcagzbnIf\" data-lark-html-role=\"root\" data-docx-has-block-data=\"false\">\n<div class=\"ace-line ace-line old-record-id-P1o7fFyNlduP8tcfZpQcagzbnIf\">\n<div data-page-id=\"P1o7fFyNlduP8tcfZpQcagzbnIf\" data-lark-html-role=\"root\" data-docx-has-block-data=\"false\">\n<div data-page-id=\"U4iufW38SdttWKcTstMcTtHRnXc\" data-lark-html-role=\"root\" data-docx-has-block-data=\"true\">\n<div data-page-id=\"ONVMf7VTWddcFtcyATOchCJHnZb\" data-lark-html-role=\"root\" data-docx-has-block-data=\"true\">\n<div data-page-id=\"KoW2fSy0PdLHFlc5kSHcgvWMnYg\" data-lark-html-role=\"root\" data-docx-has-block-data=\"false\">\n<div data-page-id=\"KoW2fSy0PdLHFlc5kSHcgvWMnYg\" data-lark-html-role=\"root\" data-docx-has-block-data=\"false\">\n<div data-page-id=\"OLGhfzxC7d7EFIcLEj9cRT5ynZf\" data-lark-html-role=\"root\" data-docx-has-block-data=\"false\">\n<div data-page-id=\"DdnnfrLjzdqrFIc9Il9c7pA2noc\" data-lark-html-role=\"root\" data-docx-has-block-data=\"true\">\n<div data-page-id=\"KNzcf2o0oddkJOcztTVcqPdlnth\" data-lark-html-role=\"root\" data-docx-has-block-data=\"false\">\n<div data-page-id=\"LBU7fg5SEdkWhecGJoxca3xvnCe\" data-lark-html-role=\"root\" data-docx-has-block-data=\"false\">\n<div data-page-id=\"EB70fooS3d69bMcgWB7c5qb9n8g\" data-lark-html-role=\"root\" data-docx-has-block-data=\"false\">\n<div data-page-id=\"AogwfsZCadB6t0cAvF0cK4JLnvf\" data-lark-html-role=\"root\" data-docx-has-block-data=\"false\">\n<div data-page-id=\"AogwfsZCadB6t0cAvF0cK4JLnvf\" data-lark-html-role=\"root\" data-docx-has-block-data=\"false\">\n<div data-page-id=\"JMZIflNGddQuU0c5JZocSqlvnle\" data-lark-html-role=\"root\" data-docx-has-block-data=\"false\">\n<div data-page-id=\"JMZIflNGddQuU0c5JZocSqlvnle\" data-lark-html-role=\"root\" data-docx-has-block-data=\"true\">\n<div data-page-id=\"HtEafjjRIdPAlMc9zgYcsGy6nOe\" data-lark-html-role=\"root\" data-docx-has-block-data=\"false\">\n<div data-page-id=\"Rhnafz0WTdDeT9c43xxczsbVnJo\" data-lark-html-role=\"root\" data-docx-has-block-data=\"false\">\n<div data-page-id=\"WY0CfKdcTdf4hVcZl67ct5LGncf\" data-lark-html-role=\"root\" data-docx-has-block-data=\"true\">\n<div data-page-id=\"MkB5fF4AVdchovcoPEpc7LqvnOd\" data-lark-html-role=\"root\" data-docx-has-block-data=\"true\">\n<div data-page-id=\"MfbjfZhbhdJdA8cH1dAckqF0n6g\" data-lark-html-role=\"root\" data-docx-has-block-data=\"false\">\n<div class=\"ace-line ace-line old-record-id-W2AHfJLnjd7ugjcRLs1c8BdhnNh\">\n<div data-page-id=\"MfbjfZhbhdJdA8cH1dAckqF0n6g\" data-lark-html-role=\"root\" data-docx-has-block-data=\"false\">\n<div class=\"old-record-id-XXd1feeCZdR2hJc6evocxnh1nOg\">\n<div data-page-id=\"MfbjfZhbhdJdA8cH1dAckqF0n6g\" data-lark-html-role=\"root\" data-docx-has-block-data=\"false\">\n<div data-page-id=\"DE51fYUmxdT3ekcHzc3cGrVQnsc\" data-lark-html-role=\"root\" data-docx-has-block-data=\"false\">\n<div data-page-id=\"YSKdfaZ08dRej3ci5CccQBuOncc\" data-lark-html-role=\"root\" data-docx-has-block-data=\"true\">\n<div data-page-id=\"K6mofQmledamEFcgp1EcVobmnYd\" data-lark-html-role=\"root\" data-docx-has-block-data=\"false\">\n<div data-page-id=\"VTgsfVLdCd9q1ucYcwRcCM0Hnof\" data-lark-html-role=\"root\" data-docx-has-block-data=\"true\">\n<div data-page-id=\"WucKfzp8RdNy8rcMJHncz4Knnac\" data-lark-html-role=\"root\" data-docx-has-block-data=\"true\">\n<div data-page-id=\"IfZ9fDIBLd9b9hcJiqGcLw9Pnmh\" data-lark-html-role=\"root\" data-docx-has-block-data=\"false\">\n<div data-page-id=\"JeU6f3Yq5dbdEHcZDptc5ikcn5c\" data-lark-html-role=\"root\" data-docx-has-block-data=\"true\">\n<div data-page-id=\"E1YjfnB4Jdmtsfc2ZObcu04Un6c\" data-lark-html-role=\"root\" data-docx-has-block-data=\"false\">\n<div data-page-id=\"RQVEfdiOzdqTQKcRcnxcG0Y7nce\" data-lark-html-role=\"root\" data-docx-has-block-data=\"true\">\n<div data-page-id=\"NKc7fbZi9dnOXocdHcScVsXdnmh\" data-lark-html-role=\"root\" data-docx-has-block-data=\"false\">\n<div data-page-id=\"DaE3fgNEwdnbQVc62iqcBK4lnte\" data-lark-html-role=\"root\" data-docx-has-block-data=\"false\">\n<div data-page-id=\"DaE3fgNEwdnbQVc62iqcBK4lnte\" data-lark-html-role=\"root\" data-docx-has-block-data=\"false\">\n<div data-page-id=\"KyZ4fb9NeduIEZch0Slc4KKdnIh\" data-lark-html-role=\"root\" data-docx-has-block-data=\"true\">\n<h2 data-path-to-node=\"0\">Uwin Digital Box 68000 Z\u00fcge: Ist dies das Ende der Vaping-Monotonie?<\/h2>\n<p data-path-to-node=\"1\">Das <b data-path-to-node=\"1\" data-index-in-node=\"4\">Uwin Digital Box 68K<\/b> ist mehr als nur ein Einweg-Verdampfer mit hoher Kapazit\u00e4t; es ist eine Langzeit-Kraftstation f\u00fcr Ihre Sinne. Mit einer beeindruckenden <b data-path-to-node=\"1\" data-index-in-node=\"137\">68000 Z\u00fcge<\/b> Lebensdauer definiert dieses Ger\u00e4t das Konzept \u201cEinweg\u201d neu. Durch die Kombination der Freiheit massiver Kapazit\u00e4t mit digitaler Pr\u00e4zision bietet die integrierte <b data-path-to-node=\"1\" data-index-in-node=\"293\">Smart Juice &amp; Power Display<\/b> Ihnen die vollst\u00e4ndige Kontrolle \u00fcber jeden Zug \u2013 und beendet effektiv die Angst vor \u201cunerwartet leer\u201d.<\/p>\n<p data-path-to-node=\"2\">Egal ob Sie ein Einzelh\u00e4ndler sind, der nach einem konsistenten Bestseller sucht, oder ein Vielnutzer, der des st\u00e4ndigen Austauschs m\u00fcde ist \u2013 der Uwin 68K nutzt fortschrittliche <b data-path-to-node=\"2\" data-index-in-node=\"154\">Mesh-Coil<\/b> Technologie, um sicherzustellen, dass vom ersten bis zum letzten Zug der Geschmack so geschmeidig wie Seide bleibt.<\/p>\n<h2 data-path-to-node=\"4\">Kernspezifikationen: Die St\u00e4rke in Zahlen<\/h2>\n<p data-path-to-node=\"5\">Der Uwin Digital Box 68K wurde entwickelt, um Leistung sichtbar zu machen. In seinem leichten 95-g-Geh\u00e4use steckt genug Ausdauer f\u00fcr Wochen oder sogar Monate regelm\u00e4\u00dfiger Nutzung.<\/p>\n<table data-path-to-node=\"6\">\n<thead>\n<tr>\n<td><strong>Artikel<\/strong><\/td>\n<td><strong>Einzelheiten<\/strong><\/td>\n<\/tr>\n<\/thead>\n<tbody>\n<tr>\n<td><span data-path-to-node=\"6,1,0,0\"><b data-path-to-node=\"6,1,0,0\" data-index-in-node=\"0\">Puff-Z\u00e4hlung<\/b><\/span><\/td>\n<td><span data-path-to-node=\"6,1,1,0\">68000 Z\u00fcge (68K)<\/span><\/td>\n<\/tr>\n<tr>\n<td><span data-path-to-node=\"6,2,0,0\"><b data-path-to-node=\"6,2,0,0\" data-index-in-node=\"0\">Geschmacks Auswahl<\/b><\/span><\/td>\n<td><span data-path-to-node=\"6,2,1,0\">10 meisterhaft handwerklich gefertigte Mischungen<\/span><\/td>\n<\/tr>\n<tr>\n<td><span data-path-to-node=\"6,3,0,0\"><b data-path-to-node=\"6,3,0,0\" data-index-in-node=\"0\">Atomisierungskern<\/b><\/span><\/td>\n<td><span data-path-to-node=\"6,3,1,0\">Premium Mesh Coil<\/span><\/td>\n<\/tr>\n<tr>\n<td><span data-path-to-node=\"6,4,0,0\"><b data-path-to-node=\"6,4,0,0\" data-index-in-node=\"0\">Smart Monitoring<\/b><\/span><\/td>\n<td><span data-path-to-node=\"6,4,1,0\">Echtzeit-Digital-Saft- und Stromindikator<\/span><\/td>\n<\/tr>\n<tr>\n<td><span data-path-to-node=\"6,5,0,0\"><b data-path-to-node=\"6,5,0,0\" data-index-in-node=\"0\">Nikotinst\u00e4rke<\/b><\/span><\/td>\n<td><span data-path-to-node=\"6,5,1,0\">0% \/ 2% \/ 3% \/ 5% (Mehrere Optionen)<\/span><\/td>\n<\/tr>\n<tr>\n<td><span data-path-to-node=\"6,6,0,0\"><b data-path-to-node=\"6,6,0,0\" data-index-in-node=\"0\">Ger\u00e4tegewicht<\/b><\/span><\/td>\n<td><span data-path-to-node=\"6,6,1,0\">95g<\/span><\/td>\n<\/tr>\n<tr>\n<td><span data-path-to-node=\"6,7,0,0\"><b data-path-to-node=\"6,7,0,0\" data-index-in-node=\"0\">Gro\u00dfhandels-MOQ<\/b><\/span><\/td>\n<td><span data-path-to-node=\"6,7,1,0\">50 Einheiten<\/span><\/td>\n<\/tr>\n<\/tbody>\n<\/table>\n<h3 data-path-to-node=\"8\">Ein Fest der Geschmacksrichtungen: 10 Profile wie Kunstwerke<\/h3>\n<p data-path-to-node=\"9\">Warum sich mit mittelm\u00e4\u00dfigen Geschm\u00e4ckern zufriedengeben? Das Uwin Digital Box 68000 Z\u00fcge F&amp;E-Labor hat die F\u00fclle der Natur in die Kunst des Dampfes verwandelt und macht jeden Geschmack zu einem miniaturisierten Sinneserlebnis.<\/p>\n<ol start=\"1\" data-path-to-node=\"10\">\n<li>\n<p data-path-to-node=\"10,0,0\"><b data-path-to-node=\"10,0,0\" data-index-in-node=\"0\">Blueberry Raspberry:<\/b> Eine Waldbeeren-Symphonie, in der S\u00fc\u00dfe und S\u00e4ure auf der Zunge tanzen.<\/p>\n<\/li>\n<li>\n<p data-path-to-node=\"10,1,0\"><b data-path-to-node=\"10,1,0\" data-index-in-node=\"0\">Strawberry Watermelon:<\/b> Die ultimative Sommeranthem \u2013 sonnengereifte Erdbeer-S\u00fc\u00dfe trifft auf knackige Wassermelon-Erfrischung.<\/p>\n<\/li>\n<li>\n<p data-path-to-node=\"10,2,0\"><b data-path-to-node=\"10,2,0\" data-index-in-node=\"0\">Wassermelonen Eis:<\/b> Wie eine Melonenscheibe direkt aus einem Bett aus zersto\u00dfenem Eis; sofortige Erleichterung von der Hitze.<\/p>\n<\/li>\n<li>\n<p data-path-to-node=\"10,3,0\"><b data-path-to-node=\"10,3,0\" data-index-in-node=\"0\">Kirsch Eis:<\/b> Ein k\u00fchner, dunkler Kirschnektar, abgerundet mit einer scharfen, polaren K\u00e4lte.<\/p>\n<\/li>\n<li>\n<p data-path-to-node=\"10,4,0\"><b data-path-to-node=\"10,4,0\" data-index-in-node=\"0\">Kiwi Passion Fruit Guava:<\/b> Ein tropisches Trio mit ausgepr\u00e4gten Schichten, das Sie in einen Inselobstgarten transportiert.<\/p>\n<\/li>\n<li>\n<p data-path-to-node=\"10,5,0\"><b data-path-to-node=\"10,5,0\" data-index-in-node=\"0\">Summer Peach Ice:<\/b> Samtige, safttriefen Pfirsiche, umh\u00fcllt von einer zarten Frostschicht.<\/p>\n<\/li>\n<li>\n<p data-path-to-node=\"10,6,0\"><b data-path-to-node=\"10,6,0\" data-index-in-node=\"0\">Erdbeere Kiwi:<\/b> Eine Balance aus S\u00fc\u00dfe und S\u00e4ure, die einen lebendigen, erfrischenden Kick bietet.<\/p>\n<\/li>\n<li>\n<p data-path-to-node=\"10,7,0\"><b data-path-to-node=\"10,7,0\" data-index-in-node=\"0\">Mixed Berry:<\/b> Eine tiefe Fusion verschiedener Beeren, die ein reichhaltiges und ausgefeiltes Profil bietet, das nie langweilig wird.<\/p>\n<\/li>\n<li>\n<p data-path-to-node=\"10,8,0\"><b data-path-to-node=\"10,8,0\" data-index-in-node=\"0\">Mr Blue:<\/b> Ein mysteri\u00f6ses, k\u00fchl get\u00f6ntes Aroma f\u00fcr diejenigen, die ihre Wolken mit einem Hauch von Geheimnis bevorzugen.<\/p>\n<\/li>\n<li>\n<p data-path-to-node=\"10,9,0\"><b data-path-to-node=\"10,9,0\" data-index-in-node=\"0\">Red Bull:<\/b> Erfasst perfekt den Schwung des klassischen Energy Drinks, um Ihrer Stimmung einen lebhaften Auftrieb zu geben.<\/p>\n<\/li>\n<\/ol>\n<p><img decoding=\"async\" class=\"alignnone wp-image-6329 size-full\" title=\"Uwin Digital Box 68K Geschmack\" src=\"https:\/\/oiovape.com\/wp-content\/uploads\/2026\/01\/Uwin-Digital-Box-68K-Flavor.png\" alt=\"Uwin Digital Box 68K Geschmack\" width=\"1000\" height=\"1000\" srcset=\"https:\/\/oiovape.com\/wp-content\/uploads\/2026\/01\/Uwin-Digital-Box-68K-Flavor.png 1000w, https:\/\/oiovape.com\/wp-content\/uploads\/2026\/01\/Uwin-Digital-Box-68K-Flavor-300x300.png 300w, https:\/\/oiovape.com\/wp-content\/uploads\/2026\/01\/Uwin-Digital-Box-68K-Flavor-150x150.png 150w, https:\/\/oiovape.com\/wp-content\/uploads\/2026\/01\/Uwin-Digital-Box-68K-Flavor-768x768.png 768w, https:\/\/oiovape.com\/wp-content\/uploads\/2026\/01\/Uwin-Digital-Box-68K-Flavor-12x12.png 12w, https:\/\/oiovape.com\/wp-content\/uploads\/2026\/01\/Uwin-Digital-Box-68K-Flavor-600x600.png 600w\" sizes=\"(max-width: 1000px) 100vw, 1000px\" \/><\/p>\n<h3 data-path-to-node=\"12\">Was macht den Uwin Digital Box 68000 Puffs so besonders?<\/h3>\n<h4 data-path-to-node=\"13\">Warum spielen Sie \u201cBlind Box\u201d-Spiele mit der Lebensdauer Ihres Ger\u00e4ts?<\/h4>\n<p data-path-to-node=\"14\">Traditionelle Einwegger\u00e4te versagen oft ohne Vorwarnung. Der Uwin Digital Box 68K ist jedoch Ihr ehrlichster Begleiter.<\/p>\n<ul data-path-to-node=\"15\">\n<li>\n<p data-path-to-node=\"15,0,0\"><b data-path-to-node=\"15,0,0\" data-index-in-node=\"0\">Beendigung des \u201cDry Hit\u201d-\u00dcberfalls:<\/b> Der Echtzeit-Saftmonitor erm\u00f6glicht es Ihnen, das Lebensende des Ger\u00e4ts mit chirurgischer Pr\u00e4zision vorherzusagen. Sie k\u00f6nnen elegant zu einem neuen Ger\u00e4t wechseln, anstatt von einem pl\u00f6tzlichen Brandgeschmack \u00fcberrascht zu werden.<\/p>\n<\/li>\n<li>\n<p data-path-to-node=\"15,1,0\"><b data-path-to-node=\"15,1,0\" data-index-in-node=\"0\">Geschmacksentwicklung durch Physik:<\/b> Das <b data-path-to-node=\"15,1,0\" data-index-in-node=\"34\">Mesh-Coil<\/b> wirkt wie ein feinmaschiges Netz und stellt sicher, dass jeder Tropfen E-Liquid gleichm\u00e4\u00dfig und gr\u00fcndlich erhitzt wird. Der resultierende Dampf ist nicht nur Rauch; es ist eine Textur so fein wie Seide.<\/p>\n<\/li>\n<li>\n<p data-path-to-node=\"15,2,0\"><b data-path-to-node=\"15,2,0\" data-index-in-node=\"0\">Das Gro\u00dfhandels-Kraftwerk:<\/b> Diese hochwertige Puff-Konfiguration senkt die \u201cKosten pro Puff\u201d f\u00fcr den Endbenutzer erheblich und macht es zu einem \u201cSchwergewicht\u201d auf dem Gro\u00dfhandelsmarkt, das Wiederholungsk\u00e4ufe f\u00f6rdert.<\/p>\n<\/li>\n<\/ul>\n<h2 data-path-to-node=\"17\">H\u00e4ufig gestellte Fragen (FAQ) \u2013 Uwin Digital Box 68000 Puffs<\/h2>\n<h5 data-path-to-node=\"18\">Was bedeutet eine Kapazit\u00e4t von 68000 Puffs tats\u00e4chlich f\u00fcr den Benutzer?<\/h5>\n<p data-path-to-node=\"19\">Es bedeutet weniger Entsorgungen, niedrigere Kauffrequenz und eine rationalisierte Gewohnheit. F\u00fcr einen Vielnutzer kann ein Uwin 68K die Arbeit mehrerer Standardger\u00e4te leisten und ist damit der unbestrittene \u201cAusdauer-K\u00f6nig\u201d.\u201d<\/p>\n<h5 data-path-to-node=\"20\">Gibt es verschiedene Nikotinkonzentrationen?<\/h5>\n<p data-path-to-node=\"21\">Ja. Wir bieten eine vielseitige Palette von <b data-path-to-node=\"21\" data-index-in-node=\"39\">0% (Nikotinfrei) bis 5%<\/b> um regionale Vorschriften und pers\u00f6nliche Vorlieben zu erf\u00fcllen. Falls Sie unsicher sind, welche St\u00e4rke f\u00fcr Ihren Zielmarkt geeignet ist, k\u00f6nnen wir datengest\u00fctzte Empfehlungen geben.<\/p>\n<h5 data-path-to-node=\"22\">Wird das Smart-Display den Akku schnell entladen?<\/h5>\n<p data-path-to-node=\"23\">\u00dcberhaupt nicht. Das Display verwendet energiesparende digitale Komponenten, die sich nur w\u00e4hrend der Verwendung aktivieren, um notwendiges Feedback zu geben. Die Auswirkung auf die Gesamtakkulaufzeit ist vernachl\u00e4ssigbar.<\/p>\n<h5 data-path-to-node=\"24\">Wie bleibt das Aroma in einem so gro\u00dfen Ger\u00e4t frisch?<\/h5>\n<p data-path-to-node=\"25\">Hier gl\u00e4nzt die Mesh Coil-Technologie. Durch die Vergr\u00f6\u00dferung der Heizfl\u00e4che verhindert sie Kohlenstoffablagerungen (Gunking), die \u00e4ltere Spulentypen oft plagen, und gew\u00e4hrleistet Geschmackskonsistenz vom 1. bis zum 68000. Zug.<\/p>\n<h5 data-path-to-node=\"26\">Was sind die Spezifikationen f\u00fcr den Massenversand?<\/h5>\n<p data-path-to-node=\"27\">Um einen sicheren Transport und einfache Lagerhaltung zu gew\u00e4hrleisten, verwenden wir standardisierte industrielle Verpackungen: <b data-path-to-node=\"27\" data-index-in-node=\"87\">10 Einheiten pro Display-Box, 200 Einheiten pro Masterkarton<\/b>. Der Karton misst 61,5<i data-path-to-node=\"27\" data-index-in-node=\"166\">30.8<\/i>27,5 cm mit einem Gesamtgewicht von ca. 20,65 kg.<\/p>\n<\/div>\n<\/div>\n<\/div>\n<\/div>\n<\/div>\n<\/div>\n<\/div>\n<\/div>\n<\/div>\n<\/div>\n<\/div>\n<\/div>\n<\/div>\n<\/div>\n<\/div>\n<\/div>\n<\/div>\n<\/div>\n<\/div>\n<\/div>\n<\/div>\n<\/div>\n<\/div>\n<\/div>\n<\/div>\n<\/div>\n<\/div>\n<\/div>\n<\/div>\n<\/div>\n<\/div>\n<\/div>\n<\/div>\n<\/div>\n<\/div>\n<\/div>\n<\/div>\n<\/div>\n<\/div>\n<\/div>\n<\/div>\n<\/div>\n<\/div>\n<\/div>\n<\/div>\n<\/div>\n<\/div>\n<\/div>\n<\/div>\n<\/div>\n<\/div>\n<\/div>\n<\/div>\n<\/div>\n<\/div>\n<\/div>\n<\/div>\n<\/div>\n<\/div>\n<\/div>\n<\/div>\n<\/div>\n<\/div>\n<\/div>\n<\/div>\n<\/div>\n<\/div>\n<\/div>\n<\/div>\n<\/div>\n<\/div>\n<\/div>\n<\/div>\n<\/div>\n<\/div>\n<\/div>\n<\/div>\n<\/div>","protected":false},"excerpt":{"rendered":"<div data-page-id=\"RAopf2sw9dtvw4cWYXpcTwo0n8g\" data-lark-html-role=\"root\" data-docx-has-block-data=\"false\">\n<div class=\"ace-line ace-line old-record-id-Uju9f3RXYd8dh2crAJbcBF3Un6M\">Die Uwin Digital Box 68000 Puffs bietet 10 verschiedene, sorgf\u00e4ltig entwickelte Geschmacksrichtungen und flexible 0%-5% Nikotinalternativen. Ihre hochwertige Mesh-Spule sorgt f\u00fcr einen reichhaltigen, konstanten Geschmack, w\u00e4hrend Saft- und Leistungsanzeigen die Nutzung vereinfachen. Mit nur 95 g Gewicht ist sie ultra-portabel und hat eine beeindruckende Puff-Anzahl von 68.000. Die praktische Verpackung erf\u00fcllt zudem alle Bed\u00fcrfnisse von Dampfern.<\/div>\n<\/div>","protected":false},"featured_media":6319,"comment_status":"open","ping_status":"closed","template":"","meta":{"_acf_changed":false,"inline_featured_image":false,"_sitemap_exclude":false,"_sitemap_priority":"","_sitemap_frequency":""},"product_brand":[309],"product_cat":[310],"product_tag":[],"class_list":{"0":"post-6317","1":"product","2":"type-product","3":"status-publish","4":"has-post-thumbnail","6":"product_brand-uwin","7":"product_cat-uwin-puff","9":"first","10":"instock","11":"sale","12":"shipping-taxable","13":"purchasable","14":"product-type-variable","15":"has-default-attributes"},"acf":[],"tiered_pricing_type":"fixed","tiered_pricing_fixed_rules":{"30":8.22,"60":7.57,"100":6.99,"200":6.43},"tiered_pricing_product_settings":{"layout":"default","base_unit_name":{"singular":null,"plural":null},"default_variation":null},"tiered_pricing_minimum_quantity":10,"tiered_pricing_roles_data":[],"tiered_pricing_percentage_rules":[],"tiered_pricing_maximum_quantity":null,"tiered_pricing_quantity_step":"10","_links":{"self":[{"href":"https:\/\/oiovape.com\/de\/wp-json\/wp\/v2\/product\/6317","targetHints":{"allow":["GET"]}}],"collection":[{"href":"https:\/\/oiovape.com\/de\/wp-json\/wp\/v2\/product"}],"about":[{"href":"https:\/\/oiovape.com\/de\/wp-json\/wp\/v2\/types\/product"}],"replies":[{"embeddable":true,"href":"https:\/\/oiovape.com\/de\/wp-json\/wp\/v2\/comments?post=6317"}],"version-history":[{"count":2,"href":"https:\/\/oiovape.com\/de\/wp-json\/wp\/v2\/product\/6317\/revisions"}],"predecessor-version":[{"id":8395,"href":"https:\/\/oiovape.com\/de\/wp-json\/wp\/v2\/product\/6317\/revisions\/8395"}],"wp:featuredmedia":[{"embeddable":true,"href":"https:\/\/oiovape.com\/de\/wp-json\/wp\/v2\/media\/6319"}],"wp:attachment":[{"href":"https:\/\/oiovape.com\/de\/wp-json\/wp\/v2\/media?parent=6317"}],"wp:term":[{"taxonomy":"product_brand","embeddable":true,"href":"https:\/\/oiovape.com\/de\/wp-json\/wp\/v2\/product_brand?post=6317"},{"taxonomy":"product_cat","embeddable":true,"href":"https:\/\/oiovape.com\/de\/wp-json\/wp\/v2\/product_cat?post=6317"},{"taxonomy":"product_tag","embeddable":true,"href":"https:\/\/oiovape.com\/de\/wp-json\/wp\/v2\/product_tag?post=6317"}],"curies":[{"name":"wp","href":"https:\/\/api.w.org\/{rel}","templated":true}]}}