{"id":6491,"date":"2026-02-02T14:02:03","date_gmt":"2026-02-02T06:02:03","guid":{"rendered":"https:\/\/oiovape.com\/?post_type=product&#038;p=6491"},"modified":"2026-04-16T15:48:23","modified_gmt":"2026-04-16T07:48:23","slug":"waspe-crystal-180000-puffs","status":"publish","type":"product","link":"https:\/\/oiovape.com\/de\/product\/waspe-crystal-180000-puffs\/","title":{"rendered":"WASPE Crystal 180000 Z\u00fcge 8 in 1 Geschmack LED-Anzeige Intelligente wiederaufladbare Bulk-Einweg-E-Zigarette"},"content":{"rendered":"<div data-page-id=\"ZVeMfq8uxd7y1ycuKm5cym4LnYd\" data-lark-html-role=\"root\" data-docx-has-block-data=\"false\">\n<div data-page-id=\"Fd41fZ5N9dzRQtcRNoVc2FuDnCh\" data-lark-html-role=\"root\" data-docx-has-block-data=\"true\">\n<div data-page-id=\"BdIJfeeijdk1eucGpS8cDCBBn5c\" data-lark-html-role=\"root\" data-docx-has-block-data=\"false\">\n<div data-page-id=\"Zbg9fWx77dUuh2cIYpic25c8nyd\" data-lark-html-role=\"root\" data-docx-has-block-data=\"false\">\n<div data-page-id=\"KaIvfiurhdlCKdc0kyxcX64cnE6\" data-lark-html-role=\"root\" data-docx-has-block-data=\"true\">\n<div data-page-id=\"PbvFfqxqlddUTScRpEYcY5MHnpf\" data-lark-html-role=\"root\" data-docx-has-block-data=\"true\">\n<div data-page-id=\"GZO2f5JeudwY4jc9iJtcdk9Hnxh\" data-lark-html-role=\"root\" data-docx-has-block-data=\"false\">\n<div data-page-id=\"EZVRf2acFduXLGcseZFc4qH2n6e\" data-lark-html-role=\"root\" data-docx-has-block-data=\"false\">\n<div data-page-id=\"B8rHfcqlqdzmH5cCWCncz17Cntb\" data-lark-html-role=\"root\" data-docx-has-block-data=\"false\">\n<div data-page-id=\"B8rHfcqlqdzmH5cCWCncz17Cntb\" data-lark-html-role=\"root\" data-docx-has-block-data=\"false\">\n<div data-page-id=\"B8rHfcqlqdzmH5cCWCncz17Cntb\" data-lark-html-role=\"root\" data-docx-has-block-data=\"true\">\n<div data-page-id=\"HM70f1aoxdD0bMcxJZBcVc7ynZd\" data-lark-html-role=\"root\" data-docx-has-block-data=\"false\">\n<div data-page-id=\"NSrJfN7Ord22i0c1iwZcsF8yn8b\" data-lark-html-role=\"root\" data-docx-has-block-data=\"false\">\n<div data-page-id=\"RXEff4Mskds8o1cqL5HcGEtUnCh\" data-lark-html-role=\"root\" data-docx-has-block-data=\"false\">\n<div data-page-id=\"KJ7gfqkVndMSRJcMseScmvYwnTc\" data-lark-html-role=\"root\" data-docx-has-block-data=\"false\">\n<div class=\"ace-line ace-line old-record-id-QADAfETPudgmudc05YvcTO5fnxe\">\n<div data-page-id=\"KJ7gfqkVndMSRJcMseScmvYwnTc\" data-lark-html-role=\"root\" data-docx-has-block-data=\"false\">\n<div class=\"ace-line ace-line old-record-id-JoRkfpho8dOkiacEOascDyCOncb\">\n<div data-page-id=\"KJ7gfqkVndMSRJcMseScmvYwnTc\" data-lark-html-role=\"root\" data-docx-has-block-data=\"false\">\n<div data-page-id=\"Ju6ofQ3V4dGmePcVvJvc1gmcnZb\" data-lark-html-role=\"root\" data-docx-has-block-data=\"true\">\n<div data-page-id=\"PR9ife5PLdFabccbFgZcWgZOnTc\" data-lark-html-role=\"root\" data-docx-has-block-data=\"false\">\n<div data-page-id=\"INdrfOIGzdaenXcptrcc1BcznQc\" data-lark-html-role=\"root\" data-docx-has-block-data=\"false\">\n<div class=\"ace-line ace-line old-record-id-P0fIf4YaZdoGkbcxt5ackec2nnb\">\n<div data-page-id=\"INdrfOIGzdaenXcptrcc1BcznQc\" data-lark-html-role=\"root\" data-docx-has-block-data=\"false\">\n<div data-page-id=\"MAzCfUB73dMTQscm8eWcougVn1g\" data-lark-html-role=\"root\" data-docx-has-block-data=\"true\">\n<div data-page-id=\"AXfpf7H1odhDvGcKoUOcErN8nV7\" data-lark-html-role=\"root\" data-docx-has-block-data=\"false\">\n<div data-page-id=\"QYTKf5PvLdUNdbce2nBcW9yfnrh\" data-lark-html-role=\"root\" data-docx-has-block-data=\"false\">\n<div data-page-id=\"Pvu1f1CCBdxbjncA9pgcBTpanph\" data-lark-html-role=\"root\" data-docx-has-block-data=\"true\">\n<div data-page-id=\"Axf3fcmY8dDAhtcjVircBcphnPc\" data-lark-html-role=\"root\" data-docx-has-block-data=\"false\">\n<div data-page-id=\"KKj1f9SPmdLhhMc5E2AcNlLen6f\" data-lark-html-role=\"root\" data-docx-has-block-data=\"true\">\n<div data-page-id=\"Rx61fK1sJdXHjPcBuhZcweNhnwc\" data-lark-html-role=\"root\" data-docx-has-block-data=\"false\">\n<div data-page-id=\"L1H9fkG9Mdz45Fcy4WMc5VKXnRe\" data-lark-html-role=\"root\" data-docx-has-block-data=\"false\">\n<div data-page-id=\"L1H9fkG9Mdz45Fcy4WMc5VKXnRe\" data-lark-html-role=\"root\" data-docx-has-block-data=\"false\">\n<div data-page-id=\"D4XLfVBVrdE8mrcaYizczklLnaf\" data-lark-html-role=\"root\" data-docx-has-block-data=\"false\">\n<div data-page-id=\"WVcifIY44d5mhMcXtyEcTsfenGd\" data-lark-html-role=\"root\" data-docx-has-block-data=\"true\">\n<div data-page-id=\"LRknfa6Whd4DWCcUc0FcNKpJnyh\" data-lark-html-role=\"root\" data-docx-has-block-data=\"false\">\n<div data-page-id=\"LRknfa6Whd4DWCcUc0FcNKpJnyh\" data-lark-html-role=\"root\" data-docx-has-block-data=\"false\">\n<div data-page-id=\"XFRAfkcOEdRWh8cArQ2cJdyRnJf\" data-lark-html-role=\"root\" data-docx-has-block-data=\"true\">\n<div data-page-id=\"OQ3bfjnRddMTDGcC3ouc6xFKnWf\" data-lark-html-role=\"root\" data-docx-has-block-data=\"true\">\n<div data-page-id=\"J0iGfj1hEdjc4rcUdSmc4spMnmZ\" data-lark-html-role=\"root\" data-docx-has-block-data=\"false\">\n<div data-page-id=\"P1o7fFyNlduP8tcfZpQcagzbnIf\" data-lark-html-role=\"root\" data-docx-has-block-data=\"false\">\n<div class=\"ace-line ace-line old-record-id-P1o7fFyNlduP8tcfZpQcagzbnIf\">\n<div data-page-id=\"P1o7fFyNlduP8tcfZpQcagzbnIf\" data-lark-html-role=\"root\" data-docx-has-block-data=\"false\">\n<div data-page-id=\"U4iufW38SdttWKcTstMcTtHRnXc\" data-lark-html-role=\"root\" data-docx-has-block-data=\"true\">\n<div data-page-id=\"ONVMf7VTWddcFtcyATOchCJHnZb\" data-lark-html-role=\"root\" data-docx-has-block-data=\"true\">\n<div data-page-id=\"KoW2fSy0PdLHFlc5kSHcgvWMnYg\" data-lark-html-role=\"root\" data-docx-has-block-data=\"false\">\n<div data-page-id=\"KoW2fSy0PdLHFlc5kSHcgvWMnYg\" data-lark-html-role=\"root\" data-docx-has-block-data=\"false\">\n<div data-page-id=\"OLGhfzxC7d7EFIcLEj9cRT5ynZf\" data-lark-html-role=\"root\" data-docx-has-block-data=\"false\">\n<div data-page-id=\"DdnnfrLjzdqrFIc9Il9c7pA2noc\" data-lark-html-role=\"root\" data-docx-has-block-data=\"true\">\n<div data-page-id=\"KNzcf2o0oddkJOcztTVcqPdlnth\" data-lark-html-role=\"root\" data-docx-has-block-data=\"false\">\n<div data-page-id=\"LBU7fg5SEdkWhecGJoxca3xvnCe\" data-lark-html-role=\"root\" data-docx-has-block-data=\"false\">\n<div data-page-id=\"EB70fooS3d69bMcgWB7c5qb9n8g\" data-lark-html-role=\"root\" data-docx-has-block-data=\"false\">\n<div data-page-id=\"AogwfsZCadB6t0cAvF0cK4JLnvf\" data-lark-html-role=\"root\" data-docx-has-block-data=\"false\">\n<div data-page-id=\"AogwfsZCadB6t0cAvF0cK4JLnvf\" data-lark-html-role=\"root\" data-docx-has-block-data=\"false\">\n<div data-page-id=\"JMZIflNGddQuU0c5JZocSqlvnle\" data-lark-html-role=\"root\" data-docx-has-block-data=\"false\">\n<div data-page-id=\"JMZIflNGddQuU0c5JZocSqlvnle\" data-lark-html-role=\"root\" data-docx-has-block-data=\"true\">\n<div data-page-id=\"HtEafjjRIdPAlMc9zgYcsGy6nOe\" data-lark-html-role=\"root\" data-docx-has-block-data=\"false\">\n<div data-page-id=\"Rhnafz0WTdDeT9c43xxczsbVnJo\" data-lark-html-role=\"root\" data-docx-has-block-data=\"false\">\n<div data-page-id=\"WY0CfKdcTdf4hVcZl67ct5LGncf\" data-lark-html-role=\"root\" data-docx-has-block-data=\"true\">\n<div data-page-id=\"MkB5fF4AVdchovcoPEpc7LqvnOd\" data-lark-html-role=\"root\" data-docx-has-block-data=\"true\">\n<div data-page-id=\"MfbjfZhbhdJdA8cH1dAckqF0n6g\" data-lark-html-role=\"root\" data-docx-has-block-data=\"false\">\n<div class=\"ace-line ace-line old-record-id-W2AHfJLnjd7ugjcRLs1c8BdhnNh\">\n<div data-page-id=\"MfbjfZhbhdJdA8cH1dAckqF0n6g\" data-lark-html-role=\"root\" data-docx-has-block-data=\"false\">\n<div class=\"old-record-id-XXd1feeCZdR2hJc6evocxnh1nOg\">\n<div data-page-id=\"MfbjfZhbhdJdA8cH1dAckqF0n6g\" data-lark-html-role=\"root\" data-docx-has-block-data=\"false\">\n<div data-page-id=\"DE51fYUmxdT3ekcHzc3cGrVQnsc\" data-lark-html-role=\"root\" data-docx-has-block-data=\"false\">\n<div data-page-id=\"YSKdfaZ08dRej3ci5CccQBuOncc\" data-lark-html-role=\"root\" data-docx-has-block-data=\"true\">\n<div data-page-id=\"K6mofQmledamEFcgp1EcVobmnYd\" data-lark-html-role=\"root\" data-docx-has-block-data=\"false\">\n<div data-page-id=\"VTgsfVLdCd9q1ucYcwRcCM0Hnof\" data-lark-html-role=\"root\" data-docx-has-block-data=\"true\">\n<div data-page-id=\"WucKfzp8RdNy8rcMJHncz4Knnac\" data-lark-html-role=\"root\" data-docx-has-block-data=\"true\">\n<div data-page-id=\"IfZ9fDIBLd9b9hcJiqGcLw9Pnmh\" data-lark-html-role=\"root\" data-docx-has-block-data=\"false\">\n<div data-page-id=\"JeU6f3Yq5dbdEHcZDptc5ikcn5c\" data-lark-html-role=\"root\" data-docx-has-block-data=\"true\">\n<div data-page-id=\"E1YjfnB4Jdmtsfc2ZObcu04Un6c\" data-lark-html-role=\"root\" data-docx-has-block-data=\"false\">\n<div data-page-id=\"RQVEfdiOzdqTQKcRcnxcG0Y7nce\" data-lark-html-role=\"root\" data-docx-has-block-data=\"true\">\n<div data-page-id=\"NKc7fbZi9dnOXocdHcScVsXdnmh\" data-lark-html-role=\"root\" data-docx-has-block-data=\"false\">\n<div data-page-id=\"DaE3fgNEwdnbQVc62iqcBK4lnte\" data-lark-html-role=\"root\" data-docx-has-block-data=\"false\">\n<div data-page-id=\"DaE3fgNEwdnbQVc62iqcBK4lnte\" data-lark-html-role=\"root\" data-docx-has-block-data=\"false\">\n<div data-page-id=\"KyZ4fb9NeduIEZch0Slc4KKdnIh\" data-lark-html-role=\"root\" data-docx-has-block-data=\"true\">\n<div data-page-id=\"XvY4fM2sEdfLGRcqTPHcASQ7nkh\" data-lark-html-role=\"root\" data-docx-has-block-data=\"true\">\n<h2 data-path-to-node=\"2\">WASPE Crystal 180000 Z\u00fcge: Warum sich mit einem zufriedengeben, wenn Sie ein \u201cGeschmacks-Labyrinth\u201d beherrschen k\u00f6nnen?<\/h2>\n<p data-path-to-node=\"3\">Bei der Suche nach dem ultimativen Vaping-Erlebnis hat die <b data-path-to-node=\"3\" data-index-in-node=\"53\">WASPE Crystal 180K<\/b> offiziell die Grenzen der Haltbarkeit durchbrochen. Als Meilenstein in der Big-Puff-Arena bietet sie nicht nur eine beeindruckende Lebensdauer von 180000 Z\u00fcgen \u2013 sie ist ein \u201cGeschmackslabor\u201d, das in Ihre Tasche passt. Dieser Premium-Vape-Pen mit einem einzigartigen <b data-path-to-node=\"3\" data-index-in-node=\"325\">8-in-1-Drehschalter-System<\/b>, erm\u00f6glicht es Benutzern, zwischen Geschmacksdimensionen zu wechseln, ohne Ger\u00e4te zu wechseln. Es ist derzeit das wettbewerbsf\u00e4higste Spitzenprodukt auf dem Vape-Gro\u00dfhandelsmarkt.<\/p>\n<p><img decoding=\"async\" class=\"alignnone wp-image-6536 size-full\" title=\"Waspe Crystal 180k Poster\" src=\"https:\/\/oiovape.com\/wp-content\/uploads\/2026\/02\/Waspe-Crystal-180k-poster.jpg\" alt=\"Waspe Crystal 180k Poster\" width=\"1920\" height=\"800\" srcset=\"https:\/\/oiovape.com\/wp-content\/uploads\/2026\/02\/Waspe-Crystal-180k-poster.jpg 1920w, https:\/\/oiovape.com\/wp-content\/uploads\/2026\/02\/Waspe-Crystal-180k-poster-300x125.jpg 300w, https:\/\/oiovape.com\/wp-content\/uploads\/2026\/02\/Waspe-Crystal-180k-poster-1024x427.jpg 1024w, https:\/\/oiovape.com\/wp-content\/uploads\/2026\/02\/Waspe-Crystal-180k-poster-768x320.jpg 768w, https:\/\/oiovape.com\/wp-content\/uploads\/2026\/02\/Waspe-Crystal-180k-poster-1536x640.jpg 1536w, https:\/\/oiovape.com\/wp-content\/uploads\/2026\/02\/Waspe-Crystal-180k-poster-18x8.jpg 18w, https:\/\/oiovape.com\/wp-content\/uploads\/2026\/02\/Waspe-Crystal-180k-poster-1200x500.jpg 1200w, https:\/\/oiovape.com\/wp-content\/uploads\/2026\/02\/Waspe-Crystal-180k-poster-150x63.jpg 150w\" sizes=\"(max-width: 1920px) 100vw, 1920px\" \/><\/p>\n<h2 data-path-to-node=\"4\">Warum beendet das 8-in-1-Drehdesign die \u201cGeschmattm\u00fcdigkeit\u201d?<\/h2>\n<p data-path-to-node=\"5\">Das gr\u00f6\u00dfte Problem bei Hochkapazit\u00e4tsger\u00e4ten ist die Festlegung: Sobald Sie einen Geschmack w\u00e4hlen, sind Sie wochenlang daran gebunden. Die WASPE Crystal 180000 Z\u00fcge l\u00f6sen dies durch ihren charakteristischen <b data-path-to-node=\"5\" data-index-in-node=\"183\">Drehschalter-Mechanismus<\/b>.<\/p>\n<h3 data-path-to-node=\"6\">Drehen, Verriegeln, Genie\u00dfen: Vollst\u00e4ndige Kontrolle \u00fcber Ihren Gaumen<\/h3>\n<p data-path-to-node=\"7\">Keine Geiselnahme mehr durch ein einzelnes Profil. Jedes Ger\u00e4t enth\u00e4lt 4 Basis-Geschmacksrichtungen, die durch eine ausgefeilte physikalische Mischungslogik 8 unterschiedliche Geschmackskombinationen ergeben. Mit einer einfachen Drehung des farbigen Mundst\u00fccks k\u00f6nnen Sie in Sekundenschnelle von einem knackigen Fruchtwald zu einem s\u00fc\u00dfen S\u00fc\u00dfigkeitenwunderland wechseln.<\/p>\n<h2 data-path-to-node=\"9\">Hardware-Leistung: Jenseits blo\u00dfer Zahlen, ein Sprung in der Qualit\u00e4t<\/h2>\n<h3 data-path-to-node=\"10\">Quad-Core-Antrieb: 1.0\u03a9 x4 Mesh-Coil-Synergie<\/h3>\n<p data-path-to-node=\"11\">Als Top-Tier- <b data-path-to-node=\"11\" data-index-in-node=\"14\">Big-Puff-<\/b> Ger\u00e4t ist es keine kleine Aufgabe, sicherzustellen, dass <b data-path-to-node=\"11\" data-index-in-node=\"45\">68ml<\/b> von E-Liquid vom ersten bis zum letzten Zug konsistent bleibt. WASPE 8 in 1 Crystal 180000 Z\u00fcge nutzt eine seltene <b data-path-to-node=\"11\" data-index-in-node=\"157\">Quad-Mesh-Coil<\/b> System.<\/p>\n<ul data-path-to-node=\"12\">\n<li>\n<p data-path-to-node=\"12,0,0\"><b data-path-to-node=\"12,0,0\" data-index-in-node=\"0\">Feinere Zerst\u00e4ubung:<\/b> Vier Coils arbeiten harmonisch zusammen, um Kohlenstoffablagerungen zu verhindern und sorgen f\u00fcr Dampf, der so seidenartig wie Morgennebel ist.<\/p>\n<\/li>\n<li>\n<p data-path-to-node=\"12,1,0\"><b data-path-to-node=\"12,1,0\" data-index-in-node=\"0\">Gleichm\u00e4\u00dfige W\u00e4rmeverteilung:<\/b> Selbst wenn der Akku schwach ist, entsperrt das System sofort die komplexen Aromenschichten des E-Liquids.<\/p>\n<\/li>\n<\/ul>\n<h4 data-path-to-node=\"13\">Technische Spezifikationen (Waspe Crystal 180000 Z\u00fcge):<\/h4>\n<table data-path-to-node=\"14\">\n<thead>\n<tr>\n<td><strong>Funktion<\/strong><\/td>\n<td><strong>Wert<\/strong><\/td>\n<\/tr>\n<\/thead>\n<tbody>\n<tr>\n<td><span data-path-to-node=\"14,1,0,0\"><b data-path-to-node=\"14,1,0,0\" data-index-in-node=\"0\">Gesamtz\u00fcge<\/b><\/span><\/td>\n<td><span data-path-to-node=\"14,1,1,0\">180000 Z\u00fcge<\/span><\/td>\n<\/tr>\n<tr>\n<td><span data-path-to-node=\"14,2,0,0\"><b data-path-to-node=\"14,2,0,0\" data-index-in-node=\"0\">Geschmacksmodus<\/b><\/span><\/td>\n<td><span data-path-to-node=\"14,2,1,0\">8-in-1-Drehschalter<\/span><\/td>\n<\/tr>\n<tr>\n<td><span data-path-to-node=\"14,3,0,0\"><b data-path-to-node=\"14,3,0,0\" data-index-in-node=\"0\">Verdampfer<\/b><\/span><\/td>\n<td><span data-path-to-node=\"14,3,1,0\">1,0\u03a9 x4 Mesh-Spule<\/span><\/td>\n<\/tr>\n<tr>\n<td><span data-path-to-node=\"14,4,0,0\"><b data-path-to-node=\"14,4,0,0\" data-index-in-node=\"0\">E-Liquid Kapazit\u00e4t<\/b><\/span><\/td>\n<td><span data-path-to-node=\"14,4,1,0\">68ml<\/span><\/td>\n<\/tr>\n<tr>\n<td><span data-path-to-node=\"14,5,0,0\"><b data-path-to-node=\"14,5,0,0\" data-index-in-node=\"0\">Batteriekapazit\u00e4t<\/b><\/span><\/td>\n<td><span data-path-to-node=\"14,5,1,0\">650mAh<\/span><\/td>\n<\/tr>\n<tr>\n<td><span data-path-to-node=\"14,6,0,0\"><b data-path-to-node=\"14,6,0,0\" data-index-in-node=\"0\">Ladeanschluss<\/b><\/span><\/td>\n<td><span data-path-to-node=\"14,6,1,0\">Type-C Schnellladung<\/span><\/td>\n<\/tr>\n<tr>\n<td><span data-path-to-node=\"14,7,0,0\"><b data-path-to-node=\"14,7,0,0\" data-index-in-node=\"0\">Produktkategorie<\/b><\/span><\/td>\n<td><span data-path-to-node=\"14,7,1,0\">Premium <b data-path-to-node=\"14,7,1,0\" data-index-in-node=\"8\">Vape-Stift<\/b><\/span><\/td>\n<\/tr>\n<\/tbody>\n<\/table>\n<h2 data-path-to-node=\"16\">12 kuratierte Kollektionen: Eine Seelenverwandtschaft f\u00fcr jeden Dampfer<\/h2>\n<p data-path-to-node=\"17\">Der WASPE Crystal 8 in 1 180K dekonstruiert die beliebtesten Geschmackssymbole der Welt und setzt sie in 12 unterschiedliche pers\u00f6nlichkeitsgesteuerte Kollektionen zusammen.<\/p>\n<h5 data-path-to-node=\"18\">Highlight-Geschmacksrichtungen (Geschmacksliste):<\/h5>\n<p>1. Wassermelone Eis &amp; Zitronenlimette &amp; Saure Mango Eis &amp; Kiwi Melone Eis<br \/>\n2. Heidelbeere Eis &amp; Kirsch-Cola &amp; Erdbeere Vanille &amp; Zitronenkirsche<br \/>\n3. Red Bull Eis &amp; Erdbeere Eis &amp; Saure Fucking Fab &amp; Cola Eis<br \/>\n4. Traube Eis &amp; Erdbeere Kiwi &amp; Wassermelone Eis &amp; Blue Rancher<br \/>\n5. Melone Passionsfrucht &amp; Saure Mango Ananas &amp; Banane Toffee Bonbon &amp; Erdbeere Beere<br \/>\n6. Erdbeere Wassermelone &amp; Cool Mint &amp; Blue Razz Eis &amp; Schwarze Johannisbeere Eis<br \/>\n7. Brombeere Eis &amp; Doppelter Apfel &amp; Schwarzer Drache Eis &amp; Erdbeere Kiwi<br \/>\n8. Erdbeere Red Bull &amp; Kirsch-Cola &amp; Kirsch Zitrone &amp; Tropische Frucht<br \/>\n9. Gemischte Beeren &amp; Zitronenlimette &amp; Heidelbeere Himbeere &amp; Gr\u00fcner Apfel<br \/>\n10. Erdbeere Himbeere Kirsche &amp; Erdbeere Wassermelone &amp; Kiwi Wassermelone &amp; Zitronenlimette<br \/>\n11. Erdbeere Banane &amp; Mango Pfirsich &amp; Dreifache Beeren &amp; Erdbeere Ananas<br \/>\n12. Blue Razz Limonade &amp; Kirsch Zitrone &amp; Heidelbeere Eis &amp; Wassermelone Pfirsich<\/p>\n<p><img decoding=\"async\" class=\"alignnone wp-image-6537 size-full\" title=\"Waspe Crystal 180k Geschmack\" src=\"https:\/\/oiovape.com\/wp-content\/uploads\/2026\/02\/Waspe-Crystal-180k-flavor-scaled.jpg\" alt=\"Waspe Crystal 180k Geschmack\" width=\"1705\" height=\"2560\" srcset=\"https:\/\/oiovape.com\/wp-content\/uploads\/2026\/02\/Waspe-Crystal-180k-flavor-scaled.jpg 1705w, https:\/\/oiovape.com\/wp-content\/uploads\/2026\/02\/Waspe-Crystal-180k-flavor-200x300.jpg 200w, https:\/\/oiovape.com\/wp-content\/uploads\/2026\/02\/Waspe-Crystal-180k-flavor-682x1024.jpg 682w, https:\/\/oiovape.com\/wp-content\/uploads\/2026\/02\/Waspe-Crystal-180k-flavor-768x1153.jpg 768w, https:\/\/oiovape.com\/wp-content\/uploads\/2026\/02\/Waspe-Crystal-180k-flavor-1023x1536.jpg 1023w, https:\/\/oiovape.com\/wp-content\/uploads\/2026\/02\/Waspe-Crystal-180k-flavor-1364x2048.jpg 1364w, https:\/\/oiovape.com\/wp-content\/uploads\/2026\/02\/Waspe-Crystal-180k-flavor-8x12.jpg 8w, https:\/\/oiovape.com\/wp-content\/uploads\/2026\/02\/Waspe-Crystal-180k-flavor-1200x1802.jpg 1200w, https:\/\/oiovape.com\/wp-content\/uploads\/2026\/02\/Waspe-Crystal-180k-flavor-150x225.jpg 150w\" sizes=\"(max-width: 1705px) 100vw, 1705px\" \/><\/p>\n<h2 data-path-to-node=\"21\">H\u00e4ufig gestellte Fragen (FAQ)<\/h2>\n<h4 data-path-to-node=\"22\">F: K\u00f6nnen 180.000 Z\u00fcge wirklich so lange halten?<\/h4>\n<p data-path-to-node=\"23\"><b data-path-to-node=\"23\" data-index-in-node=\"0\">A:<\/b> Das h\u00e4ngt von Ihrer Zugfrequenz ab. Als hochkapazitives <b data-path-to-node=\"23\" data-index-in-node=\"57\">Vape-Stift<\/b>, kann es f\u00fcr Vielnutzer mehrere Wochen halten; f\u00fcr Gelegenheitsdampfer fungiert es als zuverl\u00e4ssige \u201cBasisstation\u201d, die immer einsatzbereit ist.<\/p>\n<h4 data-path-to-node=\"24\">F: Ist dieses Produkt f\u00fcr Gro\u00dfmengen erh\u00e4ltlich?<\/h4>\n<p data-path-to-node=\"25\"><b data-path-to-node=\"25\" data-index-in-node=\"0\">A:<\/b> Absolut. Der WASPE Crystal 180K ist derzeit ein gefragter Artikel in der <b data-path-to-node=\"25\" data-index-in-node=\"77\">Vape-Gro\u00dfhandels-<\/b> Kanal. Die hohe Zuganzahl und der Geschmackswechsel-Gimmick bieten hohe Sichtbarkeit und wiederholte Kaufraten auf Einzelhandelsebene.<\/p>\n<h4 data-path-to-node=\"26\">F: Was zeigt der LED-Bildschirm an?<\/h4>\n<p data-path-to-node=\"27\"><b data-path-to-node=\"27\" data-index-in-node=\"0\">A:<\/b> Es bietet Echtzeit\u00fcberwachung der Akkulaufzeit und des E-Liquid-Niveaus und erspart dir die \u00dcberraschung eines \u201cverbrannten Zugs\u201d, wenn der Saft zur Neige geht.<\/p>\n<h4 data-path-to-node=\"28\">F: Ist ein 650-mAh-Akku f\u00fcr ein so gro\u00dfes Ger\u00e4t ausreichend?<\/h4>\n<p data-path-to-node=\"29\"><b data-path-to-node=\"29\" data-index-in-node=\"0\">A:<\/b> Es ist ein konstruierter optimaler Punkt. Kombiniert mit <b data-path-to-node=\"29\" data-index-in-node=\"48\">Typ-C-Schnellladung<\/b>, kannst du in der Zeit, die du brauchst, um einen Kaffee zu holen, aufladen und den ganzen Tag \u00fcber starke Leistung gew\u00e4hrleisten.<\/p>\n<h3 data-path-to-node=\"31\">Drei Hauptgr\u00fcnde, sich f\u00fcr Waspe Crystal 180000 Puffs zu entscheiden:<\/h3>\n<ol start=\"1\" data-path-to-node=\"32\">\n<li>\n<p data-path-to-node=\"32,0,0\"><b data-path-to-node=\"32,0,0\" data-index-in-node=\"0\">Der Gipfel des Wertes:<\/b> 68 ml E-Liquid erf\u00fcllt jeden <b data-path-to-node=\"32,0,0\" data-index-in-node=\"51\">Big-Puff-<\/b> Traum \u2013 ein echtes Geschenk f\u00fcr den \u201cLangzeitdenker\u201d.\u201d<\/p>\n<\/li>\n<li>\n<p data-path-to-node=\"32,1,0\"><b data-path-to-node=\"32,1,0\" data-index-in-node=\"0\">Langeweile ablehnen:<\/b> Der 8-in-1-Schalter h\u00e4lt deine Geschmacksknospen erregt; ein Ger\u00e4t leistet die Arbeit von acht.<\/p>\n<\/li>\n<li>\n<p data-path-to-node=\"32,2,0\"><b data-path-to-node=\"32,2,0\" data-index-in-node=\"0\">Gro\u00dfhandel essentiell:<\/b> Mit seinem einzigartigen Design und stabiler Leistung ist es eine seltene Gewinn-Wachstums-Engine im <b data-path-to-node=\"32,2,0\" data-index-in-node=\"109\">Vape-Gro\u00dfhandels-<\/b> Sektor.<\/p>\n<\/li>\n<\/ol>\n<\/div>\n<\/div>\n<\/div>\n<\/div>\n<\/div>\n<\/div>\n<\/div>\n<\/div>\n<\/div>\n<\/div>\n<\/div>\n<\/div>\n<\/div>\n<\/div>\n<\/div>\n<\/div>\n<\/div>\n<\/div>\n<\/div>\n<\/div>\n<\/div>\n<\/div>\n<\/div>\n<\/div>\n<\/div>\n<\/div>\n<\/div>\n<\/div>\n<\/div>\n<\/div>\n<\/div>\n<\/div>\n<\/div>\n<\/div>\n<\/div>\n<\/div>\n<\/div>\n<\/div>\n<\/div>\n<\/div>\n<\/div>\n<\/div>\n<\/div>\n<\/div>\n<\/div>\n<\/div>\n<\/div>\n<\/div>\n<\/div>\n<\/div>\n<\/div>\n<\/div>\n<\/div>\n<\/div>\n<\/div>\n<\/div>\n<\/div>\n<\/div>\n<\/div>\n<\/div>\n<\/div>\n<\/div>\n<\/div>\n<\/div>\n<\/div>\n<\/div>\n<\/div>\n<\/div>\n<\/div>\n<\/div>\n<\/div>\n<\/div>\n<\/div>\n<\/div>\n<\/div>\n<\/div>\n<\/div>\n<\/div>\n<\/div>","protected":false},"excerpt":{"rendered":"<div data-page-id=\"RAopf2sw9dtvw4cWYXpcTwo0n8g\" data-lark-html-role=\"root\" data-docx-has-block-data=\"false\">\n<div class=\"ace-line ace-line old-record-id-Uju9f3RXYd8dh2crAJbcBF3Un6M\">Die WASPE Crystal 180000 Z\u00fcge Einweg-E-Zigarette bietet 48 lebendige Geschm\u00e4cker, die in 12 Kollektionen unterteilt sind. Sie verf\u00fcgt \u00fcber 4 Mesh-Coils, 68ml E-Liquid und einen 650mAh wiederaufladbaren Akku. Mit den Nikotinalternativen 0%\/2%\/5% und einem LED-Display bietet sie langanhaltenden, ma\u00dfgeschneiderten Dampfgenuss f\u00fcr jeden Fan.<\/div>\n<\/div>","protected":false},"featured_media":6538,"comment_status":"open","ping_status":"closed","template":"","meta":{"_acf_changed":false,"inline_featured_image":false,"_sitemap_exclude":false,"_sitemap_priority":"","_sitemap_frequency":""},"product_brand":[98],"product_cat":[82,229],"product_tag":[],"class_list":{"0":"post-6491","1":"product","2":"type-product","3":"status-publish","4":"has-post-thumbnail","6":"product_brand-waspe","7":"product_cat-waspe-puff","8":"product_cat-ship-from-german","10":"first","11":"instock","12":"sale","13":"shipping-taxable","14":"purchasable","15":"product-type-variable","16":"has-default-attributes"},"acf":[],"tiered_pricing_type":"fixed","tiered_pricing_fixed_rules":{"30":10.05,"60":8.68,"100":7.79,"200":7.37},"tiered_pricing_product_settings":{"layout":"default","base_unit_name":{"singular":null,"plural":null},"default_variation":null},"tiered_pricing_minimum_quantity":10,"tiered_pricing_roles_data":[],"tiered_pricing_percentage_rules":[],"tiered_pricing_maximum_quantity":null,"tiered_pricing_quantity_step":"10","_links":{"self":[{"href":"https:\/\/oiovape.com\/de\/wp-json\/wp\/v2\/product\/6491","targetHints":{"allow":["GET"]}}],"collection":[{"href":"https:\/\/oiovape.com\/de\/wp-json\/wp\/v2\/product"}],"about":[{"href":"https:\/\/oiovape.com\/de\/wp-json\/wp\/v2\/types\/product"}],"replies":[{"embeddable":true,"href":"https:\/\/oiovape.com\/de\/wp-json\/wp\/v2\/comments?post=6491"}],"version-history":[{"count":3,"href":"https:\/\/oiovape.com\/de\/wp-json\/wp\/v2\/product\/6491\/revisions"}],"predecessor-version":[{"id":8397,"href":"https:\/\/oiovape.com\/de\/wp-json\/wp\/v2\/product\/6491\/revisions\/8397"}],"wp:featuredmedia":[{"embeddable":true,"href":"https:\/\/oiovape.com\/de\/wp-json\/wp\/v2\/media\/6538"}],"wp:attachment":[{"href":"https:\/\/oiovape.com\/de\/wp-json\/wp\/v2\/media?parent=6491"}],"wp:term":[{"taxonomy":"product_brand","embeddable":true,"href":"https:\/\/oiovape.com\/de\/wp-json\/wp\/v2\/product_brand?post=6491"},{"taxonomy":"product_cat","embeddable":true,"href":"https:\/\/oiovape.com\/de\/wp-json\/wp\/v2\/product_cat?post=6491"},{"taxonomy":"product_tag","embeddable":true,"href":"https:\/\/oiovape.com\/de\/wp-json\/wp\/v2\/product_tag?post=6491"}],"curies":[{"name":"wp","href":"https:\/\/api.w.org\/{rel}","templated":true}]}}