{"id":6630,"date":"2026-02-02T14:46:51","date_gmt":"2026-02-02T06:46:51","guid":{"rendered":"https:\/\/oiovape.com\/?post_type=product&#038;p=6630"},"modified":"2026-04-16T16:04:49","modified_gmt":"2026-04-16T08:04:49","slug":"bang-leader-stoll-300000-puffs-2","status":"publish","type":"product","link":"https:\/\/oiovape.com\/de\/product\/bang-leader-stoll-300000-puffs-2\/","title":{"rendered":"Bang Leader Stoll 300000 Z\u00dcGE 6 in 1 Geschmack Gro\u00dfkapazit\u00e4t E-Liquid Einweg Vape Gro\u00dfhandel Gro\u00dfkauf"},"content":{"rendered":"<div data-page-id=\"ZVeMfq8uxd7y1ycuKm5cym4LnYd\" data-lark-html-role=\"root\" data-docx-has-block-data=\"false\">\n<div data-page-id=\"Fd41fZ5N9dzRQtcRNoVc2FuDnCh\" data-lark-html-role=\"root\" data-docx-has-block-data=\"true\">\n<div data-page-id=\"BdIJfeeijdk1eucGpS8cDCBBn5c\" data-lark-html-role=\"root\" data-docx-has-block-data=\"false\">\n<div data-page-id=\"Zbg9fWx77dUuh2cIYpic25c8nyd\" data-lark-html-role=\"root\" data-docx-has-block-data=\"false\">\n<div data-page-id=\"KaIvfiurhdlCKdc0kyxcX64cnE6\" data-lark-html-role=\"root\" data-docx-has-block-data=\"true\">\n<div data-page-id=\"PbvFfqxqlddUTScRpEYcY5MHnpf\" data-lark-html-role=\"root\" data-docx-has-block-data=\"true\">\n<div data-page-id=\"GZO2f5JeudwY4jc9iJtcdk9Hnxh\" data-lark-html-role=\"root\" data-docx-has-block-data=\"false\">\n<div data-page-id=\"EZVRf2acFduXLGcseZFc4qH2n6e\" data-lark-html-role=\"root\" data-docx-has-block-data=\"false\">\n<div data-page-id=\"B8rHfcqlqdzmH5cCWCncz17Cntb\" data-lark-html-role=\"root\" data-docx-has-block-data=\"false\">\n<div data-page-id=\"B8rHfcqlqdzmH5cCWCncz17Cntb\" data-lark-html-role=\"root\" data-docx-has-block-data=\"false\">\n<div data-page-id=\"B8rHfcqlqdzmH5cCWCncz17Cntb\" data-lark-html-role=\"root\" data-docx-has-block-data=\"true\">\n<div data-page-id=\"HM70f1aoxdD0bMcxJZBcVc7ynZd\" data-lark-html-role=\"root\" data-docx-has-block-data=\"false\">\n<div data-page-id=\"NSrJfN7Ord22i0c1iwZcsF8yn8b\" data-lark-html-role=\"root\" data-docx-has-block-data=\"false\">\n<div data-page-id=\"RXEff4Mskds8o1cqL5HcGEtUnCh\" data-lark-html-role=\"root\" data-docx-has-block-data=\"false\">\n<div data-page-id=\"KJ7gfqkVndMSRJcMseScmvYwnTc\" data-lark-html-role=\"root\" data-docx-has-block-data=\"false\">\n<div class=\"ace-line ace-line old-record-id-QADAfETPudgmudc05YvcTO5fnxe\">\n<div data-page-id=\"KJ7gfqkVndMSRJcMseScmvYwnTc\" data-lark-html-role=\"root\" data-docx-has-block-data=\"false\">\n<div class=\"ace-line ace-line old-record-id-JoRkfpho8dOkiacEOascDyCOncb\">\n<div data-page-id=\"KJ7gfqkVndMSRJcMseScmvYwnTc\" data-lark-html-role=\"root\" data-docx-has-block-data=\"false\">\n<div data-page-id=\"Ju6ofQ3V4dGmePcVvJvc1gmcnZb\" data-lark-html-role=\"root\" data-docx-has-block-data=\"true\">\n<div data-page-id=\"PR9ife5PLdFabccbFgZcWgZOnTc\" data-lark-html-role=\"root\" data-docx-has-block-data=\"false\">\n<div data-page-id=\"INdrfOIGzdaenXcptrcc1BcznQc\" data-lark-html-role=\"root\" data-docx-has-block-data=\"false\">\n<div class=\"ace-line ace-line old-record-id-P0fIf4YaZdoGkbcxt5ackec2nnb\">\n<div data-page-id=\"INdrfOIGzdaenXcptrcc1BcznQc\" data-lark-html-role=\"root\" data-docx-has-block-data=\"false\">\n<div data-page-id=\"MAzCfUB73dMTQscm8eWcougVn1g\" data-lark-html-role=\"root\" data-docx-has-block-data=\"true\">\n<div data-page-id=\"AXfpf7H1odhDvGcKoUOcErN8nV7\" data-lark-html-role=\"root\" data-docx-has-block-data=\"false\">\n<div data-page-id=\"QYTKf5PvLdUNdbce2nBcW9yfnrh\" data-lark-html-role=\"root\" data-docx-has-block-data=\"false\">\n<div data-page-id=\"Pvu1f1CCBdxbjncA9pgcBTpanph\" data-lark-html-role=\"root\" data-docx-has-block-data=\"true\">\n<div data-page-id=\"Axf3fcmY8dDAhtcjVircBcphnPc\" data-lark-html-role=\"root\" data-docx-has-block-data=\"false\">\n<div data-page-id=\"KKj1f9SPmdLhhMc5E2AcNlLen6f\" data-lark-html-role=\"root\" data-docx-has-block-data=\"true\">\n<div data-page-id=\"Rx61fK1sJdXHjPcBuhZcweNhnwc\" data-lark-html-role=\"root\" data-docx-has-block-data=\"false\">\n<div data-page-id=\"L1H9fkG9Mdz45Fcy4WMc5VKXnRe\" data-lark-html-role=\"root\" data-docx-has-block-data=\"false\">\n<div data-page-id=\"L1H9fkG9Mdz45Fcy4WMc5VKXnRe\" data-lark-html-role=\"root\" data-docx-has-block-data=\"false\">\n<div data-page-id=\"D4XLfVBVrdE8mrcaYizczklLnaf\" data-lark-html-role=\"root\" data-docx-has-block-data=\"false\">\n<div data-page-id=\"WVcifIY44d5mhMcXtyEcTsfenGd\" data-lark-html-role=\"root\" data-docx-has-block-data=\"true\">\n<div data-page-id=\"LRknfa6Whd4DWCcUc0FcNKpJnyh\" data-lark-html-role=\"root\" data-docx-has-block-data=\"false\">\n<div data-page-id=\"LRknfa6Whd4DWCcUc0FcNKpJnyh\" data-lark-html-role=\"root\" data-docx-has-block-data=\"false\">\n<div data-page-id=\"XFRAfkcOEdRWh8cArQ2cJdyRnJf\" data-lark-html-role=\"root\" data-docx-has-block-data=\"true\">\n<div data-page-id=\"OQ3bfjnRddMTDGcC3ouc6xFKnWf\" data-lark-html-role=\"root\" data-docx-has-block-data=\"true\">\n<div data-page-id=\"J0iGfj1hEdjc4rcUdSmc4spMnmZ\" data-lark-html-role=\"root\" data-docx-has-block-data=\"false\">\n<div data-page-id=\"P1o7fFyNlduP8tcfZpQcagzbnIf\" data-lark-html-role=\"root\" data-docx-has-block-data=\"false\">\n<div class=\"ace-line ace-line old-record-id-P1o7fFyNlduP8tcfZpQcagzbnIf\">\n<div data-page-id=\"P1o7fFyNlduP8tcfZpQcagzbnIf\" data-lark-html-role=\"root\" data-docx-has-block-data=\"false\">\n<div data-page-id=\"U4iufW38SdttWKcTstMcTtHRnXc\" data-lark-html-role=\"root\" data-docx-has-block-data=\"true\">\n<div data-page-id=\"ONVMf7VTWddcFtcyATOchCJHnZb\" data-lark-html-role=\"root\" data-docx-has-block-data=\"true\">\n<div data-page-id=\"KoW2fSy0PdLHFlc5kSHcgvWMnYg\" data-lark-html-role=\"root\" data-docx-has-block-data=\"false\">\n<div data-page-id=\"KoW2fSy0PdLHFlc5kSHcgvWMnYg\" data-lark-html-role=\"root\" data-docx-has-block-data=\"false\">\n<div data-page-id=\"OLGhfzxC7d7EFIcLEj9cRT5ynZf\" data-lark-html-role=\"root\" data-docx-has-block-data=\"false\">\n<div data-page-id=\"DdnnfrLjzdqrFIc9Il9c7pA2noc\" data-lark-html-role=\"root\" data-docx-has-block-data=\"true\">\n<div data-page-id=\"KNzcf2o0oddkJOcztTVcqPdlnth\" data-lark-html-role=\"root\" data-docx-has-block-data=\"false\">\n<div data-page-id=\"LBU7fg5SEdkWhecGJoxca3xvnCe\" data-lark-html-role=\"root\" data-docx-has-block-data=\"false\">\n<div data-page-id=\"EB70fooS3d69bMcgWB7c5qb9n8g\" data-lark-html-role=\"root\" data-docx-has-block-data=\"false\">\n<div data-page-id=\"AogwfsZCadB6t0cAvF0cK4JLnvf\" data-lark-html-role=\"root\" data-docx-has-block-data=\"false\">\n<div data-page-id=\"AogwfsZCadB6t0cAvF0cK4JLnvf\" data-lark-html-role=\"root\" data-docx-has-block-data=\"false\">\n<div data-page-id=\"JMZIflNGddQuU0c5JZocSqlvnle\" data-lark-html-role=\"root\" data-docx-has-block-data=\"false\">\n<div data-page-id=\"JMZIflNGddQuU0c5JZocSqlvnle\" data-lark-html-role=\"root\" data-docx-has-block-data=\"true\">\n<div data-page-id=\"HtEafjjRIdPAlMc9zgYcsGy6nOe\" data-lark-html-role=\"root\" data-docx-has-block-data=\"false\">\n<div data-page-id=\"Rhnafz0WTdDeT9c43xxczsbVnJo\" data-lark-html-role=\"root\" data-docx-has-block-data=\"false\">\n<div data-page-id=\"WY0CfKdcTdf4hVcZl67ct5LGncf\" data-lark-html-role=\"root\" data-docx-has-block-data=\"true\">\n<div data-page-id=\"MkB5fF4AVdchovcoPEpc7LqvnOd\" data-lark-html-role=\"root\" data-docx-has-block-data=\"true\">\n<div data-page-id=\"MfbjfZhbhdJdA8cH1dAckqF0n6g\" data-lark-html-role=\"root\" data-docx-has-block-data=\"false\">\n<div class=\"ace-line ace-line old-record-id-W2AHfJLnjd7ugjcRLs1c8BdhnNh\">\n<div data-page-id=\"MfbjfZhbhdJdA8cH1dAckqF0n6g\" data-lark-html-role=\"root\" data-docx-has-block-data=\"false\">\n<div class=\"old-record-id-XXd1feeCZdR2hJc6evocxnh1nOg\">\n<div data-page-id=\"MfbjfZhbhdJdA8cH1dAckqF0n6g\" data-lark-html-role=\"root\" data-docx-has-block-data=\"false\">\n<div data-page-id=\"DE51fYUmxdT3ekcHzc3cGrVQnsc\" data-lark-html-role=\"root\" data-docx-has-block-data=\"false\">\n<div data-page-id=\"YSKdfaZ08dRej3ci5CccQBuOncc\" data-lark-html-role=\"root\" data-docx-has-block-data=\"true\">\n<div data-page-id=\"K6mofQmledamEFcgp1EcVobmnYd\" data-lark-html-role=\"root\" data-docx-has-block-data=\"false\">\n<div data-page-id=\"VTgsfVLdCd9q1ucYcwRcCM0Hnof\" data-lark-html-role=\"root\" data-docx-has-block-data=\"true\">\n<div data-page-id=\"WucKfzp8RdNy8rcMJHncz4Knnac\" data-lark-html-role=\"root\" data-docx-has-block-data=\"true\">\n<div data-page-id=\"IfZ9fDIBLd9b9hcJiqGcLw9Pnmh\" data-lark-html-role=\"root\" data-docx-has-block-data=\"false\">\n<div data-page-id=\"JeU6f3Yq5dbdEHcZDptc5ikcn5c\" data-lark-html-role=\"root\" data-docx-has-block-data=\"true\">\n<div data-page-id=\"E1YjfnB4Jdmtsfc2ZObcu04Un6c\" data-lark-html-role=\"root\" data-docx-has-block-data=\"false\">\n<div data-page-id=\"RQVEfdiOzdqTQKcRcnxcG0Y7nce\" data-lark-html-role=\"root\" data-docx-has-block-data=\"true\">\n<div data-page-id=\"NKc7fbZi9dnOXocdHcScVsXdnmh\" data-lark-html-role=\"root\" data-docx-has-block-data=\"false\">\n<div data-page-id=\"DaE3fgNEwdnbQVc62iqcBK4lnte\" data-lark-html-role=\"root\" data-docx-has-block-data=\"false\">\n<div data-page-id=\"DaE3fgNEwdnbQVc62iqcBK4lnte\" data-lark-html-role=\"root\" data-docx-has-block-data=\"false\">\n<div class=\"container\">\n<div id=\"model-response-message-contentr_fae531c0e914f92d\" class=\"markdown markdown-main-panel stronger enable-updated-hr-color\" dir=\"ltr\" aria-live=\"off\" aria-busy=\"false\">\n<div style=\"width: 720px;\" class=\"wp-video\"><video class=\"wp-video-shortcode\" id=\"video-6630-1\" width=\"720\" height=\"1280\" preload=\"metadata\" controls=\"controls\"><source type=\"video\/mp4\" src=\"https:\/\/oiovape.com\/wp-content\/uploads\/2026\/03\/Bang-300k-Video.mp4?_=1\" \/><a href=\"https:\/\/oiovape.com\/wp-content\/uploads\/2026\/03\/Bang-300k-Video.mp4\">https:\/\/oiovape.com\/wp-content\/uploads\/2026\/03\/Bang-300k-Video.mp4<\/a><\/video><\/div>\n<h2 data-path-to-node=\"0\">Bang Leader Stoll 300000 Puffs: Die ultimative 6-in-1-Geschmacksbibliothek<\/h2>\n<p data-path-to-node=\"1\">M\u00fcde davon, wochenlang an einen einzigen Geschmack gebunden zu sein? Das <b data-path-to-node=\"1\" data-index-in-node=\"58\">Bang Leader Stoll 300K<\/b> ist nicht nur eine weitere elektronische Zigarette; es ist ein vollwertiges Geschmacksfestival in einem eleganten Geh\u00e4use. Entwickelt f\u00fcr diejenigen, die Vielfalt ohne den Ballast mehrerer Ger\u00e4te fordern, f\u00fchrt dieses Kraftpaket ein <b data-path-to-node=\"1\" data-index-in-node=\"297\">6-in-1-Unabh\u00e4ngiges Geschmackssystem<\/b>. ein. Stellen Sie sich vor, f\u00fcr jede Stunde des Tages einen anderen Geschmack zu haben \u2013 von einem eisigen Morgen-Kick bis zu einem s\u00fc\u00dfen Candy-Sonnenuntergang \u2013 alles mit einem einfachen Klick erreichbar.<\/p>\n<p data-path-to-node=\"2\">Mit einer beeindruckenden <b data-path-to-node=\"2\" data-index-in-node=\"18\">300000 Gesamtz\u00fcge<\/b>, setzt dieses Ger\u00e4t einen neuen Goldstandard f\u00fcr die <b data-path-to-node=\"2\" data-index-in-node=\"84\">Big-Puff-<\/b> Kategorie und stellt sicher, dass Ihre Vaping-Reise Monate statt Tage dauert.<\/p>\n<h2 data-path-to-node=\"4\">Warum sich auf einen beschr\u00e4nken, wenn Sie sechs haben k\u00f6nnen?<\/h2>\n<h3 data-path-to-node=\"5\">Sehnt sich Ihr Gaumen nach einer Revolution?<\/h3>\n<p data-path-to-node=\"6\">Die meisten Einwegger\u00e4te zwingen Sie in eine langfristige Beziehung mit einem Geschmack. Das Bang Leader Stoll 300000 Puffs bricht diesen Kreislauf. Mit sechs separaten E-Liquid-Kammern verhindert es \u201cGeschmacksm\u00fcdigkeit\u201d. Das unabh\u00e4ngige Tank-Design stellt sicher, dass Ihr \u201cBlueberry Ice\u201d nie wie ein Hauch des \u201cStrawberry Kiwi\u201d schmeckt, den Sie vor zehn Minuten hatten. Es ist rein, isoliert und sofort verf\u00fcgbar.<\/p>\n<h3 data-path-to-node=\"8\">Die Technik hinter der Wolke<\/h3>\n<h4 data-path-to-node=\"9\">\ud83d\udd0b Leistung, die nicht aufgibt<\/h4>\n<p data-path-to-node=\"10\">A <b data-path-to-node=\"10\" data-index-in-node=\"2\">Big-Puff-<\/b> Die Zugzahl ist bedeutungslos, wenn der Akku auf halbem Weg leer wird. Das Bang Leader 300K verf\u00fcgt \u00fcber einen robusten 650-mAh-Akku mit Ladefunktion. Gepaart mit einem <b data-path-to-node=\"10\" data-index-in-node=\"138\">USB-C-Ladeanschluss<\/b>, l\u00e4dt es so schnell auf wie ein modernes Smartphone und stellt sicher, dass Sie jede letzte Prise der 300000-Zug-Kapazit\u00e4t nutzen k\u00f6nnen.<\/p>\n<h4 data-path-to-node=\"11\">\u26a1 Pr\u00e4zisions-Mesh-Coil-Technologie<\/h4>\n<p data-path-to-node=\"12\">Im Herzen des Ger\u00e4ts befindet sich eine <b data-path-to-node=\"12\" data-index-in-node=\"34\">1,0-Ohm-Mesh-Coil<\/b>. Im Gegensatz zu herk\u00f6mmlichen Coils, die ungleichm\u00e4\u00dfig heizen, wirkt dieses Mesh-Gitter wie ein fein abgestimmtes Instrument und verdampft die Fl\u00fcssigkeit \u00fcber eine gr\u00f6\u00dfere Oberfl\u00e4che. Das Ergebnis? Eine glatte, dichte Wolke, die die feinen Obert\u00f6ne jeder Frucht- und Getr\u00e4nkemischung einf\u00e4ngt.<\/p>\n<h4 data-path-to-node=\"13\">\ud83d\udee0\ufe0f Ergonomische und auslaufsichere Verarbeitung<\/h4>\n<p data-path-to-node=\"14\">Das Halten des Bang Leader Stoll 300000 Puffs f\u00fchlt sich nat\u00fcrlich an. Trotz seiner massiven internen Kapazit\u00e4t passt die <b data-path-to-node=\"14\" data-index-in-node=\"76\">ergonomische Form<\/b> komfortabel in die Handfl\u00e4che. Noch wichtiger ist das <b data-path-to-node=\"14\" data-index-in-node=\"141\">auslaufsichere Design<\/b> fungiert als Festung f\u00fcr Ihren Saft, h\u00e4lt Ihre Taschen sauber und Ihren Fokus auf den Geschmack.<\/p>\n<h2 data-path-to-node=\"16\">Spezifikationen: Ein schneller \u00dcberblick<\/h2>\n<div class=\"horizontal-scroll-wrapper\">\n<div class=\"table-block-component\">\n<div class=\"table-block has-export-button new-table-style is-at-scroll-start is-at-scroll-end\">\n<div class=\"table-content\" data-hveid=\"0\" data-ved=\"0CAAQ3ecQahgKEwjtvoDR8vGTAxUAAAAAHQAAAAAQngI\">\n<table data-path-to-node=\"17\">\n<thead>\n<tr>\n<th><span data-path-to-node=\"17,0,0,0\">Funktion<\/span><\/th>\n<th><span data-path-to-node=\"17,0,1,0\">Technische Details<\/span><\/th>\n<\/tr>\n<\/thead>\n<tbody>\n<tr>\n<td><span data-path-to-node=\"17,1,0,0\"><b data-path-to-node=\"17,1,0,0\" data-index-in-node=\"0\">Gesamte Puff-Anzahl<\/b><\/span><\/td>\n<td><span data-path-to-node=\"17,1,1,0\">Bis zu 300000 Z\u00fcge<\/span><\/td>\n<\/tr>\n<tr>\n<td><span data-path-to-node=\"17,2,0,0\"><b data-path-to-node=\"17,2,0,0\" data-index-in-node=\"0\">Flavor-System<\/b><\/span><\/td>\n<td><span data-path-to-node=\"17,2,1,0\">6 in 1 unabh\u00e4ngige rotierende Kammern<\/span><\/td>\n<\/tr>\n<tr>\n<td><span data-path-to-node=\"17,3,0,0\"><b data-path-to-node=\"17,3,0,0\" data-index-in-node=\"0\">Coil-Typ<\/b><\/span><\/td>\n<td><span data-path-to-node=\"17,3,1,0\">1,0 Ohm Advanced Mesh Coil<\/span><\/td>\n<\/tr>\n<tr>\n<td><span data-path-to-node=\"17,4,0,0\"><b data-path-to-node=\"17,4,0,0\" data-index-in-node=\"0\">Batteriekapazit\u00e4t<\/b><\/span><\/td>\n<td><span data-path-to-node=\"17,4,1,0\">650 mAh (wiederaufladbar)<\/span><\/td>\n<\/tr>\n<tr>\n<td><span data-path-to-node=\"17,5,0,0\"><b data-path-to-node=\"17,5,0,0\" data-index-in-node=\"0\">Laden<\/b><\/span><\/td>\n<td><span data-path-to-node=\"17,5,1,0\">Type-C Schnellladung<\/span><\/td>\n<\/tr>\n<tr>\n<td><span data-path-to-node=\"17,6,0,0\"><b data-path-to-node=\"17,6,0,0\" data-index-in-node=\"0\">Nikotinalternativen<\/b><\/span><\/td>\n<td><span data-path-to-node=\"17,6,1,0\">0% \/ 2% \/ 3% \/ 5%<\/span><\/td>\n<\/tr>\n<tr>\n<td><span data-path-to-node=\"17,7,0,0\"><b data-path-to-node=\"17,7,0,0\" data-index-in-node=\"0\">Verarbeitung<\/b><\/span><\/td>\n<td><span data-path-to-node=\"17,7,1,0\">Auslaufsicher, ergonomische Schale<\/span><\/td>\n<\/tr>\n<\/tbody>\n<\/table>\n<\/div>\n<\/div>\n<\/div>\n<\/div>\n<h2 data-path-to-node=\"19\">Die Flavor-Bibliothek: 12 Meisterwerk-Serie<\/h2>\n<p data-path-to-node=\"20\">Der Bang Leader Stoll 300000 Puffs bietet 12 unterschiedliche \u201cKollektionen\u201d. Jede Kollektion enth\u00e4lt sechs einzigartige Geschmacksrichtungen. Egal, ob Sie nach einer <b data-path-to-node=\"20\" data-index-in-node=\"131\">Gro\u00dfhandels-Vape<\/b> L\u00f6sung oder einem pers\u00f6nlichen Vorrat suchen, diese kuratierten Mischungen decken das gesamte sensorische Spektrum ab.<\/p>\n<h4 data-path-to-node=\"21\">Serie 1 bis 3: Die Fruchtsammler<\/h4>\n<ul data-path-to-node=\"22\">\n<li>\n<p data-path-to-node=\"22,0,0\"><b data-path-to-node=\"22,0,0\" data-index-in-node=\"0\">Serie 1:<\/b> Wassermelone Eis, Red Bull, Erdbeere Kiwi, Blaubeere Eis, Zitrone Limette, Erdbeere Wassermelone.<\/p>\n<\/li>\n<li>\n<p data-path-to-node=\"22,1,0\"><b data-path-to-node=\"22,1,0\" data-index-in-node=\"0\">Serie 2:<\/b> Erdbeere Banane, Doppelter Apfel, Himbeere Wassermelone, Saure Mango Ananas, Tropische Frucht, Zitrone Pfirsich.<\/p>\n<\/li>\n<li>\n<p data-path-to-node=\"22,2,0\"><b data-path-to-node=\"22,2,0\" data-index-in-node=\"0\">Serie 3:<\/b> Ananas Kokosnuss, Blue Razz, Gemischte Beeren, Mango Pfirsich, Blaubeere Himbeere, Erdbeere Vanille Cola.<\/p>\n<\/li>\n<\/ul>\n<h4 data-path-to-node=\"23\">Serie 4 bis 6: K\u00fchne &amp; exotische Erkundungen<\/h4>\n<ul data-path-to-node=\"24\">\n<li>\n<p data-path-to-node=\"24,0,0\"><b data-path-to-node=\"24,0,0\" data-index-in-node=\"0\">Serie 4:<\/b> Pfirsich Beere, Triple Melone, Traube Eis, Schwarzer Drache Eis, Fizzy Kirsche Eis, Gummib\u00e4r.<\/p>\n<\/li>\n<li>\n<p data-path-to-node=\"24,1,0\"><b data-path-to-node=\"24,1,0\" data-index-in-node=\"0\">Serie 5:<\/b> Regenbogen Bonbon, Kirsche Cola Eis, Love 666, Mango Eis, Blaubeere Zuckerwatte, Pfirsich Eis.<\/p>\n<\/li>\n<li>\n<p data-path-to-node=\"24,2,0\"><b data-path-to-node=\"24,2,0\" data-index-in-node=\"0\">Serie 6:<\/b> Aloe Lychee Eis, Rosa Zitrone, Gletscher Eis, Kiefernnadel Minze, Schwarze Johannisbeere Eis, Wassermelone Zitrone.<\/p>\n<\/li>\n<\/ul>\n<h4 data-path-to-node=\"25\">Serie 7 bis 9: Sommer-Vibes &amp; Energy Hits<\/h4>\n<ul data-path-to-node=\"26\">\n<li>\n<p data-path-to-node=\"26,0,0\"><b data-path-to-node=\"26,0,0\" data-index-in-node=\"0\">Serie 7:<\/b> Wassermelone Eis, Gemischte Beeren, Apfel Birne, Blaubeere Minze, Sommerzeit, Pfirsich.<\/p>\n<\/li>\n<li>\n<p data-path-to-node=\"26,1,0\"><b data-path-to-node=\"26,1,0\" data-index-in-node=\"0\">Serie 8:<\/b> Energydrink, Pfirsich Eis, Mango Eis, Goji-Beere, Schwarze Johannisbeere, Mamba.<\/p>\n<\/li>\n<li>\n<p data-path-to-node=\"26,2,0\"><b data-path-to-node=\"26,2,0\" data-index-in-node=\"0\">Serie 9:<\/b> Kirsche Cola, Blaubeere Himbeere, Schwarzer Drache Eis, Regenbogen Bonbon, Fuji Eis, Wassermelone saurer Pfirsich.<\/p>\n<\/li>\n<\/ul>\n<h4 data-path-to-node=\"27\">Serie 10 bis 12: Der Getr\u00e4nkekenner<\/h4>\n<ul data-path-to-node=\"28\">\n<li>\n<p data-path-to-node=\"28,0,0\"><b data-path-to-node=\"28,0,0\" data-index-in-node=\"0\">Serie 10:<\/b> Redbull, Erdbeere Kiwi, Erdbeere Banane, Lychee Eis, Wassermelone Beere, Passionsfrucht Mango.<\/p>\n<\/li>\n<li>\n<p data-path-to-node=\"28,1,0\"><b data-path-to-node=\"28,1,0\" data-index-in-node=\"0\">Serie 11:<\/b> Red Bull Cola Eis, Erdbeere Himbeere Kirsche, Brombeere Drachenfrucht, Zitrone Limette, Himbeere Pomp, Wassermelone Kiwi.<\/p>\n<\/li>\n<li>\n<p data-path-to-node=\"28,2,0\"><b data-path-to-node=\"28,2,0\" data-index-in-node=\"0\">Serie 12:<\/b> Cola Eis, Energydrink, Kirsche Eis, Melone Passionsfrucht, Brombeere Eis, Apfel Kiwi.<\/p>\n<\/li>\n<\/ul>\n<p><img decoding=\"async\" class=\"alignnone wp-image-6642 size-full\" title=\"Bang Leader Stoll 300k Geschmack\" src=\"https:\/\/oiovape.com\/wp-content\/uploads\/2026\/02\/Bang-Leader-Stoll-300k-flavor-scaled.png\" alt=\"Bang Leader Stoll 300k Geschmack\" width=\"1370\" height=\"2560\" srcset=\"https:\/\/oiovape.com\/wp-content\/uploads\/2026\/02\/Bang-Leader-Stoll-300k-flavor-scaled.png 1370w, https:\/\/oiovape.com\/wp-content\/uploads\/2026\/02\/Bang-Leader-Stoll-300k-flavor-161x300.png 161w, https:\/\/oiovape.com\/wp-content\/uploads\/2026\/02\/Bang-Leader-Stoll-300k-flavor-548x1024.png 548w, https:\/\/oiovape.com\/wp-content\/uploads\/2026\/02\/Bang-Leader-Stoll-300k-flavor-768x1435.png 768w, https:\/\/oiovape.com\/wp-content\/uploads\/2026\/02\/Bang-Leader-Stoll-300k-flavor-822x1536.png 822w, https:\/\/oiovape.com\/wp-content\/uploads\/2026\/02\/Bang-Leader-Stoll-300k-flavor-1096x2048.png 1096w, https:\/\/oiovape.com\/wp-content\/uploads\/2026\/02\/Bang-Leader-Stoll-300k-flavor-6x12.png 6w, https:\/\/oiovape.com\/wp-content\/uploads\/2026\/02\/Bang-Leader-Stoll-300k-flavor-1200x2242.png 1200w, https:\/\/oiovape.com\/wp-content\/uploads\/2026\/02\/Bang-Leader-Stoll-300k-flavor-150x280.png 150w\" sizes=\"(max-width: 1370px) 100vw, 1370px\" \/><\/p>\n<h2 data-path-to-node=\"30\">H\u00e4ufig gestellte Fragen (FAQ)<\/h2>\n<h5 data-path-to-node=\"31\">1. Wie funktioniert der 6-in-1-Geschmackswechsel?<\/h5>\n<p data-path-to-node=\"32\">Das Ger\u00e4t ist mit sechs isolierten internen Tanks konstruiert. Mit dem externen Selector k\u00f6nnen Sie sofort zwischen Geschmacksrichtungen wechseln. Da die Luftstr\u00f6me und Kammern getrennt sind, gibt es keine Geschmischung oder \u201cNachgeschmack\u201d aus der vorherigen Auswahl.<\/p>\n<h5 data-path-to-node=\"33\">2. Gilt die Anzahl von 300000 Z\u00fcgen f\u00fcr jede einzelne Geschmacksrichtung?<\/h5>\n<p data-path-to-node=\"34\">Nein, die 300000 Z\u00fcge stellen die <b data-path-to-node=\"34\" data-index-in-node=\"36\">Gesamtkapazit\u00e4t<\/b> des gesamten Ger\u00e4ts dar. Diese Gesamtmenge wird auf die sechs Geschmackskammern verteilt und bietet eine massive Lebensdauer, die Standard-Einwegvapes bei weitem \u00fcbersteigt.<\/p>\n<h5 data-path-to-node=\"35\">3. Muss ich spezielle Kabel zum Aufladen kaufen?<\/h5>\n<p data-path-to-node=\"36\">\u00dcberhaupt nicht. Der Bang Leader Stoll verwendet einen universellen <b data-path-to-node=\"36\" data-index-in-node=\"51\">USB-C-Ladeanschluss<\/b>, den gleichen Standard, der von den meisten modernen Elektronikger\u00e4ten verwendet wird. Dies stellt sicher, dass Sie das Ger\u00e4t problemlos mit Strom versorgen k\u00f6nnen, bis jeder letzte Zug genossen wird.<\/p>\n<h5 data-path-to-node=\"37\">4. Warum eine Mesh-Spule f\u00fcr ein Ger\u00e4t mit so gro\u00dfer Kapazit\u00e4t w\u00e4hlen?<\/h5>\n<p data-path-to-node=\"38\">Die 1,0-Ohm-Mesh-Spule ist f\u00fcr Langlebigkeit und Geschmacksreinheit konzipiert. Sie bietet eine gr\u00f6\u00dfere Heizfl\u00e4che, die den \u201cverbrannten Geschmack\u201d verhindert, der h\u00e4ufig in Hochkapazit\u00e4ts-Vapes gegen Ende ihrer Lebensdauer auftritt, und stellt sicher, dass der 300000. Zug genauso gut ist wie der erste.<\/p>\n<h5 data-path-to-node=\"39\">5. Ist dieses Ger\u00e4t f\u00fcr Gro\u00dfhandel oder Gro\u00dfbestellungen geeignet?<\/h5>\n<p data-path-to-node=\"40\">Absolut. Aufgrund seiner einzigartigen 6-in-1-Funktion und der rekordverd\u00e4chtigen Zuganzahl ist es eine erstklassige Wahl f\u00fcr den <b data-path-to-node=\"40\" data-index-in-node=\"109\">Gro\u00dfhandels-Vape<\/b> Markt und bietet Verbrauchern mehr Wert und Vielfalt in einem einzelnen Kauf als herk\u00f6mmliche Modelle.<\/p>\n<\/div>\n<\/div>\n<\/div>\n<\/div>\n<\/div>\n<\/div>\n<\/div>\n<\/div>\n<\/div>\n<\/div>\n<\/div>\n<\/div>\n<\/div>\n<\/div>\n<\/div>\n<\/div>\n<\/div>\n<\/div>\n<\/div>\n<\/div>\n<\/div>\n<\/div>\n<\/div>\n<\/div>\n<\/div>\n<\/div>\n<\/div>\n<\/div>\n<\/div>\n<\/div>\n<\/div>\n<\/div>\n<\/div>\n<\/div>\n<\/div>\n<\/div>\n<\/div>\n<\/div>\n<\/div>\n<\/div>\n<\/div>\n<\/div>\n<\/div>\n<\/div>\n<\/div>\n<\/div>\n<\/div>\n<\/div>\n<\/div>\n<\/div>\n<\/div>\n<\/div>\n<\/div>\n<\/div>\n<\/div>\n<\/div>\n<\/div>\n<\/div>\n<\/div>\n<\/div>\n<\/div>\n<\/div>\n<\/div>\n<\/div>\n<\/div>\n<\/div>\n<\/div>\n<\/div>\n<\/div>\n<\/div>\n<\/div>\n<\/div>\n<\/div>\n<\/div>\n<\/div>\n<\/div>\n<\/div>\n<\/div>\n<\/div>","protected":false},"excerpt":{"rendered":"<div data-page-id=\"RAopf2sw9dtvw4cWYXpcTwo0n8g\" data-lark-html-role=\"root\" data-docx-has-block-data=\"false\">\n<div class=\"ace-line ace-line old-record-id-Uju9f3RXYd8dh2crAJbcBF3Un6M\">Lernen Sie die Bang Leader Stoll 300000 Puffs E-Zigarette kennen. Sie bietet 72 verschiedene Geschm\u00e4cker aus 12 Serien, von fruchtigen Fusionen bis hin zu eisigen Leckereien. Ausgestattet mit einem 650 mAh Akku, Type-C-Ladung und 1,0 Ohm Widerstand liefert sie sanfte, langanhaltende Dampferlebnisse f\u00fcr jeden Geschmacksliebhaber.<\/div>\n<\/div>","protected":false},"featured_media":6643,"comment_status":"open","ping_status":"closed","template":"","meta":{"_acf_changed":false,"inline_featured_image":false,"_sitemap_exclude":false,"_sitemap_priority":"","_sitemap_frequency":""},"product_brand":[90],"product_cat":[79],"product_tag":[],"class_list":{"0":"post-6630","1":"product","2":"type-product","3":"status-publish","4":"has-post-thumbnail","6":"product_brand-bang","7":"product_cat-bang-puff","9":"first","10":"instock","11":"sale","12":"shipping-taxable","13":"purchasable","14":"product-type-variable","15":"has-default-attributes"},"acf":[],"tiered_pricing_type":"fixed","tiered_pricing_fixed_rules":{"30":9.36,"60":8.58,"100":7.96,"200":7.35},"tiered_pricing_product_settings":{"layout":"default","base_unit_name":{"singular":null,"plural":null},"default_variation":null},"tiered_pricing_minimum_quantity":10,"tiered_pricing_roles_data":[],"tiered_pricing_percentage_rules":[],"tiered_pricing_maximum_quantity":null,"tiered_pricing_quantity_step":"10","_links":{"self":[{"href":"https:\/\/oiovape.com\/de\/wp-json\/wp\/v2\/product\/6630","targetHints":{"allow":["GET"]}}],"collection":[{"href":"https:\/\/oiovape.com\/de\/wp-json\/wp\/v2\/product"}],"about":[{"href":"https:\/\/oiovape.com\/de\/wp-json\/wp\/v2\/types\/product"}],"replies":[{"embeddable":true,"href":"https:\/\/oiovape.com\/de\/wp-json\/wp\/v2\/comments?post=6630"}],"version-history":[{"count":2,"href":"https:\/\/oiovape.com\/de\/wp-json\/wp\/v2\/product\/6630\/revisions"}],"predecessor-version":[{"id":8399,"href":"https:\/\/oiovape.com\/de\/wp-json\/wp\/v2\/product\/6630\/revisions\/8399"}],"wp:featuredmedia":[{"embeddable":true,"href":"https:\/\/oiovape.com\/de\/wp-json\/wp\/v2\/media\/6643"}],"wp:attachment":[{"href":"https:\/\/oiovape.com\/de\/wp-json\/wp\/v2\/media?parent=6630"}],"wp:term":[{"taxonomy":"product_brand","embeddable":true,"href":"https:\/\/oiovape.com\/de\/wp-json\/wp\/v2\/product_brand?post=6630"},{"taxonomy":"product_cat","embeddable":true,"href":"https:\/\/oiovape.com\/de\/wp-json\/wp\/v2\/product_cat?post=6630"},{"taxonomy":"product_tag","embeddable":true,"href":"https:\/\/oiovape.com\/de\/wp-json\/wp\/v2\/product_tag?post=6630"}],"curies":[{"name":"wp","href":"https:\/\/api.w.org\/{rel}","templated":true}]}}