{"id":6687,"date":"2026-02-02T15:18:44","date_gmt":"2026-02-02T07:18:44","guid":{"rendered":"https:\/\/oiovape.com\/?post_type=product&#038;p=6687"},"modified":"2026-04-16T16:18:37","modified_gmt":"2026-04-16T08:18:37","slug":"bang-box-200000-puffs","status":"publish","type":"product","link":"https:\/\/oiovape.com\/de\/product\/bang-box-200000-puffs\/","title":{"rendered":"Bang Box 200000 Z\u00dcGE 8 in 1 Geschmack 850mah Akku Wiederaufladbar Smart Screen Gro\u00dfpackung Einweg Vape"},"content":{"rendered":"<div data-page-id=\"ZVeMfq8uxd7y1ycuKm5cym4LnYd\" data-lark-html-role=\"root\" data-docx-has-block-data=\"false\">\n<div data-page-id=\"Fd41fZ5N9dzRQtcRNoVc2FuDnCh\" data-lark-html-role=\"root\" data-docx-has-block-data=\"true\">\n<div data-page-id=\"BdIJfeeijdk1eucGpS8cDCBBn5c\" data-lark-html-role=\"root\" data-docx-has-block-data=\"false\">\n<div data-page-id=\"Zbg9fWx77dUuh2cIYpic25c8nyd\" data-lark-html-role=\"root\" data-docx-has-block-data=\"false\">\n<div data-page-id=\"KaIvfiurhdlCKdc0kyxcX64cnE6\" data-lark-html-role=\"root\" data-docx-has-block-data=\"true\">\n<div data-page-id=\"PbvFfqxqlddUTScRpEYcY5MHnpf\" data-lark-html-role=\"root\" data-docx-has-block-data=\"true\">\n<div data-page-id=\"GZO2f5JeudwY4jc9iJtcdk9Hnxh\" data-lark-html-role=\"root\" data-docx-has-block-data=\"false\">\n<div data-page-id=\"EZVRf2acFduXLGcseZFc4qH2n6e\" data-lark-html-role=\"root\" data-docx-has-block-data=\"false\">\n<div data-page-id=\"B8rHfcqlqdzmH5cCWCncz17Cntb\" data-lark-html-role=\"root\" data-docx-has-block-data=\"false\">\n<div data-page-id=\"B8rHfcqlqdzmH5cCWCncz17Cntb\" data-lark-html-role=\"root\" data-docx-has-block-data=\"false\">\n<div data-page-id=\"B8rHfcqlqdzmH5cCWCncz17Cntb\" data-lark-html-role=\"root\" data-docx-has-block-data=\"true\">\n<div data-page-id=\"HM70f1aoxdD0bMcxJZBcVc7ynZd\" data-lark-html-role=\"root\" data-docx-has-block-data=\"false\">\n<div data-page-id=\"NSrJfN7Ord22i0c1iwZcsF8yn8b\" data-lark-html-role=\"root\" data-docx-has-block-data=\"false\">\n<div data-page-id=\"RXEff4Mskds8o1cqL5HcGEtUnCh\" data-lark-html-role=\"root\" data-docx-has-block-data=\"false\">\n<div data-page-id=\"KJ7gfqkVndMSRJcMseScmvYwnTc\" data-lark-html-role=\"root\" data-docx-has-block-data=\"false\">\n<div class=\"ace-line ace-line old-record-id-QADAfETPudgmudc05YvcTO5fnxe\">\n<div data-page-id=\"KJ7gfqkVndMSRJcMseScmvYwnTc\" data-lark-html-role=\"root\" data-docx-has-block-data=\"false\">\n<div class=\"ace-line ace-line old-record-id-JoRkfpho8dOkiacEOascDyCOncb\">\n<div data-page-id=\"KJ7gfqkVndMSRJcMseScmvYwnTc\" data-lark-html-role=\"root\" data-docx-has-block-data=\"false\">\n<div data-page-id=\"Ju6ofQ3V4dGmePcVvJvc1gmcnZb\" data-lark-html-role=\"root\" data-docx-has-block-data=\"true\">\n<div data-page-id=\"PR9ife5PLdFabccbFgZcWgZOnTc\" data-lark-html-role=\"root\" data-docx-has-block-data=\"false\">\n<div data-page-id=\"INdrfOIGzdaenXcptrcc1BcznQc\" data-lark-html-role=\"root\" data-docx-has-block-data=\"false\">\n<div class=\"ace-line ace-line old-record-id-P0fIf4YaZdoGkbcxt5ackec2nnb\">\n<div data-page-id=\"INdrfOIGzdaenXcptrcc1BcznQc\" data-lark-html-role=\"root\" data-docx-has-block-data=\"false\">\n<div data-page-id=\"MAzCfUB73dMTQscm8eWcougVn1g\" data-lark-html-role=\"root\" data-docx-has-block-data=\"true\">\n<div data-page-id=\"AXfpf7H1odhDvGcKoUOcErN8nV7\" data-lark-html-role=\"root\" data-docx-has-block-data=\"false\">\n<div data-page-id=\"QYTKf5PvLdUNdbce2nBcW9yfnrh\" data-lark-html-role=\"root\" data-docx-has-block-data=\"false\">\n<div data-page-id=\"Pvu1f1CCBdxbjncA9pgcBTpanph\" data-lark-html-role=\"root\" data-docx-has-block-data=\"true\">\n<div data-page-id=\"Axf3fcmY8dDAhtcjVircBcphnPc\" data-lark-html-role=\"root\" data-docx-has-block-data=\"false\">\n<div data-page-id=\"KKj1f9SPmdLhhMc5E2AcNlLen6f\" data-lark-html-role=\"root\" data-docx-has-block-data=\"true\">\n<div data-page-id=\"Rx61fK1sJdXHjPcBuhZcweNhnwc\" data-lark-html-role=\"root\" data-docx-has-block-data=\"false\">\n<div data-page-id=\"L1H9fkG9Mdz45Fcy4WMc5VKXnRe\" data-lark-html-role=\"root\" data-docx-has-block-data=\"false\">\n<div data-page-id=\"L1H9fkG9Mdz45Fcy4WMc5VKXnRe\" data-lark-html-role=\"root\" data-docx-has-block-data=\"false\">\n<div data-page-id=\"D4XLfVBVrdE8mrcaYizczklLnaf\" data-lark-html-role=\"root\" data-docx-has-block-data=\"false\">\n<div data-page-id=\"WVcifIY44d5mhMcXtyEcTsfenGd\" data-lark-html-role=\"root\" data-docx-has-block-data=\"true\">\n<div data-page-id=\"LRknfa6Whd4DWCcUc0FcNKpJnyh\" data-lark-html-role=\"root\" data-docx-has-block-data=\"false\">\n<div data-page-id=\"LRknfa6Whd4DWCcUc0FcNKpJnyh\" data-lark-html-role=\"root\" data-docx-has-block-data=\"false\">\n<div data-page-id=\"XFRAfkcOEdRWh8cArQ2cJdyRnJf\" data-lark-html-role=\"root\" data-docx-has-block-data=\"true\">\n<div data-page-id=\"OQ3bfjnRddMTDGcC3ouc6xFKnWf\" data-lark-html-role=\"root\" data-docx-has-block-data=\"true\">\n<div data-page-id=\"J0iGfj1hEdjc4rcUdSmc4spMnmZ\" data-lark-html-role=\"root\" data-docx-has-block-data=\"false\">\n<div data-page-id=\"P1o7fFyNlduP8tcfZpQcagzbnIf\" data-lark-html-role=\"root\" data-docx-has-block-data=\"false\">\n<div class=\"ace-line ace-line old-record-id-P1o7fFyNlduP8tcfZpQcagzbnIf\">\n<div data-page-id=\"P1o7fFyNlduP8tcfZpQcagzbnIf\" data-lark-html-role=\"root\" data-docx-has-block-data=\"false\">\n<div data-page-id=\"U4iufW38SdttWKcTstMcTtHRnXc\" data-lark-html-role=\"root\" data-docx-has-block-data=\"true\">\n<div data-page-id=\"ONVMf7VTWddcFtcyATOchCJHnZb\" data-lark-html-role=\"root\" data-docx-has-block-data=\"true\">\n<div data-page-id=\"KoW2fSy0PdLHFlc5kSHcgvWMnYg\" data-lark-html-role=\"root\" data-docx-has-block-data=\"false\">\n<div data-page-id=\"KoW2fSy0PdLHFlc5kSHcgvWMnYg\" data-lark-html-role=\"root\" data-docx-has-block-data=\"false\">\n<div data-page-id=\"OLGhfzxC7d7EFIcLEj9cRT5ynZf\" data-lark-html-role=\"root\" data-docx-has-block-data=\"false\">\n<div data-page-id=\"DdnnfrLjzdqrFIc9Il9c7pA2noc\" data-lark-html-role=\"root\" data-docx-has-block-data=\"true\">\n<div data-page-id=\"KNzcf2o0oddkJOcztTVcqPdlnth\" data-lark-html-role=\"root\" data-docx-has-block-data=\"false\">\n<div data-page-id=\"LBU7fg5SEdkWhecGJoxca3xvnCe\" data-lark-html-role=\"root\" data-docx-has-block-data=\"false\">\n<div data-page-id=\"EB70fooS3d69bMcgWB7c5qb9n8g\" data-lark-html-role=\"root\" data-docx-has-block-data=\"false\">\n<div data-page-id=\"AogwfsZCadB6t0cAvF0cK4JLnvf\" data-lark-html-role=\"root\" data-docx-has-block-data=\"false\">\n<div data-page-id=\"AogwfsZCadB6t0cAvF0cK4JLnvf\" data-lark-html-role=\"root\" data-docx-has-block-data=\"false\">\n<div data-page-id=\"JMZIflNGddQuU0c5JZocSqlvnle\" data-lark-html-role=\"root\" data-docx-has-block-data=\"false\">\n<div data-page-id=\"JMZIflNGddQuU0c5JZocSqlvnle\" data-lark-html-role=\"root\" data-docx-has-block-data=\"true\">\n<div data-page-id=\"HtEafjjRIdPAlMc9zgYcsGy6nOe\" data-lark-html-role=\"root\" data-docx-has-block-data=\"false\">\n<div data-page-id=\"Rhnafz0WTdDeT9c43xxczsbVnJo\" data-lark-html-role=\"root\" data-docx-has-block-data=\"false\">\n<div data-page-id=\"WY0CfKdcTdf4hVcZl67ct5LGncf\" data-lark-html-role=\"root\" data-docx-has-block-data=\"true\">\n<div data-page-id=\"MkB5fF4AVdchovcoPEpc7LqvnOd\" data-lark-html-role=\"root\" data-docx-has-block-data=\"true\">\n<div data-page-id=\"MfbjfZhbhdJdA8cH1dAckqF0n6g\" data-lark-html-role=\"root\" data-docx-has-block-data=\"false\">\n<div class=\"ace-line ace-line old-record-id-W2AHfJLnjd7ugjcRLs1c8BdhnNh\">\n<div data-page-id=\"MfbjfZhbhdJdA8cH1dAckqF0n6g\" data-lark-html-role=\"root\" data-docx-has-block-data=\"false\">\n<div class=\"old-record-id-XXd1feeCZdR2hJc6evocxnh1nOg\">\n<div data-page-id=\"MfbjfZhbhdJdA8cH1dAckqF0n6g\" data-lark-html-role=\"root\" data-docx-has-block-data=\"false\">\n<div data-page-id=\"DE51fYUmxdT3ekcHzc3cGrVQnsc\" data-lark-html-role=\"root\" data-docx-has-block-data=\"false\">\n<div data-page-id=\"YSKdfaZ08dRej3ci5CccQBuOncc\" data-lark-html-role=\"root\" data-docx-has-block-data=\"true\">\n<div data-page-id=\"K6mofQmledamEFcgp1EcVobmnYd\" data-lark-html-role=\"root\" data-docx-has-block-data=\"false\">\n<div data-page-id=\"VTgsfVLdCd9q1ucYcwRcCM0Hnof\" data-lark-html-role=\"root\" data-docx-has-block-data=\"true\">\n<div data-page-id=\"WucKfzp8RdNy8rcMJHncz4Knnac\" data-lark-html-role=\"root\" data-docx-has-block-data=\"true\">\n<div data-page-id=\"IfZ9fDIBLd9b9hcJiqGcLw9Pnmh\" data-lark-html-role=\"root\" data-docx-has-block-data=\"false\">\n<div data-page-id=\"JeU6f3Yq5dbdEHcZDptc5ikcn5c\" data-lark-html-role=\"root\" data-docx-has-block-data=\"true\">\n<div data-page-id=\"E1YjfnB4Jdmtsfc2ZObcu04Un6c\" data-lark-html-role=\"root\" data-docx-has-block-data=\"false\">\n<div data-page-id=\"RQVEfdiOzdqTQKcRcnxcG0Y7nce\" data-lark-html-role=\"root\" data-docx-has-block-data=\"true\">\n<div data-page-id=\"NKc7fbZi9dnOXocdHcScVsXdnmh\" data-lark-html-role=\"root\" data-docx-has-block-data=\"false\">\n<div data-page-id=\"DaE3fgNEwdnbQVc62iqcBK4lnte\" data-lark-html-role=\"root\" data-docx-has-block-data=\"false\">\n<div data-page-id=\"DaE3fgNEwdnbQVc62iqcBK4lnte\" data-lark-html-role=\"root\" data-docx-has-block-data=\"false\">\n<div data-page-id=\"NqSRfcp5SdFQ6ucdStXcbvManpc\" data-lark-html-role=\"root\" data-docx-has-block-data=\"false\">\n<h2 data-path-to-node=\"0\">Bang Box 200000 Z\u00fcge: Ist dies das Ende Ihrer \u201cAngst vor schwachem Akku\u201d?<\/h2>\n<p data-path-to-node=\"1\">In der Welt des Dampfens sind die meisten Ger\u00e4te Sprinter \u2013 gebaut f\u00fcr kurze Leistungssch\u00fcbe. Das <b data-path-to-node=\"1\" data-index-in-node=\"94\">Bang Box 200000 Z\u00fcge<\/b>, ist jedoch ein erfahrener Marathonl\u00e4ufer. Bei <b data-path-to-node=\"1\" data-index-in-node=\"160\">OioVape<\/b>, glauben wir an Produkte, die das Benutzererlebnis grundlegend verbessern, und dieses <b data-path-to-node=\"1\" data-index-in-node=\"249\">200K Vape<\/b> wurde entwickelt, um den Kreislauf st\u00e4ndiger Austausche zu beenden. Es ist nicht nur ein Einwegger\u00e4t; es ist eine hochkapazitive \u201cGeschmacksfestung\u201d in der Handfl\u00e4che.<\/p>\n<p data-path-to-node=\"2\">Mit einem bahnbrechenden <b data-path-to-node=\"2\" data-index-in-node=\"23\">4-Tank-Mesh-Coil<\/b> System stellt das Bang Box 200K sicher, dass die Dampfqualit\u00e4t vom ersten bis zum 200000. Zug knackig und lebendig bleibt. Egal ob Sie auf einer Langstreckenreise sind oder eine hektische Arbeitswoche bew\u00e4ltigen, dieses Ger\u00e4t steht als zuverl\u00e4ssiger Begleiter fest an Ihrer Seite.<\/p>\n<p><img decoding=\"async\" class=\"alignnone wp-image-6699 size-full\" title=\"Bang Box 200k Plakat\" src=\"https:\/\/oiovape.com\/wp-content\/uploads\/2026\/02\/Bang-Box-200k-poster-scaled.png\" alt=\"Bang Box 200k Plakat\" width=\"1440\" height=\"2560\" srcset=\"https:\/\/oiovape.com\/wp-content\/uploads\/2026\/02\/Bang-Box-200k-poster-scaled.png 1440w, https:\/\/oiovape.com\/wp-content\/uploads\/2026\/02\/Bang-Box-200k-poster-169x300.png 169w, https:\/\/oiovape.com\/wp-content\/uploads\/2026\/02\/Bang-Box-200k-poster-576x1024.png 576w, https:\/\/oiovape.com\/wp-content\/uploads\/2026\/02\/Bang-Box-200k-poster-768x1365.png 768w, https:\/\/oiovape.com\/wp-content\/uploads\/2026\/02\/Bang-Box-200k-poster-864x1536.png 864w, https:\/\/oiovape.com\/wp-content\/uploads\/2026\/02\/Bang-Box-200k-poster-1152x2048.png 1152w, https:\/\/oiovape.com\/wp-content\/uploads\/2026\/02\/Bang-Box-200k-poster-7x12.png 7w, https:\/\/oiovape.com\/wp-content\/uploads\/2026\/02\/Bang-Box-200k-poster-1200x2133.png 1200w, https:\/\/oiovape.com\/wp-content\/uploads\/2026\/02\/Bang-Box-200k-poster-150x267.png 150w\" sizes=\"(max-width: 1440px) 100vw, 1440px\" \/><\/p>\n<h2 data-path-to-node=\"4\">Hauptmerkmale: Warum Dampfer zu OioVape f\u00fcr das Bang Box 200000 Z\u00fcge str\u00f6men<\/h2>\n<ul data-path-to-node=\"5\">\n<li>\n<p data-path-to-node=\"5,0,0\"><b data-path-to-node=\"5,0,0\" data-index-in-node=\"0\">8-in-1 Geschmacks-Odyssee<\/b>: Mit vier unabh\u00e4ngigen Tanks k\u00f6nnen Sie zwischen 8 verschiedenen Geschmackskombinationen wechseln \u2013 es ist wie eine Geschmacksbibliothek, die Ihrer Stimmung entspricht.<\/p>\n<\/li>\n<li>\n<p data-path-to-node=\"5,1,0\"><b data-path-to-node=\"5,1,0\" data-index-in-node=\"0\">Ein massives 200000-Zug-Engagement<\/b>: Dies ist der aktuelle H\u00f6hepunkt der Branche. Ein Ger\u00e4t, Monate der Zufriedenheit. Verabschieden Sie sich von der Frustration, nach nur wenigen Tagen ohne Saft dazustehen.<\/p>\n<\/li>\n<li>\n<p data-path-to-node=\"5,2,0\"><b data-path-to-node=\"5,2,0\" data-index-in-node=\"0\">100ml Ultra-gro\u00dfes Reservoir<\/b>: Bestehend aus <b data-path-to-node=\"5,2,0\" data-index-in-node=\"41\">vier 25ml unabh\u00e4ngigen Tanks<\/b>, dieses Design mit physischer Isolierung bewahrt das urspr\u00fcngliche Profil jeder E-Fl\u00fcssigkeit perfekt und verhindert Geschmischung.<\/p>\n<\/li>\n<li>\n<p data-path-to-node=\"5,3,0\"><b data-path-to-node=\"5,3,0\" data-index-in-node=\"0\">Quad-Core-Heizung \u201cBlack Tech\u201d<\/b>: Pr\u00e4zisions-Mesh-Coil-Technologie sorgt f\u00fcr gleichm\u00e4\u00dfiges Heizen und mikroskopische Zerst\u00e4ubung, wodurch sich jeder Zug so glatt wie Seide anf\u00fchlt.<\/p>\n<\/li>\n<li>\n<p data-path-to-node=\"5,4,0\"><b data-path-to-node=\"5,4,0\" data-index-in-node=\"0\">Intelligentes interaktives Dashboard<\/b>: Der farbige LCD-Bildschirm \u00fcberwacht Akku- und \u00d6lst\u00e4nde in Echtzeit. Es ist so pr\u00e4zise wie ein Armaturenbrett eines Autos und gibt Ihnen vollst\u00e4ndige Kontrolle.<\/p>\n<\/li>\n<li>\n<p data-path-to-node=\"5,5,0\"><b data-path-to-node=\"5,5,0\" data-index-in-node=\"0\">Ma\u00dfgeschneiderte Nikotinst\u00e4rken<\/b>: Erh\u00e4ltlich in <b data-path-to-node=\"5,5,0\" data-index-in-node=\"42\">0%, 2%, 3% und 5%<\/b> Optionen. Egal ob Sie aussteigen m\u00f6chten oder einen kr\u00e4ftigen Hit suchen, OioVape hat Sie abgedeckt.<\/p>\n<\/li>\n<li>\n<p data-path-to-node=\"5,6,0\"><b data-path-to-node=\"5,6,0\" data-index-in-node=\"0\">Reine Kobalt-Batterieleistung<\/b>: Die <b data-path-to-node=\"5,6,0\" data-index-in-node=\"31\">850mAh reine Kobalt-Batterie<\/b> unterst\u00fctzt eine stabile 8A-Entladung. In Kombination mit Type-C-Schnellladevorgang wird Ihre Stromversorgung blitzschnell wiederhergestellt.<\/p>\n<\/li>\n<\/ul>\n<h3 data-path-to-node=\"7\">Technische Meisterschaft: Die \u201cHardcore\u201d-Ingenieurtechnik von Bang Box<\/h3>\n<h4 data-path-to-node=\"8\">Warum sich mit Single-Core zufriedengeben, wenn Sie Quad-Core haben k\u00f6nnen?<\/h4>\n<p data-path-to-node=\"9\">Die Heizungsbasis ist die Seele des <b data-path-to-node=\"9\" data-index-in-node=\"36\">Bang Box 200000 Puffs Einweg-Vape<\/b>. Es bietet einen <b data-path-to-node=\"9\" data-index-in-node=\"68\">0,4\u03a9 Dual-Draw-Modus<\/b> f\u00fcr dichte, Cloud-Chaser-Volumen und einen <b data-path-to-node=\"9\" data-index-in-node=\"126\">0,8\u03a9 Single-Draw-Modus<\/b> f\u00fcr reine, enge Geschmackswiederherstellung. Es verlangt nicht, dass Sie Ihre Atemgewohnheiten \u00e4ndern; stattdessen passt sich sein Quad-Core-System jeder Nuance Ihres Atemzugs an.<\/p>\n<h4 data-path-to-node=\"10\">\u00dcberwindung des \u201cEnd-of-Life\u201d-Leistungsabfalls<\/h4>\n<p data-path-to-node=\"11\">Viele Ger\u00e4te verlieren ihren \u201cPunch\u201d, wenn der Akku schwach wird. Jedoch die <b data-path-to-node=\"11\" data-index-in-node=\"72\">17350 reine Kobalt-Batterie<\/b> hier verwendet beh\u00e4lt eine hohe Entladeplattform bei. Selbst bei der letzten Akkuleiste liefert sie einen kraftvollen Hit und stellt sicher, dass der Geschmack nicht verblasst und der Dampf nicht d\u00fcnner wird.<\/p>\n<h3 data-path-to-node=\"13\">Ein Mixologe-Geschmacksmen\u00fc<\/h3>\n<p data-path-to-node=\"14\">Jede Bang Box Serie erh\u00e4ltlich bei <b data-path-to-node=\"14\" data-index-in-node=\"35\">OioVape<\/b> ist ein Meisterwerk der Kuratierung:<\/p>\n<h4 data-path-to-node=\"15\">Die Arctic Berry Serie<\/h4>\n<ul data-path-to-node=\"16\">\n<li>\n<p data-path-to-node=\"16,0,0\"><b data-path-to-node=\"16,0,0\" data-index-in-node=\"0\">Combo 1<\/b>: Blueberry Ice &amp; Blueberry Watermelon &amp; Raspberry &amp; Lemon Lime<\/p>\n<\/li>\n<li>\n<p data-path-to-node=\"16,1,0\"><b data-path-to-node=\"16,1,0\" data-index-in-node=\"0\">Combo 2<\/b>: Watermelon Ice &amp; Watermelon Bubblegum &amp; Cherry Ice &amp; Bubblegum<\/p>\n<\/li>\n<li>\n<p data-path-to-node=\"16,2,0\"><b data-path-to-node=\"16,2,0\" data-index-in-node=\"0\">Combo 3<\/b>: Mint Ice &amp; Blueberry Raspberry Ice &amp; Grape Ice &amp; Nerdz Candy<\/p>\n<\/li>\n<\/ul>\n<h4 data-path-to-node=\"17\">Tropical Carnival Series<\/h4>\n<ul data-path-to-node=\"18\">\n<li>\n<p data-path-to-node=\"18,0,0\"><b data-path-to-node=\"18,0,0\" data-index-in-node=\"0\">Combo 4<\/b>: Triple Honeydew &amp; Love 66 &amp; Passion Fruit &amp; Pineapple Coconut Ice<\/p>\n<\/li>\n<li>\n<p data-path-to-node=\"18,1,0\"><b data-path-to-node=\"18,1,0\" data-index-in-node=\"0\">Combo 5<\/b>: Double Apple &amp; Sour Apple Raspberry &amp; Blackberry Ice &amp; Pineapple Peach<\/p>\n<\/li>\n<li>\n<p data-path-to-node=\"18,2,0\"><b data-path-to-node=\"18,2,0\" data-index-in-node=\"0\">Combo 9<\/b>: Black Dragon Ice &amp; Strawberry Pitaya &amp; Triple Berry &amp; Cherry Cranberry<\/p>\n<\/li>\n<\/ul>\n<h4 data-path-to-node=\"19\">Dessert Orchard Series<\/h4>\n<ul data-path-to-node=\"20\">\n<li>\n<p data-path-to-node=\"20,0,0\"><b data-path-to-node=\"20,0,0\" data-index-in-node=\"0\">Combo 6<\/b>: Strawberry Ice &amp; Strawberry Kiwi &amp; Blue Raspberry Ice &amp; Pink Lemonade<\/p>\n<\/li>\n<li>\n<p data-path-to-node=\"20,1,0\"><b data-path-to-node=\"20,1,0\" data-index-in-node=\"0\">Combo 10<\/b>: Triple Mango &amp; Mango Passion Fruit &amp; Pineapple Ice &amp; Strawberry Mango<\/p>\n<\/li>\n<\/ul>\n<h3 data-path-to-node=\"22\">Beginnen Sie Ihre langfristige Vaping-\u00c4ra bei OioVape<\/h3>\n<p data-path-to-node=\"23\">Wir glauben, dass Premium-Ausr\u00fcstung niemals eine Belastung sein sollte. Das <b data-path-to-node=\"23\" data-index-in-node=\"54\">Bang Box 200000 Z\u00fcge<\/b> schafft ein perfektes Gleichgewicht zwischen \u201cmassiver Kapazit\u00e4t\u201d und \u201cPortabilit\u00e4t\u201d. Mit einem leichten Gewicht von <b data-path-to-node=\"23\" data-index-in-node=\"171\">180g<\/b>, hat es genug Energie, um monatelang zu halten. Bei OioVape verkaufen wir nicht nur Produkte; wir bieten einen sorgenfreien, hochwertigen Lebensstil.<\/p>\n<p><img decoding=\"async\" class=\"alignnone wp-image-6700 size-full\" title=\"Bang Box 200000 Z\u00fcge\" src=\"https:\/\/oiovape.com\/wp-content\/uploads\/2026\/02\/Bang-Box-200000-puffs.jpg\" alt=\"Bang Box 200000 Z\u00fcge\" width=\"1706\" height=\"1279\" srcset=\"https:\/\/oiovape.com\/wp-content\/uploads\/2026\/02\/Bang-Box-200000-puffs.jpg 1706w, https:\/\/oiovape.com\/wp-content\/uploads\/2026\/02\/Bang-Box-200000-puffs-300x225.jpg 300w, https:\/\/oiovape.com\/wp-content\/uploads\/2026\/02\/Bang-Box-200000-puffs-1024x768.jpg 1024w, https:\/\/oiovape.com\/wp-content\/uploads\/2026\/02\/Bang-Box-200000-puffs-768x576.jpg 768w, https:\/\/oiovape.com\/wp-content\/uploads\/2026\/02\/Bang-Box-200000-puffs-1536x1152.jpg 1536w, https:\/\/oiovape.com\/wp-content\/uploads\/2026\/02\/Bang-Box-200000-puffs-16x12.jpg 16w, https:\/\/oiovape.com\/wp-content\/uploads\/2026\/02\/Bang-Box-200000-puffs-1200x900.jpg 1200w, https:\/\/oiovape.com\/wp-content\/uploads\/2026\/02\/Bang-Box-200000-puffs-150x112.jpg 150w\" sizes=\"(max-width: 1706px) 100vw, 1706px\" \/><\/p>\n<h3 data-path-to-node=\"25\">H\u00e4ufig gestellte Fragen (FAQ) \u2013 Bang Box 200K<\/h3>\n<h5 data-path-to-node=\"26\">F1: F\u00fchrt das 8-in-1-Geschmackssystem zu \u201cGeschmacksgeistern\u201d?<\/h5>\n<p data-path-to-node=\"27\">\u00dcberhaupt nicht. Da das Ger\u00e4t <b data-path-to-node=\"27\" data-index-in-node=\"36\">vier physisch separate 25-ml-Tanks<\/b>, verwendet, bleibt jeder Geschmack in seinem eigenen Bereich. Die Technologie der physischen Isolierung stellt sicher, dass Sie nur den Geschmack schmecken, den Sie ausgew\u00e4hlt haben, und beseitigt effektiv unangenehmes Vermischen.<\/p>\n<h5 data-path-to-node=\"28\">F2: Kann es wirklich 20.000 Z\u00fcge halten?<\/h5>\n<p data-path-to-node=\"29\">Ja. Basierend auf der massiven <b data-path-to-node=\"29\" data-index-in-node=\"26\">100ml Gesamtkapazit\u00e4t f\u00fcr E-Liquid<\/b> und des wiederaufladbaren <b data-path-to-node=\"29\" data-index-in-node=\"77\">850mAh Kobalt-Akku<\/b>, seine Lebensdauer ist mehr als 10-mal l\u00e4nger als Standard-Ger\u00e4te mit 15.000 Z\u00fcgen. Die tats\u00e4chliche Dauer h\u00e4ngt von Ihrer individuellen Inhalationstiefe und -h\u00e4ufigkeit ab.<\/p>\n<h5 data-path-to-node=\"30\">F3: Welche Informationen zeigt der LCD-Bildschirm an?<\/h5>\n<p data-path-to-node=\"31\">Der Bildschirm bietet eine Echtzeitanzeige <b data-path-to-node=\"31\" data-index-in-node=\"32\">Batterieprozentsatz<\/b> und die <b data-path-to-node=\"31\" data-index-in-node=\"59\">E-Liquid-F\u00fcllst\u00e4nde f\u00fcr alle vier Tanks<\/b>. Diese digitale Verwaltung nimmt die Raterei aus dem Spiel \u2013 Sie wissen immer genau, wann Sie aufladen oder den Geschmack wechseln m\u00fcssen.<\/p>\n<h5 data-path-to-node=\"32\">F4: Wie oft muss ich es aufladen?<\/h5>\n<p data-path-to-node=\"33\">Das <b data-path-to-node=\"33\" data-index-in-node=\"4\">850mAh reine Kobalt-Batterie<\/b> ist unglaublich effizient. Bei einem moderaten Dampfer h\u00e4lt eine einzelne Ladung normalerweise 1\u20132 Tage. Mit <b data-path-to-node=\"33\" data-index-in-node=\"125\">Typ-C<\/b> Schnellladevorgang k\u00f6nnen Sie in der Zeit, die Sie f\u00fcr eine Tasse Kaffee ben\u00f6tigen, wieder volle Leistung erreichen.<\/p>\n<h5 data-path-to-node=\"34\">F5: Ist der Bang Box von OioVape authentisch?<\/h5>\n<p data-path-to-node=\"35\">Bei <b data-path-to-node=\"35\" data-index-in-node=\"3\">OioVape<\/b>, wir garantieren, dass alle Bang Box Produkte direkt vom Originalersteller bezogen werden. Jedes Ger\u00e4t wird mit einem eindeutigen Anti-F\u00e4lschungs-Code geliefert, um sicherzustellen, dass Sie die echte Quad-Core-Technologie und Sicherheitsstandards erhalten, die Sie erwarten.<\/p>\n<\/div>\n<\/div>\n<\/div>\n<\/div>\n<\/div>\n<\/div>\n<\/div>\n<\/div>\n<\/div>\n<\/div>\n<\/div>\n<\/div>\n<\/div>\n<\/div>\n<\/div>\n<\/div>\n<\/div>\n<\/div>\n<\/div>\n<\/div>\n<\/div>\n<\/div>\n<\/div>\n<\/div>\n<\/div>\n<\/div>\n<\/div>\n<\/div>\n<\/div>\n<\/div>\n<\/div>\n<\/div>\n<\/div>\n<\/div>\n<\/div>\n<\/div>\n<\/div>\n<\/div>\n<\/div>\n<\/div>\n<\/div>\n<\/div>\n<\/div>\n<\/div>\n<\/div>\n<\/div>\n<\/div>\n<\/div>\n<\/div>\n<\/div>\n<\/div>\n<\/div>\n<\/div>\n<\/div>\n<\/div>\n<\/div>\n<\/div>\n<\/div>\n<\/div>\n<\/div>\n<\/div>\n<\/div>\n<\/div>\n<\/div>\n<\/div>\n<\/div>\n<\/div>\n<\/div>\n<\/div>\n<\/div>\n<\/div>\n<\/div>\n<\/div>\n<\/div>\n<\/div>\n<\/div>\n<\/div>\n<\/div>","protected":false},"excerpt":{"rendered":"<div data-page-id=\"RAopf2sw9dtvw4cWYXpcTwo0n8g\" data-lark-html-role=\"root\" data-docx-has-block-data=\"false\">\n<div class=\"ace-line ace-line old-record-id-Uju9f3RXYd8dh2crAJbcBF3Un6M\">\n<div data-page-id=\"Dd8gfe2wRdT66jcgnqtcUwg5ndh\" data-lark-html-role=\"root\" data-docx-has-block-data=\"false\">\n<div class=\"ace-line ace-line old-record-id-FiRZf3qXpdK0RqcHt8wcxPTon8b\">Bang Box 200000 Z\u00fcge zeichnet sich durch vielf\u00e4ltige Geschmacksrichtungen in 10 Serien aus. Ausgestattet mit einer zuverl\u00e4ssigen reinen Kobalt-Batterie und Type-C-Ladung verf\u00fcgt es \u00fcber einen LCD-Bildschirm zur Anzeige von \u00d6l und Strom. Seine Mesh-Spule und der Quad-Core-Heizmechanismus sorgen f\u00fcr einen sanften Dampf und machen es zu einer tragbaren und befriedigenden Wahl f\u00fcr Dampfer.<\/div>\n<\/div>\n<\/div>\n<\/div>","protected":false},"featured_media":6701,"comment_status":"open","ping_status":"closed","template":"","meta":{"_acf_changed":false,"inline_featured_image":false,"_sitemap_exclude":false,"_sitemap_priority":"","_sitemap_frequency":""},"product_brand":[90],"product_cat":[79],"product_tag":[],"class_list":{"0":"post-6687","1":"product","2":"type-product","3":"status-publish","4":"has-post-thumbnail","6":"product_brand-bang","7":"product_cat-bang-puff","9":"first","10":"instock","11":"sale","12":"shipping-taxable","13":"purchasable","14":"product-type-variable","15":"has-default-attributes"},"acf":[],"tiered_pricing_type":"fixed","tiered_pricing_fixed_rules":{"30":9.25,"60":8.23,"100":7.89,"200":7.25},"tiered_pricing_product_settings":{"layout":"default","base_unit_name":{"singular":null,"plural":null},"default_variation":null},"tiered_pricing_minimum_quantity":10,"tiered_pricing_roles_data":[],"tiered_pricing_percentage_rules":[],"tiered_pricing_maximum_quantity":null,"tiered_pricing_quantity_step":"10","_links":{"self":[{"href":"https:\/\/oiovape.com\/de\/wp-json\/wp\/v2\/product\/6687","targetHints":{"allow":["GET"]}}],"collection":[{"href":"https:\/\/oiovape.com\/de\/wp-json\/wp\/v2\/product"}],"about":[{"href":"https:\/\/oiovape.com\/de\/wp-json\/wp\/v2\/types\/product"}],"replies":[{"embeddable":true,"href":"https:\/\/oiovape.com\/de\/wp-json\/wp\/v2\/comments?post=6687"}],"version-history":[{"count":0,"href":"https:\/\/oiovape.com\/de\/wp-json\/wp\/v2\/product\/6687\/revisions"}],"wp:featuredmedia":[{"embeddable":true,"href":"https:\/\/oiovape.com\/de\/wp-json\/wp\/v2\/media\/6701"}],"wp:attachment":[{"href":"https:\/\/oiovape.com\/de\/wp-json\/wp\/v2\/media?parent=6687"}],"wp:term":[{"taxonomy":"product_brand","embeddable":true,"href":"https:\/\/oiovape.com\/de\/wp-json\/wp\/v2\/product_brand?post=6687"},{"taxonomy":"product_cat","embeddable":true,"href":"https:\/\/oiovape.com\/de\/wp-json\/wp\/v2\/product_cat?post=6687"},{"taxonomy":"product_tag","embeddable":true,"href":"https:\/\/oiovape.com\/de\/wp-json\/wp\/v2\/product_tag?post=6687"}],"curies":[{"name":"wp","href":"https:\/\/api.w.org\/{rel}","templated":true}]}}