{"id":6770,"date":"2026-02-06T10:42:57","date_gmt":"2026-02-06T02:42:57","guid":{"rendered":"https:\/\/oiovape.com\/?post_type=product&#038;p=6770"},"modified":"2026-03-02T18:01:45","modified_gmt":"2026-03-02T10:01:45","slug":"elf-bar-ice-king-30000-puffs","status":"publish","type":"product","link":"https:\/\/oiovape.com\/de\/product\/elf-bar-ice-king-30000-puffs\/","title":{"rendered":"Elf Bar Ice King 30000 PUFFS Einstellbare K\u00fchle Bulk Vape mit 850mAh Akku wiederaufladbar"},"content":{"rendered":"<div data-page-id=\"ZVeMfq8uxd7y1ycuKm5cym4LnYd\" data-lark-html-role=\"root\" data-docx-has-block-data=\"false\">\n<div data-page-id=\"Fd41fZ5N9dzRQtcRNoVc2FuDnCh\" data-lark-html-role=\"root\" data-docx-has-block-data=\"true\">\n<div data-page-id=\"BdIJfeeijdk1eucGpS8cDCBBn5c\" data-lark-html-role=\"root\" data-docx-has-block-data=\"false\">\n<div data-page-id=\"Zbg9fWx77dUuh2cIYpic25c8nyd\" data-lark-html-role=\"root\" data-docx-has-block-data=\"false\">\n<div data-page-id=\"KaIvfiurhdlCKdc0kyxcX64cnE6\" data-lark-html-role=\"root\" data-docx-has-block-data=\"true\">\n<div data-page-id=\"PbvFfqxqlddUTScRpEYcY5MHnpf\" data-lark-html-role=\"root\" data-docx-has-block-data=\"true\">\n<div data-page-id=\"GZO2f5JeudwY4jc9iJtcdk9Hnxh\" data-lark-html-role=\"root\" data-docx-has-block-data=\"false\">\n<div data-page-id=\"EZVRf2acFduXLGcseZFc4qH2n6e\" data-lark-html-role=\"root\" data-docx-has-block-data=\"false\">\n<div data-page-id=\"B8rHfcqlqdzmH5cCWCncz17Cntb\" data-lark-html-role=\"root\" data-docx-has-block-data=\"false\">\n<div data-page-id=\"B8rHfcqlqdzmH5cCWCncz17Cntb\" data-lark-html-role=\"root\" data-docx-has-block-data=\"false\">\n<div data-page-id=\"B8rHfcqlqdzmH5cCWCncz17Cntb\" data-lark-html-role=\"root\" data-docx-has-block-data=\"true\">\n<div data-page-id=\"HM70f1aoxdD0bMcxJZBcVc7ynZd\" data-lark-html-role=\"root\" data-docx-has-block-data=\"false\">\n<div data-page-id=\"NSrJfN7Ord22i0c1iwZcsF8yn8b\" data-lark-html-role=\"root\" data-docx-has-block-data=\"false\">\n<div data-page-id=\"RXEff4Mskds8o1cqL5HcGEtUnCh\" data-lark-html-role=\"root\" data-docx-has-block-data=\"false\">\n<div data-page-id=\"KJ7gfqkVndMSRJcMseScmvYwnTc\" data-lark-html-role=\"root\" data-docx-has-block-data=\"false\">\n<div class=\"ace-line ace-line old-record-id-QADAfETPudgmudc05YvcTO5fnxe\">\n<div data-page-id=\"KJ7gfqkVndMSRJcMseScmvYwnTc\" data-lark-html-role=\"root\" data-docx-has-block-data=\"false\">\n<div class=\"ace-line ace-line old-record-id-JoRkfpho8dOkiacEOascDyCOncb\">\n<div data-page-id=\"KJ7gfqkVndMSRJcMseScmvYwnTc\" data-lark-html-role=\"root\" data-docx-has-block-data=\"false\">\n<div data-page-id=\"Ju6ofQ3V4dGmePcVvJvc1gmcnZb\" data-lark-html-role=\"root\" data-docx-has-block-data=\"true\">\n<div data-page-id=\"PR9ife5PLdFabccbFgZcWgZOnTc\" data-lark-html-role=\"root\" data-docx-has-block-data=\"false\">\n<div data-page-id=\"INdrfOIGzdaenXcptrcc1BcznQc\" data-lark-html-role=\"root\" data-docx-has-block-data=\"false\">\n<div class=\"ace-line ace-line old-record-id-P0fIf4YaZdoGkbcxt5ackec2nnb\">\n<div data-page-id=\"INdrfOIGzdaenXcptrcc1BcznQc\" data-lark-html-role=\"root\" data-docx-has-block-data=\"false\">\n<div data-page-id=\"MAzCfUB73dMTQscm8eWcougVn1g\" data-lark-html-role=\"root\" data-docx-has-block-data=\"true\">\n<div data-page-id=\"AXfpf7H1odhDvGcKoUOcErN8nV7\" data-lark-html-role=\"root\" data-docx-has-block-data=\"false\">\n<div data-page-id=\"QYTKf5PvLdUNdbce2nBcW9yfnrh\" data-lark-html-role=\"root\" data-docx-has-block-data=\"false\">\n<div data-page-id=\"Pvu1f1CCBdxbjncA9pgcBTpanph\" data-lark-html-role=\"root\" data-docx-has-block-data=\"true\">\n<div data-page-id=\"Axf3fcmY8dDAhtcjVircBcphnPc\" data-lark-html-role=\"root\" data-docx-has-block-data=\"false\">\n<div data-page-id=\"KKj1f9SPmdLhhMc5E2AcNlLen6f\" data-lark-html-role=\"root\" data-docx-has-block-data=\"true\">\n<div data-page-id=\"Rx61fK1sJdXHjPcBuhZcweNhnwc\" data-lark-html-role=\"root\" data-docx-has-block-data=\"false\">\n<div data-page-id=\"L1H9fkG9Mdz45Fcy4WMc5VKXnRe\" data-lark-html-role=\"root\" data-docx-has-block-data=\"false\">\n<div data-page-id=\"L1H9fkG9Mdz45Fcy4WMc5VKXnRe\" data-lark-html-role=\"root\" data-docx-has-block-data=\"false\">\n<div data-page-id=\"D4XLfVBVrdE8mrcaYizczklLnaf\" data-lark-html-role=\"root\" data-docx-has-block-data=\"false\">\n<div data-page-id=\"WVcifIY44d5mhMcXtyEcTsfenGd\" data-lark-html-role=\"root\" data-docx-has-block-data=\"true\">\n<div data-page-id=\"LRknfa6Whd4DWCcUc0FcNKpJnyh\" data-lark-html-role=\"root\" data-docx-has-block-data=\"false\">\n<div data-page-id=\"LRknfa6Whd4DWCcUc0FcNKpJnyh\" data-lark-html-role=\"root\" data-docx-has-block-data=\"false\">\n<div data-page-id=\"XFRAfkcOEdRWh8cArQ2cJdyRnJf\" data-lark-html-role=\"root\" data-docx-has-block-data=\"true\">\n<div data-page-id=\"OQ3bfjnRddMTDGcC3ouc6xFKnWf\" data-lark-html-role=\"root\" data-docx-has-block-data=\"true\">\n<div data-page-id=\"J0iGfj1hEdjc4rcUdSmc4spMnmZ\" data-lark-html-role=\"root\" data-docx-has-block-data=\"false\">\n<div data-page-id=\"P1o7fFyNlduP8tcfZpQcagzbnIf\" data-lark-html-role=\"root\" data-docx-has-block-data=\"false\">\n<div class=\"ace-line ace-line old-record-id-P1o7fFyNlduP8tcfZpQcagzbnIf\">\n<div data-page-id=\"P1o7fFyNlduP8tcfZpQcagzbnIf\" data-lark-html-role=\"root\" data-docx-has-block-data=\"false\">\n<div data-page-id=\"U4iufW38SdttWKcTstMcTtHRnXc\" data-lark-html-role=\"root\" data-docx-has-block-data=\"true\">\n<div data-page-id=\"ONVMf7VTWddcFtcyATOchCJHnZb\" data-lark-html-role=\"root\" data-docx-has-block-data=\"true\">\n<div data-page-id=\"KoW2fSy0PdLHFlc5kSHcgvWMnYg\" data-lark-html-role=\"root\" data-docx-has-block-data=\"false\">\n<div data-page-id=\"KoW2fSy0PdLHFlc5kSHcgvWMnYg\" data-lark-html-role=\"root\" data-docx-has-block-data=\"false\">\n<div data-page-id=\"OLGhfzxC7d7EFIcLEj9cRT5ynZf\" data-lark-html-role=\"root\" data-docx-has-block-data=\"false\">\n<div data-page-id=\"DdnnfrLjzdqrFIc9Il9c7pA2noc\" data-lark-html-role=\"root\" data-docx-has-block-data=\"true\">\n<div data-page-id=\"KNzcf2o0oddkJOcztTVcqPdlnth\" data-lark-html-role=\"root\" data-docx-has-block-data=\"false\">\n<div data-page-id=\"LBU7fg5SEdkWhecGJoxca3xvnCe\" data-lark-html-role=\"root\" data-docx-has-block-data=\"false\">\n<div data-page-id=\"EB70fooS3d69bMcgWB7c5qb9n8g\" data-lark-html-role=\"root\" data-docx-has-block-data=\"false\">\n<div data-page-id=\"AogwfsZCadB6t0cAvF0cK4JLnvf\" data-lark-html-role=\"root\" data-docx-has-block-data=\"false\">\n<div data-page-id=\"AogwfsZCadB6t0cAvF0cK4JLnvf\" data-lark-html-role=\"root\" data-docx-has-block-data=\"false\">\n<div data-page-id=\"JMZIflNGddQuU0c5JZocSqlvnle\" data-lark-html-role=\"root\" data-docx-has-block-data=\"false\">\n<div data-page-id=\"JMZIflNGddQuU0c5JZocSqlvnle\" data-lark-html-role=\"root\" data-docx-has-block-data=\"true\">\n<div data-page-id=\"HtEafjjRIdPAlMc9zgYcsGy6nOe\" data-lark-html-role=\"root\" data-docx-has-block-data=\"false\">\n<div data-page-id=\"Rhnafz0WTdDeT9c43xxczsbVnJo\" data-lark-html-role=\"root\" data-docx-has-block-data=\"false\">\n<div data-page-id=\"WY0CfKdcTdf4hVcZl67ct5LGncf\" data-lark-html-role=\"root\" data-docx-has-block-data=\"true\">\n<div data-page-id=\"MkB5fF4AVdchovcoPEpc7LqvnOd\" data-lark-html-role=\"root\" data-docx-has-block-data=\"true\">\n<div data-page-id=\"MfbjfZhbhdJdA8cH1dAckqF0n6g\" data-lark-html-role=\"root\" data-docx-has-block-data=\"false\">\n<div class=\"ace-line ace-line old-record-id-W2AHfJLnjd7ugjcRLs1c8BdhnNh\">\n<div data-page-id=\"MfbjfZhbhdJdA8cH1dAckqF0n6g\" data-lark-html-role=\"root\" data-docx-has-block-data=\"false\">\n<div class=\"old-record-id-XXd1feeCZdR2hJc6evocxnh1nOg\">\n<div data-page-id=\"MfbjfZhbhdJdA8cH1dAckqF0n6g\" data-lark-html-role=\"root\" data-docx-has-block-data=\"false\">\n<div data-page-id=\"DE51fYUmxdT3ekcHzc3cGrVQnsc\" data-lark-html-role=\"root\" data-docx-has-block-data=\"false\">\n<div data-page-id=\"YSKdfaZ08dRej3ci5CccQBuOncc\" data-lark-html-role=\"root\" data-docx-has-block-data=\"true\">\n<div data-page-id=\"K6mofQmledamEFcgp1EcVobmnYd\" data-lark-html-role=\"root\" data-docx-has-block-data=\"false\">\n<div data-page-id=\"VTgsfVLdCd9q1ucYcwRcCM0Hnof\" data-lark-html-role=\"root\" data-docx-has-block-data=\"true\">\n<div data-page-id=\"WucKfzp8RdNy8rcMJHncz4Knnac\" data-lark-html-role=\"root\" data-docx-has-block-data=\"true\">\n<div data-page-id=\"IfZ9fDIBLd9b9hcJiqGcLw9Pnmh\" data-lark-html-role=\"root\" data-docx-has-block-data=\"false\">\n<div data-page-id=\"JeU6f3Yq5dbdEHcZDptc5ikcn5c\" data-lark-html-role=\"root\" data-docx-has-block-data=\"true\">\n<div data-page-id=\"E1YjfnB4Jdmtsfc2ZObcu04Un6c\" data-lark-html-role=\"root\" data-docx-has-block-data=\"false\">\n<div data-page-id=\"RQVEfdiOzdqTQKcRcnxcG0Y7nce\" data-lark-html-role=\"root\" data-docx-has-block-data=\"true\">\n<div data-page-id=\"NKc7fbZi9dnOXocdHcScVsXdnmh\" data-lark-html-role=\"root\" data-docx-has-block-data=\"false\">\n<div data-page-id=\"DaE3fgNEwdnbQVc62iqcBK4lnte\" data-lark-html-role=\"root\" data-docx-has-block-data=\"false\">\n<div data-page-id=\"DaE3fgNEwdnbQVc62iqcBK4lnte\" data-lark-html-role=\"root\" data-docx-has-block-data=\"false\">\n<div data-page-id=\"NqSRfcp5SdFQ6ucdStXcbvManpc\" data-lark-html-role=\"root\" data-docx-has-block-data=\"false\">\n<div data-page-id=\"KydBfoEuudJNYhcgRdAc3aeUn7c\" data-lark-html-role=\"root\" data-docx-has-block-data=\"true\">\n<div data-page-id=\"SIqXfR5ipd7jWpczA5RcYkWInfd\" data-lark-html-role=\"root\" data-docx-has-block-data=\"false\">\n<h2 class=\"heading-2 ace-line old-record-id-F610fklZXdUvm8cxgMYc6sftnDc\">Was macht den Elf Bar Ice King 30000 Z\u00fcge besonders?<\/h2>\n<div class=\"ace-line ace-line old-record-id-Z18dfiNDldrAr5cftNqcPsDvnch\">Die Wahl eines Einweg-Vapes bedeutet, Bequemlichkeit, Geschmack und Leistung in Einklang zu bringen \u2013 und der Elf Bar Ice King erf\u00fcllt all diese Kriterien und mehr. Hier ist der Grund, warum es Ihr n\u00e4chstes Lieblingsger\u00e4t sein sollte:<\/div>\n<ul class=\"list-bullet1\">\n<li class=\"ace-line ace-line old-record-id-Riemf555pdYgkfcA60ecBdXan2e\" data-list=\"bullet\">\n<div>\u2705 <strong>Langanhaltender Genuss<\/strong>: Mit 30000 Z\u00fcgen pro Ger\u00e4t m\u00fcssen Sie sich keine Sorgen machen, dass Ihnen Ihr Lieblingsgeschmack mitten am Tag ausgeht. Es ist perfekt f\u00fcr den t\u00e4glichen Gebrauch, Reisen oder sogar als Backup-Vape.<\/div>\n<\/li>\n<li class=\"ace-line ace-line old-record-id-SV2qfWkatdTtv3cSyRkcG1Wdnfe\" data-list=\"bullet\">\n<div>\u2705 <strong>Reichhaltiger, sanfter Dampf<\/strong>: Die Dual-Mesh-Spule liefert bei jedem Zug konsistenten, sanften Dampf und bringt die volle Tiefe jedes Geschmacks zur Geltung, ohne jegliche Sch\u00e4rfe.<\/div>\n<\/li>\n<li class=\"ace-line ace-line old-record-id-LiQofQPdAdFUgucUHIJcjlrwn9c\" data-list=\"bullet\">\n<div>\u2705 <strong>Anpassbare K\u00fchle<\/strong>: Im Gegensatz zu den meisten Einwegger\u00e4ten bietet dieses Ger\u00e4t eine 5-stufige einstellbare K\u00fchle. Sie k\u00f6nnen es an Ihre Stimmung anpassen \u2013 ob Sie eine milde Erfrischung oder einen eisigen Kick w\u00fcnschen.<\/div>\n<\/li>\n<li class=\"ace-line ace-line old-record-id-MbugfDXL3dOy4cc0ZD8cyccWndd\" data-list=\"bullet\">\n<div>\u2705 <strong>Praktisch &amp; Wiederaufladbar<\/strong>: Ausgestattet mit einem 850mAh wiederaufladbaren Akku und Type-C-Ladung k\u00f6nnen Sie es schnell aufladen und ohne Probleme weiter dampfen. Kein Bedarf, zus\u00e4tzliche Batterien oder Ladeger\u00e4te mitzunehmen.<\/div>\n<\/li>\n<li class=\"ace-line ace-line old-record-id-Zj25fiH0Odmyt5cSzuHc0wiXnGb\" data-list=\"bullet\">\n<div>\u2705 <strong>Reichlich E-Liquid<\/strong>: 23ml E-Liquid sorgen daf\u00fcr, dass Sie das Beste aus Ihrem Ger\u00e4t herausholen, kombiniert mit 5% Nikotin f\u00fcr einen befriedigenden Zug, der den Vorlieben der meisten Dampfer entspricht.<\/div>\n<\/li>\n<\/ul>\n<p><img decoding=\"async\" class=\"alignnone wp-image-6781 size-full\" title=\"ELFBAR Iceking 5-stufig einstellbare K\u00fchle\" src=\"https:\/\/oiovape.com\/wp-content\/uploads\/2026\/02\/ELFBAR-Iceking-5-level-adjustable-coolness.gif\" alt=\"ELFBAR Iceking 5-stufig einstellbare K\u00fchle\" width=\"1080\" height=\"1080\" \/><\/p>\n<h2 class=\"heading-2 ace-line old-record-id-ZmZdfWGxOdSkl0cX746c919lnqZ\">\nEntdecken Sie die k\u00f6stliche Geschmacksvielfalt \ud83c\udf67<\/h2>\n<div class=\"ace-line ace-line old-record-id-G7qRffz7HdpDmFc8QNQc56UGnzM\">Der Elf Bar Ice King 30000 Z\u00fcge bietet 10 erstaunliche Geschm\u00e4cker, die alle darauf ausgelegt sind, ein einzigartiges und angenehmes Dampferlebnis zu bieten. Von fruchtigen Mischungen bis hin zu eisigen Leckereien ist f\u00fcr jeden Geschmack etwas dabei. Lassen Sie uns die herausragenden Optionen erkunden:<\/div>\n<h3 class=\"heading-3 ace-line old-record-id-OUN9fWk1XdCLI5cdFsqcUKKknSg\">Fruchtige Favoriten<\/h3>\n<h4 class=\"heading-4 ace-line old-record-id-GSf3fxKdWd1OX3cmvzWc1QbLn7d\">Gemischte Beeren<\/h4>\n<div class=\"ace-line ace-line old-record-id-GEC9fDKkCdsoq2cdlY1chg74nNg\">Eine lebendige Mischung aus reifen Beeren, die s\u00fc\u00dfe und herbe Noten kombiniert f\u00fcr einen erfrischenden Zug, der sich anf\u00fchlt, als w\u00fcrde man in eine Sch\u00fcssel frischer Fr\u00fcchte bei\u00dfen.<\/div>\n<h4 class=\"heading-4 ace-line old-record-id-JYRLfz2QUd2DkwcPgjocEXdOnWc\">Ribena Lychee<\/h4>\n<div class=\"ace-line ace-line old-record-id-UuOmfvK4udWSX3czOytcBmAKn3d\">Die klassische S\u00fc\u00dfe von Ribena trifft auf den exotischen Geschmack der Lychee und schafft eine glatte, fruchtige Mischung, die sowohl vertraut als auch aufregend ist \u2013 perfekt f\u00fcr Fans von kr\u00e4ftigen, fruchtigen Geschm\u00e4ckern.<\/div>\n<h4 class=\"heading-4 ace-line old-record-id-FhU7fR1OMddc1Octr70cpnJPnpf\">Erdbeer Kiwi Eis<\/h4>\n<div class=\"ace-line ace-line old-record-id-V1oUfEVwGdBMWacSrZ5cGPCOnz1\">S\u00fc\u00dfe, saftige Erdbeeren paaren sich mit herber Kiwi, abgerundet mit einem leichten eisigen Kick, der die Fruchtigkeit ausgleicht und eine knackige Note hinzuf\u00fcgt.<\/div>\n<h4 class=\"heading-4 ace-line old-record-id-VPpqfI71MdUpLXcoRqxcVZ4dnMb\">Erdbeere Wassermelone<\/h4>\n<div class=\"ace-line ace-line old-record-id-VUiwfWJggdG02pcTuqccgZ25npc\">Zwei beliebte Geschm\u00e4cker kommen zusammen: reife Erdbeere und saftige Wassermelone, die eine s\u00fc\u00dfe, sommerliche Mischung schaffen, die leicht und den ganzen Tag \u00fcber angenehm zu dampfen ist.<\/div>\n<h4 class=\"heading-4 ace-line old-record-id-TAI5fTLWLd812wcLRa1ceYN0nSR\">Brombeere<\/h4>\n<div class=\"ace-line ace-line old-record-id-WjPdfT67advnsMc7SCUcjdUKnNh\">Reichhaltige, pralle Brombeeren stehen hier im Mittelpunkt und bieten einen tiefen, s\u00fc\u00df-sauren Geschmack, der glatt und befriedigend ist \u2013 keine zus\u00e4tzlichen Spielereien, nur pure Brombeerg\u00fcte.<\/div>\n<h4 class=\"heading-4 ace-line old-record-id-DhCXfYV8bdug1acEjHUchvennKg\">Blaue Himbeere Wassermelone<\/h4>\n<div class=\"ace-line ace-line old-record-id-KYx1fvuCydnQ7FcpOgRcyPLEn0c\">Herbe blaue Himbeere mischt sich mit s\u00fc\u00dfer Wassermelone f\u00fcr eine lustige, fruchtige Kombination, die hell und erfrischend ist, mit einem Hauch von S\u00fc\u00dfe, der am Gaumen verweilt.<\/div>\n<h3 class=\"heading-3 ace-line old-record-id-CulAfwePRdV4LHcUTL7cXYOHn3g\">Eisige K\u00f6stlichkeiten \u2744\ufe0f<\/h3>\n<h4 class=\"heading-4 ace-line old-record-id-UebyfsbaUdsmgAcx93cclB1fnpk\">Cola-Eis<\/h4>\n<div class=\"ace-line ace-line old-record-id-RO5gfVOoRd7OjvcHfPZcwWYOn80\">Der ikonische Geschmack von Cola erh\u00e4lt eine coole Wendung \u2013 glatter, sprudelnder Cola-Geschmack kombiniert mit einem Hauch von Eis, der ein nostalgisches, aber erfrischendes Dampferlebnis schafft, das perfekt f\u00fcr hei\u00dfe Tage ist.<\/div>\n<h4 class=\"heading-4 ace-line old-record-id-RBVTfD6NCdJbv6cCLPscgjHznZc\">Blaubeereis<\/h4>\n<div class=\"ace-line ace-line old-record-id-QOaXfqFxZd70tUczx9ycQQTOnog\">S\u00fc\u00dfe, saftige Blaubeeren treffen auf einen knackigen, eisigen Abschluss, der die nat\u00fcrliche S\u00fc\u00dfe der Frucht mit einem k\u00fchlenden Gef\u00fchl ausgleicht, das jeden Zug belebend macht.<\/div>\n<h4 class=\"heading-4 ace-line old-record-id-QhptfAVOfd8OX2cVgtBcapGWnSf\">Traube Eis<\/h4>\n<div class=\"ace-line ace-line old-record-id-E5khf10UmdnpSNcQ073czZzZnYd\">Saftige, reife Trauben mit einem Hauch von S\u00fc\u00dfe, abgerundet mit einem Blast von Eis. Es ist ein klassischer eisiger Fruchtgeschmack, der glatt und nie \u00fcberw\u00e4ltigend ist.<\/div>\n<h4 class=\"heading-4 ace-line old-record-id-ZjvvfI4grdBIHrcG4k7cVE3Dnjg\">Wassermelone Eis<\/h4>\n<div class=\"ace-line ace-line old-record-id-Yr0efzkXOdxu5CcVBWIcfxRdnCe\">Frischer, s\u00fc\u00dfer Wassermelonen-Geschmack kombiniert mit einem starken eisigen Kick \u2013 einfach, erfrischend und perfekt f\u00fcr jeden, der den Geschmack reifer Wassermelone an einem hei\u00dfen Tag liebt.<br \/>\n<img decoding=\"async\" class=\"alignnone wp-image-6782 size-full\" title=\"ELF BAR ICE KING 30K Detail\" src=\"https:\/\/oiovape.com\/wp-content\/uploads\/2026\/02\/ELF-BAR-ICE-KING-30K-Detail.png\" alt=\"ELF BAR ICE KING 30K Detail\" width=\"1102\" height=\"620\" srcset=\"https:\/\/oiovape.com\/wp-content\/uploads\/2026\/02\/ELF-BAR-ICE-KING-30K-Detail.png 1102w, https:\/\/oiovape.com\/wp-content\/uploads\/2026\/02\/ELF-BAR-ICE-KING-30K-Detail-300x169.png 300w, https:\/\/oiovape.com\/wp-content\/uploads\/2026\/02\/ELF-BAR-ICE-KING-30K-Detail-1024x576.png 1024w, https:\/\/oiovape.com\/wp-content\/uploads\/2026\/02\/ELF-BAR-ICE-KING-30K-Detail-768x432.png 768w, https:\/\/oiovape.com\/wp-content\/uploads\/2026\/02\/ELF-BAR-ICE-KING-30K-Detail-18x10.png 18w, https:\/\/oiovape.com\/wp-content\/uploads\/2026\/02\/ELF-BAR-ICE-KING-30K-Detail-150x84.png 150w\" sizes=\"(max-width: 1102px) 100vw, 1102px\" \/><\/p>\n<\/div>\n<h2 class=\"heading-2 ace-line old-record-id-IRvwfnezwdgJUMciOkXcUZvWnod\">Wichtige Spezifikationen, die Sie wissen sollten<\/h2>\n<div class=\"ace-line ace-line old-record-id-SLUhfuczqdOex9cu2ckcfiKlnvh\">Neben Geschmack und Bequemlichkeit kommt der Elf Bar Ice King 30000 Z\u00fcge mit erstklassigen Spezifikationen, die ihn zu einer zuverl\u00e4ssigen Wahl machen:<\/div>\n<ul class=\"list-bullet1\">\n<li class=\"ace-line ace-line old-record-id-TnKFfsYIMd1pU1caF9Vc3eMunVg\" data-list=\"bullet\">\n<div>Nikotinst\u00e4rke: 5% (perfekt f\u00fcr einen befriedigenden Zug, ohne \u00fcberw\u00e4ltigend zu sein)<\/div>\n<\/li>\n<li class=\"ace-line ace-line old-record-id-Oc3cf5zWbdoBD5c8e2ncSCndnwc\" data-list=\"bullet\">\n<div>E-Liquid-Kapazit\u00e4t: 23ml (ausreichend f\u00fcr langanhaltenden Gebrauch)<\/div>\n<\/li>\n<li class=\"ace-line ace-line old-record-id-TlQ4fpXItdmj2gcB8xDcVvtpnUn\" data-list=\"bullet\">\n<div>Zuganzahl: 30000 (ein Ger\u00e4t h\u00e4lt wochenlangen regelm\u00e4\u00dfigen Gebrauch)<\/div>\n<\/li>\n<li class=\"ace-line ace-line old-record-id-BpeSfkpQFdjbZBcHNJ8cKX1AnGg\" data-list=\"bullet\">\n<div>Geschmacksoptionen: 10 k\u00f6stliche Geschm\u00e4cker (etwas f\u00fcr jede Vorliebe)<\/div>\n<\/li>\n<li class=\"ace-line ace-line old-record-id-KLMxfVNeodERdUcRBL0cH3IinWe\" data-list=\"bullet\">\n<div>Akku: 850mAh wiederaufladbar (Type-C-Ladung f\u00fcr schnelle Aufladungen)<\/div>\n<\/li>\n<li class=\"ace-line ace-line old-record-id-UywffSzZ4dDP9qcbNuEcJWZFnpf\" data-list=\"bullet\">\n<div>Spule: Dual-Mesh-Spule (liefert glatten, konsistenten Dampf)<\/div>\n<\/li>\n<li class=\"ace-line ace-line old-record-id-UToUfg3tYdipExcGiFqcVgUXnTf\" data-list=\"bullet\">\n<div>K\u00fchle: 5-stufig einstellbar (passen Sie Ihr Dampferlebnis an)<\/div>\n<\/li>\n<\/ul>\n<\/div>\n<\/div>\n<\/div>\n<\/div>\n<\/div>\n<\/div>\n<\/div>\n<\/div>\n<\/div>\n<\/div>\n<\/div>\n<\/div>\n<\/div>\n<\/div>\n<\/div>\n<\/div>\n<\/div>\n<\/div>\n<\/div>\n<\/div>\n<\/div>\n<\/div>\n<\/div>\n<\/div>\n<\/div>\n<\/div>\n<\/div>\n<\/div>\n<\/div>\n<\/div>\n<\/div>\n<\/div>\n<\/div>\n<\/div>\n<\/div>\n<\/div>\n<\/div>\n<\/div>\n<\/div>\n<\/div>\n<\/div>\n<\/div>\n<\/div>\n<\/div>\n<\/div>\n<\/div>\n<\/div>\n<\/div>\n<\/div>\n<\/div>\n<\/div>\n<\/div>\n<\/div>\n<\/div>\n<\/div>\n<\/div>\n<\/div>\n<\/div>\n<\/div>\n<\/div>\n<\/div>\n<\/div>\n<\/div>\n<\/div>\n<\/div>\n<\/div>\n<\/div>\n<\/div>\n<\/div>\n<\/div>\n<\/div>\n<\/div>\n<\/div>\n<\/div>\n<\/div>\n<\/div>\n<\/div>\n<\/div>\n<\/div>\n<\/div>","protected":false},"excerpt":{"rendered":"<div data-page-id=\"RAopf2sw9dtvw4cWYXpcTwo0n8g\" data-lark-html-role=\"root\" data-docx-has-block-data=\"false\">\n<div class=\"ace-line ace-line old-record-id-Uju9f3RXYd8dh2crAJbcBF3Un6M\">\n<div data-page-id=\"Dd8gfe2wRdT66jcgnqtcUwg5ndh\" data-lark-html-role=\"root\" data-docx-has-block-data=\"false\">\n<div class=\"ace-line ace-line old-record-id-FiRZf3qXpdK0RqcHt8wcxPTon8b\">Elf Bar Ice King 30000 Z\u00fcge ist ein herausragendes Einweg-Vape mit 10 kr\u00e4ftigen Geschmacksrichtungen, 5% Nikotin und 23ML E-Liquid. Sein 5-stufig einstellbarer K\u00fchlgrad, die duale Mesh-Spule und der 850mAh Type-C wiederaufladbare Akku sorgen f\u00fcr einen sanften, anpassbaren Dampf. Fruchtige Mischungen und eisige Z\u00fcge passen zu allen Geschm\u00e4ckern, ideal f\u00fcr den t\u00e4glichen Gebrauch und auf Reisen.<\/div>\n<\/div>\n<\/div>\n<\/div>","protected":false},"featured_media":6783,"comment_status":"open","ping_status":"closed","template":"","meta":{"_acf_changed":false,"inline_featured_image":false,"_sitemap_exclude":false,"_sitemap_priority":"","_sitemap_frequency":""},"product_brand":[333],"product_cat":[332,239,264],"product_tag":[],"class_list":{"0":"post-6770","1":"product","2":"type-product","3":"status-publish","4":"has-post-thumbnail","6":"product_brand-elf-bar","7":"product_cat-elf-bar","8":"product_cat-disposable-vape-collection","9":"product_cat-30k-puffs","11":"first","12":"instock","13":"sale","14":"shipping-taxable","15":"purchasable","16":"product-type-variable","17":"has-default-attributes"},"acf":[],"tiered_pricing_type":"fixed","tiered_pricing_fixed_rules":{"30":11.91,"60":11.62,"100":11.19,"200":10.52},"tiered_pricing_product_settings":{"layout":"default","base_unit_name":{"singular":null,"plural":null},"default_variation":null},"tiered_pricing_minimum_quantity":10,"tiered_pricing_roles_data":[],"tiered_pricing_percentage_rules":[],"tiered_pricing_maximum_quantity":null,"tiered_pricing_quantity_step":"10","_links":{"self":[{"href":"https:\/\/oiovape.com\/de\/wp-json\/wp\/v2\/product\/6770","targetHints":{"allow":["GET"]}}],"collection":[{"href":"https:\/\/oiovape.com\/de\/wp-json\/wp\/v2\/product"}],"about":[{"href":"https:\/\/oiovape.com\/de\/wp-json\/wp\/v2\/types\/product"}],"replies":[{"embeddable":true,"href":"https:\/\/oiovape.com\/de\/wp-json\/wp\/v2\/comments?post=6770"}],"version-history":[{"count":0,"href":"https:\/\/oiovape.com\/de\/wp-json\/wp\/v2\/product\/6770\/revisions"}],"wp:featuredmedia":[{"embeddable":true,"href":"https:\/\/oiovape.com\/de\/wp-json\/wp\/v2\/media\/6783"}],"wp:attachment":[{"href":"https:\/\/oiovape.com\/de\/wp-json\/wp\/v2\/media?parent=6770"}],"wp:term":[{"taxonomy":"product_brand","embeddable":true,"href":"https:\/\/oiovape.com\/de\/wp-json\/wp\/v2\/product_brand?post=6770"},{"taxonomy":"product_cat","embeddable":true,"href":"https:\/\/oiovape.com\/de\/wp-json\/wp\/v2\/product_cat?post=6770"},{"taxonomy":"product_tag","embeddable":true,"href":"https:\/\/oiovape.com\/de\/wp-json\/wp\/v2\/product_tag?post=6770"}],"curies":[{"name":"wp","href":"https:\/\/api.w.org\/{rel}","templated":true}]}}