{"id":6785,"date":"2026-02-06T14:09:44","date_gmt":"2026-02-06T06:09:44","guid":{"rendered":"https:\/\/oiovape.com\/?post_type=product&#038;p=6785"},"modified":"2026-02-10T11:14:32","modified_gmt":"2026-02-10T03:14:32","slug":"elf-bar-gh-23000-puffs","status":"publish","type":"product","link":"https:\/\/oiovape.com\/de\/product\/elf-bar-gh-23000-puffs\/","title":{"rendered":"Elf Bar GH 23000 PUFFS 5% Nikotin Einweg-E-Zigarette mit Dual-Mesh-Coil"},"content":{"rendered":"<div data-page-id=\"ZVeMfq8uxd7y1ycuKm5cym4LnYd\" data-lark-html-role=\"root\" data-docx-has-block-data=\"false\">\n<div data-page-id=\"Fd41fZ5N9dzRQtcRNoVc2FuDnCh\" data-lark-html-role=\"root\" data-docx-has-block-data=\"true\">\n<div data-page-id=\"BdIJfeeijdk1eucGpS8cDCBBn5c\" data-lark-html-role=\"root\" data-docx-has-block-data=\"false\">\n<div data-page-id=\"Zbg9fWx77dUuh2cIYpic25c8nyd\" data-lark-html-role=\"root\" data-docx-has-block-data=\"false\">\n<div data-page-id=\"KaIvfiurhdlCKdc0kyxcX64cnE6\" data-lark-html-role=\"root\" data-docx-has-block-data=\"true\">\n<div data-page-id=\"PbvFfqxqlddUTScRpEYcY5MHnpf\" data-lark-html-role=\"root\" data-docx-has-block-data=\"true\">\n<div data-page-id=\"GZO2f5JeudwY4jc9iJtcdk9Hnxh\" data-lark-html-role=\"root\" data-docx-has-block-data=\"false\">\n<div data-page-id=\"EZVRf2acFduXLGcseZFc4qH2n6e\" data-lark-html-role=\"root\" data-docx-has-block-data=\"false\">\n<div data-page-id=\"B8rHfcqlqdzmH5cCWCncz17Cntb\" data-lark-html-role=\"root\" data-docx-has-block-data=\"false\">\n<div data-page-id=\"B8rHfcqlqdzmH5cCWCncz17Cntb\" data-lark-html-role=\"root\" data-docx-has-block-data=\"false\">\n<div data-page-id=\"B8rHfcqlqdzmH5cCWCncz17Cntb\" data-lark-html-role=\"root\" data-docx-has-block-data=\"true\">\n<div data-page-id=\"HM70f1aoxdD0bMcxJZBcVc7ynZd\" data-lark-html-role=\"root\" data-docx-has-block-data=\"false\">\n<div data-page-id=\"NSrJfN7Ord22i0c1iwZcsF8yn8b\" data-lark-html-role=\"root\" data-docx-has-block-data=\"false\">\n<div data-page-id=\"RXEff4Mskds8o1cqL5HcGEtUnCh\" data-lark-html-role=\"root\" data-docx-has-block-data=\"false\">\n<div data-page-id=\"KJ7gfqkVndMSRJcMseScmvYwnTc\" data-lark-html-role=\"root\" data-docx-has-block-data=\"false\">\n<div class=\"ace-line ace-line old-record-id-QADAfETPudgmudc05YvcTO5fnxe\">\n<div data-page-id=\"KJ7gfqkVndMSRJcMseScmvYwnTc\" data-lark-html-role=\"root\" data-docx-has-block-data=\"false\">\n<div class=\"ace-line ace-line old-record-id-JoRkfpho8dOkiacEOascDyCOncb\">\n<div data-page-id=\"KJ7gfqkVndMSRJcMseScmvYwnTc\" data-lark-html-role=\"root\" data-docx-has-block-data=\"false\">\n<div data-page-id=\"Ju6ofQ3V4dGmePcVvJvc1gmcnZb\" data-lark-html-role=\"root\" data-docx-has-block-data=\"true\">\n<div data-page-id=\"PR9ife5PLdFabccbFgZcWgZOnTc\" data-lark-html-role=\"root\" data-docx-has-block-data=\"false\">\n<div data-page-id=\"INdrfOIGzdaenXcptrcc1BcznQc\" data-lark-html-role=\"root\" data-docx-has-block-data=\"false\">\n<div class=\"ace-line ace-line old-record-id-P0fIf4YaZdoGkbcxt5ackec2nnb\">\n<div data-page-id=\"INdrfOIGzdaenXcptrcc1BcznQc\" data-lark-html-role=\"root\" data-docx-has-block-data=\"false\">\n<div data-page-id=\"MAzCfUB73dMTQscm8eWcougVn1g\" data-lark-html-role=\"root\" data-docx-has-block-data=\"true\">\n<div data-page-id=\"AXfpf7H1odhDvGcKoUOcErN8nV7\" data-lark-html-role=\"root\" data-docx-has-block-data=\"false\">\n<div data-page-id=\"QYTKf5PvLdUNdbce2nBcW9yfnrh\" data-lark-html-role=\"root\" data-docx-has-block-data=\"false\">\n<div data-page-id=\"Pvu1f1CCBdxbjncA9pgcBTpanph\" data-lark-html-role=\"root\" data-docx-has-block-data=\"true\">\n<div data-page-id=\"Axf3fcmY8dDAhtcjVircBcphnPc\" data-lark-html-role=\"root\" data-docx-has-block-data=\"false\">\n<div data-page-id=\"KKj1f9SPmdLhhMc5E2AcNlLen6f\" data-lark-html-role=\"root\" data-docx-has-block-data=\"true\">\n<div data-page-id=\"Rx61fK1sJdXHjPcBuhZcweNhnwc\" data-lark-html-role=\"root\" data-docx-has-block-data=\"false\">\n<div data-page-id=\"L1H9fkG9Mdz45Fcy4WMc5VKXnRe\" data-lark-html-role=\"root\" data-docx-has-block-data=\"false\">\n<div data-page-id=\"L1H9fkG9Mdz45Fcy4WMc5VKXnRe\" data-lark-html-role=\"root\" data-docx-has-block-data=\"false\">\n<div data-page-id=\"D4XLfVBVrdE8mrcaYizczklLnaf\" data-lark-html-role=\"root\" data-docx-has-block-data=\"false\">\n<div data-page-id=\"WVcifIY44d5mhMcXtyEcTsfenGd\" data-lark-html-role=\"root\" data-docx-has-block-data=\"true\">\n<div data-page-id=\"LRknfa6Whd4DWCcUc0FcNKpJnyh\" data-lark-html-role=\"root\" data-docx-has-block-data=\"false\">\n<div data-page-id=\"LRknfa6Whd4DWCcUc0FcNKpJnyh\" data-lark-html-role=\"root\" data-docx-has-block-data=\"false\">\n<div data-page-id=\"XFRAfkcOEdRWh8cArQ2cJdyRnJf\" data-lark-html-role=\"root\" data-docx-has-block-data=\"true\">\n<div data-page-id=\"OQ3bfjnRddMTDGcC3ouc6xFKnWf\" data-lark-html-role=\"root\" data-docx-has-block-data=\"true\">\n<div data-page-id=\"J0iGfj1hEdjc4rcUdSmc4spMnmZ\" data-lark-html-role=\"root\" data-docx-has-block-data=\"false\">\n<div data-page-id=\"P1o7fFyNlduP8tcfZpQcagzbnIf\" data-lark-html-role=\"root\" data-docx-has-block-data=\"false\">\n<div class=\"ace-line ace-line old-record-id-P1o7fFyNlduP8tcfZpQcagzbnIf\">\n<div data-page-id=\"P1o7fFyNlduP8tcfZpQcagzbnIf\" data-lark-html-role=\"root\" data-docx-has-block-data=\"false\">\n<div data-page-id=\"U4iufW38SdttWKcTstMcTtHRnXc\" data-lark-html-role=\"root\" data-docx-has-block-data=\"true\">\n<div data-page-id=\"ONVMf7VTWddcFtcyATOchCJHnZb\" data-lark-html-role=\"root\" data-docx-has-block-data=\"true\">\n<div data-page-id=\"KoW2fSy0PdLHFlc5kSHcgvWMnYg\" data-lark-html-role=\"root\" data-docx-has-block-data=\"false\">\n<div data-page-id=\"KoW2fSy0PdLHFlc5kSHcgvWMnYg\" data-lark-html-role=\"root\" data-docx-has-block-data=\"false\">\n<div data-page-id=\"OLGhfzxC7d7EFIcLEj9cRT5ynZf\" data-lark-html-role=\"root\" data-docx-has-block-data=\"false\">\n<div data-page-id=\"DdnnfrLjzdqrFIc9Il9c7pA2noc\" data-lark-html-role=\"root\" data-docx-has-block-data=\"true\">\n<div data-page-id=\"KNzcf2o0oddkJOcztTVcqPdlnth\" data-lark-html-role=\"root\" data-docx-has-block-data=\"false\">\n<div data-page-id=\"LBU7fg5SEdkWhecGJoxca3xvnCe\" data-lark-html-role=\"root\" data-docx-has-block-data=\"false\">\n<div data-page-id=\"EB70fooS3d69bMcgWB7c5qb9n8g\" data-lark-html-role=\"root\" data-docx-has-block-data=\"false\">\n<div data-page-id=\"AogwfsZCadB6t0cAvF0cK4JLnvf\" data-lark-html-role=\"root\" data-docx-has-block-data=\"false\">\n<div data-page-id=\"AogwfsZCadB6t0cAvF0cK4JLnvf\" data-lark-html-role=\"root\" data-docx-has-block-data=\"false\">\n<div data-page-id=\"JMZIflNGddQuU0c5JZocSqlvnle\" data-lark-html-role=\"root\" data-docx-has-block-data=\"false\">\n<div data-page-id=\"JMZIflNGddQuU0c5JZocSqlvnle\" data-lark-html-role=\"root\" data-docx-has-block-data=\"true\">\n<div data-page-id=\"HtEafjjRIdPAlMc9zgYcsGy6nOe\" data-lark-html-role=\"root\" data-docx-has-block-data=\"false\">\n<div data-page-id=\"Rhnafz0WTdDeT9c43xxczsbVnJo\" data-lark-html-role=\"root\" data-docx-has-block-data=\"false\">\n<div data-page-id=\"WY0CfKdcTdf4hVcZl67ct5LGncf\" data-lark-html-role=\"root\" data-docx-has-block-data=\"true\">\n<div data-page-id=\"MkB5fF4AVdchovcoPEpc7LqvnOd\" data-lark-html-role=\"root\" data-docx-has-block-data=\"true\">\n<div data-page-id=\"MfbjfZhbhdJdA8cH1dAckqF0n6g\" data-lark-html-role=\"root\" data-docx-has-block-data=\"false\">\n<div class=\"ace-line ace-line old-record-id-W2AHfJLnjd7ugjcRLs1c8BdhnNh\">\n<div data-page-id=\"MfbjfZhbhdJdA8cH1dAckqF0n6g\" data-lark-html-role=\"root\" data-docx-has-block-data=\"false\">\n<div class=\"old-record-id-XXd1feeCZdR2hJc6evocxnh1nOg\">\n<div data-page-id=\"MfbjfZhbhdJdA8cH1dAckqF0n6g\" data-lark-html-role=\"root\" data-docx-has-block-data=\"false\">\n<div data-page-id=\"DE51fYUmxdT3ekcHzc3cGrVQnsc\" data-lark-html-role=\"root\" data-docx-has-block-data=\"false\">\n<div data-page-id=\"YSKdfaZ08dRej3ci5CccQBuOncc\" data-lark-html-role=\"root\" data-docx-has-block-data=\"true\">\n<div data-page-id=\"K6mofQmledamEFcgp1EcVobmnYd\" data-lark-html-role=\"root\" data-docx-has-block-data=\"false\">\n<div data-page-id=\"VTgsfVLdCd9q1ucYcwRcCM0Hnof\" data-lark-html-role=\"root\" data-docx-has-block-data=\"true\">\n<div data-page-id=\"WucKfzp8RdNy8rcMJHncz4Knnac\" data-lark-html-role=\"root\" data-docx-has-block-data=\"true\">\n<div data-page-id=\"IfZ9fDIBLd9b9hcJiqGcLw9Pnmh\" data-lark-html-role=\"root\" data-docx-has-block-data=\"false\">\n<div data-page-id=\"JeU6f3Yq5dbdEHcZDptc5ikcn5c\" data-lark-html-role=\"root\" data-docx-has-block-data=\"true\">\n<div data-page-id=\"E1YjfnB4Jdmtsfc2ZObcu04Un6c\" data-lark-html-role=\"root\" data-docx-has-block-data=\"false\">\n<div data-page-id=\"RQVEfdiOzdqTQKcRcnxcG0Y7nce\" data-lark-html-role=\"root\" data-docx-has-block-data=\"true\">\n<div data-page-id=\"NKc7fbZi9dnOXocdHcScVsXdnmh\" data-lark-html-role=\"root\" data-docx-has-block-data=\"false\">\n<div data-page-id=\"DaE3fgNEwdnbQVc62iqcBK4lnte\" data-lark-html-role=\"root\" data-docx-has-block-data=\"false\">\n<div data-page-id=\"DaE3fgNEwdnbQVc62iqcBK4lnte\" data-lark-html-role=\"root\" data-docx-has-block-data=\"false\">\n<div data-page-id=\"NqSRfcp5SdFQ6ucdStXcbvManpc\" data-lark-html-role=\"root\" data-docx-has-block-data=\"false\">\n<div data-page-id=\"KydBfoEuudJNYhcgRdAc3aeUn7c\" data-lark-html-role=\"root\" data-docx-has-block-data=\"true\">\n<div data-page-id=\"SIqXfR5ipd7jWpczA5RcYkWInfd\" data-lark-html-role=\"root\" data-docx-has-block-data=\"false\">\n<div data-page-id=\"Y06XfUzydd0aVicBtPKcZlS8nJf\" data-lark-html-role=\"root\" data-docx-has-block-data=\"true\">\n<h2 class=\"heading-2 ace-line old-record-id-Usi2fE4krdCBbccm2vBc6MKCncy\">Hauptmerkmale des Elf Bar GH 23000 Puffs<\/h2>\n<div class=\"ace-line ace-line old-record-id-SPKhfsaFDd8F2DcVcUec7dKtnMe\">Der Elf Bar GH 23000 Puffs geht nicht nur um die Menge \u2013 es geht auch um die Qualit\u00e4t. Jedes Detail ist darauf ausgelegt, Ihr Dampferlebnis zu verbessern, von seinem wiederaufladbaren Akku bis zu seinem sanften Coil-System. Hier ist eine klare \u00dcbersicht \u00fcber seine Kernmerkmale:<\/div>\n<div>\n<table class=\"ace-table\" data-ace-table-col-widths=\"200;200\">\n<colgroup>\n<col width=\"200\" \/>\n<col width=\"200\" \/><\/colgroup>\n<thead>\n<tr>\n<th colspan=\"1\" rowspan=\"1\">\n<div class=\"ace-line ace-line old-record-id-K50ffSwcldDbOIcsChKc6Q3dnab\">Funktion<\/div>\n<\/th>\n<th colspan=\"1\" rowspan=\"1\">\n<div class=\"ace-line ace-line old-record-id-KgOWfKgqMdC3dUc2SXScGNo7nhc\">Einzelheiten<\/div>\n<\/th>\n<\/tr>\n<\/thead>\n<tbody>\n<tr>\n<td colspan=\"1\" rowspan=\"1\">\n<div class=\"ace-line ace-line old-record-id-QDk4f2ESNdyrHacRwGoc9r4nnGN\">Nikotinst\u00e4rke<\/div>\n<\/td>\n<td colspan=\"1\" rowspan=\"1\">\n<div class=\"ace-line ace-line old-record-id-YoSFfOOfpdolGcchqGXcUumanvc\">5% Nikotin (perfekt zur Befriedigung von Gel\u00fcsten)<\/div>\n<\/td>\n<\/tr>\n<tr>\n<td colspan=\"1\" rowspan=\"1\">\n<div class=\"ace-line ace-line old-record-id-NONkfrnW9dysvQc5p4bcoU61nac\">E-Liquid Kapazit\u00e4t<\/div>\n<\/td>\n<td colspan=\"1\" rowspan=\"1\">\n<div class=\"ace-line ace-line old-record-id-UvgdfbxNLd2szac6tg5cKe15ndg\">23ML hochwertiges E-Liquid<\/div>\n<\/td>\n<\/tr>\n<tr>\n<td colspan=\"1\" rowspan=\"1\">\n<div class=\"ace-line ace-line old-record-id-OUONfo415dFwY6cYgWsc7owdnvh\">Puff-Z\u00e4hlung<\/div>\n<\/td>\n<td colspan=\"1\" rowspan=\"1\">\n<div class=\"ace-line ace-line old-record-id-HafFfetZ9dVVyAcrqVccJ0kknnd\">23000 Z\u00fcge \u2013 langlebig f\u00fcr Wochen der Nutzung<\/div>\n<\/td>\n<\/tr>\n<tr>\n<td colspan=\"1\" rowspan=\"1\">\n<div class=\"ace-line ace-line old-record-id-PJUef0eFsdckfRcgsrjcSyaonZe\">Geschmacksoptionen<\/div>\n<\/td>\n<td colspan=\"1\" rowspan=\"1\">\n<div class=\"ace-line ace-line old-record-id-Y5BifgoNWdp2FncvRl8cpy8Unfc\">15 einzigartige und k\u00f6stliche Geschm\u00e4cker<\/div>\n<\/td>\n<\/tr>\n<tr>\n<td colspan=\"1\" rowspan=\"1\">\n<div class=\"ace-line ace-line old-record-id-MuJOfFRa0dDmuOc3riVcpUS0n0d\">Batterie<\/div>\n<\/td>\n<td colspan=\"1\" rowspan=\"1\">\n<div class=\"ace-line ace-line old-record-id-A2v1fxQ3od8nRScmp5qcYdTwny1\">850mAh wiederaufladbarer Akku (kein vorzeitiges Entsorgen notwendig)<\/div>\n<\/td>\n<\/tr>\n<tr>\n<td colspan=\"1\" rowspan=\"1\">\n<div class=\"ace-line ace-line old-record-id-XLPGfj0aJdolyMcc1BJcYeJJnee\">Passt perfekt zu 40K Z\u00fcgen; kein pl\u00f6tzlicher Stromausfall; stabile Leistung auch bei intensiver Nutzung; schnelles Laden<\/div>\n<\/td>\n<td colspan=\"1\" rowspan=\"1\">\n<div class=\"ace-line ace-line old-record-id-ViaQf4yLedbnuIcjCTLcOX7snCU\">Dual Mesh Coil f\u00fcr sanften, konstanten Dampf und Geschmack<\/div>\n<\/td>\n<\/tr>\n<tr>\n<td colspan=\"1\" rowspan=\"1\">\n<div class=\"ace-line ace-line old-record-id-ZM4TfFx4adqHwJcxMQNcJHwrnRb\">Ladeanschluss<\/div>\n<\/td>\n<td colspan=\"1\" rowspan=\"1\">\n<div class=\"ace-line ace-line old-record-id-O9oQfMScydPQSfcl9J7cbKDJnuc\">Type-C-Anschluss \u2013 schnelles und bequemes Laden<\/div>\n<\/td>\n<\/tr>\n<tr>\n<td colspan=\"1\" rowspan=\"1\">\n<div class=\"ace-line ace-line old-record-id-Qpcbff8esd7ZcYcGu7fcseLhnjg\">Verpackung<\/div>\n<\/td>\n<td colspan=\"1\" rowspan=\"1\">\n<div class=\"ace-line ace-line old-record-id-KcOBfz16Cd7yjScIXpTc3ZzAn8f\">200 St\u00fcck pro Karton; Kartongewicht: 20,82 KG; Kartonma\u00df: 650 x 348 x 270 mm<\/div>\n<\/td>\n<\/tr>\n<\/tbody>\n<\/table>\n<\/div>\n<h2 class=\"heading-2 ace-line old-record-id-PooAfzGkgd3zefcFoWkcJY9nnJd\">Alle 15 Geschm\u00e4cker des Elf Bar GH 23000 Puffs<\/h2>\n<div class=\"ace-line ace-line old-record-id-OxEJfqf4HdZJmccsBwzcrs9rnpf\">Eines der gr\u00f6\u00dften Highlights des Elf Bar GH 23000 Puffs ist seine vielf\u00e4ltige Geschmacksvielfalt. Ob Sie fruchtige, minzige oder s\u00fc\u00dfe Optionen bevorzugen, hier ist f\u00fcr jeden Geschmack etwas dabei. Jeder Geschmack ist so gestaltet, dass er bei jedem Zug einen kr\u00e4ftigen, authentischen Geschmack liefert. Lassen Sie uns jeden einzelnen erkunden:<\/div>\n<h3 class=\"heading-3 ace-line old-record-id-X12ef2Y2UdE3IAcgvsCc16Fznxe\">Fruchtige Geschm\u00e4cker (Frisch &amp; Lebhaft)<\/h3>\n<h4 class=\"heading-4 ace-line old-record-id-LYKSfM0DNdVg4Fce3G5ciBLEnGg\">1. Wassermelonen-Eis<\/h4>\n<div class=\"ace-line ace-line old-record-id-Hh3zfFTGvdaYJRcMurCccZzhn2e\">Knackige, saftige Wassermelone trifft auf einen k\u00fchlen, erfrischenden Eis-Abgang. Es schmeckt wie der Biss in eine reife Wassermelone an einem hei\u00dfen Tag \u2013 s\u00fc\u00df, hydratisierend und perfekt mit einem Hauch von K\u00fchle ausgewogen. \u2744\ufe0f<\/div>\n<h4 class=\"heading-4 ace-line old-record-id-Rfp3fQIMYdYDZ9csteUcyKh2nXc\">2. Saure Wassermelonenbonbons<\/h4>\n<div class=\"ace-line ace-line old-record-id-ATTnftobVdCcercu6esci4CznHc\">Eine spa\u00dfige Wendung des klassischen Wassermelonen-Geschmacks. Diese Option hat den s\u00fc\u00dfen Geschmack von Wassermelonenbonbons mit einem pikanten, sauren Kick, der jedem Zug Spannung verleiht. Gro\u00dfartig f\u00fcr alle, die saure-s\u00fc\u00dfe Leckereien lieben.<\/div>\n<h4 class=\"heading-4 ace-line old-record-id-Lr4tfdVsQdVldac7FPac8qEPnPd\">3. Himbeer-Wassermelone-Zitrone<\/h4>\n<div class=\"ace-line ace-line old-record-id-XemUfS7tvdHZt8cI9PkcUcssnwf\">Drei fruchtige Favoriten in einem! Saftige Himbeere, s\u00fc\u00dfe Wassermelone und spritzige Zitrone verschmelzen nahtlos. Die Zitrone f\u00fcgt eine helle, erfrischende Note hinzu, die diesen Geschmack leicht und lebhaft macht.<\/div>\n<h4 class=\"heading-4 ace-line old-record-id-SEz6fLypqdoRrHcYJEucF9Cun9e\">4. Gr\u00fcne Pflaume saure Limette<\/h4>\n<div class=\"ace-line ace-line old-record-id-PyMffjxridMf7fcZGlWcnIt7n5g\">Pikante gr\u00fcne Pflaume kombiniert sich mit scharfer, erfrischender saurer Limette f\u00fcr ein kr\u00e4ftiges, zitrusartiges Erlebnis. Es ist herb, hell und voller Geschmack \u2013 ideal f\u00fcr alle, die w\u00fcrzige, fruchtige Vapes lieben.<\/div>\n<h4 class=\"heading-4 ace-line old-record-id-VxOuf6CYWdGPWIcOVDRcwMgWnsc\">5. Gr\u00fcne Apfel-Eis<\/h4>\n<div class=\"ace-line ace-line old-record-id-VJqZfwkItdGiRhcitm1cQrEXnhf\">Knackiger, herber gr\u00fcner Apfel erh\u00e4lt einen k\u00fchlen Eis-Schub. Der Apfelgeschmack ist authentisch (kein k\u00fcnstlicher Nachgeschmack!) und das Eis f\u00fcgt einen erfrischenden Abgang hinzu, der Sie immer wieder zur\u00fcckkommen l\u00e4sst.<\/div>\n<h4 class=\"heading-4 ace-line old-record-id-Upgkf9by7d58ylcKzTec9bl2nPf\">6. Trauben-Eis<\/h4>\n<div class=\"ace-line ace-line old-record-id-XtpbfiHlcd8nVlcrgrYciyDxnyh\">S\u00fc\u00dfer, saftiger Traubengeschmack mit einem k\u00fchlen, eisigen Twist. Es schmeckt wie frische Trauben direkt vom Weinstock, mit einer K\u00fchle, die die nat\u00fcrliche S\u00fc\u00dfe der Frucht verst\u00e4rkt. \ud83c\udf47<\/div>\n<h4 class=\"heading-4 ace-line old-record-id-IdigfQleYdQGkTcWEmJcINxxnwc\">7. Blaue Himbeere-Eis<\/h4>\n<div class=\"ace-line ace-line old-record-id-MZRuf5Gq4dnNEEcGYhhcXVThnNh\">Kr\u00e4ftiger blauer Himbeergeschmack trifft auf einen erfrischenden Eis-Abgang. Es ist s\u00fc\u00df, leicht herb und hat diesen klassischen blauen Himbeergeschmack, den Sie kennen und lieben \u2013 mit einem k\u00fchlen Kick, der es leicht h\u00e4lt.<\/div>\n<h4 class=\"heading-4 ace-line old-record-id-KbPifFbx5dU9v3ct0FBcQU8onuc\">8. Apfel-Birne<\/h4>\n<div class=\"ace-line ace-line old-record-id-U0mafMAFVdlc4ycYBJ6ceMFFnEf\">Eine sanfte Mischung aus knackigem Apfel und saftiger Birne. Beide Fr\u00fcchte kommen perfekt zur Geltung \u2013 s\u00fc\u00df, leicht herb und voller nat\u00fcrlichem Fruchtgeschmack. Kein k\u00fcnstlicher Nachgeschmack hier!<\/div>\n<h4 class=\"heading-4 ace-line old-record-id-LSCXfnhzHd6nQKc2H59cdv6Un8f\">9. Wassermelone-Kirsche<\/h4>\n<div class=\"ace-line ace-line old-record-id-NdBufttwidaq5mcZFPucoAMEnQf\">S\u00fc\u00dfe Wassermelone und reife Kirsche kommen zu einer fruchtigen, k\u00f6stlichen Kombination zusammen. Die Wassermelone f\u00fcgt S\u00fc\u00dfe hinzu, w\u00e4hrend die Kirsche eine leichte Herbheit hinzuf\u00fcgt \u2013 perfekt ausgewogen f\u00fcr das Dampfen den ganzen Tag.<\/div>\n<h4 class=\"heading-4 ace-line old-record-id-KoYxfGk9ideUqNciBsmcTXzMnaf\">10. Erdbeer-Wassermelone-Kaugummi<\/h4>\n<div class=\"ace-line ace-line old-record-id-A0w6f2J8ddX39HcLHjacIo4Pnec\">Ein spa\u00dfiger, nostalgischer Geschmack! Saftige Erdbeere, s\u00fc\u00dfe Wassermelone und klassischer Kaugummi vermischen sich zu einem s\u00fc\u00dfen, verspielten Geschmack. Es ist wie das Kauen Ihres Lieblingskaugummis \u2013 ohne das Chaos. \ud83c\udf53<\/div>\n<h4 class=\"heading-4 ace-line old-record-id-AwO5ffehCd5v0EcQtjacPUM1nzf\">11. Erdbeere-Banane<\/h4>\n<div class=\"ace-line ace-line old-record-id-C8RWfHHrdd74nScjyaFcvLA2ndb\">Cremige Banane und s\u00fc\u00dfe Erdbeere ergeben einen sanften, k\u00f6stlichen Geschmack. Die Banane f\u00fcgt Cremigkeit hinzu, w\u00e4hrend die Erdbeere eine frische, fruchtige Note hinzuf\u00fcgt \u2013 perfekt f\u00fcr alle, die cremige fruchtige Vapes lieben.<\/div>\n<h4 class=\"heading-4 ace-line old-record-id-Af5LfHsiDdDpBpcCqtBcXzvjntc\">12. Kirsch-Cola<\/h4>\n<div class=\"ace-line ace-line old-record-id-Jc17fIXOSdIdAYcBJUCc8EAgnad\">Klassischer Cola-Geschmack mit einem Hauch von reifer Kirsche. Es schmeckt wie Ihr Lieblings-Cola-Getr\u00e4nk, mit einer s\u00fc\u00dfen Kirschnote, die Tiefe und Geschmack hinzuf\u00fcgt. Erfrischend und befriedigend f\u00fcr Cola-Liebhaber! \ud83e\udd64<\/div>\n<h3 class=\"heading-3 ace-line old-record-id-Y7n7fg3aOd73i1czZbkcXlSynmf\">Minzige Geschm\u00e4cker (K\u00fchl &amp; Erfrischend)<\/h3>\n<h4 class=\"heading-4 ace-line old-record-id-BMlgfTwYYdQIgoc6ecAc4r6OnPH\">13. Polare Minze<\/h4>\n<div class=\"ace-line ace-line old-record-id-Qw9LfxleHdoMnvcxnWhcDhzin5d\">Ein klassischer, belebender Minzgeschmack. Es ist k\u00fchl, knackig und erfrischend \u2013 wie ein Atemzug frischer Luft. Perfekt f\u00fcr alle, die einfache, klare Minz-Vapes lieben oder um sie mit fruchtigen Geschm\u00e4ckern zu kombinieren.<\/div>\n<h4 class=\"heading-4 ace-line old-record-id-Il93fvsofde3UDcJpaxcRVjEnZc\">14. Lila Minze<\/h4>\n<div class=\"ace-line ace-line old-record-id-WgfsfF4RLddEINcpLSScY9d3nDe\">\n<p>Eine einzigartige Wendung des klassischen Minzgeschmacks. Dieser Geschmack hat einen subtilen, s\u00fc\u00dfen Unterton, der die k\u00fchle Minze perfekt erg\u00e4nzt. Es ist nicht zu stark, liefert aber dennoch den erfrischenden minzigen Kick, den Sie sich w\u00fcnschen.<\/p>\n<p><img decoding=\"async\" class=\"wp-image-6788 size-full\" title=\"Elf Bar GH 23000 Z\u00fcge Geschmack\" src=\"https:\/\/oiovape.com\/wp-content\/uploads\/2026\/02\/Elf-Bar-GH-23000-Puffs-Flavor.webp\" alt=\"Elf Bar GH 23000 Z\u00fcge Geschmack\" width=\"554\" height=\"554\" srcset=\"https:\/\/oiovape.com\/wp-content\/uploads\/2026\/02\/Elf-Bar-GH-23000-Puffs-Flavor.webp 554w, https:\/\/oiovape.com\/wp-content\/uploads\/2026\/02\/Elf-Bar-GH-23000-Puffs-Flavor-300x300.webp 300w, https:\/\/oiovape.com\/wp-content\/uploads\/2026\/02\/Elf-Bar-GH-23000-Puffs-Flavor-150x150.webp 150w, https:\/\/oiovape.com\/wp-content\/uploads\/2026\/02\/Elf-Bar-GH-23000-Puffs-Flavor-12x12.webp 12w\" sizes=\"(max-width: 554px) 100vw, 554px\" \/><\/div>\n<h2 class=\"heading-2 ace-line old-record-id-DLHCf6ZV4d422ecx1Qscfjdun1b\">Q&amp;A: H\u00e4ufige Fragen zu Elf Bar GH 23000 Puffs<\/h2>\n<div class=\"ace-line ace-line old-record-id-M1HLfNiYcd1MGAciAqpcJZ2kngc\">Wir haben die h\u00e4ufigsten Fragen zu den Elf Bar GH 23000 Puffs zusammengestellt, um Ihnen zu helfen, eine informierte Entscheidung zu treffen. Hier sind die Antworten, die Sie ben\u00f6tigen:<\/div>\n<h3 class=\"heading-3 ace-line old-record-id-K7oLfnDQmdXca9ccgPlcpuRpnIe\">Q1: Wie lange h\u00e4lt der Elf Bar GH 23000 Puffs?<\/h3>\n<div class=\"ace-line ace-line old-record-id-QnlfflemadwxhAcKbSicNY1Xnzb\">A1: Mit 23000 Z\u00fcgen h\u00e4lt das Ger\u00e4t erheblich l\u00e4nger als die meisten Einweg-Vapes. F\u00fcr gelegentliche Dampfer (10-15 Z\u00fcge pro Tag) kann es bis zu 6 Monate halten. F\u00fcr schwerere Dampfer (30-40 Z\u00fcge pro Tag) h\u00e4lt es immer noch 2-3 Monate \u2013 kein h\u00e4ufiges Ersetzen notwendig.<\/div>\n<h3 class=\"heading-3 ace-line old-record-id-GNgofJor9daKTEcfb5lcNeAEnPg\">Q2: Ist der Elf Bar GH 23000 Puffs wiederaufladbar?<\/h3>\n<div class=\"ace-line ace-line old-record-id-JHMZfHU5Ud6z0ZcJEpxcVKO1nVg\">A2: Ja! Er wird mit einem 850mAh wiederaufladbaren Akku und einem Type-C-Ladeanschluss geliefert. Wenn der Akku schwach wird, schlie\u00dfen Sie ihn einfach mit einem Type-C-Kabel (nicht enthalten) an, und er wird schnell wieder aufgeladen \u2013 sodass Sie ein halbbenutztes Ger\u00e4t nicht wegwerfen m\u00fcssen.<\/div>\n<h3 class=\"heading-3 ace-line old-record-id-PFYQfkItUdYkAccKGAvcc5nNngl\">Q3: Was macht die Dual Mesh Coil besser?<\/h3>\n<div class=\"ace-line ace-line old-record-id-ReYKf0pZodpdnBcMwuRcHiJ0n0e\">A3: Die Dual Mesh Coil hat eine gr\u00f6\u00dfere Oberfl\u00e4che als herk\u00f6mmliche Coils. Das bedeutet, dass sie das E-Liquid gleichm\u00e4\u00dfiger erhitzt, was zu sanfterem Dampf und intensiverem Geschmack f\u00fchrt. Sie verhindert auch verbrannte Geschm\u00e4cker und sorgt f\u00fcr eine konstante Leistung vom ersten Zug bis zum letzten.<\/div>\n<\/div>\n<\/div>\n<\/div>\n<\/div>\n<\/div>\n<\/div>\n<\/div>\n<\/div>\n<\/div>\n<\/div>\n<\/div>\n<\/div>\n<\/div>\n<\/div>\n<\/div>\n<\/div>\n<\/div>\n<\/div>\n<\/div>\n<\/div>\n<\/div>\n<\/div>\n<\/div>\n<\/div>\n<\/div>\n<\/div>\n<\/div>\n<\/div>\n<\/div>\n<\/div>\n<\/div>\n<\/div>\n<\/div>\n<\/div>\n<\/div>\n<\/div>\n<\/div>\n<\/div>\n<\/div>\n<\/div>\n<\/div>\n<\/div>\n<\/div>\n<\/div>\n<\/div>\n<\/div>\n<\/div>\n<\/div>\n<\/div>\n<\/div>\n<\/div>\n<\/div>\n<\/div>\n<\/div>\n<\/div>\n<\/div>\n<\/div>\n<\/div>\n<\/div>\n<\/div>\n<\/div>\n<\/div>\n<\/div>\n<\/div>\n<\/div>\n<\/div>\n<\/div>\n<\/div>\n<\/div>\n<\/div>\n<\/div>\n<\/div>\n<\/div>\n<\/div>\n<\/div>\n<\/div>\n<\/div>\n<\/div>\n<\/div>\n<\/div>\n<\/div>","protected":false},"excerpt":{"rendered":"<div data-page-id=\"RAopf2sw9dtvw4cWYXpcTwo0n8g\" data-lark-html-role=\"root\" data-docx-has-block-data=\"false\">\n<div class=\"ace-line ace-line old-record-id-Uju9f3RXYd8dh2crAJbcBF3Un6M\">\n<div data-page-id=\"Dd8gfe2wRdT66jcgnqtcUwg5ndh\" data-lark-html-role=\"root\" data-docx-has-block-data=\"false\">\n<div class=\"ace-line ace-line old-record-id-FiRZf3qXpdK0RqcHt8wcxPTon8b\">Elf Bar GH 23000 Z\u00fcge ist ein erstklassiger Einweg-Vape mit 23000 Z\u00fcgen, 23ML E-Liquid und 5% Nikotin. Seine 850mAh wiederaufladbare Type-C-Batterie und die Dual Mesh Coil sorgen f\u00fcr einen sanften Dampf und reichhaltigen Geschmack. Mit 15 verschiedenen Geschmacksrichtungen \u2013 fruchtig, minzig und s\u00fc\u00df \u2013 spricht er alle Geschm\u00e4cker an und h\u00e4lt Monate f\u00fcr Gelegenheits- und Viel-Dampfer gleicherma\u00dfen.<\/div>\n<\/div>\n<\/div>\n<\/div>","protected":false},"featured_media":6797,"comment_status":"open","ping_status":"closed","template":"","meta":{"_acf_changed":false,"inline_featured_image":false,"_sitemap_exclude":false,"_sitemap_priority":"","_sitemap_frequency":""},"product_brand":[333],"product_cat":[332],"product_tag":[],"class_list":{"0":"post-6785","1":"product","2":"type-product","3":"status-publish","4":"has-post-thumbnail","6":"product_brand-elf-bar","7":"product_cat-elf-bar","9":"first","10":"instock","11":"sale","12":"shipping-taxable","13":"purchasable","14":"product-type-variable","15":"has-default-attributes"},"acf":[],"tiered_pricing_type":"fixed","tiered_pricing_fixed_rules":{"30":10.78,"60":10.56,"100":10.14,"200":9.57},"tiered_pricing_product_settings":{"layout":"default","base_unit_name":{"singular":null,"plural":null},"default_variation":null},"tiered_pricing_minimum_quantity":10,"tiered_pricing_roles_data":[],"tiered_pricing_percentage_rules":[],"tiered_pricing_maximum_quantity":null,"tiered_pricing_quantity_step":"10","_links":{"self":[{"href":"https:\/\/oiovape.com\/de\/wp-json\/wp\/v2\/product\/6785","targetHints":{"allow":["GET"]}}],"collection":[{"href":"https:\/\/oiovape.com\/de\/wp-json\/wp\/v2\/product"}],"about":[{"href":"https:\/\/oiovape.com\/de\/wp-json\/wp\/v2\/types\/product"}],"replies":[{"embeddable":true,"href":"https:\/\/oiovape.com\/de\/wp-json\/wp\/v2\/comments?post=6785"}],"version-history":[{"count":0,"href":"https:\/\/oiovape.com\/de\/wp-json\/wp\/v2\/product\/6785\/revisions"}],"wp:featuredmedia":[{"embeddable":true,"href":"https:\/\/oiovape.com\/de\/wp-json\/wp\/v2\/media\/6797"}],"wp:attachment":[{"href":"https:\/\/oiovape.com\/de\/wp-json\/wp\/v2\/media?parent=6785"}],"wp:term":[{"taxonomy":"product_brand","embeddable":true,"href":"https:\/\/oiovape.com\/de\/wp-json\/wp\/v2\/product_brand?post=6785"},{"taxonomy":"product_cat","embeddable":true,"href":"https:\/\/oiovape.com\/de\/wp-json\/wp\/v2\/product_cat?post=6785"},{"taxonomy":"product_tag","embeddable":true,"href":"https:\/\/oiovape.com\/de\/wp-json\/wp\/v2\/product_tag?post=6785"}],"curies":[{"name":"wp","href":"https:\/\/api.w.org\/{rel}","templated":true}]}}