{"id":6822,"date":"2026-02-07T11:03:24","date_gmt":"2026-02-07T03:03:24","guid":{"rendered":"https:\/\/oiovape.com\/?post_type=product&#038;p=6822"},"modified":"2026-03-05T10:58:56","modified_gmt":"2026-03-05T02:58:56","slug":"jnr-shisha-ultra-45000-puffs","status":"publish","type":"product","link":"https:\/\/oiovape.com\/de\/product\/jnr-shisha-ultra-45000-puffs\/","title":{"rendered":"JNR SHISHA ULTRA 45000 PUFFS Triple Mesh Optionen Einweg DTL Vape mit einstellbarem Luftstrom"},"content":{"rendered":"<div data-page-id=\"ZVeMfq8uxd7y1ycuKm5cym4LnYd\" data-lark-html-role=\"root\" data-docx-has-block-data=\"false\">\n<div data-page-id=\"Fd41fZ5N9dzRQtcRNoVc2FuDnCh\" data-lark-html-role=\"root\" data-docx-has-block-data=\"true\">\n<div data-page-id=\"BdIJfeeijdk1eucGpS8cDCBBn5c\" data-lark-html-role=\"root\" data-docx-has-block-data=\"false\">\n<div data-page-id=\"Zbg9fWx77dUuh2cIYpic25c8nyd\" data-lark-html-role=\"root\" data-docx-has-block-data=\"false\">\n<div data-page-id=\"KaIvfiurhdlCKdc0kyxcX64cnE6\" data-lark-html-role=\"root\" data-docx-has-block-data=\"true\">\n<div data-page-id=\"PbvFfqxqlddUTScRpEYcY5MHnpf\" data-lark-html-role=\"root\" data-docx-has-block-data=\"true\">\n<div data-page-id=\"GZO2f5JeudwY4jc9iJtcdk9Hnxh\" data-lark-html-role=\"root\" data-docx-has-block-data=\"false\">\n<div data-page-id=\"EZVRf2acFduXLGcseZFc4qH2n6e\" data-lark-html-role=\"root\" data-docx-has-block-data=\"false\">\n<div data-page-id=\"B8rHfcqlqdzmH5cCWCncz17Cntb\" data-lark-html-role=\"root\" data-docx-has-block-data=\"false\">\n<div data-page-id=\"B8rHfcqlqdzmH5cCWCncz17Cntb\" data-lark-html-role=\"root\" data-docx-has-block-data=\"false\">\n<div data-page-id=\"B8rHfcqlqdzmH5cCWCncz17Cntb\" data-lark-html-role=\"root\" data-docx-has-block-data=\"true\">\n<div data-page-id=\"HM70f1aoxdD0bMcxJZBcVc7ynZd\" data-lark-html-role=\"root\" data-docx-has-block-data=\"false\">\n<div data-page-id=\"NSrJfN7Ord22i0c1iwZcsF8yn8b\" data-lark-html-role=\"root\" data-docx-has-block-data=\"false\">\n<div data-page-id=\"RXEff4Mskds8o1cqL5HcGEtUnCh\" data-lark-html-role=\"root\" data-docx-has-block-data=\"false\">\n<div data-page-id=\"KJ7gfqkVndMSRJcMseScmvYwnTc\" data-lark-html-role=\"root\" data-docx-has-block-data=\"false\">\n<div class=\"ace-line ace-line old-record-id-QADAfETPudgmudc05YvcTO5fnxe\">\n<div data-page-id=\"KJ7gfqkVndMSRJcMseScmvYwnTc\" data-lark-html-role=\"root\" data-docx-has-block-data=\"false\">\n<div class=\"ace-line ace-line old-record-id-JoRkfpho8dOkiacEOascDyCOncb\">\n<div data-page-id=\"KJ7gfqkVndMSRJcMseScmvYwnTc\" data-lark-html-role=\"root\" data-docx-has-block-data=\"false\">\n<div data-page-id=\"Ju6ofQ3V4dGmePcVvJvc1gmcnZb\" data-lark-html-role=\"root\" data-docx-has-block-data=\"true\">\n<div data-page-id=\"PR9ife5PLdFabccbFgZcWgZOnTc\" data-lark-html-role=\"root\" data-docx-has-block-data=\"false\">\n<div data-page-id=\"INdrfOIGzdaenXcptrcc1BcznQc\" data-lark-html-role=\"root\" data-docx-has-block-data=\"false\">\n<div class=\"ace-line ace-line old-record-id-P0fIf4YaZdoGkbcxt5ackec2nnb\">\n<div data-page-id=\"INdrfOIGzdaenXcptrcc1BcznQc\" data-lark-html-role=\"root\" data-docx-has-block-data=\"false\">\n<div data-page-id=\"MAzCfUB73dMTQscm8eWcougVn1g\" data-lark-html-role=\"root\" data-docx-has-block-data=\"true\">\n<div data-page-id=\"AXfpf7H1odhDvGcKoUOcErN8nV7\" data-lark-html-role=\"root\" data-docx-has-block-data=\"false\">\n<div data-page-id=\"QYTKf5PvLdUNdbce2nBcW9yfnrh\" data-lark-html-role=\"root\" data-docx-has-block-data=\"false\">\n<div data-page-id=\"Pvu1f1CCBdxbjncA9pgcBTpanph\" data-lark-html-role=\"root\" data-docx-has-block-data=\"true\">\n<div data-page-id=\"Axf3fcmY8dDAhtcjVircBcphnPc\" data-lark-html-role=\"root\" data-docx-has-block-data=\"false\">\n<div data-page-id=\"KKj1f9SPmdLhhMc5E2AcNlLen6f\" data-lark-html-role=\"root\" data-docx-has-block-data=\"true\">\n<div data-page-id=\"Rx61fK1sJdXHjPcBuhZcweNhnwc\" data-lark-html-role=\"root\" data-docx-has-block-data=\"false\">\n<div data-page-id=\"L1H9fkG9Mdz45Fcy4WMc5VKXnRe\" data-lark-html-role=\"root\" data-docx-has-block-data=\"false\">\n<div data-page-id=\"L1H9fkG9Mdz45Fcy4WMc5VKXnRe\" data-lark-html-role=\"root\" data-docx-has-block-data=\"false\">\n<div data-page-id=\"D4XLfVBVrdE8mrcaYizczklLnaf\" data-lark-html-role=\"root\" data-docx-has-block-data=\"false\">\n<div data-page-id=\"WVcifIY44d5mhMcXtyEcTsfenGd\" data-lark-html-role=\"root\" data-docx-has-block-data=\"true\">\n<div data-page-id=\"LRknfa6Whd4DWCcUc0FcNKpJnyh\" data-lark-html-role=\"root\" data-docx-has-block-data=\"false\">\n<div data-page-id=\"LRknfa6Whd4DWCcUc0FcNKpJnyh\" data-lark-html-role=\"root\" data-docx-has-block-data=\"false\">\n<div data-page-id=\"XFRAfkcOEdRWh8cArQ2cJdyRnJf\" data-lark-html-role=\"root\" data-docx-has-block-data=\"true\">\n<div data-page-id=\"OQ3bfjnRddMTDGcC3ouc6xFKnWf\" data-lark-html-role=\"root\" data-docx-has-block-data=\"true\">\n<div data-page-id=\"J0iGfj1hEdjc4rcUdSmc4spMnmZ\" data-lark-html-role=\"root\" data-docx-has-block-data=\"false\">\n<div data-page-id=\"P1o7fFyNlduP8tcfZpQcagzbnIf\" data-lark-html-role=\"root\" data-docx-has-block-data=\"false\">\n<div class=\"ace-line ace-line old-record-id-P1o7fFyNlduP8tcfZpQcagzbnIf\">\n<div data-page-id=\"P1o7fFyNlduP8tcfZpQcagzbnIf\" data-lark-html-role=\"root\" data-docx-has-block-data=\"false\">\n<div data-page-id=\"U4iufW38SdttWKcTstMcTtHRnXc\" data-lark-html-role=\"root\" data-docx-has-block-data=\"true\">\n<div data-page-id=\"ONVMf7VTWddcFtcyATOchCJHnZb\" data-lark-html-role=\"root\" data-docx-has-block-data=\"true\">\n<div data-page-id=\"KoW2fSy0PdLHFlc5kSHcgvWMnYg\" data-lark-html-role=\"root\" data-docx-has-block-data=\"false\">\n<div data-page-id=\"KoW2fSy0PdLHFlc5kSHcgvWMnYg\" data-lark-html-role=\"root\" data-docx-has-block-data=\"false\">\n<div data-page-id=\"OLGhfzxC7d7EFIcLEj9cRT5ynZf\" data-lark-html-role=\"root\" data-docx-has-block-data=\"false\">\n<div data-page-id=\"DdnnfrLjzdqrFIc9Il9c7pA2noc\" data-lark-html-role=\"root\" data-docx-has-block-data=\"true\">\n<div data-page-id=\"KNzcf2o0oddkJOcztTVcqPdlnth\" data-lark-html-role=\"root\" data-docx-has-block-data=\"false\">\n<div data-page-id=\"LBU7fg5SEdkWhecGJoxca3xvnCe\" data-lark-html-role=\"root\" data-docx-has-block-data=\"false\">\n<div data-page-id=\"EB70fooS3d69bMcgWB7c5qb9n8g\" data-lark-html-role=\"root\" data-docx-has-block-data=\"false\">\n<div data-page-id=\"AogwfsZCadB6t0cAvF0cK4JLnvf\" data-lark-html-role=\"root\" data-docx-has-block-data=\"false\">\n<div data-page-id=\"AogwfsZCadB6t0cAvF0cK4JLnvf\" data-lark-html-role=\"root\" data-docx-has-block-data=\"false\">\n<div data-page-id=\"JMZIflNGddQuU0c5JZocSqlvnle\" data-lark-html-role=\"root\" data-docx-has-block-data=\"false\">\n<div data-page-id=\"JMZIflNGddQuU0c5JZocSqlvnle\" data-lark-html-role=\"root\" data-docx-has-block-data=\"true\">\n<div data-page-id=\"HtEafjjRIdPAlMc9zgYcsGy6nOe\" data-lark-html-role=\"root\" data-docx-has-block-data=\"false\">\n<div data-page-id=\"Rhnafz0WTdDeT9c43xxczsbVnJo\" data-lark-html-role=\"root\" data-docx-has-block-data=\"false\">\n<div data-page-id=\"WY0CfKdcTdf4hVcZl67ct5LGncf\" data-lark-html-role=\"root\" data-docx-has-block-data=\"true\">\n<div data-page-id=\"MkB5fF4AVdchovcoPEpc7LqvnOd\" data-lark-html-role=\"root\" data-docx-has-block-data=\"true\">\n<div data-page-id=\"MfbjfZhbhdJdA8cH1dAckqF0n6g\" data-lark-html-role=\"root\" data-docx-has-block-data=\"false\">\n<div class=\"ace-line ace-line old-record-id-W2AHfJLnjd7ugjcRLs1c8BdhnNh\">\n<div data-page-id=\"MfbjfZhbhdJdA8cH1dAckqF0n6g\" data-lark-html-role=\"root\" data-docx-has-block-data=\"false\">\n<div class=\"old-record-id-XXd1feeCZdR2hJc6evocxnh1nOg\">\n<div data-page-id=\"MfbjfZhbhdJdA8cH1dAckqF0n6g\" data-lark-html-role=\"root\" data-docx-has-block-data=\"false\">\n<div data-page-id=\"DE51fYUmxdT3ekcHzc3cGrVQnsc\" data-lark-html-role=\"root\" data-docx-has-block-data=\"false\">\n<div data-page-id=\"YSKdfaZ08dRej3ci5CccQBuOncc\" data-lark-html-role=\"root\" data-docx-has-block-data=\"true\">\n<div data-page-id=\"K6mofQmledamEFcgp1EcVobmnYd\" data-lark-html-role=\"root\" data-docx-has-block-data=\"false\">\n<div data-page-id=\"VTgsfVLdCd9q1ucYcwRcCM0Hnof\" data-lark-html-role=\"root\" data-docx-has-block-data=\"true\">\n<div data-page-id=\"WucKfzp8RdNy8rcMJHncz4Knnac\" data-lark-html-role=\"root\" data-docx-has-block-data=\"true\">\n<div data-page-id=\"IfZ9fDIBLd9b9hcJiqGcLw9Pnmh\" data-lark-html-role=\"root\" data-docx-has-block-data=\"false\">\n<div data-page-id=\"JeU6f3Yq5dbdEHcZDptc5ikcn5c\" data-lark-html-role=\"root\" data-docx-has-block-data=\"true\">\n<div data-page-id=\"E1YjfnB4Jdmtsfc2ZObcu04Un6c\" data-lark-html-role=\"root\" data-docx-has-block-data=\"false\">\n<div data-page-id=\"RQVEfdiOzdqTQKcRcnxcG0Y7nce\" data-lark-html-role=\"root\" data-docx-has-block-data=\"true\">\n<div data-page-id=\"NKc7fbZi9dnOXocdHcScVsXdnmh\" data-lark-html-role=\"root\" data-docx-has-block-data=\"false\">\n<div data-page-id=\"DaE3fgNEwdnbQVc62iqcBK4lnte\" data-lark-html-role=\"root\" data-docx-has-block-data=\"false\">\n<div data-page-id=\"DaE3fgNEwdnbQVc62iqcBK4lnte\" data-lark-html-role=\"root\" data-docx-has-block-data=\"false\">\n<div data-page-id=\"NqSRfcp5SdFQ6ucdStXcbvManpc\" data-lark-html-role=\"root\" data-docx-has-block-data=\"false\">\n<div data-page-id=\"KydBfoEuudJNYhcgRdAc3aeUn7c\" data-lark-html-role=\"root\" data-docx-has-block-data=\"true\">\n<div data-page-id=\"SIqXfR5ipd7jWpczA5RcYkWInfd\" data-lark-html-role=\"root\" data-docx-has-block-data=\"false\">\n<div data-page-id=\"Y06XfUzydd0aVicBtPKcZlS8nJf\" data-lark-html-role=\"root\" data-docx-has-block-data=\"true\">\n<div data-page-id=\"E2ZvfNrVNdEHKickexPcvdXVnrc\" data-lark-html-role=\"root\" data-docx-has-block-data=\"false\">\n<div data-page-id=\"DqGzfq5S4d9GdAcOQVIcIdPhn2c\" data-lark-html-role=\"root\" data-docx-has-block-data=\"false\">\n<h2 class=\"heading-2 ace-line old-record-id-K327f1CG3dZgv0cVs3Tc5SyXn4d\">Was macht den JNR SHISHA ULTRA 45000 Puffs besonders?<\/h2>\n<div class=\"ace-line ace-line old-record-id-CzKJfeNXqdche9ctjnVca1gNngf\">Dieses Einweg-DTL (Direct to Lung) Ger\u00e4t ist nicht nur ein weiteres Vape-Produkt \u2014 es wurde mit Liebe zum Detail gefertigt, von seinem hochwertigen \u00c4u\u00dferen bis zu seinen leistungsstarken internen Komponenten. Lassen Sie uns die wichtigsten Merkmale aufschl\u00fcsseln, die es zur besten Wahl f\u00fcr Dampfer aller Erfahrungsstufen machen.<\/div>\n<h3 class=\"heading-3 ace-line old-record-id-SUFPfmFuodKypPcH99NcD1bSnJd\">Elegantes Design &amp; Hochwertiges Gef\u00fchl<\/h3>\n<div class=\"ace-line ace-line old-record-id-VslqfCuk0dLnHbcaDvrcY9HPnMf\">Vergessen Sie klobige, billig aussehende Einwegprodukte. Der JNR SHISHA ULTRA 45000 Puffs verf\u00fcgt \u00fcber ein Leder\u00e4u\u00dferes, das sich luxuri\u00f6s in Ihrer Hand anf\u00fchlt und einen Hauch von Raffinesse verleiht. Es geht jedoch nicht nur um das Aussehen \u2014 das kompakte, ergonomische Design macht es einfach, es in Ihrer Tasche oder Tasche zu tragen, sodass Sie Ihre Lieblingsgeschm\u00e4cker \u00fcberall und jederzeit genie\u00dfen k\u00f6nnen. \u2728<\/div>\n<h3 class=\"heading-3 ace-line old-record-id-OegOfPsEqdl5kvcswsOcOu1dn0c\">Langanhaltender Genuss ohne Aufwand<\/h3>\n<div class=\"ace-line ace-line old-record-id-C9qofZfAtdV4hucTDyscs78xnDe\">Eine der gr\u00f6\u00dften Frustrationen bei Einweg-Vapes ist, dass das E-Liquid oder die Batterie zu fr\u00fch leer ist. Dieses Ger\u00e4t l\u00f6st das Problem mit gro\u00dfz\u00fcgigen 40 ml E-Liquid, die bis zu 45.000 Z\u00fcge liefern \u2014 das sind Wochen des konstanten Dampfens, ohne das Ger\u00e4t ersetzen zu m\u00fcssen. \ud83c\udf89<\/div>\n<h3 class=\"heading-3 ace-line old-record-id-NNHJfX5U2dgRkKcIMrTcIBNKn0b\">Leistungsstarker Akku &amp; Schnellladung<\/h3>\n<div class=\"ace-line ace-line old-record-id-XJ8bfAGNyd4xe1cEo5HcVaPpnac\">Ausgestattet mit einem 1100mAh Akku liefert der JNR SHISHA ULTRA 45000 Puffs von Anfang bis Ende starken, gleichm\u00e4\u00dfigen Dampf. Und wenn Sie eine Ladung ben\u00f6tigen, sorgt der Type-C-Anschluss f\u00fcr schnelles, bequemes Laden \u2014 kein stundenlanges Warten mehr, um wieder dampfen zu k\u00f6nnen. \ud83d\udd0b<\/div>\n<h3 class=\"heading-3 ace-line old-record-id-PmDXfGqDgdrkvzcpybMcbeLcn6f\">Reichhaltiger Dampf &amp; Anpassbare Erfahrung<\/h3>\n<div class=\"ace-line ace-line old-record-id-CeFkfqp48dNmCOc4X0tcz3jNnMd\">Das Ger\u00e4t verf\u00fcgt \u00fcber eine 1,20 Mesh-Spule, mit dreifachen Mesh-Optionen, um reichhaltigen, glatten Dampf zu erzeugen, der den vollen Geschmack jedes E-Liquids zur Geltung bringt. Es hat auch einstellbare Luftzufuhr, sodass Sie den Zug an Ihre Vorlieben anpassen k\u00f6nnen \u2014 ob Sie einen engen, konzentrierten Zug oder einen glatten, luftigen Zug m\u00f6gen. Au\u00dferdem erm\u00f6glicht das sichtbare E-Liquid-Fenster einen schnellen Blick darauf, wie viel noch \u00fcbrig ist, sodass Sie nie unerwartet ohne E-Liquid dastehen. \ud83c\udf2c\ufe0f<\/div>\n<h3 class=\"heading-3 ace-line old-record-id-CVPXf63SzdJljCcwgIscSyH8nWf\">Intelligente Batteriedisplay f\u00fcr ein beruhigendes Gef\u00fchl<\/h3>\n<div class=\"ace-line ace-line old-record-id-FYI4fP00IdgEfbcv6uxcQoFTnah\">Fragen Sie sich, wie viel Batterie Sie noch haben? Das intelligente Batteriedisplay zeigt die aktuellen Leistungsniveaus in Echtzeit an, sodass Sie immer wissen, wann es Zeit ist, aufzuladen. Kein R\u00e4tselraten mehr oder unangenehm \u00fcberrascht werden von einem leeren Ger\u00e4t. \ud83d\udcca<br \/>\n<img decoding=\"async\" class=\"wp-image-6834 size-full\" title=\"JNRPUFF SHISHA ULTRA 45K POST\" src=\"https:\/\/oiovape.com\/wp-content\/uploads\/2026\/02\/JNRPUFF-SHISHA-ULTRA-45K-POST.jpg\" alt=\"JNRPUFF SHISHA ULTRA 45K POST\" width=\"1920\" height=\"1080\" srcset=\"https:\/\/oiovape.com\/wp-content\/uploads\/2026\/02\/JNRPUFF-SHISHA-ULTRA-45K-POST.jpg 1920w, https:\/\/oiovape.com\/wp-content\/uploads\/2026\/02\/JNRPUFF-SHISHA-ULTRA-45K-POST-300x169.jpg 300w, https:\/\/oiovape.com\/wp-content\/uploads\/2026\/02\/JNRPUFF-SHISHA-ULTRA-45K-POST-1024x576.jpg 1024w, https:\/\/oiovape.com\/wp-content\/uploads\/2026\/02\/JNRPUFF-SHISHA-ULTRA-45K-POST-768x432.jpg 768w, https:\/\/oiovape.com\/wp-content\/uploads\/2026\/02\/JNRPUFF-SHISHA-ULTRA-45K-POST-1536x864.jpg 1536w, https:\/\/oiovape.com\/wp-content\/uploads\/2026\/02\/JNRPUFF-SHISHA-ULTRA-45K-POST-18x10.jpg 18w, https:\/\/oiovape.com\/wp-content\/uploads\/2026\/02\/JNRPUFF-SHISHA-ULTRA-45K-POST-1200x675.jpg 1200w, https:\/\/oiovape.com\/wp-content\/uploads\/2026\/02\/JNRPUFF-SHISHA-ULTRA-45K-POST-150x84.jpg 150w\" sizes=\"(max-width: 1920px) 100vw, 1920px\" \/><\/div>\n<h2 class=\"heading-2 ace-line old-record-id-Fj4GfjVePdpaARcVfY0cplumnRH\">Warum den JNR SHISHA ULTRA 45000 Puffs w\u00e4hlen?<\/h2>\n<div class=\"ace-line ace-line old-record-id-ZTmnfWhzGd0903cnMJXcWK33nOb\">Bei so vielen Einweg-Vapes auf dem Markt fragen Sie sich vielleicht, was dieses Modell von anderen unterscheidet. Hier sind die Gr\u00fcnde, warum es die perfekte Wahl f\u00fcr Sie ist:<\/div>\n<ul class=\"list-bullet1\">\n<li class=\"ace-line ace-line old-record-id-CoaffcrFpdUnm9c4tdfcyPv1nmg\" data-list=\"bullet\">\n<div>Kein Aufwand: Es ist ein Einwegger\u00e4t, also packen Sie es einfach aus, beginnen Sie zu dampfen und werfen Sie es weg, wenn Sie fertig sind \u2014 kein Nachf\u00fcllen, kein Wechseln der Spulen, keine Wartung.<\/div>\n<\/li>\n<li class=\"ace-line ace-line old-record-id-FM8mfZJ8WdzhomcYQDPciNKQn4c\" data-list=\"bullet\">\n<div>Langanhaltend: 45000 Z\u00fcge bedeuten, dass Sie es nicht st\u00e4ndig ersetzen m\u00fcssen, was Ihnen Zeit und Geld spart.<\/div>\n<\/li>\n<li class=\"ace-line ace-line old-record-id-CpEhfDf1Kdpbg7cYa5ac5tpJn5c\" data-list=\"bullet\">\n<div>Hochwertige Qualit\u00e4t: Vom Leder\u00e4u\u00dferen bis zu den Mesh-Spulen ist jedes Teil auf Langlebigkeit und Leistung ausgelegt.<\/div>\n<\/li>\n<li class=\"ace-line ace-line old-record-id-EPxcf5BaTdMGfFcWgUDcSiLenBm\" data-list=\"bullet\">\n<div>Anpassbar: Einstellbare Luftzufuhr und dreifache Mesh-Optionen erm\u00f6glichen es Ihnen, Ihr Dampferlebnis nach Ihrem Geschmack zu gestalten.<\/div>\n<\/li>\n<li class=\"ace-line ace-line old-record-id-XxxnfVPFAdtSGAcJUOicf1ernFb\" data-list=\"bullet\">\n<div>Praktisch: Schnelles Type-C-Laden, sichtbares E-Liquid und ein intelligentes Batteriedisplay machen die t\u00e4gliche Nutzung einfach.<\/div>\n<\/li>\n<\/ul>\n<h2 class=\"heading-2 ace-line old-record-id-QSuafoyRDdLhRIcffGEcYuQInkc\">Entdecken Sie die k\u00f6stlichen Geschm\u00e4cker<\/h2>\n<div class=\"ace-line ace-line old-record-id-K9KofmZY3dKcIqcagHUceNDankf\">Der JNR SHISHA ULTRA 45000 Puffs ist in 16 k\u00f6stlichen Geschm\u00e4ckern erh\u00e4ltlich, die alle darauf ausgelegt sind, einen kr\u00e4ftigen, authentischen Geschmack zu liefern. Jeder Geschmacksname beginnt mit einem Gro\u00dfbuchstaben, der Rest ist in Kleinbuchstaben \u2014 perfekt, um Ihren neuen Favoriten zu finden:<\/div>\n<h4 class=\"heading-4 ace-line old-record-id-PG97fmxX0d33EfcyjS8chD6Xnye\">Erfrischende Minzgeschm\u00e4cker<\/h4>\n<div class=\"ace-line ace-line old-record-id-MWCYfIJRGdl7e4cePancDDndn4c\">Ideal f\u00fcr Dampfer, die einen knackigen, k\u00fchlenden Zug lieben, sind diese minzigen Optionen perfekt f\u00fcr jede Tageszeit:<\/div>\n<ul class=\"list-bullet1\">\n<li class=\"ace-line ace-line old-record-id-O9FIfWMaQd5PHkcnopWcoa7bn0u\" data-list=\"bullet\">\n<div>Minze: Ein klassischer, reiner Minzgeschmack, der Ihren Gaumen mit jedem Zug k\u00fchlt. \u2744\ufe0f<\/div>\n<\/li>\n<li class=\"ace-line ace-line old-record-id-XFTIfLXeBdSCbNcj19Lcbo6lnCg\" data-list=\"bullet\">\n<div>Kaugummi-Minze: Der frische, sprudelnde Geschmack von Minzkaugummi, mit einer subtilen S\u00fc\u00dfe und k\u00fchlendem Abgang.<\/div>\n<\/li>\n<li class=\"ace-line ace-line old-record-id-ZKFjf2EybdutVtcGZFOcnsCcnbh\" data-list=\"bullet\">\n<div>Blaubeere-Minze: Saftige Blaubeeren treffen auf knackige Minze, f\u00fcr eine s\u00fc\u00dfe und erfrischende Kombination.<\/div>\n<\/li>\n<li class=\"ace-line ace-line old-record-id-YoBUfEkisdXhH4chtBaceZ5Gn5g\" data-list=\"bullet\">\n<div>Zitrone-Minze: Spritzige Zitrone kombiniert mit k\u00fchlender Minze, hell und belebend.<\/div>\n<\/li>\n<li class=\"ace-line ace-line old-record-id-WEwof69zjdzJ6NcywOjcbgUfnIL\" data-list=\"bullet\">\n<div>Menthol: Ein starker, glatter Mentholgeschmack, der eine befriedigende K\u00fchle liefert.<\/div>\n<\/li>\n<li class=\"ace-line ace-line old-record-id-OeFvfTI6Wdem2TctlTrcwfEkneg\" data-list=\"bullet\">\n<div>Gr\u00fcner Minze: Frische gr\u00fcne Minze mit einer leichten, kr\u00e4uterigen Note, perfekt f\u00fcr einen milderen Minzgeschmack.<\/div>\n<\/li>\n<\/ul>\n<h4 class=\"heading-4 ace-line old-record-id-LLm8fQ7x8dgHs8c5jDNc3gRZnsh\">S\u00fc\u00dfe &amp; Fruchtige Geschm\u00e4cker<\/h4>\n<div class=\"ace-line ace-line old-record-id-MF4HfaBCldAo8ecmuyacq1AgnXc\">Mit frischen Fruchtgeschm\u00e4ckern gef\u00fcllt, sind diese Optionen s\u00fc\u00df, lebhaft und voller Charakter:<\/div>\n<ul class=\"list-bullet1\">\n<li class=\"ace-line ace-line old-record-id-KHCEfMPH3dzSLDc1P9scSURFngc\" data-list=\"bullet\">\n<div>Erdbeer-Punsch: S\u00fc\u00dfe, reife Erdbeeren gemischt mit einem spritzigen Punsch, fruchtig und erfrischend.<\/div>\n<\/li>\n<li class=\"ace-line ace-line old-record-id-Cwu6fVsPsd5UNmcHpLqcvhaRnJc\" data-list=\"bullet\">\n<div>Pfirsich-Eis: Saftiger, reifer Pfirsich kombiniert mit einem Hauch von Eis, f\u00fcr eine s\u00fc\u00dfe und k\u00fchlende Leckerei.<\/div>\n<\/li>\n<li class=\"ace-line ace-line old-record-id-T4ylf6KzHdXiT9c9f3KcQLvgnsg\" data-list=\"bullet\">\n<div>Blaubeere-Himbeere: Fette Blaubeeren und herbe Himbeeren, ein kr\u00e4ftiger, beeriger Geschmack.<\/div>\n<\/li>\n<li class=\"ace-line ace-line old-record-id-WaBHfA7kOd2lmEcTzSrcIYdMn9f\" data-list=\"bullet\">\n<div>Erdbeer-Kirsche: S\u00fc\u00dfe Erdbeeren und saftige Kirschen, eine klassische, fruchtige Kombination.<\/div>\n<\/li>\n<li class=\"ace-line ace-line old-record-id-UsZIfqV0wdKZPtcTVQdcvKGWnch\" data-list=\"bullet\">\n<div>Gemischte Beeren: Eine Mischung aus frischen Beeren \u2014 s\u00fc\u00df, herb und perfekt ausgewogen.<\/div>\n<\/li>\n<li class=\"ace-line ace-line old-record-id-NfZMfP3ZBdYZOvcH2VacHAESn6c\" data-list=\"bullet\">\n<div>Mango-Ananas: Tropische Mango und s\u00fc\u00dfe Ananas, ein sonniger, fruchtiger Genuss.<\/div>\n<\/li>\n<li class=\"ace-line ace-line old-record-id-Bs7GfwcjYduyzHcB6ggcoKNXnGl\" data-list=\"bullet\">\n<div>Kirsch-Fiesta: Saftige, reife Kirschen mit einem Hauch von S\u00fc\u00dfe, kr\u00e4ftig und k\u00f6stlich.<\/div>\n<\/li>\n<li class=\"ace-line ace-line old-record-id-VimDfRWMud1Vnqcajecca86DnPb\" data-list=\"bullet\">\n<div>Sommer-Pfirsiche: Frische, reife Pfirsiche mit einem leichten, sommerlichen Flair, s\u00fc\u00df und glatt.<\/div>\n<\/li>\n<\/ul>\n<h4 class=\"heading-4 ace-line old-record-id-JfNKfpkjJdvvhHcQAjmciYWNnvU\">Einzigartig &amp; Unwiderstehlich<\/h4>\n<div class=\"ace-line ace-line old-record-id-NvHufiuNUdjISUcmIF3caYirn3c\">F\u00fcr Dampfer, die etwas anderes lieben, wird dieser Geschmack sicher beeindrucken:<\/div>\n<ul class=\"list-bullet1\">\n<li class=\"ace-line ace-line old-record-id-XlWSfsGz9d8K57c8HnpcAoHLn7f\" data-list=\"bullet\">\n<div>Magische Liebe: Eine einzigartige, s\u00fc\u00dfe Mischung, die schwer zu widerstehen ist \u2014 warm, tr\u00f6stlich und voller Geschmack. \u2764\ufe0f<\/div>\n<\/li>\n<li class=\"ace-line ace-line old-record-id-Bw3UfbOs3d80PGcRNRVc5wSMnlh\" data-list=\"bullet\">\n<div>Sommertraum: Eine leichte, fruchtige Mischung, die sich wie eine Sommerbrise anf\u00fchlt \u2014 frisch, s\u00fc\u00df und erhebend.<\/div>\n<\/li>\n<\/ul>\n<\/div>\n<div class=\"ace-line ace-line old-record-id-C7fMf0jNDdroeRcGED7c9IQbnUo\">\n<div data-page-id=\"E2ZvfNrVNdEHKickexPcvdXVnrc\" data-lark-html-role=\"root\" data-docx-has-block-data=\"true\"><\/div>\n<\/div>\n<\/div>\n<\/div>\n<\/div>\n<\/div>\n<\/div>\n<\/div>\n<\/div>\n<\/div>\n<\/div>\n<\/div>\n<\/div>\n<\/div>\n<\/div>\n<\/div>\n<\/div>\n<\/div>\n<\/div>\n<\/div>\n<\/div>\n<\/div>\n<\/div>\n<\/div>\n<\/div>\n<\/div>\n<\/div>\n<\/div>\n<\/div>\n<\/div>\n<\/div>\n<\/div>\n<\/div>\n<\/div>\n<\/div>\n<\/div>\n<\/div>\n<\/div>\n<\/div>\n<\/div>\n<\/div>\n<\/div>\n<\/div>\n<\/div>\n<\/div>\n<\/div>\n<\/div>\n<\/div>\n<\/div>\n<\/div>\n<\/div>\n<\/div>\n<\/div>\n<\/div>\n<\/div>\n<\/div>\n<\/div>\n<\/div>\n<\/div>\n<\/div>\n<\/div>\n<\/div>\n<\/div>\n<\/div>\n<\/div>\n<\/div>\n<\/div>\n<\/div>\n<\/div>\n<\/div>\n<\/div>\n<\/div>\n<\/div>\n<\/div>\n<\/div>\n<\/div>\n<\/div>\n<\/div>\n<\/div>\n<\/div>\n<\/div>\n<\/div>\n<\/div>\n<\/div>","protected":false},"excerpt":{"rendered":"<div data-page-id=\"RAopf2sw9dtvw4cWYXpcTwo0n8g\" data-lark-html-role=\"root\" data-docx-has-block-data=\"false\">\n<div class=\"ace-line ace-line old-record-id-Uju9f3RXYd8dh2crAJbcBF3Un6M\">\n<div data-page-id=\"Dd8gfe2wRdT66jcgnqtcUwg5ndh\" data-lark-html-role=\"root\" data-docx-has-block-data=\"false\">\n<div class=\"ace-line ace-line old-record-id-FiRZf3qXpdK0RqcHt8wcxPTon8b\">JNR SHISHA ULTRA 45000 Z\u00fcge ist ein hochwertiges Einweg-DTL-Vape mit einem eleganten Lederdesign und 40 ml E-Liquid f\u00fcr 45K Z\u00fcge. Es verf\u00fcgt \u00fcber einen 1100mAh Type-C wiederaufladbaren Akku, einstellbaren Luftstrom, Mesh-Coils und eine intelligente Batteriestandsanzeige. 16 k\u00f6stliche Geschm\u00e4cker reichen von minzig bis fruchtig und passen zu den Vorlieben aller Dampfer f\u00fcr ein m\u00fcheloses, anpassbares Erlebnis.<\/div>\n<\/div>\n<\/div>\n<\/div>","protected":false},"featured_media":6833,"comment_status":"open","ping_status":"closed","template":"","meta":{"_acf_changed":false,"inline_featured_image":false,"_sitemap_exclude":false,"_sitemap_priority":"","_sitemap_frequency":""},"product_brand":[88],"product_cat":[77,383],"product_tag":[],"class_list":{"0":"post-6822","1":"product","2":"type-product","3":"status-publish","4":"has-post-thumbnail","6":"product_brand-jnr","7":"product_cat-jnr-puff","8":"product_cat-shisha-vape","10":"first","11":"instock","12":"sale","13":"shipping-taxable","14":"purchasable","15":"product-type-variable","16":"has-default-attributes"},"acf":[],"tiered_pricing_type":"fixed","tiered_pricing_fixed_rules":{"30":9.47,"60":8.59,"100":7.99,"200":7.46},"tiered_pricing_product_settings":{"layout":"default","base_unit_name":{"singular":null,"plural":null},"default_variation":null},"tiered_pricing_minimum_quantity":10,"tiered_pricing_roles_data":[],"tiered_pricing_percentage_rules":[],"tiered_pricing_maximum_quantity":null,"tiered_pricing_quantity_step":"10","_links":{"self":[{"href":"https:\/\/oiovape.com\/de\/wp-json\/wp\/v2\/product\/6822","targetHints":{"allow":["GET"]}}],"collection":[{"href":"https:\/\/oiovape.com\/de\/wp-json\/wp\/v2\/product"}],"about":[{"href":"https:\/\/oiovape.com\/de\/wp-json\/wp\/v2\/types\/product"}],"replies":[{"embeddable":true,"href":"https:\/\/oiovape.com\/de\/wp-json\/wp\/v2\/comments?post=6822"}],"version-history":[{"count":0,"href":"https:\/\/oiovape.com\/de\/wp-json\/wp\/v2\/product\/6822\/revisions"}],"wp:featuredmedia":[{"embeddable":true,"href":"https:\/\/oiovape.com\/de\/wp-json\/wp\/v2\/media\/6833"}],"wp:attachment":[{"href":"https:\/\/oiovape.com\/de\/wp-json\/wp\/v2\/media?parent=6822"}],"wp:term":[{"taxonomy":"product_brand","embeddable":true,"href":"https:\/\/oiovape.com\/de\/wp-json\/wp\/v2\/product_brand?post=6822"},{"taxonomy":"product_cat","embeddable":true,"href":"https:\/\/oiovape.com\/de\/wp-json\/wp\/v2\/product_cat?post=6822"},{"taxonomy":"product_tag","embeddable":true,"href":"https:\/\/oiovape.com\/de\/wp-json\/wp\/v2\/product_tag?post=6822"}],"curies":[{"name":"wp","href":"https:\/\/api.w.org\/{rel}","templated":true}]}}