{"id":6852,"date":"2026-02-07T15:00:25","date_gmt":"2026-02-07T07:00:25","guid":{"rendered":"https:\/\/oiovape.com\/?post_type=product&#038;p=6852"},"modified":"2026-02-10T11:14:42","modified_gmt":"2026-02-10T03:14:42","slug":"jnr-lionking-42000-puffs","status":"publish","type":"product","link":"https:\/\/oiovape.com\/de\/product\/jnr-lionking-42000-puffs\/","title":{"rendered":"JNR LionKing 42000 PUFFS Dual Mesh Coil Smart Display Screen Wiederaufladbarer Einweg-Vape-Stift"},"content":{"rendered":"<div data-page-id=\"ZVeMfq8uxd7y1ycuKm5cym4LnYd\" data-lark-html-role=\"root\" data-docx-has-block-data=\"false\">\n<div data-page-id=\"Fd41fZ5N9dzRQtcRNoVc2FuDnCh\" data-lark-html-role=\"root\" data-docx-has-block-data=\"true\">\n<div data-page-id=\"BdIJfeeijdk1eucGpS8cDCBBn5c\" data-lark-html-role=\"root\" data-docx-has-block-data=\"false\">\n<div data-page-id=\"Zbg9fWx77dUuh2cIYpic25c8nyd\" data-lark-html-role=\"root\" data-docx-has-block-data=\"false\">\n<div data-page-id=\"KaIvfiurhdlCKdc0kyxcX64cnE6\" data-lark-html-role=\"root\" data-docx-has-block-data=\"true\">\n<div data-page-id=\"PbvFfqxqlddUTScRpEYcY5MHnpf\" data-lark-html-role=\"root\" data-docx-has-block-data=\"true\">\n<div data-page-id=\"GZO2f5JeudwY4jc9iJtcdk9Hnxh\" data-lark-html-role=\"root\" data-docx-has-block-data=\"false\">\n<div data-page-id=\"EZVRf2acFduXLGcseZFc4qH2n6e\" data-lark-html-role=\"root\" data-docx-has-block-data=\"false\">\n<div data-page-id=\"B8rHfcqlqdzmH5cCWCncz17Cntb\" data-lark-html-role=\"root\" data-docx-has-block-data=\"false\">\n<div data-page-id=\"B8rHfcqlqdzmH5cCWCncz17Cntb\" data-lark-html-role=\"root\" data-docx-has-block-data=\"false\">\n<div data-page-id=\"B8rHfcqlqdzmH5cCWCncz17Cntb\" data-lark-html-role=\"root\" data-docx-has-block-data=\"true\">\n<div data-page-id=\"HM70f1aoxdD0bMcxJZBcVc7ynZd\" data-lark-html-role=\"root\" data-docx-has-block-data=\"false\">\n<div data-page-id=\"NSrJfN7Ord22i0c1iwZcsF8yn8b\" data-lark-html-role=\"root\" data-docx-has-block-data=\"false\">\n<div data-page-id=\"RXEff4Mskds8o1cqL5HcGEtUnCh\" data-lark-html-role=\"root\" data-docx-has-block-data=\"false\">\n<div data-page-id=\"KJ7gfqkVndMSRJcMseScmvYwnTc\" data-lark-html-role=\"root\" data-docx-has-block-data=\"false\">\n<div class=\"ace-line ace-line old-record-id-QADAfETPudgmudc05YvcTO5fnxe\">\n<div data-page-id=\"KJ7gfqkVndMSRJcMseScmvYwnTc\" data-lark-html-role=\"root\" data-docx-has-block-data=\"false\">\n<div class=\"ace-line ace-line old-record-id-JoRkfpho8dOkiacEOascDyCOncb\">\n<div data-page-id=\"KJ7gfqkVndMSRJcMseScmvYwnTc\" data-lark-html-role=\"root\" data-docx-has-block-data=\"false\">\n<div data-page-id=\"Ju6ofQ3V4dGmePcVvJvc1gmcnZb\" data-lark-html-role=\"root\" data-docx-has-block-data=\"true\">\n<div data-page-id=\"PR9ife5PLdFabccbFgZcWgZOnTc\" data-lark-html-role=\"root\" data-docx-has-block-data=\"false\">\n<div data-page-id=\"INdrfOIGzdaenXcptrcc1BcznQc\" data-lark-html-role=\"root\" data-docx-has-block-data=\"false\">\n<div class=\"ace-line ace-line old-record-id-P0fIf4YaZdoGkbcxt5ackec2nnb\">\n<div data-page-id=\"INdrfOIGzdaenXcptrcc1BcznQc\" data-lark-html-role=\"root\" data-docx-has-block-data=\"false\">\n<div data-page-id=\"MAzCfUB73dMTQscm8eWcougVn1g\" data-lark-html-role=\"root\" data-docx-has-block-data=\"true\">\n<div data-page-id=\"AXfpf7H1odhDvGcKoUOcErN8nV7\" data-lark-html-role=\"root\" data-docx-has-block-data=\"false\">\n<div data-page-id=\"QYTKf5PvLdUNdbce2nBcW9yfnrh\" data-lark-html-role=\"root\" data-docx-has-block-data=\"false\">\n<div data-page-id=\"Pvu1f1CCBdxbjncA9pgcBTpanph\" data-lark-html-role=\"root\" data-docx-has-block-data=\"true\">\n<div data-page-id=\"Axf3fcmY8dDAhtcjVircBcphnPc\" data-lark-html-role=\"root\" data-docx-has-block-data=\"false\">\n<div data-page-id=\"KKj1f9SPmdLhhMc5E2AcNlLen6f\" data-lark-html-role=\"root\" data-docx-has-block-data=\"true\">\n<div data-page-id=\"Rx61fK1sJdXHjPcBuhZcweNhnwc\" data-lark-html-role=\"root\" data-docx-has-block-data=\"false\">\n<div data-page-id=\"L1H9fkG9Mdz45Fcy4WMc5VKXnRe\" data-lark-html-role=\"root\" data-docx-has-block-data=\"false\">\n<div data-page-id=\"L1H9fkG9Mdz45Fcy4WMc5VKXnRe\" data-lark-html-role=\"root\" data-docx-has-block-data=\"false\">\n<div data-page-id=\"D4XLfVBVrdE8mrcaYizczklLnaf\" data-lark-html-role=\"root\" data-docx-has-block-data=\"false\">\n<div data-page-id=\"WVcifIY44d5mhMcXtyEcTsfenGd\" data-lark-html-role=\"root\" data-docx-has-block-data=\"true\">\n<div data-page-id=\"LRknfa6Whd4DWCcUc0FcNKpJnyh\" data-lark-html-role=\"root\" data-docx-has-block-data=\"false\">\n<div data-page-id=\"LRknfa6Whd4DWCcUc0FcNKpJnyh\" data-lark-html-role=\"root\" data-docx-has-block-data=\"false\">\n<div data-page-id=\"XFRAfkcOEdRWh8cArQ2cJdyRnJf\" data-lark-html-role=\"root\" data-docx-has-block-data=\"true\">\n<div data-page-id=\"OQ3bfjnRddMTDGcC3ouc6xFKnWf\" data-lark-html-role=\"root\" data-docx-has-block-data=\"true\">\n<div data-page-id=\"J0iGfj1hEdjc4rcUdSmc4spMnmZ\" data-lark-html-role=\"root\" data-docx-has-block-data=\"false\">\n<div data-page-id=\"P1o7fFyNlduP8tcfZpQcagzbnIf\" data-lark-html-role=\"root\" data-docx-has-block-data=\"false\">\n<div class=\"ace-line ace-line old-record-id-P1o7fFyNlduP8tcfZpQcagzbnIf\">\n<div data-page-id=\"P1o7fFyNlduP8tcfZpQcagzbnIf\" data-lark-html-role=\"root\" data-docx-has-block-data=\"false\">\n<div data-page-id=\"U4iufW38SdttWKcTstMcTtHRnXc\" data-lark-html-role=\"root\" data-docx-has-block-data=\"true\">\n<div data-page-id=\"ONVMf7VTWddcFtcyATOchCJHnZb\" data-lark-html-role=\"root\" data-docx-has-block-data=\"true\">\n<div data-page-id=\"KoW2fSy0PdLHFlc5kSHcgvWMnYg\" data-lark-html-role=\"root\" data-docx-has-block-data=\"false\">\n<div data-page-id=\"KoW2fSy0PdLHFlc5kSHcgvWMnYg\" data-lark-html-role=\"root\" data-docx-has-block-data=\"false\">\n<div data-page-id=\"OLGhfzxC7d7EFIcLEj9cRT5ynZf\" data-lark-html-role=\"root\" data-docx-has-block-data=\"false\">\n<div data-page-id=\"DdnnfrLjzdqrFIc9Il9c7pA2noc\" data-lark-html-role=\"root\" data-docx-has-block-data=\"true\">\n<div data-page-id=\"KNzcf2o0oddkJOcztTVcqPdlnth\" data-lark-html-role=\"root\" data-docx-has-block-data=\"false\">\n<div data-page-id=\"LBU7fg5SEdkWhecGJoxca3xvnCe\" data-lark-html-role=\"root\" data-docx-has-block-data=\"false\">\n<div data-page-id=\"EB70fooS3d69bMcgWB7c5qb9n8g\" data-lark-html-role=\"root\" data-docx-has-block-data=\"false\">\n<div data-page-id=\"AogwfsZCadB6t0cAvF0cK4JLnvf\" data-lark-html-role=\"root\" data-docx-has-block-data=\"false\">\n<div data-page-id=\"AogwfsZCadB6t0cAvF0cK4JLnvf\" data-lark-html-role=\"root\" data-docx-has-block-data=\"false\">\n<div data-page-id=\"JMZIflNGddQuU0c5JZocSqlvnle\" data-lark-html-role=\"root\" data-docx-has-block-data=\"false\">\n<div data-page-id=\"JMZIflNGddQuU0c5JZocSqlvnle\" data-lark-html-role=\"root\" data-docx-has-block-data=\"true\">\n<div data-page-id=\"HtEafjjRIdPAlMc9zgYcsGy6nOe\" data-lark-html-role=\"root\" data-docx-has-block-data=\"false\">\n<div data-page-id=\"Rhnafz0WTdDeT9c43xxczsbVnJo\" data-lark-html-role=\"root\" data-docx-has-block-data=\"false\">\n<div data-page-id=\"WY0CfKdcTdf4hVcZl67ct5LGncf\" data-lark-html-role=\"root\" data-docx-has-block-data=\"true\">\n<div data-page-id=\"MkB5fF4AVdchovcoPEpc7LqvnOd\" data-lark-html-role=\"root\" data-docx-has-block-data=\"true\">\n<div data-page-id=\"MfbjfZhbhdJdA8cH1dAckqF0n6g\" data-lark-html-role=\"root\" data-docx-has-block-data=\"false\">\n<div class=\"ace-line ace-line old-record-id-W2AHfJLnjd7ugjcRLs1c8BdhnNh\">\n<div data-page-id=\"MfbjfZhbhdJdA8cH1dAckqF0n6g\" data-lark-html-role=\"root\" data-docx-has-block-data=\"false\">\n<div class=\"old-record-id-XXd1feeCZdR2hJc6evocxnh1nOg\">\n<div data-page-id=\"MfbjfZhbhdJdA8cH1dAckqF0n6g\" data-lark-html-role=\"root\" data-docx-has-block-data=\"false\">\n<div data-page-id=\"DE51fYUmxdT3ekcHzc3cGrVQnsc\" data-lark-html-role=\"root\" data-docx-has-block-data=\"false\">\n<div data-page-id=\"YSKdfaZ08dRej3ci5CccQBuOncc\" data-lark-html-role=\"root\" data-docx-has-block-data=\"true\">\n<div data-page-id=\"K6mofQmledamEFcgp1EcVobmnYd\" data-lark-html-role=\"root\" data-docx-has-block-data=\"false\">\n<div data-page-id=\"VTgsfVLdCd9q1ucYcwRcCM0Hnof\" data-lark-html-role=\"root\" data-docx-has-block-data=\"true\">\n<div data-page-id=\"WucKfzp8RdNy8rcMJHncz4Knnac\" data-lark-html-role=\"root\" data-docx-has-block-data=\"true\">\n<div data-page-id=\"IfZ9fDIBLd9b9hcJiqGcLw9Pnmh\" data-lark-html-role=\"root\" data-docx-has-block-data=\"false\">\n<div data-page-id=\"JeU6f3Yq5dbdEHcZDptc5ikcn5c\" data-lark-html-role=\"root\" data-docx-has-block-data=\"true\">\n<div data-page-id=\"E1YjfnB4Jdmtsfc2ZObcu04Un6c\" data-lark-html-role=\"root\" data-docx-has-block-data=\"false\">\n<div data-page-id=\"RQVEfdiOzdqTQKcRcnxcG0Y7nce\" data-lark-html-role=\"root\" data-docx-has-block-data=\"true\">\n<div data-page-id=\"NKc7fbZi9dnOXocdHcScVsXdnmh\" data-lark-html-role=\"root\" data-docx-has-block-data=\"false\">\n<div data-page-id=\"DaE3fgNEwdnbQVc62iqcBK4lnte\" data-lark-html-role=\"root\" data-docx-has-block-data=\"false\">\n<div data-page-id=\"DaE3fgNEwdnbQVc62iqcBK4lnte\" data-lark-html-role=\"root\" data-docx-has-block-data=\"false\">\n<div data-page-id=\"NqSRfcp5SdFQ6ucdStXcbvManpc\" data-lark-html-role=\"root\" data-docx-has-block-data=\"false\">\n<div data-page-id=\"KydBfoEuudJNYhcgRdAc3aeUn7c\" data-lark-html-role=\"root\" data-docx-has-block-data=\"true\">\n<div data-page-id=\"SIqXfR5ipd7jWpczA5RcYkWInfd\" data-lark-html-role=\"root\" data-docx-has-block-data=\"false\">\n<div data-page-id=\"Y06XfUzydd0aVicBtPKcZlS8nJf\" data-lark-html-role=\"root\" data-docx-has-block-data=\"true\">\n<div data-page-id=\"E2ZvfNrVNdEHKickexPcvdXVnrc\" data-lark-html-role=\"root\" data-docx-has-block-data=\"false\">\n<div data-page-id=\"DqGzfq5S4d9GdAcOQVIcIdPhn2c\" data-lark-html-role=\"root\" data-docx-has-block-data=\"false\">\n<div data-page-id=\"HsKcfE4WLdET7ScRm72cTZ96nPb\" data-lark-html-role=\"root\" data-docx-has-block-data=\"false\">\n<div data-page-id=\"MvWFfuF4Edx69KcRSmmcvS2LndG\" data-lark-html-role=\"root\" data-docx-has-block-data=\"true\">\n<h2 class=\"ace-line ace-line old-record-id-MvWFfuF4Edx69KcRSmmcvS2LndG\">JNR LionKing 42000 Puffs: Begleiter mit 20 unwiderstehlichen Geschm\u00e4ckern<\/h2>\n<div class=\"ace-line ace-line old-record-id-AI1Hfe8P8dXjthcTkxccyYWSnng\">Lernen Sie den JNR LionKing 42000 Puffs kennen \u2014 ein Game-Changer, der darauf ausgelegt ist, konsistente Zufriedenheit zu liefern, egal ob Sie unterwegs sind oder sich zu Hause entspannen. Vollgepackt mit 20 einzigartigen Geschm\u00e4ckern, erstklassigen Funktionen und einem benutzerfreundlichen Design erf\u00fcllt dieses Ger\u00e4t alle Anforderungen sowohl f\u00fcr gelegentliche als auch f\u00fcr leidenschaftliche Dampfer.<\/div>\n<h2 class=\"heading-2 ace-line old-record-id-L3j0fu4M5di29qcTMaOc6Aa8nmd\">Was macht den JNR LionKing 42000 Puffs zu einem Muss?<\/h2>\n<div class=\"ace-line ace-line old-record-id-NRa2fNjjad4Y8Yc92CDcRNqenZe\">Dies ist nicht nur ein weiterer Einweg-Vape \u2014 es ist ein durchdacht gestaltetes Ger\u00e4t, das darauf abzielt, Ihr Dampferlebnis zu verbessern. Von seiner langen Lebensdauer bis hin zur sanften Dampfproduktion arbeiten alle Funktionen zusammen, um Ihre Sitzungen angenehm und m\u00fchelos zu gestalten. Hier ist ein n\u00e4herer Blick auf die wichtigsten Highlights, klar strukturiert:<\/div>\n<h3 class=\"heading-3 ace-line old-record-id-YNWcf3Eixd5l3RcuANmcOUCqnsI\">Hauptmerkmale auf einen Blick \ud83d\udccb<\/h3>\n<div>\n<table class=\"ace-table\" data-ace-table-col-widths=\"200;200;200\">\n<colgroup>\n<col width=\"200\" \/>\n<col width=\"200\" \/>\n<col width=\"200\" \/><\/colgroup>\n<thead>\n<tr>\n<th colspan=\"1\" rowspan=\"1\">\n<div class=\"ace-line ace-line old-record-id-ZapJfhUbTdDIqFccVDIc2PR3nBf\">Funktion<\/div>\n<\/th>\n<th colspan=\"1\" rowspan=\"1\">\n<div class=\"ace-line ace-line old-record-id-XJu3faWoOdjKePc9C1pcxkTcnzb\">Einzelheiten<\/div>\n<\/th>\n<th colspan=\"1\" rowspan=\"1\">\n<div class=\"ace-line ace-line old-record-id-DFZBfUPggdtu5tcR82qcr0ysnwb\">Vorteil<\/div>\n<\/th>\n<\/tr>\n<\/thead>\n<tbody>\n<tr>\n<td colspan=\"1\" rowspan=\"1\">\n<div class=\"ace-line ace-line old-record-id-StL4fRgE7dcMvZc34Kgc1NhHntc\">E-Liquid-Kapazit\u00e4t<\/div>\n<\/td>\n<td colspan=\"1\" rowspan=\"1\">\n<div class=\"ace-line ace-line old-record-id-D172fy8rodoQE4c1mASc4VM0nnC\">42ml<\/div>\n<\/td>\n<td colspan=\"1\" rowspan=\"1\">\n<div class=\"ace-line ace-line old-record-id-CKmbf0KTXdmH5SckdAJcukxunle\">Keine h\u00e4ufigen Nachf\u00fcllungen, langlebige Nutzung<\/div>\n<\/td>\n<\/tr>\n<tr>\n<td colspan=\"1\" rowspan=\"1\">\n<div class=\"ace-line ace-line old-record-id-JixEfzvZYdtsYQcflYCcDVFWnld\">Puff-Z\u00e4hlung<\/div>\n<\/td>\n<td colspan=\"1\" rowspan=\"1\">\n<div class=\"ace-line ace-line old-record-id-D4xOfI953dxdEOcVt3gcoFfinke\">Bis zu 42000 Puffs<\/div>\n<\/td>\n<td colspan=\"1\" rowspan=\"1\">\n<div class=\"ace-line ace-line old-record-id-Rt4pfyfRtdUstxc3F36cofV3njf\">H\u00e4lt wochenlang, perfekt f\u00fcr den t\u00e4glichen Gebrauch<\/div>\n<\/td>\n<\/tr>\n<tr>\n<td colspan=\"1\" rowspan=\"1\">\n<div class=\"ace-line ace-line old-record-id-KNhxfHaRWdxQuKcJrd8cgejGnxb\">Coil-Typ<\/div>\n<\/td>\n<td colspan=\"1\" rowspan=\"1\">\n<div class=\"ace-line ace-line old-record-id-Bknifm0hRdXp6zc8A5pcWuqjnyd\">Dual Mesh Coil<\/div>\n<\/td>\n<td colspan=\"1\" rowspan=\"1\">\n<div class=\"ace-line ace-line old-record-id-AJZEfrINCdvbDIcURopcLMxnngd\">Sanfter Dampf, reichhaltiger und konsistenter Geschmack<\/div>\n<\/td>\n<\/tr>\n<tr>\n<td colspan=\"1\" rowspan=\"1\">\n<div class=\"ace-line ace-line old-record-id-SzSJfvYVzd8hU5cWczOcdLE3nAd\">Design<\/div>\n<\/td>\n<td colspan=\"1\" rowspan=\"1\">\n<div class=\"ace-line ace-line old-record-id-Wv2dfiCOZdtG49cO5DYcZYpnn6e\">Kompakt &amp; Tragbar<\/div>\n<\/td>\n<td colspan=\"1\" rowspan=\"1\">\n<div class=\"ace-line ace-line old-record-id-F2j4fX2gYdNDhec2mZkcanXunhh\">Passt in Taschen\/Beutel, leicht \u00fcberallhin mitzunehmen<\/div>\n<\/td>\n<\/tr>\n<tr>\n<td colspan=\"1\" rowspan=\"1\">\n<div class=\"ace-line ace-line old-record-id-KIHGfEaMPdtXd7cuquOc9eQynHd\">Display<\/div>\n<\/td>\n<td colspan=\"1\" rowspan=\"1\">\n<div class=\"ace-line ace-line old-record-id-DFnSf4sXQdabEic87Apcgk9QnvY\">Anzeige<\/div>\n<\/td>\n<td colspan=\"1\" rowspan=\"1\">\n<div class=\"ace-line ace-line old-record-id-XQrGfOeJvdzhKMcKl3ec9KhAng8\">Echtzeit-Dampfinformationen (verbleibende Puffs, Batterie), klar zu lesen<\/div>\n<\/td>\n<\/tr>\n<\/tbody>\n<\/table>\n<\/div>\n<h3 class=\"heading-3 ace-line old-record-id-Wa0mfmgwadGeFPc1OArcczL4nzd\">Warum diese Funktionen wichtig sind<\/h3>\n<div class=\"ace-line ace-line old-record-id-P0wufQ3g2dKw0Wc34WucVhaknDN\">Der JNR LionKing 42000 Puffs l\u00f6st h\u00e4ufige Schmerzpunkte f\u00fcr Dampfer. Seine 42ml E-Liquid-Kapazit\u00e4t und die 42000 Puffs bedeuten, dass Sie das Ger\u00e4t nicht st\u00e4ndig ersetzen oder nachf\u00fcllen m\u00fcssen \u2014 es ist zuverl\u00e4ssig f\u00fcr lange Reisen, gesch\u00e4ftige Arbeitswochen oder faulenzende Wochenenden. Auch die doppelte Mesh-Spule sticht hervor; sie heizt gleichm\u00e4\u00dfig, um jede Nuance Ihres gew\u00e4hlten Geschmacks freizusetzen, sodass Sie jedes Mal einen sanften Zug ohne H\u00e4rte oder verbrannten Geschmack erhalten.<\/div>\n<div class=\"ace-line ace-line old-record-id-MSbPfKNGOdhkTecRQgVc2NObnJA\">Das kompakte Design bietet zus\u00e4tzlichen Komfort: Sie k\u00f6nnen es in Ihre Tasche, Handtasche oder Ihren Rucksack stecken, ohne Platz zu beanspruchen. Und das intelligente Display nimmt das R\u00e4tselraten beim Dampfen \u2014 Sie wissen immer, wie viele Puffs Sie noch haben und wann Sie aufladen m\u00fcssen, sodass Sie nie unerwartet ohne Dampf dastehen.<\/div>\n<h2 class=\"heading-2 ace-line old-record-id-On2RfWkNdd5JPvctD2ucpN1Snjb\">Entdecken Sie die 20 k\u00f6stlichen Geschm\u00e4cker \ud83c\udf53\ud83c\udf49\ud83e\udd64<\/h2>\n<div class=\"ace-line ace-line old-record-id-WBLlfr5H2d4TmGchBGFcOr0fnGh\">Eine der besten Eigenschaften des JNR LionKing 42000 Puffs ist die gro\u00dfe Auswahl an Geschm\u00e4ckern. Egal, ob Sie fruchtige, eisige, s\u00fc\u00dfe oder klassische Optionen lieben, hier ist f\u00fcr jeden Geschmack etwas dabei. Jeder Geschmack ist so gestaltet, dass er k\u00fchn und gleichzeitig sanft ist, ohne k\u00fcnstlichen Nachgeschmack. Im Folgenden finden Sie jeden Geschmack mit einer kurzen \u00dcbersicht, was Sie erwarten k\u00f6nnen:<\/div>\n<h3 class=\"heading-3 ace-line old-record-id-JS3afxch4dezsYcSBPMcu7T3nWh\">Fruchtige Favoriten (Ohne Eis)<\/h3>\n<ul class=\"list-bullet1\">\n<li class=\"ace-line ace-line old-record-id-IvQ2f3DTGdNfk1c2gqdcKevNnWf\" data-list=\"bullet\">\n<div><strong>Blaue Himbeere Kirsche<\/strong>: Eine perfekte Mischung aus spritziger blauer Himbeere und s\u00fc\u00dfer Kirsche \u2014 hell, fruchtig und befriedigend.<\/div>\n<\/li>\n<li class=\"ace-line ace-line old-record-id-Cn5cfp7WZdkFMScP6ktcxs83nXf\" data-list=\"bullet\">\n<div><strong>Gemischte Beeren<\/strong>: Eine Melange aus frischen Beeren (Erdbeere, Blaubeere, Himbeere) f\u00fcr einen saftigen, gut ausgewogenen Zug.<\/div>\n<\/li>\n<li class=\"ace-line ace-line old-record-id-AGABfNgJhdEFQjcM2joc6z51nQb\" data-list=\"bullet\">\n<div><strong>Blaubeere Himbeere<\/strong>: Herbe Himbeere kombiniert mit s\u00fc\u00dfer Blaubeere, die einen lebhaften und erfrischenden Geschmack erzeugt.<\/div>\n<\/li>\n<li class=\"ace-line ace-line old-record-id-RyjTf6HnedGkxncLEwvcjl4qnXf\" data-list=\"bullet\">\n<div><strong>Erdbeere Kiwi<\/strong>: S\u00fc\u00dfe, reife Erdbeere trifft auf tropische Kiwi \u2014 cremig, fruchtig und leicht.<\/div>\n<\/li>\n<li class=\"ace-line ace-line old-record-id-XihpfGcr7duWFAcr90acJVqWnQc\" data-list=\"bullet\">\n<div><strong>Tropische Fr\u00fcchte<\/strong>: Eine Mischung aus Mango, Ananas und Papaya \u2014 wie ein tropischer Urlaub in jedem Zug.<\/div>\n<\/li>\n<li class=\"ace-line ace-line old-record-id-SGUVfHThldf25BcGXyncqlslnVc\" data-list=\"bullet\">\n<div><strong>Hubba Bubba Erdbeere<\/strong>: Der klassische Kaugummigeschmack, den Sie lieben, mit einem s\u00fc\u00dfen Erdbeer-Twist \u2014 nostalgisch und spa\u00dfig.<\/div>\n<\/li>\n<li class=\"ace-line ace-line old-record-id-Rw5dfXhgLdeHcuccKPzcY9Jdnjg\" data-list=\"bullet\">\n<div><strong>Pfirsich-Beere<\/strong>: Saftiger Pfirsich kombiniert mit gemischten Beeren, f\u00fcr eine s\u00fc\u00dfe und leicht herbe Leckerei.<\/div>\n<\/li>\n<li class=\"ace-line ace-line old-record-id-LBbVfHj0ed7hIZcz8bCc9P7cnAg\" data-list=\"bullet\">\n<div><strong>Drachenfrucht<\/strong>: Exotisch und mild, mit subtiler S\u00fc\u00dfe und einem Hauch von Frische \u2014 einzigartig und k\u00f6stlich.<\/div>\n<\/li>\n<li class=\"ace-line ace-line old-record-id-J6OSfdrMYdN63ic6711cKo49nXg\" data-list=\"bullet\">\n<div><strong>Wassermelonen-Kaugummi<\/strong>: S\u00fc\u00dfer Wassermelonen-Geschmack gemischt mit klassischem Kaugummi \u2014 verspielt und erfrischend.<\/div>\n<\/li>\n<li class=\"ace-line ace-line old-record-id-Prt2ft0Ivd5RZwcxNwjcLbLRnmh\" data-list=\"bullet\">\n<div><strong>Love 66<\/strong>: Eine geheime Mischung aus s\u00fc\u00dfen Fr\u00fcchten, mit einem sanften Abgang, der Sie immer wieder zur\u00fcckkommen l\u00e4sst.<\/div>\n<\/li>\n<li class=\"ace-line ace-line old-record-id-Ul3SfS2DudrfEecaYrDcjRuGn2N\" data-list=\"bullet\">\n<div><strong>Hawaii<\/strong>: Eine tropische Mischung aus Ananas, Kokosnuss und Mango \u2014 hell, saftig und perfekt f\u00fcr warme Tage.<\/div>\n<\/li>\n<\/ul>\n<h3 class=\"heading-3 ace-line old-record-id-MwNhfEfatd1neicIvR5c2TOCnTd\">Eisige, k\u00fchle Geschm\u00e4cker (mit erfrischendem Chill)<\/h3>\n<ul class=\"list-bullet1\">\n<li class=\"ace-line ace-line old-record-id-GESJf64cgdE5j7cMN0BcxXzVnPb\" data-list=\"bullet\">\n<div><strong>Erdbeer-Himbeer-Kirsch-Eis<\/strong>: Ein Trio aus s\u00fc\u00dfen Beeren (Erdbeere, Himbeere, Kirsche) mit einem knackigen, eisigen Abgang \u2014 erfrischend und k\u00fchn.<\/div>\n<\/li>\n<li class=\"ace-line ace-line old-record-id-ShKefyZ4tdnOp0cOUIWcXj34nRg\" data-list=\"bullet\">\n<div><strong>Erdbeer Eis<\/strong>: Reifer Erdbeergeschmack mit einem Hauch von k\u00fchlem Menthol \u2014 einfach, klassisch und immer befriedigend.<\/div>\n<\/li>\n<li class=\"ace-line ace-line old-record-id-Kn22fyO60dymeycKxGecj9DonFg\" data-list=\"bullet\">\n<div><strong>Wassermelone Eis<\/strong>: Frische, s\u00fc\u00dfe Wassermelone kombiniert mit eisigem Menthol \u2014 der ultimative Sommer-Dampfer.<\/div>\n<\/li>\n<li class=\"ace-line ace-line old-record-id-PZpIf2t6BdvGnYcgyRmcFgvInhc\" data-list=\"bullet\">\n<div><strong>Cola-Eis<\/strong>: Klassischer Cola-Geschmack mit einem k\u00fchlen Twist \u2014 reichhaltig, sprudelnd und erfrischend.<\/div>\n<\/li>\n<li class=\"ace-line ace-line old-record-id-BZo0fjGkmdcdrQc8HuScXAlunTe\" data-list=\"bullet\">\n<div><strong>Summer Peach Ice<\/strong>: Saftiger Pfirsichgeschmack mit einem knackigen, eisigen Chill \u2014 s\u00fc\u00df, fruchtig und perfekt f\u00fcr hei\u00dfe Tage.<\/div>\n<\/li>\n<li class=\"ace-line ace-line old-record-id-JsUwfUIsBd3Ld7cEbu4cXWHMndc\" data-list=\"bullet\">\n<div><strong>Schwarzes Eis<\/strong>: Eine kr\u00e4ftige Mischung aus Brombeere und Menthol \u2014 herb, s\u00fc\u00df und eisig zugleich.<\/div>\n<\/li>\n<li class=\"ace-line ace-line old-record-id-U047f3NHydIphocM3iQcnGEknrb\" data-list=\"bullet\">\n<div><strong>Kirsche Eis<\/strong>: S\u00fc\u00dfer Kirschgeschmack mit einem Hauch von k\u00fchlem Menthol \u2014 sanft und erfrischend, ohne H\u00e4rte.<\/div>\n<\/li>\n<li class=\"ace-line ace-line old-record-id-Br3Lf2UtOdwQk9caUj6cRqunn2d\" data-list=\"bullet\">\n<div><strong>Erdbeer-Wassermelonen-Eis<\/strong>: S\u00fc\u00dfe Erdbeere und saftige Wassermelone, gemischt mit eisigem Menthol \u2014 eine fruchtige, erfrischende Kombination.<\/div>\n<\/li>\n<\/ul>\n<h3 class=\"heading-3 ace-line old-record-id-KKxzfk2ymdrW4HcCw8Fc2Hvlnsb\">Klassische &amp; kr\u00e4ftige Geschm\u00e4cker<\/h3>\n<ul class=\"list-bullet1\">\n<li class=\"ace-line ace-line old-record-id-C3YKfhNh8dCNs7cHV4icTpyAnLc\" data-list=\"bullet\">\n<div><strong>Fizzy Kirschen-Cola<\/strong>: Sprudelnde Cola mit einem s\u00fc\u00dfen Kirschkick \u2014 kr\u00e4ftig, geschmackvoll und reminiscent an Ihre Lieblingslimonade.<\/div>\n<\/li>\n<\/ul>\n<h2 class=\"heading-2 ace-line old-record-id-LMN3fJGLgdgG2Uck2ALc8T5OngA\">FAQs: Alles, was Sie wissen m\u00fcssen \u2753<\/h2>\n<h3 class=\"heading-3 ace-line old-record-id-OJ8wfOswkdAQLhceGBHc1WngnDV\">F: Wie lange h\u00e4lt der JNR LionKing 42000 Puffs?<\/h3>\n<div class=\"ace-line ace-line old-record-id-EaaLfCUoEdGVDlcUTJucJ3c2nOb\">A: Er liefert bis zu 42000 Puffs, was je nach Ihren Dampfergewohnheiten leicht variiert. F\u00fcr die meisten Gelegenheitsdampfer h\u00e4lt er 2-4 Wochen; leidenschaftliche Dampfer k\u00f6nnen 1-2 Wochen Nutzung erhalten.<\/div>\n<h3 class=\"heading-3 ace-line old-record-id-Pb9afXHcEdGr0dcEp9iclMvjnIg\">F: Ist das Ger\u00e4t einfach zu bedienen?<\/h3>\n<div class=\"ace-line ace-line old-record-id-ArmMfTfYzdf7X4cDaZFcN1i7nxh\">A: Absolut! Es ist ein Einwegger\u00e4t \u2014 kein Aufladen, Nachf\u00fcllen oder Einrichten erforderlich. Einfach auspacken, einen Zug nehmen und genie\u00dfen. Das intelligente Display ist leicht zu lesen, sodass Sie immer den Status Ihres Ger\u00e4ts kennen.<\/div>\n<div data-page-id=\"MvWFfuF4Edx69KcRSmmcvS2LndG\" data-lark-html-role=\"root\" data-docx-has-block-data=\"false\">\n<h3 class=\"heading-3 ace-line old-record-id-PxocfKm92dk6iYcAeuWcIGAknfk\">F: Ist das Ger\u00e4t tragbar genug f\u00fcr den t\u00e4glichen Gebrauch?<\/h3>\n<div class=\"ace-line ace-line old-record-id-AYkXftWaPdBSvCcTTXpcFq4Jn4e\">A: Ja! Sein kompaktes, leichtes Design passt problemlos in Taschen, Handtaschen oder Rucks\u00e4cke. Sie k\u00f6nnen es \u00fcberallhin mitnehmen, ohne dass es sperrig oder unpraktisch ist.<\/div>\n<\/div>\n<\/div>\n<\/div>\n<\/div>\n<\/div>\n<\/div>\n<\/div>\n<\/div>\n<\/div>\n<\/div>\n<\/div>\n<\/div>\n<\/div>\n<\/div>\n<\/div>\n<\/div>\n<\/div>\n<\/div>\n<\/div>\n<\/div>\n<\/div>\n<\/div>\n<\/div>\n<\/div>\n<\/div>\n<\/div>\n<\/div>\n<\/div>\n<\/div>\n<\/div>\n<\/div>\n<\/div>\n<\/div>\n<\/div>\n<\/div>\n<\/div>\n<\/div>\n<\/div>\n<\/div>\n<\/div>\n<\/div>\n<\/div>\n<\/div>\n<\/div>\n<\/div>\n<\/div>\n<\/div>\n<\/div>\n<\/div>\n<\/div>\n<\/div>\n<\/div>\n<\/div>\n<\/div>\n<\/div>\n<\/div>\n<\/div>\n<\/div>\n<\/div>\n<\/div>\n<\/div>\n<\/div>\n<\/div>\n<\/div>\n<\/div>\n<\/div>\n<\/div>\n<\/div>\n<\/div>\n<\/div>\n<\/div>\n<\/div>\n<\/div>\n<\/div>\n<\/div>\n<\/div>\n<\/div>\n<\/div>\n<\/div>\n<\/div>\n<\/div>\n<\/div>\n<\/div>\n<\/div>\n<\/div>\n<\/div>","protected":false},"excerpt":{"rendered":"<div data-page-id=\"RAopf2sw9dtvw4cWYXpcTwo0n8g\" data-lark-html-role=\"root\" data-docx-has-block-data=\"false\">\n<div class=\"ace-line ace-line old-record-id-Uju9f3RXYd8dh2crAJbcBF3Un6M\">\n<div data-page-id=\"Dd8gfe2wRdT66jcgnqtcUwg5ndh\" data-lark-html-role=\"root\" data-docx-has-block-data=\"false\">\n<div class=\"ace-line ace-line old-record-id-FiRZf3qXpdK0RqcHt8wcxPTon8b\">JNR LionKing 42000 Z\u00fcge bietet langanhaltende Leistung und reichhaltigen Geschmack f\u00fcr Dampfer. Mit 42 ml E-Liquid und bis zu 42000 Z\u00fcgen unterst\u00fctzt es den t\u00e4glichen Gebrauch \u00fcber l\u00e4ngere Zeit. Seine Dual-Mesh-Coil liefert glatten Dampf und echten Geschmack, w\u00e4hrend ein intelligentes Display wichtige Dampfinformationen anzeigt. Zwanzig sorgf\u00e4ltig entwickelte Geschmacksrichtungen befriedigen alle Arten von Vorlieben und machen es tragbar und zuverl\u00e4ssig f\u00fcr jeden Lebensstil.<\/div>\n<\/div>\n<\/div>\n<\/div>","protected":false},"featured_media":6863,"comment_status":"open","ping_status":"closed","template":"","meta":{"_acf_changed":false,"inline_featured_image":false,"_sitemap_exclude":false,"_sitemap_priority":"","_sitemap_frequency":""},"product_brand":[88],"product_cat":[77],"product_tag":[],"class_list":{"0":"post-6852","1":"product","2":"type-product","3":"status-publish","4":"has-post-thumbnail","6":"product_brand-jnr","7":"product_cat-jnr-puff","9":"first","10":"instock","11":"sale","12":"shipping-taxable","13":"purchasable","14":"product-type-variable","15":"has-default-attributes"},"acf":[],"tiered_pricing_type":"fixed","tiered_pricing_fixed_rules":{"30":7.53,"60":6.99,"100":6.41,"200":6.04},"tiered_pricing_product_settings":{"layout":"default","base_unit_name":{"singular":null,"plural":null},"default_variation":null},"tiered_pricing_minimum_quantity":10,"tiered_pricing_roles_data":[],"tiered_pricing_percentage_rules":[],"tiered_pricing_maximum_quantity":null,"tiered_pricing_quantity_step":"10","_links":{"self":[{"href":"https:\/\/oiovape.com\/de\/wp-json\/wp\/v2\/product\/6852","targetHints":{"allow":["GET"]}}],"collection":[{"href":"https:\/\/oiovape.com\/de\/wp-json\/wp\/v2\/product"}],"about":[{"href":"https:\/\/oiovape.com\/de\/wp-json\/wp\/v2\/types\/product"}],"replies":[{"embeddable":true,"href":"https:\/\/oiovape.com\/de\/wp-json\/wp\/v2\/comments?post=6852"}],"version-history":[{"count":0,"href":"https:\/\/oiovape.com\/de\/wp-json\/wp\/v2\/product\/6852\/revisions"}],"wp:featuredmedia":[{"embeddable":true,"href":"https:\/\/oiovape.com\/de\/wp-json\/wp\/v2\/media\/6863"}],"wp:attachment":[{"href":"https:\/\/oiovape.com\/de\/wp-json\/wp\/v2\/media?parent=6852"}],"wp:term":[{"taxonomy":"product_brand","embeddable":true,"href":"https:\/\/oiovape.com\/de\/wp-json\/wp\/v2\/product_brand?post=6852"},{"taxonomy":"product_cat","embeddable":true,"href":"https:\/\/oiovape.com\/de\/wp-json\/wp\/v2\/product_cat?post=6852"},{"taxonomy":"product_tag","embeddable":true,"href":"https:\/\/oiovape.com\/de\/wp-json\/wp\/v2\/product_tag?post=6852"}],"curies":[{"name":"wp","href":"https:\/\/api.w.org\/{rel}","templated":true}]}}