{"id":7135,"date":"2026-02-28T11:31:27","date_gmt":"2026-02-28T03:31:27","guid":{"rendered":"https:\/\/oiovape.com\/?post_type=product&#038;p=7135"},"modified":"2026-03-02T18:01:39","modified_gmt":"2026-03-02T10:01:39","slug":"zooy-twins-30000-puffs","status":"publish","type":"product","link":"https:\/\/oiovape.com\/de\/product\/zooy-twins-30000-puffs\/","title":{"rendered":"Zooy Twins 30000 Z\u00dcGE Doppelgeschmack Schnell wiederaufladbarer Einweg-Vape"},"content":{"rendered":"<div data-page-id=\"ZVeMfq8uxd7y1ycuKm5cym4LnYd\" data-lark-html-role=\"root\" data-docx-has-block-data=\"false\">\n<div data-page-id=\"Fd41fZ5N9dzRQtcRNoVc2FuDnCh\" data-lark-html-role=\"root\" data-docx-has-block-data=\"true\">\n<div data-page-id=\"BdIJfeeijdk1eucGpS8cDCBBn5c\" data-lark-html-role=\"root\" data-docx-has-block-data=\"false\">\n<div data-page-id=\"Zbg9fWx77dUuh2cIYpic25c8nyd\" data-lark-html-role=\"root\" data-docx-has-block-data=\"false\">\n<div data-page-id=\"KaIvfiurhdlCKdc0kyxcX64cnE6\" data-lark-html-role=\"root\" data-docx-has-block-data=\"true\">\n<div data-page-id=\"PbvFfqxqlddUTScRpEYcY5MHnpf\" data-lark-html-role=\"root\" data-docx-has-block-data=\"true\">\n<div data-page-id=\"GZO2f5JeudwY4jc9iJtcdk9Hnxh\" data-lark-html-role=\"root\" data-docx-has-block-data=\"false\">\n<div data-page-id=\"EZVRf2acFduXLGcseZFc4qH2n6e\" data-lark-html-role=\"root\" data-docx-has-block-data=\"false\">\n<div data-page-id=\"B8rHfcqlqdzmH5cCWCncz17Cntb\" data-lark-html-role=\"root\" data-docx-has-block-data=\"false\">\n<div data-page-id=\"B8rHfcqlqdzmH5cCWCncz17Cntb\" data-lark-html-role=\"root\" data-docx-has-block-data=\"false\">\n<div data-page-id=\"B8rHfcqlqdzmH5cCWCncz17Cntb\" data-lark-html-role=\"root\" data-docx-has-block-data=\"true\">\n<div data-page-id=\"HM70f1aoxdD0bMcxJZBcVc7ynZd\" data-lark-html-role=\"root\" data-docx-has-block-data=\"false\">\n<div data-page-id=\"NSrJfN7Ord22i0c1iwZcsF8yn8b\" data-lark-html-role=\"root\" data-docx-has-block-data=\"false\">\n<div data-page-id=\"RXEff4Mskds8o1cqL5HcGEtUnCh\" data-lark-html-role=\"root\" data-docx-has-block-data=\"false\">\n<div data-page-id=\"KJ7gfqkVndMSRJcMseScmvYwnTc\" data-lark-html-role=\"root\" data-docx-has-block-data=\"false\">\n<div class=\"ace-line ace-line old-record-id-QADAfETPudgmudc05YvcTO5fnxe\">\n<div data-page-id=\"KJ7gfqkVndMSRJcMseScmvYwnTc\" data-lark-html-role=\"root\" data-docx-has-block-data=\"false\">\n<div class=\"ace-line ace-line old-record-id-JoRkfpho8dOkiacEOascDyCOncb\">\n<div data-page-id=\"KJ7gfqkVndMSRJcMseScmvYwnTc\" data-lark-html-role=\"root\" data-docx-has-block-data=\"false\">\n<div data-page-id=\"Ju6ofQ3V4dGmePcVvJvc1gmcnZb\" data-lark-html-role=\"root\" data-docx-has-block-data=\"true\">\n<div data-page-id=\"PR9ife5PLdFabccbFgZcWgZOnTc\" data-lark-html-role=\"root\" data-docx-has-block-data=\"false\">\n<div data-page-id=\"INdrfOIGzdaenXcptrcc1BcznQc\" data-lark-html-role=\"root\" data-docx-has-block-data=\"false\">\n<div class=\"ace-line ace-line old-record-id-P0fIf4YaZdoGkbcxt5ackec2nnb\">\n<div data-page-id=\"INdrfOIGzdaenXcptrcc1BcznQc\" data-lark-html-role=\"root\" data-docx-has-block-data=\"false\">\n<div data-page-id=\"MAzCfUB73dMTQscm8eWcougVn1g\" data-lark-html-role=\"root\" data-docx-has-block-data=\"true\">\n<div data-page-id=\"AXfpf7H1odhDvGcKoUOcErN8nV7\" data-lark-html-role=\"root\" data-docx-has-block-data=\"false\">\n<div data-page-id=\"QYTKf5PvLdUNdbce2nBcW9yfnrh\" data-lark-html-role=\"root\" data-docx-has-block-data=\"false\">\n<div data-page-id=\"Pvu1f1CCBdxbjncA9pgcBTpanph\" data-lark-html-role=\"root\" data-docx-has-block-data=\"true\">\n<div data-page-id=\"Axf3fcmY8dDAhtcjVircBcphnPc\" data-lark-html-role=\"root\" data-docx-has-block-data=\"false\">\n<div data-page-id=\"KKj1f9SPmdLhhMc5E2AcNlLen6f\" data-lark-html-role=\"root\" data-docx-has-block-data=\"true\">\n<div data-page-id=\"Rx61fK1sJdXHjPcBuhZcweNhnwc\" data-lark-html-role=\"root\" data-docx-has-block-data=\"false\">\n<div data-page-id=\"L1H9fkG9Mdz45Fcy4WMc5VKXnRe\" data-lark-html-role=\"root\" data-docx-has-block-data=\"false\">\n<div data-page-id=\"L1H9fkG9Mdz45Fcy4WMc5VKXnRe\" data-lark-html-role=\"root\" data-docx-has-block-data=\"false\">\n<div data-page-id=\"D4XLfVBVrdE8mrcaYizczklLnaf\" data-lark-html-role=\"root\" data-docx-has-block-data=\"false\">\n<div data-page-id=\"WVcifIY44d5mhMcXtyEcTsfenGd\" data-lark-html-role=\"root\" data-docx-has-block-data=\"true\">\n<div data-page-id=\"LRknfa6Whd4DWCcUc0FcNKpJnyh\" data-lark-html-role=\"root\" data-docx-has-block-data=\"false\">\n<div data-page-id=\"LRknfa6Whd4DWCcUc0FcNKpJnyh\" data-lark-html-role=\"root\" data-docx-has-block-data=\"false\">\n<div data-page-id=\"XFRAfkcOEdRWh8cArQ2cJdyRnJf\" data-lark-html-role=\"root\" data-docx-has-block-data=\"true\">\n<div data-page-id=\"OQ3bfjnRddMTDGcC3ouc6xFKnWf\" data-lark-html-role=\"root\" data-docx-has-block-data=\"true\">\n<div data-page-id=\"J0iGfj1hEdjc4rcUdSmc4spMnmZ\" data-lark-html-role=\"root\" data-docx-has-block-data=\"false\">\n<div data-page-id=\"P1o7fFyNlduP8tcfZpQcagzbnIf\" data-lark-html-role=\"root\" data-docx-has-block-data=\"false\">\n<div class=\"ace-line ace-line old-record-id-P1o7fFyNlduP8tcfZpQcagzbnIf\">\n<div data-page-id=\"P1o7fFyNlduP8tcfZpQcagzbnIf\" data-lark-html-role=\"root\" data-docx-has-block-data=\"false\">\n<div data-page-id=\"U4iufW38SdttWKcTstMcTtHRnXc\" data-lark-html-role=\"root\" data-docx-has-block-data=\"true\">\n<div data-page-id=\"ONVMf7VTWddcFtcyATOchCJHnZb\" data-lark-html-role=\"root\" data-docx-has-block-data=\"true\">\n<div data-page-id=\"KoW2fSy0PdLHFlc5kSHcgvWMnYg\" data-lark-html-role=\"root\" data-docx-has-block-data=\"false\">\n<div data-page-id=\"KoW2fSy0PdLHFlc5kSHcgvWMnYg\" data-lark-html-role=\"root\" data-docx-has-block-data=\"false\">\n<div data-page-id=\"OLGhfzxC7d7EFIcLEj9cRT5ynZf\" data-lark-html-role=\"root\" data-docx-has-block-data=\"false\">\n<div data-page-id=\"DdnnfrLjzdqrFIc9Il9c7pA2noc\" data-lark-html-role=\"root\" data-docx-has-block-data=\"true\">\n<div data-page-id=\"KNzcf2o0oddkJOcztTVcqPdlnth\" data-lark-html-role=\"root\" data-docx-has-block-data=\"false\">\n<div data-page-id=\"LBU7fg5SEdkWhecGJoxca3xvnCe\" data-lark-html-role=\"root\" data-docx-has-block-data=\"false\">\n<div data-page-id=\"EB70fooS3d69bMcgWB7c5qb9n8g\" data-lark-html-role=\"root\" data-docx-has-block-data=\"false\">\n<div data-page-id=\"AogwfsZCadB6t0cAvF0cK4JLnvf\" data-lark-html-role=\"root\" data-docx-has-block-data=\"false\">\n<div data-page-id=\"AogwfsZCadB6t0cAvF0cK4JLnvf\" data-lark-html-role=\"root\" data-docx-has-block-data=\"false\">\n<div data-page-id=\"JMZIflNGddQuU0c5JZocSqlvnle\" data-lark-html-role=\"root\" data-docx-has-block-data=\"false\">\n<div data-page-id=\"JMZIflNGddQuU0c5JZocSqlvnle\" data-lark-html-role=\"root\" data-docx-has-block-data=\"true\">\n<div data-page-id=\"HtEafjjRIdPAlMc9zgYcsGy6nOe\" data-lark-html-role=\"root\" data-docx-has-block-data=\"false\">\n<div data-page-id=\"Rhnafz0WTdDeT9c43xxczsbVnJo\" data-lark-html-role=\"root\" data-docx-has-block-data=\"false\">\n<div data-page-id=\"WY0CfKdcTdf4hVcZl67ct5LGncf\" data-lark-html-role=\"root\" data-docx-has-block-data=\"true\">\n<div data-page-id=\"MkB5fF4AVdchovcoPEpc7LqvnOd\" data-lark-html-role=\"root\" data-docx-has-block-data=\"true\">\n<div data-page-id=\"MfbjfZhbhdJdA8cH1dAckqF0n6g\" data-lark-html-role=\"root\" data-docx-has-block-data=\"false\">\n<div class=\"ace-line ace-line old-record-id-W2AHfJLnjd7ugjcRLs1c8BdhnNh\">\n<div data-page-id=\"MfbjfZhbhdJdA8cH1dAckqF0n6g\" data-lark-html-role=\"root\" data-docx-has-block-data=\"false\">\n<div class=\"old-record-id-XXd1feeCZdR2hJc6evocxnh1nOg\">\n<div data-page-id=\"MfbjfZhbhdJdA8cH1dAckqF0n6g\" data-lark-html-role=\"root\" data-docx-has-block-data=\"false\">\n<div data-page-id=\"DE51fYUmxdT3ekcHzc3cGrVQnsc\" data-lark-html-role=\"root\" data-docx-has-block-data=\"false\">\n<div data-page-id=\"YSKdfaZ08dRej3ci5CccQBuOncc\" data-lark-html-role=\"root\" data-docx-has-block-data=\"true\">\n<div data-page-id=\"K6mofQmledamEFcgp1EcVobmnYd\" data-lark-html-role=\"root\" data-docx-has-block-data=\"false\">\n<div data-page-id=\"VTgsfVLdCd9q1ucYcwRcCM0Hnof\" data-lark-html-role=\"root\" data-docx-has-block-data=\"true\">\n<div data-page-id=\"WucKfzp8RdNy8rcMJHncz4Knnac\" data-lark-html-role=\"root\" data-docx-has-block-data=\"true\">\n<div data-page-id=\"IfZ9fDIBLd9b9hcJiqGcLw9Pnmh\" data-lark-html-role=\"root\" data-docx-has-block-data=\"false\">\n<div data-page-id=\"JeU6f3Yq5dbdEHcZDptc5ikcn5c\" data-lark-html-role=\"root\" data-docx-has-block-data=\"true\">\n<div data-page-id=\"E1YjfnB4Jdmtsfc2ZObcu04Un6c\" data-lark-html-role=\"root\" data-docx-has-block-data=\"false\">\n<div data-page-id=\"RQVEfdiOzdqTQKcRcnxcG0Y7nce\" data-lark-html-role=\"root\" data-docx-has-block-data=\"true\">\n<div data-page-id=\"NKc7fbZi9dnOXocdHcScVsXdnmh\" data-lark-html-role=\"root\" data-docx-has-block-data=\"false\">\n<div data-page-id=\"DaE3fgNEwdnbQVc62iqcBK4lnte\" data-lark-html-role=\"root\" data-docx-has-block-data=\"false\">\n<div data-page-id=\"DaE3fgNEwdnbQVc62iqcBK4lnte\" data-lark-html-role=\"root\" data-docx-has-block-data=\"false\">\n<div data-page-id=\"NqSRfcp5SdFQ6ucdStXcbvManpc\" data-lark-html-role=\"root\" data-docx-has-block-data=\"false\">\n<div data-page-id=\"KydBfoEuudJNYhcgRdAc3aeUn7c\" data-lark-html-role=\"root\" data-docx-has-block-data=\"true\">\n<div data-page-id=\"SIqXfR5ipd7jWpczA5RcYkWInfd\" data-lark-html-role=\"root\" data-docx-has-block-data=\"false\">\n<div data-page-id=\"Y06XfUzydd0aVicBtPKcZlS8nJf\" data-lark-html-role=\"root\" data-docx-has-block-data=\"true\">\n<div data-page-id=\"E2ZvfNrVNdEHKickexPcvdXVnrc\" data-lark-html-role=\"root\" data-docx-has-block-data=\"false\">\n<div data-page-id=\"DqGzfq5S4d9GdAcOQVIcIdPhn2c\" data-lark-html-role=\"root\" data-docx-has-block-data=\"false\">\n<div data-page-id=\"HsKcfE4WLdET7ScRm72cTZ96nPb\" data-lark-html-role=\"root\" data-docx-has-block-data=\"false\">\n<div data-page-id=\"MvWFfuF4Edx69KcRSmmcvS2LndG\" data-lark-html-role=\"root\" data-docx-has-block-data=\"true\">\n<div data-page-id=\"BSNMfUsMXd3XFscNxbDcufC2nEg\" data-lark-html-role=\"root\" data-docx-has-block-data=\"false\">\n<h2 class=\"heading-2 ace-line old-record-id-LgNLfKjxjd8cxAcUSxzcMZcnnRg\">Warum Zooy Twins 30000 Z\u00fcge heraussticht \ud83e\udd29<\/h2>\n<div class=\"ace-line ace-line old-record-id-LfgCfWTehdHeeUcZvFHcxlUnnpe\">In einem \u00fcberf\u00fcllten Markt f\u00fcr Einweg-Vapes sticht Zooy Twins mit seinem dualen Geschmackswechsel ohne Unterbrechung hervor \u2013 etwas, das nur wenige Ger\u00e4te bieten. Es geht nicht nur um die Menge (30000 Z\u00fcge), sondern auch um Qualit\u00e4t und Vielfalt, die es Ihnen erm\u00f6glicht, zwei Geschm\u00e4cker in einem Ger\u00e4t ohne Kompromisse zu genie\u00dfen.<\/div>\n<div class=\"ace-line ace-line old-record-id-QqV8fMyk1dKoX5cIumqcjComnsh\">Es kombiniert kreative Geschmackszusammenstellungen, zuverl\u00e4ssige Dual-Mesh-Coil-Leistung, intelligente Funktionen und Portabilit\u00e4t in einem Paket. Die flexiblen Nikotinalternativen und das schnelle Laden machen es perfekt f\u00fcr alle Arten von Dampfern, von Anf\u00e4ngern bis zu erfahrenen Nutzern.<\/div>\n<div class=\"ace-line ace-line old-record-id-Ww17fwKUVdBGYMchmclcqrCKn5c\">\n<p>Zooy Twins 30000 Z\u00fcge ist nicht nur ein Einweg-Vape \u2013 es ist ein vielseitiger, unterhaltsamer und zuverl\u00e4ssiger Begleiter, der bei jedem Zug Freude an dualen Geschm\u00e4ckern bringt. Es ist f\u00fcr jeden, der mehr von seinem Dampferlebnis m\u00f6chte: Vielfalt, Bequemlichkeit und gro\u00dfartigen Geschmack, alles in einem schlanken Ger\u00e4t.<\/p>\n<div data-page-id=\"BSNMfUsMXd3XFscNxbDcufC2nEg\" data-lark-html-role=\"root\" data-docx-has-block-data=\"false\">\n<h2 class=\"heading-2 ace-line old-record-id-YJ0yf5CFadYWoTc8Rdjc8PdPngf\">Dual Flavor Magic \u2013 Wechseln ohne Stoppen \ud83d\udd04<\/h2>\n<div class=\"ace-line ace-line old-record-id-BVKVfW4uydYoFYcseJBc2ggvn1c\">Das gr\u00f6\u00dfte Highlight des Zooy Twins ist seine Funktion f\u00fcr den kostenlosen Wechsel zwischen zwei Geschm\u00e4ckern. Jedes Ger\u00e4t kommt mit zwei sorgf\u00e4ltig kombinierten Geschm\u00e4ckern, die sich perfekt erg\u00e4nzen. Sie k\u00f6nnen in Sekundenschnelle zwischen ihnen wechseln, ohne komplizierte Einstellungen oder zus\u00e4tzliche Schritte \u2013 nur pure, ununterbrochene Freude.<\/div>\n<h3 class=\"heading-3 ace-line old-record-id-No1DfqC1qdsZzncKZUecr4mjnDh\">10 Einzigartige Dual-Geschmackspaarungen<\/h3>\n<div class=\"ace-line ace-line old-record-id-VjTjfKKxGdnEpycSREUcdWPLnVb\">Zooy Twins bietet 10 kreative Geschmacks-Kombinationen, die fruchtige Frische, eisige K\u00fchle, cremige S\u00fc\u00dfe und kr\u00e4ftige Getr\u00e4nkenoten mischen. Jedes Paar ist so gestaltet, dass Geschmack und Textur ausgewogen sind, sodass kein Geschmack den anderen \u00fcbert\u00f6nt:<\/div>\n<div class=\"ace-line ace-line old-record-id-EK7ZfcegCdDE0bcfRI9cxTcJnpf\">1. Wassermelonen-Kaugummi &amp; Kaffee-Eis \ud83e\udee7\u2615 \u2013 Kaubare Kaugummis\u00fc\u00dfe trifft auf glatte Kaffeek\u00fchle<\/div>\n<div class=\"ace-line ace-line old-record-id-UavDfzkGGd0RYPcNlgAc5rlnnLf\">2. Ananas-Kokosnuss &amp; Apfel-Eis \ud83c\udf4d\ud83e\udd65 \u2013 Tropische Vibes vermischen sich mit erfrischendem Apfel<\/div>\n<div class=\"ace-line ace-line old-record-id-YaKqfBqGYd3uSvcs7ChcocrQn8g\">3. Red Bull &amp; Erdbeer-Kiwi \u26a1\ud83c\udf53 \u2013 Energetisierender Getr\u00e4nkegeschmack kombiniert mit fruchtiger Spritzigkeit<\/div>\n<div class=\"ace-line ace-line old-record-id-ICuyfOwDid7JGwceYPocC7bgnNe\">4. Erdbeereis &amp; Pfirsich-Mango-Milchshake \ud83c\udf66\ud83e\udd5b \u2013 Cremige Verw\u00f6hnung trifft auf fruchtige F\u00fclle<\/div>\n<div class=\"ace-line ace-line old-record-id-TZaIfvuiEdowehcLi4wc8cgHn5b\">5. Love66 &amp; Cola-Eis \u2764\ufe0f\ud83e\udd64 \u2013 Einzigartiger Love66-Geschmack gemischt mit klassischer Cola-K\u00fchle<\/div>\n<div class=\"ace-line ace-line old-record-id-DbZ1floy7dJlkWcLop8cB7Cunqh\">6. Blaubeereis und Triple Melone \ud83e\uded0\ud83c\udf49 \u2013 Saftiges Blaubeereis kombiniert mit einer Melonen-Mischung<\/div>\n<div class=\"ace-line ace-line old-record-id-SMz4fypHGdxSqZczMBjcQYDKnrc\">7. Rote Beere-Kirsche und gemischte Beeren \ud83c\udf52\ud83e\uded0 \u2013 Kr\u00e4ftige rote Beeren und Kirsche vermischen sich mit s\u00fc\u00dfen Beeren<\/div>\n<div class=\"ace-line ace-line old-record-id-UInSfLpsUdOZBzcsI67co382ng1\">8. Wassermelonen-Eis &amp; Blaue Himbeer-Zitrone \ud83c\udf49\ud83c\udf4b \u2013 Klassisches Wassermelonen-Eis trifft auf spritzige blaue Himbeer-Zitrone<\/div>\n<div class=\"ace-line ace-line old-record-id-YWxNf9Oc6dVNVdcIqIAcbsBbnuh\">9. Trauben-Minze &amp; Erdbeer-Banane \ud83c\udf47\ud83c\udf4c \u2013 Reichhaltige Trauben-Minze kombiniert mit s\u00fc\u00dfer Erdbeer-Banane<\/div>\n<div class=\"ace-line ace-line old-record-id-Voa8fBBvZdepQ7cMNubcquwlnGf\">10. Erdbeere-Wassermelone &amp; Pink Lemonade \ud83c\udf53\ud83c\udf79 \u2013 Frische Fruchtfusion trifft auf w\u00fcrzige pinke Limonade<\/div>\n<h3 class=\"heading-3 ace-line old-record-id-B1oKfvuOkdprz5cb93gc8wycn24\">Geschmacks-Paarungs-Highlights<\/h3>\n<h4 class=\"heading-4 ace-line old-record-id-ZMfMfpQb0doMiFcszPScw0OCnnh\">Eisige &amp; Erfrischende Paare \u2744\ufe0f<\/h4>\n<div class=\"ace-line ace-line old-record-id-BA4pfFrN7dZyYNcsiQpc0Czhn6g\">F\u00fcr hei\u00dfe Tage oder schnelle Aufmunterungen liefern Paare wie Wassermelonen-Kaugummi &amp; Kaffee-Eis und Blaubeereis und Triple Melone einen knackigen, k\u00fchlenden Kick. Die Eisnoten erg\u00e4nzen die Hauptgeschm\u00e4cker und halten jeden Zug glatt und erfrischend.<\/div>\n<h4 class=\"heading-4 ace-line old-record-id-Inc9fI0TXd8ljecbga6cjWCvnGc\">Cremige &amp; Fruchtige Paare \ud83c\udf66\ud83c\udf53<\/h4>\n<div class=\"ace-line ace-line old-record-id-HhwBfw66BdwRpfcyfNacYWKpnWb\">Genie\u00dfen Sie cremig-s\u00fc\u00dfe Kombinationen wie Erdbeereis &amp; Pfirsich-Mango-Milchshake \u2013 perfekt f\u00fcr das Dampfen \u00fcber den ganzen Tag. Die cremige Textur balanciert die fruchtige Helligkeit aus und schafft einen luxuri\u00f6sen, befriedigenden Zug.<\/div>\n<h4 class=\"heading-4 ace-line old-record-id-LqrnfgAoddDG0Uccowuc8VA8nHh\">Kr\u00e4ftige &amp; Energetisierende Paare \u26a1\ud83e\udd64<\/h4>\n<div class=\"ace-line ace-line old-record-id-FvxjfuNPydazIOcaNbycYaK3nyg\">F\u00fcr einen zus\u00e4tzlichen Schub kombinieren Red Bull &amp; Erdbeer-Kiwi und Love66 &amp; Cola-Eis die kr\u00e4ftige Inspiration von Getr\u00e4nken mit fruchtiger Frische. Sie sind ideal f\u00fcr gesch\u00e4ftige Tage oder wenn Sie einen schnellen Energieschub ben\u00f6tigen.<\/div>\n<h2 class=\"heading-2 ace-line old-record-id-Tvt8fCvY0dYy3Oc0ziNcNkCFnme\">Hardcore-Leistung &amp; Intelligentes Design \ud83d\udee0\ufe0f<\/h2>\n<h3 class=\"heading-3 ace-line old-record-id-RQ3OfULa1dwRTFcbadXcLmidn3f\">Dual-Mesh-Coil f\u00fcr konsistenten Geschmack<\/h3>\n<div class=\"ace-line ace-line old-record-id-WHWLfcYhzd465EcKXmgcGYPSn2c\">Zooy Twins verf\u00fcgt \u00fcber eine doppelte Mesh-Coil, die das E-Liquid gleichm\u00e4\u00dfig erhitzt und den reinen Geschmack beider Geschm\u00e4cker bewahrt. Es produziert dichten, glatten Dampf vom ersten Zug bis zum 30000. \u2013 keine verbrannten Z\u00fcge oder verblasster Geschmack \u2013 nur konsistenter, k\u00f6stlicher Geschmack jedes Mal.<\/div>\n<h3 class=\"heading-3 ace-line old-record-id-BtIQfzeRxd3czCcBn5IcydDunSh\">Langanhaltende Leistung &amp; Schnelles Laden<\/h3>\n<div class=\"ace-line ace-line old-record-id-WvNifz3cEdEmm3cIwFMcyk3tnDd\">Mit einer E-Liquid-Kapazit\u00e4t von 35 ml unterst\u00fctzt es die massive Lebensdauer von 30000 Z\u00fcgen, sodass Sie das Ger\u00e4t nicht h\u00e4ufig ersetzen m\u00fcssen. Der 650mAh-Akku l\u00e4dt schnell \u00fcber Type-C und h\u00e4lt Ihre Dampfsitzungen mit minimaler Ausfallzeit am Laufen \u26a1.<\/div>\n<h3 class=\"heading-3 ace-line old-record-id-IlO8fIOdFdupD2cmfKFc6qt5n6f\">Kompakt &amp; Benutzerfreundlich<\/h3>\n<div class=\"ace-line ace-line old-record-id-WDRSfD36SdX0fIch29jc6RLbnPy\">Mit den Ma\u00dfen 25*48*101mm und einem Gewicht von 130g (zuvor 140g angegeben, angepasst an die Kern-Spezifikationen) ist es schlank und leicht zu transportieren. Es passt bequem in Ihre Tasche oder Tasche, perfekt f\u00fcr Pendelstrecken, Reisen oder den Freizeitgebrauch. Das integrierte Smart-Display zeigt die aktuellen Akku- und E-Liquid-Levels an, sodass Sie nie unvorbereitet sind \ud83d\udcf1.<\/div>\n<h3 class=\"heading-3 ace-line old-record-id-IkArfFAHtdg5I2c95W3ca9s8nEh\">Flexible Nikotinalternativen<\/h3>\n<div class=\"ace-line ace-line old-record-id-WP7KfTlA9dL9lpcvrFZcqBJ9ngf\">Es bietet die Nikotinst\u00e4rken 2%, 3% und 5%, sodass Sie die Intensit\u00e4t w\u00e4hlen k\u00f6nnen, die Ihren Vorlieben entspricht. Egal, ob Sie einen milden, l\u00e4ssigen Zug oder ein robusteres Erlebnis w\u00fcnschen, Zooy Twins hat f\u00fcr Sie das Richtige.<\/div>\n<\/div>\n<\/div>\n<\/div>\n<\/div>\n<\/div>\n<\/div>\n<\/div>\n<\/div>\n<\/div>\n<\/div>\n<\/div>\n<\/div>\n<\/div>\n<\/div>\n<\/div>\n<\/div>\n<\/div>\n<\/div>\n<\/div>\n<\/div>\n<\/div>\n<\/div>\n<\/div>\n<\/div>\n<\/div>\n<\/div>\n<\/div>\n<\/div>\n<\/div>\n<\/div>\n<\/div>\n<\/div>\n<\/div>\n<\/div>\n<\/div>\n<\/div>\n<\/div>\n<\/div>\n<\/div>\n<\/div>\n<\/div>\n<\/div>\n<\/div>\n<\/div>\n<\/div>\n<\/div>\n<\/div>\n<\/div>\n<\/div>\n<\/div>\n<\/div>\n<\/div>\n<\/div>\n<\/div>\n<\/div>\n<\/div>\n<\/div>\n<\/div>\n<\/div>\n<\/div>\n<\/div>\n<\/div>\n<\/div>\n<\/div>\n<\/div>\n<\/div>\n<\/div>\n<\/div>\n<\/div>\n<\/div>\n<\/div>\n<\/div>\n<\/div>\n<\/div>\n<\/div>\n<\/div>\n<\/div>\n<\/div>\n<\/div>\n<\/div>\n<\/div>\n<\/div>\n<\/div>\n<\/div>\n<\/div>\n<\/div>\n<\/div>\n<\/div>","protected":false},"excerpt":{"rendered":"<div data-page-id=\"RAopf2sw9dtvw4cWYXpcTwo0n8g\" data-lark-html-role=\"root\" data-docx-has-block-data=\"false\">\n<div class=\"ace-line ace-line old-record-id-Uju9f3RXYd8dh2crAJbcBF3Un6M\">\n<div data-page-id=\"Dd8gfe2wRdT66jcgnqtcUwg5ndh\" data-lark-html-role=\"root\" data-docx-has-block-data=\"false\">\n<div class=\"ace-line ace-line old-record-id-FiRZf3qXpdK0RqcHt8wcxPTon8b\">Zooy Twins 30000 Z\u00fcge bietet 10 Dualgeschmackspaarungen mit freiem Wechsel, 30000 Z\u00fcgen und einer doppelten Mesh-Spule. Es hat eine E-Liquid-Kapazit\u00e4t von 35 ml, einen 650 mAh Type-C wiederaufladbaren Akku, ein intelligentes Display und 2%\/3%\/5% Nikotinalternativen, alles in einem kompakten Geh\u00e4use von 130 g.<\/div>\n<\/div>\n<\/div>\n<\/div>","protected":false},"featured_media":7147,"comment_status":"open","ping_status":"closed","template":"","meta":{"_acf_changed":false,"inline_featured_image":false,"_sitemap_exclude":false,"_sitemap_priority":"","_sitemap_frequency":""},"product_brand":[357],"product_cat":[356,239,264],"product_tag":[],"class_list":{"0":"post-7135","1":"product","2":"type-product","3":"status-publish","4":"has-post-thumbnail","6":"product_brand-zooy","7":"product_cat-zooy-puff","8":"product_cat-disposable-vape-collection","9":"product_cat-30k-puffs","11":"first","12":"instock","13":"sale","14":"shipping-taxable","15":"purchasable","16":"product-type-variable","17":"has-default-attributes"},"acf":[],"tiered_pricing_type":"fixed","tiered_pricing_fixed_rules":{"30":9.88,"60":9.05,"100":8.92,"200":8.5},"tiered_pricing_product_settings":{"layout":"default","base_unit_name":{"singular":null,"plural":null},"default_variation":null},"tiered_pricing_minimum_quantity":10,"tiered_pricing_roles_data":[],"tiered_pricing_percentage_rules":[],"tiered_pricing_maximum_quantity":null,"tiered_pricing_quantity_step":"10","_links":{"self":[{"href":"https:\/\/oiovape.com\/de\/wp-json\/wp\/v2\/product\/7135","targetHints":{"allow":["GET"]}}],"collection":[{"href":"https:\/\/oiovape.com\/de\/wp-json\/wp\/v2\/product"}],"about":[{"href":"https:\/\/oiovape.com\/de\/wp-json\/wp\/v2\/types\/product"}],"replies":[{"embeddable":true,"href":"https:\/\/oiovape.com\/de\/wp-json\/wp\/v2\/comments?post=7135"}],"version-history":[{"count":3,"href":"https:\/\/oiovape.com\/de\/wp-json\/wp\/v2\/product\/7135\/revisions"}],"predecessor-version":[{"id":7162,"href":"https:\/\/oiovape.com\/de\/wp-json\/wp\/v2\/product\/7135\/revisions\/7162"}],"wp:featuredmedia":[{"embeddable":true,"href":"https:\/\/oiovape.com\/de\/wp-json\/wp\/v2\/media\/7147"}],"wp:attachment":[{"href":"https:\/\/oiovape.com\/de\/wp-json\/wp\/v2\/media?parent=7135"}],"wp:term":[{"taxonomy":"product_brand","embeddable":true,"href":"https:\/\/oiovape.com\/de\/wp-json\/wp\/v2\/product_brand?post=7135"},{"taxonomy":"product_cat","embeddable":true,"href":"https:\/\/oiovape.com\/de\/wp-json\/wp\/v2\/product_cat?post=7135"},{"taxonomy":"product_tag","embeddable":true,"href":"https:\/\/oiovape.com\/de\/wp-json\/wp\/v2\/product_tag?post=7135"}],"curies":[{"name":"wp","href":"https:\/\/api.w.org\/{rel}","templated":true}]}}