{"id":7273,"date":"2026-03-02T10:18:24","date_gmt":"2026-03-02T02:18:24","guid":{"rendered":"https:\/\/oiovape.com\/?post_type=product&#038;p=7273"},"modified":"2026-03-02T18:01:45","modified_gmt":"2026-03-02T10:01:45","slug":"zooy-6-in-1-120000-puffs","status":"publish","type":"product","link":"https:\/\/oiovape.com\/de\/product\/zooy-6-in-1-120000-puffs\/","title":{"rendered":"Zooy 6 in 1 120000 Z\u00dcGE 2% 3% 5% Nikotin Smart Display Bildschirm Einweg-Vape"},"content":{"rendered":"<div data-page-id=\"ZVeMfq8uxd7y1ycuKm5cym4LnYd\" data-lark-html-role=\"root\" data-docx-has-block-data=\"false\">\n<div data-page-id=\"Fd41fZ5N9dzRQtcRNoVc2FuDnCh\" data-lark-html-role=\"root\" data-docx-has-block-data=\"true\">\n<div data-page-id=\"BdIJfeeijdk1eucGpS8cDCBBn5c\" data-lark-html-role=\"root\" data-docx-has-block-data=\"false\">\n<div data-page-id=\"Zbg9fWx77dUuh2cIYpic25c8nyd\" data-lark-html-role=\"root\" data-docx-has-block-data=\"false\">\n<div data-page-id=\"KaIvfiurhdlCKdc0kyxcX64cnE6\" data-lark-html-role=\"root\" data-docx-has-block-data=\"true\">\n<div data-page-id=\"PbvFfqxqlddUTScRpEYcY5MHnpf\" data-lark-html-role=\"root\" data-docx-has-block-data=\"true\">\n<div data-page-id=\"GZO2f5JeudwY4jc9iJtcdk9Hnxh\" data-lark-html-role=\"root\" data-docx-has-block-data=\"false\">\n<div data-page-id=\"EZVRf2acFduXLGcseZFc4qH2n6e\" data-lark-html-role=\"root\" data-docx-has-block-data=\"false\">\n<div data-page-id=\"B8rHfcqlqdzmH5cCWCncz17Cntb\" data-lark-html-role=\"root\" data-docx-has-block-data=\"false\">\n<div data-page-id=\"B8rHfcqlqdzmH5cCWCncz17Cntb\" data-lark-html-role=\"root\" data-docx-has-block-data=\"false\">\n<div data-page-id=\"B8rHfcqlqdzmH5cCWCncz17Cntb\" data-lark-html-role=\"root\" data-docx-has-block-data=\"true\">\n<div data-page-id=\"HM70f1aoxdD0bMcxJZBcVc7ynZd\" data-lark-html-role=\"root\" data-docx-has-block-data=\"false\">\n<div data-page-id=\"NSrJfN7Ord22i0c1iwZcsF8yn8b\" data-lark-html-role=\"root\" data-docx-has-block-data=\"false\">\n<div data-page-id=\"RXEff4Mskds8o1cqL5HcGEtUnCh\" data-lark-html-role=\"root\" data-docx-has-block-data=\"false\">\n<div data-page-id=\"KJ7gfqkVndMSRJcMseScmvYwnTc\" data-lark-html-role=\"root\" data-docx-has-block-data=\"false\">\n<div class=\"ace-line ace-line old-record-id-QADAfETPudgmudc05YvcTO5fnxe\">\n<div data-page-id=\"KJ7gfqkVndMSRJcMseScmvYwnTc\" data-lark-html-role=\"root\" data-docx-has-block-data=\"false\">\n<div class=\"ace-line ace-line old-record-id-JoRkfpho8dOkiacEOascDyCOncb\">\n<div data-page-id=\"KJ7gfqkVndMSRJcMseScmvYwnTc\" data-lark-html-role=\"root\" data-docx-has-block-data=\"false\">\n<div data-page-id=\"Ju6ofQ3V4dGmePcVvJvc1gmcnZb\" data-lark-html-role=\"root\" data-docx-has-block-data=\"true\">\n<div data-page-id=\"PR9ife5PLdFabccbFgZcWgZOnTc\" data-lark-html-role=\"root\" data-docx-has-block-data=\"false\">\n<div data-page-id=\"INdrfOIGzdaenXcptrcc1BcznQc\" data-lark-html-role=\"root\" data-docx-has-block-data=\"false\">\n<div class=\"ace-line ace-line old-record-id-P0fIf4YaZdoGkbcxt5ackec2nnb\">\n<div data-page-id=\"INdrfOIGzdaenXcptrcc1BcznQc\" data-lark-html-role=\"root\" data-docx-has-block-data=\"false\">\n<div data-page-id=\"MAzCfUB73dMTQscm8eWcougVn1g\" data-lark-html-role=\"root\" data-docx-has-block-data=\"true\">\n<div data-page-id=\"AXfpf7H1odhDvGcKoUOcErN8nV7\" data-lark-html-role=\"root\" data-docx-has-block-data=\"false\">\n<div data-page-id=\"QYTKf5PvLdUNdbce2nBcW9yfnrh\" data-lark-html-role=\"root\" data-docx-has-block-data=\"false\">\n<div data-page-id=\"Pvu1f1CCBdxbjncA9pgcBTpanph\" data-lark-html-role=\"root\" data-docx-has-block-data=\"true\">\n<div data-page-id=\"Axf3fcmY8dDAhtcjVircBcphnPc\" data-lark-html-role=\"root\" data-docx-has-block-data=\"false\">\n<div data-page-id=\"KKj1f9SPmdLhhMc5E2AcNlLen6f\" data-lark-html-role=\"root\" data-docx-has-block-data=\"true\">\n<div data-page-id=\"Rx61fK1sJdXHjPcBuhZcweNhnwc\" data-lark-html-role=\"root\" data-docx-has-block-data=\"false\">\n<div data-page-id=\"L1H9fkG9Mdz45Fcy4WMc5VKXnRe\" data-lark-html-role=\"root\" data-docx-has-block-data=\"false\">\n<div data-page-id=\"L1H9fkG9Mdz45Fcy4WMc5VKXnRe\" data-lark-html-role=\"root\" data-docx-has-block-data=\"false\">\n<div data-page-id=\"D4XLfVBVrdE8mrcaYizczklLnaf\" data-lark-html-role=\"root\" data-docx-has-block-data=\"false\">\n<div data-page-id=\"WVcifIY44d5mhMcXtyEcTsfenGd\" data-lark-html-role=\"root\" data-docx-has-block-data=\"true\">\n<div data-page-id=\"LRknfa6Whd4DWCcUc0FcNKpJnyh\" data-lark-html-role=\"root\" data-docx-has-block-data=\"false\">\n<div data-page-id=\"LRknfa6Whd4DWCcUc0FcNKpJnyh\" data-lark-html-role=\"root\" data-docx-has-block-data=\"false\">\n<div data-page-id=\"XFRAfkcOEdRWh8cArQ2cJdyRnJf\" data-lark-html-role=\"root\" data-docx-has-block-data=\"true\">\n<div data-page-id=\"OQ3bfjnRddMTDGcC3ouc6xFKnWf\" data-lark-html-role=\"root\" data-docx-has-block-data=\"true\">\n<div data-page-id=\"J0iGfj1hEdjc4rcUdSmc4spMnmZ\" data-lark-html-role=\"root\" data-docx-has-block-data=\"false\">\n<div data-page-id=\"P1o7fFyNlduP8tcfZpQcagzbnIf\" data-lark-html-role=\"root\" data-docx-has-block-data=\"false\">\n<div class=\"ace-line ace-line old-record-id-P1o7fFyNlduP8tcfZpQcagzbnIf\">\n<div data-page-id=\"P1o7fFyNlduP8tcfZpQcagzbnIf\" data-lark-html-role=\"root\" data-docx-has-block-data=\"false\">\n<div data-page-id=\"U4iufW38SdttWKcTstMcTtHRnXc\" data-lark-html-role=\"root\" data-docx-has-block-data=\"true\">\n<div data-page-id=\"ONVMf7VTWddcFtcyATOchCJHnZb\" data-lark-html-role=\"root\" data-docx-has-block-data=\"true\">\n<div data-page-id=\"KoW2fSy0PdLHFlc5kSHcgvWMnYg\" data-lark-html-role=\"root\" data-docx-has-block-data=\"false\">\n<div data-page-id=\"KoW2fSy0PdLHFlc5kSHcgvWMnYg\" data-lark-html-role=\"root\" data-docx-has-block-data=\"false\">\n<div data-page-id=\"OLGhfzxC7d7EFIcLEj9cRT5ynZf\" data-lark-html-role=\"root\" data-docx-has-block-data=\"false\">\n<div data-page-id=\"DdnnfrLjzdqrFIc9Il9c7pA2noc\" data-lark-html-role=\"root\" data-docx-has-block-data=\"true\">\n<div data-page-id=\"KNzcf2o0oddkJOcztTVcqPdlnth\" data-lark-html-role=\"root\" data-docx-has-block-data=\"false\">\n<div data-page-id=\"LBU7fg5SEdkWhecGJoxca3xvnCe\" data-lark-html-role=\"root\" data-docx-has-block-data=\"false\">\n<div data-page-id=\"EB70fooS3d69bMcgWB7c5qb9n8g\" data-lark-html-role=\"root\" data-docx-has-block-data=\"false\">\n<div data-page-id=\"AogwfsZCadB6t0cAvF0cK4JLnvf\" data-lark-html-role=\"root\" data-docx-has-block-data=\"false\">\n<div data-page-id=\"AogwfsZCadB6t0cAvF0cK4JLnvf\" data-lark-html-role=\"root\" data-docx-has-block-data=\"false\">\n<div data-page-id=\"JMZIflNGddQuU0c5JZocSqlvnle\" data-lark-html-role=\"root\" data-docx-has-block-data=\"false\">\n<div data-page-id=\"JMZIflNGddQuU0c5JZocSqlvnle\" data-lark-html-role=\"root\" data-docx-has-block-data=\"true\">\n<div data-page-id=\"HtEafjjRIdPAlMc9zgYcsGy6nOe\" data-lark-html-role=\"root\" data-docx-has-block-data=\"false\">\n<div data-page-id=\"Rhnafz0WTdDeT9c43xxczsbVnJo\" data-lark-html-role=\"root\" data-docx-has-block-data=\"false\">\n<div data-page-id=\"WY0CfKdcTdf4hVcZl67ct5LGncf\" data-lark-html-role=\"root\" data-docx-has-block-data=\"true\">\n<div data-page-id=\"MkB5fF4AVdchovcoPEpc7LqvnOd\" data-lark-html-role=\"root\" data-docx-has-block-data=\"true\">\n<div data-page-id=\"MfbjfZhbhdJdA8cH1dAckqF0n6g\" data-lark-html-role=\"root\" data-docx-has-block-data=\"false\">\n<div class=\"ace-line ace-line old-record-id-W2AHfJLnjd7ugjcRLs1c8BdhnNh\">\n<div data-page-id=\"MfbjfZhbhdJdA8cH1dAckqF0n6g\" data-lark-html-role=\"root\" data-docx-has-block-data=\"false\">\n<div class=\"old-record-id-XXd1feeCZdR2hJc6evocxnh1nOg\">\n<div data-page-id=\"MfbjfZhbhdJdA8cH1dAckqF0n6g\" data-lark-html-role=\"root\" data-docx-has-block-data=\"false\">\n<div data-page-id=\"DE51fYUmxdT3ekcHzc3cGrVQnsc\" data-lark-html-role=\"root\" data-docx-has-block-data=\"false\">\n<div data-page-id=\"YSKdfaZ08dRej3ci5CccQBuOncc\" data-lark-html-role=\"root\" data-docx-has-block-data=\"true\">\n<div data-page-id=\"K6mofQmledamEFcgp1EcVobmnYd\" data-lark-html-role=\"root\" data-docx-has-block-data=\"false\">\n<div data-page-id=\"VTgsfVLdCd9q1ucYcwRcCM0Hnof\" data-lark-html-role=\"root\" data-docx-has-block-data=\"true\">\n<div data-page-id=\"WucKfzp8RdNy8rcMJHncz4Knnac\" data-lark-html-role=\"root\" data-docx-has-block-data=\"true\">\n<div data-page-id=\"IfZ9fDIBLd9b9hcJiqGcLw9Pnmh\" data-lark-html-role=\"root\" data-docx-has-block-data=\"false\">\n<div data-page-id=\"JeU6f3Yq5dbdEHcZDptc5ikcn5c\" data-lark-html-role=\"root\" data-docx-has-block-data=\"true\">\n<div data-page-id=\"E1YjfnB4Jdmtsfc2ZObcu04Un6c\" data-lark-html-role=\"root\" data-docx-has-block-data=\"false\">\n<div data-page-id=\"RQVEfdiOzdqTQKcRcnxcG0Y7nce\" data-lark-html-role=\"root\" data-docx-has-block-data=\"true\">\n<div data-page-id=\"NKc7fbZi9dnOXocdHcScVsXdnmh\" data-lark-html-role=\"root\" data-docx-has-block-data=\"false\">\n<div data-page-id=\"DaE3fgNEwdnbQVc62iqcBK4lnte\" data-lark-html-role=\"root\" data-docx-has-block-data=\"false\">\n<div data-page-id=\"DaE3fgNEwdnbQVc62iqcBK4lnte\" data-lark-html-role=\"root\" data-docx-has-block-data=\"false\">\n<div data-page-id=\"NqSRfcp5SdFQ6ucdStXcbvManpc\" data-lark-html-role=\"root\" data-docx-has-block-data=\"false\">\n<div data-page-id=\"KydBfoEuudJNYhcgRdAc3aeUn7c\" data-lark-html-role=\"root\" data-docx-has-block-data=\"true\">\n<div data-page-id=\"SIqXfR5ipd7jWpczA5RcYkWInfd\" data-lark-html-role=\"root\" data-docx-has-block-data=\"false\">\n<div data-page-id=\"Y06XfUzydd0aVicBtPKcZlS8nJf\" data-lark-html-role=\"root\" data-docx-has-block-data=\"true\">\n<div data-page-id=\"E2ZvfNrVNdEHKickexPcvdXVnrc\" data-lark-html-role=\"root\" data-docx-has-block-data=\"false\">\n<div data-page-id=\"DqGzfq5S4d9GdAcOQVIcIdPhn2c\" data-lark-html-role=\"root\" data-docx-has-block-data=\"false\">\n<div data-page-id=\"HsKcfE4WLdET7ScRm72cTZ96nPb\" data-lark-html-role=\"root\" data-docx-has-block-data=\"false\">\n<div data-page-id=\"MvWFfuF4Edx69KcRSmmcvS2LndG\" data-lark-html-role=\"root\" data-docx-has-block-data=\"true\">\n<div data-page-id=\"BSNMfUsMXd3XFscNxbDcufC2nEg\" data-lark-html-role=\"root\" data-docx-has-block-data=\"false\">\n<div data-page-id=\"Rr0Mfry1adQB66cMkYGcCmoWnKe\" data-lark-html-role=\"root\" data-docx-has-block-data=\"true\">\n<div data-page-id=\"A7fMfxJhydfxJUc6VX9cVvDKnpd\" data-lark-html-role=\"root\" data-docx-has-block-data=\"false\">\n<div data-page-id=\"A7fMfxJhydfxJUc6VX9cVvDKnpd\" data-lark-html-role=\"root\" data-docx-has-block-data=\"false\">\n<div data-page-id=\"WbzgfFBuTduiBjc6rORciNrNnlf\" data-lark-html-role=\"root\" data-docx-has-block-data=\"false\">\n<div data-page-id=\"R0Rzf8rQUdoB9hcxkiqc9kKHnk2\" data-lark-html-role=\"root\" data-docx-has-block-data=\"true\">\n<div data-page-id=\"ZwXFfRomCdt9G4cs33scepfHnoe\" data-lark-html-role=\"root\" data-docx-has-block-data=\"false\">\n<div data-page-id=\"UFFTffnWTdbuv3coRhBc3zxBnMf\" data-lark-html-role=\"root\" data-docx-has-block-data=\"true\">\n<div data-page-id=\"FV0FfDT4ZdfJZoc4SMccT5Rjndf\" data-lark-html-role=\"root\" data-docx-has-block-data=\"false\">\n<h2 class=\"ace-line ace-line old-record-id-FV0FfDT4ZdfJZoc4SMccT5Rjndf\">Zooy 6 in 1 120000 Z\u00fcge \u2013 Produktmerkmale<\/h2>\n<div class=\"ace-line ace-line old-record-id-MgZBf5OOBdKMXrcmiyncKytOnkc\">Zooy 6 in 1 120000 Z\u00fcge definiert das Einweg-Vaping mit seiner 6-in-1 Geschmacksvielfalt neu und packt 12 sorgf\u00e4ltig gestaltete Geschmacks-Trios in ein Ger\u00e4t. Es liefert beeindruckende 120.000 Z\u00fcge, einstellbare Nikotinst\u00e4rken und eine leistungsstarke Triple-Mesh-Spule, alles kombiniert mit intelligenten Funktionen und einem kompakten Design f\u00fcr ein erstklassiges, problemloses Erlebnis.<\/div>\n<div class=\"ace-line ace-line old-record-id-UBMVfjxwGdddJ5cnlXyc6KT6nSe\">Es konzentriert sich auf das, was Dampfer wirklich interessiert: Geschmacksvielfalt, konsistente Leistung und Bequemlichkeit. Keine unn\u00f6tigen Spielereien, nur reiner Genuss \u2013 egal, ob Sie nach eisiger Erfrischung, s\u00fc\u00dfen Fr\u00fcchten oder kr\u00e4ftigen Getr\u00e4nken verlangen, dieses Ger\u00e4t hat eine Geschmacks-Kombination f\u00fcr jede Stimmung.<\/div>\n<h2 class=\"heading-2 ace-line old-record-id-H0Pqfe67adWiysc5nlicS3P7nJX\">6-in-1 Geschmacksvielfalt: 12 Trios, endloser Genuss<\/h2>\n<div class=\"ace-line ace-line old-record-id-FnGnfYOTGdZIFzcp1T8c7gCenPg\">Das 6-in-1 Design ist das Herzst\u00fcck dieses Ger\u00e4ts und bietet 12 einzigartige Geschmacks-Trios, die eine breite Palette von Geschm\u00e4ckern abdecken. Jedes Trio kombiniert drei komplement\u00e4re Geschm\u00e4cker und schafft geschichtete, befriedigende Z\u00fcge, die die Notwendigkeit beseitigen, mehrere Ger\u00e4te zu tragen oder st\u00e4ndig zwischen Geschm\u00e4ckern zu wechseln.<\/div>\n<h3 class=\"heading-3 ace-line old-record-id-MU0wfvksPdUa9tc8PsmcjVNfn5b\">Durchdachte Geschmacks-Kombination f\u00fcr jede Vorliebe<\/h3>\n<div class=\"ace-line ace-line old-record-id-WroHfsurcdfsT6cou2Oc5aeVnpc\">Jedes Geschmacks-Trio balanciert unterschiedliche Geschmacksprofile \u2013 einige mischen eisige K\u00fchle mit s\u00fc\u00dfen Fr\u00fcchten, andere kombinieren kr\u00e4ftige Beeren mit tropischen Noten oder cremigen Leckereien. Die Kombination ist absichtlich, um sicherzustellen, dass kein einzelner Geschmack die anderen \u00fcbert\u00f6nt, sodass Sie jede Nuance mit jedem Zug genie\u00dfen k\u00f6nnen.<\/p>\n<p>1. Wassermelonen-Eis &amp; Red Bull &amp; Erdbeer Kiwi<br \/>\n2. Erdbeer Wassermelone &amp; Blaubeereis &amp; Zitrone Limette<br \/>\n3. Triple Melone &amp; Blaubeere Himbeere &amp; Erdbeereis<br \/>\n4. Erdbeere Himbeere &amp; Mango Pfirsich &amp; Blaubeere Wassermelone<br \/>\n5. Blaubeereis &amp; Erdbeer Kiwi &amp; Wassermelonen-Eis<br \/>\n6. Erdbeer Traube &amp; Blaue Razz &amp; Erdbeer Banane<br \/>\n7. Kiwi Passionsfrucht &amp; Liebe 66 &amp; Pink Lemonade<br \/>\n8. Erdbeereis &amp; Mischfrucht &amp; Zitronen-Cola<br \/>\n9. Pfirsich Beere &amp; Erdbeer Mango &amp; Kirsch-Cola Eis<br \/>\n10. Erdbeer Kiwi &amp; Saure Apfel &amp; Himbeere Wassermelone<br \/>\n11. Gemischte Beeren &amp; Erdbeer Wassermelone &amp; Kiwi Passionsfrucht<br \/>\n12. Pfirsich Eis &amp; Erdbeer Milchshake &amp; Mango Eis<br \/>\n<img decoding=\"async\" class=\"alignnone wp-image-7275 size-full\" title=\"Zooy 6 in 1 120k Geschm\u00e4cker\" src=\"https:\/\/oiovape.com\/wp-content\/uploads\/2026\/03\/Zooy-6-in-1-120k-Flavors-scaled.jpg\" alt=\"Zooy 6 in 1 120k Geschm\u00e4cker\" width=\"1552\" height=\"2560\" srcset=\"https:\/\/oiovape.com\/wp-content\/uploads\/2026\/03\/Zooy-6-in-1-120k-Flavors-scaled.jpg 1552w, https:\/\/oiovape.com\/wp-content\/uploads\/2026\/03\/Zooy-6-in-1-120k-Flavors-182x300.jpg 182w, https:\/\/oiovape.com\/wp-content\/uploads\/2026\/03\/Zooy-6-in-1-120k-Flavors-621x1024.jpg 621w, https:\/\/oiovape.com\/wp-content\/uploads\/2026\/03\/Zooy-6-in-1-120k-Flavors-768x1267.jpg 768w, https:\/\/oiovape.com\/wp-content\/uploads\/2026\/03\/Zooy-6-in-1-120k-Flavors-931x1536.jpg 931w, https:\/\/oiovape.com\/wp-content\/uploads\/2026\/03\/Zooy-6-in-1-120k-Flavors-1242x2048.jpg 1242w, https:\/\/oiovape.com\/wp-content\/uploads\/2026\/03\/Zooy-6-in-1-120k-Flavors-7x12.jpg 7w, https:\/\/oiovape.com\/wp-content\/uploads\/2026\/03\/Zooy-6-in-1-120k-Flavors-1200x1980.jpg 1200w, https:\/\/oiovape.com\/wp-content\/uploads\/2026\/03\/Zooy-6-in-1-120k-Flavors-150x247.jpg 150w\" sizes=\"(max-width: 1552px) 100vw, 1552px\" \/><\/p>\n<\/div>\n<h4 class=\"heading-4 ace-line old-record-id-Gtasf7jzsd7bRJctT9ic9l8Fnxd\">Einstellbare Nikotinst\u00e4rken: Anpassen an Ihre Toleranz<\/h4>\n<div class=\"ace-line ace-line old-record-id-JBkMfYAMcdymaXcV2nWcWDNknjc\">Es bietet drei Nikotinsalzst\u00e4rken \u2013 2%, 3% und 5% \u2013 sodass Sie Ihren Zug an Ihre Vorlieben anpassen k\u00f6nnen. Egal, ob Sie einen milden, sanften Zug oder einen st\u00e4rkeren, befriedigenden Zug bevorzugen, Sie k\u00f6nnen die Nikotinst\u00e4rke leicht an Ihre Bed\u00fcrfnisse anpassen.<\/div>\n<h2 class=\"heading-2 ace-line old-record-id-FjSyfJ7kjdZ9WlcemOPcS9ZGnA6\">0.8+0.8+0.8 Mesh-Spule: Dreifache Leistung f\u00fcr reinen, konsistenten Geschmack<\/h2>\n<div class=\"ace-line ace-line old-record-id-IAP5fgvzFd1vl1cgIEkcEJWUndf\">Im Kern des Ger\u00e4ts befindet sich ein 0.8+0.8+0.8 Mesh-Spulen-Setup \u2013 drei separate Spulen arbeiten harmonisch zusammen, um das E-Liquid gleichm\u00e4\u00dfig zu erhitzen. Dieses Design bewahrt den authentischen Geschmack jedes Geschmacks im Trio und sorgt f\u00fcr einen glatten, dichten Dampf vom ersten Zug bis zum 120.000.<\/div>\n<div class=\"ace-line ace-line old-record-id-EmcVfCoLsdCwWMcMuhocNhsgndX\">Die Triple-Spule beseitigt verbrannte Z\u00fcge und verblassten Geschmack und liefert konsistente Leistung w\u00e4hrend der gesamten Lebensdauer des Ger\u00e4ts. Sie balanciert Geschmack und Dampf perfekt und erm\u00f6glicht es Ihnen, jede Schicht der Geschmacks-Trios ohne Kompromisse zu genie\u00dfen.<\/div>\n<h2 class=\"heading-2 ace-line old-record-id-OwrOfLuDOdrFDFciERmcQfLOnId\">120000 Z\u00fcge &amp; 14*3ml E-Liquid: Langanhaltende Zufriedenheit<\/h2>\n<div class=\"ace-line ace-line old-record-id-W7k9fRmKKd2BAYcCDd7cT5umnpg\">Mit einer beeindruckenden Lebensdauer von 120.000 Z\u00fcgen und 14*3ml E-Liquid ist dieses Ger\u00e4t f\u00fcr Wochen ausgelegt, selbst bei intensiver t\u00e4glicher Nutzung. Sie m\u00fcssen sich keine Sorgen um h\u00e4ufige Ersatzteile machen \u2013 genie\u00dfen Sie einfach konsistenten Geschmack und Dampf \u00fcber einen l\u00e4ngeren Zeitraum.<\/div>\n<h3 class=\"heading-3 ace-line old-record-id-KSDWfQT4yd7mRGcfc9Vc0m7nnuh\">850mAh Batterie &amp; Type-C wiederaufladbar<\/h3>\n<div class=\"ace-line ace-line old-record-id-A2Z2feegldVSvpcn3dYcpWAsn7f\">Angetrieben von einer 850mAh Batterie liefert es stetige Energie, um die Lebensdauer von 120.000 Z\u00fcgen zu unterst\u00fctzen. Wenn die Batterie schwach wird, erm\u00f6glicht das Type-C-Schnellladen, dass Sie sie schnell mit einem g\u00e4ngigen Kabel aufladen \u2013 keine langen Wartezeiten, keine zus\u00e4tzlichen Ladeger\u00e4te, perfekt f\u00fcr hektische Tage oder unterwegs.<\/div>\n<h2 class=\"heading-2 ace-line old-record-id-VDx4frQ6IdXlhwcTJI0cCnJmnab\">Intelligentes Display &amp; kompaktes Design: Bequemlichkeit auf einen Blick<\/h2>\n<h3 class=\"heading-3 ace-line old-record-id-FrZEfJjd6dPCgacCuYocGZ9Bnbg\">Eingebautes intelligentes Display<\/h3>\n<div class=\"ace-line ace-line old-record-id-JmNTfiwF9dYF9aclli6c6Hdfnsd\">Das integrierte intelligente Display h\u00e4lt Sie auf einen Blick informiert. Es zeigt den aktuellen Batteriestand, verbleibendes E-Liquid und die aktuelle Nikotinst\u00e4rke an, sodass Sie nie von einer leeren Batterie oder einem leeren Ger\u00e4t \u00fcberrascht werden. Alles, was Sie wissen m\u00fcssen, ist klar und leicht zu lesen.<\/div>\n<h3 class=\"heading-3 ace-line old-record-id-FjPWfAHk2dGAsmcXvvTcAxSenBe\">Kompakte &amp; leichte Bauweise<\/h3>\n<div class=\"ace-line ace-line old-record-id-Ff2pfE4NbdMy93cZjbscRtr0nUh\">Mit den Abmessungen 44*47*117mm und einem Gewicht von 165g pro St\u00fcck ist es kompakt genug, um bequem in Ihre Tasche oder Tasche zu passen. Es ist einfach \u00fcberall hin mitzunehmen, was es perfekt f\u00fcr Pendelstrecken, Reisen oder den Freizeitgebrauch macht \u2013 kein sperriges Gef\u00fchl, nur pure Bequemlichkeit.<\/p>\n<\/div>\n<\/div>\n<\/div>\n<\/div>\n<\/div>\n<\/div>\n<\/div>\n<\/div>\n<\/div>\n<\/div>\n<\/div>\n<\/div>\n<\/div>\n<\/div>\n<\/div>\n<\/div>\n<\/div>\n<\/div>\n<\/div>\n<\/div>\n<\/div>\n<\/div>\n<\/div>\n<\/div>\n<\/div>\n<\/div>\n<\/div>\n<\/div>\n<\/div>\n<\/div>\n<\/div>\n<\/div>\n<\/div>\n<\/div>\n<\/div>\n<\/div>\n<\/div>\n<\/div>\n<\/div>\n<\/div>\n<\/div>\n<\/div>\n<\/div>\n<\/div>\n<\/div>\n<\/div>\n<\/div>\n<\/div>\n<\/div>\n<\/div>\n<\/div>\n<\/div>\n<\/div>\n<\/div>\n<\/div>\n<\/div>\n<\/div>\n<\/div>\n<\/div>\n<\/div>\n<\/div>\n<\/div>\n<\/div>\n<\/div>\n<\/div>\n<\/div>\n<\/div>\n<\/div>\n<\/div>\n<\/div>\n<\/div>\n<\/div>\n<\/div>\n<\/div>\n<\/div>\n<\/div>\n<\/div>\n<\/div>\n<\/div>\n<\/div>\n<\/div>\n<\/div>\n<\/div>\n<\/div>\n<\/div>\n<\/div>\n<\/div>\n<\/div>\n<\/div>\n<\/div>\n<\/div>\n<\/div>\n<\/div>\n<\/div>\n<\/div>","protected":false},"excerpt":{"rendered":"<div data-page-id=\"RAopf2sw9dtvw4cWYXpcTwo0n8g\" data-lark-html-role=\"root\" data-docx-has-block-data=\"false\">\n<div class=\"ace-line ace-line old-record-id-Uju9f3RXYd8dh2crAJbcBF3Un6M\">\n<div data-page-id=\"Dd8gfe2wRdT66jcgnqtcUwg5ndh\" data-lark-html-role=\"root\" data-docx-has-block-data=\"false\">\n<div class=\"ace-line ace-line old-record-id-FiRZf3qXpdK0RqcHt8wcxPTon8b\">Zooy 6 in 1 120000 Z\u00fcge bietet 6-in-1 Geschmacksvielfalt mit 12 Trios, einer 0.8+0.8+0.8 Mesh-Spule und einstellbarem Nikotin (2%, 3%, 5%). Es hat 120000 Z\u00fcge, 143ml E-Liquid, 850mAh Batterie, Type-C-Ladung, intelligentes Display und einen kompakten K\u00f6rper von 165g.<em>.<\/em><\/div>\n<\/div>\n<\/div>\n<\/div>","protected":false},"featured_media":7285,"comment_status":"open","ping_status":"closed","template":"","meta":{"_acf_changed":false,"inline_featured_image":false,"_sitemap_exclude":false,"_sitemap_priority":"","_sitemap_frequency":""},"product_brand":[357],"product_cat":[356,239,241],"product_tag":[],"class_list":{"0":"post-7273","1":"product","2":"type-product","3":"status-publish","4":"has-post-thumbnail","6":"product_brand-zooy","7":"product_cat-zooy-puff","8":"product_cat-disposable-vape-collection","9":"product_cat-120k-puff","11":"first","12":"instock","13":"sale","14":"shipping-taxable","15":"purchasable","16":"product-type-variable","17":"has-default-attributes"},"acf":[],"tiered_pricing_type":"fixed","tiered_pricing_fixed_rules":{"30":10.62,"60":9.99,"100":9.83,"200":8.9},"tiered_pricing_product_settings":{"layout":"default","base_unit_name":{"singular":null,"plural":null},"default_variation":null},"tiered_pricing_minimum_quantity":10,"tiered_pricing_roles_data":[],"tiered_pricing_percentage_rules":[],"tiered_pricing_maximum_quantity":null,"tiered_pricing_quantity_step":"10","_links":{"self":[{"href":"https:\/\/oiovape.com\/de\/wp-json\/wp\/v2\/product\/7273","targetHints":{"allow":["GET"]}}],"collection":[{"href":"https:\/\/oiovape.com\/de\/wp-json\/wp\/v2\/product"}],"about":[{"href":"https:\/\/oiovape.com\/de\/wp-json\/wp\/v2\/types\/product"}],"replies":[{"embeddable":true,"href":"https:\/\/oiovape.com\/de\/wp-json\/wp\/v2\/comments?post=7273"}],"version-history":[{"count":1,"href":"https:\/\/oiovape.com\/de\/wp-json\/wp\/v2\/product\/7273\/revisions"}],"predecessor-version":[{"id":7286,"href":"https:\/\/oiovape.com\/de\/wp-json\/wp\/v2\/product\/7273\/revisions\/7286"}],"wp:featuredmedia":[{"embeddable":true,"href":"https:\/\/oiovape.com\/de\/wp-json\/wp\/v2\/media\/7285"}],"wp:attachment":[{"href":"https:\/\/oiovape.com\/de\/wp-json\/wp\/v2\/media?parent=7273"}],"wp:term":[{"taxonomy":"product_brand","embeddable":true,"href":"https:\/\/oiovape.com\/de\/wp-json\/wp\/v2\/product_brand?post=7273"},{"taxonomy":"product_cat","embeddable":true,"href":"https:\/\/oiovape.com\/de\/wp-json\/wp\/v2\/product_cat?post=7273"},{"taxonomy":"product_tag","embeddable":true,"href":"https:\/\/oiovape.com\/de\/wp-json\/wp\/v2\/product_tag?post=7273"}],"curies":[{"name":"wp","href":"https:\/\/api.w.org\/{rel}","templated":true}]}}