{"id":7321,"date":"2026-03-03T09:37:50","date_gmt":"2026-03-03T01:37:50","guid":{"rendered":"https:\/\/oiovape.com\/?post_type=product&#038;p=7321"},"modified":"2026-03-03T10:05:41","modified_gmt":"2026-03-03T02:05:41","slug":"atvs-30000-puffs","status":"publish","type":"product","link":"https:\/\/oiovape.com\/de\/product\/atvs-30000-puffs\/","title":{"rendered":"ATVS 30000 PUFFS 30ML E-Liquid Einweg-Vape mit einstellbarem Luftstrom"},"content":{"rendered":"<div data-page-id=\"ZVeMfq8uxd7y1ycuKm5cym4LnYd\" data-lark-html-role=\"root\" data-docx-has-block-data=\"false\">\n<div data-page-id=\"Fd41fZ5N9dzRQtcRNoVc2FuDnCh\" data-lark-html-role=\"root\" data-docx-has-block-data=\"true\">\n<div data-page-id=\"BdIJfeeijdk1eucGpS8cDCBBn5c\" data-lark-html-role=\"root\" data-docx-has-block-data=\"false\">\n<div data-page-id=\"Zbg9fWx77dUuh2cIYpic25c8nyd\" data-lark-html-role=\"root\" data-docx-has-block-data=\"false\">\n<div data-page-id=\"KaIvfiurhdlCKdc0kyxcX64cnE6\" data-lark-html-role=\"root\" data-docx-has-block-data=\"true\">\n<div data-page-id=\"PbvFfqxqlddUTScRpEYcY5MHnpf\" data-lark-html-role=\"root\" data-docx-has-block-data=\"true\">\n<div data-page-id=\"GZO2f5JeudwY4jc9iJtcdk9Hnxh\" data-lark-html-role=\"root\" data-docx-has-block-data=\"false\">\n<div data-page-id=\"EZVRf2acFduXLGcseZFc4qH2n6e\" data-lark-html-role=\"root\" data-docx-has-block-data=\"false\">\n<div data-page-id=\"B8rHfcqlqdzmH5cCWCncz17Cntb\" data-lark-html-role=\"root\" data-docx-has-block-data=\"false\">\n<div data-page-id=\"B8rHfcqlqdzmH5cCWCncz17Cntb\" data-lark-html-role=\"root\" data-docx-has-block-data=\"false\">\n<div data-page-id=\"B8rHfcqlqdzmH5cCWCncz17Cntb\" data-lark-html-role=\"root\" data-docx-has-block-data=\"true\">\n<div data-page-id=\"HM70f1aoxdD0bMcxJZBcVc7ynZd\" data-lark-html-role=\"root\" data-docx-has-block-data=\"false\">\n<div data-page-id=\"NSrJfN7Ord22i0c1iwZcsF8yn8b\" data-lark-html-role=\"root\" data-docx-has-block-data=\"false\">\n<div data-page-id=\"RXEff4Mskds8o1cqL5HcGEtUnCh\" data-lark-html-role=\"root\" data-docx-has-block-data=\"false\">\n<div data-page-id=\"KJ7gfqkVndMSRJcMseScmvYwnTc\" data-lark-html-role=\"root\" data-docx-has-block-data=\"false\">\n<div class=\"ace-line ace-line old-record-id-QADAfETPudgmudc05YvcTO5fnxe\">\n<div data-page-id=\"KJ7gfqkVndMSRJcMseScmvYwnTc\" data-lark-html-role=\"root\" data-docx-has-block-data=\"false\">\n<div class=\"ace-line ace-line old-record-id-JoRkfpho8dOkiacEOascDyCOncb\">\n<div data-page-id=\"KJ7gfqkVndMSRJcMseScmvYwnTc\" data-lark-html-role=\"root\" data-docx-has-block-data=\"false\">\n<div data-page-id=\"Ju6ofQ3V4dGmePcVvJvc1gmcnZb\" data-lark-html-role=\"root\" data-docx-has-block-data=\"true\">\n<div data-page-id=\"PR9ife5PLdFabccbFgZcWgZOnTc\" data-lark-html-role=\"root\" data-docx-has-block-data=\"false\">\n<div data-page-id=\"INdrfOIGzdaenXcptrcc1BcznQc\" data-lark-html-role=\"root\" data-docx-has-block-data=\"false\">\n<div class=\"ace-line ace-line old-record-id-P0fIf4YaZdoGkbcxt5ackec2nnb\">\n<div data-page-id=\"INdrfOIGzdaenXcptrcc1BcznQc\" data-lark-html-role=\"root\" data-docx-has-block-data=\"false\">\n<div data-page-id=\"MAzCfUB73dMTQscm8eWcougVn1g\" data-lark-html-role=\"root\" data-docx-has-block-data=\"true\">\n<div data-page-id=\"AXfpf7H1odhDvGcKoUOcErN8nV7\" data-lark-html-role=\"root\" data-docx-has-block-data=\"false\">\n<div data-page-id=\"QYTKf5PvLdUNdbce2nBcW9yfnrh\" data-lark-html-role=\"root\" data-docx-has-block-data=\"false\">\n<div data-page-id=\"Pvu1f1CCBdxbjncA9pgcBTpanph\" data-lark-html-role=\"root\" data-docx-has-block-data=\"true\">\n<div data-page-id=\"Axf3fcmY8dDAhtcjVircBcphnPc\" data-lark-html-role=\"root\" data-docx-has-block-data=\"false\">\n<div data-page-id=\"KKj1f9SPmdLhhMc5E2AcNlLen6f\" data-lark-html-role=\"root\" data-docx-has-block-data=\"true\">\n<div data-page-id=\"Rx61fK1sJdXHjPcBuhZcweNhnwc\" data-lark-html-role=\"root\" data-docx-has-block-data=\"false\">\n<div data-page-id=\"L1H9fkG9Mdz45Fcy4WMc5VKXnRe\" data-lark-html-role=\"root\" data-docx-has-block-data=\"false\">\n<div data-page-id=\"L1H9fkG9Mdz45Fcy4WMc5VKXnRe\" data-lark-html-role=\"root\" data-docx-has-block-data=\"false\">\n<div data-page-id=\"D4XLfVBVrdE8mrcaYizczklLnaf\" data-lark-html-role=\"root\" data-docx-has-block-data=\"false\">\n<div data-page-id=\"WVcifIY44d5mhMcXtyEcTsfenGd\" data-lark-html-role=\"root\" data-docx-has-block-data=\"true\">\n<div data-page-id=\"LRknfa6Whd4DWCcUc0FcNKpJnyh\" data-lark-html-role=\"root\" data-docx-has-block-data=\"false\">\n<div data-page-id=\"LRknfa6Whd4DWCcUc0FcNKpJnyh\" data-lark-html-role=\"root\" data-docx-has-block-data=\"false\">\n<div data-page-id=\"XFRAfkcOEdRWh8cArQ2cJdyRnJf\" data-lark-html-role=\"root\" data-docx-has-block-data=\"true\">\n<div data-page-id=\"OQ3bfjnRddMTDGcC3ouc6xFKnWf\" data-lark-html-role=\"root\" data-docx-has-block-data=\"true\">\n<div data-page-id=\"J0iGfj1hEdjc4rcUdSmc4spMnmZ\" data-lark-html-role=\"root\" data-docx-has-block-data=\"false\">\n<div data-page-id=\"P1o7fFyNlduP8tcfZpQcagzbnIf\" data-lark-html-role=\"root\" data-docx-has-block-data=\"false\">\n<div class=\"ace-line ace-line old-record-id-P1o7fFyNlduP8tcfZpQcagzbnIf\">\n<div data-page-id=\"P1o7fFyNlduP8tcfZpQcagzbnIf\" data-lark-html-role=\"root\" data-docx-has-block-data=\"false\">\n<div data-page-id=\"U4iufW38SdttWKcTstMcTtHRnXc\" data-lark-html-role=\"root\" data-docx-has-block-data=\"true\">\n<div data-page-id=\"ONVMf7VTWddcFtcyATOchCJHnZb\" data-lark-html-role=\"root\" data-docx-has-block-data=\"true\">\n<div data-page-id=\"KoW2fSy0PdLHFlc5kSHcgvWMnYg\" data-lark-html-role=\"root\" data-docx-has-block-data=\"false\">\n<div data-page-id=\"KoW2fSy0PdLHFlc5kSHcgvWMnYg\" data-lark-html-role=\"root\" data-docx-has-block-data=\"false\">\n<div data-page-id=\"OLGhfzxC7d7EFIcLEj9cRT5ynZf\" data-lark-html-role=\"root\" data-docx-has-block-data=\"false\">\n<div data-page-id=\"DdnnfrLjzdqrFIc9Il9c7pA2noc\" data-lark-html-role=\"root\" data-docx-has-block-data=\"true\">\n<div data-page-id=\"KNzcf2o0oddkJOcztTVcqPdlnth\" data-lark-html-role=\"root\" data-docx-has-block-data=\"false\">\n<div data-page-id=\"LBU7fg5SEdkWhecGJoxca3xvnCe\" data-lark-html-role=\"root\" data-docx-has-block-data=\"false\">\n<div data-page-id=\"EB70fooS3d69bMcgWB7c5qb9n8g\" data-lark-html-role=\"root\" data-docx-has-block-data=\"false\">\n<div data-page-id=\"AogwfsZCadB6t0cAvF0cK4JLnvf\" data-lark-html-role=\"root\" data-docx-has-block-data=\"false\">\n<div data-page-id=\"AogwfsZCadB6t0cAvF0cK4JLnvf\" data-lark-html-role=\"root\" data-docx-has-block-data=\"false\">\n<div data-page-id=\"JMZIflNGddQuU0c5JZocSqlvnle\" data-lark-html-role=\"root\" data-docx-has-block-data=\"false\">\n<div data-page-id=\"JMZIflNGddQuU0c5JZocSqlvnle\" data-lark-html-role=\"root\" data-docx-has-block-data=\"true\">\n<div data-page-id=\"HtEafjjRIdPAlMc9zgYcsGy6nOe\" data-lark-html-role=\"root\" data-docx-has-block-data=\"false\">\n<div data-page-id=\"Rhnafz0WTdDeT9c43xxczsbVnJo\" data-lark-html-role=\"root\" data-docx-has-block-data=\"false\">\n<div data-page-id=\"WY0CfKdcTdf4hVcZl67ct5LGncf\" data-lark-html-role=\"root\" data-docx-has-block-data=\"true\">\n<div data-page-id=\"MkB5fF4AVdchovcoPEpc7LqvnOd\" data-lark-html-role=\"root\" data-docx-has-block-data=\"true\">\n<div data-page-id=\"MfbjfZhbhdJdA8cH1dAckqF0n6g\" data-lark-html-role=\"root\" data-docx-has-block-data=\"false\">\n<div class=\"ace-line ace-line old-record-id-W2AHfJLnjd7ugjcRLs1c8BdhnNh\">\n<div data-page-id=\"MfbjfZhbhdJdA8cH1dAckqF0n6g\" data-lark-html-role=\"root\" data-docx-has-block-data=\"false\">\n<div class=\"old-record-id-XXd1feeCZdR2hJc6evocxnh1nOg\">\n<div data-page-id=\"MfbjfZhbhdJdA8cH1dAckqF0n6g\" data-lark-html-role=\"root\" data-docx-has-block-data=\"false\">\n<div data-page-id=\"DE51fYUmxdT3ekcHzc3cGrVQnsc\" data-lark-html-role=\"root\" data-docx-has-block-data=\"false\">\n<div data-page-id=\"YSKdfaZ08dRej3ci5CccQBuOncc\" data-lark-html-role=\"root\" data-docx-has-block-data=\"true\">\n<div data-page-id=\"K6mofQmledamEFcgp1EcVobmnYd\" data-lark-html-role=\"root\" data-docx-has-block-data=\"false\">\n<div data-page-id=\"VTgsfVLdCd9q1ucYcwRcCM0Hnof\" data-lark-html-role=\"root\" data-docx-has-block-data=\"true\">\n<div data-page-id=\"WucKfzp8RdNy8rcMJHncz4Knnac\" data-lark-html-role=\"root\" data-docx-has-block-data=\"true\">\n<div data-page-id=\"IfZ9fDIBLd9b9hcJiqGcLw9Pnmh\" data-lark-html-role=\"root\" data-docx-has-block-data=\"false\">\n<div data-page-id=\"JeU6f3Yq5dbdEHcZDptc5ikcn5c\" data-lark-html-role=\"root\" data-docx-has-block-data=\"true\">\n<div data-page-id=\"E1YjfnB4Jdmtsfc2ZObcu04Un6c\" data-lark-html-role=\"root\" data-docx-has-block-data=\"false\">\n<div data-page-id=\"RQVEfdiOzdqTQKcRcnxcG0Y7nce\" data-lark-html-role=\"root\" data-docx-has-block-data=\"true\">\n<div data-page-id=\"NKc7fbZi9dnOXocdHcScVsXdnmh\" data-lark-html-role=\"root\" data-docx-has-block-data=\"false\">\n<div data-page-id=\"DaE3fgNEwdnbQVc62iqcBK4lnte\" data-lark-html-role=\"root\" data-docx-has-block-data=\"false\">\n<div data-page-id=\"DaE3fgNEwdnbQVc62iqcBK4lnte\" data-lark-html-role=\"root\" data-docx-has-block-data=\"false\">\n<div data-page-id=\"NqSRfcp5SdFQ6ucdStXcbvManpc\" data-lark-html-role=\"root\" data-docx-has-block-data=\"false\">\n<div data-page-id=\"KydBfoEuudJNYhcgRdAc3aeUn7c\" data-lark-html-role=\"root\" data-docx-has-block-data=\"true\">\n<div data-page-id=\"SIqXfR5ipd7jWpczA5RcYkWInfd\" data-lark-html-role=\"root\" data-docx-has-block-data=\"false\">\n<div data-page-id=\"Y06XfUzydd0aVicBtPKcZlS8nJf\" data-lark-html-role=\"root\" data-docx-has-block-data=\"true\">\n<div data-page-id=\"E2ZvfNrVNdEHKickexPcvdXVnrc\" data-lark-html-role=\"root\" data-docx-has-block-data=\"false\">\n<div data-page-id=\"DqGzfq5S4d9GdAcOQVIcIdPhn2c\" data-lark-html-role=\"root\" data-docx-has-block-data=\"false\">\n<div data-page-id=\"HsKcfE4WLdET7ScRm72cTZ96nPb\" data-lark-html-role=\"root\" data-docx-has-block-data=\"false\">\n<div data-page-id=\"MvWFfuF4Edx69KcRSmmcvS2LndG\" data-lark-html-role=\"root\" data-docx-has-block-data=\"true\">\n<div data-page-id=\"BSNMfUsMXd3XFscNxbDcufC2nEg\" data-lark-html-role=\"root\" data-docx-has-block-data=\"false\">\n<div data-page-id=\"Rr0Mfry1adQB66cMkYGcCmoWnKe\" data-lark-html-role=\"root\" data-docx-has-block-data=\"true\">\n<div data-page-id=\"A7fMfxJhydfxJUc6VX9cVvDKnpd\" data-lark-html-role=\"root\" data-docx-has-block-data=\"false\">\n<div data-page-id=\"A7fMfxJhydfxJUc6VX9cVvDKnpd\" data-lark-html-role=\"root\" data-docx-has-block-data=\"false\">\n<div data-page-id=\"WbzgfFBuTduiBjc6rORciNrNnlf\" data-lark-html-role=\"root\" data-docx-has-block-data=\"false\">\n<div data-page-id=\"R0Rzf8rQUdoB9hcxkiqc9kKHnk2\" data-lark-html-role=\"root\" data-docx-has-block-data=\"true\">\n<div data-page-id=\"ZwXFfRomCdt9G4cs33scepfHnoe\" data-lark-html-role=\"root\" data-docx-has-block-data=\"false\">\n<div data-page-id=\"UFFTffnWTdbuv3coRhBc3zxBnMf\" data-lark-html-role=\"root\" data-docx-has-block-data=\"true\">\n<div data-page-id=\"FV0FfDT4ZdfJZoc4SMccT5Rjndf\" data-lark-html-role=\"root\" data-docx-has-block-data=\"false\">\n<div data-page-id=\"QfqMfQ3H3dBjAycBmxFct9R0nOd\" data-lark-html-role=\"root\" data-docx-has-block-data=\"false\">\n<h2 class=\"heading-2 ace-line old-record-id-VKtxfzssmdIGeTcnZ0Fc71GQnzb\">Warum ATVS 30000 Puffs herausragt<\/h2>\n<div class=\"ace-line ace-line old-record-id-RlJSfNal9dhXZoc0u6BceLtvngb\">Es verl\u00e4sst sich nicht auf auff\u00e4llige Funktionen, um zu beeindrucken. Stattdessen gl\u00e4nzt es bei den Grundlagen: zuverl\u00e4ssige duale Mesh-Coils, flexibler Widerstand, langlebige Leistung und eine breite Palette von Geschm\u00e4ckern. Es ist f\u00fcr Dampfer konzipiert, die ein unkompliziertes, konsistentes Erlebnis jeden Tag w\u00fcnschen.<\/div>\n<div class=\"ace-line ace-line old-record-id-E8Urfb4MVd4scVc0EGfcLe98njb\">Seine kompakte Gr\u00f6\u00dfe, gro\u00dfz\u00fcgige E-Liquid-Kapazit\u00e4t und die Lebensdauer von 30000 Z\u00fcgen machen es praktisch f\u00fcr den t\u00e4glichen Gebrauch. Egal, ob Sie neu bei Einweg-Vapes sind oder nach einem zuverl\u00e4ssigen t\u00e4glichen Begleiter suchen, ATVS 30000 Puffs h\u00e4lt, was es verspricht.<br \/>\n<img decoding=\"async\" class=\"alignnone wp-image-7323 size-full\" title=\"ATVS 30k Vape\" src=\"https:\/\/oiovape.com\/wp-content\/uploads\/2026\/03\/ATVS-30k-Vape.jpg\" alt=\"ATVS 30k Vape\" width=\"1422\" height=\"846\" srcset=\"https:\/\/oiovape.com\/wp-content\/uploads\/2026\/03\/ATVS-30k-Vape.jpg 1422w, https:\/\/oiovape.com\/wp-content\/uploads\/2026\/03\/ATVS-30k-Vape-300x178.jpg 300w, https:\/\/oiovape.com\/wp-content\/uploads\/2026\/03\/ATVS-30k-Vape-1024x609.jpg 1024w, https:\/\/oiovape.com\/wp-content\/uploads\/2026\/03\/ATVS-30k-Vape-768x457.jpg 768w, https:\/\/oiovape.com\/wp-content\/uploads\/2026\/03\/ATVS-30k-Vape-18x12.jpg 18w, https:\/\/oiovape.com\/wp-content\/uploads\/2026\/03\/ATVS-30k-Vape-1200x714.jpg 1200w, https:\/\/oiovape.com\/wp-content\/uploads\/2026\/03\/ATVS-30k-Vape-150x89.jpg 150w\" sizes=\"(max-width: 1422px) 100vw, 1422px\" \/><\/p>\n<div data-page-id=\"QfqMfQ3H3dBjAycBmxFct9R0nOd\" data-lark-html-role=\"root\" data-docx-has-block-data=\"false\">\n<h2 class=\"heading-2 ace-line old-record-id-BACIfCmeUdgUd2c0kmXcOuoAnqc\">Duale Mesh-Coils &amp; flexibler Widerstand: Sanfte Z\u00fcge jedes Mal<\/h2>\n<div class=\"ace-line ace-line old-record-id-YeKafgkuOdTYmbcyN4fcxsdBnpc\">Die Kernst\u00e4rke des Ger\u00e4ts liegt in seinen dualen Mesh-Coils. Diese Coils erhitzen das E-Liquid gleichm\u00e4\u00dfig und entfalten den vollen, authentischen Geschmack jeder Geschmacksrichtung, ohne H\u00e4rte oder verbrannte Noten. Sie sind f\u00fcr h\u00e4ufigen Gebrauch ausgelegt und sorgen daf\u00fcr, dass Dampf und Geschmack vom ersten bis zum letzten Zug konsistent bleiben.<\/div>\n<h3 class=\"heading-3 ace-line old-record-id-Slmkf97q9d5PvscGxPMcDeLzn4g\">Zwei Widerstandsoptionen f\u00fcr personalisiertes Dampfen<\/h3>\n<div class=\"ace-line ace-line old-record-id-V3QoftolPdSuFacO2jlcOewpngY\">Es bietet zwei Widerstandseinstellungen\u20140.4\u03a9 und 0.8\u03a9\u2014um unterschiedlichen Vorlieben gerecht zu werden. W\u00e4hlen Sie 0.4\u03a9 f\u00fcr dichteren, volleren Dampf, der einen kr\u00e4ftigeren Zug liefert. Entscheiden Sie sich f\u00fcr 0.8\u03a9, wenn Sie einen sanfteren, milderen Zug bevorzugen, der f\u00fcr das Dampfen den ganzen Tag \u00fcber angenehm ist.<\/div>\n<h4 class=\"heading-4 ace-line old-record-id-GDoafp6j7dmaNmclc3HcxgKQnSd\">Konsistente Leistung ohne trockene Z\u00fcge<\/h4>\n<div class=\"ace-line ace-line old-record-id-BG52fG6hrdCXnZcF2ZecyzobnQg\">Die dualen Mesh-Coils minimieren trockene Z\u00fcge und sorgen f\u00fcr eine gleichm\u00e4\u00dfige Erw\u00e4rmung, sodass Sie niemals einen harten oder schwachen Zug erhalten. Diese Zuverl\u00e4ssigkeit macht das Ger\u00e4t ideal f\u00fcr den t\u00e4glichen Gebrauch, wo Konsistenz am wichtigsten ist.<\/div>\n<h2 class=\"heading-2 ace-line old-record-id-F4l9fXjt0dN5D9cttcqcA2yhnme\">Langlebige Leistung &amp; gro\u00dfz\u00fcgige E-Liquid-Kapazit\u00e4t<\/h2>\n<div class=\"ace-line ace-line old-record-id-CbiNfxa2xd6VoFcwxgzc9DU1n4f\">Angetrieben von einem 112040 Modell 1000mAh Akku, h\u00e4lt das Ger\u00e4t auch bei regelm\u00e4\u00dfigem Gebrauch eine konstante Leistung aufrecht. Es passt perfekt zur E-Liquid-Kapazit\u00e4t von 30 ml, um die volle Lebensdauer von 30000 Z\u00fcgen zu unterst\u00fctzen\u2014keine h\u00e4ufigen Ger\u00e4tewechsel, nur ununterbrochener Genuss.<\/div>\n<h3 class=\"heading-3 ace-line old-record-id-SVjHf95KydZmCScqd38cQWLpnPg\">Keine st\u00e4ndigen Ger\u00e4tewechsel mehr<\/h3>\n<div class=\"ace-line ace-line old-record-id-Ph2FfLId2d7836cYGZScftSqnCd\">Die Lebensdauer von 30000 Z\u00fcgen bedeutet, dass Sie das Ger\u00e4t wochenlang verwenden k\u00f6nnen, selbst bei t\u00e4glichem Dampfen. Die E-Liquid-Kapazit\u00e4t von 30 ml entspricht dieser Langlebigkeit, sodass Ihnen der Saft nicht ausgeht, bevor der Akku leer ist.<\/div>\n<h2 class=\"heading-2 ace-line old-record-id-Ly9efspLXd2nlDcSv3jcZBFVn0e\">18 verschiedene Geschm\u00e4cker: Etwas f\u00fcr jede Stimmung<\/h2>\n<div class=\"ace-line ace-line old-record-id-BHRqf7aCid906xcRTbecTzepnzg\">ATVS 30000 Puffs bietet 18 sorgf\u00e4ltig abgestimmte Geschm\u00e4cker, die von eisiger Erfrischung, s\u00fc\u00dfen Fr\u00fcchten, klassischen Getr\u00e4nken bis hin zu minziger K\u00fchle reichen. Jeder Geschmack ist so ausbalanciert, dass er authentisch schmeckt, ohne k\u00fcnstlichen Nachgeschmack.<\/p>\n<\/div>\n<div class=\"ace-line ace-line old-record-id-YFQ4fBYrodNIJOc72sncRbe5nfg\">1.Ananas Eis<br \/>\n2.Mango Eis<br \/>\n3.Banane Orange Eis<br \/>\n4.Mischfrucht<br \/>\n5.Blaubeere Eis<br \/>\n6.Guarana Eis<br \/>\n7.Wassermelonen-Eis<\/div>\n<div class=\"ace-line ace-line old-record-id-YFQ4fBYrodNIJOc72sncRbe5nfg\">8.Lychee Eis<br \/>\n9.Minze Eis<br \/>\n10.Cola Eis<br \/>\n11.Pfirsich Apfel Birne<br \/>\n12.Erdbeere Kirsche<br \/>\n13.Traube Eis<br \/>\n14.Erdbeere Eis<br \/>\n15.Blaubeere Himbeere<br \/>\n16.Yakult<br \/>\n17.Erdbeere Wassermelone<br \/>\n18.Zitrone Limette<br \/>\n<img decoding=\"async\" class=\"alignnone wp-image-7333 size-full\" title=\"ATVS 30k Geschm\u00e4cker Liste\" src=\"https:\/\/oiovape.com\/wp-content\/uploads\/2026\/03\/ATVS-30k-Flavors-list.jpg\" alt=\"ATVS 30k Geschm\u00e4cker Liste\" width=\"1470\" height=\"749\" srcset=\"https:\/\/oiovape.com\/wp-content\/uploads\/2026\/03\/ATVS-30k-Flavors-list.jpg 1470w, https:\/\/oiovape.com\/wp-content\/uploads\/2026\/03\/ATVS-30k-Flavors-list-300x153.jpg 300w, https:\/\/oiovape.com\/wp-content\/uploads\/2026\/03\/ATVS-30k-Flavors-list-1024x522.jpg 1024w, https:\/\/oiovape.com\/wp-content\/uploads\/2026\/03\/ATVS-30k-Flavors-list-768x391.jpg 768w, https:\/\/oiovape.com\/wp-content\/uploads\/2026\/03\/ATVS-30k-Flavors-list-18x9.jpg 18w, https:\/\/oiovape.com\/wp-content\/uploads\/2026\/03\/ATVS-30k-Flavors-list-1200x611.jpg 1200w, https:\/\/oiovape.com\/wp-content\/uploads\/2026\/03\/ATVS-30k-Flavors-list-150x76.jpg 150w\" sizes=\"(max-width: 1470px) 100vw, 1470px\" \/><\/p>\n<\/div>\n<h2 class=\"heading-2 ace-line old-record-id-YysLfTZbQdn23vcBTZvcQL2Dnwd\">Kompaktes Design: Einfach zu tragen &amp; zu lagern<\/h2>\n<div class=\"ace-line ace-line old-record-id-EOzefJ9UcdRinLc93PKc8KNfntf\">Das schlanke, tragbare Design des Ger\u00e4ts macht es perfekt f\u00fcr den Einsatz unterwegs. Es misst 52.2*26*99mm\u2014klein genug, um in Ihre Tasche, Tasche oder sogar in Ihre Hand zu passen, ohne zus\u00e4tzliches Volumen hinzuzuf\u00fcgen.<\/div>\n<h3 class=\"heading-3 ace-line old-record-id-Z7Hvf0B2QdQmUqcWmgnceeBanyb\">Praktische Verpackung f\u00fcr pers\u00f6nlichen &amp; Gro\u00dfgebrauch<\/h3>\n<div class=\"ace-line ace-line old-record-id-VLCVfPBHkde2mfcC3LbcJziZnMg\">Jedes einzelne Ger\u00e4t kommt in einer kompakten Innenverpackung, w\u00e4hrend eine Box 10 St\u00fcck enth\u00e4lt. Die Au\u00dfenverpackung misst 132*119*160mm und wiegt insgesamt 1222g\u2014einfach zu Hause zu lagern oder in gro\u00dfen Mengen zu transportieren, sei es f\u00fcr den pers\u00f6nlichen Gebrauch oder den Wiederverkauf.<\/div>\n<\/div>\n<\/div>\n<\/div>\n<\/div>\n<\/div>\n<\/div>\n<\/div>\n<\/div>\n<\/div>\n<\/div>\n<\/div>\n<\/div>\n<\/div>\n<\/div>\n<\/div>\n<\/div>\n<\/div>\n<\/div>\n<\/div>\n<\/div>\n<\/div>\n<\/div>\n<\/div>\n<\/div>\n<\/div>\n<\/div>\n<\/div>\n<\/div>\n<\/div>\n<\/div>\n<\/div>\n<\/div>\n<\/div>\n<\/div>\n<\/div>\n<\/div>\n<\/div>\n<\/div>\n<\/div>\n<\/div>\n<\/div>\n<\/div>\n<\/div>\n<\/div>\n<\/div>\n<\/div>\n<\/div>\n<\/div>\n<\/div>\n<\/div>\n<\/div>\n<\/div>\n<\/div>\n<\/div>\n<\/div>\n<\/div>\n<\/div>\n<\/div>\n<\/div>\n<\/div>\n<\/div>\n<\/div>\n<\/div>\n<\/div>\n<\/div>\n<\/div>\n<\/div>\n<\/div>\n<\/div>\n<\/div>\n<\/div>\n<\/div>\n<\/div>\n<\/div>\n<\/div>\n<\/div>\n<\/div>\n<\/div>\n<\/div>\n<\/div>\n<\/div>\n<\/div>\n<\/div>\n<\/div>\n<\/div>\n<\/div>\n<\/div>\n<\/div>\n<\/div>\n<\/div>\n<\/div>\n<\/div>\n<\/div>\n<\/div>\n<\/div>\n<\/div>\n<\/div>","protected":false},"excerpt":{"rendered":"<div data-page-id=\"RAopf2sw9dtvw4cWYXpcTwo0n8g\" data-lark-html-role=\"root\" data-docx-has-block-data=\"false\">\n<div class=\"ace-line ace-line old-record-id-Uju9f3RXYd8dh2crAJbcBF3Un6M\">\n<div data-page-id=\"Dd8gfe2wRdT66jcgnqtcUwg5ndh\" data-lark-html-role=\"root\" data-docx-has-block-data=\"false\">\n<div class=\"ace-line ace-line old-record-id-FiRZf3qXpdK0RqcHt8wcxPTon8b\">ATVS 30000 Puffs ist ein praktisches t\u00e4gliches Vape mit 30000 Z\u00fcgen, 30 ml E-Liquid und dualen Mesh-Coils. Es hat einen 1000mAh 112040 Akku, 0.4\/0.8\u03a9 Widerstand, 18 Geschm\u00e4cker, eine kompakte Gr\u00f6\u00dfe von 52.2<em>26<\/em>99mm und 10er Boxen mit einem Gewicht von 1222g.<\/div>\n<\/div>\n<\/div>\n<\/div>","protected":false},"featured_media":7334,"comment_status":"open","ping_status":"closed","template":"","meta":{"_acf_changed":false,"inline_featured_image":false,"_sitemap_exclude":false,"_sitemap_priority":"","_sitemap_frequency":""},"product_brand":[375],"product_cat":[374,239,264],"product_tag":[],"class_list":{"0":"post-7321","1":"product","2":"type-product","3":"status-publish","4":"has-post-thumbnail","6":"product_brand-atvs","7":"product_cat-atvs","8":"product_cat-disposable-vape-collection","9":"product_cat-30k-puffs","11":"first","12":"instock","13":"sale","14":"shipping-taxable","15":"purchasable","16":"product-type-variable","17":"has-default-attributes"},"acf":[],"tiered_pricing_type":"fixed","tiered_pricing_fixed_rules":{"30":8.88,"60":8.16,"100":7.49,"200":7.03},"tiered_pricing_product_settings":{"layout":"default","base_unit_name":{"singular":null,"plural":null},"default_variation":null},"tiered_pricing_minimum_quantity":10,"tiered_pricing_roles_data":[],"tiered_pricing_percentage_rules":[],"tiered_pricing_maximum_quantity":null,"tiered_pricing_quantity_step":"10","_links":{"self":[{"href":"https:\/\/oiovape.com\/de\/wp-json\/wp\/v2\/product\/7321","targetHints":{"allow":["GET"]}}],"collection":[{"href":"https:\/\/oiovape.com\/de\/wp-json\/wp\/v2\/product"}],"about":[{"href":"https:\/\/oiovape.com\/de\/wp-json\/wp\/v2\/types\/product"}],"replies":[{"embeddable":true,"href":"https:\/\/oiovape.com\/de\/wp-json\/wp\/v2\/comments?post=7321"}],"version-history":[{"count":0,"href":"https:\/\/oiovape.com\/de\/wp-json\/wp\/v2\/product\/7321\/revisions"}],"wp:featuredmedia":[{"embeddable":true,"href":"https:\/\/oiovape.com\/de\/wp-json\/wp\/v2\/media\/7334"}],"wp:attachment":[{"href":"https:\/\/oiovape.com\/de\/wp-json\/wp\/v2\/media?parent=7321"}],"wp:term":[{"taxonomy":"product_brand","embeddable":true,"href":"https:\/\/oiovape.com\/de\/wp-json\/wp\/v2\/product_brand?post=7321"},{"taxonomy":"product_cat","embeddable":true,"href":"https:\/\/oiovape.com\/de\/wp-json\/wp\/v2\/product_cat?post=7321"},{"taxonomy":"product_tag","embeddable":true,"href":"https:\/\/oiovape.com\/de\/wp-json\/wp\/v2\/product_tag?post=7321"}],"curies":[{"name":"wp","href":"https:\/\/api.w.org\/{rel}","templated":true}]}}