{"id":7365,"date":"2026-03-03T10:55:52","date_gmt":"2026-03-03T02:55:52","guid":{"rendered":"https:\/\/oiovape.com\/?post_type=product&#038;p=7365"},"modified":"2026-03-03T11:19:14","modified_gmt":"2026-03-03T03:19:14","slug":"atvs-45000-puffs","status":"publish","type":"product","link":"https:\/\/oiovape.com\/de\/product\/atvs-45000-puffs\/","title":{"rendered":"ATVS 45000 PUFFS Dual Mesh Coil Smart Screen Einweg-Vape"},"content":{"rendered":"<div data-page-id=\"ZVeMfq8uxd7y1ycuKm5cym4LnYd\" data-lark-html-role=\"root\" data-docx-has-block-data=\"false\">\n<div data-page-id=\"Fd41fZ5N9dzRQtcRNoVc2FuDnCh\" data-lark-html-role=\"root\" data-docx-has-block-data=\"true\">\n<div data-page-id=\"BdIJfeeijdk1eucGpS8cDCBBn5c\" data-lark-html-role=\"root\" data-docx-has-block-data=\"false\">\n<div data-page-id=\"Zbg9fWx77dUuh2cIYpic25c8nyd\" data-lark-html-role=\"root\" data-docx-has-block-data=\"false\">\n<div data-page-id=\"KaIvfiurhdlCKdc0kyxcX64cnE6\" data-lark-html-role=\"root\" data-docx-has-block-data=\"true\">\n<div data-page-id=\"PbvFfqxqlddUTScRpEYcY5MHnpf\" data-lark-html-role=\"root\" data-docx-has-block-data=\"true\">\n<div data-page-id=\"GZO2f5JeudwY4jc9iJtcdk9Hnxh\" data-lark-html-role=\"root\" data-docx-has-block-data=\"false\">\n<div data-page-id=\"EZVRf2acFduXLGcseZFc4qH2n6e\" data-lark-html-role=\"root\" data-docx-has-block-data=\"false\">\n<div data-page-id=\"B8rHfcqlqdzmH5cCWCncz17Cntb\" data-lark-html-role=\"root\" data-docx-has-block-data=\"false\">\n<div data-page-id=\"B8rHfcqlqdzmH5cCWCncz17Cntb\" data-lark-html-role=\"root\" data-docx-has-block-data=\"false\">\n<div data-page-id=\"B8rHfcqlqdzmH5cCWCncz17Cntb\" data-lark-html-role=\"root\" data-docx-has-block-data=\"true\">\n<div data-page-id=\"HM70f1aoxdD0bMcxJZBcVc7ynZd\" data-lark-html-role=\"root\" data-docx-has-block-data=\"false\">\n<div data-page-id=\"NSrJfN7Ord22i0c1iwZcsF8yn8b\" data-lark-html-role=\"root\" data-docx-has-block-data=\"false\">\n<div data-page-id=\"RXEff4Mskds8o1cqL5HcGEtUnCh\" data-lark-html-role=\"root\" data-docx-has-block-data=\"false\">\n<div data-page-id=\"KJ7gfqkVndMSRJcMseScmvYwnTc\" data-lark-html-role=\"root\" data-docx-has-block-data=\"false\">\n<div class=\"ace-line ace-line old-record-id-QADAfETPudgmudc05YvcTO5fnxe\">\n<div data-page-id=\"KJ7gfqkVndMSRJcMseScmvYwnTc\" data-lark-html-role=\"root\" data-docx-has-block-data=\"false\">\n<div class=\"ace-line ace-line old-record-id-JoRkfpho8dOkiacEOascDyCOncb\">\n<div data-page-id=\"KJ7gfqkVndMSRJcMseScmvYwnTc\" data-lark-html-role=\"root\" data-docx-has-block-data=\"false\">\n<div data-page-id=\"Ju6ofQ3V4dGmePcVvJvc1gmcnZb\" data-lark-html-role=\"root\" data-docx-has-block-data=\"true\">\n<div data-page-id=\"PR9ife5PLdFabccbFgZcWgZOnTc\" data-lark-html-role=\"root\" data-docx-has-block-data=\"false\">\n<div data-page-id=\"INdrfOIGzdaenXcptrcc1BcznQc\" data-lark-html-role=\"root\" data-docx-has-block-data=\"false\">\n<div class=\"ace-line ace-line old-record-id-P0fIf4YaZdoGkbcxt5ackec2nnb\">\n<div data-page-id=\"INdrfOIGzdaenXcptrcc1BcznQc\" data-lark-html-role=\"root\" data-docx-has-block-data=\"false\">\n<div data-page-id=\"MAzCfUB73dMTQscm8eWcougVn1g\" data-lark-html-role=\"root\" data-docx-has-block-data=\"true\">\n<div data-page-id=\"AXfpf7H1odhDvGcKoUOcErN8nV7\" data-lark-html-role=\"root\" data-docx-has-block-data=\"false\">\n<div data-page-id=\"QYTKf5PvLdUNdbce2nBcW9yfnrh\" data-lark-html-role=\"root\" data-docx-has-block-data=\"false\">\n<div data-page-id=\"Pvu1f1CCBdxbjncA9pgcBTpanph\" data-lark-html-role=\"root\" data-docx-has-block-data=\"true\">\n<div data-page-id=\"Axf3fcmY8dDAhtcjVircBcphnPc\" data-lark-html-role=\"root\" data-docx-has-block-data=\"false\">\n<div data-page-id=\"KKj1f9SPmdLhhMc5E2AcNlLen6f\" data-lark-html-role=\"root\" data-docx-has-block-data=\"true\">\n<div data-page-id=\"Rx61fK1sJdXHjPcBuhZcweNhnwc\" data-lark-html-role=\"root\" data-docx-has-block-data=\"false\">\n<div data-page-id=\"L1H9fkG9Mdz45Fcy4WMc5VKXnRe\" data-lark-html-role=\"root\" data-docx-has-block-data=\"false\">\n<div data-page-id=\"L1H9fkG9Mdz45Fcy4WMc5VKXnRe\" data-lark-html-role=\"root\" data-docx-has-block-data=\"false\">\n<div data-page-id=\"D4XLfVBVrdE8mrcaYizczklLnaf\" data-lark-html-role=\"root\" data-docx-has-block-data=\"false\">\n<div data-page-id=\"WVcifIY44d5mhMcXtyEcTsfenGd\" data-lark-html-role=\"root\" data-docx-has-block-data=\"true\">\n<div data-page-id=\"LRknfa6Whd4DWCcUc0FcNKpJnyh\" data-lark-html-role=\"root\" data-docx-has-block-data=\"false\">\n<div data-page-id=\"LRknfa6Whd4DWCcUc0FcNKpJnyh\" data-lark-html-role=\"root\" data-docx-has-block-data=\"false\">\n<div data-page-id=\"XFRAfkcOEdRWh8cArQ2cJdyRnJf\" data-lark-html-role=\"root\" data-docx-has-block-data=\"true\">\n<div data-page-id=\"OQ3bfjnRddMTDGcC3ouc6xFKnWf\" data-lark-html-role=\"root\" data-docx-has-block-data=\"true\">\n<div data-page-id=\"J0iGfj1hEdjc4rcUdSmc4spMnmZ\" data-lark-html-role=\"root\" data-docx-has-block-data=\"false\">\n<div data-page-id=\"P1o7fFyNlduP8tcfZpQcagzbnIf\" data-lark-html-role=\"root\" data-docx-has-block-data=\"false\">\n<div class=\"ace-line ace-line old-record-id-P1o7fFyNlduP8tcfZpQcagzbnIf\">\n<div data-page-id=\"P1o7fFyNlduP8tcfZpQcagzbnIf\" data-lark-html-role=\"root\" data-docx-has-block-data=\"false\">\n<div data-page-id=\"U4iufW38SdttWKcTstMcTtHRnXc\" data-lark-html-role=\"root\" data-docx-has-block-data=\"true\">\n<div data-page-id=\"ONVMf7VTWddcFtcyATOchCJHnZb\" data-lark-html-role=\"root\" data-docx-has-block-data=\"true\">\n<div data-page-id=\"KoW2fSy0PdLHFlc5kSHcgvWMnYg\" data-lark-html-role=\"root\" data-docx-has-block-data=\"false\">\n<div data-page-id=\"KoW2fSy0PdLHFlc5kSHcgvWMnYg\" data-lark-html-role=\"root\" data-docx-has-block-data=\"false\">\n<div data-page-id=\"OLGhfzxC7d7EFIcLEj9cRT5ynZf\" data-lark-html-role=\"root\" data-docx-has-block-data=\"false\">\n<div data-page-id=\"DdnnfrLjzdqrFIc9Il9c7pA2noc\" data-lark-html-role=\"root\" data-docx-has-block-data=\"true\">\n<div data-page-id=\"KNzcf2o0oddkJOcztTVcqPdlnth\" data-lark-html-role=\"root\" data-docx-has-block-data=\"false\">\n<div data-page-id=\"LBU7fg5SEdkWhecGJoxca3xvnCe\" data-lark-html-role=\"root\" data-docx-has-block-data=\"false\">\n<div data-page-id=\"EB70fooS3d69bMcgWB7c5qb9n8g\" data-lark-html-role=\"root\" data-docx-has-block-data=\"false\">\n<div data-page-id=\"AogwfsZCadB6t0cAvF0cK4JLnvf\" data-lark-html-role=\"root\" data-docx-has-block-data=\"false\">\n<div data-page-id=\"AogwfsZCadB6t0cAvF0cK4JLnvf\" data-lark-html-role=\"root\" data-docx-has-block-data=\"false\">\n<div data-page-id=\"JMZIflNGddQuU0c5JZocSqlvnle\" data-lark-html-role=\"root\" data-docx-has-block-data=\"false\">\n<div data-page-id=\"JMZIflNGddQuU0c5JZocSqlvnle\" data-lark-html-role=\"root\" data-docx-has-block-data=\"true\">\n<div data-page-id=\"HtEafjjRIdPAlMc9zgYcsGy6nOe\" data-lark-html-role=\"root\" data-docx-has-block-data=\"false\">\n<div data-page-id=\"Rhnafz0WTdDeT9c43xxczsbVnJo\" data-lark-html-role=\"root\" data-docx-has-block-data=\"false\">\n<div data-page-id=\"WY0CfKdcTdf4hVcZl67ct5LGncf\" data-lark-html-role=\"root\" data-docx-has-block-data=\"true\">\n<div data-page-id=\"MkB5fF4AVdchovcoPEpc7LqvnOd\" data-lark-html-role=\"root\" data-docx-has-block-data=\"true\">\n<div data-page-id=\"MfbjfZhbhdJdA8cH1dAckqF0n6g\" data-lark-html-role=\"root\" data-docx-has-block-data=\"false\">\n<div class=\"ace-line ace-line old-record-id-W2AHfJLnjd7ugjcRLs1c8BdhnNh\">\n<div data-page-id=\"MfbjfZhbhdJdA8cH1dAckqF0n6g\" data-lark-html-role=\"root\" data-docx-has-block-data=\"false\">\n<div class=\"old-record-id-XXd1feeCZdR2hJc6evocxnh1nOg\">\n<div data-page-id=\"MfbjfZhbhdJdA8cH1dAckqF0n6g\" data-lark-html-role=\"root\" data-docx-has-block-data=\"false\">\n<div data-page-id=\"DE51fYUmxdT3ekcHzc3cGrVQnsc\" data-lark-html-role=\"root\" data-docx-has-block-data=\"false\">\n<div data-page-id=\"YSKdfaZ08dRej3ci5CccQBuOncc\" data-lark-html-role=\"root\" data-docx-has-block-data=\"true\">\n<div data-page-id=\"K6mofQmledamEFcgp1EcVobmnYd\" data-lark-html-role=\"root\" data-docx-has-block-data=\"false\">\n<div data-page-id=\"VTgsfVLdCd9q1ucYcwRcCM0Hnof\" data-lark-html-role=\"root\" data-docx-has-block-data=\"true\">\n<div data-page-id=\"WucKfzp8RdNy8rcMJHncz4Knnac\" data-lark-html-role=\"root\" data-docx-has-block-data=\"true\">\n<div data-page-id=\"IfZ9fDIBLd9b9hcJiqGcLw9Pnmh\" data-lark-html-role=\"root\" data-docx-has-block-data=\"false\">\n<div data-page-id=\"JeU6f3Yq5dbdEHcZDptc5ikcn5c\" data-lark-html-role=\"root\" data-docx-has-block-data=\"true\">\n<div data-page-id=\"E1YjfnB4Jdmtsfc2ZObcu04Un6c\" data-lark-html-role=\"root\" data-docx-has-block-data=\"false\">\n<div data-page-id=\"RQVEfdiOzdqTQKcRcnxcG0Y7nce\" data-lark-html-role=\"root\" data-docx-has-block-data=\"true\">\n<div data-page-id=\"NKc7fbZi9dnOXocdHcScVsXdnmh\" data-lark-html-role=\"root\" data-docx-has-block-data=\"false\">\n<div data-page-id=\"DaE3fgNEwdnbQVc62iqcBK4lnte\" data-lark-html-role=\"root\" data-docx-has-block-data=\"false\">\n<div data-page-id=\"DaE3fgNEwdnbQVc62iqcBK4lnte\" data-lark-html-role=\"root\" data-docx-has-block-data=\"false\">\n<div data-page-id=\"NqSRfcp5SdFQ6ucdStXcbvManpc\" data-lark-html-role=\"root\" data-docx-has-block-data=\"false\">\n<div data-page-id=\"KydBfoEuudJNYhcgRdAc3aeUn7c\" data-lark-html-role=\"root\" data-docx-has-block-data=\"true\">\n<div data-page-id=\"SIqXfR5ipd7jWpczA5RcYkWInfd\" data-lark-html-role=\"root\" data-docx-has-block-data=\"false\">\n<div data-page-id=\"Y06XfUzydd0aVicBtPKcZlS8nJf\" data-lark-html-role=\"root\" data-docx-has-block-data=\"true\">\n<div data-page-id=\"E2ZvfNrVNdEHKickexPcvdXVnrc\" data-lark-html-role=\"root\" data-docx-has-block-data=\"false\">\n<div data-page-id=\"DqGzfq5S4d9GdAcOQVIcIdPhn2c\" data-lark-html-role=\"root\" data-docx-has-block-data=\"false\">\n<div data-page-id=\"HsKcfE4WLdET7ScRm72cTZ96nPb\" data-lark-html-role=\"root\" data-docx-has-block-data=\"false\">\n<div data-page-id=\"MvWFfuF4Edx69KcRSmmcvS2LndG\" data-lark-html-role=\"root\" data-docx-has-block-data=\"true\">\n<div data-page-id=\"BSNMfUsMXd3XFscNxbDcufC2nEg\" data-lark-html-role=\"root\" data-docx-has-block-data=\"false\">\n<div data-page-id=\"Rr0Mfry1adQB66cMkYGcCmoWnKe\" data-lark-html-role=\"root\" data-docx-has-block-data=\"true\">\n<div data-page-id=\"A7fMfxJhydfxJUc6VX9cVvDKnpd\" data-lark-html-role=\"root\" data-docx-has-block-data=\"false\">\n<div data-page-id=\"A7fMfxJhydfxJUc6VX9cVvDKnpd\" data-lark-html-role=\"root\" data-docx-has-block-data=\"false\">\n<div data-page-id=\"WbzgfFBuTduiBjc6rORciNrNnlf\" data-lark-html-role=\"root\" data-docx-has-block-data=\"false\">\n<div data-page-id=\"R0Rzf8rQUdoB9hcxkiqc9kKHnk2\" data-lark-html-role=\"root\" data-docx-has-block-data=\"true\">\n<div data-page-id=\"ZwXFfRomCdt9G4cs33scepfHnoe\" data-lark-html-role=\"root\" data-docx-has-block-data=\"false\">\n<div data-page-id=\"UFFTffnWTdbuv3coRhBc3zxBnMf\" data-lark-html-role=\"root\" data-docx-has-block-data=\"true\">\n<div data-page-id=\"FV0FfDT4ZdfJZoc4SMccT5Rjndf\" data-lark-html-role=\"root\" data-docx-has-block-data=\"false\">\n<div data-page-id=\"QfqMfQ3H3dBjAycBmxFct9R0nOd\" data-lark-html-role=\"root\" data-docx-has-block-data=\"false\">\n<div data-page-id=\"DXwcf38JSdYoRnczvWycOLbJnKg\" data-lark-html-role=\"root\" data-docx-has-block-data=\"false\">\n<div data-page-id=\"ERF5fOYoJdJoKBcJe3dczeiRnhb\" data-lark-html-role=\"root\" data-docx-has-block-data=\"false\">\n<div data-page-id=\"Xz9kf6dXYdrSpeczDiscWevtn5g\" data-lark-html-role=\"root\" data-docx-has-block-data=\"false\">\n<h2 class=\"heading-2 ace-line old-record-id-ZPzrfvoGvdmM3HcOng3cEyqrnXf\">Warum ATVS 45000 Z\u00fcge w\u00e4hlen? \ud83e\udd29<\/h2>\n<div class=\"ace-line ace-line old-record-id-RD9yfKD4Udz1u8cUU2IcSpOUnbe\">Es zeichnet sich durch seine au\u00dfergew\u00f6hnliche Lebensdauer von 45000 Z\u00fcgen, 10 Premium-Geschm\u00e4ckern und zuverl\u00e4ssigen doppelten Mesh-Coils aus. Es ist f\u00fcr Dampfer konzipiert, die ein unkompliziertes, langlebiges Ger\u00e4t w\u00fcnschen, das keinen Kompromiss bei Geschmack oder Leistung eingeht. \ud83c\udfaf<\/div>\n<div class=\"ace-line ace-line old-record-id-XdGqfMijEd72H2cjoi6ci6u6nby\">Seine kompakte Gr\u00f6\u00dfe, der einstellbare Widerstand und die praktische Verpackung machen es vielseitig f\u00fcr jeden Lebensstil. Ob Sie ein gelegentlicher Dampfer oder jemand sind, der regelm\u00e4\u00dfig dampft, ATVS 45000 Z\u00fcge bietet ein konsistentes, befriedigendes Erlebnis, das schwer zu \u00fcbertreffen ist. \ud83d\udcaf<\/p>\n<div data-page-id=\"Xz9kf6dXYdrSpeczDiscWevtn5g\" data-lark-html-role=\"root\" data-docx-has-block-data=\"true\">\n<h2 class=\"heading-2 ace-line old-record-id-GNvzfppumdNJ1acB3Omcpibqnih\">10 Kuratierte Geschm\u00e4cker: Kr\u00e4ftige &amp; Ausgewogene Aromen f\u00fcr jede Stimmung \ud83c\udf53\u2744\ufe0f\ud83c\udf6c<\/h2>\n<div class=\"ace-line ace-line old-record-id-D8ILfN9SLdUbyyccyl1cPgwsnyh\">ATVS 45000 Z\u00fcge bietet 10 verschiedene, hochwertige Geschm\u00e4cker \u2013 jeder so gemischt, dass er einen nat\u00fcrlichen, befriedigenden Geschmack ohne k\u00fcnstlichen Nachgeschmack liefert. Von eisiger Erfrischung bis hin zu s\u00fc\u00dfen, verspielten Noten deckt die Auswahl eine Vielzahl von Vorlieben ab, sodass es einfach ist, Ihren neuen Lieblingsgeschmack zu finden. \ud83e\uddca<\/div>\n<h3 class=\"heading-3 ace-line old-record-id-D6z4fvagJdlv9LcYMYkccSOxnne\">Geschmacksangebot: Ein Geschmack f\u00fcr jedes Verlangen<\/h3>\n<div class=\"ace-line ace-line old-record-id-WdG8f4h01dhcMUcnwjxcUH7vnmg\">Jeder Geschmack ist so gestaltet, dass er heraussticht, mit ausgewogenen Noten, die authentisch und angenehm sind. Ob Sie etwas Eisiges, Fruchtiges oder Verspieltes verlangen, die sorgf\u00e4ltig kuratierte Auswahl hat alles f\u00fcr Sie. Siehe die vollst\u00e4ndigen Geschmacksdetails unten:<\/div>\n<div>\n<table class=\"ace-table\" data-ace-table-col-widths=\"200;200;200\">\n<colgroup>\n<col width=\"200\" \/>\n<col width=\"200\" \/>\n<col width=\"200\" \/><\/colgroup>\n<thead>\n<tr>\n<th colspan=\"1\" rowspan=\"1\">\n<div class=\"ace-line ace-line old-record-id-JJyYf0H0DdRoCNc2XQscIY8PnPg\">Nein.<\/div>\n<\/th>\n<th colspan=\"1\" rowspan=\"1\">\n<div class=\"ace-line ace-line old-record-id-QaK3fCUPmdw85FcFSupcB5K3nAb\">Geschmack<\/div>\n<\/th>\n<th colspan=\"1\" rowspan=\"1\">\n<div class=\"ace-line ace-line old-record-id-Gsj4futsTdvAnzcslAqce0ElnEh\">Geschmacksprofil<\/div>\n<\/th>\n<\/tr>\n<\/thead>\n<tbody>\n<tr>\n<td colspan=\"1\" rowspan=\"1\">\n<div class=\"ace-line ace-line old-record-id-TuYrfAq9pdvY6zcc95LcXSHnnmf\">1<\/div>\n<\/td>\n<td colspan=\"1\" rowspan=\"1\">\n<div class=\"ace-line ace-line old-record-id-P1VHfLGDDdtmD3cgm6qc5IEknPf\">Blaue Himbeere Kirsche<\/div>\n<\/td>\n<td colspan=\"1\" rowspan=\"1\">\n<div class=\"ace-line ace-line old-record-id-ILK2fegv0dko5Qc9TZmcOZ5ZnDO\">Spritzige blaue Himbeere gemischt mit s\u00fc\u00dfer Kirsche<\/div>\n<\/td>\n<\/tr>\n<tr>\n<td colspan=\"1\" rowspan=\"1\">\n<div class=\"ace-line ace-line old-record-id-BmOYfprn4duxTuc6HF9clWB0nVf\">2<\/div>\n<\/td>\n<td colspan=\"1\" rowspan=\"1\">\n<div class=\"ace-line ace-line old-record-id-ZVlKf7jWUdHlmfchZ5kc6Dznndd\">Mr. Blue<\/div>\n<\/td>\n<td colspan=\"1\" rowspan=\"1\">\n<div class=\"ace-line ace-line old-record-id-HYY8fH4vtdjoCfcI1zMc9oTHnKC\">Erfrischende, blaubeer-inspirierte K\u00fchle mit einem sanften Abgang<\/div>\n<\/td>\n<\/tr>\n<tr>\n<td colspan=\"1\" rowspan=\"1\">\n<div class=\"ace-line ace-line old-record-id-XnsCfvoOyd3it2ctGKkcmchMnLb\">3<\/div>\n<\/td>\n<td colspan=\"1\" rowspan=\"1\">\n<div class=\"ace-line ace-line old-record-id-S88mfGiNpdlGUHcWx0KcI34hn5L\">Heidelbeere Kirsche Cranberry<\/div>\n<\/td>\n<td colspan=\"1\" rowspan=\"1\">\n<div class=\"ace-line ace-line old-record-id-KHjnfEBVGd0iSHc33PqcLGEKnJh\">Reichhaltige Heidelbeere, s\u00fc\u00dfe Kirsche und herbe Cranberry-Mischung<\/div>\n<\/td>\n<\/tr>\n<tr>\n<td colspan=\"1\" rowspan=\"1\">\n<div class=\"ace-line ace-line old-record-id-WOWdfxqYrdjOzlcdMBFcgFqynpc\">4<\/div>\n<\/td>\n<td colspan=\"1\" rowspan=\"1\">\n<div class=\"ace-line ace-line old-record-id-JJPAfaVPGdJbmucHlfvcI5Tan4g\">Fizzy Vimtc<\/div>\n<\/td>\n<td colspan=\"1\" rowspan=\"1\">\n<div class=\"ace-line ace-line old-record-id-HT6dfH8RedHJLOcDTgxcP5N1n0f\">Sprudelnder, fruchtiger Vimto-Geschmack mit einem knackigen, erfrischenden Kick<\/div>\n<\/td>\n<\/tr>\n<tr>\n<td colspan=\"1\" rowspan=\"1\">\n<div class=\"ace-line ace-line old-record-id-HnWSfkRM1dAFIEc1zLIcw2VynUl\">5<\/div>\n<\/td>\n<td colspan=\"1\" rowspan=\"1\">\n<div class=\"ace-line ace-line old-record-id-WZt8f02XFd93yscon75c3J6Sneb\">Kirsche Eis<\/div>\n<\/td>\n<td colspan=\"1\" rowspan=\"1\">\n<div class=\"ace-line ace-line old-record-id-I2EKfuIAQdrD8Oc2dkocZ7Qpn1b\">S\u00fc\u00dfe Kirsche kombiniert mit eisiger K\u00fchle f\u00fcr einen erfrischenden Genuss<\/div>\n<\/td>\n<\/tr>\n<tr>\n<td colspan=\"1\" rowspan=\"1\">\n<div class=\"ace-line ace-line old-record-id-Eq4MfAPZKdkr24cfljRc0aaDngb\">6<\/div>\n<\/td>\n<td colspan=\"1\" rowspan=\"1\">\n<div class=\"ace-line ace-line old-record-id-ORB4f0PNBdjxZucAOa5crNjbnPe\">Gummib\u00e4rchen<\/div>\n<\/td>\n<td colspan=\"1\" rowspan=\"1\">\n<div class=\"ace-line ace-line old-record-id-Mj9Gfp16ydmpv9cARWUcIQf6nof\">Lustiger, s\u00fc\u00dfer Gummib\u00e4rchen-Geschmack mit einem kaubaren, nostalgischen Geschmack<\/div>\n<\/td>\n<\/tr>\n<tr>\n<td colspan=\"1\" rowspan=\"1\">\n<div class=\"ace-line ace-line old-record-id-XnqkfiKUKdkQF1cgmJbcxmACnQh\">7<\/div>\n<\/td>\n<td colspan=\"1\" rowspan=\"1\">\n<div class=\"ace-line ace-line old-record-id-U364fl6g5d2ZpFc8hMPcSI9onzd\">Ananas Eis<\/div>\n<\/td>\n<td colspan=\"1\" rowspan=\"1\">\n<div class=\"ace-line ace-line old-record-id-QaPSfuFJtdC7WWcGJKqcnKppnIh\">Frische Ananas mit einem k\u00fchlen, eisigen Abgang f\u00fcr hei\u00dfe Tage<\/div>\n<\/td>\n<\/tr>\n<tr>\n<td colspan=\"1\" rowspan=\"1\">\n<div class=\"ace-line ace-line old-record-id-X1VBfJIK4dVKiucOpGbc0rINnjd\">8<\/div>\n<\/td>\n<td colspan=\"1\" rowspan=\"1\">\n<div class=\"ace-line ace-line old-record-id-QBLNfIl1rdyNclc3K3aclHoZnWf\">Fizzy Kirsche Bubblegum<\/div>\n<\/td>\n<td colspan=\"1\" rowspan=\"1\">\n<div class=\"ace-line ace-line old-record-id-TCGxfrz7SdHA8gclSt5cBLKOnhM\">Sprudelnde Kirsche kombiniert mit s\u00fc\u00dfen Bubblegum-Noten<\/div>\n<\/td>\n<\/tr>\n<tr>\n<td colspan=\"1\" rowspan=\"1\">\n<div class=\"ace-line ace-line old-record-id-SOLUfUUDPdnbGrc0EtYcn7Z4neg\">9<\/div>\n<\/td>\n<td colspan=\"1\" rowspan=\"1\">\n<div class=\"ace-line ace-line old-record-id-R6DGf5nFSdgRtJctL65cApsynQf\">Bananeneis<\/div>\n<\/td>\n<td colspan=\"1\" rowspan=\"1\">\n<div class=\"ace-line ace-line old-record-id-M2NnfPLymdweG6ccmpXc94qSn8d\">Cremige Banane gemischt mit eisiger K\u00fchle f\u00fcr einen sanften Zug<\/div>\n<\/td>\n<\/tr>\n<tr>\n<td colspan=\"1\" rowspan=\"1\">\n<div class=\"ace-line ace-line old-record-id-F2w4f16jDdP72ucrI2vc04nXn9e\">10<\/div>\n<\/td>\n<td colspan=\"1\" rowspan=\"1\">\n<div class=\"ace-line ace-line old-record-id-AiRvfXjAsdEABDc4t1vchpUXnVg\">Triple Mango<\/div>\n<\/td>\n<td colspan=\"1\" rowspan=\"1\">\n<div class=\"ace-line ace-line old-record-id-Z8OJfD9bZdHf0FcINLvcMJsLn4d\">Reichhaltiger, reifer Mango-Geschmack mit geschichteten tropischen Noten<\/div>\n<\/td>\n<\/tr>\n<\/tbody>\n<\/table>\n<\/div>\n<h4 class=\"heading-4 ace-line old-record-id-DhkffaiPndsZLPclVU7cGrOtnQf\">Qualit\u00e4tsgeschm\u00e4cker, keine Kompromisse<\/h4>\n<div class=\"ace-line ace-line old-record-id-SCFxfbiDhdJJqbcV1wYcVHQ1nXf\">Jeder Geschmack wird getestet, um Konsistenz und Authentizit\u00e4t sicherzustellen, ohne harte Nachgeschm\u00e4cker oder k\u00fcnstliche Untert\u00f6ne. Ob Sie kr\u00e4ftige, fruchtige Z\u00fcge oder sanfte, eisige Z\u00fcge bevorzugen, jeder Geschmack bietet ein befriedigendes Erlebnis. \ud83c\udf49<\/div>\n<h2 class=\"heading-2 ace-line old-record-id-Do8JfzJCUd8XJ9cPDM8cD7smnGd\">Doppelte Mesh-Coils &amp; einstellbarer Widerstand: Sanfte, konsistente Leistung \ud83d\udd27<\/h2>\n<div class=\"ace-line ace-line old-record-id-S4uKfZV5jdS1Iwcf33scD0mDnPc\">Im Kern des ATVS 45000 Z\u00fcge liegen doppelte Mesh-Coils, die entwickelt wurden, um E-Liquid gleichm\u00e4\u00dfig und effizient zu erhitzen. Diese Technologie entfaltet den vollen Geschmack jeder Mischung, beseitigt harte Z\u00fcge und verbrannte Noten, sodass jeder Zug sanft und befriedigend ist. \ud83d\udcaa<\/div>\n<h3 class=\"heading-3 ace-line old-record-id-MCEMfZon8dQ1Dbc6ExRcheVKnte\">Zwei Widerstandseinstellungen f\u00fcr personalisiertes Dampfen<\/h3>\n<div class=\"ace-line ace-line old-record-id-RXKMfzRA5dFucscnmQjcWrKinXS\">Das Ger\u00e4t bietet zwei Widerstandsoptionen \u2013 0.4\u03a9 und 0.8\u03a9 \u2013 um Ihren einzigartigen Dampfstil anzupassen. W\u00e4hlen Sie 0.4\u03a9 f\u00fcr dichteren, kr\u00e4ftigen Dampf, der einen robusten Zug liefert. Entscheiden Sie sich f\u00fcr 0.8\u03a9 f\u00fcr einen milderen, sanfteren Zug, der perfekt f\u00fcr den ganzen Tag ist. \ud83d\udee0\ufe0f<\/div>\n<h4 class=\"heading-4 ace-line old-record-id-WtmZf3ObPdrJxYcXVXmcoGqYnah\">Robuste Coils f\u00fcr langfristige Zuverl\u00e4ssigkeit<\/h4>\n<div class=\"ace-line ace-line old-record-id-W6OVfjHxidCb52cXh8wcgReAnnf\">Die doppelten Mesh-Coils sind darauf ausgelegt, die Lebensdauer von 45000 Z\u00fcgen zu \u00fcberstehen, minimieren trockene Z\u00fcge und gew\u00e4hrleisten eine konsistente Leistung vom ersten bis zum letzten Zug. Sie bew\u00e4ltigen h\u00e4ufige Nutzung m\u00fchelos, sodass Sie nie auf Geschmack oder Dampfqualit\u00e4t verzichten m\u00fcssen. \u26a1<\/div>\n<h2 class=\"heading-2 ace-line old-record-id-FfLafH5iOdDgkKcEkexcks1yncz\">45000 Z\u00fcge &amp; 35ml E-Liquid: Ununterbrochener Genuss \u23f3<\/h2>\n<div class=\"ace-line ace-line old-record-id-Cj7Af35W2dpKdxc1RLCcyxIenkt\">Mit 45000 Z\u00fcgen und 35ml E-Liquid ist dieses Ger\u00e4t darauf ausgelegt, wochenlang zu halten \u2013 selbst bei t\u00e4glichem, h\u00e4ufigem Gebrauch. Der 750mAh 751752 Akku liefert konstante Energie, um diese Langlebigkeit zu unterst\u00fctzen, sodass Sie das Ger\u00e4t nicht st\u00e4ndig ersetzen m\u00fcssen. \ud83d\udcc8<\/div>\n<h3 class=\"heading-3 ace-line old-record-id-O1mIfRHcodxJ4YciFiAcMXKfnOh\">Ausgewogene Leistung &amp; E-Liquid f\u00fcr ununterbrochenes Dampfen<\/h3>\n<div class=\"ace-line ace-line old-record-id-GwBpf2djldWlPociNoXcdArunqj\">Der Akku und das E-Liquid arbeiten in perfekter Harmonie, sodass Sie nie ohne Nachschub dastehen, bevor der Akku leer ist. Dieses Gleichgewicht bedeutet, dass Sie sich darauf konzentrieren k\u00f6nnen, Ihre Lieblingsgeschm\u00e4cker zu genie\u00dfen, ohne sich um unerwartete Unterbrechungen sorgen zu m\u00fcssen. \ud83d\udeab\u23f8\ufe0f<\/div>\n<h2 class=\"heading-2 ace-line old-record-id-U0IGf863zdD1vkcgYh2cKSHlnib\">Kompaktes Design &amp; praktische Verpackung \ud83d\udce6<\/h2>\n<div class=\"ace-line ace-line old-record-id-GTMVfGElkdIQlPc1pDGcSCF1nEd\">Der ATVS 45000 Z\u00fcge verf\u00fcgt \u00fcber ein schlankes, tragbares Design, das einfach zu transportieren ist. Er misst 58*31*115.5mm \u2013 klein genug, um in Ihre Tasche, Tasche oder Hand zu passen, ohne zus\u00e4tzliches Volumen hinzuzuf\u00fcgen, was ihn ideal f\u00fcr den Einsatz unterwegs macht. \ud83d\udcf1<\/div>\n<h3 class=\"heading-3 ace-line old-record-id-CInYfA3Ymdfmp7cHE53c66K1n8M\">Verpackung, die f\u00fcr alle praktisch ist<\/h3>\n<div class=\"ace-line ace-line old-record-id-PFKBf4P1xdWIdlcRpE8c75atnPC\">Jedes einzelne Ger\u00e4t kommt in einer kompakten Innenverpackung, w\u00e4hrend eine Box 10 St\u00fcck enth\u00e4lt. Die Au\u00dfenverpackung misst 119*160.5*118.5mm und wiegt insgesamt 1050g \u2013 leicht zu Hause zu lagern oder in gro\u00dfen Mengen zu transportieren, sei es f\u00fcr den pers\u00f6nlichen Gebrauch oder den Wiederverkauf. \ud83d\udce6<\/div>\n<\/div>\n<\/div>\n<\/div>\n<\/div>\n<\/div>\n<\/div>\n<\/div>\n<\/div>\n<\/div>\n<\/div>\n<\/div>\n<\/div>\n<\/div>\n<\/div>\n<\/div>\n<\/div>\n<\/div>\n<\/div>\n<\/div>\n<\/div>\n<\/div>\n<\/div>\n<\/div>\n<\/div>\n<\/div>\n<\/div>\n<\/div>\n<\/div>\n<\/div>\n<\/div>\n<\/div>\n<\/div>\n<\/div>\n<\/div>\n<\/div>\n<\/div>\n<\/div>\n<\/div>\n<\/div>\n<\/div>\n<\/div>\n<\/div>\n<\/div>\n<\/div>\n<\/div>\n<\/div>\n<\/div>\n<\/div>\n<\/div>\n<\/div>\n<\/div>\n<\/div>\n<\/div>\n<\/div>\n<\/div>\n<\/div>\n<\/div>\n<\/div>\n<\/div>\n<\/div>\n<\/div>\n<\/div>\n<\/div>\n<\/div>\n<\/div>\n<\/div>\n<\/div>\n<\/div>\n<\/div>\n<\/div>\n<\/div>\n<\/div>\n<\/div>\n<\/div>\n<\/div>\n<\/div>\n<\/div>\n<\/div>\n<\/div>\n<\/div>\n<\/div>\n<\/div>\n<\/div>\n<\/div>\n<\/div>\n<\/div>\n<\/div>\n<\/div>\n<\/div>\n<\/div>\n<\/div>\n<\/div>\n<\/div>\n<\/div>\n<\/div>\n<\/div>\n<\/div>\n<\/div>\n<\/div>\n<\/div>","protected":false},"excerpt":{"rendered":"<div data-page-id=\"RAopf2sw9dtvw4cWYXpcTwo0n8g\" data-lark-html-role=\"root\" data-docx-has-block-data=\"false\">\n<div class=\"ace-line ace-line old-record-id-Uju9f3RXYd8dh2crAJbcBF3Un6M\">\n<div data-page-id=\"Dd8gfe2wRdT66jcgnqtcUwg5ndh\" data-lark-html-role=\"root\" data-docx-has-block-data=\"false\">\n<div class=\"ace-line ace-line old-record-id-FiRZf3qXpdK0RqcHt8wcxPTon8b\">ATVS 45000 Z\u00fcge ist ein langlebiges Einweg-Vape mit 45000 Z\u00fcgen, 35ml E-Liquid und doppelten Mesh-Coils. Es wird von einem 750mAh 751752 Akku betrieben, bietet 0.4\/0.8\u03a9 Widerstand und 10 Premium-Geschm\u00e4cker, mit einer Gr\u00f6\u00dfe von 58<em>31<\/em>115,5mm und 10er-Packungen mit einem Gewicht von 1050g.<\/div>\n<\/div>\n<\/div>\n<\/div>","protected":false},"featured_media":7376,"comment_status":"open","ping_status":"closed","template":"","meta":{"_acf_changed":false,"inline_featured_image":false,"_sitemap_exclude":false,"_sitemap_priority":"","_sitemap_frequency":""},"product_brand":[375],"product_cat":[374],"product_tag":[],"class_list":{"0":"post-7365","1":"product","2":"type-product","3":"status-publish","4":"has-post-thumbnail","6":"product_brand-atvs","7":"product_cat-atvs","9":"first","10":"instock","11":"sale","12":"shipping-taxable","13":"purchasable","14":"product-type-variable","15":"has-default-attributes"},"acf":[],"tiered_pricing_type":"fixed","tiered_pricing_fixed_rules":{"30":9,"60":8.49,"100":8.08,"200":7.77},"tiered_pricing_product_settings":{"layout":"default","base_unit_name":{"singular":null,"plural":null},"default_variation":null},"tiered_pricing_minimum_quantity":10,"tiered_pricing_roles_data":[],"tiered_pricing_percentage_rules":[],"tiered_pricing_maximum_quantity":null,"tiered_pricing_quantity_step":"10","_links":{"self":[{"href":"https:\/\/oiovape.com\/de\/wp-json\/wp\/v2\/product\/7365","targetHints":{"allow":["GET"]}}],"collection":[{"href":"https:\/\/oiovape.com\/de\/wp-json\/wp\/v2\/product"}],"about":[{"href":"https:\/\/oiovape.com\/de\/wp-json\/wp\/v2\/types\/product"}],"replies":[{"embeddable":true,"href":"https:\/\/oiovape.com\/de\/wp-json\/wp\/v2\/comments?post=7365"}],"version-history":[{"count":0,"href":"https:\/\/oiovape.com\/de\/wp-json\/wp\/v2\/product\/7365\/revisions"}],"wp:featuredmedia":[{"embeddable":true,"href":"https:\/\/oiovape.com\/de\/wp-json\/wp\/v2\/media\/7376"}],"wp:attachment":[{"href":"https:\/\/oiovape.com\/de\/wp-json\/wp\/v2\/media?parent=7365"}],"wp:term":[{"taxonomy":"product_brand","embeddable":true,"href":"https:\/\/oiovape.com\/de\/wp-json\/wp\/v2\/product_brand?post=7365"},{"taxonomy":"product_cat","embeddable":true,"href":"https:\/\/oiovape.com\/de\/wp-json\/wp\/v2\/product_cat?post=7365"},{"taxonomy":"product_tag","embeddable":true,"href":"https:\/\/oiovape.com\/de\/wp-json\/wp\/v2\/product_tag?post=7365"}],"curies":[{"name":"wp","href":"https:\/\/api.w.org\/{rel}","templated":true}]}}