{"id":7395,"date":"2026-03-04T09:11:29","date_gmt":"2026-03-04T01:11:29","guid":{"rendered":"https:\/\/oiovape.com\/?post_type=product&#038;p=7395"},"modified":"2026-03-04T17:42:51","modified_gmt":"2026-03-04T09:42:51","slug":"atvs-120000-puffs","status":"publish","type":"product","link":"https:\/\/oiovape.com\/de\/product\/atvs-120000-puffs\/","title":{"rendered":"ATVS 120000 PUFFS Dual Mesh Coil Smart Rechargeable Disposable Vape Pen"},"content":{"rendered":"<div data-page-id=\"ZVeMfq8uxd7y1ycuKm5cym4LnYd\" data-lark-html-role=\"root\" data-docx-has-block-data=\"false\">\n<div data-page-id=\"Fd41fZ5N9dzRQtcRNoVc2FuDnCh\" data-lark-html-role=\"root\" data-docx-has-block-data=\"true\">\n<div data-page-id=\"BdIJfeeijdk1eucGpS8cDCBBn5c\" data-lark-html-role=\"root\" data-docx-has-block-data=\"false\">\n<div data-page-id=\"Zbg9fWx77dUuh2cIYpic25c8nyd\" data-lark-html-role=\"root\" data-docx-has-block-data=\"false\">\n<div data-page-id=\"KaIvfiurhdlCKdc0kyxcX64cnE6\" data-lark-html-role=\"root\" data-docx-has-block-data=\"true\">\n<div data-page-id=\"PbvFfqxqlddUTScRpEYcY5MHnpf\" data-lark-html-role=\"root\" data-docx-has-block-data=\"true\">\n<div data-page-id=\"GZO2f5JeudwY4jc9iJtcdk9Hnxh\" data-lark-html-role=\"root\" data-docx-has-block-data=\"false\">\n<div data-page-id=\"EZVRf2acFduXLGcseZFc4qH2n6e\" data-lark-html-role=\"root\" data-docx-has-block-data=\"false\">\n<div data-page-id=\"B8rHfcqlqdzmH5cCWCncz17Cntb\" data-lark-html-role=\"root\" data-docx-has-block-data=\"false\">\n<div data-page-id=\"B8rHfcqlqdzmH5cCWCncz17Cntb\" data-lark-html-role=\"root\" data-docx-has-block-data=\"false\">\n<div data-page-id=\"B8rHfcqlqdzmH5cCWCncz17Cntb\" data-lark-html-role=\"root\" data-docx-has-block-data=\"true\">\n<div data-page-id=\"HM70f1aoxdD0bMcxJZBcVc7ynZd\" data-lark-html-role=\"root\" data-docx-has-block-data=\"false\">\n<div data-page-id=\"NSrJfN7Ord22i0c1iwZcsF8yn8b\" data-lark-html-role=\"root\" data-docx-has-block-data=\"false\">\n<div data-page-id=\"RXEff4Mskds8o1cqL5HcGEtUnCh\" data-lark-html-role=\"root\" data-docx-has-block-data=\"false\">\n<div data-page-id=\"KJ7gfqkVndMSRJcMseScmvYwnTc\" data-lark-html-role=\"root\" data-docx-has-block-data=\"false\">\n<div class=\"ace-line ace-line old-record-id-QADAfETPudgmudc05YvcTO5fnxe\">\n<div data-page-id=\"KJ7gfqkVndMSRJcMseScmvYwnTc\" data-lark-html-role=\"root\" data-docx-has-block-data=\"false\">\n<div class=\"ace-line ace-line old-record-id-JoRkfpho8dOkiacEOascDyCOncb\">\n<div data-page-id=\"KJ7gfqkVndMSRJcMseScmvYwnTc\" data-lark-html-role=\"root\" data-docx-has-block-data=\"false\">\n<div data-page-id=\"Ju6ofQ3V4dGmePcVvJvc1gmcnZb\" data-lark-html-role=\"root\" data-docx-has-block-data=\"true\">\n<div data-page-id=\"PR9ife5PLdFabccbFgZcWgZOnTc\" data-lark-html-role=\"root\" data-docx-has-block-data=\"false\">\n<div data-page-id=\"INdrfOIGzdaenXcptrcc1BcznQc\" data-lark-html-role=\"root\" data-docx-has-block-data=\"false\">\n<div class=\"ace-line ace-line old-record-id-P0fIf4YaZdoGkbcxt5ackec2nnb\">\n<div data-page-id=\"INdrfOIGzdaenXcptrcc1BcznQc\" data-lark-html-role=\"root\" data-docx-has-block-data=\"false\">\n<div data-page-id=\"MAzCfUB73dMTQscm8eWcougVn1g\" data-lark-html-role=\"root\" data-docx-has-block-data=\"true\">\n<div data-page-id=\"AXfpf7H1odhDvGcKoUOcErN8nV7\" data-lark-html-role=\"root\" data-docx-has-block-data=\"false\">\n<div data-page-id=\"QYTKf5PvLdUNdbce2nBcW9yfnrh\" data-lark-html-role=\"root\" data-docx-has-block-data=\"false\">\n<div data-page-id=\"Pvu1f1CCBdxbjncA9pgcBTpanph\" data-lark-html-role=\"root\" data-docx-has-block-data=\"true\">\n<div data-page-id=\"Axf3fcmY8dDAhtcjVircBcphnPc\" data-lark-html-role=\"root\" data-docx-has-block-data=\"false\">\n<div data-page-id=\"KKj1f9SPmdLhhMc5E2AcNlLen6f\" data-lark-html-role=\"root\" data-docx-has-block-data=\"true\">\n<div data-page-id=\"Rx61fK1sJdXHjPcBuhZcweNhnwc\" data-lark-html-role=\"root\" data-docx-has-block-data=\"false\">\n<div data-page-id=\"L1H9fkG9Mdz45Fcy4WMc5VKXnRe\" data-lark-html-role=\"root\" data-docx-has-block-data=\"false\">\n<div data-page-id=\"L1H9fkG9Mdz45Fcy4WMc5VKXnRe\" data-lark-html-role=\"root\" data-docx-has-block-data=\"false\">\n<div data-page-id=\"D4XLfVBVrdE8mrcaYizczklLnaf\" data-lark-html-role=\"root\" data-docx-has-block-data=\"false\">\n<div data-page-id=\"WVcifIY44d5mhMcXtyEcTsfenGd\" data-lark-html-role=\"root\" data-docx-has-block-data=\"true\">\n<div data-page-id=\"LRknfa6Whd4DWCcUc0FcNKpJnyh\" data-lark-html-role=\"root\" data-docx-has-block-data=\"false\">\n<div data-page-id=\"LRknfa6Whd4DWCcUc0FcNKpJnyh\" data-lark-html-role=\"root\" data-docx-has-block-data=\"false\">\n<div data-page-id=\"XFRAfkcOEdRWh8cArQ2cJdyRnJf\" data-lark-html-role=\"root\" data-docx-has-block-data=\"true\">\n<div data-page-id=\"OQ3bfjnRddMTDGcC3ouc6xFKnWf\" data-lark-html-role=\"root\" data-docx-has-block-data=\"true\">\n<div data-page-id=\"J0iGfj1hEdjc4rcUdSmc4spMnmZ\" data-lark-html-role=\"root\" data-docx-has-block-data=\"false\">\n<div data-page-id=\"P1o7fFyNlduP8tcfZpQcagzbnIf\" data-lark-html-role=\"root\" data-docx-has-block-data=\"false\">\n<div class=\"ace-line ace-line old-record-id-P1o7fFyNlduP8tcfZpQcagzbnIf\">\n<div data-page-id=\"P1o7fFyNlduP8tcfZpQcagzbnIf\" data-lark-html-role=\"root\" data-docx-has-block-data=\"false\">\n<div data-page-id=\"U4iufW38SdttWKcTstMcTtHRnXc\" data-lark-html-role=\"root\" data-docx-has-block-data=\"true\">\n<div data-page-id=\"ONVMf7VTWddcFtcyATOchCJHnZb\" data-lark-html-role=\"root\" data-docx-has-block-data=\"true\">\n<div data-page-id=\"KoW2fSy0PdLHFlc5kSHcgvWMnYg\" data-lark-html-role=\"root\" data-docx-has-block-data=\"false\">\n<div data-page-id=\"KoW2fSy0PdLHFlc5kSHcgvWMnYg\" data-lark-html-role=\"root\" data-docx-has-block-data=\"false\">\n<div data-page-id=\"OLGhfzxC7d7EFIcLEj9cRT5ynZf\" data-lark-html-role=\"root\" data-docx-has-block-data=\"false\">\n<div data-page-id=\"DdnnfrLjzdqrFIc9Il9c7pA2noc\" data-lark-html-role=\"root\" data-docx-has-block-data=\"true\">\n<div data-page-id=\"KNzcf2o0oddkJOcztTVcqPdlnth\" data-lark-html-role=\"root\" data-docx-has-block-data=\"false\">\n<div data-page-id=\"LBU7fg5SEdkWhecGJoxca3xvnCe\" data-lark-html-role=\"root\" data-docx-has-block-data=\"false\">\n<div data-page-id=\"EB70fooS3d69bMcgWB7c5qb9n8g\" data-lark-html-role=\"root\" data-docx-has-block-data=\"false\">\n<div data-page-id=\"AogwfsZCadB6t0cAvF0cK4JLnvf\" data-lark-html-role=\"root\" data-docx-has-block-data=\"false\">\n<div data-page-id=\"AogwfsZCadB6t0cAvF0cK4JLnvf\" data-lark-html-role=\"root\" data-docx-has-block-data=\"false\">\n<div data-page-id=\"JMZIflNGddQuU0c5JZocSqlvnle\" data-lark-html-role=\"root\" data-docx-has-block-data=\"false\">\n<div data-page-id=\"JMZIflNGddQuU0c5JZocSqlvnle\" data-lark-html-role=\"root\" data-docx-has-block-data=\"true\">\n<div data-page-id=\"HtEafjjRIdPAlMc9zgYcsGy6nOe\" data-lark-html-role=\"root\" data-docx-has-block-data=\"false\">\n<div data-page-id=\"Rhnafz0WTdDeT9c43xxczsbVnJo\" data-lark-html-role=\"root\" data-docx-has-block-data=\"false\">\n<div data-page-id=\"WY0CfKdcTdf4hVcZl67ct5LGncf\" data-lark-html-role=\"root\" data-docx-has-block-data=\"true\">\n<div data-page-id=\"MkB5fF4AVdchovcoPEpc7LqvnOd\" data-lark-html-role=\"root\" data-docx-has-block-data=\"true\">\n<div data-page-id=\"MfbjfZhbhdJdA8cH1dAckqF0n6g\" data-lark-html-role=\"root\" data-docx-has-block-data=\"false\">\n<div class=\"ace-line ace-line old-record-id-W2AHfJLnjd7ugjcRLs1c8BdhnNh\">\n<div data-page-id=\"MfbjfZhbhdJdA8cH1dAckqF0n6g\" data-lark-html-role=\"root\" data-docx-has-block-data=\"false\">\n<div class=\"old-record-id-XXd1feeCZdR2hJc6evocxnh1nOg\">\n<div data-page-id=\"MfbjfZhbhdJdA8cH1dAckqF0n6g\" data-lark-html-role=\"root\" data-docx-has-block-data=\"false\">\n<div data-page-id=\"DE51fYUmxdT3ekcHzc3cGrVQnsc\" data-lark-html-role=\"root\" data-docx-has-block-data=\"false\">\n<div data-page-id=\"YSKdfaZ08dRej3ci5CccQBuOncc\" data-lark-html-role=\"root\" data-docx-has-block-data=\"true\">\n<div data-page-id=\"K6mofQmledamEFcgp1EcVobmnYd\" data-lark-html-role=\"root\" data-docx-has-block-data=\"false\">\n<div data-page-id=\"VTgsfVLdCd9q1ucYcwRcCM0Hnof\" data-lark-html-role=\"root\" data-docx-has-block-data=\"true\">\n<div data-page-id=\"WucKfzp8RdNy8rcMJHncz4Knnac\" data-lark-html-role=\"root\" data-docx-has-block-data=\"true\">\n<div data-page-id=\"IfZ9fDIBLd9b9hcJiqGcLw9Pnmh\" data-lark-html-role=\"root\" data-docx-has-block-data=\"false\">\n<div data-page-id=\"JeU6f3Yq5dbdEHcZDptc5ikcn5c\" data-lark-html-role=\"root\" data-docx-has-block-data=\"true\">\n<div data-page-id=\"E1YjfnB4Jdmtsfc2ZObcu04Un6c\" data-lark-html-role=\"root\" data-docx-has-block-data=\"false\">\n<div data-page-id=\"RQVEfdiOzdqTQKcRcnxcG0Y7nce\" data-lark-html-role=\"root\" data-docx-has-block-data=\"true\">\n<div data-page-id=\"NKc7fbZi9dnOXocdHcScVsXdnmh\" data-lark-html-role=\"root\" data-docx-has-block-data=\"false\">\n<div data-page-id=\"DaE3fgNEwdnbQVc62iqcBK4lnte\" data-lark-html-role=\"root\" data-docx-has-block-data=\"false\">\n<div data-page-id=\"DaE3fgNEwdnbQVc62iqcBK4lnte\" data-lark-html-role=\"root\" data-docx-has-block-data=\"false\">\n<div data-page-id=\"NqSRfcp5SdFQ6ucdStXcbvManpc\" data-lark-html-role=\"root\" data-docx-has-block-data=\"false\">\n<div data-page-id=\"KydBfoEuudJNYhcgRdAc3aeUn7c\" data-lark-html-role=\"root\" data-docx-has-block-data=\"true\">\n<div data-page-id=\"SIqXfR5ipd7jWpczA5RcYkWInfd\" data-lark-html-role=\"root\" data-docx-has-block-data=\"false\">\n<div data-page-id=\"Y06XfUzydd0aVicBtPKcZlS8nJf\" data-lark-html-role=\"root\" data-docx-has-block-data=\"true\">\n<div data-page-id=\"E2ZvfNrVNdEHKickexPcvdXVnrc\" data-lark-html-role=\"root\" data-docx-has-block-data=\"false\">\n<div data-page-id=\"DqGzfq5S4d9GdAcOQVIcIdPhn2c\" data-lark-html-role=\"root\" data-docx-has-block-data=\"false\">\n<div data-page-id=\"HsKcfE4WLdET7ScRm72cTZ96nPb\" data-lark-html-role=\"root\" data-docx-has-block-data=\"false\">\n<div data-page-id=\"MvWFfuF4Edx69KcRSmmcvS2LndG\" data-lark-html-role=\"root\" data-docx-has-block-data=\"true\">\n<div data-page-id=\"BSNMfUsMXd3XFscNxbDcufC2nEg\" data-lark-html-role=\"root\" data-docx-has-block-data=\"false\">\n<div data-page-id=\"Rr0Mfry1adQB66cMkYGcCmoWnKe\" data-lark-html-role=\"root\" data-docx-has-block-data=\"true\">\n<div data-page-id=\"A7fMfxJhydfxJUc6VX9cVvDKnpd\" data-lark-html-role=\"root\" data-docx-has-block-data=\"false\">\n<div data-page-id=\"A7fMfxJhydfxJUc6VX9cVvDKnpd\" data-lark-html-role=\"root\" data-docx-has-block-data=\"false\">\n<div data-page-id=\"WbzgfFBuTduiBjc6rORciNrNnlf\" data-lark-html-role=\"root\" data-docx-has-block-data=\"false\">\n<div data-page-id=\"R0Rzf8rQUdoB9hcxkiqc9kKHnk2\" data-lark-html-role=\"root\" data-docx-has-block-data=\"true\">\n<div data-page-id=\"ZwXFfRomCdt9G4cs33scepfHnoe\" data-lark-html-role=\"root\" data-docx-has-block-data=\"false\">\n<div data-page-id=\"UFFTffnWTdbuv3coRhBc3zxBnMf\" data-lark-html-role=\"root\" data-docx-has-block-data=\"true\">\n<div data-page-id=\"FV0FfDT4ZdfJZoc4SMccT5Rjndf\" data-lark-html-role=\"root\" data-docx-has-block-data=\"false\">\n<div data-page-id=\"QfqMfQ3H3dBjAycBmxFct9R0nOd\" data-lark-html-role=\"root\" data-docx-has-block-data=\"false\">\n<div data-page-id=\"DXwcf38JSdYoRnczvWycOLbJnKg\" data-lark-html-role=\"root\" data-docx-has-block-data=\"false\">\n<div data-page-id=\"ERF5fOYoJdJoKBcJe3dczeiRnhb\" data-lark-html-role=\"root\" data-docx-has-block-data=\"false\">\n<div data-page-id=\"Xz9kf6dXYdrSpeczDiscWevtn5g\" data-lark-html-role=\"root\" data-docx-has-block-data=\"false\">\n<div data-page-id=\"NXFofecridPG1Kco9gVcxXiEnGf\" data-lark-html-role=\"root\" data-docx-has-block-data=\"false\">\n<div data-page-id=\"EFevfzjvkdlSPEcTWBIc7eVvnog\" data-lark-html-role=\"root\" data-docx-has-block-data=\"false\">\n<h2 class=\"ace-line ace-line old-record-id-EFevfzjvkdlSPEcTWBIc7eVvnog\">ATVS 120000 Z\u00fcge \u2013 Produkteinf\u00fchrung<\/h2>\n<div class=\"ace-line ace-line old-record-id-M3sdfRsqRdfLHNcEULAcrEpNnOg\">ATVS 120000 Z\u00fcge definiert das langlebige Einweg-Vaping mit einer beispiellosen Lebensdauer von 120000 Z\u00fcgen neu. Es kombiniert einen leistungsstarken 2500mAh 18650 Akku, eine einzelne Dual-Mesh-Spule und 50ml E-Liquid, alles in einem kompakten Design verpackt \u2013 plus 10 frische, authentische Geschm\u00e4cker, die jeden Zug angenehm machen. Es ist f\u00fcr Dampfer gebaut, die h\u00e4ufige Ger\u00e4tewechsel nicht m\u00f6gen.<\/div>\n<div class=\"ace-line ace-line old-record-id-W0Lsfxdchda3iLcP8qncZvGknZd\">Keine auff\u00e4lligen Spielereien, keine komplizierten Einstellungen \u2013 nur zuverl\u00e4ssige Leistung und konsistenter Geschmack. Ob Sie ein intensiver Dampfer sind oder Wert auf Bequemlichkeit legen, dieses Ger\u00e4t bietet das, was am wichtigsten ist: ununterbrochene Freude, Tag f\u00fcr Tag.<\/div>\n<h2 class=\"heading-2 ace-line old-record-id-NlSOf9PKDdedBccKY9Tc57uAnQe\">120000 Z\u00fcge &amp; Kernleistung: F\u00fcr die Ewigkeit gebaut<\/h2>\n<div class=\"ace-line ace-line old-record-id-LwRKfzevzdYap1cQUAZcEdUBnWe\">Das herausragende Merkmal des ATVS 120000 Z\u00fcge ist seine Lebensdauer von 120000 Z\u00fcgen \u2013 weit l\u00e4nger als die meisten Einweg-Vapes auf dem Markt. Das bedeutet, dass Sie es monatelang verwenden k\u00f6nnen, selbst bei t\u00e4glichem, h\u00e4ufigem Gebrauch, ohne den Aufwand, die Ger\u00e4te jede Woche zu ersetzen.<\/div>\n<h3 class=\"heading-3 ace-line old-record-id-SUqBfxepidgrEqcctDyccgDSn4d\">Akku &amp; E-Liquid: Un\u00fcbertroffene Ausdauer<\/h3>\n<div class=\"ace-line ace-line old-record-id-M7VsflM1SdT6kvcz1gPcs9DMnkb\">Angetrieben von einem 2500mAh 18650 Akku liefert es gleichm\u00e4\u00dfige Energie, um die massive Lebensdauer von 120000 Z\u00fcgen zu unterst\u00fctzen. Die Kapazit\u00e4t von 50ml E-Liquid passt perfekt zu dieser Ausdauer, sodass Sie nicht vor dem Akku leer wird, ohne Liquid dastehen. Es ist ein echtes \u201ceinrichten und vergessen\u201d-Ger\u00e4t f\u00fcr das t\u00e4gliche Dampfen.<\/div>\n<h4 class=\"heading-4 ace-line old-record-id-MFbWf2Yy4daOKQcCvF3cVPuonib\">Einzelne Dual-Mesh-Spule &amp; 0,2\u03a9 Widerstand<\/h4>\n<div class=\"ace-line ace-line old-record-id-GmtpfYLJpdNhcXcOSTOcskA4njc\">Es verwendet eine einzelne Dual-Mesh-Spule als sein zentrales Heizsystem, die E-Liquid gleichm\u00e4\u00dfig und effizient erhitzt. Der feste 0,2\u03a9 Widerstand erzeugt dichten, schweren Dampf und entfaltet den vollen Geschmack jeder Mischung, ohne harte Z\u00fcge oder verbrannte Noten. Es ist auf Dampfer zugeschnitten, die einen kr\u00e4ftigen, befriedigenden Zug lieben.<\/div>\n<h2 class=\"heading-2 ace-line old-record-id-VrlUfFYQfd9sUOcDagWc07sEn0d\">10 frische Geschm\u00e4cker: Einfach, authentisch &amp; angenehm<\/h2>\n<div class=\"ace-line ace-line old-record-id-KBFzfSqVwdohxKc6JeVckNnBnyh\">ATVS 120000 Z\u00fcge bietet 10 sorgf\u00e4ltig gestaltete Geschm\u00e4cker, die alle darauf ausgelegt sind, nat\u00fcrlich und erfrischend zu schmecken. Keine k\u00fcnstlichen Nachgeschm\u00e4cker, keine \u00fcberw\u00e4ltigenden Noten \u2013 nur reiner, angenehmer Geschmack, der vom ersten Zug bis zum 120000. konstant bleibt.<\/div>\n<h3 class=\"heading-3 ace-line old-record-id-EJwufuyMwdhHD0cNHqGchCp9nci\">Geschmacks-Highlights f\u00fcr jeden Geschmack<\/h3>\n<div class=\"ace-line ace-line old-record-id-V0TwfmclsdR1Mkcfkp7cCTUnnFh\">1.Zitronenminze<br \/>\n2.Doppelte \u00c4pfel<br \/>\n3.Lush Ice<br \/>\n4.Blaubeere Eis<br \/>\n5.Pfirsich Eis<br \/>\n6.Blaue Razz Limonade<br \/>\n7.Brombeere Eis<br \/>\n8.Traube Eis<br \/>\n9.Mango-Eis<br \/>\n10.Kirsche Eis<\/div>\n<h4 class=\"heading-4 ace-line old-record-id-TCvafvnlSdvGF5cKrsLcfpVVnoe\">Konsistenter Geschmack, keine Kompromisse<\/h4>\n<div class=\"ace-line ace-line old-record-id-MqY7fgPkRdjG4UcLox4ctiA3nqf\">Die einzelne Dual-Mesh-Spule sorgt daf\u00fcr, dass jeder Geschmack seinem Namen treu bleibt, ohne Verd\u00fcnnung oder H\u00e4rte. Ob Sie bei einem Favoriten bleiben oder zwischen Geschm\u00e4ckern wechseln, Sie erhalten jedes Mal das gleiche sanfte, befriedigende Erlebnis.<br \/>\n<img decoding=\"async\" class=\"alignnone wp-image-7405 size-full\" title=\"ATVS 120k Geschmacks\u00fcbersicht\" src=\"https:\/\/oiovape.com\/wp-content\/uploads\/2026\/03\/ATVS-120k-Flavors-List.jpg\" alt=\"ATVS 120k Geschmacks\u00fcbersicht\" width=\"1200\" height=\"1827\" srcset=\"https:\/\/oiovape.com\/wp-content\/uploads\/2026\/03\/ATVS-120k-Flavors-List.jpg 1200w, https:\/\/oiovape.com\/wp-content\/uploads\/2026\/03\/ATVS-120k-Flavors-List-197x300.jpg 197w, https:\/\/oiovape.com\/wp-content\/uploads\/2026\/03\/ATVS-120k-Flavors-List-673x1024.jpg 673w, https:\/\/oiovape.com\/wp-content\/uploads\/2026\/03\/ATVS-120k-Flavors-List-768x1169.jpg 768w, https:\/\/oiovape.com\/wp-content\/uploads\/2026\/03\/ATVS-120k-Flavors-List-1009x1536.jpg 1009w, https:\/\/oiovape.com\/wp-content\/uploads\/2026\/03\/ATVS-120k-Flavors-List-8x12.jpg 8w, https:\/\/oiovape.com\/wp-content\/uploads\/2026\/03\/ATVS-120k-Flavors-List-150x228.jpg 150w\" sizes=\"(max-width: 1200px) 100vw, 1200px\" \/><\/div>\n<h2 class=\"heading-2 ace-line old-record-id-YYdJfGbnsd9yY6ck8WJc7QBnnvf\">FAQ: Alles, was Sie \u00fcber ATVS 120000 Z\u00fcge wissen m\u00fcssen<\/h2>\n<div class=\"ace-line ace-line old-record-id-HDvifzvxNd5Vy6cpfRJc58Bhnhg\">Wir haben die h\u00e4ufigsten Fragen beantwortet, um Ihnen zu helfen, das Beste aus Ihrem ATVS 120000 Z\u00fcge herauszuholen. Diese praktischen Einblicke decken Leistung, Nutzung und Verpackung ab, damit Sie eine informierte Entscheidung treffen k\u00f6nnen.<\/div>\n<h3 class=\"heading-3 ace-line old-record-id-GNwKf38RMd7VgucOqnIczQJznKd\">H\u00e4ufige Fragen &amp; klare Antworten<\/h3>\n<div class=\"ace-line ace-line old-record-id-Y4nPfqcVidJA2DcJgSoclb73nRg\">F: Wie lange h\u00e4lt ein ATVS 120000 Z\u00fcge Ger\u00e4t?<br \/>\nA: Mit 120000 Z\u00fcgen kann es monatelang bei t\u00e4glichem Gebrauch halten \u2013 weit l\u00e4nger als Standard-Einwegprodukte. Das 50ml E-Liquid und der 2500mAh Akku arbeiten zusammen, um h\u00e4ufige Ersatzk\u00e4ufe zu vermeiden.<\/div>\n<div class=\"ace-line ace-line old-record-id-SNuQfDuNxdiRxkcEB75cXLr4nZb\">F: Ist der Dampf dick und befriedigend?<br \/>\nA: Ja, der 0,2\u03a9 Widerstand und die einzelne Dual-Mesh-Spule erzeugen dichten, schweren Dampf, der einen kr\u00e4ftigen Zug liefert. Es ist perfekt f\u00fcr Dampfer, die einen st\u00e4rkeren Zug bevorzugen.<\/div>\n<div class=\"ace-line ace-line old-record-id-LXSVfrmbTdZYoucI2vCcF9D7nVf\">F: Wie viele Geschm\u00e4cker bietet es an und sind sie authentisch?<br \/>\nA: Es hat 10 frische Geschm\u00e4cker, die alle so gestaltet sind, dass sie nat\u00fcrlich schmecken, ohne k\u00fcnstliche Nachgeschm\u00e4cker. Von minzig bis fruchtig bleibt jeder Geschmack w\u00e4hrend der gesamten Lebensdauer des Ger\u00e4ts konstant.<\/div>\n<\/div>\n<\/div>\n<\/div>\n<\/div>\n<\/div>\n<\/div>\n<\/div>\n<\/div>\n<\/div>\n<\/div>\n<\/div>\n<\/div>\n<\/div>\n<\/div>\n<\/div>\n<\/div>\n<\/div>\n<\/div>\n<\/div>\n<\/div>\n<\/div>\n<\/div>\n<\/div>\n<\/div>\n<\/div>\n<\/div>\n<\/div>\n<\/div>\n<\/div>\n<\/div>\n<\/div>\n<\/div>\n<\/div>\n<\/div>\n<\/div>\n<\/div>\n<\/div>\n<\/div>\n<\/div>\n<\/div>\n<\/div>\n<\/div>\n<\/div>\n<\/div>\n<\/div>\n<\/div>\n<\/div>\n<\/div>\n<\/div>\n<\/div>\n<\/div>\n<\/div>\n<\/div>\n<\/div>\n<\/div>\n<\/div>\n<\/div>\n<\/div>\n<\/div>\n<\/div>\n<\/div>\n<\/div>\n<\/div>\n<\/div>\n<\/div>\n<\/div>\n<\/div>\n<\/div>\n<\/div>\n<\/div>\n<\/div>\n<\/div>\n<\/div>\n<\/div>\n<\/div>\n<\/div>\n<\/div>\n<\/div>\n<\/div>\n<\/div>\n<\/div>\n<\/div>\n<\/div>\n<\/div>\n<\/div>\n<\/div>\n<\/div>\n<\/div>\n<\/div>\n<\/div>\n<\/div>\n<\/div>\n<\/div>\n<\/div>\n<\/div>\n<\/div>\n<\/div>\n<\/div>\n<\/div>\n<\/div>","protected":false},"excerpt":{"rendered":"<div data-page-id=\"RAopf2sw9dtvw4cWYXpcTwo0n8g\" data-lark-html-role=\"root\" data-docx-has-block-data=\"false\">\n<div class=\"ace-line ace-line old-record-id-Uju9f3RXYd8dh2crAJbcBF3Un6M\">\n<div data-page-id=\"Dd8gfe2wRdT66jcgnqtcUwg5ndh\" data-lark-html-role=\"root\" data-docx-has-block-data=\"false\">\n<div class=\"ace-line ace-line old-record-id-FiRZf3qXpdK0RqcHt8wcxPTon8b\">ATVS 120000 Z\u00fcge ist ein langlebiges Einweg-Vape mit 120000 Z\u00fcgen, 50ml E-Liquid und einer einzelnen Dual-Mesh-Spule. Es hat einen 2500mAh 18650 Akku, 0,2\u03a9 Widerstand, 10 Geschm\u00e4cker, eine 72<em>150<\/em>72mm Gr\u00f6\u00dfe und 4-teilige Boxen mit einer \u00e4u\u00dferen Verpackung von 146*146*150mm.<\/div>\n<\/div>\n<\/div>\n<\/div>","protected":false},"featured_media":7407,"comment_status":"open","ping_status":"closed","template":"","meta":{"_acf_changed":false,"inline_featured_image":false,"_sitemap_exclude":false,"_sitemap_priority":"","_sitemap_frequency":""},"product_brand":[375],"product_cat":[374,239,241],"product_tag":[],"class_list":{"0":"post-7395","1":"product","2":"type-product","3":"status-publish","4":"has-post-thumbnail","6":"product_brand-atvs","7":"product_cat-atvs","8":"product_cat-disposable-vape-collection","9":"product_cat-120k-puff","11":"first","12":"instock","13":"sale","14":"shipping-taxable","15":"purchasable","16":"product-type-variable","17":"has-default-attributes"},"acf":[],"tiered_pricing_type":"fixed","tiered_pricing_fixed_rules":{"30":16.76,"60":16.28,"100":15.52,"200":14.99},"tiered_pricing_product_settings":{"layout":"default","base_unit_name":{"singular":null,"plural":null},"default_variation":null},"tiered_pricing_minimum_quantity":10,"tiered_pricing_roles_data":[],"tiered_pricing_percentage_rules":[],"tiered_pricing_maximum_quantity":null,"tiered_pricing_quantity_step":"10","_links":{"self":[{"href":"https:\/\/oiovape.com\/de\/wp-json\/wp\/v2\/product\/7395","targetHints":{"allow":["GET"]}}],"collection":[{"href":"https:\/\/oiovape.com\/de\/wp-json\/wp\/v2\/product"}],"about":[{"href":"https:\/\/oiovape.com\/de\/wp-json\/wp\/v2\/types\/product"}],"replies":[{"embeddable":true,"href":"https:\/\/oiovape.com\/de\/wp-json\/wp\/v2\/comments?post=7395"}],"version-history":[{"count":0,"href":"https:\/\/oiovape.com\/de\/wp-json\/wp\/v2\/product\/7395\/revisions"}],"wp:featuredmedia":[{"embeddable":true,"href":"https:\/\/oiovape.com\/de\/wp-json\/wp\/v2\/media\/7407"}],"wp:attachment":[{"href":"https:\/\/oiovape.com\/de\/wp-json\/wp\/v2\/media?parent=7395"}],"wp:term":[{"taxonomy":"product_brand","embeddable":true,"href":"https:\/\/oiovape.com\/de\/wp-json\/wp\/v2\/product_brand?post=7395"},{"taxonomy":"product_cat","embeddable":true,"href":"https:\/\/oiovape.com\/de\/wp-json\/wp\/v2\/product_cat?post=7395"},{"taxonomy":"product_tag","embeddable":true,"href":"https:\/\/oiovape.com\/de\/wp-json\/wp\/v2\/product_tag?post=7395"}],"curies":[{"name":"wp","href":"https:\/\/api.w.org\/{rel}","templated":true}]}}