{"id":7546,"date":"2026-03-06T09:17:57","date_gmt":"2026-03-06T01:17:57","guid":{"rendered":"https:\/\/oiovape.com\/?post_type=product&#038;p=7546"},"modified":"2026-03-06T09:44:56","modified_gmt":"2026-03-06T01:44:56","slug":"vapsolo-triple-30000-puffs","status":"publish","type":"product","link":"https:\/\/oiovape.com\/de\/product\/vapsolo-triple-30000-puffs\/","title":{"rendered":"Vapsolo Triple 30000 PUFFS 2% 5% Nikotin Smart Display Einweg-E-Zigarette"},"content":{"rendered":"<div data-page-id=\"ZVeMfq8uxd7y1ycuKm5cym4LnYd\" data-lark-html-role=\"root\" data-docx-has-block-data=\"false\">\n<div data-page-id=\"Fd41fZ5N9dzRQtcRNoVc2FuDnCh\" data-lark-html-role=\"root\" data-docx-has-block-data=\"true\">\n<div data-page-id=\"BdIJfeeijdk1eucGpS8cDCBBn5c\" data-lark-html-role=\"root\" data-docx-has-block-data=\"false\">\n<div data-page-id=\"Zbg9fWx77dUuh2cIYpic25c8nyd\" data-lark-html-role=\"root\" data-docx-has-block-data=\"false\">\n<div data-page-id=\"KaIvfiurhdlCKdc0kyxcX64cnE6\" data-lark-html-role=\"root\" data-docx-has-block-data=\"true\">\n<div data-page-id=\"PbvFfqxqlddUTScRpEYcY5MHnpf\" data-lark-html-role=\"root\" data-docx-has-block-data=\"true\">\n<div data-page-id=\"GZO2f5JeudwY4jc9iJtcdk9Hnxh\" data-lark-html-role=\"root\" data-docx-has-block-data=\"false\">\n<div data-page-id=\"EZVRf2acFduXLGcseZFc4qH2n6e\" data-lark-html-role=\"root\" data-docx-has-block-data=\"false\">\n<div data-page-id=\"B8rHfcqlqdzmH5cCWCncz17Cntb\" data-lark-html-role=\"root\" data-docx-has-block-data=\"false\">\n<div data-page-id=\"B8rHfcqlqdzmH5cCWCncz17Cntb\" data-lark-html-role=\"root\" data-docx-has-block-data=\"false\">\n<div data-page-id=\"B8rHfcqlqdzmH5cCWCncz17Cntb\" data-lark-html-role=\"root\" data-docx-has-block-data=\"true\">\n<div data-page-id=\"HM70f1aoxdD0bMcxJZBcVc7ynZd\" data-lark-html-role=\"root\" data-docx-has-block-data=\"false\">\n<div data-page-id=\"NSrJfN7Ord22i0c1iwZcsF8yn8b\" data-lark-html-role=\"root\" data-docx-has-block-data=\"false\">\n<div data-page-id=\"RXEff4Mskds8o1cqL5HcGEtUnCh\" data-lark-html-role=\"root\" data-docx-has-block-data=\"false\">\n<div data-page-id=\"KJ7gfqkVndMSRJcMseScmvYwnTc\" data-lark-html-role=\"root\" data-docx-has-block-data=\"false\">\n<div class=\"ace-line ace-line old-record-id-QADAfETPudgmudc05YvcTO5fnxe\">\n<div data-page-id=\"KJ7gfqkVndMSRJcMseScmvYwnTc\" data-lark-html-role=\"root\" data-docx-has-block-data=\"false\">\n<div class=\"ace-line ace-line old-record-id-JoRkfpho8dOkiacEOascDyCOncb\">\n<div data-page-id=\"KJ7gfqkVndMSRJcMseScmvYwnTc\" data-lark-html-role=\"root\" data-docx-has-block-data=\"false\">\n<div data-page-id=\"Ju6ofQ3V4dGmePcVvJvc1gmcnZb\" data-lark-html-role=\"root\" data-docx-has-block-data=\"true\">\n<div data-page-id=\"PR9ife5PLdFabccbFgZcWgZOnTc\" data-lark-html-role=\"root\" data-docx-has-block-data=\"false\">\n<div data-page-id=\"INdrfOIGzdaenXcptrcc1BcznQc\" data-lark-html-role=\"root\" data-docx-has-block-data=\"false\">\n<div class=\"ace-line ace-line old-record-id-P0fIf4YaZdoGkbcxt5ackec2nnb\">\n<div data-page-id=\"INdrfOIGzdaenXcptrcc1BcznQc\" data-lark-html-role=\"root\" data-docx-has-block-data=\"false\">\n<div data-page-id=\"MAzCfUB73dMTQscm8eWcougVn1g\" data-lark-html-role=\"root\" data-docx-has-block-data=\"true\">\n<div data-page-id=\"AXfpf7H1odhDvGcKoUOcErN8nV7\" data-lark-html-role=\"root\" data-docx-has-block-data=\"false\">\n<div data-page-id=\"QYTKf5PvLdUNdbce2nBcW9yfnrh\" data-lark-html-role=\"root\" data-docx-has-block-data=\"false\">\n<div data-page-id=\"Pvu1f1CCBdxbjncA9pgcBTpanph\" data-lark-html-role=\"root\" data-docx-has-block-data=\"true\">\n<div data-page-id=\"Axf3fcmY8dDAhtcjVircBcphnPc\" data-lark-html-role=\"root\" data-docx-has-block-data=\"false\">\n<div data-page-id=\"KKj1f9SPmdLhhMc5E2AcNlLen6f\" data-lark-html-role=\"root\" data-docx-has-block-data=\"true\">\n<div data-page-id=\"Rx61fK1sJdXHjPcBuhZcweNhnwc\" data-lark-html-role=\"root\" data-docx-has-block-data=\"false\">\n<div data-page-id=\"L1H9fkG9Mdz45Fcy4WMc5VKXnRe\" data-lark-html-role=\"root\" data-docx-has-block-data=\"false\">\n<div data-page-id=\"L1H9fkG9Mdz45Fcy4WMc5VKXnRe\" data-lark-html-role=\"root\" data-docx-has-block-data=\"false\">\n<div data-page-id=\"D4XLfVBVrdE8mrcaYizczklLnaf\" data-lark-html-role=\"root\" data-docx-has-block-data=\"false\">\n<div data-page-id=\"WVcifIY44d5mhMcXtyEcTsfenGd\" data-lark-html-role=\"root\" data-docx-has-block-data=\"true\">\n<div data-page-id=\"LRknfa6Whd4DWCcUc0FcNKpJnyh\" data-lark-html-role=\"root\" data-docx-has-block-data=\"false\">\n<div data-page-id=\"LRknfa6Whd4DWCcUc0FcNKpJnyh\" data-lark-html-role=\"root\" data-docx-has-block-data=\"false\">\n<div data-page-id=\"XFRAfkcOEdRWh8cArQ2cJdyRnJf\" data-lark-html-role=\"root\" data-docx-has-block-data=\"true\">\n<div data-page-id=\"OQ3bfjnRddMTDGcC3ouc6xFKnWf\" data-lark-html-role=\"root\" data-docx-has-block-data=\"true\">\n<div data-page-id=\"J0iGfj1hEdjc4rcUdSmc4spMnmZ\" data-lark-html-role=\"root\" data-docx-has-block-data=\"false\">\n<div data-page-id=\"P1o7fFyNlduP8tcfZpQcagzbnIf\" data-lark-html-role=\"root\" data-docx-has-block-data=\"false\">\n<div class=\"ace-line ace-line old-record-id-P1o7fFyNlduP8tcfZpQcagzbnIf\">\n<div data-page-id=\"P1o7fFyNlduP8tcfZpQcagzbnIf\" data-lark-html-role=\"root\" data-docx-has-block-data=\"false\">\n<div data-page-id=\"U4iufW38SdttWKcTstMcTtHRnXc\" data-lark-html-role=\"root\" data-docx-has-block-data=\"true\">\n<div data-page-id=\"ONVMf7VTWddcFtcyATOchCJHnZb\" data-lark-html-role=\"root\" data-docx-has-block-data=\"true\">\n<div data-page-id=\"KoW2fSy0PdLHFlc5kSHcgvWMnYg\" data-lark-html-role=\"root\" data-docx-has-block-data=\"false\">\n<div data-page-id=\"KoW2fSy0PdLHFlc5kSHcgvWMnYg\" data-lark-html-role=\"root\" data-docx-has-block-data=\"false\">\n<div data-page-id=\"OLGhfzxC7d7EFIcLEj9cRT5ynZf\" data-lark-html-role=\"root\" data-docx-has-block-data=\"false\">\n<div data-page-id=\"DdnnfrLjzdqrFIc9Il9c7pA2noc\" data-lark-html-role=\"root\" data-docx-has-block-data=\"true\">\n<div data-page-id=\"KNzcf2o0oddkJOcztTVcqPdlnth\" data-lark-html-role=\"root\" data-docx-has-block-data=\"false\">\n<div data-page-id=\"LBU7fg5SEdkWhecGJoxca3xvnCe\" data-lark-html-role=\"root\" data-docx-has-block-data=\"false\">\n<div data-page-id=\"EB70fooS3d69bMcgWB7c5qb9n8g\" data-lark-html-role=\"root\" data-docx-has-block-data=\"false\">\n<div data-page-id=\"AogwfsZCadB6t0cAvF0cK4JLnvf\" data-lark-html-role=\"root\" data-docx-has-block-data=\"false\">\n<div data-page-id=\"AogwfsZCadB6t0cAvF0cK4JLnvf\" data-lark-html-role=\"root\" data-docx-has-block-data=\"false\">\n<div data-page-id=\"JMZIflNGddQuU0c5JZocSqlvnle\" data-lark-html-role=\"root\" data-docx-has-block-data=\"false\">\n<div data-page-id=\"JMZIflNGddQuU0c5JZocSqlvnle\" data-lark-html-role=\"root\" data-docx-has-block-data=\"true\">\n<div data-page-id=\"HtEafjjRIdPAlMc9zgYcsGy6nOe\" data-lark-html-role=\"root\" data-docx-has-block-data=\"false\">\n<div data-page-id=\"Rhnafz0WTdDeT9c43xxczsbVnJo\" data-lark-html-role=\"root\" data-docx-has-block-data=\"false\">\n<div data-page-id=\"WY0CfKdcTdf4hVcZl67ct5LGncf\" data-lark-html-role=\"root\" data-docx-has-block-data=\"true\">\n<div data-page-id=\"MkB5fF4AVdchovcoPEpc7LqvnOd\" data-lark-html-role=\"root\" data-docx-has-block-data=\"true\">\n<div data-page-id=\"MfbjfZhbhdJdA8cH1dAckqF0n6g\" data-lark-html-role=\"root\" data-docx-has-block-data=\"false\">\n<div class=\"ace-line ace-line old-record-id-W2AHfJLnjd7ugjcRLs1c8BdhnNh\">\n<div data-page-id=\"MfbjfZhbhdJdA8cH1dAckqF0n6g\" data-lark-html-role=\"root\" data-docx-has-block-data=\"false\">\n<div class=\"old-record-id-XXd1feeCZdR2hJc6evocxnh1nOg\">\n<div data-page-id=\"MfbjfZhbhdJdA8cH1dAckqF0n6g\" data-lark-html-role=\"root\" data-docx-has-block-data=\"false\">\n<div data-page-id=\"DE51fYUmxdT3ekcHzc3cGrVQnsc\" data-lark-html-role=\"root\" data-docx-has-block-data=\"false\">\n<div data-page-id=\"YSKdfaZ08dRej3ci5CccQBuOncc\" data-lark-html-role=\"root\" data-docx-has-block-data=\"true\">\n<div data-page-id=\"K6mofQmledamEFcgp1EcVobmnYd\" data-lark-html-role=\"root\" data-docx-has-block-data=\"false\">\n<div data-page-id=\"VTgsfVLdCd9q1ucYcwRcCM0Hnof\" data-lark-html-role=\"root\" data-docx-has-block-data=\"true\">\n<div data-page-id=\"WucKfzp8RdNy8rcMJHncz4Knnac\" data-lark-html-role=\"root\" data-docx-has-block-data=\"true\">\n<div data-page-id=\"IfZ9fDIBLd9b9hcJiqGcLw9Pnmh\" data-lark-html-role=\"root\" data-docx-has-block-data=\"false\">\n<div data-page-id=\"JeU6f3Yq5dbdEHcZDptc5ikcn5c\" data-lark-html-role=\"root\" data-docx-has-block-data=\"true\">\n<div data-page-id=\"E1YjfnB4Jdmtsfc2ZObcu04Un6c\" data-lark-html-role=\"root\" data-docx-has-block-data=\"false\">\n<div data-page-id=\"RQVEfdiOzdqTQKcRcnxcG0Y7nce\" data-lark-html-role=\"root\" data-docx-has-block-data=\"true\">\n<div data-page-id=\"NKc7fbZi9dnOXocdHcScVsXdnmh\" data-lark-html-role=\"root\" data-docx-has-block-data=\"false\">\n<div data-page-id=\"DaE3fgNEwdnbQVc62iqcBK4lnte\" data-lark-html-role=\"root\" data-docx-has-block-data=\"false\">\n<div data-page-id=\"DaE3fgNEwdnbQVc62iqcBK4lnte\" data-lark-html-role=\"root\" data-docx-has-block-data=\"false\">\n<div data-page-id=\"NqSRfcp5SdFQ6ucdStXcbvManpc\" data-lark-html-role=\"root\" data-docx-has-block-data=\"false\">\n<div data-page-id=\"KydBfoEuudJNYhcgRdAc3aeUn7c\" data-lark-html-role=\"root\" data-docx-has-block-data=\"true\">\n<div data-page-id=\"SIqXfR5ipd7jWpczA5RcYkWInfd\" data-lark-html-role=\"root\" data-docx-has-block-data=\"false\">\n<div data-page-id=\"Y06XfUzydd0aVicBtPKcZlS8nJf\" data-lark-html-role=\"root\" data-docx-has-block-data=\"true\">\n<div data-page-id=\"E2ZvfNrVNdEHKickexPcvdXVnrc\" data-lark-html-role=\"root\" data-docx-has-block-data=\"false\">\n<div data-page-id=\"DqGzfq5S4d9GdAcOQVIcIdPhn2c\" data-lark-html-role=\"root\" data-docx-has-block-data=\"false\">\n<div data-page-id=\"HsKcfE4WLdET7ScRm72cTZ96nPb\" data-lark-html-role=\"root\" data-docx-has-block-data=\"false\">\n<div data-page-id=\"MvWFfuF4Edx69KcRSmmcvS2LndG\" data-lark-html-role=\"root\" data-docx-has-block-data=\"true\">\n<div data-page-id=\"BSNMfUsMXd3XFscNxbDcufC2nEg\" data-lark-html-role=\"root\" data-docx-has-block-data=\"false\">\n<div data-page-id=\"Rr0Mfry1adQB66cMkYGcCmoWnKe\" data-lark-html-role=\"root\" data-docx-has-block-data=\"true\">\n<div data-page-id=\"A7fMfxJhydfxJUc6VX9cVvDKnpd\" data-lark-html-role=\"root\" data-docx-has-block-data=\"false\">\n<div data-page-id=\"A7fMfxJhydfxJUc6VX9cVvDKnpd\" data-lark-html-role=\"root\" data-docx-has-block-data=\"false\">\n<div data-page-id=\"WbzgfFBuTduiBjc6rORciNrNnlf\" data-lark-html-role=\"root\" data-docx-has-block-data=\"false\">\n<div data-page-id=\"R0Rzf8rQUdoB9hcxkiqc9kKHnk2\" data-lark-html-role=\"root\" data-docx-has-block-data=\"true\">\n<div data-page-id=\"ZwXFfRomCdt9G4cs33scepfHnoe\" data-lark-html-role=\"root\" data-docx-has-block-data=\"false\">\n<div data-page-id=\"UFFTffnWTdbuv3coRhBc3zxBnMf\" data-lark-html-role=\"root\" data-docx-has-block-data=\"true\">\n<div data-page-id=\"FV0FfDT4ZdfJZoc4SMccT5Rjndf\" data-lark-html-role=\"root\" data-docx-has-block-data=\"false\">\n<div data-page-id=\"QfqMfQ3H3dBjAycBmxFct9R0nOd\" data-lark-html-role=\"root\" data-docx-has-block-data=\"false\">\n<div data-page-id=\"DXwcf38JSdYoRnczvWycOLbJnKg\" data-lark-html-role=\"root\" data-docx-has-block-data=\"false\">\n<div data-page-id=\"ERF5fOYoJdJoKBcJe3dczeiRnhb\" data-lark-html-role=\"root\" data-docx-has-block-data=\"false\">\n<div data-page-id=\"Xz9kf6dXYdrSpeczDiscWevtn5g\" data-lark-html-role=\"root\" data-docx-has-block-data=\"false\">\n<div data-page-id=\"NXFofecridPG1Kco9gVcxXiEnGf\" data-lark-html-role=\"root\" data-docx-has-block-data=\"false\">\n<div data-page-id=\"EFevfzjvkdlSPEcTWBIc7eVvnog\" data-lark-html-role=\"root\" data-docx-has-block-data=\"false\">\n<div data-page-id=\"M7PifBvbPdUAXlc1ga1ceAEFnrc\" data-lark-html-role=\"root\" data-docx-has-block-data=\"false\">\n<div data-page-id=\"Xk47fsExQdGT3dcRYNzcCeZ0nYb\" data-lark-html-role=\"root\" data-docx-has-block-data=\"false\">\n<div data-page-id=\"OUXufVxtNdzLz9cI8Ijchmyfnrg\" data-lark-html-role=\"root\" data-docx-has-block-data=\"false\">\n<div data-page-id=\"XAtVfnKQidPyc6cF1jhc2z2AnZ1\" data-lark-html-role=\"root\" data-docx-has-block-data=\"false\">\n<h2 class=\"ace-line ace-line old-record-id-XAtVfnKQidPyc6cF1jhc2z2AnZ1\">Vapsolo Triple 30000 Z\u00fcge \u2013 Produktmerkmale<\/h2>\n<div class=\"ace-line ace-line old-record-id-Ld2CfksSfdO2MRclIHBc672wnhF\">Vapsolo Triple 30000 Z\u00fcge hebt das Einweg-Vaping mit seinem innovativen Dreifachgeschmack-Konzept auf ein neues Level. Es bietet 15 sorgf\u00e4ltig zusammengestellte Dreifachgeschmack-Mischungen, mit 10 Optionen, die unterschiedlichen Geschm\u00e4ckern gerecht werden, kombiniert mit drei 1.0\u03a9 Mesh-Coils, 36ml E-Liquid und einer Lebensdauer von 30000 Z\u00fcgen, die langanhaltenden Genuss bietet.<\/div>\n<div class=\"ace-line ace-line old-record-id-RVqcfzVqidIuLpcCf3CcGTk3nAh\">Es vereint Praktikabilit\u00e4t und Leistung, ausgestattet mit einer 650mAh Batterie mit Type-C-Ladung, 4 Arten von Luftstrom und einem LCD-Display. Es wurde f\u00fcr eine einfache Handhabung entwickelt und richtet sich sowohl an Gelegenheits- als auch an regelm\u00e4\u00dfige Dampfer und bietet geschichtete Geschmackserlebnisse ohne unn\u00f6tige Komplexit\u00e4t.<\/div>\n<h2 class=\"heading-2 ace-line old-record-id-AxQzfvTwJdSFjPcB02Sc4qkknqf\">Dreifachgeschmack-Mischungen: Geschichteter Geschmack in jedem Zug<\/h2>\n<div class=\"ace-line ace-line old-record-id-XdUhf46j5d9ZGscnHP7cBraDnzZ\">Das gr\u00f6\u00dfte Highlight des Vapsolo Triple 30000 Z\u00fcge sind seine Dreifachgeschmack-Mischungen \u2013 jede kombiniert drei komplement\u00e4re Geschm\u00e4cker, um reiche, geschichtete Erfahrungen zu schaffen, die Einwegprodukte mit einem oder zwei Geschm\u00e4ckern nicht erreichen k\u00f6nnen. Jede Mischung balanciert ihre drei Komponenten perfekt, sodass kein Geschmack die anderen \u00fcberlagert.<br \/>\n<img decoding=\"async\" class=\"alignnone wp-image-7548 size-full\" title=\"Vapsolo Triple 30k Geschm\u00e4cker\" src=\"https:\/\/oiovape.com\/wp-content\/uploads\/2026\/03\/Vapsolo-Triple-30k-Flavors.jpg\" alt=\"Vapsolo Triple 30k Geschm\u00e4cker\" width=\"1500\" height=\"1500\" srcset=\"https:\/\/oiovape.com\/wp-content\/uploads\/2026\/03\/Vapsolo-Triple-30k-Flavors.jpg 1500w, https:\/\/oiovape.com\/wp-content\/uploads\/2026\/03\/Vapsolo-Triple-30k-Flavors-300x300.jpg 300w, https:\/\/oiovape.com\/wp-content\/uploads\/2026\/03\/Vapsolo-Triple-30k-Flavors-1024x1024.jpg 1024w, https:\/\/oiovape.com\/wp-content\/uploads\/2026\/03\/Vapsolo-Triple-30k-Flavors-150x150.jpg 150w, https:\/\/oiovape.com\/wp-content\/uploads\/2026\/03\/Vapsolo-Triple-30k-Flavors-768x768.jpg 768w, https:\/\/oiovape.com\/wp-content\/uploads\/2026\/03\/Vapsolo-Triple-30k-Flavors-12x12.jpg 12w, https:\/\/oiovape.com\/wp-content\/uploads\/2026\/03\/Vapsolo-Triple-30k-Flavors-600x600.jpg 600w, https:\/\/oiovape.com\/wp-content\/uploads\/2026\/03\/Vapsolo-Triple-30k-Flavors-1200x1200.jpg 1200w\" sizes=\"(max-width: 1500px) 100vw, 1500px\" \/><\/p>\n<\/div>\n<h3 class=\"heading-3 ace-line old-record-id-KwKYfTztqdAKFLcaEPJcjDiunvf\">10 ausw\u00e4hlbare Mischungen f\u00fcr unterschiedliche Vorlieben<\/h3>\n<div class=\"ace-line ace-line old-record-id-HmFLfOwkGdWE3LcCcQ8cYiefnMd\">1. Wassermelone Eis &amp; Red Bull &amp; Erdbeere Kiwi<br \/>\n2. Zitrone Limette &amp; Erdbeere Wassermelone &amp; Blaubeere Eis<br \/>\n3. Erdbeere Banane &amp; Himbeere Wassermelone &amp; Zitrone Limette<br \/>\n4. Erdbeere Kiwi &amp; Liebe 66 &amp; Kirsch Cola<br \/>\n5. Tropische Fr\u00fcchte &amp; Erdbeere Wassermelone &amp; Pfirsich Zitrone<br \/>\n6. Ananas Kokosnuss &amp; Erdbeere Banane &amp; Blaue Razz<br \/>\n7. Erdbeere Himbeere &amp; Kirsch Beere &amp; Traube Minze<br \/>\n8. Himbeere Wassermelone &amp; Mango Pfirsich &amp; Erdbeere Kiwi<br \/>\n9. Erdbeere Vanille Cola &amp; Blaubeere Himbeere &amp; Zitrone Limette<br \/>\n10. Wassermelone Eis &amp; Erdbeere Eiscreme &amp; Dreifach Melone<br \/>\n11. Kiwi Passionsfrucht &amp; Liebe 66 &amp; Vanille<br \/>\n12. Pfirsich Eis &amp; Drachenfrucht Eis &amp; Mischfrucht<br \/>\n13. Pfirsich Beere &amp; Schwarzes Eis &amp; Erdbeere Vanille Cola<\/div>\n<div class=\"ace-line ace-line old-record-id-HmFLfOwkGdWE3LcCcQ8cYiefnMd\">14. Blaubeere Himbeere &amp; Erdbeere Mango &amp; Zitronen Cola<br \/>\n15. Schwarze Johannisbeere Eis &amp; Pink Lemonade &amp; Kiwi Passionsfrucht Guave<\/div>\n<h4 class=\"heading-4 ace-line old-record-id-GFicfcd7BdQndEcMN78cIgUDnrc\">Drei 1.0\u03a9 Mesh-Coils f\u00fcr authentischen Geschmack<\/h4>\n<div class=\"ace-line ace-line old-record-id-FP4zftdqWdlBKVc6icIc4CfhnNf\">Das Ger\u00e4t verwendet drei 1.0\u03a9 Mesh-Coils, um das volle Potenzial jeder Dreifachgeschmack-Mischung auszusch\u00f6pfen. Diese Coils erhitzen das E-Liquid gleichm\u00e4\u00dfig und effizient, sodass alle drei Geschm\u00e4cker in jedem Zug zur Geltung kommen. Sie beseitigen Sch\u00e4rfe und verbrannte Noten und liefern einen glatten, konsistenten Geschmack vom ersten Zug bis zum 30000.<\/div>\n<h2 class=\"heading-2 ace-line old-record-id-MFyHfWQFLdlCeccwu7PcowYonWb\">Vollst\u00e4ndige Leistung: Praktisch &amp; Zuverl\u00e4ssig<\/h2>\n<div class=\"ace-line ace-line old-record-id-F20qfeMWwdE9ZnckeI8cCRRKnMz\">Vapsolo Triple 30000 Z\u00fcge \u00fcberzeugt nicht nur im Geschmack \u2013 es bietet praktische Funktionen, die das Dampferlebnis verbessern. Von einstellbarem Luftstrom bis hin zu einem wiederaufladbaren Akku und LCD-Display wurde es benutzerfreundlich und vielseitig gestaltet.<\/div>\n<h3 class=\"heading-3 ace-line old-record-id-BIvZf1PeRdHogbc4z61cyTizn4q\">Akku, Laden &amp; LCD-Display<\/h3>\n<div class=\"ace-line ace-line old-record-id-JV49fweYldf3odcHEBmcDNWEnGd\">Angetrieben von einem 650mAh Akku unterst\u00fctzt es die Lebensdauer von 30000 Z\u00fcgen und kombiniert sich mit Type-C-Ladung f\u00fcr schnelle, bequeme Nachf\u00fcllungen. Das LCD-Display informiert Sie \u00fcber die Akkulaufzeit, den E-Liquid-Stand und den Nutzungsstatus, sodass Sie nie unerwartet ohne Strom oder Liquid dastehen.<\/div>\n<h4 class=\"heading-4 ace-line old-record-id-OpycfWjqBdjqZbc3XjCcnoSYnEe\">4 Arten von Luftstrom f\u00fcr personalisierte Z\u00fcge<\/h4>\n<div class=\"ace-line ace-line old-record-id-YckKfQelxdYO9UcrFLecNLCIndb\">Mit 4 Arten von Luftstrom k\u00f6nnen Sie Ihren Zug an Ihre Vorlieben anpassen \u2013 eng f\u00fcr einen kr\u00e4ftigen Zug, locker f\u00fcr ein sanfteres, luftigeres Erlebnis. Diese Flexibilit\u00e4t erm\u00f6glicht es Ihnen, das Ger\u00e4t an verschiedene Dreifachgeschmack-Mischungen anzupassen und maximalen Komfort und Zufriedenheit bei jedem Zug zu gew\u00e4hrleisten.<\/div>\n<h2 class=\"heading-2 ace-line old-record-id-RTusfvYJMdGuWxcEfKqcm6X7n9f\">E-Liquid &amp; Praktische Verpackung<\/h2>\n<div class=\"ace-line ace-line old-record-id-MjC1fkUcpdKq4sc9oEgcvHCAnIe\">Das Ger\u00e4t wird mit 36ml E-Liquid geliefert, erh\u00e4ltlich in den Nikotinst\u00e4rken 2% und 5%, um unterschiedlichen Nikotinvorlieben gerecht zu werden. Die Verpackung ist sowohl f\u00fcr den pers\u00f6nlichen Gebrauch als auch f\u00fcr die Pr\u00e4sentation konzipiert, mit 10 St\u00fcck pro Verkaufsdisplay \u2013 perfekt f\u00fcr den Einzelhandel oder die pers\u00f6nliche Lagerung.<\/div>\n<h3 class=\"heading-3 ace-line old-record-id-WU82feAJrd9NHRcZt01cK0pmnxe\">Verpackung f\u00fcr Bequemlichkeit gestaltet<\/h3>\n<div class=\"ace-line ace-line old-record-id-W4RJfHL4pd9KtRcBwqYcsU0unXd\">Jede Verkaufsbox enth\u00e4lt 10 Ger\u00e4te, was die Pr\u00e4sentation und Lagerung erleichtert. Das kompakte Design jedes Ger\u00e4ts sorgt f\u00fcr Portabilit\u00e4t, w\u00e4hrend das Layout der Verkaufsbox die Organisation vereinfacht \u2013 egal, ob Sie ein Regal auff\u00fcllen oder einige f\u00fcr den pers\u00f6nlichen Gebrauch bereithalten.<\/div>\n<h2 class=\"heading-2 ace-line old-record-id-Qstvf72KadZVdLcmN7Wc4S8Ench\">Warum Vapsolo Triple 30000 Z\u00fcge w\u00e4hlen?<\/h2>\n<div class=\"ace-line ace-line old-record-id-ZP8OffWpmd512hcVcuzcql0DnLk\">Es hebt sich durch sein einzigartiges Dreifachgeschmack-Konzept hervor, das geschichtete Geschmackserlebnisse bietet, die \u00fcber Standard-Einweg-Vapes hinausgehen. Die drei 1.0\u03a9 Mesh-Coils gew\u00e4hrleisten eine authentische Geschmacksabgabe, w\u00e4hrend die umfassenden Funktionen \u2013 von Type-C-Ladung bis LCD-Display \u2013 zus\u00e4tzlichen Komfort bieten.<\/div>\n<div class=\"ace-line ace-line old-record-id-FpwPfoAL9d9nHscd2xncRaGEnLb\">Mit 30000 Z\u00fcgen, 36ml E-Liquid, 4 Arten von Luftstrom und 10 ausw\u00e4hlbaren Mischungen ist es eine vielseitige Wahl f\u00fcr alle Dampfer. Egal, ob Sie komplexe Geschm\u00e4cker erkunden oder Praktikabilit\u00e4t und Konsistenz sch\u00e4tzen, dieses Ger\u00e4t erf\u00fcllt alle Anforderungen.<\/div>\n<\/div>\n<\/div>\n<\/div>\n<\/div>\n<\/div>\n<\/div>\n<\/div>\n<\/div>\n<\/div>\n<\/div>\n<\/div>\n<\/div>\n<\/div>\n<\/div>\n<\/div>\n<\/div>\n<\/div>\n<\/div>\n<\/div>\n<\/div>\n<\/div>\n<\/div>\n<\/div>\n<\/div>\n<\/div>\n<\/div>\n<\/div>\n<\/div>\n<\/div>\n<\/div>\n<\/div>\n<\/div>\n<\/div>\n<\/div>\n<\/div>\n<\/div>\n<\/div>\n<\/div>\n<\/div>\n<\/div>\n<\/div>\n<\/div>\n<\/div>\n<\/div>\n<\/div>\n<\/div>\n<\/div>\n<\/div>\n<\/div>\n<\/div>\n<\/div>\n<\/div>\n<\/div>\n<\/div>\n<\/div>\n<\/div>\n<\/div>\n<\/div>\n<\/div>\n<\/div>\n<\/div>\n<\/div>\n<\/div>\n<\/div>\n<\/div>\n<\/div>\n<\/div>\n<\/div>\n<\/div>\n<\/div>\n<\/div>\n<\/div>\n<\/div>\n<\/div>\n<\/div>\n<\/div>\n<\/div>\n<\/div>\n<\/div>\n<\/div>\n<\/div>\n<\/div>\n<\/div>\n<\/div>\n<\/div>\n<\/div>\n<\/div>\n<\/div>\n<\/div>\n<\/div>\n<\/div>\n<\/div>\n<\/div>\n<\/div>\n<\/div>\n<\/div>\n<\/div>\n<\/div>\n<\/div>\n<\/div>\n<\/div>\n<\/div>\n<\/div>\n<\/div>","protected":false},"excerpt":{"rendered":"<div data-page-id=\"RAopf2sw9dtvw4cWYXpcTwo0n8g\" data-lark-html-role=\"root\" data-docx-has-block-data=\"false\">\n<div class=\"ace-line ace-line old-record-id-Uju9f3RXYd8dh2crAJbcBF3Un6M\">\n<div data-page-id=\"Dd8gfe2wRdT66jcgnqtcUwg5ndh\" data-lark-html-role=\"root\" data-docx-has-block-data=\"false\">\n<div class=\"ace-line ace-line old-record-id-FiRZf3qXpdK0RqcHt8wcxPTon8b\">Vapsolo Triple 30000 Z\u00fcge bietet 10 w\u00e4hlbare Dreifachgeschmacksmischungen, drei 1,0\u03a9 Mesh-Coils, 36ml E-Liquid, 30000 Z\u00fcge und einen 650mAh Type-C wiederaufladbaren Akku. Es verf\u00fcgt \u00fcber 4 Luftstromtypen, ein LCD-Display und 10 St\u00fcck pro Verkaufsdisplay, praktisch und vielseitig.<\/div>\n<\/div>\n<\/div>\n<\/div>","protected":false},"featured_media":7558,"comment_status":"open","ping_status":"closed","template":"","meta":{"_acf_changed":false,"inline_featured_image":false,"_sitemap_exclude":false,"_sitemap_priority":"","_sitemap_frequency":""},"product_brand":[382],"product_cat":[381,239,264],"product_tag":[],"class_list":{"0":"post-7546","1":"product","2":"type-product","3":"status-publish","4":"has-post-thumbnail","6":"product_brand-vapsolo","7":"product_cat-vapsolo-puff","8":"product_cat-disposable-vape-collection","9":"product_cat-30k-puffs","11":"first","12":"instock","13":"sale","14":"shipping-taxable","15":"purchasable","16":"product-type-variable","17":"has-default-attributes"},"acf":[],"tiered_pricing_type":"fixed","tiered_pricing_fixed_rules":{"30":13.52,"60":11.26,"100":9.89,"200":9.5},"tiered_pricing_product_settings":{"layout":"default","base_unit_name":{"singular":null,"plural":null},"default_variation":null},"tiered_pricing_minimum_quantity":10,"tiered_pricing_roles_data":[],"tiered_pricing_percentage_rules":[],"tiered_pricing_maximum_quantity":null,"tiered_pricing_quantity_step":"10","_links":{"self":[{"href":"https:\/\/oiovape.com\/de\/wp-json\/wp\/v2\/product\/7546","targetHints":{"allow":["GET"]}}],"collection":[{"href":"https:\/\/oiovape.com\/de\/wp-json\/wp\/v2\/product"}],"about":[{"href":"https:\/\/oiovape.com\/de\/wp-json\/wp\/v2\/types\/product"}],"replies":[{"embeddable":true,"href":"https:\/\/oiovape.com\/de\/wp-json\/wp\/v2\/comments?post=7546"}],"version-history":[{"count":0,"href":"https:\/\/oiovape.com\/de\/wp-json\/wp\/v2\/product\/7546\/revisions"}],"wp:featuredmedia":[{"embeddable":true,"href":"https:\/\/oiovape.com\/de\/wp-json\/wp\/v2\/media\/7558"}],"wp:attachment":[{"href":"https:\/\/oiovape.com\/de\/wp-json\/wp\/v2\/media?parent=7546"}],"wp:term":[{"taxonomy":"product_brand","embeddable":true,"href":"https:\/\/oiovape.com\/de\/wp-json\/wp\/v2\/product_brand?post=7546"},{"taxonomy":"product_cat","embeddable":true,"href":"https:\/\/oiovape.com\/de\/wp-json\/wp\/v2\/product_cat?post=7546"},{"taxonomy":"product_tag","embeddable":true,"href":"https:\/\/oiovape.com\/de\/wp-json\/wp\/v2\/product_tag?post=7546"}],"curies":[{"name":"wp","href":"https:\/\/api.w.org\/{rel}","templated":true}]}}