{"id":7615,"date":"2026-03-07T09:22:36","date_gmt":"2026-03-07T01:22:36","guid":{"rendered":"https:\/\/oiovape.com\/?post_type=product&#038;p=7615"},"modified":"2026-03-07T10:13:36","modified_gmt":"2026-03-07T02:13:36","slug":"fihp-60000-puffs","status":"publish","type":"product","link":"https:\/\/oiovape.com\/de\/product\/fihp-60000-puffs\/","title":{"rendered":"FIHP 60000 PUFFS Triple Flavors Dual Mesh Coil Smart Disposable Vape Pen"},"content":{"rendered":"<div data-page-id=\"ZVeMfq8uxd7y1ycuKm5cym4LnYd\" data-lark-html-role=\"root\" data-docx-has-block-data=\"false\">\n<div data-page-id=\"Fd41fZ5N9dzRQtcRNoVc2FuDnCh\" data-lark-html-role=\"root\" data-docx-has-block-data=\"true\">\n<div data-page-id=\"BdIJfeeijdk1eucGpS8cDCBBn5c\" data-lark-html-role=\"root\" data-docx-has-block-data=\"false\">\n<div data-page-id=\"Zbg9fWx77dUuh2cIYpic25c8nyd\" data-lark-html-role=\"root\" data-docx-has-block-data=\"false\">\n<div data-page-id=\"KaIvfiurhdlCKdc0kyxcX64cnE6\" data-lark-html-role=\"root\" data-docx-has-block-data=\"true\">\n<div data-page-id=\"PbvFfqxqlddUTScRpEYcY5MHnpf\" data-lark-html-role=\"root\" data-docx-has-block-data=\"true\">\n<div data-page-id=\"GZO2f5JeudwY4jc9iJtcdk9Hnxh\" data-lark-html-role=\"root\" data-docx-has-block-data=\"false\">\n<div data-page-id=\"EZVRf2acFduXLGcseZFc4qH2n6e\" data-lark-html-role=\"root\" data-docx-has-block-data=\"false\">\n<div data-page-id=\"B8rHfcqlqdzmH5cCWCncz17Cntb\" data-lark-html-role=\"root\" data-docx-has-block-data=\"false\">\n<div data-page-id=\"B8rHfcqlqdzmH5cCWCncz17Cntb\" data-lark-html-role=\"root\" data-docx-has-block-data=\"false\">\n<div data-page-id=\"B8rHfcqlqdzmH5cCWCncz17Cntb\" data-lark-html-role=\"root\" data-docx-has-block-data=\"true\">\n<div data-page-id=\"HM70f1aoxdD0bMcxJZBcVc7ynZd\" data-lark-html-role=\"root\" data-docx-has-block-data=\"false\">\n<div data-page-id=\"NSrJfN7Ord22i0c1iwZcsF8yn8b\" data-lark-html-role=\"root\" data-docx-has-block-data=\"false\">\n<div data-page-id=\"RXEff4Mskds8o1cqL5HcGEtUnCh\" data-lark-html-role=\"root\" data-docx-has-block-data=\"false\">\n<div data-page-id=\"KJ7gfqkVndMSRJcMseScmvYwnTc\" data-lark-html-role=\"root\" data-docx-has-block-data=\"false\">\n<div class=\"ace-line ace-line old-record-id-QADAfETPudgmudc05YvcTO5fnxe\">\n<div data-page-id=\"KJ7gfqkVndMSRJcMseScmvYwnTc\" data-lark-html-role=\"root\" data-docx-has-block-data=\"false\">\n<div class=\"ace-line ace-line old-record-id-JoRkfpho8dOkiacEOascDyCOncb\">\n<div data-page-id=\"KJ7gfqkVndMSRJcMseScmvYwnTc\" data-lark-html-role=\"root\" data-docx-has-block-data=\"false\">\n<div data-page-id=\"Ju6ofQ3V4dGmePcVvJvc1gmcnZb\" data-lark-html-role=\"root\" data-docx-has-block-data=\"true\">\n<div data-page-id=\"PR9ife5PLdFabccbFgZcWgZOnTc\" data-lark-html-role=\"root\" data-docx-has-block-data=\"false\">\n<div data-page-id=\"INdrfOIGzdaenXcptrcc1BcznQc\" data-lark-html-role=\"root\" data-docx-has-block-data=\"false\">\n<div class=\"ace-line ace-line old-record-id-P0fIf4YaZdoGkbcxt5ackec2nnb\">\n<div data-page-id=\"INdrfOIGzdaenXcptrcc1BcznQc\" data-lark-html-role=\"root\" data-docx-has-block-data=\"false\">\n<div data-page-id=\"MAzCfUB73dMTQscm8eWcougVn1g\" data-lark-html-role=\"root\" data-docx-has-block-data=\"true\">\n<div data-page-id=\"AXfpf7H1odhDvGcKoUOcErN8nV7\" data-lark-html-role=\"root\" data-docx-has-block-data=\"false\">\n<div data-page-id=\"QYTKf5PvLdUNdbce2nBcW9yfnrh\" data-lark-html-role=\"root\" data-docx-has-block-data=\"false\">\n<div data-page-id=\"Pvu1f1CCBdxbjncA9pgcBTpanph\" data-lark-html-role=\"root\" data-docx-has-block-data=\"true\">\n<div data-page-id=\"Axf3fcmY8dDAhtcjVircBcphnPc\" data-lark-html-role=\"root\" data-docx-has-block-data=\"false\">\n<div data-page-id=\"KKj1f9SPmdLhhMc5E2AcNlLen6f\" data-lark-html-role=\"root\" data-docx-has-block-data=\"true\">\n<div data-page-id=\"Rx61fK1sJdXHjPcBuhZcweNhnwc\" data-lark-html-role=\"root\" data-docx-has-block-data=\"false\">\n<div data-page-id=\"L1H9fkG9Mdz45Fcy4WMc5VKXnRe\" data-lark-html-role=\"root\" data-docx-has-block-data=\"false\">\n<div data-page-id=\"L1H9fkG9Mdz45Fcy4WMc5VKXnRe\" data-lark-html-role=\"root\" data-docx-has-block-data=\"false\">\n<div data-page-id=\"D4XLfVBVrdE8mrcaYizczklLnaf\" data-lark-html-role=\"root\" data-docx-has-block-data=\"false\">\n<div data-page-id=\"WVcifIY44d5mhMcXtyEcTsfenGd\" data-lark-html-role=\"root\" data-docx-has-block-data=\"true\">\n<div data-page-id=\"LRknfa6Whd4DWCcUc0FcNKpJnyh\" data-lark-html-role=\"root\" data-docx-has-block-data=\"false\">\n<div data-page-id=\"LRknfa6Whd4DWCcUc0FcNKpJnyh\" data-lark-html-role=\"root\" data-docx-has-block-data=\"false\">\n<div data-page-id=\"XFRAfkcOEdRWh8cArQ2cJdyRnJf\" data-lark-html-role=\"root\" data-docx-has-block-data=\"true\">\n<div data-page-id=\"OQ3bfjnRddMTDGcC3ouc6xFKnWf\" data-lark-html-role=\"root\" data-docx-has-block-data=\"true\">\n<div data-page-id=\"J0iGfj1hEdjc4rcUdSmc4spMnmZ\" data-lark-html-role=\"root\" data-docx-has-block-data=\"false\">\n<div data-page-id=\"P1o7fFyNlduP8tcfZpQcagzbnIf\" data-lark-html-role=\"root\" data-docx-has-block-data=\"false\">\n<div class=\"ace-line ace-line old-record-id-P1o7fFyNlduP8tcfZpQcagzbnIf\">\n<div data-page-id=\"P1o7fFyNlduP8tcfZpQcagzbnIf\" data-lark-html-role=\"root\" data-docx-has-block-data=\"false\">\n<div data-page-id=\"U4iufW38SdttWKcTstMcTtHRnXc\" data-lark-html-role=\"root\" data-docx-has-block-data=\"true\">\n<div data-page-id=\"ONVMf7VTWddcFtcyATOchCJHnZb\" data-lark-html-role=\"root\" data-docx-has-block-data=\"true\">\n<div data-page-id=\"KoW2fSy0PdLHFlc5kSHcgvWMnYg\" data-lark-html-role=\"root\" data-docx-has-block-data=\"false\">\n<div data-page-id=\"KoW2fSy0PdLHFlc5kSHcgvWMnYg\" data-lark-html-role=\"root\" data-docx-has-block-data=\"false\">\n<div data-page-id=\"OLGhfzxC7d7EFIcLEj9cRT5ynZf\" data-lark-html-role=\"root\" data-docx-has-block-data=\"false\">\n<div data-page-id=\"DdnnfrLjzdqrFIc9Il9c7pA2noc\" data-lark-html-role=\"root\" data-docx-has-block-data=\"true\">\n<div data-page-id=\"KNzcf2o0oddkJOcztTVcqPdlnth\" data-lark-html-role=\"root\" data-docx-has-block-data=\"false\">\n<div data-page-id=\"LBU7fg5SEdkWhecGJoxca3xvnCe\" data-lark-html-role=\"root\" data-docx-has-block-data=\"false\">\n<div data-page-id=\"EB70fooS3d69bMcgWB7c5qb9n8g\" data-lark-html-role=\"root\" data-docx-has-block-data=\"false\">\n<div data-page-id=\"AogwfsZCadB6t0cAvF0cK4JLnvf\" data-lark-html-role=\"root\" data-docx-has-block-data=\"false\">\n<div data-page-id=\"AogwfsZCadB6t0cAvF0cK4JLnvf\" data-lark-html-role=\"root\" data-docx-has-block-data=\"false\">\n<div data-page-id=\"JMZIflNGddQuU0c5JZocSqlvnle\" data-lark-html-role=\"root\" data-docx-has-block-data=\"false\">\n<div data-page-id=\"JMZIflNGddQuU0c5JZocSqlvnle\" data-lark-html-role=\"root\" data-docx-has-block-data=\"true\">\n<div data-page-id=\"HtEafjjRIdPAlMc9zgYcsGy6nOe\" data-lark-html-role=\"root\" data-docx-has-block-data=\"false\">\n<div data-page-id=\"Rhnafz0WTdDeT9c43xxczsbVnJo\" data-lark-html-role=\"root\" data-docx-has-block-data=\"false\">\n<div data-page-id=\"WY0CfKdcTdf4hVcZl67ct5LGncf\" data-lark-html-role=\"root\" data-docx-has-block-data=\"true\">\n<div data-page-id=\"MkB5fF4AVdchovcoPEpc7LqvnOd\" data-lark-html-role=\"root\" data-docx-has-block-data=\"true\">\n<div data-page-id=\"MfbjfZhbhdJdA8cH1dAckqF0n6g\" data-lark-html-role=\"root\" data-docx-has-block-data=\"false\">\n<div class=\"ace-line ace-line old-record-id-W2AHfJLnjd7ugjcRLs1c8BdhnNh\">\n<div data-page-id=\"MfbjfZhbhdJdA8cH1dAckqF0n6g\" data-lark-html-role=\"root\" data-docx-has-block-data=\"false\">\n<div class=\"old-record-id-XXd1feeCZdR2hJc6evocxnh1nOg\">\n<div data-page-id=\"MfbjfZhbhdJdA8cH1dAckqF0n6g\" data-lark-html-role=\"root\" data-docx-has-block-data=\"false\">\n<div data-page-id=\"DE51fYUmxdT3ekcHzc3cGrVQnsc\" data-lark-html-role=\"root\" data-docx-has-block-data=\"false\">\n<div data-page-id=\"YSKdfaZ08dRej3ci5CccQBuOncc\" data-lark-html-role=\"root\" data-docx-has-block-data=\"true\">\n<div data-page-id=\"K6mofQmledamEFcgp1EcVobmnYd\" data-lark-html-role=\"root\" data-docx-has-block-data=\"false\">\n<div data-page-id=\"VTgsfVLdCd9q1ucYcwRcCM0Hnof\" data-lark-html-role=\"root\" data-docx-has-block-data=\"true\">\n<div data-page-id=\"WucKfzp8RdNy8rcMJHncz4Knnac\" data-lark-html-role=\"root\" data-docx-has-block-data=\"true\">\n<div data-page-id=\"IfZ9fDIBLd9b9hcJiqGcLw9Pnmh\" data-lark-html-role=\"root\" data-docx-has-block-data=\"false\">\n<div data-page-id=\"JeU6f3Yq5dbdEHcZDptc5ikcn5c\" data-lark-html-role=\"root\" data-docx-has-block-data=\"true\">\n<div data-page-id=\"E1YjfnB4Jdmtsfc2ZObcu04Un6c\" data-lark-html-role=\"root\" data-docx-has-block-data=\"false\">\n<div data-page-id=\"RQVEfdiOzdqTQKcRcnxcG0Y7nce\" data-lark-html-role=\"root\" data-docx-has-block-data=\"true\">\n<div data-page-id=\"NKc7fbZi9dnOXocdHcScVsXdnmh\" data-lark-html-role=\"root\" data-docx-has-block-data=\"false\">\n<div data-page-id=\"DaE3fgNEwdnbQVc62iqcBK4lnte\" data-lark-html-role=\"root\" data-docx-has-block-data=\"false\">\n<div data-page-id=\"DaE3fgNEwdnbQVc62iqcBK4lnte\" data-lark-html-role=\"root\" data-docx-has-block-data=\"false\">\n<div data-page-id=\"NqSRfcp5SdFQ6ucdStXcbvManpc\" data-lark-html-role=\"root\" data-docx-has-block-data=\"false\">\n<div data-page-id=\"KydBfoEuudJNYhcgRdAc3aeUn7c\" data-lark-html-role=\"root\" data-docx-has-block-data=\"true\">\n<div data-page-id=\"SIqXfR5ipd7jWpczA5RcYkWInfd\" data-lark-html-role=\"root\" data-docx-has-block-data=\"false\">\n<div data-page-id=\"Y06XfUzydd0aVicBtPKcZlS8nJf\" data-lark-html-role=\"root\" data-docx-has-block-data=\"true\">\n<div data-page-id=\"E2ZvfNrVNdEHKickexPcvdXVnrc\" data-lark-html-role=\"root\" data-docx-has-block-data=\"false\">\n<div data-page-id=\"DqGzfq5S4d9GdAcOQVIcIdPhn2c\" data-lark-html-role=\"root\" data-docx-has-block-data=\"false\">\n<div data-page-id=\"HsKcfE4WLdET7ScRm72cTZ96nPb\" data-lark-html-role=\"root\" data-docx-has-block-data=\"false\">\n<div data-page-id=\"MvWFfuF4Edx69KcRSmmcvS2LndG\" data-lark-html-role=\"root\" data-docx-has-block-data=\"true\">\n<div data-page-id=\"BSNMfUsMXd3XFscNxbDcufC2nEg\" data-lark-html-role=\"root\" data-docx-has-block-data=\"false\">\n<div data-page-id=\"Rr0Mfry1adQB66cMkYGcCmoWnKe\" data-lark-html-role=\"root\" data-docx-has-block-data=\"true\">\n<div data-page-id=\"A7fMfxJhydfxJUc6VX9cVvDKnpd\" data-lark-html-role=\"root\" data-docx-has-block-data=\"false\">\n<div data-page-id=\"A7fMfxJhydfxJUc6VX9cVvDKnpd\" data-lark-html-role=\"root\" data-docx-has-block-data=\"false\">\n<div data-page-id=\"WbzgfFBuTduiBjc6rORciNrNnlf\" data-lark-html-role=\"root\" data-docx-has-block-data=\"false\">\n<div data-page-id=\"R0Rzf8rQUdoB9hcxkiqc9kKHnk2\" data-lark-html-role=\"root\" data-docx-has-block-data=\"true\">\n<div data-page-id=\"ZwXFfRomCdt9G4cs33scepfHnoe\" data-lark-html-role=\"root\" data-docx-has-block-data=\"false\">\n<div data-page-id=\"UFFTffnWTdbuv3coRhBc3zxBnMf\" data-lark-html-role=\"root\" data-docx-has-block-data=\"true\">\n<div data-page-id=\"FV0FfDT4ZdfJZoc4SMccT5Rjndf\" data-lark-html-role=\"root\" data-docx-has-block-data=\"false\">\n<div data-page-id=\"QfqMfQ3H3dBjAycBmxFct9R0nOd\" data-lark-html-role=\"root\" data-docx-has-block-data=\"false\">\n<div data-page-id=\"DXwcf38JSdYoRnczvWycOLbJnKg\" data-lark-html-role=\"root\" data-docx-has-block-data=\"false\">\n<div data-page-id=\"ERF5fOYoJdJoKBcJe3dczeiRnhb\" data-lark-html-role=\"root\" data-docx-has-block-data=\"false\">\n<div data-page-id=\"Xz9kf6dXYdrSpeczDiscWevtn5g\" data-lark-html-role=\"root\" data-docx-has-block-data=\"false\">\n<div data-page-id=\"NXFofecridPG1Kco9gVcxXiEnGf\" data-lark-html-role=\"root\" data-docx-has-block-data=\"false\">\n<div data-page-id=\"EFevfzjvkdlSPEcTWBIc7eVvnog\" data-lark-html-role=\"root\" data-docx-has-block-data=\"false\">\n<div data-page-id=\"M7PifBvbPdUAXlc1ga1ceAEFnrc\" data-lark-html-role=\"root\" data-docx-has-block-data=\"false\">\n<div data-page-id=\"Xk47fsExQdGT3dcRYNzcCeZ0nYb\" data-lark-html-role=\"root\" data-docx-has-block-data=\"false\">\n<div data-page-id=\"OUXufVxtNdzLz9cI8Ijchmyfnrg\" data-lark-html-role=\"root\" data-docx-has-block-data=\"false\">\n<div data-page-id=\"XAtVfnKQidPyc6cF1jhc2z2AnZ1\" data-lark-html-role=\"root\" data-docx-has-block-data=\"false\">\n<div data-page-id=\"B4r8fXUqIde4brcGXg2crgLmn7F\" data-lark-html-role=\"root\" data-docx-has-block-data=\"true\">\n<div data-page-id=\"CcjPfD4Ied4jf2cwt2hcyeGNnHe\" data-lark-html-role=\"root\" data-docx-has-block-data=\"false\">\n<div data-page-id=\"M3lyfHsq4dQP8dc5mI8c3rXxnNc\" data-lark-html-role=\"root\" data-docx-has-block-data=\"false\">\n<div data-page-id=\"E0A4fWGfudmWVGczZV8cLv8Znwd\" data-lark-html-role=\"root\" data-docx-has-block-data=\"false\">\n<h2 class=\"heading-2 ace-line old-record-id-ZJYKf9ooSd5CeXc0w8Uc4G31n5b\">Warum FIHP 60000 Z\u00fcge w\u00e4hlen?<\/h2>\n<div class=\"ace-line ace-line old-record-id-WrGDfetpIdPtYPchudHcpmqgnQe\">Es zeichnet sich durch seine unschlagbare Lebensdauer von 60000 Z\u00fcgen, 10 einzigartige dreifache Geschm\u00e4cker und eine zuverl\u00e4ssige Dual-Mesh-Spule aus. Im Gegensatz zu gew\u00f6hnlichen Einwegger\u00e4ten bietet es Vielseitigkeit mit Nikotinalternativen, Type-C-Ladung und einem LED-Display \u2013 alles in einem kompakten, benutzerfreundlichen Design.<\/div>\n<div class=\"ace-line ace-line old-record-id-DolQf8WfGdlCfVc1whAco6S3nfh\">Ob Sie ein Gelegenheitsdampfer sind, der gerne neue Geschm\u00e4cker erkundet, oder ein regelm\u00e4\u00dfiger Nutzer, der Langlebigkeit und Bequemlichkeit sch\u00e4tzt, dieses Ger\u00e4t erf\u00fcllt alle Anforderungen. Es ist einfach, zuverl\u00e4ssig und voller Funktionen, die jeden Zug angenehm machen.<\/p>\n<div data-page-id=\"E0A4fWGfudmWVGczZV8cLv8Znwd\" data-lark-html-role=\"root\" data-docx-has-block-data=\"true\">\n<h2 class=\"heading-2 ace-line old-record-id-RkIGfAXEhd2iNEcuiUdcetsSnJd\">10 Dreifache Geschm\u00e4cker: Geschichteter Geschmack in jedem Zug<\/h2>\n<div class=\"ace-line ace-line old-record-id-Y5uDfD4N0dJjOycUsadc7MAtn04\">Das herausragende Merkmal des FIHP 60000 Z\u00fcge sind seine 10 sorgf\u00e4ltig zusammengestellten dreifachen Geschmacksrichtungen. Jede kombiniert drei erg\u00e4nzende Geschm\u00e4cker, um ein einzigartiges, geschichtetes Erlebnis zu schaffen, das Einwegger\u00e4te mit einem oder zwei Geschm\u00e4ckern nicht bieten k\u00f6nnen. Jede Mischung ist ausgewogen, sodass kein Geschmack die anderen \u00fcbert\u00f6nt, und alle schmecken authentisch und sanft.<\/div>\n<h3 class=\"heading-3 ace-line old-record-id-OdgkfzwzddNRCSclJfqcDCEDnim\">Dreifach Geschmacksangebot<\/h3>\n<div class=\"ace-line ace-line old-record-id-AjEKfEXdIdhf8ucz9klcuCjTnEh\">Um es Ihnen zu erleichtern, alle Optionen zu erkunden, haben wir die 10 dreifachen Geschm\u00e4cker in einer einfachen Tabelle organisiert, die das Hauptgeschmackprofil jeder Mischung hervorhebt \u2013 perfekt, um Ihren neuen Favoriten zu finden:<\/div>\n<div>\n<table class=\"ace-table\" data-ace-table-col-widths=\"200;200\">\n<colgroup>\n<col width=\"200\" \/>\n<col width=\"200\" \/><\/colgroup>\n<thead>\n<tr>\n<th colspan=\"1\" rowspan=\"1\">\n<div class=\"ace-line ace-line old-record-id-Q6gyfjXy3dr5N7cXfPrcSM6gnkd\">Geschmacks-Mischung<\/div>\n<\/th>\n<th colspan=\"1\" rowspan=\"1\">\n<div class=\"ace-line ace-line old-record-id-GQuHfVNz9drVK4cyOfKckzCqneg\">Geschmacksprofil<\/div>\n<\/th>\n<\/tr>\n<\/thead>\n<tbody>\n<tr>\n<td colspan=\"1\" rowspan=\"1\">\n<div class=\"ace-line ace-line old-record-id-CrU6fyi5qdHXOycx69HcAzLFnfe\">Wassermelonen-Eis &amp; Red Bull &amp; Erdbeer Kiwi<\/div>\n<\/td>\n<td colspan=\"1\" rowspan=\"1\">\n<div class=\"ace-line ace-line old-record-id-MLNtfPq07dnHs7c7iH3car5Bnqb\">Eisige Frucht + Energie-Kick<\/div>\n<\/td>\n<\/tr>\n<tr>\n<td colspan=\"1\" rowspan=\"1\">\n<div class=\"ace-line ace-line old-record-id-KJ3Qfuq8cdfK4Ncorn8cb5KonNb\">Zitrone Limette &amp; Erdbeer Wassermelone &amp; Heidelbeer Eis<\/div>\n<\/td>\n<td colspan=\"1\" rowspan=\"1\">\n<div class=\"ace-line ace-line old-record-id-MkwIfTS70dPNmUcU3ABcZ9TLnhe\">W\u00fcrzig + Eisige Frucht<\/div>\n<\/td>\n<\/tr>\n<tr>\n<td colspan=\"1\" rowspan=\"1\">\n<div class=\"ace-line ace-line old-record-id-UXuDf2HGddzHHvcFDascl6Wbnih\">Erdbeer Banane &amp; Doppel Apfel &amp; Himbeer Wassermelone<\/div>\n<\/td>\n<td colspan=\"1\" rowspan=\"1\">\n<div class=\"ace-line ace-line old-record-id-MAeofOJfjdRP6acQCaBcCDLcntb\">S\u00fc\u00df + Frisch Fruchtig<\/div>\n<\/td>\n<\/tr>\n<tr>\n<td colspan=\"1\" rowspan=\"1\">\n<div class=\"ace-line ace-line old-record-id-ZoQgfTRb9dcFDicBdlUcrmslnTf\">Erdbeer Kiwi &amp; Saure Mango Ananas &amp; Red Bull<\/div>\n<\/td>\n<td colspan=\"1\" rowspan=\"1\">\n<div class=\"ace-line ace-line old-record-id-NCmbfVZ6sdLMH6cdmBNcNPoAnJd\">Pikant + Fruchtig + Energie<\/div>\n<\/td>\n<\/tr>\n<tr>\n<td colspan=\"1\" rowspan=\"1\">\n<div class=\"ace-line ace-line old-record-id-KknGfrJXRdkGPDcdD2ucn7CNnyd\">Tropische Fr\u00fcchte &amp; Erdbeer Wassermelone &amp; Zitrone Pfirsich<\/div>\n<\/td>\n<td colspan=\"1\" rowspan=\"1\">\n<div class=\"ace-line ace-line old-record-id-RZvbfOhrmd8JgncLyNncF2bxnWf\">Tropisch + W\u00fcrzig S\u00fc\u00df<\/div>\n<\/td>\n<\/tr>\n<tr>\n<td colspan=\"1\" rowspan=\"1\">\n<div class=\"ace-line ace-line old-record-id-Ff1dfMjOvdZIpBcqhdecEhJlnEe\">Ananas Kokosnuss &amp; Blaue Razz &amp; Erdbeer Banane<\/div>\n<\/td>\n<td colspan=\"1\" rowspan=\"1\">\n<div class=\"ace-line ace-line old-record-id-S6v1fEmvYd2qGKcx3tEcrv24ngf\">Tropisch + Pikant + S\u00fc\u00df<\/div>\n<\/td>\n<\/tr>\n<tr>\n<td colspan=\"1\" rowspan=\"1\">\n<div class=\"ace-line ace-line old-record-id-DlrafK2gBddOd5cisHWcnceqnVb\">Erdbeer Himbeere &amp; Dreifach Melone &amp; Saure Mango Ananas<\/div>\n<\/td>\n<td colspan=\"1\" rowspan=\"1\">\n<div class=\"ace-line ace-line old-record-id-O2qCfVayIdpFW3ctJyFcDZOvnQf\">Beere + Melone + Pikant<\/div>\n<\/td>\n<\/tr>\n<tr>\n<td colspan=\"1\" rowspan=\"1\">\n<div class=\"ace-line ace-line old-record-id-FTMbfntv9dRgFAcuvCPcdjmpnGY\">Gemischte Beeren &amp; Himbeer Wassermelone &amp; Mango Pfirsich<\/div>\n<\/td>\n<td colspan=\"1\" rowspan=\"1\">\n<div class=\"ace-line ace-line old-record-id-REpKfq247dX32icRV1TcRdqPncf\">Beeren-Medley + Tropisch<\/div>\n<\/td>\n<\/tr>\n<tr>\n<td colspan=\"1\" rowspan=\"1\">\n<div class=\"ace-line ace-line old-record-id-QphpfERtPdhsFmcJ3Q0cj0D2nqh\">Heidelbeer Himbeere &amp; Erdbeer Vanille Cola &amp; Zitrone Limette<\/div>\n<\/td>\n<td colspan=\"1\" rowspan=\"1\">\n<div class=\"ace-line ace-line old-record-id-YeIUfzD17dGr8vcU4I3c5Fu0nTc\">Beere + Cremig + W\u00fcrzig<\/div>\n<\/td>\n<\/tr>\n<tr>\n<td colspan=\"1\" rowspan=\"1\">\n<div class=\"ace-line ace-line old-record-id-JDhXfqSUfdZyzVc4Q9Uc0zjbnXd\">Wassermelonen-Eis &amp; Pfirsich Beere &amp; Dreifach Melo<\/div>\n<\/td>\n<td colspan=\"1\" rowspan=\"1\">\n<div class=\"ace-line ace-line old-record-id-ILRkfjnFSdYWQJc8fegcUhfrn2f\">Eisig + Beere + Melone<\/div>\n<\/td>\n<\/tr>\n<\/tbody>\n<\/table>\n<p><img decoding=\"async\" class=\"alignnone wp-image-7630 size-full\" title=\"FIHP 60k Geschm\u00e4cker\" src=\"https:\/\/oiovape.com\/wp-content\/uploads\/2026\/03\/FIHP-60k-Flavors.jpg\" alt=\"FIHP 60k Geschm\u00e4cker\" width=\"1200\" height=\"1700\" srcset=\"https:\/\/oiovape.com\/wp-content\/uploads\/2026\/03\/FIHP-60k-Flavors.jpg 1200w, https:\/\/oiovape.com\/wp-content\/uploads\/2026\/03\/FIHP-60k-Flavors-212x300.jpg 212w, https:\/\/oiovape.com\/wp-content\/uploads\/2026\/03\/FIHP-60k-Flavors-723x1024.jpg 723w, https:\/\/oiovape.com\/wp-content\/uploads\/2026\/03\/FIHP-60k-Flavors-768x1088.jpg 768w, https:\/\/oiovape.com\/wp-content\/uploads\/2026\/03\/FIHP-60k-Flavors-1084x1536.jpg 1084w, https:\/\/oiovape.com\/wp-content\/uploads\/2026\/03\/FIHP-60k-Flavors-8x12.jpg 8w, https:\/\/oiovape.com\/wp-content\/uploads\/2026\/03\/FIHP-60k-Flavors-150x213.jpg 150w\" sizes=\"(max-width: 1200px) 100vw, 1200px\" \/><\/p>\n<\/div>\n<h4 class=\"heading-4 ace-line old-record-id-SG7AfqEWAd35ZOcP5qVcwvREnPD\">Dual-Mesh-Spule: Sanfte, konsistente Geschmacksabgabe<\/h4>\n<div class=\"ace-line ace-line old-record-id-RI46fUegNdyIJRc65hWcghb5nRe\">Angetrieben von einer 0,9 Ohm Dual-Mesh-Spule sorgt der FIHP 60000 Z\u00fcge daf\u00fcr, dass jeder Zug sanft und geschmackvoll ist. Das Dual-Spulen-Design erhitzt das 54 ml E-Liquid gleichm\u00e4\u00dfig und entfaltet das volle Potenzial jeder dreifachen Mischung \u2013 keine Sch\u00e4rfe, keine verbrannten Noten, nur konsistente, befriedigende Z\u00fcge vom ersten bis zum 60000.<\/div>\n<h2 class=\"heading-2 ace-line old-record-id-GUMjfasindrsQHcakJHc8gvznth\">60000-Z\u00fcge Lebensdauer &amp; Praktische Funktionen<\/h2>\n<div class=\"ace-line ace-line old-record-id-XaVNfRGQ7d0dVOcSdrDcW3Opnke\">Die Lebensdauer von 60000 Z\u00fcgen ist ein Wendepunkt f\u00fcr Dampfer, die h\u00e4ufige Ger\u00e4tewechsel hassen. Selbst bei t\u00e4glichem, h\u00e4ufigem Gebrauch h\u00e4lt dieses Ger\u00e4t wochenlang, kombiniert seine Langlebigkeit mit praktischen Funktionen, die das Dampfen einfacher und individueller machen.<\/div>\n<h3 class=\"heading-3 ace-line old-record-id-WIK1fa7PxdG4MAchnAYcp4nrnke\">Akku &amp; Laden: Praktisch &amp; Langlebig<\/h3>\n<div class=\"ace-line ace-line old-record-id-GLBpfdAkjdokTlczyLacuqD1nSh\">Ausgestattet mit einem 650mAh wiederaufladbaren Akku h\u00e4lt es problemlos mit der Lebensdauer von 60000 Z\u00fcgen Schritt. Der Type-C-Ladeanschluss erm\u00f6glicht es Ihnen, den Akku schnell aufzuladen, sodass Sie Ihre Dampferfahrung nie lange unterbrechen m\u00fcssen \u2013 perfekt f\u00fcr die Nutzung unterwegs.<\/div>\n<h4 class=\"heading-4 ace-line old-record-id-ULF8f9ndRdVOscc8633ch2cinsg\">LED-Display &amp; Nikotinalternativen<\/h4>\n<div class=\"ace-line ace-line old-record-id-CmvlfigtrdRXvIcvnR3c0oVUnQd\">Das LED-Display h\u00e4lt Sie informiert, zeigt die Akkulaufzeit und den E-Liquid-Spiegel an, sodass Sie nie unerwartet ohne Fl\u00fcssigkeit dastehen. Es bietet auch zwei Nikotinst\u00e4rken \u2013 2% und 5% \u2013 die unterschiedlichen Vorlieben gerecht werden, egal ob Sie einen milden oder st\u00e4rkeren Zug bevorzugen.<\/div>\n<h2 class=\"heading-2 ace-line old-record-id-JaSbfcoBCduTo2cMS9XcY2D4nFf\">Kompaktes Design &amp; praktische Verpackung<\/h2>\n<div class=\"ace-line ace-line old-record-id-JMkGflta3d9Idbcpe9tc9XpnnMf\">Mit einer Produktgr\u00f6\u00dfe von 42*42*110mm ist der FIHP 60000 Z\u00fcge kompakt und leicht, l\u00e4sst sich problemlos in Ihre Tasche oder Ihren Rucksack stecken, ohne sperrig zu sein. Die Verpackung ist ebenso praktisch: Jeder Karton (510*420*260mm) enth\u00e4lt 160 St\u00fcck und wiegt 21,7 kg, was ihn ideal f\u00fcr die Lagerung oder den Wiederverkauf in gro\u00dfen Mengen macht.<\/div>\n<\/div>\n<\/div>\n<\/div>\n<\/div>\n<\/div>\n<\/div>\n<\/div>\n<\/div>\n<\/div>\n<\/div>\n<\/div>\n<\/div>\n<\/div>\n<\/div>\n<\/div>\n<\/div>\n<\/div>\n<\/div>\n<\/div>\n<\/div>\n<\/div>\n<\/div>\n<\/div>\n<\/div>\n<\/div>\n<\/div>\n<\/div>\n<\/div>\n<\/div>\n<\/div>\n<\/div>\n<\/div>\n<\/div>\n<\/div>\n<\/div>\n<\/div>\n<\/div>\n<\/div>\n<\/div>\n<\/div>\n<\/div>\n<\/div>\n<\/div>\n<\/div>\n<\/div>\n<\/div>\n<\/div>\n<\/div>\n<\/div>\n<\/div>\n<\/div>\n<\/div>\n<\/div>\n<\/div>\n<\/div>\n<\/div>\n<\/div>\n<\/div>\n<\/div>\n<\/div>\n<\/div>\n<\/div>\n<\/div>\n<\/div>\n<\/div>\n<\/div>\n<\/div>\n<\/div>\n<\/div>\n<\/div>\n<\/div>\n<\/div>\n<\/div>\n<\/div>\n<\/div>\n<\/div>\n<\/div>\n<\/div>\n<\/div>\n<\/div>\n<\/div>\n<\/div>\n<\/div>\n<\/div>\n<\/div>\n<\/div>\n<\/div>\n<\/div>\n<\/div>\n<\/div>\n<\/div>\n<\/div>\n<\/div>\n<\/div>\n<\/div>\n<\/div>\n<\/div>\n<\/div>\n<\/div>\n<\/div>\n<\/div>\n<\/div>\n<\/div>\n<\/div>\n<\/div>\n<\/div>\n<\/div>\n<\/div>\n<\/div>\n<\/div>","protected":false},"excerpt":{"rendered":"<div data-page-id=\"RAopf2sw9dtvw4cWYXpcTwo0n8g\" data-lark-html-role=\"root\" data-docx-has-block-data=\"false\">\n<div class=\"ace-line ace-line old-record-id-Uju9f3RXYd8dh2crAJbcBF3Un6M\">\n<div data-page-id=\"Dd8gfe2wRdT66jcgnqtcUwg5ndh\" data-lark-html-role=\"root\" data-docx-has-block-data=\"false\">\n<div class=\"ace-line ace-line old-record-id-FiRZf3qXpdK0RqcHt8wcxPTon8b\">FIHP 60000 Z\u00fcge bietet 10 dreifache Geschm\u00e4cker, eine 0,9 Ohm Dual-Mesh-Spule, 54 ml E-Liquid und 60000 Z\u00fcge. Es hat einen 650mAh Type-C wiederaufladbaren Akku, LED-Display, 42<em>42<\/em>110 mm Gr\u00f6\u00dfe und 160 St\u00fcck\/21,7 kg Karton, kompakt und zuverl\u00e4ssig.<\/div>\n<\/div>\n<\/div>\n<\/div>","protected":false},"featured_media":7640,"comment_status":"open","ping_status":"closed","template":"","meta":{"_acf_changed":false,"inline_featured_image":false,"_sitemap_exclude":false,"_sitemap_priority":"","_sitemap_frequency":""},"product_brand":[398],"product_cat":[397,239,242],"product_tag":[],"class_list":{"0":"post-7615","1":"product","2":"type-product","3":"status-publish","4":"has-post-thumbnail","6":"product_brand-fihp","7":"product_cat-fihp-puff","8":"product_cat-disposable-vape-collection","9":"product_cat-60k-puff","11":"first","12":"instock","13":"sale","14":"shipping-taxable","15":"purchasable","16":"product-type-variable","17":"has-default-attributes"},"acf":[],"tiered_pricing_type":"fixed","tiered_pricing_fixed_rules":{"30":8.67,"60":7.98,"100":7.3,"200":6.89},"tiered_pricing_product_settings":{"layout":"default","base_unit_name":{"singular":null,"plural":null},"default_variation":null},"tiered_pricing_minimum_quantity":10,"tiered_pricing_roles_data":[],"tiered_pricing_percentage_rules":[],"tiered_pricing_maximum_quantity":null,"tiered_pricing_quantity_step":"10","_links":{"self":[{"href":"https:\/\/oiovape.com\/de\/wp-json\/wp\/v2\/product\/7615","targetHints":{"allow":["GET"]}}],"collection":[{"href":"https:\/\/oiovape.com\/de\/wp-json\/wp\/v2\/product"}],"about":[{"href":"https:\/\/oiovape.com\/de\/wp-json\/wp\/v2\/types\/product"}],"replies":[{"embeddable":true,"href":"https:\/\/oiovape.com\/de\/wp-json\/wp\/v2\/comments?post=7615"}],"version-history":[{"count":0,"href":"https:\/\/oiovape.com\/de\/wp-json\/wp\/v2\/product\/7615\/revisions"}],"wp:featuredmedia":[{"embeddable":true,"href":"https:\/\/oiovape.com\/de\/wp-json\/wp\/v2\/media\/7640"}],"wp:attachment":[{"href":"https:\/\/oiovape.com\/de\/wp-json\/wp\/v2\/media?parent=7615"}],"wp:term":[{"taxonomy":"product_brand","embeddable":true,"href":"https:\/\/oiovape.com\/de\/wp-json\/wp\/v2\/product_brand?post=7615"},{"taxonomy":"product_cat","embeddable":true,"href":"https:\/\/oiovape.com\/de\/wp-json\/wp\/v2\/product_cat?post=7615"},{"taxonomy":"product_tag","embeddable":true,"href":"https:\/\/oiovape.com\/de\/wp-json\/wp\/v2\/product_tag?post=7615"}],"curies":[{"name":"wp","href":"https:\/\/api.w.org\/{rel}","templated":true}]}}