{"id":7642,"date":"2026-03-07T10:16:05","date_gmt":"2026-03-07T02:16:05","guid":{"rendered":"https:\/\/oiovape.com\/?post_type=product&#038;p=7642"},"modified":"2026-03-07T11:50:49","modified_gmt":"2026-03-07T03:50:49","slug":"fihp-40000-puffs","status":"publish","type":"product","link":"https:\/\/oiovape.com\/de\/product\/fihp-40000-puffs\/","title":{"rendered":"FIHP 40000 PUFFS Doppelte Aromen 650mah Akku Wiederaufladbare Einweg E-Zigarette"},"content":{"rendered":"<div data-page-id=\"ZVeMfq8uxd7y1ycuKm5cym4LnYd\" data-lark-html-role=\"root\" data-docx-has-block-data=\"false\">\n<div data-page-id=\"Fd41fZ5N9dzRQtcRNoVc2FuDnCh\" data-lark-html-role=\"root\" data-docx-has-block-data=\"true\">\n<div data-page-id=\"BdIJfeeijdk1eucGpS8cDCBBn5c\" data-lark-html-role=\"root\" data-docx-has-block-data=\"false\">\n<div data-page-id=\"Zbg9fWx77dUuh2cIYpic25c8nyd\" data-lark-html-role=\"root\" data-docx-has-block-data=\"false\">\n<div data-page-id=\"KaIvfiurhdlCKdc0kyxcX64cnE6\" data-lark-html-role=\"root\" data-docx-has-block-data=\"true\">\n<div data-page-id=\"PbvFfqxqlddUTScRpEYcY5MHnpf\" data-lark-html-role=\"root\" data-docx-has-block-data=\"true\">\n<div data-page-id=\"GZO2f5JeudwY4jc9iJtcdk9Hnxh\" data-lark-html-role=\"root\" data-docx-has-block-data=\"false\">\n<div data-page-id=\"EZVRf2acFduXLGcseZFc4qH2n6e\" data-lark-html-role=\"root\" data-docx-has-block-data=\"false\">\n<div data-page-id=\"B8rHfcqlqdzmH5cCWCncz17Cntb\" data-lark-html-role=\"root\" data-docx-has-block-data=\"false\">\n<div data-page-id=\"B8rHfcqlqdzmH5cCWCncz17Cntb\" data-lark-html-role=\"root\" data-docx-has-block-data=\"false\">\n<div data-page-id=\"B8rHfcqlqdzmH5cCWCncz17Cntb\" data-lark-html-role=\"root\" data-docx-has-block-data=\"true\">\n<div data-page-id=\"HM70f1aoxdD0bMcxJZBcVc7ynZd\" data-lark-html-role=\"root\" data-docx-has-block-data=\"false\">\n<div data-page-id=\"NSrJfN7Ord22i0c1iwZcsF8yn8b\" data-lark-html-role=\"root\" data-docx-has-block-data=\"false\">\n<div data-page-id=\"RXEff4Mskds8o1cqL5HcGEtUnCh\" data-lark-html-role=\"root\" data-docx-has-block-data=\"false\">\n<div data-page-id=\"KJ7gfqkVndMSRJcMseScmvYwnTc\" data-lark-html-role=\"root\" data-docx-has-block-data=\"false\">\n<div class=\"ace-line ace-line old-record-id-QADAfETPudgmudc05YvcTO5fnxe\">\n<div data-page-id=\"KJ7gfqkVndMSRJcMseScmvYwnTc\" data-lark-html-role=\"root\" data-docx-has-block-data=\"false\">\n<div class=\"ace-line ace-line old-record-id-JoRkfpho8dOkiacEOascDyCOncb\">\n<div data-page-id=\"KJ7gfqkVndMSRJcMseScmvYwnTc\" data-lark-html-role=\"root\" data-docx-has-block-data=\"false\">\n<div data-page-id=\"Ju6ofQ3V4dGmePcVvJvc1gmcnZb\" data-lark-html-role=\"root\" data-docx-has-block-data=\"true\">\n<div data-page-id=\"PR9ife5PLdFabccbFgZcWgZOnTc\" data-lark-html-role=\"root\" data-docx-has-block-data=\"false\">\n<div data-page-id=\"INdrfOIGzdaenXcptrcc1BcznQc\" data-lark-html-role=\"root\" data-docx-has-block-data=\"false\">\n<div class=\"ace-line ace-line old-record-id-P0fIf4YaZdoGkbcxt5ackec2nnb\">\n<div data-page-id=\"INdrfOIGzdaenXcptrcc1BcznQc\" data-lark-html-role=\"root\" data-docx-has-block-data=\"false\">\n<div data-page-id=\"MAzCfUB73dMTQscm8eWcougVn1g\" data-lark-html-role=\"root\" data-docx-has-block-data=\"true\">\n<div data-page-id=\"AXfpf7H1odhDvGcKoUOcErN8nV7\" data-lark-html-role=\"root\" data-docx-has-block-data=\"false\">\n<div data-page-id=\"QYTKf5PvLdUNdbce2nBcW9yfnrh\" data-lark-html-role=\"root\" data-docx-has-block-data=\"false\">\n<div data-page-id=\"Pvu1f1CCBdxbjncA9pgcBTpanph\" data-lark-html-role=\"root\" data-docx-has-block-data=\"true\">\n<div data-page-id=\"Axf3fcmY8dDAhtcjVircBcphnPc\" data-lark-html-role=\"root\" data-docx-has-block-data=\"false\">\n<div data-page-id=\"KKj1f9SPmdLhhMc5E2AcNlLen6f\" data-lark-html-role=\"root\" data-docx-has-block-data=\"true\">\n<div data-page-id=\"Rx61fK1sJdXHjPcBuhZcweNhnwc\" data-lark-html-role=\"root\" data-docx-has-block-data=\"false\">\n<div data-page-id=\"L1H9fkG9Mdz45Fcy4WMc5VKXnRe\" data-lark-html-role=\"root\" data-docx-has-block-data=\"false\">\n<div data-page-id=\"L1H9fkG9Mdz45Fcy4WMc5VKXnRe\" data-lark-html-role=\"root\" data-docx-has-block-data=\"false\">\n<div data-page-id=\"D4XLfVBVrdE8mrcaYizczklLnaf\" data-lark-html-role=\"root\" data-docx-has-block-data=\"false\">\n<div data-page-id=\"WVcifIY44d5mhMcXtyEcTsfenGd\" data-lark-html-role=\"root\" data-docx-has-block-data=\"true\">\n<div data-page-id=\"LRknfa6Whd4DWCcUc0FcNKpJnyh\" data-lark-html-role=\"root\" data-docx-has-block-data=\"false\">\n<div data-page-id=\"LRknfa6Whd4DWCcUc0FcNKpJnyh\" data-lark-html-role=\"root\" data-docx-has-block-data=\"false\">\n<div data-page-id=\"XFRAfkcOEdRWh8cArQ2cJdyRnJf\" data-lark-html-role=\"root\" data-docx-has-block-data=\"true\">\n<div data-page-id=\"OQ3bfjnRddMTDGcC3ouc6xFKnWf\" data-lark-html-role=\"root\" data-docx-has-block-data=\"true\">\n<div data-page-id=\"J0iGfj1hEdjc4rcUdSmc4spMnmZ\" data-lark-html-role=\"root\" data-docx-has-block-data=\"false\">\n<div data-page-id=\"P1o7fFyNlduP8tcfZpQcagzbnIf\" data-lark-html-role=\"root\" data-docx-has-block-data=\"false\">\n<div class=\"ace-line ace-line old-record-id-P1o7fFyNlduP8tcfZpQcagzbnIf\">\n<div data-page-id=\"P1o7fFyNlduP8tcfZpQcagzbnIf\" data-lark-html-role=\"root\" data-docx-has-block-data=\"false\">\n<div data-page-id=\"U4iufW38SdttWKcTstMcTtHRnXc\" data-lark-html-role=\"root\" data-docx-has-block-data=\"true\">\n<div data-page-id=\"ONVMf7VTWddcFtcyATOchCJHnZb\" data-lark-html-role=\"root\" data-docx-has-block-data=\"true\">\n<div data-page-id=\"KoW2fSy0PdLHFlc5kSHcgvWMnYg\" data-lark-html-role=\"root\" data-docx-has-block-data=\"false\">\n<div data-page-id=\"KoW2fSy0PdLHFlc5kSHcgvWMnYg\" data-lark-html-role=\"root\" data-docx-has-block-data=\"false\">\n<div data-page-id=\"OLGhfzxC7d7EFIcLEj9cRT5ynZf\" data-lark-html-role=\"root\" data-docx-has-block-data=\"false\">\n<div data-page-id=\"DdnnfrLjzdqrFIc9Il9c7pA2noc\" data-lark-html-role=\"root\" data-docx-has-block-data=\"true\">\n<div data-page-id=\"KNzcf2o0oddkJOcztTVcqPdlnth\" data-lark-html-role=\"root\" data-docx-has-block-data=\"false\">\n<div data-page-id=\"LBU7fg5SEdkWhecGJoxca3xvnCe\" data-lark-html-role=\"root\" data-docx-has-block-data=\"false\">\n<div data-page-id=\"EB70fooS3d69bMcgWB7c5qb9n8g\" data-lark-html-role=\"root\" data-docx-has-block-data=\"false\">\n<div data-page-id=\"AogwfsZCadB6t0cAvF0cK4JLnvf\" data-lark-html-role=\"root\" data-docx-has-block-data=\"false\">\n<div data-page-id=\"AogwfsZCadB6t0cAvF0cK4JLnvf\" data-lark-html-role=\"root\" data-docx-has-block-data=\"false\">\n<div data-page-id=\"JMZIflNGddQuU0c5JZocSqlvnle\" data-lark-html-role=\"root\" data-docx-has-block-data=\"false\">\n<div data-page-id=\"JMZIflNGddQuU0c5JZocSqlvnle\" data-lark-html-role=\"root\" data-docx-has-block-data=\"true\">\n<div data-page-id=\"HtEafjjRIdPAlMc9zgYcsGy6nOe\" data-lark-html-role=\"root\" data-docx-has-block-data=\"false\">\n<div data-page-id=\"Rhnafz0WTdDeT9c43xxczsbVnJo\" data-lark-html-role=\"root\" data-docx-has-block-data=\"false\">\n<div data-page-id=\"WY0CfKdcTdf4hVcZl67ct5LGncf\" data-lark-html-role=\"root\" data-docx-has-block-data=\"true\">\n<div data-page-id=\"MkB5fF4AVdchovcoPEpc7LqvnOd\" data-lark-html-role=\"root\" data-docx-has-block-data=\"true\">\n<div data-page-id=\"MfbjfZhbhdJdA8cH1dAckqF0n6g\" data-lark-html-role=\"root\" data-docx-has-block-data=\"false\">\n<div class=\"ace-line ace-line old-record-id-W2AHfJLnjd7ugjcRLs1c8BdhnNh\">\n<div data-page-id=\"MfbjfZhbhdJdA8cH1dAckqF0n6g\" data-lark-html-role=\"root\" data-docx-has-block-data=\"false\">\n<div class=\"old-record-id-XXd1feeCZdR2hJc6evocxnh1nOg\">\n<div data-page-id=\"MfbjfZhbhdJdA8cH1dAckqF0n6g\" data-lark-html-role=\"root\" data-docx-has-block-data=\"false\">\n<div data-page-id=\"DE51fYUmxdT3ekcHzc3cGrVQnsc\" data-lark-html-role=\"root\" data-docx-has-block-data=\"false\">\n<div data-page-id=\"YSKdfaZ08dRej3ci5CccQBuOncc\" data-lark-html-role=\"root\" data-docx-has-block-data=\"true\">\n<div data-page-id=\"K6mofQmledamEFcgp1EcVobmnYd\" data-lark-html-role=\"root\" data-docx-has-block-data=\"false\">\n<div data-page-id=\"VTgsfVLdCd9q1ucYcwRcCM0Hnof\" data-lark-html-role=\"root\" data-docx-has-block-data=\"true\">\n<div data-page-id=\"WucKfzp8RdNy8rcMJHncz4Knnac\" data-lark-html-role=\"root\" data-docx-has-block-data=\"true\">\n<div data-page-id=\"IfZ9fDIBLd9b9hcJiqGcLw9Pnmh\" data-lark-html-role=\"root\" data-docx-has-block-data=\"false\">\n<div data-page-id=\"JeU6f3Yq5dbdEHcZDptc5ikcn5c\" data-lark-html-role=\"root\" data-docx-has-block-data=\"true\">\n<div data-page-id=\"E1YjfnB4Jdmtsfc2ZObcu04Un6c\" data-lark-html-role=\"root\" data-docx-has-block-data=\"false\">\n<div data-page-id=\"RQVEfdiOzdqTQKcRcnxcG0Y7nce\" data-lark-html-role=\"root\" data-docx-has-block-data=\"true\">\n<div data-page-id=\"NKc7fbZi9dnOXocdHcScVsXdnmh\" data-lark-html-role=\"root\" data-docx-has-block-data=\"false\">\n<div data-page-id=\"DaE3fgNEwdnbQVc62iqcBK4lnte\" data-lark-html-role=\"root\" data-docx-has-block-data=\"false\">\n<div data-page-id=\"DaE3fgNEwdnbQVc62iqcBK4lnte\" data-lark-html-role=\"root\" data-docx-has-block-data=\"false\">\n<div data-page-id=\"NqSRfcp5SdFQ6ucdStXcbvManpc\" data-lark-html-role=\"root\" data-docx-has-block-data=\"false\">\n<div data-page-id=\"KydBfoEuudJNYhcgRdAc3aeUn7c\" data-lark-html-role=\"root\" data-docx-has-block-data=\"true\">\n<div data-page-id=\"SIqXfR5ipd7jWpczA5RcYkWInfd\" data-lark-html-role=\"root\" data-docx-has-block-data=\"false\">\n<div data-page-id=\"Y06XfUzydd0aVicBtPKcZlS8nJf\" data-lark-html-role=\"root\" data-docx-has-block-data=\"true\">\n<div data-page-id=\"E2ZvfNrVNdEHKickexPcvdXVnrc\" data-lark-html-role=\"root\" data-docx-has-block-data=\"false\">\n<div data-page-id=\"DqGzfq5S4d9GdAcOQVIcIdPhn2c\" data-lark-html-role=\"root\" data-docx-has-block-data=\"false\">\n<div data-page-id=\"HsKcfE4WLdET7ScRm72cTZ96nPb\" data-lark-html-role=\"root\" data-docx-has-block-data=\"false\">\n<div data-page-id=\"MvWFfuF4Edx69KcRSmmcvS2LndG\" data-lark-html-role=\"root\" data-docx-has-block-data=\"true\">\n<div data-page-id=\"BSNMfUsMXd3XFscNxbDcufC2nEg\" data-lark-html-role=\"root\" data-docx-has-block-data=\"false\">\n<div data-page-id=\"Rr0Mfry1adQB66cMkYGcCmoWnKe\" data-lark-html-role=\"root\" data-docx-has-block-data=\"true\">\n<div data-page-id=\"A7fMfxJhydfxJUc6VX9cVvDKnpd\" data-lark-html-role=\"root\" data-docx-has-block-data=\"false\">\n<div data-page-id=\"A7fMfxJhydfxJUc6VX9cVvDKnpd\" data-lark-html-role=\"root\" data-docx-has-block-data=\"false\">\n<div data-page-id=\"WbzgfFBuTduiBjc6rORciNrNnlf\" data-lark-html-role=\"root\" data-docx-has-block-data=\"false\">\n<div data-page-id=\"R0Rzf8rQUdoB9hcxkiqc9kKHnk2\" data-lark-html-role=\"root\" data-docx-has-block-data=\"true\">\n<div data-page-id=\"ZwXFfRomCdt9G4cs33scepfHnoe\" data-lark-html-role=\"root\" data-docx-has-block-data=\"false\">\n<div data-page-id=\"UFFTffnWTdbuv3coRhBc3zxBnMf\" data-lark-html-role=\"root\" data-docx-has-block-data=\"true\">\n<div data-page-id=\"FV0FfDT4ZdfJZoc4SMccT5Rjndf\" data-lark-html-role=\"root\" data-docx-has-block-data=\"false\">\n<div data-page-id=\"QfqMfQ3H3dBjAycBmxFct9R0nOd\" data-lark-html-role=\"root\" data-docx-has-block-data=\"false\">\n<div data-page-id=\"DXwcf38JSdYoRnczvWycOLbJnKg\" data-lark-html-role=\"root\" data-docx-has-block-data=\"false\">\n<div data-page-id=\"ERF5fOYoJdJoKBcJe3dczeiRnhb\" data-lark-html-role=\"root\" data-docx-has-block-data=\"false\">\n<div data-page-id=\"Xz9kf6dXYdrSpeczDiscWevtn5g\" data-lark-html-role=\"root\" data-docx-has-block-data=\"false\">\n<div data-page-id=\"NXFofecridPG1Kco9gVcxXiEnGf\" data-lark-html-role=\"root\" data-docx-has-block-data=\"false\">\n<div data-page-id=\"EFevfzjvkdlSPEcTWBIc7eVvnog\" data-lark-html-role=\"root\" data-docx-has-block-data=\"false\">\n<div data-page-id=\"M7PifBvbPdUAXlc1ga1ceAEFnrc\" data-lark-html-role=\"root\" data-docx-has-block-data=\"false\">\n<div data-page-id=\"Xk47fsExQdGT3dcRYNzcCeZ0nYb\" data-lark-html-role=\"root\" data-docx-has-block-data=\"false\">\n<div data-page-id=\"OUXufVxtNdzLz9cI8Ijchmyfnrg\" data-lark-html-role=\"root\" data-docx-has-block-data=\"false\">\n<div data-page-id=\"XAtVfnKQidPyc6cF1jhc2z2AnZ1\" data-lark-html-role=\"root\" data-docx-has-block-data=\"false\">\n<div data-page-id=\"B4r8fXUqIde4brcGXg2crgLmn7F\" data-lark-html-role=\"root\" data-docx-has-block-data=\"true\">\n<div data-page-id=\"CcjPfD4Ied4jf2cwt2hcyeGNnHe\" data-lark-html-role=\"root\" data-docx-has-block-data=\"false\">\n<div data-page-id=\"M3lyfHsq4dQP8dc5mI8c3rXxnNc\" data-lark-html-role=\"root\" data-docx-has-block-data=\"false\">\n<div data-page-id=\"E0A4fWGfudmWVGczZV8cLv8Znwd\" data-lark-html-role=\"root\" data-docx-has-block-data=\"false\">\n<div data-page-id=\"M3lyfHsq4dQP8dc5mI8c3rXxnNc\" data-lark-html-role=\"root\" data-docx-has-block-data=\"false\">\n<h2 class=\"ace-line ace-line old-record-id-M3lyfHsq4dQP8dc5mI8c3rXxnNc\">FIHP 40000 Z\u00fcge \u2013 Produkteinf\u00fchrung \u2744\ufe0f<\/h2>\n<div class=\"ace-line ace-line old-record-id-EHizfKYtSdqqyycJkF7cSQM7nRf\">FIHP 40000 Z\u00fcge hebt sich auf dem Markt f\u00fcr Einweg-Vapes mit seiner ultra-langen Lebensdauer von 40000 Z\u00fcgen und 12 kreativen Dualgeschmacksmischungen hervor. Es kombiniert eine Dual-Mesh-Spule, 36 ml E-Liquid und einen 650mAh wiederaufladbaren Akku, alles in einem kompakten Design, das leicht zu tragen und zu verwenden ist.<\/div>\n<div class=\"ace-line ace-line old-record-id-VLRYfV0FidXRYucPgoNcgpbbnjf\">Keine ausgefallenen Spielereien, nur zuverl\u00e4ssige Leistung und k\u00f6stliche Geschmackskombinationen. Es verf\u00fcgt auch \u00fcber ein LED-Display, Type-C-Ladung und zwei Nikotinst\u00e4rken, was es zu einer vielseitigen Wahl f\u00fcr Dampfer macht, die Langlebigkeit und Geschmack sch\u00e4tzen. \ud83d\ude80<br \/>\n<img decoding=\"async\" class=\"alignnone wp-image-7617 size-full\" title=\"FIHP 40K Poster\" src=\"https:\/\/oiovape.com\/wp-content\/uploads\/2026\/03\/FIHP-40K-Poster-scaled.jpg\" alt=\"FIHP 40K Poster\" width=\"2560\" height=\"853\" srcset=\"https:\/\/oiovape.com\/wp-content\/uploads\/2026\/03\/FIHP-40K-Poster-scaled.jpg 2560w, https:\/\/oiovape.com\/wp-content\/uploads\/2026\/03\/FIHP-40K-Poster-300x100.jpg 300w, https:\/\/oiovape.com\/wp-content\/uploads\/2026\/03\/FIHP-40K-Poster-1024x341.jpg 1024w, https:\/\/oiovape.com\/wp-content\/uploads\/2026\/03\/FIHP-40K-Poster-768x256.jpg 768w, https:\/\/oiovape.com\/wp-content\/uploads\/2026\/03\/FIHP-40K-Poster-1536x512.jpg 1536w, https:\/\/oiovape.com\/wp-content\/uploads\/2026\/03\/FIHP-40K-Poster-2048x683.jpg 2048w, https:\/\/oiovape.com\/wp-content\/uploads\/2026\/03\/FIHP-40K-Poster-18x6.jpg 18w, https:\/\/oiovape.com\/wp-content\/uploads\/2026\/03\/FIHP-40K-Poster-1200x400.jpg 1200w, https:\/\/oiovape.com\/wp-content\/uploads\/2026\/03\/FIHP-40K-Poster-150x50.jpg 150w\" sizes=\"(max-width: 2560px) 100vw, 2560px\" \/><\/div>\n<h2 class=\"heading-2 ace-line old-record-id-ClHffoz4CdvwLec7aJDcQEaOnrh\">12 Dualgeschm\u00e4cker: Eine perfekte Mischung aus Geschmack &amp; Spa\u00df \ud83e\uddc3<\/h2>\n<div class=\"ace-line ace-line old-record-id-OQ3ofDWLGdfCTNcXN5gc6E8wnqg\">Was FIHP 40000 Z\u00fcge besonders macht, ist der Fokus auf Dualgeschmacksmischungen \u2013 12 sorgf\u00e4ltig zusammengestellte Paare (in Reihenfolge), die komplement\u00e4re Geschm\u00e4cker mischen, um geschichtete, angenehme Erlebnisse zu schaffen. Jede Mischung balanciert zwei Geschm\u00e4cker perfekt, sodass Sie das Beste aus beiden Welten in jedem Zug erhalten.<\/div>\n<h3 class=\"heading-3 ace-line old-record-id-S65qfglDTdfJxmcgifocuFgDn3b\">Dualgeschmack Aufstellung<\/h3>\n<div class=\"ace-line ace-line old-record-id-Omcsfy3dWd8YN3c0BVrceuzqnTc\">01. Zitrone Limette &amp; Wassermelonen Eis \ud83c\udf49 (ein knackiges, k\u00fchles Duo)<br \/>\n02. Trauben Eis &amp; Erdbeer Kiwi \ud83e\udd5d (s\u00fc\u00dfe Traube trifft frische Kiwi-Erdbeere)<br \/>\n03. Ananas Kokosnuss &amp; Erdbeer Banane \ud83c\udf4d (tropische S\u00fc\u00dfe in jedem Zug)<\/div>\n<div class=\"ace-line ace-line old-record-id-RQwefDFu6dRRVjcEgeOcpYaZnob\">04. Orange Mango Wassermelone &amp; Red Bull Eis \u26a1 (fruchtige Frische mit einem Energieschub)<br \/>\n05. Blaubeer Eis &amp; Fizzy Kirsche \ud83c\udf52 (eisige Blaubeere kombiniert mit sprudelnder Kirsche)<br \/>\n06. Pfirsich Eis &amp; Gemischte Beeren \ud83c\udf51 (k\u00fchler Pfirsich gemischt mit verschiedenen Beeren)<\/div>\n<div class=\"ace-line ace-line old-record-id-EbDQfuPyedmsbbcd2LicjUbqnhg\">07. Doppel Apfel Eis &amp; Liebe 666 \ud83c\udf4e (knackiges Doppel Apfel Eis mit einer einzigartigen Wendung)<br \/>\n08. Erdbeer Himbeere Kirsche &amp; Erdbeer Eis \ud83c\udf53 (Beeren-Medley trifft eisige Erdbeere)<br \/>\n09. Blaue Razz Limonade &amp; Kirsch Cola Eis \ud83e\udd64 (w\u00fcrzige blaue Razz Limonade mit Kirsch Cola Frische)<\/div>\n<div class=\"ace-line ace-line old-record-id-AAP2fkVIddotBWcVObscr9JnnTb\">10. Pfirsich Mango Ananas &amp; Kirsch Eis \ud83c\udf4d (tropisches Trio mit eisiger Kirsche)<br \/>\n11. Schwarzer Drache Eis &amp; Kiwi Passionsfrucht Guave \ud83e\udd65 (eisige schwarze Drachenfrucht gemischt mit tropischer Guave-Kiwi)<br \/>\n12. Saure Apfel Himbeere &amp; Erdbeer Kirsche \ud83c\udf4e (w\u00fcrzige saure Apfel-Himbeere mit s\u00fc\u00dfer Erdbeer-Kirsche)<\/div>\n<h4 class=\"heading-4 ace-line old-record-id-H6imfYbxodCS6ncUc59codQDnjO\">Dual-Mesh-Spule: Sanfte &amp; konsistente Z\u00fcge<\/h4>\n<div class=\"ace-line ace-line old-record-id-XMIhfzgHHdpnWwc4oo6ceNLfn2Y\">Angetrieben von einer 1,0 Ohm Dual-Mesh-Spule liefert FIHP 40000 Z\u00fcge jedes Mal sanfte, konsistente Z\u00fcge. Das Dual-Spulen-Design erhitzt das E-Liquid gleichm\u00e4\u00dfig und entfaltet den vollen Geschmack jeder Dualmischung ohne verbrannte Noten oder Sch\u00e4rfe. Es ist f\u00fcr Langlebigkeit gebaut und entspricht der Lebensdauer von 40000 Z\u00fcgen f\u00fcr ununterbrochenen Genuss.<\/div>\n<h2 class=\"heading-2 ace-line old-record-id-NY9dfBtoXdZ85VcTYpScz1GpnQf\">Ultra-lange Lebensdauer &amp; praktische Funktionen \ud83d\udee0\ufe0f<\/h2>\n<div class=\"ace-line ace-line old-record-id-SJSIfF4H4dnlMocYFD2cKbfYnpg\">Die Lebensdauer von 40000 Z\u00fcgen ist der Star der Show \u2013 selbst bei t\u00e4glichem, h\u00e4ufigem Gebrauch h\u00e4lt dieses Ger\u00e4t wochenlang, wodurch der Aufwand f\u00fcr h\u00e4ufige Ger\u00e4tewechsel entf\u00e4llt. Es kombiniert diese Langlebigkeit mit praktischen Funktionen, die das Dampfen einfacher und individueller machen.<\/div>\n<h3 class=\"heading-3 ace-line old-record-id-YYEHf9ePOd6VrwcM16Nckd5onOf\">Akku &amp; Laden: Bequem &amp; Zuverl\u00e4ssig<\/h3>\n<div class=\"ace-line ace-line old-record-id-P64Mf6vsvdTuIHc1y7Nc3K9vndg\">Ausgestattet mit einem 650mAh wiederaufladbaren Akku, h\u00e4lt es mit der Lebensdauer von 40000 Z\u00fcgen Schritt. Der Type-C-Ladeanschluss erm\u00f6glicht es Ihnen, den Akku schnell aufzuladen, sodass Sie Ihre Dampferfahrung nicht lange unterbrechen m\u00fcssen. Kein Wegwerfen von Ger\u00e4ten mit \u00fcbrig gebliebenem E-Liquid mehr.<\/div>\n<h4 class=\"heading-4 ace-line old-record-id-IDv7fBmjcdwFTlcebmdcVgHBn2c\">LED-Display &amp; Nikotinalternativen<\/h4>\n<div class=\"ace-line ace-line old-record-id-HTL0fyYjrdWbJJcNctkcPgW0nlf\">Das LED-Display informiert Sie \u00fcber die Akkulaufzeit und den E-Liquid-Spiegel, sodass Sie nie unerwartet ohne auskommen. Es bietet auch zwei Nikotinst\u00e4rken \u2013 2% und 5% \u2013 die unterschiedlichen Vorlieben gerecht werden, egal ob Sie einen milden oder st\u00e4rkeren Zug bevorzugen.<\/div>\n<h2 class=\"heading-2 ace-line old-record-id-IJsrfIlD3dhlv8cWKtMc8DLFn5e\">Kompaktes Design &amp; praktische Verpackung \ud83d\udce6<\/h2>\n<div class=\"ace-line ace-line old-record-id-V09kfbfZCdRGp6cdLwucodLQn4g\">Mit einer Produktgr\u00f6\u00dfe von 50*25*98mm ist FIHP 40000 Z\u00fcge kompakt und leicht, einfach in die Tasche oder den Rucksack zu stecken f\u00fcr den Einsatz unterwegs. Die Verpackung ist ebenso praktisch, mit jedem Karton (595*374*260mm), der 200 St\u00fcck enth\u00e4lt und 20,7 kg wiegt \u2013 perfekt f\u00fcr die Lagerung oder den Wiederverkauf in gro\u00dfen Mengen.<\/div>\n<\/div>\n<\/div>\n<\/div>\n<\/div>\n<\/div>\n<\/div>\n<\/div>\n<\/div>\n<\/div>\n<\/div>\n<\/div>\n<\/div>\n<\/div>\n<\/div>\n<\/div>\n<\/div>\n<\/div>\n<\/div>\n<\/div>\n<\/div>\n<\/div>\n<\/div>\n<\/div>\n<\/div>\n<\/div>\n<\/div>\n<\/div>\n<\/div>\n<\/div>\n<\/div>\n<\/div>\n<\/div>\n<\/div>\n<\/div>\n<\/div>\n<\/div>\n<\/div>\n<\/div>\n<\/div>\n<\/div>\n<\/div>\n<\/div>\n<\/div>\n<\/div>\n<\/div>\n<\/div>\n<\/div>\n<\/div>\n<\/div>\n<\/div>\n<\/div>\n<\/div>\n<\/div>\n<\/div>\n<\/div>\n<\/div>\n<\/div>\n<\/div>\n<\/div>\n<\/div>\n<\/div>\n<\/div>\n<\/div>\n<\/div>\n<\/div>\n<\/div>\n<\/div>\n<\/div>\n<\/div>\n<\/div>\n<\/div>\n<\/div>\n<\/div>\n<\/div>\n<\/div>\n<\/div>\n<\/div>\n<\/div>\n<\/div>\n<\/div>\n<\/div>\n<\/div>\n<\/div>\n<\/div>\n<\/div>\n<\/div>\n<\/div>\n<\/div>\n<\/div>\n<\/div>\n<\/div>\n<\/div>\n<\/div>\n<\/div>\n<\/div>\n<\/div>\n<\/div>\n<\/div>\n<\/div>\n<\/div>\n<\/div>\n<\/div>\n<\/div>\n<\/div>\n<\/div>\n<\/div>\n<\/div>\n<\/div>\n<\/div>","protected":false},"excerpt":{"rendered":"<div data-page-id=\"RAopf2sw9dtvw4cWYXpcTwo0n8g\" data-lark-html-role=\"root\" data-docx-has-block-data=\"false\">\n<div class=\"ace-line ace-line old-record-id-Uju9f3RXYd8dh2crAJbcBF3Un6M\">\n<div data-page-id=\"Dd8gfe2wRdT66jcgnqtcUwg5ndh\" data-lark-html-role=\"root\" data-docx-has-block-data=\"false\">\n<div class=\"ace-line ace-line old-record-id-FiRZf3qXpdK0RqcHt8wcxPTon8b\">FIHP 40000 Z\u00fcge bietet 12 bestellte Dualgeschm\u00e4cker, eine 1,0 Ohm Dual-Mesh-Spule, 36 ml E-Liquid (2%\/5% Nikotin) und 40000 Z\u00fcge. Es hat einen 650mAh Type-C wiederaufladbaren Akku, LED-Display, 50<em>25<\/em>98mm Gr\u00f6\u00dfe und 200 St\u00fcck\/20,7 kg Karton, kompakt und praktisch.<\/div>\n<\/div>\n<\/div>\n<\/div>","protected":false},"featured_media":7627,"comment_status":"open","ping_status":"closed","template":"","meta":{"_acf_changed":false,"inline_featured_image":false,"_sitemap_exclude":false,"_sitemap_priority":"","_sitemap_frequency":""},"product_brand":[398],"product_cat":[397,239,244],"product_tag":[],"class_list":{"0":"post-7642","1":"product","2":"type-product","3":"status-publish","4":"has-post-thumbnail","6":"product_brand-fihp","7":"product_cat-fihp-puff","8":"product_cat-disposable-vape-collection","9":"product_cat-40k-puff","11":"first","12":"instock","13":"sale","14":"shipping-taxable","15":"purchasable","16":"product-type-variable","17":"has-default-attributes"},"acf":[],"tiered_pricing_type":"fixed","tiered_pricing_fixed_rules":{"30":8.39,"60":7.35,"100":6.3,"200":5.25},"tiered_pricing_product_settings":{"layout":"default","base_unit_name":{"singular":null,"plural":null},"default_variation":null},"tiered_pricing_minimum_quantity":10,"tiered_pricing_roles_data":[],"tiered_pricing_percentage_rules":[],"tiered_pricing_maximum_quantity":null,"tiered_pricing_quantity_step":"10","_links":{"self":[{"href":"https:\/\/oiovape.com\/de\/wp-json\/wp\/v2\/product\/7642","targetHints":{"allow":["GET"]}}],"collection":[{"href":"https:\/\/oiovape.com\/de\/wp-json\/wp\/v2\/product"}],"about":[{"href":"https:\/\/oiovape.com\/de\/wp-json\/wp\/v2\/types\/product"}],"replies":[{"embeddable":true,"href":"https:\/\/oiovape.com\/de\/wp-json\/wp\/v2\/comments?post=7642"}],"version-history":[{"count":1,"href":"https:\/\/oiovape.com\/de\/wp-json\/wp\/v2\/product\/7642\/revisions"}],"predecessor-version":[{"id":7671,"href":"https:\/\/oiovape.com\/de\/wp-json\/wp\/v2\/product\/7642\/revisions\/7671"}],"wp:featuredmedia":[{"embeddable":true,"href":"https:\/\/oiovape.com\/de\/wp-json\/wp\/v2\/media\/7627"}],"wp:attachment":[{"href":"https:\/\/oiovape.com\/de\/wp-json\/wp\/v2\/media?parent=7642"}],"wp:term":[{"taxonomy":"product_brand","embeddable":true,"href":"https:\/\/oiovape.com\/de\/wp-json\/wp\/v2\/product_brand?post=7642"},{"taxonomy":"product_cat","embeddable":true,"href":"https:\/\/oiovape.com\/de\/wp-json\/wp\/v2\/product_cat?post=7642"},{"taxonomy":"product_tag","embeddable":true,"href":"https:\/\/oiovape.com\/de\/wp-json\/wp\/v2\/product_tag?post=7642"}],"curies":[{"name":"wp","href":"https:\/\/api.w.org\/{rel}","templated":true}]}}