{"id":2099,"date":"2025-12-23T09:08:18","date_gmt":"2025-12-23T09:08:18","guid":{"rendered":"https:\/\/oiovape.com\/?page_id=2099"},"modified":"2026-01-12T02:53:11","modified_gmt":"2026-01-12T02:53:11","slug":"shipping-policy","status":"publish","type":"page","link":"https:\/\/oiovape.com\/es\/shipping-policy\/","title":{"rendered":"Pol\u00edtica de Env\u00edo"},"content":{"rendered":"<div data-elementor-type=\"wp-page\" data-elementor-id=\"2099\" class=\"elementor elementor-2099\">\n\t\t\t\t<div class=\"wd-negative-gap elementor-element elementor-element-227fce7a e-flex e-con-boxed e-con e-parent\" data-id=\"227fce7a\" data-element_type=\"container\" data-e-type=\"container\">\n\t\t\t\t\t<div class=\"e-con-inner\">\n\t\t\t\t<div class=\"elementor-element elementor-element-5590ea24 color-scheme-inherit text-left elementor-widget elementor-widget-text-editor\" data-id=\"5590ea24\" data-element_type=\"widget\" data-e-type=\"widget\" data-widget_type=\"text-editor.default\">\n\t\t\t\t\t\t\t\t\t<div data-page-id=\"OlLmfVL21dWsjWcTd4zcJPUmn1d\" data-lark-html-role=\"root\" data-docx-has-block-data=\"false\"><h1 class=\"ace-line ace-line old-record-id-OlLmfVL21dWsjWcTd4zcJPUmn1d\" style=\"text-align: center;\">Pol\u00edtica de Env\u00edo de OioVape<\/h1><div class=\"ace-line ace-line old-record-id-QTi3fRPBLdHmudcHG0ics0HbnXc\"><p><span style=\"color: #000000;\">En <a href=\"https:\/\/oiovape.com\/es\/\"><span style=\"color: #0000ff;\">OioVape<\/span><\/a>, estamos comprometidos a garantizar que cada pedido se le entregue de manera segura, protegida y a tiempo. A continuaci\u00f3n se detallan los t\u00e9rminos de nuestras pol\u00edticas de procesamiento y env\u00edo de pedidos para ayudarle a entender claramente todo el proceso de entrega:<br \/><\/span><\/p><p><img decoding=\"async\" class=\"wp-image-2589 size-full\" title=\"Transporte DHL\" src=\"https:\/\/oiovape.com\/wp-content\/uploads\/2025\/12\/DHL-Transportation-scaled.jpg\" alt=\"Transporte DHL\" width=\"2560\" height=\"1252\" srcset=\"https:\/\/oiovape.com\/wp-content\/uploads\/2025\/12\/DHL-Transportation-scaled.jpg 2560w, https:\/\/oiovape.com\/wp-content\/uploads\/2025\/12\/DHL-Transportation-300x147.jpg 300w, https:\/\/oiovape.com\/wp-content\/uploads\/2025\/12\/DHL-Transportation-1024x501.jpg 1024w, https:\/\/oiovape.com\/wp-content\/uploads\/2025\/12\/DHL-Transportation-768x376.jpg 768w, https:\/\/oiovape.com\/wp-content\/uploads\/2025\/12\/DHL-Transportation-1536x751.jpg 1536w, https:\/\/oiovape.com\/wp-content\/uploads\/2025\/12\/DHL-Transportation-2048x1002.jpg 2048w, https:\/\/oiovape.com\/wp-content\/uploads\/2025\/12\/DHL-Transportation-1200x587.jpg 1200w, https:\/\/oiovape.com\/wp-content\/uploads\/2025\/12\/DHL-Transportation-150x73.jpg 150w\" sizes=\"(max-width: 2560px) 100vw, 2560px\" \/><\/p><p><span style=\"color: #000000;\">\u00a0<\/span><\/p><\/div><h2 class=\"heading-2 ace-line old-record-id-IIyofRUcbdWiUtcDmKFc0czWn4f\"><span style=\"color: #000000;\">Procesamiento de Pedidos<\/span><\/h2><div class=\"ace-line ace-line old-record-id-V3tWfDBBJdQrl8cgQiScHZcWnbb\"><span style=\"color: #000000;\">Todos los pedidos se procesar\u00e1n y enviar\u00e1n dentro de 3-5 d\u00edas h\u00e1biles despu\u00e9s de su realizaci\u00f3n. Generalmente, puede esperar recibir su paquete dentro de 10-18 d\u00edas h\u00e1biles despu\u00e9s del env\u00edo. Tenga en cuenta que no procesamos ni enviamos pedidos los fines de semana o festivos. Durante las temporadas de compras pico o per\u00edodos promocionales, puede haber un ligero retraso en el procesamiento de pedidos; le notificaremos por correo electr\u00f3nico si el retraso supera los 7 d\u00edas h\u00e1biles.<\/span><\/div><h2 class=\"heading-2 ace-line old-record-id-PX26fcAjyd02hycPRYQcDFt9nEO\"><span style=\"color: #000000;\">Seguimiento de su Pedido<\/span><\/h2><div class=\"ace-line ace-line old-record-id-NzMEfuFCTddSZYcr73Pcg293nHd\"><span style=\"color: #000000;\">Una vez que su pedido sea enviado, se enviar\u00e1 un correo electr\u00f3nico de confirmaci\u00f3n de env\u00edo que contiene el n\u00famero de seguimiento a su direcci\u00f3n de correo electr\u00f3nico registrada de inmediato. Por favor, revise su bandeja de entrada regularmente, incluyendo la carpeta de spam\/correo no deseado, y agregue nuestro correo electr\u00f3nico oficial a su lista de confianza para asegurarse de recibir la notificaci\u00f3n puntualmente.<\/span><\/div><div class=\"ace-line ace-line old-record-id-MY1ufOkPlden1lcxgN9cGxaKnzb\"><span style=\"color: #000000;\">Puede rastrear el estado en tiempo real de su pedido visitando <a href=\"http:\/\/17track.net\/\" target=\"_blank\" rel=\"noopener\"><span style=\"color: #0000ff;\">17track.net<\/span><\/a>\u00a0e ingresando su n\u00famero de seguimiento. Tenga en cuenta que la informaci\u00f3n de seguimiento puede tardar de 3 a 7 d\u00edas h\u00e1biles en actualizarse en la plataforma despu\u00e9s de que se despache el pedido, lo cual es una pr\u00e1ctica normal en la industria log\u00edstica.<\/span><\/div><h2 class=\"heading-2 ace-line old-record-id-VeZvfgDgtdcceOccp16c62yjnMd\"><span style=\"color: #000000;\">Modificaciones y Cancelaciones de Pedidos<\/span><\/h2><div class=\"ace-line ace-line old-record-id-R7apf5LYudH8LDcs3hxcoMZxnAg\"><span style=\"color: #000000;\">Si necesita cancelar su pedido o modificar la direcci\u00f3n de entrega, comun\u00edquese con nuestro equipo de servicio al cliente lo antes posible. Podemos acomodar tales solicitudes sin cargo solo si el pedido no ha sido procesado o enviado. Una vez que el pedido sea enviado, no podremos cancelar el pedido, modificar la direcci\u00f3n ni procesar reembolsos relacionados con cambios de env\u00edo.<\/span><\/div><h2 class=\"heading-2 ace-line old-record-id-CZ2IftoLLd59SocbxQRcHydbn1e\"><span style=\"color: #000000;\">Servicios de Aduanas y Despacho<\/span><\/h2><div class=\"ace-line ace-line old-record-id-BEiJfC8N4dujRScwN3mc7VWbnRA\"><span style=\"color: #000000;\">Para brindarle una experiencia de compra sin complicaciones, ofrecemos servicios de env\u00edo DDP (Delivered Duty Paid) para los siguientes pa\u00edses\/regiones. Bajo los t\u00e9rminos DDP, todos los derechos de aduana, impuestos y tarifas de despacho son prepagados por OioVape, y no se le requerir\u00e1 pagar tarifas adicionales al momento de la entrega:<\/span><\/div><ul class=\"list-bullet1\"><li class=\"ace-line ace-line old-record-id-I1XRfliTtdHY6DcPjhEcugtYnmh\" data-list=\"bullet\"><div><span style=\"color: #000000;\"><strong>Uni\u00f3n Europea:<\/strong> Enviado a trav\u00e9s de DHL Express \/ DPD Express<\/span><\/div><\/li><li class=\"ace-line ace-line old-record-id-Usf0fBwh5dR8bZcdVebcMcuzncf\" data-list=\"bullet\"><div><span style=\"color: #000000;\"><strong>Reino Unido:<\/strong> Enviado a trav\u00e9s de DPD Express (con cumplimiento de certificaci\u00f3n CE)<\/span><\/div><\/li><li class=\"ace-line ace-line old-record-id-YCWRf6bDPdsT7ect7secM9jKnHe\" data-list=\"bullet\"><div><span style=\"color: #000000;\"><strong>Estados Unidos:<\/strong> Enviado a trav\u00e9s de UPS (excluyendo Alaska, Haw\u00e1i y estados\/ciudades restringidos seg\u00fan la Ley PACT)<\/span><\/div><\/li><li class=\"ace-line ace-line old-record-id-HlAyfxseKdmSNyclivDcWkPFnfh\" data-list=\"bullet\"><div><span style=\"color: #000000;\"><strong>Canad\u00e1:<\/strong> Enviado a trav\u00e9s de UPS Express (cumple con las regulaciones de Salud Canad\u00e1)<\/span><\/div><\/li><li class=\"ace-line ace-line old-record-id-XzfvfG5DGdWQGkcPZFhcwvNYnbh\" data-list=\"bullet\"><div><span style=\"color: #000000;\"><strong>Australia:<\/strong> Enviado a trav\u00e9s de Australia Post (sujeto a las regulaciones locales sobre productos de vapeo)<\/span><\/div><\/li><\/ul><div class=\"ace-line ace-line old-record-id-Wv1JfYRcQd4HmHcaEcrcEivPnLd\"><span style=\"color: #000000;\">Tenga en cuenta que los servicios DDP no est\u00e1n disponibles en todas las regiones. Para pa\u00edses con pol\u00edticas aduaneras estrictas sobre productos de vapeo (como Dinamarca, Noruega, Suiza y ciertos pa\u00edses del sudeste asi\u00e1tico), los servicios DDP pueden no estar disponibles. En tales casos, pueden incurrirse en tarifas aduaneras adicionales que oscilan entre 10 y 80 EUR, las cuales son responsabilidad del destinatario.<\/span><\/div><h2 class=\"heading-2 ace-line old-record-id-XiFQfC8phdtOKOc0Rvqc9ZsjnHf\"><span style=\"color: #000000;\">Restricciones de Env\u00edo y Cumplimiento<\/span><\/h2><div class=\"ace-line ace-line old-record-id-ZU8kfHgo5d6zKGcXeHncvlMjnPN\"><span style=\"color: #000000;\">En cumplimiento con la Ley de Prevenci\u00f3n de Tr\u00e1fico de Cigarrillos (PACT) y las regulaciones locales, no enviamos productos de vapeo a los siguientes estados\/ciudades de EE. UU.:<\/span><\/div><ul class=\"list-bullet1\"><li class=\"ace-line ace-line old-record-id-MeZOfwdzCd7CnJcmQQwcZ8DGnsb\" data-list=\"bullet\"><div><span style=\"color: #000000;\"><strong>Estados con prohibiciones totales:<\/strong> Arkansas, Georgia, Luisiana, Maine, Nuevo Hampshire, Oreg\u00f3n, Dakota del Sur, Utah, Vermont<\/span><\/div><\/li><li class=\"ace-line ace-line old-record-id-AhphfqNhJdC8HBcekBlcsGgBnNg\" data-list=\"bullet\"><div><span style=\"color: #000000;\"><strong>Estados con prohibiciones de productos con sabor:<\/strong> California, Massachusetts, Montana, Nueva Jersey, Rhode Island, Washington D.C. (solo se permiten productos con sabor a tabaco y sin sabor)<\/span><\/div><\/li><li class=\"ace-line ace-line old-record-id-VS1zfIRO8d5jZ9crfqlcdOUpndh\" data-list=\"bullet\"><div><span style=\"color: #000000;\"><strong>Restricciones especiales:<\/strong> Nueva York (sin env\u00edos de e-l\u00edquidos), Maryland (sin env\u00edos de vape desechables)<\/span><\/div><\/li><\/ul><div class=\"ace-line ace-line old-record-id-Sr9AfWp9IdM9XhcBH5lcCCSTnjg\"><span style=\"color: #000000;\">La verificaci\u00f3n de edad es obligatoria antes de la compra, y todos los pedidos requieren una firma de adulto (18+) al momento de la entrega. No enviamos a apartados postales, direcciones APO\/FPO, o bases militares.<\/span><\/div><h2 class=\"heading-2 ace-line old-record-id-QuP7fgoEfdbGpVcaSHDc5yINn9b\"><span style=\"color: #000000;\">Informaci\u00f3n Adicional<\/span><\/h2><div class=\"ace-line ace-line old-record-id-JHO6fIe9KdTKc8cFZpWc0OqYn8b\"><span style=\"color: #000000;\">Si su pedido es rechazado, devuelto o no entregado debido a informaci\u00f3n de direcci\u00f3n incorrecta, falta de verificaci\u00f3n de edad o incumplimiento de las regulaciones locales, OioVape se reserva el derecho de cobrar tarifas relevantes (incluidos los costos de env\u00edo de devoluci\u00f3n y tarifas de manejo). Recomendamos encarecidamente verificar todos los detalles de entrega y las regulaciones locales sobre vapeo al momento de la compra para evitar problemas innecesarios.<\/span><\/div><div class=\"ace-line ace-line old-record-id-T8avfjDpHdnGRBcLEYccv7VRnPg\"><span style=\"color: #000000;\">Para \u00e1reas remotas (por ejemplo, regiones rurales fuera de las principales ciudades), pueden aplicarse tarifas de env\u00edo adicionales, y los tiempos de entrega pueden extenderse de 3 a 5 d\u00edas h\u00e1biles. Si bien nos esforzamos por garantizar la entrega a tiempo, pueden ocurrir retrasos inevitables debido a las condiciones log\u00edsticas locales, y le mantendremos informado de cualquier retraso significativo.<\/span><\/div><h2 class=\"heading-2 ace-line old-record-id-KsmefQr7OdJJmnc5cGJchxHtn4T\"><span style=\"color: #000000;\">Soporte al Cliente<\/span><\/h2><div class=\"ace-line ace-line old-record-id-G5TNfAQphdCBTFcg8GRceNPRn6c\"><span style=\"color: #000000;\">Si tiene alguna pregunta, inquietud o solicitud especial con respecto a la entrega de su pedido, no dude en comunicarse con nuestro equipo de soporte al cliente. Puede contactarnos por correo electr\u00f3nico a <strong>info@oiovape.com<\/strong> o a trav\u00e9s del formulario \u201cCont\u00e1ctenos\u201d en nuestro sitio web. Nuestro equipo est\u00e1 disponible 24\/7 para brindarle asistencia profesional.<\/span><\/div><div class=\"ace-line ace-line old-record-id-Y8QLfkKuHdlQXech2EWcU64zngd\"><span style=\"color: #000000;\">Gracias por elegir OioVape. \u00a1Esperamos brindarle una experiencia de compra y entrega premium!<\/span><\/div><\/div>\t\t\t\t\t\t\t\t<\/div>\n\t\t\t\t\t<\/div>\n\t\t\t\t<\/div>\n\t\t\t\t<\/div>","protected":false},"excerpt":{"rendered":"<p>OioVape Shipping Policy At OioVape, we are committed to ensuring that every order is delivered to you safely, securely and<\/p>","protected":false},"author":1,"featured_media":0,"parent":0,"menu_order":0,"comment_status":"closed","ping_status":"closed","template":"","meta":{"_acf_changed":false,"inline_featured_image":false,"_sitemap_exclude":false,"_sitemap_priority":"","_sitemap_frequency":"","footnotes":""},"class_list":["post-2099","page","type-page","status-publish","hentry"],"acf":[],"_links":{"self":[{"href":"https:\/\/oiovape.com\/es\/wp-json\/wp\/v2\/pages\/2099","targetHints":{"allow":["GET"]}}],"collection":[{"href":"https:\/\/oiovape.com\/es\/wp-json\/wp\/v2\/pages"}],"about":[{"href":"https:\/\/oiovape.com\/es\/wp-json\/wp\/v2\/types\/page"}],"author":[{"embeddable":true,"href":"https:\/\/oiovape.com\/es\/wp-json\/wp\/v2\/users\/1"}],"replies":[{"embeddable":true,"href":"https:\/\/oiovape.com\/es\/wp-json\/wp\/v2\/comments?post=2099"}],"version-history":[{"count":3,"href":"https:\/\/oiovape.com\/es\/wp-json\/wp\/v2\/pages\/2099\/revisions"}],"predecessor-version":[{"id":3584,"href":"https:\/\/oiovape.com\/es\/wp-json\/wp\/v2\/pages\/2099\/revisions\/3584"}],"wp:attachment":[{"href":"https:\/\/oiovape.com\/es\/wp-json\/wp\/v2\/media?parent=2099"}],"curies":[{"name":"wp","href":"https:\/\/api.w.org\/{rel}","templated":true}]}}