{"id":2633,"date":"2025-12-30T02:47:59","date_gmt":"2025-12-30T02:47:59","guid":{"rendered":"https:\/\/oiovape.com\/?post_type=product&#038;p=2633"},"modified":"2026-04-11T11:26:29","modified_gmt":"2026-04-11T03:26:29","slug":"waspe-fihp-40000-puffs","status":"publish","type":"product","link":"https:\/\/oiovape.com\/es\/product\/waspe-fihp-40000-puffs\/","title":{"rendered":"WASPE FIHP 40000 PUFFS Sabor Doble LED Display Bobina de Malla Dual Cigarrillo Electr\u00f3nico"},"content":{"rendered":"<div data-page-id=\"ZVeMfq8uxd7y1ycuKm5cym4LnYd\" data-lark-html-role=\"root\" data-docx-has-block-data=\"false\">\n<div data-page-id=\"Fd41fZ5N9dzRQtcRNoVc2FuDnCh\" data-lark-html-role=\"root\" data-docx-has-block-data=\"true\">\n<div data-page-id=\"BdIJfeeijdk1eucGpS8cDCBBn5c\" data-lark-html-role=\"root\" data-docx-has-block-data=\"false\">\n<h2 data-path-to-node=\"0\">WASPE FIHP 40000 Puffs \u2013 Inaugurando una Nueva Era de Sabor Dual<\/h2>\n<p data-path-to-node=\"1\">\u00bfEst\u00e1n destinados los dispositivos desechables a ofrecer una experiencia mon\u00f3tona? El WASPE FIHP 40000 Puffs est\u00e1 redefiniendo los l\u00edmites de tus sentidos. No es solo una herramienta de bolsillo para frenar tus antojos; es m\u00e1s bien un miniatura laboratorio de aromas abierto para ti en todo momento. Con un asombroso 40000 puffs, una enorme capacidad de 36ml de l\u00edquido electr\u00f3nico, y tecnolog\u00eda avanzada de bobina de malla dual, cada inhalaci\u00f3n es tan rica y duradera como degustar un vino vintage. Deja atr\u00e1s el inconveniente de cambios frecuentes de dispositivos\u2014este dispositivo contiene suficiente pura alegr\u00eda para consentirte durante semanas.<\/p>\n<p><img decoding=\"async\" class=\"alignnone wp-image-2647 size-full\" title=\"WASPE 40000 Caladas\" src=\"https:\/\/oiovape.com\/wp-content\/uploads\/2025\/12\/WASPE-40000-Puffs.jpg\" alt=\"WASPE 40000 Caladas\" width=\"2000\" height=\"1125\" srcset=\"https:\/\/oiovape.com\/wp-content\/uploads\/2025\/12\/WASPE-40000-Puffs.jpg 2000w, https:\/\/oiovape.com\/wp-content\/uploads\/2025\/12\/WASPE-40000-Puffs-300x169.jpg 300w, https:\/\/oiovape.com\/wp-content\/uploads\/2025\/12\/WASPE-40000-Puffs-1024x576.jpg 1024w, https:\/\/oiovape.com\/wp-content\/uploads\/2025\/12\/WASPE-40000-Puffs-768x432.jpg 768w, https:\/\/oiovape.com\/wp-content\/uploads\/2025\/12\/WASPE-40000-Puffs-1536x864.jpg 1536w, https:\/\/oiovape.com\/wp-content\/uploads\/2025\/12\/WASPE-40000-Puffs-1200x675.jpg 1200w, https:\/\/oiovape.com\/wp-content\/uploads\/2025\/12\/WASPE-40000-Puffs-150x84.jpg 150w\" sizes=\"(max-width: 2000px) 100vw, 2000px\" \/><\/p>\n<h2 data-path-to-node=\"2\">Especificaciones Clave a Simple Vista<\/h2>\n<ul data-path-to-node=\"3\">\n<li>\n<p data-path-to-node=\"3,0,0\"><b data-path-to-node=\"3,0,0\" data-index-in-node=\"0\">Conteo de Caladas:<\/b> Hasta 40000 Puffs<\/p>\n<\/li>\n<li>\n<p data-path-to-node=\"3,1,0\"><b data-path-to-node=\"3,1,0\" data-index-in-node=\"0\">Concentraci\u00f3n de Nicotina:<\/b> 0% \/ 2% \/ 5% (M\u00faltiples opciones para personalizaci\u00f3n definitiva)<\/p>\n<\/li>\n<li>\n<p data-path-to-node=\"3,2,0\"><b data-path-to-node=\"3,2,0\" data-index-in-node=\"0\">Capacidad de E-L\u00edquido:<\/b> Tanque Colosal de 36ml<\/p>\n<\/li>\n<li>\n<p data-path-to-node=\"3,3,0\"><b data-path-to-node=\"3,3,0\" data-index-in-node=\"0\">Capacidad de Bater\u00eda:<\/b> 850mAh (Recargable)<\/p>\n<\/li>\n<li>\n<p data-path-to-node=\"3,4,0\"><b data-path-to-node=\"3,4,0\" data-index-in-node=\"0\">Puerto de carga:<\/b> Puerto Reversible Type-C<\/p>\n<\/li>\n<li>\n<p data-path-to-node=\"3,5,0\"><b data-path-to-node=\"3,5,0\" data-index-in-node=\"0\">Bobina:<\/b> Bobina de Malla Dual 0.9\u03a9 + 0.9\u03a9<\/p>\n<\/li>\n<li>\n<p data-path-to-node=\"3,6,0\"><b data-path-to-node=\"3,6,0\" data-index-in-node=\"0\">Interfaz Inteligente:<\/b> Pantalla LED de Alta Definici\u00f3n (Seguimiento en tiempo real de los niveles de bater\u00eda y l\u00edquido electr\u00f3nico)<\/p>\n<\/li>\n<\/ul>\n<h2 data-path-to-node=\"4\">Un Cambio de Juego: Un Concierto de Sabores Duales Entrelazados<\/h2>\n<p data-path-to-node=\"5\">\u00bfTodav\u00eda dudando sobre qu\u00e9 sabor elegir? El WASPE FIHP 40000 atrapa ingeniosamente dos aromas completamente diferentes dentro del mismo chasis. Ya no necesitas manipular interruptores manuales\u2014simplemente toma una respiraci\u00f3n profunda y natural, y dos perfiles de sabor elaborados independientemente se mezclan sin problemas en tus papilas gustativas. Es como tener un maestro mix\u00f3logo equilibrando perfectamente la crispidez helada de la ma\u00f1ana con la dulzura suave de la tarde. Cada puff es una aventura sensorial completamente nueva, destrozando completamente la fatiga del paladar que proviene de un \u00fanico sabor.<\/p>\n<h2 data-path-to-node=\"6\">Rompiendo los L\u00edmites: Elimina la Ansiedad de Bater\u00eda para Siempre<\/h2>\n<p data-path-to-node=\"7\">Si la felicidad requiere interrupciones frecuentes para \u201cencontrar un enchufe\u201d, \u00bfpuede realmente llamarse disfrute puro? Una resistencia de 40,000 puffs es como meter un motor de vapor incansable directamente en tu bolsillo. El n\u00facleo de potencia subyacente de 850mAh, emparejado con un puerto Type-C ultrarr\u00e1pido, asegura que puedas exprimir el potencial absoluto de cada gota del l\u00edquido electr\u00f3nico de 36ml. A\u00fan m\u00e1s tranquilizador es la ventana LED frontal\u2014actuando como tu mayordomo digital considerado, constantemente reporta tus reservas de energ\u00eda e inventario de l\u00edquido electr\u00f3nico. Di adi\u00f3s a adivinar ciegamente la vida \u00fatil de tu dispositivo; todo est\u00e1 completamente bajo tu control.<\/p>\n<h2 data-path-to-node=\"8\">Forjado con Artesan\u00eda: Calidad Visible, Suavidad que Conmueve el Alma<\/h2>\n<p data-path-to-node=\"9\">La verdadera brillantez a menudo se esconde en los detalles invisibles. El WASPE FIHP 40K est\u00e1 equipado con bobinas de malla dual matriz de nivel superior 0.9\u03a9. \u00bfQu\u00e9 significa esto? Significa que en el instante en que cada gota de l\u00edquido se encuentra con el calor alto, sus mol\u00e9culas de aroma m\u00e1s verdaderas se extraen de manera uniforme y completa. Desp\u00eddete de notas quemadas repentinas o vapor plano; las nubes que produce barren tu garganta como seda fina, densas y de cuerpo completo. Emparejado con su dise\u00f1o astuto, ingenioso y audaz de \u201cMecha Ape\u201d, no es solo un compa\u00f1ero para aliviar el estr\u00e9s\u2014es una pieza de declaraci\u00f3n de moda descansando directamente en la palma de tu mano.<\/p>\n<h3 data-path-to-node=\"10\">16 Reinos de Sabor Esperando tu Descubrimiento<\/h3>\n<ul data-path-to-node=\"11\">\n<li>\n<p data-path-to-node=\"11,0,0\"><b data-path-to-node=\"11,0,0\" data-index-in-node=\"0\">Sand\u00eda Hielo &amp; Lim\u00f3n Lima<\/b> (Una colisi\u00f3n refrescante de hielo de sand\u00eda y lim\u00f3n-lima picante)<\/p>\n<\/li>\n<li>\n<p data-path-to-node=\"11,1,0\"><b data-path-to-node=\"11,1,0\" data-index-in-node=\"0\">Hielo de Cereza Burbujeante y Algod\u00f3n de Az\u00facar de Ar\u00e1ndano<\/b> (Dulzura on\u00edrica de cereza fizzy encontr\u00e1ndose con algod\u00f3n de az\u00facar de ar\u00e1ndano esponjoso)<\/p>\n<\/li>\n<li>\n<p data-path-to-node=\"11,2,0\"><b data-path-to-node=\"11,2,0\" data-index-in-node=\"0\">Sand\u00eda de Fresa y Frambuesa de Ar\u00e1ndano<\/b> (Un huerto dulce y agrio de fresa-sand\u00eda y ar\u00e1ndano-frambuesa)<\/p>\n<\/li>\n<li>\n<p data-path-to-node=\"11,3,0\"><b data-path-to-node=\"11,3,0\" data-index-in-node=\"0\">Hielo de Red Bull y Mango de Fresa<\/b> (Red Bull helado energizante emparejado con mango-fresa tropical)<\/p>\n<\/li>\n<li>\n<p data-path-to-node=\"11,4,0\"><b data-path-to-node=\"11,4,0\" data-index-in-node=\"0\">Hielo de Durazno y Mango de Pi\u00f1a y Durazno<\/b> (Vibraciones tropicales ricas de hielo de durazno y mango-durazno de pi\u00f1a)<\/p>\n<\/li>\n<li>\n<p data-path-to-node=\"11,5,0\"><b data-path-to-node=\"11,5,0\" data-index-in-node=\"0\">Hielo de Uva y Kiwi de Fresa<\/b> (Un enfrentamiento cl\u00e1sico entre hielo de uva y fresa-kiwi)<\/p>\n<\/li>\n<li>\n<p data-path-to-node=\"11,6,0\"><b data-path-to-node=\"11,6,0\" data-index-in-node=\"0\">Berries Mezclados y Hielo de Doble Manzana<\/b> (Una sinfon\u00eda crujiente de bayas mixtas e hielo de manzana doble)<\/p>\n<\/li>\n<li>\n<p data-path-to-node=\"11,7,0\"><b data-path-to-node=\"11,7,0\" data-index-in-node=\"0\">Limonada de Frambuesa Azul y Chicle de Sand\u00eda<\/b> (Recuerdos de verano de limonada de frambuesa azul y chicle de sand\u00eda)<\/p>\n<\/li>\n<li>\n<p data-path-to-node=\"11,8,0\"><b data-path-to-node=\"11,8,0\" data-index-in-node=\"0\">Cereza Frambuesa Fresa &amp; Love666<\/b> (Un encuentro cautivador de una mezcla de bayas triple-roja y el misterioso Love666)<\/p>\n<\/li>\n<li>\n<p data-path-to-node=\"11,9,0\"><b data-path-to-node=\"11,9,0\" data-index-in-node=\"0\">Fresa Pl\u00e1tano &amp; Hielo Pi\u00f1a Coco<\/b> (Un escape sedoso de fresa pl\u00e1tano y pi\u00f1a coco helado)<\/p>\n<\/li>\n<li>\n<p data-path-to-node=\"11,10,0\"><b data-path-to-node=\"11,10,0\" data-index-in-node=\"0\">Chicle de Sand\u00eda y Fresa y Fruta Mixta<\/b> (Una dulce tormenta de fresa sand\u00eda chicle y vibrantes frutas mixtas)<\/p>\n<\/li>\n<li>\n<p data-path-to-node=\"11,11,0\"><b data-path-to-node=\"11,11,0\" data-index-in-node=\"0\">Hielo de Cola de Cereza y Caramelo de Fresa y Frambuesa<\/b> (Un pulso vigorizante de cola cereza helada y caramelo fresa frambuesa)<\/p>\n<\/li>\n<li>\n<p data-path-to-node=\"11,12,0\"><b data-path-to-node=\"11,12,0\" data-index-in-node=\"0\">Manzana \u00c1cida de Frambuesa y Big Bang de Fresa<\/b> (Un impacto poderoso de manzana agria picante frambuesa y fresa explosiva)<\/p>\n<\/li>\n<li>\n<p data-path-to-node=\"11,13,0\"><b data-path-to-node=\"11,13,0\" data-index-in-node=\"0\">Berries de Durazno y Mango de Sand\u00eda y Durazno<\/b> (Un carnaval de jugo de durazno baya y sand\u00eda mango durazno)<\/p>\n<\/li>\n<li>\n<p data-path-to-node=\"11,14,0\"><b data-path-to-node=\"11,14,0\" data-index-in-node=\"0\">Hielo de Ar\u00e1ndano &amp; Hielo de Drag\u00f3n Negro<\/b> (La fragancia fresca y misteriosa de ar\u00e1ndano helado y Drag\u00f3n Negro helado)<\/p>\n<\/li>\n<li>\n<p data-path-to-node=\"11,15,0\"><b data-path-to-node=\"11,15,0\" data-index-in-node=\"0\">Fresa y Cereza y Fruta de la Pasi\u00f3n de Kiwi<\/b> (La tentaci\u00f3n dulce y \u00e1cida de fresa cereza y kiwi fruta de la pasi\u00f3n)<\/p>\n<\/li>\n<\/ul>\n<h4 data-path-to-node=\"12\">Qu\u00e9 hay en la caja<\/h4>\n<ul data-path-to-node=\"13\">\n<li>\n<p data-path-to-node=\"13,0,0\">1 x WASPE FIHP 40000 Puffs Kit desechable (Edici\u00f3n de doble sabor)<\/p>\n<\/li>\n<\/ul>\n<div style=\"width: 404px;\" class=\"wp-video\"><video class=\"wp-video-shortcode\" id=\"video-2633-1\" width=\"404\" height=\"720\" preload=\"metadata\" controls=\"controls\"><source type=\"video\/mp4\" src=\"https:\/\/oiovape.com\/wp-content\/uploads\/2026\/04\/WASPE-FIHP-40K-Disposable-Vape.mp4?_=1\" \/><a href=\"https:\/\/oiovape.com\/wp-content\/uploads\/2026\/04\/WASPE-FIHP-40K-Disposable-Vape.mp4\">https:\/\/oiovape.com\/wp-content\/uploads\/2026\/04\/WASPE-FIHP-40K-Disposable-Vape.mp4<\/a><\/video><\/div>\n<h2 data-path-to-node=\"14\">Preguntas frecuentes profundas<\/h2>\n<p data-path-to-node=\"15\"><b data-path-to-node=\"15\" data-index-in-node=\"0\">1. P: \u00bfEste dispositivo tiene pantalla?<\/b> R: \u00a1Absolutamente! Cuenta con una pantalla LED inteligente n\u00edtida e intuitiva. No m\u00e1s adivinanzas: puedes mirar hacia abajo en cualquier momento para verificar el porcentaje exacto de bater\u00eda y el volumen restante de l\u00edquido electr\u00f3nico, asegurando que nunca enfrentes un inc\u00f3modo \u201csecado repentino\u201d.\u201d<\/p>\n<p data-path-to-node=\"16\"><b data-path-to-node=\"16\" data-index-in-node=\"0\">2. P: El sabor dual suena genial, pero \u00bfc\u00f3mo cambio entre ellos?<\/b> R: \u00a1Sin demoras aqu\u00ed! Su verdadera innovaci\u00f3n radica en eliminar la molestia de los interruptores f\u00edsicos. No necesitas mover ning\u00fan deslizador; simplemente inhala directamente. La arquitectura interna \u00fanica extrae autom\u00e1ticamente de ambos sabores preestablecidos premium simult\u00e1neamente, entregando una fusi\u00f3n m\u00e1gica y perfecta directamente en tu boca.<\/p>\n<p data-path-to-node=\"17\"><b data-path-to-node=\"17\" data-index-in-node=\"0\">3. P: \u00bfRealmente 40000 puffs pueden durar tanto tiempo?<\/b> R: Para usuarios ocasionales, esto pr\u00e1cticamente garantiza semanas de compa\u00f1\u00eda despreocupada. Incluso los vapeadores m\u00e1s dedicados y de alta frecuencia pueden recorrer f\u00e1cilmente una o dos semanas sin esfuerzo. Esta capacidad masiva no es solo un n\u00famero: es una actualizaci\u00f3n dimensional de toda tu experiencia de vapeo.<\/p>\n<p data-path-to-node=\"18\"><b data-path-to-node=\"18\" data-index-in-node=\"0\">4. P: Soy nuevo en este tipo de producto. \u00bfHay concentraciones de nicotina adecuadas para m\u00ed?<\/b> R: Ya sea que quieras eliminar completamente la nicotina (0%), busques una transici\u00f3n suave (2%), o desees el golpe de garganta satisfactorio tradicional (5%), nuestros tres gradientes personalizados est\u00e1n perfectamente calibrados para coincidir con las necesidades genuinas de tu cuerpo.<\/p>\n<p data-path-to-node=\"19\"><b data-path-to-node=\"19\" data-index-in-node=\"0\">5. P: \u00bfCargar este \u201cgigante\u201d consumir\u00e1 mucho de mi tiempo?<\/b> R: Para nada. La base est\u00e1 equipada con un puerto Type-C convencional y altamente eficiente. Con\u00e9ctalo, y en solo el tiempo fragmentado que tarda en terminar una taza de caf\u00e9, se \u201cresucitar\u00e1\u201d r\u00e1pidamente, listo para acompa\u00f1arte en la siguiente etapa de tu viaje sensorial.<\/p>\n<\/div>\n<\/div>\n<\/div>","protected":false},"excerpt":{"rendered":"<p>WASPE FIHP 40000 Puffs ofrece 16 combinaciones vibrantes de sabor dual, 36ml de l\u00edquido electr\u00f3nico y bobinas de malla dual de 0.9ohm. Con opciones de nicotina 0%\/2%\/5%, bater\u00eda recargable Type-C de 850mAh y pantalla LED, es tu opci\u00f3n ideal para diversi\u00f3n de vapeo duradera y personalizable.<\/p>","protected":false},"featured_media":2636,"comment_status":"open","ping_status":"closed","template":"","meta":{"_acf_changed":false,"inline_featured_image":false,"_sitemap_exclude":false,"_sitemap_priority":"","_sitemap_frequency":""},"product_brand":[98],"product_cat":[82,239,244,229],"product_tag":[],"class_list":{"0":"post-2633","1":"product","2":"type-product","3":"status-publish","4":"has-post-thumbnail","6":"product_brand-waspe","7":"product_cat-waspe-puff","8":"product_cat-disposable-vape-collection","9":"product_cat-40k-puff","10":"product_cat-ship-from-german","12":"first","13":"instock","14":"sale","15":"shipping-taxable","16":"purchasable","17":"product-type-variable","18":"has-default-attributes"},"acf":[],"tiered_pricing_type":"fixed","tiered_pricing_fixed_rules":{"30":9.47,"60":8.49,"100":7.78,"200":7.02},"tiered_pricing_product_settings":{"layout":"default","base_unit_name":{"singular":null,"plural":null},"default_variation":null},"tiered_pricing_minimum_quantity":10,"tiered_pricing_roles_data":[],"tiered_pricing_percentage_rules":[],"tiered_pricing_maximum_quantity":null,"tiered_pricing_quantity_step":"10","_links":{"self":[{"href":"https:\/\/oiovape.com\/es\/wp-json\/wp\/v2\/product\/2633","targetHints":{"allow":["GET"]}}],"collection":[{"href":"https:\/\/oiovape.com\/es\/wp-json\/wp\/v2\/product"}],"about":[{"href":"https:\/\/oiovape.com\/es\/wp-json\/wp\/v2\/types\/product"}],"replies":[{"embeddable":true,"href":"https:\/\/oiovape.com\/es\/wp-json\/wp\/v2\/comments?post=2633"}],"version-history":[{"count":4,"href":"https:\/\/oiovape.com\/es\/wp-json\/wp\/v2\/product\/2633\/revisions"}],"predecessor-version":[{"id":7995,"href":"https:\/\/oiovape.com\/es\/wp-json\/wp\/v2\/product\/2633\/revisions\/7995"}],"wp:featuredmedia":[{"embeddable":true,"href":"https:\/\/oiovape.com\/es\/wp-json\/wp\/v2\/media\/2636"}],"wp:attachment":[{"href":"https:\/\/oiovape.com\/es\/wp-json\/wp\/v2\/media?parent=2633"}],"wp:term":[{"taxonomy":"product_brand","embeddable":true,"href":"https:\/\/oiovape.com\/es\/wp-json\/wp\/v2\/product_brand?post=2633"},{"taxonomy":"product_cat","embeddable":true,"href":"https:\/\/oiovape.com\/es\/wp-json\/wp\/v2\/product_cat?post=2633"},{"taxonomy":"product_tag","embeddable":true,"href":"https:\/\/oiovape.com\/es\/wp-json\/wp\/v2\/product_tag?post=2633"}],"curies":[{"name":"wp","href":"https:\/\/api.w.org\/{rel}","templated":true}]}}