{"id":3071,"date":"2026-01-05T07:29:53","date_gmt":"2026-01-05T07:29:53","guid":{"rendered":"https:\/\/oiovape.com\/?post_type=product&#038;p=3071"},"modified":"2026-03-20T18:22:40","modified_gmt":"2026-03-20T10:22:40","slug":"razz-bar-30000-puffs","status":"publish","type":"product","link":"https:\/\/oiovape.com\/es\/product\/razz-bar-30000-puffs\/","title":{"rendered":"Razz bar 30000 PUFFS Flujo de Aire Ajustable Bater\u00eda de 650mah Recargable Vape de Bobina de Malla"},"content":{"rendered":"<div data-page-id=\"ZVeMfq8uxd7y1ycuKm5cym4LnYd\" data-lark-html-role=\"root\" data-docx-has-block-data=\"false\">\n<div data-page-id=\"Fd41fZ5N9dzRQtcRNoVc2FuDnCh\" data-lark-html-role=\"root\" data-docx-has-block-data=\"true\">\n<div data-page-id=\"BdIJfeeijdk1eucGpS8cDCBBn5c\" data-lark-html-role=\"root\" data-docx-has-block-data=\"false\">\n<div data-page-id=\"Zbg9fWx77dUuh2cIYpic25c8nyd\" data-lark-html-role=\"root\" data-docx-has-block-data=\"false\">\n<div data-page-id=\"KaIvfiurhdlCKdc0kyxcX64cnE6\" data-lark-html-role=\"root\" data-docx-has-block-data=\"true\">\n<div data-page-id=\"PbvFfqxqlddUTScRpEYcY5MHnpf\" data-lark-html-role=\"root\" data-docx-has-block-data=\"true\">\n<div data-page-id=\"GZO2f5JeudwY4jc9iJtcdk9Hnxh\" data-lark-html-role=\"root\" data-docx-has-block-data=\"false\">\n<div data-page-id=\"EZVRf2acFduXLGcseZFc4qH2n6e\" data-lark-html-role=\"root\" data-docx-has-block-data=\"false\">\n<div data-page-id=\"B8rHfcqlqdzmH5cCWCncz17Cntb\" data-lark-html-role=\"root\" data-docx-has-block-data=\"false\">\n<div data-page-id=\"B8rHfcqlqdzmH5cCWCncz17Cntb\" data-lark-html-role=\"root\" data-docx-has-block-data=\"false\">\n<div data-page-id=\"B8rHfcqlqdzmH5cCWCncz17Cntb\" data-lark-html-role=\"root\" data-docx-has-block-data=\"true\">\n<div data-page-id=\"HM70f1aoxdD0bMcxJZBcVc7ynZd\" data-lark-html-role=\"root\" data-docx-has-block-data=\"false\">\n<div data-page-id=\"NSrJfN7Ord22i0c1iwZcsF8yn8b\" data-lark-html-role=\"root\" data-docx-has-block-data=\"false\">\n<div data-page-id=\"RXEff4Mskds8o1cqL5HcGEtUnCh\" data-lark-html-role=\"root\" data-docx-has-block-data=\"false\">\n<div data-page-id=\"KJ7gfqkVndMSRJcMseScmvYwnTc\" data-lark-html-role=\"root\" data-docx-has-block-data=\"false\">\n<div class=\"ace-line ace-line old-record-id-QADAfETPudgmudc05YvcTO5fnxe\">\n<div data-page-id=\"KJ7gfqkVndMSRJcMseScmvYwnTc\" data-lark-html-role=\"root\" data-docx-has-block-data=\"false\">\n<div class=\"ace-line ace-line old-record-id-JoRkfpho8dOkiacEOascDyCOncb\">\n<div data-page-id=\"KJ7gfqkVndMSRJcMseScmvYwnTc\" data-lark-html-role=\"root\" data-docx-has-block-data=\"false\">\n<div data-page-id=\"TOlOfNRizdvKP3cWTIrcTjhinUD\" data-lark-html-role=\"root\" data-docx-has-block-data=\"true\">\n<h2 class=\"heading-2 ace-line old-record-id-AzXOfR2oSd3FD2cR7B9cQJTsnWe\">Descubre Razz Bar 30000 Puffs: Una Experiencia de Vapeo Duradera \ud83c\udf43<\/h2>\n<div class=\"ace-line ace-line old-record-id-RdeHfg0KzdgIA3cV9iGcz8pknrd\">Para los vapeadores que buscan un equilibrio entre longevidad, variedad de sabores y conveniencia, el Razz Bar 30000 Puffs se destaca como una opci\u00f3n confiable. Dise\u00f1ado para soportar el uso diario sin recargas o reemplazos frecuentes, este vape desechable atiende tanto a vapeadores ocasionales como regulares. Sin embargo, lo que realmente lo distingue es su amplia gama de sabores y sus s\u00f3lidas caracter\u00edsticas centrales que mejoran la experiencia general de vapeo.<\/div>\n<div data-page-id=\"TOlOfNRizdvKP3cWTIrcTjhinUD\" data-lark-html-role=\"root\" data-docx-has-block-data=\"false\">\n<h3 class=\"heading-2 ace-line old-record-id-NhhnfqJNGdbJkWcMUcccAbHBn3g\">Caracter\u00edsticas Principales del Razz Bar 30000 Puffs \u2699\ufe0f<\/h3>\n<\/div>\n<div class=\"ace-line ace-line old-record-id-Y3xpfWrgrdGWTrcQI1ZcdPQHnrO\">Al elegir un vape desechable, tres factores clave suelen estar en la parte superior de la lista: cu\u00e1nto dura, cu\u00e1ntas opciones de sabores hay y cu\u00e1n f\u00e1cil es de usar. El Razz Bar 30000 Puffs cumple con todos estos requisitos y m\u00e1s, convirti\u00e9ndolo en una opci\u00f3n pr\u00e1ctica para los vapeadores en movimiento o aquellos que prefieren dispositivos de bajo mantenimiento. Aqu\u00ed hay un vistazo m\u00e1s cercano a por qu\u00e9 vale la pena considerar:<\/div>\n<ul class=\"list-bullet1\">\n<li class=\"ace-line ace-line old-record-id-OgxQfyZnvdOlLScWbBlcv6i7n2d\" data-list=\"bullet\">\n<div>Excepcional conteo de caladas: Con 30000 caladas, ofrece un uso a largo plazo, reduciendo la molestia de comprar constantemente nuevos desechables.<\/div>\n<\/li>\n<li class=\"ace-line ace-line old-record-id-N2r5foaXPdjIvmccQXkc5iy6nwe\" data-list=\"bullet\">\n<div>Selecci\u00f3n de sabores diversa: 16 sabores distintos abarcan opciones afrutadas, heladas y cl\u00e1sicas, asegurando que haya algo para cada preferencia de gusto.<\/div>\n<\/li>\n<li class=\"ace-line ace-line old-record-id-E31MfJkJJdqdJocuwuzc2nGcnCh\" data-list=\"bullet\">\n<div>Conveniencia recargable: Equipado con una bater\u00eda de 650mAh y carga Tipo-C, evita cortes de energ\u00eda repentinos y admite recargas r\u00e1pidas.<\/div>\n<\/li>\n<li class=\"ace-line ace-line old-record-id-ORdyfCYq7dOITycqGHBc0BAbnvg\" data-list=\"bullet\">\n<div>Experiencia de vapeo suave: El dise\u00f1o de bobina de malla ofrece un sabor y producci\u00f3n de vapor consistentes, mejorando cada calada.<\/div>\n<\/li>\n<li class=\"ace-line ace-line old-record-id-FQEmfoQbIdipvEc1WP7cRQ9HnPd\" data-list=\"bullet\">\n<div>Opciones de nicotina flexibles: Disponible en concentraciones de nicotina de 2% y 5%, se adapta a diferentes niveles de tolerancia a la nicotina.<\/div>\n<\/li>\n<\/ul>\n<h3 class=\"heading-2 ace-line old-record-id-TFmIfNmzOdNH0FcsVcQckxmlnnb\">Explora los 16 Sabrosos Sabores del Razz Bar 30000 Puffs \ud83c\udf53\ud83c\udf49\ud83c\udf51<\/h3>\n<div class=\"ace-line ace-line old-record-id-T3BkfMyxtdF2NLcs5UKcowGmnvc\">Flavor is the heart of any vaping experience, and Razz Bar 30K doesn\u2019t disappoint with its wide range of options. From fresh fruity blends to cool icy sips, each flavor is crafted to deliver a distinct and enjoyable taste. Below is a detailed breakdown of all 16 flavors:<\/div>\n<div>\n<table class=\"ace-table\" data-ace-table-col-widths=\"200;200;200\">\n<colgroup>\n<col width=\"200\" \/>\n<col width=\"200\" \/>\n<col width=\"200\" \/><\/colgroup>\n<thead>\n<tr>\n<th colspan=\"1\" rowspan=\"1\">\n<div class=\"ace-line ace-line old-record-id-RuTafTzLId6AU2cQlnTcgjLcnul\">No.<\/div>\n<\/th>\n<th colspan=\"1\" rowspan=\"1\">\n<div class=\"ace-line ace-line old-record-id-H0KPfID2kdVY7RcUH3CcBMVSnZe\">Nombre del Sabor<\/div>\n<\/th>\n<th colspan=\"1\" rowspan=\"1\">\n<div class=\"ace-line ace-line old-record-id-PFFlfl3FgdUTOvcfO8Vckxo0nvf\">Perfil del Sabor<\/div>\n<\/th>\n<\/tr>\n<\/thead>\n<tbody>\n<tr>\n<td colspan=\"1\" rowspan=\"1\">\n<div class=\"ace-line ace-line old-record-id-UDCQfUjpcdx3RYcZRUEcg1ddn5e\">1<\/div>\n<\/td>\n<td colspan=\"1\" rowspan=\"1\">\n<div class=\"ace-line ace-line old-record-id-L5SBfrnC2d6RLscQGzMcVxSonpd\">Mel\u00f3n triple<\/div>\n<\/td>\n<td colspan=\"1\" rowspan=\"1\">\n<div class=\"ace-line ace-line old-record-id-IqBLfW6OFdcYWrc7Z9HcvKf1nVf\">Una rica mezcla de tres variedades de mel\u00f3n, que ofrece un sabor afrutado dulce y refrescante.<\/div>\n<\/td>\n<\/tr>\n<tr>\n<td colspan=\"1\" rowspan=\"1\">\n<div class=\"ace-line ace-line old-record-id-ChZzfqwF4dpBu6cynyYcV35bnZb\">2<\/div>\n<\/td>\n<td colspan=\"1\" rowspan=\"1\">\n<div class=\"ace-line ace-line old-record-id-DC5CfDFJsdGKmocmxygcQ5J8nFf\">Hielo de Fresa<\/div>\n<\/td>\n<td colspan=\"1\" rowspan=\"1\">\n<div class=\"ace-line ace-line old-record-id-WhDIfR2ovdTTLvcdeIzcijqNnYc\">Sabor dulce y maduro de fresa combinado con un acabado helado fresco para una experiencia de vapeo crujiente.<\/div>\n<\/td>\n<\/tr>\n<tr>\n<td colspan=\"1\" rowspan=\"1\">\n<div class=\"ace-line ace-line old-record-id-I5B9fZ6Mod8jUmcxY7BcjURGn8b\">3<\/div>\n<\/td>\n<td colspan=\"1\" rowspan=\"1\">\n<div class=\"ace-line ace-line old-record-id-DC0GfaN5SdzdBVcoRRWc0dbqn4g\">Manzana \u00c1cida<\/div>\n<\/td>\n<td colspan=\"1\" rowspan=\"1\">\n<div class=\"ace-line ace-line old-record-id-HhwDf25FPdYSUXctkOrczBaNnQd\">Notas de manzana verde \u00e1cida que entregan un sabor picante y vibrante, perfecto para los amantes de los sabores \u00e1cidos.<\/div>\n<\/td>\n<\/tr>\n<tr>\n<td colspan=\"1\" rowspan=\"1\">\n<div class=\"ace-line ace-line old-record-id-RiwFflgGSdVkOFc8wXZc2wRFntf\">4<\/div>\n<\/td>\n<td colspan=\"1\" rowspan=\"1\">\n<div class=\"ace-line ace-line old-record-id-Sqr0ffo3WdJXfmc22GscNur1neb\">Mango Durazno Sand\u00eda<\/div>\n<\/td>\n<td colspan=\"1\" rowspan=\"1\">\n<div class=\"ace-line ace-line old-record-id-XbMmfe37sdSZ0XcpzjwcbC6nn2d\">Una mezcla tropical-frutal de mango, durazno jugoso y sand\u00eda dulce, creando un sabor vibrante y en capas.<\/div>\n<\/td>\n<\/tr>\n<tr>\n<td colspan=\"1\" rowspan=\"1\">\n<div class=\"ace-line ace-line old-record-id-BFaAfmHoldbgIXc1WRecFkpSn1c\">5<\/div>\n<\/td>\n<td colspan=\"1\" rowspan=\"1\">\n<div class=\"ace-line ace-line old-record-id-TlnWfvdMedDCCpcSmNxcSKbfnjd\">Fresa Pl\u00e1tano<\/div>\n<\/td>\n<td colspan=\"1\" rowspan=\"1\">\n<div class=\"ace-line ace-line old-record-id-KTAnfXJ09dC6tJcLFFYcTUeanMh\">Combinaci\u00f3n cl\u00e1sica de fresa dulce y pl\u00e1tano cremoso, ofreciendo un sabor suave y indulgente.<\/div>\n<\/td>\n<\/tr>\n<tr>\n<td colspan=\"1\" rowspan=\"1\">\n<div class=\"ace-line ace-line old-record-id-JXC6fMN4Zdynlwcb3bkcRDEMnre\">6<\/div>\n<\/td>\n<td colspan=\"1\" rowspan=\"1\">\n<div class=\"ace-line ace-line old-record-id-JKcDf5xt3dezaZcW6vccA9EtnKe\">Hielo de ar\u00e1ndano<\/div>\n<\/td>\n<td colspan=\"1\" rowspan=\"1\">\n<div class=\"ace-line ace-line old-record-id-IukWf02TLdWqgFccv0YczXUsntb\">Sabor a ar\u00e1ndano jugoso con un toque helado, equilibrando dulzura y frescura.<\/div>\n<\/td>\n<\/tr>\n<tr>\n<td colspan=\"1\" rowspan=\"1\">\n<div class=\"ace-line ace-line old-record-id-YNXNfCzbSdyUlvceWHEcepJrnff\">7<\/div>\n<\/td>\n<td colspan=\"1\" rowspan=\"1\">\n<div class=\"ace-line ace-line old-record-id-SZSmfuu9YdjkMTck9NVcw1etnkf\">Hielo de durazno jugoso<\/div>\n<\/td>\n<td colspan=\"1\" rowspan=\"1\">\n<div class=\"ace-line ace-line old-record-id-P6e8flReDdFa3Tcca2vcFaIZn8e\">Notas de durazno dulces y jugosas combinadas con un ligero acabado helado, capturando la esencia de los duraznos frescos.<\/div>\n<\/td>\n<\/tr>\n<tr>\n<td colspan=\"1\" rowspan=\"1\">\n<div class=\"ace-line ace-line old-record-id-BXJsf0acBdwTt7cZpN7ckAxXnEh\">8<\/div>\n<\/td>\n<td colspan=\"1\" rowspan=\"1\">\n<div class=\"ace-line ace-line old-record-id-QJdOfJ8s4dEQVHc3FEBczdyunuc\">Fresa kiwi<\/div>\n<\/td>\n<td colspan=\"1\" rowspan=\"1\">\n<div class=\"ace-line ace-line old-record-id-YqXTfM8K5d4rFlcKvQVcbOsEnVg\">Fresa madura mezclada con kiwi \u00e1cido, creando un perfil de sabor brillante y afrutado.<\/div>\n<\/td>\n<\/tr>\n<tr>\n<td colspan=\"1\" rowspan=\"1\">\n<div class=\"ace-line ace-line old-record-id-RjVYfd7wxdihNucuJhMcMvxVnAd\">9<\/div>\n<\/td>\n<td colspan=\"1\" rowspan=\"1\">\n<div class=\"ace-line ace-line old-record-id-BIswf8oN9dsUsYcd1oKcEGMkntc\">Hielo de sand\u00eda<\/div>\n<\/td>\n<td colspan=\"1\" rowspan=\"1\">\n<div class=\"ace-line ace-line old-record-id-PSM5fLZGZdW2ncc9jYUcWhIBnZb\">Sabor a sand\u00eda dulce y jugosa con un fuerte acabado helado, ideal para d\u00edas calurosos.<\/div>\n<\/td>\n<\/tr>\n<tr>\n<td colspan=\"1\" rowspan=\"1\">\n<div class=\"ace-line ace-line old-record-id-A1MFfZYVsdUU0Ech3x3cYyIbngM\">10<\/div>\n<\/td>\n<td colspan=\"1\" rowspan=\"1\">\n<div class=\"ace-line ace-line old-record-id-NIjrfBgbjdhZvEcczWtcTf1YnLf\">Sue\u00f1o de verano<\/div>\n<\/td>\n<td colspan=\"1\" rowspan=\"1\">\n<div class=\"ace-line ace-line old-record-id-XIJkfAkJNdGNgocmrbScVbkTnqh\">Una mezcla refrescante de frutas de verano, ofreciendo un sabor ligero y fresco que evoca d\u00edas soleados.<\/div>\n<\/td>\n<\/tr>\n<tr>\n<td colspan=\"1\" rowspan=\"1\">\n<div class=\"ace-line ace-line old-record-id-LGQ8fhFTCdYmkWcOoYicqZjmntb\">11<\/div>\n<\/td>\n<td colspan=\"1\" rowspan=\"1\">\n<div class=\"ace-line ace-line old-record-id-KnjtfijKhdn3ObcSAZ4cq3IunXd\">Fresa Sand\u00eda<\/div>\n<\/td>\n<td colspan=\"1\" rowspan=\"1\">\n<div class=\"ace-line ace-line old-record-id-PZelf8dn1dp4hVczgdLcQCfhnPb\">Una mezcla frutal cl\u00e1sica de fresa dulce y sand\u00eda jugosa, simple pero satisfactoria.<\/div>\n<\/td>\n<\/tr>\n<tr>\n<td colspan=\"1\" rowspan=\"1\">\n<div class=\"ace-line ace-line old-record-id-IJ5mfKY7mdHzMXc8Zmoc9E9Ynzg\">12<\/div>\n<\/td>\n<td colspan=\"1\" rowspan=\"1\">\n<div class=\"ace-line ace-line old-record-id-Vj8yfW7HLd13PTcOZ0xcl3l5nzg\">Bayas Mixtas<\/div>\n<\/td>\n<td colspan=\"1\" rowspan=\"1\">\n<div class=\"ace-line ace-line old-record-id-J7mufGfE9dOgh2cMUfucXeO4nXD\">Una medley de varias bayas, ofreciendo un sabor complejo y agridulce con cada calada.<\/div>\n<\/td>\n<\/tr>\n<tr>\n<td colspan=\"1\" rowspan=\"1\">\n<div class=\"ace-line ace-line old-record-id-MVedfhdgndu7cIc8wZUcSaINnmh\">13<\/div>\n<\/td>\n<td colspan=\"1\" rowspan=\"1\">\n<div class=\"ace-line ace-line old-record-id-LdwyfvzMDdTMAxcbNehcShRXnhd\">Hielo de frambuesa azul<\/div>\n<\/td>\n<td colspan=\"1\" rowspan=\"1\">\n<div class=\"ace-line ace-line old-record-id-B4Wpf8b8pdcpddc8N5zcdtl6noc\">Sabor a frambuesa azul \u00e1cido con un toque helado, ofreciendo un sabor audaz y refrescante.<\/div>\n<\/td>\n<\/tr>\n<tr>\n<td colspan=\"1\" rowspan=\"1\">\n<div class=\"ace-line ace-line old-record-id-V49EfzIAAdTBK4cf39mcfuNAnbb\">14<\/div>\n<\/td>\n<td colspan=\"1\" rowspan=\"1\">\n<div class=\"ace-line ace-line old-record-id-CxcQf1v3ad3xDVcTDkwcO6eznUc\">Lim\u00f3n Lima<\/div>\n<\/td>\n<td colspan=\"1\" rowspan=\"1\">\n<div class=\"ace-line ace-line old-record-id-HRmEfchRed7hAocxkDecCTYCnmf\">Lim\u00f3n picante y lima crujiente mezclados, ofreciendo un sabor brillante y c\u00edtrico que es altamente refrescante.<\/div>\n<\/td>\n<\/tr>\n<tr>\n<td colspan=\"1\" rowspan=\"1\">\n<div class=\"ace-line ace-line old-record-id-PORffcVkEdFRwpchFspcZ6mRnYe\">15<\/div>\n<\/td>\n<td colspan=\"1\" rowspan=\"1\">\n<div class=\"ace-line ace-line old-record-id-NlP2fLHmpdsAHScqcP8ckJn0ndh\">Hielo de cola<\/div>\n<\/td>\n<td colspan=\"1\" rowspan=\"1\">\n<div class=\"ace-line ace-line old-record-id-WiHaf77e5dU52OcnJRqcB6Vznfh\">Sabor cl\u00e1sico de cola con un acabado helado, capturando el sabor familiar de un refresco en un vape.<\/div>\n<\/td>\n<\/tr>\n<tr>\n<td colspan=\"1\" rowspan=\"1\">\n<div class=\"ace-line ace-line old-record-id-HIEXfBfljd43docroBdcDhegngc\">16<\/div>\n<\/td>\n<td colspan=\"1\" rowspan=\"1\">\n<div class=\"ace-line ace-line old-record-id-EWUBfhdQFd0WyLcxHIqczAq6nqd\">Hielo de mora<\/div>\n<\/td>\n<td colspan=\"1\" rowspan=\"1\">\n<div class=\"ace-line ace-line old-record-id-P2sZfp3fLd9z7QcOpruc7q1Vnch\">Sabor a mora rica y dulce combinado con un acabado helado, creando una experiencia suave e indulgente.<\/div>\n<\/td>\n<\/tr>\n<\/tbody>\n<\/table>\n<div data-page-id=\"TOlOfNRizdvKP3cWTIrcTjhinUD\" data-lark-html-role=\"root\" data-docx-has-block-data=\"false\">\n<h3 class=\"heading-2 ace-line old-record-id-GAZDfFptndZ0Z9c6lOXcRsK7nXd\">Reflexiones Finales sobre Razz Bar 30000 Puffs \ud83d\udcdd<\/h3>\n<div class=\"ace-line ace-line old-record-id-BjvCfAcFrdXrxVcszuzchaTanbb\">El Razz Bar 30000 Puffs es un vape desechable bien equilibrado que sobresale en longevidad, variedad de sabores y conveniencia. Su conteo de 30,000 caladas asegura que puede durar un per\u00edodo prolongado, mientras que los 16 sabores distintos ofrecen muchas opciones para explorar. La bater\u00eda recargable y la carga Tipo-C a\u00f1aden a su practicidad, convirti\u00e9ndolo en una excelente opci\u00f3n para los vapeadores que valoran el bajo mantenimiento y el rendimiento constante. Ya seas un fan\u00e1tico de los sabores frutales, helados o cl\u00e1sicos, este dispositivo tiene algo que ofrecer, convirti\u00e9ndolo en una opci\u00f3n s\u00f3lida tanto para nuevos como para experimentados vapeadores.<\/div>\n<\/div>\n<\/div>\n<\/div>\n<div data-page-id=\"CqcOfelW3d9K5HciTB2cO4TJnyh\" data-lark-html-role=\"root\" data-docx-has-block-data=\"false\">\n<div class=\"ace-line ace-line old-record-id-LVrzfnbI9dBEvvckY5XcN93Fnze\"><img decoding=\"async\" class=\"wp-image-3074 size-full\" title=\"Sabor Razz Bar 30k\" src=\"https:\/\/oiovape.com\/wp-content\/uploads\/2026\/01\/Razz-bar-30k-flavor.jpg\" alt=\"Sabor Razz Bar 30k\" width=\"2000\" height=\"2000\" srcset=\"https:\/\/oiovape.com\/wp-content\/uploads\/2026\/01\/Razz-bar-30k-flavor.jpg 2000w, https:\/\/oiovape.com\/wp-content\/uploads\/2026\/01\/Razz-bar-30k-flavor-300x300.jpg 300w, https:\/\/oiovape.com\/wp-content\/uploads\/2026\/01\/Razz-bar-30k-flavor-1024x1024.jpg 1024w, https:\/\/oiovape.com\/wp-content\/uploads\/2026\/01\/Razz-bar-30k-flavor-150x150.jpg 150w, https:\/\/oiovape.com\/wp-content\/uploads\/2026\/01\/Razz-bar-30k-flavor-768x768.jpg 768w, https:\/\/oiovape.com\/wp-content\/uploads\/2026\/01\/Razz-bar-30k-flavor-1536x1536.jpg 1536w, https:\/\/oiovape.com\/wp-content\/uploads\/2026\/01\/Razz-bar-30k-flavor-600x600.jpg 600w, https:\/\/oiovape.com\/wp-content\/uploads\/2026\/01\/Razz-bar-30k-flavor-1200x1200.jpg 1200w\" sizes=\"(max-width: 2000px) 100vw, 2000px\" \/><\/div>\n<\/div>\n<\/div>\n<\/div>\n<\/div>\n<\/div>\n<\/div>\n<\/div>\n<\/div>\n<\/div>\n<\/div>\n<\/div>\n<\/div>\n<\/div>\n<\/div>\n<\/div>\n<\/div>\n<\/div>\n<\/div>\n<\/div>\n<\/div>","protected":false},"excerpt":{"rendered":"<div data-page-id=\"RAopf2sw9dtvw4cWYXpcTwo0n8g\" data-lark-html-role=\"root\" data-docx-has-block-data=\"false\">\n<div class=\"ace-line ace-line old-record-id-Uju9f3RXYd8dh2crAJbcBF3Un6M\">Razz bar 30000 Puffs ofrece una satisfacci\u00f3n duradera con 16 sabores vibrantes\u2014desde el afrutado Triple mel\u00f3n hasta el helado Blue Razz ice. Con 2\/5% de nicotina, una bater\u00eda recargable de 650mAh y carga Type-C, su bobina de malla garantiza un vapor suave. Empacado en 200 por cart\u00f3n, es pr\u00e1ctico para el uso diario.<\/div>\n<\/div>","protected":false},"featured_media":3083,"comment_status":"open","ping_status":"closed","template":"","meta":{"_acf_changed":false,"inline_featured_image":false,"_sitemap_exclude":false,"_sitemap_priority":"","_sitemap_frequency":""},"product_brand":[171],"product_cat":[170,239,264,229],"product_tag":[],"class_list":{"0":"post-3071","1":"product","2":"type-product","3":"status-publish","4":"has-post-thumbnail","6":"product_brand-razz-bar","7":"product_cat-razz-bar-puff","8":"product_cat-disposable-vape-collection","9":"product_cat-30k-puffs","10":"product_cat-ship-from-german","12":"first","13":"instock","14":"sale","15":"shipping-taxable","16":"purchasable","17":"product-type-variable","18":"has-default-attributes"},"acf":[],"tiered_pricing_type":"fixed","tiered_pricing_fixed_rules":{"30":10.39,"60":9.99,"100":9.11,"200":8.4},"tiered_pricing_product_settings":{"layout":"default","base_unit_name":{"singular":null,"plural":null},"default_variation":null},"tiered_pricing_minimum_quantity":null,"tiered_pricing_roles_data":[],"tiered_pricing_percentage_rules":[],"tiered_pricing_maximum_quantity":null,"tiered_pricing_quantity_step":"10","_links":{"self":[{"href":"https:\/\/oiovape.com\/es\/wp-json\/wp\/v2\/product\/3071","targetHints":{"allow":["GET"]}}],"collection":[{"href":"https:\/\/oiovape.com\/es\/wp-json\/wp\/v2\/product"}],"about":[{"href":"https:\/\/oiovape.com\/es\/wp-json\/wp\/v2\/types\/product"}],"replies":[{"embeddable":true,"href":"https:\/\/oiovape.com\/es\/wp-json\/wp\/v2\/comments?post=3071"}],"version-history":[{"count":1,"href":"https:\/\/oiovape.com\/es\/wp-json\/wp\/v2\/product\/3071\/revisions"}],"predecessor-version":[{"id":7803,"href":"https:\/\/oiovape.com\/es\/wp-json\/wp\/v2\/product\/3071\/revisions\/7803"}],"wp:featuredmedia":[{"embeddable":true,"href":"https:\/\/oiovape.com\/es\/wp-json\/wp\/v2\/media\/3083"}],"wp:attachment":[{"href":"https:\/\/oiovape.com\/es\/wp-json\/wp\/v2\/media?parent=3071"}],"wp:term":[{"taxonomy":"product_brand","embeddable":true,"href":"https:\/\/oiovape.com\/es\/wp-json\/wp\/v2\/product_brand?post=3071"},{"taxonomy":"product_cat","embeddable":true,"href":"https:\/\/oiovape.com\/es\/wp-json\/wp\/v2\/product_cat?post=3071"},{"taxonomy":"product_tag","embeddable":true,"href":"https:\/\/oiovape.com\/es\/wp-json\/wp\/v2\/product_tag?post=3071"}],"curies":[{"name":"wp","href":"https:\/\/api.w.org\/{rel}","templated":true}]}}