{"id":3977,"date":"2026-01-10T06:00:43","date_gmt":"2026-01-10T06:00:43","guid":{"rendered":"https:\/\/oiovape.com\/?post_type=product&#038;p=3977"},"modified":"2026-04-08T12:00:42","modified_gmt":"2026-04-08T04:00:42","slug":"al-fakher-crown-bar-pro-15000-puffs","status":"publish","type":"product","link":"https:\/\/oiovape.com\/es\/product\/al-fakher-crown-bar-pro-15000-puffs\/","title":{"rendered":"Al Fakher Crown Bar Pro 15000 PUFFS Pantalla LED Indicador de Nivel de Bater\u00eda Bobina de Malla Vape Desechable Inteligente"},"content":{"rendered":"<div data-page-id=\"ZVeMfq8uxd7y1ycuKm5cym4LnYd\" data-lark-html-role=\"root\" data-docx-has-block-data=\"false\">\n<div data-page-id=\"Fd41fZ5N9dzRQtcRNoVc2FuDnCh\" data-lark-html-role=\"root\" data-docx-has-block-data=\"true\">\n<div data-page-id=\"BdIJfeeijdk1eucGpS8cDCBBn5c\" data-lark-html-role=\"root\" data-docx-has-block-data=\"false\">\n<div data-page-id=\"Zbg9fWx77dUuh2cIYpic25c8nyd\" data-lark-html-role=\"root\" data-docx-has-block-data=\"false\">\n<div data-page-id=\"KaIvfiurhdlCKdc0kyxcX64cnE6\" data-lark-html-role=\"root\" data-docx-has-block-data=\"true\">\n<div data-page-id=\"PbvFfqxqlddUTScRpEYcY5MHnpf\" data-lark-html-role=\"root\" data-docx-has-block-data=\"true\">\n<div data-page-id=\"GZO2f5JeudwY4jc9iJtcdk9Hnxh\" data-lark-html-role=\"root\" data-docx-has-block-data=\"false\">\n<div data-page-id=\"EZVRf2acFduXLGcseZFc4qH2n6e\" data-lark-html-role=\"root\" data-docx-has-block-data=\"false\">\n<div data-page-id=\"B8rHfcqlqdzmH5cCWCncz17Cntb\" data-lark-html-role=\"root\" data-docx-has-block-data=\"false\">\n<div data-page-id=\"B8rHfcqlqdzmH5cCWCncz17Cntb\" data-lark-html-role=\"root\" data-docx-has-block-data=\"false\">\n<div data-page-id=\"B8rHfcqlqdzmH5cCWCncz17Cntb\" data-lark-html-role=\"root\" data-docx-has-block-data=\"true\">\n<div data-page-id=\"HM70f1aoxdD0bMcxJZBcVc7ynZd\" data-lark-html-role=\"root\" data-docx-has-block-data=\"false\">\n<div data-page-id=\"NSrJfN7Ord22i0c1iwZcsF8yn8b\" data-lark-html-role=\"root\" data-docx-has-block-data=\"false\">\n<div data-page-id=\"RXEff4Mskds8o1cqL5HcGEtUnCh\" data-lark-html-role=\"root\" data-docx-has-block-data=\"false\">\n<div data-page-id=\"KJ7gfqkVndMSRJcMseScmvYwnTc\" data-lark-html-role=\"root\" data-docx-has-block-data=\"false\">\n<div class=\"ace-line ace-line old-record-id-QADAfETPudgmudc05YvcTO5fnxe\">\n<div data-page-id=\"KJ7gfqkVndMSRJcMseScmvYwnTc\" data-lark-html-role=\"root\" data-docx-has-block-data=\"false\">\n<div class=\"ace-line ace-line old-record-id-JoRkfpho8dOkiacEOascDyCOncb\">\n<div data-page-id=\"KJ7gfqkVndMSRJcMseScmvYwnTc\" data-lark-html-role=\"root\" data-docx-has-block-data=\"false\">\n<div data-page-id=\"Ju6ofQ3V4dGmePcVvJvc1gmcnZb\" data-lark-html-role=\"root\" data-docx-has-block-data=\"true\">\n<div data-page-id=\"PR9ife5PLdFabccbFgZcWgZOnTc\" data-lark-html-role=\"root\" data-docx-has-block-data=\"false\">\n<div data-page-id=\"INdrfOIGzdaenXcptrcc1BcznQc\" data-lark-html-role=\"root\" data-docx-has-block-data=\"false\">\n<div class=\"ace-line ace-line old-record-id-P0fIf4YaZdoGkbcxt5ackec2nnb\">\n<div data-page-id=\"INdrfOIGzdaenXcptrcc1BcznQc\" data-lark-html-role=\"root\" data-docx-has-block-data=\"false\">\n<div data-page-id=\"MAzCfUB73dMTQscm8eWcougVn1g\" data-lark-html-role=\"root\" data-docx-has-block-data=\"true\">\n<div data-page-id=\"AXfpf7H1odhDvGcKoUOcErN8nV7\" data-lark-html-role=\"root\" data-docx-has-block-data=\"false\">\n<div data-page-id=\"QYTKf5PvLdUNdbce2nBcW9yfnrh\" data-lark-html-role=\"root\" data-docx-has-block-data=\"false\">\n<div data-page-id=\"Pvu1f1CCBdxbjncA9pgcBTpanph\" data-lark-html-role=\"root\" data-docx-has-block-data=\"true\">\n<div data-page-id=\"Axf3fcmY8dDAhtcjVircBcphnPc\" data-lark-html-role=\"root\" data-docx-has-block-data=\"false\">\n<div data-page-id=\"KKj1f9SPmdLhhMc5E2AcNlLen6f\" data-lark-html-role=\"root\" data-docx-has-block-data=\"true\">\n<div data-page-id=\"Rx61fK1sJdXHjPcBuhZcweNhnwc\" data-lark-html-role=\"root\" data-docx-has-block-data=\"false\">\n<div data-page-id=\"L1H9fkG9Mdz45Fcy4WMc5VKXnRe\" data-lark-html-role=\"root\" data-docx-has-block-data=\"false\">\n<div data-page-id=\"L1H9fkG9Mdz45Fcy4WMc5VKXnRe\" data-lark-html-role=\"root\" data-docx-has-block-data=\"false\">\n<div data-page-id=\"D4XLfVBVrdE8mrcaYizczklLnaf\" data-lark-html-role=\"root\" data-docx-has-block-data=\"false\">\n<div data-page-id=\"WVcifIY44d5mhMcXtyEcTsfenGd\" data-lark-html-role=\"root\" data-docx-has-block-data=\"true\">\n<div data-page-id=\"LRknfa6Whd4DWCcUc0FcNKpJnyh\" data-lark-html-role=\"root\" data-docx-has-block-data=\"false\">\n<div data-page-id=\"LRknfa6Whd4DWCcUc0FcNKpJnyh\" data-lark-html-role=\"root\" data-docx-has-block-data=\"false\">\n<div data-page-id=\"XFRAfkcOEdRWh8cArQ2cJdyRnJf\" data-lark-html-role=\"root\" data-docx-has-block-data=\"true\">\n<div data-page-id=\"OQ3bfjnRddMTDGcC3ouc6xFKnWf\" data-lark-html-role=\"root\" data-docx-has-block-data=\"true\">\n<div data-page-id=\"J0iGfj1hEdjc4rcUdSmc4spMnmZ\" data-lark-html-role=\"root\" data-docx-has-block-data=\"false\">\n<div data-page-id=\"P1o7fFyNlduP8tcfZpQcagzbnIf\" data-lark-html-role=\"root\" data-docx-has-block-data=\"false\">\n<div class=\"ace-line ace-line old-record-id-P1o7fFyNlduP8tcfZpQcagzbnIf\">\n<div data-page-id=\"P1o7fFyNlduP8tcfZpQcagzbnIf\" data-lark-html-role=\"root\" data-docx-has-block-data=\"false\">\n<div data-page-id=\"U4iufW38SdttWKcTstMcTtHRnXc\" data-lark-html-role=\"root\" data-docx-has-block-data=\"true\">\n<h2 data-path-to-node=\"0\">Una Tormenta Duradera para Perturbar tus Sentidos: Inmersi\u00f3n Profunda en el Al Fakher Crown Bar Pro 15000 Puffs<\/h2>\n<p data-path-to-node=\"1\">\u00bfQui\u00e9n dice que los dispositivos desechables de alto n\u00famero de caladas est\u00e1n destinados a comprometerse con sabores quemados e ins\u00edpidos en su segunda mitad? El Al Fakher Crown Bar Pro 15000 Puffs est\u00e1 destrozando este prejuicio con una destreza innegable. No es solo una \u201cm\u00e1quina de rendimiento\u201d capaz de exhalar nubes asombrosas, sino m\u00e1s bien un sal\u00f3n de shisha de primera categor\u00eda, del tama\u00f1o de un bolsillo, listo para abrir sus puertas para ti en cualquier momento. Para aquellos jugadores que hace mucho tiempo se cansaron de cambiar dispositivos frecuentemente y de soportar una degradaci\u00f3n del sabor como un acantilado, este dispositivo es como un copiloto en un largo viaje transcontinental que nunca se queja y siempre est\u00e1 completamente energizado.<\/p>\n<h2 data-path-to-node=\"2\">Adi\u00f3s a la Mediocridad, El Despertar Completo de Capacidades Hardcore<\/h2>\n<p data-path-to-node=\"3\">Dejando de lado esos trucos de iluminaci\u00f3n RGB llamativos pero in\u00fatiles, el Al Fakher 15K Pro elige profundizar en los detalles centrales que m\u00e1s afectan la experiencia de vapeo. \u00bfDebemos comprometernos sin remedio en medio de la ansiedad de la bater\u00eda y el sabor inferior? Por supuesto que no.<\/p>\n<h3 data-path-to-node=\"4\">La Fuente de Energ\u00eda de una Bestia de Rendimiento<\/h3>\n<h4 data-path-to-node=\"5\">La Compa\u00f1\u00eda Definitiva de 15000 Caladas<\/h4>\n<p data-path-to-node=\"6\">De ninguna manera es una estrella fugaz que brilla por un momento y se seca r\u00e1pidamente. La resistencia ultra larga de hasta 15000 caladas significa que incluso si eres el m\u00e1s exigente, un cazador de nubes pesado, te acompa\u00f1ar\u00e1 constantemente a trav\u00e9s de largos per\u00edodos de tiempo. No necesitas presupuestar cuidadosamente cada calada; lo que te otorga es la libertad absoluta de disfrutar en las nubes.<\/p>\n<h4 data-path-to-node=\"7\">La Vasta Reserva de L\u00edquido Electr\u00f3nico de 22ML<\/h4>\n<p data-path-to-node=\"8\">Si un sorbo de vapor es una nube, entonces la capacidad masiva de 22ml es un cielo vasto. Esta matriz pre-llena de l\u00edquido electr\u00f3nico de alta calidad elimina directamente la molestia de recargas frecuentes, minimizando todas las interrupciones y asegurando que tu experiencia inmersiva permanezca ininterrumpida.<\/p>\n<h3 data-path-to-node=\"9\">Tecnolog\u00eda de Precisi\u00f3n en Control Completo<\/h3>\n<h4 data-path-to-node=\"10\">Bobina de Malla Avanzada 0.6\u03a9<\/h4>\n<p data-path-to-node=\"11\">\u00bfTodav\u00eda est\u00e1s soportando esa atomizaci\u00f3n fluctuante, a veces incluso ligeramente con sabor a pl\u00e1stico, inferior? El alambre de calentamiento de malla integrado de 0.6 ohmios act\u00faa como un perfumista maestro con t\u00e9cnicas incre\u00edblemente precisas. Asegura que cada gota de l\u00edquido electr\u00f3nico se despierte de manera uniforme y feroz en el momento del contacto. Desde la primera calada hasta la diez mil\u00e9sima, la concentraci\u00f3n de vapor permanece tan consistente como siempre, tan rica que sientes como si pudieras tocar esa capa de frutosidad con tus manos.<\/p>\n<h4 data-path-to-node=\"12\">Ventana de Estado LED Inteligente<\/h4>\n<p data-path-to-node=\"13\">\u00bfDebemos sufrir el terror desconocido de una ca\u00edda repentina de bater\u00eda mientras disfrutamos de vapor de cuerpo completo?<\/p>\n<h5 data-path-to-node=\"14\">Retroalimentaci\u00f3n de Datos Precisa<\/h5>\n<p data-path-to-node=\"15\">La pantalla LED brillante en la parte frontal del dispositivo termina completamente la era de \u201cadivinar a ciegas\u201d. Los niveles de bater\u00eda y l\u00edquido electr\u00f3nico son visibles de un vistazo, muy como los diales precisos en el panel de un autom\u00f3vil deportivo. No hay ataques de apagado repentino, solo la compostura sin prisa de tener todo completamente bajo control.<\/p>\n<h4 data-path-to-node=\"16\">N\u00facleo de Potencia de 600mAh y Carga Ultra R\u00e1pida<\/h4>\n<p data-path-to-node=\"17\">La bater\u00eda recargable robusta de 600mAh es responsable de una salida constante y continua. Emparejada con el puerto de carga r\u00e1pida Type-C en la base, puede \u201cresucitar a sangre completa\u201d r\u00e1pidamente en el tiempo que te toma agarrar una taza de caf\u00e9, manteniendo siempre esa sensaci\u00f3n de empuje m\u00e1ximo.<\/p>\n<h2 data-path-to-node=\"18\">Experiencia de Vapeo DTL Inmersiva: \u00bfPor Qu\u00e9 es Irresistible?<\/h2>\n<p data-path-to-node=\"19\">Esto absolutamente no es el tipo de experiencia sofocante con una resistencia de calada masiva que te deja rojo en la cara. El flujo de aire abierto ampliamente dise\u00f1ado espec\u00edficamente para DTL (Direct-to-Lung) hace que cada calada se sienta como tomar una respiraci\u00f3n profunda y refrescante en lo profundo de un bosque de principios de oto\u00f1o\u2014natural, expansivo, y completamente libre de sequedad. Combinado con una fortaleza de nicotina de 5%, no juega juegos de sondeo suave; en cambio, entrega un golpe de garganta firme y controlable. Cada calada golpea justo en el punto dulce, trayendo satisfacci\u00f3n sensorial tangible.<\/p>\n<p><img decoding=\"async\" class=\"alignnone wp-image-8117 size-full\" title=\"Al Fakher Crown Bar Pro 15K Disposable Vape\" src=\"https:\/\/oiovape.com\/wp-content\/uploads\/2026\/04\/Al-Fakher-Crown-Bar-Pro-15K-Disposable-Vape.jpg\" alt=\"Al Fakher Crown Bar Pro 15K Disposable Vape\" width=\"1012\" height=\"1012\" srcset=\"https:\/\/oiovape.com\/wp-content\/uploads\/2026\/04\/Al-Fakher-Crown-Bar-Pro-15K-Disposable-Vape.jpg 1012w, https:\/\/oiovape.com\/wp-content\/uploads\/2026\/04\/Al-Fakher-Crown-Bar-Pro-15K-Disposable-Vape-300x300.jpg 300w, https:\/\/oiovape.com\/wp-content\/uploads\/2026\/04\/Al-Fakher-Crown-Bar-Pro-15K-Disposable-Vape-150x150.jpg 150w, https:\/\/oiovape.com\/wp-content\/uploads\/2026\/04\/Al-Fakher-Crown-Bar-Pro-15K-Disposable-Vape-768x768.jpg 768w, https:\/\/oiovape.com\/wp-content\/uploads\/2026\/04\/Al-Fakher-Crown-Bar-Pro-15K-Disposable-Vape-12x12.jpg 12w, https:\/\/oiovape.com\/wp-content\/uploads\/2026\/04\/Al-Fakher-Crown-Bar-Pro-15K-Disposable-Vape-600x600.jpg 600w\" sizes=\"(max-width: 1012px) 100vw, 1012px\" \/><\/p>\n<h2 data-path-to-node=\"20\">El Museo del Arte del Sabor: Cada Sabor es una Obra Maestra Independiente<\/h2>\n<p data-path-to-node=\"21\">Al Fakher nunca mezcla agua azucarada barata e industrial; est\u00e1n construyendo una arquitectura precisa de aroma y sabor. Para dejarte ver completamente su paisaje de sabor, estamos desglosando cada perfil individual:<\/p>\n<p data-path-to-node=\"22\">1.Berry Ice<br \/>\n2.Blackcurrant Ice<br \/>\n3.Frambuesa Azul Limonada<br \/>\n4.Cherry Raspberry<br \/>\n5.Grape Mint<br \/>\n6.Sabor a Chicle<br \/>\n7.Chicle Menta<br \/>\n8.Amor M\u00e1gico<br \/>\n9.Simplemente Menta<br \/>\n10.Maracuy\u00e1 Dulce<br \/>\n11. Sue\u00f1o L\u00facido<br \/>\n12. Destello Blanco<\/p>\n<h2 data-path-to-node=\"54\">Est\u00e9tica Minimalista: \u00bfC\u00f3mo Domar Esta Bestia del Vapeo?<\/h2>\n<p data-path-to-node=\"55\">El disfrute se supone que es un regreso al instinto, desprovisto de pasos tediosos u oscuros:<\/p>\n<ol start=\"1\" data-path-to-node=\"56\">\n<li>\n<p data-path-to-node=\"56,0,0\"><b data-path-to-node=\"56,0,0\" data-index-in-node=\"0\">Lib\u00e9rate de las Restricciones:<\/b> Abre el empaque, y esta m\u00e1quina compuesta ya est\u00e1 en espera 24\/7.<\/p>\n<\/li>\n<li>\n<p data-path-to-node=\"56,1,0\"><b data-path-to-node=\"56,1,0\" data-index-in-node=\"0\">Sigue Tus Instintos:<\/b> Descarta todos los botones innecesarios. Sella tus labios alrededor de la boquilla, y el sensor neum\u00e1tico despertar\u00e1 la bobina de malla latente en milisegundos, estallando instant\u00e1neamente con una energ\u00eda asombrosa.<\/p>\n<\/li>\n<li>\n<p data-path-to-node=\"56,2,0\"><b data-path-to-node=\"56,2,0\" data-index-in-node=\"0\">Reabastecimiento Tranquilo:<\/b> Cuando la pantalla elegante se ilumina con una advertencia de bater\u00eda baja, conecta el cable Type-C. En el tiempo que tarda en beber un vaso de agua, se revitalizar\u00e1.<\/p>\n<\/li>\n<li>\n<p data-path-to-node=\"56,3,0\"><b data-path-to-node=\"56,3,0\" data-index-in-node=\"0\">Una Despedida Digna:<\/b> Es el destino de un dispositivo desechable. Cuando los 22ml de \u201ccombustible\u201d se agoten completamente, rec\u00edclalo adecuadamente seg\u00fan las regulaciones locales, d\u00e1ndole a este leal compa\u00f1ero un lugar de descanso digno.<\/p>\n<\/li>\n<\/ol>\n<h2 data-path-to-node=\"57\">Ventaja Aplastante: \u00bfPor Qu\u00e9 Mira por Encima de la Multitud?<\/h2>\n<p data-path-to-node=\"58\">El mercado est\u00e1 inundado de dispositivos que presumen \u201cdiez mil caladas,\u201d pero la mayor\u00eda son solo juguetes de pl\u00e1stico inflando ciegamente su volumen. El Al Fakher Crown Bar 15000 Pro gana a trav\u00e9s de un arte llamado \u201crestricci\u00f3n elaborada.\u201d Entiende mejor que nadie que lo que los jugadores quieren es absolutamente no un empaque exagerado, sino un instrumento de precisi\u00f3n que pueda realmente extraer el sabor hasta la \u00faltima gota. No est\u00e1 compitiendo con rivales en especificaciones en papel; est\u00e1 redefiniendo el techo de la industria para dispositivos DTL de larga duraci\u00f3n.<\/p>\n<p data-path-to-node=\"59\">No dejes que tus papilas gustativas contin\u00faen comprometi\u00e9ndose en la mediocridad. Agarra ese cautivador \u201cGrape Mint\u201d p\u00farpura e inmediatamente enciende tu propia revoluci\u00f3n sensorial.<\/p>\n<\/div>\n<\/div>\n<\/div>\n<\/div>\n<\/div>\n<\/div>\n<\/div>\n<\/div>\n<\/div>\n<\/div>\n<\/div>\n<\/div>\n<\/div>\n<\/div>\n<\/div>\n<\/div>\n<\/div>\n<\/div>\n<\/div>\n<\/div>\n<\/div>\n<\/div>\n<\/div>\n<\/div>\n<\/div>\n<\/div>\n<\/div>\n<\/div>\n<\/div>\n<\/div>\n<\/div>\n<\/div>\n<\/div>\n<\/div>\n<\/div>\n<\/div>\n<\/div>\n<\/div>\n<\/div>\n<\/div>\n<\/div>\n<\/div>\n<\/div>\n<\/div>","protected":false},"excerpt":{"rendered":"<div data-page-id=\"RAopf2sw9dtvw4cWYXpcTwo0n8g\" data-lark-html-role=\"root\" data-docx-has-block-data=\"false\">\n<div class=\"ace-line ace-line old-record-id-Uju9f3RXYd8dh2crAJbcBF3Un6M\">El Al Fakher Crown Bar Pro 15000 Puffs ofrece una experiencia de vapeo DTL suave con sabores ricos y bien equilibrados, adem\u00e1s de un rendimiento confiable. Con una bobina de malla, pantalla LED y gran capacidad de e-l\u00edquido, combina un uso duradero con un control claro, haciendo que cada calada sea consistente, sabrosa y satisfactoria.<\/div>\n<\/div>","protected":false},"featured_media":3988,"comment_status":"open","ping_status":"closed","template":"","meta":{"_acf_changed":false,"inline_featured_image":false,"_sitemap_exclude":false,"_sitemap_priority":"","_sitemap_frequency":""},"product_brand":[238],"product_cat":[237,239,246],"product_tag":[],"class_list":{"0":"post-3977","1":"product","2":"type-product","3":"status-publish","4":"has-post-thumbnail","6":"product_brand-al-fakher","7":"product_cat-al-fakher-puff","8":"product_cat-disposable-vape-collection","9":"product_cat-15k-puff","11":"first","12":"instock","13":"sale","14":"shipping-taxable","15":"purchasable","16":"product-type-variable","17":"has-default-attributes"},"acf":[],"tiered_pricing_type":"fixed","tiered_pricing_fixed_rules":{"30":12.05,"60":11.49,"100":10.9,"200":10.56},"tiered_pricing_product_settings":{"layout":"default","base_unit_name":{"singular":null,"plural":null},"default_variation":null},"tiered_pricing_minimum_quantity":10,"tiered_pricing_roles_data":[],"tiered_pricing_percentage_rules":[],"tiered_pricing_maximum_quantity":null,"tiered_pricing_quantity_step":"10","_links":{"self":[{"href":"https:\/\/oiovape.com\/es\/wp-json\/wp\/v2\/product\/3977","targetHints":{"allow":["GET"]}}],"collection":[{"href":"https:\/\/oiovape.com\/es\/wp-json\/wp\/v2\/product"}],"about":[{"href":"https:\/\/oiovape.com\/es\/wp-json\/wp\/v2\/types\/product"}],"replies":[{"embeddable":true,"href":"https:\/\/oiovape.com\/es\/wp-json\/wp\/v2\/comments?post=3977"}],"version-history":[{"count":3,"href":"https:\/\/oiovape.com\/es\/wp-json\/wp\/v2\/product\/3977\/revisions"}],"predecessor-version":[{"id":8118,"href":"https:\/\/oiovape.com\/es\/wp-json\/wp\/v2\/product\/3977\/revisions\/8118"}],"wp:featuredmedia":[{"embeddable":true,"href":"https:\/\/oiovape.com\/es\/wp-json\/wp\/v2\/media\/3988"}],"wp:attachment":[{"href":"https:\/\/oiovape.com\/es\/wp-json\/wp\/v2\/media?parent=3977"}],"wp:term":[{"taxonomy":"product_brand","embeddable":true,"href":"https:\/\/oiovape.com\/es\/wp-json\/wp\/v2\/product_brand?post=3977"},{"taxonomy":"product_cat","embeddable":true,"href":"https:\/\/oiovape.com\/es\/wp-json\/wp\/v2\/product_cat?post=3977"},{"taxonomy":"product_tag","embeddable":true,"href":"https:\/\/oiovape.com\/es\/wp-json\/wp\/v2\/product_tag?post=3977"}],"curies":[{"name":"wp","href":"https:\/\/api.w.org\/{rel}","templated":true}]}}