{"id":5131,"date":"2026-01-15T08:21:21","date_gmt":"2026-01-15T08:21:21","guid":{"rendered":"https:\/\/oiovape.com\/?post_type=product&#038;p=5131"},"modified":"2026-04-13T14:10:50","modified_gmt":"2026-04-13T06:10:50","slug":"airmez-randm-tornado-25000-puffs","status":"publish","type":"product","link":"https:\/\/oiovape.com\/es\/product\/airmez-randm-tornado-25000-puffs\/","title":{"rendered":"Airmez RandM Tornado 25000 PUFFS 5% Nicotina Bobina de Malla Recargable Cigarrillo Electr\u00f3nico Desechable"},"content":{"rendered":"<div data-page-id=\"ZVeMfq8uxd7y1ycuKm5cym4LnYd\" data-lark-html-role=\"root\" data-docx-has-block-data=\"false\">\n<div data-page-id=\"Fd41fZ5N9dzRQtcRNoVc2FuDnCh\" data-lark-html-role=\"root\" data-docx-has-block-data=\"true\">\n<div data-page-id=\"BdIJfeeijdk1eucGpS8cDCBBn5c\" data-lark-html-role=\"root\" data-docx-has-block-data=\"false\">\n<div data-page-id=\"Zbg9fWx77dUuh2cIYpic25c8nyd\" data-lark-html-role=\"root\" data-docx-has-block-data=\"false\">\n<div data-page-id=\"KaIvfiurhdlCKdc0kyxcX64cnE6\" data-lark-html-role=\"root\" data-docx-has-block-data=\"true\">\n<div data-page-id=\"PbvFfqxqlddUTScRpEYcY5MHnpf\" data-lark-html-role=\"root\" data-docx-has-block-data=\"true\">\n<div data-page-id=\"GZO2f5JeudwY4jc9iJtcdk9Hnxh\" data-lark-html-role=\"root\" data-docx-has-block-data=\"false\">\n<div data-page-id=\"EZVRf2acFduXLGcseZFc4qH2n6e\" data-lark-html-role=\"root\" data-docx-has-block-data=\"false\">\n<div data-page-id=\"B8rHfcqlqdzmH5cCWCncz17Cntb\" data-lark-html-role=\"root\" data-docx-has-block-data=\"false\">\n<div data-page-id=\"B8rHfcqlqdzmH5cCWCncz17Cntb\" data-lark-html-role=\"root\" data-docx-has-block-data=\"false\">\n<div data-page-id=\"B8rHfcqlqdzmH5cCWCncz17Cntb\" data-lark-html-role=\"root\" data-docx-has-block-data=\"true\">\n<div data-page-id=\"HM70f1aoxdD0bMcxJZBcVc7ynZd\" data-lark-html-role=\"root\" data-docx-has-block-data=\"false\">\n<div data-page-id=\"NSrJfN7Ord22i0c1iwZcsF8yn8b\" data-lark-html-role=\"root\" data-docx-has-block-data=\"false\">\n<div data-page-id=\"RXEff4Mskds8o1cqL5HcGEtUnCh\" data-lark-html-role=\"root\" data-docx-has-block-data=\"false\">\n<div data-page-id=\"KJ7gfqkVndMSRJcMseScmvYwnTc\" data-lark-html-role=\"root\" data-docx-has-block-data=\"false\">\n<div class=\"ace-line ace-line old-record-id-QADAfETPudgmudc05YvcTO5fnxe\">\n<div data-page-id=\"KJ7gfqkVndMSRJcMseScmvYwnTc\" data-lark-html-role=\"root\" data-docx-has-block-data=\"false\">\n<div class=\"ace-line ace-line old-record-id-JoRkfpho8dOkiacEOascDyCOncb\">\n<div data-page-id=\"KJ7gfqkVndMSRJcMseScmvYwnTc\" data-lark-html-role=\"root\" data-docx-has-block-data=\"false\">\n<div data-page-id=\"Ju6ofQ3V4dGmePcVvJvc1gmcnZb\" data-lark-html-role=\"root\" data-docx-has-block-data=\"true\">\n<div data-page-id=\"PR9ife5PLdFabccbFgZcWgZOnTc\" data-lark-html-role=\"root\" data-docx-has-block-data=\"false\">\n<div data-page-id=\"INdrfOIGzdaenXcptrcc1BcznQc\" data-lark-html-role=\"root\" data-docx-has-block-data=\"false\">\n<div class=\"ace-line ace-line old-record-id-P0fIf4YaZdoGkbcxt5ackec2nnb\">\n<div data-page-id=\"INdrfOIGzdaenXcptrcc1BcznQc\" data-lark-html-role=\"root\" data-docx-has-block-data=\"false\">\n<div data-page-id=\"MAzCfUB73dMTQscm8eWcougVn1g\" data-lark-html-role=\"root\" data-docx-has-block-data=\"true\">\n<div data-page-id=\"AXfpf7H1odhDvGcKoUOcErN8nV7\" data-lark-html-role=\"root\" data-docx-has-block-data=\"false\">\n<div data-page-id=\"QYTKf5PvLdUNdbce2nBcW9yfnrh\" data-lark-html-role=\"root\" data-docx-has-block-data=\"false\">\n<div data-page-id=\"Pvu1f1CCBdxbjncA9pgcBTpanph\" data-lark-html-role=\"root\" data-docx-has-block-data=\"true\">\n<div data-page-id=\"Axf3fcmY8dDAhtcjVircBcphnPc\" data-lark-html-role=\"root\" data-docx-has-block-data=\"false\">\n<div data-page-id=\"KKj1f9SPmdLhhMc5E2AcNlLen6f\" data-lark-html-role=\"root\" data-docx-has-block-data=\"true\">\n<div data-page-id=\"Rx61fK1sJdXHjPcBuhZcweNhnwc\" data-lark-html-role=\"root\" data-docx-has-block-data=\"false\">\n<div data-page-id=\"L1H9fkG9Mdz45Fcy4WMc5VKXnRe\" data-lark-html-role=\"root\" data-docx-has-block-data=\"false\">\n<div data-page-id=\"L1H9fkG9Mdz45Fcy4WMc5VKXnRe\" data-lark-html-role=\"root\" data-docx-has-block-data=\"false\">\n<div data-page-id=\"D4XLfVBVrdE8mrcaYizczklLnaf\" data-lark-html-role=\"root\" data-docx-has-block-data=\"false\">\n<div data-page-id=\"WVcifIY44d5mhMcXtyEcTsfenGd\" data-lark-html-role=\"root\" data-docx-has-block-data=\"true\">\n<div data-page-id=\"LRknfa6Whd4DWCcUc0FcNKpJnyh\" data-lark-html-role=\"root\" data-docx-has-block-data=\"false\">\n<div data-page-id=\"LRknfa6Whd4DWCcUc0FcNKpJnyh\" data-lark-html-role=\"root\" data-docx-has-block-data=\"false\">\n<div data-page-id=\"XFRAfkcOEdRWh8cArQ2cJdyRnJf\" data-lark-html-role=\"root\" data-docx-has-block-data=\"true\">\n<div data-page-id=\"OQ3bfjnRddMTDGcC3ouc6xFKnWf\" data-lark-html-role=\"root\" data-docx-has-block-data=\"true\">\n<div data-page-id=\"J0iGfj1hEdjc4rcUdSmc4spMnmZ\" data-lark-html-role=\"root\" data-docx-has-block-data=\"false\">\n<div data-page-id=\"P1o7fFyNlduP8tcfZpQcagzbnIf\" data-lark-html-role=\"root\" data-docx-has-block-data=\"false\">\n<div class=\"ace-line ace-line old-record-id-P1o7fFyNlduP8tcfZpQcagzbnIf\">\n<div data-page-id=\"P1o7fFyNlduP8tcfZpQcagzbnIf\" data-lark-html-role=\"root\" data-docx-has-block-data=\"false\">\n<div data-page-id=\"U4iufW38SdttWKcTstMcTtHRnXc\" data-lark-html-role=\"root\" data-docx-has-block-data=\"true\">\n<div data-page-id=\"ONVMf7VTWddcFtcyATOchCJHnZb\" data-lark-html-role=\"root\" data-docx-has-block-data=\"true\">\n<div data-page-id=\"KoW2fSy0PdLHFlc5kSHcgvWMnYg\" data-lark-html-role=\"root\" data-docx-has-block-data=\"false\">\n<div data-page-id=\"KoW2fSy0PdLHFlc5kSHcgvWMnYg\" data-lark-html-role=\"root\" data-docx-has-block-data=\"false\">\n<div data-page-id=\"OLGhfzxC7d7EFIcLEj9cRT5ynZf\" data-lark-html-role=\"root\" data-docx-has-block-data=\"false\">\n<div data-page-id=\"DdnnfrLjzdqrFIc9Il9c7pA2noc\" data-lark-html-role=\"root\" data-docx-has-block-data=\"true\">\n<div data-page-id=\"KNzcf2o0oddkJOcztTVcqPdlnth\" data-lark-html-role=\"root\" data-docx-has-block-data=\"false\">\n<div data-page-id=\"LBU7fg5SEdkWhecGJoxca3xvnCe\" data-lark-html-role=\"root\" data-docx-has-block-data=\"false\">\n<div data-page-id=\"EB70fooS3d69bMcgWB7c5qb9n8g\" data-lark-html-role=\"root\" data-docx-has-block-data=\"false\">\n<h2 data-path-to-node=\"0\">Airmez RandM Tornado 25000 Puffs: La Leyenda Regresa, Despierta Tu Carnaval de Sabores<\/h2>\n<p data-path-to-node=\"1\">\u00a1La bestia se ha despertado completamente! \u00bfA\u00fan est\u00e1s tolerando cargos frecuentes y dispositivos tradicionales sin sabor y aburridos? El <b data-path-to-node=\"1\" data-index-in-node=\"125\">Airmez Tornado 25000<\/b> <strong>Puff<\/strong> irrumpe en escena, fusionando perfectamente el rendimiento legendario definitivo con el control de calidad de primer nivel de Airmez. Presentando el ic\u00f3nico <b data-path-to-node=\"1\" data-index-in-node=\"281\">Street-Art Monkey<\/b> gr\u00e1fico y un asombroso <b data-path-to-node=\"1\" data-index-in-node=\"324\">tanque jumbo de 25ml<\/b>\u2014\u00bfes realmente solo un vaporizador desechable? \u00a1No, es una declaraci\u00f3n de moda directamente en la palma de tu mano!<\/p>\n<p data-path-to-node=\"2\">Gira la base para desbloquear instant\u00e1neamente un poder arrollador. Gracias a su \u00fanico <b data-path-to-node=\"2\" data-index-in-node=\"71\">sistema de ajuste de flujo de aire panor\u00e1mico de 360\u00b0<\/b>, \u00bfquieres una calada apretada y refinada o la emoci\u00f3n de perseguir nubes masivas? \u00a1Tienes el control total!<\/p>\n<p><img decoding=\"async\" class=\"alignnone wp-image-8248 size-full\" title=\"Airmez RandM Tornado 25K Vape\" src=\"https:\/\/oiovape.com\/wp-content\/uploads\/2026\/04\/Airmez-RandM-Tornado-25K-Vape.jpg\" alt=\"Airmez RandM Tornado 25K Vape\" width=\"1759\" height=\"733\" srcset=\"https:\/\/oiovape.com\/wp-content\/uploads\/2026\/04\/Airmez-RandM-Tornado-25K-Vape.jpg 1759w, https:\/\/oiovape.com\/wp-content\/uploads\/2026\/04\/Airmez-RandM-Tornado-25K-Vape-300x125.jpg 300w, https:\/\/oiovape.com\/wp-content\/uploads\/2026\/04\/Airmez-RandM-Tornado-25K-Vape-1024x427.jpg 1024w, https:\/\/oiovape.com\/wp-content\/uploads\/2026\/04\/Airmez-RandM-Tornado-25K-Vape-768x320.jpg 768w, https:\/\/oiovape.com\/wp-content\/uploads\/2026\/04\/Airmez-RandM-Tornado-25K-Vape-1536x640.jpg 1536w, https:\/\/oiovape.com\/wp-content\/uploads\/2026\/04\/Airmez-RandM-Tornado-25K-Vape-18x8.jpg 18w, https:\/\/oiovape.com\/wp-content\/uploads\/2026\/04\/Airmez-RandM-Tornado-25K-Vape-1200x500.jpg 1200w, https:\/\/oiovape.com\/wp-content\/uploads\/2026\/04\/Airmez-RandM-Tornado-25K-Vape-150x63.jpg 150w\" sizes=\"(max-width: 1759px) 100vw, 1759px\" \/><\/p>\n<h2 data-path-to-node=\"3\">\ud83d\udd25 Caracter\u00edsticas del N\u00facleo Hardcore: Definiendo la Experiencia Definitiva de Vapeo<\/h2>\n<p data-path-to-node=\"4\">\ud83c\udf2a\ufe0f <b data-path-to-node=\"4\" data-index-in-node=\"4\">Ajuste de Flujo de Aire sin Pasos de 360\u00b0:<\/b> \u00bfA\u00fan preocupado por no encontrar la calada correcta? El sistema de control de flujo de aire inferior de precisi\u00f3n est\u00e1 al alcance de tus dedos. Simplemente gira el anillo mec\u00e1nico inferior para ajustar finamente tu entrada de aire. Cada respiraci\u00f3n se adapta perfectamente a tu ritmo exclusivo.<\/p>\n<p data-path-to-node=\"5\">\ud83d\udc35 <b data-path-to-node=\"5\" data-index-in-node=\"3\">Dise\u00f1o Coleccionable de Mono Ic\u00f3nico:<\/b> \u00bfCansado del mismo aspecto mon\u00f3tono de siempre? \u00a1Hemos tra\u00eddo el estilo de grafiti callejero \u201cBored Ape\u201d globalmente popular directamente al dispositivo! Cada sabor corresponde a un gr\u00e1fico de mono \u00fanico y ultra genial. Sostenerlo no es solo sobre vapear; \u00a1es un accesorio de moda que llama la atenci\u00f3n!.<\/p>\n<p data-path-to-node=\"6\">\ud83d\udd0b <b data-path-to-node=\"6\" data-index-in-node=\"3\">Potencia Fuerte de 850mAh y Carga R\u00e1pida Type-C:<\/b> \u00bfSiempre preocupado por quedarte sin bater\u00eda cuando est\u00e1s fuera? La bater\u00eda recargable de alto rendimiento de 850mAh proporciona resistencia confiable durante todo el d\u00eda. Combinada con un puerto Type-C ultrarr\u00e1pido, puedes volver a la potencia total en solo fracciones de tu tiempo. \u00bfQui\u00e9n dice que gran capacidad significa soportar la incomodidad de una bater\u00eda muerta?<\/p>\n<p data-path-to-node=\"7\">\ud83e\uddea <b data-path-to-node=\"7\" data-index-in-node=\"3\">Capacidad Jumbo de 25ML (Asombrosos 25,000 Puffs):<\/b> \u00bfDemasiado problema cambiar dispositivos frecuentemente? Un total de 25ml de l\u00edquido electr\u00f3nico premium prellenado desbloquea un asombroso n\u00famero de 25,000 puffs de alegr\u00eda duradera. Combinado con tecnolog\u00eda avanzada <b data-path-to-node=\"7\" data-index-in-node=\"215\">Bobina de Malla<\/b> , garantiza que desde el primer puff hasta el \u00faltimo, el sabor permanece tan rico y suave como el amor a primera vista, \u00a1sin absolutamente ning\u00fan sabor a quemado!<\/p>\n<h3 data-path-to-node=\"8\">\u2699\ufe0f Especificaciones Principales del Dispositivo de un Vistazo<\/h3>\n<ul data-path-to-node=\"9\">\n<li>\n<p data-path-to-node=\"9,0,0\"><b data-path-to-node=\"9,0,0\" data-index-in-node=\"0\">Modelo:<\/b> Airmez Tornado 25000<\/p>\n<\/li>\n<li>\n<p data-path-to-node=\"9,1,0\"><b data-path-to-node=\"9,1,0\" data-index-in-node=\"0\">Capacidad de E-L\u00edquido:<\/b> 25ml (Precargado extra grande)<\/p>\n<\/li>\n<li>\n<p data-path-to-node=\"9,2,0\"><b data-path-to-node=\"9,2,0\" data-index-in-node=\"0\">Capacidad de Bater\u00eda:<\/b> 850 mAh (Carga r\u00e1pida recargable compatible)<\/p>\n<\/li>\n<li>\n<p data-path-to-node=\"9,3,0\"><b data-path-to-node=\"9,3,0\" data-index-in-node=\"0\">Puerto de carga:<\/b> USB Tipo-C<\/p>\n<\/li>\n<li>\n<p data-path-to-node=\"9,4,0\"><b data-path-to-node=\"9,4,0\" data-index-in-node=\"0\">Control de flujo de aire:<\/b> Ajustable sin pasos 360\u00b0 en la parte inferior<\/p>\n<\/li>\n<li>\n<p data-path-to-node=\"9,5,0\"><b data-path-to-node=\"9,5,0\" data-index-in-node=\"0\">Componente principal:<\/b> Bobina de malla premium 0.9\u03a9<\/p>\n<\/li>\n<\/ul>\n<h3 data-path-to-node=\"10\">\ud83c\udf49 Men\u00fa de 15 sabores celestiales<\/h3>\n<ul data-path-to-node=\"11\">\n<li>\n<p data-path-to-node=\"11,0,0\">\ud83c\udf47\ud83e\uddca Grape Ice<\/p>\n<\/li>\n<li>\n<p data-path-to-node=\"11,1,0\">\ud83e\uded0\ud83e\uddca Blueberry On Ice<\/p>\n<\/li>\n<li>\n<p data-path-to-node=\"11,2,0\">\ud83c\udf53\ud83e\uddca Strawberry Ice<\/p>\n<\/li>\n<li>\n<p data-path-to-node=\"11,3,0\">\ud83c\udf49\ud83e\uddca Lush Ice<\/p>\n<\/li>\n<li>\n<p data-path-to-node=\"11,4,0\">\ud83c\udf51\ud83e\uddca Peach Ice<\/p>\n<\/li>\n<li>\n<p data-path-to-node=\"11,5,0\">\ud83c\udf51\ud83e\udd6d Peach Mango<\/p>\n<\/li>\n<li>\n<p data-path-to-node=\"11,6,0\">\ud83e\udd5d\ud83e\udd6d Kiwi Passion Fruit Guava<\/p>\n<\/li>\n<li>\n<p data-path-to-node=\"11,7,0\">\ud83c\udf53\ud83c\udf49 Strawberry Watermelon<\/p>\n<\/li>\n<li>\n<p data-path-to-node=\"11,8,0\">\ud83c\udf52 Classic Cherry<\/p>\n<\/li>\n<li>\n<p data-path-to-node=\"11,9,0\">\ud83c\udf4b Lemon &amp; Lime<\/p>\n<\/li>\n<li>\n<p data-path-to-node=\"11,10,0\">\ud83c\udf4f Sour Apple<\/p>\n<\/li>\n<li>\n<p data-path-to-node=\"11,11,0\">\ud83c\udf47\ud83c\udf53 Mixed Berries<\/p>\n<\/li>\n<li>\n<p data-path-to-node=\"11,12,0\">\ud83e\udd64 Berry Lemonade<\/p>\n<\/li>\n<li>\n<p data-path-to-node=\"11,13,0\">\ud83d\udc09\ud83e\uddca Dragon Fruit Ice<\/p>\n<\/li>\n<li>\n<p data-path-to-node=\"11,14,0\">\ud83e\uded0\ud83c\udf52 Triple Berry<\/p>\n<\/li>\n<\/ul>\n<h2 data-path-to-node=\"13\">\ud83e\udd14 Airmez RandM Tornado 25000 Puffs Preguntas frecuentes: \u00a1Todo lo que quieres saber est\u00e1 aqu\u00ed!<\/h2>\n<p data-path-to-node=\"14\"><b data-path-to-node=\"14\" data-index-in-node=\"0\">P: \u00bfSon reales los 25000 puffs? \u00bfCu\u00e1nto tiempo puede durar realmente?<\/b> <b data-path-to-node=\"14\" data-index-in-node=\"60\">R:<\/b> \u00a1Absolutamente real! \u00bfDe verdad creer\u00edamos que intentar\u00edamos enga\u00f1arte con una capacidad peque\u00f1a? El dispositivo est\u00e1 cargado con una asombrosa cantidad de 25ml de l\u00edquido electr\u00f3nico prefilled. Dependiendo de tu frecuencia y duraci\u00f3n personal de vapeo, esta \u201cbestia de rendimiento\u201d es m\u00e1s que suficiente para acompa\u00f1arte durante semanas, \u00a1permiti\u00e9ndote decir adi\u00f3s completamente al hassle de comprar nuevos dispositivos frecuentemente!<\/p>\n<p data-path-to-node=\"15\"><b data-path-to-node=\"15\" data-index-in-node=\"0\">P: \u00bfPara qu\u00e9 se utiliza el anillo giratorio en la parte inferior? \u00bfEs f\u00e1cil de operar?<\/b> <b data-path-to-node=\"15\" data-index-in-node=\"76\">R:<\/b> \u00a1Ese es tu exclusivo \u201ccontrol remoto de sabor\u201d! A trav\u00e9s del sistema de ajuste de flujo de aire sin pasos de 360\u00b0 en la parte inferior, puedes controlar la entrada de aire a tu gusto. \u00bfQuieres un tiro apretado con un golpe de garganta rico? \u00bfO prefieres las nubes suaves y masivas de un tiro directo a los pulmones? Solo un giro suave, y tu estilo de vapeo cambia instant\u00e1neamente.<\/p>\n<p data-path-to-node=\"16\"><b data-path-to-node=\"16\" data-index-in-node=\"0\">P: \u00bfHabr\u00e1 un sabor quemado o el sabor se desvanecer\u00e1 hacia el final?<\/b> <b data-path-to-node=\"16\" data-index-in-node=\"72\">R:<\/b> \u00bfC\u00f3mo podr\u00edamos permitir que eso suceda? Lo hemos equipado con la tecnolog\u00eda de n\u00facleo Mesh Coil 0.9\u03a9 de primer nivel, proporcionando un \u00e1rea de calentamiento m\u00e1s grande y uniforme. Esto significa que desde tu primer calada tan esperada hasta tu \u00faltima persistente, la producci\u00f3n de vapor y la fidelidad del sabor permanecer\u00e1n consistentes y puros hasta el final.<\/p>\n<p data-path-to-node=\"17\"><b data-path-to-node=\"17\" data-index-in-node=\"0\">P: \u00bfQu\u00e9 pasa si se agota la bater\u00eda? \u00bfLa velocidad de carga es lo suficientemente r\u00e1pida?<\/b> <b data-path-to-node=\"17\" data-index-in-node=\"68\">R:<\/b> \u00a1Revive a plena salud, en cualquier momento y lugar! El lateral del dispositivo cuenta con un puerto de carga r\u00e1pida Type-C convencional. Siempre que tengas un cable, una fracci\u00f3n de tu tiempo es todo lo que se necesita para inyectar vitalidad completa nuevamente en la poderosa bater\u00eda de 850mAh. Nunca permitiremos que el poder se convierta en un obst\u00e1culo para tu delicioso disfrute.<\/p>\n<p data-path-to-node=\"18\"><b data-path-to-node=\"18\" data-index-in-node=\"0\">P: \u00bfD\u00f3nde puedo comprar este producto de \u00e9xito aut\u00e9ntico?<\/b> <b data-path-to-node=\"18\" data-index-in-node=\"55\">R:<\/b> \u00a1Solo busca OioVape! Como tu armer\u00eda de vapeo m\u00e1s confiable, prometemos proporcionarte una garant\u00eda de autenticidad oficial 100% Airmez. Ya sea el dise\u00f1o Bored Ape m\u00e1s moderno o los sabores celestiales m\u00e1s buscados, puedes conseguirlo todo aqu\u00ed en una sola parada. No dudes m\u00e1s, \u00a1date prisa y elige tu \u201cbestia\u201d exclusiva y comienza este carnaval de papilas gustativas!<\/p>\n<\/div>\n<\/div>\n<\/div>\n<\/div>\n<\/div>\n<\/div>\n<\/div>\n<\/div>\n<\/div>\n<\/div>\n<\/div>\n<\/div>\n<\/div>\n<\/div>\n<\/div>\n<\/div>\n<\/div>\n<\/div>\n<\/div>\n<\/div>\n<\/div>\n<\/div>\n<\/div>\n<\/div>\n<\/div>\n<\/div>\n<\/div>\n<\/div>\n<\/div>\n<\/div>\n<\/div>\n<\/div>\n<\/div>\n<\/div>\n<\/div>\n<\/div>\n<\/div>\n<\/div>\n<\/div>\n<\/div>\n<\/div>\n<\/div>\n<\/div>\n<\/div>\n<\/div>\n<\/div>\n<\/div>\n<\/div>\n<\/div>\n<\/div>\n<\/div>\n<\/div>","protected":false},"excerpt":{"rendered":"<div data-page-id=\"RAopf2sw9dtvw4cWYXpcTwo0n8g\" data-lark-html-role=\"root\" data-docx-has-block-data=\"false\">\n<div class=\"ace-line ace-line old-record-id-Uju9f3RXYd8dh2crAJbcBF3Un6M\">Airmez RandM Tornado 25000 Puffs ofrece 15 sabores vibrantes, desde el frutal Strawberry Watermelon hasta el helado Grape Ice. Contiene 25ml de l\u00edquido electr\u00f3nico, una bobina de malla, carga Type-C y una bater\u00eda de 850mAh. El vapor suave y el disfrute duradero lo hacen perfecto para los amantes del vapeo en movimiento.<\/div>\n<\/div>","protected":false},"featured_media":5143,"comment_status":"open","ping_status":"closed","template":"","meta":{"_acf_changed":false,"inline_featured_image":false,"_sitemap_exclude":false,"_sitemap_priority":"","_sitemap_frequency":""},"product_brand":[92],"product_cat":[86,239,263,229],"product_tag":[],"class_list":{"0":"post-5131","1":"product","2":"type-product","3":"status-publish","4":"has-post-thumbnail","6":"product_brand-airmez","7":"product_cat-airmez-puff","8":"product_cat-disposable-vape-collection","9":"product_cat-25k-puffs","10":"product_cat-ship-from-german","12":"first","13":"instock","14":"sale","15":"shipping-taxable","16":"purchasable","17":"product-type-variable","18":"has-default-attributes"},"acf":[],"tiered_pricing_type":"fixed","tiered_pricing_fixed_rules":{"30":7.97,"60":7.26,"100":6.88,"200":6.39},"tiered_pricing_product_settings":{"layout":"default","base_unit_name":{"singular":null,"plural":null},"default_variation":null},"tiered_pricing_minimum_quantity":10,"tiered_pricing_roles_data":[],"tiered_pricing_percentage_rules":[],"tiered_pricing_maximum_quantity":null,"tiered_pricing_quantity_step":"10","_links":{"self":[{"href":"https:\/\/oiovape.com\/es\/wp-json\/wp\/v2\/product\/5131","targetHints":{"allow":["GET"]}}],"collection":[{"href":"https:\/\/oiovape.com\/es\/wp-json\/wp\/v2\/product"}],"about":[{"href":"https:\/\/oiovape.com\/es\/wp-json\/wp\/v2\/types\/product"}],"replies":[{"embeddable":true,"href":"https:\/\/oiovape.com\/es\/wp-json\/wp\/v2\/comments?post=5131"}],"version-history":[{"count":3,"href":"https:\/\/oiovape.com\/es\/wp-json\/wp\/v2\/product\/5131\/revisions"}],"predecessor-version":[{"id":8250,"href":"https:\/\/oiovape.com\/es\/wp-json\/wp\/v2\/product\/5131\/revisions\/8250"}],"wp:featuredmedia":[{"embeddable":true,"href":"https:\/\/oiovape.com\/es\/wp-json\/wp\/v2\/media\/5143"}],"wp:attachment":[{"href":"https:\/\/oiovape.com\/es\/wp-json\/wp\/v2\/media?parent=5131"}],"wp:term":[{"taxonomy":"product_brand","embeddable":true,"href":"https:\/\/oiovape.com\/es\/wp-json\/wp\/v2\/product_brand?post=5131"},{"taxonomy":"product_cat","embeddable":true,"href":"https:\/\/oiovape.com\/es\/wp-json\/wp\/v2\/product_cat?post=5131"},{"taxonomy":"product_tag","embeddable":true,"href":"https:\/\/oiovape.com\/es\/wp-json\/wp\/v2\/product_tag?post=5131"}],"curies":[{"name":"wp","href":"https:\/\/api.w.org\/{rel}","templated":true}]}}