{"id":5159,"date":"2026-01-15T09:16:14","date_gmt":"2026-01-15T09:16:14","guid":{"rendered":"https:\/\/oiovape.com\/?post_type=product&#038;p=5159"},"modified":"2026-04-13T14:49:13","modified_gmt":"2026-04-13T06:49:13","slug":"airmez-xbeats-40000-puffs","status":"publish","type":"product","link":"https:\/\/oiovape.com\/es\/product\/airmez-xbeats-40000-puffs\/","title":{"rendered":"Airmez Xbeats 40000 PUFFS 1000mAh Bater\u00eda Recargable Vape Con Auriculares Hi-Fi Integrados"},"content":{"rendered":"<div data-page-id=\"ZVeMfq8uxd7y1ycuKm5cym4LnYd\" data-lark-html-role=\"root\" data-docx-has-block-data=\"false\">\n<div data-page-id=\"Fd41fZ5N9dzRQtcRNoVc2FuDnCh\" data-lark-html-role=\"root\" data-docx-has-block-data=\"true\">\n<div data-page-id=\"BdIJfeeijdk1eucGpS8cDCBBn5c\" data-lark-html-role=\"root\" data-docx-has-block-data=\"false\">\n<div data-page-id=\"Zbg9fWx77dUuh2cIYpic25c8nyd\" data-lark-html-role=\"root\" data-docx-has-block-data=\"false\">\n<div data-page-id=\"KaIvfiurhdlCKdc0kyxcX64cnE6\" data-lark-html-role=\"root\" data-docx-has-block-data=\"true\">\n<div data-page-id=\"PbvFfqxqlddUTScRpEYcY5MHnpf\" data-lark-html-role=\"root\" data-docx-has-block-data=\"true\">\n<div data-page-id=\"GZO2f5JeudwY4jc9iJtcdk9Hnxh\" data-lark-html-role=\"root\" data-docx-has-block-data=\"false\">\n<div data-page-id=\"EZVRf2acFduXLGcseZFc4qH2n6e\" data-lark-html-role=\"root\" data-docx-has-block-data=\"false\">\n<div data-page-id=\"B8rHfcqlqdzmH5cCWCncz17Cntb\" data-lark-html-role=\"root\" data-docx-has-block-data=\"false\">\n<div data-page-id=\"B8rHfcqlqdzmH5cCWCncz17Cntb\" data-lark-html-role=\"root\" data-docx-has-block-data=\"false\">\n<div data-page-id=\"B8rHfcqlqdzmH5cCWCncz17Cntb\" data-lark-html-role=\"root\" data-docx-has-block-data=\"true\">\n<div data-page-id=\"HM70f1aoxdD0bMcxJZBcVc7ynZd\" data-lark-html-role=\"root\" data-docx-has-block-data=\"false\">\n<div data-page-id=\"NSrJfN7Ord22i0c1iwZcsF8yn8b\" data-lark-html-role=\"root\" data-docx-has-block-data=\"false\">\n<div data-page-id=\"RXEff4Mskds8o1cqL5HcGEtUnCh\" data-lark-html-role=\"root\" data-docx-has-block-data=\"false\">\n<div data-page-id=\"KJ7gfqkVndMSRJcMseScmvYwnTc\" data-lark-html-role=\"root\" data-docx-has-block-data=\"false\">\n<div class=\"ace-line ace-line old-record-id-QADAfETPudgmudc05YvcTO5fnxe\">\n<div data-page-id=\"KJ7gfqkVndMSRJcMseScmvYwnTc\" data-lark-html-role=\"root\" data-docx-has-block-data=\"false\">\n<div class=\"ace-line ace-line old-record-id-JoRkfpho8dOkiacEOascDyCOncb\">\n<div data-page-id=\"KJ7gfqkVndMSRJcMseScmvYwnTc\" data-lark-html-role=\"root\" data-docx-has-block-data=\"false\">\n<div data-page-id=\"Ju6ofQ3V4dGmePcVvJvc1gmcnZb\" data-lark-html-role=\"root\" data-docx-has-block-data=\"true\">\n<div data-page-id=\"PR9ife5PLdFabccbFgZcWgZOnTc\" data-lark-html-role=\"root\" data-docx-has-block-data=\"false\">\n<div data-page-id=\"INdrfOIGzdaenXcptrcc1BcznQc\" data-lark-html-role=\"root\" data-docx-has-block-data=\"false\">\n<div class=\"ace-line ace-line old-record-id-P0fIf4YaZdoGkbcxt5ackec2nnb\">\n<div data-page-id=\"INdrfOIGzdaenXcptrcc1BcznQc\" data-lark-html-role=\"root\" data-docx-has-block-data=\"false\">\n<div data-page-id=\"MAzCfUB73dMTQscm8eWcougVn1g\" data-lark-html-role=\"root\" data-docx-has-block-data=\"true\">\n<div data-page-id=\"AXfpf7H1odhDvGcKoUOcErN8nV7\" data-lark-html-role=\"root\" data-docx-has-block-data=\"false\">\n<div data-page-id=\"QYTKf5PvLdUNdbce2nBcW9yfnrh\" data-lark-html-role=\"root\" data-docx-has-block-data=\"false\">\n<div data-page-id=\"Pvu1f1CCBdxbjncA9pgcBTpanph\" data-lark-html-role=\"root\" data-docx-has-block-data=\"true\">\n<div data-page-id=\"Axf3fcmY8dDAhtcjVircBcphnPc\" data-lark-html-role=\"root\" data-docx-has-block-data=\"false\">\n<div data-page-id=\"KKj1f9SPmdLhhMc5E2AcNlLen6f\" data-lark-html-role=\"root\" data-docx-has-block-data=\"true\">\n<div data-page-id=\"Rx61fK1sJdXHjPcBuhZcweNhnwc\" data-lark-html-role=\"root\" data-docx-has-block-data=\"false\">\n<div data-page-id=\"L1H9fkG9Mdz45Fcy4WMc5VKXnRe\" data-lark-html-role=\"root\" data-docx-has-block-data=\"false\">\n<div data-page-id=\"L1H9fkG9Mdz45Fcy4WMc5VKXnRe\" data-lark-html-role=\"root\" data-docx-has-block-data=\"false\">\n<div data-page-id=\"D4XLfVBVrdE8mrcaYizczklLnaf\" data-lark-html-role=\"root\" data-docx-has-block-data=\"false\">\n<div data-page-id=\"WVcifIY44d5mhMcXtyEcTsfenGd\" data-lark-html-role=\"root\" data-docx-has-block-data=\"true\">\n<div data-page-id=\"LRknfa6Whd4DWCcUc0FcNKpJnyh\" data-lark-html-role=\"root\" data-docx-has-block-data=\"false\">\n<div data-page-id=\"LRknfa6Whd4DWCcUc0FcNKpJnyh\" data-lark-html-role=\"root\" data-docx-has-block-data=\"false\">\n<div data-page-id=\"XFRAfkcOEdRWh8cArQ2cJdyRnJf\" data-lark-html-role=\"root\" data-docx-has-block-data=\"true\">\n<div data-page-id=\"OQ3bfjnRddMTDGcC3ouc6xFKnWf\" data-lark-html-role=\"root\" data-docx-has-block-data=\"true\">\n<div data-page-id=\"J0iGfj1hEdjc4rcUdSmc4spMnmZ\" data-lark-html-role=\"root\" data-docx-has-block-data=\"false\">\n<div data-page-id=\"P1o7fFyNlduP8tcfZpQcagzbnIf\" data-lark-html-role=\"root\" data-docx-has-block-data=\"false\">\n<div class=\"ace-line ace-line old-record-id-P1o7fFyNlduP8tcfZpQcagzbnIf\">\n<div data-page-id=\"P1o7fFyNlduP8tcfZpQcagzbnIf\" data-lark-html-role=\"root\" data-docx-has-block-data=\"false\">\n<div data-page-id=\"U4iufW38SdttWKcTstMcTtHRnXc\" data-lark-html-role=\"root\" data-docx-has-block-data=\"true\">\n<div data-page-id=\"ONVMf7VTWddcFtcyATOchCJHnZb\" data-lark-html-role=\"root\" data-docx-has-block-data=\"true\">\n<div data-page-id=\"KoW2fSy0PdLHFlc5kSHcgvWMnYg\" data-lark-html-role=\"root\" data-docx-has-block-data=\"false\">\n<div data-page-id=\"KoW2fSy0PdLHFlc5kSHcgvWMnYg\" data-lark-html-role=\"root\" data-docx-has-block-data=\"false\">\n<div data-page-id=\"OLGhfzxC7d7EFIcLEj9cRT5ynZf\" data-lark-html-role=\"root\" data-docx-has-block-data=\"false\">\n<div data-page-id=\"DdnnfrLjzdqrFIc9Il9c7pA2noc\" data-lark-html-role=\"root\" data-docx-has-block-data=\"true\">\n<div data-page-id=\"KNzcf2o0oddkJOcztTVcqPdlnth\" data-lark-html-role=\"root\" data-docx-has-block-data=\"false\">\n<div data-page-id=\"LBU7fg5SEdkWhecGJoxca3xvnCe\" data-lark-html-role=\"root\" data-docx-has-block-data=\"false\">\n<div data-page-id=\"EB70fooS3d69bMcgWB7c5qb9n8g\" data-lark-html-role=\"root\" data-docx-has-block-data=\"false\">\n<div data-page-id=\"AogwfsZCadB6t0cAvF0cK4JLnvf\" data-lark-html-role=\"root\" data-docx-has-block-data=\"false\">\n<div data-page-id=\"AogwfsZCadB6t0cAvF0cK4JLnvf\" data-lark-html-role=\"root\" data-docx-has-block-data=\"false\">\n<h2 data-path-to-node=\"0\">Airmez Xbeats 40000 Inhalaciones Auriculares Bluetooth Kit Vape Inteligente<\/h2>\n<p data-path-to-node=\"2\">En esta era de conectividad universal, \u00bfdeben tus art\u00edculos de uso diario seguir librando batallas solitarias? Deja que las melod\u00edas fluyan junto a aromas frutales\u2014\u00a1el Vape Inteligente Desechable Airmez Xbeats 40000 Inhalaciones est\u00e1 aqu\u00ed con su dise\u00f1o disruptivo! Como el primer dispositivo de vapeo del mundo que integra sin problemas auriculares Bluetooth TWS verdaderamente inal\u00e1mbricos en su cuerpo, no es meramente una herramienta afilada para producir nubes, sino un accesorio de tendencia que cabe una mini sala de conciertos en tu bolsillo.<\/p>\n<p data-path-to-node=\"3\">El masivo conteo de 40000 inhalaciones es solo su operaci\u00f3n b\u00e1sica; los auriculares Bluetooth 5.0 ocultos dentro del chasis son su verdadera esencia. El poderoso coraz\u00f3n de 1000mAh no solo proporciona poder arrollador para la vaporizaci\u00f3n sino que tambi\u00e9n sirve como una exclusiva \u201ccabina de recarga\u201d para los auriculares. Una inhalaci\u00f3n dulce, una melod\u00eda con alma\u2014\u00bfqui\u00e9n dice que no puedes empacar todas las peque\u00f1as bendiciones de la vida de una sola vez?<\/p>\n<p><img decoding=\"async\" class=\"alignnone wp-image-5163 size-full\" title=\"Airmez Xbeats 2% P\u00f3ster\" src=\"https:\/\/oiovape.com\/wp-content\/uploads\/2026\/01\/Airmez-Xbeats-2-Poster.png\" alt=\"Airmez Xbeats 2% P\u00f3ster\" width=\"1920\" height=\"1079\" srcset=\"https:\/\/oiovape.com\/wp-content\/uploads\/2026\/01\/Airmez-Xbeats-2-Poster.png 1920w, https:\/\/oiovape.com\/wp-content\/uploads\/2026\/01\/Airmez-Xbeats-2-Poster-150x84.png 150w, https:\/\/oiovape.com\/wp-content\/uploads\/2026\/01\/Airmez-Xbeats-2-Poster-1200x674.png 1200w, https:\/\/oiovape.com\/wp-content\/uploads\/2026\/01\/Airmez-Xbeats-2-Poster-300x169.png 300w, https:\/\/oiovape.com\/wp-content\/uploads\/2026\/01\/Airmez-Xbeats-2-Poster-1024x575.png 1024w, https:\/\/oiovape.com\/wp-content\/uploads\/2026\/01\/Airmez-Xbeats-2-Poster-768x432.png 768w, https:\/\/oiovape.com\/wp-content\/uploads\/2026\/01\/Airmez-Xbeats-2-Poster-1536x863.png 1536w, https:\/\/oiovape.com\/wp-content\/uploads\/2026\/01\/Airmez-Xbeats-2-Poster-18x10.png 18w\" sizes=\"(max-width: 1920px) 100vw, 1920px\" \/><\/p>\n<h2 data-path-to-node=\"4\">An\u00e1lisis de Fortalezas Hardcore Centrales<\/h2>\n<h3 data-path-to-node=\"5\">\u00bfPor qu\u00e9 el Airmez Xbeats 40K es tu Cambio de Juego Definitivo?<\/h3>\n<p data-path-to-node=\"6\">Despidi\u00e9ndose de los cuerpos de pl\u00e1stico gen\u00e9ricos en el mercado, el Airmez Xbeats 40000 Inhalaciones se destaca a trav\u00e9s de su fusi\u00f3n cruzada y tecnolog\u00eda de vapeo de vanguardia.<\/p>\n<h4 data-path-to-node=\"7\">Un Doble Carnaval de Audici\u00f3n y Sabor<\/h4>\n<p data-path-to-node=\"8\">Esto de ninguna manera es solo un truco novedoso. Los auriculares TWS Hi-Fi integrados equipados con el chip Bluetooth 5.0 ofrecen una conexi\u00f3n suave y sedosa sin interrupciones, actuando exactamente como llevar una m\u00e1quina de m\u00fasica personal en tus o\u00eddos. El ingenioso dise\u00f1o magn\u00e9tico positivo y negativo hace que almacenar y cargar los auriculares sea absolutamente f\u00e1cil\u2014una ca\u00edda casual, un \u201cclic\u201d n\u00edtido en su lugar, y todo tu TOC se cura instant\u00e1neamente.<\/p>\n<h4 data-path-to-node=\"9\">Rendimiento Arrollador, Adi\u00f3s a la Ansiedad de Tanque Vac\u00edo<\/h4>\n<p data-path-to-node=\"10\">La cabina de l\u00edquido electr\u00f3nico ultra grande de 22ML es como un exclusivo \u201coc\u00e9ano de jugo\u201d, proporcionando suficiente capacidad para que nades desenfrenadamente durante m\u00e1s de medio mes sin secarte.<\/p>\n<h5 data-path-to-node=\"11\">Tecnolog\u00eda Negra de Bobina de Malla Gen II<\/h5>\n<p data-path-to-node=\"12\">La Bobina de Malla Gen II de 0.8\u03a9 (Bobinas de Malla Dual Gen 2) es como un cantinero experimentado, decodificando precisamente cada gota de l\u00edquido electr\u00f3nico. Emparejado con el sistema de flujo de aire dual ajustable en la parte inferior, ya sea que anheles una calada apretada y rica o una nube suave y masiva, todo est\u00e1 al alcance de tu dedo.<\/p>\n<h4 data-path-to-node=\"13\">Una Colisi\u00f3n Visual de Ciberpunk y Estilo Callejero<\/h4>\n<p data-path-to-node=\"14\">El caparaz\u00f3n del chasis utiliza un proceso de pintura de horneado premium, ofreciendo colores brillantes y un tacto c\u00e1lido y suave. Combinado con la pantalla digital inteligente de alta tecnolog\u00eda en el lateral (que muestra con precisi\u00f3n los niveles de l\u00edquido electr\u00f3nico y bater\u00eda en tiempo real), sostenerlo en tu mano no es solo satisfacer un antojo\u2014es un accesorio de moda que llama la atenci\u00f3n.<\/p>\n<h2 data-path-to-node=\"15\">Descripci\u00f3n General de Configuraci\u00f3n de Nivel M\u00e1ximo<\/h2>\n<table data-path-to-node=\"16\">\n<thead>\n<tr>\n<td><strong>Par\u00e1metros Centrales<\/strong><\/td>\n<td><strong>Especificaciones Detalladas<\/strong><\/td>\n<\/tr>\n<\/thead>\n<tbody>\n<tr>\n<td><span data-path-to-node=\"16,1,0,0\"><b data-path-to-node=\"16,1,0,0\" data-index-in-node=\"0\">Tipo de dispositivo<\/b><\/span><\/td>\n<td><span data-path-to-node=\"16,1,1,0\">Vape Inteligente + Auriculares TWS 2 en 1<\/span><\/td>\n<\/tr>\n<tr>\n<td><span data-path-to-node=\"16,2,0,0\"><b data-path-to-node=\"16,2,0,0\" data-index-in-node=\"0\">L\u00edquido Electr\u00f3nico Precargado<\/b><\/span><\/td>\n<td><span data-path-to-node=\"16,2,1,0\">Capacidad Masiva de 22ML<\/span><\/td>\n<\/tr>\n<tr>\n<td><span data-path-to-node=\"16,3,0,0\"><b data-path-to-node=\"16,3,0,0\" data-index-in-node=\"0\">Estimaci\u00f3n de Conteo de Inhalaciones<\/b><\/span><\/td>\n<td><span data-path-to-node=\"16,3,1,0\">Aprox. 40000 Inhalaciones<\/span><\/td>\n<\/tr>\n<tr>\n<td><span data-path-to-node=\"16,4,0,0\"><b data-path-to-node=\"16,4,0,0\" data-index-in-node=\"0\">Capacidad de Bater\u00eda<\/b><\/span><\/td>\n<td><span data-path-to-node=\"16,4,1,0\">1000mAh (Alimenta tanto el dispositivo como los auriculares simult\u00e1neamente)<\/span><\/td>\n<\/tr>\n<tr>\n<td><span data-path-to-node=\"16,5,0,0\"><b data-path-to-node=\"16,5,0,0\" data-index-in-node=\"0\">N\u00facleo de Calentamiento<\/b><\/span><\/td>\n<td><span data-path-to-node=\"16,5,1,0\">Bobina de Malla Gen II de 0.8\u03a9<\/span><\/td>\n<\/tr>\n<tr>\n<td><span data-path-to-node=\"16,6,0,0\"><b data-path-to-node=\"16,6,0,0\" data-index-in-node=\"0\">Sistema de Flujo de Aire<\/b><\/span><\/td>\n<td><span data-path-to-node=\"16,6,1,0\">Ajuste de Flujo de Aire Dual en la Parte Inferior<\/span><\/td>\n<\/tr>\n<tr>\n<td><span data-path-to-node=\"16,7,0,0\"><b data-path-to-node=\"16,7,0,0\" data-index-in-node=\"0\">Conectividad de Auriculares<\/b><\/span><\/td>\n<td><span data-path-to-node=\"16,7,1,0\">Bluetooth 5.0<\/span><\/td>\n<\/tr>\n<tr>\n<td><span data-path-to-node=\"16,8,0,0\"><b data-path-to-node=\"16,8,0,0\" data-index-in-node=\"0\">Puerto de Carga<\/b><\/span><\/td>\n<td><span data-path-to-node=\"16,8,1,0\">Carga R\u00e1pida USB Tipo-C<\/span><\/td>\n<\/tr>\n<tr>\n<td><span data-path-to-node=\"16,9,0,0\"><b data-path-to-node=\"16,9,0,0\" data-index-in-node=\"0\">Dise\u00f1o del Cuerpo<\/b><\/span><\/td>\n<td><span data-path-to-node=\"16,9,1,0\">Cabina de Auriculares Magn\u00e9tica \/ Proceso de Pintura de Horneado Premium \/ Pantalla Digital Inteligente Lateral<\/span><\/td>\n<\/tr>\n<tr>\n<td><span data-path-to-node=\"16,10,0,0\"><b data-path-to-node=\"16,10,0,0\" data-index-in-node=\"0\">M\u00e9todo de Activaci\u00f3n<\/b><\/span><\/td>\n<td><span data-path-to-node=\"16,10,1,0\">Activaci\u00f3n por Inhalaci\u00f3n \/ Perfecto para Vapeo MTL<\/span><\/td>\n<\/tr>\n<\/tbody>\n<\/table>\n<h2 data-path-to-node=\"17\">Lista de Paquetes AiRMEZ Xbeats 40000 Puffs<\/h2>\n<ul data-path-to-node=\"18\">\n<li>\n<p data-path-to-node=\"18,0,0\">1 x Kit de Vapeo Inteligente AiRMEZ Xbeats 40000 Puffs (Incluye Auriculares Bluetooth TWS)<\/p>\n<\/li>\n<\/ul>\n<h2 data-path-to-node=\"19\">Video de Demostraci\u00f3n del Producto<\/h2>\n<p data-path-to-node=\"20\">\u25b6<\/p>\n<div style=\"width: 1920px;\" class=\"wp-video\"><video class=\"wp-video-shortcode\" id=\"video-5159-1\" width=\"1920\" height=\"1080\" preload=\"metadata\" controls=\"controls\"><source type=\"video\/mp4\" src=\"https:\/\/oiovape.com\/wp-content\/uploads\/2026\/04\/Airmez-Xbeats-40K-Video.mp4?_=1\" \/><a href=\"https:\/\/oiovape.com\/wp-content\/uploads\/2026\/04\/Airmez-Xbeats-40K-Video.mp4\">https:\/\/oiovape.com\/wp-content\/uploads\/2026\/04\/Airmez-Xbeats-40K-Video.mp4<\/a><\/video><\/div>\n<h2 data-path-to-node=\"21\">Gu\u00eda de Degustaci\u00f3n de Sabores<\/h2>\n<h3 data-path-to-node=\"22\">15 Festines para las Papilas Gustativas: \u00bfCu\u00e1l es tu Plato Principal?<\/h3>\n<p data-path-to-node=\"23\">\u00bfA\u00fan sufriendo con los aburridos y mon\u00f3tonos sabores artificiales industriales? Airmez ha preparado un \u201cTaller Frutal\u201d 24\/7 solo para ti. Aqu\u00ed est\u00e1 tu caja ciega de sabores exclusiva:<\/p>\n<ul data-path-to-node=\"24\">\n<li>\n<p data-path-to-node=\"24,0,0\"><b data-path-to-node=\"24,0,0\" data-index-in-node=\"0\">Fiesta de Frutas Frescas<\/b>: Fresa Sand\u00eda Uva \/ Kiwi Uva Frambuesa \/ Fresa Kiwi \/ Ar\u00e1ndano Pl\u00e1tano \/ Doble Manzana \/ Ponche Tropical \/ Durazno Jugoso<\/p>\n<\/li>\n<li>\n<p data-path-to-node=\"24,1,0\"><b data-path-to-node=\"24,1,0\" data-index-in-node=\"0\">Fan\u00e1ticos del Fr\u00edo<\/b>: Ar\u00e1ndano Hielo \/ Sand\u00eda Hielo \/ Pi\u00f1a Hielo \/ Mango Hielo<\/p>\n<\/li>\n<li>\n<p data-path-to-node=\"24,2,0\"><b data-path-to-node=\"24,2,0\" data-index-in-node=\"0\">Despertar Carbonatado<\/b>: Fizzy Cola de Cereza \/ Cola Menta<\/p>\n<\/li>\n<li>\n<p data-path-to-node=\"24,3,0\"><b data-path-to-node=\"24,3,0\" data-index-in-node=\"0\">Especiales de Verano<\/b>: Sue\u00f1o de Verano \/ Sr. Azul<\/p>\n<\/li>\n<\/ul>\n<h3 data-path-to-node=\"25\">Cierra los Ojos, Deja que tu Lengua Viaje<\/h3>\n<p data-path-to-node=\"26\">Imagina esto: justo cuando el aroma frutal suave se difunde a trav\u00e9s de tus labios y dientes, tu canci\u00f3n R&amp;B favorita comienza a sonar en tus o\u00eddos\u2014\u00bfqu\u00e9 tipo de indulgencia celestial es esta?<\/p>\n<p data-path-to-node=\"27\">Para los fan\u00e1ticos hardcore de frutas frescas, <b data-path-to-node=\"27\" data-index-in-node=\"35\">\u201cFresa Sand\u00eda Uva\u201d<\/b> es como aplastar las frutas de verano m\u00e1s jugosas directamente en tu boca\u2014rebosante de jugo, vibrante y viva. Si urgentemente necesitas enfriarte hoy, <b data-path-to-node=\"27\" data-index-in-node=\"214\">\u201cAr\u00e1ndano Hielo\u201d<\/b> y <b data-path-to-node=\"27\" data-index-in-node=\"234\">\u201cPi\u00f1a Hielo\u201d<\/b> si\u00e9ntete como un glaciar en miniatura desliz\u00e1ndose por tu garganta, llevando un reflejo de dulzura crujiente en medio del fr\u00edo, despertando instant\u00e1neamente los nervios agotados. \u00bfAnhelando un toque de nostalgia? <b data-path-to-node=\"27\" data-index-in-node=\"432\">\u201cFizzy Cherry Cola\u201d<\/b> replica perfectamente el sonido del fizzing al abrir una lata y la sensaci\u00f3n danzante de la carbonataci\u00f3n en la punta de tu lengua, combinado con un acabado mentolado que golpea directamente el alma.<\/p>\n<p><img decoding=\"async\" class=\"alignnone wp-image-5164 size-full\" title=\"Airmez Xbeat 40K 2% Sabor\" src=\"https:\/\/oiovape.com\/wp-content\/uploads\/2026\/01\/Airmez-Xbeat-40K-2-Flavor-scaled.png\" alt=\"Airmez Xbeat 40K 2% Sabor\" width=\"1810\" height=\"2560\" srcset=\"https:\/\/oiovape.com\/wp-content\/uploads\/2026\/01\/Airmez-Xbeat-40K-2-Flavor-scaled.png 1810w, https:\/\/oiovape.com\/wp-content\/uploads\/2026\/01\/Airmez-Xbeat-40K-2-Flavor-scaled-150x212.png 150w, https:\/\/oiovape.com\/wp-content\/uploads\/2026\/01\/Airmez-Xbeat-40K-2-Flavor-scaled-1200x1697.png 1200w, https:\/\/oiovape.com\/wp-content\/uploads\/2026\/01\/Airmez-Xbeat-40K-2-Flavor-212x300.png 212w, https:\/\/oiovape.com\/wp-content\/uploads\/2026\/01\/Airmez-Xbeat-40K-2-Flavor-724x1024.png 724w, https:\/\/oiovape.com\/wp-content\/uploads\/2026\/01\/Airmez-Xbeat-40K-2-Flavor-768x1086.png 768w, https:\/\/oiovape.com\/wp-content\/uploads\/2026\/01\/Airmez-Xbeat-40K-2-Flavor-1086x1536.png 1086w, https:\/\/oiovape.com\/wp-content\/uploads\/2026\/01\/Airmez-Xbeat-40K-2-Flavor-1448x2048.png 1448w, https:\/\/oiovape.com\/wp-content\/uploads\/2026\/01\/Airmez-Xbeat-40K-2-Flavor-8x12.png 8w\" sizes=\"(max-width: 1810px) 100vw, 1810px\" \/><\/p>\n<\/div>\n<\/div>\n<\/div>\n<\/div>\n<\/div>\n<\/div>\n<\/div>\n<\/div>\n<\/div>\n<\/div>\n<\/div>\n<\/div>\n<\/div>\n<\/div>\n<\/div>\n<\/div>\n<\/div>\n<\/div>\n<\/div>\n<\/div>\n<\/div>\n<\/div>\n<\/div>\n<\/div>\n<\/div>\n<\/div>\n<\/div>\n<\/div>\n<\/div>\n<\/div>\n<\/div>\n<\/div>\n<\/div>\n<\/div>\n<\/div>\n<\/div>\n<\/div>\n<\/div>\n<\/div>\n<\/div>\n<\/div>\n<\/div>\n<\/div>\n<\/div>\n<\/div>\n<\/div>\n<\/div>\n<\/div>\n<\/div>\n<\/div>\n<\/div>\n<\/div>\n<\/div>\n<\/div>","protected":false},"excerpt":{"rendered":"<div data-page-id=\"RAopf2sw9dtvw4cWYXpcTwo0n8g\" data-lark-html-role=\"root\" data-docx-has-block-data=\"false\">\n<div class=\"ace-line ace-line old-record-id-Uju9f3RXYd8dh2crAJbcBF3Un6M\">El Airmez Xbeats 40000 Puffs ofrece 15 sabores vibrantes, desde mezclas frutales hasta golpes helados. Equipado con 22ML de l\u00edquido electr\u00f3nico, flujo de aire dual, Bluetooth 5.0 y auriculares Hi-Fi integrados, combina un dise\u00f1o elegante con tecnolog\u00eda de primera categor\u00eda para una experiencia de vapeo y m\u00fasica inmejorable.<\/div>\n<\/div>","protected":false},"featured_media":5174,"comment_status":"open","ping_status":"closed","template":"","meta":{"_acf_changed":false,"inline_featured_image":false,"_sitemap_exclude":false,"_sitemap_priority":"","_sitemap_frequency":""},"product_brand":[92],"product_cat":[86,239,244,229],"product_tag":[],"class_list":{"0":"post-5159","1":"product","2":"type-product","3":"status-publish","4":"has-post-thumbnail","6":"product_brand-airmez","7":"product_cat-airmez-puff","8":"product_cat-disposable-vape-collection","9":"product_cat-40k-puff","10":"product_cat-ship-from-german","12":"first","13":"instock","14":"sale","15":"shipping-taxable","16":"purchasable","17":"product-type-variable","18":"has-default-attributes"},"acf":[],"tiered_pricing_type":"fixed","tiered_pricing_fixed_rules":{"30":13.58,"60":13.4,"100":13.29,"200":13.1},"tiered_pricing_product_settings":{"layout":"default","base_unit_name":{"singular":null,"plural":null},"default_variation":null},"tiered_pricing_minimum_quantity":10,"tiered_pricing_roles_data":[],"tiered_pricing_percentage_rules":[],"tiered_pricing_maximum_quantity":null,"tiered_pricing_quantity_step":"10","_links":{"self":[{"href":"https:\/\/oiovape.com\/es\/wp-json\/wp\/v2\/product\/5159","targetHints":{"allow":["GET"]}}],"collection":[{"href":"https:\/\/oiovape.com\/es\/wp-json\/wp\/v2\/product"}],"about":[{"href":"https:\/\/oiovape.com\/es\/wp-json\/wp\/v2\/types\/product"}],"replies":[{"embeddable":true,"href":"https:\/\/oiovape.com\/es\/wp-json\/wp\/v2\/comments?post=5159"}],"version-history":[{"count":4,"href":"https:\/\/oiovape.com\/es\/wp-json\/wp\/v2\/product\/5159\/revisions"}],"predecessor-version":[{"id":8257,"href":"https:\/\/oiovape.com\/es\/wp-json\/wp\/v2\/product\/5159\/revisions\/8257"}],"wp:featuredmedia":[{"embeddable":true,"href":"https:\/\/oiovape.com\/es\/wp-json\/wp\/v2\/media\/5174"}],"wp:attachment":[{"href":"https:\/\/oiovape.com\/es\/wp-json\/wp\/v2\/media?parent=5159"}],"wp:term":[{"taxonomy":"product_brand","embeddable":true,"href":"https:\/\/oiovape.com\/es\/wp-json\/wp\/v2\/product_brand?post=5159"},{"taxonomy":"product_cat","embeddable":true,"href":"https:\/\/oiovape.com\/es\/wp-json\/wp\/v2\/product_cat?post=5159"},{"taxonomy":"product_tag","embeddable":true,"href":"https:\/\/oiovape.com\/es\/wp-json\/wp\/v2\/product_tag?post=5159"}],"curies":[{"name":"wp","href":"https:\/\/api.w.org\/{rel}","templated":true}]}}