{"id":5233,"date":"2026-01-16T03:35:56","date_gmt":"2026-01-16T03:35:56","guid":{"rendered":"https:\/\/oiovape.com\/?post_type=product&#038;p=5233"},"modified":"2026-01-31T17:43:14","modified_gmt":"2026-01-31T09:43:14","slug":"airmez-fox-160000-puffs","status":"publish","type":"product","link":"https:\/\/oiovape.com\/es\/product\/airmez-fox-160000-puffs\/","title":{"rendered":"Airmez Fox 160000 PUFFS 8 EN 1 Sabor Vape Recargable de E-l\u00edquido de Gran Capacidad con Bater\u00eda de 650mAh"},"content":{"rendered":"<div data-page-id=\"ZVeMfq8uxd7y1ycuKm5cym4LnYd\" data-lark-html-role=\"root\" data-docx-has-block-data=\"false\">\n<div data-page-id=\"Fd41fZ5N9dzRQtcRNoVc2FuDnCh\" data-lark-html-role=\"root\" data-docx-has-block-data=\"true\">\n<div data-page-id=\"BdIJfeeijdk1eucGpS8cDCBBn5c\" data-lark-html-role=\"root\" data-docx-has-block-data=\"false\">\n<div data-page-id=\"Zbg9fWx77dUuh2cIYpic25c8nyd\" data-lark-html-role=\"root\" data-docx-has-block-data=\"false\">\n<div data-page-id=\"KaIvfiurhdlCKdc0kyxcX64cnE6\" data-lark-html-role=\"root\" data-docx-has-block-data=\"true\">\n<div data-page-id=\"PbvFfqxqlddUTScRpEYcY5MHnpf\" data-lark-html-role=\"root\" data-docx-has-block-data=\"true\">\n<div data-page-id=\"GZO2f5JeudwY4jc9iJtcdk9Hnxh\" data-lark-html-role=\"root\" data-docx-has-block-data=\"false\">\n<div data-page-id=\"EZVRf2acFduXLGcseZFc4qH2n6e\" data-lark-html-role=\"root\" data-docx-has-block-data=\"false\">\n<div data-page-id=\"B8rHfcqlqdzmH5cCWCncz17Cntb\" data-lark-html-role=\"root\" data-docx-has-block-data=\"false\">\n<div data-page-id=\"B8rHfcqlqdzmH5cCWCncz17Cntb\" data-lark-html-role=\"root\" data-docx-has-block-data=\"false\">\n<div data-page-id=\"B8rHfcqlqdzmH5cCWCncz17Cntb\" data-lark-html-role=\"root\" data-docx-has-block-data=\"true\">\n<div data-page-id=\"HM70f1aoxdD0bMcxJZBcVc7ynZd\" data-lark-html-role=\"root\" data-docx-has-block-data=\"false\">\n<div data-page-id=\"NSrJfN7Ord22i0c1iwZcsF8yn8b\" data-lark-html-role=\"root\" data-docx-has-block-data=\"false\">\n<div data-page-id=\"RXEff4Mskds8o1cqL5HcGEtUnCh\" data-lark-html-role=\"root\" data-docx-has-block-data=\"false\">\n<div data-page-id=\"KJ7gfqkVndMSRJcMseScmvYwnTc\" data-lark-html-role=\"root\" data-docx-has-block-data=\"false\">\n<div class=\"ace-line ace-line old-record-id-QADAfETPudgmudc05YvcTO5fnxe\">\n<div data-page-id=\"KJ7gfqkVndMSRJcMseScmvYwnTc\" data-lark-html-role=\"root\" data-docx-has-block-data=\"false\">\n<div class=\"ace-line ace-line old-record-id-JoRkfpho8dOkiacEOascDyCOncb\">\n<div data-page-id=\"KJ7gfqkVndMSRJcMseScmvYwnTc\" data-lark-html-role=\"root\" data-docx-has-block-data=\"false\">\n<div data-page-id=\"Ju6ofQ3V4dGmePcVvJvc1gmcnZb\" data-lark-html-role=\"root\" data-docx-has-block-data=\"true\">\n<div data-page-id=\"PR9ife5PLdFabccbFgZcWgZOnTc\" data-lark-html-role=\"root\" data-docx-has-block-data=\"false\">\n<div data-page-id=\"INdrfOIGzdaenXcptrcc1BcznQc\" data-lark-html-role=\"root\" data-docx-has-block-data=\"false\">\n<div class=\"ace-line ace-line old-record-id-P0fIf4YaZdoGkbcxt5ackec2nnb\">\n<div data-page-id=\"INdrfOIGzdaenXcptrcc1BcznQc\" data-lark-html-role=\"root\" data-docx-has-block-data=\"false\">\n<div data-page-id=\"MAzCfUB73dMTQscm8eWcougVn1g\" data-lark-html-role=\"root\" data-docx-has-block-data=\"true\">\n<div data-page-id=\"AXfpf7H1odhDvGcKoUOcErN8nV7\" data-lark-html-role=\"root\" data-docx-has-block-data=\"false\">\n<div data-page-id=\"QYTKf5PvLdUNdbce2nBcW9yfnrh\" data-lark-html-role=\"root\" data-docx-has-block-data=\"false\">\n<div data-page-id=\"Pvu1f1CCBdxbjncA9pgcBTpanph\" data-lark-html-role=\"root\" data-docx-has-block-data=\"true\">\n<div data-page-id=\"Axf3fcmY8dDAhtcjVircBcphnPc\" data-lark-html-role=\"root\" data-docx-has-block-data=\"false\">\n<div data-page-id=\"KKj1f9SPmdLhhMc5E2AcNlLen6f\" data-lark-html-role=\"root\" data-docx-has-block-data=\"true\">\n<div data-page-id=\"Rx61fK1sJdXHjPcBuhZcweNhnwc\" data-lark-html-role=\"root\" data-docx-has-block-data=\"false\">\n<div data-page-id=\"L1H9fkG9Mdz45Fcy4WMc5VKXnRe\" data-lark-html-role=\"root\" data-docx-has-block-data=\"false\">\n<div data-page-id=\"L1H9fkG9Mdz45Fcy4WMc5VKXnRe\" data-lark-html-role=\"root\" data-docx-has-block-data=\"false\">\n<div data-page-id=\"D4XLfVBVrdE8mrcaYizczklLnaf\" data-lark-html-role=\"root\" data-docx-has-block-data=\"false\">\n<div data-page-id=\"WVcifIY44d5mhMcXtyEcTsfenGd\" data-lark-html-role=\"root\" data-docx-has-block-data=\"true\">\n<div data-page-id=\"LRknfa6Whd4DWCcUc0FcNKpJnyh\" data-lark-html-role=\"root\" data-docx-has-block-data=\"false\">\n<div data-page-id=\"LRknfa6Whd4DWCcUc0FcNKpJnyh\" data-lark-html-role=\"root\" data-docx-has-block-data=\"false\">\n<div data-page-id=\"XFRAfkcOEdRWh8cArQ2cJdyRnJf\" data-lark-html-role=\"root\" data-docx-has-block-data=\"true\">\n<div data-page-id=\"OQ3bfjnRddMTDGcC3ouc6xFKnWf\" data-lark-html-role=\"root\" data-docx-has-block-data=\"true\">\n<div data-page-id=\"J0iGfj1hEdjc4rcUdSmc4spMnmZ\" data-lark-html-role=\"root\" data-docx-has-block-data=\"false\">\n<div data-page-id=\"P1o7fFyNlduP8tcfZpQcagzbnIf\" data-lark-html-role=\"root\" data-docx-has-block-data=\"false\">\n<div class=\"ace-line ace-line old-record-id-P1o7fFyNlduP8tcfZpQcagzbnIf\">\n<div data-page-id=\"P1o7fFyNlduP8tcfZpQcagzbnIf\" data-lark-html-role=\"root\" data-docx-has-block-data=\"false\">\n<div data-page-id=\"U4iufW38SdttWKcTstMcTtHRnXc\" data-lark-html-role=\"root\" data-docx-has-block-data=\"true\">\n<div data-page-id=\"ONVMf7VTWddcFtcyATOchCJHnZb\" data-lark-html-role=\"root\" data-docx-has-block-data=\"true\">\n<div data-page-id=\"KoW2fSy0PdLHFlc5kSHcgvWMnYg\" data-lark-html-role=\"root\" data-docx-has-block-data=\"false\">\n<div data-page-id=\"KoW2fSy0PdLHFlc5kSHcgvWMnYg\" data-lark-html-role=\"root\" data-docx-has-block-data=\"false\">\n<div data-page-id=\"OLGhfzxC7d7EFIcLEj9cRT5ynZf\" data-lark-html-role=\"root\" data-docx-has-block-data=\"false\">\n<div data-page-id=\"DdnnfrLjzdqrFIc9Il9c7pA2noc\" data-lark-html-role=\"root\" data-docx-has-block-data=\"true\">\n<div data-page-id=\"KNzcf2o0oddkJOcztTVcqPdlnth\" data-lark-html-role=\"root\" data-docx-has-block-data=\"false\">\n<div data-page-id=\"LBU7fg5SEdkWhecGJoxca3xvnCe\" data-lark-html-role=\"root\" data-docx-has-block-data=\"false\">\n<div data-page-id=\"EB70fooS3d69bMcgWB7c5qb9n8g\" data-lark-html-role=\"root\" data-docx-has-block-data=\"false\">\n<div data-page-id=\"AogwfsZCadB6t0cAvF0cK4JLnvf\" data-lark-html-role=\"root\" data-docx-has-block-data=\"false\">\n<div data-page-id=\"AogwfsZCadB6t0cAvF0cK4JLnvf\" data-lark-html-role=\"root\" data-docx-has-block-data=\"false\">\n<div data-page-id=\"JMZIflNGddQuU0c5JZocSqlvnle\" data-lark-html-role=\"root\" data-docx-has-block-data=\"false\">\n<div data-page-id=\"JMZIflNGddQuU0c5JZocSqlvnle\" data-lark-html-role=\"root\" data-docx-has-block-data=\"true\">\n<h2 data-start=\"0\" data-end=\"59\">Airmez Fox 160000 Puffs \u2014 Profundidad de Sabor Encuentra Resistencia<\/h2>\n<p data-start=\"61\" data-end=\"390\">El Airmez Fox 160000 Puffs est\u00e1 dise\u00f1ado para vapeadores que valoran un rendimiento duradero sin sacrificar el sabor. Con una estructura refinada y un amplio sistema de sabores, ofrece consistencia desde la primera inhalaci\u00f3n hasta la \u00faltima. El dise\u00f1o se centra en el equilibrio: vapor rico, liberaci\u00f3n de sabor limpia y potencia confiable durante el uso diario \ud83d\ude0c.<\/p>\n<h3 data-start=\"392\" data-end=\"426\">Dise\u00f1ado Para la Comodidad Diaria<\/h3>\n<p data-start=\"427\" data-end=\"790\">Una bater\u00eda de 650mAh trabaja eficientemente con una bobina de malla para mantener una salida estable, mientras que el puerto Tipo-C permite una carga r\u00e1pida y conveniente. Cada unidad contiene <strong data-start=\"583\" data-end=\"607\">15ml \u00d7 4 de E-l\u00edquido<\/strong>, apoyando un uso prolongado y transiciones m\u00e1s suaves entre sabores. La inhalaci\u00f3n se mantiene uniforme, el vapor se siente pleno y la experiencia sigue siendo predecible\u2014exactamente lo que muchos usuarios buscan.<\/p>\n<h4 data-start=\"792\" data-end=\"829\">Especificaciones Clave de un Vistazo<\/h4>\n<ul data-start=\"830\" data-end=\"979\">\n<li data-start=\"830\" data-end=\"855\">\n<p data-start=\"832\" data-end=\"855\">Capacidad de 160000 Puffs<\/p>\n<\/li>\n<li data-start=\"856\" data-end=\"884\">\n<p data-start=\"858\" data-end=\"884\">Sistema de E-l\u00edquido de 15ml \u00d7 4<\/p>\n<\/li>\n<li data-start=\"885\" data-end=\"926\">\n<p data-start=\"887\" data-end=\"926\">Bobina de Malla para una claridad de sabor mejorada<\/p>\n<\/li>\n<li data-start=\"927\" data-end=\"951\">\n<p data-start=\"929\" data-end=\"951\">Carga r\u00e1pida tipo C<\/p>\n<\/li>\n<li data-start=\"952\" data-end=\"979\">\n<p data-start=\"954\" data-end=\"979\">Bater\u00eda incorporada de 650mAh<\/p>\n<\/li>\n<\/ul>\n<h3 data-start=\"981\" data-end=\"1012\">Resumen de la Colecci\u00f3n de Sabores<\/h3>\n<p data-start=\"1014\" data-end=\"1275\">La l\u00ednea Airmez Fox enfatiza la variedad sin abrumar el paladar. Mezclas inspiradas en frutas, hielo, caramelos y bebidas rotan suavemente, permitiendo a los usuarios cambiar de perfil sin fatiga. Cada sabor se abre limpiamente, se desarrolla de manera natural y termina de forma crujiente \ud83c\udf49\ud83c\udf53.<\/p>\n<h4 data-start=\"1277\" data-end=\"1288\">Conjunto 1<\/h4>\n<ul data-start=\"1289\" data-end=\"1358\">\n<li data-start=\"1289\" data-end=\"1304\">\n<p data-start=\"1291\" data-end=\"1304\">Bingo Crush<\/p>\n<\/li>\n<li data-start=\"1305\" data-end=\"1321\">\n<p data-start=\"1307\" data-end=\"1321\">Triple Mango<\/p>\n<\/li>\n<li data-start=\"1322\" data-end=\"1339\">\n<p data-start=\"1324\" data-end=\"1339\">Bayas Mixtas<\/p>\n<\/li>\n<li data-start=\"1340\" data-end=\"1358\">\n<p data-start=\"1342\" data-end=\"1358\">Hielo de Sand\u00eda<\/p>\n<\/li>\n<\/ul>\n<h4 data-start=\"1360\" data-end=\"1371\">Conjunto 2<\/h4>\n<ul data-start=\"1372\" data-end=\"1442\">\n<li data-start=\"1372\" data-end=\"1382\">\n<p data-start=\"1374\" data-end=\"1382\">Love66<\/p>\n<\/li>\n<li data-start=\"1383\" data-end=\"1401\">\n<p data-start=\"1385\" data-end=\"1401\">Hielo de Fresa<\/p>\n<\/li>\n<li data-start=\"1402\" data-end=\"1424\">\n<p data-start=\"1404\" data-end=\"1424\">Limonada de Frambuesa Azul<\/p>\n<\/li>\n<li data-start=\"1425\" data-end=\"1442\">\n<p data-start=\"1427\" data-end=\"1442\">Hielo de Pi\u00f1a<\/p>\n<\/li>\n<\/ul>\n<h4 data-start=\"1444\" data-end=\"1455\">Conjunto 3<\/h4>\n<ul data-start=\"1456\" data-end=\"1518\">\n<li data-start=\"1456\" data-end=\"1474\">\n<p data-start=\"1458\" data-end=\"1474\">Hielo de Sand\u00eda<\/p>\n<\/li>\n<li data-start=\"1475\" data-end=\"1485\">\n<p data-start=\"1477\" data-end=\"1485\">Love66<\/p>\n<\/li>\n<li data-start=\"1486\" data-end=\"1502\">\n<p data-start=\"1488\" data-end=\"1502\">Doble Manzana<\/p>\n<\/li>\n<li data-start=\"1503\" data-end=\"1518\">\n<p data-start=\"1505\" data-end=\"1518\">Mango Durazno<\/p>\n<\/li>\n<\/ul>\n<h4 data-start=\"1520\" data-end=\"1531\">Conjunto 4<\/h4>\n<ul data-start=\"1532\" data-end=\"1605\">\n<li data-start=\"1532\" data-end=\"1549\">\n<p data-start=\"1534\" data-end=\"1549\">Bayas Mixtas<\/p>\n<\/li>\n<li data-start=\"1550\" data-end=\"1573\">\n<p data-start=\"1552\" data-end=\"1573\">Mora Frambuesa<\/p>\n<\/li>\n<li data-start=\"1574\" data-end=\"1592\">\n<p data-start=\"1576\" data-end=\"1592\">Hielo de Sand\u00eda<\/p>\n<\/li>\n<li data-start=\"1593\" data-end=\"1605\">\n<p data-start=\"1595\" data-end=\"1605\">Helado de cola<\/p>\n<\/li>\n<\/ul>\n<h4 data-start=\"1607\" data-end=\"1618\">Conjunto 5<\/h4>\n<ul data-start=\"1619\" data-end=\"1698\">\n<li data-start=\"1619\" data-end=\"1634\">\n<p data-start=\"1621\" data-end=\"1634\">Mango Durazno<\/p>\n<\/li>\n<li data-start=\"1635\" data-end=\"1653\">\n<p data-start=\"1637\" data-end=\"1653\">Fruta Tropical<\/p>\n<\/li>\n<li data-start=\"1654\" data-end=\"1672\">\n<p data-start=\"1656\" data-end=\"1672\">Limonada de Frutos Rojos<\/p>\n<\/li>\n<li data-start=\"1673\" data-end=\"1698\">\n<p data-start=\"1675\" data-end=\"1698\">Fresa Sand\u00eda<\/p>\n<\/li>\n<\/ul>\n<h4 data-start=\"1700\" data-end=\"1711\">Conjunto 6<\/h4>\n<ul data-start=\"1712\" data-end=\"1785\">\n<li data-start=\"1712\" data-end=\"1726\">\n<p data-start=\"1714\" data-end=\"1726\">Hielo de Cereza<\/p>\n<\/li>\n<li data-start=\"1727\" data-end=\"1754\">\n<p data-start=\"1729\" data-end=\"1754\">Fruta Drag\u00f3n de Fresa<\/p>\n<\/li>\n<li data-start=\"1755\" data-end=\"1771\">\n<p data-start=\"1757\" data-end=\"1771\">Triple Mango<\/p>\n<\/li>\n<li data-start=\"1772\" data-end=\"1785\">\n<p data-start=\"1774\" data-end=\"1785\">Frambuesa Azul<\/p>\n<\/li>\n<\/ul>\n<h4 data-start=\"1787\" data-end=\"1798\">Conjunto 7<\/h4>\n<ul data-start=\"1799\" data-end=\"1872\">\n<li data-start=\"1799\" data-end=\"1819\">\n<p data-start=\"1801\" data-end=\"1819\">Hielo de Fruta Drag\u00f3n<\/p>\n<\/li>\n<li data-start=\"1820\" data-end=\"1835\">\n<p data-start=\"1822\" data-end=\"1835\">Bingo Crush<\/p>\n<\/li>\n<li data-start=\"1836\" data-end=\"1846\">\n<p data-start=\"1838\" data-end=\"1846\">Love66<\/p>\n<\/li>\n<li data-start=\"1847\" data-end=\"1872\">\n<p data-start=\"1849\" data-end=\"1872\">Pi\u00f1a Mango Durazno<\/p>\n<\/li>\n<\/ul>\n<h4 data-start=\"1874\" data-end=\"1885\">Conjunto 8<\/h4>\n<ul data-start=\"1886\" data-end=\"1956\">\n<li data-start=\"1886\" data-end=\"1897\">\n<p data-start=\"1888\" data-end=\"1897\">Dr. Blue<\/p>\n<\/li>\n<li data-start=\"1898\" data-end=\"1914\">\n<p data-start=\"1900\" data-end=\"1914\">Cereza Berries<\/p>\n<\/li>\n<li data-start=\"1915\" data-end=\"1940\">\n<p data-start=\"1917\" data-end=\"1940\">Fresa Sand\u00eda<\/p>\n<\/li>\n<li data-start=\"1941\" data-end=\"1956\">\n<p data-start=\"1943\" data-end=\"1956\">Durazno Berry<\/p>\n<\/li>\n<\/ul>\n<h4 data-start=\"1958\" data-end=\"1969\">Conjunto 9<\/h4>\n<ul data-start=\"1970\" data-end=\"2042\">\n<li data-start=\"1970\" data-end=\"1983\">\n<p data-start=\"1972\" data-end=\"1983\">Hielo de Durazno<\/p>\n<\/li>\n<li data-start=\"1984\" data-end=\"2001\">\n<p data-start=\"1986\" data-end=\"2001\">Bayas Mixtas<\/p>\n<\/li>\n<li data-start=\"2002\" data-end=\"2025\">\n<p data-start=\"2004\" data-end=\"2025\">Mel\u00f3n Fruta de Pasi\u00f3n<\/p>\n<\/li>\n<li data-start=\"2026\" data-end=\"2042\">\n<p data-start=\"2028\" data-end=\"2042\">Triple Mango<\/p>\n<\/li>\n<\/ul>\n<h4 data-start=\"2044\" data-end=\"2056\">Conjunto 10<\/h4>\n<ul data-start=\"2057\" data-end=\"2135\">\n<li data-start=\"2057\" data-end=\"2070\">\n<p data-start=\"2059\" data-end=\"2070\">Mango Hielo<\/p>\n<\/li>\n<li data-start=\"2071\" data-end=\"2092\">\n<p data-start=\"2073\" data-end=\"2092\">Cola de Cereza Burbujeante<\/p>\n<\/li>\n<li data-start=\"2093\" data-end=\"2117\">\n<p data-start=\"2095\" data-end=\"2117\">Fresa Frambuesa<\/p>\n<\/li>\n<li data-start=\"2118\" data-end=\"2135\">\n<p data-start=\"2120\" data-end=\"2135\">Bayas Mixtas<\/p>\n<\/li>\n<\/ul>\n<h3 data-start=\"2137\" data-end=\"2175\">C\u00f3mo Se Une la Experiencia<\/h3>\n<p data-start=\"2177\" data-end=\"2499\">La bobina de malla mejora la separaci\u00f3n de sabores, permitiendo que las frutas se mantengan brillantes y las notas heladas permanezcan n\u00edtidas sin abrumar la dulzura. Las mezclas de m\u00faltiples frutas se sienten en capas en lugar de abarrotadas, mientras que los perfiles de hielo y cola mantienen su frescura sin dureza \u2744\ufe0f\ud83e\udd6d. El resultado es un ritmo suave entre la producci\u00f3n de vapor y la precisi\u00f3n del sabor.<\/p>\n<h4 data-start=\"2501\" data-end=\"2525\">Para Qui\u00e9n Est\u00e1 Hecho<\/h4>\n<ul data-start=\"2526\" data-end=\"2666\">\n<li data-start=\"2526\" data-end=\"2569\">\n<p data-start=\"2528\" data-end=\"2569\">Usuarios que desean una vida de inhalaci\u00f3n extremadamente larga<\/p>\n<\/li>\n<li data-start=\"2570\" data-end=\"2610\">\n<p data-start=\"2572\" data-end=\"2610\">Vapeadores que rotan sabores con frecuencia<\/p>\n<\/li>\n<li data-start=\"2611\" data-end=\"2666\">\n<p data-start=\"2613\" data-end=\"2666\">Aquellos que prefieren una salida estable sobre caracter\u00edsticas llamativas<\/p>\n<\/li>\n<\/ul>\n<h3 data-start=\"2668\" data-end=\"2687\">Reflexiones Finales<\/h3>\n<p data-start=\"2689\" data-end=\"2975\">El Airmez Fox 160000 Puffs se centra en la resistencia, claridad y elecci\u00f3n. Sus conjuntos de sabores estructurados y hardware confiable crean una experiencia relajada pero atractiva. En lugar de seguir tendencias, ofrece lo que m\u00e1s importa: consistencia, integridad del sabor y conveniencia\u2014d\u00eda tras d\u00eda \ud83d\ude0a.<\/p>\n<div class=\"ace-line ace-line old-record-id-CbIjfgkD8dWDZuceGdZc24cUn3b\"><\/div>\n<\/div>\n<\/div>\n<\/div>\n<\/div>\n<\/div>\n<\/div>\n<\/div>\n<\/div>\n<\/div>\n<\/div>\n<\/div>\n<\/div>\n<\/div>\n<\/div>\n<\/div>\n<\/div>\n<\/div>\n<\/div>\n<\/div>\n<\/div>\n<\/div>\n<\/div>\n<\/div>\n<\/div>\n<\/div>\n<\/div>\n<\/div>\n<\/div>\n<\/div>\n<\/div>\n<\/div>\n<\/div>\n<\/div>\n<\/div>\n<\/div>\n<\/div>\n<\/div>\n<\/div>\n<\/div>\n<\/div>\n<\/div>\n<\/div>\n<\/div>\n<\/div>\n<\/div>\n<\/div>\n<\/div>\n<\/div>\n<\/div>\n<\/div>\n<\/div>\n<\/div>\n<\/div>\n<\/div>\n<\/div>\n<\/div>","protected":false},"excerpt":{"rendered":"<div data-page-id=\"RAopf2sw9dtvw4cWYXpcTwo0n8g\" data-lark-html-role=\"root\" data-docx-has-block-data=\"false\">\n<div class=\"ace-line ace-line old-record-id-Uju9f3RXYd8dh2crAJbcBF3Un6M\">Airmez Fox 160000 Puffs ofrece un rendimiento duradero con una calada suave y confiable. Alimentado por una bater\u00eda de 650mAh y una bobina de malla, mantiene un sabor limpio en diversas mezclas de frutas y hielo. Con un sistema de e-l\u00edquido de 15ml \u00d7 4, admite un uso diario prolongado y sin preocupaciones.<\/div>\n<\/div>","protected":false},"featured_media":5245,"comment_status":"open","ping_status":"closed","template":"","meta":{"_acf_changed":false,"inline_featured_image":false,"_sitemap_exclude":false,"_sitemap_priority":"","_sitemap_frequency":""},"product_brand":[92],"product_cat":[86],"product_tag":[],"class_list":{"0":"post-5233","1":"product","2":"type-product","3":"status-publish","4":"has-post-thumbnail","6":"product_brand-airmez","7":"product_cat-airmez-puff","9":"first","10":"instock","11":"sale","12":"shipping-taxable","13":"purchasable","14":"product-type-variable","15":"has-default-attributes"},"acf":[],"tiered_pricing_type":"fixed","tiered_pricing_fixed_rules":{"30":9.65,"60":9.23,"100":8.79,"200":8.65},"tiered_pricing_product_settings":{"layout":"default","base_unit_name":{"singular":null,"plural":null},"default_variation":null},"tiered_pricing_minimum_quantity":10,"tiered_pricing_roles_data":[],"tiered_pricing_percentage_rules":[],"tiered_pricing_maximum_quantity":null,"tiered_pricing_quantity_step":"10","_links":{"self":[{"href":"https:\/\/oiovape.com\/es\/wp-json\/wp\/v2\/product\/5233","targetHints":{"allow":["GET"]}}],"collection":[{"href":"https:\/\/oiovape.com\/es\/wp-json\/wp\/v2\/product"}],"about":[{"href":"https:\/\/oiovape.com\/es\/wp-json\/wp\/v2\/types\/product"}],"replies":[{"embeddable":true,"href":"https:\/\/oiovape.com\/es\/wp-json\/wp\/v2\/comments?post=5233"}],"version-history":[{"count":0,"href":"https:\/\/oiovape.com\/es\/wp-json\/wp\/v2\/product\/5233\/revisions"}],"wp:featuredmedia":[{"embeddable":true,"href":"https:\/\/oiovape.com\/es\/wp-json\/wp\/v2\/media\/5245"}],"wp:attachment":[{"href":"https:\/\/oiovape.com\/es\/wp-json\/wp\/v2\/media?parent=5233"}],"wp:term":[{"taxonomy":"product_brand","embeddable":true,"href":"https:\/\/oiovape.com\/es\/wp-json\/wp\/v2\/product_brand?post=5233"},{"taxonomy":"product_cat","embeddable":true,"href":"https:\/\/oiovape.com\/es\/wp-json\/wp\/v2\/product_cat?post=5233"},{"taxonomy":"product_tag","embeddable":true,"href":"https:\/\/oiovape.com\/es\/wp-json\/wp\/v2\/product_tag?post=5233"}],"curies":[{"name":"wp","href":"https:\/\/api.w.org\/{rel}","templated":true}]}}