{"id":5356,"date":"2026-01-17T07:18:54","date_gmt":"2026-01-17T07:18:54","guid":{"rendered":"https:\/\/oiovape.com\/?post_type=product&#038;p=5356"},"modified":"2026-02-10T11:14:42","modified_gmt":"2026-02-10T03:14:42","slug":"elf-world-pb-45000-puffs","status":"publish","type":"product","link":"https:\/\/oiovape.com\/es\/product\/elf-world-pb-45000-puffs\/","title":{"rendered":"Elf World PB 45000 PUFFS Vape Pen Desechable con Fuerza de Nicotina Ajustable y Pantalla Completa Inteligente"},"content":{"rendered":"<div data-page-id=\"ZVeMfq8uxd7y1ycuKm5cym4LnYd\" data-lark-html-role=\"root\" data-docx-has-block-data=\"false\">\n<div data-page-id=\"Fd41fZ5N9dzRQtcRNoVc2FuDnCh\" data-lark-html-role=\"root\" data-docx-has-block-data=\"true\">\n<div data-page-id=\"BdIJfeeijdk1eucGpS8cDCBBn5c\" data-lark-html-role=\"root\" data-docx-has-block-data=\"false\">\n<div data-page-id=\"Zbg9fWx77dUuh2cIYpic25c8nyd\" data-lark-html-role=\"root\" data-docx-has-block-data=\"false\">\n<div data-page-id=\"KaIvfiurhdlCKdc0kyxcX64cnE6\" data-lark-html-role=\"root\" data-docx-has-block-data=\"true\">\n<div data-page-id=\"PbvFfqxqlddUTScRpEYcY5MHnpf\" data-lark-html-role=\"root\" data-docx-has-block-data=\"true\">\n<div data-page-id=\"GZO2f5JeudwY4jc9iJtcdk9Hnxh\" data-lark-html-role=\"root\" data-docx-has-block-data=\"false\">\n<div data-page-id=\"EZVRf2acFduXLGcseZFc4qH2n6e\" data-lark-html-role=\"root\" data-docx-has-block-data=\"false\">\n<div data-page-id=\"B8rHfcqlqdzmH5cCWCncz17Cntb\" data-lark-html-role=\"root\" data-docx-has-block-data=\"false\">\n<div data-page-id=\"B8rHfcqlqdzmH5cCWCncz17Cntb\" data-lark-html-role=\"root\" data-docx-has-block-data=\"false\">\n<div data-page-id=\"B8rHfcqlqdzmH5cCWCncz17Cntb\" data-lark-html-role=\"root\" data-docx-has-block-data=\"true\">\n<div data-page-id=\"HM70f1aoxdD0bMcxJZBcVc7ynZd\" data-lark-html-role=\"root\" data-docx-has-block-data=\"false\">\n<div data-page-id=\"NSrJfN7Ord22i0c1iwZcsF8yn8b\" data-lark-html-role=\"root\" data-docx-has-block-data=\"false\">\n<div data-page-id=\"RXEff4Mskds8o1cqL5HcGEtUnCh\" data-lark-html-role=\"root\" data-docx-has-block-data=\"false\">\n<div data-page-id=\"KJ7gfqkVndMSRJcMseScmvYwnTc\" data-lark-html-role=\"root\" data-docx-has-block-data=\"false\">\n<div class=\"ace-line ace-line old-record-id-QADAfETPudgmudc05YvcTO5fnxe\">\n<div data-page-id=\"KJ7gfqkVndMSRJcMseScmvYwnTc\" data-lark-html-role=\"root\" data-docx-has-block-data=\"false\">\n<div class=\"ace-line ace-line old-record-id-JoRkfpho8dOkiacEOascDyCOncb\">\n<div data-page-id=\"KJ7gfqkVndMSRJcMseScmvYwnTc\" data-lark-html-role=\"root\" data-docx-has-block-data=\"false\">\n<div data-page-id=\"Ju6ofQ3V4dGmePcVvJvc1gmcnZb\" data-lark-html-role=\"root\" data-docx-has-block-data=\"true\">\n<div data-page-id=\"PR9ife5PLdFabccbFgZcWgZOnTc\" data-lark-html-role=\"root\" data-docx-has-block-data=\"false\">\n<div data-page-id=\"INdrfOIGzdaenXcptrcc1BcznQc\" data-lark-html-role=\"root\" data-docx-has-block-data=\"false\">\n<div class=\"ace-line ace-line old-record-id-P0fIf4YaZdoGkbcxt5ackec2nnb\">\n<div data-page-id=\"INdrfOIGzdaenXcptrcc1BcznQc\" data-lark-html-role=\"root\" data-docx-has-block-data=\"false\">\n<div data-page-id=\"MAzCfUB73dMTQscm8eWcougVn1g\" data-lark-html-role=\"root\" data-docx-has-block-data=\"true\">\n<div data-page-id=\"AXfpf7H1odhDvGcKoUOcErN8nV7\" data-lark-html-role=\"root\" data-docx-has-block-data=\"false\">\n<div data-page-id=\"QYTKf5PvLdUNdbce2nBcW9yfnrh\" data-lark-html-role=\"root\" data-docx-has-block-data=\"false\">\n<div data-page-id=\"Pvu1f1CCBdxbjncA9pgcBTpanph\" data-lark-html-role=\"root\" data-docx-has-block-data=\"true\">\n<div data-page-id=\"Axf3fcmY8dDAhtcjVircBcphnPc\" data-lark-html-role=\"root\" data-docx-has-block-data=\"false\">\n<div data-page-id=\"KKj1f9SPmdLhhMc5E2AcNlLen6f\" data-lark-html-role=\"root\" data-docx-has-block-data=\"true\">\n<div data-page-id=\"Rx61fK1sJdXHjPcBuhZcweNhnwc\" data-lark-html-role=\"root\" data-docx-has-block-data=\"false\">\n<div data-page-id=\"L1H9fkG9Mdz45Fcy4WMc5VKXnRe\" data-lark-html-role=\"root\" data-docx-has-block-data=\"false\">\n<div data-page-id=\"L1H9fkG9Mdz45Fcy4WMc5VKXnRe\" data-lark-html-role=\"root\" data-docx-has-block-data=\"false\">\n<div data-page-id=\"D4XLfVBVrdE8mrcaYizczklLnaf\" data-lark-html-role=\"root\" data-docx-has-block-data=\"false\">\n<div data-page-id=\"WVcifIY44d5mhMcXtyEcTsfenGd\" data-lark-html-role=\"root\" data-docx-has-block-data=\"true\">\n<div data-page-id=\"LRknfa6Whd4DWCcUc0FcNKpJnyh\" data-lark-html-role=\"root\" data-docx-has-block-data=\"false\">\n<div data-page-id=\"LRknfa6Whd4DWCcUc0FcNKpJnyh\" data-lark-html-role=\"root\" data-docx-has-block-data=\"false\">\n<div data-page-id=\"XFRAfkcOEdRWh8cArQ2cJdyRnJf\" data-lark-html-role=\"root\" data-docx-has-block-data=\"true\">\n<div data-page-id=\"OQ3bfjnRddMTDGcC3ouc6xFKnWf\" data-lark-html-role=\"root\" data-docx-has-block-data=\"true\">\n<div data-page-id=\"J0iGfj1hEdjc4rcUdSmc4spMnmZ\" data-lark-html-role=\"root\" data-docx-has-block-data=\"false\">\n<div data-page-id=\"P1o7fFyNlduP8tcfZpQcagzbnIf\" data-lark-html-role=\"root\" data-docx-has-block-data=\"false\">\n<div class=\"ace-line ace-line old-record-id-P1o7fFyNlduP8tcfZpQcagzbnIf\">\n<div data-page-id=\"P1o7fFyNlduP8tcfZpQcagzbnIf\" data-lark-html-role=\"root\" data-docx-has-block-data=\"false\">\n<div data-page-id=\"U4iufW38SdttWKcTstMcTtHRnXc\" data-lark-html-role=\"root\" data-docx-has-block-data=\"true\">\n<div data-page-id=\"ONVMf7VTWddcFtcyATOchCJHnZb\" data-lark-html-role=\"root\" data-docx-has-block-data=\"true\">\n<div data-page-id=\"KoW2fSy0PdLHFlc5kSHcgvWMnYg\" data-lark-html-role=\"root\" data-docx-has-block-data=\"false\">\n<div data-page-id=\"KoW2fSy0PdLHFlc5kSHcgvWMnYg\" data-lark-html-role=\"root\" data-docx-has-block-data=\"false\">\n<div data-page-id=\"OLGhfzxC7d7EFIcLEj9cRT5ynZf\" data-lark-html-role=\"root\" data-docx-has-block-data=\"false\">\n<div data-page-id=\"DdnnfrLjzdqrFIc9Il9c7pA2noc\" data-lark-html-role=\"root\" data-docx-has-block-data=\"true\">\n<div data-page-id=\"KNzcf2o0oddkJOcztTVcqPdlnth\" data-lark-html-role=\"root\" data-docx-has-block-data=\"false\">\n<div data-page-id=\"LBU7fg5SEdkWhecGJoxca3xvnCe\" data-lark-html-role=\"root\" data-docx-has-block-data=\"false\">\n<div data-page-id=\"EB70fooS3d69bMcgWB7c5qb9n8g\" data-lark-html-role=\"root\" data-docx-has-block-data=\"false\">\n<div data-page-id=\"AogwfsZCadB6t0cAvF0cK4JLnvf\" data-lark-html-role=\"root\" data-docx-has-block-data=\"false\">\n<div data-page-id=\"AogwfsZCadB6t0cAvF0cK4JLnvf\" data-lark-html-role=\"root\" data-docx-has-block-data=\"false\">\n<div data-page-id=\"JMZIflNGddQuU0c5JZocSqlvnle\" data-lark-html-role=\"root\" data-docx-has-block-data=\"false\">\n<div data-page-id=\"JMZIflNGddQuU0c5JZocSqlvnle\" data-lark-html-role=\"root\" data-docx-has-block-data=\"true\">\n<div data-page-id=\"HtEafjjRIdPAlMc9zgYcsGy6nOe\" data-lark-html-role=\"root\" data-docx-has-block-data=\"false\">\n<div data-page-id=\"Rhnafz0WTdDeT9c43xxczsbVnJo\" data-lark-html-role=\"root\" data-docx-has-block-data=\"false\">\n<div data-page-id=\"WY0CfKdcTdf4hVcZl67ct5LGncf\" data-lark-html-role=\"root\" data-docx-has-block-data=\"true\">\n<h2 class=\"ace-line ace-line old-record-id-WY0CfKdcTdf4hVcZl67ct5LGncf\">Elf World PB 45000 Puff: Tu Compa\u00f1ero de Vapeo Definitivo<\/h2>\n<div class=\"ace-line ace-line old-record-id-PFpXf27UzdX1pRc9gePcjQMUnjh\">\n<p>Cuando se trata de encontrar un dispositivo de vapeo confiable y agradable, el Elf World PB 45000 Puff se destaca entre la multitud. No se trata solo de las caladas duraderas; este dispositivo re\u00fane caracter\u00edsticas personalizables y una amplia gama de sabores que se adaptan a diferentes preferencias de gusto. Vamos a profundizar en lo que hace que este dispositivo de vapeo merezca tu atenci\u00f3n.<\/p>\n<p><img decoding=\"async\" class=\"wp-image-5358 size-full\" title=\"P\u00f3ster de Elf World PB 45000 puff\" src=\"https:\/\/oiovape.com\/wp-content\/uploads\/2026\/01\/Elf-world-PB-45000-puff-poster.jpg\" alt=\"P\u00f3ster de Elf World PB 45000 puff\" width=\"1791\" height=\"1280\" srcset=\"https:\/\/oiovape.com\/wp-content\/uploads\/2026\/01\/Elf-world-PB-45000-puff-poster.jpg 1791w, https:\/\/oiovape.com\/wp-content\/uploads\/2026\/01\/Elf-world-PB-45000-puff-poster-150x107.jpg 150w, https:\/\/oiovape.com\/wp-content\/uploads\/2026\/01\/Elf-world-PB-45000-puff-poster-1200x858.jpg 1200w, https:\/\/oiovape.com\/wp-content\/uploads\/2026\/01\/Elf-world-PB-45000-puff-poster-300x214.jpg 300w, https:\/\/oiovape.com\/wp-content\/uploads\/2026\/01\/Elf-world-PB-45000-puff-poster-1024x732.jpg 1024w, https:\/\/oiovape.com\/wp-content\/uploads\/2026\/01\/Elf-world-PB-45000-puff-poster-768x549.jpg 768w, https:\/\/oiovape.com\/wp-content\/uploads\/2026\/01\/Elf-world-PB-45000-puff-poster-1536x1098.jpg 1536w, https:\/\/oiovape.com\/wp-content\/uploads\/2026\/01\/Elf-world-PB-45000-puff-poster-18x12.jpg 18w\" sizes=\"(max-width: 1791px) 100vw, 1791px\" \/><\/div>\n<h3 class=\"heading-2 ace-line old-record-id-XaE5fFRqkdXHf0clQCWcnwlqn2a\">\u00bfPor qu\u00e9 elegir Elf World PB 45000 Puff?<\/h3>\n<div class=\"ace-line ace-line old-record-id-C88UfKeNDdlJFKcNVgIc5f3Zn3c\">Podr\u00edas preguntarte, con tantas opciones de vapeo disponibles, \u00bfpor qu\u00e9 deber\u00edas elegir el Elf World PB 45000 Puff? Bueno, desglos\u00e9moslo. En primer lugar, su rendimiento duradero es un cambio de juego: 45000 caladas significan que no tendr\u00e1s que preocuparte por quedarte sin e-l\u00edquido o energ\u00eda de la bater\u00eda con frecuencia. De hecho, la bater\u00eda integrada de 800mAh y la capacidad de e-l\u00edquido de 20+8ML trabajan juntas para garantizar una experiencia de vapeo prolongada sin necesidad de recargas o rellenados constantes.<\/div>\n<div class=\"ace-line ace-line old-record-id-O2jafuc6QdrfRPckwd1c2zL6nrg\">Luego est\u00e1 el aspecto de la personalizaci\u00f3n. En la mayor\u00eda de los casos, los vapeadores tienen diferentes preferencias en cuanto a la intensidad de nicotina y la intensidad del hielo. Este dispositivo ofrece tres niveles de intensidad de nicotina ajustable y tres niveles de intensidad de hielo ajustable, lo que te permite ajustar tu experiencia de vapeo a la perfecci\u00f3n. A\u00f1ade el flujo de aire personalizable, y puedes obtener f\u00e1cilmente la suavidad o el golpe en la garganta que deseas.<\/div>\n<div class=\"ace-line ace-line old-record-id-GLGpfKNg5dSi9ccY2WicYY9onab\">La durabilidad y la conveniencia tambi\u00e9n son factores clave. La bobina de malla dual asegura una entrega de sabor consistente y una vida \u00fatil m\u00e1s larga en comparaci\u00f3n con las bobinas regulares. El soporte de carga Tipo-C significa una carga m\u00e1s r\u00e1pida y conveniente, para que puedas volver a vapear en poco tiempo. Adem\u00e1s, el indicador de bater\u00eda y e-l\u00edquido te mantiene informado sobre el estado del dispositivo, evitando interrupciones inesperadas.<\/div>\n<h3 class=\"heading-2 ace-line old-record-id-Td0Nfs1PHdX1pxcCuLRctYbxn8G\">Explora la Deliciosa Gama de Sabores<\/h3>\n<div class=\"ace-line ace-line old-record-id-BNslfB10xdbf1Uc9dXCc1vYnn3b\">Uno de los mayores atractivos del Elf World PB 45000 Puff es su amplia selecci\u00f3n de sabores. Ya seas fan\u00e1tico de los sabores afrutados, mentolados o dulces, aqu\u00ed hay algo para ti. Echemos un vistazo m\u00e1s de cerca a cada sabor:<\/div>\n<h4 class=\"heading-3 ace-line old-record-id-NDawfXpGodCKYccBhCWcLokInpd\">Delicias Frutales y \u00c1cidas<\/h4>\n<h5 class=\"heading-4 ace-line old-record-id-R3jZfd10XdYbiNc64fxcKHLpnvb\">Gota de Sand\u00eda \u00c1cida<\/h5>\n<div class=\"ace-line ace-line old-record-id-Z40OfrARbdDFtJcsyuPczoUMnKh\">Un giro picante en la cl\u00e1sica sand\u00eda. Las notas \u00e1cidas golpean primero, seguidas del sabor dulce y jugoso de la sand\u00eda madura. Es una elecci\u00f3n refrescante, especialmente en un d\u00eda c\u00e1lido.<\/div>\n<h5 class=\"heading-4 ace-line old-record-id-JnO7f1PPBdb4uvc06MrcQrSCnOh\">Manzana \u00c1cida<\/h5>\n<div class=\"ace-line ace-line old-record-id-GQGkfUbP6dpU5rcmgAqcBFV9nxe\">Manzana verde crujiente con un toque \u00e1cido. Si te encanta la combinaci\u00f3n de dulce y \u00e1cido, este sabor no te decepcionar\u00e1. Es brillante y en\u00e9rgico, perfecto para un r\u00e1pido impulso.<\/div>\n<h4 class=\"heading-3 ace-line old-record-id-IbzOfVMFBdElDecWnJdc2wePnxe\">Fresco y Refrescante<\/h4>\n<h5 class=\"heading-4 ace-line old-record-id-BKklfTWX5dOdd6cc8rVcZhy2nlh\">Miami Mint<\/h5>\n<div class=\"ace-line ace-line old-record-id-ZUlVfhhAidoFT5c0duPcjoZhnqg\">Un sabor a menta fresco e invigorante que deja una sensaci\u00f3n fresca en tu boca. No es abrumador; solo la cantidad justa de frescura para refrescar tu paladar.<\/div>\n<h5 class=\"heading-4 ace-line old-record-id-Jp3TfMQ3Gd5v7McCTYFc9qyvnsg\">Hielo de Frambuesa Azul<\/h5>\n<div class=\"ace-line ace-line old-record-id-Fvqifremqdlg7KcrL8PcQIbgnWg\">Sabor a frambuesa azul dulce y \u00e1cida mezclado con un toque de hielo. El sabor afrutado es prominente, mientras que el hielo a\u00f1ade un acabado refrescante que perdura.<\/div>\n<h5 class=\"heading-4 ace-line old-record-id-AjQOfdi17dJmFQcp8BfcLtcnnQe\">Hielo de Uva<\/h5>\n<div class=\"ace-line ace-line old-record-id-Fk2GfcUEJdcZamcGHEWcgVo6nlb\">Sabor a uva rica y jugosa combinado con un tono fresco de hielo. Es como morder una uva congelada: dulce, afrutada y extremadamente refrescante.<\/div>\n<h4 class=\"heading-3 ace-line old-record-id-Hb4Lf7blFdif3tcKtrccVdKgnFb\">Dulce y Tropical<\/h4>\n<h5 class=\"heading-4 ace-line old-record-id-GMYMfInz2dYVPFcGEmtcU9wdndc\">Mango Durazno<\/h5>\n<div class=\"ace-line ace-line old-record-id-X0njfLt98dmneccPFJtcHJV4nuh\">Una mezcla tropical de durazno maduro y mango dulce. Los dos sabores se complementan perfectamente, creando una experiencia de vapeo suave y afrutada que es perfecta para cualquier ocasi\u00f3n.<\/div>\n<h5 class=\"heading-4 ace-line old-record-id-Td9nfOfBbdgQ8zcfAcRcdIOdnwh\">Kiwi Fruta de la Pasi\u00f3n Guayaba<\/h5>\n<div class=\"ace-line ace-line old-record-id-MMggfcNg9dsnarcX9sfcj0oEnzb\">Una mezcla vibrante de kiwi, maracuy\u00e1 y guayaba. Este sabor est\u00e1 lleno de bondad tropical, con cada fruta brillando sin abrumar a las dem\u00e1s.<\/div>\n<h4 class=\"heading-3 ace-line old-record-id-LXPqf6DyEddT41cbLRGcpdC9nSc\">Dulce y Cremoso<\/h4>\n<h5 class=\"heading-4 ace-line old-record-id-Yoq0fo7a1dvSqFctrJzcqNyPnxf\">Pl\u00e1tano Fresa<\/h5>\n<div class=\"ace-line ace-line old-record-id-Hbvtfi407dOfmKcilZUcQ2VOntf\">Pl\u00e1tano cremoso mezclado con fresa dulce. Es una combinaci\u00f3n cl\u00e1sica que es suave y satisfactoria, con la cantidad justa de dulzura.<\/div>\n<h5 class=\"heading-4 ace-line old-record-id-ZxLefehr0drvbQcL94UcrywUnQd\">Oso Gummy<\/h5>\n<div class=\"ace-line ace-line old-record-id-Ryk1faX4TdHjafcxEfqcv80GnTe\">Un sabor nost\u00e1lgico que sabe exactamente como tus ositos de goma favoritos. Es dulce, masticable (en sabor, por supuesto) y extremadamente adictivo.<\/div>\n<h4 class=\"heading-3 ace-line old-record-id-ST0Kf6bBjduhNuc6asScPTFWn3d\">Audaz y Frutal<\/h4>\n<h5 class=\"heading-4 ace-line old-record-id-JRIyfQiyzdmxCTcxXKaceK33nWg\">Bomba de Cereza<\/h5>\n<div class=\"ace-line ace-line old-record-id-FDahfT1Y1dBFNNcoC9dc7ULqnWh\">\n<p>Sabor a cereza audaz y dulce con un ligero toque. Es intenso y sabroso, perfecto para los vapeadores que aman los sabores de frutas fuertes.<\/p>\n<p><img decoding=\"async\" class=\"wp-image-5359 size-full\" title=\"Sabor de Elf World PB 45000 puff\" src=\"https:\/\/oiovape.com\/wp-content\/uploads\/2026\/01\/Elf-world-PB-45000-puff-flavor-scaled.jpg\" alt=\"Sabor de Elf World PB 45000 puff\" width=\"1167\" height=\"2560\" srcset=\"https:\/\/oiovape.com\/wp-content\/uploads\/2026\/01\/Elf-world-PB-45000-puff-flavor-scaled.jpg 1167w, https:\/\/oiovape.com\/wp-content\/uploads\/2026\/01\/Elf-world-PB-45000-puff-flavor-scaled-150x329.jpg 150w, https:\/\/oiovape.com\/wp-content\/uploads\/2026\/01\/Elf-world-PB-45000-puff-flavor-137x300.jpg 137w, https:\/\/oiovape.com\/wp-content\/uploads\/2026\/01\/Elf-world-PB-45000-puff-flavor-467x1024.jpg 467w, https:\/\/oiovape.com\/wp-content\/uploads\/2026\/01\/Elf-world-PB-45000-puff-flavor-768x1685.jpg 768w, https:\/\/oiovape.com\/wp-content\/uploads\/2026\/01\/Elf-world-PB-45000-puff-flavor-700x1536.jpg 700w, https:\/\/oiovape.com\/wp-content\/uploads\/2026\/01\/Elf-world-PB-45000-puff-flavor-933x2048.jpg 933w, https:\/\/oiovape.com\/wp-content\/uploads\/2026\/01\/Elf-world-PB-45000-puff-flavor-5x12.jpg 5w, https:\/\/oiovape.com\/wp-content\/uploads\/2026\/01\/Elf-world-PB-45000-puff-flavor-1200x2633.jpg 1200w\" sizes=\"(max-width: 1167px) 100vw, 1167px\" \/><\/div>\n<h3 class=\"heading-2 ace-line old-record-id-WnRaf1hAidys7dcCoKfcTJ0znJb\">Caracter\u00edsticas Clave a Primera Vista<\/h3>\n<div>\n<table class=\"ace-table\" data-ace-table-col-widths=\"200;200\">\n<colgroup>\n<col width=\"200\" \/>\n<col width=\"200\" \/><\/colgroup>\n<thead>\n<tr>\n<th colspan=\"1\" rowspan=\"1\">\n<div class=\"ace-line ace-line old-record-id-PEFZfCxj3dSGkgc4jqDcWTv6nYc\">Caracter\u00edstica<\/div>\n<\/th>\n<th colspan=\"1\" rowspan=\"1\">\n<div class=\"ace-line ace-line old-record-id-HGdpfLM8JdBFk6cb9IFccCpinOb\">Detalles<\/div>\n<\/th>\n<\/tr>\n<\/thead>\n<tbody>\n<tr>\n<td colspan=\"1\" rowspan=\"1\">\n<div class=\"ace-line ace-line old-record-id-YQF9fNIoPdTTbocrDgjcjtc8nSh\">Fuerza de Nicotina<\/div>\n<\/td>\n<td colspan=\"1\" rowspan=\"1\">\n<div class=\"ace-line ace-line old-record-id-KGgHfpRSudXYNQcPsDGcHVFBnyc\">Ajustable (Tres Niveles)<\/div>\n<\/td>\n<\/tr>\n<tr>\n<td colspan=\"1\" rowspan=\"1\">\n<div class=\"ace-line ace-line old-record-id-HbU5fJiHbdkQOecDa8WcP41fnMb\">Intensidad de Hielo<\/div>\n<\/td>\n<td colspan=\"1\" rowspan=\"1\">\n<div class=\"ace-line ace-line old-record-id-B4IIfucJndDaH2cSOCucdk3inmh\">Ajustable (Tres Niveles)<\/div>\n<\/td>\n<\/tr>\n<tr>\n<td colspan=\"1\" rowspan=\"1\">\n<div class=\"ace-line ace-line old-record-id-EeYWfICJrdYoy8cmDQOctZoonPg\">Pantalla<\/div>\n<\/td>\n<td colspan=\"1\" rowspan=\"1\">\n<div class=\"ace-line ace-line old-record-id-PcSFflqgedg6kycoISqcc8c2nZe\">Pantalla Completa<\/div>\n<\/td>\n<\/tr>\n<tr>\n<td colspan=\"1\" rowspan=\"1\">\n<div class=\"ace-line ace-line old-record-id-BPoWfyE9rdgxdncMPT3c1yVMnhh\">Flujo de Aire<\/div>\n<\/td>\n<td colspan=\"1\" rowspan=\"1\">\n<div class=\"ace-line ace-line old-record-id-F9WsfVnHkdfmrEcV3MUciLbBnTe\">Personalizable<\/div>\n<\/td>\n<\/tr>\n<tr>\n<td colspan=\"1\" rowspan=\"1\">\n<div class=\"ace-line ace-line old-record-id-R8yXfKzS8dYSdJcyMqqcApaYnyd\">Indicadores<\/div>\n<\/td>\n<td colspan=\"1\" rowspan=\"1\">\n<div class=\"ace-line ace-line old-record-id-MxM2fIdDIdaQdtcTo5LcpPBfnBc\">Indicador de Bater\u00eda y E-l\u00edquido<\/div>\n<\/td>\n<\/tr>\n<tr>\n<td colspan=\"1\" rowspan=\"1\">\n<div class=\"ace-line ace-line old-record-id-YMchfBJhgd3BfacYG1wcWtInnRg\">Capacidad de E-l\u00edquido<\/div>\n<\/td>\n<td colspan=\"1\" rowspan=\"1\">\n<div class=\"ace-line ace-line old-record-id-OYKIfhss2dJ38Gc4s5JcdEMunYe\">20+8ML<\/div>\n<\/td>\n<\/tr>\n<tr>\n<td colspan=\"1\" rowspan=\"1\">\n<div class=\"ace-line ace-line old-record-id-ICRnf4VkJdh6LScanELcL3nYnKd\">Bobina<\/div>\n<\/td>\n<td colspan=\"1\" rowspan=\"1\">\n<div class=\"ace-line ace-line old-record-id-BT4afrb1JdcpxZctzkBcuvNbn1g\">Bobina de Malla Doble<\/div>\n<\/td>\n<\/tr>\n<tr>\n<td colspan=\"1\" rowspan=\"1\">\n<div class=\"ace-line ace-line old-record-id-OmQtfwRL1djojTcTvijcXkjjn6m\">Carga<\/div>\n<\/td>\n<td colspan=\"1\" rowspan=\"1\">\n<div class=\"ace-line ace-line old-record-id-L9SLfgnDYdSvMQcKtwmcSG2NnvW\">Carga Tipo-C<\/div>\n<\/td>\n<\/tr>\n<tr>\n<td colspan=\"1\" rowspan=\"1\">\n<div class=\"ace-line ace-line old-record-id-IWiZfynDmdg0h5cXmTUcnMSZnee\">Bater\u00eda<\/div>\n<\/td>\n<td colspan=\"1\" rowspan=\"1\">\n<div class=\"ace-line ace-line old-record-id-CR5AfaDkIdEUCjcGkf0cwDLbnsb\">Bater\u00eda Integrada de 800mAh<\/div>\n<\/td>\n<\/tr>\n<tr>\n<td colspan=\"1\" rowspan=\"1\">\n<div class=\"ace-line ace-line old-record-id-VG1FfaR36dIrt3cMop3cLsu7nyf\">Puff<\/div>\n<\/td>\n<td colspan=\"1\" rowspan=\"1\">\n<div class=\"ace-line ace-line old-record-id-DSaUfc9d8d3GHRcQBSicM3kKnAb\">45000 Caladas<\/div>\n<\/td>\n<\/tr>\n<\/tbody>\n<\/table>\n<\/div>\n<\/div>\n<\/div>\n<\/div>\n<\/div>\n<\/div>\n<\/div>\n<\/div>\n<\/div>\n<\/div>\n<\/div>\n<\/div>\n<\/div>\n<\/div>\n<\/div>\n<\/div>\n<\/div>\n<\/div>\n<\/div>\n<\/div>\n<\/div>\n<\/div>\n<\/div>\n<\/div>\n<\/div>\n<\/div>\n<\/div>\n<\/div>\n<\/div>\n<\/div>\n<\/div>\n<\/div>\n<\/div>\n<\/div>\n<\/div>\n<\/div>\n<\/div>\n<\/div>\n<\/div>\n<\/div>\n<\/div>\n<\/div>\n<\/div>\n<\/div>\n<\/div>\n<\/div>\n<\/div>\n<\/div>\n<\/div>\n<\/div>\n<\/div>\n<\/div>\n<\/div>\n<\/div>\n<\/div>\n<\/div>\n<\/div>\n<\/div>\n<\/div>\n<\/div>","protected":false},"excerpt":{"rendered":"<div data-page-id=\"RAopf2sw9dtvw4cWYXpcTwo0n8g\" data-lark-html-role=\"root\" data-docx-has-block-data=\"false\">\n<div class=\"ace-line ace-line old-record-id-Uju9f3RXYd8dh2crAJbcBF3Un6M\">Elf World PB 45000 Puffs ofrece 45000 ricas caladas con 10 sabores tentadores, desde Gota de Sand\u00eda \u00c1cida hasta Bomba de Cereza. Cuenta con nicotina ajustable y fuerza de hielo, flujo de aire personalizable, una pantalla completa y carga Type-C. El e-l\u00edquido de 20+8ML y la bobina de malla dual lo convierten en una de las mejores opciones para los vapeadores.<\/div>\n<\/div>","protected":false},"featured_media":5369,"comment_status":"open","ping_status":"closed","template":"","meta":{"_acf_changed":false,"inline_featured_image":false,"_sitemap_exclude":false,"_sitemap_priority":"","_sitemap_frequency":""},"product_brand":[93],"product_cat":[85],"product_tag":[],"class_list":{"0":"post-5356","1":"product","2":"type-product","3":"status-publish","4":"has-post-thumbnail","6":"product_brand-elf-world","7":"product_cat-elf-world-puff","9":"first","10":"instock","11":"sale","12":"shipping-taxable","13":"purchasable","14":"product-type-variable","15":"has-default-attributes"},"acf":[],"tiered_pricing_type":"fixed","tiered_pricing_fixed_rules":{"30":11.46,"60":10.99,"100":9.95,"200":8.79},"tiered_pricing_product_settings":{"layout":"default","base_unit_name":{"singular":null,"plural":null},"default_variation":null},"tiered_pricing_minimum_quantity":10,"tiered_pricing_roles_data":[],"tiered_pricing_percentage_rules":[],"tiered_pricing_maximum_quantity":null,"tiered_pricing_quantity_step":"10","_links":{"self":[{"href":"https:\/\/oiovape.com\/es\/wp-json\/wp\/v2\/product\/5356","targetHints":{"allow":["GET"]}}],"collection":[{"href":"https:\/\/oiovape.com\/es\/wp-json\/wp\/v2\/product"}],"about":[{"href":"https:\/\/oiovape.com\/es\/wp-json\/wp\/v2\/types\/product"}],"replies":[{"embeddable":true,"href":"https:\/\/oiovape.com\/es\/wp-json\/wp\/v2\/comments?post=5356"}],"version-history":[{"count":0,"href":"https:\/\/oiovape.com\/es\/wp-json\/wp\/v2\/product\/5356\/revisions"}],"wp:featuredmedia":[{"embeddable":true,"href":"https:\/\/oiovape.com\/es\/wp-json\/wp\/v2\/media\/5369"}],"wp:attachment":[{"href":"https:\/\/oiovape.com\/es\/wp-json\/wp\/v2\/media?parent=5356"}],"wp:term":[{"taxonomy":"product_brand","embeddable":true,"href":"https:\/\/oiovape.com\/es\/wp-json\/wp\/v2\/product_brand?post=5356"},{"taxonomy":"product_cat","embeddable":true,"href":"https:\/\/oiovape.com\/es\/wp-json\/wp\/v2\/product_cat?post=5356"},{"taxonomy":"product_tag","embeddable":true,"href":"https:\/\/oiovape.com\/es\/wp-json\/wp\/v2\/product_tag?post=5356"}],"curies":[{"name":"wp","href":"https:\/\/api.w.org\/{rel}","templated":true}]}}