{"id":5691,"date":"2026-01-21T07:43:39","date_gmt":"2026-01-21T07:43:39","guid":{"rendered":"https:\/\/oiovape.com\/?post_type=product&#038;p=5691"},"modified":"2026-04-14T15:27:14","modified_gmt":"2026-04-14T07:27:14","slug":"jnr-ragegorilla-55000-puffs","status":"publish","type":"product","link":"https:\/\/oiovape.com\/es\/product\/jnr-ragegorilla-55000-puffs\/","title":{"rendered":"JNR RageGorilla 55000 PUFFS Sistema de Vapeo Desechable con Doble Resistencia de Malla y Pantalla Inteligente"},"content":{"rendered":"<div data-page-id=\"ZVeMfq8uxd7y1ycuKm5cym4LnYd\" data-lark-html-role=\"root\" data-docx-has-block-data=\"false\">\n<div data-page-id=\"Fd41fZ5N9dzRQtcRNoVc2FuDnCh\" data-lark-html-role=\"root\" data-docx-has-block-data=\"true\">\n<div data-page-id=\"BdIJfeeijdk1eucGpS8cDCBBn5c\" data-lark-html-role=\"root\" data-docx-has-block-data=\"false\">\n<div data-page-id=\"Zbg9fWx77dUuh2cIYpic25c8nyd\" data-lark-html-role=\"root\" data-docx-has-block-data=\"false\">\n<div data-page-id=\"KaIvfiurhdlCKdc0kyxcX64cnE6\" data-lark-html-role=\"root\" data-docx-has-block-data=\"true\">\n<div data-page-id=\"PbvFfqxqlddUTScRpEYcY5MHnpf\" data-lark-html-role=\"root\" data-docx-has-block-data=\"true\">\n<div data-page-id=\"GZO2f5JeudwY4jc9iJtcdk9Hnxh\" data-lark-html-role=\"root\" data-docx-has-block-data=\"false\">\n<div data-page-id=\"EZVRf2acFduXLGcseZFc4qH2n6e\" data-lark-html-role=\"root\" data-docx-has-block-data=\"false\">\n<div data-page-id=\"B8rHfcqlqdzmH5cCWCncz17Cntb\" data-lark-html-role=\"root\" data-docx-has-block-data=\"false\">\n<div data-page-id=\"B8rHfcqlqdzmH5cCWCncz17Cntb\" data-lark-html-role=\"root\" data-docx-has-block-data=\"false\">\n<div data-page-id=\"B8rHfcqlqdzmH5cCWCncz17Cntb\" data-lark-html-role=\"root\" data-docx-has-block-data=\"true\">\n<div data-page-id=\"HM70f1aoxdD0bMcxJZBcVc7ynZd\" data-lark-html-role=\"root\" data-docx-has-block-data=\"false\">\n<div data-page-id=\"NSrJfN7Ord22i0c1iwZcsF8yn8b\" data-lark-html-role=\"root\" data-docx-has-block-data=\"false\">\n<div data-page-id=\"RXEff4Mskds8o1cqL5HcGEtUnCh\" data-lark-html-role=\"root\" data-docx-has-block-data=\"false\">\n<div data-page-id=\"KJ7gfqkVndMSRJcMseScmvYwnTc\" data-lark-html-role=\"root\" data-docx-has-block-data=\"false\">\n<div class=\"ace-line ace-line old-record-id-QADAfETPudgmudc05YvcTO5fnxe\">\n<div data-page-id=\"KJ7gfqkVndMSRJcMseScmvYwnTc\" data-lark-html-role=\"root\" data-docx-has-block-data=\"false\">\n<div class=\"ace-line ace-line old-record-id-JoRkfpho8dOkiacEOascDyCOncb\">\n<div data-page-id=\"KJ7gfqkVndMSRJcMseScmvYwnTc\" data-lark-html-role=\"root\" data-docx-has-block-data=\"false\">\n<div data-page-id=\"Ju6ofQ3V4dGmePcVvJvc1gmcnZb\" data-lark-html-role=\"root\" data-docx-has-block-data=\"true\">\n<div data-page-id=\"PR9ife5PLdFabccbFgZcWgZOnTc\" data-lark-html-role=\"root\" data-docx-has-block-data=\"false\">\n<div data-page-id=\"INdrfOIGzdaenXcptrcc1BcznQc\" data-lark-html-role=\"root\" data-docx-has-block-data=\"false\">\n<div class=\"ace-line ace-line old-record-id-P0fIf4YaZdoGkbcxt5ackec2nnb\">\n<div data-page-id=\"INdrfOIGzdaenXcptrcc1BcznQc\" data-lark-html-role=\"root\" data-docx-has-block-data=\"false\">\n<div data-page-id=\"MAzCfUB73dMTQscm8eWcougVn1g\" data-lark-html-role=\"root\" data-docx-has-block-data=\"true\">\n<div data-page-id=\"AXfpf7H1odhDvGcKoUOcErN8nV7\" data-lark-html-role=\"root\" data-docx-has-block-data=\"false\">\n<div data-page-id=\"QYTKf5PvLdUNdbce2nBcW9yfnrh\" data-lark-html-role=\"root\" data-docx-has-block-data=\"false\">\n<div data-page-id=\"Pvu1f1CCBdxbjncA9pgcBTpanph\" data-lark-html-role=\"root\" data-docx-has-block-data=\"true\">\n<div data-page-id=\"Axf3fcmY8dDAhtcjVircBcphnPc\" data-lark-html-role=\"root\" data-docx-has-block-data=\"false\">\n<div data-page-id=\"KKj1f9SPmdLhhMc5E2AcNlLen6f\" data-lark-html-role=\"root\" data-docx-has-block-data=\"true\">\n<div data-page-id=\"Rx61fK1sJdXHjPcBuhZcweNhnwc\" data-lark-html-role=\"root\" data-docx-has-block-data=\"false\">\n<div data-page-id=\"L1H9fkG9Mdz45Fcy4WMc5VKXnRe\" data-lark-html-role=\"root\" data-docx-has-block-data=\"false\">\n<div data-page-id=\"L1H9fkG9Mdz45Fcy4WMc5VKXnRe\" data-lark-html-role=\"root\" data-docx-has-block-data=\"false\">\n<div data-page-id=\"D4XLfVBVrdE8mrcaYizczklLnaf\" data-lark-html-role=\"root\" data-docx-has-block-data=\"false\">\n<div data-page-id=\"WVcifIY44d5mhMcXtyEcTsfenGd\" data-lark-html-role=\"root\" data-docx-has-block-data=\"true\">\n<div data-page-id=\"LRknfa6Whd4DWCcUc0FcNKpJnyh\" data-lark-html-role=\"root\" data-docx-has-block-data=\"false\">\n<div data-page-id=\"LRknfa6Whd4DWCcUc0FcNKpJnyh\" data-lark-html-role=\"root\" data-docx-has-block-data=\"false\">\n<div data-page-id=\"XFRAfkcOEdRWh8cArQ2cJdyRnJf\" data-lark-html-role=\"root\" data-docx-has-block-data=\"true\">\n<div data-page-id=\"OQ3bfjnRddMTDGcC3ouc6xFKnWf\" data-lark-html-role=\"root\" data-docx-has-block-data=\"true\">\n<div data-page-id=\"J0iGfj1hEdjc4rcUdSmc4spMnmZ\" data-lark-html-role=\"root\" data-docx-has-block-data=\"false\">\n<div data-page-id=\"P1o7fFyNlduP8tcfZpQcagzbnIf\" data-lark-html-role=\"root\" data-docx-has-block-data=\"false\">\n<div class=\"ace-line ace-line old-record-id-P1o7fFyNlduP8tcfZpQcagzbnIf\">\n<div data-page-id=\"P1o7fFyNlduP8tcfZpQcagzbnIf\" data-lark-html-role=\"root\" data-docx-has-block-data=\"false\">\n<div data-page-id=\"U4iufW38SdttWKcTstMcTtHRnXc\" data-lark-html-role=\"root\" data-docx-has-block-data=\"true\">\n<div data-page-id=\"ONVMf7VTWddcFtcyATOchCJHnZb\" data-lark-html-role=\"root\" data-docx-has-block-data=\"true\">\n<div data-page-id=\"KoW2fSy0PdLHFlc5kSHcgvWMnYg\" data-lark-html-role=\"root\" data-docx-has-block-data=\"false\">\n<div data-page-id=\"KoW2fSy0PdLHFlc5kSHcgvWMnYg\" data-lark-html-role=\"root\" data-docx-has-block-data=\"false\">\n<div data-page-id=\"OLGhfzxC7d7EFIcLEj9cRT5ynZf\" data-lark-html-role=\"root\" data-docx-has-block-data=\"false\">\n<div data-page-id=\"DdnnfrLjzdqrFIc9Il9c7pA2noc\" data-lark-html-role=\"root\" data-docx-has-block-data=\"true\">\n<div data-page-id=\"KNzcf2o0oddkJOcztTVcqPdlnth\" data-lark-html-role=\"root\" data-docx-has-block-data=\"false\">\n<div data-page-id=\"LBU7fg5SEdkWhecGJoxca3xvnCe\" data-lark-html-role=\"root\" data-docx-has-block-data=\"false\">\n<div data-page-id=\"EB70fooS3d69bMcgWB7c5qb9n8g\" data-lark-html-role=\"root\" data-docx-has-block-data=\"false\">\n<div data-page-id=\"AogwfsZCadB6t0cAvF0cK4JLnvf\" data-lark-html-role=\"root\" data-docx-has-block-data=\"false\">\n<div data-page-id=\"AogwfsZCadB6t0cAvF0cK4JLnvf\" data-lark-html-role=\"root\" data-docx-has-block-data=\"false\">\n<div data-page-id=\"JMZIflNGddQuU0c5JZocSqlvnle\" data-lark-html-role=\"root\" data-docx-has-block-data=\"false\">\n<div data-page-id=\"JMZIflNGddQuU0c5JZocSqlvnle\" data-lark-html-role=\"root\" data-docx-has-block-data=\"true\">\n<div data-page-id=\"HtEafjjRIdPAlMc9zgYcsGy6nOe\" data-lark-html-role=\"root\" data-docx-has-block-data=\"false\">\n<div data-page-id=\"Rhnafz0WTdDeT9c43xxczsbVnJo\" data-lark-html-role=\"root\" data-docx-has-block-data=\"false\">\n<div data-page-id=\"WY0CfKdcTdf4hVcZl67ct5LGncf\" data-lark-html-role=\"root\" data-docx-has-block-data=\"true\">\n<div data-page-id=\"MkB5fF4AVdchovcoPEpc7LqvnOd\" data-lark-html-role=\"root\" data-docx-has-block-data=\"true\">\n<div data-page-id=\"MfbjfZhbhdJdA8cH1dAckqF0n6g\" data-lark-html-role=\"root\" data-docx-has-block-data=\"false\">\n<div class=\"ace-line ace-line old-record-id-W2AHfJLnjd7ugjcRLs1c8BdhnNh\">\n<div data-page-id=\"MfbjfZhbhdJdA8cH1dAckqF0n6g\" data-lark-html-role=\"root\" data-docx-has-block-data=\"false\">\n<div class=\"old-record-id-XXd1feeCZdR2hJc6evocxnh1nOg\">\n<div data-page-id=\"MfbjfZhbhdJdA8cH1dAckqF0n6g\" data-lark-html-role=\"root\" data-docx-has-block-data=\"false\">\n<div data-page-id=\"DE51fYUmxdT3ekcHzc3cGrVQnsc\" data-lark-html-role=\"root\" data-docx-has-block-data=\"false\">\n<div style=\"width: 1920px;\" class=\"wp-video\"><video class=\"wp-video-shortcode\" id=\"video-5691-1\" width=\"1920\" height=\"1080\" preload=\"metadata\" controls=\"controls\"><source type=\"video\/mp4\" src=\"https:\/\/oiovape.com\/wp-content\/uploads\/2026\/04\/JNR-RageGorilla-55K-Video.mp4?_=1\" \/><a href=\"https:\/\/oiovape.com\/wp-content\/uploads\/2026\/04\/JNR-RageGorilla-55K-Video.mp4\">https:\/\/oiovape.com\/wp-content\/uploads\/2026\/04\/JNR-RageGorilla-55K-Video.mp4<\/a><\/video><\/div>\n<h2 data-path-to-node=\"0\">JNR RageGorilla 55000 Puffs Terminal de Vapeo Recargable de Alta Resistencia<\/h2>\n<p data-path-to-node=\"1\">Cuando los dispositivos en el mercado todav\u00eda est\u00e1n jadeando por una vida \u00fatil de diez o veinte mil puffs, \u00bfno deber\u00edamos reexaminar qu\u00e9 significa realmente el \u201clargo plazo\u201d en el sector del hardware de vapeo? Con una capacidad asombrosa de aproximadamente 55000 puffs en un solo dispositivo, el JNR RAGE GORILLA 55K Puffs definitivamente no est\u00e1 jugando un juego de n\u00fameros. M\u00e1s bien, representa el \u00e1pice de la ingenier\u00eda del hardware de inhalaci\u00f3n moderno. Descarta trucos llamativos e in\u00fatiles, actuando en cambio como un conjunto de engranajes industriales precisamente engranados, nacido exclusivamente para ciclos ultra largos, salida de alta intensidad y retroalimentaci\u00f3n del usuario afilada y consistente. Para compradores mayoristas europeos y globales que buscan tasas de post-venta excepcionalmente bajas y alta rotaci\u00f3n, esto no es solo un producto\u2014es una herramienta probada de estabilizaci\u00f3n de la cadena de suministro.<\/p>\n<h2 data-path-to-node=\"2\">Descripci\u00f3n General del Producto y Arquitectura de Ingenier\u00eda Subyacente<\/h2>\n<p data-path-to-node=\"3\">S\u00f3lido como una roca, pero refinado exquisitamente en su estructura. El JNR RageGorilla 55000 Puffs encapsula una celda de energ\u00eda de alto voltaje, un dep\u00f3sito de 42 ml sin fondo y un sistema de pantalla de telemetr\u00eda inteligente\u2014todo sellado dentro de un chasis de policarbonato (PC) moldeado por inyecci\u00f3n de precisi\u00f3n. \u00bfDebemos seguir soportando esos \u201cbienes de consumo de r\u00e1pido movimiento\u201d que muestran advertencias de bater\u00eda baja a mitad de camino y sufren degradaci\u00f3n severa del sabor? El m\u00f3dulo de control del microprocesador interno alojado dentro de este dispositivo monitorea la potencia de salida y las temperaturas centrales a nivel de milisegundos. Cada despertar neum\u00e1tico es como un metr\u00f3nomo precisamente calibrado\u2014constante y lethalmente preciso.<\/p>\n<h3 data-path-to-node=\"4\">Observaci\u00f3n de Ingeniero Geek: El Soporte F\u00edsico para 55000 Puffs<\/h3>\n<p data-path-to-node=\"5\">Exprimir 55,000 puffs de resistencia de un dispositivo port\u00e1til es insensato si conf\u00edas \u00fanicamente en apilar volumen; exige una eficiencia volum\u00e9trica excepcionalmente rigurosa.<\/p>\n<h4 data-path-to-node=\"6\">Aplicaci\u00f3n Hidrodin\u00e1mica de Bobinas de Malla Dual Din\u00e1mica<\/h4>\n<p data-path-to-node=\"7\">Confiando en su canal de l\u00edquido oversized de 42 ml, el JNR RageGorilla 55000 Puffs controla precisamente el consumo f\u00edsico a aproximadamente 0.00076 ml por cada inhalaci\u00f3n est\u00e1ndar de 1.5 segundos. La clave aqu\u00ed radica en la disposici\u00f3n de la matriz avanzada de bobinas de malla dual, que aumenta efectivamente el \u00e1rea de superficie de contacto, alterando as\u00ed el efecto de capa l\u00edmite durante el calentamiento y vaporizaci\u00f3n del fluido.<\/p>\n<h5 data-path-to-node=\"8\">Tratamiento de Degradaci\u00f3n de Residuos de Vaporizaci\u00f3n<\/h5>\n<p data-path-to-node=\"9\">A trav\u00e9s de la matriz de malla dual mencionada anteriormente, el dispositivo extrae cada gota del potencial f\u00edsico del l\u00edquido al m\u00e1ximo absoluto, cortando la ruta de carbonizaci\u00f3n causada por sobrecalentamiento. Esto explica por qu\u00e9, incluso al final de la vida \u00fatil del dispositivo, el sistema puede mantener la eficiencia m\u00e1xima en la curva termodin\u00e1mica, evitando el sabor quemado y los acantilados de salida que afectan prematuramente a los dispositivos tradicionales de un solo cable.<\/p>\n<h2 data-path-to-node=\"10\">Simulaci\u00f3n de Laboratorio Independiente y Soporte de Datos Hardcore<\/h2>\n<p data-path-to-node=\"11\">Si incluso la estabilidad m\u00e1s b\u00e1sica del hardware se convierte en una variable, \u00bfsobre qu\u00e9 bases podemos discutir las tasas de recompra comercial? A diferencia de los dispositivos gen\u00e9ricos que se basan puramente en derivaciones de f\u00f3rmulas te\u00f3ricas, los par\u00e1metros subyacentes del JNR RageGorilla 55K se construyen sobre pruebas implacables y de alta presi\u00f3n de maquinaria de inhalaci\u00f3n estandarizada ISO 20768.<\/p>\n<ul data-path-to-node=\"12\">\n<li>\n<p data-path-to-node=\"12,0,0\"><b data-path-to-node=\"12,0,0\" data-index-in-node=\"0\">Bloqueo de Umbral de Descarga de Bater\u00eda:<\/b> La celda de energ\u00eda de 950mAh empaquetada internamente mantiene una salida constante de 3.6V durante 85% de su ciclo de descarga. Pi\u00e9nsalo como una compuerta autom\u00e1tica en un embalse\u2014sin importar c\u00f3mo fluct\u00fae el nivel de agua aguas arriba, la presi\u00f3n del agua aguas abajo permanece impecablemente consistente.<\/p>\n<\/li>\n<li>\n<p data-path-to-node=\"12,1,0\"><b data-path-to-node=\"12,1,0\" data-index-in-node=\"0\">Control de Disipaci\u00f3n de Carga T\u00e9rmica:<\/b> Las pruebas de activaci\u00f3n continua y de alta frecuencia demuestran que la tasa de disipaci\u00f3n t\u00e9rmica de la arquitectura de malla dual es mucho m\u00e1s alta que el punto cr\u00edtico de carbonizaci\u00f3n del algod\u00f3n de mecha. Incluso en escenarios extremos de vapeo sucesivo, la temperatura de la zona central se bloquea de forma segura muy por debajo de la l\u00ednea roja de degradaci\u00f3n.<\/p>\n<\/li>\n<li>\n<p data-path-to-node=\"12,2,0\"><b data-path-to-node=\"12,2,0\" data-index-in-node=\"0\">Densidad de Pluma de Aerosol:<\/b> Los datos de difracci\u00f3n l\u00e1ser confirman que desde la generaci\u00f3n de la primera pluma de aerosol a nivel de micr\u00f3n hasta la agitaci\u00f3n final del puff n\u00famero 55,000, la desviaci\u00f3n de dispersi\u00f3n del tama\u00f1o de part\u00edcula atomizado es incre\u00edblemente min\u00fascula.<\/p>\n<\/li>\n<\/ul>\n<h2 data-path-to-node=\"13\">Barreras T\u00e9cnicas Centrales y Par\u00e1metros de Fabricaci\u00f3n de Alto Est\u00e1ndar<\/h2>\n<p data-path-to-node=\"14\">Dentro de un taller libre de polvo que se adhiere al sistema de gesti\u00f3n de calidad ISO 9001, cada m\u00e9trica de esta \u201cbestia de rendimiento\u201d apunta directamente a los puntos d\u00e9biles de la distribuci\u00f3n a granel:<\/p>\n<ul data-path-to-node=\"15\">\n<li>\n<p data-path-to-node=\"15,0,0\"><b data-path-to-node=\"15,0,0\" data-index-in-node=\"0\">Equivalente de Rendimiento \u00c9pico de 55K<\/b> \u2014 Termina completamente la ansiedad de bater\u00eda y l\u00edquido de usuarios de alta frecuencia, extendiendo directamente la vida \u00fatil del dispositivo y reduciendo significativamente la frecuencia de reemplazo del consumidor.<\/p>\n<\/li>\n<li>\n<p data-path-to-node=\"15,1,0\"><b data-path-to-node=\"15,1,0\" data-index-in-node=\"0\">Domo de Dep\u00f3sito de L\u00edquido Gigante de 42 ml<\/b> \u2014 Un volumen interno cerrado excepcionalmente raro, proporcionando una base de material indestructible para usuarios intensivos.<\/p>\n<\/li>\n<li>\n<p data-path-to-node=\"15,2,0\"><b data-path-to-node=\"15,2,0\" data-index-in-node=\"0\">Pantalla de Telemetr\u00eda Inteligente a Nivel HUD<\/b> \u2014 Rechaza las conjeturas ciegas. La pantalla animada hologr\u00e1fica proporciona retroalimentaci\u00f3n en tiempo real sobre ca\u00eddas de voltaje y vida \u00fatil restante, haciendo que la recuperaci\u00f3n de informaci\u00f3n sea clara de un vistazo.<\/p>\n<\/li>\n<li>\n<p data-path-to-node=\"15,3,0\"><b data-path-to-node=\"15,3,0\" data-index-in-node=\"0\">Arquitectura de Doble Malla Alternada<\/b> \u2014 Rechaza el calentamiento desigual. Ofrece distribuci\u00f3n t\u00e9rmica completa, bien equilibrada y excepcionalmente uniforme con retroalimentaci\u00f3n.<\/p>\n<\/li>\n<li>\n<p data-path-to-node=\"15,4,0\"><b data-path-to-node=\"15,4,0\" data-index-in-node=\"0\">Celda de Carga R\u00e1pida de 950 mAh (Tipo-C)<\/b> \u2014 El ciclo cerrado perfecto de resistencia y reposici\u00f3n de energ\u00eda. Los chips IC de protecci\u00f3n contra sobrecarga y cortocircuito integrados combinan resistencia de alta potencia con carga r\u00e1pida en tiempos fragmentados.<\/p>\n<\/li>\n<li>\n<p data-path-to-node=\"15,5,0\"><b data-path-to-node=\"15,5,0\" data-index-in-node=\"0\">Niveles de Nicotina de Alta Dimensi\u00f3n<\/b> \u2014 Ofreciendo concentraciones de compuestos activos de 0%, 2% y 5% para apuntar con precisi\u00f3n a las regulaciones estrictas de diferentes regiones y los umbrales sensoriales de demograf\u00edas segmentadas.<\/p>\n<\/li>\n<li>\n<p data-path-to-node=\"15,6,0\"><b data-path-to-node=\"15,6,0\" data-index-in-node=\"0\">Armadura de Policarbonato de Grado Mot\u00edn<\/b> \u2014 Proporciona protecci\u00f3n redundante contra ca\u00eddas f\u00edsicas en entornos minoristas de alta intensidad, eliminando costos exorbitantes de RMA (Autorizaci\u00f3n de Devoluci\u00f3n de Mercanc\u00eda) de ra\u00edz.<\/p>\n<\/li>\n<\/ul>\n<h2 data-path-to-node=\"16\">Competitividad de Mercado: Comparaci\u00f3n de Productos Omnidimensional<\/h2>\n<table data-path-to-node=\"17\">\n<thead>\n<tr>\n<td><strong>Dimensi\u00f3n de Comparaci\u00f3n<\/strong><\/td>\n<td><strong>Referencia de la Industria: JNR RageGorilla 55000 Inhalaciones<\/strong><\/td>\n<td><strong>Dispositivos Gen\u00e9ricos del Mercado de \u201cMuchas Inhalaciones\u201d<\/strong><\/td>\n<\/tr>\n<\/thead>\n<tbody>\n<tr>\n<td><span data-path-to-node=\"17,1,0,0\"><b data-path-to-node=\"17,1,0,0\" data-index-in-node=\"0\">Capacidad F\u00edsica<\/b><\/span><\/td>\n<td><span data-path-to-node=\"17,1,1,0\"><b data-path-to-node=\"17,1,1,0\" data-index-in-node=\"0\">42 ml (Capacidad Verdadera Verificada)<\/b><\/span><\/td>\n<td><span data-path-to-node=\"17,1,2,0\">18 ml \u2013 24 ml (Riesgo de publicidad falsa)<\/span><\/td>\n<\/tr>\n<tr>\n<td><span data-path-to-node=\"17,2,0,0\"><b data-path-to-node=\"17,2,0,0\" data-index-in-node=\"0\">Motor de Energ\u00eda<\/b><\/span><\/td>\n<td><span data-path-to-node=\"17,2,1,0\"><b data-path-to-node=\"17,2,1,0\" data-index-in-node=\"0\">950 mAh (Con chip IC de protecci\u00f3n independiente)<\/b><\/span><\/td>\n<td><span data-path-to-node=\"17,2,2,0\">500 \u2013 650 mAh (Decaimiento de vida \u00fatil extremadamente r\u00e1pido)<\/span><\/td>\n<\/tr>\n<tr>\n<td><span data-path-to-node=\"17,3,0,0\"><b data-path-to-node=\"17,3,0,0\" data-index-in-node=\"0\">Generador T\u00e9rmico<\/b><\/span><\/td>\n<td><span data-path-to-node=\"17,3,1,0\"><b data-path-to-node=\"17,3,1,0\" data-index-in-node=\"0\">Bobina Avanzada de Doble Malla Fluida<\/b><\/span><\/td>\n<td><span data-path-to-node=\"17,3,2,0\">Alambre \u00fanico tradicional \/ Malla \u00fanica barata<\/span><\/td>\n<\/tr>\n<tr>\n<td><span data-path-to-node=\"17,4,0,0\"><b data-path-to-node=\"17,4,0,0\" data-index-in-node=\"0\">Retroalimentaci\u00f3n de Telemetr\u00eda<\/b><\/span><\/td>\n<td><span data-path-to-node=\"17,4,1,0\"><b data-path-to-node=\"17,4,1,0\" data-index-in-node=\"0\">Pantalla LED de Estado Inteligente<\/b><\/span><\/td>\n<td><span data-path-to-node=\"17,4,2,0\">Ninguna \/ Equipada solo con luz indicadora monocrom\u00e1tica<\/span><\/td>\n<\/tr>\n<tr>\n<td><span data-path-to-node=\"17,5,0,0\"><b data-path-to-node=\"17,5,0,0\" data-index-in-node=\"0\">Ciclo de vida<\/b><\/span><\/td>\n<td><span data-path-to-node=\"17,5,1,0\"><b data-path-to-node=\"17,5,1,0\" data-index-in-node=\"0\">Aprox. 55.000 disparadores neum\u00e1ticos<\/b><\/span><\/td>\n<td><span data-path-to-node=\"17,5,2,0\">Desechado despu\u00e9s de 10.000 \u2013 20.000 disparadores<\/span><\/td>\n<\/tr>\n<\/tbody>\n<\/table>\n<h2 data-path-to-node=\"21\">Mapa de perfil arom\u00e1tico (matriz de 20 f\u00f3rmulas de precisi\u00f3n)<\/h2>\n<p data-path-to-node=\"22\">Para captar el tr\u00e1fico de usuarios finales m\u00e1s amplio posible, el JNR RAGEGORILLA 55K est\u00e1 equipado con una matriz sensorial masiva. Cada uno de los sabores a continuaci\u00f3n ha sido sometido a un ajuste profesional de laboratorio anti-degradaci\u00f3n para garantizar que a lo largo de la larga guerra de desgaste de 42 ml, la resoluci\u00f3n del sabor se mantenga tan n\u00edtida como siempre:<\/p>\n<ul data-path-to-node=\"23\">\n<li>\n<p data-path-to-node=\"23,0,0\"><b data-path-to-node=\"23,0,0\" data-index-in-node=\"0\">Zona de hielo y frescor:<\/b> Fresa helada | Ar\u00e1ndano helado | Sand\u00eda helada | Fresa sand\u00eda helada | Kiwi sand\u00eda helada<\/p>\n<\/li>\n<li>\n<p data-path-to-node=\"23,1,0\"><b data-path-to-node=\"23,1,0\" data-index-in-node=\"0\">Zona dulce y bayas:<\/b> Cereza bayas | Bayas mixtas | Ar\u00e1ndano frambuesa cereza | Ar\u00e1ndano frambuesa agria | Melocot\u00f3n blanco Razz<\/p>\n<\/li>\n<li>\n<p data-path-to-node=\"23,2,0\"><b data-path-to-node=\"23,2,0\" data-index-in-node=\"0\">Zona tropical:<\/b> Mango fruta de la pasi\u00f3n | Kiwi pasi\u00f3n guayaba | Melocot\u00f3n mango sand\u00eda | Melocotones jugosos | Fresa pl\u00e1tano | Fresa kiwi<\/p>\n<\/li>\n<li>\n<p data-path-to-node=\"23,3,0\"><b data-path-to-node=\"23,3,0\" data-index-in-node=\"0\">Zona cl\u00e1sica y divertida:<\/b> Cereza cola | Ar\u00e1ndano Razz cereza | Manzana doble | Sand\u00eda chicle<\/p>\n<\/li>\n<\/ul>\n<p><img decoding=\"async\" class=\"alignnone wp-image-5694 size-full\" title=\"P\u00f3ster del cat\u00e1logo JNR RageGorilla 55000 puffs\" src=\"https:\/\/oiovape.com\/wp-content\/uploads\/2026\/01\/JNR-CATALOG-RageGorilla-55000-puffs-poster-scaled.jpg\" alt=\"P\u00f3ster del cat\u00e1logo JNR RageGorilla 55000 puffs\" width=\"2560\" height=\"1440\" srcset=\"https:\/\/oiovape.com\/wp-content\/uploads\/2026\/01\/JNR-CATALOG-RageGorilla-55000-puffs-poster-scaled.jpg 2560w, https:\/\/oiovape.com\/wp-content\/uploads\/2026\/01\/JNR-CATALOG-RageGorilla-55000-puffs-poster-scaled-150x84.jpg 150w, https:\/\/oiovape.com\/wp-content\/uploads\/2026\/01\/JNR-CATALOG-RageGorilla-55000-puffs-poster-scaled-1200x675.jpg 1200w, https:\/\/oiovape.com\/wp-content\/uploads\/2026\/01\/JNR-CATALOG-RageGorilla-55000-puffs-poster-300x169.jpg 300w, https:\/\/oiovape.com\/wp-content\/uploads\/2026\/01\/JNR-CATALOG-RageGorilla-55000-puffs-poster-1024x576.jpg 1024w, https:\/\/oiovape.com\/wp-content\/uploads\/2026\/01\/JNR-CATALOG-RageGorilla-55000-puffs-poster-768x432.jpg 768w, https:\/\/oiovape.com\/wp-content\/uploads\/2026\/01\/JNR-CATALOG-RageGorilla-55000-puffs-poster-1536x864.jpg 1536w, https:\/\/oiovape.com\/wp-content\/uploads\/2026\/01\/JNR-CATALOG-RageGorilla-55000-puffs-poster-2048x1152.jpg 2048w, https:\/\/oiovape.com\/wp-content\/uploads\/2026\/01\/JNR-CATALOG-RageGorilla-55000-puffs-poster-18x10.jpg 18w\" sizes=\"(max-width: 2560px) 100vw, 2560px\" \/><\/p>\n<h2 data-path-to-node=\"24\">Autoridad de mercado: Reconstruyendo su cadena de suministro de productos de vapeo pesado<\/h2>\n<p data-path-to-node=\"25\">En este mercado gris inundado de dinero malo que expulsa el dinero bueno, el recurso m\u00e1s escaso para los compradores no es solo el producto, sino la \u201ccerteza\u201d.\u201d<\/p>\n<p data-path-to-node=\"26\">Cuando integra el JNR RageGorilla 55000 caladas en sus estantes o red de distribuci\u00f3n, no solo est\u00e1 comprando un mont\u00f3n de pl\u00e1stico y bater\u00edas; est\u00e1 adquiriendo un sistema de ganancias estable inmune al tormento de problemas de servicio posventa de alta frecuencia. Confiando en un control de calidad estricto desde la f\u00e1brica de origen y par\u00e1metros de empaque log\u00edstico transparentes (desde el peso preciso en gramos de un paquete individual de 149,72 g hasta el volumen de 16,40 kg de un cart\u00f3n maestro de 100 piezas), asistiremos a empresas mayoristas, agentes regionales e incluso minoristas boutique en la construcci\u00f3n de un foso de producto indestructible. Abandone esos sustitutos baratos que requieren disculpas constantes a sus clientes, y use rigor de grado industrial para apoderarse de este enorme mercado azul sin explotar.<\/p>\n<\/div>\n<\/div>\n<\/div>\n<\/div>\n<\/div>\n<\/div>\n<\/div>\n<\/div>\n<\/div>\n<\/div>\n<\/div>\n<\/div>\n<\/div>\n<\/div>\n<\/div>\n<\/div>\n<\/div>\n<\/div>\n<\/div>\n<\/div>\n<\/div>\n<\/div>\n<\/div>\n<\/div>\n<\/div>\n<\/div>\n<\/div>\n<\/div>\n<\/div>\n<\/div>\n<\/div>\n<\/div>\n<\/div>\n<\/div>\n<\/div>\n<\/div>\n<\/div>\n<\/div>\n<\/div>\n<\/div>\n<\/div>\n<\/div>\n<\/div>\n<\/div>\n<\/div>\n<\/div>\n<\/div>\n<\/div>\n<\/div>\n<\/div>\n<\/div>\n<\/div>\n<\/div>\n<\/div>\n<\/div>\n<\/div>\n<\/div>\n<\/div>\n<\/div>\n<\/div>\n<\/div>\n<\/div>\n<\/div>\n<\/div>\n<\/div>\n<\/div>","protected":false},"excerpt":{"rendered":"<div data-page-id=\"RAopf2sw9dtvw4cWYXpcTwo0n8g\" data-lark-html-role=\"root\" data-docx-has-block-data=\"false\">\n<div class=\"ace-line ace-line old-record-id-Uju9f3RXYd8dh2crAJbcBF3Un6M\">JNR RageGorilla 55000 Puffs se centra en la conveniencia a largo plazo y la estabilidad del sabor. Con una capacidad prellenada de 42 ml, bobina de malla dual y suaves sales de nicotina 2%, ofrece vapor consistente, sabor claro y un uso diario f\u00e1cil sin botones ni configuraciones complicadas.<\/div>\n<\/div>","protected":false},"featured_media":5704,"comment_status":"open","ping_status":"closed","template":"","meta":{"_acf_changed":false,"inline_featured_image":false,"_sitemap_exclude":false,"_sitemap_priority":"","_sitemap_frequency":""},"product_brand":[88],"product_cat":[77],"product_tag":[],"class_list":{"0":"post-5691","1":"product","2":"type-product","3":"status-publish","4":"has-post-thumbnail","6":"product_brand-jnr","7":"product_cat-jnr-puff","9":"first","10":"instock","11":"sale","12":"shipping-taxable","13":"purchasable","14":"product-type-variable","15":"has-default-attributes"},"acf":[],"tiered_pricing_type":"fixed","tiered_pricing_fixed_rules":{"30":9.62,"60":8.66,"100":7.45,"200":6.88},"tiered_pricing_product_settings":{"layout":"default","base_unit_name":{"singular":null,"plural":null},"default_variation":null},"tiered_pricing_minimum_quantity":10,"tiered_pricing_roles_data":[],"tiered_pricing_percentage_rules":[],"tiered_pricing_maximum_quantity":null,"tiered_pricing_quantity_step":"10","_links":{"self":[{"href":"https:\/\/oiovape.com\/es\/wp-json\/wp\/v2\/product\/5691","targetHints":{"allow":["GET"]}}],"collection":[{"href":"https:\/\/oiovape.com\/es\/wp-json\/wp\/v2\/product"}],"about":[{"href":"https:\/\/oiovape.com\/es\/wp-json\/wp\/v2\/types\/product"}],"replies":[{"embeddable":true,"href":"https:\/\/oiovape.com\/es\/wp-json\/wp\/v2\/comments?post=5691"}],"version-history":[{"count":2,"href":"https:\/\/oiovape.com\/es\/wp-json\/wp\/v2\/product\/5691\/revisions"}],"predecessor-version":[{"id":8324,"href":"https:\/\/oiovape.com\/es\/wp-json\/wp\/v2\/product\/5691\/revisions\/8324"}],"wp:featuredmedia":[{"embeddable":true,"href":"https:\/\/oiovape.com\/es\/wp-json\/wp\/v2\/media\/5704"}],"wp:attachment":[{"href":"https:\/\/oiovape.com\/es\/wp-json\/wp\/v2\/media?parent=5691"}],"wp:term":[{"taxonomy":"product_brand","embeddable":true,"href":"https:\/\/oiovape.com\/es\/wp-json\/wp\/v2\/product_brand?post=5691"},{"taxonomy":"product_cat","embeddable":true,"href":"https:\/\/oiovape.com\/es\/wp-json\/wp\/v2\/product_cat?post=5691"},{"taxonomy":"product_tag","embeddable":true,"href":"https:\/\/oiovape.com\/es\/wp-json\/wp\/v2\/product_tag?post=5691"}],"curies":[{"name":"wp","href":"https:\/\/api.w.org\/{rel}","templated":true}]}}