{"id":5796,"date":"2026-01-22T11:12:33","date_gmt":"2026-01-22T03:12:33","guid":{"rendered":"https:\/\/oiovape.com\/?post_type=product&#038;p=5796"},"modified":"2026-04-14T17:37:14","modified_gmt":"2026-04-14T09:37:14","slug":"jnr-quads-4-in-1-120000-puffs","status":"publish","type":"product","link":"https:\/\/oiovape.com\/es\/product\/jnr-quads-4-in-1-120000-puffs\/","title":{"rendered":"JNR Quads 4 en 1 120000 PUFFS Pantalla Inteligente Vaporizador Desechable con Bobina de Malla Cu\u00e1druple"},"content":{"rendered":"<div data-page-id=\"ZVeMfq8uxd7y1ycuKm5cym4LnYd\" data-lark-html-role=\"root\" data-docx-has-block-data=\"false\">\n<div data-page-id=\"Fd41fZ5N9dzRQtcRNoVc2FuDnCh\" data-lark-html-role=\"root\" data-docx-has-block-data=\"true\">\n<div data-page-id=\"BdIJfeeijdk1eucGpS8cDCBBn5c\" data-lark-html-role=\"root\" data-docx-has-block-data=\"false\">\n<div data-page-id=\"Zbg9fWx77dUuh2cIYpic25c8nyd\" data-lark-html-role=\"root\" data-docx-has-block-data=\"false\">\n<div data-page-id=\"KaIvfiurhdlCKdc0kyxcX64cnE6\" data-lark-html-role=\"root\" data-docx-has-block-data=\"true\">\n<div data-page-id=\"PbvFfqxqlddUTScRpEYcY5MHnpf\" data-lark-html-role=\"root\" data-docx-has-block-data=\"true\">\n<div data-page-id=\"GZO2f5JeudwY4jc9iJtcdk9Hnxh\" data-lark-html-role=\"root\" data-docx-has-block-data=\"false\">\n<div data-page-id=\"EZVRf2acFduXLGcseZFc4qH2n6e\" data-lark-html-role=\"root\" data-docx-has-block-data=\"false\">\n<div data-page-id=\"B8rHfcqlqdzmH5cCWCncz17Cntb\" data-lark-html-role=\"root\" data-docx-has-block-data=\"false\">\n<div data-page-id=\"B8rHfcqlqdzmH5cCWCncz17Cntb\" data-lark-html-role=\"root\" data-docx-has-block-data=\"false\">\n<div data-page-id=\"B8rHfcqlqdzmH5cCWCncz17Cntb\" data-lark-html-role=\"root\" data-docx-has-block-data=\"true\">\n<div data-page-id=\"HM70f1aoxdD0bMcxJZBcVc7ynZd\" data-lark-html-role=\"root\" data-docx-has-block-data=\"false\">\n<div data-page-id=\"NSrJfN7Ord22i0c1iwZcsF8yn8b\" data-lark-html-role=\"root\" data-docx-has-block-data=\"false\">\n<div data-page-id=\"RXEff4Mskds8o1cqL5HcGEtUnCh\" data-lark-html-role=\"root\" data-docx-has-block-data=\"false\">\n<div data-page-id=\"KJ7gfqkVndMSRJcMseScmvYwnTc\" data-lark-html-role=\"root\" data-docx-has-block-data=\"false\">\n<div class=\"ace-line ace-line old-record-id-QADAfETPudgmudc05YvcTO5fnxe\">\n<div data-page-id=\"KJ7gfqkVndMSRJcMseScmvYwnTc\" data-lark-html-role=\"root\" data-docx-has-block-data=\"false\">\n<div class=\"ace-line ace-line old-record-id-JoRkfpho8dOkiacEOascDyCOncb\">\n<div data-page-id=\"KJ7gfqkVndMSRJcMseScmvYwnTc\" data-lark-html-role=\"root\" data-docx-has-block-data=\"false\">\n<div data-page-id=\"Ju6ofQ3V4dGmePcVvJvc1gmcnZb\" data-lark-html-role=\"root\" data-docx-has-block-data=\"true\">\n<div data-page-id=\"PR9ife5PLdFabccbFgZcWgZOnTc\" data-lark-html-role=\"root\" data-docx-has-block-data=\"false\">\n<div data-page-id=\"INdrfOIGzdaenXcptrcc1BcznQc\" data-lark-html-role=\"root\" data-docx-has-block-data=\"false\">\n<div class=\"ace-line ace-line old-record-id-P0fIf4YaZdoGkbcxt5ackec2nnb\">\n<div data-page-id=\"INdrfOIGzdaenXcptrcc1BcznQc\" data-lark-html-role=\"root\" data-docx-has-block-data=\"false\">\n<div data-page-id=\"MAzCfUB73dMTQscm8eWcougVn1g\" data-lark-html-role=\"root\" data-docx-has-block-data=\"true\">\n<div data-page-id=\"AXfpf7H1odhDvGcKoUOcErN8nV7\" data-lark-html-role=\"root\" data-docx-has-block-data=\"false\">\n<div data-page-id=\"QYTKf5PvLdUNdbce2nBcW9yfnrh\" data-lark-html-role=\"root\" data-docx-has-block-data=\"false\">\n<div data-page-id=\"Pvu1f1CCBdxbjncA9pgcBTpanph\" data-lark-html-role=\"root\" data-docx-has-block-data=\"true\">\n<div data-page-id=\"Axf3fcmY8dDAhtcjVircBcphnPc\" data-lark-html-role=\"root\" data-docx-has-block-data=\"false\">\n<div data-page-id=\"KKj1f9SPmdLhhMc5E2AcNlLen6f\" data-lark-html-role=\"root\" data-docx-has-block-data=\"true\">\n<div data-page-id=\"Rx61fK1sJdXHjPcBuhZcweNhnwc\" data-lark-html-role=\"root\" data-docx-has-block-data=\"false\">\n<div data-page-id=\"L1H9fkG9Mdz45Fcy4WMc5VKXnRe\" data-lark-html-role=\"root\" data-docx-has-block-data=\"false\">\n<div data-page-id=\"L1H9fkG9Mdz45Fcy4WMc5VKXnRe\" data-lark-html-role=\"root\" data-docx-has-block-data=\"false\">\n<div data-page-id=\"D4XLfVBVrdE8mrcaYizczklLnaf\" data-lark-html-role=\"root\" data-docx-has-block-data=\"false\">\n<div data-page-id=\"WVcifIY44d5mhMcXtyEcTsfenGd\" data-lark-html-role=\"root\" data-docx-has-block-data=\"true\">\n<div data-page-id=\"LRknfa6Whd4DWCcUc0FcNKpJnyh\" data-lark-html-role=\"root\" data-docx-has-block-data=\"false\">\n<div data-page-id=\"LRknfa6Whd4DWCcUc0FcNKpJnyh\" data-lark-html-role=\"root\" data-docx-has-block-data=\"false\">\n<div data-page-id=\"XFRAfkcOEdRWh8cArQ2cJdyRnJf\" data-lark-html-role=\"root\" data-docx-has-block-data=\"true\">\n<div data-page-id=\"OQ3bfjnRddMTDGcC3ouc6xFKnWf\" data-lark-html-role=\"root\" data-docx-has-block-data=\"true\">\n<div data-page-id=\"J0iGfj1hEdjc4rcUdSmc4spMnmZ\" data-lark-html-role=\"root\" data-docx-has-block-data=\"false\">\n<div data-page-id=\"P1o7fFyNlduP8tcfZpQcagzbnIf\" data-lark-html-role=\"root\" data-docx-has-block-data=\"false\">\n<div class=\"ace-line ace-line old-record-id-P1o7fFyNlduP8tcfZpQcagzbnIf\">\n<div data-page-id=\"P1o7fFyNlduP8tcfZpQcagzbnIf\" data-lark-html-role=\"root\" data-docx-has-block-data=\"false\">\n<div data-page-id=\"U4iufW38SdttWKcTstMcTtHRnXc\" data-lark-html-role=\"root\" data-docx-has-block-data=\"true\">\n<div data-page-id=\"ONVMf7VTWddcFtcyATOchCJHnZb\" data-lark-html-role=\"root\" data-docx-has-block-data=\"true\">\n<div data-page-id=\"KoW2fSy0PdLHFlc5kSHcgvWMnYg\" data-lark-html-role=\"root\" data-docx-has-block-data=\"false\">\n<div data-page-id=\"KoW2fSy0PdLHFlc5kSHcgvWMnYg\" data-lark-html-role=\"root\" data-docx-has-block-data=\"false\">\n<div data-page-id=\"OLGhfzxC7d7EFIcLEj9cRT5ynZf\" data-lark-html-role=\"root\" data-docx-has-block-data=\"false\">\n<div data-page-id=\"DdnnfrLjzdqrFIc9Il9c7pA2noc\" data-lark-html-role=\"root\" data-docx-has-block-data=\"true\">\n<div data-page-id=\"KNzcf2o0oddkJOcztTVcqPdlnth\" data-lark-html-role=\"root\" data-docx-has-block-data=\"false\">\n<div data-page-id=\"LBU7fg5SEdkWhecGJoxca3xvnCe\" data-lark-html-role=\"root\" data-docx-has-block-data=\"false\">\n<div data-page-id=\"EB70fooS3d69bMcgWB7c5qb9n8g\" data-lark-html-role=\"root\" data-docx-has-block-data=\"false\">\n<div data-page-id=\"AogwfsZCadB6t0cAvF0cK4JLnvf\" data-lark-html-role=\"root\" data-docx-has-block-data=\"false\">\n<div data-page-id=\"AogwfsZCadB6t0cAvF0cK4JLnvf\" data-lark-html-role=\"root\" data-docx-has-block-data=\"false\">\n<div data-page-id=\"JMZIflNGddQuU0c5JZocSqlvnle\" data-lark-html-role=\"root\" data-docx-has-block-data=\"false\">\n<div data-page-id=\"JMZIflNGddQuU0c5JZocSqlvnle\" data-lark-html-role=\"root\" data-docx-has-block-data=\"true\">\n<div data-page-id=\"HtEafjjRIdPAlMc9zgYcsGy6nOe\" data-lark-html-role=\"root\" data-docx-has-block-data=\"false\">\n<div data-page-id=\"Rhnafz0WTdDeT9c43xxczsbVnJo\" data-lark-html-role=\"root\" data-docx-has-block-data=\"false\">\n<div data-page-id=\"WY0CfKdcTdf4hVcZl67ct5LGncf\" data-lark-html-role=\"root\" data-docx-has-block-data=\"true\">\n<div data-page-id=\"MkB5fF4AVdchovcoPEpc7LqvnOd\" data-lark-html-role=\"root\" data-docx-has-block-data=\"true\">\n<div data-page-id=\"MfbjfZhbhdJdA8cH1dAckqF0n6g\" data-lark-html-role=\"root\" data-docx-has-block-data=\"false\">\n<div class=\"ace-line ace-line old-record-id-W2AHfJLnjd7ugjcRLs1c8BdhnNh\">\n<div data-page-id=\"MfbjfZhbhdJdA8cH1dAckqF0n6g\" data-lark-html-role=\"root\" data-docx-has-block-data=\"false\">\n<div class=\"old-record-id-XXd1feeCZdR2hJc6evocxnh1nOg\">\n<div data-page-id=\"MfbjfZhbhdJdA8cH1dAckqF0n6g\" data-lark-html-role=\"root\" data-docx-has-block-data=\"false\">\n<div data-page-id=\"DE51fYUmxdT3ekcHzc3cGrVQnsc\" data-lark-html-role=\"root\" data-docx-has-block-data=\"false\">\n<div data-page-id=\"YSKdfaZ08dRej3ci5CccQBuOncc\" data-lark-html-role=\"root\" data-docx-has-block-data=\"true\">\n<div data-page-id=\"K6mofQmledamEFcgp1EcVobmnYd\" data-lark-html-role=\"root\" data-docx-has-block-data=\"false\">\n<h2 data-path-to-node=\"0\">JNR QUADS 4 en 1 120000 Caladas Vape Desechable<\/h2>\n<p data-path-to-node=\"1\">\u00bfAlguna vez sentiste que tus papilas gustativas est\u00e1n atrapadas en una relaci\u00f3n tediosa y mon\u00f3gama con un \u00fanico sabor de vape? \u00bfPor qu\u00e9 comprometerse con solo una vibra cuando puedes llevar un men\u00fa completo en tu bolsillo? Experimenta la bestia definitiva de cambio de sabor con el JNR Quads 4en1 120K Caladas. Ofreciendo un asombroso e in\u00e9dito de 120000 caladas en cuatro perfiles de sabor distintos en un solo dispositivo, esto no es solo un vape\u2014es un parque de diversiones de bolsillo para tus sentidos. \ud83c\udf53\u2728<\/p>\n<p><img decoding=\"async\" class=\"alignnone wp-image-5818 size-full\" title=\"JNR Quads Sabor 4 en 1 120k Cartel Detalle\" src=\"https:\/\/oiovape.com\/wp-content\/uploads\/2026\/01\/JNR-Quads-Flavor-4-in-1-120k-Detail-Poster-scaled.jpg\" alt=\"JNR Quads Sabor 4 en 1 120k Cartel Detalle\" width=\"2560\" height=\"1440\" srcset=\"https:\/\/oiovape.com\/wp-content\/uploads\/2026\/01\/JNR-Quads-Flavor-4-in-1-120k-Detail-Poster-scaled.jpg 2560w, https:\/\/oiovape.com\/wp-content\/uploads\/2026\/01\/JNR-Quads-Flavor-4-in-1-120k-Detail-Poster-scaled-150x84.jpg 150w, https:\/\/oiovape.com\/wp-content\/uploads\/2026\/01\/JNR-Quads-Flavor-4-in-1-120k-Detail-Poster-scaled-1200x675.jpg 1200w, https:\/\/oiovape.com\/wp-content\/uploads\/2026\/01\/JNR-Quads-Flavor-4-in-1-120k-Detail-Poster-300x169.jpg 300w, https:\/\/oiovape.com\/wp-content\/uploads\/2026\/01\/JNR-Quads-Flavor-4-in-1-120k-Detail-Poster-1024x576.jpg 1024w, https:\/\/oiovape.com\/wp-content\/uploads\/2026\/01\/JNR-Quads-Flavor-4-in-1-120k-Detail-Poster-768x432.jpg 768w, https:\/\/oiovape.com\/wp-content\/uploads\/2026\/01\/JNR-Quads-Flavor-4-in-1-120k-Detail-Poster-1536x864.jpg 1536w, https:\/\/oiovape.com\/wp-content\/uploads\/2026\/01\/JNR-Quads-Flavor-4-in-1-120k-Detail-Poster-2048x1152.jpg 2048w, https:\/\/oiovape.com\/wp-content\/uploads\/2026\/01\/JNR-Quads-Flavor-4-in-1-120k-Detail-Poster-18x10.jpg 18w\" sizes=\"(max-width: 2560px) 100vw, 2560px\" \/><\/p>\n<h2 data-path-to-node=\"2\">La Arquitectura del Disfrute: An\u00e1lisis Profundo de Caracter\u00edsticas<\/h2>\n<h3 data-path-to-node=\"3\">\ud83d\udca1 Innovaci\u00f3n: El Carrusel de Sabor 4 en 1<\/h3>\n<p data-path-to-node=\"4\">Piensa en la boquilla giratoria como el plato giratorio de un DJ, pero en lugar de girar vinilos, est\u00e1s alineando sin problemas tu pr\u00f3xima experiencia sensorial. Ya no est\u00e1s reh\u00e9n de la fatiga de sabor. Con un simple y satisfactorio giro de la parte superior, te deslizas entre cuatro tanques masivos e independientes (4x15ml). \u00bfF\u00e1cil? Absolutamente.<\/p>\n<h4 data-path-to-node=\"5\">\ud83d\udcf1 El Centro de Control: Monitoreo de Pantalla Inteligente<\/h4>\n<p data-path-to-node=\"6\">\u00bfA qui\u00e9n le gusta jugar a la ruleta de \u201cadivina la duraci\u00f3n de la bater\u00eda\u201d justo antes de una noche de diversi\u00f3n? A nadie. Mantente completamente informado con una pantalla inteligente n\u00edtida y en tiempo real. Act\u00faa como un panel de control en miniatura, proporcionando retroalimentaci\u00f3n instant\u00e1nea y de alta definici\u00f3n sobre tus niveles de energ\u00eda y capacidad de l\u00edquido electr\u00f3nico. Sin m\u00e1s caladas secas, y sin m\u00e1s muertes de bater\u00eda repentinas y tr\u00e1gicas. Siempre est\u00e1s al volante.<\/p>\n<h5 data-path-to-node=\"7\">\ud83c\udf00 El Motor: Tecnolog\u00eda de Bobina Mesh Cu\u00e1druple<\/h5>\n<p data-path-to-node=\"8\">En lugar de un \u00fanico solista luchando por mantener la melod\u00eda, el JNR Quads 4 en 1 120000 Caladas utiliza un cuarteto de barber\u00eda de elementos calefactores. El sistema de Bobina Mesh Cu\u00e1druple funciona en perfecta armon\u00eda t\u00e9rmica para entregar vapor incre\u00edblemente denso y perfiles de sabor ultra ricos. Desde el primer calada hasta tu calada n\u00famero 120,000, la fidelidad del sabor permanece violentamente precisa. A\u00f1ade el agarre ergon\u00f3mico dise\u00f1ado para adaptarse a tu palma, y una bater\u00eda de 1000mAh sin compromisos, y tienes una obra maestra de resistencia diaria.<\/p>\n<h2 data-path-to-node=\"10\">\ud83c\udfa8 Selecci\u00f3n de Sabores Disponibles<\/h2>\n<ol start=\"1\" data-path-to-node=\"11\">\n<li>\n<p data-path-to-node=\"11,0,0\">Duraznos de Verano + Fresa Hielo + Sand\u00eda Hielo + Hielo Negro<\/p>\n<\/li>\n<li>\n<p data-path-to-node=\"11,1,0\">Bayas Mixtas + Ar\u00e1ndano Cereza Ar\u00e1ndano Rojo + Ar\u00e1ndano Frambuesa Agria + Cereza Bayas<\/p>\n<\/li>\n<li>\n<p data-path-to-node=\"11,2,0\">Maracuy\u00e1 Kiwi + Durazno Mango Pi\u00f1a + Fresa Kiwi + Ar\u00e1ndano Kiwi<\/p>\n<\/li>\n<li>\n<p data-path-to-node=\"11,3,0\">Kiwi Sand\u00eda Hielo + Fresa Sand\u00eda Hielo + Drag\u00f3n Negro Hielo + Fresa Kiwi<\/p>\n<\/li>\n<li>\n<p data-path-to-node=\"11,4,0\">Frambuesa Naranja + Ar\u00e1ndano Frambuesa Agria + JNR VC Boost + JNR Ponche Rojo<\/p>\n<\/li>\n<li>\n<p data-path-to-node=\"11,5,0\">Manzana Doble + Mel\u00f3n Triple + Sand\u00eda Chicle + Fresa Pl\u00e1tano<\/p>\n<\/li>\n<li>\n<p data-path-to-node=\"11,6,0\">Frambuesa Azul Cereza + Frambuesa Azul Hielo + Hielo Negro + Fresa Hielo<\/p>\n<\/li>\n<li>\n<p data-path-to-node=\"11,7,0\">Durazno Mango Pi\u00f1a + Maracuy\u00e1 Kiwi + Cola Hielo + Duraznos de Verano<\/p>\n<\/li>\n<li>\n<p data-path-to-node=\"11,8,0\">Sangre de Tigre + Maracuy\u00e1 Kiwi + Manzana Doble + Fizzy Cola Cereza<\/p>\n<\/li>\n<li>\n<p data-path-to-node=\"11,9,0\">Sand\u00eda Hielo + Mel\u00f3n Triple + Fresa Sand\u00eda Hielo + Kiwi Sand\u00eda Hielo<\/p>\n<\/li>\n<\/ol>\n<h2 data-path-to-node=\"13\">\ud83d\udcca An\u00e1lisis de Especificaciones T\u00e9cnicas<\/h2>\n<table data-path-to-node=\"14\">\n<thead>\n<tr>\n<td><strong>Caracter\u00edstica<\/strong><\/td>\n<td><strong>JNR QUADS 4 en 1 120000 Caladas<\/strong><\/td>\n<\/tr>\n<\/thead>\n<tbody>\n<tr>\n<td><span data-path-to-node=\"14,1,0,0\"><b data-path-to-node=\"14,1,0,0\" data-index-in-node=\"0\">Capacidad de Caladas<\/b><\/span><\/td>\n<td><span data-path-to-node=\"14,1,1,0\">Hasta 120000 Caladas (Variedad Definitiva)<\/span><\/td>\n<\/tr>\n<tr>\n<td><span data-path-to-node=\"14,2,0,0\"><b data-path-to-node=\"14,2,0,0\" data-index-in-node=\"0\">Capacidad de E-L\u00edquido<\/b><\/span><\/td>\n<td><span data-path-to-node=\"14,2,1,0\">60ml Total (4 x 15ml Tanques Independientes)<\/span><\/td>\n<\/tr>\n<tr>\n<td><span data-path-to-node=\"14,3,0,0\"><b data-path-to-node=\"14,3,0,0\" data-index-in-node=\"0\">Sistema de Tanque<\/b><\/span><\/td>\n<td><span data-path-to-node=\"14,3,1,0\">Mecanismo de Rotaci\u00f3n Continua 4 en 1<\/span><\/td>\n<\/tr>\n<tr>\n<td><span data-path-to-node=\"14,4,0,0\"><b data-path-to-node=\"14,4,0,0\" data-index-in-node=\"0\">Tecnolog\u00eda de Bobina<\/b><\/span><\/td>\n<td><span data-path-to-node=\"14,4,1,0\">Bobina de Malla Cu\u00e1druple de Alto Rendimiento<\/span><\/td>\n<\/tr>\n<tr>\n<td><span data-path-to-node=\"14,5,0,0\"><b data-path-to-node=\"14,5,0,0\" data-index-in-node=\"0\">Monitoreo<\/b><\/span><\/td>\n<td><span data-path-to-node=\"14,5,1,0\">Pantalla Digital Inteligente (Bater\u00eda y L\u00edquido)<\/span><\/td>\n<\/tr>\n<tr>\n<td><span data-path-to-node=\"14,6,0,0\"><b data-path-to-node=\"14,6,0,0\" data-index-in-node=\"0\">Bater\u00eda y Carga<\/b><\/span><\/td>\n<td><span data-path-to-node=\"14,6,1,0\">Robusto Puerto de Carga R\u00e1pida 1000mAh \/ Type-C<\/span><\/td>\n<\/tr>\n<tr>\n<td><span data-path-to-node=\"14,7,0,0\"><b data-path-to-node=\"14,7,0,0\" data-index-in-node=\"0\">Fuerza de Nicotina<\/b><\/span><\/td>\n<td><span data-path-to-node=\"14,7,1,0\">: Una opci\u00f3n suave, que ronda<\/span><\/td>\n<\/tr>\n<\/tbody>\n<\/table>\n<div style=\"width: 1920px;\" class=\"wp-video\"><video class=\"wp-video-shortcode\" id=\"video-5796-1\" width=\"1920\" height=\"1080\" preload=\"metadata\" controls=\"controls\"><source type=\"video\/mp4\" src=\"https:\/\/oiovape.com\/wp-content\/uploads\/2026\/04\/JNR-Quads-4-in-1-120K-Video.mp4?_=1\" \/><a href=\"https:\/\/oiovape.com\/wp-content\/uploads\/2026\/04\/JNR-Quads-4-in-1-120K-Video.mp4\">https:\/\/oiovape.com\/wp-content\/uploads\/2026\/04\/JNR-Quads-4-in-1-120K-Video.mp4<\/a><\/video><\/div>\n<h2 data-path-to-node=\"16\">JNR Quads 4 en 1 120000 Caladas \u2013 Preguntas Frecuentes \ud83d\ude4b\u200d\u2640\ufe0f<\/h2>\n<p data-path-to-node=\"17\"><b data-path-to-node=\"17\" data-index-in-node=\"0\">P: \u00bfEs complicado cambiar entre sabores?<\/b><\/p>\n<p data-path-to-node=\"17\"><b data-path-to-node=\"17\" data-index-in-node=\"42\">R:<\/b> \u00a1Para nada! El mecanismo es completamente continuo. Simplemente gira el componente de la boquilla hasta que sientas un clic satisfactorio; esto alinea perfectamente el nuevo dep\u00f3sito de sabor con la bobina. Sin botones, sin navegar por men\u00fas de configuraci\u00f3n\u2014solo un cambio de sabor instant\u00e1neo bajo demanda.<\/p>\n<p data-path-to-node=\"18\"><b data-path-to-node=\"18\" data-index-in-node=\"0\">P: \u00bfC\u00f3mo es posible que un \u00fanico dispositivo dure 120000 caladas?<\/b><\/p>\n<p data-path-to-node=\"18\"><b data-path-to-node=\"18\" data-index-in-node=\"56\">R:<\/b> Todo se debe al enorme dep\u00f3sito de l\u00edquido de 60ml en total (dividido en cuatro dep\u00f3sitos de 15ml) respaldado por una bater\u00eda recargable de 1000mAh altamente eficiente. Aunque la durabilidad depende de la profundidad de tus caladas, para la gran mayor\u00eda de usuarios, este dispositivo funcionar\u00e1 durante semanas o incluso meses de uso sin problemas.<\/p>\n<p data-path-to-node=\"19\"><b data-path-to-node=\"19\" data-index-in-node=\"0\">P: \u00bfNecesito ser un experto en vapeo para usar esto?<\/b><\/p>\n<p data-path-to-node=\"19\"><b data-path-to-node=\"19\" data-index-in-node=\"46\">R:<\/b> \u00bfNecesitas un t\u00edtulo en ingenier\u00eda para encender una luz? \u00a1Absolutamente no! A pesar de su tecnolog\u00eda avanzada, sigue siendo un dispositivo desechable en esencia. No hay rellenado desordenado ni cambio de bobinas requerido. Desemp\u00e1calo, gira al sabor deseado, y deja que el dispositivo haga el trabajo pesado.<\/p>\n<p data-path-to-node=\"20\"><b data-path-to-node=\"20\" data-index-in-node=\"0\">P: \u00bfNecesito ser un experto en vapeo para usar este dispositivo?<\/b> <b data-path-to-node=\"20\" data-index-in-node=\"53\">R:<\/b> \u00bfNecesitas un t\u00edtulo en ingenier\u00eda para encender una luz? \u00a1Absolutamente no! A pesar de su tecnolog\u00eda avanzada, sigue siendo un dispositivo desechable en esencia. No hay rellenado desordenado ni cambio de bobinas requerido. Desemp\u00e1calo, gira al sabor deseado, y deja que el dispositivo haga el trabajo pesado.<\/p>\n<p data-path-to-node=\"21\"><b data-path-to-node=\"21\" data-index-in-node=\"0\">P: \u00bfPor qu\u00e9 deber\u00eda obtener el JNR QUADS 4 en 1 120K para mi negocio a trav\u00e9s de OioVape?<\/b> <b data-path-to-node=\"21\" data-index-in-node=\"70\">R:<\/b> OioVape es tu socio B2B premier para el mercado europeo. Ofrecemos precios al por mayor directos de f\u00e1brica inmejorable y despachamos todos los pedidos mayoristas directamente desde nuestro centro log\u00edstico alem\u00e1n. Esto garantiza env\u00edos r\u00e1pidos, seguros y sin complicaciones a Francia, Italia, Espa\u00f1a y el resto de la UE, manteniendo tus estantes abastecidos y tus clientes felices.<\/p>\n<\/div>\n<\/div>\n<\/div>\n<\/div>\n<\/div>\n<\/div>\n<\/div>\n<\/div>\n<\/div>\n<\/div>\n<\/div>\n<\/div>\n<\/div>\n<\/div>\n<\/div>\n<\/div>\n<\/div>\n<\/div>\n<\/div>\n<\/div>\n<\/div>\n<\/div>\n<\/div>\n<\/div>\n<\/div>\n<\/div>\n<\/div>\n<\/div>\n<\/div>\n<\/div>\n<\/div>\n<\/div>\n<\/div>\n<\/div>\n<\/div>\n<\/div>\n<\/div>\n<\/div>\n<\/div>\n<\/div>\n<\/div>\n<\/div>\n<\/div>\n<\/div>\n<\/div>\n<\/div>\n<\/div>\n<\/div>\n<\/div>\n<\/div>\n<\/div>\n<\/div>\n<\/div>\n<\/div>\n<\/div>\n<\/div>\n<\/div>\n<\/div>\n<\/div>\n<\/div>\n<\/div>\n<\/div>\n<\/div>\n<\/div>\n<\/div>\n<\/div>\n<\/div>\n<\/div>","protected":false},"excerpt":{"rendered":"<div data-page-id=\"RAopf2sw9dtvw4cWYXpcTwo0n8g\" data-lark-html-role=\"root\" data-docx-has-block-data=\"false\">\n<div class=\"ace-line ace-line old-record-id-Uju9f3RXYd8dh2crAJbcBF3Un6M\">JNR Quads 4 en 1 120000 caladas Disposable Vape con 10 combinaciones de sabor \u00e9picas. Gira la boquilla para cambiar de sabores sin esfuerzo, y la bobina de malla cu\u00e1druple desbloquea vapor denso y sabor audaz. Una pantalla inteligente muestra estad\u00edsticas en tiempo real, y su agarre ergon\u00f3mico se siente genial todo el d\u00eda\u2014\u00a1ideal para vaporeadores que buscan sabores!<\/div>\n<\/div>","protected":false},"featured_media":5833,"comment_status":"open","ping_status":"closed","template":"","meta":{"_acf_changed":false,"inline_featured_image":false,"_sitemap_exclude":false,"_sitemap_priority":"","_sitemap_frequency":""},"product_brand":[88],"product_cat":[77,239,241],"product_tag":[],"class_list":{"0":"post-5796","1":"product","2":"type-product","3":"status-publish","4":"has-post-thumbnail","6":"product_brand-jnr","7":"product_cat-jnr-puff","8":"product_cat-disposable-vape-collection","9":"product_cat-120k-puff","11":"first","12":"instock","13":"sale","14":"shipping-taxable","15":"purchasable","16":"product-type-variable","17":"has-default-attributes"},"acf":[],"tiered_pricing_type":"fixed","tiered_pricing_fixed_rules":{"30":9.92,"60":9.05,"100":8.45,"200":7.86},"tiered_pricing_product_settings":{"layout":"default","base_unit_name":{"singular":null,"plural":null},"default_variation":null},"tiered_pricing_minimum_quantity":10,"tiered_pricing_roles_data":[],"tiered_pricing_percentage_rules":[],"tiered_pricing_maximum_quantity":null,"tiered_pricing_quantity_step":"10","_links":{"self":[{"href":"https:\/\/oiovape.com\/es\/wp-json\/wp\/v2\/product\/5796","targetHints":{"allow":["GET"]}}],"collection":[{"href":"https:\/\/oiovape.com\/es\/wp-json\/wp\/v2\/product"}],"about":[{"href":"https:\/\/oiovape.com\/es\/wp-json\/wp\/v2\/types\/product"}],"replies":[{"embeddable":true,"href":"https:\/\/oiovape.com\/es\/wp-json\/wp\/v2\/comments?post=5796"}],"version-history":[{"count":6,"href":"https:\/\/oiovape.com\/es\/wp-json\/wp\/v2\/product\/5796\/revisions"}],"predecessor-version":[{"id":8338,"href":"https:\/\/oiovape.com\/es\/wp-json\/wp\/v2\/product\/5796\/revisions\/8338"}],"wp:featuredmedia":[{"embeddable":true,"href":"https:\/\/oiovape.com\/es\/wp-json\/wp\/v2\/media\/5833"}],"wp:attachment":[{"href":"https:\/\/oiovape.com\/es\/wp-json\/wp\/v2\/media?parent=5796"}],"wp:term":[{"taxonomy":"product_brand","embeddable":true,"href":"https:\/\/oiovape.com\/es\/wp-json\/wp\/v2\/product_brand?post=5796"},{"taxonomy":"product_cat","embeddable":true,"href":"https:\/\/oiovape.com\/es\/wp-json\/wp\/v2\/product_cat?post=5796"},{"taxonomy":"product_tag","embeddable":true,"href":"https:\/\/oiovape.com\/es\/wp-json\/wp\/v2\/product_tag?post=5796"}],"curies":[{"name":"wp","href":"https:\/\/api.w.org\/{rel}","templated":true}]}}