{"id":5939,"date":"2026-01-23T11:13:20","date_gmt":"2026-01-23T03:13:20","guid":{"rendered":"https:\/\/oiovape.com\/?post_type=product&#038;p=5939"},"modified":"2026-04-15T17:38:18","modified_gmt":"2026-04-15T09:38:18","slug":"fizzy-twins-50000-puffs","status":"publish","type":"product","link":"https:\/\/oiovape.com\/es\/product\/fizzy-twins-50000-puffs\/","title":{"rendered":"Fizzy Twins 50000 PUFFS 2 en 1 Sabor Pantalla LED Bater\u00eda de 850mAh Recargable Vape Pen Desechable"},"content":{"rendered":"<div data-page-id=\"ZVeMfq8uxd7y1ycuKm5cym4LnYd\" data-lark-html-role=\"root\" data-docx-has-block-data=\"false\">\n<div data-page-id=\"Fd41fZ5N9dzRQtcRNoVc2FuDnCh\" data-lark-html-role=\"root\" data-docx-has-block-data=\"true\">\n<div data-page-id=\"BdIJfeeijdk1eucGpS8cDCBBn5c\" data-lark-html-role=\"root\" data-docx-has-block-data=\"false\">\n<div data-page-id=\"Zbg9fWx77dUuh2cIYpic25c8nyd\" data-lark-html-role=\"root\" data-docx-has-block-data=\"false\">\n<div data-page-id=\"KaIvfiurhdlCKdc0kyxcX64cnE6\" data-lark-html-role=\"root\" data-docx-has-block-data=\"true\">\n<div data-page-id=\"PbvFfqxqlddUTScRpEYcY5MHnpf\" data-lark-html-role=\"root\" data-docx-has-block-data=\"true\">\n<div data-page-id=\"GZO2f5JeudwY4jc9iJtcdk9Hnxh\" data-lark-html-role=\"root\" data-docx-has-block-data=\"false\">\n<div data-page-id=\"EZVRf2acFduXLGcseZFc4qH2n6e\" data-lark-html-role=\"root\" data-docx-has-block-data=\"false\">\n<div data-page-id=\"B8rHfcqlqdzmH5cCWCncz17Cntb\" data-lark-html-role=\"root\" data-docx-has-block-data=\"false\">\n<div data-page-id=\"B8rHfcqlqdzmH5cCWCncz17Cntb\" data-lark-html-role=\"root\" data-docx-has-block-data=\"false\">\n<div data-page-id=\"B8rHfcqlqdzmH5cCWCncz17Cntb\" data-lark-html-role=\"root\" data-docx-has-block-data=\"true\">\n<div data-page-id=\"HM70f1aoxdD0bMcxJZBcVc7ynZd\" data-lark-html-role=\"root\" data-docx-has-block-data=\"false\">\n<div data-page-id=\"NSrJfN7Ord22i0c1iwZcsF8yn8b\" data-lark-html-role=\"root\" data-docx-has-block-data=\"false\">\n<div data-page-id=\"RXEff4Mskds8o1cqL5HcGEtUnCh\" data-lark-html-role=\"root\" data-docx-has-block-data=\"false\">\n<div data-page-id=\"KJ7gfqkVndMSRJcMseScmvYwnTc\" data-lark-html-role=\"root\" data-docx-has-block-data=\"false\">\n<div class=\"ace-line ace-line old-record-id-QADAfETPudgmudc05YvcTO5fnxe\">\n<div data-page-id=\"KJ7gfqkVndMSRJcMseScmvYwnTc\" data-lark-html-role=\"root\" data-docx-has-block-data=\"false\">\n<div class=\"ace-line ace-line old-record-id-JoRkfpho8dOkiacEOascDyCOncb\">\n<div data-page-id=\"KJ7gfqkVndMSRJcMseScmvYwnTc\" data-lark-html-role=\"root\" data-docx-has-block-data=\"false\">\n<div data-page-id=\"Ju6ofQ3V4dGmePcVvJvc1gmcnZb\" data-lark-html-role=\"root\" data-docx-has-block-data=\"true\">\n<div data-page-id=\"PR9ife5PLdFabccbFgZcWgZOnTc\" data-lark-html-role=\"root\" data-docx-has-block-data=\"false\">\n<div data-page-id=\"INdrfOIGzdaenXcptrcc1BcznQc\" data-lark-html-role=\"root\" data-docx-has-block-data=\"false\">\n<div class=\"ace-line ace-line old-record-id-P0fIf4YaZdoGkbcxt5ackec2nnb\">\n<div data-page-id=\"INdrfOIGzdaenXcptrcc1BcznQc\" data-lark-html-role=\"root\" data-docx-has-block-data=\"false\">\n<div data-page-id=\"MAzCfUB73dMTQscm8eWcougVn1g\" data-lark-html-role=\"root\" data-docx-has-block-data=\"true\">\n<div data-page-id=\"AXfpf7H1odhDvGcKoUOcErN8nV7\" data-lark-html-role=\"root\" data-docx-has-block-data=\"false\">\n<div data-page-id=\"QYTKf5PvLdUNdbce2nBcW9yfnrh\" data-lark-html-role=\"root\" data-docx-has-block-data=\"false\">\n<div data-page-id=\"Pvu1f1CCBdxbjncA9pgcBTpanph\" data-lark-html-role=\"root\" data-docx-has-block-data=\"true\">\n<div data-page-id=\"Axf3fcmY8dDAhtcjVircBcphnPc\" data-lark-html-role=\"root\" data-docx-has-block-data=\"false\">\n<div data-page-id=\"KKj1f9SPmdLhhMc5E2AcNlLen6f\" data-lark-html-role=\"root\" data-docx-has-block-data=\"true\">\n<div data-page-id=\"Rx61fK1sJdXHjPcBuhZcweNhnwc\" data-lark-html-role=\"root\" data-docx-has-block-data=\"false\">\n<div data-page-id=\"L1H9fkG9Mdz45Fcy4WMc5VKXnRe\" data-lark-html-role=\"root\" data-docx-has-block-data=\"false\">\n<div data-page-id=\"L1H9fkG9Mdz45Fcy4WMc5VKXnRe\" data-lark-html-role=\"root\" data-docx-has-block-data=\"false\">\n<div data-page-id=\"D4XLfVBVrdE8mrcaYizczklLnaf\" data-lark-html-role=\"root\" data-docx-has-block-data=\"false\">\n<div data-page-id=\"WVcifIY44d5mhMcXtyEcTsfenGd\" data-lark-html-role=\"root\" data-docx-has-block-data=\"true\">\n<div data-page-id=\"LRknfa6Whd4DWCcUc0FcNKpJnyh\" data-lark-html-role=\"root\" data-docx-has-block-data=\"false\">\n<div data-page-id=\"LRknfa6Whd4DWCcUc0FcNKpJnyh\" data-lark-html-role=\"root\" data-docx-has-block-data=\"false\">\n<div data-page-id=\"XFRAfkcOEdRWh8cArQ2cJdyRnJf\" data-lark-html-role=\"root\" data-docx-has-block-data=\"true\">\n<div data-page-id=\"OQ3bfjnRddMTDGcC3ouc6xFKnWf\" data-lark-html-role=\"root\" data-docx-has-block-data=\"true\">\n<div data-page-id=\"J0iGfj1hEdjc4rcUdSmc4spMnmZ\" data-lark-html-role=\"root\" data-docx-has-block-data=\"false\">\n<div data-page-id=\"P1o7fFyNlduP8tcfZpQcagzbnIf\" data-lark-html-role=\"root\" data-docx-has-block-data=\"false\">\n<div class=\"ace-line ace-line old-record-id-P1o7fFyNlduP8tcfZpQcagzbnIf\">\n<div data-page-id=\"P1o7fFyNlduP8tcfZpQcagzbnIf\" data-lark-html-role=\"root\" data-docx-has-block-data=\"false\">\n<div data-page-id=\"U4iufW38SdttWKcTstMcTtHRnXc\" data-lark-html-role=\"root\" data-docx-has-block-data=\"true\">\n<div data-page-id=\"ONVMf7VTWddcFtcyATOchCJHnZb\" data-lark-html-role=\"root\" data-docx-has-block-data=\"true\">\n<div data-page-id=\"KoW2fSy0PdLHFlc5kSHcgvWMnYg\" data-lark-html-role=\"root\" data-docx-has-block-data=\"false\">\n<div data-page-id=\"KoW2fSy0PdLHFlc5kSHcgvWMnYg\" data-lark-html-role=\"root\" data-docx-has-block-data=\"false\">\n<div data-page-id=\"OLGhfzxC7d7EFIcLEj9cRT5ynZf\" data-lark-html-role=\"root\" data-docx-has-block-data=\"false\">\n<div data-page-id=\"DdnnfrLjzdqrFIc9Il9c7pA2noc\" data-lark-html-role=\"root\" data-docx-has-block-data=\"true\">\n<div data-page-id=\"KNzcf2o0oddkJOcztTVcqPdlnth\" data-lark-html-role=\"root\" data-docx-has-block-data=\"false\">\n<div data-page-id=\"LBU7fg5SEdkWhecGJoxca3xvnCe\" data-lark-html-role=\"root\" data-docx-has-block-data=\"false\">\n<div data-page-id=\"EB70fooS3d69bMcgWB7c5qb9n8g\" data-lark-html-role=\"root\" data-docx-has-block-data=\"false\">\n<div data-page-id=\"AogwfsZCadB6t0cAvF0cK4JLnvf\" data-lark-html-role=\"root\" data-docx-has-block-data=\"false\">\n<div data-page-id=\"AogwfsZCadB6t0cAvF0cK4JLnvf\" data-lark-html-role=\"root\" data-docx-has-block-data=\"false\">\n<div data-page-id=\"JMZIflNGddQuU0c5JZocSqlvnle\" data-lark-html-role=\"root\" data-docx-has-block-data=\"false\">\n<div data-page-id=\"JMZIflNGddQuU0c5JZocSqlvnle\" data-lark-html-role=\"root\" data-docx-has-block-data=\"true\">\n<div data-page-id=\"HtEafjjRIdPAlMc9zgYcsGy6nOe\" data-lark-html-role=\"root\" data-docx-has-block-data=\"false\">\n<div data-page-id=\"Rhnafz0WTdDeT9c43xxczsbVnJo\" data-lark-html-role=\"root\" data-docx-has-block-data=\"false\">\n<div data-page-id=\"WY0CfKdcTdf4hVcZl67ct5LGncf\" data-lark-html-role=\"root\" data-docx-has-block-data=\"true\">\n<div data-page-id=\"MkB5fF4AVdchovcoPEpc7LqvnOd\" data-lark-html-role=\"root\" data-docx-has-block-data=\"true\">\n<div data-page-id=\"MfbjfZhbhdJdA8cH1dAckqF0n6g\" data-lark-html-role=\"root\" data-docx-has-block-data=\"false\">\n<div class=\"ace-line ace-line old-record-id-W2AHfJLnjd7ugjcRLs1c8BdhnNh\">\n<div data-page-id=\"MfbjfZhbhdJdA8cH1dAckqF0n6g\" data-lark-html-role=\"root\" data-docx-has-block-data=\"false\">\n<div class=\"old-record-id-XXd1feeCZdR2hJc6evocxnh1nOg\">\n<div data-page-id=\"MfbjfZhbhdJdA8cH1dAckqF0n6g\" data-lark-html-role=\"root\" data-docx-has-block-data=\"false\">\n<div data-page-id=\"DE51fYUmxdT3ekcHzc3cGrVQnsc\" data-lark-html-role=\"root\" data-docx-has-block-data=\"false\">\n<div data-page-id=\"YSKdfaZ08dRej3ci5CccQBuOncc\" data-lark-html-role=\"root\" data-docx-has-block-data=\"true\">\n<div data-page-id=\"K6mofQmledamEFcgp1EcVobmnYd\" data-lark-html-role=\"root\" data-docx-has-block-data=\"false\">\n<div data-page-id=\"VTgsfVLdCd9q1ucYcwRcCM0Hnof\" data-lark-html-role=\"root\" data-docx-has-block-data=\"true\">\n<div data-page-id=\"WucKfzp8RdNy8rcMJHncz4Knnac\" data-lark-html-role=\"root\" data-docx-has-block-data=\"true\">\n<h2 data-path-to-node=\"0\">\u00bfQui\u00e9n dice que tienes que ser mon\u00f3gamo con tus sabores?<\/h2>\n<h3 data-path-to-node=\"1\">Fizzy Twins 50000 Puffs: Entrando en la Era de la \u201cFisi\u00f3n de Sabor\u201d<\/h3>\n<p data-path-to-node=\"2\">Cuando todav\u00eda est\u00e1s agonizando sobre qu\u00e9 sabor elegir para tu pr\u00f3ximo vape, el <b data-path-to-node=\"2\" data-index-in-node=\"83\">Fizzy Twins 50000<\/b> <strong>Puff<\/strong> ya ha resuelto el dilema. \u00bfPor qu\u00e9 encerrar tu paladar en la monoton\u00eda de un solo perfil? Esto no es solo un vape desechable; es tu estaci\u00f3n de mixolog\u00eda port\u00e1til, permitiendo que tus papilas gustativas salten entre dos festines sensoriales distintos. Es el \u201calter ego\u201d del vapeo que realmente entiende tus cambios de humor.<\/p>\n<div style=\"width: 1920px;\" class=\"wp-video\"><video class=\"wp-video-shortcode\" id=\"video-5939-1\" width=\"1920\" height=\"1080\" preload=\"metadata\" controls=\"controls\"><source type=\"video\/mp4\" src=\"https:\/\/oiovape.com\/wp-content\/uploads\/2026\/04\/Fizzy-Twins-50K-Video.mp4?_=1\" \/><a href=\"https:\/\/oiovape.com\/wp-content\/uploads\/2026\/04\/Fizzy-Twins-50K-Video.mp4\">https:\/\/oiovape.com\/wp-content\/uploads\/2026\/04\/Fizzy-Twins-50K-Video.mp4<\/a><\/video><\/div>\n<h2 data-path-to-node=\"4\">\ud83c\udfd7\ufe0f Ambici\u00f3n de Hardware: Un \u201cMarat\u00f3n de Sabor\u201d de 50 Kil\u00f3metros\u201d<\/h2>\n<p data-path-to-node=\"5\">El nacimiento de este dispositivo se siente como un desaf\u00edo a los l\u00edmites mismos de la longevidad desechable. <b data-path-to-node=\"5\" data-index-in-node=\"92\">50000 caladas<\/b> no es solo una estad\u00edstica; significa que lo que est\u00e1s sosteniendo ya no es un consumible ef\u00edmero, sino un compa\u00f1ero de armas a largo plazo que permanecer\u00e1 contigo durante semanas, si no meses.<\/p>\n<h3 data-path-to-node=\"6\">\ud83d\udca7 Arquitectura de Doble Tanque: Territorios Soberanos de Sabor<\/h3>\n<p data-path-to-node=\"7\">Dentro del Fizzy Twins hay dos <b data-path-to-node=\"7\" data-index-in-node=\"54\">25ml<\/b> dep\u00f3sitos completamente independientes. Imagina tener la frescura n\u00edtida de una ma\u00f1ana de primavera en tu mano izquierda y la intensidad rica de una indulgencia de medianoche en tu derecha. Con un giro de un interruptor, te teletransportas entre dos almas completamente diferentes.<\/p>\n<h4 data-path-to-node=\"8\">1. La Capacidad de \u201cCami\u00f3n Cisterna\u201d de 50ml<\/h4>\n<p data-path-to-node=\"9\">Con un total asombroso de <b data-path-to-node=\"9\" data-index-in-node=\"27\">50ml<\/b> l\u00edquido electr\u00f3nico, esto es efectivamente el \u201ccami\u00f3n cisterna\u201d del mundo del vapeo. Elimina completamente la \u201cansiedad de recarga\u201d, asegurando que cada calada sea tan sustanciosa y sincera como la primera.<\/p>\n<h4 data-path-to-node=\"10\">2. Tecnolog\u00eda de Bobina de Malla: Escultura de Precisi\u00f3n de Cada Nube<\/h4>\n<p data-path-to-node=\"11\">Equipado con Bobinas de Malla duales, esta tecnolog\u00eda act\u00faa como un traje de armadura de precisi\u00f3n para tu l\u00edquido electr\u00f3nico. Al calentar el l\u00edquido con uniformidad quir\u00fargica, asegura que desde la calada #1 hasta la calada #50,000, el sabor permanezca vibrante\u2014nunca sucumbiendo a ese frustrante sabor quemado cuando el jugo se agota.<\/p>\n<h2 data-path-to-node=\"13\">\ud83c\udfae La Fantas\u00eda de Punta de Dedo del Controlador: Personalizaci\u00f3n Profunda<\/h2>\n<p data-path-to-node=\"14\">\u00bfCu\u00e1l es el punto de la tecnolog\u00eda si no puedes comandarla? El Fizzy Twins 50000 Puffs Vape Desechable Dual Flavors te otorga soberan\u00eda total sobre tu experiencia, convirtiendo cada calada en un ritual similar a conducir un superauto de alto rendimiento.<\/p>\n<h3 data-path-to-node=\"15\">\ud83c\udfce\ufe0f Modos de Potencia: De un \u201cPaseo Suave\u201d a un \u201cSprint Salvaje\u201d<\/h3>\n<p data-path-to-node=\"16\">Este dispositivo cuenta con un <b data-path-to-node=\"16\" data-index-in-node=\"35\">Cambio de 2 Modos<\/b>. integrado. \u00bfSientes que el vapor necesita m\u00e1s \u201cmordida\u201d? Cambia a <b data-path-to-node=\"16\" data-index-in-node=\"103\">Modo Boost<\/b> para encender todo el potencial del elemento calefactor, duplicando instant\u00e1neamente la densidad de nube e impacto de sabor.<\/p>\n<h4 data-path-to-node=\"17\">\ud83c\udf9a\ufe0f Control de Flujo de Aire Independiente<\/h4>\n<p data-path-to-node=\"18\">Los controles deslizantes en la base no son solo para lucir bien. \u00bfDeseas la inhalaci\u00f3n apretada y restrictiva (MTL) que imita un cigarrillo tradicional? \u00bfO prefieres abrir completamente las compuertas para una experiencia nublada de DTL (Direct-to-Lung)? Desliza el control y el ritmo del aire est\u00e1 bajo tu mando.<\/p>\n<h3 data-path-to-node=\"19\">\ud83d\udcca LED Smart Cockpit: Sin M\u00e1s \u201cAdivinanzas\u201d en el Vapeo<\/h3>\n<p data-path-to-node=\"20\">El frente del chasis cuenta con una pantalla LED de alta definici\u00f3n. El vapeo ya no es un juego de adivinanzas. Tu <b data-path-to-node=\"20\" data-index-in-node=\"106\">porcentaje de bater\u00eda actual<\/b>, <b data-path-to-node=\"20\" data-index-in-node=\"126\">sabor activo<\/b>, <b data-path-to-node=\"20\" data-index-in-node=\"141\">modo de potencia<\/b>, e incluso la vida \u00fatil restante se presentan en detalle digital claro.<\/p>\n<h5 data-path-to-node=\"21\">\ud83d\udd0b El Coraz\u00f3n de 850mAh con Recuperaci\u00f3n R\u00e1pida Type-C<\/h5>\n<p data-path-to-node=\"22\">Impulsado por una bater\u00eda de litio de alta capacidad <b data-path-to-node=\"22\" data-index-in-node=\"27\">850mAh<\/b> y un puerto Type-C convencional, incluso si te quedas sin bater\u00eda, puedes lograr una \u201cresurrecci\u00f3n de sangre completa\u201d en el tiempo que tarda en comer.<\/p>\n<h2 data-path-to-node=\"24\">\ud83c\udf79 12 Experimentos en \u201cConflicto y Fusi\u00f3n\u201d \u2013 Fizzy Twins 50000 Puffs<\/h2>\n<p data-path-to-node=\"25\">Hemos seleccionado 12 combinaciones de sabores duales, cada una un d\u00fao cuidadosamente coreografiado para tus sentidos.<\/p>\n<ol start=\"1\" data-path-to-node=\"26\">\n<li>\n<p data-path-to-node=\"26,0,0\"><b data-path-to-node=\"26,0,0\" data-index-in-node=\"0\">Sand\u00eda Hielo &amp; Kiwi de Fresa<\/b> \u2013 El chasquido crujiente de sand\u00eda congelada golpea el golpe agridulce de fresa y kiwi.<\/p>\n<\/li>\n<li>\n<p data-path-to-node=\"26,1,0\"><b data-path-to-node=\"26,1,0\" data-index-in-node=\"0\">Kiwi de Fresa, Granada &amp; Red Bull<\/b> \u2013 Un tr\u00edo de frutas se encuentra con una reacci\u00f3n qu\u00edmica con la ic\u00f3nica patada energ\u00e9tica.<\/p>\n<\/li>\n<li>\n<p data-path-to-node=\"26,2,0\"><b data-path-to-node=\"26,2,0\" data-index-in-node=\"0\">Ar\u00e1ndano Coco &amp; Hielo de Uva<\/b> \u2013 Ar\u00e1ndano cremoso con coco cambia sin problemas a un mundo de uva congelada y lineal.<\/p>\n<\/li>\n<li>\n<p data-path-to-node=\"26,3,0\"><b data-path-to-node=\"26,3,0\" data-index-in-node=\"0\">Limonada Blue Razz &amp; Triple Mel\u00f3n<\/b> \u2013 El toque de limonada de frambuesa azul entrelazado con una melod\u00eda de triple mel\u00f3n endulzada.<\/p>\n<\/li>\n<li>\n<p data-path-to-node=\"26,4,0\"><b data-path-to-node=\"26,4,0\" data-index-in-node=\"0\">Sand\u00eda de Fresa &amp; Hielo de Ar\u00e1ndano<\/b> \u2013 Un romance rosa cl\u00e1sico se encuentra con una tundra congelada azul profundo.<\/p>\n<\/li>\n<li>\n<p data-path-to-node=\"26,5,0\"><b data-path-to-node=\"26,5,0\" data-index-in-node=\"0\">Sand\u00eda de Durazno Mango &amp; Fresa Banana<\/b> \u2013 Una tormenta tropical fusionada con la textura sedosa y cremosa de fresa y pl\u00e1tano.<\/p>\n<\/li>\n<li>\n<p data-path-to-node=\"26,6,0\"><b data-path-to-node=\"26,6,0\" data-index-in-node=\"0\">Sand\u00eda de Frambuesa &amp; Kiwi Maracuy\u00e1 Guayaba<\/b> \u2013 Energ\u00eda de bayas silvestres enfrent\u00e1ndose contra la realeza tropical ex\u00f3tica.<\/p>\n<\/li>\n<li>\n<p data-path-to-node=\"26,7,0\"><b data-path-to-node=\"26,7,0\" data-index-in-node=\"0\">Pi\u00f1a Durazno Maracuy\u00e1 &amp; Ar\u00e1ndano Frambuesa<\/b> \u2013 Frutas doradas ba\u00f1adas por el sol mirando a trav\u00e9s de los tesoros del bosque p\u00farpura.<\/p>\n<\/li>\n<li>\n<p data-path-to-node=\"26,8,0\"><b data-path-to-node=\"26,8,0\" data-index-in-node=\"0\">Sand\u00eda Hielo &amp; Lim\u00f3n Lima<\/b> \u2013 Sand\u00eda congelada pura emparejada con una llamada de atenci\u00f3n de lim\u00f3n-lima picante.<\/p>\n<\/li>\n<li>\n<p data-path-to-node=\"26,9,0\"><b data-path-to-node=\"26,9,0\" data-index-in-node=\"0\">Mezcla de Bayas &amp; Hielo de Durazno<\/b> \u2013 Un carnaval de bayas silvestres floreciendo bajo una capa de melocot\u00f3n dulce y helado.<\/p>\n<\/li>\n<li>\n<p data-path-to-node=\"26,10,0\"><b data-path-to-node=\"26,10,0\" data-index-in-node=\"0\">Hielo de Fresa &amp; Cereza Burbujeante<\/b> \u2013 Fresa helada y cereza carbonatada: esencialmente una gaseosa de verano en forma de vapor.<\/p>\n<\/li>\n<li>\n<p data-path-to-node=\"26,11,0\"><b data-path-to-node=\"26,11,0\" data-index-in-node=\"0\">Limonada de Frambuesa &amp; Hielo de Fresa<\/b> \u2013 Un ponche picante de frambuesa y c\u00edtricos seguido de un acabado suave de fresa y hielo.<\/p>\n<\/li>\n<\/ol>\n<h2 data-path-to-node=\"28\">\ud83d\udee0\ufe0f Especificaciones Maestras: La Referencia del Jugador Hardcore<\/h2>\n<table data-path-to-node=\"29\">\n<thead>\n<tr>\n<td><strong>Caracter\u00edstica<\/strong><\/td>\n<td><strong>Detalles T\u00e9cnicos<\/strong><\/td>\n<\/tr>\n<\/thead>\n<tbody>\n<tr>\n<td><span data-path-to-node=\"29,1,0,0\"><b data-path-to-node=\"29,1,0,0\" data-index-in-node=\"0\">Puffs Totales<\/b><\/span><\/td>\n<td><span data-path-to-node=\"29,1,1,0\">Aprox. 50000 Caladas (El uso depende)<\/span><\/td>\n<\/tr>\n<tr>\n<td><span data-path-to-node=\"29,2,0,0\"><b data-path-to-node=\"29,2,0,0\" data-index-in-node=\"0\">L\u00edquido Electr\u00f3nico Total<\/b><\/span><\/td>\n<td><span data-path-to-node=\"29,2,1,0\">50ml (Tanques Duales de 25ml)<\/span><\/td>\n<\/tr>\n<tr>\n<td><span data-path-to-node=\"29,3,0,0\"><b data-path-to-node=\"29,3,0,0\" data-index-in-node=\"0\">Capacidad de Bater\u00eda<\/b><\/span><\/td>\n<td><span data-path-to-node=\"29,3,1,0\">850mAh Recargable<\/span><\/td>\n<\/tr>\n<tr>\n<td><span data-path-to-node=\"29,4,0,0\"><b data-path-to-node=\"29,4,0,0\" data-index-in-node=\"0\">Fuerza de Nicotina<\/b><\/span><\/td>\n<td><span data-path-to-node=\"29,4,1,0\">2% \/ 5% Opciones<\/span><\/td>\n<\/tr>\n<tr>\n<td><span data-path-to-node=\"29,5,0,0\"><b data-path-to-node=\"29,5,0,0\" data-index-in-node=\"0\">Puerto de Carga<\/b><\/span><\/td>\n<td><span data-path-to-node=\"29,5,1,0\">Type-C de Alta Velocidad<\/span><\/td>\n<\/tr>\n<tr>\n<td><span data-path-to-node=\"29,6,0,0\"><b data-path-to-node=\"29,6,0,0\" data-index-in-node=\"0\">Elemento Calefactor<\/b><\/span><\/td>\n<td><span data-path-to-node=\"29,6,1,0\">Bobina de Malla Dual Definitiva<\/span><\/td>\n<\/tr>\n<tr>\n<td><span data-path-to-node=\"29,7,0,0\"><b data-path-to-node=\"29,7,0,0\" data-index-in-node=\"0\">Interfaz<\/b><\/span><\/td>\n<td><span data-path-to-node=\"29,7,1,0\">Pantalla LED Inteligente Full-Color HD<\/span><\/td>\n<\/tr>\n<tr>\n<td><span data-path-to-node=\"29,8,0,0\"><b data-path-to-node=\"29,8,0,0\" data-index-in-node=\"0\">Control de Flujo de Aire<\/b><\/span><\/td>\n<td><span data-path-to-node=\"29,8,1,0\">Controles Deslizantes Duales Independientes en los Laterales<\/span><\/td>\n<\/tr>\n<\/tbody>\n<\/table>\n<div class=\"mceTemp\"><\/div>\n<p><img decoding=\"async\" class=\"alignnone wp-image-5941 size-full\" title=\"Especificaciones de FIZZY Twins 50k\" src=\"https:\/\/oiovape.com\/wp-content\/uploads\/2026\/01\/FIZZY-Twins-50k-specification-scaled.jpg\" alt=\"Especificaciones de FIZZY Twins 50k\" width=\"1647\" height=\"2560\" srcset=\"https:\/\/oiovape.com\/wp-content\/uploads\/2026\/01\/FIZZY-Twins-50k-specification-scaled.jpg 1647w, https:\/\/oiovape.com\/wp-content\/uploads\/2026\/01\/FIZZY-Twins-50k-specification-scaled-150x233.jpg 150w, https:\/\/oiovape.com\/wp-content\/uploads\/2026\/01\/FIZZY-Twins-50k-specification-scaled-1200x1865.jpg 1200w, https:\/\/oiovape.com\/wp-content\/uploads\/2026\/01\/FIZZY-Twins-50k-specification-193x300.jpg 193w, https:\/\/oiovape.com\/wp-content\/uploads\/2026\/01\/FIZZY-Twins-50k-specification-659x1024.jpg 659w, https:\/\/oiovape.com\/wp-content\/uploads\/2026\/01\/FIZZY-Twins-50k-specification-768x1194.jpg 768w, https:\/\/oiovape.com\/wp-content\/uploads\/2026\/01\/FIZZY-Twins-50k-specification-988x1536.jpg 988w, https:\/\/oiovape.com\/wp-content\/uploads\/2026\/01\/FIZZY-Twins-50k-specification-1318x2048.jpg 1318w, https:\/\/oiovape.com\/wp-content\/uploads\/2026\/01\/FIZZY-Twins-50k-specification-8x12.jpg 8w\" sizes=\"(max-width: 1647px) 100vw, 1647px\" \/><\/p>\n<h2 data-path-to-node=\"31\">\ud83e\udd14 Preguntas Frecuentes: Todo lo que Necesitas Saber<\/h2>\n<h4 data-path-to-node=\"32\">P1: \u00bfSe mezclar\u00e1n los sabores cuando cambio?<\/h4>\n<p data-path-to-node=\"33\">De ninguna manera. El Fizzy Twins 50K utiliza caminos de vapor completamente aislados y dep\u00f3sitos separados. Puedes cambiar canales instant\u00e1neamente, pasando de un extremo a otro sin ninguna fuga de sabor.<\/p>\n<h4 data-path-to-node=\"34\">P2: \u00bfPueden realmente durar 50000 caladas tanto tiempo?<\/h4>\n<p data-path-to-node=\"35\">Eso depende de cu\u00e1nto lo \u201cmaltrates\u201d. Para un vapeador casual, puede durar f\u00e1cilmente m\u00e1s de un mes; incluso para un perseguidor de nubes, su resistencia hace que la mayor\u00eda de los competidores parezcan aficionados.<\/p>\n<h4 data-path-to-node=\"36\">P3: \u00bfEl \u201cModo Boost\u201d agota el l\u00edquido m\u00e1s r\u00e1pido?<\/h4>\n<p data-path-to-node=\"37\">S\u00ed. El Modo Boost proporciona un golpe de garganta m\u00e1s intenso y nubes m\u00e1s grandes, lo que naturalmente aumenta el consumo de l\u00edquido electr\u00f3nico. Recomendamos usarlo cuando necesites ese \u201cempuj\u00f3n\u201d extra y mantener el modo Normal para conducci\u00f3n todo el d\u00eda.<\/p>\n<h4 data-path-to-node=\"38\">P4: \u00bfEs este dispositivo demasiado complejo para un principiante?<\/h4>\n<p data-path-to-node=\"39\">Pi\u00e9nsalo como un coche de lujo con transmisi\u00f3n autom\u00e1tica. Aunque las caracter\u00edsticas son avanzadas, la operaci\u00f3n es intuitiva. El mecanismo activado por inhalaci\u00f3n significa que ni siquiera necesitas presionar un bot\u00f3n para vapear. Solo inhala y listo.<\/p>\n<blockquote data-path-to-node=\"41\">\n<p data-path-to-node=\"41,0\"><b data-path-to-node=\"41,0\" data-index-in-node=\"0\">Fizzy Twins 50000 Caladas<\/b>: Deja de hacer compromisos. Si puedes tenerlo todo, \u00bfpor qu\u00e9 conformarse con la mitad? \u00a1Ven a encontrar tu \u201calma gemela\u201d (o dos) hoy!<\/p>\n<\/blockquote>\n<\/div>\n<\/div>\n<\/div>\n<\/div>\n<\/div>\n<\/div>\n<\/div>\n<\/div>\n<\/div>\n<\/div>\n<\/div>\n<\/div>\n<\/div>\n<\/div>\n<\/div>\n<\/div>\n<\/div>\n<\/div>\n<\/div>\n<\/div>\n<\/div>\n<\/div>\n<\/div>\n<\/div>\n<\/div>\n<\/div>\n<\/div>\n<\/div>\n<\/div>\n<\/div>\n<\/div>\n<\/div>\n<\/div>\n<\/div>\n<\/div>\n<\/div>\n<\/div>\n<\/div>\n<\/div>\n<\/div>\n<\/div>\n<\/div>\n<\/div>\n<\/div>\n<\/div>\n<\/div>\n<\/div>\n<\/div>\n<\/div>\n<\/div>\n<\/div>\n<\/div>\n<\/div>\n<\/div>\n<\/div>\n<\/div>\n<\/div>\n<\/div>\n<\/div>\n<\/div>\n<\/div>\n<\/div>\n<\/div>\n<\/div>\n<\/div>\n<\/div>\n<\/div>\n<\/div>\n<\/div>\n<\/div>","protected":false},"excerpt":{"rendered":"<div data-page-id=\"RAopf2sw9dtvw4cWYXpcTwo0n8g\" data-lark-html-role=\"root\" data-docx-has-block-data=\"false\">\n<div class=\"ace-line ace-line old-record-id-Uju9f3RXYd8dh2crAJbcBF3Un6M\">Fizzy Twins 50000 Puffs redefine el vapeo de doble sabor con 12 exquisitas mezclas frutales y heladas. Cuenta con una bobina de malla, 2 modos, 2 flujos de aire y una bater\u00eda recargable de 850mAh tipo C con pantalla LED. 50ml de e-l\u00edquido, opciones de nicotina 2%\/5% ofrecen una experiencia de vapeo duradera, personalizable y suave para cada paladar.<\/div>\n<\/div>","protected":false},"featured_media":5953,"comment_status":"open","ping_status":"closed","template":"","meta":{"_acf_changed":false,"inline_featured_image":false,"_sitemap_exclude":false,"_sitemap_priority":"","_sitemap_frequency":""},"product_brand":[297],"product_cat":[298,239,243,229],"product_tag":[],"class_list":{"0":"post-5939","1":"product","2":"type-product","3":"status-publish","4":"has-post-thumbnail","6":"product_brand-fizzy","7":"product_cat-fizzy-puff","8":"product_cat-disposable-vape-collection","9":"product_cat-50k-puff","10":"product_cat-ship-from-german","12":"first","13":"instock","14":"sale","15":"shipping-taxable","16":"purchasable","17":"product-type-variable","18":"has-default-attributes"},"acf":[],"tiered_pricing_type":"fixed","tiered_pricing_fixed_rules":{"30":10.85,"60":9.6,"100":8.99,"200":8.37},"tiered_pricing_product_settings":{"layout":"default","base_unit_name":{"singular":null,"plural":null},"default_variation":null},"tiered_pricing_minimum_quantity":null,"tiered_pricing_roles_data":[],"tiered_pricing_percentage_rules":[],"tiered_pricing_maximum_quantity":null,"tiered_pricing_quantity_step":"10","_links":{"self":[{"href":"https:\/\/oiovape.com\/es\/wp-json\/wp\/v2\/product\/5939","targetHints":{"allow":["GET"]}}],"collection":[{"href":"https:\/\/oiovape.com\/es\/wp-json\/wp\/v2\/product"}],"about":[{"href":"https:\/\/oiovape.com\/es\/wp-json\/wp\/v2\/types\/product"}],"replies":[{"embeddable":true,"href":"https:\/\/oiovape.com\/es\/wp-json\/wp\/v2\/comments?post=5939"}],"version-history":[{"count":3,"href":"https:\/\/oiovape.com\/es\/wp-json\/wp\/v2\/product\/5939\/revisions"}],"predecessor-version":[{"id":8373,"href":"https:\/\/oiovape.com\/es\/wp-json\/wp\/v2\/product\/5939\/revisions\/8373"}],"wp:featuredmedia":[{"embeddable":true,"href":"https:\/\/oiovape.com\/es\/wp-json\/wp\/v2\/media\/5953"}],"wp:attachment":[{"href":"https:\/\/oiovape.com\/es\/wp-json\/wp\/v2\/media?parent=5939"}],"wp:term":[{"taxonomy":"product_brand","embeddable":true,"href":"https:\/\/oiovape.com\/es\/wp-json\/wp\/v2\/product_brand?post=5939"},{"taxonomy":"product_cat","embeddable":true,"href":"https:\/\/oiovape.com\/es\/wp-json\/wp\/v2\/product_cat?post=5939"},{"taxonomy":"product_tag","embeddable":true,"href":"https:\/\/oiovape.com\/es\/wp-json\/wp\/v2\/product_tag?post=5939"}],"curies":[{"name":"wp","href":"https:\/\/api.w.org\/{rel}","templated":true}]}}