{"id":6257,"date":"2026-01-27T15:55:08","date_gmt":"2026-01-27T07:55:08","guid":{"rendered":"https:\/\/oiovape.com\/?post_type=product&#038;p=6257"},"modified":"2026-04-16T14:44:43","modified_gmt":"2026-04-16T06:44:43","slug":"uwin-randm-twins-crystal-40000-puffs","status":"publish","type":"product","link":"https:\/\/oiovape.com\/es\/product\/uwin-randm-twins-crystal-40000-puffs\/","title":{"rendered":"Uwin RandM Twins Crystal 40000 PUFFS Malla Coil 650mAh Bater\u00eda Recargable Vape Con Compra al por Mayor"},"content":{"rendered":"<div data-page-id=\"ZVeMfq8uxd7y1ycuKm5cym4LnYd\" data-lark-html-role=\"root\" data-docx-has-block-data=\"false\">\n<div data-page-id=\"Fd41fZ5N9dzRQtcRNoVc2FuDnCh\" data-lark-html-role=\"root\" data-docx-has-block-data=\"true\">\n<div data-page-id=\"BdIJfeeijdk1eucGpS8cDCBBn5c\" data-lark-html-role=\"root\" data-docx-has-block-data=\"false\">\n<div data-page-id=\"Zbg9fWx77dUuh2cIYpic25c8nyd\" data-lark-html-role=\"root\" data-docx-has-block-data=\"false\">\n<div data-page-id=\"KaIvfiurhdlCKdc0kyxcX64cnE6\" data-lark-html-role=\"root\" data-docx-has-block-data=\"true\">\n<div data-page-id=\"PbvFfqxqlddUTScRpEYcY5MHnpf\" data-lark-html-role=\"root\" data-docx-has-block-data=\"true\">\n<div data-page-id=\"GZO2f5JeudwY4jc9iJtcdk9Hnxh\" data-lark-html-role=\"root\" data-docx-has-block-data=\"false\">\n<div data-page-id=\"EZVRf2acFduXLGcseZFc4qH2n6e\" data-lark-html-role=\"root\" data-docx-has-block-data=\"false\">\n<div data-page-id=\"B8rHfcqlqdzmH5cCWCncz17Cntb\" data-lark-html-role=\"root\" data-docx-has-block-data=\"false\">\n<div data-page-id=\"B8rHfcqlqdzmH5cCWCncz17Cntb\" data-lark-html-role=\"root\" data-docx-has-block-data=\"false\">\n<div data-page-id=\"B8rHfcqlqdzmH5cCWCncz17Cntb\" data-lark-html-role=\"root\" data-docx-has-block-data=\"true\">\n<div data-page-id=\"HM70f1aoxdD0bMcxJZBcVc7ynZd\" data-lark-html-role=\"root\" data-docx-has-block-data=\"false\">\n<div data-page-id=\"NSrJfN7Ord22i0c1iwZcsF8yn8b\" data-lark-html-role=\"root\" data-docx-has-block-data=\"false\">\n<div data-page-id=\"RXEff4Mskds8o1cqL5HcGEtUnCh\" data-lark-html-role=\"root\" data-docx-has-block-data=\"false\">\n<div data-page-id=\"KJ7gfqkVndMSRJcMseScmvYwnTc\" data-lark-html-role=\"root\" data-docx-has-block-data=\"false\">\n<div class=\"ace-line ace-line old-record-id-QADAfETPudgmudc05YvcTO5fnxe\">\n<div data-page-id=\"KJ7gfqkVndMSRJcMseScmvYwnTc\" data-lark-html-role=\"root\" data-docx-has-block-data=\"false\">\n<div class=\"ace-line ace-line old-record-id-JoRkfpho8dOkiacEOascDyCOncb\">\n<div data-page-id=\"KJ7gfqkVndMSRJcMseScmvYwnTc\" data-lark-html-role=\"root\" data-docx-has-block-data=\"false\">\n<div data-page-id=\"Ju6ofQ3V4dGmePcVvJvc1gmcnZb\" data-lark-html-role=\"root\" data-docx-has-block-data=\"true\">\n<div data-page-id=\"PR9ife5PLdFabccbFgZcWgZOnTc\" data-lark-html-role=\"root\" data-docx-has-block-data=\"false\">\n<div data-page-id=\"INdrfOIGzdaenXcptrcc1BcznQc\" data-lark-html-role=\"root\" data-docx-has-block-data=\"false\">\n<div class=\"ace-line ace-line old-record-id-P0fIf4YaZdoGkbcxt5ackec2nnb\">\n<div data-page-id=\"INdrfOIGzdaenXcptrcc1BcznQc\" data-lark-html-role=\"root\" data-docx-has-block-data=\"false\">\n<div data-page-id=\"MAzCfUB73dMTQscm8eWcougVn1g\" data-lark-html-role=\"root\" data-docx-has-block-data=\"true\">\n<div data-page-id=\"AXfpf7H1odhDvGcKoUOcErN8nV7\" data-lark-html-role=\"root\" data-docx-has-block-data=\"false\">\n<div data-page-id=\"QYTKf5PvLdUNdbce2nBcW9yfnrh\" data-lark-html-role=\"root\" data-docx-has-block-data=\"false\">\n<div data-page-id=\"Pvu1f1CCBdxbjncA9pgcBTpanph\" data-lark-html-role=\"root\" data-docx-has-block-data=\"true\">\n<div data-page-id=\"Axf3fcmY8dDAhtcjVircBcphnPc\" data-lark-html-role=\"root\" data-docx-has-block-data=\"false\">\n<div data-page-id=\"KKj1f9SPmdLhhMc5E2AcNlLen6f\" data-lark-html-role=\"root\" data-docx-has-block-data=\"true\">\n<div data-page-id=\"Rx61fK1sJdXHjPcBuhZcweNhnwc\" data-lark-html-role=\"root\" data-docx-has-block-data=\"false\">\n<div data-page-id=\"L1H9fkG9Mdz45Fcy4WMc5VKXnRe\" data-lark-html-role=\"root\" data-docx-has-block-data=\"false\">\n<div data-page-id=\"L1H9fkG9Mdz45Fcy4WMc5VKXnRe\" data-lark-html-role=\"root\" data-docx-has-block-data=\"false\">\n<div data-page-id=\"D4XLfVBVrdE8mrcaYizczklLnaf\" data-lark-html-role=\"root\" data-docx-has-block-data=\"false\">\n<div data-page-id=\"WVcifIY44d5mhMcXtyEcTsfenGd\" data-lark-html-role=\"root\" data-docx-has-block-data=\"true\">\n<div data-page-id=\"LRknfa6Whd4DWCcUc0FcNKpJnyh\" data-lark-html-role=\"root\" data-docx-has-block-data=\"false\">\n<div data-page-id=\"LRknfa6Whd4DWCcUc0FcNKpJnyh\" data-lark-html-role=\"root\" data-docx-has-block-data=\"false\">\n<div data-page-id=\"XFRAfkcOEdRWh8cArQ2cJdyRnJf\" data-lark-html-role=\"root\" data-docx-has-block-data=\"true\">\n<div data-page-id=\"OQ3bfjnRddMTDGcC3ouc6xFKnWf\" data-lark-html-role=\"root\" data-docx-has-block-data=\"true\">\n<div data-page-id=\"J0iGfj1hEdjc4rcUdSmc4spMnmZ\" data-lark-html-role=\"root\" data-docx-has-block-data=\"false\">\n<div data-page-id=\"P1o7fFyNlduP8tcfZpQcagzbnIf\" data-lark-html-role=\"root\" data-docx-has-block-data=\"false\">\n<div class=\"ace-line ace-line old-record-id-P1o7fFyNlduP8tcfZpQcagzbnIf\">\n<div data-page-id=\"P1o7fFyNlduP8tcfZpQcagzbnIf\" data-lark-html-role=\"root\" data-docx-has-block-data=\"false\">\n<div data-page-id=\"U4iufW38SdttWKcTstMcTtHRnXc\" data-lark-html-role=\"root\" data-docx-has-block-data=\"true\">\n<div data-page-id=\"ONVMf7VTWddcFtcyATOchCJHnZb\" data-lark-html-role=\"root\" data-docx-has-block-data=\"true\">\n<div data-page-id=\"KoW2fSy0PdLHFlc5kSHcgvWMnYg\" data-lark-html-role=\"root\" data-docx-has-block-data=\"false\">\n<div data-page-id=\"KoW2fSy0PdLHFlc5kSHcgvWMnYg\" data-lark-html-role=\"root\" data-docx-has-block-data=\"false\">\n<div data-page-id=\"OLGhfzxC7d7EFIcLEj9cRT5ynZf\" data-lark-html-role=\"root\" data-docx-has-block-data=\"false\">\n<div data-page-id=\"DdnnfrLjzdqrFIc9Il9c7pA2noc\" data-lark-html-role=\"root\" data-docx-has-block-data=\"true\">\n<div data-page-id=\"KNzcf2o0oddkJOcztTVcqPdlnth\" data-lark-html-role=\"root\" data-docx-has-block-data=\"false\">\n<div data-page-id=\"LBU7fg5SEdkWhecGJoxca3xvnCe\" data-lark-html-role=\"root\" data-docx-has-block-data=\"false\">\n<div data-page-id=\"EB70fooS3d69bMcgWB7c5qb9n8g\" data-lark-html-role=\"root\" data-docx-has-block-data=\"false\">\n<div data-page-id=\"AogwfsZCadB6t0cAvF0cK4JLnvf\" data-lark-html-role=\"root\" data-docx-has-block-data=\"false\">\n<div data-page-id=\"AogwfsZCadB6t0cAvF0cK4JLnvf\" data-lark-html-role=\"root\" data-docx-has-block-data=\"false\">\n<div data-page-id=\"JMZIflNGddQuU0c5JZocSqlvnle\" data-lark-html-role=\"root\" data-docx-has-block-data=\"false\">\n<div data-page-id=\"JMZIflNGddQuU0c5JZocSqlvnle\" data-lark-html-role=\"root\" data-docx-has-block-data=\"true\">\n<div data-page-id=\"HtEafjjRIdPAlMc9zgYcsGy6nOe\" data-lark-html-role=\"root\" data-docx-has-block-data=\"false\">\n<div data-page-id=\"Rhnafz0WTdDeT9c43xxczsbVnJo\" data-lark-html-role=\"root\" data-docx-has-block-data=\"false\">\n<div data-page-id=\"WY0CfKdcTdf4hVcZl67ct5LGncf\" data-lark-html-role=\"root\" data-docx-has-block-data=\"true\">\n<div data-page-id=\"MkB5fF4AVdchovcoPEpc7LqvnOd\" data-lark-html-role=\"root\" data-docx-has-block-data=\"true\">\n<div data-page-id=\"MfbjfZhbhdJdA8cH1dAckqF0n6g\" data-lark-html-role=\"root\" data-docx-has-block-data=\"false\">\n<div class=\"ace-line ace-line old-record-id-W2AHfJLnjd7ugjcRLs1c8BdhnNh\">\n<div data-page-id=\"MfbjfZhbhdJdA8cH1dAckqF0n6g\" data-lark-html-role=\"root\" data-docx-has-block-data=\"false\">\n<div class=\"old-record-id-XXd1feeCZdR2hJc6evocxnh1nOg\">\n<div data-page-id=\"MfbjfZhbhdJdA8cH1dAckqF0n6g\" data-lark-html-role=\"root\" data-docx-has-block-data=\"false\">\n<div data-page-id=\"DE51fYUmxdT3ekcHzc3cGrVQnsc\" data-lark-html-role=\"root\" data-docx-has-block-data=\"false\">\n<div data-page-id=\"YSKdfaZ08dRej3ci5CccQBuOncc\" data-lark-html-role=\"root\" data-docx-has-block-data=\"true\">\n<div data-page-id=\"K6mofQmledamEFcgp1EcVobmnYd\" data-lark-html-role=\"root\" data-docx-has-block-data=\"false\">\n<div data-page-id=\"VTgsfVLdCd9q1ucYcwRcCM0Hnof\" data-lark-html-role=\"root\" data-docx-has-block-data=\"true\">\n<div data-page-id=\"WucKfzp8RdNy8rcMJHncz4Knnac\" data-lark-html-role=\"root\" data-docx-has-block-data=\"true\">\n<div data-page-id=\"IfZ9fDIBLd9b9hcJiqGcLw9Pnmh\" data-lark-html-role=\"root\" data-docx-has-block-data=\"false\">\n<div data-page-id=\"JeU6f3Yq5dbdEHcZDptc5ikcn5c\" data-lark-html-role=\"root\" data-docx-has-block-data=\"true\">\n<div data-page-id=\"E1YjfnB4Jdmtsfc2ZObcu04Un6c\" data-lark-html-role=\"root\" data-docx-has-block-data=\"false\">\n<div data-page-id=\"RQVEfdiOzdqTQKcRcnxcG0Y7nce\" data-lark-html-role=\"root\" data-docx-has-block-data=\"true\">\n<h2 data-path-to-node=\"2\">Uwin RandM Twins Crystal 40000 Caladas: \u00bfCansado de que tu Desechable se Agote Demasiado R\u00e1pido?<\/h2>\n<p data-path-to-node=\"3\">El Uwin RandM Twins Crystal 40000 Caladas reescribe completamente las expectativas sobre cu\u00e1nto tiempo debe durar un dispositivo y c\u00f3mo debe funcionar. Combinando una est\u00e9tica audaz inspirada en arte callejero alrededor de hardware robusto, este dispositivo est\u00e1 construido para vaporeadores que exigen una longevidad seria sin sacrificar la calidad del sabor.<\/p>\n<p><img decoding=\"async\" class=\"alignnone wp-image-6269 size-full\" title=\"Banner de Uwin RandM Twins Crystal 40000 Puffs\" src=\"https:\/\/oiovape.com\/wp-content\/uploads\/2026\/01\/Uwin-RandM-Twins-Crystal-40000-Puffs-Banner.jpg\" alt=\"Banner de Uwin RandM Twins Crystal 40000 Puffs\" width=\"2400\" height=\"820\" srcset=\"https:\/\/oiovape.com\/wp-content\/uploads\/2026\/01\/Uwin-RandM-Twins-Crystal-40000-Puffs-Banner.jpg 2400w, https:\/\/oiovape.com\/wp-content\/uploads\/2026\/01\/Uwin-RandM-Twins-Crystal-40000-Puffs-Banner-300x103.jpg 300w, https:\/\/oiovape.com\/wp-content\/uploads\/2026\/01\/Uwin-RandM-Twins-Crystal-40000-Puffs-Banner-1024x350.jpg 1024w, https:\/\/oiovape.com\/wp-content\/uploads\/2026\/01\/Uwin-RandM-Twins-Crystal-40000-Puffs-Banner-768x262.jpg 768w, https:\/\/oiovape.com\/wp-content\/uploads\/2026\/01\/Uwin-RandM-Twins-Crystal-40000-Puffs-Banner-1536x525.jpg 1536w, https:\/\/oiovape.com\/wp-content\/uploads\/2026\/01\/Uwin-RandM-Twins-Crystal-40000-Puffs-Banner-2048x700.jpg 2048w, https:\/\/oiovape.com\/wp-content\/uploads\/2026\/01\/Uwin-RandM-Twins-Crystal-40000-Puffs-Banner-18x6.jpg 18w, https:\/\/oiovape.com\/wp-content\/uploads\/2026\/01\/Uwin-RandM-Twins-Crystal-40000-Puffs-Banner-1200x410.jpg 1200w, https:\/\/oiovape.com\/wp-content\/uploads\/2026\/01\/Uwin-RandM-Twins-Crystal-40000-Puffs-Banner-150x51.jpg 150w\" sizes=\"(max-width: 2400px) 100vw, 2400px\" \/><\/p>\n<h2 data-path-to-node=\"4\">Un Marat\u00f3n Absoluto: 40000 Caladas e Ingenier\u00eda de Doble Malla<\/h2>\n<p data-path-to-node=\"5\">La mayor\u00eda de los desechables son sprints; el Uwin Twins Crystal 40K es una carrera de resistencia. Alojando una capacidad masiva <b data-path-to-node=\"5\" data-index-in-node=\"96\">de 32ml de l\u00edquido electr\u00f3nico<\/b>, este dispositivo act\u00faa como un dep\u00f3sito de sabor profundo, entregando consistentemente hasta <b data-path-to-node=\"5\" data-index-in-node=\"200\">40000 caladas<\/b>. El secreto de su resistencia es el sistema de bobina de doble malla integrado. En lugar de desvanecerse o saber quemado a medida que baja el l\u00edquido, la malla act\u00faa como un motor finamente sintonizado, garantizando que tu \u00faltimo calada se sienta tan densa y vibrante como la primera.<\/p>\n<h3 data-path-to-node=\"6\">Dos Sabores en un Dispositivo: \u00bfPor Qu\u00e9 Limitar tus Antojos?<\/h3>\n<p data-path-to-node=\"7\">La fatiga del paladar nos sucede a todos, as\u00ed que \u00bfpor qu\u00e9 conformarse con un solo sabor cuando puedes llevar un men\u00fa de doble canal en tu bolsillo? El innovador <b data-path-to-node=\"7\" data-index-in-node=\"145\">\u201cdise\u00f1o de \u201d2 Sabores en 1\"<\/b> te permite cambiar entre dos mezclas premium precargadas en una fracci\u00f3n de segundo. Pi\u00e9nsalo como tener dos bandas sonoras distintas para tu d\u00eda\u2014cambia sin problemas del fr\u00edo agudo de Blueberry On Ice a la dulzura brillante de Summer Peach Ice con un simple cambio. Tienes control total sobre el ambiente.<\/p>\n<h4 data-path-to-node=\"8\">Rendimiento Ininterrumpido: La Potencia de 850mAh y Pantalla LED Inteligente<\/h4>\n<p data-path-to-node=\"9\">Adivinar cu\u00e1nto jugo te queda es cosa del pasado. El Uwin RandM Crystal Twins 40000 Caladas cuenta con una <b data-path-to-node=\"9\" data-index-in-node=\"111\">Pantalla LED Inteligente<\/b> de alta definici\u00f3n que sirve como tu panel personal, proyectando la vida \u00fatil de la bater\u00eda y los niveles de l\u00edquido electr\u00f3nico en tiempo real. Impulsado por un robusto <b data-path-to-node=\"9\" data-index-in-node=\"243\">Tipo-C<\/b>\u2014una actualizaci\u00f3n importante de las celdas desechables est\u00e1ndar\u2014y <b data-path-to-node=\"9\" data-index-in-node=\"328\">puerto de carga Tipo-C<\/b>, r\u00e1pida, est\u00e1 dise\u00f1ado para mantenerse al ritmo de tus d\u00edas m\u00e1s ocupados sin perder un latido.<\/p>\n<h5 data-path-to-node=\"10\">Entrega de Nicotina Personalizada: Opciones de 0% a 5%<\/h5>\n<p data-path-to-node=\"11\">Debido a que tus h\u00e1bitos de vapeo son completamente propios, la concentraci\u00f3n de nicotina no debe ser impuesta. Ofrecemos flexibilidad completa con m\u00faltiples concentraciones de nicotina de sal: <b data-path-to-node=\"11\" data-index-in-node=\"174\">0%, 2%, 3%, y 5%<\/b>. Ya sea que est\u00e9s dejando la nicotina completamente, buscando nube pura y sabor, o buscando ese golpe de garganta agudo y satisfactorio, hay una configuraci\u00f3n sintonizada exactamente para tu estilo de vida.<\/p>\n<h3 data-path-to-node=\"13\">Tabla de Especificaciones<\/h3>\n<table data-path-to-node=\"14\">\n<thead>\n<tr>\n<td><strong>Caracter\u00edstica<\/strong><\/td>\n<td><strong>Detalles<\/strong><\/td>\n<\/tr>\n<\/thead>\n<tbody>\n<tr>\n<td><span data-path-to-node=\"14,1,0,0\"><b data-path-to-node=\"14,1,0,0\" data-index-in-node=\"0\">Conteo de Puff<\/b><\/span><\/td>\n<td><span data-path-to-node=\"14,1,1,0\">Hasta 40000 Puffs<\/span><\/td>\n<\/tr>\n<tr>\n<td><span data-path-to-node=\"14,2,0,0\"><b data-path-to-node=\"14,2,0,0\" data-index-in-node=\"0\">Capacidad de E-l\u00edquido<\/b><\/span><\/td>\n<td><span data-path-to-node=\"14,2,1,0\">32ml<\/span><\/td>\n<\/tr>\n<tr>\n<td><span data-path-to-node=\"14,3,0,0\"><b data-path-to-node=\"14,3,0,0\" data-index-in-node=\"0\">Bater\u00eda<\/b><\/span><\/td>\n<td><span data-path-to-node=\"14,3,1,0\">850mAh (Recargable)<\/span><\/td>\n<\/tr>\n<tr>\n<td><span data-path-to-node=\"14,4,0,0\"><b data-path-to-node=\"14,4,0,0\" data-index-in-node=\"0\">Puerto de Carga<\/b><\/span><\/td>\n<td><span data-path-to-node=\"14,4,1,0\">, por supuesto\u2014porque nadie tiene tiempo para cargas lentas en estos d\u00edas) mantiene el dispositivo funcionando todo el d\u00eda, con un rendimiento constante desde la primera inhalaci\u00f3n hasta la \u00faltima. La<\/span><\/td>\n<\/tr>\n<tr>\n<td><span data-path-to-node=\"14,5,0,0\"><b data-path-to-node=\"14,5,0,0\" data-index-in-node=\"0\">Modo de Sabor<\/b><\/span><\/td>\n<td><span data-path-to-node=\"14,5,1,0\">2 Sabores en 1 Dispositivo<\/span><\/td>\n<\/tr>\n<tr>\n<td><span data-path-to-node=\"14,6,0,0\"><b data-path-to-node=\"14,6,0,0\" data-index-in-node=\"0\">Fuerza de Nicotina<\/b><\/span><\/td>\n<td><span data-path-to-node=\"14,6,1,0\">0% \/ 2% \/ 3% \/ 5%<\/span><\/td>\n<\/tr>\n<tr>\n<td><span data-path-to-node=\"14,7,0,0\"><b data-path-to-node=\"14,7,0,0\" data-index-in-node=\"0\">Tipo de Resistencia<\/b><\/span><\/td>\n<td><span data-path-to-node=\"14,7,1,0\">Bobina de Malla Doble<\/span><\/td>\n<\/tr>\n<\/tbody>\n<\/table>\n<h3 data-path-to-node=\"16\">El Cat\u00e1logo de Sabores Uwin RandM Twins Crystal 40000 Caladas (Combos Duales)<\/h3>\n<ul data-path-to-node=\"17\">\n<li>\n<p data-path-to-node=\"17,0,0\"><b data-path-to-node=\"17,0,0\" data-index-in-node=\"0\">Ar\u00e1ndano en Hielo \/ Durazno de Verano en Hielo<\/b><\/p>\n<\/li>\n<li>\n<p data-path-to-node=\"17,1,0\"><b data-path-to-node=\"17,1,0\" data-index-in-node=\"0\">Durazno, Mango, Pi\u00f1a \/ Red Bull<\/b><\/p>\n<\/li>\n<li>\n<p data-path-to-node=\"17,2,0\"><b data-path-to-node=\"17,2,0\" data-index-in-node=\"0\">Fresa, Sand\u00eda \/ Lim\u00f3n Lima<\/b><\/p>\n<\/li>\n<li>\n<p data-path-to-node=\"17,3,0\"><b data-path-to-node=\"17,3,0\" data-index-in-node=\"0\">Hielo de Sand\u00eda \/ Berries Mixtas<\/b><\/p>\n<\/li>\n<li>\n<p data-path-to-node=\"17,4,0\"><b data-path-to-node=\"17,4,0\" data-index-in-node=\"0\">Kiwi, Fruta de la Pasi\u00f3n, Guayaba \/ Dos Manzanas<\/b><\/p>\n<\/li>\n<li>\n<p data-path-to-node=\"17,5,0\"><b data-path-to-node=\"17,5,0\" data-index-in-node=\"0\">Fresa, Frambuesa, Cereza \/ Sr. Azul<\/b><\/p>\n<\/li>\n<li>\n<p data-path-to-node=\"17,6,0\"><b data-path-to-node=\"17,6,0\" data-index-in-node=\"0\">Fresa, Kiwi \/ Hielo de Uva<\/b><\/p>\n<\/li>\n<li>\n<p data-path-to-node=\"17,7,0\"><b data-path-to-node=\"17,7,0\" data-index-in-node=\"0\">Strawberry Banana \/ Love 66<\/b><\/p>\n<\/li>\n<li>\n<p data-path-to-node=\"17,8,0\"><b data-path-to-node=\"17,8,0\" data-index-in-node=\"0\">Ar\u00e1ndano, Frambuesa \/ Hielo de Cereza<\/b><\/p>\n<\/li>\n<li>\n<p data-path-to-node=\"17,9,0\"><b data-path-to-node=\"17,9,0\" data-index-in-node=\"0\">Kiwi, Fruta de la Pasi\u00f3n, Guayaba \/ Ar\u00e1ndano, Frambuesa<\/b><\/p>\n<\/li>\n<\/ul>\n<p><img decoding=\"async\" class=\"alignnone wp-image-8385 size-full\" title=\"Uwin Twins Crystal 40K Sabores\" src=\"https:\/\/oiovape.com\/wp-content\/uploads\/2026\/04\/Uwin-Twins-Crystal-40K-Flavors.jpg\" alt=\"Uwin Twins Crystal 40K Sabores\" width=\"1041\" height=\"1179\" srcset=\"https:\/\/oiovape.com\/wp-content\/uploads\/2026\/04\/Uwin-Twins-Crystal-40K-Flavors.jpg 1041w, https:\/\/oiovape.com\/wp-content\/uploads\/2026\/04\/Uwin-Twins-Crystal-40K-Flavors-265x300.jpg 265w, https:\/\/oiovape.com\/wp-content\/uploads\/2026\/04\/Uwin-Twins-Crystal-40K-Flavors-904x1024.jpg 904w, https:\/\/oiovape.com\/wp-content\/uploads\/2026\/04\/Uwin-Twins-Crystal-40K-Flavors-768x870.jpg 768w, https:\/\/oiovape.com\/wp-content\/uploads\/2026\/04\/Uwin-Twins-Crystal-40K-Flavors-11x12.jpg 11w, https:\/\/oiovape.com\/wp-content\/uploads\/2026\/04\/Uwin-Twins-Crystal-40K-Flavors-150x170.jpg 150w\" sizes=\"(max-width: 1041px) 100vw, 1041px\" \/><\/p>\n<\/div>\n<\/div>\n<\/div>\n<\/div>\n<\/div>\n<\/div>\n<\/div>\n<\/div>\n<\/div>\n<\/div>\n<\/div>\n<\/div>\n<\/div>\n<\/div>\n<\/div>\n<\/div>\n<\/div>\n<\/div>\n<\/div>\n<\/div>\n<\/div>\n<\/div>\n<\/div>\n<\/div>\n<\/div>\n<\/div>\n<\/div>\n<\/div>\n<\/div>\n<\/div>\n<\/div>\n<\/div>\n<\/div>\n<\/div>\n<\/div>\n<\/div>\n<\/div>\n<\/div>\n<\/div>\n<\/div>\n<\/div>\n<\/div>\n<\/div>\n<\/div>\n<\/div>\n<\/div>\n<\/div>\n<\/div>\n<\/div>\n<\/div>\n<\/div>\n<\/div>\n<\/div>\n<\/div>\n<\/div>\n<\/div>\n<\/div>\n<\/div>\n<\/div>\n<\/div>\n<\/div>\n<\/div>\n<\/div>\n<\/div>\n<\/div>\n<\/div>\n<\/div>\n<\/div>\n<\/div>\n<\/div>\n<\/div>\n<\/div>\n<\/div>\n<\/div>","protected":false},"excerpt":{"rendered":"<div data-page-id=\"RAopf2sw9dtvw4cWYXpcTwo0n8g\" data-lark-html-role=\"root\" data-docx-has-block-data=\"false\">\n<div class=\"ace-line ace-line old-record-id-Uju9f3RXYd8dh2crAJbcBF3Un6M\">Uwin RandM Twins Crystal 40000 Puffs presenta 15 conjuntos de sabores duales con sabores afrutados y helados, todos en opciones de nicotina 0%-5%. Tiene 32ml de e-l\u00edquido, una bater\u00eda recargable Type-C de 650mAh y una bobina de malla para un vapor suave. Empacado en 10 piezas\/caja, 200 piezas\/cart\u00f3n, es perfecto para vapeadores de todos los niveles con 40K inhalaciones de larga duraci\u00f3n.<\/div>\n<\/div>","protected":false},"featured_media":6259,"comment_status":"open","ping_status":"closed","template":"","meta":{"_acf_changed":false,"inline_featured_image":false,"_sitemap_exclude":false,"_sitemap_priority":"","_sitemap_frequency":""},"product_brand":[309],"product_cat":[310,239,244],"product_tag":[],"class_list":{"0":"post-6257","1":"product","2":"type-product","3":"status-publish","4":"has-post-thumbnail","6":"product_brand-uwin","7":"product_cat-uwin-puff","8":"product_cat-disposable-vape-collection","9":"product_cat-40k-puff","11":"first","12":"instock","13":"sale","14":"shipping-taxable","15":"purchasable","16":"product-type-variable","17":"has-default-attributes"},"acf":[],"tiered_pricing_type":"fixed","tiered_pricing_fixed_rules":{"30":7.68,"60":6.35,"100":6.08,"200":5.68},"tiered_pricing_product_settings":{"layout":"default","base_unit_name":{"singular":null,"plural":null},"default_variation":null},"tiered_pricing_minimum_quantity":10,"tiered_pricing_roles_data":[],"tiered_pricing_percentage_rules":[],"tiered_pricing_maximum_quantity":null,"tiered_pricing_quantity_step":"10","_links":{"self":[{"href":"https:\/\/oiovape.com\/es\/wp-json\/wp\/v2\/product\/6257","targetHints":{"allow":["GET"]}}],"collection":[{"href":"https:\/\/oiovape.com\/es\/wp-json\/wp\/v2\/product"}],"about":[{"href":"https:\/\/oiovape.com\/es\/wp-json\/wp\/v2\/types\/product"}],"replies":[{"embeddable":true,"href":"https:\/\/oiovape.com\/es\/wp-json\/wp\/v2\/comments?post=6257"}],"version-history":[{"count":2,"href":"https:\/\/oiovape.com\/es\/wp-json\/wp\/v2\/product\/6257\/revisions"}],"predecessor-version":[{"id":8386,"href":"https:\/\/oiovape.com\/es\/wp-json\/wp\/v2\/product\/6257\/revisions\/8386"}],"wp:featuredmedia":[{"embeddable":true,"href":"https:\/\/oiovape.com\/es\/wp-json\/wp\/v2\/media\/6259"}],"wp:attachment":[{"href":"https:\/\/oiovape.com\/es\/wp-json\/wp\/v2\/media?parent=6257"}],"wp:term":[{"taxonomy":"product_brand","embeddable":true,"href":"https:\/\/oiovape.com\/es\/wp-json\/wp\/v2\/product_brand?post=6257"},{"taxonomy":"product_cat","embeddable":true,"href":"https:\/\/oiovape.com\/es\/wp-json\/wp\/v2\/product_cat?post=6257"},{"taxonomy":"product_tag","embeddable":true,"href":"https:\/\/oiovape.com\/es\/wp-json\/wp\/v2\/product_tag?post=6257"}],"curies":[{"name":"wp","href":"https:\/\/api.w.org\/{rel}","templated":true}]}}