{"id":6317,"date":"2026-01-29T13:59:15","date_gmt":"2026-01-29T05:59:15","guid":{"rendered":"https:\/\/oiovape.com\/?post_type=product&#038;p=6317"},"modified":"2026-03-02T18:01:44","modified_gmt":"2026-03-02T10:01:44","slug":"uwin-digital-box-68000-puffs","status":"publish","type":"product","link":"https:\/\/oiovape.com\/es\/product\/uwin-digital-box-68000-puffs\/","title":{"rendered":"Uwin Digital Box 68000 PUFFS 10 Sabores Disponibles, Bobina de Malla, Indicador de Potencia, Cigarrillo Electr\u00f3nico Desechable"},"content":{"rendered":"<div data-page-id=\"ZVeMfq8uxd7y1ycuKm5cym4LnYd\" data-lark-html-role=\"root\" data-docx-has-block-data=\"false\">\n<div data-page-id=\"Fd41fZ5N9dzRQtcRNoVc2FuDnCh\" data-lark-html-role=\"root\" data-docx-has-block-data=\"true\">\n<div data-page-id=\"BdIJfeeijdk1eucGpS8cDCBBn5c\" data-lark-html-role=\"root\" data-docx-has-block-data=\"false\">\n<div data-page-id=\"Zbg9fWx77dUuh2cIYpic25c8nyd\" data-lark-html-role=\"root\" data-docx-has-block-data=\"false\">\n<div data-page-id=\"KaIvfiurhdlCKdc0kyxcX64cnE6\" data-lark-html-role=\"root\" data-docx-has-block-data=\"true\">\n<div data-page-id=\"PbvFfqxqlddUTScRpEYcY5MHnpf\" data-lark-html-role=\"root\" data-docx-has-block-data=\"true\">\n<div data-page-id=\"GZO2f5JeudwY4jc9iJtcdk9Hnxh\" data-lark-html-role=\"root\" data-docx-has-block-data=\"false\">\n<div data-page-id=\"EZVRf2acFduXLGcseZFc4qH2n6e\" data-lark-html-role=\"root\" data-docx-has-block-data=\"false\">\n<div data-page-id=\"B8rHfcqlqdzmH5cCWCncz17Cntb\" data-lark-html-role=\"root\" data-docx-has-block-data=\"false\">\n<div data-page-id=\"B8rHfcqlqdzmH5cCWCncz17Cntb\" data-lark-html-role=\"root\" data-docx-has-block-data=\"false\">\n<div data-page-id=\"B8rHfcqlqdzmH5cCWCncz17Cntb\" data-lark-html-role=\"root\" data-docx-has-block-data=\"true\">\n<div data-page-id=\"HM70f1aoxdD0bMcxJZBcVc7ynZd\" data-lark-html-role=\"root\" data-docx-has-block-data=\"false\">\n<div data-page-id=\"NSrJfN7Ord22i0c1iwZcsF8yn8b\" data-lark-html-role=\"root\" data-docx-has-block-data=\"false\">\n<div data-page-id=\"RXEff4Mskds8o1cqL5HcGEtUnCh\" data-lark-html-role=\"root\" data-docx-has-block-data=\"false\">\n<div data-page-id=\"KJ7gfqkVndMSRJcMseScmvYwnTc\" data-lark-html-role=\"root\" data-docx-has-block-data=\"false\">\n<div class=\"ace-line ace-line old-record-id-QADAfETPudgmudc05YvcTO5fnxe\">\n<div data-page-id=\"KJ7gfqkVndMSRJcMseScmvYwnTc\" data-lark-html-role=\"root\" data-docx-has-block-data=\"false\">\n<div class=\"ace-line ace-line old-record-id-JoRkfpho8dOkiacEOascDyCOncb\">\n<div data-page-id=\"KJ7gfqkVndMSRJcMseScmvYwnTc\" data-lark-html-role=\"root\" data-docx-has-block-data=\"false\">\n<div data-page-id=\"Ju6ofQ3V4dGmePcVvJvc1gmcnZb\" data-lark-html-role=\"root\" data-docx-has-block-data=\"true\">\n<div data-page-id=\"PR9ife5PLdFabccbFgZcWgZOnTc\" data-lark-html-role=\"root\" data-docx-has-block-data=\"false\">\n<div data-page-id=\"INdrfOIGzdaenXcptrcc1BcznQc\" data-lark-html-role=\"root\" data-docx-has-block-data=\"false\">\n<div class=\"ace-line ace-line old-record-id-P0fIf4YaZdoGkbcxt5ackec2nnb\">\n<div data-page-id=\"INdrfOIGzdaenXcptrcc1BcznQc\" data-lark-html-role=\"root\" data-docx-has-block-data=\"false\">\n<div data-page-id=\"MAzCfUB73dMTQscm8eWcougVn1g\" data-lark-html-role=\"root\" data-docx-has-block-data=\"true\">\n<div data-page-id=\"AXfpf7H1odhDvGcKoUOcErN8nV7\" data-lark-html-role=\"root\" data-docx-has-block-data=\"false\">\n<div data-page-id=\"QYTKf5PvLdUNdbce2nBcW9yfnrh\" data-lark-html-role=\"root\" data-docx-has-block-data=\"false\">\n<div data-page-id=\"Pvu1f1CCBdxbjncA9pgcBTpanph\" data-lark-html-role=\"root\" data-docx-has-block-data=\"true\">\n<div data-page-id=\"Axf3fcmY8dDAhtcjVircBcphnPc\" data-lark-html-role=\"root\" data-docx-has-block-data=\"false\">\n<div data-page-id=\"KKj1f9SPmdLhhMc5E2AcNlLen6f\" data-lark-html-role=\"root\" data-docx-has-block-data=\"true\">\n<div data-page-id=\"Rx61fK1sJdXHjPcBuhZcweNhnwc\" data-lark-html-role=\"root\" data-docx-has-block-data=\"false\">\n<div data-page-id=\"L1H9fkG9Mdz45Fcy4WMc5VKXnRe\" data-lark-html-role=\"root\" data-docx-has-block-data=\"false\">\n<div data-page-id=\"L1H9fkG9Mdz45Fcy4WMc5VKXnRe\" data-lark-html-role=\"root\" data-docx-has-block-data=\"false\">\n<div data-page-id=\"D4XLfVBVrdE8mrcaYizczklLnaf\" data-lark-html-role=\"root\" data-docx-has-block-data=\"false\">\n<div data-page-id=\"WVcifIY44d5mhMcXtyEcTsfenGd\" data-lark-html-role=\"root\" data-docx-has-block-data=\"true\">\n<div data-page-id=\"LRknfa6Whd4DWCcUc0FcNKpJnyh\" data-lark-html-role=\"root\" data-docx-has-block-data=\"false\">\n<div data-page-id=\"LRknfa6Whd4DWCcUc0FcNKpJnyh\" data-lark-html-role=\"root\" data-docx-has-block-data=\"false\">\n<div data-page-id=\"XFRAfkcOEdRWh8cArQ2cJdyRnJf\" data-lark-html-role=\"root\" data-docx-has-block-data=\"true\">\n<div data-page-id=\"OQ3bfjnRddMTDGcC3ouc6xFKnWf\" data-lark-html-role=\"root\" data-docx-has-block-data=\"true\">\n<div data-page-id=\"J0iGfj1hEdjc4rcUdSmc4spMnmZ\" data-lark-html-role=\"root\" data-docx-has-block-data=\"false\">\n<div data-page-id=\"P1o7fFyNlduP8tcfZpQcagzbnIf\" data-lark-html-role=\"root\" data-docx-has-block-data=\"false\">\n<div class=\"ace-line ace-line old-record-id-P1o7fFyNlduP8tcfZpQcagzbnIf\">\n<div data-page-id=\"P1o7fFyNlduP8tcfZpQcagzbnIf\" data-lark-html-role=\"root\" data-docx-has-block-data=\"false\">\n<div data-page-id=\"U4iufW38SdttWKcTstMcTtHRnXc\" data-lark-html-role=\"root\" data-docx-has-block-data=\"true\">\n<div data-page-id=\"ONVMf7VTWddcFtcyATOchCJHnZb\" data-lark-html-role=\"root\" data-docx-has-block-data=\"true\">\n<div data-page-id=\"KoW2fSy0PdLHFlc5kSHcgvWMnYg\" data-lark-html-role=\"root\" data-docx-has-block-data=\"false\">\n<div data-page-id=\"KoW2fSy0PdLHFlc5kSHcgvWMnYg\" data-lark-html-role=\"root\" data-docx-has-block-data=\"false\">\n<div data-page-id=\"OLGhfzxC7d7EFIcLEj9cRT5ynZf\" data-lark-html-role=\"root\" data-docx-has-block-data=\"false\">\n<div data-page-id=\"DdnnfrLjzdqrFIc9Il9c7pA2noc\" data-lark-html-role=\"root\" data-docx-has-block-data=\"true\">\n<div data-page-id=\"KNzcf2o0oddkJOcztTVcqPdlnth\" data-lark-html-role=\"root\" data-docx-has-block-data=\"false\">\n<div data-page-id=\"LBU7fg5SEdkWhecGJoxca3xvnCe\" data-lark-html-role=\"root\" data-docx-has-block-data=\"false\">\n<div data-page-id=\"EB70fooS3d69bMcgWB7c5qb9n8g\" data-lark-html-role=\"root\" data-docx-has-block-data=\"false\">\n<div data-page-id=\"AogwfsZCadB6t0cAvF0cK4JLnvf\" data-lark-html-role=\"root\" data-docx-has-block-data=\"false\">\n<div data-page-id=\"AogwfsZCadB6t0cAvF0cK4JLnvf\" data-lark-html-role=\"root\" data-docx-has-block-data=\"false\">\n<div data-page-id=\"JMZIflNGddQuU0c5JZocSqlvnle\" data-lark-html-role=\"root\" data-docx-has-block-data=\"false\">\n<div data-page-id=\"JMZIflNGddQuU0c5JZocSqlvnle\" data-lark-html-role=\"root\" data-docx-has-block-data=\"true\">\n<div data-page-id=\"HtEafjjRIdPAlMc9zgYcsGy6nOe\" data-lark-html-role=\"root\" data-docx-has-block-data=\"false\">\n<div data-page-id=\"Rhnafz0WTdDeT9c43xxczsbVnJo\" data-lark-html-role=\"root\" data-docx-has-block-data=\"false\">\n<div data-page-id=\"WY0CfKdcTdf4hVcZl67ct5LGncf\" data-lark-html-role=\"root\" data-docx-has-block-data=\"true\">\n<div data-page-id=\"MkB5fF4AVdchovcoPEpc7LqvnOd\" data-lark-html-role=\"root\" data-docx-has-block-data=\"true\">\n<div data-page-id=\"MfbjfZhbhdJdA8cH1dAckqF0n6g\" data-lark-html-role=\"root\" data-docx-has-block-data=\"false\">\n<div class=\"ace-line ace-line old-record-id-W2AHfJLnjd7ugjcRLs1c8BdhnNh\">\n<div data-page-id=\"MfbjfZhbhdJdA8cH1dAckqF0n6g\" data-lark-html-role=\"root\" data-docx-has-block-data=\"false\">\n<div class=\"old-record-id-XXd1feeCZdR2hJc6evocxnh1nOg\">\n<div data-page-id=\"MfbjfZhbhdJdA8cH1dAckqF0n6g\" data-lark-html-role=\"root\" data-docx-has-block-data=\"false\">\n<div data-page-id=\"DE51fYUmxdT3ekcHzc3cGrVQnsc\" data-lark-html-role=\"root\" data-docx-has-block-data=\"false\">\n<div data-page-id=\"YSKdfaZ08dRej3ci5CccQBuOncc\" data-lark-html-role=\"root\" data-docx-has-block-data=\"true\">\n<div data-page-id=\"K6mofQmledamEFcgp1EcVobmnYd\" data-lark-html-role=\"root\" data-docx-has-block-data=\"false\">\n<div data-page-id=\"VTgsfVLdCd9q1ucYcwRcCM0Hnof\" data-lark-html-role=\"root\" data-docx-has-block-data=\"true\">\n<div data-page-id=\"WucKfzp8RdNy8rcMJHncz4Knnac\" data-lark-html-role=\"root\" data-docx-has-block-data=\"true\">\n<div data-page-id=\"IfZ9fDIBLd9b9hcJiqGcLw9Pnmh\" data-lark-html-role=\"root\" data-docx-has-block-data=\"false\">\n<div data-page-id=\"JeU6f3Yq5dbdEHcZDptc5ikcn5c\" data-lark-html-role=\"root\" data-docx-has-block-data=\"true\">\n<div data-page-id=\"E1YjfnB4Jdmtsfc2ZObcu04Un6c\" data-lark-html-role=\"root\" data-docx-has-block-data=\"false\">\n<div data-page-id=\"RQVEfdiOzdqTQKcRcnxcG0Y7nce\" data-lark-html-role=\"root\" data-docx-has-block-data=\"true\">\n<div data-page-id=\"NKc7fbZi9dnOXocdHcScVsXdnmh\" data-lark-html-role=\"root\" data-docx-has-block-data=\"false\">\n<div data-page-id=\"DaE3fgNEwdnbQVc62iqcBK4lnte\" data-lark-html-role=\"root\" data-docx-has-block-data=\"false\">\n<div data-page-id=\"DaE3fgNEwdnbQVc62iqcBK4lnte\" data-lark-html-role=\"root\" data-docx-has-block-data=\"false\">\n<div data-page-id=\"KyZ4fb9NeduIEZch0Slc4KKdnIh\" data-lark-html-role=\"root\" data-docx-has-block-data=\"true\">\n<h1 class=\"ace-line ace-line old-record-id-KyZ4fb9NeduIEZch0Slc4KKdnIh\">Uwin Digital Box 68000 Puffs Introducci\u00f3n del Producto<\/h1>\n<div class=\"ace-line ace-line old-record-id-M9tofLk3IdWri8cXc0xcEuwInrd\">Uwin Digital Box 68000 Puffs se destaca como un dispositivo de vapeo vers\u00e1til y satisfactorio, con una impresionante capacidad de 68000 inhalaciones, m\u00faltiples opciones de concentraci\u00f3n de nicotina y una amplia gama de deliciosos sabores. Dise\u00f1ado pensando en la experiencia del usuario, combina tecnolog\u00eda de bobina de malla de alta calidad con caracter\u00edsticas pr\u00e1cticas como indicadores de l\u00edquido y de energ\u00eda, lo que lo convierte en una opci\u00f3n confiable para los entusiastas del vapeo.<\/div>\n<h2 class=\"heading-2 ace-line old-record-id-TvpqfdYGvd5Z3hcbRtqcgWKInw2\">Una Amplia Gama de Sabores Exquisitos<\/h2>\n<div class=\"ace-line ace-line old-record-id-OGTIfWF8adzkXUc1ElucoCoSnRe\">Ya sea que prefieras la dulzura afrutada, la frescura helada o sabores \u00fanicos y mezclados, Uwin Digital Box 68000 Puffs tiene algo para satisfacer todos los paladares. Cada sabor est\u00e1 cuidadosamente elaborado para ofrecer una experiencia de sabor rica y aut\u00e9ntica:<\/div>\n<ul class=\"list-bullet1\">\n<li class=\"ace-line ace-line old-record-id-F278fEH3Ud6iNtcCyrKcBjjwncg\" data-list=\"bullet\">\n<div><strong>Mora Frambuesa<\/strong>: Combina las notas dulces y ligeramente \u00e1cidas de ar\u00e1ndanos maduros con la frescura jugosa de frambuesas, creando una armoniosa mezcla de bayas.<\/div>\n<\/li>\n<li class=\"ace-line ace-line old-record-id-PRUCfvPxQdfadfcDxPucaFB0nUf\" data-list=\"bullet\">\n<div><strong>Fresa Sand\u00eda<\/strong>: Mezcla la dulzura de fresas maduras al sol con el sabor crujiente e hidratante de la sand\u00eda, perfecto para los amantes de los sabores afrutados.<\/div>\n<\/li>\n<li class=\"ace-line ace-line old-record-id-RT03f9drYdbxDCcEWihcrHXcnuh\" data-list=\"bullet\">\n<div><strong>Hielo de Sand\u00eda<\/strong>: Ofrece el sabor cl\u00e1sico de la dulce sand\u00eda infusionada con un acabado helado y refrescante, ideal para d\u00edas calurosos.<\/div>\n<\/li>\n<li class=\"ace-line ace-line old-record-id-JjIvfI7HSd546ZcHvuccfHUtnPe\" data-list=\"bullet\">\n<div><strong>Hielo de Cereza<\/strong>: Presenta el sabor audaz y dulce-\u00e1cido de cerezas frescas combinado con un suave toque helado, proporcionando una sensaci\u00f3n de frescura satisfactoria.<\/div>\n<\/li>\n<li class=\"ace-line ace-line old-record-id-GN1wf6YEIdUYpqcLcrhcAcJWnnh\" data-list=\"bullet\">\n<div><strong>Kiwi Fruta de la Pasi\u00f3n Guayaba<\/strong>: Una mezcla tropical de kiwi \u00e1cido, fruta de la pasi\u00f3n arom\u00e1tica y guayaba dulce, transport\u00e1ndote a un para\u00edso tropical con cada inhalaci\u00f3n.<\/div>\n<\/li>\n<li class=\"ace-line ace-line old-record-id-NQZtfvDSbdXmM6cDgDzcdm8snkg\" data-list=\"bullet\">\n<div><strong>Summer Peach Ice<\/strong>: Captura el sabor jugoso y dulce de duraznos de verano combinado con un ligero toque helado, ofreciendo un sabor delicado y refrescante.<\/div>\n<\/li>\n<li class=\"ace-line ace-line old-record-id-W8IRfRAPBdu3W4ck3ILcxWvUnic\" data-list=\"bullet\">\n<div><strong>Fresa Kiwi<\/strong>: Fusiona la dulzura de las fresas con el sabor brillante y \u00e1cido del kiwi, creando una combinaci\u00f3n vibrante y afrutada.<\/div>\n<\/li>\n<li class=\"ace-line ace-line old-record-id-S1cWfbYm4dJ3pjcACZPcFrv2nWk\" data-list=\"bullet\">\n<div><strong>Frutos Rojos Mezclados<\/strong>: Una mezcla deliciosa de varias bayas, que ofrece un rico y estratificado sabor a bayas que es tanto dulce como ligeramente \u00e1cido.<\/div>\n<\/li>\n<li class=\"ace-line ace-line old-record-id-Kyjqf4eNbdeetxcdPsCcOlpUnhg\" data-list=\"bullet\">\n<div><strong>Sr. Azul<\/strong>: Un sabor \u00fanico y misterioso de tono azul con matices dulces y frescos, perfecto para quienes buscan algo diferente.<\/div>\n<\/li>\n<li class=\"ace-line ace-line old-record-id-H2i1fcEpAdxtsYcXv1ccPzetnBg\" data-list=\"bullet\">\n<div><strong>Red Bull<\/strong>: Recrea el sabor ic\u00f3nico de la bebida energ\u00e9tica, ofreciendo un gusto audaz y picante que eleva tu \u00e1nimo y energ\u00eda.<\/div>\n<\/li>\n<\/ul>\n<p><img decoding=\"async\" class=\"wp-image-6329 size-full\" title=\"Uwin Digital Box 68K Sabor\" src=\"https:\/\/oiovape.com\/wp-content\/uploads\/2026\/01\/Uwin-Digital-Box-68K-Flavor.png\" alt=\"Uwin Digital Box 68K Sabor\" width=\"1000\" height=\"1000\" srcset=\"https:\/\/oiovape.com\/wp-content\/uploads\/2026\/01\/Uwin-Digital-Box-68K-Flavor.png 1000w, https:\/\/oiovape.com\/wp-content\/uploads\/2026\/01\/Uwin-Digital-Box-68K-Flavor-300x300.png 300w, https:\/\/oiovape.com\/wp-content\/uploads\/2026\/01\/Uwin-Digital-Box-68K-Flavor-150x150.png 150w, https:\/\/oiovape.com\/wp-content\/uploads\/2026\/01\/Uwin-Digital-Box-68K-Flavor-768x768.png 768w, https:\/\/oiovape.com\/wp-content\/uploads\/2026\/01\/Uwin-Digital-Box-68K-Flavor-12x12.png 12w, https:\/\/oiovape.com\/wp-content\/uploads\/2026\/01\/Uwin-Digital-Box-68K-Flavor-600x600.png 600w\" sizes=\"(max-width: 1000px) 100vw, 1000px\" \/><\/p>\n<h2 class=\"heading-2 ace-line old-record-id-M3iCfI7G2dn0ElcV72XcocS5nUg\">Caracter\u00edsticas y Especificaciones Principales<\/h2>\n<h3 class=\"heading-3 ace-line old-record-id-RLbHf6KMgdxNhHcOSI0cJ3Bonef\">Caracter\u00edsticas Clave del Producto<\/h3>\n<div>\n<table class=\"ace-table\" data-ace-table-col-widths=\"200;200\">\n<colgroup>\n<col width=\"200\" \/>\n<col width=\"200\" \/><\/colgroup>\n<thead>\n<tr>\n<th colspan=\"1\" rowspan=\"1\">\n<div class=\"ace-line ace-line old-record-id-ZF2SfGqwBdRIKwcglYecEa0tnmf\">Caracter\u00edstica<\/div>\n<\/th>\n<th colspan=\"1\" rowspan=\"1\">\n<div class=\"ace-line ace-line old-record-id-TaDTfkWwZdye7wcMEzzck7stnwg\">Detalles<\/div>\n<\/th>\n<\/tr>\n<\/thead>\n<tbody>\n<tr>\n<td colspan=\"1\" rowspan=\"1\">\n<div class=\"ace-line ace-line old-record-id-KIE2fnmEOdijkfcwdt1cdygtnoh\">Fuerza de Nicotina<\/div>\n<\/td>\n<td colspan=\"1\" rowspan=\"1\">\n<div class=\"ace-line ace-line old-record-id-Apz1fVr5xdQe9ZcFObocADR6nuc\">0%, 2%, 3%, 5% (opciones m\u00faltiples disponibles)<\/div>\n<\/td>\n<\/tr>\n<tr>\n<td colspan=\"1\" rowspan=\"1\">\n<div class=\"ace-line ace-line old-record-id-WSe2f0JZjdXiHrcq0PqcF5HGnDg\">Conteo de Puff<\/div>\n<\/td>\n<td colspan=\"1\" rowspan=\"1\">\n<div class=\"ace-line ace-line old-record-id-VxKyfzsTId27lpcpOavc7zzJnPg\">68000 inhalaciones<\/div>\n<\/td>\n<\/tr>\n<tr>\n<td colspan=\"1\" rowspan=\"1\">\n<div class=\"ace-line ace-line old-record-id-QmbYfolFudDULTcoOoPcC4z7nhd\">Opciones de Sabor<\/div>\n<\/td>\n<td colspan=\"1\" rowspan=\"1\">\n<div class=\"ace-line ace-line old-record-id-Ial6ft9oIdsDH3cHJ9BckblynUb\">10 sabores distintos<\/div>\n<\/td>\n<\/tr>\n<tr>\n<td colspan=\"1\" rowspan=\"1\">\n<div class=\"ace-line ace-line old-record-id-FraHfR99udey9BcESb9csgdJnQh\">Tipo de Resistencia<\/div>\n<\/td>\n<td colspan=\"1\" rowspan=\"1\">\n<div class=\"ace-line ace-line old-record-id-U8LPfBpCTdgIhCccWeFcdAJxnoe\">Bobina de malla (asegura un calentamiento uniforme y un sabor rico)<\/div>\n<\/td>\n<\/tr>\n<tr>\n<td colspan=\"1\" rowspan=\"1\">\n<div class=\"ace-line ace-line old-record-id-XmeJfZF1hd8H2RcBqrOcS42gn2b\">Indicadores Especiales<\/div>\n<\/td>\n<td colspan=\"1\" rowspan=\"1\">\n<div class=\"ace-line ace-line old-record-id-YHt6fa44ydNfNscfxAicZt4ZnIf\">Indicador de l\u00edquido y energ\u00eda (f\u00e1cil de monitorear el estado de uso)<\/div>\n<\/td>\n<\/tr>\n<tr>\n<td colspan=\"1\" rowspan=\"1\">\n<div class=\"ace-line ace-line old-record-id-G1MJfcHGBdhEHkc4AEgcXXISnkf\">Peso del Producto<\/div>\n<\/td>\n<td colspan=\"1\" rowspan=\"1\">\n<div class=\"ace-line ace-line old-record-id-D07nftXVWdOwv2cUNV7cCojPnkd\">95g (ligero y port\u00e1til)<\/div>\n<\/td>\n<\/tr>\n<\/tbody>\n<\/table>\n<\/div>\n<h3 class=\"heading-3 ace-line old-record-id-K3mgfFubudcOe2cbjI2cWEUOnAh\">Especificaciones de Embalaje y Env\u00edo<\/h3>\n<ul class=\"list-bullet1\">\n<li class=\"ace-line ace-line old-record-id-EbCefHv82dLMihcnJUKcmWernpe\" data-list=\"bullet\">\n<div>Cantidad por caja: 10pcs<\/div>\n<\/li>\n<li class=\"ace-line ace-line old-record-id-Wu62fYstrd0hANcwoCbcl6RfnEb\" data-list=\"bullet\">\n<div>Cantidad por cart\u00f3n: 200pcs<\/div>\n<\/li>\n<li class=\"ace-line ace-line old-record-id-RGG9faObed13kNc0uP7cbQbPngf\" data-list=\"bullet\">\n<div>Dimensiones del cart\u00f3n: 61.5*30.8*27.5cm<\/div>\n<\/li>\n<li class=\"ace-line ace-line old-record-id-P0Hbfjm1DdYOvzcgSGuczdZ9nu9\" data-list=\"bullet\">\n<div>Peso del cart\u00f3n: 20.65KG<\/div>\n<\/li>\n<\/ul>\n<h2 class=\"heading-2 ace-line old-record-id-VT9efgyZQdBiajcSCdpcfTPKn7d\">Preguntas Frecuentes (Q&amp;A)<\/h2>\n<h3 class=\"heading-3 ace-line old-record-id-RTtlfS3zrdtpovcrgexcJrVtnXf\">Acerca del Producto<\/h3>\n<ul class=\"list-bullet1\">\n<li class=\"ace-line ace-line old-record-id-UlmKfdKq1dSV3tcWi8AcDbQBn5b\" data-list=\"bullet\">\n<div><strong>P: \u00bfPuedo elegir una opci\u00f3n sin nicotina para este dispositivo?<\/strong> R: S\u00ed, puedes. El Uwin Digital Box 68000 Puffs ofrece una opci\u00f3n de nicotina 0%, adecuada para usuarios que prefieren vapear sin nicotina.<\/div>\n<\/li>\n<li class=\"ace-line ace-line old-record-id-Qn24fPNO5di86CccGAacO4Zbnve\" data-list=\"bullet\">\n<div><strong>P: \u00bfCu\u00e1nto tiempo puede durar un dispositivo?<\/strong> R: Con una capacidad de 68,000 inhalaciones, el dispositivo puede durar mucho tiempo, dependiendo de tu uso diario. Es ideal para vapeadores frecuentes que desean evitar el reemplazo constante del dispositivo.<\/div>\n<\/li>\n<li class=\"ace-line ace-line old-record-id-Lo4ufvtzcdPQP3cg9NEcZPUlnJd\" data-list=\"bullet\">\n<div><strong>P: \u00bfCu\u00e1l es la ventaja de la bobina de malla?<\/strong> R: La bobina de malla proporciona un \u00e1rea de calentamiento m\u00e1s grande, asegurando un calentamiento m\u00e1s uniforme del e-l\u00edquido. Esto resulta en un sabor m\u00e1s rico y consistente y una experiencia de vapeo m\u00e1s suave.<\/div>\n<\/li>\n<\/ul>\n<\/div>\n<\/div>\n<\/div>\n<\/div>\n<\/div>\n<\/div>\n<\/div>\n<\/div>\n<\/div>\n<\/div>\n<\/div>\n<\/div>\n<\/div>\n<\/div>\n<\/div>\n<\/div>\n<\/div>\n<\/div>\n<\/div>\n<\/div>\n<\/div>\n<\/div>\n<\/div>\n<\/div>\n<\/div>\n<\/div>\n<\/div>\n<\/div>\n<\/div>\n<\/div>\n<\/div>\n<\/div>\n<\/div>\n<\/div>\n<\/div>\n<\/div>\n<\/div>\n<\/div>\n<\/div>\n<\/div>\n<\/div>\n<\/div>\n<\/div>\n<\/div>\n<\/div>\n<\/div>\n<\/div>\n<\/div>\n<\/div>\n<\/div>\n<\/div>\n<\/div>\n<\/div>\n<\/div>\n<\/div>\n<\/div>\n<\/div>\n<\/div>\n<\/div>\n<\/div>\n<\/div>\n<\/div>\n<\/div>\n<\/div>\n<\/div>\n<\/div>\n<\/div>\n<\/div>\n<\/div>\n<\/div>\n<\/div>\n<\/div>\n<\/div>\n<\/div>\n<\/div>\n<\/div>\n<\/div>\n<\/div>","protected":false},"excerpt":{"rendered":"<div data-page-id=\"RAopf2sw9dtvw4cWYXpcTwo0n8g\" data-lark-html-role=\"root\" data-docx-has-block-data=\"false\">\n<div class=\"ace-line ace-line old-record-id-Uju9f3RXYd8dh2crAJbcBF3Un6M\">Uwin Digital Box 68000 Puffs ofrece 10 sabores distintos elaborados y opciones flexibles de nicotina 0%-5%. Su bobina de malla premium asegura un sabor rico y consistente, mientras que los indicadores de jugo y potencia simplifican su uso. Con un peso de solo 95g, es ultra-port\u00e1til, con un impresionante conteo de 68K inhalaciones. Su empaque pr\u00e1ctico tambi\u00e9n satisface todas las necesidades de vapeo para los entusiastas.<\/div>\n<\/div>","protected":false},"featured_media":6319,"comment_status":"open","ping_status":"closed","template":"","meta":{"_acf_changed":false,"inline_featured_image":false,"_sitemap_exclude":false,"_sitemap_priority":"","_sitemap_frequency":""},"product_brand":[309],"product_cat":[310],"product_tag":[],"class_list":{"0":"post-6317","1":"product","2":"type-product","3":"status-publish","4":"has-post-thumbnail","6":"product_brand-uwin","7":"product_cat-uwin-puff","9":"first","10":"instock","11":"sale","12":"shipping-taxable","13":"purchasable","14":"product-type-variable","15":"has-default-attributes"},"acf":[],"tiered_pricing_type":"fixed","tiered_pricing_fixed_rules":{"30":8.22,"60":7.57,"100":6.99,"200":6.43},"tiered_pricing_product_settings":{"layout":"default","base_unit_name":{"singular":null,"plural":null},"default_variation":null},"tiered_pricing_minimum_quantity":10,"tiered_pricing_roles_data":[],"tiered_pricing_percentage_rules":[],"tiered_pricing_maximum_quantity":null,"tiered_pricing_quantity_step":"10","_links":{"self":[{"href":"https:\/\/oiovape.com\/es\/wp-json\/wp\/v2\/product\/6317","targetHints":{"allow":["GET"]}}],"collection":[{"href":"https:\/\/oiovape.com\/es\/wp-json\/wp\/v2\/product"}],"about":[{"href":"https:\/\/oiovape.com\/es\/wp-json\/wp\/v2\/types\/product"}],"replies":[{"embeddable":true,"href":"https:\/\/oiovape.com\/es\/wp-json\/wp\/v2\/comments?post=6317"}],"version-history":[{"count":0,"href":"https:\/\/oiovape.com\/es\/wp-json\/wp\/v2\/product\/6317\/revisions"}],"wp:featuredmedia":[{"embeddable":true,"href":"https:\/\/oiovape.com\/es\/wp-json\/wp\/v2\/media\/6319"}],"wp:attachment":[{"href":"https:\/\/oiovape.com\/es\/wp-json\/wp\/v2\/media?parent=6317"}],"wp:term":[{"taxonomy":"product_brand","embeddable":true,"href":"https:\/\/oiovape.com\/es\/wp-json\/wp\/v2\/product_brand?post=6317"},{"taxonomy":"product_cat","embeddable":true,"href":"https:\/\/oiovape.com\/es\/wp-json\/wp\/v2\/product_cat?post=6317"},{"taxonomy":"product_tag","embeddable":true,"href":"https:\/\/oiovape.com\/es\/wp-json\/wp\/v2\/product_tag?post=6317"}],"curies":[{"name":"wp","href":"https:\/\/api.w.org\/{rel}","templated":true}]}}