{"id":6491,"date":"2026-02-02T14:02:03","date_gmt":"2026-02-02T06:02:03","guid":{"rendered":"https:\/\/oiovape.com\/?post_type=product&#038;p=6491"},"modified":"2026-04-16T15:48:23","modified_gmt":"2026-04-16T07:48:23","slug":"waspe-crystal-180000-puffs","status":"publish","type":"product","link":"https:\/\/oiovape.com\/es\/product\/waspe-crystal-180000-puffs\/","title":{"rendered":"WASPE Crystal 180000 PUFFS 8 en 1 Sabor Pantalla LED Inteligente Recargable a Granel Desechable Vape"},"content":{"rendered":"<div data-page-id=\"ZVeMfq8uxd7y1ycuKm5cym4LnYd\" data-lark-html-role=\"root\" data-docx-has-block-data=\"false\">\n<div data-page-id=\"Fd41fZ5N9dzRQtcRNoVc2FuDnCh\" data-lark-html-role=\"root\" data-docx-has-block-data=\"true\">\n<div data-page-id=\"BdIJfeeijdk1eucGpS8cDCBBn5c\" data-lark-html-role=\"root\" data-docx-has-block-data=\"false\">\n<div data-page-id=\"Zbg9fWx77dUuh2cIYpic25c8nyd\" data-lark-html-role=\"root\" data-docx-has-block-data=\"false\">\n<div data-page-id=\"KaIvfiurhdlCKdc0kyxcX64cnE6\" data-lark-html-role=\"root\" data-docx-has-block-data=\"true\">\n<div data-page-id=\"PbvFfqxqlddUTScRpEYcY5MHnpf\" data-lark-html-role=\"root\" data-docx-has-block-data=\"true\">\n<div data-page-id=\"GZO2f5JeudwY4jc9iJtcdk9Hnxh\" data-lark-html-role=\"root\" data-docx-has-block-data=\"false\">\n<div data-page-id=\"EZVRf2acFduXLGcseZFc4qH2n6e\" data-lark-html-role=\"root\" data-docx-has-block-data=\"false\">\n<div data-page-id=\"B8rHfcqlqdzmH5cCWCncz17Cntb\" data-lark-html-role=\"root\" data-docx-has-block-data=\"false\">\n<div data-page-id=\"B8rHfcqlqdzmH5cCWCncz17Cntb\" data-lark-html-role=\"root\" data-docx-has-block-data=\"false\">\n<div data-page-id=\"B8rHfcqlqdzmH5cCWCncz17Cntb\" data-lark-html-role=\"root\" data-docx-has-block-data=\"true\">\n<div data-page-id=\"HM70f1aoxdD0bMcxJZBcVc7ynZd\" data-lark-html-role=\"root\" data-docx-has-block-data=\"false\">\n<div data-page-id=\"NSrJfN7Ord22i0c1iwZcsF8yn8b\" data-lark-html-role=\"root\" data-docx-has-block-data=\"false\">\n<div data-page-id=\"RXEff4Mskds8o1cqL5HcGEtUnCh\" data-lark-html-role=\"root\" data-docx-has-block-data=\"false\">\n<div data-page-id=\"KJ7gfqkVndMSRJcMseScmvYwnTc\" data-lark-html-role=\"root\" data-docx-has-block-data=\"false\">\n<div class=\"ace-line ace-line old-record-id-QADAfETPudgmudc05YvcTO5fnxe\">\n<div data-page-id=\"KJ7gfqkVndMSRJcMseScmvYwnTc\" data-lark-html-role=\"root\" data-docx-has-block-data=\"false\">\n<div class=\"ace-line ace-line old-record-id-JoRkfpho8dOkiacEOascDyCOncb\">\n<div data-page-id=\"KJ7gfqkVndMSRJcMseScmvYwnTc\" data-lark-html-role=\"root\" data-docx-has-block-data=\"false\">\n<div data-page-id=\"Ju6ofQ3V4dGmePcVvJvc1gmcnZb\" data-lark-html-role=\"root\" data-docx-has-block-data=\"true\">\n<div data-page-id=\"PR9ife5PLdFabccbFgZcWgZOnTc\" data-lark-html-role=\"root\" data-docx-has-block-data=\"false\">\n<div data-page-id=\"INdrfOIGzdaenXcptrcc1BcznQc\" data-lark-html-role=\"root\" data-docx-has-block-data=\"false\">\n<div class=\"ace-line ace-line old-record-id-P0fIf4YaZdoGkbcxt5ackec2nnb\">\n<div data-page-id=\"INdrfOIGzdaenXcptrcc1BcznQc\" data-lark-html-role=\"root\" data-docx-has-block-data=\"false\">\n<div data-page-id=\"MAzCfUB73dMTQscm8eWcougVn1g\" data-lark-html-role=\"root\" data-docx-has-block-data=\"true\">\n<div data-page-id=\"AXfpf7H1odhDvGcKoUOcErN8nV7\" data-lark-html-role=\"root\" data-docx-has-block-data=\"false\">\n<div data-page-id=\"QYTKf5PvLdUNdbce2nBcW9yfnrh\" data-lark-html-role=\"root\" data-docx-has-block-data=\"false\">\n<div data-page-id=\"Pvu1f1CCBdxbjncA9pgcBTpanph\" data-lark-html-role=\"root\" data-docx-has-block-data=\"true\">\n<div data-page-id=\"Axf3fcmY8dDAhtcjVircBcphnPc\" data-lark-html-role=\"root\" data-docx-has-block-data=\"false\">\n<div data-page-id=\"KKj1f9SPmdLhhMc5E2AcNlLen6f\" data-lark-html-role=\"root\" data-docx-has-block-data=\"true\">\n<div data-page-id=\"Rx61fK1sJdXHjPcBuhZcweNhnwc\" data-lark-html-role=\"root\" data-docx-has-block-data=\"false\">\n<div data-page-id=\"L1H9fkG9Mdz45Fcy4WMc5VKXnRe\" data-lark-html-role=\"root\" data-docx-has-block-data=\"false\">\n<div data-page-id=\"L1H9fkG9Mdz45Fcy4WMc5VKXnRe\" data-lark-html-role=\"root\" data-docx-has-block-data=\"false\">\n<div data-page-id=\"D4XLfVBVrdE8mrcaYizczklLnaf\" data-lark-html-role=\"root\" data-docx-has-block-data=\"false\">\n<div data-page-id=\"WVcifIY44d5mhMcXtyEcTsfenGd\" data-lark-html-role=\"root\" data-docx-has-block-data=\"true\">\n<div data-page-id=\"LRknfa6Whd4DWCcUc0FcNKpJnyh\" data-lark-html-role=\"root\" data-docx-has-block-data=\"false\">\n<div data-page-id=\"LRknfa6Whd4DWCcUc0FcNKpJnyh\" data-lark-html-role=\"root\" data-docx-has-block-data=\"false\">\n<div data-page-id=\"XFRAfkcOEdRWh8cArQ2cJdyRnJf\" data-lark-html-role=\"root\" data-docx-has-block-data=\"true\">\n<div data-page-id=\"OQ3bfjnRddMTDGcC3ouc6xFKnWf\" data-lark-html-role=\"root\" data-docx-has-block-data=\"true\">\n<div data-page-id=\"J0iGfj1hEdjc4rcUdSmc4spMnmZ\" data-lark-html-role=\"root\" data-docx-has-block-data=\"false\">\n<div data-page-id=\"P1o7fFyNlduP8tcfZpQcagzbnIf\" data-lark-html-role=\"root\" data-docx-has-block-data=\"false\">\n<div class=\"ace-line ace-line old-record-id-P1o7fFyNlduP8tcfZpQcagzbnIf\">\n<div data-page-id=\"P1o7fFyNlduP8tcfZpQcagzbnIf\" data-lark-html-role=\"root\" data-docx-has-block-data=\"false\">\n<div data-page-id=\"U4iufW38SdttWKcTstMcTtHRnXc\" data-lark-html-role=\"root\" data-docx-has-block-data=\"true\">\n<div data-page-id=\"ONVMf7VTWddcFtcyATOchCJHnZb\" data-lark-html-role=\"root\" data-docx-has-block-data=\"true\">\n<div data-page-id=\"KoW2fSy0PdLHFlc5kSHcgvWMnYg\" data-lark-html-role=\"root\" data-docx-has-block-data=\"false\">\n<div data-page-id=\"KoW2fSy0PdLHFlc5kSHcgvWMnYg\" data-lark-html-role=\"root\" data-docx-has-block-data=\"false\">\n<div data-page-id=\"OLGhfzxC7d7EFIcLEj9cRT5ynZf\" data-lark-html-role=\"root\" data-docx-has-block-data=\"false\">\n<div data-page-id=\"DdnnfrLjzdqrFIc9Il9c7pA2noc\" data-lark-html-role=\"root\" data-docx-has-block-data=\"true\">\n<div data-page-id=\"KNzcf2o0oddkJOcztTVcqPdlnth\" data-lark-html-role=\"root\" data-docx-has-block-data=\"false\">\n<div data-page-id=\"LBU7fg5SEdkWhecGJoxca3xvnCe\" data-lark-html-role=\"root\" data-docx-has-block-data=\"false\">\n<div data-page-id=\"EB70fooS3d69bMcgWB7c5qb9n8g\" data-lark-html-role=\"root\" data-docx-has-block-data=\"false\">\n<div data-page-id=\"AogwfsZCadB6t0cAvF0cK4JLnvf\" data-lark-html-role=\"root\" data-docx-has-block-data=\"false\">\n<div data-page-id=\"AogwfsZCadB6t0cAvF0cK4JLnvf\" data-lark-html-role=\"root\" data-docx-has-block-data=\"false\">\n<div data-page-id=\"JMZIflNGddQuU0c5JZocSqlvnle\" data-lark-html-role=\"root\" data-docx-has-block-data=\"false\">\n<div data-page-id=\"JMZIflNGddQuU0c5JZocSqlvnle\" data-lark-html-role=\"root\" data-docx-has-block-data=\"true\">\n<div data-page-id=\"HtEafjjRIdPAlMc9zgYcsGy6nOe\" data-lark-html-role=\"root\" data-docx-has-block-data=\"false\">\n<div data-page-id=\"Rhnafz0WTdDeT9c43xxczsbVnJo\" data-lark-html-role=\"root\" data-docx-has-block-data=\"false\">\n<div data-page-id=\"WY0CfKdcTdf4hVcZl67ct5LGncf\" data-lark-html-role=\"root\" data-docx-has-block-data=\"true\">\n<div data-page-id=\"MkB5fF4AVdchovcoPEpc7LqvnOd\" data-lark-html-role=\"root\" data-docx-has-block-data=\"true\">\n<div data-page-id=\"MfbjfZhbhdJdA8cH1dAckqF0n6g\" data-lark-html-role=\"root\" data-docx-has-block-data=\"false\">\n<div class=\"ace-line ace-line old-record-id-W2AHfJLnjd7ugjcRLs1c8BdhnNh\">\n<div data-page-id=\"MfbjfZhbhdJdA8cH1dAckqF0n6g\" data-lark-html-role=\"root\" data-docx-has-block-data=\"false\">\n<div class=\"old-record-id-XXd1feeCZdR2hJc6evocxnh1nOg\">\n<div data-page-id=\"MfbjfZhbhdJdA8cH1dAckqF0n6g\" data-lark-html-role=\"root\" data-docx-has-block-data=\"false\">\n<div data-page-id=\"DE51fYUmxdT3ekcHzc3cGrVQnsc\" data-lark-html-role=\"root\" data-docx-has-block-data=\"false\">\n<div data-page-id=\"YSKdfaZ08dRej3ci5CccQBuOncc\" data-lark-html-role=\"root\" data-docx-has-block-data=\"true\">\n<div data-page-id=\"K6mofQmledamEFcgp1EcVobmnYd\" data-lark-html-role=\"root\" data-docx-has-block-data=\"false\">\n<div data-page-id=\"VTgsfVLdCd9q1ucYcwRcCM0Hnof\" data-lark-html-role=\"root\" data-docx-has-block-data=\"true\">\n<div data-page-id=\"WucKfzp8RdNy8rcMJHncz4Knnac\" data-lark-html-role=\"root\" data-docx-has-block-data=\"true\">\n<div data-page-id=\"IfZ9fDIBLd9b9hcJiqGcLw9Pnmh\" data-lark-html-role=\"root\" data-docx-has-block-data=\"false\">\n<div data-page-id=\"JeU6f3Yq5dbdEHcZDptc5ikcn5c\" data-lark-html-role=\"root\" data-docx-has-block-data=\"true\">\n<div data-page-id=\"E1YjfnB4Jdmtsfc2ZObcu04Un6c\" data-lark-html-role=\"root\" data-docx-has-block-data=\"false\">\n<div data-page-id=\"RQVEfdiOzdqTQKcRcnxcG0Y7nce\" data-lark-html-role=\"root\" data-docx-has-block-data=\"true\">\n<div data-page-id=\"NKc7fbZi9dnOXocdHcScVsXdnmh\" data-lark-html-role=\"root\" data-docx-has-block-data=\"false\">\n<div data-page-id=\"DaE3fgNEwdnbQVc62iqcBK4lnte\" data-lark-html-role=\"root\" data-docx-has-block-data=\"false\">\n<div data-page-id=\"DaE3fgNEwdnbQVc62iqcBK4lnte\" data-lark-html-role=\"root\" data-docx-has-block-data=\"false\">\n<div data-page-id=\"KyZ4fb9NeduIEZch0Slc4KKdnIh\" data-lark-html-role=\"root\" data-docx-has-block-data=\"true\">\n<div data-page-id=\"XvY4fM2sEdfLGRcqTPHcASQ7nkh\" data-lark-html-role=\"root\" data-docx-has-block-data=\"true\">\n<h2 data-path-to-node=\"2\">WASPE Crystal 180000 Caladas: \u00bfPor Qu\u00e9 Conformarse con Una Cuando Puedes Dominar un \u201cLaberinto de Sabores\u201d?<\/h2>\n<p data-path-to-node=\"3\">En la b\u00fasqueda de la experiencia de vapeo definitiva, el <b data-path-to-node=\"3\" data-index-in-node=\"53\">WASPE Crystal 180K<\/b> ha roto oficialmente el techo de durabilidad. Como un logro hist\u00f3rico en la arena de grandes caladas, no solo ofrece una asombrosa vida \u00fatil de 180000 caladas, sino que es un \u201claboratorio de sabores\u201d que cabe en tu bolsillo. Este bol\u00edgrafo de vapeo premium, con un \u00fanico <b data-path-to-node=\"3\" data-index-in-node=\"325\">sistema de cambio de dial 8 en 1<\/b>, permite a los usuarios saltar entre dimensiones de sabor sin cambiar de dispositivo. Es actualmente el producto estrella m\u00e1s competitivo en el mercado mayorista de vapeo.<\/p>\n<p><img decoding=\"async\" class=\"alignnone wp-image-6536 size-full\" title=\"Waspe Crystal 180k cartel\" src=\"https:\/\/oiovape.com\/wp-content\/uploads\/2026\/02\/Waspe-Crystal-180k-poster.jpg\" alt=\"Waspe Crystal 180k cartel\" width=\"1920\" height=\"800\" srcset=\"https:\/\/oiovape.com\/wp-content\/uploads\/2026\/02\/Waspe-Crystal-180k-poster.jpg 1920w, https:\/\/oiovape.com\/wp-content\/uploads\/2026\/02\/Waspe-Crystal-180k-poster-300x125.jpg 300w, https:\/\/oiovape.com\/wp-content\/uploads\/2026\/02\/Waspe-Crystal-180k-poster-1024x427.jpg 1024w, https:\/\/oiovape.com\/wp-content\/uploads\/2026\/02\/Waspe-Crystal-180k-poster-768x320.jpg 768w, https:\/\/oiovape.com\/wp-content\/uploads\/2026\/02\/Waspe-Crystal-180k-poster-1536x640.jpg 1536w, https:\/\/oiovape.com\/wp-content\/uploads\/2026\/02\/Waspe-Crystal-180k-poster-18x8.jpg 18w, https:\/\/oiovape.com\/wp-content\/uploads\/2026\/02\/Waspe-Crystal-180k-poster-1200x500.jpg 1200w, https:\/\/oiovape.com\/wp-content\/uploads\/2026\/02\/Waspe-Crystal-180k-poster-150x63.jpg 150w\" sizes=\"(max-width: 1920px) 100vw, 1920px\" \/><\/p>\n<h2 data-path-to-node=\"4\">\u00bfPor Qu\u00e9 el Dise\u00f1o de Dial 8 en 1 Termina la \u201cFatiga de Sabor\u201d?<\/h2>\n<p data-path-to-node=\"5\">El mayor problema con los dispositivos de alta capacidad es quedar atrapado: una vez que eliges un sabor, est\u00e1s comprometido con \u00e9l durante semanas. El WASPE Crystal 180000 Caladas resuelve esto a trav\u00e9s de su distintivo <b data-path-to-node=\"5\" data-index-in-node=\"183\">mecanismo de cambio rotatorio<\/b>.<\/p>\n<h3 data-path-to-node=\"6\">Gira, Bloquea, Disfruta: Dominio Total Sobre Tu Paladar<\/h3>\n<p data-path-to-node=\"7\">No m\u00e1s ser reh\u00e9n de un \u00fanico perfil. Cada dispositivo contiene 4 sabores base que, a trav\u00e9s de una l\u00f3gica de mezcla f\u00edsica sofisticada, derivan 8 combinaciones de sabor distintas. Con un simple giro de la boquilla colorida, puedes pasar de un bosque de frutas crujientes a un para\u00edso de dulces en una fracci\u00f3n de segundo.<\/p>\n<h2 data-path-to-node=\"9\">Rendimiento del Hardware: M\u00e1s All\u00e1 de N\u00fameros, un Salto en Calidad<\/h2>\n<h3 data-path-to-node=\"10\">Unidad Quad-Core: Sinergia de Bobina Mesh 1.0\u03a9 x4<\/h3>\n<p data-path-to-node=\"11\">Como dispositivo de <b data-path-to-node=\"11\" data-index-in-node=\"14\">gran calada<\/b> , garantizar que <b data-path-to-node=\"11\" data-index-in-node=\"45\">68ml<\/b> de l\u00edquido electr\u00f3nico se mantenga consistente desde el primer golpe hasta el \u00faltimo no es tarea f\u00e1cil. WASPE 8 en 1 Crystal 180000 Caladas utiliza una rara <b data-path-to-node=\"11\" data-index-in-node=\"157\">Bobina Quad-Mesh<\/b> sistema.<\/p>\n<ul data-path-to-node=\"12\">\n<li>\n<p data-path-to-node=\"12,0,0\"><b data-path-to-node=\"12,0,0\" data-index-in-node=\"0\">Atomizaci\u00f3n M\u00e1s Fina:<\/b> Cuatro bobinas trabajan en armon\u00eda para prevenir la acumulaci\u00f3n de carbono, asegurando vapor tan sedoso como la bruma matutina.<\/p>\n<\/li>\n<li>\n<p data-path-to-node=\"12,1,0\"><b data-path-to-node=\"12,1,0\" data-index-in-node=\"0\">Distribuci\u00f3n Uniforme del Calor:<\/b> Incluso cuando la bater\u00eda est\u00e1 baja, el sistema desbloquea instant\u00e1neamente las capas arom\u00e1ticas complejas del l\u00edquido electr\u00f3nico.<\/p>\n<\/li>\n<\/ul>\n<h4 data-path-to-node=\"13\">Especificaciones T\u00e9cnicas (Waspe Crystal 180000 Caladas):<\/h4>\n<table data-path-to-node=\"14\">\n<thead>\n<tr>\n<td><strong>Caracter\u00edstica<\/strong><\/td>\n<td><strong>Valor<\/strong><\/td>\n<\/tr>\n<\/thead>\n<tbody>\n<tr>\n<td><span data-path-to-node=\"14,1,0,0\"><b data-path-to-node=\"14,1,0,0\" data-index-in-node=\"0\">Puffs Totales<\/b><\/span><\/td>\n<td><span data-path-to-node=\"14,1,1,0\">180000 Puffs<\/span><\/td>\n<\/tr>\n<tr>\n<td><span data-path-to-node=\"14,2,0,0\"><b data-path-to-node=\"14,2,0,0\" data-index-in-node=\"0\">Modo de Sabor<\/b><\/span><\/td>\n<td><span data-path-to-node=\"14,2,1,0\">Interruptor Rotatorio 8 en 1<\/span><\/td>\n<\/tr>\n<tr>\n<td><span data-path-to-node=\"14,3,0,0\"><b data-path-to-node=\"14,3,0,0\" data-index-in-node=\"0\">Atomizador<\/b><\/span><\/td>\n<td><span data-path-to-node=\"14,3,1,0\">Bobina de malla 1.0\u03a9 x4<\/span><\/td>\n<\/tr>\n<tr>\n<td><span data-path-to-node=\"14,4,0,0\"><b data-path-to-node=\"14,4,0,0\" data-index-in-node=\"0\">Capacidad de E-l\u00edquido<\/b><\/span><\/td>\n<td><span data-path-to-node=\"14,4,1,0\">68ml<\/span><\/td>\n<\/tr>\n<tr>\n<td><span data-path-to-node=\"14,5,0,0\"><b data-path-to-node=\"14,5,0,0\" data-index-in-node=\"0\">Capacidad de Bater\u00eda<\/b><\/span><\/td>\n<td><span data-path-to-node=\"14,5,1,0\">650mAh<\/span><\/td>\n<\/tr>\n<tr>\n<td><span data-path-to-node=\"14,6,0,0\"><b data-path-to-node=\"14,6,0,0\" data-index-in-node=\"0\">Puerto de Carga<\/b><\/span><\/td>\n<td><span data-path-to-node=\"14,6,1,0\">Carga r\u00e1pida Type-C<\/span><\/td>\n<\/tr>\n<tr>\n<td><span data-path-to-node=\"14,7,0,0\"><b data-path-to-node=\"14,7,0,0\" data-index-in-node=\"0\">Categor\u00eda de producto<\/b><\/span><\/td>\n<td><span data-path-to-node=\"14,7,1,0\">Premium <b data-path-to-node=\"14,7,1,0\" data-index-in-node=\"8\">Vape Pen<\/b><\/span><\/td>\n<\/tr>\n<\/tbody>\n<\/table>\n<h2 data-path-to-node=\"16\">12 colecciones seleccionadas: Un sabor para cada vapeador<\/h2>\n<p data-path-to-node=\"17\">El WASPE Crystal 8 en 1 180K deconstruye los s\u00edmbolos de sabor m\u00e1s populares del mundo y los reensambla en 12 colecciones distintas impulsadas por la personalidad.<\/p>\n<h5 data-path-to-node=\"18\">Destacados de sabores estrella (Lista de sabores):<\/h5>\n<p>1. Sand\u00eda helada y Lima lim\u00f3n y Mango agrio helado y Hielo de mel\u00f3n kiwi<br \/>\n2. Hielo de ar\u00e1ndano y Cola de cereza y Vainilla de fresa y Cereza lim\u00f3n<br \/>\n3. Hielo Red Bull y Hielo de fresa y Sour Fcuking Fab y Hielo de cola<br \/>\n4. Hielo de uva y Fresa kiwi y Hielo de sand\u00eda y Caramelo azul<br \/>\n5. Mel\u00f3n fruta de la pasi\u00f3n y Mango agrio pi\u00f1a y Caramelo de pl\u00e1tano toffee y Fresa baya<br \/>\n6. Sand\u00eda fresa y Menta fresca y Hielo Blue Razz y Hielo de grosella negra<br \/>\n7. Hielo de mora y Manzana doble y Hielo de drag\u00f3n negro y Fresa kiwi<br \/>\n8. Fresa Red Bull y Cola de cereza y Cereza lim\u00f3n y Fruta tropical<br \/>\n9. Bayas mixtas y Lima lim\u00f3n y Frambuesa de ar\u00e1ndano y Manzana verde<br \/>\n10. Cereza frambuesa fresa y Sand\u00eda fresa y Sand\u00eda kiwi y Lima lim\u00f3n<br \/>\n11. Pl\u00e1tano fresa y Melocot\u00f3n mango y Bayas triples y Pi\u00f1a fresa<br \/>\n12. Limonada Blue Razz y Cereza lim\u00f3n y Hielo de ar\u00e1ndano y Melocot\u00f3n sand\u00eda<\/p>\n<p><img decoding=\"async\" class=\"alignnone wp-image-6537 size-full\" title=\"Waspe Crystal 180k sabor\" src=\"https:\/\/oiovape.com\/wp-content\/uploads\/2026\/02\/Waspe-Crystal-180k-flavor-scaled.jpg\" alt=\"Waspe Crystal 180k sabor\" width=\"1705\" height=\"2560\" srcset=\"https:\/\/oiovape.com\/wp-content\/uploads\/2026\/02\/Waspe-Crystal-180k-flavor-scaled.jpg 1705w, https:\/\/oiovape.com\/wp-content\/uploads\/2026\/02\/Waspe-Crystal-180k-flavor-200x300.jpg 200w, https:\/\/oiovape.com\/wp-content\/uploads\/2026\/02\/Waspe-Crystal-180k-flavor-682x1024.jpg 682w, https:\/\/oiovape.com\/wp-content\/uploads\/2026\/02\/Waspe-Crystal-180k-flavor-768x1153.jpg 768w, https:\/\/oiovape.com\/wp-content\/uploads\/2026\/02\/Waspe-Crystal-180k-flavor-1023x1536.jpg 1023w, https:\/\/oiovape.com\/wp-content\/uploads\/2026\/02\/Waspe-Crystal-180k-flavor-1364x2048.jpg 1364w, https:\/\/oiovape.com\/wp-content\/uploads\/2026\/02\/Waspe-Crystal-180k-flavor-8x12.jpg 8w, https:\/\/oiovape.com\/wp-content\/uploads\/2026\/02\/Waspe-Crystal-180k-flavor-1200x1802.jpg 1200w, https:\/\/oiovape.com\/wp-content\/uploads\/2026\/02\/Waspe-Crystal-180k-flavor-150x225.jpg 150w\" sizes=\"(max-width: 1705px) 100vw, 1705px\" \/><\/p>\n<h2 data-path-to-node=\"21\">Preguntas Frecuentes (FAQ)<\/h2>\n<h4 data-path-to-node=\"22\">P: \u00bfRealmente pueden durar 180000 caladas tanto tiempo?<\/h4>\n<p data-path-to-node=\"23\"><b data-path-to-node=\"23\" data-index-in-node=\"0\">R:<\/b> Depende de tu frecuencia de inhalaci\u00f3n. Como dispositivo de alta capacidad <b data-path-to-node=\"23\" data-index-in-node=\"57\">bol\u00edgrafo de vapeo<\/b>, puede durar varias semanas para usuarios intensivos; para vapeadores ocasionales, act\u00faa como una \u201cestaci\u00f3n base\u201d confiable que siempre est\u00e1 lista.<\/p>\n<h4 data-path-to-node=\"24\">P: \u00bfEste producto est\u00e1 disponible para compra al por mayor?<\/h4>\n<p data-path-to-node=\"25\"><b data-path-to-node=\"25\" data-index-in-node=\"0\">R:<\/b> Absolutamente. El WASPE Crystal 180K es actualmente un art\u00edculo de alta demanda en el <b data-path-to-node=\"25\" data-index-in-node=\"77\">proveedores mayoristas de vapeo<\/b> canal. Su alto conteo de caladas y el truco de cambio de sabor proporcionan alta visibilidad y tasas de recompra a nivel minorista.<\/p>\n<h4 data-path-to-node=\"26\">P: \u00bfQu\u00e9 muestra la pantalla LED?<\/h4>\n<p data-path-to-node=\"27\"><b data-path-to-node=\"27\" data-index-in-node=\"0\">R:<\/b> Proporciona monitoreo en tiempo real de la vida \u00fatil de la bater\u00eda y los niveles de l\u00edquido electr\u00f3nico, evit\u00e1ndote la sorpresa de un \u201cgolpe quemado\u201d cuando el jugo se agota.<\/p>\n<h4 data-path-to-node=\"28\">P: \u00bfEs suficiente una bater\u00eda de 650 mAh para un dispositivo tan grande?<\/h4>\n<p data-path-to-node=\"29\"><b data-path-to-node=\"29\" data-index-in-node=\"0\">R:<\/b> Es un punto dulce dise\u00f1ado. Combinado con <b data-path-to-node=\"29\" data-index-in-node=\"48\">Carga r\u00e1pida tipo C<\/b>, puedes cargar en el tiempo que tarda en agarrar un caf\u00e9, asegurando una salida fuerte durante todo el d\u00eda.<\/p>\n<h3 data-path-to-node=\"31\">Tres razones principales para elegir Waspe Crystal 180000 caladas:<\/h3>\n<ol start=\"1\" data-path-to-node=\"32\">\n<li>\n<p data-path-to-node=\"32,0,0\"><b data-path-to-node=\"32,0,0\" data-index-in-node=\"0\">El pico del valor:<\/b> 68 ml de l\u00edquido electr\u00f3nico cumple cada <b data-path-to-node=\"32,0,0\" data-index-in-node=\"51\">gran calada<\/b> fantas\u00eda\u2014un verdadero regalo para el \u201cterminalista a largo plazo.\u201d<\/p>\n<\/li>\n<li>\n<p data-path-to-node=\"32,1,0\"><b data-path-to-node=\"32,1,0\" data-index-in-node=\"0\">Rechaza el aburrimiento:<\/b> El interruptor 8 en 1 mantiene tus papilas gustativas emocionadas; un dispositivo hace el trabajo de ocho.<\/p>\n<\/li>\n<li>\n<p data-path-to-node=\"32,2,0\"><b data-path-to-node=\"32,2,0\" data-index-in-node=\"0\">Esencial mayorista:<\/b> Con su dise\u00f1o \u00fanico y rendimiento estable, es un raro motor de crecimiento de ganancias en el <b data-path-to-node=\"32,2,0\" data-index-in-node=\"109\">proveedores mayoristas de vapeo<\/b> sector.<\/p>\n<\/li>\n<\/ol>\n<\/div>\n<\/div>\n<\/div>\n<\/div>\n<\/div>\n<\/div>\n<\/div>\n<\/div>\n<\/div>\n<\/div>\n<\/div>\n<\/div>\n<\/div>\n<\/div>\n<\/div>\n<\/div>\n<\/div>\n<\/div>\n<\/div>\n<\/div>\n<\/div>\n<\/div>\n<\/div>\n<\/div>\n<\/div>\n<\/div>\n<\/div>\n<\/div>\n<\/div>\n<\/div>\n<\/div>\n<\/div>\n<\/div>\n<\/div>\n<\/div>\n<\/div>\n<\/div>\n<\/div>\n<\/div>\n<\/div>\n<\/div>\n<\/div>\n<\/div>\n<\/div>\n<\/div>\n<\/div>\n<\/div>\n<\/div>\n<\/div>\n<\/div>\n<\/div>\n<\/div>\n<\/div>\n<\/div>\n<\/div>\n<\/div>\n<\/div>\n<\/div>\n<\/div>\n<\/div>\n<\/div>\n<\/div>\n<\/div>\n<\/div>\n<\/div>\n<\/div>\n<\/div>\n<\/div>\n<\/div>\n<\/div>\n<\/div>\n<\/div>\n<\/div>\n<\/div>\n<\/div>\n<\/div>\n<\/div>\n<\/div>\n<\/div>","protected":false},"excerpt":{"rendered":"<div data-page-id=\"RAopf2sw9dtvw4cWYXpcTwo0n8g\" data-lark-html-role=\"root\" data-docx-has-block-data=\"false\">\n<div class=\"ace-line ace-line old-record-id-Uju9f3RXYd8dh2crAJbcBF3Un6M\">El vape desechable WASPE Crystal 180000 Puffs ofrece 48 sabores v\u00edvidos divididos en 12 colecciones. Incluye 4 bobinas de malla, 68ml de e-l\u00edquido y una bater\u00eda recargable de 650mAh. Con opciones de nicotina 0%\/2%\/5% y una pantalla LED, proporciona diversi\u00f3n de vapeo duradera y personalizada para cada aficionado.<\/div>\n<\/div>","protected":false},"featured_media":6538,"comment_status":"open","ping_status":"closed","template":"","meta":{"_acf_changed":false,"inline_featured_image":false,"_sitemap_exclude":false,"_sitemap_priority":"","_sitemap_frequency":""},"product_brand":[98],"product_cat":[82,229],"product_tag":[],"class_list":{"0":"post-6491","1":"product","2":"type-product","3":"status-publish","4":"has-post-thumbnail","6":"product_brand-waspe","7":"product_cat-waspe-puff","8":"product_cat-ship-from-german","10":"first","11":"instock","12":"sale","13":"shipping-taxable","14":"purchasable","15":"product-type-variable","16":"has-default-attributes"},"acf":[],"tiered_pricing_type":"fixed","tiered_pricing_fixed_rules":{"30":10.05,"60":8.68,"100":7.79,"200":7.37},"tiered_pricing_product_settings":{"layout":"default","base_unit_name":{"singular":null,"plural":null},"default_variation":null},"tiered_pricing_minimum_quantity":10,"tiered_pricing_roles_data":[],"tiered_pricing_percentage_rules":[],"tiered_pricing_maximum_quantity":null,"tiered_pricing_quantity_step":"10","_links":{"self":[{"href":"https:\/\/oiovape.com\/es\/wp-json\/wp\/v2\/product\/6491","targetHints":{"allow":["GET"]}}],"collection":[{"href":"https:\/\/oiovape.com\/es\/wp-json\/wp\/v2\/product"}],"about":[{"href":"https:\/\/oiovape.com\/es\/wp-json\/wp\/v2\/types\/product"}],"replies":[{"embeddable":true,"href":"https:\/\/oiovape.com\/es\/wp-json\/wp\/v2\/comments?post=6491"}],"version-history":[{"count":3,"href":"https:\/\/oiovape.com\/es\/wp-json\/wp\/v2\/product\/6491\/revisions"}],"predecessor-version":[{"id":8397,"href":"https:\/\/oiovape.com\/es\/wp-json\/wp\/v2\/product\/6491\/revisions\/8397"}],"wp:featuredmedia":[{"embeddable":true,"href":"https:\/\/oiovape.com\/es\/wp-json\/wp\/v2\/media\/6538"}],"wp:attachment":[{"href":"https:\/\/oiovape.com\/es\/wp-json\/wp\/v2\/media?parent=6491"}],"wp:term":[{"taxonomy":"product_brand","embeddable":true,"href":"https:\/\/oiovape.com\/es\/wp-json\/wp\/v2\/product_brand?post=6491"},{"taxonomy":"product_cat","embeddable":true,"href":"https:\/\/oiovape.com\/es\/wp-json\/wp\/v2\/product_cat?post=6491"},{"taxonomy":"product_tag","embeddable":true,"href":"https:\/\/oiovape.com\/es\/wp-json\/wp\/v2\/product_tag?post=6491"}],"curies":[{"name":"wp","href":"https:\/\/api.w.org\/{rel}","templated":true}]}}