{"id":6716,"date":"2026-02-05T09:55:12","date_gmt":"2026-02-05T01:55:12","guid":{"rendered":"https:\/\/oiovape.com\/?post_type=product&#038;p=6716"},"modified":"2026-02-10T11:14:37","modified_gmt":"2026-02-10T03:14:37","slug":"elf-bar-raya-d3-25000-puffs","status":"publish","type":"product","link":"https:\/\/oiovape.com\/es\/product\/elf-bar-raya-d3-25000-puffs\/","title":{"rendered":"Elf Bar Raya D3 25000 PUFFS 5% Nicotina 850mah Bater\u00eda Recargable Vape Desechable a Granel"},"content":{"rendered":"<div data-page-id=\"ZVeMfq8uxd7y1ycuKm5cym4LnYd\" data-lark-html-role=\"root\" data-docx-has-block-data=\"false\">\n<div data-page-id=\"Fd41fZ5N9dzRQtcRNoVc2FuDnCh\" data-lark-html-role=\"root\" data-docx-has-block-data=\"true\">\n<div data-page-id=\"BdIJfeeijdk1eucGpS8cDCBBn5c\" data-lark-html-role=\"root\" data-docx-has-block-data=\"false\">\n<div data-page-id=\"Zbg9fWx77dUuh2cIYpic25c8nyd\" data-lark-html-role=\"root\" data-docx-has-block-data=\"false\">\n<div data-page-id=\"KaIvfiurhdlCKdc0kyxcX64cnE6\" data-lark-html-role=\"root\" data-docx-has-block-data=\"true\">\n<div data-page-id=\"PbvFfqxqlddUTScRpEYcY5MHnpf\" data-lark-html-role=\"root\" data-docx-has-block-data=\"true\">\n<div data-page-id=\"GZO2f5JeudwY4jc9iJtcdk9Hnxh\" data-lark-html-role=\"root\" data-docx-has-block-data=\"false\">\n<div data-page-id=\"EZVRf2acFduXLGcseZFc4qH2n6e\" data-lark-html-role=\"root\" data-docx-has-block-data=\"false\">\n<div data-page-id=\"B8rHfcqlqdzmH5cCWCncz17Cntb\" data-lark-html-role=\"root\" data-docx-has-block-data=\"false\">\n<div data-page-id=\"B8rHfcqlqdzmH5cCWCncz17Cntb\" data-lark-html-role=\"root\" data-docx-has-block-data=\"false\">\n<div data-page-id=\"B8rHfcqlqdzmH5cCWCncz17Cntb\" data-lark-html-role=\"root\" data-docx-has-block-data=\"true\">\n<div data-page-id=\"HM70f1aoxdD0bMcxJZBcVc7ynZd\" data-lark-html-role=\"root\" data-docx-has-block-data=\"false\">\n<div data-page-id=\"NSrJfN7Ord22i0c1iwZcsF8yn8b\" data-lark-html-role=\"root\" data-docx-has-block-data=\"false\">\n<div data-page-id=\"RXEff4Mskds8o1cqL5HcGEtUnCh\" data-lark-html-role=\"root\" data-docx-has-block-data=\"false\">\n<div data-page-id=\"KJ7gfqkVndMSRJcMseScmvYwnTc\" data-lark-html-role=\"root\" data-docx-has-block-data=\"false\">\n<div class=\"ace-line ace-line old-record-id-QADAfETPudgmudc05YvcTO5fnxe\">\n<div data-page-id=\"KJ7gfqkVndMSRJcMseScmvYwnTc\" data-lark-html-role=\"root\" data-docx-has-block-data=\"false\">\n<div class=\"ace-line ace-line old-record-id-JoRkfpho8dOkiacEOascDyCOncb\">\n<div data-page-id=\"KJ7gfqkVndMSRJcMseScmvYwnTc\" data-lark-html-role=\"root\" data-docx-has-block-data=\"false\">\n<div data-page-id=\"Ju6ofQ3V4dGmePcVvJvc1gmcnZb\" data-lark-html-role=\"root\" data-docx-has-block-data=\"true\">\n<div data-page-id=\"PR9ife5PLdFabccbFgZcWgZOnTc\" data-lark-html-role=\"root\" data-docx-has-block-data=\"false\">\n<div data-page-id=\"INdrfOIGzdaenXcptrcc1BcznQc\" data-lark-html-role=\"root\" data-docx-has-block-data=\"false\">\n<div class=\"ace-line ace-line old-record-id-P0fIf4YaZdoGkbcxt5ackec2nnb\">\n<div data-page-id=\"INdrfOIGzdaenXcptrcc1BcznQc\" data-lark-html-role=\"root\" data-docx-has-block-data=\"false\">\n<div data-page-id=\"MAzCfUB73dMTQscm8eWcougVn1g\" data-lark-html-role=\"root\" data-docx-has-block-data=\"true\">\n<div data-page-id=\"AXfpf7H1odhDvGcKoUOcErN8nV7\" data-lark-html-role=\"root\" data-docx-has-block-data=\"false\">\n<div data-page-id=\"QYTKf5PvLdUNdbce2nBcW9yfnrh\" data-lark-html-role=\"root\" data-docx-has-block-data=\"false\">\n<div data-page-id=\"Pvu1f1CCBdxbjncA9pgcBTpanph\" data-lark-html-role=\"root\" data-docx-has-block-data=\"true\">\n<div data-page-id=\"Axf3fcmY8dDAhtcjVircBcphnPc\" data-lark-html-role=\"root\" data-docx-has-block-data=\"false\">\n<div data-page-id=\"KKj1f9SPmdLhhMc5E2AcNlLen6f\" data-lark-html-role=\"root\" data-docx-has-block-data=\"true\">\n<div data-page-id=\"Rx61fK1sJdXHjPcBuhZcweNhnwc\" data-lark-html-role=\"root\" data-docx-has-block-data=\"false\">\n<div data-page-id=\"L1H9fkG9Mdz45Fcy4WMc5VKXnRe\" data-lark-html-role=\"root\" data-docx-has-block-data=\"false\">\n<div data-page-id=\"L1H9fkG9Mdz45Fcy4WMc5VKXnRe\" data-lark-html-role=\"root\" data-docx-has-block-data=\"false\">\n<div data-page-id=\"D4XLfVBVrdE8mrcaYizczklLnaf\" data-lark-html-role=\"root\" data-docx-has-block-data=\"false\">\n<div data-page-id=\"WVcifIY44d5mhMcXtyEcTsfenGd\" data-lark-html-role=\"root\" data-docx-has-block-data=\"true\">\n<div data-page-id=\"LRknfa6Whd4DWCcUc0FcNKpJnyh\" data-lark-html-role=\"root\" data-docx-has-block-data=\"false\">\n<div data-page-id=\"LRknfa6Whd4DWCcUc0FcNKpJnyh\" data-lark-html-role=\"root\" data-docx-has-block-data=\"false\">\n<div data-page-id=\"XFRAfkcOEdRWh8cArQ2cJdyRnJf\" data-lark-html-role=\"root\" data-docx-has-block-data=\"true\">\n<div data-page-id=\"OQ3bfjnRddMTDGcC3ouc6xFKnWf\" data-lark-html-role=\"root\" data-docx-has-block-data=\"true\">\n<div data-page-id=\"J0iGfj1hEdjc4rcUdSmc4spMnmZ\" data-lark-html-role=\"root\" data-docx-has-block-data=\"false\">\n<div data-page-id=\"P1o7fFyNlduP8tcfZpQcagzbnIf\" data-lark-html-role=\"root\" data-docx-has-block-data=\"false\">\n<div class=\"ace-line ace-line old-record-id-P1o7fFyNlduP8tcfZpQcagzbnIf\">\n<div data-page-id=\"P1o7fFyNlduP8tcfZpQcagzbnIf\" data-lark-html-role=\"root\" data-docx-has-block-data=\"false\">\n<div data-page-id=\"U4iufW38SdttWKcTstMcTtHRnXc\" data-lark-html-role=\"root\" data-docx-has-block-data=\"true\">\n<div data-page-id=\"ONVMf7VTWddcFtcyATOchCJHnZb\" data-lark-html-role=\"root\" data-docx-has-block-data=\"true\">\n<div data-page-id=\"KoW2fSy0PdLHFlc5kSHcgvWMnYg\" data-lark-html-role=\"root\" data-docx-has-block-data=\"false\">\n<div data-page-id=\"KoW2fSy0PdLHFlc5kSHcgvWMnYg\" data-lark-html-role=\"root\" data-docx-has-block-data=\"false\">\n<div data-page-id=\"OLGhfzxC7d7EFIcLEj9cRT5ynZf\" data-lark-html-role=\"root\" data-docx-has-block-data=\"false\">\n<div data-page-id=\"DdnnfrLjzdqrFIc9Il9c7pA2noc\" data-lark-html-role=\"root\" data-docx-has-block-data=\"true\">\n<div data-page-id=\"KNzcf2o0oddkJOcztTVcqPdlnth\" data-lark-html-role=\"root\" data-docx-has-block-data=\"false\">\n<div data-page-id=\"LBU7fg5SEdkWhecGJoxca3xvnCe\" data-lark-html-role=\"root\" data-docx-has-block-data=\"false\">\n<div data-page-id=\"EB70fooS3d69bMcgWB7c5qb9n8g\" data-lark-html-role=\"root\" data-docx-has-block-data=\"false\">\n<div data-page-id=\"AogwfsZCadB6t0cAvF0cK4JLnvf\" data-lark-html-role=\"root\" data-docx-has-block-data=\"false\">\n<div data-page-id=\"AogwfsZCadB6t0cAvF0cK4JLnvf\" data-lark-html-role=\"root\" data-docx-has-block-data=\"false\">\n<div data-page-id=\"JMZIflNGddQuU0c5JZocSqlvnle\" data-lark-html-role=\"root\" data-docx-has-block-data=\"false\">\n<div data-page-id=\"JMZIflNGddQuU0c5JZocSqlvnle\" data-lark-html-role=\"root\" data-docx-has-block-data=\"true\">\n<div data-page-id=\"HtEafjjRIdPAlMc9zgYcsGy6nOe\" data-lark-html-role=\"root\" data-docx-has-block-data=\"false\">\n<div data-page-id=\"Rhnafz0WTdDeT9c43xxczsbVnJo\" data-lark-html-role=\"root\" data-docx-has-block-data=\"false\">\n<div data-page-id=\"WY0CfKdcTdf4hVcZl67ct5LGncf\" data-lark-html-role=\"root\" data-docx-has-block-data=\"true\">\n<div data-page-id=\"MkB5fF4AVdchovcoPEpc7LqvnOd\" data-lark-html-role=\"root\" data-docx-has-block-data=\"true\">\n<div data-page-id=\"MfbjfZhbhdJdA8cH1dAckqF0n6g\" data-lark-html-role=\"root\" data-docx-has-block-data=\"false\">\n<div class=\"ace-line ace-line old-record-id-W2AHfJLnjd7ugjcRLs1c8BdhnNh\">\n<div data-page-id=\"MfbjfZhbhdJdA8cH1dAckqF0n6g\" data-lark-html-role=\"root\" data-docx-has-block-data=\"false\">\n<div class=\"old-record-id-XXd1feeCZdR2hJc6evocxnh1nOg\">\n<div data-page-id=\"MfbjfZhbhdJdA8cH1dAckqF0n6g\" data-lark-html-role=\"root\" data-docx-has-block-data=\"false\">\n<div data-page-id=\"DE51fYUmxdT3ekcHzc3cGrVQnsc\" data-lark-html-role=\"root\" data-docx-has-block-data=\"false\">\n<div data-page-id=\"YSKdfaZ08dRej3ci5CccQBuOncc\" data-lark-html-role=\"root\" data-docx-has-block-data=\"true\">\n<div data-page-id=\"K6mofQmledamEFcgp1EcVobmnYd\" data-lark-html-role=\"root\" data-docx-has-block-data=\"false\">\n<div data-page-id=\"VTgsfVLdCd9q1ucYcwRcCM0Hnof\" data-lark-html-role=\"root\" data-docx-has-block-data=\"true\">\n<div data-page-id=\"WucKfzp8RdNy8rcMJHncz4Knnac\" data-lark-html-role=\"root\" data-docx-has-block-data=\"true\">\n<div data-page-id=\"IfZ9fDIBLd9b9hcJiqGcLw9Pnmh\" data-lark-html-role=\"root\" data-docx-has-block-data=\"false\">\n<div data-page-id=\"JeU6f3Yq5dbdEHcZDptc5ikcn5c\" data-lark-html-role=\"root\" data-docx-has-block-data=\"true\">\n<div data-page-id=\"E1YjfnB4Jdmtsfc2ZObcu04Un6c\" data-lark-html-role=\"root\" data-docx-has-block-data=\"false\">\n<div data-page-id=\"RQVEfdiOzdqTQKcRcnxcG0Y7nce\" data-lark-html-role=\"root\" data-docx-has-block-data=\"true\">\n<div data-page-id=\"NKc7fbZi9dnOXocdHcScVsXdnmh\" data-lark-html-role=\"root\" data-docx-has-block-data=\"false\">\n<div data-page-id=\"DaE3fgNEwdnbQVc62iqcBK4lnte\" data-lark-html-role=\"root\" data-docx-has-block-data=\"false\">\n<div data-page-id=\"DaE3fgNEwdnbQVc62iqcBK4lnte\" data-lark-html-role=\"root\" data-docx-has-block-data=\"false\">\n<div data-page-id=\"NqSRfcp5SdFQ6ucdStXcbvManpc\" data-lark-html-role=\"root\" data-docx-has-block-data=\"false\">\n<div data-page-id=\"KydBfoEuudJNYhcgRdAc3aeUn7c\" data-lark-html-role=\"root\" data-docx-has-block-data=\"true\">\n<h2 class=\"ace-line ace-line old-record-id-KydBfoEuudJNYhcgRdAc3aeUn7c\">Introducci\u00f3n del Producto Elf Bar Raya D3 25000 Puffs<\/h2>\n<div class=\"ace-line ace-line old-record-id-ZPCofebJYdWABecY9Hqcj1j8n0f\">Elf Bar Raya D3 25000 Puffs se ha convertido r\u00e1pidamente en un favorito entre los entusiastas del vapeo por su excepcional rendimiento, uso duradero y rica variedad de sabores. Dise\u00f1ado para ofrecer una experiencia de vapeo suave y satisfactoria, este dispositivo de vapeo desechable combina funciones pr\u00e1cticas con sabores deliciosos, haci\u00e9ndolo adecuado tanto para el uso diario como para la conveniencia en movimiento.<\/p>\n<div id=\"attachment_6740\" style=\"width: 810px\" class=\"wp-caption alignnone\"><img decoding=\"async\" aria-describedby=\"caption-attachment-6740\" class=\"wp-image-6740 size-full\" title=\"Elf Bar Raya D3 25K P\u00f3ster\" src=\"https:\/\/oiovape.com\/wp-content\/uploads\/2026\/02\/Elf-Bar-Raya-D3-25K-Poster.jpg\" alt=\"Elf Bar Raya D3 25K P\u00f3ster\" width=\"800\" height=\"1038\" srcset=\"https:\/\/oiovape.com\/wp-content\/uploads\/2026\/02\/Elf-Bar-Raya-D3-25K-Poster.jpg 800w, https:\/\/oiovape.com\/wp-content\/uploads\/2026\/02\/Elf-Bar-Raya-D3-25K-Poster-231x300.jpg 231w, https:\/\/oiovape.com\/wp-content\/uploads\/2026\/02\/Elf-Bar-Raya-D3-25K-Poster-789x1024.jpg 789w, https:\/\/oiovape.com\/wp-content\/uploads\/2026\/02\/Elf-Bar-Raya-D3-25K-Poster-768x996.jpg 768w, https:\/\/oiovape.com\/wp-content\/uploads\/2026\/02\/Elf-Bar-Raya-D3-25K-Poster-9x12.jpg 9w, https:\/\/oiovape.com\/wp-content\/uploads\/2026\/02\/Elf-Bar-Raya-D3-25K-Poster-150x195.jpg 150w\" sizes=\"(max-width: 800px) 100vw, 800px\" \/><p id=\"caption-attachment-6740\" class=\"wp-caption-text\">\u00a0<\/p><\/div>\n<\/div>\n<h2 class=\"heading-2 ace-line old-record-id-YcY4fTVCuddFeSczKnOczVxhnme\">Selecci\u00f3n de Sabores<\/h2>\n<h3 class=\"heading-3 ace-line old-record-id-DcxWf0tsLdSvRvcxEUYctMzHn5b\">16 Sabores \u00danicos para Explorar<\/h3>\n<div class=\"ace-line ace-line old-record-id-IhoQfkdB2d5QgfclNAfctQfBnKg\">Cada sabor del Elf Bar Raya D3 25000 Puffs est\u00e1 cuidadosamente elaborado para ofrecer un gusto distinto y aut\u00e9ntico, sin regusto artificial. Desde la frescura afrutada hasta la frescura helada, hay un sabor para cada preferencia. Aqu\u00ed hay un desglose detallado de los 16 sabores:<\/div>\n<h4 class=\"heading-4 ace-line old-record-id-QyGefnHV4dcEFucV0vIcJXO6nic\">Kiwi Pi\u00f1a Hielo<\/h4>\n<div class=\"ace-line ace-line old-record-id-HKpAf8ofmdjJ7Kc29ntcXDhgnJe\">Kiwi pi\u00f1a hielo mezcla kiwi fresco y pi\u00f1a dulce, con un ligero acabado helado que enfr\u00eda tu garganta sin abrumar la dulzura afrutada. Se siente como morder una ensalada de frutas congeladas en un d\u00eda caluroso.<\/div>\n<h4 class=\"heading-4 ace-line old-record-id-Hj8gf27vjd81UYcuc2CcH5zHnDF\">Doble Manzana<\/h4>\n<div class=\"ace-line ace-line old-record-id-Fpxuf7LrLd8a75cTTBKcR7IYnEe\">Doble manzana ofrece un rico sabor a manzana madura que llega justo a tiempo\u2014sin asperezas, solo pura bondad natural de manzana. Combina dos tipos de extractos de manzana para crear un sabor en capas y satisfactorio.<\/div>\n<h4 class=\"heading-4 ace-line old-record-id-L9Y6fTUfUdPpphcZCQacSsfRnzH\">Hielo de Uva<\/h4>\n<div class=\"ace-line ace-line old-record-id-NV0sffjw1dE0YNcwxT3cVM4QnPb\">Uva hielo presenta notas de uva jugosa y carnosa acompa\u00f1adas de un sutil toque helado. El sabor de la uva es audaz pero no azucarado, y el hielo a\u00f1ade un toque refrescante que hace que cada calada sea placentera.<\/div>\n<h4 class=\"heading-4 ace-line old-record-id-UG97fkbKFdbEi8cXMYjcvz3nnWc\">Vmt<\/h4>\n<div class=\"ace-line ace-line old-record-id-JO1OfKvx9dFHjHcjMrvcNONxnGc\">Vmt es un sabor cl\u00e1sico y suave que equilibra calidez y frescura. Ofrece un gusto suave y bien equilibrado que atrae a quienes prefieren una experiencia de vapeo m\u00e1s discreta.<\/div>\n<h4 class=\"heading-4 ace-line old-record-id-Yc3kfSMIAd6TsNcz6hNcqTu7ntU\">Sand\u00eda Lim\u00f3n<\/h4>\n<div class=\"ace-line ace-line old-record-id-X3AlfW7Zld2V5Scem0vcY3acnTe\">Sand\u00eda lim\u00f3n combina sand\u00eda dulce y jugosa con lim\u00f3n \u00e1cido, creando un sabor brillante y picante. La combinaci\u00f3n de dulce y \u00e1cido lo convierte en una elecci\u00f3n perfecta para el vapeo diurno.<\/div>\n<h4 class=\"heading-4 ace-line old-record-id-PnzOfDfDGdEtKzc50Yyc3BxcnFh\">Hielo de Sand\u00eda<\/h4>\n<div class=\"ace-line ace-line old-record-id-B3KXfir1XdbirRcB6g9cX3oSnfg\">Sand\u00eda hielo toma el dulce y crujiente sabor de la sand\u00eda y le a\u00f1ade un giro helado. Imita la sensaci\u00f3n de comer una rebanada de sand\u00eda fr\u00eda y fresca, haci\u00e9ndolo ideal para el clima c\u00e1lido.<\/div>\n<h4 class=\"heading-4 ace-line old-record-id-ZiyQf02JedrfVZcAD0NcybTXnwd\">Fresa y Uva<\/h4>\n<div class=\"ace-line ace-line old-record-id-AgmFfd2oYdNtTgcS7u6cvMF9nvh\">Fresa uva combina fresa madura y dulce con uva rica, resultando en un sabor afrutado y armonioso. Las dos frutas se complementan perfectamente, sin que ninguna opaque a la otra.<\/div>\n<h4 class=\"heading-4 ace-line old-record-id-CqlyfXPVmdXX1Kc35t6cTSqGnRd\">Hielo de Durazno<\/h4>\n<div class=\"ace-line ace-line old-record-id-SevUfWkSOdlfgicWYp7cZ6QTnpL\">Durazno hielo ofrece un sabor a durazno jugoso y maduro con un fresco y refrescante acabado helado. El sabor del durazno es natural y dulce, mientras que el hielo a\u00f1ade un bonito contraste para evitar que el sabor se sienta demasiado pesado.<\/div>\n<h4 class=\"heading-4 ace-line old-record-id-VNx6fZWX8du1jRcJF8ScXZ3lnYc\">Durazno Berry<\/h4>\n<div class=\"ace-line ace-line old-record-id-YYKPfVJ17dfmLPcvBZdcbBpTnwh\">Durazno baya mezcla durazno dulce con una variedad de bayas frescas, creando un sabor vibrante y afrutado. Las bayas a\u00f1aden una ligera acidez que equilibra la dulzura del durazno, haci\u00e9ndolo vers\u00e1til.<\/div>\n<h4 class=\"heading-4 ace-line old-record-id-QDx4fHv0XdlDk9cGcRFcmkTBnHd\">Mango Durazno Sand\u00eda<\/h4>\n<div class=\"ace-line ace-line old-record-id-Ps5VfVfbud90iKcJJM7cJRVmndd\">Mango durazno sand\u00eda es una mezcla de frutas tropicales que combina mango dulce, durazno jugoso y sand\u00eda crujiente. Cada sabor brilla, creando un gusto en capas y refrescante que se siente como un manjar veraniego.<\/div>\n<h4 class=\"heading-4 ace-line old-record-id-LJnwfjsZxddAIlcWTHJcNJBgnde\">Mango Durazno<\/h4>\n<div class=\"ace-line ace-line old-record-id-HMBif3LU6drbojc4anAcLcw9nAb\">Mango durazno empareja mango tropical maduro con durazno dulce y jugoso. La combinaci\u00f3n es c\u00e1lida y afrutada, con un acabado suave que facilita el vapeo durante todo el d\u00eda.<\/div>\n<h4 class=\"heading-4 ace-line old-record-id-YBmafSLQcdejZvcOftmcaG9Mnge\">Kiwi Fruta de la Pasi\u00f3n Guayaba<\/h4>\n<div class=\"ace-line ace-line old-record-id-JpvzfQzbMdvbwqccstKcG26lnlc\">Kiwi maracuy\u00e1 guayaba re\u00fane tres frutas tropicales\u2014kiwi \u00e1cido, maracuy\u00e1 dulce y guayaba cremosa. El resultado es un sabor brillante y vibrante que estalla con bondad tropical en cada calada.<\/div>\n<h4 class=\"heading-4 ace-line old-record-id-N6PffxBmldGrZBc43Z3cXpPQnxb\">Uva Cereza<\/h4>\n<div class=\"ace-line ace-line old-record-id-Jycqffw28dbGmHcL6iGcZnSnnrd\">Uva cereza mezcla uva rica y jugosa con cereza dulce y \u00e1cida. Los dos sabores se complementan, creando un gusto afrutado profundo que es tanto satisfactorio como \u00fanico.<\/div>\n<h4 class=\"heading-4 ace-line old-record-id-JBXbf8gFqdye4ycnD36cds7tned\">Mora Frambuesa<\/h4>\n<div class=\"ace-line ace-line old-record-id-JMazfqhondEW94cbfiucX3vinHh\">Ar\u00e1ndano frambuesa combina ar\u00e1ndanos dulces y carnosos con frambuesas frescas y \u00e1cidas. El sabor es brillante y afrutado, con una ligera acidez que evita que sea demasiado dulce.<\/div>\n<h4 class=\"heading-4 ace-line old-record-id-FD5tfdv29dIkOfcPjakcD5o7nkd\">Hielo de Ar\u00e1ndano<\/h4>\n<div class=\"ace-line ace-line old-record-id-IhcKfLrNrdK49dcHOBdcUrefnMf\">Ar\u00e1ndano hielo presenta ar\u00e1ndanos dulces y jugosos acompa\u00f1ados de un toque helado. El sabor del ar\u00e1ndano es aut\u00e9ntico y audaz, mientras que el hielo a\u00f1ade un toque refrescante que mejora la experiencia general.<\/div>\n<h2 class=\"heading-2 ace-line old-record-id-P66ifI6audcVHlchlYTc9cH6nAd\">Especificaciones del Producto<\/h2>\n<div class=\"ace-line ace-line old-record-id-GGRKfA9GSdFRd9cTyZucVXIfnQc\">El Elf Bar Raya D3 25000 Puffs est\u00e1 dise\u00f1ado para ofrecer una experiencia de vapeo duradera y de alta calidad. Sus especificaciones principales est\u00e1n claramente delineadas en la tabla a continuaci\u00f3n:<\/div>\n<div>\n<table class=\"ace-table\" data-ace-table-col-widths=\"200;200\">\n<colgroup>\n<col width=\"200\" \/>\n<col width=\"200\" \/><\/colgroup>\n<thead>\n<tr>\n<th colspan=\"1\" rowspan=\"1\">\n<div class=\"ace-line ace-line old-record-id-JJjcfWdGBdIqY3cwakdc4OuCnuc\">Especificaci\u00f3n<\/div>\n<\/th>\n<th colspan=\"1\" rowspan=\"1\">\n<div class=\"ace-line ace-line old-record-id-Zz4bfLmXKdj1CFchrbKcEdf0nlc\">Detalles<\/div>\n<\/th>\n<\/tr>\n<\/thead>\n<tbody>\n<tr>\n<td colspan=\"1\" rowspan=\"1\">\n<div class=\"ace-line ace-line old-record-id-Cyj5f94WodPBRrciIfJcVgG7n2b\">Fuerza de Nicotina<\/div>\n<\/td>\n<td colspan=\"1\" rowspan=\"1\">\n<div class=\"ace-line ace-line old-record-id-JwAGfxmcndoWgkc1zsYcRYUln9f\">5%<\/div>\n<\/td>\n<\/tr>\n<tr>\n<td colspan=\"1\" rowspan=\"1\">\n<div class=\"ace-line ace-line old-record-id-OZpNfjL9hd2O5Occ1zccr6vQnBd\">Capacidad de E-l\u00edquido<\/div>\n<\/td>\n<td colspan=\"1\" rowspan=\"1\">\n<div class=\"ace-line ace-line old-record-id-FbvgfUPFFdskmucNli9cg7CPnvd\">23ML<\/div>\n<\/td>\n<\/tr>\n<tr>\n<td colspan=\"1\" rowspan=\"1\">\n<div class=\"ace-line ace-line old-record-id-Jfwaff3f1dcKttczY1ac5ICcnBf\">Conteo de Puff<\/div>\n<\/td>\n<td colspan=\"1\" rowspan=\"1\">\n<div class=\"ace-line ace-line old-record-id-Blgjfm7UAdh3RocJtB3cC1mCneH\">25000<\/div>\n<\/td>\n<\/tr>\n<tr>\n<td colspan=\"1\" rowspan=\"1\">\n<div class=\"ace-line ace-line old-record-id-JkKHfhOPkdoDe3cTyIFcVaHGnhf\">Sabores Disponibles<\/div>\n<\/td>\n<td colspan=\"1\" rowspan=\"1\">\n<div class=\"ace-line ace-line old-record-id-HjzBfmoy4dJLd9cEl7kcB7RenCe\">16<\/div>\n<\/td>\n<\/tr>\n<tr>\n<td colspan=\"1\" rowspan=\"1\">\n<div class=\"ace-line ace-line old-record-id-WL5hfIhUodKQD4c0IZrctkrCnqf\">Capacidad de Bater\u00eda<\/div>\n<\/td>\n<td colspan=\"1\" rowspan=\"1\">\n<div class=\"ace-line ace-line old-record-id-R5eOfkfZHd7K1ZcucD4cHaEHnqc\">850mAh (Recargable)<\/div>\n<\/td>\n<\/tr>\n<tr>\n<td colspan=\"1\" rowspan=\"1\">\n<div class=\"ace-line ace-line old-record-id-V7m3f7u1gd3uS7cA432cthkSnvh\">Tipo de Resistencia<\/div>\n<\/td>\n<td colspan=\"1\" rowspan=\"1\">\n<div class=\"ace-line ace-line old-record-id-OeTcfKRvGdWH2kcAgAacHejgnBh\">Bobina de Malla Doble<\/div>\n<\/td>\n<\/tr>\n<tr>\n<td colspan=\"1\" rowspan=\"1\">\n<div class=\"ace-line ace-line old-record-id-CPcXfqx1fd84SlcHOJIc0zvsnER\">Puerto de Carga<\/div>\n<\/td>\n<td colspan=\"1\" rowspan=\"1\">\n<div class=\"ace-line ace-line old-record-id-KKNpfAyuMd5IZLcOvUicZlgsnie\">, por supuesto\u2014porque nadie tiene tiempo para cargas lentas en estos d\u00edas) mantiene el dispositivo funcionando todo el d\u00eda, con un rendimiento constante desde la primera inhalaci\u00f3n hasta la \u00faltima. La<\/div>\n<\/td>\n<\/tr>\n<\/tbody>\n<\/table>\n<\/div>\n<h2 class=\"heading-2 ace-line old-record-id-JcsefXodHdj1Ldcm3MlccFMmnLd\">\u00bfPor qu\u00e9 elegir Elf Bar Raya D3 25000 Puffs?<\/h2>\n<h3 class=\"heading-3 ace-line old-record-id-NUZAfwVT2djRDicYylacMs7wncg\">Ventajas Clave que lo Hacen Destacar<\/h3>\n<div class=\"ace-line ace-line old-record-id-VgPqfLICkdLxt7ctUihcXVU3ncN\">Con tantos dispositivos de vapeo desechables en el mercado, el Elf Bar Raya D3 25000 Puffs se destaca por varias razones convincentes. Primero, sus 25000 caladas aseguran un uso prolongado\u2014no necesitar\u00e1s reemplazar el dispositivo con frecuencia, ahorr\u00e1ndote tiempo y dinero. La bater\u00eda recargable de 850mAh y el puerto de carga Type-C a\u00f1aden conveniencia; puedes recargar el dispositivo r\u00e1pidamente siempre que se agote, sin esperar horas.<\/div>\n<div class=\"ace-line ace-line old-record-id-TN76fUo4xdaAKEcCSpTcPvxBnwc\">En segundo lugar, la bobina de malla dual ofrece una experiencia de vapeo suave y consistente. Calienta el e-l\u00edquido de manera uniforme, liberando sabores ricos con cada calada y evitando sabores quemados. La capacidad de e-l\u00edquido de 23ML, combinada con la fuerza de nicotina de 5%, logra el equilibrio perfecto entre sabor y satisfacci\u00f3n\u2014obtienes sabores audaces y aut\u00e9nticos sin asperezas.<\/div>\n<div class=\"ace-line ace-line old-record-id-NKZAf2kCLdul3acEY5EcLYkjnph\">En tercer lugar, los 16 sabores \u00fanicos satisfacen todas las preferencias. Ya sea que te gusten los sabores afrutados, helados o cl\u00e1sicos, hay un sabor para ti. Cada sabor utiliza ingredientes de alta calidad, asegurando sabores aut\u00e9nticos y naturales sin regusto artificial.<\/div>\n<div class=\"ace-line ace-line old-record-id-AbTzfonnWdpPzLcK0fRc4wuanDf\">Finalmente, el dise\u00f1o compacto y port\u00e1til del dispositivo lo hace f\u00e1cil de llevar a cualquier lugar. Se ajusta c\u00f3modamente en tu bolsillo o bolso, para que puedas disfrutar de un vapeo satisfactorio cuando y donde quieras. Todas estas caracter\u00edsticas se combinan para hacer del Elf Bar Raya D3 25000 Puffs una opci\u00f3n principal para los entusiastas del vapeo.<\/div>\n<\/div>\n<\/div>\n<\/div>\n<\/div>\n<\/div>\n<\/div>\n<\/div>\n<\/div>\n<\/div>\n<\/div>\n<\/div>\n<\/div>\n<\/div>\n<\/div>\n<\/div>\n<\/div>\n<\/div>\n<\/div>\n<\/div>\n<\/div>\n<\/div>\n<\/div>\n<\/div>\n<\/div>\n<\/div>\n<\/div>\n<\/div>\n<\/div>\n<\/div>\n<\/div>\n<\/div>\n<\/div>\n<\/div>\n<\/div>\n<\/div>\n<\/div>\n<\/div>\n<\/div>\n<\/div>\n<\/div>\n<\/div>\n<\/div>\n<\/div>\n<\/div>\n<\/div>\n<\/div>\n<\/div>\n<\/div>\n<\/div>\n<\/div>\n<\/div>\n<\/div>\n<\/div>\n<\/div>\n<\/div>\n<\/div>\n<\/div>\n<\/div>\n<\/div>\n<\/div>\n<\/div>\n<\/div>\n<\/div>\n<\/div>\n<\/div>\n<\/div>\n<\/div>\n<\/div>\n<\/div>\n<\/div>\n<\/div>\n<\/div>\n<\/div>\n<\/div>\n<\/div>\n<\/div>\n<\/div>\n<\/div>\n<\/div>","protected":false},"excerpt":{"rendered":"<div data-page-id=\"RAopf2sw9dtvw4cWYXpcTwo0n8g\" data-lark-html-role=\"root\" data-docx-has-block-data=\"false\">\n<div class=\"ace-line ace-line old-record-id-Uju9f3RXYd8dh2crAJbcBF3Un6M\">\n<div data-page-id=\"Dd8gfe2wRdT66jcgnqtcUwg5ndh\" data-lark-html-role=\"root\" data-docx-has-block-data=\"false\">\n<div class=\"ace-line ace-line old-record-id-FiRZf3qXpdK0RqcHt8wcxPTon8b\">Elf Bar Raya D3 25000 Puffs es un destacado vape desechable con 16 sabores bien elaborados, desde mezclas afrutadas hasta sorbos helados, todos libres de regusto artificial. Contiene 23ML de e-l\u00edquido, 5% de nicotina y una bater\u00eda recargable de 850mAh tipo C. Las bobinas de malla dual garantizan un sabor suave y consistente, y su capacidad de 25000 inhalaciones lo convierte en una opci\u00f3n duradera y port\u00e1til para los amantes del vapeo.<\/div>\n<\/div>\n<\/div>\n<\/div>","protected":false},"featured_media":6728,"comment_status":"open","ping_status":"closed","template":"","meta":{"_acf_changed":false,"inline_featured_image":false,"_sitemap_exclude":false,"_sitemap_priority":"","_sitemap_frequency":""},"product_brand":[333],"product_cat":[332,239,263],"product_tag":[],"class_list":{"0":"post-6716","1":"product","2":"type-product","3":"status-publish","4":"has-post-thumbnail","6":"product_brand-elf-bar","7":"product_cat-elf-bar","8":"product_cat-disposable-vape-collection","9":"product_cat-25k-puffs","11":"first","12":"instock","13":"sale","14":"shipping-taxable","15":"purchasable","16":"product-type-variable","17":"has-default-attributes"},"acf":[],"tiered_pricing_type":"fixed","tiered_pricing_fixed_rules":{"30":10.83,"60":10.59,"100":10.21,"200":9.62},"tiered_pricing_product_settings":{"layout":"default","base_unit_name":{"singular":null,"plural":null},"default_variation":null},"tiered_pricing_minimum_quantity":10,"tiered_pricing_roles_data":[],"tiered_pricing_percentage_rules":[],"tiered_pricing_maximum_quantity":null,"tiered_pricing_quantity_step":"10","_links":{"self":[{"href":"https:\/\/oiovape.com\/es\/wp-json\/wp\/v2\/product\/6716","targetHints":{"allow":["GET"]}}],"collection":[{"href":"https:\/\/oiovape.com\/es\/wp-json\/wp\/v2\/product"}],"about":[{"href":"https:\/\/oiovape.com\/es\/wp-json\/wp\/v2\/types\/product"}],"replies":[{"embeddable":true,"href":"https:\/\/oiovape.com\/es\/wp-json\/wp\/v2\/comments?post=6716"}],"version-history":[{"count":0,"href":"https:\/\/oiovape.com\/es\/wp-json\/wp\/v2\/product\/6716\/revisions"}],"wp:featuredmedia":[{"embeddable":true,"href":"https:\/\/oiovape.com\/es\/wp-json\/wp\/v2\/media\/6728"}],"wp:attachment":[{"href":"https:\/\/oiovape.com\/es\/wp-json\/wp\/v2\/media?parent=6716"}],"wp:term":[{"taxonomy":"product_brand","embeddable":true,"href":"https:\/\/oiovape.com\/es\/wp-json\/wp\/v2\/product_brand?post=6716"},{"taxonomy":"product_cat","embeddable":true,"href":"https:\/\/oiovape.com\/es\/wp-json\/wp\/v2\/product_cat?post=6716"},{"taxonomy":"product_tag","embeddable":true,"href":"https:\/\/oiovape.com\/es\/wp-json\/wp\/v2\/product_tag?post=6716"}],"curies":[{"name":"wp","href":"https:\/\/api.w.org\/{rel}","templated":true}]}}