{"id":6785,"date":"2026-02-06T14:09:44","date_gmt":"2026-02-06T06:09:44","guid":{"rendered":"https:\/\/oiovape.com\/?post_type=product&#038;p=6785"},"modified":"2026-02-10T11:14:32","modified_gmt":"2026-02-10T03:14:32","slug":"elf-bar-gh-23000-puffs","status":"publish","type":"product","link":"https:\/\/oiovape.com\/es\/product\/elf-bar-gh-23000-puffs\/","title":{"rendered":"Elf Bar GH 23000 PUFFS 5% Cigarrillo Electr\u00f3nico Desechable de Nicotina con Doble Bobina de Malla"},"content":{"rendered":"<div data-page-id=\"ZVeMfq8uxd7y1ycuKm5cym4LnYd\" data-lark-html-role=\"root\" data-docx-has-block-data=\"false\">\n<div data-page-id=\"Fd41fZ5N9dzRQtcRNoVc2FuDnCh\" data-lark-html-role=\"root\" data-docx-has-block-data=\"true\">\n<div data-page-id=\"BdIJfeeijdk1eucGpS8cDCBBn5c\" data-lark-html-role=\"root\" data-docx-has-block-data=\"false\">\n<div data-page-id=\"Zbg9fWx77dUuh2cIYpic25c8nyd\" data-lark-html-role=\"root\" data-docx-has-block-data=\"false\">\n<div data-page-id=\"KaIvfiurhdlCKdc0kyxcX64cnE6\" data-lark-html-role=\"root\" data-docx-has-block-data=\"true\">\n<div data-page-id=\"PbvFfqxqlddUTScRpEYcY5MHnpf\" data-lark-html-role=\"root\" data-docx-has-block-data=\"true\">\n<div data-page-id=\"GZO2f5JeudwY4jc9iJtcdk9Hnxh\" data-lark-html-role=\"root\" data-docx-has-block-data=\"false\">\n<div data-page-id=\"EZVRf2acFduXLGcseZFc4qH2n6e\" data-lark-html-role=\"root\" data-docx-has-block-data=\"false\">\n<div data-page-id=\"B8rHfcqlqdzmH5cCWCncz17Cntb\" data-lark-html-role=\"root\" data-docx-has-block-data=\"false\">\n<div data-page-id=\"B8rHfcqlqdzmH5cCWCncz17Cntb\" data-lark-html-role=\"root\" data-docx-has-block-data=\"false\">\n<div data-page-id=\"B8rHfcqlqdzmH5cCWCncz17Cntb\" data-lark-html-role=\"root\" data-docx-has-block-data=\"true\">\n<div data-page-id=\"HM70f1aoxdD0bMcxJZBcVc7ynZd\" data-lark-html-role=\"root\" data-docx-has-block-data=\"false\">\n<div data-page-id=\"NSrJfN7Ord22i0c1iwZcsF8yn8b\" data-lark-html-role=\"root\" data-docx-has-block-data=\"false\">\n<div data-page-id=\"RXEff4Mskds8o1cqL5HcGEtUnCh\" data-lark-html-role=\"root\" data-docx-has-block-data=\"false\">\n<div data-page-id=\"KJ7gfqkVndMSRJcMseScmvYwnTc\" data-lark-html-role=\"root\" data-docx-has-block-data=\"false\">\n<div class=\"ace-line ace-line old-record-id-QADAfETPudgmudc05YvcTO5fnxe\">\n<div data-page-id=\"KJ7gfqkVndMSRJcMseScmvYwnTc\" data-lark-html-role=\"root\" data-docx-has-block-data=\"false\">\n<div class=\"ace-line ace-line old-record-id-JoRkfpho8dOkiacEOascDyCOncb\">\n<div data-page-id=\"KJ7gfqkVndMSRJcMseScmvYwnTc\" data-lark-html-role=\"root\" data-docx-has-block-data=\"false\">\n<div data-page-id=\"Ju6ofQ3V4dGmePcVvJvc1gmcnZb\" data-lark-html-role=\"root\" data-docx-has-block-data=\"true\">\n<div data-page-id=\"PR9ife5PLdFabccbFgZcWgZOnTc\" data-lark-html-role=\"root\" data-docx-has-block-data=\"false\">\n<div data-page-id=\"INdrfOIGzdaenXcptrcc1BcznQc\" data-lark-html-role=\"root\" data-docx-has-block-data=\"false\">\n<div class=\"ace-line ace-line old-record-id-P0fIf4YaZdoGkbcxt5ackec2nnb\">\n<div data-page-id=\"INdrfOIGzdaenXcptrcc1BcznQc\" data-lark-html-role=\"root\" data-docx-has-block-data=\"false\">\n<div data-page-id=\"MAzCfUB73dMTQscm8eWcougVn1g\" data-lark-html-role=\"root\" data-docx-has-block-data=\"true\">\n<div data-page-id=\"AXfpf7H1odhDvGcKoUOcErN8nV7\" data-lark-html-role=\"root\" data-docx-has-block-data=\"false\">\n<div data-page-id=\"QYTKf5PvLdUNdbce2nBcW9yfnrh\" data-lark-html-role=\"root\" data-docx-has-block-data=\"false\">\n<div data-page-id=\"Pvu1f1CCBdxbjncA9pgcBTpanph\" data-lark-html-role=\"root\" data-docx-has-block-data=\"true\">\n<div data-page-id=\"Axf3fcmY8dDAhtcjVircBcphnPc\" data-lark-html-role=\"root\" data-docx-has-block-data=\"false\">\n<div data-page-id=\"KKj1f9SPmdLhhMc5E2AcNlLen6f\" data-lark-html-role=\"root\" data-docx-has-block-data=\"true\">\n<div data-page-id=\"Rx61fK1sJdXHjPcBuhZcweNhnwc\" data-lark-html-role=\"root\" data-docx-has-block-data=\"false\">\n<div data-page-id=\"L1H9fkG9Mdz45Fcy4WMc5VKXnRe\" data-lark-html-role=\"root\" data-docx-has-block-data=\"false\">\n<div data-page-id=\"L1H9fkG9Mdz45Fcy4WMc5VKXnRe\" data-lark-html-role=\"root\" data-docx-has-block-data=\"false\">\n<div data-page-id=\"D4XLfVBVrdE8mrcaYizczklLnaf\" data-lark-html-role=\"root\" data-docx-has-block-data=\"false\">\n<div data-page-id=\"WVcifIY44d5mhMcXtyEcTsfenGd\" data-lark-html-role=\"root\" data-docx-has-block-data=\"true\">\n<div data-page-id=\"LRknfa6Whd4DWCcUc0FcNKpJnyh\" data-lark-html-role=\"root\" data-docx-has-block-data=\"false\">\n<div data-page-id=\"LRknfa6Whd4DWCcUc0FcNKpJnyh\" data-lark-html-role=\"root\" data-docx-has-block-data=\"false\">\n<div data-page-id=\"XFRAfkcOEdRWh8cArQ2cJdyRnJf\" data-lark-html-role=\"root\" data-docx-has-block-data=\"true\">\n<div data-page-id=\"OQ3bfjnRddMTDGcC3ouc6xFKnWf\" data-lark-html-role=\"root\" data-docx-has-block-data=\"true\">\n<div data-page-id=\"J0iGfj1hEdjc4rcUdSmc4spMnmZ\" data-lark-html-role=\"root\" data-docx-has-block-data=\"false\">\n<div data-page-id=\"P1o7fFyNlduP8tcfZpQcagzbnIf\" data-lark-html-role=\"root\" data-docx-has-block-data=\"false\">\n<div class=\"ace-line ace-line old-record-id-P1o7fFyNlduP8tcfZpQcagzbnIf\">\n<div data-page-id=\"P1o7fFyNlduP8tcfZpQcagzbnIf\" data-lark-html-role=\"root\" data-docx-has-block-data=\"false\">\n<div data-page-id=\"U4iufW38SdttWKcTstMcTtHRnXc\" data-lark-html-role=\"root\" data-docx-has-block-data=\"true\">\n<div data-page-id=\"ONVMf7VTWddcFtcyATOchCJHnZb\" data-lark-html-role=\"root\" data-docx-has-block-data=\"true\">\n<div data-page-id=\"KoW2fSy0PdLHFlc5kSHcgvWMnYg\" data-lark-html-role=\"root\" data-docx-has-block-data=\"false\">\n<div data-page-id=\"KoW2fSy0PdLHFlc5kSHcgvWMnYg\" data-lark-html-role=\"root\" data-docx-has-block-data=\"false\">\n<div data-page-id=\"OLGhfzxC7d7EFIcLEj9cRT5ynZf\" data-lark-html-role=\"root\" data-docx-has-block-data=\"false\">\n<div data-page-id=\"DdnnfrLjzdqrFIc9Il9c7pA2noc\" data-lark-html-role=\"root\" data-docx-has-block-data=\"true\">\n<div data-page-id=\"KNzcf2o0oddkJOcztTVcqPdlnth\" data-lark-html-role=\"root\" data-docx-has-block-data=\"false\">\n<div data-page-id=\"LBU7fg5SEdkWhecGJoxca3xvnCe\" data-lark-html-role=\"root\" data-docx-has-block-data=\"false\">\n<div data-page-id=\"EB70fooS3d69bMcgWB7c5qb9n8g\" data-lark-html-role=\"root\" data-docx-has-block-data=\"false\">\n<div data-page-id=\"AogwfsZCadB6t0cAvF0cK4JLnvf\" data-lark-html-role=\"root\" data-docx-has-block-data=\"false\">\n<div data-page-id=\"AogwfsZCadB6t0cAvF0cK4JLnvf\" data-lark-html-role=\"root\" data-docx-has-block-data=\"false\">\n<div data-page-id=\"JMZIflNGddQuU0c5JZocSqlvnle\" data-lark-html-role=\"root\" data-docx-has-block-data=\"false\">\n<div data-page-id=\"JMZIflNGddQuU0c5JZocSqlvnle\" data-lark-html-role=\"root\" data-docx-has-block-data=\"true\">\n<div data-page-id=\"HtEafjjRIdPAlMc9zgYcsGy6nOe\" data-lark-html-role=\"root\" data-docx-has-block-data=\"false\">\n<div data-page-id=\"Rhnafz0WTdDeT9c43xxczsbVnJo\" data-lark-html-role=\"root\" data-docx-has-block-data=\"false\">\n<div data-page-id=\"WY0CfKdcTdf4hVcZl67ct5LGncf\" data-lark-html-role=\"root\" data-docx-has-block-data=\"true\">\n<div data-page-id=\"MkB5fF4AVdchovcoPEpc7LqvnOd\" data-lark-html-role=\"root\" data-docx-has-block-data=\"true\">\n<div data-page-id=\"MfbjfZhbhdJdA8cH1dAckqF0n6g\" data-lark-html-role=\"root\" data-docx-has-block-data=\"false\">\n<div class=\"ace-line ace-line old-record-id-W2AHfJLnjd7ugjcRLs1c8BdhnNh\">\n<div data-page-id=\"MfbjfZhbhdJdA8cH1dAckqF0n6g\" data-lark-html-role=\"root\" data-docx-has-block-data=\"false\">\n<div class=\"old-record-id-XXd1feeCZdR2hJc6evocxnh1nOg\">\n<div data-page-id=\"MfbjfZhbhdJdA8cH1dAckqF0n6g\" data-lark-html-role=\"root\" data-docx-has-block-data=\"false\">\n<div data-page-id=\"DE51fYUmxdT3ekcHzc3cGrVQnsc\" data-lark-html-role=\"root\" data-docx-has-block-data=\"false\">\n<div data-page-id=\"YSKdfaZ08dRej3ci5CccQBuOncc\" data-lark-html-role=\"root\" data-docx-has-block-data=\"true\">\n<div data-page-id=\"K6mofQmledamEFcgp1EcVobmnYd\" data-lark-html-role=\"root\" data-docx-has-block-data=\"false\">\n<div data-page-id=\"VTgsfVLdCd9q1ucYcwRcCM0Hnof\" data-lark-html-role=\"root\" data-docx-has-block-data=\"true\">\n<div data-page-id=\"WucKfzp8RdNy8rcMJHncz4Knnac\" data-lark-html-role=\"root\" data-docx-has-block-data=\"true\">\n<div data-page-id=\"IfZ9fDIBLd9b9hcJiqGcLw9Pnmh\" data-lark-html-role=\"root\" data-docx-has-block-data=\"false\">\n<div data-page-id=\"JeU6f3Yq5dbdEHcZDptc5ikcn5c\" data-lark-html-role=\"root\" data-docx-has-block-data=\"true\">\n<div data-page-id=\"E1YjfnB4Jdmtsfc2ZObcu04Un6c\" data-lark-html-role=\"root\" data-docx-has-block-data=\"false\">\n<div data-page-id=\"RQVEfdiOzdqTQKcRcnxcG0Y7nce\" data-lark-html-role=\"root\" data-docx-has-block-data=\"true\">\n<div data-page-id=\"NKc7fbZi9dnOXocdHcScVsXdnmh\" data-lark-html-role=\"root\" data-docx-has-block-data=\"false\">\n<div data-page-id=\"DaE3fgNEwdnbQVc62iqcBK4lnte\" data-lark-html-role=\"root\" data-docx-has-block-data=\"false\">\n<div data-page-id=\"DaE3fgNEwdnbQVc62iqcBK4lnte\" data-lark-html-role=\"root\" data-docx-has-block-data=\"false\">\n<div data-page-id=\"NqSRfcp5SdFQ6ucdStXcbvManpc\" data-lark-html-role=\"root\" data-docx-has-block-data=\"false\">\n<div data-page-id=\"KydBfoEuudJNYhcgRdAc3aeUn7c\" data-lark-html-role=\"root\" data-docx-has-block-data=\"true\">\n<div data-page-id=\"SIqXfR5ipd7jWpczA5RcYkWInfd\" data-lark-html-role=\"root\" data-docx-has-block-data=\"false\">\n<div data-page-id=\"Y06XfUzydd0aVicBtPKcZlS8nJf\" data-lark-html-role=\"root\" data-docx-has-block-data=\"true\">\n<h2 class=\"heading-2 ace-line old-record-id-Usi2fE4krdCBbccm2vBc6MKCncy\">Caracter\u00edsticas Clave del Elf Bar GH 23000 Puffs<\/h2>\n<div class=\"ace-line ace-line old-record-id-SPKhfsaFDd8F2DcVcUec7dKtnMe\">El Elf Bar GH 23000 Puffs no solo se trata de cantidad, tambi\u00e9n se trata de calidad. Cada detalle est\u00e1 dise\u00f1ado para mejorar tu experiencia de vapeo, desde su bater\u00eda recargable hasta su sistema de bobinas suave. Aqu\u00ed tienes un desglose claro de sus caracter\u00edsticas principales:<\/div>\n<div>\n<table class=\"ace-table\" data-ace-table-col-widths=\"200;200\">\n<colgroup>\n<col width=\"200\" \/>\n<col width=\"200\" \/><\/colgroup>\n<thead>\n<tr>\n<th colspan=\"1\" rowspan=\"1\">\n<div class=\"ace-line ace-line old-record-id-K50ffSwcldDbOIcsChKc6Q3dnab\">Caracter\u00edstica<\/div>\n<\/th>\n<th colspan=\"1\" rowspan=\"1\">\n<div class=\"ace-line ace-line old-record-id-KgOWfKgqMdC3dUc2SXScGNo7nhc\">Detalles<\/div>\n<\/th>\n<\/tr>\n<\/thead>\n<tbody>\n<tr>\n<td colspan=\"1\" rowspan=\"1\">\n<div class=\"ace-line ace-line old-record-id-QDk4f2ESNdyrHacRwGoc9r4nnGN\">Fuerza de Nicotina<\/div>\n<\/td>\n<td colspan=\"1\" rowspan=\"1\">\n<div class=\"ace-line ace-line old-record-id-YoSFfOOfpdolGcchqGXcUumanvc\">5% Nicotina (perfecto para satisfacer antojos)<\/div>\n<\/td>\n<\/tr>\n<tr>\n<td colspan=\"1\" rowspan=\"1\">\n<div class=\"ace-line ace-line old-record-id-NONkfrnW9dysvQc5p4bcoU61nac\">Capacidad de E-l\u00edquido<\/div>\n<\/td>\n<td colspan=\"1\" rowspan=\"1\">\n<div class=\"ace-line ace-line old-record-id-UvgdfbxNLd2szac6tg5cKe15ndg\">23ML de e-l\u00edquido premium<\/div>\n<\/td>\n<\/tr>\n<tr>\n<td colspan=\"1\" rowspan=\"1\">\n<div class=\"ace-line ace-line old-record-id-OUONfo415dFwY6cYgWsc7owdnvh\">Conteo de Puff<\/div>\n<\/td>\n<td colspan=\"1\" rowspan=\"1\">\n<div class=\"ace-line ace-line old-record-id-HafFfetZ9dVVyAcrqVccJ0kknnd\">23000 puffs\u2014duradero para semanas de uso<\/div>\n<\/td>\n<\/tr>\n<tr>\n<td colspan=\"1\" rowspan=\"1\">\n<div class=\"ace-line ace-line old-record-id-PJUef0eFsdckfRcgsrjcSyaonZe\">Opciones de Sabor<\/div>\n<\/td>\n<td colspan=\"1\" rowspan=\"1\">\n<div class=\"ace-line ace-line old-record-id-Y5BifgoNWdp2FncvRl8cpy8Unfc\">15 sabores \u00fanicos y deliciosos<\/div>\n<\/td>\n<\/tr>\n<tr>\n<td colspan=\"1\" rowspan=\"1\">\n<div class=\"ace-line ace-line old-record-id-MuJOfFRa0dDmuOc3riVcpUS0n0d\">Bater\u00eda<\/div>\n<\/td>\n<td colspan=\"1\" rowspan=\"1\">\n<div class=\"ace-line ace-line old-record-id-A2v1fxQ3od8nRScmp5qcYdTwny1\">Bater\u00eda recargable de 850mAh (sin necesidad de desecharlo temprano)<\/div>\n<\/td>\n<\/tr>\n<tr>\n<td colspan=\"1\" rowspan=\"1\">\n<div class=\"ace-line ace-line old-record-id-XLPGfj0aJdolyMcc1BJcYeJJnee\">Coincide perfectamente con 40K caladas; sin fallos de energ\u00eda repentinos; rendimiento estable incluso con uso intensivo; carga r\u00e1pida<\/div>\n<\/td>\n<td colspan=\"1\" rowspan=\"1\">\n<div class=\"ace-line ace-line old-record-id-ViaQf4yLedbnuIcjCTLcOX7snCU\">Bobina de Malla Doble para vapor y sabor suaves y consistentes<\/div>\n<\/td>\n<\/tr>\n<tr>\n<td colspan=\"1\" rowspan=\"1\">\n<div class=\"ace-line ace-line old-record-id-ZM4TfFx4adqHwJcxMQNcJHwrnRb\">Puerto de Carga<\/div>\n<\/td>\n<td colspan=\"1\" rowspan=\"1\">\n<div class=\"ace-line ace-line old-record-id-O9oQfMScydPQSfcl9J7cbKDJnuc\">Puerto Tipo-C\u2014carga r\u00e1pida y conveniente<\/div>\n<\/td>\n<\/tr>\n<tr>\n<td colspan=\"1\" rowspan=\"1\">\n<div class=\"ace-line ace-line old-record-id-Qpcbff8esd7ZcYcGu7fcseLhnjg\">Embalaje<\/div>\n<\/td>\n<td colspan=\"1\" rowspan=\"1\">\n<div class=\"ace-line ace-line old-record-id-KcOBfz16Cd7yjScIXpTc3ZzAn8f\">200PCS por cart\u00f3n; Peso del cart\u00f3n: 20.82KG; Tama\u00f1o del cart\u00f3n: 650 x 348 x 270 mm<\/div>\n<\/td>\n<\/tr>\n<\/tbody>\n<\/table>\n<\/div>\n<h2 class=\"heading-2 ace-line old-record-id-PooAfzGkgd3zefcFoWkcJY9nnJd\">Todos los 15 Sabores del Elf Bar GH 23000 Puffs<\/h2>\n<div class=\"ace-line ace-line old-record-id-OxEJfqf4HdZJmccsBwzcrs9rnpf\">Uno de los mayores atractivos del Elf Bar GH 23000 Puffs es su diversa gama de sabores. Ya sea que prefieras opciones afrutadas, mentoladas o dulces, aqu\u00ed hay algo para cada gusto. Cada sabor est\u00e1 dise\u00f1ado para ofrecer un gusto audaz y aut\u00e9ntico con cada calada. Exploremos cada uno:<\/div>\n<h3 class=\"heading-3 ace-line old-record-id-X12ef2Y2UdE3IAcgvsCc16Fznxe\">Sabores Frutales (Frescos y Vibrantes)<\/h3>\n<h4 class=\"heading-4 ace-line old-record-id-LYKSfM0DNdVg4Fce3G5ciBLEnGg\">1. Hielo de Sand\u00eda<\/h4>\n<div class=\"ace-line ace-line old-record-id-Hh3zfFTGvdaYJRcMurCccZzhn2e\">La sand\u00eda crujiente y jugosa se encuentra con un acabado fresco y refrescante de hielo. Sabe a morder una sand\u00eda madura en un d\u00eda caluroso\u2014dulce, hidratante y perfectamente equilibrada con un toque de frescura. \u2744\ufe0f<\/div>\n<h4 class=\"heading-4 ace-line old-record-id-Rfp3fQIMYdYDZ9csteUcyKh2nXc\">2. Caramelo de Sand\u00eda \u00c1cida<\/h4>\n<div class=\"ace-line ace-line old-record-id-ATTnftobVdCcercu6esci4CznHc\">Un giro divertido en el sabor cl\u00e1sico de sand\u00eda. Esta opci\u00f3n tiene el dulce sabor del caramelo de sand\u00eda con un toque \u00e1cido y agrio que a\u00f1ade emoci\u00f3n a cada calada. Ideal para quienes aman los dulces \u00e1cidos.<\/div>\n<h4 class=\"heading-4 ace-line old-record-id-Lr4tfdVsQdVldac7FPac8qEPnPd\">3. Lim\u00f3n de Sand\u00eda y Frambuesa<\/h4>\n<div class=\"ace-line ace-line old-record-id-XemUfS7tvdHZt8cI9PkcUcssnwf\">\u00a1Tres favoritos frutales en uno! Frambuesa jugosa, sand\u00eda dulce y lim\u00f3n picante se mezclan sin esfuerzo. El lim\u00f3n a\u00f1ade un borde brillante y refrescante que hace que este sabor se sienta ligero y vibrante.<\/div>\n<h4 class=\"heading-4 ace-line old-record-id-SEz6fLypqdoRrHcYJEucF9Cun9e\">4. Ciruela Verde y Lima \u00c1cida<\/h4>\n<div class=\"ace-line ace-line old-record-id-PyMffjxridMf7fcZGlWcnIt7n5g\">La ciruela verde \u00e1cida se combina con la lima \u00e1cida refrescante para una experiencia c\u00edtrica audaz. Es \u00e1cida, brillante y llena de sabor\u2014ideal para quienes aman los vaporizadores frutales y picantes.<\/div>\n<h4 class=\"heading-4 ace-line old-record-id-VxOuf6CYWdGPWIcOVDRcwMgWnsc\">5. Manzana Verde Hielo<\/h4>\n<div class=\"ace-line ace-line old-record-id-VJqZfwkItdGiRhcitm1cQrEXnhf\">La manzana verde crujiente y \u00e1cida recibe un impulso fresco de hielo. El sabor de la manzana es aut\u00e9ntico (\u00a1sin regusto artificial!) y el hielo a\u00f1ade un acabado refrescante que te har\u00e1 volver por m\u00e1s.<\/div>\n<h4 class=\"heading-4 ace-line old-record-id-Upgkf9by7d58ylcKzTec9bl2nPf\">6. Hielo de Uva<\/h4>\n<div class=\"ace-line ace-line old-record-id-XtpbfiHlcd8nVlcrgrYciyDxnyh\">Sabor a uva dulce y jugosa con un giro helado. Sabe a uvas frescas directamente de la vid, con un fr\u00edo que realza la dulzura natural de la fruta. \ud83c\udf47<\/div>\n<h4 class=\"heading-4 ace-line old-record-id-IdigfQleYdQGkTcWEmJcINxxnwc\">7. Hielo de Frambuesa Azul<\/h4>\n<div class=\"ace-line ace-line old-record-id-MZRuf5Gq4dnNEEcGYhhcXVThnNh\">Sabor audaz a frambuesa azul se encuentra con un acabado refrescante de hielo. Es dulce, ligeramente \u00e1cido, y tiene ese sabor cl\u00e1sico de frambuesa azul que conoces y amas\u2014con un toque fresco para mantenerlo ligero.<\/div>\n<h4 class=\"heading-4 ace-line old-record-id-KbPifFbx5dU9v3ct0FBcQU8onuc\">8. Manzana Pera<\/h4>\n<div class=\"ace-line ace-line old-record-id-U0mafMAFVdlc4ycYBJ6ceMFFnEf\">Una mezcla suave de manzana crujiente y pera jugosa. Ambas frutas brillan perfectamente\u2014dulces, ligeramente \u00e1cidas y llenas de sabor natural a fruta. \u00a1Sin regusto artificial aqu\u00ed!<\/div>\n<h4 class=\"heading-4 ace-line old-record-id-LSCXfnhzHd6nQKc2H59cdv6Un8f\">9. Sand\u00eda Cereza<\/h4>\n<div class=\"ace-line ace-line old-record-id-NdBufttwidaq5mcZFPucoAMEnQf\">La dulce sand\u00eda y la cereza madura se combinan para una combinaci\u00f3n frutal y deliciosa. La sand\u00eda a\u00f1ade dulzura, mientras que la cereza aporta una ligera acidez\u2014perfectamente equilibrada para vapear todo el d\u00eda.<\/div>\n<h4 class=\"heading-4 ace-line old-record-id-KoYxfGk9ideUqNciBsmcTXzMnaf\">10. Chicle de Sand\u00eda y Fresa<\/h4>\n<div class=\"ace-line ace-line old-record-id-A0w6f2J8ddX39HcLHjacIo4Pnec\">\u00a1Un sabor divertido y nost\u00e1lgico! Fresa jugosa, sand\u00eda dulce y chicle cl\u00e1sico se mezclan para un sabor dulce y juguet\u00f3n. Es como masticar tu chicle favorito\u2014sin el desorden. \ud83c\udf53<\/div>\n<h4 class=\"heading-4 ace-line old-record-id-AwO5ffehCd5v0EcQtjacPUM1nzf\">11. Fresa Banana<\/h4>\n<div class=\"ace-line ace-line old-record-id-C8RWfHHrdd74nScjyaFcvLA2ndb\">La banana cremosa y la fresa dulce crean un sabor suave y delicioso. La banana a\u00f1ade cremosidad, mientras que la fresa aporta un toque fresco y afrutado\u2014perfecto para quienes aman los vaporizadores frutales y cremosos.<\/div>\n<h4 class=\"heading-4 ace-line old-record-id-Af5LfHsiDdDpBpcCqtBcXzvjntc\">12. Cola de Cereza<\/h4>\n<div class=\"ace-line ace-line old-record-id-Jc17fIXOSdIdAYcBJUCc8EAgnad\">Sabor cl\u00e1sico de cola con un toque de cereza madura. Sabe a tu bebida de cola favorita, con un giro dulce de cereza que a\u00f1ade profundidad y sabor. \u00a1Refrescante y satisfactorio para los amantes de la cola! \ud83e\udd64<\/div>\n<h3 class=\"heading-3 ace-line old-record-id-Y7n7fg3aOd73i1czZbkcXlSynmf\">Sabores Mentolados (Frescos y Refrescantes)<\/h3>\n<h4 class=\"heading-4 ace-line old-record-id-BMlgfTwYYdQIgoc6ecAc4r6OnPH\">13. Menta Polar<\/h4>\n<div class=\"ace-line ace-line old-record-id-Qw9LfxleHdoMnvcxnWhcDhzin5d\">Un sabor a menta cl\u00e1sico e invigorante. Es fresco, crujiente y refrescante\u2014como un soplo de aire fresco. Perfecto para quienes aman los vaporizadores de menta simples y limpios, o para combinar con sabores frutales.<\/div>\n<h4 class=\"heading-4 ace-line old-record-id-Il93fvsofde3UDcJpaxcRVjEnZc\">14. Menta P\u00farpura<\/h4>\n<div class=\"ace-line ace-line old-record-id-WgfsfF4RLddEINcpLSScY9d3nDe\">\n<p>Un giro \u00fanico en la menta cl\u00e1sica. Este sabor tiene un sutil matiz dulce que complementa perfectamente la menta fresca. No es demasiado fuerte, pero a\u00fan as\u00ed ofrece ese golpe refrescante de menta que anhelas.<\/p>\n<p><img decoding=\"async\" class=\"wp-image-6788 size-full\" title=\"Elf Bar GH 23000 Puffs Sabor\" src=\"https:\/\/oiovape.com\/wp-content\/uploads\/2026\/02\/Elf-Bar-GH-23000-Puffs-Flavor.webp\" alt=\"Elf Bar GH 23000 Puffs Sabor\" width=\"554\" height=\"554\" srcset=\"https:\/\/oiovape.com\/wp-content\/uploads\/2026\/02\/Elf-Bar-GH-23000-Puffs-Flavor.webp 554w, https:\/\/oiovape.com\/wp-content\/uploads\/2026\/02\/Elf-Bar-GH-23000-Puffs-Flavor-300x300.webp 300w, https:\/\/oiovape.com\/wp-content\/uploads\/2026\/02\/Elf-Bar-GH-23000-Puffs-Flavor-150x150.webp 150w, https:\/\/oiovape.com\/wp-content\/uploads\/2026\/02\/Elf-Bar-GH-23000-Puffs-Flavor-12x12.webp 12w\" sizes=\"(max-width: 554px) 100vw, 554px\" \/><\/div>\n<h2 class=\"heading-2 ace-line old-record-id-DLHCf6ZV4d422ecx1Qscfjdun1b\">Preguntas y Respuestas: Preguntas Comunes Sobre el Elf Bar GH 23000 Puffs<\/h2>\n<div class=\"ace-line ace-line old-record-id-M1HLfNiYcd1MGAciAqpcJZ2kngc\">Hemos recopilado las preguntas m\u00e1s comunes sobre el Elf Bar GH 23000 Puffs para ayudarte a tomar una decisi\u00f3n informada. Aqu\u00ed est\u00e1n las respuestas que necesitas:<\/div>\n<h3 class=\"heading-3 ace-line old-record-id-K7oLfnDQmdXca9ccgPlcpuRpnIe\">P1: \u00bfCu\u00e1nto tiempo dura el Elf Bar GH 23000 Puffs?<\/h3>\n<div class=\"ace-line ace-line old-record-id-QnlfflemadwxhAcKbSicNY1Xnzb\">R1: Con 23000 puffs, el dispositivo dura significativamente m\u00e1s que la mayor\u00eda de los vaporizadores desechables. Para los vapeadores ocasionales (10-15 puffs por d\u00eda), puede durar hasta 6 meses. Para los vapeadores m\u00e1s frecuentes (30-40 puffs por d\u00eda), a\u00fan dura de 2 a 3 meses\u2014sin necesidad de reemplazarlo con frecuencia.<\/div>\n<h3 class=\"heading-3 ace-line old-record-id-GNgofJor9daKTEcfb5lcNeAEnPg\">P2: \u00bfEs el Elf Bar GH 23000 Puffs recargable?<\/h3>\n<div class=\"ace-line ace-line old-record-id-JHMZfHU5Ud6z0ZcJEpxcVKO1nVg\">R2: \u00a1S\u00ed! Viene con una bater\u00eda recargable de 850mAh y un puerto de carga Tipo-C. Cuando la bater\u00eda se agota, simplemente con\u00e9ctalo con un cable Tipo-C (no incluido) y se recargar\u00e1 r\u00e1pidamente\u2014para que no tengas que desechar un dispositivo medio usado.<\/div>\n<h3 class=\"heading-3 ace-line old-record-id-PFYQfkItUdYkAccKGAvcc5nNngl\">P3: \u00bfQu\u00e9 hace que la Bobina de Malla Doble sea mejor?<\/h3>\n<div class=\"ace-line ace-line old-record-id-ReYKf0pZodpdnBcMwuRcHiJ0n0e\">R3: La Bobina de Malla Doble tiene una mayor superficie que las bobinas tradicionales. Esto significa que calienta el e-l\u00edquido de manera m\u00e1s uniforme, produciendo vapor m\u00e1s suave y un sabor m\u00e1s intenso. Tambi\u00e9n previene sabores quemados y asegura un rendimiento consistente desde la primera calada hasta la \u00faltima.<\/div>\n<\/div>\n<\/div>\n<\/div>\n<\/div>\n<\/div>\n<\/div>\n<\/div>\n<\/div>\n<\/div>\n<\/div>\n<\/div>\n<\/div>\n<\/div>\n<\/div>\n<\/div>\n<\/div>\n<\/div>\n<\/div>\n<\/div>\n<\/div>\n<\/div>\n<\/div>\n<\/div>\n<\/div>\n<\/div>\n<\/div>\n<\/div>\n<\/div>\n<\/div>\n<\/div>\n<\/div>\n<\/div>\n<\/div>\n<\/div>\n<\/div>\n<\/div>\n<\/div>\n<\/div>\n<\/div>\n<\/div>\n<\/div>\n<\/div>\n<\/div>\n<\/div>\n<\/div>\n<\/div>\n<\/div>\n<\/div>\n<\/div>\n<\/div>\n<\/div>\n<\/div>\n<\/div>\n<\/div>\n<\/div>\n<\/div>\n<\/div>\n<\/div>\n<\/div>\n<\/div>\n<\/div>\n<\/div>\n<\/div>\n<\/div>\n<\/div>\n<\/div>\n<\/div>\n<\/div>\n<\/div>\n<\/div>\n<\/div>\n<\/div>\n<\/div>\n<\/div>\n<\/div>\n<\/div>\n<\/div>\n<\/div>\n<\/div>\n<\/div>\n<\/div>","protected":false},"excerpt":{"rendered":"<div data-page-id=\"RAopf2sw9dtvw4cWYXpcTwo0n8g\" data-lark-html-role=\"root\" data-docx-has-block-data=\"false\">\n<div class=\"ace-line ace-line old-record-id-Uju9f3RXYd8dh2crAJbcBF3Un6M\">\n<div data-page-id=\"Dd8gfe2wRdT66jcgnqtcUwg5ndh\" data-lark-html-role=\"root\" data-docx-has-block-data=\"false\">\n<div class=\"ace-line ace-line old-record-id-FiRZf3qXpdK0RqcHt8wcxPTon8b\">Elf Bar GH 23000 Puffs es un vape desechable de primera categor\u00eda con 23000 inhalaciones, 23ML de e-l\u00edquido y 5% de nicotina. Su bater\u00eda recargable de 850mAh tipo C y su bobina de malla dual ofrecen vapor suave y un sabor rico. Con 15 sabores diversos\u2014frutales, mentolados y dulces\u2014se adapta a todos los gustos, durando meses tanto para vapeadores ocasionales como para los m\u00e1s frecuentes.<\/div>\n<\/div>\n<\/div>\n<\/div>","protected":false},"featured_media":6797,"comment_status":"open","ping_status":"closed","template":"","meta":{"_acf_changed":false,"inline_featured_image":false,"_sitemap_exclude":false,"_sitemap_priority":"","_sitemap_frequency":""},"product_brand":[333],"product_cat":[332],"product_tag":[],"class_list":{"0":"post-6785","1":"product","2":"type-product","3":"status-publish","4":"has-post-thumbnail","6":"product_brand-elf-bar","7":"product_cat-elf-bar","9":"first","10":"instock","11":"sale","12":"shipping-taxable","13":"purchasable","14":"product-type-variable","15":"has-default-attributes"},"acf":[],"tiered_pricing_type":"fixed","tiered_pricing_fixed_rules":{"30":10.78,"60":10.56,"100":10.14,"200":9.57},"tiered_pricing_product_settings":{"layout":"default","base_unit_name":{"singular":null,"plural":null},"default_variation":null},"tiered_pricing_minimum_quantity":10,"tiered_pricing_roles_data":[],"tiered_pricing_percentage_rules":[],"tiered_pricing_maximum_quantity":null,"tiered_pricing_quantity_step":"10","_links":{"self":[{"href":"https:\/\/oiovape.com\/es\/wp-json\/wp\/v2\/product\/6785","targetHints":{"allow":["GET"]}}],"collection":[{"href":"https:\/\/oiovape.com\/es\/wp-json\/wp\/v2\/product"}],"about":[{"href":"https:\/\/oiovape.com\/es\/wp-json\/wp\/v2\/types\/product"}],"replies":[{"embeddable":true,"href":"https:\/\/oiovape.com\/es\/wp-json\/wp\/v2\/comments?post=6785"}],"version-history":[{"count":0,"href":"https:\/\/oiovape.com\/es\/wp-json\/wp\/v2\/product\/6785\/revisions"}],"wp:featuredmedia":[{"embeddable":true,"href":"https:\/\/oiovape.com\/es\/wp-json\/wp\/v2\/media\/6797"}],"wp:attachment":[{"href":"https:\/\/oiovape.com\/es\/wp-json\/wp\/v2\/media?parent=6785"}],"wp:term":[{"taxonomy":"product_brand","embeddable":true,"href":"https:\/\/oiovape.com\/es\/wp-json\/wp\/v2\/product_brand?post=6785"},{"taxonomy":"product_cat","embeddable":true,"href":"https:\/\/oiovape.com\/es\/wp-json\/wp\/v2\/product_cat?post=6785"},{"taxonomy":"product_tag","embeddable":true,"href":"https:\/\/oiovape.com\/es\/wp-json\/wp\/v2\/product_tag?post=6785"}],"curies":[{"name":"wp","href":"https:\/\/api.w.org\/{rel}","templated":true}]}}