{"id":6822,"date":"2026-02-07T11:03:24","date_gmt":"2026-02-07T03:03:24","guid":{"rendered":"https:\/\/oiovape.com\/?post_type=product&#038;p=6822"},"modified":"2026-03-05T10:58:56","modified_gmt":"2026-03-05T02:58:56","slug":"jnr-shisha-ultra-45000-puffs","status":"publish","type":"product","link":"https:\/\/oiovape.com\/es\/product\/jnr-shisha-ultra-45000-puffs\/","title":{"rendered":"JNR SHISHA ULTRA 45000 PUFFS Opciones de Triple Malla Desechable DTL Vape con Flujo de Aire Ajustable"},"content":{"rendered":"<div data-page-id=\"ZVeMfq8uxd7y1ycuKm5cym4LnYd\" data-lark-html-role=\"root\" data-docx-has-block-data=\"false\">\n<div data-page-id=\"Fd41fZ5N9dzRQtcRNoVc2FuDnCh\" data-lark-html-role=\"root\" data-docx-has-block-data=\"true\">\n<div data-page-id=\"BdIJfeeijdk1eucGpS8cDCBBn5c\" data-lark-html-role=\"root\" data-docx-has-block-data=\"false\">\n<div data-page-id=\"Zbg9fWx77dUuh2cIYpic25c8nyd\" data-lark-html-role=\"root\" data-docx-has-block-data=\"false\">\n<div data-page-id=\"KaIvfiurhdlCKdc0kyxcX64cnE6\" data-lark-html-role=\"root\" data-docx-has-block-data=\"true\">\n<div data-page-id=\"PbvFfqxqlddUTScRpEYcY5MHnpf\" data-lark-html-role=\"root\" data-docx-has-block-data=\"true\">\n<div data-page-id=\"GZO2f5JeudwY4jc9iJtcdk9Hnxh\" data-lark-html-role=\"root\" data-docx-has-block-data=\"false\">\n<div data-page-id=\"EZVRf2acFduXLGcseZFc4qH2n6e\" data-lark-html-role=\"root\" data-docx-has-block-data=\"false\">\n<div data-page-id=\"B8rHfcqlqdzmH5cCWCncz17Cntb\" data-lark-html-role=\"root\" data-docx-has-block-data=\"false\">\n<div data-page-id=\"B8rHfcqlqdzmH5cCWCncz17Cntb\" data-lark-html-role=\"root\" data-docx-has-block-data=\"false\">\n<div data-page-id=\"B8rHfcqlqdzmH5cCWCncz17Cntb\" data-lark-html-role=\"root\" data-docx-has-block-data=\"true\">\n<div data-page-id=\"HM70f1aoxdD0bMcxJZBcVc7ynZd\" data-lark-html-role=\"root\" data-docx-has-block-data=\"false\">\n<div data-page-id=\"NSrJfN7Ord22i0c1iwZcsF8yn8b\" data-lark-html-role=\"root\" data-docx-has-block-data=\"false\">\n<div data-page-id=\"RXEff4Mskds8o1cqL5HcGEtUnCh\" data-lark-html-role=\"root\" data-docx-has-block-data=\"false\">\n<div data-page-id=\"KJ7gfqkVndMSRJcMseScmvYwnTc\" data-lark-html-role=\"root\" data-docx-has-block-data=\"false\">\n<div class=\"ace-line ace-line old-record-id-QADAfETPudgmudc05YvcTO5fnxe\">\n<div data-page-id=\"KJ7gfqkVndMSRJcMseScmvYwnTc\" data-lark-html-role=\"root\" data-docx-has-block-data=\"false\">\n<div class=\"ace-line ace-line old-record-id-JoRkfpho8dOkiacEOascDyCOncb\">\n<div data-page-id=\"KJ7gfqkVndMSRJcMseScmvYwnTc\" data-lark-html-role=\"root\" data-docx-has-block-data=\"false\">\n<div data-page-id=\"Ju6ofQ3V4dGmePcVvJvc1gmcnZb\" data-lark-html-role=\"root\" data-docx-has-block-data=\"true\">\n<div data-page-id=\"PR9ife5PLdFabccbFgZcWgZOnTc\" data-lark-html-role=\"root\" data-docx-has-block-data=\"false\">\n<div data-page-id=\"INdrfOIGzdaenXcptrcc1BcznQc\" data-lark-html-role=\"root\" data-docx-has-block-data=\"false\">\n<div class=\"ace-line ace-line old-record-id-P0fIf4YaZdoGkbcxt5ackec2nnb\">\n<div data-page-id=\"INdrfOIGzdaenXcptrcc1BcznQc\" data-lark-html-role=\"root\" data-docx-has-block-data=\"false\">\n<div data-page-id=\"MAzCfUB73dMTQscm8eWcougVn1g\" data-lark-html-role=\"root\" data-docx-has-block-data=\"true\">\n<div data-page-id=\"AXfpf7H1odhDvGcKoUOcErN8nV7\" data-lark-html-role=\"root\" data-docx-has-block-data=\"false\">\n<div data-page-id=\"QYTKf5PvLdUNdbce2nBcW9yfnrh\" data-lark-html-role=\"root\" data-docx-has-block-data=\"false\">\n<div data-page-id=\"Pvu1f1CCBdxbjncA9pgcBTpanph\" data-lark-html-role=\"root\" data-docx-has-block-data=\"true\">\n<div data-page-id=\"Axf3fcmY8dDAhtcjVircBcphnPc\" data-lark-html-role=\"root\" data-docx-has-block-data=\"false\">\n<div data-page-id=\"KKj1f9SPmdLhhMc5E2AcNlLen6f\" data-lark-html-role=\"root\" data-docx-has-block-data=\"true\">\n<div data-page-id=\"Rx61fK1sJdXHjPcBuhZcweNhnwc\" data-lark-html-role=\"root\" data-docx-has-block-data=\"false\">\n<div data-page-id=\"L1H9fkG9Mdz45Fcy4WMc5VKXnRe\" data-lark-html-role=\"root\" data-docx-has-block-data=\"false\">\n<div data-page-id=\"L1H9fkG9Mdz45Fcy4WMc5VKXnRe\" data-lark-html-role=\"root\" data-docx-has-block-data=\"false\">\n<div data-page-id=\"D4XLfVBVrdE8mrcaYizczklLnaf\" data-lark-html-role=\"root\" data-docx-has-block-data=\"false\">\n<div data-page-id=\"WVcifIY44d5mhMcXtyEcTsfenGd\" data-lark-html-role=\"root\" data-docx-has-block-data=\"true\">\n<div data-page-id=\"LRknfa6Whd4DWCcUc0FcNKpJnyh\" data-lark-html-role=\"root\" data-docx-has-block-data=\"false\">\n<div data-page-id=\"LRknfa6Whd4DWCcUc0FcNKpJnyh\" data-lark-html-role=\"root\" data-docx-has-block-data=\"false\">\n<div data-page-id=\"XFRAfkcOEdRWh8cArQ2cJdyRnJf\" data-lark-html-role=\"root\" data-docx-has-block-data=\"true\">\n<div data-page-id=\"OQ3bfjnRddMTDGcC3ouc6xFKnWf\" data-lark-html-role=\"root\" data-docx-has-block-data=\"true\">\n<div data-page-id=\"J0iGfj1hEdjc4rcUdSmc4spMnmZ\" data-lark-html-role=\"root\" data-docx-has-block-data=\"false\">\n<div data-page-id=\"P1o7fFyNlduP8tcfZpQcagzbnIf\" data-lark-html-role=\"root\" data-docx-has-block-data=\"false\">\n<div class=\"ace-line ace-line old-record-id-P1o7fFyNlduP8tcfZpQcagzbnIf\">\n<div data-page-id=\"P1o7fFyNlduP8tcfZpQcagzbnIf\" data-lark-html-role=\"root\" data-docx-has-block-data=\"false\">\n<div data-page-id=\"U4iufW38SdttWKcTstMcTtHRnXc\" data-lark-html-role=\"root\" data-docx-has-block-data=\"true\">\n<div data-page-id=\"ONVMf7VTWddcFtcyATOchCJHnZb\" data-lark-html-role=\"root\" data-docx-has-block-data=\"true\">\n<div data-page-id=\"KoW2fSy0PdLHFlc5kSHcgvWMnYg\" data-lark-html-role=\"root\" data-docx-has-block-data=\"false\">\n<div data-page-id=\"KoW2fSy0PdLHFlc5kSHcgvWMnYg\" data-lark-html-role=\"root\" data-docx-has-block-data=\"false\">\n<div data-page-id=\"OLGhfzxC7d7EFIcLEj9cRT5ynZf\" data-lark-html-role=\"root\" data-docx-has-block-data=\"false\">\n<div data-page-id=\"DdnnfrLjzdqrFIc9Il9c7pA2noc\" data-lark-html-role=\"root\" data-docx-has-block-data=\"true\">\n<div data-page-id=\"KNzcf2o0oddkJOcztTVcqPdlnth\" data-lark-html-role=\"root\" data-docx-has-block-data=\"false\">\n<div data-page-id=\"LBU7fg5SEdkWhecGJoxca3xvnCe\" data-lark-html-role=\"root\" data-docx-has-block-data=\"false\">\n<div data-page-id=\"EB70fooS3d69bMcgWB7c5qb9n8g\" data-lark-html-role=\"root\" data-docx-has-block-data=\"false\">\n<div data-page-id=\"AogwfsZCadB6t0cAvF0cK4JLnvf\" data-lark-html-role=\"root\" data-docx-has-block-data=\"false\">\n<div data-page-id=\"AogwfsZCadB6t0cAvF0cK4JLnvf\" data-lark-html-role=\"root\" data-docx-has-block-data=\"false\">\n<div data-page-id=\"JMZIflNGddQuU0c5JZocSqlvnle\" data-lark-html-role=\"root\" data-docx-has-block-data=\"false\">\n<div data-page-id=\"JMZIflNGddQuU0c5JZocSqlvnle\" data-lark-html-role=\"root\" data-docx-has-block-data=\"true\">\n<div data-page-id=\"HtEafjjRIdPAlMc9zgYcsGy6nOe\" data-lark-html-role=\"root\" data-docx-has-block-data=\"false\">\n<div data-page-id=\"Rhnafz0WTdDeT9c43xxczsbVnJo\" data-lark-html-role=\"root\" data-docx-has-block-data=\"false\">\n<div data-page-id=\"WY0CfKdcTdf4hVcZl67ct5LGncf\" data-lark-html-role=\"root\" data-docx-has-block-data=\"true\">\n<div data-page-id=\"MkB5fF4AVdchovcoPEpc7LqvnOd\" data-lark-html-role=\"root\" data-docx-has-block-data=\"true\">\n<div data-page-id=\"MfbjfZhbhdJdA8cH1dAckqF0n6g\" data-lark-html-role=\"root\" data-docx-has-block-data=\"false\">\n<div class=\"ace-line ace-line old-record-id-W2AHfJLnjd7ugjcRLs1c8BdhnNh\">\n<div data-page-id=\"MfbjfZhbhdJdA8cH1dAckqF0n6g\" data-lark-html-role=\"root\" data-docx-has-block-data=\"false\">\n<div class=\"old-record-id-XXd1feeCZdR2hJc6evocxnh1nOg\">\n<div data-page-id=\"MfbjfZhbhdJdA8cH1dAckqF0n6g\" data-lark-html-role=\"root\" data-docx-has-block-data=\"false\">\n<div data-page-id=\"DE51fYUmxdT3ekcHzc3cGrVQnsc\" data-lark-html-role=\"root\" data-docx-has-block-data=\"false\">\n<div data-page-id=\"YSKdfaZ08dRej3ci5CccQBuOncc\" data-lark-html-role=\"root\" data-docx-has-block-data=\"true\">\n<div data-page-id=\"K6mofQmledamEFcgp1EcVobmnYd\" data-lark-html-role=\"root\" data-docx-has-block-data=\"false\">\n<div data-page-id=\"VTgsfVLdCd9q1ucYcwRcCM0Hnof\" data-lark-html-role=\"root\" data-docx-has-block-data=\"true\">\n<div data-page-id=\"WucKfzp8RdNy8rcMJHncz4Knnac\" data-lark-html-role=\"root\" data-docx-has-block-data=\"true\">\n<div data-page-id=\"IfZ9fDIBLd9b9hcJiqGcLw9Pnmh\" data-lark-html-role=\"root\" data-docx-has-block-data=\"false\">\n<div data-page-id=\"JeU6f3Yq5dbdEHcZDptc5ikcn5c\" data-lark-html-role=\"root\" data-docx-has-block-data=\"true\">\n<div data-page-id=\"E1YjfnB4Jdmtsfc2ZObcu04Un6c\" data-lark-html-role=\"root\" data-docx-has-block-data=\"false\">\n<div data-page-id=\"RQVEfdiOzdqTQKcRcnxcG0Y7nce\" data-lark-html-role=\"root\" data-docx-has-block-data=\"true\">\n<div data-page-id=\"NKc7fbZi9dnOXocdHcScVsXdnmh\" data-lark-html-role=\"root\" data-docx-has-block-data=\"false\">\n<div data-page-id=\"DaE3fgNEwdnbQVc62iqcBK4lnte\" data-lark-html-role=\"root\" data-docx-has-block-data=\"false\">\n<div data-page-id=\"DaE3fgNEwdnbQVc62iqcBK4lnte\" data-lark-html-role=\"root\" data-docx-has-block-data=\"false\">\n<div data-page-id=\"NqSRfcp5SdFQ6ucdStXcbvManpc\" data-lark-html-role=\"root\" data-docx-has-block-data=\"false\">\n<div data-page-id=\"KydBfoEuudJNYhcgRdAc3aeUn7c\" data-lark-html-role=\"root\" data-docx-has-block-data=\"true\">\n<div data-page-id=\"SIqXfR5ipd7jWpczA5RcYkWInfd\" data-lark-html-role=\"root\" data-docx-has-block-data=\"false\">\n<div data-page-id=\"Y06XfUzydd0aVicBtPKcZlS8nJf\" data-lark-html-role=\"root\" data-docx-has-block-data=\"true\">\n<div data-page-id=\"E2ZvfNrVNdEHKickexPcvdXVnrc\" data-lark-html-role=\"root\" data-docx-has-block-data=\"false\">\n<div data-page-id=\"DqGzfq5S4d9GdAcOQVIcIdPhn2c\" data-lark-html-role=\"root\" data-docx-has-block-data=\"false\">\n<h2 class=\"heading-2 ace-line old-record-id-K327f1CG3dZgv0cVs3Tc5SyXn4d\">\u00bfQu\u00e9 hace que el JNR SHISHA ULTRA 45000 Puffs se destaque?<\/h2>\n<div class=\"ace-line ace-line old-record-id-CzKJfeNXqdche9ctjnVca1gNngf\">Este dispositivo desechable DTL (Direct to Lung) no es solo otro producto de vapeo; est\u00e1 dise\u00f1ado con atenci\u00f3n a cada detalle, desde su exterior premium hasta sus potentes componentes internos. Desglosemos sus caracter\u00edsticas clave que lo convierten en una opci\u00f3n destacada para vapeadores de todos los niveles.<\/div>\n<h3 class=\"heading-3 ace-line old-record-id-SUFPfmFuodKypPcH99NcD1bSnJd\">Dise\u00f1o Elegante y Sensaci\u00f3n Premium<\/h3>\n<div class=\"ace-line ace-line old-record-id-VslqfCuk0dLnHbcaDvrcY9HPnMf\">Olv\u00eddate de los desechables voluminosos y de aspecto barato. El JNR SHISHA ULTRA 45000 Puffs cuenta con un exterior de cuero que se siente lujoso en la mano y a\u00f1ade un toque de sofisticaci\u00f3n. Sin embargo, no se trata solo de la apariencia: su dise\u00f1o compacto y ergon\u00f3mico facilita llevarlo en el bolsillo o en la bolsa, para que puedas disfrutar de tus sabores favoritos en cualquier lugar y en cualquier momento. \u2728<\/div>\n<h3 class=\"heading-3 ace-line old-record-id-OegOfPsEqdl5kvcswsOcOu1dn0c\">Disfrute Duradero Sin Complicaciones<\/h3>\n<div class=\"ace-line ace-line old-record-id-C9qofZfAtdV4hucTDyscs78xnDe\">Una de las mayores frustraciones con los vaporizadores desechables es quedarse sin e-l\u00edquido o bater\u00eda demasiado pronto. Este dispositivo resuelve eso con generosos 40 ml de e-l\u00edquido, ofreciendo hasta 45,000 inhalaciones; eso son semanas de vapeo constante sin necesidad de reemplazar el dispositivo. \ud83c\udf89<\/div>\n<h3 class=\"heading-3 ace-line old-record-id-NNHJfX5U2dgRkKcIMrTcIBNKn0b\">Bater\u00eda Potente &amp; Carga R\u00e1pida<\/h3>\n<div class=\"ace-line ace-line old-record-id-XJ8bfAGNyd4xe1cEo5HcVaPpnac\">Equipado con una bater\u00eda de 1100 mAh, el JNR SHISHA ULTRA 45000 Puffs proporciona vapor fuerte y constante de principio a fin. Y cuando necesites una carga, el puerto Type-C asegura una carga r\u00e1pida y conveniente; no m\u00e1s esperar horas para volver a vapear. \ud83d\udd0b<\/div>\n<h3 class=\"heading-3 ace-line old-record-id-PmDXfGqDgdrkvzcpybMcbeLcn6f\">Vapor Rico y Experiencia Personalizable<\/h3>\n<div class=\"ace-line ace-line old-record-id-CeFkfqp48dNmCOc4X0tcz3jNnMd\">El dispositivo cuenta con una resistencia de malla de 1.20, con opciones de malla triple disponibles, para producir un vapor rico y suave que resalta el sabor completo de cada e-l\u00edquido. Tambi\u00e9n tiene un flujo de aire ajustable, para que puedas modificar la inhalaci\u00f3n seg\u00fan tu preferencia, ya sea que te guste un golpe concentrado o una inhalaci\u00f3n suave y aireada. Adem\u00e1s, la ventana visible de e-l\u00edquido te permite verificar cu\u00e1nto queda de un vistazo, para que nunca te quedes sin \u00e9l inesperadamente. \ud83c\udf2c\ufe0f<\/div>\n<h3 class=\"heading-3 ace-line old-record-id-CVPXf63SzdJljCcwgIscSyH8nWf\">Pantalla de Bater\u00eda Inteligente para Tranquilidad<\/h3>\n<div class=\"ace-line ace-line old-record-id-FYI4fP00IdgEfbcv6uxcQoFTnah\">\u00bfTe preguntas cu\u00e1nto de bater\u00eda te queda? La pantalla de bater\u00eda inteligente muestra los niveles de energ\u00eda en tiempo real, para que siempre sepas cu\u00e1ndo es el momento de cargar. No m\u00e1s adivinaciones ni sorpresas con un dispositivo muerto. \ud83d\udcca<br \/>\n<img decoding=\"async\" class=\"wp-image-6834 size-full\" title=\"JNRPUFF SHISHA ULTRA 45K POST\" src=\"https:\/\/oiovape.com\/wp-content\/uploads\/2026\/02\/JNRPUFF-SHISHA-ULTRA-45K-POST.jpg\" alt=\"JNRPUFF SHISHA ULTRA 45K POST\" width=\"1920\" height=\"1080\" srcset=\"https:\/\/oiovape.com\/wp-content\/uploads\/2026\/02\/JNRPUFF-SHISHA-ULTRA-45K-POST.jpg 1920w, https:\/\/oiovape.com\/wp-content\/uploads\/2026\/02\/JNRPUFF-SHISHA-ULTRA-45K-POST-300x169.jpg 300w, https:\/\/oiovape.com\/wp-content\/uploads\/2026\/02\/JNRPUFF-SHISHA-ULTRA-45K-POST-1024x576.jpg 1024w, https:\/\/oiovape.com\/wp-content\/uploads\/2026\/02\/JNRPUFF-SHISHA-ULTRA-45K-POST-768x432.jpg 768w, https:\/\/oiovape.com\/wp-content\/uploads\/2026\/02\/JNRPUFF-SHISHA-ULTRA-45K-POST-1536x864.jpg 1536w, https:\/\/oiovape.com\/wp-content\/uploads\/2026\/02\/JNRPUFF-SHISHA-ULTRA-45K-POST-18x10.jpg 18w, https:\/\/oiovape.com\/wp-content\/uploads\/2026\/02\/JNRPUFF-SHISHA-ULTRA-45K-POST-1200x675.jpg 1200w, https:\/\/oiovape.com\/wp-content\/uploads\/2026\/02\/JNRPUFF-SHISHA-ULTRA-45K-POST-150x84.jpg 150w\" sizes=\"(max-width: 1920px) 100vw, 1920px\" \/><\/div>\n<h2 class=\"heading-2 ace-line old-record-id-Fj4GfjVePdpaARcVfY0cplumnRH\">\u00bfPor qu\u00e9 elegir el JNR SHISHA ULTRA 45000 Puffs?<\/h2>\n<div class=\"ace-line ace-line old-record-id-ZTmnfWhzGd0903cnMJXcWK33nOb\">Con tantos vaporizadores desechables en el mercado, podr\u00edas preguntarte qu\u00e9 hace que este se destaque. Aqu\u00ed est\u00e1 la raz\u00f3n por la que es la elecci\u00f3n perfecta para ti:<\/div>\n<ul class=\"list-bullet1\">\n<li class=\"ace-line ace-line old-record-id-CoaffcrFpdUnm9c4tdfcyPv1nmg\" data-list=\"bullet\">\n<div>Sin complicaciones: Es un dispositivo desechable, as\u00ed que solo lo sacas de la caja, comienzas a vapear y lo tiras cuando terminas; sin recargas, sin cambios de resistencia, sin mantenimiento.<\/div>\n<\/li>\n<li class=\"ace-line ace-line old-record-id-FM8mfZJ8WdzhomcYQDPciNKQn4c\" data-list=\"bullet\">\n<div>Duradero: 45000 inhalaciones significan que no tendr\u00e1s que reemplazarlo constantemente, ahorr\u00e1ndote tiempo y dinero.<\/div>\n<\/li>\n<li class=\"ace-line ace-line old-record-id-CpEhfDf1Kdpbg7cYa5ac5tpJn5c\" data-list=\"bullet\">\n<div>Calidad premium: Desde el exterior de cuero hasta las resistencias de malla, cada parte est\u00e1 dise\u00f1ada para durabilidad y rendimiento.<\/div>\n<\/li>\n<li class=\"ace-line ace-line old-record-id-EPxcf5BaTdMGfFcWgUDcSiLenBm\" data-list=\"bullet\">\n<div>Personalizable: El flujo de aire ajustable y las opciones de malla triple te permiten adaptar tu experiencia de vapeo a tu gusto.<\/div>\n<\/li>\n<li class=\"ace-line ace-line old-record-id-XxxnfVPFAdtSGAcJUOicf1ernFb\" data-list=\"bullet\">\n<div>Conveniente: La carga r\u00e1pida Type-C, el e-l\u00edquido visible y la pantalla de bater\u00eda inteligente facilitan su uso todos los d\u00edas.<\/div>\n<\/li>\n<\/ul>\n<h2 class=\"heading-2 ace-line old-record-id-QSuafoyRDdLhRIcffGEcYuQInkc\">Explora los Sabores Deliciosos<\/h2>\n<div class=\"ace-line ace-line old-record-id-K9KofmZY3dKcIqcagHUceNDankf\">El JNR SHISHA ULTRA 45000 Puffs viene en 16 sabores irresistibles, cada uno dise\u00f1ado para ofrecer un sabor audaz y aut\u00e9ntico. Cada nombre de sabor comienza con una letra may\u00fascula, con el resto en min\u00fasculas; perfecto para encontrar tu nuevo favorito:<\/div>\n<h4 class=\"heading-4 ace-line old-record-id-PG97fmxX0d33EfcyjS8chD6Xnye\">Sabores Mentolados Refrescantes<\/h4>\n<div class=\"ace-line ace-line old-record-id-MWCYfIJRGdl7e4cePancDDndn4c\">Ideal para vapeadores que aman un golpe fresco y crujiente, estas opciones mentoladas son perfectas para cualquier momento del d\u00eda:<\/div>\n<ul class=\"list-bullet1\">\n<li class=\"ace-line ace-line old-record-id-O9FIfWMaQd5PHkcnopWcoa7bn0u\" data-list=\"bullet\">\n<div>Menta: Un sabor cl\u00e1sico y limpio de menta que enfr\u00eda tu paladar con cada inhalaci\u00f3n. \u2744\ufe0f<\/div>\n<\/li>\n<li class=\"ace-line ace-line old-record-id-XFTIfLXeBdSCbNcj19Lcbo6lnCg\" data-list=\"bullet\">\n<div>Menta de Chicle: El sabor fresco y burbujeante del chicle de menta, con una dulzura sutil y un acabado refrescante.<\/div>\n<\/li>\n<li class=\"ace-line ace-line old-record-id-ZKFjf2EybdutVtcGZFOcnsCcnbh\" data-list=\"bullet\">\n<div>Menta de Ar\u00e1ndano: Jugoso ar\u00e1ndano se encuentra con menta crujiente, para una combinaci\u00f3n dulce y refrescante.<\/div>\n<\/li>\n<li class=\"ace-line ace-line old-record-id-YoBUfEkisdXhH4chtBaceZ5Gn5g\" data-list=\"bullet\">\n<div>Menta de Lim\u00f3n: Lim\u00f3n \u00e1cido combinado con menta refrescante, brillante y vigorizante.<\/div>\n<\/li>\n<li class=\"ace-line ace-line old-record-id-WEwof69zjdzJ6NcywOjcbgUfnIL\" data-list=\"bullet\">\n<div>Mentol: Un sabor de mentol fuerte y suave que ofrece una frescura satisfactoria.<\/div>\n<\/li>\n<li class=\"ace-line ace-line old-record-id-OeFvfTI6Wdem2TctlTrcwfEkneg\" data-list=\"bullet\">\n<div>Menta Verde: Menta verde fresca con una nota herbal ligera, perfecta para un toque de menta m\u00e1s suave.<\/div>\n<\/li>\n<\/ul>\n<h4 class=\"heading-4 ace-line old-record-id-LLm8fQ7x8dgHs8c5jDNc3gRZnsh\">Sabores Dulces y Frutales<\/h4>\n<div class=\"ace-line ace-line old-record-id-MF4HfaBCldAo8ecmuyacq1AgnXc\">Llenos de sabores de frutas frescas, estas opciones son dulces, vibrantes y llenas de car\u00e1cter:<\/div>\n<ul class=\"list-bullet1\">\n<li class=\"ace-line ace-line old-record-id-KHCEfMPH3dzSLDc1P9scSURFngc\" data-list=\"bullet\">\n<div>Golpe de Fresa: Fresas dulces y maduras mezcladas con un golpe \u00e1cido, frutales y refrescantes.<\/div>\n<\/li>\n<li class=\"ace-line ace-line old-record-id-Cwu6fVsPsd5UNmcHpLqcvhaRnJc\" data-list=\"bullet\">\n<div>Hielo de Durazno: Durazno jugoso y maduro combinado con un toque de hielo, para un dulce y refrescante deleite.<\/div>\n<\/li>\n<li class=\"ace-line ace-line old-record-id-T4ylf6KzHdXiT9c9f3KcQLvgnsg\" data-list=\"bullet\">\n<div>Ar\u00e1ndano y Frambuesa: Ar\u00e1ndanos jugosos y frambuesas \u00e1cidas, un sabor audaz y lleno de bayas.<\/div>\n<\/li>\n<li class=\"ace-line ace-line old-record-id-WaBHfA7kOd2lmEcTzSrcIYdMn9f\" data-list=\"bullet\">\n<div>Fresa y Cereza: Fresas dulces y cerezas jugosas, una combinaci\u00f3n cl\u00e1sica y frutal.<\/div>\n<\/li>\n<li class=\"ace-line ace-line old-record-id-UsZIfqV0wdKZPtcTVQdcvKGWnch\" data-list=\"bullet\">\n<div>Berries Mixtas: Una mezcla de bayas frescas: dulces, \u00e1cidas y perfectamente equilibradas.<\/div>\n<\/li>\n<li class=\"ace-line ace-line old-record-id-NfZMfP3ZBdYZOvcH2VacHAESn6c\" data-list=\"bullet\">\n<div>Mango y Pi\u00f1a: Mango tropical y pi\u00f1a dulce, una escapada frutal y soleada.<\/div>\n<\/li>\n<li class=\"ace-line ace-line old-record-id-Bs7GfwcjYduyzHcB6ggcoKNXnGl\" data-list=\"bullet\">\n<div>Fiesta de Cereza: Cerezas jugosas y maduras con un toque de dulzura, audaces y deliciosas.<\/div>\n<\/li>\n<li class=\"ace-line ace-line old-record-id-VimDfRWMud1Vnqcajecca86DnPb\" data-list=\"bullet\">\n<div>Duraznos de Verano: Duraznos frescos y maduros con una vibra ligera y veraniega, dulces y suaves.<\/div>\n<\/li>\n<\/ul>\n<h4 class=\"heading-4 ace-line old-record-id-JfNKfpkjJdvvhHcQAjmciYWNnvU\">\u00danico e Irresistible<\/h4>\n<div class=\"ace-line ace-line old-record-id-NvHufiuNUdjISUcmIF3caYirn3c\">Para los vapeadores que aman algo un poco diferente, este sabor seguramente impresionar\u00e1:<\/div>\n<ul class=\"list-bullet1\">\n<li class=\"ace-line ace-line old-record-id-XlWSfsGz9d8K57c8HnpcAoHLn7f\" data-list=\"bullet\">\n<div>Amor M\u00e1gico: Una mezcla \u00fanica y dulce que es dif\u00edcil de resistir: c\u00e1lida, reconfortante y llena de sabor. \u2764\ufe0f<\/div>\n<\/li>\n<li class=\"ace-line ace-line old-record-id-Bw3UfbOs3d80PGcRNRVc5wSMnlh\" data-list=\"bullet\">\n<div>Sue\u00f1o de Verano: Una mezcla ligera y frutal que se siente como una brisa de verano: fresca, dulce y edificante.<\/div>\n<\/li>\n<\/ul>\n<\/div>\n<div class=\"ace-line ace-line old-record-id-C7fMf0jNDdroeRcGED7c9IQbnUo\">\n<div data-page-id=\"E2ZvfNrVNdEHKickexPcvdXVnrc\" data-lark-html-role=\"root\" data-docx-has-block-data=\"true\"><\/div>\n<\/div>\n<\/div>\n<\/div>\n<\/div>\n<\/div>\n<\/div>\n<\/div>\n<\/div>\n<\/div>\n<\/div>\n<\/div>\n<\/div>\n<\/div>\n<\/div>\n<\/div>\n<\/div>\n<\/div>\n<\/div>\n<\/div>\n<\/div>\n<\/div>\n<\/div>\n<\/div>\n<\/div>\n<\/div>\n<\/div>\n<\/div>\n<\/div>\n<\/div>\n<\/div>\n<\/div>\n<\/div>\n<\/div>\n<\/div>\n<\/div>\n<\/div>\n<\/div>\n<\/div>\n<\/div>\n<\/div>\n<\/div>\n<\/div>\n<\/div>\n<\/div>\n<\/div>\n<\/div>\n<\/div>\n<\/div>\n<\/div>\n<\/div>\n<\/div>\n<\/div>\n<\/div>\n<\/div>\n<\/div>\n<\/div>\n<\/div>\n<\/div>\n<\/div>\n<\/div>\n<\/div>\n<\/div>\n<\/div>\n<\/div>\n<\/div>\n<\/div>\n<\/div>\n<\/div>\n<\/div>\n<\/div>\n<\/div>\n<\/div>\n<\/div>\n<\/div>\n<\/div>\n<\/div>\n<\/div>\n<\/div>\n<\/div>\n<\/div>\n<\/div>\n<\/div>\n<\/div>","protected":false},"excerpt":{"rendered":"<div data-page-id=\"RAopf2sw9dtvw4cWYXpcTwo0n8g\" data-lark-html-role=\"root\" data-docx-has-block-data=\"false\">\n<div class=\"ace-line ace-line old-record-id-Uju9f3RXYd8dh2crAJbcBF3Un6M\">\n<div data-page-id=\"Dd8gfe2wRdT66jcgnqtcUwg5ndh\" data-lark-html-role=\"root\" data-docx-has-block-data=\"false\">\n<div class=\"ace-line ace-line old-record-id-FiRZf3qXpdK0RqcHt8wcxPTon8b\">JNR SHISHA ULTRA 45000 Puffs es un vape desechable DTL premium con un elegante exterior de cuero y 40 ml de e-l\u00edquido para 45K inhalaciones. Tiene una bater\u00eda recargable Type-C de 1100mAh, flujo de aire ajustable, bobinas de malla y una pantalla de bater\u00eda inteligente. 16 sabrosos sabores van desde mentolados hasta afrutados, adapt\u00e1ndose a todos los gustos de los vapeadores para una experiencia personalizable y sin complicaciones.<\/div>\n<\/div>\n<\/div>\n<\/div>","protected":false},"featured_media":6833,"comment_status":"open","ping_status":"closed","template":"","meta":{"_acf_changed":false,"inline_featured_image":false,"_sitemap_exclude":false,"_sitemap_priority":"","_sitemap_frequency":""},"product_brand":[88],"product_cat":[77,383],"product_tag":[],"class_list":{"0":"post-6822","1":"product","2":"type-product","3":"status-publish","4":"has-post-thumbnail","6":"product_brand-jnr","7":"product_cat-jnr-puff","8":"product_cat-shisha-vape","10":"first","11":"instock","12":"sale","13":"shipping-taxable","14":"purchasable","15":"product-type-variable","16":"has-default-attributes"},"acf":[],"tiered_pricing_type":"fixed","tiered_pricing_fixed_rules":{"30":9.47,"60":8.59,"100":7.99,"200":7.46},"tiered_pricing_product_settings":{"layout":"default","base_unit_name":{"singular":null,"plural":null},"default_variation":null},"tiered_pricing_minimum_quantity":10,"tiered_pricing_roles_data":[],"tiered_pricing_percentage_rules":[],"tiered_pricing_maximum_quantity":null,"tiered_pricing_quantity_step":"10","_links":{"self":[{"href":"https:\/\/oiovape.com\/es\/wp-json\/wp\/v2\/product\/6822","targetHints":{"allow":["GET"]}}],"collection":[{"href":"https:\/\/oiovape.com\/es\/wp-json\/wp\/v2\/product"}],"about":[{"href":"https:\/\/oiovape.com\/es\/wp-json\/wp\/v2\/types\/product"}],"replies":[{"embeddable":true,"href":"https:\/\/oiovape.com\/es\/wp-json\/wp\/v2\/comments?post=6822"}],"version-history":[{"count":0,"href":"https:\/\/oiovape.com\/es\/wp-json\/wp\/v2\/product\/6822\/revisions"}],"wp:featuredmedia":[{"embeddable":true,"href":"https:\/\/oiovape.com\/es\/wp-json\/wp\/v2\/media\/6833"}],"wp:attachment":[{"href":"https:\/\/oiovape.com\/es\/wp-json\/wp\/v2\/media?parent=6822"}],"wp:term":[{"taxonomy":"product_brand","embeddable":true,"href":"https:\/\/oiovape.com\/es\/wp-json\/wp\/v2\/product_brand?post=6822"},{"taxonomy":"product_cat","embeddable":true,"href":"https:\/\/oiovape.com\/es\/wp-json\/wp\/v2\/product_cat?post=6822"},{"taxonomy":"product_tag","embeddable":true,"href":"https:\/\/oiovape.com\/es\/wp-json\/wp\/v2\/product_tag?post=6822"}],"curies":[{"name":"wp","href":"https:\/\/api.w.org\/{rel}","templated":true}]}}