{"id":7258,"date":"2026-03-02T09:55:49","date_gmt":"2026-03-02T01:55:49","guid":{"rendered":"https:\/\/oiovape.com\/?post_type=product&#038;p=7258"},"modified":"2026-03-02T18:01:43","modified_gmt":"2026-03-02T10:01:43","slug":"zooy-king-triple-80000-puffs","status":"publish","type":"product","link":"https:\/\/oiovape.com\/es\/product\/zooy-king-triple-80000-puffs\/","title":{"rendered":"Zooy King Triple 80000 PUFFS 850mAh Bater\u00eda de Carga R\u00e1pida Desechable Vape"},"content":{"rendered":"<div data-page-id=\"ZVeMfq8uxd7y1ycuKm5cym4LnYd\" data-lark-html-role=\"root\" data-docx-has-block-data=\"false\">\n<div data-page-id=\"Fd41fZ5N9dzRQtcRNoVc2FuDnCh\" data-lark-html-role=\"root\" data-docx-has-block-data=\"true\">\n<div data-page-id=\"BdIJfeeijdk1eucGpS8cDCBBn5c\" data-lark-html-role=\"root\" data-docx-has-block-data=\"false\">\n<div data-page-id=\"Zbg9fWx77dUuh2cIYpic25c8nyd\" data-lark-html-role=\"root\" data-docx-has-block-data=\"false\">\n<div data-page-id=\"KaIvfiurhdlCKdc0kyxcX64cnE6\" data-lark-html-role=\"root\" data-docx-has-block-data=\"true\">\n<div data-page-id=\"PbvFfqxqlddUTScRpEYcY5MHnpf\" data-lark-html-role=\"root\" data-docx-has-block-data=\"true\">\n<div data-page-id=\"GZO2f5JeudwY4jc9iJtcdk9Hnxh\" data-lark-html-role=\"root\" data-docx-has-block-data=\"false\">\n<div data-page-id=\"EZVRf2acFduXLGcseZFc4qH2n6e\" data-lark-html-role=\"root\" data-docx-has-block-data=\"false\">\n<div data-page-id=\"B8rHfcqlqdzmH5cCWCncz17Cntb\" data-lark-html-role=\"root\" data-docx-has-block-data=\"false\">\n<div data-page-id=\"B8rHfcqlqdzmH5cCWCncz17Cntb\" data-lark-html-role=\"root\" data-docx-has-block-data=\"false\">\n<div data-page-id=\"B8rHfcqlqdzmH5cCWCncz17Cntb\" data-lark-html-role=\"root\" data-docx-has-block-data=\"true\">\n<div data-page-id=\"HM70f1aoxdD0bMcxJZBcVc7ynZd\" data-lark-html-role=\"root\" data-docx-has-block-data=\"false\">\n<div data-page-id=\"NSrJfN7Ord22i0c1iwZcsF8yn8b\" data-lark-html-role=\"root\" data-docx-has-block-data=\"false\">\n<div data-page-id=\"RXEff4Mskds8o1cqL5HcGEtUnCh\" data-lark-html-role=\"root\" data-docx-has-block-data=\"false\">\n<div data-page-id=\"KJ7gfqkVndMSRJcMseScmvYwnTc\" data-lark-html-role=\"root\" data-docx-has-block-data=\"false\">\n<div class=\"ace-line ace-line old-record-id-QADAfETPudgmudc05YvcTO5fnxe\">\n<div data-page-id=\"KJ7gfqkVndMSRJcMseScmvYwnTc\" data-lark-html-role=\"root\" data-docx-has-block-data=\"false\">\n<div class=\"ace-line ace-line old-record-id-JoRkfpho8dOkiacEOascDyCOncb\">\n<div data-page-id=\"KJ7gfqkVndMSRJcMseScmvYwnTc\" data-lark-html-role=\"root\" data-docx-has-block-data=\"false\">\n<div data-page-id=\"Ju6ofQ3V4dGmePcVvJvc1gmcnZb\" data-lark-html-role=\"root\" data-docx-has-block-data=\"true\">\n<div data-page-id=\"PR9ife5PLdFabccbFgZcWgZOnTc\" data-lark-html-role=\"root\" data-docx-has-block-data=\"false\">\n<div data-page-id=\"INdrfOIGzdaenXcptrcc1BcznQc\" data-lark-html-role=\"root\" data-docx-has-block-data=\"false\">\n<div class=\"ace-line ace-line old-record-id-P0fIf4YaZdoGkbcxt5ackec2nnb\">\n<div data-page-id=\"INdrfOIGzdaenXcptrcc1BcznQc\" data-lark-html-role=\"root\" data-docx-has-block-data=\"false\">\n<div data-page-id=\"MAzCfUB73dMTQscm8eWcougVn1g\" data-lark-html-role=\"root\" data-docx-has-block-data=\"true\">\n<div data-page-id=\"AXfpf7H1odhDvGcKoUOcErN8nV7\" data-lark-html-role=\"root\" data-docx-has-block-data=\"false\">\n<div data-page-id=\"QYTKf5PvLdUNdbce2nBcW9yfnrh\" data-lark-html-role=\"root\" data-docx-has-block-data=\"false\">\n<div data-page-id=\"Pvu1f1CCBdxbjncA9pgcBTpanph\" data-lark-html-role=\"root\" data-docx-has-block-data=\"true\">\n<div data-page-id=\"Axf3fcmY8dDAhtcjVircBcphnPc\" data-lark-html-role=\"root\" data-docx-has-block-data=\"false\">\n<div data-page-id=\"KKj1f9SPmdLhhMc5E2AcNlLen6f\" data-lark-html-role=\"root\" data-docx-has-block-data=\"true\">\n<div data-page-id=\"Rx61fK1sJdXHjPcBuhZcweNhnwc\" data-lark-html-role=\"root\" data-docx-has-block-data=\"false\">\n<div data-page-id=\"L1H9fkG9Mdz45Fcy4WMc5VKXnRe\" data-lark-html-role=\"root\" data-docx-has-block-data=\"false\">\n<div data-page-id=\"L1H9fkG9Mdz45Fcy4WMc5VKXnRe\" data-lark-html-role=\"root\" data-docx-has-block-data=\"false\">\n<div data-page-id=\"D4XLfVBVrdE8mrcaYizczklLnaf\" data-lark-html-role=\"root\" data-docx-has-block-data=\"false\">\n<div data-page-id=\"WVcifIY44d5mhMcXtyEcTsfenGd\" data-lark-html-role=\"root\" data-docx-has-block-data=\"true\">\n<div data-page-id=\"LRknfa6Whd4DWCcUc0FcNKpJnyh\" data-lark-html-role=\"root\" data-docx-has-block-data=\"false\">\n<div data-page-id=\"LRknfa6Whd4DWCcUc0FcNKpJnyh\" data-lark-html-role=\"root\" data-docx-has-block-data=\"false\">\n<div data-page-id=\"XFRAfkcOEdRWh8cArQ2cJdyRnJf\" data-lark-html-role=\"root\" data-docx-has-block-data=\"true\">\n<div data-page-id=\"OQ3bfjnRddMTDGcC3ouc6xFKnWf\" data-lark-html-role=\"root\" data-docx-has-block-data=\"true\">\n<div data-page-id=\"J0iGfj1hEdjc4rcUdSmc4spMnmZ\" data-lark-html-role=\"root\" data-docx-has-block-data=\"false\">\n<div data-page-id=\"P1o7fFyNlduP8tcfZpQcagzbnIf\" data-lark-html-role=\"root\" data-docx-has-block-data=\"false\">\n<div class=\"ace-line ace-line old-record-id-P1o7fFyNlduP8tcfZpQcagzbnIf\">\n<div data-page-id=\"P1o7fFyNlduP8tcfZpQcagzbnIf\" data-lark-html-role=\"root\" data-docx-has-block-data=\"false\">\n<div data-page-id=\"U4iufW38SdttWKcTstMcTtHRnXc\" data-lark-html-role=\"root\" data-docx-has-block-data=\"true\">\n<div data-page-id=\"ONVMf7VTWddcFtcyATOchCJHnZb\" data-lark-html-role=\"root\" data-docx-has-block-data=\"true\">\n<div data-page-id=\"KoW2fSy0PdLHFlc5kSHcgvWMnYg\" data-lark-html-role=\"root\" data-docx-has-block-data=\"false\">\n<div data-page-id=\"KoW2fSy0PdLHFlc5kSHcgvWMnYg\" data-lark-html-role=\"root\" data-docx-has-block-data=\"false\">\n<div data-page-id=\"OLGhfzxC7d7EFIcLEj9cRT5ynZf\" data-lark-html-role=\"root\" data-docx-has-block-data=\"false\">\n<div data-page-id=\"DdnnfrLjzdqrFIc9Il9c7pA2noc\" data-lark-html-role=\"root\" data-docx-has-block-data=\"true\">\n<div data-page-id=\"KNzcf2o0oddkJOcztTVcqPdlnth\" data-lark-html-role=\"root\" data-docx-has-block-data=\"false\">\n<div data-page-id=\"LBU7fg5SEdkWhecGJoxca3xvnCe\" data-lark-html-role=\"root\" data-docx-has-block-data=\"false\">\n<div data-page-id=\"EB70fooS3d69bMcgWB7c5qb9n8g\" data-lark-html-role=\"root\" data-docx-has-block-data=\"false\">\n<div data-page-id=\"AogwfsZCadB6t0cAvF0cK4JLnvf\" data-lark-html-role=\"root\" data-docx-has-block-data=\"false\">\n<div data-page-id=\"AogwfsZCadB6t0cAvF0cK4JLnvf\" data-lark-html-role=\"root\" data-docx-has-block-data=\"false\">\n<div data-page-id=\"JMZIflNGddQuU0c5JZocSqlvnle\" data-lark-html-role=\"root\" data-docx-has-block-data=\"false\">\n<div data-page-id=\"JMZIflNGddQuU0c5JZocSqlvnle\" data-lark-html-role=\"root\" data-docx-has-block-data=\"true\">\n<div data-page-id=\"HtEafjjRIdPAlMc9zgYcsGy6nOe\" data-lark-html-role=\"root\" data-docx-has-block-data=\"false\">\n<div data-page-id=\"Rhnafz0WTdDeT9c43xxczsbVnJo\" data-lark-html-role=\"root\" data-docx-has-block-data=\"false\">\n<div data-page-id=\"WY0CfKdcTdf4hVcZl67ct5LGncf\" data-lark-html-role=\"root\" data-docx-has-block-data=\"true\">\n<div data-page-id=\"MkB5fF4AVdchovcoPEpc7LqvnOd\" data-lark-html-role=\"root\" data-docx-has-block-data=\"true\">\n<div data-page-id=\"MfbjfZhbhdJdA8cH1dAckqF0n6g\" data-lark-html-role=\"root\" data-docx-has-block-data=\"false\">\n<div class=\"ace-line ace-line old-record-id-W2AHfJLnjd7ugjcRLs1c8BdhnNh\">\n<div data-page-id=\"MfbjfZhbhdJdA8cH1dAckqF0n6g\" data-lark-html-role=\"root\" data-docx-has-block-data=\"false\">\n<div class=\"old-record-id-XXd1feeCZdR2hJc6evocxnh1nOg\">\n<div data-page-id=\"MfbjfZhbhdJdA8cH1dAckqF0n6g\" data-lark-html-role=\"root\" data-docx-has-block-data=\"false\">\n<div data-page-id=\"DE51fYUmxdT3ekcHzc3cGrVQnsc\" data-lark-html-role=\"root\" data-docx-has-block-data=\"false\">\n<div data-page-id=\"YSKdfaZ08dRej3ci5CccQBuOncc\" data-lark-html-role=\"root\" data-docx-has-block-data=\"true\">\n<div data-page-id=\"K6mofQmledamEFcgp1EcVobmnYd\" data-lark-html-role=\"root\" data-docx-has-block-data=\"false\">\n<div data-page-id=\"VTgsfVLdCd9q1ucYcwRcCM0Hnof\" data-lark-html-role=\"root\" data-docx-has-block-data=\"true\">\n<div data-page-id=\"WucKfzp8RdNy8rcMJHncz4Knnac\" data-lark-html-role=\"root\" data-docx-has-block-data=\"true\">\n<div data-page-id=\"IfZ9fDIBLd9b9hcJiqGcLw9Pnmh\" data-lark-html-role=\"root\" data-docx-has-block-data=\"false\">\n<div data-page-id=\"JeU6f3Yq5dbdEHcZDptc5ikcn5c\" data-lark-html-role=\"root\" data-docx-has-block-data=\"true\">\n<div data-page-id=\"E1YjfnB4Jdmtsfc2ZObcu04Un6c\" data-lark-html-role=\"root\" data-docx-has-block-data=\"false\">\n<div data-page-id=\"RQVEfdiOzdqTQKcRcnxcG0Y7nce\" data-lark-html-role=\"root\" data-docx-has-block-data=\"true\">\n<div data-page-id=\"NKc7fbZi9dnOXocdHcScVsXdnmh\" data-lark-html-role=\"root\" data-docx-has-block-data=\"false\">\n<div data-page-id=\"DaE3fgNEwdnbQVc62iqcBK4lnte\" data-lark-html-role=\"root\" data-docx-has-block-data=\"false\">\n<div data-page-id=\"DaE3fgNEwdnbQVc62iqcBK4lnte\" data-lark-html-role=\"root\" data-docx-has-block-data=\"false\">\n<div data-page-id=\"NqSRfcp5SdFQ6ucdStXcbvManpc\" data-lark-html-role=\"root\" data-docx-has-block-data=\"false\">\n<div data-page-id=\"KydBfoEuudJNYhcgRdAc3aeUn7c\" data-lark-html-role=\"root\" data-docx-has-block-data=\"true\">\n<div data-page-id=\"SIqXfR5ipd7jWpczA5RcYkWInfd\" data-lark-html-role=\"root\" data-docx-has-block-data=\"false\">\n<div data-page-id=\"Y06XfUzydd0aVicBtPKcZlS8nJf\" data-lark-html-role=\"root\" data-docx-has-block-data=\"true\">\n<div data-page-id=\"E2ZvfNrVNdEHKickexPcvdXVnrc\" data-lark-html-role=\"root\" data-docx-has-block-data=\"false\">\n<div data-page-id=\"DqGzfq5S4d9GdAcOQVIcIdPhn2c\" data-lark-html-role=\"root\" data-docx-has-block-data=\"false\">\n<div data-page-id=\"HsKcfE4WLdET7ScRm72cTZ96nPb\" data-lark-html-role=\"root\" data-docx-has-block-data=\"false\">\n<div data-page-id=\"MvWFfuF4Edx69KcRSmmcvS2LndG\" data-lark-html-role=\"root\" data-docx-has-block-data=\"true\">\n<div data-page-id=\"BSNMfUsMXd3XFscNxbDcufC2nEg\" data-lark-html-role=\"root\" data-docx-has-block-data=\"false\">\n<div data-page-id=\"Rr0Mfry1adQB66cMkYGcCmoWnKe\" data-lark-html-role=\"root\" data-docx-has-block-data=\"true\">\n<div data-page-id=\"A7fMfxJhydfxJUc6VX9cVvDKnpd\" data-lark-html-role=\"root\" data-docx-has-block-data=\"false\">\n<div data-page-id=\"A7fMfxJhydfxJUc6VX9cVvDKnpd\" data-lark-html-role=\"root\" data-docx-has-block-data=\"false\">\n<div data-page-id=\"WbzgfFBuTduiBjc6rORciNrNnlf\" data-lark-html-role=\"root\" data-docx-has-block-data=\"false\">\n<div data-page-id=\"R0Rzf8rQUdoB9hcxkiqc9kKHnk2\" data-lark-html-role=\"root\" data-docx-has-block-data=\"true\">\n<div data-page-id=\"ZwXFfRomCdt9G4cs33scepfHnoe\" data-lark-html-role=\"root\" data-docx-has-block-data=\"false\">\n<div data-page-id=\"UFFTffnWTdbuv3coRhBc3zxBnMf\" data-lark-html-role=\"root\" data-docx-has-block-data=\"true\">\n<h1 class=\"ace-line ace-line old-record-id-UFFTffnWTdbuv3coRhBc3zxBnMf\">Zooy King Triple 80000 Puffs \u2013 Introducci\u00f3n a los productos<\/h1>\n<div class=\"ace-line ace-line old-record-id-QjfBfM59WdSmOXc0CjycWd0Lnph\">Zooy King Triple 80000 Puffs trae triple deleite al vapeo desechable, combinando combinaciones de sabores 3 en 1, una bobina de malla 0.8+0.8+0.8 y luz LGB de 3 colores. Ofrece 80000 puffs de larga duraci\u00f3n, carga r\u00e1pida tipo C y una construcci\u00f3n compacta, lo que lo convierte en una opci\u00f3n elegante y pr\u00e1ctica para todos los amantes de los sabores.<\/div>\n<div class=\"ace-line ace-line old-record-id-TmCcf96Lkdb8AgczCIrcSWpWnSf\">No complica el rendimiento ni el dise\u00f1o. La bobina de malla triple asegura que cada sabor en el tr\u00edo brille, mientras que la luz LGB de 3 colores a\u00f1ade un toque divertido y vibrante. Ligero pero potente, se integra perfectamente en tu vida diaria, ya sea que est\u00e9s en movimiento o relaj\u00e1ndote en casa.<br \/>\n<div style=\"width: 1280px;\" class=\"wp-video\"><video class=\"wp-video-shortcode\" id=\"video-7258-1\" width=\"1280\" height=\"720\" preload=\"metadata\" controls=\"controls\"><source type=\"video\/mp4\" src=\"https:\/\/oiovape.com\/wp-content\/uploads\/2026\/03\/Zooy-King-Triple-80k-Video.mp4?_=1\" \/><a href=\"https:\/\/oiovape.com\/wp-content\/uploads\/2026\/03\/Zooy-King-Triple-80k-Video.mp4\">https:\/\/oiovape.com\/wp-content\/uploads\/2026\/03\/Zooy-King-Triple-80k-Video.mp4<\/a><\/video><\/div><\/p>\n<\/div>\n<h2 class=\"heading-2 ace-line old-record-id-YalBftl7edvKQoc3JO1cVxNmndb\">Luz LGB de 3 colores: A\u00f1ade estilo a tu vapeo<\/h2>\n<div class=\"ace-line ace-line old-record-id-Ku3xf2ZMRdcr1xcADiActLHNn4d\">A diferencia de los vaporizadores desechables ordinarios, Zooy King Triple 80000 Puffs cuenta con luz LGB de 3 colores que a\u00f1ade un toque din\u00e1mico a tu experiencia. Las luces brillan suavemente cuando inhalas, creando un efecto visual agradable que lo distingue de la multitud.<\/div>\n<h3 class=\"heading-3 ace-line old-record-id-Bzw7fBWsGdUzKEcAAj0cPWgknxd\">Brillo sutil y elegante<\/h3>\n<div class=\"ace-line ace-line old-record-id-QTJxftDKsd46KXcDMioc2MBunbh\">La luz LGB de 3 colores no es abrumadora; emite un brillo suave y constante que complementa tus momentos de vapeo. Cambia suavemente, a\u00f1adiendo un toque de estilo sin ser distractor, perfecto para aquellos que desean un poco de estilo adicional en su dispositivo.<\/div>\n<h4 class=\"heading-4 ace-line old-record-id-CWkofPC7id9dkLcrnZtcku8Fnic\">Brillo que coincide con tu estado de \u00e1nimo<\/h4>\n<div class=\"ace-line ace-line old-record-id-GEEFfBIMldKXlccwfTCcrA88nIf\">Los sutiles cambios de color de la luz se alinean con diferentes ritmos de vapeo, haciendo que cada inhalaci\u00f3n se sienta un poco m\u00e1s especial. No es solo un dispositivo funcional; es un peque\u00f1o accesorio elegante que refleja tu gusto personal.<\/div>\n<h2 class=\"heading-2 ace-line old-record-id-Rz8MfUceYdmgSbcGlIBc3G6QnXf\">Bobina de malla 0.8+0.8+0.8: Triple potencia para un sabor puro<\/h2>\n<div class=\"ace-line ace-line old-record-id-G0W7fh5XBd48I0cCzaecQEeAngb\">En el coraz\u00f3n de Zooy King Triple 80000 Puffs se encuentra una configuraci\u00f3n de bobina de malla 0.8+0.8+0.8: tres bobinas separadas trabajan en armon\u00eda para calentar cada sabor en el tr\u00edo 3 en 1 de manera uniforme. Este dise\u00f1o retiene el sabor aut\u00e9ntico de cada sabor, asegurando que no haya golpes duros ni sabores desvanecidos.<\/div>\n<div class=\"ace-line ace-line old-record-id-MxUMf6RsDd9eMdcigfScSY6vnxc\">La bobina triple entrega vapor suave y denso desde la primera inhalaci\u00f3n hasta la 80000. Equilibra perfectamente el sabor y el vapor, permiti\u00e9ndote saborear cada uno de los tres sabores sin que uno opaque a los otros. Cada inhalaci\u00f3n se siente consistente, satisfactoria y pura.<\/div>\n<h2 class=\"heading-2 ace-line old-record-id-NfFWfHhKXdnzspcnKZocVshenbh\">Sabores 3 en 1: Triple alegr\u00eda en cada inhalaci\u00f3n<\/h2>\n<div class=\"ace-line ace-line old-record-id-HhQwfdNoSdeBfacvJHEcahNrnUd\">El dise\u00f1o de sabor 3 en 1 es el alma de este dispositivo; cada dispositivo viene con tres sabores cuidadosamente emparejados que se complementan entre s\u00ed. Obtienes la variedad de tres vaporizadores en uno, sin la molestia de llevar m\u00faltiples dispositivos o cambiar entre ellos.<\/div>\n<h3 class=\"heading-3 ace-line old-record-id-FtFKf0MAGdpl6IcgfOucQC4vnpE\">Tr\u00edos de sabores cuidadosamente emparejados<\/h3>\n<div class=\"ace-line ace-line old-record-id-VlQjf0tgFdx9aQc3tD0c9gIzn9g\">Cada tr\u00edo mezcla diferentes perfiles de sabor: algunos combinan frescura helada con frutas dulces, otros combinan bayas audaces con notas tropicales. El emparejamiento es intencional, asegurando una experiencia en capas y placentera que te har\u00e1 volver por m\u00e1s.<\/div>\n<h3 class=\"heading-3 ace-line old-record-id-SOPXf6ET3dh4S5cDpxNcID3snIc\">10 tr\u00edos diversos para cada preferencia<\/h3>\n<div class=\"ace-line ace-line old-record-id-WacOfbmUbdzDrGcXL2oceeHmnyc\">Desde refresco helado hasta indulgencia dulce, los 10 tr\u00edos de sabores cubren todos los gustos. Ya sea que anheles un golpe fresco y refrescante o una inhalaci\u00f3n rica y afrutada, hay un tr\u00edo que se adapta a tu estado de \u00e1nimo. Consulta la l\u00ednea completa a continuaci\u00f3n:<\/div>\n<div>\n<table class=\"ace-table\" data-ace-table-col-widths=\"200;200;200\">\n<colgroup>\n<col width=\"200\" \/>\n<col width=\"200\" \/>\n<col width=\"200\" \/><\/colgroup>\n<thead>\n<tr>\n<th colspan=\"1\" rowspan=\"1\">\n<div class=\"ace-line ace-line old-record-id-Q7K0fYaPtdH3orc82fmckpK2nuf\">No.<\/div>\n<\/th>\n<th colspan=\"1\" rowspan=\"1\">\n<div class=\"ace-line ace-line old-record-id-LfnSfdeeYd9HIwcHw06cD3HJnUc\">Tr\u00edo de sabor 3 en 1<\/div>\n<\/th>\n<th colspan=\"1\" rowspan=\"1\">\n<div class=\"ace-line ace-line old-record-id-BAwHfZALQdXclUcjJHjczNaPnoe\">Destacados de sabor<\/div>\n<\/th>\n<\/tr>\n<\/thead>\n<tbody>\n<tr>\n<td colspan=\"1\" rowspan=\"1\">\n<div class=\"ace-line ace-line old-record-id-DhFxf6TDfd4dSYcNjtecuzKVn6Z\">1<\/div>\n<\/td>\n<td colspan=\"1\" rowspan=\"1\">\n<div class=\"ace-line ace-line old-record-id-QJi2fKxI1dAdGLc8M29cnmpwnNh\">Sand\u00eda helada &amp; Cola de cereza &amp; Fresa Kiwi<\/div>\n<\/td>\n<td colspan=\"1\" rowspan=\"1\">\n<div class=\"ace-line ace-line old-record-id-B9TdflacMdTQ7hc3ngec9bXDnVg\">Sand\u00eda helada, audaz cola de cereza y fresca fresa kiwi<\/div>\n<\/td>\n<\/tr>\n<tr>\n<td colspan=\"1\" rowspan=\"1\">\n<div class=\"ace-line ace-line old-record-id-NOtYfgtgidgyLWcql3MctMQ8nYq\">2<\/div>\n<\/td>\n<td colspan=\"1\" rowspan=\"1\">\n<div class=\"ace-line ace-line old-record-id-FE63fjyRAdTSysccosMcxVROnCf\">Lim\u00f3n Lima &amp; Sand\u00eda fresa &amp; Hielo de ar\u00e1ndano<\/div>\n<\/td>\n<td colspan=\"1\" rowspan=\"1\">\n<div class=\"ace-line ace-line old-record-id-DEo0fD1LuduMpVcGdzbc0Wt2nGd\">Lim\u00f3n lima picante, dulce sand\u00eda fresa y fresco hielo de ar\u00e1ndano<\/div>\n<\/td>\n<\/tr>\n<tr>\n<td colspan=\"1\" rowspan=\"1\">\n<div class=\"ace-line ace-line old-record-id-L6XtfMsWRd3Ez8czczIcNGNwn9e\">3<\/div>\n<\/td>\n<td colspan=\"1\" rowspan=\"1\">\n<div class=\"ace-line ace-line old-record-id-NivDf9FEXdbzLscsdX0ccyvcnCf\">Fresa pl\u00e1tano &amp; Sand\u00eda frambuesa &amp; Lim\u00f3n Lima<\/div>\n<\/td>\n<td colspan=\"1\" rowspan=\"1\">\n<div class=\"ace-line ace-line old-record-id-HG2JfvEMzdLkOfc99yRcLyLfn1g\">Cremoso fresa pl\u00e1tano, \u00e1cida sand\u00eda frambuesa y picante lim\u00f3n lima<\/div>\n<\/td>\n<\/tr>\n<tr>\n<td colspan=\"1\" rowspan=\"1\">\n<div class=\"ace-line ace-line old-record-id-AEgrfT2UNdqguMcazhccWJs7nvd\">4<\/div>\n<\/td>\n<td colspan=\"1\" rowspan=\"1\">\n<div class=\"ace-line ace-line old-record-id-Kthffq8YwdHQSqc8IBocIUl9nId\">Fresa Kiwi &amp; Amor 66 &amp; Red Bull<\/div>\n<\/td>\n<td colspan=\"1\" rowspan=\"1\">\n<div class=\"ace-line ace-line old-record-id-LNOkfkBLydA0ADcYFeqcrk5Bncc\">Fresca fresa kiwi, \u00fanico Amor 66 y energizante Red Bull<\/div>\n<\/td>\n<\/tr>\n<tr>\n<td colspan=\"1\" rowspan=\"1\">\n<div class=\"ace-line ace-line old-record-id-FZKLfYkr6dFl4fcdiiDc2u0gnic\">5<\/div>\n<\/td>\n<td colspan=\"1\" rowspan=\"1\">\n<div class=\"ace-line ace-line old-record-id-ZubUfMFc9dhu7lc3ZbrcwGcknRg\">Fruta tropical &amp; Sand\u00eda fresa &amp; Mango fresa<\/div>\n<\/td>\n<td colspan=\"1\" rowspan=\"1\">\n<div class=\"ace-line ace-line old-record-id-V6N4fziSgd7TDXcJOY5cqNFRnHg\">Fruta tropical vibrante, dulce sand\u00eda fresa y jugoso mango fresa<\/div>\n<\/td>\n<\/tr>\n<tr>\n<td colspan=\"1\" rowspan=\"1\">\n<div class=\"ace-line ace-line old-record-id-CRPVflZEEdofzUc1WAAcI7rrnKg\">6<\/div>\n<\/td>\n<td colspan=\"1\" rowspan=\"1\">\n<div class=\"ace-line ace-line old-record-id-JqSxfBr1rdXbsjcNrXUcYSQun8b\">Fresa frambuesa &amp; Cereza baya &amp; Menta de uva<\/div>\n<\/td>\n<td colspan=\"1\" rowspan=\"1\">\n<div class=\"ace-line ace-line old-record-id-MI5TfRjtfdW0dFcewgEcUOtan1e\">Dulce fresa frambuesa, rica cereza baya y fresca menta de uva<\/div>\n<\/td>\n<\/tr>\n<tr>\n<td colspan=\"1\" rowspan=\"1\">\n<div class=\"ace-line ace-line old-record-id-DV82foafrdkohXcJhrIcGVaknyf\">7<\/div>\n<\/td>\n<td colspan=\"1\" rowspan=\"1\">\n<div class=\"ace-line ace-line old-record-id-FKwufWI8TdQQlEcIWkTcHx3Znzc\">Sand\u00eda helada &amp; Helado de fresa &amp; Triple mel\u00f3n<\/div>\n<\/td>\n<td colspan=\"1\" rowspan=\"1\">\n<div class=\"ace-line ace-line old-record-id-TPccf1nntdrgtVck4qMcN3M8nUc\">Sand\u00eda helada, cremosa helado de fresa y rico triple mel\u00f3n<\/div>\n<\/td>\n<\/tr>\n<tr>\n<td colspan=\"1\" rowspan=\"1\">\n<div class=\"ace-line ace-line old-record-id-VPxHfkpMzdeCnOc0ehJcAduSnyc\">8<\/div>\n<\/td>\n<td colspan=\"1\" rowspan=\"1\">\n<div class=\"ace-line ace-line old-record-id-Ly5cfcJe5dwJmXciQa4c08ldn2f\">Kiwi fruta de la pasi\u00f3n &amp; Fresa pl\u00e1tano &amp; Blue Razz<\/div>\n<\/td>\n<td colspan=\"1\" rowspan=\"1\">\n<div class=\"ace-line ace-line old-record-id-VEeafWeFxdznkBcWx5ocxV9dn4g\">\u00c1cida kiwi fruta de la pasi\u00f3n, dulce fresa pl\u00e1tano y picante blue razz<\/div>\n<\/td>\n<\/tr>\n<tr>\n<td colspan=\"1\" rowspan=\"1\">\n<div class=\"ace-line ace-line old-record-id-J2kKfhEPPdcoMDc1gFBcTdS9n2e\">9<\/div>\n<\/td>\n<td colspan=\"1\" rowspan=\"1\">\n<div class=\"ace-line ace-line old-record-id-KbGSfEQL7doRfEcuSeocwZoWnFf\">Mezcla de bayas &amp; Pi\u00f1a mango durazno &amp; Hielo de pl\u00e1tano<\/div>\n<\/td>\n<td colspan=\"1\" rowspan=\"1\">\n<div class=\"ace-line ace-line old-record-id-GxPnf50gbdVbTLccS2ZcFg2HnFc\">Bayas mixtas maduras, tropical pi\u00f1a mango durazno y fresco hielo de pl\u00e1tano<\/div>\n<\/td>\n<\/tr>\n<tr>\n<td colspan=\"1\" rowspan=\"1\">\n<div class=\"ace-line ace-line old-record-id-DHq9fi0QGdinwWcrf6WcMD33nuf\">10<\/div>\n<\/td>\n<td colspan=\"1\" rowspan=\"1\">\n<div class=\"ace-line ace-line old-record-id-NBxzfAU1hdDAHKcykt7cic5snmb\">Ar\u00e1ndano frambuesa \u00e1cida &amp; Doble manzana &amp; Fresa frambuesa cereza<\/div>\n<\/td>\n<td colspan=\"1\" rowspan=\"1\">\n<div class=\"ace-line ace-line old-record-id-IvvqfBXe9dBw8ocKbhgcCmwbnOc\">\u00c1cido ar\u00e1ndano frambuesa \u00e1cida, crujiente doble manzana y dulce mezcla de bayas<\/div>\n<\/td>\n<\/tr>\n<\/tbody>\n<\/table>\n<\/div>\n<h2 class=\"heading-2 ace-line old-record-id-WgNifmYqsdjOIjcdNI2cFj6jnNe\">Dise\u00f1o conveniente &amp; Rendimiento confiable<\/h2>\n<h3 class=\"heading-3 ace-line old-record-id-YrP2fSF3fduiW3c0u5jcmcrAn7f\">Construcci\u00f3n Compacta y Ligera<\/h3>\n<div class=\"ace-line ace-line old-record-id-HBNBfyRFXdZadzcMyltcEFIbnUd\">Midiendo 45*45*128mm y pesando 160g por pieza, es lo suficientemente compacto como para caber en tu bolsillo o bolsa. Es f\u00e1cil de llevar a cualquier parte, lo que lo hace perfecto para desplazamientos, viajes o uso casual; sin sensaci\u00f3n de bulto, solo pura conveniencia.<\/div>\n<h3 class=\"heading-3 ace-line old-record-id-WjMxfMe2pdLXDMcM615cVfePnig\">Bater\u00eda de 850mAh &amp; Recargable tipo C<\/h3>\n<div class=\"ace-line ace-line old-record-id-OrcHfta0ndbRs9cql60cdX4Ln9l\">Alimentado por una bater\u00eda de 850mAh, soporta una vida \u00fatil de 80000 inhalaciones, manteni\u00e9ndote vapeando durante semanas sin reemplazos frecuentes. Cuando la bater\u00eda se agota, la carga r\u00e1pida Type-C te permite recargarla r\u00e1pidamente con un cable com\u00fan\u2014sin largas esperas, sin cargadores adicionales.<\/div>\n<\/div>\n<\/div>\n<\/div>\n<\/div>\n<\/div>\n<\/div>\n<\/div>\n<\/div>\n<\/div>\n<\/div>\n<\/div>\n<\/div>\n<\/div>\n<\/div>\n<\/div>\n<\/div>\n<\/div>\n<\/div>\n<\/div>\n<\/div>\n<\/div>\n<\/div>\n<\/div>\n<\/div>\n<\/div>\n<\/div>\n<\/div>\n<\/div>\n<\/div>\n<\/div>\n<\/div>\n<\/div>\n<\/div>\n<\/div>\n<\/div>\n<\/div>\n<\/div>\n<\/div>\n<\/div>\n<\/div>\n<\/div>\n<\/div>\n<\/div>\n<\/div>\n<\/div>\n<\/div>\n<\/div>\n<\/div>\n<\/div>\n<\/div>\n<\/div>\n<\/div>\n<\/div>\n<\/div>\n<\/div>\n<\/div>\n<\/div>\n<\/div>\n<\/div>\n<\/div>\n<\/div>\n<\/div>\n<\/div>\n<\/div>\n<\/div>\n<\/div>\n<\/div>\n<\/div>\n<\/div>\n<\/div>\n<\/div>\n<\/div>\n<\/div>\n<\/div>\n<\/div>\n<\/div>\n<\/div>\n<\/div>\n<\/div>\n<\/div>\n<\/div>\n<\/div>\n<\/div>\n<\/div>\n<\/div>\n<\/div>\n<\/div>\n<\/div>\n<\/div>\n<\/div>\n<\/div>\n<\/div>\n<\/div>","protected":false},"excerpt":{"rendered":"<div data-page-id=\"RAopf2sw9dtvw4cWYXpcTwo0n8g\" data-lark-html-role=\"root\" data-docx-has-block-data=\"false\">\n<div class=\"ace-line ace-line old-record-id-Uju9f3RXYd8dh2crAJbcBF3Un6M\">\n<div data-page-id=\"Dd8gfe2wRdT66jcgnqtcUwg5ndh\" data-lark-html-role=\"root\" data-docx-has-block-data=\"false\">\n<div class=\"ace-line ace-line old-record-id-FiRZf3qXpdK0RqcHt8wcxPTon8b\">Zooy King Triple 80000 Puffs combina 3 en 1 sabores, una bobina de malla 0.8+0.8+0.8 y luz LGB de 3 colores. Tiene 80000 puffs, una bater\u00eda de 850mAh, carga tipo C, un cuerpo compacto de 160g (45<em>45<\/em>128mm) y 10 tr\u00edos de sabores para un vapeo elegante y conveniente.<\/div>\n<\/div>\n<\/div>\n<\/div>","protected":false},"featured_media":7270,"comment_status":"open","ping_status":"closed","template":"","meta":{"_acf_changed":false,"inline_featured_image":false,"_sitemap_exclude":false,"_sitemap_priority":"","_sitemap_frequency":""},"product_brand":[357],"product_cat":[356,239,245],"product_tag":[],"class_list":{"0":"post-7258","1":"product","2":"type-product","3":"status-publish","4":"has-post-thumbnail","6":"product_brand-zooy","7":"product_cat-zooy-puff","8":"product_cat-disposable-vape-collection","9":"product_cat-80k-puff","11":"first","12":"instock","13":"sale","14":"shipping-taxable","15":"purchasable","16":"product-type-variable","17":"has-default-attributes"},"acf":[],"tiered_pricing_type":"fixed","tiered_pricing_fixed_rules":{"30":10.43,"60":9.89,"100":9.7,"200":8.78},"tiered_pricing_product_settings":{"layout":"default","base_unit_name":{"singular":null,"plural":null},"default_variation":null},"tiered_pricing_minimum_quantity":10,"tiered_pricing_roles_data":[],"tiered_pricing_percentage_rules":[],"tiered_pricing_maximum_quantity":null,"tiered_pricing_quantity_step":"10","_links":{"self":[{"href":"https:\/\/oiovape.com\/es\/wp-json\/wp\/v2\/product\/7258","targetHints":{"allow":["GET"]}}],"collection":[{"href":"https:\/\/oiovape.com\/es\/wp-json\/wp\/v2\/product"}],"about":[{"href":"https:\/\/oiovape.com\/es\/wp-json\/wp\/v2\/types\/product"}],"replies":[{"embeddable":true,"href":"https:\/\/oiovape.com\/es\/wp-json\/wp\/v2\/comments?post=7258"}],"version-history":[{"count":2,"href":"https:\/\/oiovape.com\/es\/wp-json\/wp\/v2\/product\/7258\/revisions"}],"predecessor-version":[{"id":7291,"href":"https:\/\/oiovape.com\/es\/wp-json\/wp\/v2\/product\/7258\/revisions\/7291"}],"wp:featuredmedia":[{"embeddable":true,"href":"https:\/\/oiovape.com\/es\/wp-json\/wp\/v2\/media\/7270"}],"wp:attachment":[{"href":"https:\/\/oiovape.com\/es\/wp-json\/wp\/v2\/media?parent=7258"}],"wp:term":[{"taxonomy":"product_brand","embeddable":true,"href":"https:\/\/oiovape.com\/es\/wp-json\/wp\/v2\/product_brand?post=7258"},{"taxonomy":"product_cat","embeddable":true,"href":"https:\/\/oiovape.com\/es\/wp-json\/wp\/v2\/product_cat?post=7258"},{"taxonomy":"product_tag","embeddable":true,"href":"https:\/\/oiovape.com\/es\/wp-json\/wp\/v2\/product_tag?post=7258"}],"curies":[{"name":"wp","href":"https:\/\/api.w.org\/{rel}","templated":true}]}}