{"id":7321,"date":"2026-03-03T09:37:50","date_gmt":"2026-03-03T01:37:50","guid":{"rendered":"https:\/\/oiovape.com\/?post_type=product&#038;p=7321"},"modified":"2026-03-03T10:05:41","modified_gmt":"2026-03-03T02:05:41","slug":"atvs-30000-puffs","status":"publish","type":"product","link":"https:\/\/oiovape.com\/es\/product\/atvs-30000-puffs\/","title":{"rendered":"ATVS 30000 PUFFS 30ML E-l\u00edquido Vape desechable con flujo de aire ajustable"},"content":{"rendered":"<div data-page-id=\"ZVeMfq8uxd7y1ycuKm5cym4LnYd\" data-lark-html-role=\"root\" data-docx-has-block-data=\"false\">\n<div data-page-id=\"Fd41fZ5N9dzRQtcRNoVc2FuDnCh\" data-lark-html-role=\"root\" data-docx-has-block-data=\"true\">\n<div data-page-id=\"BdIJfeeijdk1eucGpS8cDCBBn5c\" data-lark-html-role=\"root\" data-docx-has-block-data=\"false\">\n<div data-page-id=\"Zbg9fWx77dUuh2cIYpic25c8nyd\" data-lark-html-role=\"root\" data-docx-has-block-data=\"false\">\n<div data-page-id=\"KaIvfiurhdlCKdc0kyxcX64cnE6\" data-lark-html-role=\"root\" data-docx-has-block-data=\"true\">\n<div data-page-id=\"PbvFfqxqlddUTScRpEYcY5MHnpf\" data-lark-html-role=\"root\" data-docx-has-block-data=\"true\">\n<div data-page-id=\"GZO2f5JeudwY4jc9iJtcdk9Hnxh\" data-lark-html-role=\"root\" data-docx-has-block-data=\"false\">\n<div data-page-id=\"EZVRf2acFduXLGcseZFc4qH2n6e\" data-lark-html-role=\"root\" data-docx-has-block-data=\"false\">\n<div data-page-id=\"B8rHfcqlqdzmH5cCWCncz17Cntb\" data-lark-html-role=\"root\" data-docx-has-block-data=\"false\">\n<div data-page-id=\"B8rHfcqlqdzmH5cCWCncz17Cntb\" data-lark-html-role=\"root\" data-docx-has-block-data=\"false\">\n<div data-page-id=\"B8rHfcqlqdzmH5cCWCncz17Cntb\" data-lark-html-role=\"root\" data-docx-has-block-data=\"true\">\n<div data-page-id=\"HM70f1aoxdD0bMcxJZBcVc7ynZd\" data-lark-html-role=\"root\" data-docx-has-block-data=\"false\">\n<div data-page-id=\"NSrJfN7Ord22i0c1iwZcsF8yn8b\" data-lark-html-role=\"root\" data-docx-has-block-data=\"false\">\n<div data-page-id=\"RXEff4Mskds8o1cqL5HcGEtUnCh\" data-lark-html-role=\"root\" data-docx-has-block-data=\"false\">\n<div data-page-id=\"KJ7gfqkVndMSRJcMseScmvYwnTc\" data-lark-html-role=\"root\" data-docx-has-block-data=\"false\">\n<div class=\"ace-line ace-line old-record-id-QADAfETPudgmudc05YvcTO5fnxe\">\n<div data-page-id=\"KJ7gfqkVndMSRJcMseScmvYwnTc\" data-lark-html-role=\"root\" data-docx-has-block-data=\"false\">\n<div class=\"ace-line ace-line old-record-id-JoRkfpho8dOkiacEOascDyCOncb\">\n<div data-page-id=\"KJ7gfqkVndMSRJcMseScmvYwnTc\" data-lark-html-role=\"root\" data-docx-has-block-data=\"false\">\n<div data-page-id=\"Ju6ofQ3V4dGmePcVvJvc1gmcnZb\" data-lark-html-role=\"root\" data-docx-has-block-data=\"true\">\n<div data-page-id=\"PR9ife5PLdFabccbFgZcWgZOnTc\" data-lark-html-role=\"root\" data-docx-has-block-data=\"false\">\n<div data-page-id=\"INdrfOIGzdaenXcptrcc1BcznQc\" data-lark-html-role=\"root\" data-docx-has-block-data=\"false\">\n<div class=\"ace-line ace-line old-record-id-P0fIf4YaZdoGkbcxt5ackec2nnb\">\n<div data-page-id=\"INdrfOIGzdaenXcptrcc1BcznQc\" data-lark-html-role=\"root\" data-docx-has-block-data=\"false\">\n<div data-page-id=\"MAzCfUB73dMTQscm8eWcougVn1g\" data-lark-html-role=\"root\" data-docx-has-block-data=\"true\">\n<div data-page-id=\"AXfpf7H1odhDvGcKoUOcErN8nV7\" data-lark-html-role=\"root\" data-docx-has-block-data=\"false\">\n<div data-page-id=\"QYTKf5PvLdUNdbce2nBcW9yfnrh\" data-lark-html-role=\"root\" data-docx-has-block-data=\"false\">\n<div data-page-id=\"Pvu1f1CCBdxbjncA9pgcBTpanph\" data-lark-html-role=\"root\" data-docx-has-block-data=\"true\">\n<div data-page-id=\"Axf3fcmY8dDAhtcjVircBcphnPc\" data-lark-html-role=\"root\" data-docx-has-block-data=\"false\">\n<div data-page-id=\"KKj1f9SPmdLhhMc5E2AcNlLen6f\" data-lark-html-role=\"root\" data-docx-has-block-data=\"true\">\n<div data-page-id=\"Rx61fK1sJdXHjPcBuhZcweNhnwc\" data-lark-html-role=\"root\" data-docx-has-block-data=\"false\">\n<div data-page-id=\"L1H9fkG9Mdz45Fcy4WMc5VKXnRe\" data-lark-html-role=\"root\" data-docx-has-block-data=\"false\">\n<div data-page-id=\"L1H9fkG9Mdz45Fcy4WMc5VKXnRe\" data-lark-html-role=\"root\" data-docx-has-block-data=\"false\">\n<div data-page-id=\"D4XLfVBVrdE8mrcaYizczklLnaf\" data-lark-html-role=\"root\" data-docx-has-block-data=\"false\">\n<div data-page-id=\"WVcifIY44d5mhMcXtyEcTsfenGd\" data-lark-html-role=\"root\" data-docx-has-block-data=\"true\">\n<div data-page-id=\"LRknfa6Whd4DWCcUc0FcNKpJnyh\" data-lark-html-role=\"root\" data-docx-has-block-data=\"false\">\n<div data-page-id=\"LRknfa6Whd4DWCcUc0FcNKpJnyh\" data-lark-html-role=\"root\" data-docx-has-block-data=\"false\">\n<div data-page-id=\"XFRAfkcOEdRWh8cArQ2cJdyRnJf\" data-lark-html-role=\"root\" data-docx-has-block-data=\"true\">\n<div data-page-id=\"OQ3bfjnRddMTDGcC3ouc6xFKnWf\" data-lark-html-role=\"root\" data-docx-has-block-data=\"true\">\n<div data-page-id=\"J0iGfj1hEdjc4rcUdSmc4spMnmZ\" data-lark-html-role=\"root\" data-docx-has-block-data=\"false\">\n<div data-page-id=\"P1o7fFyNlduP8tcfZpQcagzbnIf\" data-lark-html-role=\"root\" data-docx-has-block-data=\"false\">\n<div class=\"ace-line ace-line old-record-id-P1o7fFyNlduP8tcfZpQcagzbnIf\">\n<div data-page-id=\"P1o7fFyNlduP8tcfZpQcagzbnIf\" data-lark-html-role=\"root\" data-docx-has-block-data=\"false\">\n<div data-page-id=\"U4iufW38SdttWKcTstMcTtHRnXc\" data-lark-html-role=\"root\" data-docx-has-block-data=\"true\">\n<div data-page-id=\"ONVMf7VTWddcFtcyATOchCJHnZb\" data-lark-html-role=\"root\" data-docx-has-block-data=\"true\">\n<div data-page-id=\"KoW2fSy0PdLHFlc5kSHcgvWMnYg\" data-lark-html-role=\"root\" data-docx-has-block-data=\"false\">\n<div data-page-id=\"KoW2fSy0PdLHFlc5kSHcgvWMnYg\" data-lark-html-role=\"root\" data-docx-has-block-data=\"false\">\n<div data-page-id=\"OLGhfzxC7d7EFIcLEj9cRT5ynZf\" data-lark-html-role=\"root\" data-docx-has-block-data=\"false\">\n<div data-page-id=\"DdnnfrLjzdqrFIc9Il9c7pA2noc\" data-lark-html-role=\"root\" data-docx-has-block-data=\"true\">\n<div data-page-id=\"KNzcf2o0oddkJOcztTVcqPdlnth\" data-lark-html-role=\"root\" data-docx-has-block-data=\"false\">\n<div data-page-id=\"LBU7fg5SEdkWhecGJoxca3xvnCe\" data-lark-html-role=\"root\" data-docx-has-block-data=\"false\">\n<div data-page-id=\"EB70fooS3d69bMcgWB7c5qb9n8g\" data-lark-html-role=\"root\" data-docx-has-block-data=\"false\">\n<div data-page-id=\"AogwfsZCadB6t0cAvF0cK4JLnvf\" data-lark-html-role=\"root\" data-docx-has-block-data=\"false\">\n<div data-page-id=\"AogwfsZCadB6t0cAvF0cK4JLnvf\" data-lark-html-role=\"root\" data-docx-has-block-data=\"false\">\n<div data-page-id=\"JMZIflNGddQuU0c5JZocSqlvnle\" data-lark-html-role=\"root\" data-docx-has-block-data=\"false\">\n<div data-page-id=\"JMZIflNGddQuU0c5JZocSqlvnle\" data-lark-html-role=\"root\" data-docx-has-block-data=\"true\">\n<div data-page-id=\"HtEafjjRIdPAlMc9zgYcsGy6nOe\" data-lark-html-role=\"root\" data-docx-has-block-data=\"false\">\n<div data-page-id=\"Rhnafz0WTdDeT9c43xxczsbVnJo\" data-lark-html-role=\"root\" data-docx-has-block-data=\"false\">\n<div data-page-id=\"WY0CfKdcTdf4hVcZl67ct5LGncf\" data-lark-html-role=\"root\" data-docx-has-block-data=\"true\">\n<div data-page-id=\"MkB5fF4AVdchovcoPEpc7LqvnOd\" data-lark-html-role=\"root\" data-docx-has-block-data=\"true\">\n<div data-page-id=\"MfbjfZhbhdJdA8cH1dAckqF0n6g\" data-lark-html-role=\"root\" data-docx-has-block-data=\"false\">\n<div class=\"ace-line ace-line old-record-id-W2AHfJLnjd7ugjcRLs1c8BdhnNh\">\n<div data-page-id=\"MfbjfZhbhdJdA8cH1dAckqF0n6g\" data-lark-html-role=\"root\" data-docx-has-block-data=\"false\">\n<div class=\"old-record-id-XXd1feeCZdR2hJc6evocxnh1nOg\">\n<div data-page-id=\"MfbjfZhbhdJdA8cH1dAckqF0n6g\" data-lark-html-role=\"root\" data-docx-has-block-data=\"false\">\n<div data-page-id=\"DE51fYUmxdT3ekcHzc3cGrVQnsc\" data-lark-html-role=\"root\" data-docx-has-block-data=\"false\">\n<div data-page-id=\"YSKdfaZ08dRej3ci5CccQBuOncc\" data-lark-html-role=\"root\" data-docx-has-block-data=\"true\">\n<div data-page-id=\"K6mofQmledamEFcgp1EcVobmnYd\" data-lark-html-role=\"root\" data-docx-has-block-data=\"false\">\n<div data-page-id=\"VTgsfVLdCd9q1ucYcwRcCM0Hnof\" data-lark-html-role=\"root\" data-docx-has-block-data=\"true\">\n<div data-page-id=\"WucKfzp8RdNy8rcMJHncz4Knnac\" data-lark-html-role=\"root\" data-docx-has-block-data=\"true\">\n<div data-page-id=\"IfZ9fDIBLd9b9hcJiqGcLw9Pnmh\" data-lark-html-role=\"root\" data-docx-has-block-data=\"false\">\n<div data-page-id=\"JeU6f3Yq5dbdEHcZDptc5ikcn5c\" data-lark-html-role=\"root\" data-docx-has-block-data=\"true\">\n<div data-page-id=\"E1YjfnB4Jdmtsfc2ZObcu04Un6c\" data-lark-html-role=\"root\" data-docx-has-block-data=\"false\">\n<div data-page-id=\"RQVEfdiOzdqTQKcRcnxcG0Y7nce\" data-lark-html-role=\"root\" data-docx-has-block-data=\"true\">\n<div data-page-id=\"NKc7fbZi9dnOXocdHcScVsXdnmh\" data-lark-html-role=\"root\" data-docx-has-block-data=\"false\">\n<div data-page-id=\"DaE3fgNEwdnbQVc62iqcBK4lnte\" data-lark-html-role=\"root\" data-docx-has-block-data=\"false\">\n<div data-page-id=\"DaE3fgNEwdnbQVc62iqcBK4lnte\" data-lark-html-role=\"root\" data-docx-has-block-data=\"false\">\n<div data-page-id=\"NqSRfcp5SdFQ6ucdStXcbvManpc\" data-lark-html-role=\"root\" data-docx-has-block-data=\"false\">\n<div data-page-id=\"KydBfoEuudJNYhcgRdAc3aeUn7c\" data-lark-html-role=\"root\" data-docx-has-block-data=\"true\">\n<div data-page-id=\"SIqXfR5ipd7jWpczA5RcYkWInfd\" data-lark-html-role=\"root\" data-docx-has-block-data=\"false\">\n<div data-page-id=\"Y06XfUzydd0aVicBtPKcZlS8nJf\" data-lark-html-role=\"root\" data-docx-has-block-data=\"true\">\n<div data-page-id=\"E2ZvfNrVNdEHKickexPcvdXVnrc\" data-lark-html-role=\"root\" data-docx-has-block-data=\"false\">\n<div data-page-id=\"DqGzfq5S4d9GdAcOQVIcIdPhn2c\" data-lark-html-role=\"root\" data-docx-has-block-data=\"false\">\n<div data-page-id=\"HsKcfE4WLdET7ScRm72cTZ96nPb\" data-lark-html-role=\"root\" data-docx-has-block-data=\"false\">\n<div data-page-id=\"MvWFfuF4Edx69KcRSmmcvS2LndG\" data-lark-html-role=\"root\" data-docx-has-block-data=\"true\">\n<div data-page-id=\"BSNMfUsMXd3XFscNxbDcufC2nEg\" data-lark-html-role=\"root\" data-docx-has-block-data=\"false\">\n<div data-page-id=\"Rr0Mfry1adQB66cMkYGcCmoWnKe\" data-lark-html-role=\"root\" data-docx-has-block-data=\"true\">\n<div data-page-id=\"A7fMfxJhydfxJUc6VX9cVvDKnpd\" data-lark-html-role=\"root\" data-docx-has-block-data=\"false\">\n<div data-page-id=\"A7fMfxJhydfxJUc6VX9cVvDKnpd\" data-lark-html-role=\"root\" data-docx-has-block-data=\"false\">\n<div data-page-id=\"WbzgfFBuTduiBjc6rORciNrNnlf\" data-lark-html-role=\"root\" data-docx-has-block-data=\"false\">\n<div data-page-id=\"R0Rzf8rQUdoB9hcxkiqc9kKHnk2\" data-lark-html-role=\"root\" data-docx-has-block-data=\"true\">\n<div data-page-id=\"ZwXFfRomCdt9G4cs33scepfHnoe\" data-lark-html-role=\"root\" data-docx-has-block-data=\"false\">\n<div data-page-id=\"UFFTffnWTdbuv3coRhBc3zxBnMf\" data-lark-html-role=\"root\" data-docx-has-block-data=\"true\">\n<div data-page-id=\"FV0FfDT4ZdfJZoc4SMccT5Rjndf\" data-lark-html-role=\"root\" data-docx-has-block-data=\"false\">\n<div data-page-id=\"QfqMfQ3H3dBjAycBmxFct9R0nOd\" data-lark-html-role=\"root\" data-docx-has-block-data=\"false\">\n<h2 class=\"heading-2 ace-line old-record-id-VKtxfzssmdIGeTcnZ0Fc71GQnzb\">Por qu\u00e9 ATVS 30000 Puffs se Destaca<\/h2>\n<div class=\"ace-line ace-line old-record-id-RlJSfNal9dhXZoc0u6BceLtvngb\">No se basa en caracter\u00edsticas llamativas para impresionar. En cambio, sobresale en lo b\u00e1sico: bobinas de malla dual confiables, resistencia flexible, potencia duradera y una amplia gama de sabores. Est\u00e1 dise\u00f1ado para vapeadores que desean una experiencia constante y sin complicaciones todos los d\u00edas.<\/div>\n<div class=\"ace-line ace-line old-record-id-E8Urfb4MVd4scVc0EGfcLe98njb\">Su tama\u00f1o compacto, generosa capacidad de e-l\u00edquido y vida \u00fatil de 30000 inhalaciones lo hacen pr\u00e1ctico para el uso diario. Ya sea que seas nuevo en los vapeadores desechables o que busques un compa\u00f1ero diario confiable, ATVS 30000 Puffs cumple con sus promesas.<br \/>\n<img decoding=\"async\" class=\"alignnone wp-image-7323 size-full\" title=\"ATVS 30k Vape\" src=\"https:\/\/oiovape.com\/wp-content\/uploads\/2026\/03\/ATVS-30k-Vape.jpg\" alt=\"ATVS 30k Vape\" width=\"1422\" height=\"846\" srcset=\"https:\/\/oiovape.com\/wp-content\/uploads\/2026\/03\/ATVS-30k-Vape.jpg 1422w, https:\/\/oiovape.com\/wp-content\/uploads\/2026\/03\/ATVS-30k-Vape-300x178.jpg 300w, https:\/\/oiovape.com\/wp-content\/uploads\/2026\/03\/ATVS-30k-Vape-1024x609.jpg 1024w, https:\/\/oiovape.com\/wp-content\/uploads\/2026\/03\/ATVS-30k-Vape-768x457.jpg 768w, https:\/\/oiovape.com\/wp-content\/uploads\/2026\/03\/ATVS-30k-Vape-18x12.jpg 18w, https:\/\/oiovape.com\/wp-content\/uploads\/2026\/03\/ATVS-30k-Vape-1200x714.jpg 1200w, https:\/\/oiovape.com\/wp-content\/uploads\/2026\/03\/ATVS-30k-Vape-150x89.jpg 150w\" sizes=\"(max-width: 1422px) 100vw, 1422px\" \/><\/p>\n<div data-page-id=\"QfqMfQ3H3dBjAycBmxFct9R0nOd\" data-lark-html-role=\"root\" data-docx-has-block-data=\"false\">\n<h2 class=\"heading-2 ace-line old-record-id-BACIfCmeUdgUd2c0kmXcOuoAnqc\">Bobinas de Malla Dual y Resistencia Flexible: Golpes Suaves Cada Vez<\/h2>\n<div class=\"ace-line ace-line old-record-id-YeKafgkuOdTYmbcyN4fcxsdBnpc\">La fortaleza central del dispositivo radica en sus bobinas de malla dual. Estas bobinas calientan el e-l\u00edquido de manera uniforme, desbloqueando el sabor completo y aut\u00e9ntico de cada sabor sin durezas ni notas quemadas. Est\u00e1n dise\u00f1adas para manejar un uso frecuente, manteniendo el vapor y el sabor consistentes desde la primera inhalaci\u00f3n hasta la \u00faltima.<\/div>\n<h3 class=\"heading-3 ace-line old-record-id-Slmkf97q9d5PvscGxPMcDeLzn4g\">Dos Opciones de Resistencia para un Vapeo Personalizado<\/h3>\n<div class=\"ace-line ace-line old-record-id-V3QoftolPdSuFacO2jlcOewpngY\">Ofrece dos configuraciones de resistencia\u20140.4\u03a9 y 0.8\u03a9\u2014para adaptarse a diferentes preferencias. Elige 0.4\u03a9 para un vapor m\u00e1s espeso y denso que proporciona un golpe m\u00e1s robusto. Opta por 0.8\u03a9 si prefieres una inhalaci\u00f3n m\u00e1s suave y ligera que sea c\u00f3moda para el vapeo durante todo el d\u00eda.<\/div>\n<h4 class=\"heading-4 ace-line old-record-id-GDoafp6j7dmaNmclc3HcxgKQnSd\">Rendimiento Consistente Sin Golpes Secos<\/h4>\n<div class=\"ace-line ace-line old-record-id-BG52fG6hrdCXnZcF2ZecyzobnQg\">Las bobinas de malla dual minimizan los golpes secos y aseguran un calentamiento uniforme, por lo que nunca obtienes una inhalaci\u00f3n dura o d\u00e9bil. Esta fiabilidad hace que el dispositivo sea ideal para el uso diario, donde la consistencia es lo m\u00e1s importante.<\/div>\n<h2 class=\"heading-2 ace-line old-record-id-F4l9fXjt0dN5D9cttcqcA2yhnme\">Impulsado por una bater\u00eda modelo 112040 de 1000mAh, el dispositivo proporciona energ\u00eda constante para respaldar su vida \u00fatil de 25000 puffs. La capacidad de 28ml de e-l\u00edquido coincide perfectamente con esta longevidad, por lo que no necesitar\u00e1s reemplazar el dispositivo con frecuencia.<\/h2>\n<div class=\"ace-line ace-line old-record-id-CbiNfxa2xd6VoFcwxgzc9DU1n4f\">Alimentado por una bater\u00eda modelo 112040 de 1000mAh, el dispositivo mantiene una salida constante incluso con un uso regular. Se combina perfectamente con la capacidad de 30ml de e-l\u00edquido para soportar la vida \u00fatil completa de 30000 inhalaciones\u2014sin reemplazos frecuentes de dispositivos, solo disfrute ininterrumpido.<\/div>\n<h3 class=\"heading-3 ace-line old-record-id-SVjHf95KydZmCScqd38cQWLpnPg\">No M\u00e1s Cambios Constantes de Dispositivo<\/h3>\n<div class=\"ace-line ace-line old-record-id-Ph2FfLId2d7836cYGZScftSqnCd\">La vida \u00fatil de 30000 inhalaciones significa que puedes usar el dispositivo durante semanas, incluso con vapeo diario. La capacidad de 30ml de e-l\u00edquido coincide con esta longevidad, por lo que no te quedar\u00e1s sin l\u00edquido antes de que la bater\u00eda se agote.<\/div>\n<h2 class=\"heading-2 ace-line old-record-id-Ly9efspLXd2nlDcSv3jcZBFVn0e\">18 Sabores Diversos: Algo para Cada Estado de \u00c1nimo<\/h2>\n<div class=\"ace-line ace-line old-record-id-BHRqf7aCid906xcRTbecTzepnzg\">ATVS 30000 Puffs ofrece 18 sabores cuidadosamente elaborados, que abarcan refrescos helados, frutas dulces, bebidas cl\u00e1sicas y frescura mentolada. Cada sabor est\u00e1 equilibrado para saber aut\u00e9ntico, sin regusto artificial.<\/p>\n<\/div>\n<div class=\"ace-line ace-line old-record-id-YFQ4fBYrodNIJOc72sncRbe5nfg\">1. Hielo de Pi\u00f1a<br \/>\n2. Hielo de Mango<br \/>\n3. Hielo de Pl\u00e1tano Naranja<br \/>\n4. Fruta Mixta<br \/>\n5. Hielo de Ar\u00e1ndano<br \/>\n6. Hielo de Guayaba<br \/>\n7. Hielo de Sand\u00eda<\/div>\n<div class=\"ace-line ace-line old-record-id-YFQ4fBYrodNIJOc72sncRbe5nfg\">8. Hielo de Lichi<br \/>\n9. Hielo de Menta<br \/>\n10. Hielo de Cola<br \/>\n11. Durazno Manzana Pera<br \/>\n12. Fresa Cereza<br \/>\n13. Hielo de Uva<br \/>\n14. Hielo de Fresa<br \/>\n15. Ar\u00e1ndano Frambuesa<br \/>\n16. Yakult<br \/>\n17. Fresa Sand\u00eda<br \/>\n18. Lim\u00f3n Lima<br \/>\n<img decoding=\"async\" class=\"alignnone wp-image-7333 size-full\" title=\"Lista de Sabores ATVS 30k\" src=\"https:\/\/oiovape.com\/wp-content\/uploads\/2026\/03\/ATVS-30k-Flavors-list.jpg\" alt=\"Lista de Sabores ATVS 30k\" width=\"1470\" height=\"749\" srcset=\"https:\/\/oiovape.com\/wp-content\/uploads\/2026\/03\/ATVS-30k-Flavors-list.jpg 1470w, https:\/\/oiovape.com\/wp-content\/uploads\/2026\/03\/ATVS-30k-Flavors-list-300x153.jpg 300w, https:\/\/oiovape.com\/wp-content\/uploads\/2026\/03\/ATVS-30k-Flavors-list-1024x522.jpg 1024w, https:\/\/oiovape.com\/wp-content\/uploads\/2026\/03\/ATVS-30k-Flavors-list-768x391.jpg 768w, https:\/\/oiovape.com\/wp-content\/uploads\/2026\/03\/ATVS-30k-Flavors-list-18x9.jpg 18w, https:\/\/oiovape.com\/wp-content\/uploads\/2026\/03\/ATVS-30k-Flavors-list-1200x611.jpg 1200w, https:\/\/oiovape.com\/wp-content\/uploads\/2026\/03\/ATVS-30k-Flavors-list-150x76.jpg 150w\" sizes=\"(max-width: 1470px) 100vw, 1470px\" \/><\/p>\n<\/div>\n<h2 class=\"heading-2 ace-line old-record-id-YysLfTZbQdn23vcBTZvcQL2Dnwd\">Dise\u00f1o Compacto: F\u00e1cil de Llevar y Almacenar<\/h2>\n<div class=\"ace-line ace-line old-record-id-EOzefJ9UcdRinLc93PKc8KNfntf\">El dise\u00f1o delgado y port\u00e1til del dispositivo lo hace perfecto para su uso en movimiento. Mide 52.2*26*99mm\u2014lo suficientemente peque\u00f1o como para deslizarse en tu bolsillo, bolsa o incluso en tu palma sin a\u00f1adir volumen.<\/div>\n<h3 class=\"heading-3 ace-line old-record-id-Z7Hvf0B2QdQmUqcWmgnceeBanyb\">Empaque Pr\u00e1ctico para Uso Personal y a Granel<\/h3>\n<div class=\"ace-line ace-line old-record-id-VLCVfPBHkde2mfcC3LbcJziZnMg\">Cada dispositivo individual viene en un paquete interno compacto, mientras que una caja contiene 10 piezas. El paquete exterior mide 132*119*160mm y pesa 1222g en total\u2014f\u00e1cil de almacenar en casa o llevar a granel, ya sea para uso personal o reventa.<\/div>\n<\/div>\n<\/div>\n<\/div>\n<\/div>\n<\/div>\n<\/div>\n<\/div>\n<\/div>\n<\/div>\n<\/div>\n<\/div>\n<\/div>\n<\/div>\n<\/div>\n<\/div>\n<\/div>\n<\/div>\n<\/div>\n<\/div>\n<\/div>\n<\/div>\n<\/div>\n<\/div>\n<\/div>\n<\/div>\n<\/div>\n<\/div>\n<\/div>\n<\/div>\n<\/div>\n<\/div>\n<\/div>\n<\/div>\n<\/div>\n<\/div>\n<\/div>\n<\/div>\n<\/div>\n<\/div>\n<\/div>\n<\/div>\n<\/div>\n<\/div>\n<\/div>\n<\/div>\n<\/div>\n<\/div>\n<\/div>\n<\/div>\n<\/div>\n<\/div>\n<\/div>\n<\/div>\n<\/div>\n<\/div>\n<\/div>\n<\/div>\n<\/div>\n<\/div>\n<\/div>\n<\/div>\n<\/div>\n<\/div>\n<\/div>\n<\/div>\n<\/div>\n<\/div>\n<\/div>\n<\/div>\n<\/div>\n<\/div>\n<\/div>\n<\/div>\n<\/div>\n<\/div>\n<\/div>\n<\/div>\n<\/div>\n<\/div>\n<\/div>\n<\/div>\n<\/div>\n<\/div>\n<\/div>\n<\/div>\n<\/div>\n<\/div>\n<\/div>\n<\/div>\n<\/div>\n<\/div>\n<\/div>\n<\/div>\n<\/div>\n<\/div>\n<\/div>\n<\/div>","protected":false},"excerpt":{"rendered":"<div data-page-id=\"RAopf2sw9dtvw4cWYXpcTwo0n8g\" data-lark-html-role=\"root\" data-docx-has-block-data=\"false\">\n<div class=\"ace-line ace-line old-record-id-Uju9f3RXYd8dh2crAJbcBF3Un6M\">\n<div data-page-id=\"Dd8gfe2wRdT66jcgnqtcUwg5ndh\" data-lark-html-role=\"root\" data-docx-has-block-data=\"false\">\n<div class=\"ace-line ace-line old-record-id-FiRZf3qXpdK0RqcHt8wcxPTon8b\">ATVS 30000 Puffs es un vapeador pr\u00e1ctico diario con 30000 inhalaciones, 30ml de e-l\u00edquido y bobinas de malla dual. Tiene una bater\u00eda de 1000mAh 112040, resistencia de 0.4\/0.8\u03a9, 18 sabores, un tama\u00f1o compacto de 52.2<em>26<\/em>99mm y cajas de 10 piezas que pesan 1222g.<\/div>\n<\/div>\n<\/div>\n<\/div>","protected":false},"featured_media":7334,"comment_status":"open","ping_status":"closed","template":"","meta":{"_acf_changed":false,"inline_featured_image":false,"_sitemap_exclude":false,"_sitemap_priority":"","_sitemap_frequency":""},"product_brand":[375],"product_cat":[374,239,264],"product_tag":[],"class_list":{"0":"post-7321","1":"product","2":"type-product","3":"status-publish","4":"has-post-thumbnail","6":"product_brand-atvs","7":"product_cat-atvs","8":"product_cat-disposable-vape-collection","9":"product_cat-30k-puffs","11":"first","12":"instock","13":"sale","14":"shipping-taxable","15":"purchasable","16":"product-type-variable","17":"has-default-attributes"},"acf":[],"tiered_pricing_type":"fixed","tiered_pricing_fixed_rules":{"30":8.88,"60":8.16,"100":7.49,"200":7.03},"tiered_pricing_product_settings":{"layout":"default","base_unit_name":{"singular":null,"plural":null},"default_variation":null},"tiered_pricing_minimum_quantity":10,"tiered_pricing_roles_data":[],"tiered_pricing_percentage_rules":[],"tiered_pricing_maximum_quantity":null,"tiered_pricing_quantity_step":"10","_links":{"self":[{"href":"https:\/\/oiovape.com\/es\/wp-json\/wp\/v2\/product\/7321","targetHints":{"allow":["GET"]}}],"collection":[{"href":"https:\/\/oiovape.com\/es\/wp-json\/wp\/v2\/product"}],"about":[{"href":"https:\/\/oiovape.com\/es\/wp-json\/wp\/v2\/types\/product"}],"replies":[{"embeddable":true,"href":"https:\/\/oiovape.com\/es\/wp-json\/wp\/v2\/comments?post=7321"}],"version-history":[{"count":0,"href":"https:\/\/oiovape.com\/es\/wp-json\/wp\/v2\/product\/7321\/revisions"}],"wp:featuredmedia":[{"embeddable":true,"href":"https:\/\/oiovape.com\/es\/wp-json\/wp\/v2\/media\/7334"}],"wp:attachment":[{"href":"https:\/\/oiovape.com\/es\/wp-json\/wp\/v2\/media?parent=7321"}],"wp:term":[{"taxonomy":"product_brand","embeddable":true,"href":"https:\/\/oiovape.com\/es\/wp-json\/wp\/v2\/product_brand?post=7321"},{"taxonomy":"product_cat","embeddable":true,"href":"https:\/\/oiovape.com\/es\/wp-json\/wp\/v2\/product_cat?post=7321"},{"taxonomy":"product_tag","embeddable":true,"href":"https:\/\/oiovape.com\/es\/wp-json\/wp\/v2\/product_tag?post=7321"}],"curies":[{"name":"wp","href":"https:\/\/api.w.org\/{rel}","templated":true}]}}