{"id":7365,"date":"2026-03-03T10:55:52","date_gmt":"2026-03-03T02:55:52","guid":{"rendered":"https:\/\/oiovape.com\/?post_type=product&#038;p=7365"},"modified":"2026-03-03T11:19:14","modified_gmt":"2026-03-03T03:19:14","slug":"atvs-45000-puffs","status":"publish","type":"product","link":"https:\/\/oiovape.com\/es\/product\/atvs-45000-puffs\/","title":{"rendered":"ATVS 45000 PUFFS Vape desechable con pantalla inteligente de bobina de malla dual"},"content":{"rendered":"<div data-page-id=\"ZVeMfq8uxd7y1ycuKm5cym4LnYd\" data-lark-html-role=\"root\" data-docx-has-block-data=\"false\">\n<div data-page-id=\"Fd41fZ5N9dzRQtcRNoVc2FuDnCh\" data-lark-html-role=\"root\" data-docx-has-block-data=\"true\">\n<div data-page-id=\"BdIJfeeijdk1eucGpS8cDCBBn5c\" data-lark-html-role=\"root\" data-docx-has-block-data=\"false\">\n<div data-page-id=\"Zbg9fWx77dUuh2cIYpic25c8nyd\" data-lark-html-role=\"root\" data-docx-has-block-data=\"false\">\n<div data-page-id=\"KaIvfiurhdlCKdc0kyxcX64cnE6\" data-lark-html-role=\"root\" data-docx-has-block-data=\"true\">\n<div data-page-id=\"PbvFfqxqlddUTScRpEYcY5MHnpf\" data-lark-html-role=\"root\" data-docx-has-block-data=\"true\">\n<div data-page-id=\"GZO2f5JeudwY4jc9iJtcdk9Hnxh\" data-lark-html-role=\"root\" data-docx-has-block-data=\"false\">\n<div data-page-id=\"EZVRf2acFduXLGcseZFc4qH2n6e\" data-lark-html-role=\"root\" data-docx-has-block-data=\"false\">\n<div data-page-id=\"B8rHfcqlqdzmH5cCWCncz17Cntb\" data-lark-html-role=\"root\" data-docx-has-block-data=\"false\">\n<div data-page-id=\"B8rHfcqlqdzmH5cCWCncz17Cntb\" data-lark-html-role=\"root\" data-docx-has-block-data=\"false\">\n<div data-page-id=\"B8rHfcqlqdzmH5cCWCncz17Cntb\" data-lark-html-role=\"root\" data-docx-has-block-data=\"true\">\n<div data-page-id=\"HM70f1aoxdD0bMcxJZBcVc7ynZd\" data-lark-html-role=\"root\" data-docx-has-block-data=\"false\">\n<div data-page-id=\"NSrJfN7Ord22i0c1iwZcsF8yn8b\" data-lark-html-role=\"root\" data-docx-has-block-data=\"false\">\n<div data-page-id=\"RXEff4Mskds8o1cqL5HcGEtUnCh\" data-lark-html-role=\"root\" data-docx-has-block-data=\"false\">\n<div data-page-id=\"KJ7gfqkVndMSRJcMseScmvYwnTc\" data-lark-html-role=\"root\" data-docx-has-block-data=\"false\">\n<div class=\"ace-line ace-line old-record-id-QADAfETPudgmudc05YvcTO5fnxe\">\n<div data-page-id=\"KJ7gfqkVndMSRJcMseScmvYwnTc\" data-lark-html-role=\"root\" data-docx-has-block-data=\"false\">\n<div class=\"ace-line ace-line old-record-id-JoRkfpho8dOkiacEOascDyCOncb\">\n<div data-page-id=\"KJ7gfqkVndMSRJcMseScmvYwnTc\" data-lark-html-role=\"root\" data-docx-has-block-data=\"false\">\n<div data-page-id=\"Ju6ofQ3V4dGmePcVvJvc1gmcnZb\" data-lark-html-role=\"root\" data-docx-has-block-data=\"true\">\n<div data-page-id=\"PR9ife5PLdFabccbFgZcWgZOnTc\" data-lark-html-role=\"root\" data-docx-has-block-data=\"false\">\n<div data-page-id=\"INdrfOIGzdaenXcptrcc1BcznQc\" data-lark-html-role=\"root\" data-docx-has-block-data=\"false\">\n<div class=\"ace-line ace-line old-record-id-P0fIf4YaZdoGkbcxt5ackec2nnb\">\n<div data-page-id=\"INdrfOIGzdaenXcptrcc1BcznQc\" data-lark-html-role=\"root\" data-docx-has-block-data=\"false\">\n<div data-page-id=\"MAzCfUB73dMTQscm8eWcougVn1g\" data-lark-html-role=\"root\" data-docx-has-block-data=\"true\">\n<div data-page-id=\"AXfpf7H1odhDvGcKoUOcErN8nV7\" data-lark-html-role=\"root\" data-docx-has-block-data=\"false\">\n<div data-page-id=\"QYTKf5PvLdUNdbce2nBcW9yfnrh\" data-lark-html-role=\"root\" data-docx-has-block-data=\"false\">\n<div data-page-id=\"Pvu1f1CCBdxbjncA9pgcBTpanph\" data-lark-html-role=\"root\" data-docx-has-block-data=\"true\">\n<div data-page-id=\"Axf3fcmY8dDAhtcjVircBcphnPc\" data-lark-html-role=\"root\" data-docx-has-block-data=\"false\">\n<div data-page-id=\"KKj1f9SPmdLhhMc5E2AcNlLen6f\" data-lark-html-role=\"root\" data-docx-has-block-data=\"true\">\n<div data-page-id=\"Rx61fK1sJdXHjPcBuhZcweNhnwc\" data-lark-html-role=\"root\" data-docx-has-block-data=\"false\">\n<div data-page-id=\"L1H9fkG9Mdz45Fcy4WMc5VKXnRe\" data-lark-html-role=\"root\" data-docx-has-block-data=\"false\">\n<div data-page-id=\"L1H9fkG9Mdz45Fcy4WMc5VKXnRe\" data-lark-html-role=\"root\" data-docx-has-block-data=\"false\">\n<div data-page-id=\"D4XLfVBVrdE8mrcaYizczklLnaf\" data-lark-html-role=\"root\" data-docx-has-block-data=\"false\">\n<div data-page-id=\"WVcifIY44d5mhMcXtyEcTsfenGd\" data-lark-html-role=\"root\" data-docx-has-block-data=\"true\">\n<div data-page-id=\"LRknfa6Whd4DWCcUc0FcNKpJnyh\" data-lark-html-role=\"root\" data-docx-has-block-data=\"false\">\n<div data-page-id=\"LRknfa6Whd4DWCcUc0FcNKpJnyh\" data-lark-html-role=\"root\" data-docx-has-block-data=\"false\">\n<div data-page-id=\"XFRAfkcOEdRWh8cArQ2cJdyRnJf\" data-lark-html-role=\"root\" data-docx-has-block-data=\"true\">\n<div data-page-id=\"OQ3bfjnRddMTDGcC3ouc6xFKnWf\" data-lark-html-role=\"root\" data-docx-has-block-data=\"true\">\n<div data-page-id=\"J0iGfj1hEdjc4rcUdSmc4spMnmZ\" data-lark-html-role=\"root\" data-docx-has-block-data=\"false\">\n<div data-page-id=\"P1o7fFyNlduP8tcfZpQcagzbnIf\" data-lark-html-role=\"root\" data-docx-has-block-data=\"false\">\n<div class=\"ace-line ace-line old-record-id-P1o7fFyNlduP8tcfZpQcagzbnIf\">\n<div data-page-id=\"P1o7fFyNlduP8tcfZpQcagzbnIf\" data-lark-html-role=\"root\" data-docx-has-block-data=\"false\">\n<div data-page-id=\"U4iufW38SdttWKcTstMcTtHRnXc\" data-lark-html-role=\"root\" data-docx-has-block-data=\"true\">\n<div data-page-id=\"ONVMf7VTWddcFtcyATOchCJHnZb\" data-lark-html-role=\"root\" data-docx-has-block-data=\"true\">\n<div data-page-id=\"KoW2fSy0PdLHFlc5kSHcgvWMnYg\" data-lark-html-role=\"root\" data-docx-has-block-data=\"false\">\n<div data-page-id=\"KoW2fSy0PdLHFlc5kSHcgvWMnYg\" data-lark-html-role=\"root\" data-docx-has-block-data=\"false\">\n<div data-page-id=\"OLGhfzxC7d7EFIcLEj9cRT5ynZf\" data-lark-html-role=\"root\" data-docx-has-block-data=\"false\">\n<div data-page-id=\"DdnnfrLjzdqrFIc9Il9c7pA2noc\" data-lark-html-role=\"root\" data-docx-has-block-data=\"true\">\n<div data-page-id=\"KNzcf2o0oddkJOcztTVcqPdlnth\" data-lark-html-role=\"root\" data-docx-has-block-data=\"false\">\n<div data-page-id=\"LBU7fg5SEdkWhecGJoxca3xvnCe\" data-lark-html-role=\"root\" data-docx-has-block-data=\"false\">\n<div data-page-id=\"EB70fooS3d69bMcgWB7c5qb9n8g\" data-lark-html-role=\"root\" data-docx-has-block-data=\"false\">\n<div data-page-id=\"AogwfsZCadB6t0cAvF0cK4JLnvf\" data-lark-html-role=\"root\" data-docx-has-block-data=\"false\">\n<div data-page-id=\"AogwfsZCadB6t0cAvF0cK4JLnvf\" data-lark-html-role=\"root\" data-docx-has-block-data=\"false\">\n<div data-page-id=\"JMZIflNGddQuU0c5JZocSqlvnle\" data-lark-html-role=\"root\" data-docx-has-block-data=\"false\">\n<div data-page-id=\"JMZIflNGddQuU0c5JZocSqlvnle\" data-lark-html-role=\"root\" data-docx-has-block-data=\"true\">\n<div data-page-id=\"HtEafjjRIdPAlMc9zgYcsGy6nOe\" data-lark-html-role=\"root\" data-docx-has-block-data=\"false\">\n<div data-page-id=\"Rhnafz0WTdDeT9c43xxczsbVnJo\" data-lark-html-role=\"root\" data-docx-has-block-data=\"false\">\n<div data-page-id=\"WY0CfKdcTdf4hVcZl67ct5LGncf\" data-lark-html-role=\"root\" data-docx-has-block-data=\"true\">\n<div data-page-id=\"MkB5fF4AVdchovcoPEpc7LqvnOd\" data-lark-html-role=\"root\" data-docx-has-block-data=\"true\">\n<div data-page-id=\"MfbjfZhbhdJdA8cH1dAckqF0n6g\" data-lark-html-role=\"root\" data-docx-has-block-data=\"false\">\n<div class=\"ace-line ace-line old-record-id-W2AHfJLnjd7ugjcRLs1c8BdhnNh\">\n<div data-page-id=\"MfbjfZhbhdJdA8cH1dAckqF0n6g\" data-lark-html-role=\"root\" data-docx-has-block-data=\"false\">\n<div class=\"old-record-id-XXd1feeCZdR2hJc6evocxnh1nOg\">\n<div data-page-id=\"MfbjfZhbhdJdA8cH1dAckqF0n6g\" data-lark-html-role=\"root\" data-docx-has-block-data=\"false\">\n<div data-page-id=\"DE51fYUmxdT3ekcHzc3cGrVQnsc\" data-lark-html-role=\"root\" data-docx-has-block-data=\"false\">\n<div data-page-id=\"YSKdfaZ08dRej3ci5CccQBuOncc\" data-lark-html-role=\"root\" data-docx-has-block-data=\"true\">\n<div data-page-id=\"K6mofQmledamEFcgp1EcVobmnYd\" data-lark-html-role=\"root\" data-docx-has-block-data=\"false\">\n<div data-page-id=\"VTgsfVLdCd9q1ucYcwRcCM0Hnof\" data-lark-html-role=\"root\" data-docx-has-block-data=\"true\">\n<div data-page-id=\"WucKfzp8RdNy8rcMJHncz4Knnac\" data-lark-html-role=\"root\" data-docx-has-block-data=\"true\">\n<div data-page-id=\"IfZ9fDIBLd9b9hcJiqGcLw9Pnmh\" data-lark-html-role=\"root\" data-docx-has-block-data=\"false\">\n<div data-page-id=\"JeU6f3Yq5dbdEHcZDptc5ikcn5c\" data-lark-html-role=\"root\" data-docx-has-block-data=\"true\">\n<div data-page-id=\"E1YjfnB4Jdmtsfc2ZObcu04Un6c\" data-lark-html-role=\"root\" data-docx-has-block-data=\"false\">\n<div data-page-id=\"RQVEfdiOzdqTQKcRcnxcG0Y7nce\" data-lark-html-role=\"root\" data-docx-has-block-data=\"true\">\n<div data-page-id=\"NKc7fbZi9dnOXocdHcScVsXdnmh\" data-lark-html-role=\"root\" data-docx-has-block-data=\"false\">\n<div data-page-id=\"DaE3fgNEwdnbQVc62iqcBK4lnte\" data-lark-html-role=\"root\" data-docx-has-block-data=\"false\">\n<div data-page-id=\"DaE3fgNEwdnbQVc62iqcBK4lnte\" data-lark-html-role=\"root\" data-docx-has-block-data=\"false\">\n<div data-page-id=\"NqSRfcp5SdFQ6ucdStXcbvManpc\" data-lark-html-role=\"root\" data-docx-has-block-data=\"false\">\n<div data-page-id=\"KydBfoEuudJNYhcgRdAc3aeUn7c\" data-lark-html-role=\"root\" data-docx-has-block-data=\"true\">\n<div data-page-id=\"SIqXfR5ipd7jWpczA5RcYkWInfd\" data-lark-html-role=\"root\" data-docx-has-block-data=\"false\">\n<div data-page-id=\"Y06XfUzydd0aVicBtPKcZlS8nJf\" data-lark-html-role=\"root\" data-docx-has-block-data=\"true\">\n<div data-page-id=\"E2ZvfNrVNdEHKickexPcvdXVnrc\" data-lark-html-role=\"root\" data-docx-has-block-data=\"false\">\n<div data-page-id=\"DqGzfq5S4d9GdAcOQVIcIdPhn2c\" data-lark-html-role=\"root\" data-docx-has-block-data=\"false\">\n<div data-page-id=\"HsKcfE4WLdET7ScRm72cTZ96nPb\" data-lark-html-role=\"root\" data-docx-has-block-data=\"false\">\n<div data-page-id=\"MvWFfuF4Edx69KcRSmmcvS2LndG\" data-lark-html-role=\"root\" data-docx-has-block-data=\"true\">\n<div data-page-id=\"BSNMfUsMXd3XFscNxbDcufC2nEg\" data-lark-html-role=\"root\" data-docx-has-block-data=\"false\">\n<div data-page-id=\"Rr0Mfry1adQB66cMkYGcCmoWnKe\" data-lark-html-role=\"root\" data-docx-has-block-data=\"true\">\n<div data-page-id=\"A7fMfxJhydfxJUc6VX9cVvDKnpd\" data-lark-html-role=\"root\" data-docx-has-block-data=\"false\">\n<div data-page-id=\"A7fMfxJhydfxJUc6VX9cVvDKnpd\" data-lark-html-role=\"root\" data-docx-has-block-data=\"false\">\n<div data-page-id=\"WbzgfFBuTduiBjc6rORciNrNnlf\" data-lark-html-role=\"root\" data-docx-has-block-data=\"false\">\n<div data-page-id=\"R0Rzf8rQUdoB9hcxkiqc9kKHnk2\" data-lark-html-role=\"root\" data-docx-has-block-data=\"true\">\n<div data-page-id=\"ZwXFfRomCdt9G4cs33scepfHnoe\" data-lark-html-role=\"root\" data-docx-has-block-data=\"false\">\n<div data-page-id=\"UFFTffnWTdbuv3coRhBc3zxBnMf\" data-lark-html-role=\"root\" data-docx-has-block-data=\"true\">\n<div data-page-id=\"FV0FfDT4ZdfJZoc4SMccT5Rjndf\" data-lark-html-role=\"root\" data-docx-has-block-data=\"false\">\n<div data-page-id=\"QfqMfQ3H3dBjAycBmxFct9R0nOd\" data-lark-html-role=\"root\" data-docx-has-block-data=\"false\">\n<div data-page-id=\"DXwcf38JSdYoRnczvWycOLbJnKg\" data-lark-html-role=\"root\" data-docx-has-block-data=\"false\">\n<div data-page-id=\"ERF5fOYoJdJoKBcJe3dczeiRnhb\" data-lark-html-role=\"root\" data-docx-has-block-data=\"false\">\n<div data-page-id=\"Xz9kf6dXYdrSpeczDiscWevtn5g\" data-lark-html-role=\"root\" data-docx-has-block-data=\"false\">\n<h2 class=\"heading-2 ace-line old-record-id-ZPzrfvoGvdmM3HcOng3cEyqrnXf\">\u00bfPor qu\u00e9 elegir ATVS 45000 Puffs? \ud83e\udd29<\/h2>\n<div class=\"ace-line ace-line old-record-id-RD9yfKD4Udz1u8cUU2IcSpOUnbe\">Se destaca por su excepcional duraci\u00f3n de 45000 inhalaciones, 10 sabores premium y confiables bobinas de malla dual. Est\u00e1 dise\u00f1ado para vapeadores que desean un dispositivo duradero y sin complicaciones que no comprometa el sabor ni el rendimiento. \ud83c\udfaf<\/div>\n<div class=\"ace-line ace-line old-record-id-XdGqfMijEd72H2cjoi6ci6u6nby\">Su tama\u00f1o compacto, resistencia ajustable y empaque pr\u00e1ctico lo hacen vers\u00e1til para cualquier estilo de vida. Ya seas un vapeador ocasional o alguien que vapea regularmente, ATVS 45000 Puffs ofrece una experiencia consistente y satisfactoria que es dif\u00edcil de superar. \ud83d\udcaf<\/p>\n<div data-page-id=\"Xz9kf6dXYdrSpeczDiscWevtn5g\" data-lark-html-role=\"root\" data-docx-has-block-data=\"true\">\n<h2 class=\"heading-2 ace-line old-record-id-GNvzfppumdNJ1acB3Omcpibqnih\">10 Sabores Curados: Sabores Audaces y Balanceados para Cada Estado de \u00c1nimo \ud83c\udf53\u2744\ufe0f\ud83c\udf6c<\/h2>\n<div class=\"ace-line ace-line old-record-id-D8ILfN9SLdUbyyccyl1cPgwsnyh\">ATVS 45000 Puffs ofrece 10 sabores distintos y premium, cada uno mezclado para proporcionar un sabor natural y satisfactorio sin regustos artificiales. Desde refrescos helados hasta notas dulces y juguetonas, la selecci\u00f3n abarca una variedad de preferencias, facilitando encontrar tu nuevo sabor favorito. \ud83e\uddca<\/div>\n<h3 class=\"heading-3 ace-line old-record-id-D6z4fvagJdlv9LcYMYkccSOxnne\">Selecci\u00f3n de Sabores: Un Sabor para Cada Antojo<\/h3>\n<div class=\"ace-line ace-line old-record-id-WdG8f4h01dhcMUcnwjxcUH7vnmg\">Cada sabor est\u00e1 dise\u00f1ado para destacar, con notas balanceadas que se sienten aut\u00e9nticas y agradables. Ya sea que anheles algo helado, afrutado o divertido, la selecci\u00f3n cuidadosamente curada tiene lo que necesitas. Consulta los detalles completos de los sabores a continuaci\u00f3n:<\/div>\n<div>\n<table class=\"ace-table\" data-ace-table-col-widths=\"200;200;200\">\n<colgroup>\n<col width=\"200\" \/>\n<col width=\"200\" \/>\n<col width=\"200\" \/><\/colgroup>\n<thead>\n<tr>\n<th colspan=\"1\" rowspan=\"1\">\n<div class=\"ace-line ace-line old-record-id-JJyYf0H0DdRoCNc2XQscIY8PnPg\">No.<\/div>\n<\/th>\n<th colspan=\"1\" rowspan=\"1\">\n<div class=\"ace-line ace-line old-record-id-QaK3fCUPmdw85FcFSupcB5K3nAb\">Sabor<\/div>\n<\/th>\n<th colspan=\"1\" rowspan=\"1\">\n<div class=\"ace-line ace-line old-record-id-Gsj4futsTdvAnzcslAqce0ElnEh\">Perfil de Sabor<\/div>\n<\/th>\n<\/tr>\n<\/thead>\n<tbody>\n<tr>\n<td colspan=\"1\" rowspan=\"1\">\n<div class=\"ace-line ace-line old-record-id-TuYrfAq9pdvY6zcc95LcXSHnnmf\">1<\/div>\n<\/td>\n<td colspan=\"1\" rowspan=\"1\">\n<div class=\"ace-line ace-line old-record-id-P1VHfLGDDdtmD3cgm6qc5IEknPf\">Cereza Blue Razz<\/div>\n<\/td>\n<td colspan=\"1\" rowspan=\"1\">\n<div class=\"ace-line ace-line old-record-id-ILK2fegv0dko5Qc9TZmcOZ5ZnDO\">Frambuesa azul \u00e1cida mezclada con dulce cereza<\/div>\n<\/td>\n<\/tr>\n<tr>\n<td colspan=\"1\" rowspan=\"1\">\n<div class=\"ace-line ace-line old-record-id-BmOYfprn4duxTuc6HF9clWB0nVf\">2<\/div>\n<\/td>\n<td colspan=\"1\" rowspan=\"1\">\n<div class=\"ace-line ace-line old-record-id-ZVlKf7jWUdHlmfchZ5kc6Dznndd\">Sr. Azul<\/div>\n<\/td>\n<td colspan=\"1\" rowspan=\"1\">\n<div class=\"ace-line ace-line old-record-id-HYY8fH4vtdjoCfcI1zMc9oTHnKC\">Frescura inspirada en ar\u00e1ndano refrescante con un acabado suave<\/div>\n<\/td>\n<\/tr>\n<tr>\n<td colspan=\"1\" rowspan=\"1\">\n<div class=\"ace-line ace-line old-record-id-XnsCfvoOyd3it2ctGKkcmchMnLb\">3<\/div>\n<\/td>\n<td colspan=\"1\" rowspan=\"1\">\n<div class=\"ace-line ace-line old-record-id-S88mfGiNpdlGUHcWx0KcI34hn5L\">Ar\u00e1ndano Cereza Ar\u00e1ndano<\/div>\n<\/td>\n<td colspan=\"1\" rowspan=\"1\">\n<div class=\"ace-line ace-line old-record-id-KHjnfEBVGd0iSHc33PqcLGEKnJh\">Mezcla rica de ar\u00e1ndano, dulce cereza y ar\u00e1ndano agrio<\/div>\n<\/td>\n<\/tr>\n<tr>\n<td colspan=\"1\" rowspan=\"1\">\n<div class=\"ace-line ace-line old-record-id-WOWdfxqYrdjOzlcdMBFcgFqynpc\">4<\/div>\n<\/td>\n<td colspan=\"1\" rowspan=\"1\">\n<div class=\"ace-line ace-line old-record-id-JJPAfaVPGdJbmucHlfvcI5Tan4g\">Fizzy Vimtc<\/div>\n<\/td>\n<td colspan=\"1\" rowspan=\"1\">\n<div class=\"ace-line ace-line old-record-id-HT6dfH8RedHJLOcDTgxcP5N1n0f\">Sabor burbujeante y afrutado de vimto con un toque crujiente y refrescante<\/div>\n<\/td>\n<\/tr>\n<tr>\n<td colspan=\"1\" rowspan=\"1\">\n<div class=\"ace-line ace-line old-record-id-HnWSfkRM1dAFIEc1zLIcw2VynUl\">5<\/div>\n<\/td>\n<td colspan=\"1\" rowspan=\"1\">\n<div class=\"ace-line ace-line old-record-id-WZt8f02XFd93yscon75c3J6Sneb\">Hielo de Cereza<\/div>\n<\/td>\n<td colspan=\"1\" rowspan=\"1\">\n<div class=\"ace-line ace-line old-record-id-I2EKfuIAQdrD8Oc2dkocZ7Qpn1b\">Dulce cereza combinada con frescura helada para un golpe refrescante<\/div>\n<\/td>\n<\/tr>\n<tr>\n<td colspan=\"1\" rowspan=\"1\">\n<div class=\"ace-line ace-line old-record-id-Eq4MfAPZKdkr24cfljRc0aaDngb\">6<\/div>\n<\/td>\n<td colspan=\"1\" rowspan=\"1\">\n<div class=\"ace-line ace-line old-record-id-ORB4f0PNBdjxZucAOa5crNjbnPe\">Oso Gummy<\/div>\n<\/td>\n<td colspan=\"1\" rowspan=\"1\">\n<div class=\"ace-line ace-line old-record-id-Mj9Gfp16ydmpv9cARWUcIQf6nof\">Sabor divertido y dulce de osito de goma con un gusto masticable y nost\u00e1lgico<\/div>\n<\/td>\n<\/tr>\n<tr>\n<td colspan=\"1\" rowspan=\"1\">\n<div class=\"ace-line ace-line old-record-id-XnqkfiKUKdkQF1cgmJbcxmACnQh\">7<\/div>\n<\/td>\n<td colspan=\"1\" rowspan=\"1\">\n<div class=\"ace-line ace-line old-record-id-U364fl6g5d2ZpFc8hMPcSI9onzd\">Hielo de Pi\u00f1a<\/div>\n<\/td>\n<td colspan=\"1\" rowspan=\"1\">\n<div class=\"ace-line ace-line old-record-id-QaPSfuFJtdC7WWcGJKqcnKppnIh\">Pi\u00f1a fresca con un acabado fresco y helado para d\u00edas calurosos<\/div>\n<\/td>\n<\/tr>\n<tr>\n<td colspan=\"1\" rowspan=\"1\">\n<div class=\"ace-line ace-line old-record-id-X1VBfJIK4dVKiucOpGbc0rINnjd\">8<\/div>\n<\/td>\n<td colspan=\"1\" rowspan=\"1\">\n<div class=\"ace-line ace-line old-record-id-QBLNfIl1rdyNclc3K3aclHoZnWf\">Fizzy Chicle de Cereza<\/div>\n<\/td>\n<td colspan=\"1\" rowspan=\"1\">\n<div class=\"ace-line ace-line old-record-id-TCGxfrz7SdHA8gclSt5cBLKOnhM\">Cereza burbujeante combinada con notas dulces de chicle<\/div>\n<\/td>\n<\/tr>\n<tr>\n<td colspan=\"1\" rowspan=\"1\">\n<div class=\"ace-line ace-line old-record-id-SOLUfUUDPdnbGrc0EtYcn7Z4neg\">9<\/div>\n<\/td>\n<td colspan=\"1\" rowspan=\"1\">\n<div class=\"ace-line ace-line old-record-id-R6DGf5nFSdgRtJctL65cApsynQf\">Pl\u00e1tano Hielo<\/div>\n<\/td>\n<td colspan=\"1\" rowspan=\"1\">\n<div class=\"ace-line ace-line old-record-id-M2NnfPLymdweG6ccmpXc94qSn8d\">Pl\u00e1tano cremoso mezclado con frescura helada para una inhalaci\u00f3n suave<\/div>\n<\/td>\n<\/tr>\n<tr>\n<td colspan=\"1\" rowspan=\"1\">\n<div class=\"ace-line ace-line old-record-id-F2w4f16jDdP72ucrI2vc04nXn9e\">10<\/div>\n<\/td>\n<td colspan=\"1\" rowspan=\"1\">\n<div class=\"ace-line ace-line old-record-id-AiRvfXjAsdEABDc4t1vchpUXnVg\">Triple Mango<\/div>\n<\/td>\n<td colspan=\"1\" rowspan=\"1\">\n<div class=\"ace-line ace-line old-record-id-Z8OJfD9bZdHf0FcINLvcMJsLn4d\">Sabor rico y maduro de mango con notas tropicales en capas<\/div>\n<\/td>\n<\/tr>\n<\/tbody>\n<\/table>\n<\/div>\n<h4 class=\"heading-4 ace-line old-record-id-DhkffaiPndsZLPclVU7cGrOtnQf\">Sabores de Calidad, Sin Compromisos<\/h4>\n<div class=\"ace-line ace-line old-record-id-SCFxfbiDhdJJqbcV1wYcVHQ1nXf\">Cada sabor es probado para asegurar consistencia y autenticidad, sin regustos \u00e1speros ni matices artificiales. Ya prefieras golpes audaces y afrutados o inhalaciones suaves y heladas, cada sabor ofrece una experiencia satisfactoria. \ud83c\udf49<\/div>\n<h2 class=\"heading-2 ace-line old-record-id-Do8JfzJCUd8XJ9cPDM8cD7smnGd\">Bobinas de Malla Dual y Resistencia Ajustable: Rendimiento Suave y Consistente \ud83d\udd27<\/h2>\n<div class=\"ace-line ace-line old-record-id-S4uKfZV5jdS1Iwcf33scD0mDnPc\">En el n\u00facleo del ATVS 45000 Puffs se encuentran las bobinas de malla dual, dise\u00f1adas para calentar el e-l\u00edquido de manera uniforme y eficiente. Esta tecnolog\u00eda desbloquea el sabor completo de cada mezcla, eliminando golpes \u00e1speros y notas quemadas, por lo que cada inhalaci\u00f3n se siente suave y satisfactoria. \ud83d\udcaa<\/div>\n<h3 class=\"heading-3 ace-line old-record-id-MCEMfZon8dQ1Dbc6ExRcheVKnte\">Dos Configuraciones de Resistencia para un Vapeo Personalizado<\/h3>\n<div class=\"ace-line ace-line old-record-id-RXKMfzRA5dFucscnmQjcWrKinXS\">El dispositivo ofrece dos opciones de resistencia: 0.4\u03a9 y 0.8\u03a9, para adaptarse a tu estilo de vapeo \u00fanico. Elige 0.4\u03a9 para un vapor m\u00e1s espeso y denso que proporciona un golpe robusto. Opta por 0.8\u03a9 para una inhalaci\u00f3n m\u00e1s suave y ligera que es perfecta para uso durante todo el d\u00eda. \ud83d\udee0\ufe0f<\/div>\n<h4 class=\"heading-4 ace-line old-record-id-WtmZf3ObPdrJxYcXVXmcoGqYnah\">Bobinas Duraderas para Fiabilidad a Largo Plazo<\/h4>\n<div class=\"ace-line ace-line old-record-id-W6OVfjHxidCb52cXh8wcgReAnnf\">Las bobinas de malla dual est\u00e1n construidas para soportar la duraci\u00f3n de 45000 inhalaciones, minimizando los golpes secos y asegurando un rendimiento consistente desde la primera inhalaci\u00f3n hasta la \u00faltima. Manejan el uso frecuente con facilidad, por lo que nunca tendr\u00e1s que sacrificar el sabor o la calidad del vapor. \u26a1<\/div>\n<h2 class=\"heading-2 ace-line old-record-id-FfLafH5iOdDgkKcEkexcks1yncz\">45000 Puffs y 35ml de E-L\u00edquido: Disfrute Ininterrumpido \u23f3<\/h2>\n<div class=\"ace-line ace-line old-record-id-Cj7Af35W2dpKdxc1RLCcyxIenkt\">Con 45000 inhalaciones y 35ml de e-l\u00edquido, este dispositivo est\u00e1 hecho para durar semanas, incluso con uso diario y frecuente. La bater\u00eda de 750mAh 751752 proporciona energ\u00eda constante para igualar esta longevidad, por lo que no necesitar\u00e1s reemplazar el dispositivo constantemente. \ud83d\udcc8<\/div>\n<h3 class=\"heading-3 ace-line old-record-id-O1mIfRHcodxJ4YciFiAcMXKfnOh\">Potencia Equilibrada y E-L\u00edquido para Vapeo Ininterrumpido<\/h3>\n<div class=\"ace-line ace-line old-record-id-GwBpf2djldWlPociNoXcdArunqj\">La bater\u00eda y el e-l\u00edquido trabajan en perfecta armon\u00eda, asegurando que nunca te quedes sin l\u00edquido antes de que la bater\u00eda se agote. Este equilibrio significa que puedes concentrarte en disfrutar tus sabores favoritos sin preocuparte por interrupciones inesperadas. \ud83d\udeab\u23f8\ufe0f<\/div>\n<h2 class=\"heading-2 ace-line old-record-id-U0IGf863zdD1vkcgYh2cKSHlnib\">Dise\u00f1o Compacto y Empaque Pr\u00e1ctico \ud83d\udce6<\/h2>\n<div class=\"ace-line ace-line old-record-id-GTMVfGElkdIQlPc1pDGcSCF1nEd\">El ATVS 45000 Puffs cuenta con un dise\u00f1o delgado y port\u00e1til que es f\u00e1cil de llevar. Mide 58*31*115.5mm, lo suficientemente peque\u00f1o como para caber en tu bolsillo, bolso o palma sin a\u00f1adir volumen, lo que lo hace ideal para uso en movimiento. \ud83d\udcf1<\/div>\n<h3 class=\"heading-3 ace-line old-record-id-CInYfA3Ymdfmp7cHE53c66K1n8M\">Empaque Conveniente para Todos<\/h3>\n<div class=\"ace-line ace-line old-record-id-PFKBf4P1xdWIdlcRpE8c75atnPC\">Cada dispositivo individual viene en un empaque interior compacto, mientras que una caja contiene 10 piezas. El empaque exterior mide 119*160.5*118.5mm y pesa 1050g en total, f\u00e1cil de almacenar en casa o llevar en cantidad, ya sea para uso personal o reventa. \ud83d\udce6<\/div>\n<\/div>\n<\/div>\n<\/div>\n<\/div>\n<\/div>\n<\/div>\n<\/div>\n<\/div>\n<\/div>\n<\/div>\n<\/div>\n<\/div>\n<\/div>\n<\/div>\n<\/div>\n<\/div>\n<\/div>\n<\/div>\n<\/div>\n<\/div>\n<\/div>\n<\/div>\n<\/div>\n<\/div>\n<\/div>\n<\/div>\n<\/div>\n<\/div>\n<\/div>\n<\/div>\n<\/div>\n<\/div>\n<\/div>\n<\/div>\n<\/div>\n<\/div>\n<\/div>\n<\/div>\n<\/div>\n<\/div>\n<\/div>\n<\/div>\n<\/div>\n<\/div>\n<\/div>\n<\/div>\n<\/div>\n<\/div>\n<\/div>\n<\/div>\n<\/div>\n<\/div>\n<\/div>\n<\/div>\n<\/div>\n<\/div>\n<\/div>\n<\/div>\n<\/div>\n<\/div>\n<\/div>\n<\/div>\n<\/div>\n<\/div>\n<\/div>\n<\/div>\n<\/div>\n<\/div>\n<\/div>\n<\/div>\n<\/div>\n<\/div>\n<\/div>\n<\/div>\n<\/div>\n<\/div>\n<\/div>\n<\/div>\n<\/div>\n<\/div>\n<\/div>\n<\/div>\n<\/div>\n<\/div>\n<\/div>\n<\/div>\n<\/div>\n<\/div>\n<\/div>\n<\/div>\n<\/div>\n<\/div>\n<\/div>\n<\/div>\n<\/div>\n<\/div>\n<\/div>\n<\/div>\n<\/div>\n<\/div>","protected":false},"excerpt":{"rendered":"<div data-page-id=\"RAopf2sw9dtvw4cWYXpcTwo0n8g\" data-lark-html-role=\"root\" data-docx-has-block-data=\"false\">\n<div class=\"ace-line ace-line old-record-id-Uju9f3RXYd8dh2crAJbcBF3Un6M\">\n<div data-page-id=\"Dd8gfe2wRdT66jcgnqtcUwg5ndh\" data-lark-html-role=\"root\" data-docx-has-block-data=\"false\">\n<div class=\"ace-line ace-line old-record-id-FiRZf3qXpdK0RqcHt8wcxPTon8b\">ATVS 45000 Puffs es un vape desechable de larga duraci\u00f3n con 45000 inhalaciones, 35ml de e-l\u00edquido y bobinas de malla dual. Est\u00e1 alimentado por una bater\u00eda de 750mAh 751752, ofrece resistencia de 0.4\/0.8\u03a9 y 10 sabores premium, con un tama\u00f1o de 58<em>31<\/em>115.5mm y cajas de 10 piezas que pesan 1050g.<\/div>\n<\/div>\n<\/div>\n<\/div>","protected":false},"featured_media":7376,"comment_status":"open","ping_status":"closed","template":"","meta":{"_acf_changed":false,"inline_featured_image":false,"_sitemap_exclude":false,"_sitemap_priority":"","_sitemap_frequency":""},"product_brand":[375],"product_cat":[374],"product_tag":[],"class_list":{"0":"post-7365","1":"product","2":"type-product","3":"status-publish","4":"has-post-thumbnail","6":"product_brand-atvs","7":"product_cat-atvs","9":"first","10":"instock","11":"sale","12":"shipping-taxable","13":"purchasable","14":"product-type-variable","15":"has-default-attributes"},"acf":[],"tiered_pricing_type":"fixed","tiered_pricing_fixed_rules":{"30":9,"60":8.49,"100":8.08,"200":7.77},"tiered_pricing_product_settings":{"layout":"default","base_unit_name":{"singular":null,"plural":null},"default_variation":null},"tiered_pricing_minimum_quantity":10,"tiered_pricing_roles_data":[],"tiered_pricing_percentage_rules":[],"tiered_pricing_maximum_quantity":null,"tiered_pricing_quantity_step":"10","_links":{"self":[{"href":"https:\/\/oiovape.com\/es\/wp-json\/wp\/v2\/product\/7365","targetHints":{"allow":["GET"]}}],"collection":[{"href":"https:\/\/oiovape.com\/es\/wp-json\/wp\/v2\/product"}],"about":[{"href":"https:\/\/oiovape.com\/es\/wp-json\/wp\/v2\/types\/product"}],"replies":[{"embeddable":true,"href":"https:\/\/oiovape.com\/es\/wp-json\/wp\/v2\/comments?post=7365"}],"version-history":[{"count":0,"href":"https:\/\/oiovape.com\/es\/wp-json\/wp\/v2\/product\/7365\/revisions"}],"wp:featuredmedia":[{"embeddable":true,"href":"https:\/\/oiovape.com\/es\/wp-json\/wp\/v2\/media\/7376"}],"wp:attachment":[{"href":"https:\/\/oiovape.com\/es\/wp-json\/wp\/v2\/media?parent=7365"}],"wp:term":[{"taxonomy":"product_brand","embeddable":true,"href":"https:\/\/oiovape.com\/es\/wp-json\/wp\/v2\/product_brand?post=7365"},{"taxonomy":"product_cat","embeddable":true,"href":"https:\/\/oiovape.com\/es\/wp-json\/wp\/v2\/product_cat?post=7365"},{"taxonomy":"product_tag","embeddable":true,"href":"https:\/\/oiovape.com\/es\/wp-json\/wp\/v2\/product_tag?post=7365"}],"curies":[{"name":"wp","href":"https:\/\/api.w.org\/{rel}","templated":true}]}}