{"id":7378,"date":"2026-03-03T11:21:18","date_gmt":"2026-03-03T03:21:18","guid":{"rendered":"https:\/\/oiovape.com\/?post_type=product&#038;p=7378"},"modified":"2026-03-04T17:38:19","modified_gmt":"2026-03-04T09:38:19","slug":"atvs-60000-puffs","status":"publish","type":"product","link":"https:\/\/oiovape.com\/es\/product\/atvs-60000-puffs\/","title":{"rendered":"ATVS 60000 PUFFS 36ML Cigarrillo Electr\u00f3nico Recargable de Gran Capacidad E-l\u00edquido"},"content":{"rendered":"<div data-page-id=\"ZVeMfq8uxd7y1ycuKm5cym4LnYd\" data-lark-html-role=\"root\" data-docx-has-block-data=\"false\">\n<div data-page-id=\"Fd41fZ5N9dzRQtcRNoVc2FuDnCh\" data-lark-html-role=\"root\" data-docx-has-block-data=\"true\">\n<div data-page-id=\"BdIJfeeijdk1eucGpS8cDCBBn5c\" data-lark-html-role=\"root\" data-docx-has-block-data=\"false\">\n<div data-page-id=\"Zbg9fWx77dUuh2cIYpic25c8nyd\" data-lark-html-role=\"root\" data-docx-has-block-data=\"false\">\n<div data-page-id=\"KaIvfiurhdlCKdc0kyxcX64cnE6\" data-lark-html-role=\"root\" data-docx-has-block-data=\"true\">\n<div data-page-id=\"PbvFfqxqlddUTScRpEYcY5MHnpf\" data-lark-html-role=\"root\" data-docx-has-block-data=\"true\">\n<div data-page-id=\"GZO2f5JeudwY4jc9iJtcdk9Hnxh\" data-lark-html-role=\"root\" data-docx-has-block-data=\"false\">\n<div data-page-id=\"EZVRf2acFduXLGcseZFc4qH2n6e\" data-lark-html-role=\"root\" data-docx-has-block-data=\"false\">\n<div data-page-id=\"B8rHfcqlqdzmH5cCWCncz17Cntb\" data-lark-html-role=\"root\" data-docx-has-block-data=\"false\">\n<div data-page-id=\"B8rHfcqlqdzmH5cCWCncz17Cntb\" data-lark-html-role=\"root\" data-docx-has-block-data=\"false\">\n<div data-page-id=\"B8rHfcqlqdzmH5cCWCncz17Cntb\" data-lark-html-role=\"root\" data-docx-has-block-data=\"true\">\n<div data-page-id=\"HM70f1aoxdD0bMcxJZBcVc7ynZd\" data-lark-html-role=\"root\" data-docx-has-block-data=\"false\">\n<div data-page-id=\"NSrJfN7Ord22i0c1iwZcsF8yn8b\" data-lark-html-role=\"root\" data-docx-has-block-data=\"false\">\n<div data-page-id=\"RXEff4Mskds8o1cqL5HcGEtUnCh\" data-lark-html-role=\"root\" data-docx-has-block-data=\"false\">\n<div data-page-id=\"KJ7gfqkVndMSRJcMseScmvYwnTc\" data-lark-html-role=\"root\" data-docx-has-block-data=\"false\">\n<div class=\"ace-line ace-line old-record-id-QADAfETPudgmudc05YvcTO5fnxe\">\n<div data-page-id=\"KJ7gfqkVndMSRJcMseScmvYwnTc\" data-lark-html-role=\"root\" data-docx-has-block-data=\"false\">\n<div class=\"ace-line ace-line old-record-id-JoRkfpho8dOkiacEOascDyCOncb\">\n<div data-page-id=\"KJ7gfqkVndMSRJcMseScmvYwnTc\" data-lark-html-role=\"root\" data-docx-has-block-data=\"false\">\n<div data-page-id=\"Ju6ofQ3V4dGmePcVvJvc1gmcnZb\" data-lark-html-role=\"root\" data-docx-has-block-data=\"true\">\n<div data-page-id=\"PR9ife5PLdFabccbFgZcWgZOnTc\" data-lark-html-role=\"root\" data-docx-has-block-data=\"false\">\n<div data-page-id=\"INdrfOIGzdaenXcptrcc1BcznQc\" data-lark-html-role=\"root\" data-docx-has-block-data=\"false\">\n<div class=\"ace-line ace-line old-record-id-P0fIf4YaZdoGkbcxt5ackec2nnb\">\n<div data-page-id=\"INdrfOIGzdaenXcptrcc1BcznQc\" data-lark-html-role=\"root\" data-docx-has-block-data=\"false\">\n<div data-page-id=\"MAzCfUB73dMTQscm8eWcougVn1g\" data-lark-html-role=\"root\" data-docx-has-block-data=\"true\">\n<div data-page-id=\"AXfpf7H1odhDvGcKoUOcErN8nV7\" data-lark-html-role=\"root\" data-docx-has-block-data=\"false\">\n<div data-page-id=\"QYTKf5PvLdUNdbce2nBcW9yfnrh\" data-lark-html-role=\"root\" data-docx-has-block-data=\"false\">\n<div data-page-id=\"Pvu1f1CCBdxbjncA9pgcBTpanph\" data-lark-html-role=\"root\" data-docx-has-block-data=\"true\">\n<div data-page-id=\"Axf3fcmY8dDAhtcjVircBcphnPc\" data-lark-html-role=\"root\" data-docx-has-block-data=\"false\">\n<div data-page-id=\"KKj1f9SPmdLhhMc5E2AcNlLen6f\" data-lark-html-role=\"root\" data-docx-has-block-data=\"true\">\n<div data-page-id=\"Rx61fK1sJdXHjPcBuhZcweNhnwc\" data-lark-html-role=\"root\" data-docx-has-block-data=\"false\">\n<div data-page-id=\"L1H9fkG9Mdz45Fcy4WMc5VKXnRe\" data-lark-html-role=\"root\" data-docx-has-block-data=\"false\">\n<div data-page-id=\"L1H9fkG9Mdz45Fcy4WMc5VKXnRe\" data-lark-html-role=\"root\" data-docx-has-block-data=\"false\">\n<div data-page-id=\"D4XLfVBVrdE8mrcaYizczklLnaf\" data-lark-html-role=\"root\" data-docx-has-block-data=\"false\">\n<div data-page-id=\"WVcifIY44d5mhMcXtyEcTsfenGd\" data-lark-html-role=\"root\" data-docx-has-block-data=\"true\">\n<div data-page-id=\"LRknfa6Whd4DWCcUc0FcNKpJnyh\" data-lark-html-role=\"root\" data-docx-has-block-data=\"false\">\n<div data-page-id=\"LRknfa6Whd4DWCcUc0FcNKpJnyh\" data-lark-html-role=\"root\" data-docx-has-block-data=\"false\">\n<div data-page-id=\"XFRAfkcOEdRWh8cArQ2cJdyRnJf\" data-lark-html-role=\"root\" data-docx-has-block-data=\"true\">\n<div data-page-id=\"OQ3bfjnRddMTDGcC3ouc6xFKnWf\" data-lark-html-role=\"root\" data-docx-has-block-data=\"true\">\n<div data-page-id=\"J0iGfj1hEdjc4rcUdSmc4spMnmZ\" data-lark-html-role=\"root\" data-docx-has-block-data=\"false\">\n<div data-page-id=\"P1o7fFyNlduP8tcfZpQcagzbnIf\" data-lark-html-role=\"root\" data-docx-has-block-data=\"false\">\n<div class=\"ace-line ace-line old-record-id-P1o7fFyNlduP8tcfZpQcagzbnIf\">\n<div data-page-id=\"P1o7fFyNlduP8tcfZpQcagzbnIf\" data-lark-html-role=\"root\" data-docx-has-block-data=\"false\">\n<div data-page-id=\"U4iufW38SdttWKcTstMcTtHRnXc\" data-lark-html-role=\"root\" data-docx-has-block-data=\"true\">\n<div data-page-id=\"ONVMf7VTWddcFtcyATOchCJHnZb\" data-lark-html-role=\"root\" data-docx-has-block-data=\"true\">\n<div data-page-id=\"KoW2fSy0PdLHFlc5kSHcgvWMnYg\" data-lark-html-role=\"root\" data-docx-has-block-data=\"false\">\n<div data-page-id=\"KoW2fSy0PdLHFlc5kSHcgvWMnYg\" data-lark-html-role=\"root\" data-docx-has-block-data=\"false\">\n<div data-page-id=\"OLGhfzxC7d7EFIcLEj9cRT5ynZf\" data-lark-html-role=\"root\" data-docx-has-block-data=\"false\">\n<div data-page-id=\"DdnnfrLjzdqrFIc9Il9c7pA2noc\" data-lark-html-role=\"root\" data-docx-has-block-data=\"true\">\n<div data-page-id=\"KNzcf2o0oddkJOcztTVcqPdlnth\" data-lark-html-role=\"root\" data-docx-has-block-data=\"false\">\n<div data-page-id=\"LBU7fg5SEdkWhecGJoxca3xvnCe\" data-lark-html-role=\"root\" data-docx-has-block-data=\"false\">\n<div data-page-id=\"EB70fooS3d69bMcgWB7c5qb9n8g\" data-lark-html-role=\"root\" data-docx-has-block-data=\"false\">\n<div data-page-id=\"AogwfsZCadB6t0cAvF0cK4JLnvf\" data-lark-html-role=\"root\" data-docx-has-block-data=\"false\">\n<div data-page-id=\"AogwfsZCadB6t0cAvF0cK4JLnvf\" data-lark-html-role=\"root\" data-docx-has-block-data=\"false\">\n<div data-page-id=\"JMZIflNGddQuU0c5JZocSqlvnle\" data-lark-html-role=\"root\" data-docx-has-block-data=\"false\">\n<div data-page-id=\"JMZIflNGddQuU0c5JZocSqlvnle\" data-lark-html-role=\"root\" data-docx-has-block-data=\"true\">\n<div data-page-id=\"HtEafjjRIdPAlMc9zgYcsGy6nOe\" data-lark-html-role=\"root\" data-docx-has-block-data=\"false\">\n<div data-page-id=\"Rhnafz0WTdDeT9c43xxczsbVnJo\" data-lark-html-role=\"root\" data-docx-has-block-data=\"false\">\n<div data-page-id=\"WY0CfKdcTdf4hVcZl67ct5LGncf\" data-lark-html-role=\"root\" data-docx-has-block-data=\"true\">\n<div data-page-id=\"MkB5fF4AVdchovcoPEpc7LqvnOd\" data-lark-html-role=\"root\" data-docx-has-block-data=\"true\">\n<div data-page-id=\"MfbjfZhbhdJdA8cH1dAckqF0n6g\" data-lark-html-role=\"root\" data-docx-has-block-data=\"false\">\n<div class=\"ace-line ace-line old-record-id-W2AHfJLnjd7ugjcRLs1c8BdhnNh\">\n<div data-page-id=\"MfbjfZhbhdJdA8cH1dAckqF0n6g\" data-lark-html-role=\"root\" data-docx-has-block-data=\"false\">\n<div class=\"old-record-id-XXd1feeCZdR2hJc6evocxnh1nOg\">\n<div data-page-id=\"MfbjfZhbhdJdA8cH1dAckqF0n6g\" data-lark-html-role=\"root\" data-docx-has-block-data=\"false\">\n<div data-page-id=\"DE51fYUmxdT3ekcHzc3cGrVQnsc\" data-lark-html-role=\"root\" data-docx-has-block-data=\"false\">\n<div data-page-id=\"YSKdfaZ08dRej3ci5CccQBuOncc\" data-lark-html-role=\"root\" data-docx-has-block-data=\"true\">\n<div data-page-id=\"K6mofQmledamEFcgp1EcVobmnYd\" data-lark-html-role=\"root\" data-docx-has-block-data=\"false\">\n<div data-page-id=\"VTgsfVLdCd9q1ucYcwRcCM0Hnof\" data-lark-html-role=\"root\" data-docx-has-block-data=\"true\">\n<div data-page-id=\"WucKfzp8RdNy8rcMJHncz4Knnac\" data-lark-html-role=\"root\" data-docx-has-block-data=\"true\">\n<div data-page-id=\"IfZ9fDIBLd9b9hcJiqGcLw9Pnmh\" data-lark-html-role=\"root\" data-docx-has-block-data=\"false\">\n<div data-page-id=\"JeU6f3Yq5dbdEHcZDptc5ikcn5c\" data-lark-html-role=\"root\" data-docx-has-block-data=\"true\">\n<div data-page-id=\"E1YjfnB4Jdmtsfc2ZObcu04Un6c\" data-lark-html-role=\"root\" data-docx-has-block-data=\"false\">\n<div data-page-id=\"RQVEfdiOzdqTQKcRcnxcG0Y7nce\" data-lark-html-role=\"root\" data-docx-has-block-data=\"true\">\n<div data-page-id=\"NKc7fbZi9dnOXocdHcScVsXdnmh\" data-lark-html-role=\"root\" data-docx-has-block-data=\"false\">\n<div data-page-id=\"DaE3fgNEwdnbQVc62iqcBK4lnte\" data-lark-html-role=\"root\" data-docx-has-block-data=\"false\">\n<div data-page-id=\"DaE3fgNEwdnbQVc62iqcBK4lnte\" data-lark-html-role=\"root\" data-docx-has-block-data=\"false\">\n<div data-page-id=\"NqSRfcp5SdFQ6ucdStXcbvManpc\" data-lark-html-role=\"root\" data-docx-has-block-data=\"false\">\n<div data-page-id=\"KydBfoEuudJNYhcgRdAc3aeUn7c\" data-lark-html-role=\"root\" data-docx-has-block-data=\"true\">\n<div data-page-id=\"SIqXfR5ipd7jWpczA5RcYkWInfd\" data-lark-html-role=\"root\" data-docx-has-block-data=\"false\">\n<div data-page-id=\"Y06XfUzydd0aVicBtPKcZlS8nJf\" data-lark-html-role=\"root\" data-docx-has-block-data=\"true\">\n<div data-page-id=\"E2ZvfNrVNdEHKickexPcvdXVnrc\" data-lark-html-role=\"root\" data-docx-has-block-data=\"false\">\n<div data-page-id=\"DqGzfq5S4d9GdAcOQVIcIdPhn2c\" data-lark-html-role=\"root\" data-docx-has-block-data=\"false\">\n<div data-page-id=\"HsKcfE4WLdET7ScRm72cTZ96nPb\" data-lark-html-role=\"root\" data-docx-has-block-data=\"false\">\n<div data-page-id=\"MvWFfuF4Edx69KcRSmmcvS2LndG\" data-lark-html-role=\"root\" data-docx-has-block-data=\"true\">\n<div data-page-id=\"BSNMfUsMXd3XFscNxbDcufC2nEg\" data-lark-html-role=\"root\" data-docx-has-block-data=\"false\">\n<div data-page-id=\"Rr0Mfry1adQB66cMkYGcCmoWnKe\" data-lark-html-role=\"root\" data-docx-has-block-data=\"true\">\n<div data-page-id=\"A7fMfxJhydfxJUc6VX9cVvDKnpd\" data-lark-html-role=\"root\" data-docx-has-block-data=\"false\">\n<div data-page-id=\"A7fMfxJhydfxJUc6VX9cVvDKnpd\" data-lark-html-role=\"root\" data-docx-has-block-data=\"false\">\n<div data-page-id=\"WbzgfFBuTduiBjc6rORciNrNnlf\" data-lark-html-role=\"root\" data-docx-has-block-data=\"false\">\n<div data-page-id=\"R0Rzf8rQUdoB9hcxkiqc9kKHnk2\" data-lark-html-role=\"root\" data-docx-has-block-data=\"true\">\n<div data-page-id=\"ZwXFfRomCdt9G4cs33scepfHnoe\" data-lark-html-role=\"root\" data-docx-has-block-data=\"false\">\n<div data-page-id=\"UFFTffnWTdbuv3coRhBc3zxBnMf\" data-lark-html-role=\"root\" data-docx-has-block-data=\"true\">\n<div data-page-id=\"FV0FfDT4ZdfJZoc4SMccT5Rjndf\" data-lark-html-role=\"root\" data-docx-has-block-data=\"false\">\n<div data-page-id=\"QfqMfQ3H3dBjAycBmxFct9R0nOd\" data-lark-html-role=\"root\" data-docx-has-block-data=\"false\">\n<div data-page-id=\"DXwcf38JSdYoRnczvWycOLbJnKg\" data-lark-html-role=\"root\" data-docx-has-block-data=\"false\">\n<div data-page-id=\"ERF5fOYoJdJoKBcJe3dczeiRnhb\" data-lark-html-role=\"root\" data-docx-has-block-data=\"false\">\n<div data-page-id=\"Xz9kf6dXYdrSpeczDiscWevtn5g\" data-lark-html-role=\"root\" data-docx-has-block-data=\"false\">\n<div data-page-id=\"NXFofecridPG1Kco9gVcxXiEnGf\" data-lark-html-role=\"root\" data-docx-has-block-data=\"false\">\n<h2 class=\"ace-line ace-line old-record-id-NXFofecridPG1Kco9gVcxXiEnGf\">ATVS 60000 Puffs \u2013 Introducci\u00f3n del Producto<\/h2>\n<div class=\"ace-line ace-line old-record-id-GvRvfH3bbdoOPvcz5t3c6GlYnng\">ATVS 60000 Puffs aporta un giro fresco al vapeo desechable con sus \u00fanicas combinaciones de sabores 4 en 1. Incluye seis conjuntos de sabores distintos, cada uno combinando cuatro sabores complementarios, junto con una confiable bobina de malla \u00fanica, una larga vida \u00fatil de 60000 caladas y un dise\u00f1o compacto, todo dise\u00f1ado para los vapeadores que anhelan variedad sin compromisos.<\/div>\n<div class=\"ace-line ace-line old-record-id-ROnPfgiprdcYywc8XmzcRmBtnwU\">Mantiene el enfoque en la simplicidad y el disfrute, eliminando adornos innecesarios para ofrecer un rendimiento constante. Alimentado por una bater\u00eda de 600mAh 18250, combina 36ml de e-l\u00edquido con una resistencia de 1.0\u03a9, asegurando caladas suaves y satisfactorias desde la primera hasta la \u00faltima.<br \/>\n<img decoding=\"async\" class=\"alignnone wp-image-7384 size-full\" title=\"ATVS 60k vape de 4 en 1 sabores\" src=\"https:\/\/oiovape.com\/wp-content\/uploads\/2026\/03\/ATVS-60k-4-in-1-Flavors-vape.png\" alt=\"ATVS 60k vape de 4 en 1 sabores\" width=\"1920\" height=\"819\" srcset=\"https:\/\/oiovape.com\/wp-content\/uploads\/2026\/03\/ATVS-60k-4-in-1-Flavors-vape.png 1920w, https:\/\/oiovape.com\/wp-content\/uploads\/2026\/03\/ATVS-60k-4-in-1-Flavors-vape-300x128.png 300w, https:\/\/oiovape.com\/wp-content\/uploads\/2026\/03\/ATVS-60k-4-in-1-Flavors-vape-1024x437.png 1024w, https:\/\/oiovape.com\/wp-content\/uploads\/2026\/03\/ATVS-60k-4-in-1-Flavors-vape-768x328.png 768w, https:\/\/oiovape.com\/wp-content\/uploads\/2026\/03\/ATVS-60k-4-in-1-Flavors-vape-1536x655.png 1536w, https:\/\/oiovape.com\/wp-content\/uploads\/2026\/03\/ATVS-60k-4-in-1-Flavors-vape-18x8.png 18w, https:\/\/oiovape.com\/wp-content\/uploads\/2026\/03\/ATVS-60k-4-in-1-Flavors-vape-1200x512.png 1200w, https:\/\/oiovape.com\/wp-content\/uploads\/2026\/03\/ATVS-60k-4-in-1-Flavors-vape-150x64.png 150w\" sizes=\"(max-width: 1920px) 100vw, 1920px\" \/><\/div>\n<h2 class=\"heading-2 ace-line old-record-id-F7m8fmcgydUwrOcl2QRcTGE1nAe\">Combinaciones de Sabores 4 en 1: 6 Mezclas \u00danicas para Variedad Infinita<\/h2>\n<div class=\"ace-line ace-line old-record-id-BhvBfecuEd5NkRcefmWcUlhAnJh\">La caracter\u00edstica destacada de ATVS 60000 Puffs es su dise\u00f1o de sabor 4 en 1. Ofrece seis combinaciones cuidadosamente elaboradas, cada una fusionando cuatro sabores complementarios para crear experiencias agradables y en capas. Esto significa que un dispositivo te brinda la variedad de m\u00faltiples vaporizadores, sin necesidad de llevar o cambiar entre diferentes unidades.<\/div>\n<h3 class=\"heading-3 ace-line old-record-id-PVVYf2pXodKwNgcjFs0cofuQnXf\">Cada Combinaci\u00f3n: Cuatro Sabores Complementarios<\/h3>\n<div class=\"ace-line ace-line old-record-id-C4XffFMrKdJQUZc2VLXcwuLHnhh\">\n<p>Cada conjunto de sabores equilibra diferentes notas para adaptarse a diversos estados de \u00e1nimo. La combinaci\u00f3n de sabores A mezcla Lim\u00f3n Menta picante, Hielo de Fresa fresco, Hielo de Ar\u00e1ndano \u00e1cido y Sand\u00eda de Fresa dulce: cuatro sabores complementarios en un solo dispositivo.<\/p>\n<\/div>\n<div class=\"ace-line ace-line old-record-id-JQ1PfTbbwd6i2kc5TbIc4CpRnqf\">Combinaci\u00f3n de sabores A: Lim\u00f3n Menta &amp; Hielo de Fresa &amp; Hielo de Ar\u00e1ndano &amp; Sand\u00eda de Fresa<br \/>\nCombinaci\u00f3n de sabores B: Hielo de Manzana &amp; Hielo de Guayaba &amp; Hielo de Mango &amp; Hielo de Mel\u00f3n<br \/>\nCombinaci\u00f3n de sabores C: Hielo de Cola &amp; Hielo de Uva &amp; Hielo de Durazno &amp; Hielo de Sand\u00eda<br \/>\nCombinaci\u00f3n de sabores D: Fizzy Cola de Cereza &amp; Frutos Rojos Mixtos &amp; Fresa Kiwi &amp; Chicle de Sand\u00eda<br \/>\nCombinaci\u00f3n de sabores E: Hielo de Pl\u00e1tano &amp; Red Bull &amp; Fruta Mixta &amp; Lim\u00f3n Lima<br \/>\nCombinaci\u00f3n de sabores F: Hielo de Frambuesa Azul &amp; Az\u00facar Arco\u00edris &amp; Pi\u00f1a Mango &amp; Ar\u00e1ndano Frambuesa Cereza<br \/>\n<img decoding=\"async\" class=\"alignnone wp-image-7383 size-full\" title=\"ATVS 60k Lista de Sabores\" src=\"https:\/\/oiovape.com\/wp-content\/uploads\/2026\/03\/ATVS-60k-Flavors-List.png\" alt=\"ATVS 60k Lista de Sabores\" width=\"1920\" height=\"1285\" srcset=\"https:\/\/oiovape.com\/wp-content\/uploads\/2026\/03\/ATVS-60k-Flavors-List.png 1920w, https:\/\/oiovape.com\/wp-content\/uploads\/2026\/03\/ATVS-60k-Flavors-List-300x201.png 300w, https:\/\/oiovape.com\/wp-content\/uploads\/2026\/03\/ATVS-60k-Flavors-List-1024x685.png 1024w, https:\/\/oiovape.com\/wp-content\/uploads\/2026\/03\/ATVS-60k-Flavors-List-768x514.png 768w, https:\/\/oiovape.com\/wp-content\/uploads\/2026\/03\/ATVS-60k-Flavors-List-1536x1028.png 1536w, https:\/\/oiovape.com\/wp-content\/uploads\/2026\/03\/ATVS-60k-Flavors-List-18x12.png 18w, https:\/\/oiovape.com\/wp-content\/uploads\/2026\/03\/ATVS-60k-Flavors-List-1200x803.png 1200w, https:\/\/oiovape.com\/wp-content\/uploads\/2026\/03\/ATVS-60k-Flavors-List-150x100.png 150w\" sizes=\"(max-width: 1920px) 100vw, 1920px\" \/><\/div>\n<h4 class=\"heading-4 ace-line old-record-id-CMvHfY30ld7SsxcTSURc1J3Fn6b\">Sabores Equilibrados para Cada Preferencia<\/h4>\n<div class=\"ace-line ace-line old-record-id-QntifY3oIddZYcc1bUeco3cSnzf\">Cada mezcla 4 en 1 est\u00e1 dise\u00f1ada para asegurar que ning\u00fan sabor sobrepase a los dem\u00e1s. Las combinaciones var\u00edan desde heladas y frescas hasta dulces y juguetonas, por lo que puedes alternar entre conjuntos o ce\u00f1irte a tu favorito, manteniendo el vapeo interesante d\u00eda tras d\u00eda.<\/div>\n<h2 class=\"heading-2 ace-line old-record-id-ROAXfHMMSdNQIdc2PtUckNDFnLd\">Bobina de Malla \u00danica &amp; Rendimiento Estable<\/h2>\n<div class=\"ace-line ace-line old-record-id-LK74fieS1d2HwicEN4bcqtihnAo\">ATVS 60000 Puffs utiliza una bobina de malla \u00fanica como su sistema de calefacci\u00f3n principal. Esta bobina calienta el e-l\u00edquido de manera uniforme y eficiente, desbloqueando el sabor aut\u00e9ntico y completo de cada mezcla 4 en 1. Evita caladas \u00e1speras y notas quemadas, ofreciendo una inhalaci\u00f3n suave y constante cada vez.<\/div>\n<h3 class=\"heading-3 ace-line old-record-id-EZh7f2zrsdFNeVchCsLcf9EYnEe\">Resistencia de 1.0\u03a9 para Caladas Suaves<\/h3>\n<div class=\"ace-line ace-line old-record-id-KT6gfmHSFdePILcC1AgcrWIfnqb\">La resistencia fija de 1.0\u03a9 est\u00e1 dise\u00f1ada para una experiencia de vapeo equilibrada. Produce una inhalaci\u00f3n suave y suave que es c\u00f3moda para su uso durante todo el d\u00eda, mientras que a\u00fan proporciona suficiente vapor para resaltar los sabores en capas de cada combinaci\u00f3n. Es perfecta para vapeadores ocasionales y aquellos que prefieren una calada m\u00e1s relajada.<\/div>\n<h4 class=\"heading-4 ace-line old-record-id-UKU6f8zf7dgwYhcGfBQcqQ8insh\">Bobina Confiable para Uso a Largo Plazo<\/h4>\n<div class=\"ace-line ace-line old-record-id-L83WfnYAndLAl1cvG7kctQ25nnf\">La bobina de malla \u00fanica est\u00e1 construida para durar a lo largo de toda la vida \u00fatil de 60000 caladas. Minimiza las caladas secas y mantiene un rendimiento constante, por lo que puedes disfrutar del mismo sabor suave y calidad de vapor desde tu primera calada hasta la n\u00famero 60000.<\/div>\n<h2 class=\"heading-2 ace-line old-record-id-GM0mffslddeLf9cPhKicCVjznlb\">60000 Caladas de Larga Duraci\u00f3n &amp; 36ml de E-L\u00edquido<\/h2>\n<div class=\"ace-line ace-line old-record-id-IwFRfUufCdm265cuf3jcqkQbnjc\">Con 60000 caladas y 36ml de e-l\u00edquido, este dispositivo est\u00e1 dise\u00f1ado para durar semanas, incluso con un uso diario y frecuente. La bater\u00eda de 600mAh 18250 proporciona energ\u00eda constante para igualar esta longevidad, por lo que no necesitar\u00e1s reemplazar el dispositivo constantemente.<\/div>\n<h3 class=\"heading-3 ace-line old-record-id-EudrfIzK9dEJK9cdz4Bc0ZPXnbc\">Potencia Equilibrada &amp; E-L\u00edquido para un Vapeo Ininterrumpido<\/h3>\n<div class=\"ace-line ace-line old-record-id-BpcQfu4RmdiRVucqtJgcEAG5nKh\">La bater\u00eda y el e-l\u00edquido trabajan en armon\u00eda, asegurando que nunca te quedes sin l\u00edquido antes de que la bater\u00eda se agote. Este equilibrio significa que puedes concentrarte en disfrutar de tus combinaciones 4 en 1 favoritas sin preocuparte por interrupciones inesperadas o cambios frecuentes de dispositivo.<\/div>\n<h2 class=\"heading-2 ace-line old-record-id-Dj1gf7G3GdFoFqcCt7Ec98FSnec\">Dise\u00f1o Compacto &amp; Pr\u00e1ctico Empaque de 6 Piezas<\/h2>\n<div class=\"ace-line ace-line old-record-id-HhlnfwMw9dBrphc0hdmcIA2Gn6a\">El dispositivo presenta un dise\u00f1o compacto y f\u00e1cil de llevar. Mide 50*50*125mm, lo suficientemente peque\u00f1o como para caber en tu bolsillo, bolso o palma sin a\u00f1adir volumen, lo que lo hace perfecto para uso en movimiento o para llevar a diario.<\/div>\n<h3 class=\"heading-3 ace-line old-record-id-QEPQfeLmxdpDHscnAXWcm3TbnoD\">Empaque Adaptado para la Comodidad<\/h3>\n<div class=\"ace-line ace-line old-record-id-HDMJfDFHCd905BcfUwkclF6Un7f\">Cada dispositivo individual viene en un empaque interior compacto, mientras que una caja contiene 6 piezas. El paquete exterior mide 115*130*102mm, lo que facilita su almacenamiento en casa o su transporte en cantidad, ideal para uso personal o reventa, con un tama\u00f1o pr\u00e1ctico que ahorra espacio.<\/div>\n<h2 class=\"heading-2 ace-line old-record-id-Bby4fG4vpdE8Q3cVcPccvaQznzh\">\u00bfPor Qu\u00e9 Elegir ATVS 60000 Puffs?<\/h2>\n<div class=\"ace-line ace-line old-record-id-HnSYfqtTFdMERzcrWCHcS27unpc\">Se destaca por sus \u00fanicas combinaciones de sabores 4 en 1: seis conjuntos, cada uno con cuatro sabores complementarios, ofreciendo m\u00e1s variedad que los vaporizadores desechables est\u00e1ndar. Combina esta variedad con un rendimiento confiable, una larga vida \u00fatil y un dise\u00f1o compacto, lo que lo convierte en una opci\u00f3n vers\u00e1til para todos los vapeadores.<\/div>\n<div class=\"ace-line ace-line old-record-id-DFFWfBbdjde8Dpc9PpGccRxhn4f\">Su bobina de malla \u00fanica ofrece caladas suaves y consistentes, mientras que la vida \u00fatil de 60000 caladas y 36ml de e-l\u00edquido significan menos reemplazos frecuentes. Ya seas un vapeador ocasional que ama la variedad o alguien que valora la conveniencia y la consistencia, ATVS 60000 Puffs ofrece una experiencia satisfactoria y sin complicaciones.<\/div>\n<\/div>\n<\/div>\n<\/div>\n<\/div>\n<\/div>\n<\/div>\n<\/div>\n<\/div>\n<\/div>\n<\/div>\n<\/div>\n<\/div>\n<\/div>\n<\/div>\n<\/div>\n<\/div>\n<\/div>\n<\/div>\n<\/div>\n<\/div>\n<\/div>\n<\/div>\n<\/div>\n<\/div>\n<\/div>\n<\/div>\n<\/div>\n<\/div>\n<\/div>\n<\/div>\n<\/div>\n<\/div>\n<\/div>\n<\/div>\n<\/div>\n<\/div>\n<\/div>\n<\/div>\n<\/div>\n<\/div>\n<\/div>\n<\/div>\n<\/div>\n<\/div>\n<\/div>\n<\/div>\n<\/div>\n<\/div>\n<\/div>\n<\/div>\n<\/div>\n<\/div>\n<\/div>\n<\/div>\n<\/div>\n<\/div>\n<\/div>\n<\/div>\n<\/div>\n<\/div>\n<\/div>\n<\/div>\n<\/div>\n<\/div>\n<\/div>\n<\/div>\n<\/div>\n<\/div>\n<\/div>\n<\/div>\n<\/div>\n<\/div>\n<\/div>\n<\/div>\n<\/div>\n<\/div>\n<\/div>\n<\/div>\n<\/div>\n<\/div>\n<\/div>\n<\/div>\n<\/div>\n<\/div>\n<\/div>\n<\/div>\n<\/div>\n<\/div>\n<\/div>\n<\/div>\n<\/div>\n<\/div>\n<\/div>\n<\/div>\n<\/div>\n<\/div>\n<\/div>\n<\/div>\n<\/div>","protected":false},"excerpt":{"rendered":"<div data-page-id=\"RAopf2sw9dtvw4cWYXpcTwo0n8g\" data-lark-html-role=\"root\" data-docx-has-block-data=\"false\">\n<div class=\"ace-line ace-line old-record-id-Uju9f3RXYd8dh2crAJbcBF3Un6M\">\n<div data-page-id=\"Dd8gfe2wRdT66jcgnqtcUwg5ndh\" data-lark-html-role=\"root\" data-docx-has-block-data=\"false\">\n<div class=\"ace-line ace-line old-record-id-FiRZf3qXpdK0RqcHt8wcxPTon8b\">ATVS 60000 Puffs presenta combinaciones de sabores 4 en 1 con 6 conjuntos, una sola bobina de malla, 60000 caladas y 36ml de e-l\u00edquido. Tiene una bater\u00eda de 600mAh 18250, resistencia de 1.0\u03a9, 50<em>50<\/em>Tama\u00f1o de 125 mm y cajas de 6 piezas con paquete exterior de 115*130*102 mm.<\/div>\n<\/div>\n<\/div>\n<\/div>","protected":false},"featured_media":7391,"comment_status":"open","ping_status":"closed","template":"","meta":{"_acf_changed":false,"inline_featured_image":false,"_sitemap_exclude":false,"_sitemap_priority":"","_sitemap_frequency":""},"product_brand":[375],"product_cat":[374,239,242],"product_tag":[],"class_list":{"0":"post-7378","1":"product","2":"type-product","3":"status-publish","4":"has-post-thumbnail","6":"product_brand-atvs","7":"product_cat-atvs","8":"product_cat-disposable-vape-collection","9":"product_cat-60k-puff","11":"first","12":"instock","13":"sale","14":"shipping-taxable","15":"purchasable","16":"product-type-variable","17":"has-default-attributes"},"acf":[],"tiered_pricing_type":"fixed","tiered_pricing_fixed_rules":{"30":11.65,"60":11.14,"100":10.98,"200":10.29},"tiered_pricing_product_settings":{"layout":"default","base_unit_name":{"singular":null,"plural":null},"default_variation":null},"tiered_pricing_minimum_quantity":20,"tiered_pricing_roles_data":[],"tiered_pricing_percentage_rules":[],"tiered_pricing_maximum_quantity":null,"tiered_pricing_quantity_step":"10","_links":{"self":[{"href":"https:\/\/oiovape.com\/es\/wp-json\/wp\/v2\/product\/7378","targetHints":{"allow":["GET"]}}],"collection":[{"href":"https:\/\/oiovape.com\/es\/wp-json\/wp\/v2\/product"}],"about":[{"href":"https:\/\/oiovape.com\/es\/wp-json\/wp\/v2\/types\/product"}],"replies":[{"embeddable":true,"href":"https:\/\/oiovape.com\/es\/wp-json\/wp\/v2\/comments?post=7378"}],"version-history":[{"count":0,"href":"https:\/\/oiovape.com\/es\/wp-json\/wp\/v2\/product\/7378\/revisions"}],"wp:featuredmedia":[{"embeddable":true,"href":"https:\/\/oiovape.com\/es\/wp-json\/wp\/v2\/media\/7391"}],"wp:attachment":[{"href":"https:\/\/oiovape.com\/es\/wp-json\/wp\/v2\/media?parent=7378"}],"wp:term":[{"taxonomy":"product_brand","embeddable":true,"href":"https:\/\/oiovape.com\/es\/wp-json\/wp\/v2\/product_brand?post=7378"},{"taxonomy":"product_cat","embeddable":true,"href":"https:\/\/oiovape.com\/es\/wp-json\/wp\/v2\/product_cat?post=7378"},{"taxonomy":"product_tag","embeddable":true,"href":"https:\/\/oiovape.com\/es\/wp-json\/wp\/v2\/product_tag?post=7378"}],"curies":[{"name":"wp","href":"https:\/\/api.w.org\/{rel}","templated":true}]}}