{"id":7573,"date":"2026-03-06T10:08:51","date_gmt":"2026-03-06T02:08:51","guid":{"rendered":"https:\/\/oiovape.com\/?post_type=product&#038;p=7573"},"modified":"2026-03-06T10:27:46","modified_gmt":"2026-03-06T02:27:46","slug":"vapsolo-viking-12000-puffs","status":"publish","type":"product","link":"https:\/\/oiovape.com\/es\/product\/vapsolo-viking-12000-puffs\/","title":{"rendered":"Vapsolo Viking 12000 PUFFS Vape desechable con pantalla digital ajustable de flujo de aire"},"content":{"rendered":"<div data-page-id=\"ZVeMfq8uxd7y1ycuKm5cym4LnYd\" data-lark-html-role=\"root\" data-docx-has-block-data=\"false\">\n<div data-page-id=\"Fd41fZ5N9dzRQtcRNoVc2FuDnCh\" data-lark-html-role=\"root\" data-docx-has-block-data=\"true\">\n<div data-page-id=\"BdIJfeeijdk1eucGpS8cDCBBn5c\" data-lark-html-role=\"root\" data-docx-has-block-data=\"false\">\n<div data-page-id=\"Zbg9fWx77dUuh2cIYpic25c8nyd\" data-lark-html-role=\"root\" data-docx-has-block-data=\"false\">\n<div data-page-id=\"KaIvfiurhdlCKdc0kyxcX64cnE6\" data-lark-html-role=\"root\" data-docx-has-block-data=\"true\">\n<div data-page-id=\"PbvFfqxqlddUTScRpEYcY5MHnpf\" data-lark-html-role=\"root\" data-docx-has-block-data=\"true\">\n<div data-page-id=\"GZO2f5JeudwY4jc9iJtcdk9Hnxh\" data-lark-html-role=\"root\" data-docx-has-block-data=\"false\">\n<div data-page-id=\"EZVRf2acFduXLGcseZFc4qH2n6e\" data-lark-html-role=\"root\" data-docx-has-block-data=\"false\">\n<div data-page-id=\"B8rHfcqlqdzmH5cCWCncz17Cntb\" data-lark-html-role=\"root\" data-docx-has-block-data=\"false\">\n<div data-page-id=\"B8rHfcqlqdzmH5cCWCncz17Cntb\" data-lark-html-role=\"root\" data-docx-has-block-data=\"false\">\n<div data-page-id=\"B8rHfcqlqdzmH5cCWCncz17Cntb\" data-lark-html-role=\"root\" data-docx-has-block-data=\"true\">\n<div data-page-id=\"HM70f1aoxdD0bMcxJZBcVc7ynZd\" data-lark-html-role=\"root\" data-docx-has-block-data=\"false\">\n<div data-page-id=\"NSrJfN7Ord22i0c1iwZcsF8yn8b\" data-lark-html-role=\"root\" data-docx-has-block-data=\"false\">\n<div data-page-id=\"RXEff4Mskds8o1cqL5HcGEtUnCh\" data-lark-html-role=\"root\" data-docx-has-block-data=\"false\">\n<div data-page-id=\"KJ7gfqkVndMSRJcMseScmvYwnTc\" data-lark-html-role=\"root\" data-docx-has-block-data=\"false\">\n<div class=\"ace-line ace-line old-record-id-QADAfETPudgmudc05YvcTO5fnxe\">\n<div data-page-id=\"KJ7gfqkVndMSRJcMseScmvYwnTc\" data-lark-html-role=\"root\" data-docx-has-block-data=\"false\">\n<div class=\"ace-line ace-line old-record-id-JoRkfpho8dOkiacEOascDyCOncb\">\n<div data-page-id=\"KJ7gfqkVndMSRJcMseScmvYwnTc\" data-lark-html-role=\"root\" data-docx-has-block-data=\"false\">\n<div data-page-id=\"Ju6ofQ3V4dGmePcVvJvc1gmcnZb\" data-lark-html-role=\"root\" data-docx-has-block-data=\"true\">\n<div data-page-id=\"PR9ife5PLdFabccbFgZcWgZOnTc\" data-lark-html-role=\"root\" data-docx-has-block-data=\"false\">\n<div data-page-id=\"INdrfOIGzdaenXcptrcc1BcznQc\" data-lark-html-role=\"root\" data-docx-has-block-data=\"false\">\n<div class=\"ace-line ace-line old-record-id-P0fIf4YaZdoGkbcxt5ackec2nnb\">\n<div data-page-id=\"INdrfOIGzdaenXcptrcc1BcznQc\" data-lark-html-role=\"root\" data-docx-has-block-data=\"false\">\n<div data-page-id=\"MAzCfUB73dMTQscm8eWcougVn1g\" data-lark-html-role=\"root\" data-docx-has-block-data=\"true\">\n<div data-page-id=\"AXfpf7H1odhDvGcKoUOcErN8nV7\" data-lark-html-role=\"root\" data-docx-has-block-data=\"false\">\n<div data-page-id=\"QYTKf5PvLdUNdbce2nBcW9yfnrh\" data-lark-html-role=\"root\" data-docx-has-block-data=\"false\">\n<div data-page-id=\"Pvu1f1CCBdxbjncA9pgcBTpanph\" data-lark-html-role=\"root\" data-docx-has-block-data=\"true\">\n<div data-page-id=\"Axf3fcmY8dDAhtcjVircBcphnPc\" data-lark-html-role=\"root\" data-docx-has-block-data=\"false\">\n<div data-page-id=\"KKj1f9SPmdLhhMc5E2AcNlLen6f\" data-lark-html-role=\"root\" data-docx-has-block-data=\"true\">\n<div data-page-id=\"Rx61fK1sJdXHjPcBuhZcweNhnwc\" data-lark-html-role=\"root\" data-docx-has-block-data=\"false\">\n<div data-page-id=\"L1H9fkG9Mdz45Fcy4WMc5VKXnRe\" data-lark-html-role=\"root\" data-docx-has-block-data=\"false\">\n<div data-page-id=\"L1H9fkG9Mdz45Fcy4WMc5VKXnRe\" data-lark-html-role=\"root\" data-docx-has-block-data=\"false\">\n<div data-page-id=\"D4XLfVBVrdE8mrcaYizczklLnaf\" data-lark-html-role=\"root\" data-docx-has-block-data=\"false\">\n<div data-page-id=\"WVcifIY44d5mhMcXtyEcTsfenGd\" data-lark-html-role=\"root\" data-docx-has-block-data=\"true\">\n<div data-page-id=\"LRknfa6Whd4DWCcUc0FcNKpJnyh\" data-lark-html-role=\"root\" data-docx-has-block-data=\"false\">\n<div data-page-id=\"LRknfa6Whd4DWCcUc0FcNKpJnyh\" data-lark-html-role=\"root\" data-docx-has-block-data=\"false\">\n<div data-page-id=\"XFRAfkcOEdRWh8cArQ2cJdyRnJf\" data-lark-html-role=\"root\" data-docx-has-block-data=\"true\">\n<div data-page-id=\"OQ3bfjnRddMTDGcC3ouc6xFKnWf\" data-lark-html-role=\"root\" data-docx-has-block-data=\"true\">\n<div data-page-id=\"J0iGfj1hEdjc4rcUdSmc4spMnmZ\" data-lark-html-role=\"root\" data-docx-has-block-data=\"false\">\n<div data-page-id=\"P1o7fFyNlduP8tcfZpQcagzbnIf\" data-lark-html-role=\"root\" data-docx-has-block-data=\"false\">\n<div class=\"ace-line ace-line old-record-id-P1o7fFyNlduP8tcfZpQcagzbnIf\">\n<div data-page-id=\"P1o7fFyNlduP8tcfZpQcagzbnIf\" data-lark-html-role=\"root\" data-docx-has-block-data=\"false\">\n<div data-page-id=\"U4iufW38SdttWKcTstMcTtHRnXc\" data-lark-html-role=\"root\" data-docx-has-block-data=\"true\">\n<div data-page-id=\"ONVMf7VTWddcFtcyATOchCJHnZb\" data-lark-html-role=\"root\" data-docx-has-block-data=\"true\">\n<div data-page-id=\"KoW2fSy0PdLHFlc5kSHcgvWMnYg\" data-lark-html-role=\"root\" data-docx-has-block-data=\"false\">\n<div data-page-id=\"KoW2fSy0PdLHFlc5kSHcgvWMnYg\" data-lark-html-role=\"root\" data-docx-has-block-data=\"false\">\n<div data-page-id=\"OLGhfzxC7d7EFIcLEj9cRT5ynZf\" data-lark-html-role=\"root\" data-docx-has-block-data=\"false\">\n<div data-page-id=\"DdnnfrLjzdqrFIc9Il9c7pA2noc\" data-lark-html-role=\"root\" data-docx-has-block-data=\"true\">\n<div data-page-id=\"KNzcf2o0oddkJOcztTVcqPdlnth\" data-lark-html-role=\"root\" data-docx-has-block-data=\"false\">\n<div data-page-id=\"LBU7fg5SEdkWhecGJoxca3xvnCe\" data-lark-html-role=\"root\" data-docx-has-block-data=\"false\">\n<div data-page-id=\"EB70fooS3d69bMcgWB7c5qb9n8g\" data-lark-html-role=\"root\" data-docx-has-block-data=\"false\">\n<div data-page-id=\"AogwfsZCadB6t0cAvF0cK4JLnvf\" data-lark-html-role=\"root\" data-docx-has-block-data=\"false\">\n<div data-page-id=\"AogwfsZCadB6t0cAvF0cK4JLnvf\" data-lark-html-role=\"root\" data-docx-has-block-data=\"false\">\n<div data-page-id=\"JMZIflNGddQuU0c5JZocSqlvnle\" data-lark-html-role=\"root\" data-docx-has-block-data=\"false\">\n<div data-page-id=\"JMZIflNGddQuU0c5JZocSqlvnle\" data-lark-html-role=\"root\" data-docx-has-block-data=\"true\">\n<div data-page-id=\"HtEafjjRIdPAlMc9zgYcsGy6nOe\" data-lark-html-role=\"root\" data-docx-has-block-data=\"false\">\n<div data-page-id=\"Rhnafz0WTdDeT9c43xxczsbVnJo\" data-lark-html-role=\"root\" data-docx-has-block-data=\"false\">\n<div data-page-id=\"WY0CfKdcTdf4hVcZl67ct5LGncf\" data-lark-html-role=\"root\" data-docx-has-block-data=\"true\">\n<div data-page-id=\"MkB5fF4AVdchovcoPEpc7LqvnOd\" data-lark-html-role=\"root\" data-docx-has-block-data=\"true\">\n<div data-page-id=\"MfbjfZhbhdJdA8cH1dAckqF0n6g\" data-lark-html-role=\"root\" data-docx-has-block-data=\"false\">\n<div class=\"ace-line ace-line old-record-id-W2AHfJLnjd7ugjcRLs1c8BdhnNh\">\n<div data-page-id=\"MfbjfZhbhdJdA8cH1dAckqF0n6g\" data-lark-html-role=\"root\" data-docx-has-block-data=\"false\">\n<div class=\"old-record-id-XXd1feeCZdR2hJc6evocxnh1nOg\">\n<div data-page-id=\"MfbjfZhbhdJdA8cH1dAckqF0n6g\" data-lark-html-role=\"root\" data-docx-has-block-data=\"false\">\n<div data-page-id=\"DE51fYUmxdT3ekcHzc3cGrVQnsc\" data-lark-html-role=\"root\" data-docx-has-block-data=\"false\">\n<div data-page-id=\"YSKdfaZ08dRej3ci5CccQBuOncc\" data-lark-html-role=\"root\" data-docx-has-block-data=\"true\">\n<div data-page-id=\"K6mofQmledamEFcgp1EcVobmnYd\" data-lark-html-role=\"root\" data-docx-has-block-data=\"false\">\n<div data-page-id=\"VTgsfVLdCd9q1ucYcwRcCM0Hnof\" data-lark-html-role=\"root\" data-docx-has-block-data=\"true\">\n<div data-page-id=\"WucKfzp8RdNy8rcMJHncz4Knnac\" data-lark-html-role=\"root\" data-docx-has-block-data=\"true\">\n<div data-page-id=\"IfZ9fDIBLd9b9hcJiqGcLw9Pnmh\" data-lark-html-role=\"root\" data-docx-has-block-data=\"false\">\n<div data-page-id=\"JeU6f3Yq5dbdEHcZDptc5ikcn5c\" data-lark-html-role=\"root\" data-docx-has-block-data=\"true\">\n<div data-page-id=\"E1YjfnB4Jdmtsfc2ZObcu04Un6c\" data-lark-html-role=\"root\" data-docx-has-block-data=\"false\">\n<div data-page-id=\"RQVEfdiOzdqTQKcRcnxcG0Y7nce\" data-lark-html-role=\"root\" data-docx-has-block-data=\"true\">\n<div data-page-id=\"NKc7fbZi9dnOXocdHcScVsXdnmh\" data-lark-html-role=\"root\" data-docx-has-block-data=\"false\">\n<div data-page-id=\"DaE3fgNEwdnbQVc62iqcBK4lnte\" data-lark-html-role=\"root\" data-docx-has-block-data=\"false\">\n<div data-page-id=\"DaE3fgNEwdnbQVc62iqcBK4lnte\" data-lark-html-role=\"root\" data-docx-has-block-data=\"false\">\n<div data-page-id=\"NqSRfcp5SdFQ6ucdStXcbvManpc\" data-lark-html-role=\"root\" data-docx-has-block-data=\"false\">\n<div data-page-id=\"KydBfoEuudJNYhcgRdAc3aeUn7c\" data-lark-html-role=\"root\" data-docx-has-block-data=\"true\">\n<div data-page-id=\"SIqXfR5ipd7jWpczA5RcYkWInfd\" data-lark-html-role=\"root\" data-docx-has-block-data=\"false\">\n<div data-page-id=\"Y06XfUzydd0aVicBtPKcZlS8nJf\" data-lark-html-role=\"root\" data-docx-has-block-data=\"true\">\n<div data-page-id=\"E2ZvfNrVNdEHKickexPcvdXVnrc\" data-lark-html-role=\"root\" data-docx-has-block-data=\"false\">\n<div data-page-id=\"DqGzfq5S4d9GdAcOQVIcIdPhn2c\" data-lark-html-role=\"root\" data-docx-has-block-data=\"false\">\n<div data-page-id=\"HsKcfE4WLdET7ScRm72cTZ96nPb\" data-lark-html-role=\"root\" data-docx-has-block-data=\"false\">\n<div data-page-id=\"MvWFfuF4Edx69KcRSmmcvS2LndG\" data-lark-html-role=\"root\" data-docx-has-block-data=\"true\">\n<div data-page-id=\"BSNMfUsMXd3XFscNxbDcufC2nEg\" data-lark-html-role=\"root\" data-docx-has-block-data=\"false\">\n<div data-page-id=\"Rr0Mfry1adQB66cMkYGcCmoWnKe\" data-lark-html-role=\"root\" data-docx-has-block-data=\"true\">\n<div data-page-id=\"A7fMfxJhydfxJUc6VX9cVvDKnpd\" data-lark-html-role=\"root\" data-docx-has-block-data=\"false\">\n<div data-page-id=\"A7fMfxJhydfxJUc6VX9cVvDKnpd\" data-lark-html-role=\"root\" data-docx-has-block-data=\"false\">\n<div data-page-id=\"WbzgfFBuTduiBjc6rORciNrNnlf\" data-lark-html-role=\"root\" data-docx-has-block-data=\"false\">\n<div data-page-id=\"R0Rzf8rQUdoB9hcxkiqc9kKHnk2\" data-lark-html-role=\"root\" data-docx-has-block-data=\"true\">\n<div data-page-id=\"ZwXFfRomCdt9G4cs33scepfHnoe\" data-lark-html-role=\"root\" data-docx-has-block-data=\"false\">\n<div data-page-id=\"UFFTffnWTdbuv3coRhBc3zxBnMf\" data-lark-html-role=\"root\" data-docx-has-block-data=\"true\">\n<div data-page-id=\"FV0FfDT4ZdfJZoc4SMccT5Rjndf\" data-lark-html-role=\"root\" data-docx-has-block-data=\"false\">\n<div data-page-id=\"QfqMfQ3H3dBjAycBmxFct9R0nOd\" data-lark-html-role=\"root\" data-docx-has-block-data=\"false\">\n<div data-page-id=\"DXwcf38JSdYoRnczvWycOLbJnKg\" data-lark-html-role=\"root\" data-docx-has-block-data=\"false\">\n<div data-page-id=\"ERF5fOYoJdJoKBcJe3dczeiRnhb\" data-lark-html-role=\"root\" data-docx-has-block-data=\"false\">\n<div data-page-id=\"Xz9kf6dXYdrSpeczDiscWevtn5g\" data-lark-html-role=\"root\" data-docx-has-block-data=\"false\">\n<div data-page-id=\"NXFofecridPG1Kco9gVcxXiEnGf\" data-lark-html-role=\"root\" data-docx-has-block-data=\"false\">\n<div data-page-id=\"EFevfzjvkdlSPEcTWBIc7eVvnog\" data-lark-html-role=\"root\" data-docx-has-block-data=\"false\">\n<div data-page-id=\"M7PifBvbPdUAXlc1ga1ceAEFnrc\" data-lark-html-role=\"root\" data-docx-has-block-data=\"false\">\n<div data-page-id=\"Xk47fsExQdGT3dcRYNzcCeZ0nYb\" data-lark-html-role=\"root\" data-docx-has-block-data=\"false\">\n<div data-page-id=\"OUXufVxtNdzLz9cI8Ijchmyfnrg\" data-lark-html-role=\"root\" data-docx-has-block-data=\"false\">\n<div data-page-id=\"XAtVfnKQidPyc6cF1jhc2z2AnZ1\" data-lark-html-role=\"root\" data-docx-has-block-data=\"false\">\n<div data-page-id=\"B4r8fXUqIde4brcGXg2crgLmn7F\" data-lark-html-role=\"root\" data-docx-has-block-data=\"true\">\n<div data-page-id=\"CcjPfD4Ied4jf2cwt2hcyeGNnHe\" data-lark-html-role=\"root\" data-docx-has-block-data=\"false\">\n<h2 class=\"heading-2 ace-line old-record-id-GFktf2MAgdORNdcmXvNcUnQen8g\">Vapsolo Viking 12000 Puffs Caracter\u00edsticas pr\u00e1cticas: Control y conveniencia \ud83d\udee0\ufe0f<\/h2>\n<div class=\"ace-line ace-line old-record-id-OTT7fA0BmdY13jchslccod4VnWh\">Vapsolo Viking 12000 Puffs brilla con caracter\u00edsticas que facilitan y personalizan la experiencia de vapeo. Evita campanas y silbatos innecesarios, enfoc\u00e1ndose en lo que los vapeadores realmente utilizan: flujo de aire ajustable, una pantalla digital y una bater\u00eda recargable.<\/div>\n<h3 class=\"heading-3 ace-line old-record-id-Dv7Of8mxQd7U0DcZpYncp2qcnpd\">4 niveles de flujo de aire ajustable<\/h3>\n<div class=\"ace-line ace-line old-record-id-XqQBffNnpdbyb7choGScboDjnGd\">Con 4 niveles de flujo de aire ajustable, puedes modificar tu inhalaci\u00f3n para que se ajuste a tu preferencia. Apri\u00e9talo para un golpe m\u00e1s robusto, o afloja para una experiencia m\u00e1s suave y aireada\u2014perfecto para adaptarse a diferentes sabores, desde mentolados hasta afrutados.<\/div>\n<h4 class=\"heading-4 ace-line old-record-id-PrenfAUQIdivOPcuhjCc9n22nAf\">Pantalla digital y bater\u00eda recargable<\/h4>\n<div class=\"ace-line ace-line old-record-id-QXgnfFTRHdJg3LcW4RUcViOYnKq\">La pantalla digital te mantiene informado, mostrando la duraci\u00f3n de la bater\u00eda y el estado de uso para que nunca te quedes sin energ\u00eda inesperadamente. La bater\u00eda de 650mAh es recargable a trav\u00e9s de un puerto Type-C, a\u00f1adiendo conveniencia\u2014c\u00e1rgala r\u00e1pidamente y vuelve a vapear sin largas esperas.<br \/>\n<img decoding=\"async\" class=\"alignnone wp-image-7575 size-full\" title=\"Vapsolo Viking 12k P\u00f3ster\" src=\"https:\/\/oiovape.com\/wp-content\/uploads\/2026\/03\/Vapsolo-Viking-12k-Poster.jpg\" alt=\"Vapsolo Viking 12k P\u00f3ster\" width=\"800\" height=\"800\" srcset=\"https:\/\/oiovape.com\/wp-content\/uploads\/2026\/03\/Vapsolo-Viking-12k-Poster.jpg 800w, https:\/\/oiovape.com\/wp-content\/uploads\/2026\/03\/Vapsolo-Viking-12k-Poster-300x300.jpg 300w, https:\/\/oiovape.com\/wp-content\/uploads\/2026\/03\/Vapsolo-Viking-12k-Poster-150x150.jpg 150w, https:\/\/oiovape.com\/wp-content\/uploads\/2026\/03\/Vapsolo-Viking-12k-Poster-768x768.jpg 768w, https:\/\/oiovape.com\/wp-content\/uploads\/2026\/03\/Vapsolo-Viking-12k-Poster-12x12.jpg 12w, https:\/\/oiovape.com\/wp-content\/uploads\/2026\/03\/Vapsolo-Viking-12k-Poster-600x600.jpg 600w\" sizes=\"(max-width: 800px) 100vw, 800px\" \/><\/p>\n<div data-page-id=\"CcjPfD4Ied4jf2cwt2hcyeGNnHe\" data-lark-html-role=\"root\" data-docx-has-block-data=\"false\">\n<h2 class=\"heading-2 ace-line old-record-id-SY86fN2CIdaBCtcmfRIc6UU1nMc\">15 sabores por explorar: Fresco, helado y dulce \ud83e\uddc3<\/h2>\n<div class=\"ace-line ace-line old-record-id-UqYafo9Jpdh5Byc55XscAeDLnec\">El sabor est\u00e1 en el coraz\u00f3n de Vapsolo Viking 12000 Puffs, con 15 opciones diversas que cubren perfiles afrutados, helados y mentolados. Cada sabor est\u00e1 mezclado para sentirse aut\u00e9ntico, sin regustos \u00e1speros, para que puedas alternar entre favoritos o descubrir nuevos sin decepciones.<\/div>\n<h3 class=\"heading-3 ace-line old-record-id-DzC6f72didLZUxcfYXHcjXMdn7d\">Destacados de sabor para saborear<span style=\"color: #333333; font-size: 16px;\">\ud83c\udf49<\/span><span style=\"color: #333333; font-size: 16px;\">\ud83c\udf4e<\/span><span style=\"color: #333333; font-size: 16px;\">\ud83c\udf47<\/span><\/h3>\n<div class=\"ace-line ace-line old-record-id-CllLfPcFqdN8tOcAzNUcUbgRnEd\">1. Ar\u00e1ndano frambuesa<br \/>\n2. Ar\u00e1ndano<br \/>\n3. Fizzy Cereza<br \/>\n4. Sand\u00eda helada<br \/>\n5. Fresa y Kiwi<br \/>\n6. Fresa sand\u00eda<br \/>\n7. Sue\u00f1o de verano<br \/>\n8. Ar\u00e1ndano cereza ar\u00e1ndano<br \/>\n9. Lim\u00f3n lima<br \/>\n10. Oso de goma<br \/>\n11. Fresa Pl\u00e1tano<br \/>\n12. Menta fresca<br \/>\n13. Fresa frambuesa helada<br \/>\n14. Lim\u00f3n durazno<br \/>\n15. Manzana roja helada<br \/>\n<img decoding=\"async\" class=\"alignnone wp-image-7585 size-full\" title=\"Vapsolo Viking 12k Sabores\" src=\"https:\/\/oiovape.com\/wp-content\/uploads\/2026\/03\/Vapsolo-Viking-12k-Flavors.jpg\" alt=\"Vapsolo Viking 12k Sabores\" width=\"800\" height=\"800\" srcset=\"https:\/\/oiovape.com\/wp-content\/uploads\/2026\/03\/Vapsolo-Viking-12k-Flavors.jpg 800w, https:\/\/oiovape.com\/wp-content\/uploads\/2026\/03\/Vapsolo-Viking-12k-Flavors-300x300.jpg 300w, https:\/\/oiovape.com\/wp-content\/uploads\/2026\/03\/Vapsolo-Viking-12k-Flavors-150x150.jpg 150w, https:\/\/oiovape.com\/wp-content\/uploads\/2026\/03\/Vapsolo-Viking-12k-Flavors-768x768.jpg 768w, https:\/\/oiovape.com\/wp-content\/uploads\/2026\/03\/Vapsolo-Viking-12k-Flavors-12x12.jpg 12w, https:\/\/oiovape.com\/wp-content\/uploads\/2026\/03\/Vapsolo-Viking-12k-Flavors-600x600.jpg 600w\" sizes=\"(max-width: 800px) 100vw, 800px\" \/><\/p>\n<div data-page-id=\"CcjPfD4Ied4jf2cwt2hcyeGNnHe\" data-lark-html-role=\"root\" data-docx-has-block-data=\"false\">\n<h2 class=\"heading-2 ace-line old-record-id-BMlNfzdaAdxDMpcu5Xhcy10nnQb\">Dise\u00f1o port\u00e1til y empaque a granel \ud83d\udce6<\/h2>\n<div class=\"ace-line ace-line old-record-id-JLVVf1w9odsWg2cR3H2cWm1hnxb\">Con solo 86g por pieza, Vapsolo Viking 12000 Puffs es ligero y f\u00e1cil de llevar\u2014m\u00e9telo en tu bolsillo o bolso sin volumen adicional. Su empaque es igualmente pr\u00e1ctico, dise\u00f1ado tanto para uso personal como para reventa, con detalles claros para un f\u00e1cil almacenamiento y transporte.<\/div>\n<h3 class=\"heading-3 ace-line old-record-id-IPEqfYP4PdE9yTcJ38LcDUhNnPb\">Detalles del empaque simplificados<\/h3>\n<div class=\"ace-line ace-line old-record-id-MWaxfDQ8CdQ4zDcUTGTcPkZUnds\">Cada cart\u00f3n contiene 200 piezas, divididas en 10 cajas por cart\u00f3n. Pesa 18.6kg y mide 44*43*26.5CM, lo que facilita su almacenamiento en espacios peque\u00f1os o su transporte a granel. Ya sea que est\u00e9s abasteci\u00e9ndote para uso personal o vendiendo a clientes, est\u00e1 dise\u00f1ado para la conveniencia.<\/div>\n<h2 class=\"heading-2 ace-line old-record-id-BAGqfpM3Idl9eDcQvpCcI8wCnwg\">\u00bfPor qu\u00e9 elegir Vapsolo Viking 12000 Puffs? \ud83e\udd14<\/h2>\n<div class=\"ace-line ace-line old-record-id-FpY4fNikldYULBcEsI6cqQgOnNe\">Se destaca por su perfecto equilibrio de portabilidad, variedad de sabores y caracter\u00edsticas pr\u00e1cticas. A diferencia de los desechables m\u00e1s voluminosos, su dise\u00f1o de 86g facilita llevarlo a cualquier lugar, mientras que los 15 sabores y el flujo de aire ajustable mantienen el vapeo interesante.<\/div>\n<div class=\"ace-line ace-line old-record-id-LTn6fMrnodwHsccygGpceWyLnag\">Con su vida \u00fatil de 12000 inhalaciones, 22ml de e-l\u00edquido, bobina de malla de 1.0\u03a9 y bater\u00eda recargable, es una opci\u00f3n confiable para todos los vapeadores. Ya seas un usuario ocasional que valora la conveniencia o un vapeador habitual que ama la variedad de sabores, este dispositivo cumple en todos los aspectos.<\/div>\n<\/div>\n<\/div>\n<\/div>\n<\/div>\n<\/div>\n<\/div>\n<\/div>\n<\/div>\n<\/div>\n<\/div>\n<\/div>\n<\/div>\n<\/div>\n<\/div>\n<\/div>\n<\/div>\n<\/div>\n<\/div>\n<\/div>\n<\/div>\n<\/div>\n<\/div>\n<\/div>\n<\/div>\n<\/div>\n<\/div>\n<\/div>\n<\/div>\n<\/div>\n<\/div>\n<\/div>\n<\/div>\n<\/div>\n<\/div>\n<\/div>\n<\/div>\n<\/div>\n<\/div>\n<\/div>\n<\/div>\n<\/div>\n<\/div>\n<\/div>\n<\/div>\n<\/div>\n<\/div>\n<\/div>\n<\/div>\n<\/div>\n<\/div>\n<\/div>\n<\/div>\n<\/div>\n<\/div>\n<\/div>\n<\/div>\n<\/div>\n<\/div>\n<\/div>\n<\/div>\n<\/div>\n<\/div>\n<\/div>\n<\/div>\n<\/div>\n<\/div>\n<\/div>\n<\/div>\n<\/div>\n<\/div>\n<\/div>\n<\/div>\n<\/div>\n<\/div>\n<\/div>\n<\/div>\n<\/div>\n<\/div>\n<\/div>\n<\/div>\n<\/div>\n<\/div>\n<\/div>\n<\/div>\n<\/div>\n<\/div>\n<\/div>\n<\/div>\n<\/div>\n<\/div>\n<\/div>\n<\/div>\n<\/div>\n<\/div>\n<\/div>\n<\/div>\n<\/div>\n<\/div>\n<\/div>\n<\/div>\n<\/div>\n<\/div>\n<\/div>\n<\/div>\n<\/div>\n<\/div>\n<\/div>\n<\/div>\n<\/div>\n<\/div>","protected":false},"excerpt":{"rendered":"<div data-page-id=\"RAopf2sw9dtvw4cWYXpcTwo0n8g\" data-lark-html-role=\"root\" data-docx-has-block-data=\"false\">\n<div class=\"ace-line ace-line old-record-id-Uju9f3RXYd8dh2crAJbcBF3Un6M\">\n<div data-page-id=\"Dd8gfe2wRdT66jcgnqtcUwg5ndh\" data-lark-html-role=\"root\" data-docx-has-block-data=\"false\">\n<div class=\"ace-line ace-line old-record-id-FiRZf3qXpdK0RqcHt8wcxPTon8b\">Vapsolo Viking 12000 Puffs es un vape desechable port\u00e1til de 86g con 15 sabores, 12000 caladas, 22ml de e-l\u00edquido y una resistencia de malla de 1.0\u03a9. Tiene un flujo de aire de 4 niveles, una pantalla digital, bater\u00eda recargable Type-C de 650mAh, 200pcs\/18.6kg por cart\u00f3n y 10cs\/caja.<\/div>\n<\/div>\n<\/div>\n<\/div>","protected":false},"featured_media":7586,"comment_status":"open","ping_status":"closed","template":"","meta":{"_acf_changed":false,"inline_featured_image":false,"_sitemap_exclude":false,"_sitemap_priority":"","_sitemap_frequency":""},"product_brand":[382],"product_cat":[381],"product_tag":[],"class_list":{"0":"post-7573","1":"product","2":"type-product","3":"status-publish","4":"has-post-thumbnail","6":"product_brand-vapsolo","7":"product_cat-vapsolo-puff","9":"first","10":"instock","11":"sale","12":"shipping-taxable","13":"purchasable","14":"product-type-variable","15":"has-default-attributes"},"acf":[],"tiered_pricing_type":"fixed","tiered_pricing_fixed_rules":{"30":9.04,"60":8.39,"100":7.85,"200":6.69},"tiered_pricing_product_settings":{"layout":"default","base_unit_name":{"singular":null,"plural":null},"default_variation":null},"tiered_pricing_minimum_quantity":10,"tiered_pricing_roles_data":[],"tiered_pricing_percentage_rules":[],"tiered_pricing_maximum_quantity":null,"tiered_pricing_quantity_step":"10","_links":{"self":[{"href":"https:\/\/oiovape.com\/es\/wp-json\/wp\/v2\/product\/7573","targetHints":{"allow":["GET"]}}],"collection":[{"href":"https:\/\/oiovape.com\/es\/wp-json\/wp\/v2\/product"}],"about":[{"href":"https:\/\/oiovape.com\/es\/wp-json\/wp\/v2\/types\/product"}],"replies":[{"embeddable":true,"href":"https:\/\/oiovape.com\/es\/wp-json\/wp\/v2\/comments?post=7573"}],"version-history":[{"count":0,"href":"https:\/\/oiovape.com\/es\/wp-json\/wp\/v2\/product\/7573\/revisions"}],"wp:featuredmedia":[{"embeddable":true,"href":"https:\/\/oiovape.com\/es\/wp-json\/wp\/v2\/media\/7586"}],"wp:attachment":[{"href":"https:\/\/oiovape.com\/es\/wp-json\/wp\/v2\/media?parent=7573"}],"wp:term":[{"taxonomy":"product_brand","embeddable":true,"href":"https:\/\/oiovape.com\/es\/wp-json\/wp\/v2\/product_brand?post=7573"},{"taxonomy":"product_cat","embeddable":true,"href":"https:\/\/oiovape.com\/es\/wp-json\/wp\/v2\/product_cat?post=7573"},{"taxonomy":"product_tag","embeddable":true,"href":"https:\/\/oiovape.com\/es\/wp-json\/wp\/v2\/product_tag?post=7573"}],"curies":[{"name":"wp","href":"https:\/\/api.w.org\/{rel}","templated":true}]}}