{"id":7615,"date":"2026-03-07T09:22:36","date_gmt":"2026-03-07T01:22:36","guid":{"rendered":"https:\/\/oiovape.com\/?post_type=product&#038;p=7615"},"modified":"2026-03-07T10:13:36","modified_gmt":"2026-03-07T02:13:36","slug":"fihp-60000-puffs","status":"publish","type":"product","link":"https:\/\/oiovape.com\/es\/product\/fihp-60000-puffs\/","title":{"rendered":"FIHP 60000 PUFFS Triple Sabores Doble Malla Coil Smart Vape Pen Desechable"},"content":{"rendered":"<div data-page-id=\"ZVeMfq8uxd7y1ycuKm5cym4LnYd\" data-lark-html-role=\"root\" data-docx-has-block-data=\"false\">\n<div data-page-id=\"Fd41fZ5N9dzRQtcRNoVc2FuDnCh\" data-lark-html-role=\"root\" data-docx-has-block-data=\"true\">\n<div data-page-id=\"BdIJfeeijdk1eucGpS8cDCBBn5c\" data-lark-html-role=\"root\" data-docx-has-block-data=\"false\">\n<div data-page-id=\"Zbg9fWx77dUuh2cIYpic25c8nyd\" data-lark-html-role=\"root\" data-docx-has-block-data=\"false\">\n<div data-page-id=\"KaIvfiurhdlCKdc0kyxcX64cnE6\" data-lark-html-role=\"root\" data-docx-has-block-data=\"true\">\n<div data-page-id=\"PbvFfqxqlddUTScRpEYcY5MHnpf\" data-lark-html-role=\"root\" data-docx-has-block-data=\"true\">\n<div data-page-id=\"GZO2f5JeudwY4jc9iJtcdk9Hnxh\" data-lark-html-role=\"root\" data-docx-has-block-data=\"false\">\n<div data-page-id=\"EZVRf2acFduXLGcseZFc4qH2n6e\" data-lark-html-role=\"root\" data-docx-has-block-data=\"false\">\n<div data-page-id=\"B8rHfcqlqdzmH5cCWCncz17Cntb\" data-lark-html-role=\"root\" data-docx-has-block-data=\"false\">\n<div data-page-id=\"B8rHfcqlqdzmH5cCWCncz17Cntb\" data-lark-html-role=\"root\" data-docx-has-block-data=\"false\">\n<div data-page-id=\"B8rHfcqlqdzmH5cCWCncz17Cntb\" data-lark-html-role=\"root\" data-docx-has-block-data=\"true\">\n<div data-page-id=\"HM70f1aoxdD0bMcxJZBcVc7ynZd\" data-lark-html-role=\"root\" data-docx-has-block-data=\"false\">\n<div data-page-id=\"NSrJfN7Ord22i0c1iwZcsF8yn8b\" data-lark-html-role=\"root\" data-docx-has-block-data=\"false\">\n<div data-page-id=\"RXEff4Mskds8o1cqL5HcGEtUnCh\" data-lark-html-role=\"root\" data-docx-has-block-data=\"false\">\n<div data-page-id=\"KJ7gfqkVndMSRJcMseScmvYwnTc\" data-lark-html-role=\"root\" data-docx-has-block-data=\"false\">\n<div class=\"ace-line ace-line old-record-id-QADAfETPudgmudc05YvcTO5fnxe\">\n<div data-page-id=\"KJ7gfqkVndMSRJcMseScmvYwnTc\" data-lark-html-role=\"root\" data-docx-has-block-data=\"false\">\n<div class=\"ace-line ace-line old-record-id-JoRkfpho8dOkiacEOascDyCOncb\">\n<div data-page-id=\"KJ7gfqkVndMSRJcMseScmvYwnTc\" data-lark-html-role=\"root\" data-docx-has-block-data=\"false\">\n<div data-page-id=\"Ju6ofQ3V4dGmePcVvJvc1gmcnZb\" data-lark-html-role=\"root\" data-docx-has-block-data=\"true\">\n<div data-page-id=\"PR9ife5PLdFabccbFgZcWgZOnTc\" data-lark-html-role=\"root\" data-docx-has-block-data=\"false\">\n<div data-page-id=\"INdrfOIGzdaenXcptrcc1BcznQc\" data-lark-html-role=\"root\" data-docx-has-block-data=\"false\">\n<div class=\"ace-line ace-line old-record-id-P0fIf4YaZdoGkbcxt5ackec2nnb\">\n<div data-page-id=\"INdrfOIGzdaenXcptrcc1BcznQc\" data-lark-html-role=\"root\" data-docx-has-block-data=\"false\">\n<div data-page-id=\"MAzCfUB73dMTQscm8eWcougVn1g\" data-lark-html-role=\"root\" data-docx-has-block-data=\"true\">\n<div data-page-id=\"AXfpf7H1odhDvGcKoUOcErN8nV7\" data-lark-html-role=\"root\" data-docx-has-block-data=\"false\">\n<div data-page-id=\"QYTKf5PvLdUNdbce2nBcW9yfnrh\" data-lark-html-role=\"root\" data-docx-has-block-data=\"false\">\n<div data-page-id=\"Pvu1f1CCBdxbjncA9pgcBTpanph\" data-lark-html-role=\"root\" data-docx-has-block-data=\"true\">\n<div data-page-id=\"Axf3fcmY8dDAhtcjVircBcphnPc\" data-lark-html-role=\"root\" data-docx-has-block-data=\"false\">\n<div data-page-id=\"KKj1f9SPmdLhhMc5E2AcNlLen6f\" data-lark-html-role=\"root\" data-docx-has-block-data=\"true\">\n<div data-page-id=\"Rx61fK1sJdXHjPcBuhZcweNhnwc\" data-lark-html-role=\"root\" data-docx-has-block-data=\"false\">\n<div data-page-id=\"L1H9fkG9Mdz45Fcy4WMc5VKXnRe\" data-lark-html-role=\"root\" data-docx-has-block-data=\"false\">\n<div data-page-id=\"L1H9fkG9Mdz45Fcy4WMc5VKXnRe\" data-lark-html-role=\"root\" data-docx-has-block-data=\"false\">\n<div data-page-id=\"D4XLfVBVrdE8mrcaYizczklLnaf\" data-lark-html-role=\"root\" data-docx-has-block-data=\"false\">\n<div data-page-id=\"WVcifIY44d5mhMcXtyEcTsfenGd\" data-lark-html-role=\"root\" data-docx-has-block-data=\"true\">\n<div data-page-id=\"LRknfa6Whd4DWCcUc0FcNKpJnyh\" data-lark-html-role=\"root\" data-docx-has-block-data=\"false\">\n<div data-page-id=\"LRknfa6Whd4DWCcUc0FcNKpJnyh\" data-lark-html-role=\"root\" data-docx-has-block-data=\"false\">\n<div data-page-id=\"XFRAfkcOEdRWh8cArQ2cJdyRnJf\" data-lark-html-role=\"root\" data-docx-has-block-data=\"true\">\n<div data-page-id=\"OQ3bfjnRddMTDGcC3ouc6xFKnWf\" data-lark-html-role=\"root\" data-docx-has-block-data=\"true\">\n<div data-page-id=\"J0iGfj1hEdjc4rcUdSmc4spMnmZ\" data-lark-html-role=\"root\" data-docx-has-block-data=\"false\">\n<div data-page-id=\"P1o7fFyNlduP8tcfZpQcagzbnIf\" data-lark-html-role=\"root\" data-docx-has-block-data=\"false\">\n<div class=\"ace-line ace-line old-record-id-P1o7fFyNlduP8tcfZpQcagzbnIf\">\n<div data-page-id=\"P1o7fFyNlduP8tcfZpQcagzbnIf\" data-lark-html-role=\"root\" data-docx-has-block-data=\"false\">\n<div data-page-id=\"U4iufW38SdttWKcTstMcTtHRnXc\" data-lark-html-role=\"root\" data-docx-has-block-data=\"true\">\n<div data-page-id=\"ONVMf7VTWddcFtcyATOchCJHnZb\" data-lark-html-role=\"root\" data-docx-has-block-data=\"true\">\n<div data-page-id=\"KoW2fSy0PdLHFlc5kSHcgvWMnYg\" data-lark-html-role=\"root\" data-docx-has-block-data=\"false\">\n<div data-page-id=\"KoW2fSy0PdLHFlc5kSHcgvWMnYg\" data-lark-html-role=\"root\" data-docx-has-block-data=\"false\">\n<div data-page-id=\"OLGhfzxC7d7EFIcLEj9cRT5ynZf\" data-lark-html-role=\"root\" data-docx-has-block-data=\"false\">\n<div data-page-id=\"DdnnfrLjzdqrFIc9Il9c7pA2noc\" data-lark-html-role=\"root\" data-docx-has-block-data=\"true\">\n<div data-page-id=\"KNzcf2o0oddkJOcztTVcqPdlnth\" data-lark-html-role=\"root\" data-docx-has-block-data=\"false\">\n<div data-page-id=\"LBU7fg5SEdkWhecGJoxca3xvnCe\" data-lark-html-role=\"root\" data-docx-has-block-data=\"false\">\n<div data-page-id=\"EB70fooS3d69bMcgWB7c5qb9n8g\" data-lark-html-role=\"root\" data-docx-has-block-data=\"false\">\n<div data-page-id=\"AogwfsZCadB6t0cAvF0cK4JLnvf\" data-lark-html-role=\"root\" data-docx-has-block-data=\"false\">\n<div data-page-id=\"AogwfsZCadB6t0cAvF0cK4JLnvf\" data-lark-html-role=\"root\" data-docx-has-block-data=\"false\">\n<div data-page-id=\"JMZIflNGddQuU0c5JZocSqlvnle\" data-lark-html-role=\"root\" data-docx-has-block-data=\"false\">\n<div data-page-id=\"JMZIflNGddQuU0c5JZocSqlvnle\" data-lark-html-role=\"root\" data-docx-has-block-data=\"true\">\n<div data-page-id=\"HtEafjjRIdPAlMc9zgYcsGy6nOe\" data-lark-html-role=\"root\" data-docx-has-block-data=\"false\">\n<div data-page-id=\"Rhnafz0WTdDeT9c43xxczsbVnJo\" data-lark-html-role=\"root\" data-docx-has-block-data=\"false\">\n<div data-page-id=\"WY0CfKdcTdf4hVcZl67ct5LGncf\" data-lark-html-role=\"root\" data-docx-has-block-data=\"true\">\n<div data-page-id=\"MkB5fF4AVdchovcoPEpc7LqvnOd\" data-lark-html-role=\"root\" data-docx-has-block-data=\"true\">\n<div data-page-id=\"MfbjfZhbhdJdA8cH1dAckqF0n6g\" data-lark-html-role=\"root\" data-docx-has-block-data=\"false\">\n<div class=\"ace-line ace-line old-record-id-W2AHfJLnjd7ugjcRLs1c8BdhnNh\">\n<div data-page-id=\"MfbjfZhbhdJdA8cH1dAckqF0n6g\" data-lark-html-role=\"root\" data-docx-has-block-data=\"false\">\n<div class=\"old-record-id-XXd1feeCZdR2hJc6evocxnh1nOg\">\n<div data-page-id=\"MfbjfZhbhdJdA8cH1dAckqF0n6g\" data-lark-html-role=\"root\" data-docx-has-block-data=\"false\">\n<div data-page-id=\"DE51fYUmxdT3ekcHzc3cGrVQnsc\" data-lark-html-role=\"root\" data-docx-has-block-data=\"false\">\n<div data-page-id=\"YSKdfaZ08dRej3ci5CccQBuOncc\" data-lark-html-role=\"root\" data-docx-has-block-data=\"true\">\n<div data-page-id=\"K6mofQmledamEFcgp1EcVobmnYd\" data-lark-html-role=\"root\" data-docx-has-block-data=\"false\">\n<div data-page-id=\"VTgsfVLdCd9q1ucYcwRcCM0Hnof\" data-lark-html-role=\"root\" data-docx-has-block-data=\"true\">\n<div data-page-id=\"WucKfzp8RdNy8rcMJHncz4Knnac\" data-lark-html-role=\"root\" data-docx-has-block-data=\"true\">\n<div data-page-id=\"IfZ9fDIBLd9b9hcJiqGcLw9Pnmh\" data-lark-html-role=\"root\" data-docx-has-block-data=\"false\">\n<div data-page-id=\"JeU6f3Yq5dbdEHcZDptc5ikcn5c\" data-lark-html-role=\"root\" data-docx-has-block-data=\"true\">\n<div data-page-id=\"E1YjfnB4Jdmtsfc2ZObcu04Un6c\" data-lark-html-role=\"root\" data-docx-has-block-data=\"false\">\n<div data-page-id=\"RQVEfdiOzdqTQKcRcnxcG0Y7nce\" data-lark-html-role=\"root\" data-docx-has-block-data=\"true\">\n<div data-page-id=\"NKc7fbZi9dnOXocdHcScVsXdnmh\" data-lark-html-role=\"root\" data-docx-has-block-data=\"false\">\n<div data-page-id=\"DaE3fgNEwdnbQVc62iqcBK4lnte\" data-lark-html-role=\"root\" data-docx-has-block-data=\"false\">\n<div data-page-id=\"DaE3fgNEwdnbQVc62iqcBK4lnte\" data-lark-html-role=\"root\" data-docx-has-block-data=\"false\">\n<div data-page-id=\"NqSRfcp5SdFQ6ucdStXcbvManpc\" data-lark-html-role=\"root\" data-docx-has-block-data=\"false\">\n<div data-page-id=\"KydBfoEuudJNYhcgRdAc3aeUn7c\" data-lark-html-role=\"root\" data-docx-has-block-data=\"true\">\n<div data-page-id=\"SIqXfR5ipd7jWpczA5RcYkWInfd\" data-lark-html-role=\"root\" data-docx-has-block-data=\"false\">\n<div data-page-id=\"Y06XfUzydd0aVicBtPKcZlS8nJf\" data-lark-html-role=\"root\" data-docx-has-block-data=\"true\">\n<div data-page-id=\"E2ZvfNrVNdEHKickexPcvdXVnrc\" data-lark-html-role=\"root\" data-docx-has-block-data=\"false\">\n<div data-page-id=\"DqGzfq5S4d9GdAcOQVIcIdPhn2c\" data-lark-html-role=\"root\" data-docx-has-block-data=\"false\">\n<div data-page-id=\"HsKcfE4WLdET7ScRm72cTZ96nPb\" data-lark-html-role=\"root\" data-docx-has-block-data=\"false\">\n<div data-page-id=\"MvWFfuF4Edx69KcRSmmcvS2LndG\" data-lark-html-role=\"root\" data-docx-has-block-data=\"true\">\n<div data-page-id=\"BSNMfUsMXd3XFscNxbDcufC2nEg\" data-lark-html-role=\"root\" data-docx-has-block-data=\"false\">\n<div data-page-id=\"Rr0Mfry1adQB66cMkYGcCmoWnKe\" data-lark-html-role=\"root\" data-docx-has-block-data=\"true\">\n<div data-page-id=\"A7fMfxJhydfxJUc6VX9cVvDKnpd\" data-lark-html-role=\"root\" data-docx-has-block-data=\"false\">\n<div data-page-id=\"A7fMfxJhydfxJUc6VX9cVvDKnpd\" data-lark-html-role=\"root\" data-docx-has-block-data=\"false\">\n<div data-page-id=\"WbzgfFBuTduiBjc6rORciNrNnlf\" data-lark-html-role=\"root\" data-docx-has-block-data=\"false\">\n<div data-page-id=\"R0Rzf8rQUdoB9hcxkiqc9kKHnk2\" data-lark-html-role=\"root\" data-docx-has-block-data=\"true\">\n<div data-page-id=\"ZwXFfRomCdt9G4cs33scepfHnoe\" data-lark-html-role=\"root\" data-docx-has-block-data=\"false\">\n<div data-page-id=\"UFFTffnWTdbuv3coRhBc3zxBnMf\" data-lark-html-role=\"root\" data-docx-has-block-data=\"true\">\n<div data-page-id=\"FV0FfDT4ZdfJZoc4SMccT5Rjndf\" data-lark-html-role=\"root\" data-docx-has-block-data=\"false\">\n<div data-page-id=\"QfqMfQ3H3dBjAycBmxFct9R0nOd\" data-lark-html-role=\"root\" data-docx-has-block-data=\"false\">\n<div data-page-id=\"DXwcf38JSdYoRnczvWycOLbJnKg\" data-lark-html-role=\"root\" data-docx-has-block-data=\"false\">\n<div data-page-id=\"ERF5fOYoJdJoKBcJe3dczeiRnhb\" data-lark-html-role=\"root\" data-docx-has-block-data=\"false\">\n<div data-page-id=\"Xz9kf6dXYdrSpeczDiscWevtn5g\" data-lark-html-role=\"root\" data-docx-has-block-data=\"false\">\n<div data-page-id=\"NXFofecridPG1Kco9gVcxXiEnGf\" data-lark-html-role=\"root\" data-docx-has-block-data=\"false\">\n<div data-page-id=\"EFevfzjvkdlSPEcTWBIc7eVvnog\" data-lark-html-role=\"root\" data-docx-has-block-data=\"false\">\n<div data-page-id=\"M7PifBvbPdUAXlc1ga1ceAEFnrc\" data-lark-html-role=\"root\" data-docx-has-block-data=\"false\">\n<div data-page-id=\"Xk47fsExQdGT3dcRYNzcCeZ0nYb\" data-lark-html-role=\"root\" data-docx-has-block-data=\"false\">\n<div data-page-id=\"OUXufVxtNdzLz9cI8Ijchmyfnrg\" data-lark-html-role=\"root\" data-docx-has-block-data=\"false\">\n<div data-page-id=\"XAtVfnKQidPyc6cF1jhc2z2AnZ1\" data-lark-html-role=\"root\" data-docx-has-block-data=\"false\">\n<div data-page-id=\"B4r8fXUqIde4brcGXg2crgLmn7F\" data-lark-html-role=\"root\" data-docx-has-block-data=\"true\">\n<div data-page-id=\"CcjPfD4Ied4jf2cwt2hcyeGNnHe\" data-lark-html-role=\"root\" data-docx-has-block-data=\"false\">\n<div data-page-id=\"M3lyfHsq4dQP8dc5mI8c3rXxnNc\" data-lark-html-role=\"root\" data-docx-has-block-data=\"false\">\n<div data-page-id=\"E0A4fWGfudmWVGczZV8cLv8Znwd\" data-lark-html-role=\"root\" data-docx-has-block-data=\"false\">\n<h2 class=\"heading-2 ace-line old-record-id-ZJYKf9ooSd5CeXc0w8Uc4G31n5b\">\u00bfPor qu\u00e9 elegir FIHP 60000 Puffs?<\/h2>\n<div class=\"ace-line ace-line old-record-id-WrGDfetpIdPtYPchudHcpmqgnQe\">Se destaca por su inigualable duraci\u00f3n de 60000 inhalaciones, 10 sabores triples \u00fanicos y una confiable resistencia de malla dual. A diferencia de los desechables ordinarios, ofrece versatilidad con opciones de nicotina, carga tipo C y una pantalla LED, todo en un dise\u00f1o compacto y f\u00e1cil de usar.<\/div>\n<div class=\"ace-line ace-line old-record-id-DolQf8WfGdlCfVc1whAco6S3nfh\">Ya seas un vapeador ocasional que ama explorar nuevos sabores o un usuario regular que valora la longevidad y la conveniencia, este dispositivo cumple en todos los aspectos. Es simple, confiable y est\u00e1 repleto de caracter\u00edsticas que hacen que cada inhalaci\u00f3n sea placentera.<\/p>\n<div data-page-id=\"E0A4fWGfudmWVGczZV8cLv8Znwd\" data-lark-html-role=\"root\" data-docx-has-block-data=\"true\">\n<h2 class=\"heading-2 ace-line old-record-id-RkIGfAXEhd2iNEcuiUdcetsSnJd\">10 Sabores Triples: Sabor en Capas en Cada Inhalaci\u00f3n<\/h2>\n<div class=\"ace-line ace-line old-record-id-Y5uDfD4N0dJjOycUsadc7MAtn04\">La caracter\u00edstica destacada de FIHP 60000 Puffs son sus 10 mezclas de sabores triples cuidadosamente elaboradas. Cada una combina tres sabores complementarios para crear una experiencia \u00fanica y en capas que los desechables de un solo o doble sabor no pueden igualar. Cada mezcla est\u00e1 equilibrada, asegurando que ning\u00fan sabor opaque a los dem\u00e1s, y todos saben aut\u00e9nticos y suaves.<\/div>\n<h3 class=\"heading-3 ace-line old-record-id-OdgkfzwzddNRCSclJfqcDCEDnim\">Selecci\u00f3n de Sabores Triples<\/h3>\n<div class=\"ace-line ace-line old-record-id-AjEKfEXdIdhf8ucz9klcuCjTnEh\">Para facilitar la exploraci\u00f3n de todas las opciones, hemos organizado los 10 sabores triples en una tabla simple, destacando el perfil de sabor clave de cada mezcla\u2014perfecto para encontrar tu nuevo favorito:<\/div>\n<div>\n<table class=\"ace-table\" data-ace-table-col-widths=\"200;200\">\n<colgroup>\n<col width=\"200\" \/>\n<col width=\"200\" \/><\/colgroup>\n<thead>\n<tr>\n<th colspan=\"1\" rowspan=\"1\">\n<div class=\"ace-line ace-line old-record-id-Q6gyfjXy3dr5N7cXfPrcSM6gnkd\">Mezcla de Sabor<\/div>\n<\/th>\n<th colspan=\"1\" rowspan=\"1\">\n<div class=\"ace-line ace-line old-record-id-GQuHfVNz9drVK4cyOfKckzCqneg\">Perfil de Sabor<\/div>\n<\/th>\n<\/tr>\n<\/thead>\n<tbody>\n<tr>\n<td colspan=\"1\" rowspan=\"1\">\n<div class=\"ace-line ace-line old-record-id-CrU6fyi5qdHXOycx69HcAzLFnfe\">Sand\u00eda Hielo&amp;Red Bull&amp;Fresa Kiwi<\/div>\n<\/td>\n<td colspan=\"1\" rowspan=\"1\">\n<div class=\"ace-line ace-line old-record-id-MLNtfPq07dnHs7c7iH3car5Bnqb\">Frutal Helado + Aumento de Energ\u00eda<\/div>\n<\/td>\n<\/tr>\n<tr>\n<td colspan=\"1\" rowspan=\"1\">\n<div class=\"ace-line ace-line old-record-id-KJ3Qfuq8cdfK4Ncorn8cb5KonNb\">Lim\u00f3n Lima&amp;Sand\u00eda Fresa&amp;Ar\u00e1ndano Hielo<\/div>\n<\/td>\n<td colspan=\"1\" rowspan=\"1\">\n<div class=\"ace-line ace-line old-record-id-MkwIfTS70dPNmUcU3ABcZ9TLnhe\">C\u00edtrico + Frutal Helado<\/div>\n<\/td>\n<\/tr>\n<tr>\n<td colspan=\"1\" rowspan=\"1\">\n<div class=\"ace-line ace-line old-record-id-UXuDf2HGddzHHvcFDascl6Wbnih\">Fresa Pl\u00e1tano&amp;Manzana Doble&amp;Sand\u00eda Frambuesa<\/div>\n<\/td>\n<td colspan=\"1\" rowspan=\"1\">\n<div class=\"ace-line ace-line old-record-id-MAeofOJfjdRP6acQCaBcCDLcntb\">Dulce + Frutal Fresco<\/div>\n<\/td>\n<\/tr>\n<tr>\n<td colspan=\"1\" rowspan=\"1\">\n<div class=\"ace-line ace-line old-record-id-ZoQgfTRb9dcFDicBdlUcrmslnTf\">Fresa Kiwi&amp;Mango Pi\u00f1a \u00c1cida&amp;Red Bull<\/div>\n<\/td>\n<td colspan=\"1\" rowspan=\"1\">\n<div class=\"ace-line ace-line old-record-id-NCmbfVZ6sdLMH6cdmBNcNPoAnJd\">\u00c1cido + Frutal + Energ\u00eda<\/div>\n<\/td>\n<\/tr>\n<tr>\n<td colspan=\"1\" rowspan=\"1\">\n<div class=\"ace-line ace-line old-record-id-KknGfrJXRdkGPDcdD2ucn7CNnyd\">Fruta Tropical&amp;Sand\u00eda Fresa&amp;Durazno Lim\u00f3n<\/div>\n<\/td>\n<td colspan=\"1\" rowspan=\"1\">\n<div class=\"ace-line ace-line old-record-id-RZvbfOhrmd8JgncLyNncF2bxnWf\">Tropical + Dulce C\u00edtrico<\/div>\n<\/td>\n<\/tr>\n<tr>\n<td colspan=\"1\" rowspan=\"1\">\n<div class=\"ace-line ace-line old-record-id-Ff1dfMjOvdZIpBcqhdecEhJlnEe\">Pi\u00f1a Coco&amp;Blue Razz&amp;Fresa Pl\u00e1tano<\/div>\n<\/td>\n<td colspan=\"1\" rowspan=\"1\">\n<div class=\"ace-line ace-line old-record-id-S6v1fEmvYd2qGKcx3tEcrv24ngf\">Tropical + \u00c1cido + Dulce<\/div>\n<\/td>\n<\/tr>\n<tr>\n<td colspan=\"1\" rowspan=\"1\">\n<div class=\"ace-line ace-line old-record-id-DlrafK2gBddOd5cisHWcnceqnVb\">Fresa Frambuesa&amp;Mel\u00f3n Triple&amp;Mango Pi\u00f1a \u00c1cida<\/div>\n<\/td>\n<td colspan=\"1\" rowspan=\"1\">\n<div class=\"ace-line ace-line old-record-id-O2qCfVayIdpFW3ctJyFcDZOvnQf\">Berries + Mel\u00f3n + \u00c1cido<\/div>\n<\/td>\n<\/tr>\n<tr>\n<td colspan=\"1\" rowspan=\"1\">\n<div class=\"ace-line ace-line old-record-id-FTMbfntv9dRgFAcuvCPcdjmpnGY\">Berries Mixtas&amp;Sand\u00eda Frambuesa&amp;Mango Durazno<\/div>\n<\/td>\n<td colspan=\"1\" rowspan=\"1\">\n<div class=\"ace-line ace-line old-record-id-REpKfq247dX32icRV1TcRdqPncf\">Mezcla de Berries + Tropical<\/div>\n<\/td>\n<\/tr>\n<tr>\n<td colspan=\"1\" rowspan=\"1\">\n<div class=\"ace-line ace-line old-record-id-QphpfERtPdhsFmcJ3Q0cj0D2nqh\">Ar\u00e1ndano Frambuesa&amp;Fresa Vainilla Cola&amp;Lim\u00f3n Lima<\/div>\n<\/td>\n<td colspan=\"1\" rowspan=\"1\">\n<div class=\"ace-line ace-line old-record-id-YeIUfzD17dGr8vcU4I3c5Fu0nTc\">Berries + Cremoso + C\u00edtrico<\/div>\n<\/td>\n<\/tr>\n<tr>\n<td colspan=\"1\" rowspan=\"1\">\n<div class=\"ace-line ace-line old-record-id-JDhXfqSUfdZyzVc4Q9Uc0zjbnXd\">Sand\u00eda Hielo&amp;Durazno Berry&amp;Mel\u00f3n Triple<\/div>\n<\/td>\n<td colspan=\"1\" rowspan=\"1\">\n<div class=\"ace-line ace-line old-record-id-ILRkfjnFSdYWQJc8fegcUhfrn2f\">Helado + Berries + Mel\u00f3n<\/div>\n<\/td>\n<\/tr>\n<\/tbody>\n<\/table>\n<p><img decoding=\"async\" class=\"alignnone wp-image-7630 size-full\" title=\"FIHP 60k Sabores\" src=\"https:\/\/oiovape.com\/wp-content\/uploads\/2026\/03\/FIHP-60k-Flavors.jpg\" alt=\"FIHP 60k Sabores\" width=\"1200\" height=\"1700\" srcset=\"https:\/\/oiovape.com\/wp-content\/uploads\/2026\/03\/FIHP-60k-Flavors.jpg 1200w, https:\/\/oiovape.com\/wp-content\/uploads\/2026\/03\/FIHP-60k-Flavors-212x300.jpg 212w, https:\/\/oiovape.com\/wp-content\/uploads\/2026\/03\/FIHP-60k-Flavors-723x1024.jpg 723w, https:\/\/oiovape.com\/wp-content\/uploads\/2026\/03\/FIHP-60k-Flavors-768x1088.jpg 768w, https:\/\/oiovape.com\/wp-content\/uploads\/2026\/03\/FIHP-60k-Flavors-1084x1536.jpg 1084w, https:\/\/oiovape.com\/wp-content\/uploads\/2026\/03\/FIHP-60k-Flavors-8x12.jpg 8w, https:\/\/oiovape.com\/wp-content\/uploads\/2026\/03\/FIHP-60k-Flavors-150x213.jpg 150w\" sizes=\"(max-width: 1200px) 100vw, 1200px\" \/><\/p>\n<\/div>\n<h4 class=\"heading-4 ace-line old-record-id-SG7AfqEWAd35ZOcP5qVcwvREnPD\">Resistencia de Malla Dual: Sabor Suave y Consistente<\/h4>\n<div class=\"ace-line ace-line old-record-id-RI46fUegNdyIJRc65hWcghb5nRe\">Impulsado por una resistencia de malla dual de 0.9ohm, FIHP 60000 Puffs asegura que cada inhalaci\u00f3n sea suave y llena de sabor. El dise\u00f1o de doble resistencia calienta el e-l\u00edquido de 54ml de manera uniforme, desbloqueando todo el potencial de cada mezcla triple\u2014sin asperezas, sin notas quemadas, solo golpes consistentes y satisfactorios desde la primera inhalaci\u00f3n hasta la 60000.<\/div>\n<h2 class=\"heading-2 ace-line old-record-id-GUMjfasindrsQHcakJHc8gvznth\">Duraci\u00f3n de 60000 Inhalaciones y Caracter\u00edsticas Pr\u00e1cticas<\/h2>\n<div class=\"ace-line ace-line old-record-id-XaVNfRGQ7d0dVOcSdrDcW3Opnke\">La duraci\u00f3n de 60000 inhalaciones es un cambio de juego para los vapeadores que odian cambiar de dispositivo con frecuencia. Incluso con un uso diario y frecuente, este dispositivo dura semanas, combinando su longevidad con caracter\u00edsticas pr\u00e1cticas que hacen que el vapeo sea m\u00e1s f\u00e1cil y personalizado.<\/div>\n<h3 class=\"heading-3 ace-line old-record-id-WIK1fa7PxdG4MAchnAYcp4nrnke\">Bater\u00eda y Carga: Conveniente y Duradera<\/h3>\n<div class=\"ace-line ace-line old-record-id-GLBpfdAkjdokTlczyLacuqD1nSh\">Equipado con una bater\u00eda recargable de 650mAh, se mantiene f\u00e1cilmente al d\u00eda con la duraci\u00f3n de 60000 inhalaciones. El puerto de carga tipo C permite recargar la bater\u00eda r\u00e1pidamente, por lo que nunca tienes que pausar tu experiencia de vapeo por mucho tiempo\u2014perfecto para su uso en movimiento.<\/div>\n<h4 class=\"heading-4 ace-line old-record-id-ULF8f9ndRdVOscc8633ch2cinsg\">Pantalla LED y Opciones de Nicotina<\/h4>\n<div class=\"ace-line ace-line old-record-id-CmvlfigtrdRXvIcvnR3c0oVUnQd\">La pantalla LED te mantiene informado, mostrando la vida de la bater\u00eda y el nivel de e-l\u00edquido para que nunca te quedes sin \u00e9l inesperadamente. Tambi\u00e9n ofrece dos fortalezas de nicotina\u20142% y 5%\u2014atendiendo diferentes preferencias, ya sea que prefieras un golpe suave o m\u00e1s fuerte.<\/div>\n<h2 class=\"heading-2 ace-line old-record-id-JaSbfcoBCduTo2cMS9XcY2D4nFf\">El dispositivo cuenta con un dise\u00f1o delgado y port\u00e1til que es f\u00e1cil de llevar. Mide 28*58*129.5mm\u2014lo suficientemente peque\u00f1o como para caber en tu bolsillo o bolso sin a\u00f1adir volumen, lo que lo hace perfecto para uso en movimiento.<\/h2>\n<div class=\"ace-line ace-line old-record-id-JMkGflta3d9Idbcpe9tc9XpnnMf\">Con un tama\u00f1o de producto de 42*42*110mm, FIHP 60000 Puffs es compacto y ligero, f\u00e1cil de deslizar en tu bolsillo o bolso sin ser voluminoso. El empaque es igualmente pr\u00e1ctico: cada cart\u00f3n (510*420*260mm) contiene 160 piezas y pesa 21.7kg, lo que lo hace ideal para almacenamiento a granel o reventa.<\/div>\n<\/div>\n<\/div>\n<\/div>\n<\/div>\n<\/div>\n<\/div>\n<\/div>\n<\/div>\n<\/div>\n<\/div>\n<\/div>\n<\/div>\n<\/div>\n<\/div>\n<\/div>\n<\/div>\n<\/div>\n<\/div>\n<\/div>\n<\/div>\n<\/div>\n<\/div>\n<\/div>\n<\/div>\n<\/div>\n<\/div>\n<\/div>\n<\/div>\n<\/div>\n<\/div>\n<\/div>\n<\/div>\n<\/div>\n<\/div>\n<\/div>\n<\/div>\n<\/div>\n<\/div>\n<\/div>\n<\/div>\n<\/div>\n<\/div>\n<\/div>\n<\/div>\n<\/div>\n<\/div>\n<\/div>\n<\/div>\n<\/div>\n<\/div>\n<\/div>\n<\/div>\n<\/div>\n<\/div>\n<\/div>\n<\/div>\n<\/div>\n<\/div>\n<\/div>\n<\/div>\n<\/div>\n<\/div>\n<\/div>\n<\/div>\n<\/div>\n<\/div>\n<\/div>\n<\/div>\n<\/div>\n<\/div>\n<\/div>\n<\/div>\n<\/div>\n<\/div>\n<\/div>\n<\/div>\n<\/div>\n<\/div>\n<\/div>\n<\/div>\n<\/div>\n<\/div>\n<\/div>\n<\/div>\n<\/div>\n<\/div>\n<\/div>\n<\/div>\n<\/div>\n<\/div>\n<\/div>\n<\/div>\n<\/div>\n<\/div>\n<\/div>\n<\/div>\n<\/div>\n<\/div>\n<\/div>\n<\/div>\n<\/div>\n<\/div>\n<\/div>\n<\/div>\n<\/div>\n<\/div>\n<\/div>\n<\/div>\n<\/div>\n<\/div>","protected":false},"excerpt":{"rendered":"<div data-page-id=\"RAopf2sw9dtvw4cWYXpcTwo0n8g\" data-lark-html-role=\"root\" data-docx-has-block-data=\"false\">\n<div class=\"ace-line ace-line old-record-id-Uju9f3RXYd8dh2crAJbcBF3Un6M\">\n<div data-page-id=\"Dd8gfe2wRdT66jcgnqtcUwg5ndh\" data-lark-html-role=\"root\" data-docx-has-block-data=\"false\">\n<div class=\"ace-line ace-line old-record-id-FiRZf3qXpdK0RqcHt8wcxPTon8b\">FIHP 60000 Puffs cuenta con 10 sabores triples, una resistencia de malla dual de 0.9ohm, 54ml de e-l\u00edquido y 60000 inhalaciones. Tiene una bater\u00eda recargable de 650mAh tipo C, pantalla LED, 42<em>42<\/em>tama\u00f1o de 110mm, y 160pcs\/21.7kg por cart\u00f3n, compacto y confiable.<\/div>\n<\/div>\n<\/div>\n<\/div>","protected":false},"featured_media":7640,"comment_status":"open","ping_status":"closed","template":"","meta":{"_acf_changed":false,"inline_featured_image":false,"_sitemap_exclude":false,"_sitemap_priority":"","_sitemap_frequency":""},"product_brand":[398],"product_cat":[397,239,242],"product_tag":[],"class_list":{"0":"post-7615","1":"product","2":"type-product","3":"status-publish","4":"has-post-thumbnail","6":"product_brand-fihp","7":"product_cat-fihp-puff","8":"product_cat-disposable-vape-collection","9":"product_cat-60k-puff","11":"first","12":"instock","13":"sale","14":"shipping-taxable","15":"purchasable","16":"product-type-variable","17":"has-default-attributes"},"acf":[],"tiered_pricing_type":"fixed","tiered_pricing_fixed_rules":{"30":8.67,"60":7.98,"100":7.3,"200":6.89},"tiered_pricing_product_settings":{"layout":"default","base_unit_name":{"singular":null,"plural":null},"default_variation":null},"tiered_pricing_minimum_quantity":10,"tiered_pricing_roles_data":[],"tiered_pricing_percentage_rules":[],"tiered_pricing_maximum_quantity":null,"tiered_pricing_quantity_step":"10","_links":{"self":[{"href":"https:\/\/oiovape.com\/es\/wp-json\/wp\/v2\/product\/7615","targetHints":{"allow":["GET"]}}],"collection":[{"href":"https:\/\/oiovape.com\/es\/wp-json\/wp\/v2\/product"}],"about":[{"href":"https:\/\/oiovape.com\/es\/wp-json\/wp\/v2\/types\/product"}],"replies":[{"embeddable":true,"href":"https:\/\/oiovape.com\/es\/wp-json\/wp\/v2\/comments?post=7615"}],"version-history":[{"count":0,"href":"https:\/\/oiovape.com\/es\/wp-json\/wp\/v2\/product\/7615\/revisions"}],"wp:featuredmedia":[{"embeddable":true,"href":"https:\/\/oiovape.com\/es\/wp-json\/wp\/v2\/media\/7640"}],"wp:attachment":[{"href":"https:\/\/oiovape.com\/es\/wp-json\/wp\/v2\/media?parent=7615"}],"wp:term":[{"taxonomy":"product_brand","embeddable":true,"href":"https:\/\/oiovape.com\/es\/wp-json\/wp\/v2\/product_brand?post=7615"},{"taxonomy":"product_cat","embeddable":true,"href":"https:\/\/oiovape.com\/es\/wp-json\/wp\/v2\/product_cat?post=7615"},{"taxonomy":"product_tag","embeddable":true,"href":"https:\/\/oiovape.com\/es\/wp-json\/wp\/v2\/product_tag?post=7615"}],"curies":[{"name":"wp","href":"https:\/\/api.w.org\/{rel}","templated":true}]}}