{"id":7642,"date":"2026-03-07T10:16:05","date_gmt":"2026-03-07T02:16:05","guid":{"rendered":"https:\/\/oiovape.com\/?post_type=product&#038;p=7642"},"modified":"2026-03-07T11:50:49","modified_gmt":"2026-03-07T03:50:49","slug":"fihp-40000-puffs","status":"publish","type":"product","link":"https:\/\/oiovape.com\/es\/product\/fihp-40000-puffs\/","title":{"rendered":"FIHP 40000 PUFFS Doble Sabores Bater\u00eda de 650mah Recargable Vape Desechable"},"content":{"rendered":"<div data-page-id=\"ZVeMfq8uxd7y1ycuKm5cym4LnYd\" data-lark-html-role=\"root\" data-docx-has-block-data=\"false\">\n<div data-page-id=\"Fd41fZ5N9dzRQtcRNoVc2FuDnCh\" data-lark-html-role=\"root\" data-docx-has-block-data=\"true\">\n<div data-page-id=\"BdIJfeeijdk1eucGpS8cDCBBn5c\" data-lark-html-role=\"root\" data-docx-has-block-data=\"false\">\n<div data-page-id=\"Zbg9fWx77dUuh2cIYpic25c8nyd\" data-lark-html-role=\"root\" data-docx-has-block-data=\"false\">\n<div data-page-id=\"KaIvfiurhdlCKdc0kyxcX64cnE6\" data-lark-html-role=\"root\" data-docx-has-block-data=\"true\">\n<div data-page-id=\"PbvFfqxqlddUTScRpEYcY5MHnpf\" data-lark-html-role=\"root\" data-docx-has-block-data=\"true\">\n<div data-page-id=\"GZO2f5JeudwY4jc9iJtcdk9Hnxh\" data-lark-html-role=\"root\" data-docx-has-block-data=\"false\">\n<div data-page-id=\"EZVRf2acFduXLGcseZFc4qH2n6e\" data-lark-html-role=\"root\" data-docx-has-block-data=\"false\">\n<div data-page-id=\"B8rHfcqlqdzmH5cCWCncz17Cntb\" data-lark-html-role=\"root\" data-docx-has-block-data=\"false\">\n<div data-page-id=\"B8rHfcqlqdzmH5cCWCncz17Cntb\" data-lark-html-role=\"root\" data-docx-has-block-data=\"false\">\n<div data-page-id=\"B8rHfcqlqdzmH5cCWCncz17Cntb\" data-lark-html-role=\"root\" data-docx-has-block-data=\"true\">\n<div data-page-id=\"HM70f1aoxdD0bMcxJZBcVc7ynZd\" data-lark-html-role=\"root\" data-docx-has-block-data=\"false\">\n<div data-page-id=\"NSrJfN7Ord22i0c1iwZcsF8yn8b\" data-lark-html-role=\"root\" data-docx-has-block-data=\"false\">\n<div data-page-id=\"RXEff4Mskds8o1cqL5HcGEtUnCh\" data-lark-html-role=\"root\" data-docx-has-block-data=\"false\">\n<div data-page-id=\"KJ7gfqkVndMSRJcMseScmvYwnTc\" data-lark-html-role=\"root\" data-docx-has-block-data=\"false\">\n<div class=\"ace-line ace-line old-record-id-QADAfETPudgmudc05YvcTO5fnxe\">\n<div data-page-id=\"KJ7gfqkVndMSRJcMseScmvYwnTc\" data-lark-html-role=\"root\" data-docx-has-block-data=\"false\">\n<div class=\"ace-line ace-line old-record-id-JoRkfpho8dOkiacEOascDyCOncb\">\n<div data-page-id=\"KJ7gfqkVndMSRJcMseScmvYwnTc\" data-lark-html-role=\"root\" data-docx-has-block-data=\"false\">\n<div data-page-id=\"Ju6ofQ3V4dGmePcVvJvc1gmcnZb\" data-lark-html-role=\"root\" data-docx-has-block-data=\"true\">\n<div data-page-id=\"PR9ife5PLdFabccbFgZcWgZOnTc\" data-lark-html-role=\"root\" data-docx-has-block-data=\"false\">\n<div data-page-id=\"INdrfOIGzdaenXcptrcc1BcznQc\" data-lark-html-role=\"root\" data-docx-has-block-data=\"false\">\n<div class=\"ace-line ace-line old-record-id-P0fIf4YaZdoGkbcxt5ackec2nnb\">\n<div data-page-id=\"INdrfOIGzdaenXcptrcc1BcznQc\" data-lark-html-role=\"root\" data-docx-has-block-data=\"false\">\n<div data-page-id=\"MAzCfUB73dMTQscm8eWcougVn1g\" data-lark-html-role=\"root\" data-docx-has-block-data=\"true\">\n<div data-page-id=\"AXfpf7H1odhDvGcKoUOcErN8nV7\" data-lark-html-role=\"root\" data-docx-has-block-data=\"false\">\n<div data-page-id=\"QYTKf5PvLdUNdbce2nBcW9yfnrh\" data-lark-html-role=\"root\" data-docx-has-block-data=\"false\">\n<div data-page-id=\"Pvu1f1CCBdxbjncA9pgcBTpanph\" data-lark-html-role=\"root\" data-docx-has-block-data=\"true\">\n<div data-page-id=\"Axf3fcmY8dDAhtcjVircBcphnPc\" data-lark-html-role=\"root\" data-docx-has-block-data=\"false\">\n<div data-page-id=\"KKj1f9SPmdLhhMc5E2AcNlLen6f\" data-lark-html-role=\"root\" data-docx-has-block-data=\"true\">\n<div data-page-id=\"Rx61fK1sJdXHjPcBuhZcweNhnwc\" data-lark-html-role=\"root\" data-docx-has-block-data=\"false\">\n<div data-page-id=\"L1H9fkG9Mdz45Fcy4WMc5VKXnRe\" data-lark-html-role=\"root\" data-docx-has-block-data=\"false\">\n<div data-page-id=\"L1H9fkG9Mdz45Fcy4WMc5VKXnRe\" data-lark-html-role=\"root\" data-docx-has-block-data=\"false\">\n<div data-page-id=\"D4XLfVBVrdE8mrcaYizczklLnaf\" data-lark-html-role=\"root\" data-docx-has-block-data=\"false\">\n<div data-page-id=\"WVcifIY44d5mhMcXtyEcTsfenGd\" data-lark-html-role=\"root\" data-docx-has-block-data=\"true\">\n<div data-page-id=\"LRknfa6Whd4DWCcUc0FcNKpJnyh\" data-lark-html-role=\"root\" data-docx-has-block-data=\"false\">\n<div data-page-id=\"LRknfa6Whd4DWCcUc0FcNKpJnyh\" data-lark-html-role=\"root\" data-docx-has-block-data=\"false\">\n<div data-page-id=\"XFRAfkcOEdRWh8cArQ2cJdyRnJf\" data-lark-html-role=\"root\" data-docx-has-block-data=\"true\">\n<div data-page-id=\"OQ3bfjnRddMTDGcC3ouc6xFKnWf\" data-lark-html-role=\"root\" data-docx-has-block-data=\"true\">\n<div data-page-id=\"J0iGfj1hEdjc4rcUdSmc4spMnmZ\" data-lark-html-role=\"root\" data-docx-has-block-data=\"false\">\n<div data-page-id=\"P1o7fFyNlduP8tcfZpQcagzbnIf\" data-lark-html-role=\"root\" data-docx-has-block-data=\"false\">\n<div class=\"ace-line ace-line old-record-id-P1o7fFyNlduP8tcfZpQcagzbnIf\">\n<div data-page-id=\"P1o7fFyNlduP8tcfZpQcagzbnIf\" data-lark-html-role=\"root\" data-docx-has-block-data=\"false\">\n<div data-page-id=\"U4iufW38SdttWKcTstMcTtHRnXc\" data-lark-html-role=\"root\" data-docx-has-block-data=\"true\">\n<div data-page-id=\"ONVMf7VTWddcFtcyATOchCJHnZb\" data-lark-html-role=\"root\" data-docx-has-block-data=\"true\">\n<div data-page-id=\"KoW2fSy0PdLHFlc5kSHcgvWMnYg\" data-lark-html-role=\"root\" data-docx-has-block-data=\"false\">\n<div data-page-id=\"KoW2fSy0PdLHFlc5kSHcgvWMnYg\" data-lark-html-role=\"root\" data-docx-has-block-data=\"false\">\n<div data-page-id=\"OLGhfzxC7d7EFIcLEj9cRT5ynZf\" data-lark-html-role=\"root\" data-docx-has-block-data=\"false\">\n<div data-page-id=\"DdnnfrLjzdqrFIc9Il9c7pA2noc\" data-lark-html-role=\"root\" data-docx-has-block-data=\"true\">\n<div data-page-id=\"KNzcf2o0oddkJOcztTVcqPdlnth\" data-lark-html-role=\"root\" data-docx-has-block-data=\"false\">\n<div data-page-id=\"LBU7fg5SEdkWhecGJoxca3xvnCe\" data-lark-html-role=\"root\" data-docx-has-block-data=\"false\">\n<div data-page-id=\"EB70fooS3d69bMcgWB7c5qb9n8g\" data-lark-html-role=\"root\" data-docx-has-block-data=\"false\">\n<div data-page-id=\"AogwfsZCadB6t0cAvF0cK4JLnvf\" data-lark-html-role=\"root\" data-docx-has-block-data=\"false\">\n<div data-page-id=\"AogwfsZCadB6t0cAvF0cK4JLnvf\" data-lark-html-role=\"root\" data-docx-has-block-data=\"false\">\n<div data-page-id=\"JMZIflNGddQuU0c5JZocSqlvnle\" data-lark-html-role=\"root\" data-docx-has-block-data=\"false\">\n<div data-page-id=\"JMZIflNGddQuU0c5JZocSqlvnle\" data-lark-html-role=\"root\" data-docx-has-block-data=\"true\">\n<div data-page-id=\"HtEafjjRIdPAlMc9zgYcsGy6nOe\" data-lark-html-role=\"root\" data-docx-has-block-data=\"false\">\n<div data-page-id=\"Rhnafz0WTdDeT9c43xxczsbVnJo\" data-lark-html-role=\"root\" data-docx-has-block-data=\"false\">\n<div data-page-id=\"WY0CfKdcTdf4hVcZl67ct5LGncf\" data-lark-html-role=\"root\" data-docx-has-block-data=\"true\">\n<div data-page-id=\"MkB5fF4AVdchovcoPEpc7LqvnOd\" data-lark-html-role=\"root\" data-docx-has-block-data=\"true\">\n<div data-page-id=\"MfbjfZhbhdJdA8cH1dAckqF0n6g\" data-lark-html-role=\"root\" data-docx-has-block-data=\"false\">\n<div class=\"ace-line ace-line old-record-id-W2AHfJLnjd7ugjcRLs1c8BdhnNh\">\n<div data-page-id=\"MfbjfZhbhdJdA8cH1dAckqF0n6g\" data-lark-html-role=\"root\" data-docx-has-block-data=\"false\">\n<div class=\"old-record-id-XXd1feeCZdR2hJc6evocxnh1nOg\">\n<div data-page-id=\"MfbjfZhbhdJdA8cH1dAckqF0n6g\" data-lark-html-role=\"root\" data-docx-has-block-data=\"false\">\n<div data-page-id=\"DE51fYUmxdT3ekcHzc3cGrVQnsc\" data-lark-html-role=\"root\" data-docx-has-block-data=\"false\">\n<div data-page-id=\"YSKdfaZ08dRej3ci5CccQBuOncc\" data-lark-html-role=\"root\" data-docx-has-block-data=\"true\">\n<div data-page-id=\"K6mofQmledamEFcgp1EcVobmnYd\" data-lark-html-role=\"root\" data-docx-has-block-data=\"false\">\n<div data-page-id=\"VTgsfVLdCd9q1ucYcwRcCM0Hnof\" data-lark-html-role=\"root\" data-docx-has-block-data=\"true\">\n<div data-page-id=\"WucKfzp8RdNy8rcMJHncz4Knnac\" data-lark-html-role=\"root\" data-docx-has-block-data=\"true\">\n<div data-page-id=\"IfZ9fDIBLd9b9hcJiqGcLw9Pnmh\" data-lark-html-role=\"root\" data-docx-has-block-data=\"false\">\n<div data-page-id=\"JeU6f3Yq5dbdEHcZDptc5ikcn5c\" data-lark-html-role=\"root\" data-docx-has-block-data=\"true\">\n<div data-page-id=\"E1YjfnB4Jdmtsfc2ZObcu04Un6c\" data-lark-html-role=\"root\" data-docx-has-block-data=\"false\">\n<div data-page-id=\"RQVEfdiOzdqTQKcRcnxcG0Y7nce\" data-lark-html-role=\"root\" data-docx-has-block-data=\"true\">\n<div data-page-id=\"NKc7fbZi9dnOXocdHcScVsXdnmh\" data-lark-html-role=\"root\" data-docx-has-block-data=\"false\">\n<div data-page-id=\"DaE3fgNEwdnbQVc62iqcBK4lnte\" data-lark-html-role=\"root\" data-docx-has-block-data=\"false\">\n<div data-page-id=\"DaE3fgNEwdnbQVc62iqcBK4lnte\" data-lark-html-role=\"root\" data-docx-has-block-data=\"false\">\n<div data-page-id=\"NqSRfcp5SdFQ6ucdStXcbvManpc\" data-lark-html-role=\"root\" data-docx-has-block-data=\"false\">\n<div data-page-id=\"KydBfoEuudJNYhcgRdAc3aeUn7c\" data-lark-html-role=\"root\" data-docx-has-block-data=\"true\">\n<div data-page-id=\"SIqXfR5ipd7jWpczA5RcYkWInfd\" data-lark-html-role=\"root\" data-docx-has-block-data=\"false\">\n<div data-page-id=\"Y06XfUzydd0aVicBtPKcZlS8nJf\" data-lark-html-role=\"root\" data-docx-has-block-data=\"true\">\n<div data-page-id=\"E2ZvfNrVNdEHKickexPcvdXVnrc\" data-lark-html-role=\"root\" data-docx-has-block-data=\"false\">\n<div data-page-id=\"DqGzfq5S4d9GdAcOQVIcIdPhn2c\" data-lark-html-role=\"root\" data-docx-has-block-data=\"false\">\n<div data-page-id=\"HsKcfE4WLdET7ScRm72cTZ96nPb\" data-lark-html-role=\"root\" data-docx-has-block-data=\"false\">\n<div data-page-id=\"MvWFfuF4Edx69KcRSmmcvS2LndG\" data-lark-html-role=\"root\" data-docx-has-block-data=\"true\">\n<div data-page-id=\"BSNMfUsMXd3XFscNxbDcufC2nEg\" data-lark-html-role=\"root\" data-docx-has-block-data=\"false\">\n<div data-page-id=\"Rr0Mfry1adQB66cMkYGcCmoWnKe\" data-lark-html-role=\"root\" data-docx-has-block-data=\"true\">\n<div data-page-id=\"A7fMfxJhydfxJUc6VX9cVvDKnpd\" data-lark-html-role=\"root\" data-docx-has-block-data=\"false\">\n<div data-page-id=\"A7fMfxJhydfxJUc6VX9cVvDKnpd\" data-lark-html-role=\"root\" data-docx-has-block-data=\"false\">\n<div data-page-id=\"WbzgfFBuTduiBjc6rORciNrNnlf\" data-lark-html-role=\"root\" data-docx-has-block-data=\"false\">\n<div data-page-id=\"R0Rzf8rQUdoB9hcxkiqc9kKHnk2\" data-lark-html-role=\"root\" data-docx-has-block-data=\"true\">\n<div data-page-id=\"ZwXFfRomCdt9G4cs33scepfHnoe\" data-lark-html-role=\"root\" data-docx-has-block-data=\"false\">\n<div data-page-id=\"UFFTffnWTdbuv3coRhBc3zxBnMf\" data-lark-html-role=\"root\" data-docx-has-block-data=\"true\">\n<div data-page-id=\"FV0FfDT4ZdfJZoc4SMccT5Rjndf\" data-lark-html-role=\"root\" data-docx-has-block-data=\"false\">\n<div data-page-id=\"QfqMfQ3H3dBjAycBmxFct9R0nOd\" data-lark-html-role=\"root\" data-docx-has-block-data=\"false\">\n<div data-page-id=\"DXwcf38JSdYoRnczvWycOLbJnKg\" data-lark-html-role=\"root\" data-docx-has-block-data=\"false\">\n<div data-page-id=\"ERF5fOYoJdJoKBcJe3dczeiRnhb\" data-lark-html-role=\"root\" data-docx-has-block-data=\"false\">\n<div data-page-id=\"Xz9kf6dXYdrSpeczDiscWevtn5g\" data-lark-html-role=\"root\" data-docx-has-block-data=\"false\">\n<div data-page-id=\"NXFofecridPG1Kco9gVcxXiEnGf\" data-lark-html-role=\"root\" data-docx-has-block-data=\"false\">\n<div data-page-id=\"EFevfzjvkdlSPEcTWBIc7eVvnog\" data-lark-html-role=\"root\" data-docx-has-block-data=\"false\">\n<div data-page-id=\"M7PifBvbPdUAXlc1ga1ceAEFnrc\" data-lark-html-role=\"root\" data-docx-has-block-data=\"false\">\n<div data-page-id=\"Xk47fsExQdGT3dcRYNzcCeZ0nYb\" data-lark-html-role=\"root\" data-docx-has-block-data=\"false\">\n<div data-page-id=\"OUXufVxtNdzLz9cI8Ijchmyfnrg\" data-lark-html-role=\"root\" data-docx-has-block-data=\"false\">\n<div data-page-id=\"XAtVfnKQidPyc6cF1jhc2z2AnZ1\" data-lark-html-role=\"root\" data-docx-has-block-data=\"false\">\n<div data-page-id=\"B4r8fXUqIde4brcGXg2crgLmn7F\" data-lark-html-role=\"root\" data-docx-has-block-data=\"true\">\n<div data-page-id=\"CcjPfD4Ied4jf2cwt2hcyeGNnHe\" data-lark-html-role=\"root\" data-docx-has-block-data=\"false\">\n<div data-page-id=\"M3lyfHsq4dQP8dc5mI8c3rXxnNc\" data-lark-html-role=\"root\" data-docx-has-block-data=\"false\">\n<div data-page-id=\"E0A4fWGfudmWVGczZV8cLv8Znwd\" data-lark-html-role=\"root\" data-docx-has-block-data=\"false\">\n<div data-page-id=\"M3lyfHsq4dQP8dc5mI8c3rXxnNc\" data-lark-html-role=\"root\" data-docx-has-block-data=\"false\">\n<h2 class=\"ace-line ace-line old-record-id-M3lyfHsq4dQP8dc5mI8c3rXxnNc\">FIHP 40000 Puffs \u2013 Introducci\u00f3n al Producto \u2744\ufe0f<\/h2>\n<div class=\"ace-line ace-line old-record-id-EHizfKYtSdqqyycJkF7cSQM7nRf\">FIHP 40000 Puffs se destaca en el mercado de vapeo desechable con su ultra-larga vida \u00fatil de 40000 puff y 12 mezclas creativas de sabores duales. Combina una bobina de malla dual, 36ml de e-l\u00edquido y una bater\u00eda recargable de 650mAh, todo empaquetado en un dise\u00f1o compacto que es f\u00e1cil de llevar y usar.<\/div>\n<div class=\"ace-line ace-line old-record-id-VLRYfV0FidXRYucPgoNcgpbbnjf\">Sin trucos llamativos, solo un rendimiento confiable y deliciosas combinaciones de sabores. Tambi\u00e9n cuenta con una pantalla LED, carga Tipo-C y dos niveles de nicotina, lo que lo convierte en una opci\u00f3n vers\u00e1til para los vapeadores que valoran la longevidad y el sabor. \ud83d\ude80<br \/>\n<img decoding=\"async\" class=\"alignnone wp-image-7617 size-full\" title=\"FIHP 40K P\u00f3ster\" src=\"https:\/\/oiovape.com\/wp-content\/uploads\/2026\/03\/FIHP-40K-Poster-scaled.jpg\" alt=\"FIHP 40K P\u00f3ster\" width=\"2560\" height=\"853\" srcset=\"https:\/\/oiovape.com\/wp-content\/uploads\/2026\/03\/FIHP-40K-Poster-scaled.jpg 2560w, https:\/\/oiovape.com\/wp-content\/uploads\/2026\/03\/FIHP-40K-Poster-300x100.jpg 300w, https:\/\/oiovape.com\/wp-content\/uploads\/2026\/03\/FIHP-40K-Poster-1024x341.jpg 1024w, https:\/\/oiovape.com\/wp-content\/uploads\/2026\/03\/FIHP-40K-Poster-768x256.jpg 768w, https:\/\/oiovape.com\/wp-content\/uploads\/2026\/03\/FIHP-40K-Poster-1536x512.jpg 1536w, https:\/\/oiovape.com\/wp-content\/uploads\/2026\/03\/FIHP-40K-Poster-2048x683.jpg 2048w, https:\/\/oiovape.com\/wp-content\/uploads\/2026\/03\/FIHP-40K-Poster-18x6.jpg 18w, https:\/\/oiovape.com\/wp-content\/uploads\/2026\/03\/FIHP-40K-Poster-1200x400.jpg 1200w, https:\/\/oiovape.com\/wp-content\/uploads\/2026\/03\/FIHP-40K-Poster-150x50.jpg 150w\" sizes=\"(max-width: 2560px) 100vw, 2560px\" \/><\/div>\n<h2 class=\"heading-2 ace-line old-record-id-ClHffoz4CdvwLec7aJDcQEaOnrh\">12 Sabores Dual: Una Mezcla Perfecta de Sabor y Diversi\u00f3n \ud83e\uddc3<\/h2>\n<div class=\"ace-line ace-line old-record-id-OQ3ofDWLGdfCTNcXN5gc6E8wnqg\">Lo que hace especial a FIHP 40000 Puffs es su enfoque en mezclas de sabores duales: 12 pares cuidadosamente elaborados (en orden) que combinan sabores complementarios para crear experiencias agradables y en capas. Cada mezcla equilibra dos sabores perfectamente, para que obtengas lo mejor de ambos mundos en cada puff.<\/div>\n<h3 class=\"heading-3 ace-line old-record-id-S65qfglDTdfJxmcgifocuFgDn3b\">Selecci\u00f3n de Sabores Dual<\/h3>\n<div class=\"ace-line ace-line old-record-id-Omcsfy3dWd8YN3c0BVrceuzqnTc\">01. Lim\u00f3n Lima &amp; Hielo de Sand\u00eda \ud83c\udf49 (un d\u00fao crujiente y fresco)<br \/>\n02. Hielo de Uva &amp; Kiwi de Fresa \ud83e\udd5d (uva dulce se encuentra con kiwi-fresa fresca)<br \/>\n03. Pi\u00f1a Coco &amp; Banana de Fresa \ud83c\udf4d (dulzura tropical en cada puff)<\/div>\n<div class=\"ace-line ace-line old-record-id-RQwefDFu6dRRVjcEgeOcpYaZnob\">04. Naranja Mango Sand\u00eda &amp; Hielo de Red Bull \u26a1 (frescura afrutada con un impulso de energ\u00eda)<br \/>\n05. Hielo de Ar\u00e1ndano &amp; Fizzy Cereza \ud83c\udf52 (ar\u00e1ndano helado combinado con cereza burbujeante)<br \/>\n06. Hielo de Durazno &amp; Frutas Mixtas \ud83c\udf51 (durazno fresco mezclado con diversas bayas)<\/div>\n<div class=\"ace-line ace-line old-record-id-EbDQfuPyedmsbbcd2LicjUbqnhg\">07. Doble Hielo de Manzana &amp; amor 666 \ud83c\udf4e (crujiente doble hielo de manzana con un giro \u00fanico)<br \/>\n08. Cereza de Fresa Frambuesa &amp; Hielo de Fresa \ud83c\udf53 (mezcla de bayas se encuentra con fresa helada)<br \/>\n09. Limonada de Blue Razz &amp; Hielo de Cola de Cereza \ud83e\udd64 (limonada de blue razz \u00e1cida con frescura de cola de cereza)<\/div>\n<div class=\"ace-line ace-line old-record-id-AAP2fkVIddotBWcVObscr9JnnTb\">10. Durazno Mango Pi\u00f1a &amp; Hielo de Cereza \ud83c\udf4d (tr\u00edo tropical con cereza helada)<br \/>\n11. Hielo de Drag\u00f3n Negro &amp; Kiwi Fruta de la Pasi\u00f3n Guayaba \ud83e\udd65 (fruta de drag\u00f3n negro helada mezclada con guayaba-kiwi tropical)<br \/>\n12. Manzana \u00c1cida Frambuesa &amp; Cereza de Fresa \ud83c\udf4e (manzana \u00e1cida-frambuesa \u00e1cida con dulce cereza-fresa)<\/div>\n<h4 class=\"heading-4 ace-line old-record-id-H6imfYbxodCS6ncUc59codQDnjO\">Bobina de Malla Dual: Golpes Suaves y Consistentes<\/h4>\n<div class=\"ace-line ace-line old-record-id-XMIhfzgHHdpnWwc4oo6ceNLfn2Y\">Impulsado por una bobina de malla dual de 1.0ohm, FIHP 40000 Puffs ofrece golpes suaves y consistentes cada vez. El dise\u00f1o de bobina dual calienta el e-l\u00edquido de manera uniforme, desbloqueando el sabor completo de cada mezcla dual sin notas quemadas ni aspereza. Est\u00e1 construido para durar, coincidiendo con la vida \u00fatil de 40000 puff para un disfrute ininterrumpido.<\/div>\n<h2 class=\"heading-2 ace-line old-record-id-NY9dfBtoXdZ85VcTYpScz1GpnQf\">Ultra-Larga Vida \u00datil &amp; Caracter\u00edsticas Pr\u00e1cticas \ud83d\udee0\ufe0f<\/h2>\n<div class=\"ace-line ace-line old-record-id-SJSIfF4H4dnlMocYFD2cKbfYnpg\">La vida \u00fatil de 40000 puff es la estrella del espect\u00e1culo; incluso con un uso diario y frecuente, este dispositivo dura semanas, eliminando la molestia de cambios frecuentes de dispositivo. Combina esta longevidad con caracter\u00edsticas pr\u00e1cticas que hacen que el vapeo sea m\u00e1s f\u00e1cil y personalizado.<\/div>\n<h3 class=\"heading-3 ace-line old-record-id-YYEHf9ePOd6VrwcM16Nckd5onOf\">Bater\u00eda &amp; Carga: Conveniente y Confiable<\/h3>\n<div class=\"ace-line ace-line old-record-id-P64Mf6vsvdTuIHc1y7Nc3K9vndg\">Equipado con una bater\u00eda recargable de 650mAh, se mantiene al d\u00eda con la vida \u00fatil de 40000 puff. El puerto de carga Tipo-C te permite recargar la bater\u00eda r\u00e1pidamente, por lo que nunca tienes que pausar tu experiencia de vapeo por mucho tiempo. No m\u00e1s tirar dispositivos con e-l\u00edquido sobrante.<\/div>\n<h4 class=\"heading-4 ace-line old-record-id-IDv7fBmjcdwFTlcebmdcVgHBn2c\">Pantalla LED y Opciones de Nicotina<\/h4>\n<div class=\"ace-line ace-line old-record-id-HTL0fyYjrdWbJJcNctkcPgW0nlf\">La pantalla LED te mantiene informado sobre la vida de la bater\u00eda y el nivel de e-l\u00edquido, para que nunca te quedes sin \u00e9l inesperadamente. Tambi\u00e9n ofrece dos niveles de nicotina\u20142% y 5%\u2014atendiendo diferentes preferencias, ya sea que prefieras un golpe suave o m\u00e1s fuerte.<\/div>\n<h2 class=\"heading-2 ace-line old-record-id-IJsrfIlD3dhlv8cWKtMc8DLFn5e\">Dise\u00f1o Compacto y Empaque Pr\u00e1ctico \ud83d\udce6<\/h2>\n<div class=\"ace-line ace-line old-record-id-V09kfbfZCdRGp6cdLwucodLQn4g\">Con un tama\u00f1o de producto de 50*25*98mm, FIHP 40000 Puffs es compacto y ligero, f\u00e1cil de deslizar en tu bolsillo o bolso para uso en movimiento. El empaque es igualmente pr\u00e1ctico, con cada cart\u00f3n (595*374*260mm) conteniendo 200 piezas y pesando 20.7kg\u2014perfecto para almacenamiento a granel o reventa.<\/div>\n<\/div>\n<\/div>\n<\/div>\n<\/div>\n<\/div>\n<\/div>\n<\/div>\n<\/div>\n<\/div>\n<\/div>\n<\/div>\n<\/div>\n<\/div>\n<\/div>\n<\/div>\n<\/div>\n<\/div>\n<\/div>\n<\/div>\n<\/div>\n<\/div>\n<\/div>\n<\/div>\n<\/div>\n<\/div>\n<\/div>\n<\/div>\n<\/div>\n<\/div>\n<\/div>\n<\/div>\n<\/div>\n<\/div>\n<\/div>\n<\/div>\n<\/div>\n<\/div>\n<\/div>\n<\/div>\n<\/div>\n<\/div>\n<\/div>\n<\/div>\n<\/div>\n<\/div>\n<\/div>\n<\/div>\n<\/div>\n<\/div>\n<\/div>\n<\/div>\n<\/div>\n<\/div>\n<\/div>\n<\/div>\n<\/div>\n<\/div>\n<\/div>\n<\/div>\n<\/div>\n<\/div>\n<\/div>\n<\/div>\n<\/div>\n<\/div>\n<\/div>\n<\/div>\n<\/div>\n<\/div>\n<\/div>\n<\/div>\n<\/div>\n<\/div>\n<\/div>\n<\/div>\n<\/div>\n<\/div>\n<\/div>\n<\/div>\n<\/div>\n<\/div>\n<\/div>\n<\/div>\n<\/div>\n<\/div>\n<\/div>\n<\/div>\n<\/div>\n<\/div>\n<\/div>\n<\/div>\n<\/div>\n<\/div>\n<\/div>\n<\/div>\n<\/div>\n<\/div>\n<\/div>\n<\/div>\n<\/div>\n<\/div>\n<\/div>\n<\/div>\n<\/div>\n<\/div>\n<\/div>\n<\/div>\n<\/div>\n<\/div>","protected":false},"excerpt":{"rendered":"<div data-page-id=\"RAopf2sw9dtvw4cWYXpcTwo0n8g\" data-lark-html-role=\"root\" data-docx-has-block-data=\"false\">\n<div class=\"ace-line ace-line old-record-id-Uju9f3RXYd8dh2crAJbcBF3Un6M\">\n<div data-page-id=\"Dd8gfe2wRdT66jcgnqtcUwg5ndh\" data-lark-html-role=\"root\" data-docx-has-block-data=\"false\">\n<div class=\"ace-line ace-line old-record-id-FiRZf3qXpdK0RqcHt8wcxPTon8b\">FIHP 40000 Puffs ofrece 12 sabores duales ordenados, una bobina de malla dual de 1.0ohm, 36ml de e-l\u00edquido (nicotina 2%\/5%) y 40000 puff. Tiene una bater\u00eda recargable de 650mAh Tipo-C, pantalla LED, tama\u00f1o de 50<em>25<\/em>98mm, y cart\u00f3n de 200pcs\/20.7kg, compacto y pr\u00e1ctico.<\/div>\n<\/div>\n<\/div>\n<\/div>","protected":false},"featured_media":7627,"comment_status":"open","ping_status":"closed","template":"","meta":{"_acf_changed":false,"inline_featured_image":false,"_sitemap_exclude":false,"_sitemap_priority":"","_sitemap_frequency":""},"product_brand":[398],"product_cat":[397,239,244],"product_tag":[],"class_list":{"0":"post-7642","1":"product","2":"type-product","3":"status-publish","4":"has-post-thumbnail","6":"product_brand-fihp","7":"product_cat-fihp-puff","8":"product_cat-disposable-vape-collection","9":"product_cat-40k-puff","11":"first","12":"instock","13":"sale","14":"shipping-taxable","15":"purchasable","16":"product-type-variable","17":"has-default-attributes"},"acf":[],"tiered_pricing_type":"fixed","tiered_pricing_fixed_rules":{"30":8.39,"60":7.35,"100":6.3,"200":5.25},"tiered_pricing_product_settings":{"layout":"default","base_unit_name":{"singular":null,"plural":null},"default_variation":null},"tiered_pricing_minimum_quantity":10,"tiered_pricing_roles_data":[],"tiered_pricing_percentage_rules":[],"tiered_pricing_maximum_quantity":null,"tiered_pricing_quantity_step":"10","_links":{"self":[{"href":"https:\/\/oiovape.com\/es\/wp-json\/wp\/v2\/product\/7642","targetHints":{"allow":["GET"]}}],"collection":[{"href":"https:\/\/oiovape.com\/es\/wp-json\/wp\/v2\/product"}],"about":[{"href":"https:\/\/oiovape.com\/es\/wp-json\/wp\/v2\/types\/product"}],"replies":[{"embeddable":true,"href":"https:\/\/oiovape.com\/es\/wp-json\/wp\/v2\/comments?post=7642"}],"version-history":[{"count":1,"href":"https:\/\/oiovape.com\/es\/wp-json\/wp\/v2\/product\/7642\/revisions"}],"predecessor-version":[{"id":7671,"href":"https:\/\/oiovape.com\/es\/wp-json\/wp\/v2\/product\/7642\/revisions\/7671"}],"wp:featuredmedia":[{"embeddable":true,"href":"https:\/\/oiovape.com\/es\/wp-json\/wp\/v2\/media\/7627"}],"wp:attachment":[{"href":"https:\/\/oiovape.com\/es\/wp-json\/wp\/v2\/media?parent=7642"}],"wp:term":[{"taxonomy":"product_brand","embeddable":true,"href":"https:\/\/oiovape.com\/es\/wp-json\/wp\/v2\/product_brand?post=7642"},{"taxonomy":"product_cat","embeddable":true,"href":"https:\/\/oiovape.com\/es\/wp-json\/wp\/v2\/product_cat?post=7642"},{"taxonomy":"product_tag","embeddable":true,"href":"https:\/\/oiovape.com\/es\/wp-json\/wp\/v2\/product_tag?post=7642"}],"curies":[{"name":"wp","href":"https:\/\/api.w.org\/{rel}","templated":true}]}}