{"id":7699,"date":"2026-03-09T10:02:01","date_gmt":"2026-03-09T02:02:01","guid":{"rendered":"https:\/\/oiovape.com\/?post_type=product&#038;p=7699"},"modified":"2026-03-09T10:30:26","modified_gmt":"2026-03-09T02:30:26","slug":"wga-crystal-plus-20000-puffs","status":"publish","type":"product","link":"https:\/\/oiovape.com\/es\/product\/wga-crystal-plus-20000-puffs\/","title":{"rendered":"WGA Crystal Plus 20000 PUFFS Bol\u00edgrafo desechable con sabores dobles disponibles"},"content":{"rendered":"<div data-page-id=\"ZVeMfq8uxd7y1ycuKm5cym4LnYd\" data-lark-html-role=\"root\" data-docx-has-block-data=\"false\">\n<div data-page-id=\"Fd41fZ5N9dzRQtcRNoVc2FuDnCh\" data-lark-html-role=\"root\" data-docx-has-block-data=\"true\">\n<div data-page-id=\"BdIJfeeijdk1eucGpS8cDCBBn5c\" data-lark-html-role=\"root\" data-docx-has-block-data=\"false\">\n<div data-page-id=\"Zbg9fWx77dUuh2cIYpic25c8nyd\" data-lark-html-role=\"root\" data-docx-has-block-data=\"false\">\n<div data-page-id=\"KaIvfiurhdlCKdc0kyxcX64cnE6\" data-lark-html-role=\"root\" data-docx-has-block-data=\"true\">\n<div data-page-id=\"PbvFfqxqlddUTScRpEYcY5MHnpf\" data-lark-html-role=\"root\" data-docx-has-block-data=\"true\">\n<div data-page-id=\"GZO2f5JeudwY4jc9iJtcdk9Hnxh\" data-lark-html-role=\"root\" data-docx-has-block-data=\"false\">\n<div data-page-id=\"EZVRf2acFduXLGcseZFc4qH2n6e\" data-lark-html-role=\"root\" data-docx-has-block-data=\"false\">\n<div data-page-id=\"B8rHfcqlqdzmH5cCWCncz17Cntb\" data-lark-html-role=\"root\" data-docx-has-block-data=\"false\">\n<div data-page-id=\"B8rHfcqlqdzmH5cCWCncz17Cntb\" data-lark-html-role=\"root\" data-docx-has-block-data=\"false\">\n<div data-page-id=\"B8rHfcqlqdzmH5cCWCncz17Cntb\" data-lark-html-role=\"root\" data-docx-has-block-data=\"true\">\n<div data-page-id=\"HM70f1aoxdD0bMcxJZBcVc7ynZd\" data-lark-html-role=\"root\" data-docx-has-block-data=\"false\">\n<div data-page-id=\"NSrJfN7Ord22i0c1iwZcsF8yn8b\" data-lark-html-role=\"root\" data-docx-has-block-data=\"false\">\n<div data-page-id=\"RXEff4Mskds8o1cqL5HcGEtUnCh\" data-lark-html-role=\"root\" data-docx-has-block-data=\"false\">\n<div data-page-id=\"KJ7gfqkVndMSRJcMseScmvYwnTc\" data-lark-html-role=\"root\" data-docx-has-block-data=\"false\">\n<div class=\"ace-line ace-line old-record-id-QADAfETPudgmudc05YvcTO5fnxe\">\n<div data-page-id=\"KJ7gfqkVndMSRJcMseScmvYwnTc\" data-lark-html-role=\"root\" data-docx-has-block-data=\"false\">\n<div class=\"ace-line ace-line old-record-id-JoRkfpho8dOkiacEOascDyCOncb\">\n<div data-page-id=\"KJ7gfqkVndMSRJcMseScmvYwnTc\" data-lark-html-role=\"root\" data-docx-has-block-data=\"false\">\n<div data-page-id=\"Ju6ofQ3V4dGmePcVvJvc1gmcnZb\" data-lark-html-role=\"root\" data-docx-has-block-data=\"true\">\n<div data-page-id=\"PR9ife5PLdFabccbFgZcWgZOnTc\" data-lark-html-role=\"root\" data-docx-has-block-data=\"false\">\n<div data-page-id=\"INdrfOIGzdaenXcptrcc1BcznQc\" data-lark-html-role=\"root\" data-docx-has-block-data=\"false\">\n<div class=\"ace-line ace-line old-record-id-P0fIf4YaZdoGkbcxt5ackec2nnb\">\n<div data-page-id=\"INdrfOIGzdaenXcptrcc1BcznQc\" data-lark-html-role=\"root\" data-docx-has-block-data=\"false\">\n<div data-page-id=\"MAzCfUB73dMTQscm8eWcougVn1g\" data-lark-html-role=\"root\" data-docx-has-block-data=\"true\">\n<div data-page-id=\"AXfpf7H1odhDvGcKoUOcErN8nV7\" data-lark-html-role=\"root\" data-docx-has-block-data=\"false\">\n<div data-page-id=\"QYTKf5PvLdUNdbce2nBcW9yfnrh\" data-lark-html-role=\"root\" data-docx-has-block-data=\"false\">\n<div data-page-id=\"Pvu1f1CCBdxbjncA9pgcBTpanph\" data-lark-html-role=\"root\" data-docx-has-block-data=\"true\">\n<div data-page-id=\"Axf3fcmY8dDAhtcjVircBcphnPc\" data-lark-html-role=\"root\" data-docx-has-block-data=\"false\">\n<div data-page-id=\"KKj1f9SPmdLhhMc5E2AcNlLen6f\" data-lark-html-role=\"root\" data-docx-has-block-data=\"true\">\n<div data-page-id=\"Rx61fK1sJdXHjPcBuhZcweNhnwc\" data-lark-html-role=\"root\" data-docx-has-block-data=\"false\">\n<div data-page-id=\"L1H9fkG9Mdz45Fcy4WMc5VKXnRe\" data-lark-html-role=\"root\" data-docx-has-block-data=\"false\">\n<div data-page-id=\"L1H9fkG9Mdz45Fcy4WMc5VKXnRe\" data-lark-html-role=\"root\" data-docx-has-block-data=\"false\">\n<div data-page-id=\"D4XLfVBVrdE8mrcaYizczklLnaf\" data-lark-html-role=\"root\" data-docx-has-block-data=\"false\">\n<div data-page-id=\"WVcifIY44d5mhMcXtyEcTsfenGd\" data-lark-html-role=\"root\" data-docx-has-block-data=\"true\">\n<div data-page-id=\"LRknfa6Whd4DWCcUc0FcNKpJnyh\" data-lark-html-role=\"root\" data-docx-has-block-data=\"false\">\n<div data-page-id=\"LRknfa6Whd4DWCcUc0FcNKpJnyh\" data-lark-html-role=\"root\" data-docx-has-block-data=\"false\">\n<div data-page-id=\"XFRAfkcOEdRWh8cArQ2cJdyRnJf\" data-lark-html-role=\"root\" data-docx-has-block-data=\"true\">\n<div data-page-id=\"OQ3bfjnRddMTDGcC3ouc6xFKnWf\" data-lark-html-role=\"root\" data-docx-has-block-data=\"true\">\n<div data-page-id=\"J0iGfj1hEdjc4rcUdSmc4spMnmZ\" data-lark-html-role=\"root\" data-docx-has-block-data=\"false\">\n<div data-page-id=\"P1o7fFyNlduP8tcfZpQcagzbnIf\" data-lark-html-role=\"root\" data-docx-has-block-data=\"false\">\n<div class=\"ace-line ace-line old-record-id-P1o7fFyNlduP8tcfZpQcagzbnIf\">\n<div data-page-id=\"P1o7fFyNlduP8tcfZpQcagzbnIf\" data-lark-html-role=\"root\" data-docx-has-block-data=\"false\">\n<div data-page-id=\"U4iufW38SdttWKcTstMcTtHRnXc\" data-lark-html-role=\"root\" data-docx-has-block-data=\"true\">\n<div data-page-id=\"ONVMf7VTWddcFtcyATOchCJHnZb\" data-lark-html-role=\"root\" data-docx-has-block-data=\"true\">\n<div data-page-id=\"KoW2fSy0PdLHFlc5kSHcgvWMnYg\" data-lark-html-role=\"root\" data-docx-has-block-data=\"false\">\n<div data-page-id=\"KoW2fSy0PdLHFlc5kSHcgvWMnYg\" data-lark-html-role=\"root\" data-docx-has-block-data=\"false\">\n<div data-page-id=\"OLGhfzxC7d7EFIcLEj9cRT5ynZf\" data-lark-html-role=\"root\" data-docx-has-block-data=\"false\">\n<div data-page-id=\"DdnnfrLjzdqrFIc9Il9c7pA2noc\" data-lark-html-role=\"root\" data-docx-has-block-data=\"true\">\n<div data-page-id=\"KNzcf2o0oddkJOcztTVcqPdlnth\" data-lark-html-role=\"root\" data-docx-has-block-data=\"false\">\n<div data-page-id=\"LBU7fg5SEdkWhecGJoxca3xvnCe\" data-lark-html-role=\"root\" data-docx-has-block-data=\"false\">\n<div data-page-id=\"EB70fooS3d69bMcgWB7c5qb9n8g\" data-lark-html-role=\"root\" data-docx-has-block-data=\"false\">\n<div data-page-id=\"AogwfsZCadB6t0cAvF0cK4JLnvf\" data-lark-html-role=\"root\" data-docx-has-block-data=\"false\">\n<div data-page-id=\"AogwfsZCadB6t0cAvF0cK4JLnvf\" data-lark-html-role=\"root\" data-docx-has-block-data=\"false\">\n<div data-page-id=\"JMZIflNGddQuU0c5JZocSqlvnle\" data-lark-html-role=\"root\" data-docx-has-block-data=\"false\">\n<div data-page-id=\"JMZIflNGddQuU0c5JZocSqlvnle\" data-lark-html-role=\"root\" data-docx-has-block-data=\"true\">\n<div data-page-id=\"HtEafjjRIdPAlMc9zgYcsGy6nOe\" data-lark-html-role=\"root\" data-docx-has-block-data=\"false\">\n<div data-page-id=\"Rhnafz0WTdDeT9c43xxczsbVnJo\" data-lark-html-role=\"root\" data-docx-has-block-data=\"false\">\n<div data-page-id=\"WY0CfKdcTdf4hVcZl67ct5LGncf\" data-lark-html-role=\"root\" data-docx-has-block-data=\"true\">\n<div data-page-id=\"MkB5fF4AVdchovcoPEpc7LqvnOd\" data-lark-html-role=\"root\" data-docx-has-block-data=\"true\">\n<div data-page-id=\"MfbjfZhbhdJdA8cH1dAckqF0n6g\" data-lark-html-role=\"root\" data-docx-has-block-data=\"false\">\n<div class=\"ace-line ace-line old-record-id-W2AHfJLnjd7ugjcRLs1c8BdhnNh\">\n<div data-page-id=\"MfbjfZhbhdJdA8cH1dAckqF0n6g\" data-lark-html-role=\"root\" data-docx-has-block-data=\"false\">\n<div class=\"old-record-id-XXd1feeCZdR2hJc6evocxnh1nOg\">\n<div data-page-id=\"MfbjfZhbhdJdA8cH1dAckqF0n6g\" data-lark-html-role=\"root\" data-docx-has-block-data=\"false\">\n<div data-page-id=\"DE51fYUmxdT3ekcHzc3cGrVQnsc\" data-lark-html-role=\"root\" data-docx-has-block-data=\"false\">\n<div data-page-id=\"YSKdfaZ08dRej3ci5CccQBuOncc\" data-lark-html-role=\"root\" data-docx-has-block-data=\"true\">\n<div data-page-id=\"K6mofQmledamEFcgp1EcVobmnYd\" data-lark-html-role=\"root\" data-docx-has-block-data=\"false\">\n<div data-page-id=\"VTgsfVLdCd9q1ucYcwRcCM0Hnof\" data-lark-html-role=\"root\" data-docx-has-block-data=\"true\">\n<div data-page-id=\"WucKfzp8RdNy8rcMJHncz4Knnac\" data-lark-html-role=\"root\" data-docx-has-block-data=\"true\">\n<div data-page-id=\"IfZ9fDIBLd9b9hcJiqGcLw9Pnmh\" data-lark-html-role=\"root\" data-docx-has-block-data=\"false\">\n<div data-page-id=\"JeU6f3Yq5dbdEHcZDptc5ikcn5c\" data-lark-html-role=\"root\" data-docx-has-block-data=\"true\">\n<div data-page-id=\"E1YjfnB4Jdmtsfc2ZObcu04Un6c\" data-lark-html-role=\"root\" data-docx-has-block-data=\"false\">\n<div data-page-id=\"RQVEfdiOzdqTQKcRcnxcG0Y7nce\" data-lark-html-role=\"root\" data-docx-has-block-data=\"true\">\n<div data-page-id=\"NKc7fbZi9dnOXocdHcScVsXdnmh\" data-lark-html-role=\"root\" data-docx-has-block-data=\"false\">\n<div data-page-id=\"DaE3fgNEwdnbQVc62iqcBK4lnte\" data-lark-html-role=\"root\" data-docx-has-block-data=\"false\">\n<div data-page-id=\"DaE3fgNEwdnbQVc62iqcBK4lnte\" data-lark-html-role=\"root\" data-docx-has-block-data=\"false\">\n<div data-page-id=\"NqSRfcp5SdFQ6ucdStXcbvManpc\" data-lark-html-role=\"root\" data-docx-has-block-data=\"false\">\n<div data-page-id=\"KydBfoEuudJNYhcgRdAc3aeUn7c\" data-lark-html-role=\"root\" data-docx-has-block-data=\"true\">\n<div data-page-id=\"SIqXfR5ipd7jWpczA5RcYkWInfd\" data-lark-html-role=\"root\" data-docx-has-block-data=\"false\">\n<div data-page-id=\"Y06XfUzydd0aVicBtPKcZlS8nJf\" data-lark-html-role=\"root\" data-docx-has-block-data=\"true\">\n<div data-page-id=\"E2ZvfNrVNdEHKickexPcvdXVnrc\" data-lark-html-role=\"root\" data-docx-has-block-data=\"false\">\n<div data-page-id=\"DqGzfq5S4d9GdAcOQVIcIdPhn2c\" data-lark-html-role=\"root\" data-docx-has-block-data=\"false\">\n<div data-page-id=\"HsKcfE4WLdET7ScRm72cTZ96nPb\" data-lark-html-role=\"root\" data-docx-has-block-data=\"false\">\n<div data-page-id=\"MvWFfuF4Edx69KcRSmmcvS2LndG\" data-lark-html-role=\"root\" data-docx-has-block-data=\"true\">\n<div data-page-id=\"BSNMfUsMXd3XFscNxbDcufC2nEg\" data-lark-html-role=\"root\" data-docx-has-block-data=\"false\">\n<div data-page-id=\"Rr0Mfry1adQB66cMkYGcCmoWnKe\" data-lark-html-role=\"root\" data-docx-has-block-data=\"true\">\n<div data-page-id=\"A7fMfxJhydfxJUc6VX9cVvDKnpd\" data-lark-html-role=\"root\" data-docx-has-block-data=\"false\">\n<div data-page-id=\"A7fMfxJhydfxJUc6VX9cVvDKnpd\" data-lark-html-role=\"root\" data-docx-has-block-data=\"false\">\n<div data-page-id=\"WbzgfFBuTduiBjc6rORciNrNnlf\" data-lark-html-role=\"root\" data-docx-has-block-data=\"false\">\n<div data-page-id=\"R0Rzf8rQUdoB9hcxkiqc9kKHnk2\" data-lark-html-role=\"root\" data-docx-has-block-data=\"true\">\n<div data-page-id=\"ZwXFfRomCdt9G4cs33scepfHnoe\" data-lark-html-role=\"root\" data-docx-has-block-data=\"false\">\n<div data-page-id=\"UFFTffnWTdbuv3coRhBc3zxBnMf\" data-lark-html-role=\"root\" data-docx-has-block-data=\"true\">\n<div data-page-id=\"FV0FfDT4ZdfJZoc4SMccT5Rjndf\" data-lark-html-role=\"root\" data-docx-has-block-data=\"false\">\n<div data-page-id=\"QfqMfQ3H3dBjAycBmxFct9R0nOd\" data-lark-html-role=\"root\" data-docx-has-block-data=\"false\">\n<div data-page-id=\"DXwcf38JSdYoRnczvWycOLbJnKg\" data-lark-html-role=\"root\" data-docx-has-block-data=\"false\">\n<div data-page-id=\"ERF5fOYoJdJoKBcJe3dczeiRnhb\" data-lark-html-role=\"root\" data-docx-has-block-data=\"false\">\n<div data-page-id=\"Xz9kf6dXYdrSpeczDiscWevtn5g\" data-lark-html-role=\"root\" data-docx-has-block-data=\"false\">\n<div data-page-id=\"NXFofecridPG1Kco9gVcxXiEnGf\" data-lark-html-role=\"root\" data-docx-has-block-data=\"false\">\n<div data-page-id=\"EFevfzjvkdlSPEcTWBIc7eVvnog\" data-lark-html-role=\"root\" data-docx-has-block-data=\"false\">\n<div data-page-id=\"M7PifBvbPdUAXlc1ga1ceAEFnrc\" data-lark-html-role=\"root\" data-docx-has-block-data=\"false\">\n<div data-page-id=\"Xk47fsExQdGT3dcRYNzcCeZ0nYb\" data-lark-html-role=\"root\" data-docx-has-block-data=\"false\">\n<div data-page-id=\"OUXufVxtNdzLz9cI8Ijchmyfnrg\" data-lark-html-role=\"root\" data-docx-has-block-data=\"false\">\n<div data-page-id=\"XAtVfnKQidPyc6cF1jhc2z2AnZ1\" data-lark-html-role=\"root\" data-docx-has-block-data=\"false\">\n<div data-page-id=\"B4r8fXUqIde4brcGXg2crgLmn7F\" data-lark-html-role=\"root\" data-docx-has-block-data=\"true\">\n<div data-page-id=\"CcjPfD4Ied4jf2cwt2hcyeGNnHe\" data-lark-html-role=\"root\" data-docx-has-block-data=\"false\">\n<div data-page-id=\"M3lyfHsq4dQP8dc5mI8c3rXxnNc\" data-lark-html-role=\"root\" data-docx-has-block-data=\"false\">\n<div data-page-id=\"E0A4fWGfudmWVGczZV8cLv8Znwd\" data-lark-html-role=\"root\" data-docx-has-block-data=\"false\">\n<div data-page-id=\"M3lyfHsq4dQP8dc5mI8c3rXxnNc\" data-lark-html-role=\"root\" data-docx-has-block-data=\"false\">\n<div data-page-id=\"PBcMfb1nvdgiupchwvBcbvRSnUh\" data-lark-html-role=\"root\" data-docx-has-block-data=\"true\">\n<div data-page-id=\"MLuYfsFFLdcwehcp2yacuTpRn6c\" data-lark-html-role=\"root\" data-docx-has-block-data=\"false\">\n<div data-page-id=\"EwHhfTyLmdJwUCc1f7McCRL1nmb\" data-lark-html-role=\"root\" data-docx-has-block-data=\"false\">\n<h2 class=\"ace-line ace-line old-record-id-EwHhfTyLmdJwUCc1f7McCRL1nmb\">WGA Crystal Plus 20000 Puffs \u2013 Introducci\u00f3n a los aspectos destacados \ud83c\udf6c\u2744\ufe0f<\/h2>\n<div class=\"ace-line ace-line old-record-id-CATufj6o0dWcDKcaDA3cJaOsnBf\">Para los vapeadores que anhelan variedad, estilo y una experiencia suave y constante, el WGA Crystal Plus 20000 Puffs es m\u00e1s que un simple vape desechable: es una mezcla perfecta de creatividad, funcionalidad y elegancia. Con su llamativo dise\u00f1o de cristal, 17 sabores dobles completos 2 en 1 y un rendimiento confiable, est\u00e1 dise\u00f1ado para ofrecer 20000 inhalaciones de puro disfrute.<\/div>\n<div class=\"ace-line ace-line old-record-id-IQjAfn6TNdyRsBckddjcc9uqnTg\">\n<p>Sin jerga de marketing r\u00edgida, sin promesas exageradas: solo un dispositivo bien hecho que se enfoca en lo que los vapeadores realmente quieren: gran sabor, f\u00e1cil uso y satisfacci\u00f3n duradera. Est\u00e1 dise\u00f1ado para cualquiera que ame probar nuevas combinaciones de sabores y valore un dispositivo que se vea tan bien como funciona. \u2728<\/p>\n<h2 class=\"heading-2 ace-line old-record-id-NQp8fX1jpdSusBcBePCcBhWynnh\">\u00bfPor qu\u00e9 elegir WGA Crystal Plus 20000 Puffs? \ud83e\udd14<\/h2>\n<div class=\"ace-line ace-line old-record-id-TWdlfc50ZdD3usc3iOocjvHTntc\">Es m\u00e1s que un vape desechable: es un paquete completo: 17 sabores dobles completos, un impresionante dise\u00f1o de cristal, vapeo MTL suave, una bobina de malla dual confiable y un rendimiento duradero. A diferencia de otros dispositivos que escatiman en calidad, cumple con cada promesa, convirti\u00e9ndolo en una opci\u00f3n principal para vapeadores de todos los niveles de experiencia.<\/div>\n<div class=\"ace-line ace-line old-record-id-WiWRf9DxNde0IncopmgcevbfnKf\">Ya sea que te atraiga su dise\u00f1o elegante, su diversa gama de sabores o su rendimiento constante, este dispositivo no te decepcionar\u00e1. Es simple, agradable y est\u00e1 dise\u00f1ado para que cada inhalaci\u00f3n se sienta como un regalo.<br \/>\n<img decoding=\"async\" class=\"alignnone wp-image-7712 size-full\" title=\"WGA Crystal Plus 20k P\u00f3ster\" src=\"https:\/\/oiovape.com\/wp-content\/uploads\/2026\/03\/WGA-Crystal-Plus-20k-Poster-scaled.jpg\" alt=\"WGA Crystal Plus 20k P\u00f3ster\" width=\"2560\" height=\"1097\" srcset=\"https:\/\/oiovape.com\/wp-content\/uploads\/2026\/03\/WGA-Crystal-Plus-20k-Poster-scaled.jpg 2560w, https:\/\/oiovape.com\/wp-content\/uploads\/2026\/03\/WGA-Crystal-Plus-20k-Poster-300x129.jpg 300w, https:\/\/oiovape.com\/wp-content\/uploads\/2026\/03\/WGA-Crystal-Plus-20k-Poster-1024x439.jpg 1024w, https:\/\/oiovape.com\/wp-content\/uploads\/2026\/03\/WGA-Crystal-Plus-20k-Poster-768x329.jpg 768w, https:\/\/oiovape.com\/wp-content\/uploads\/2026\/03\/WGA-Crystal-Plus-20k-Poster-1536x658.jpg 1536w, https:\/\/oiovape.com\/wp-content\/uploads\/2026\/03\/WGA-Crystal-Plus-20k-Poster-2048x878.jpg 2048w, https:\/\/oiovape.com\/wp-content\/uploads\/2026\/03\/WGA-Crystal-Plus-20k-Poster-18x8.jpg 18w, https:\/\/oiovape.com\/wp-content\/uploads\/2026\/03\/WGA-Crystal-Plus-20k-Poster-1200x514.jpg 1200w, https:\/\/oiovape.com\/wp-content\/uploads\/2026\/03\/WGA-Crystal-Plus-20k-Poster-150x64.jpg 150w\" sizes=\"(max-width: 2560px) 100vw, 2560px\" \/><\/div>\n<\/div>\n<h2 class=\"heading-2 ace-line old-record-id-GiGmfazZwdhrOMcTmC0cX0XWnNd\">Dise\u00f1o de cristal: Elegante y pr\u00e1ctico \u2728<\/h2>\n<div class=\"ace-line ace-line old-record-id-J0O8fCpmodZRjDcT6JbcsC8hnOd\">Lo primero que notar\u00e1s sobre el WGA Crystal Plus 20000 Puffs es su impresionante dise\u00f1o de cristal. A diferencia de los vape desechables gen\u00e9ricos y simples, presenta un cuerpo transparente y parecido al cristal que brilla sutilmente, a\u00f1adiendo un toque de lujo a tu rutina de vapeo. Es compacto, ligero y f\u00e1cil de sostener: perfecto para llevar en tu bolsillo o bolso para uso en movimiento.<\/div>\n<div class=\"ace-line ace-line old-record-id-Wl6WfNwjxdx05CcBEJkc4Ls2nGf\">Sin embargo, el dise\u00f1o no solo se trata de la apariencia. Su forma ergon\u00f3mica y suave se siente c\u00f3moda contra tus labios, y el cuerpo de cristal te permite ver el nivel de e-l\u00edquido de un vistazo: ya no m\u00e1s adivinaciones cuando te est\u00e1s quedando sin l\u00edquido. Es estilo que se encuentra con la funcionalidad, en todos los aspectos.<\/div>\n<h3 class=\"heading-3 ace-line old-record-id-QnZlf31Y3dF5DYcVlGiclychnug\">17 sabores dobles 2 en 1 completos: Cada mezcla, cada sabor \ud83e\uddc3<\/h3>\n<div class=\"ace-line ace-line old-record-id-D88ffjevadLUYncs9dPcSMLbn3B\">Lo que realmente hace que este dispositivo se destaque es su completa gama de 17 sabores dobles 2 en 1: sin atajos, sin opciones faltantes. Cada mezcla combina dos sabores complementarios, creando experiencias emocionantes y en capas que mantienen tus papilas gustativas comprometidas. Desde lo dulce hasta lo helado, de lo \u00e1cido a lo cremoso, hay una mezcla para cada estado de \u00e1nimo y preferencia:<\/div>\n<div class=\"ace-line ace-line old-record-id-QfwqfnLT8dhNpXcHnp5c8XVHnif\">1. Cereza Blue Razz &amp; Fizzy Cereza \ud83c\udf52 | 2. Gummy Blue Razz &amp; Ar\u00e1ndano \ud83c\udf47 | 3. Limonada Blue Razz &amp; Cola Lim\u00f3n \ud83e\udd64 | 4. Algod\u00f3n de az\u00facar de ar\u00e1ndano &amp; Algod\u00f3n de az\u00facar de frambuesa \ud83c\udf6d | 5. Menta fresca &amp; Doble mentol \u2744\ufe0f<\/div>\n<div class=\"ace-line ace-line old-record-id-URPjfFENedgnqacu8c1cFRLYncf\">6. Oso de goma &amp; Skittles \ud83c\udf6c | 7. Heisenberg &amp; Pink Man \ud83d\udda4 | 8. Durazno jugoso &amp; Hielo de durazno y mango \ud83c\udf51 | 9. Lim\u00f3n &amp; Lima &amp; Helado de sorbete de lim\u00f3n \ud83c\udf4b | 10. Hielo de pi\u00f1a &amp; Pi\u00f1a, durazno y mango \ud83c\udf4d<\/div>\n<div class=\"ace-line ace-line old-record-id-MUgnf5ckJdOFhDcc7I5cnFaRnCf\">11. Lim\u00f3n de pi\u00f1a &amp; Hielo de uva \ud83c\udf47 | 12. Sue\u00f1o de verano &amp; Hielo de cola de cereza \u2600\ufe0f | 13. Helado de fresa &amp; Fresa y pl\u00e1tano \ud83c\udf53 | 14. Hielo de fresa y frambuesa &amp; Cereza de ar\u00e1ndano y ar\u00e1ndano \ud83c\udf52 | 15. Mango triple &amp; Kiwi, fruta de la pasi\u00f3n y guayaba \ud83e\udd6d<\/div>\n<div class=\"ace-line ace-line old-record-id-Fco5fNGqndyHgGcywExcbBbonD1\">16. Hielo de sand\u00eda &amp; Doble manzana \ud83c\udf49 | 17. Sand\u00eda Hubba Bubba &amp; Ar\u00e1ndano Hubba Bubba \ud83c\udf6c<\/div>\n<div class=\"ace-line ace-line old-record-id-ZmuZfCpyfdGX2lcotaaccrSEnpb\">Cada mezcla est\u00e1 cuidadosamente equilibrada, de modo que ning\u00fan sabor sobrepasa al otro: obtienes la mezcla perfecta de dos sabores en cada inhalaci\u00f3n. Ya sea que est\u00e9s de humor para una mezcla dulce inspirada en caramelos, una opci\u00f3n helada refrescante o una combinaci\u00f3n audaz y \u00fanica, esta gama te tiene cubierto.<br \/>\n<img decoding=\"async\" class=\"alignnone wp-image-7710 size-full\" title=\"WGA Crystal Plus 20k Sabores\" src=\"https:\/\/oiovape.com\/wp-content\/uploads\/2026\/03\/WGA-Crystal-Plus-20k-Flavors-scaled.jpg\" alt=\"WGA Crystal Plus 20k Sabores\" width=\"2560\" height=\"2033\" srcset=\"https:\/\/oiovape.com\/wp-content\/uploads\/2026\/03\/WGA-Crystal-Plus-20k-Flavors-scaled.jpg 2560w, https:\/\/oiovape.com\/wp-content\/uploads\/2026\/03\/WGA-Crystal-Plus-20k-Flavors-300x238.jpg 300w, https:\/\/oiovape.com\/wp-content\/uploads\/2026\/03\/WGA-Crystal-Plus-20k-Flavors-1024x813.jpg 1024w, https:\/\/oiovape.com\/wp-content\/uploads\/2026\/03\/WGA-Crystal-Plus-20k-Flavors-768x610.jpg 768w, https:\/\/oiovape.com\/wp-content\/uploads\/2026\/03\/WGA-Crystal-Plus-20k-Flavors-1536x1220.jpg 1536w, https:\/\/oiovape.com\/wp-content\/uploads\/2026\/03\/WGA-Crystal-Plus-20k-Flavors-2048x1626.jpg 2048w, https:\/\/oiovape.com\/wp-content\/uploads\/2026\/03\/WGA-Crystal-Plus-20k-Flavors-15x12.jpg 15w, https:\/\/oiovape.com\/wp-content\/uploads\/2026\/03\/WGA-Crystal-Plus-20k-Flavors-1200x953.jpg 1200w, https:\/\/oiovape.com\/wp-content\/uploads\/2026\/03\/WGA-Crystal-Plus-20k-Flavors-150x119.jpg 150w\" sizes=\"(max-width: 2560px) 100vw, 2560px\" \/><\/div>\n<h4 class=\"heading-4 ace-line old-record-id-UaOEfSZ1Gdq2HqcnYErcb9F9nQc\">Bobina de malla dual: Golpes suaves y llenos de sabor<\/h4>\n<div class=\"ace-line ace-line old-record-id-TtzMf7oQ1dhAAhc5HyrcabV7nOa\">Impulsado por una bobina de malla dual, el WGA Crystal Plus ofrece golpes suaves y consistentes que sacan lo mejor de cada sabor doble. La bobina calienta el e-l\u00edquido de 30 ml de manera uniforme, eliminando la aspereza y las notas quemadas. Est\u00e1 dise\u00f1ado para durar a trav\u00e9s de las 20000 inhalaciones, por lo que obtienes el mismo gran sabor desde tu primera inhalaci\u00f3n hasta la \u00faltima. \ud83d\udd25<\/div>\n<h2 class=\"heading-2 ace-line old-record-id-A2UMf0SMNdxoBLcEvCVcE59nnhb\">Vapeo MTL y caracter\u00edsticas pr\u00e1cticas \ud83d\udee0\ufe0f<\/h2>\n<div class=\"ace-line ace-line old-record-id-Q4KkfUeOMd5W1QcQZ67ctW4NnUd\">Dise\u00f1ado para el vapeo MTL (Boca a Pulm\u00f3n), este dispositivo ofrece una inhalaci\u00f3n ajustada y satisfactoria que imita la sensaci\u00f3n de fumar tradicional. Es perfecto para los vapeadores que prefieren una experiencia enfocada y suave: sin golpes duros en la garganta, solo una inhalaci\u00f3n c\u00f3moda y una exhalaci\u00f3n satisfactoria.<\/div>\n<h3 class=\"heading-3 ace-line old-record-id-HJDPfgr5Udh8hqcxZNOc4TT1nkb\">Opciones de bater\u00eda y nicotina: Adaptadas a ti<\/h3>\n<div class=\"ace-line ace-line old-record-id-LiG9fWjZjd3NFcc55BdcekrXnah\">Una bater\u00eda recargable de 650 mAh mantiene el WGA Crystal Plus funcionando durante las 20000 inhalaciones completas. Se carga r\u00e1pidamente a trav\u00e9s de Type-C, por lo que nunca tienes que esperar mucho para volver a vapear. Adem\u00e1s, ofrece dos niveles de nicotina: 2% y 5%, para que puedas personalizar tu experiencia seg\u00fan tus preferencias, ya sea que desees un golpe suave o m\u00e1s fuerte.<\/div>\n<\/div>\n<\/div>\n<\/div>\n<\/div>\n<\/div>\n<\/div>\n<\/div>\n<\/div>\n<\/div>\n<\/div>\n<\/div>\n<\/div>\n<\/div>\n<\/div>\n<\/div>\n<\/div>\n<\/div>\n<\/div>\n<\/div>\n<\/div>\n<\/div>\n<\/div>\n<\/div>\n<\/div>\n<\/div>\n<\/div>\n<\/div>\n<\/div>\n<\/div>\n<\/div>\n<\/div>\n<\/div>\n<\/div>\n<\/div>\n<\/div>\n<\/div>\n<\/div>\n<\/div>\n<\/div>\n<\/div>\n<\/div>\n<\/div>\n<\/div>\n<\/div>\n<\/div>\n<\/div>\n<\/div>\n<\/div>\n<\/div>\n<\/div>\n<\/div>\n<\/div>\n<\/div>\n<\/div>\n<\/div>\n<\/div>\n<\/div>\n<\/div>\n<\/div>\n<\/div>\n<\/div>\n<\/div>\n<\/div>\n<\/div>\n<\/div>\n<\/div>\n<\/div>\n<\/div>\n<\/div>\n<\/div>\n<\/div>\n<\/div>\n<\/div>\n<\/div>\n<\/div>\n<\/div>\n<\/div>\n<\/div>\n<\/div>\n<\/div>\n<\/div>\n<\/div>\n<\/div>\n<\/div>\n<\/div>\n<\/div>\n<\/div>\n<\/div>\n<\/div>\n<\/div>\n<\/div>\n<\/div>\n<\/div>\n<\/div>\n<\/div>\n<\/div>\n<\/div>\n<\/div>\n<\/div>\n<\/div>\n<\/div>\n<\/div>\n<\/div>\n<\/div>\n<\/div>\n<\/div>\n<\/div>\n<\/div>\n<\/div>\n<\/div>\n<\/div>\n<\/div>","protected":false},"excerpt":{"rendered":"<div data-page-id=\"RAopf2sw9dtvw4cWYXpcTwo0n8g\" data-lark-html-role=\"root\" data-docx-has-block-data=\"false\">\n<div class=\"ace-line ace-line old-record-id-Uju9f3RXYd8dh2crAJbcBF3Un6M\">\n<div data-page-id=\"Dd8gfe2wRdT66jcgnqtcUwg5ndh\" data-lark-html-role=\"root\" data-docx-has-block-data=\"false\">\n<div class=\"ace-line ace-line old-record-id-FiRZf3qXpdK0RqcHt8wcxPTon8b\">WGA Crystal Plus 20000 Puffs tiene 17 sabores dobles 2-en-1, una bobina de malla dual, 30ml de e-l\u00edquido con 2%\/5% de nicotina y 20000 inhalaciones. Presenta un dise\u00f1o de cristal artesanal, vapeo MTL y una bater\u00eda recargable de 650mAh para un uso suave, duradero y placentero.<\/div>\n<\/div>\n<\/div>\n<\/div>","protected":false},"featured_media":7711,"comment_status":"open","ping_status":"closed","template":"","meta":{"_acf_changed":false,"inline_featured_image":false,"_sitemap_exclude":false,"_sitemap_priority":"","_sitemap_frequency":""},"product_brand":[405],"product_cat":[404,239,249],"product_tag":[],"class_list":{"0":"post-7699","1":"product","2":"type-product","3":"status-publish","4":"has-post-thumbnail","6":"product_brand-wga","7":"product_cat-wga-puff","8":"product_cat-disposable-vape-collection","9":"product_cat-20k-puffs","11":"first","12":"instock","13":"sale","14":"shipping-taxable","15":"purchasable","16":"product-type-variable","17":"has-default-attributes"},"acf":[],"tiered_pricing_type":"fixed","tiered_pricing_fixed_rules":{"30":11.37,"60":10.1,"100":9.82,"200":9.06},"tiered_pricing_product_settings":{"layout":"default","base_unit_name":{"singular":null,"plural":null},"default_variation":null},"tiered_pricing_minimum_quantity":null,"tiered_pricing_roles_data":[],"tiered_pricing_percentage_rules":[],"tiered_pricing_maximum_quantity":null,"tiered_pricing_quantity_step":"10","_links":{"self":[{"href":"https:\/\/oiovape.com\/es\/wp-json\/wp\/v2\/product\/7699","targetHints":{"allow":["GET"]}}],"collection":[{"href":"https:\/\/oiovape.com\/es\/wp-json\/wp\/v2\/product"}],"about":[{"href":"https:\/\/oiovape.com\/es\/wp-json\/wp\/v2\/types\/product"}],"replies":[{"embeddable":true,"href":"https:\/\/oiovape.com\/es\/wp-json\/wp\/v2\/comments?post=7699"}],"version-history":[{"count":2,"href":"https:\/\/oiovape.com\/es\/wp-json\/wp\/v2\/product\/7699\/revisions"}],"predecessor-version":[{"id":7715,"href":"https:\/\/oiovape.com\/es\/wp-json\/wp\/v2\/product\/7699\/revisions\/7715"}],"wp:featuredmedia":[{"embeddable":true,"href":"https:\/\/oiovape.com\/es\/wp-json\/wp\/v2\/media\/7711"}],"wp:attachment":[{"href":"https:\/\/oiovape.com\/es\/wp-json\/wp\/v2\/media?parent=7699"}],"wp:term":[{"taxonomy":"product_brand","embeddable":true,"href":"https:\/\/oiovape.com\/es\/wp-json\/wp\/v2\/product_brand?post=7699"},{"taxonomy":"product_cat","embeddable":true,"href":"https:\/\/oiovape.com\/es\/wp-json\/wp\/v2\/product_cat?post=7699"},{"taxonomy":"product_tag","embeddable":true,"href":"https:\/\/oiovape.com\/es\/wp-json\/wp\/v2\/product_tag?post=7699"}],"curies":[{"name":"wp","href":"https:\/\/api.w.org\/{rel}","templated":true}]}}