{"id":1024,"date":"2023-04-20T11:47:06","date_gmt":"2023-04-20T11:47:06","guid":{"rendered":"https:\/\/dummy.xtemos.com\/woodmart2\/furniture2-elementor\/?page_id=27"},"modified":"2026-01-27T10:25:33","modified_gmt":"2026-01-27T02:25:33","slug":"gift-cards","status":"publish","type":"page","link":"https:\/\/oiovape.com\/fr\/gift-cards\/","title":{"rendered":"Cartes-cadeaux"},"content":{"rendered":"<div data-elementor-type=\"wp-page\" data-elementor-id=\"1024\" class=\"elementor elementor-1024\">\n\t\t\t\t<div class=\"wd-negative-gap elementor-element elementor-element-819877e e-flex e-con-boxed e-con e-parent\" data-id=\"819877e\" data-element_type=\"container\" data-e-type=\"container\">\n\t\t\t\t\t<div class=\"e-con-inner\">\n\t\t\t\t<div class=\"elementor-element elementor-element-c78966d wd-width-100 elementor-widget elementor-widget-wd_title\" data-id=\"c78966d\" data-element_type=\"widget\" data-e-type=\"widget\" data-widget_type=\"wd_title.default\">\n\t\t\t\t<div class=\"elementor-widget-container\">\n\t\t\t\t\t\t\t<div class=\"title-wrapper wd-set-mb reset-last-child wd-title-color-default wd-title-style-default wd-title-size-default text-center\">\n\n\t\t\t\n\t\t\t<div class=\"liner-continer\">\n\t\t\t\t<h4 class=\"woodmart-title-container title wd-fontsize-l\">\u00c9conomies en gros : Profitez de plus de r\u00e9ductions.<\/h4> \n\t\t\t\t\t\t\t<\/div>\n\n\t\t\t\t\t\t\t<div class=\"title-after_title reset-last-child wd-fontsize-xs\">\n\t\t\t\t\t<p>Pr\u00eat \u00e0 faire le plein de vos favoris <a href=\"https:\/\/oiovape.com\/fr\/\"><b>vapes jetables<\/b><\/a>? Nous avons une surprise sp\u00e9ciale pour vous ! Pour vous remercier de votre soutien, nous vous offrons une r\u00e9duction exclusive <b>sur les commandes de<\/b> 200 \u20ac ou plus <b>. Remplissez simplement votre panier et<\/b>. entrez le code promo lors du paiement <b>pour b\u00e9n\u00e9ficier de vos \u00e9conomies.<\/b> Big Puff.<\/p>\t\t\t\t<\/div>\n\t\t\t\t\t<\/div>\n\t\t\t\t\t\t<\/div>\n\t\t\t\t<\/div>\n\t\t\t\t\t<\/div>\n\t\t\t\t<\/div>\n\t\t<div class=\"wd-negative-gap elementor-element elementor-element-3221328 e-flex e-con-boxed e-con e-parent\" data-id=\"3221328\" data-element_type=\"container\" data-e-type=\"container\">\n\t\t\t\t\t<div class=\"e-con-inner\">\n\t\t<div class=\"elementor-element elementor-element-0b8aebb e-con-full e-flex e-con e-child\" data-id=\"0b8aebb\" data-element_type=\"container\" data-e-type=\"container\">\n\t\t\t\t<div class=\"elementor-element elementor-element-600794b elementor-widget elementor-widget-wd_banner\" data-id=\"600794b\" data-element_type=\"widget\" data-e-type=\"widget\" data-widget_type=\"wd_banner.default\">\n\t\t\t\t<div class=\"elementor-widget-container\">\n\t\t\t\t\t\t\t<div class=\"promo-banner-wrapper\">\n\t\t\t<div class=\"promo-banner banner-mask banner-hover-zoom color-scheme-light banner-btn-size-default banner-btn-style-default wd-with-link\">\n\t\t\t\t<div class=\"main-wrapp-img\">\n\t\t\t\t\t<div class=\"banner-image\">\n\t\t\t\t\t\t\t\t\t\t\t\t\t\t\t\t\t\t\t\t\t<img decoding=\"async\" width=\"2048\" height=\"2048\" src=\"https:\/\/oiovape.com\/wp-content\/uploads\/2025\/12\/WASPE-Crystal-Double-40k.jpg\" class=\"attachment-full size-full\" alt=\"WASPE Crystal Double 40k\" srcset=\"https:\/\/oiovape.com\/wp-content\/uploads\/2025\/12\/WASPE-Crystal-Double-40k.jpg 2048w, https:\/\/oiovape.com\/wp-content\/uploads\/2025\/12\/WASPE-Crystal-Double-40k-300x300.jpg 300w, https:\/\/oiovape.com\/wp-content\/uploads\/2025\/12\/WASPE-Crystal-Double-40k-1024x1024.jpg 1024w, https:\/\/oiovape.com\/wp-content\/uploads\/2025\/12\/WASPE-Crystal-Double-40k-150x150.jpg 150w, https:\/\/oiovape.com\/wp-content\/uploads\/2025\/12\/WASPE-Crystal-Double-40k-768x768.jpg 768w, https:\/\/oiovape.com\/wp-content\/uploads\/2025\/12\/WASPE-Crystal-Double-40k-1536x1536.jpg 1536w, https:\/\/oiovape.com\/wp-content\/uploads\/2025\/12\/WASPE-Crystal-Double-40k-600x600.jpg 600w, https:\/\/oiovape.com\/wp-content\/uploads\/2025\/12\/WASPE-Crystal-Double-40k-1200x1200.jpg 1200w, https:\/\/oiovape.com\/wp-content\/uploads\/2025\/12\/WASPE-Crystal-Double-40k-400x400.jpg 400w\" sizes=\"(max-width: 2048px) 100vw, 2048px\" \/>\t\t\t\t\t\t\t\t\t\t\t\t\t\t\t\t\t\t<\/div>\n\t\t\t\t<\/div>\n\n\t\t\t\t<div class=\"wrapper-content-banner wd-fill wd-items-middle wd-justify-center\">\n\t\t\t\t\t<div class=\"content-banner  text-center\">\n\t\t\t\t\t\t\t\t\t\t\t\t\t\n\t\t\t\t\t\t\t<div class=\"banner-subtitle subtitle-style-default subtitle-color-default wd-fontsize-m\" data-elementor-setting-key=\"subtitle\">\n\t\t\t\t\t\t\t\toiovape.com\t\t\t\t\t\t\t<\/div>\n\t\t\t\t\t\t\n\t\t\t\t\t\t\t\t\t\t\t\t\t<h4 class=\"banner-title wd-fontsize-xxl\" data-elementor-setting-key=\"title\">\n\t\t\t\t\t\t\t\tObtenez\t\t\t\t\t\t\t<\/h4>\n\t\t\t\t\t\t\n\t\t\t\t\t\t\n\t\t\t\t\t\t\n\t\t\t\t\t\t\t\t\t\t\t<\/div>\n\t\t\t\t<\/div>\n\n\t\t\t\t\t\t\t\t\t<a href=\"https:\/\/oiovape.com\/fr\/shop\/\" class=\"wd-promo-banner-link wd-fill\" aria-label=\"Banner link\"><\/a>\n\t\t\t\t\t\t\t<\/div>\n\t\t<\/div>\n\t\t\t\t\t\t<\/div>\n\t\t\t\t<\/div>\n\t\t\t\t<div class=\"elementor-element elementor-element-72e57c2 elementor-widget elementor-widget-eael-fancy-text\" data-id=\"72e57c2\" data-element_type=\"widget\" data-e-type=\"widget\" data-widget_type=\"eael-fancy-text.default\">\n\t\t\t\t\t\n\t<div  class=\"eael-fancy-text-container style-1\" data-fancy-text-id=\"72e57c2\" data-fancy-text=\"|\u20ac5 discount\" data-fancy-text-transition-type=\"typing\" data-fancy-text-speed=\"50\" data-fancy-text-delay=\"2500\" data-fancy-text-cursor=\"yes\" data-fancy-text-loop=\"yes\" data-fancy-text-action=\"page_load\" >\n\t\t\t\t\t<span class=\"eael-fancy-text-prefix\">5 \u20ac de r\u00e9duction <\/span>\n\t\t\n\t\t\n\t\t\t\t\t<span id=\"eael-fancy-text-72e57c2\" class=\"eael-fancy-text-strings solid-color\">\n\t\t\t\t<noscript>\n\t\t\t\t\tsur les commandes de plus de 200 \u20ac\t\t\t\t<\/noscript>\n\t\t\t<\/span>\n\t\t\n\t\t\t\t\t<span class=\"eael-fancy-text-suffix\"> Lors de l'achat en ligne, vous pouvez entrer ce code de r\u00e9duction pour effectuer l'achat.<\/span>\n\t\t\t<\/div><!-- close .eael-fancy-text-container -->\n\n\t<div class=\"clearfix\"><\/div>\n\n\t\t\t\t\t<\/div>\n\t\t\t\t<div class=\"elementor-element elementor-element-f3d9f53 elementor-widget elementor-widget-wd_text_block\" data-id=\"f3d9f53\" data-element_type=\"widget\" data-e-type=\"widget\" data-widget_type=\"wd_text_block.default\">\n\t\t\t\t<div class=\"elementor-widget-container\">\n\t\t\t\t\t\t\t<div class=\"wd-text-block reset-last-child text-center\">\n\t\t\t\n\t\t\t<p>La commande doit \u00eatre d'au moins 200 \u20ac pour \u00eatre \u00e9ligible \u00e0 cette offre.<\/p><p><strong>Copier dans le presse-papiers.<\/strong><span style=\"font-size: 15px;\"><\/span><\/p>\n\t\t\t\t\t<\/div>\n\t\t\t\t\t\t<\/div>\n\t\t\t\t<\/div>\n\t\t\t\t<div class=\"elementor-element elementor-element-f8b4ce9 elementor-widget elementor-widget-ctc_copy_button\" data-id=\"f8b4ce9\" data-element_type=\"widget\" data-e-type=\"widget\" data-widget_type=\"ctc_copy_button.default\">\n\t\t\t\t<div class=\"elementor-widget-container\">\n\t\t\t\t\t\t\t<div class=\"ctc-block ctc-copy-button\">\n\t\t\t<div class=\"ctc-block-actions\">\n\t\t\t\t\t\t<button class=\"ctc-block-copy ctc-with-icon\" copy-as-raw='yes' data-copied=\"Copied!\">\n\t\t\t<svg aria-hidden=\"true\" focusable=\"false\" role=\"img\" class=\"copy-icon\" viewbox=\"0 0 16 16\" width=\"16\" height=\"16\" fill=\"currentColor\"><path d=\"M0 6.75C0 5.784.784 5 1.75 5h1.5a.75.75 0 0 1 0 1.5h-1.5a.25.25 0 0 0-.25.25v7.5c0 .138.112.25.25.25h7.5a.25.25 0 0 0 .25-.25v-1.5a.75.75 0 0 1 1.5 0v1.5A1.75 1.75 0 0 1 9.25 16h-7.5A1.75 1.75 0 0 1 0 14.25Z\"><\/path><path d=\"M5 1.75C5 .784 5.784 0 6.75 0h7.5C15.216 0 16 .784 16 1.75v7.5A1.75 1.75 0 0 1 14.25 11h-7.5A1.75 1.75 0 0 1 5 9.25Zm1.75-.25a.25.25 0 0 0-.25.25v7.5c0 .138.112.25.25.25h7.5a.25.25 0 0 0 .25-.25v-7.5a.25.25 0 0 0-.25-.25Z\"><\/path><\/svg><svg aria-hidden=\"true\" height=\"16\" viewbox=\"0 0 16 16\" version=\"1.1\" width=\"16\" data-view-component=\"true\" class=\"check-icon\" fill=\"currentColor\"><path d=\"M13.78 4.22a.75.75 0 0 1 0 1.06l-7.25 7.25a.75.75 0 0 1-1.06 0L2.22 9.28a.751.751 0 0 1 .018-1.042.751.751 0 0 1 1.042-.018L6 10.94l6.72-6.72a.75.75 0 0 1 1.06 0Z\"><\/path><\/svg><span class=\"ctc-button-text\">Tornado Vape<\/span>\t\t<\/button>\n\t\t\t\t\t<\/div>\n\t\t\t\t\t<textarea selection-target=\"\" class=\"ctc-copy-content\" style=\"display: none;\">oiovape \u20ac5 off<\/textarea>\n\t\t\t\t<\/div>\n\t\t\t\t\t\t<\/div>\n\t\t\t\t<\/div>\n\t\t\t\t<\/div>\n\t\t<div class=\"elementor-element elementor-element-52d68a2 e-con-full e-flex e-con e-child\" data-id=\"52d68a2\" data-element_type=\"container\" data-e-type=\"container\">\n\t\t\t\t<div class=\"elementor-element elementor-element-7b49a73 elementor-widget elementor-widget-wd_banner\" data-id=\"7b49a73\" data-element_type=\"widget\" data-e-type=\"widget\" data-widget_type=\"wd_banner.default\">\n\t\t\t\t<div class=\"elementor-widget-container\">\n\t\t\t\t\t\t\t<div class=\"promo-banner-wrapper\">\n\t\t\t<div class=\"promo-banner banner-mask banner-hover-zoom color-scheme-light banner-btn-size-default banner-btn-style-default wd-with-link\">\n\t\t\t\t<div class=\"main-wrapp-img\">\n\t\t\t\t\t<div class=\"banner-image\">\n\t\t\t\t\t\t\t\t\t\t\t\t\t\t\t\t\t\t\t\t\t<img decoding=\"async\" width=\"2048\" height=\"2048\" src=\"https:\/\/oiovape.com\/wp-content\/uploads\/2026\/01\/Randm-Tornado-20k.jpg\" class=\"attachment-full size-full\" alt=\"Randm Tornado 20k\" srcset=\"https:\/\/oiovape.com\/wp-content\/uploads\/2026\/01\/Randm-Tornado-20k.jpg 2048w, https:\/\/oiovape.com\/wp-content\/uploads\/2026\/01\/Randm-Tornado-20k-300x300.jpg 300w, https:\/\/oiovape.com\/wp-content\/uploads\/2026\/01\/Randm-Tornado-20k-1024x1024.jpg 1024w, https:\/\/oiovape.com\/wp-content\/uploads\/2026\/01\/Randm-Tornado-20k-150x150.jpg 150w, https:\/\/oiovape.com\/wp-content\/uploads\/2026\/01\/Randm-Tornado-20k-768x768.jpg 768w, https:\/\/oiovape.com\/wp-content\/uploads\/2026\/01\/Randm-Tornado-20k-1536x1536.jpg 1536w, https:\/\/oiovape.com\/wp-content\/uploads\/2026\/01\/Randm-Tornado-20k-600x600.jpg 600w, https:\/\/oiovape.com\/wp-content\/uploads\/2026\/01\/Randm-Tornado-20k-1200x1200.jpg 1200w, https:\/\/oiovape.com\/wp-content\/uploads\/2026\/01\/Randm-Tornado-20k-400x400.jpg 400w\" sizes=\"(max-width: 2048px) 100vw, 2048px\" \/>\t\t\t\t\t\t\t\t\t\t\t\t\t\t\t\t\t\t<\/div>\n\t\t\t\t<\/div>\n\n\t\t\t\t<div class=\"wrapper-content-banner wd-fill wd-items-middle wd-justify-center\">\n\t\t\t\t\t<div class=\"content-banner  text-center\">\n\t\t\t\t\t\t\t\t\t\t\t\t\t\n\t\t\t\t\t\t\t<div class=\"banner-subtitle subtitle-style-default subtitle-color-default wd-fontsize-m\" data-elementor-setting-key=\"subtitle\">\n\t\t\t\t\t\t\t\toiovape.com\t\t\t\t\t\t\t<\/div>\n\t\t\t\t\t\t\n\t\t\t\t\t\t\t\t\t\t\t\t\t<h4 class=\"banner-title wd-fontsize-xxl\" data-elementor-setting-key=\"title\">\n\t\t\t\t\t\t\t\t10 \u20ac de r\u00e9duction\t\t\t\t\t\t\t<\/h4>\n\t\t\t\t\t\t\n\t\t\t\t\t\t\n\t\t\t\t\t\t\n\t\t\t\t\t\t\t\t\t\t\t<\/div>\n\t\t\t\t<\/div>\n\n\t\t\t\t\t\t\t\t\t<a href=\"https:\/\/oiovape.com\/fr\/product-category\/fumot-puff\/\" class=\"wd-promo-banner-link wd-fill\" aria-label=\"Banner link\"><\/a>\n\t\t\t\t\t\t\t<\/div>\n\t\t<\/div>\n\t\t\t\t\t\t<\/div>\n\t\t\t\t<\/div>\n\t\t\t\t<div class=\"elementor-element elementor-element-8a712e8 elementor-widget elementor-widget-eael-fancy-text\" data-id=\"8a712e8\" data-element_type=\"widget\" data-e-type=\"widget\" data-widget_type=\"eael-fancy-text.default\">\n\t\t\t\t\t\n\t<div  class=\"eael-fancy-text-container style-1\" data-fancy-text-id=\"8a712e8\" data-fancy-text=\"|\u20ac10 discount\" data-fancy-text-transition-type=\"typing\" data-fancy-text-speed=\"50\" data-fancy-text-delay=\"2500\" data-fancy-text-cursor=\"yes\" data-fancy-text-loop=\"yes\" data-fancy-text-action=\"page_load\" >\n\t\t\t\t\t<span class=\"eael-fancy-text-prefix\">5 \u20ac de r\u00e9duction <\/span>\n\t\t\n\t\t\n\t\t\t\t\t<span id=\"eael-fancy-text-8a712e8\" class=\"eael-fancy-text-strings solid-color\">\n\t\t\t\t<noscript>\n\t\t\t\t\tsur les commandes de plus de 800 \u20ac\t\t\t\t<\/noscript>\n\t\t\t<\/span>\n\t\t\n\t\t\t\t\t<span class=\"eael-fancy-text-suffix\"> La commande doit \u00eatre d'au moins 800 \u20ac pour \u00eatre \u00e9ligible \u00e0 cette offre.<\/span>\n\t\t\t<\/div><!-- close .eael-fancy-text-container -->\n\n\t<div class=\"clearfix\"><\/div>\n\n\t\t\t\t\t<\/div>\n\t\t\t\t<div class=\"elementor-element elementor-element-9293134 elementor-widget elementor-widget-wd_text_block\" data-id=\"9293134\" data-element_type=\"widget\" data-e-type=\"widget\" data-widget_type=\"wd_text_block.default\">\n\t\t\t\t<div class=\"elementor-widget-container\">\n\t\t\t\t\t\t\t<div class=\"wd-text-block reset-last-child text-center\">\n\t\t\t\n\t\t\t<p>La commande doit \u00eatre d'au moins 200 \u20ac pour \u00eatre \u00e9ligible \u00e0 cette offre.<\/p><p><strong>The order must be for at least \u20ac800 to be eligible for this offer.<\/strong><\/p>\n\t\t\t\t\t<\/div>\n\t\t\t\t\t\t<\/div>\n\t\t\t\t<\/div>\n\t\t\t\t<div class=\"elementor-element elementor-element-aa7dbf7 elementor-widget elementor-widget-ctc_copy_button\" data-id=\"aa7dbf7\" data-element_type=\"widget\" data-e-type=\"widget\" data-widget_type=\"ctc_copy_button.default\">\n\t\t\t\t<div class=\"elementor-widget-container\">\n\t\t\t\t\t\t\t<div class=\"ctc-block ctc-copy-button\">\n\t\t\t<div class=\"ctc-block-actions\">\n\t\t\t\t\t\t<button class=\"ctc-block-copy ctc-with-icon\" copy-as-raw='yes' data-copied=\"Copied!\">\n\t\t\t<svg aria-hidden=\"true\" focusable=\"false\" role=\"img\" class=\"copy-icon\" viewbox=\"0 0 16 16\" width=\"16\" height=\"16\" fill=\"currentColor\"><path d=\"M0 6.75C0 5.784.784 5 1.75 5h1.5a.75.75 0 0 1 0 1.5h-1.5a.25.25 0 0 0-.25.25v7.5c0 .138.112.25.25.25h7.5a.25.25 0 0 0 .25-.25v-1.5a.75.75 0 0 1 1.5 0v1.5A1.75 1.75 0 0 1 9.25 16h-7.5A1.75 1.75 0 0 1 0 14.25Z\"><\/path><path d=\"M5 1.75C5 .784 5.784 0 6.75 0h7.5C15.216 0 16 .784 16 1.75v7.5A1.75 1.75 0 0 1 14.25 11h-7.5A1.75 1.75 0 0 1 5 9.25Zm1.75-.25a.25.25 0 0 0-.25.25v7.5c0 .138.112.25.25.25h7.5a.25.25 0 0 0 .25-.25v-7.5a.25.25 0 0 0-.25-.25Z\"><\/path><\/svg><svg aria-hidden=\"true\" height=\"16\" viewbox=\"0 0 16 16\" version=\"1.1\" width=\"16\" data-view-component=\"true\" class=\"check-icon\" fill=\"currentColor\"><path d=\"M13.78 4.22a.75.75 0 0 1 0 1.06l-7.25 7.25a.75.75 0 0 1-1.06 0L2.22 9.28a.751.751 0 0 1 .018-1.042.751.751 0 0 1 1.042-.018L6 10.94l6.72-6.72a.75.75 0 0 1 1.06 0Z\"><\/path><\/svg><span class=\"ctc-button-text\">Tornado Vape<\/span>\t\t<\/button>\n\t\t\t\t\t<\/div>\n\t\t\t\t\t<textarea selection-target=\"\" class=\"ctc-copy-content\" style=\"display: none;\">oiovape \u20ac10 off<\/textarea>\n\t\t\t\t<\/div>\n\t\t\t\t\t\t<\/div>\n\t\t\t\t<\/div>\n\t\t\t\t<\/div>\n\t\t\t\t\t<\/div>\n\t\t\t\t<\/div>\n\t\t<div class=\"wd-negative-gap elementor-element elementor-element-3e14465 e-flex e-con-boxed e-con e-parent\" data-id=\"3e14465\" data-element_type=\"container\" data-e-type=\"container\">\n\t\t\t\t\t<div class=\"e-con-inner\">\n\t\t\t\t<div class=\"elementor-element elementor-element-2bdacff elementor-widget elementor-widget-wd_text_block\" data-id=\"2bdacff\" data-element_type=\"widget\" data-e-type=\"widget\" data-widget_type=\"wd_text_block.default\">\n\t\t\t\t<div class=\"elementor-widget-container\">\n\t\t\t\t\t\t\t<div class=\"wd-text-block reset-last-child text-center\">\n\t\t\t\n\t\t\t<p>Si vous souhaitez plus d'informations sur les cartes-cadeaux <a href=\"https:\/\/oiovape.com\/fr\/contact-us\/\">Contactez-nous<\/a><\/p>\n\t\t\t\t\t<\/div>\n\t\t\t\t\t\t<\/div>\n\t\t\t\t<\/div>\n\t\t\t\t\t<\/div>\n\t\t\t\t<\/div>\n\t\t\t\t<\/div>","protected":false},"excerpt":{"rendered":"<p>Bulk Savings: Enjoy discount more. Ready to stock up on your favorite disposable vapes? We\u2019ve got a special treat for<\/p>","protected":false},"author":1,"featured_media":0,"parent":0,"menu_order":0,"comment_status":"closed","ping_status":"closed","template":"","meta":{"_acf_changed":false,"inline_featured_image":false,"_sitemap_exclude":false,"_sitemap_priority":"","_sitemap_frequency":"","footnotes":""},"class_list":["post-1024","page","type-page","status-publish","hentry"],"acf":[],"_links":{"self":[{"href":"https:\/\/oiovape.com\/fr\/wp-json\/wp\/v2\/pages\/1024","targetHints":{"allow":["GET"]}}],"collection":[{"href":"https:\/\/oiovape.com\/fr\/wp-json\/wp\/v2\/pages"}],"about":[{"href":"https:\/\/oiovape.com\/fr\/wp-json\/wp\/v2\/types\/page"}],"author":[{"embeddable":true,"href":"https:\/\/oiovape.com\/fr\/wp-json\/wp\/v2\/users\/1"}],"replies":[{"embeddable":true,"href":"https:\/\/oiovape.com\/fr\/wp-json\/wp\/v2\/comments?post=1024"}],"version-history":[{"count":0,"href":"https:\/\/oiovape.com\/fr\/wp-json\/wp\/v2\/pages\/1024\/revisions"}],"wp:attachment":[{"href":"https:\/\/oiovape.com\/fr\/wp-json\/wp\/v2\/media?parent=1024"}],"curies":[{"name":"wp","href":"https:\/\/api.w.org\/{rel}","templated":true}]}}