{"id":1025,"date":"2023-04-20T11:47:20","date_gmt":"2023-04-20T11:47:20","guid":{"rendered":"https:\/\/dummy.xtemos.com\/woodmart2\/furniture2-elementor\/?page_id=29"},"modified":"2026-01-13T01:43:56","modified_gmt":"2026-01-13T01:43:56","slug":"contact-us","status":"publish","type":"page","link":"https:\/\/oiovape.com\/fr\/contact-us\/","title":{"rendered":"Contactez-nous"},"content":{"rendered":"<div data-elementor-type=\"wp-page\" data-elementor-id=\"1025\" class=\"elementor elementor-1025\">\n\t\t\t\t<div class=\"elementor-element elementor-element-dd7500d e-flex e-con-boxed e-con e-parent\" data-id=\"dd7500d\" data-element_type=\"container\" data-e-type=\"container\">\n\t\t\t\t\t<div class=\"e-con-inner\">\n\t\t\t\t<div class=\"elementor-element elementor-element-acd460b elementor-widget__width-initial wd-page-title-el elementor-widget elementor-widget-wd_page_title\" data-id=\"acd460b\" data-element_type=\"widget\" data-e-type=\"widget\" data-widget_type=\"wd_page_title.default\">\n\t\t\t\t<div class=\"elementor-widget-container\">\n\t\t\t\t\t\t\t\t\t<div class=\"wd-page-title page-title  page-title-default title-size-small title-design-default color-scheme-light\" style=\"\">\n\t\t\t\t\t<div class=\"wd-page-title-bg wd-fill\">\n\t\t\t\t\t\t\t\t\t\t\t<\/div>\n\t\t\t\t\t<div class=\"container\">\n\t\t\t\t\t\t\t\t\t\t\t\t\t\t\t\t\t\t\t\t\t<h1 class=\"entry-title title\">\n\t\t\t\t\t\t\t\t\tContactez-nous\t\t\t\t\t\t\t\t<\/h1>\n\n\t\t\t\t\t\t\t\t\t\t\t\t\t\t\t\n\t\t\t\t\t\t\t\t\t\t\t\t\t\t\t<nav class=\"wd-breadcrumbs\"><a href=\"https:\/\/oiovape.com\/fr\/\">Accueil<\/a><span class=\"wd-delimiter\"><\/span><span class=\"wd-last\">Page<\/span><\/nav>\t\t\t\t\t\t\t\t\t\t\t\t\t\t\t\t\t\t<\/div>\n\t\t\t\t<\/div>\n\t\t\t\t\t\t\t<\/div>\n\t\t\t\t<\/div>\n\t\t\t\t\t<\/div>\n\t\t\t\t<\/div>\n\t\t<div class=\"wd-negative-gap elementor-element elementor-element-182218e e-flex e-con-boxed e-con e-parent\" data-id=\"182218e\" data-element_type=\"container\" data-e-type=\"container\">\n\t\t\t\t\t<div class=\"e-con-inner\">\n\t\t<div class=\"elementor-element elementor-element-6b3eeb6 e-con-full e-flex e-con e-child\" data-id=\"6b3eeb6\" data-element_type=\"container\" data-e-type=\"container\">\n\t\t\t\t<div class=\"elementor-element elementor-element-49b8dfb color-scheme-inherit text-left elementor-widget elementor-widget-text-editor\" data-id=\"49b8dfb\" data-element_type=\"widget\" data-e-type=\"widget\" data-widget_type=\"text-editor.default\">\n\t\t\t\t\t\t\t\t\t<h2 data-start=\"45\" data-end=\"79\">Support humain r\u00e9el<\/h2><p data-start=\"81\" data-end=\"315\">Chez <strong data-start=\"84\" data-end=\"95\">OIOVAPE<\/strong>, vous ne serez jamais confront\u00e9 \u00e0 de longs menus t\u00e9l\u00e9phoniques ou \u00e0 des e-mails qui disparaissent dans un ab\u00eeme de bo\u00eete de r\u00e9ception. Nous croyons en <strong data-start=\"197\" data-end=\"219\">un support humain r\u00e9el<\/strong>, fournissant un service rapide, professionnel et amical depuis votre premi\u00e8re commande jusqu'\u00e0 chaque commande suivante.<\/p><h3 data-start=\"317\" data-end=\"336\">Comment nous pouvons aider<\/h3><ul data-start=\"337\" data-end=\"556\"><li data-start=\"337\" data-end=\"414\"><p data-start=\"339\" data-end=\"414\"><strong data-start=\"339\" data-end=\"360\">Questions sur les produits<\/strong> \u2013 Des bases pour d\u00e9butants aux questions avanc\u00e9es sur le vapotage<\/p><\/li><li data-start=\"415\" data-end=\"490\"><p data-start=\"417\" data-end=\"490\"><strong data-start=\"417\" data-end=\"440\">Assistance \u00e0 l'achat<\/strong> \u2013 Recommandations de dispositifs, de saveurs et d'accessoires<\/p><\/li><li data-start=\"491\" data-end=\"556\"><p data-start=\"493\" data-end=\"556\"><strong data-start=\"493\" data-end=\"516\">Support apr\u00e8s-vente<\/strong> \u2013 Commandes, exp\u00e9dition et support d'utilisation<\/p><\/li><\/ul><p data-start=\"558\" data-end=\"652\">Notre \u00e9quipe re\u00e7oit une formation r\u00e9guli\u00e8re pour s'assurer que vous obtenez toujours des informations pr\u00e9cises et fiables.<\/p><p data-start=\"829\" data-end=\"897\"><strong data-start=\"829\" data-end=\"840\">OIOVAPE<\/strong> \u2014 Des gens r\u00e9els. Un soutien r\u00e9el. Une meilleure exp\u00e9rience de vapotage.<\/p>\t\t\t\t\t\t\t\t<\/div>\n\t\t\t\t<div class=\"elementor-element elementor-element-803d1a9 elementor-widget elementor-widget-image\" data-id=\"803d1a9\" data-element_type=\"widget\" data-e-type=\"widget\" data-widget_type=\"image.default\">\n\t\t\t\t\t\t\t\t\t\t\t\t\t\t\t<img decoding=\"async\" width=\"768\" height=\"468\" src=\"https:\/\/oiovape.com\/wp-content\/uploads\/2026\/01\/VAPE-SHOP-768x468.jpg\" class=\"attachment-medium_large size-medium_large wp-image-3456\" alt=\"MAGASIN DE VAPE\" srcset=\"https:\/\/oiovape.com\/wp-content\/uploads\/2026\/01\/VAPE-SHOP-768x468.jpg 768w, https:\/\/oiovape.com\/wp-content\/uploads\/2026\/01\/VAPE-SHOP-300x183.jpg 300w, https:\/\/oiovape.com\/wp-content\/uploads\/2026\/01\/VAPE-SHOP-1024x624.jpg 1024w, https:\/\/oiovape.com\/wp-content\/uploads\/2026\/01\/VAPE-SHOP-1536x937.jpg 1536w, https:\/\/oiovape.com\/wp-content\/uploads\/2026\/01\/VAPE-SHOP-2048x1249.jpg 2048w, https:\/\/oiovape.com\/wp-content\/uploads\/2026\/01\/VAPE-SHOP-1200x732.jpg 1200w, https:\/\/oiovape.com\/wp-content\/uploads\/2026\/01\/VAPE-SHOP-150x91.jpg 150w\" sizes=\"(max-width: 768px) 100vw, 768px\" \/>\t\t\t\t\t\t\t\t\t\t\t\t\t\t\t<\/div>\n\t\t\t\t<\/div>\n\t\t<div class=\"elementor-element elementor-element-c282c84 e-con-full e-flex e-con e-child\" data-id=\"c282c84\" data-element_type=\"container\" data-e-type=\"container\">\n\t\t<div class=\"elementor-element elementor-element-e1f4ab2 e-con-full e-flex e-con e-child\" data-id=\"e1f4ab2\" data-element_type=\"container\" data-e-type=\"container\">\n\t\t<div class=\"elementor-element elementor-element-6277e6e e-con-full e-flex e-con e-child\" data-id=\"6277e6e\" data-element_type=\"container\" data-e-type=\"container\">\n\t\t<div class=\"elementor-element elementor-element-71568bc e-con-full e-flex e-con e-child\" data-id=\"71568bc\" data-element_type=\"container\" data-e-type=\"container\">\n\t\t\t\t<div class=\"elementor-element elementor-element-a43a76d elementor-widget elementor-widget-heading\" data-id=\"a43a76d\" data-element_type=\"widget\" data-e-type=\"widget\" data-widget_type=\"heading.default\">\n\t\t\t\t\t<h3 class=\"elementor-heading-title elementor-size-default\">E-mail<\/h3>\t\t\t\t<\/div>\n\t\t\t\t<div class=\"elementor-element elementor-element-b40842c color-scheme-inherit text-left elementor-widget elementor-widget-text-editor\" data-id=\"b40842c\" data-element_type=\"widget\" data-e-type=\"widget\" data-widget_type=\"text-editor.default\">\n\t\t\t\t\t\t\t\t\t<p><span style=\"color: #3366ff;\"><a style=\"color: #3366ff;\" href=\"http:\/\/mail.google.com\/\" target=\"_blank\" rel=\"noopener\">info@oiovape.com<\/a><\/span><\/p>\t\t\t\t\t\t\t\t<\/div>\n\t\t\t\t<\/div>\n\t\t<div class=\"elementor-element elementor-element-436b860 e-con-full e-flex e-con e-child\" data-id=\"436b860\" data-element_type=\"container\" data-e-type=\"container\">\n\t\t\t\t<div class=\"elementor-element elementor-element-2e54a01 elementor-widget elementor-widget-heading\" data-id=\"2e54a01\" data-element_type=\"widget\" data-e-type=\"widget\" data-widget_type=\"heading.default\">\n\t\t\t\t\t<h3 class=\"elementor-heading-title elementor-size-default\">WhatsApp<\/h3>\t\t\t\t<\/div>\n\t\t\t\t<div class=\"elementor-element elementor-element-b99fffa color-scheme-inherit text-left elementor-widget elementor-widget-text-editor\" data-id=\"b99fffa\" data-element_type=\"widget\" data-e-type=\"widget\" data-widget_type=\"text-editor.default\">\n\t\t\t\t\t\t\t\t\t<p><span style=\"color: #3366ff;\"><a style=\"color: #3366ff;\" href=\"https:\/\/web.whatsapp.com\/\" target=\"_blank\" rel=\"noopener\">+86 180 2319 6798<\/a><\/span><\/p>\t\t\t\t\t\t\t\t<\/div>\n\t\t\t\t<\/div>\n\t\t\t\t<\/div>\n\t\t<div class=\"elementor-element elementor-element-c9c7ff5 e-con-full e-flex e-con e-child\" data-id=\"c9c7ff5\" data-element_type=\"container\" data-e-type=\"container\">\n\t\t<div class=\"elementor-element elementor-element-dbf61c2 e-con-full e-flex e-con e-child\" data-id=\"dbf61c2\" data-element_type=\"container\" data-e-type=\"container\">\n\t\t\t\t<div class=\"elementor-element elementor-element-a4753de elementor-widget elementor-widget-heading\" data-id=\"a4753de\" data-element_type=\"widget\" data-e-type=\"widget\" data-widget_type=\"heading.default\">\n\t\t\t\t\t<h3 class=\"elementor-heading-title elementor-size-default\">Telegram<\/h3>\t\t\t\t<\/div>\n\t\t\t\t<div class=\"elementor-element elementor-element-4a35e06 color-scheme-inherit text-left elementor-widget elementor-widget-text-editor\" data-id=\"4a35e06\" data-element_type=\"widget\" data-e-type=\"widget\" data-widget_type=\"text-editor.default\">\n\t\t\t\t\t\t\t\t\t<p><span style=\"color: #3366ff;\"><a style=\"color: #3366ff;\" href=\"http:\/\/mail.google.com\/\" target=\"_blank\" rel=\"noopener\">info@oiovape.com<\/a><\/span><\/p>\t\t\t\t\t\t\t\t<\/div>\n\t\t\t\t<\/div>\n\t\t<div class=\"elementor-element elementor-element-fae8da2 e-con-full e-flex e-con e-child\" data-id=\"fae8da2\" data-element_type=\"container\" data-e-type=\"container\">\n\t\t\t\t<div class=\"elementor-element elementor-element-3750f30 elementor-widget elementor-widget-heading\" data-id=\"3750f30\" data-element_type=\"widget\" data-e-type=\"widget\" data-widget_type=\"heading.default\">\n\t\t\t\t\t<h3 class=\"elementor-heading-title elementor-size-default\">Chat en direct<\/h3>\t\t\t\t<\/div>\n\t\t\t\t<div class=\"elementor-element elementor-element-37ed4df color-scheme-inherit text-left elementor-widget elementor-widget-text-editor\" data-id=\"37ed4df\" data-element_type=\"widget\" data-e-type=\"widget\" data-widget_type=\"text-editor.default\">\n\t\t\t\t\t\t\t\t\t<p><span style=\"color: #3366ff;\"><a style=\"color: #3366ff;\" href=\"https:\/\/web.whatsapp.com\/\" target=\"_blank\" rel=\"noopener\">+86 180 2319 6798<\/a><\/span><\/p>\t\t\t\t\t\t\t\t<\/div>\n\t\t\t\t<\/div>\n\t\t\t\t<\/div>\n\t\t\t\t<\/div>\n\t\t<div class=\"elementor-element elementor-element-51c136c e-con-full e-flex e-con e-child\" data-id=\"51c136c\" data-element_type=\"container\" data-e-type=\"container\">\n\t\t\t\t<div class=\"elementor-element elementor-element-f307700 elementor-widget elementor-widget-heading\" data-id=\"f307700\" data-element_type=\"widget\" data-e-type=\"widget\" data-widget_type=\"heading.default\">\n\t\t\t\t\t<h2 class=\"elementor-heading-title elementor-size-default\">Informations de contact<\/h2>\t\t\t\t<\/div>\n\t\t\t\t<div class=\"elementor-element elementor-element-74e77af wd-cf7 elementor-widget elementor-widget-wd_contact_form_7\" data-id=\"74e77af\" data-element_type=\"widget\" data-e-type=\"widget\" data-widget_type=\"wd_contact_form_7.default\">\n\t\t\t\t<div class=\"elementor-widget-container\">\n\t\t\t\t\t\n<div class=\"wpcf7 no-js\" id=\"wpcf7-f62-o1\" lang=\"en-US\" dir=\"ltr\" data-wpcf7-id=\"62\">\n<div class=\"screen-reader-response\"><p role=\"status\" aria-live=\"polite\" aria-atomic=\"true\"><\/p> <ul><\/ul><\/div>\n<form action=\"\/fr\/wp-json\/wp\/v2\/pages\/1025#wpcf7-f62-o1\" method=\"post\" class=\"wpcf7-form init\" aria-label=\"Contact form\" novalidate=\"novalidate\" data-status=\"init\" data-trp-original-action=\"\/fr\/wp-json\/wp\/v2\/pages\/1025#wpcf7-f62-o1\">\n<fieldset class=\"hidden-fields-container\"><input type=\"hidden\" name=\"_wpcf7\" value=\"62\" \/><input type=\"hidden\" name=\"_wpcf7_version\" value=\"6.1.5\" \/><input type=\"hidden\" name=\"_wpcf7_locale\" value=\"en_US\" \/><input type=\"hidden\" name=\"_wpcf7_unit_tag\" value=\"wpcf7-f62-o1\" \/><input type=\"hidden\" name=\"_wpcf7_container_post\" value=\"0\" \/><input type=\"hidden\" name=\"_wpcf7_posted_data_hash\" value=\"\" \/>\n<\/fieldset>\n<p><label> Votre nom<br \/>\n<span class=\"wpcf7-form-control-wrap\" data-name=\"your-name\"><input size=\"40\" maxlength=\"400\" class=\"wpcf7-form-control wpcf7-text wpcf7-validates-as-required\" autocomplete=\"name\" aria-required=\"true\" aria-invalid=\"false\" value=\"\" type=\"text\" name=\"your-name\" \/><\/span> <\/label>\n<\/p>\n<p><label> Votre e-mail<br \/>\n<span class=\"wpcf7-form-control-wrap\" data-name=\"your-email\"><input size=\"40\" maxlength=\"400\" class=\"wpcf7-form-control wpcf7-email wpcf7-validates-as-required wpcf7-text wpcf7-validates-as-email\" autocomplete=\"email\" aria-required=\"true\" aria-invalid=\"false\" value=\"\" type=\"email\" name=\"your-email\" \/><\/span> <\/label>\n<\/p>\n<p><label> Sujet<br \/>\n<span class=\"wpcf7-form-control-wrap\" data-name=\"your-subject\"><input size=\"40\" maxlength=\"400\" class=\"wpcf7-form-control wpcf7-text wpcf7-validates-as-required\" aria-required=\"true\" aria-invalid=\"false\" value=\"\" type=\"text\" name=\"your-subject\" \/><\/span> <\/label>\n<\/p>\n<p><label> Votre message (optionnel)<br \/>\n<span class=\"wpcf7-form-control-wrap\" data-name=\"your-message\"><textarea cols=\"40\" rows=\"10\" maxlength=\"2000\" class=\"wpcf7-form-control wpcf7-textarea\" aria-invalid=\"false\" name=\"your-message\"><\/textarea><\/span> <\/label>\n<\/p>\n<p><div class=\"cf7-cf-turnstile\" style=\"margin-top: 0px; margin-bottom: -15px;\"> <div id=\"cf-turnstile-cf7-1897440269\" class=\"cf-turnstile\" data-callback=\"turnstileCF7Callback\" data-sitekey=\"0x4AAAAAAB8lTrqYyojvrmBQ\" data-theme=\"light\" data-language=\"auto\" data-size=\"flexible\" data-retry=\"auto\" data-retry-interval=\"1000\" data-refresh-expired=\"auto\" data-action=\"contact-form-7\" data-appearance=\"always\"><\/div> <style>.wpcf7-submit { pointer-events: none; opacity: 0.5; }<\/style> <script>document.addEventListener(\"DOMContentLoaded\", function() { setTimeout(function(){ var e=document.getElementById(\"cf-turnstile-cf7-1897440269\"); e&&!e.innerHTML.trim()&&(turnstile.remove(\"#cf-turnstile-cf7-1897440269\"), turnstile.render(\"#cf-turnstile-cf7-1897440269\", {sitekey:\"0x4AAAAAAB8lTrqYyojvrmBQ\"})); }, 100); });<\/script> <br class=\"cf-turnstile-br cf-turnstile-br-cf7-1897440269\"> <style>#cf-turnstile-cf7-1897440269 { margin-left: -15px; }<\/style> <script>document.addEventListener(\"DOMContentLoaded\",function(){document.querySelectorAll('.wpcf7-form').forEach(function(e){e.addEventListener('submit',function(){if(document.getElementById('cf-turnstile-cf7-1897440269')){setTimeout(function(){turnstile.reset('#cf-turnstile-cf7-1897440269');},1000)}})})});<\/script> <\/div><br\/><input class=\"wpcf7-form-control wpcf7-submit has-spinner\" type=\"submit\" value=\"Soumettre\" \/>\n<\/p><p style=\"display: none !important;\" class=\"akismet-fields-container\" data-prefix=\"_wpcf7_ak_\"><label>\u0394<textarea name=\"_wpcf7_ak_hp_textarea\" cols=\"45\" rows=\"8\" maxlength=\"100\"><\/textarea><\/label><input type=\"hidden\" id=\"ak_js_1\" name=\"_wpcf7_ak_js\" value=\"147\"\/><script>document.getElementById( \"ak_js_1\" ).setAttribute( \"value\", ( new Date() ).getTime() );<\/script><\/p><div class=\"wpcf7-response-output\" aria-hidden=\"true\"><\/div>\n<input type=\"hidden\" name=\"trp-form-language\" value=\"fr\"\/><\/form>\n<\/div>\n\t\t\t\t<\/div>\n\t\t\t\t<\/div>\n\t\t\t\t<\/div>\n\t\t<div class=\"elementor-element elementor-element-67b9530 e-con-full e-flex e-con e-child\" data-id=\"67b9530\" data-element_type=\"container\" data-e-type=\"container\">\n\t\t\t\t<div class=\"elementor-element elementor-element-88fb751 wd-width-100 elementor-widget elementor-widget-wd_title\" data-id=\"88fb751\" data-element_type=\"widget\" data-e-type=\"widget\" data-widget_type=\"wd_title.default\">\n\t\t\t\t<div class=\"elementor-widget-container\">\n\t\t\t\t\t\t\t<div class=\"title-wrapper wd-set-mb reset-last-child wd-title-color-default wd-title-style-default wd-title-size-large text-left\">\n\n\t\t\t\n\t\t\t<div class=\"liner-continer\">\n\t\t\t\t<h2 class=\"woodmart-title-container title wd-fontsize-xxl\">Questions fr\u00e9quemment pos\u00e9es<\/h2> \n\t\t\t\t\t\t\t<\/div>\n\n\t\t\t\t\t<\/div>\n\t\t\t\t\t\t<\/div>\n\t\t\t\t<\/div>\n\t\t\t\t<div class=\"elementor-element elementor-element-ca5a946 elementor-widget elementor-widget-wd_accordion\" data-id=\"ca5a946\" data-element_type=\"widget\" data-e-type=\"widget\" data-widget_type=\"wd_accordion.default\">\n\t\t\t\t<div class=\"elementor-widget-container\">\n\t\t\t\t\t\n\t\t<div class=\"wd-accordion wd-style-default wd-border-off wd-titles-left wd-opener-pos-right wd-opener-style-arrow\" data-state=\"all_closed\">\n\t\t\t\t\t\t\t\n\t\t\t\t<div class=\"wd-accordion-item\">\n\t\t\t\t\t<div class=\"wd-accordion-title wd-role-btn\" data-accordion-index=\"0\" tabindex=\"0\">\n\t\t\t\t\t\t<div class=\"wd-accordion-title-text\">\n\t\t\t\t\t\t\t\t\t\t\t\t\t\t<span>\n\t\t\t\t\t\t\t\tMa commande n'est pas encore arriv\u00e9e. O\u00f9 est-elle ?\t\t\t\t\t\t\t<\/span>\n\t\t\t\t\t\t<\/div>\n\t\t\t\t\t\t<span class=\"wd-accordion-opener\"><\/span>\n\t\t\t\t\t<\/div>\n\n\t\t\t\t\t<div class=\"wd-accordion-content wd-entry-content\" data-accordion-index=\"0\">\n\t\t\t\t\t\t\t\t\t\t\t\t\t\n\t\t\t\t\t\t\t<div class=\"auto-hide-last-sibling-br paragraph-pP9ZLC paragraph-element br-paragraph-space\"><span style=\"color: #000000;\">Nous sommes d\u00e9sol\u00e9s d'apprendre que votre commande ne vous est pas encore parvenue ! La plupart des commandes sont exp\u00e9di\u00e9es dans un d\u00e9lai de 3 \u00e0 5 jours ouvrables et livr\u00e9es dans un d\u00e9lai de 10 \u00e0 18 jours ouvrables (varie selon la r\u00e9gion). Pour suivre votre colis :<\/span><\/div><ul class=\"auto-hide-last-sibling-br\"><li><span style=\"color: #000000;\">Connectez-vous \u00e0 votre compte et v\u00e9rifiez la section \"Historique des commandes\" pour un num\u00e9ro de suivi.<\/span><\/li><li><span style=\"color: #000000;\">En visitant <span style=\"color: #0000ff;\"><a style=\"color: #0000ff;\" href=\"https:\/\/www.17track.net\/\" target=\"_blank\" rel=\"noopener\">17track.net<\/a><\/span> et en entrant vos informations d'exp\u00e9dition, vous pouvez voir des mises \u00e0 jour logistiques en temps r\u00e9el.<\/span><br \/><div class=\"container-Uxvbjy md-box-line-break wrapper-GYqxgQ undefined\">\u00a0<\/div><p><span style=\"color: #000000;\">S'il y a des probl\u00e8mes avec la logistique de votre commande, veuillez envoyer le num\u00e9ro de commande \u00e0 notre e-mail de service client <strong>info@oiovape.com<\/strong>\u00a0et nous vous contacterons imm\u00e9diatement. Nous v\u00e9rifierons rapidement la situation et, si n\u00e9cessaire, organiserons une nouvelle livraison ou un remboursement pour vous - votre satisfaction est notre priorit\u00e9 absolue !<\/span><\/p><\/li><\/ul>\n\t\t\t\t\t\t\t\t\t\t\t\t\t\t\t\t\t\t<\/div>\n\t\t\t\t<\/div>\n\t\t\t\t\t\t\t\n\t\t\t\t<div class=\"wd-accordion-item\">\n\t\t\t\t\t<div class=\"wd-accordion-title wd-role-btn\" data-accordion-index=\"1\" tabindex=\"0\">\n\t\t\t\t\t\t<div class=\"wd-accordion-title-text\">\n\t\t\t\t\t\t\t\t\t\t\t\t\t\t<span>\n\t\t\t\t\t\t\t\tLivrez-vous pendant les jours f\u00e9ri\u00e9s ?\t\t\t\t\t\t\t<\/span>\n\t\t\t\t\t\t<\/div>\n\t\t\t\t\t\t<span class=\"wd-accordion-opener\"><\/span>\n\t\t\t\t\t<\/div>\n\n\t\t\t\t\t<div class=\"wd-accordion-content wd-entry-content\" data-accordion-index=\"1\">\n\t\t\t\t\t\t\t\t\t\t\t\t\t\n\t\t\t\t\t\t\t<p><span style=\"color: #000000;\">Notre entrep\u00f4t et nos partenaires logistiques ne fonctionnent pas pendant les jours f\u00e9ri\u00e9s majeurs (par exemple, No\u00ebl, le jour de l'An, Thanksgiving, les jours f\u00e9ri\u00e9s nationaux locaux). Les commandes pass\u00e9es pendant ou autour des jours f\u00e9ri\u00e9s seront trait\u00e9es et exp\u00e9di\u00e9es le jour ouvrable suivant. Les d\u00e9lais de livraison seront prolong\u00e9s en cons\u00e9quence, nous vous recommandons donc de passer vos commandes \u00e0 l'avance si vous en avez besoin \u00e0 une date sp\u00e9cifique. Vous pouvez trouver une liste compl\u00e8te de nos dates de fermeture pour les vacances sur la page \"Politique d'exp\u00e9dition\" de notre site Web.<\/span><\/p>\n\t\t\t\t\t\t\t\t\t\t\t\t\t\t\t\t\t\t<\/div>\n\t\t\t\t<\/div>\n\t\t\t\t\t\t\t\n\t\t\t\t<div class=\"wd-accordion-item\">\n\t\t\t\t\t<div class=\"wd-accordion-title wd-role-btn\" data-accordion-index=\"2\" tabindex=\"0\">\n\t\t\t\t\t\t<div class=\"wd-accordion-title-text\">\n\t\t\t\t\t\t\t\t\t\t\t\t\t\t<span>\n\t\t\t\t\t\t\t\tLivrez-vous \u00e0 mon code postal ?\t\t\t\t\t\t\t<\/span>\n\t\t\t\t\t\t<\/div>\n\t\t\t\t\t\t<span class=\"wd-accordion-opener\"><\/span>\n\t\t\t\t\t<\/div>\n\n\t\t\t\t\t<div class=\"wd-accordion-content wd-entry-content\" data-accordion-index=\"2\">\n\t\t\t\t\t\t\t\t\t\t\t\t\t\n\t\t\t\t\t\t\t<div class=\"auto-hide-last-sibling-br paragraph-pP9ZLC paragraph-element br-paragraph-space\"><span style=\"color: #000000;\">Nous proposons une exp\u00e9dition internationale vers la plupart des pays et r\u00e9gions du monde ! Pour confirmer si nous livrons \u00e0 votre code postal :<\/span><\/div><ul class=\"auto-hide-last-sibling-br\"><li><span style=\"color: #000000;\">Entrez votre code postal dans le \"Calculateur d'exp\u00e9dition\" sur la page du produit ou la page de paiement - cela montrera instantan\u00e9ment si la livraison est disponible.<\/span><\/li><li><span style=\"color: #000000;\">Si votre emplacement n'est pas r\u00e9pertori\u00e9, veuillez envoyer un e-mail <strong>info@oiovape.com<\/strong> avec votre adresse compl\u00e8te. Nous \u00e9largissons constamment notre r\u00e9seau de livraison et pourrions \u00eatre en mesure d'organiser l'exp\u00e9dition pour vous. Remarque : Certaines zones \u00e9loign\u00e9es peuvent entra\u00eener des frais d'exp\u00e9dition suppl\u00e9mentaires, qui seront affich\u00e9s au moment du paiement.<\/span>.<\/li><\/ul>\n\t\t\t\t\t\t\t\t\t\t\t\t\t\t\t\t\t\t<\/div>\n\t\t\t\t<\/div>\n\t\t\t\t\t\t\t\n\t\t\t\t<div class=\"wd-accordion-item\">\n\t\t\t\t\t<div class=\"wd-accordion-title wd-role-btn\" data-accordion-index=\"3\" tabindex=\"0\">\n\t\t\t\t\t\t<div class=\"wd-accordion-title-text\">\n\t\t\t\t\t\t\t\t\t\t\t\t\t\t<span>\n\t\t\t\t\t\t\t\tLa livraison le lendemain est-elle disponible pour toutes les commandes ?\t\t\t\t\t\t\t<\/span>\n\t\t\t\t\t\t<\/div>\n\t\t\t\t\t\t<span class=\"wd-accordion-opener\"><\/span>\n\t\t\t\t\t<\/div>\n\n\t\t\t\t\t<div class=\"wd-accordion-content wd-entry-content\" data-accordion-index=\"3\">\n\t\t\t\t\t\t\t\t\t\t\t\t\t\n\t\t\t\t\t\t\t<div class=\"auto-hide-last-sibling-br paragraph-pP9ZLC paragraph-element br-paragraph-space\"><div class=\"auto-hide-last-sibling-br paragraph-pP9ZLC paragraph-element br-paragraph-space\"><span style=\"color: #000000;\">Non, la livraison le lendemain n'est actuellement pas disponible pour les commandes OioVape. Toutes les commandes sont exp\u00e9di\u00e9es via notre service de livraison standard :<\/span><\/div><ul class=\"auto-hide-last-sibling-br\"><li><span style=\"color: #000000;\">Les commandes nationales arrivent g\u00e9n\u00e9ralement dans un d\u00e9lai de 3 \u00e0 7 jours ouvrables apr\u00e8s exp\u00e9dition.<\/span><\/li><li><span style=\"color: #000000;\">Les commandes internationales peuvent prendre 10 \u00e0 18 jours ouvrables, selon le pays\/r\u00e9gion de destination et le traitement douanier local.<\/span><br \/><div class=\"container-Uxvbjy md-box-line-break wrapper-GYqxgQ undefined\">\u00a0<\/div><p><span style=\"color: #000000;\">Vous pouvez v\u00e9rifier le d\u00e9lai de livraison estim\u00e9 exact pour votre emplacement en entrant votre code postal au moment du paiement. Nous collaborons avec des fournisseurs logistiques fiables pour garantir que votre colis est livr\u00e9 en toute s\u00e9curit\u00e9 et \u00e0 temps, et vous pouvez suivre son statut en temps r\u00e9el via le lien de suivi dans votre e-mail de confirmation d'exp\u00e9dition.<\/span><\/p><\/li><\/ul><\/div>\n\t\t\t\t\t\t\t\t\t\t\t\t\t\t\t\t\t\t<\/div>\n\t\t\t\t<\/div>\n\t\t\t\t\t\t\t\n\t\t\t\t<div class=\"wd-accordion-item\">\n\t\t\t\t\t<div class=\"wd-accordion-title wd-role-btn\" data-accordion-index=\"4\" tabindex=\"0\">\n\t\t\t\t\t\t<div class=\"wd-accordion-title-text\">\n\t\t\t\t\t\t\t\t\t\t\t\t\t\t<span>\n\t\t\t\t\t\t\t\tDois-je \u00eatre pr\u00e9sent pour signer la livraison ?\t\t\t\t\t\t\t<\/span>\n\t\t\t\t\t\t<\/div>\n\t\t\t\t\t\t<span class=\"wd-accordion-opener\"><\/span>\n\t\t\t\t\t<\/div>\n\n\t\t\t\t\t<div class=\"wd-accordion-content wd-entry-content\" data-accordion-index=\"4\">\n\t\t\t\t\t\t\t\t\t\t\t\t\t\n\t\t\t\t\t\t\t<div class=\"auto-hide-last-sibling-br paragraph-pP9ZLC paragraph-element br-paragraph-space\"><span style=\"color: #000000;\">Oui, une signature est requise pour toutes les livraisons. Cela garantit que le colis peut \u00eatre remis en toute s\u00e9curit\u00e9 aux mains de l'utilisateur. Si vous n'\u00eates pas disponible pour signer :<\/span><\/div><ul class=\"auto-hide-last-sibling-br\"><li><span style=\"color: #000000;\">La plupart des livreurs laisseront une carte de \"livraison manqu\u00e9e\" avec des instructions pour reprogrammer la livraison ou r\u00e9cup\u00e9rer le colis dans un d\u00e9p\u00f4t local.<\/span><\/li><li><span style=\"color: #000000;\">Vous pouvez \u00e9galement autoriser un adulte de confiance \u00e0 signer en votre nom en ajoutant son nom dans la section \"Remarques de livraison\" au moment du paiement.<\/span><br \/><div class=\"container-Uxvbjy md-box-line-break wrapper-GYqxgQ undefined\">\u00a0<\/div><p><span style=\"color: #000000;\">Si vous devez ajuster vos pr\u00e9f\u00e9rences de livraison, contactez notre \u00e9quipe de support au moins 24 heures avant la date de livraison estim\u00e9e, et nous coordonnerons avec le livreur.<\/span><\/p><\/li><\/ul>\n\t\t\t\t\t\t\t\t\t\t\t\t\t\t\t\t\t\t<\/div>\n\t\t\t\t<\/div>\n\t\t\t\t\t<\/div>\n\t\t\t\t\t\t<\/div>\n\t\t\t\t<\/div>\n\t\t\t\t<\/div>\n\t\t\t\t<\/div>\n\t\t\t\t\t<\/div>\n\t\t\t\t<\/div>\n\t\t\t\t<\/div>","protected":false},"excerpt":{"rendered":"<p>Contact us HomePage Real Human Support At OIOVAPE, you\u2019ll never deal with long phone menus or emails that disappear into<\/p>","protected":false},"author":1,"featured_media":0,"parent":0,"menu_order":0,"comment_status":"closed","ping_status":"closed","template":"","meta":{"_acf_changed":false,"inline_featured_image":false,"_sitemap_exclude":false,"_sitemap_priority":"","_sitemap_frequency":"","footnotes":""},"class_list":["post-1025","page","type-page","status-publish","hentry"],"acf":[],"_links":{"self":[{"href":"https:\/\/oiovape.com\/fr\/wp-json\/wp\/v2\/pages\/1025","targetHints":{"allow":["GET"]}}],"collection":[{"href":"https:\/\/oiovape.com\/fr\/wp-json\/wp\/v2\/pages"}],"about":[{"href":"https:\/\/oiovape.com\/fr\/wp-json\/wp\/v2\/types\/page"}],"author":[{"embeddable":true,"href":"https:\/\/oiovape.com\/fr\/wp-json\/wp\/v2\/users\/1"}],"replies":[{"embeddable":true,"href":"https:\/\/oiovape.com\/fr\/wp-json\/wp\/v2\/comments?post=1025"}],"version-history":[{"count":0,"href":"https:\/\/oiovape.com\/fr\/wp-json\/wp\/v2\/pages\/1025\/revisions"}],"wp:attachment":[{"href":"https:\/\/oiovape.com\/fr\/wp-json\/wp\/v2\/media?parent=1025"}],"curies":[{"name":"wp","href":"https:\/\/api.w.org\/{rel}","templated":true}]}}