{"id":1026,"date":"2023-04-20T11:47:35","date_gmt":"2023-04-20T11:47:35","guid":{"rendered":"https:\/\/dummy.xtemos.com\/woodmart2\/furniture2-elementor\/?page_id=31"},"modified":"2026-01-12T02:59:18","modified_gmt":"2026-01-12T02:59:18","slug":"about-us","status":"publish","type":"page","link":"https:\/\/oiovape.com\/fr\/about-us\/","title":{"rendered":"\u00c0 propos de nous"},"content":{"rendered":"<div data-elementor-type=\"wp-page\" data-elementor-id=\"1026\" class=\"elementor elementor-1026\">\n\t\t\t\t<div class=\"wd-negative-gap elementor-element elementor-element-53106a9 e-flex e-con-boxed e-con e-parent\" data-id=\"53106a9\" data-element_type=\"container\" data-e-type=\"container\">\n\t\t\t\t\t<div class=\"e-con-inner\">\n\t\t<div class=\"elementor-element elementor-element-c9f3c53 e-con-full e-flex e-con e-child\" data-id=\"c9f3c53\" data-element_type=\"container\" data-e-type=\"container\">\n\t\t\t\t<div class=\"elementor-element elementor-element-4260976 elementor-widget elementor-widget-image\" data-id=\"4260976\" data-element_type=\"widget\" data-e-type=\"widget\" data-widget_type=\"image.default\">\n\t\t\t\t\t\t\t\t\t\t\t\t\t\t\t<img decoding=\"async\" width=\"1728\" height=\"2464\" src=\"https:\/\/oiovape.com\/wp-content\/uploads\/2026\/01\/OioVape-E-cigarettes-2.jpg\" class=\"attachment-full size-full wp-image-3903\" alt=\"OioVape E-cigarettes\" srcset=\"https:\/\/oiovape.com\/wp-content\/uploads\/2026\/01\/OioVape-E-cigarettes-2.jpg 1728w, https:\/\/oiovape.com\/wp-content\/uploads\/2026\/01\/OioVape-E-cigarettes-2-210x300.jpg 210w, https:\/\/oiovape.com\/wp-content\/uploads\/2026\/01\/OioVape-E-cigarettes-2-718x1024.jpg 718w, https:\/\/oiovape.com\/wp-content\/uploads\/2026\/01\/OioVape-E-cigarettes-2-768x1095.jpg 768w, https:\/\/oiovape.com\/wp-content\/uploads\/2026\/01\/OioVape-E-cigarettes-2-1077x1536.jpg 1077w, https:\/\/oiovape.com\/wp-content\/uploads\/2026\/01\/OioVape-E-cigarettes-2-1436x2048.jpg 1436w, https:\/\/oiovape.com\/wp-content\/uploads\/2026\/01\/OioVape-E-cigarettes-2-1200x1711.jpg 1200w, https:\/\/oiovape.com\/wp-content\/uploads\/2026\/01\/OioVape-E-cigarettes-2-150x214.jpg 150w\" sizes=\"(max-width: 1728px) 100vw, 1728px\" \/>\t\t\t\t\t\t\t\t\t\t\t\t\t\t\t<\/div>\n\t\t\t\t<\/div>\n\t\t<div class=\"elementor-element elementor-element-2e08047 e-con-full e-flex e-con e-child\" data-id=\"2e08047\" data-element_type=\"container\" data-e-type=\"container\">\n\t\t\t\t<div class=\"elementor-element elementor-element-43100e7 elementor-widget elementor-widget-heading\" data-id=\"43100e7\" data-element_type=\"widget\" data-e-type=\"widget\" data-widget_type=\"heading.default\">\n\t\t\t\t\t<h1 class=\"elementor-heading-title elementor-size-default\">Achetez des Vapes Jetables Originales chez OioVape<\/h1>\t\t\t\t<\/div>\n\t\t\t\t<div class=\"elementor-element elementor-element-27191c5 color-scheme-inherit text-left elementor-widget elementor-widget-text-editor\" data-id=\"27191c5\" data-element_type=\"widget\" data-e-type=\"widget\" data-widget_type=\"text-editor.default\">\n\t\t\t\t\t\t\t\t\t<p dir=\"auto\">Bienvenue chez OioVape. Nous sommes un site ind\u00e9pendant d\u00e9di\u00e9, con\u00e7u pour <strong>les acheteurs de cigarettes \u00e9lectroniques<\/strong>\u2014d\u00e9taillants, grossistes et passionn\u00e9s. Nous nous concentrons sur la fourniture de solutions de vapotage de premier ordre avec une commodit\u00e9 et une fiabilit\u00e9 in\u00e9gal\u00e9es.<\/p><div data-page-id=\"EM1vfXaIRdvwPtcezXXc2ADAnqg\" data-lark-html-role=\"root\" data-docx-has-block-data=\"false\"><div class=\"old-record-id-MlZ0fUj4gdLBuvccuJ5cu3Jvnsg\"><p><strong> Produits Premium et Conformes<\/strong> <br \/>Nous collaborons avec des fabricants de premier plan pour s\u00e9lectionner une gamme de vapes jetables et d'essentiels. Chaque produit passe <strong>des tests de qualit\u00e9 internationaux stricts<\/strong>, respectant les normes r\u00e9glementaires \u00e0 travers l'Europe, l'Am\u00e9rique du Nord, l'Asie du Sud-Est, et plus encore. Les saveurs tendance (menthol glac\u00e9, fruits tropicaux, tabac classique) et les appareils durables sont nos incontournables.<\/p><\/div><\/div><div data-page-id=\"EM1vfXaIRdvwPtcezXXc2ADAnqg\" data-lark-html-role=\"root\" data-docx-has-block-data=\"false\"><div class=\"old-record-id-GIWbfqlFldB4P8c1WjAcrTklncb\"><p><strong>Services Ax\u00e9s sur l'International<\/strong> <br \/>\u2013 <strong>Offres de Gros Flexibles<\/strong>: Les grossistes b\u00e9n\u00e9ficient de prix comp\u00e9titifs et de plans de commande personnalis\u00e9s. <br \/>\u2013 <strong>Logistique Fluide<\/strong>: Des partenaires mondiaux de confiance garantissent une livraison rapide et s\u00e9curis\u00e9e \u00e0 votre porte.<br \/>\u2013 <strong>Garantie d'Exp\u00e9dition Rapide<\/strong>: Les commandes sont trait\u00e9es dans les 48 heures, avec des options de livraison acc\u00e9l\u00e9r\u00e9e pour recevoir vos produits dans les plus brefs d\u00e9lais.<br \/>\u2013 <strong>Support 24\/7<\/strong>: Notre \u00e9quipe est disponible pour vous aider avec les commandes, la logistique et les demandes de produits \u00e0 tout moment.<\/p><\/div><\/div><div data-page-id=\"EM1vfXaIRdvwPtcezXXc2ADAnqg\" data-lark-html-role=\"root\" data-docx-has-block-data=\"false\"><div class=\"ace-line ace-line old-record-id-SQPcftw7mdhzALcHzaIcEmginhf\"><p><strong>Pourquoi choisir OioVape ?<\/strong> <br \/>Nous allions des produits de qualit\u00e9, des s\u00e9lections sp\u00e9cifiques au march\u00e9 et un service sans tracas, faisant de nous votre partenaire fiable pour vos besoins en vapotage.<\/p><\/div><\/div><p><strong>\ud83d\udce7Email : <span style=\"color: #000000;\">info@oiovape.com<br \/><\/span><\/strong><strong>\ud83d\udcdeWhatsApp : <span style=\"color: #000000;\">+86 180 2319 6798<\/span><\/strong><\/p><p><span style=\"color: #000000;\">Visitez <a href=\"https:\/\/oiovape.com\/fr\/\"><span style=\"text-decoration: underline; color: #0000ff;\"><strong>oiovape.com<\/strong><\/span><\/a>\u00a0pour consulter notre gamme de produits, obtenir des devis ou contacter notre \u00e9quipe !<\/span><span style=\"text-decoration: underline;\"><span style=\"color: #0000ff; text-decoration: underline;\"><br \/><\/span><\/span><\/p>\t\t\t\t\t\t\t\t<\/div>\n\t\t\t\t<div class=\"elementor-element elementor-element-2175a1f elementor-widget elementor-widget-image\" data-id=\"2175a1f\" data-element_type=\"widget\" data-e-type=\"widget\" data-widget_type=\"image.default\">\n\t\t\t\t\t\t\t\t\t\t\t\t\t\t\t<img decoding=\"async\" width=\"2560\" height=\"1439\" src=\"https:\/\/oiovape.com\/wp-content\/uploads\/2026\/01\/OioVape-Shop-scaled.jpg\" class=\"attachment-full size-full wp-image-3426\" alt=\"Boutique OioVape\" srcset=\"https:\/\/oiovape.com\/wp-content\/uploads\/2026\/01\/OioVape-Shop-scaled.jpg 2560w, https:\/\/oiovape.com\/wp-content\/uploads\/2026\/01\/OioVape-Shop-300x169.jpg 300w, https:\/\/oiovape.com\/wp-content\/uploads\/2026\/01\/OioVape-Shop-1024x576.jpg 1024w, https:\/\/oiovape.com\/wp-content\/uploads\/2026\/01\/OioVape-Shop-768x432.jpg 768w, https:\/\/oiovape.com\/wp-content\/uploads\/2026\/01\/OioVape-Shop-1536x864.jpg 1536w, https:\/\/oiovape.com\/wp-content\/uploads\/2026\/01\/OioVape-Shop-2048x1152.jpg 2048w, https:\/\/oiovape.com\/wp-content\/uploads\/2026\/01\/OioVape-Shop-1200x675.jpg 1200w, https:\/\/oiovape.com\/wp-content\/uploads\/2026\/01\/OioVape-Shop-150x84.jpg 150w\" sizes=\"(max-width: 2560px) 100vw, 2560px\" \/>\t\t\t\t\t\t\t\t\t\t\t\t\t\t\t<\/div>\n\t\t\t\t<div class=\"elementor-element elementor-element-90656d3 elementor-widget elementor-widget-button\" data-id=\"90656d3\" data-element_type=\"widget\" data-e-type=\"widget\" data-widget_type=\"button.default\">\n\t\t\t\t\t\t\t\t\t\t<a class=\"elementor-button elementor-button-link elementor-size-sm\" href=\"https:\/\/oiovape.com\/fr\/shop\/\">\n\t\t\t\t\t\t<span class=\"elementor-button-content-wrapper\">\n\t\t\t\t\t\t\t\t\t<span class=\"elementor-button-text\">Visitez la boutique !<\/span>\n\t\t\t\t\t<\/span>\n\t\t\t\t\t<\/a>\n\t\t\t\t\t\t\t\t<\/div>\n\t\t\t\t<\/div>\n\t\t\t\t\t<\/div>\n\t\t\t\t<\/div>\n\t\t<div class=\"wd-negative-gap elementor-element elementor-element-43bbe8e wd-collapsible-content e-flex e-con-boxed e-con e-parent\" data-id=\"43bbe8e\" data-element_type=\"container\" data-e-type=\"container\">\n\t\t\t\t\t<div class=\"e-con-inner\">\n\t\t\t\t<div class=\"elementor-element elementor-element-cf18f75 elementor-widget elementor-widget-wd_button\" data-id=\"cf18f75\" data-element_type=\"widget\" data-e-type=\"widget\" data-widget_type=\"wd_button.default\">\n\t\t\t\t<div class=\"elementor-widget-container\">\n\t\t\t\t\t\t\t<div class=\"wd-button-wrapper text-left wd-collapsible-button\" >\n\t\t\t<a class=\"btn btn-style-link btn-shape- btn-size-default btn-color-primary btn-icon-pos-right\"  href=\"#\">\n\t\t\t\t<span class=\"wd-btn-text\" data-elementor-setting-key=\"text\">\n\t\t\t\t\tEn savoir plus\t\t\t\t<\/span>\n\n\t\t\t\t\t\t\t<\/a>\n\t\t<\/div>\n\t\t\t\t\t\t<\/div>\n\t\t\t\t<\/div>\n\t\t\t\t\t<\/div>\n\t\t\t\t<\/div>\n\t\t\t\t<\/div>","protected":false},"excerpt":{"rendered":"<p>Purchase Original Disposable Vapes From OioVape Welcome to OioVape. We are a dedicated independent site, tailored for e-cigarette buyers\u2014retailers, wholesalers,<\/p>","protected":false},"author":1,"featured_media":0,"parent":0,"menu_order":0,"comment_status":"closed","ping_status":"closed","template":"","meta":{"_acf_changed":false,"inline_featured_image":false,"_sitemap_exclude":false,"_sitemap_priority":"","_sitemap_frequency":"","footnotes":""},"class_list":["post-1026","page","type-page","status-publish","hentry"],"acf":[],"_links":{"self":[{"href":"https:\/\/oiovape.com\/fr\/wp-json\/wp\/v2\/pages\/1026","targetHints":{"allow":["GET"]}}],"collection":[{"href":"https:\/\/oiovape.com\/fr\/wp-json\/wp\/v2\/pages"}],"about":[{"href":"https:\/\/oiovape.com\/fr\/wp-json\/wp\/v2\/types\/page"}],"author":[{"embeddable":true,"href":"https:\/\/oiovape.com\/fr\/wp-json\/wp\/v2\/users\/1"}],"replies":[{"embeddable":true,"href":"https:\/\/oiovape.com\/fr\/wp-json\/wp\/v2\/comments?post=1026"}],"version-history":[{"count":2,"href":"https:\/\/oiovape.com\/fr\/wp-json\/wp\/v2\/pages\/1026\/revisions"}],"predecessor-version":[{"id":3901,"href":"https:\/\/oiovape.com\/fr\/wp-json\/wp\/v2\/pages\/1026\/revisions\/3901"}],"wp:attachment":[{"href":"https:\/\/oiovape.com\/fr\/wp-json\/wp\/v2\/media?parent=1026"}],"curies":[{"name":"wp","href":"https:\/\/api.w.org\/{rel}","templated":true}]}}