{"id":2099,"date":"2025-12-23T09:08:18","date_gmt":"2025-12-23T09:08:18","guid":{"rendered":"https:\/\/oiovape.com\/?page_id=2099"},"modified":"2026-01-12T02:53:11","modified_gmt":"2026-01-12T02:53:11","slug":"shipping-policy","status":"publish","type":"page","link":"https:\/\/oiovape.com\/fr\/shipping-policy\/","title":{"rendered":"Politique d'exp\u00e9dition"},"content":{"rendered":"<div data-elementor-type=\"wp-page\" data-elementor-id=\"2099\" class=\"elementor elementor-2099\">\n\t\t\t\t<div class=\"wd-negative-gap elementor-element elementor-element-227fce7a e-flex e-con-boxed e-con e-parent\" data-id=\"227fce7a\" data-element_type=\"container\" data-e-type=\"container\">\n\t\t\t\t\t<div class=\"e-con-inner\">\n\t\t\t\t<div class=\"elementor-element elementor-element-5590ea24 color-scheme-inherit text-left elementor-widget elementor-widget-text-editor\" data-id=\"5590ea24\" data-element_type=\"widget\" data-e-type=\"widget\" data-widget_type=\"text-editor.default\">\n\t\t\t\t\t\t\t\t\t<div data-page-id=\"OlLmfVL21dWsjWcTd4zcJPUmn1d\" data-lark-html-role=\"root\" data-docx-has-block-data=\"false\"><h1 class=\"ace-line ace-line old-record-id-OlLmfVL21dWsjWcTd4zcJPUmn1d\" style=\"text-align: center;\">Politique d'exp\u00e9dition OioVape<\/h1><div class=\"ace-line ace-line old-record-id-QTi3fRPBLdHmudcHG0ics0HbnXc\"><p><span style=\"color: #000000;\">Chez <a href=\"https:\/\/oiovape.com\/fr\/\"><span style=\"color: #0000ff;\">OioVape<\/span><\/a>, nous nous engageons \u00e0 garantir que chaque commande vous soit livr\u00e9e en toute s\u00e9curit\u00e9, de mani\u00e8re s\u00e9curis\u00e9e et dans les d\u00e9lais. Vous trouverez ci-dessous les termes d\u00e9taill\u00e9s de nos politiques de traitement et d'exp\u00e9dition des commandes pour vous aider \u00e0 comprendre clairement l'ensemble du processus de livraison :<br \/><\/span><\/p><p><img decoding=\"async\" class=\"wp-image-2589 size-full\" title=\"Transport DHL\" src=\"https:\/\/oiovape.com\/wp-content\/uploads\/2025\/12\/DHL-Transportation-scaled.jpg\" alt=\"Transport DHL\" width=\"2560\" height=\"1252\" srcset=\"https:\/\/oiovape.com\/wp-content\/uploads\/2025\/12\/DHL-Transportation-scaled.jpg 2560w, https:\/\/oiovape.com\/wp-content\/uploads\/2025\/12\/DHL-Transportation-300x147.jpg 300w, https:\/\/oiovape.com\/wp-content\/uploads\/2025\/12\/DHL-Transportation-1024x501.jpg 1024w, https:\/\/oiovape.com\/wp-content\/uploads\/2025\/12\/DHL-Transportation-768x376.jpg 768w, https:\/\/oiovape.com\/wp-content\/uploads\/2025\/12\/DHL-Transportation-1536x751.jpg 1536w, https:\/\/oiovape.com\/wp-content\/uploads\/2025\/12\/DHL-Transportation-2048x1002.jpg 2048w, https:\/\/oiovape.com\/wp-content\/uploads\/2025\/12\/DHL-Transportation-1200x587.jpg 1200w, https:\/\/oiovape.com\/wp-content\/uploads\/2025\/12\/DHL-Transportation-150x73.jpg 150w\" sizes=\"(max-width: 2560px) 100vw, 2560px\" \/><\/p><p><span style=\"color: #000000;\">\u00a0<\/span><\/p><\/div><h2 class=\"heading-2 ace-line old-record-id-IIyofRUcbdWiUtcDmKFc0czWn4f\"><span style=\"color: #000000;\">Traitement des commandes<\/span><\/h2><div class=\"ace-line ace-line old-record-id-V3tWfDBBJdQrl8cgQiScHZcWnbb\"><span style=\"color: #000000;\">Toutes les commandes seront trait\u00e9es et exp\u00e9di\u00e9es dans un d\u00e9lai de 3 \u00e0 5 jours ouvrables apr\u00e8s leur passation. En g\u00e9n\u00e9ral, vous pouvez vous attendre \u00e0 recevoir votre colis dans un d\u00e9lai de 10 \u00e0 18 jours ouvrables apr\u00e8s l'exp\u00e9dition. Veuillez noter que nous ne traitons ni n'exp\u00e9dions les commandes le week-end ou les jours f\u00e9ri\u00e9s. Pendant les p\u00e9riodes de forte affluence ou les p\u00e9riodes promotionnelles, il peut y avoir un l\u00e9ger retard dans le traitement des commandes ; nous vous informerons par e-mail si le retard d\u00e9passe 7 jours ouvrables.<\/span><\/div><h2 class=\"heading-2 ace-line old-record-id-PX26fcAjyd02hycPRYQcDFt9nEO\"><span style=\"color: #000000;\">Suivi de votre commande<\/span><\/h2><div class=\"ace-line ace-line old-record-id-NzMEfuFCTddSZYcr73Pcg293nHd\"><span style=\"color: #000000;\">Une fois votre commande exp\u00e9di\u00e9e, un e-mail de confirmation d'exp\u00e9dition contenant le num\u00e9ro de suivi sera envoy\u00e9 \u00e0 votre adresse e-mail enregistr\u00e9e imm\u00e9diatement. Veuillez v\u00e9rifier r\u00e9guli\u00e8rement votre bo\u00eete de r\u00e9ception, y compris le dossier spam\/junk, et ajouter notre e-mail officiel \u00e0 votre liste de contacts de confiance pour vous assurer de recevoir la notification rapidement.<\/span><\/div><div class=\"ace-line ace-line old-record-id-MY1ufOkPlden1lcxgN9cGxaKnzb\"><span style=\"color: #000000;\">Vous pouvez suivre l'\u00e9tat en temps r\u00e9el de votre commande en visitant <a href=\"http:\/\/17track.net\/\" target=\"_blank\" rel=\"noopener\"><span style=\"color: #0000ff;\">17track.net<\/span><\/a>\u00a0et en entrant votre num\u00e9ro de suivi. Veuillez noter que les informations de suivi peuvent prendre 3 \u00e0 7 jours ouvrables pour \u00eatre mises \u00e0 jour sur la plateforme apr\u00e8s l'exp\u00e9dition de la commande, ce qui est une pratique normale dans l'industrie logistique.<\/span><\/div><h2 class=\"heading-2 ace-line old-record-id-VeZvfgDgtdcceOccp16c62yjnMd\"><span style=\"color: #000000;\">Modifications et annulations de commande<\/span><\/h2><div class=\"ace-line ace-line old-record-id-R7apf5LYudH8LDcs3hxcoMZxnAg\"><span style=\"color: #000000;\">Si vous devez annuler votre commande ou modifier l'adresse de livraison, veuillez contacter notre \u00e9quipe de service client d\u00e8s que possible. Nous pouvons satisfaire de telles demandes sans frais uniquement si la commande n'a pas \u00e9t\u00e9 trait\u00e9e ou exp\u00e9di\u00e9e. Une fois la commande exp\u00e9di\u00e9e, nous ne pourrons pas annuler la commande, modifier l'adresse ou traiter les remboursements li\u00e9s aux changements d'exp\u00e9dition.<\/span><\/div><h2 class=\"heading-2 ace-line old-record-id-CZ2IftoLLd59SocbxQRcHydbn1e\"><span style=\"color: #000000;\">Services douaniers et de d\u00e9douanement<\/span><\/h2><div class=\"ace-line ace-line old-record-id-BEiJfC8N4dujRScwN3mc7VWbnRA\"><span style=\"color: #000000;\">Pour vous offrir une exp\u00e9rience d'achat sans tracas, nous proposons des services d'exp\u00e9dition DDP (Delivered Duty Paid) pour les pays\/r\u00e9gions suivants. Selon les conditions DDP, tous les droits de douane, taxes et frais de d\u00e9douanement sont pr\u00e9pay\u00e9s par OioVape, et vous ne serez pas tenu de payer de frais suppl\u00e9mentaires \u00e0 la livraison :<\/span><\/div><ul class=\"list-bullet1\"><li class=\"ace-line ace-line old-record-id-I1XRfliTtdHY6DcPjhEcugtYnmh\" data-list=\"bullet\"><div><span style=\"color: #000000;\"><strong>Union Europ\u00e9enne :<\/strong> Exp\u00e9di\u00e9 via DHL Express \/ DPD Express<\/span><\/div><\/li><li class=\"ace-line ace-line old-record-id-Usf0fBwh5dR8bZcdVebcMcuzncf\" data-list=\"bullet\"><div><span style=\"color: #000000;\"><strong>Royaume-Uni :<\/strong> Exp\u00e9di\u00e9 via DPD Express (conformit\u00e9 avec la certification CE)<\/span><\/div><\/li><li class=\"ace-line ace-line old-record-id-YCWRf6bDPdsT7ect7secM9jKnHe\" data-list=\"bullet\"><div><span style=\"color: #000000;\"><strong>\u00c9tats-Unis :<\/strong> Exp\u00e9di\u00e9 via UPS (hors Alaska, Hawa\u00ef, et \u00e9tats\/villes restreints selon la loi PACT)<\/span><\/div><\/li><li class=\"ace-line ace-line old-record-id-HlAyfxseKdmSNyclivDcWkPFnfh\" data-list=\"bullet\"><div><span style=\"color: #000000;\"><strong>Canada :<\/strong> Exp\u00e9di\u00e9 via UPS Express (conforme aux r\u00e9glementations de Sant\u00e9 Canada)<\/span><\/div><\/li><li class=\"ace-line ace-line old-record-id-XzfvfG5DGdWQGkcPZFhcwvNYnbh\" data-list=\"bullet\"><div><span style=\"color: #000000;\"><strong>Australie :<\/strong> Exp\u00e9di\u00e9 via Australia Post (sous r\u00e9serve des r\u00e9glementations locales sur les produits de vapotage)<\/span><\/div><\/li><\/ul><div class=\"ace-line ace-line old-record-id-Wv1JfYRcQd4HmHcaEcrcEivPnLd\"><span style=\"color: #000000;\">Veuillez noter que les services DDP ne sont pas disponibles dans toutes les r\u00e9gions. Pour les pays ayant des politiques douani\u00e8res strictes sur les produits de vapotage (comme le Danemark, la Norv\u00e8ge, la Suisse, et certains pays d'Asie du Sud-Est), les services DDP peuvent ne pas \u00eatre disponibles. Dans de tels cas, des frais de douane suppl\u00e9mentaires allant de 10 \u00e0 80 EUR peuvent \u00eatre engag\u00e9s, qui sont \u00e0 la charge du destinataire.<\/span><\/div><h2 class=\"heading-2 ace-line old-record-id-XiFQfC8phdtOKOc0Rvqc9ZsjnHf\"><span style=\"color: #000000;\">Restrictions d'exp\u00e9dition &amp; Conformit\u00e9<\/span><\/h2><div class=\"ace-line ace-line old-record-id-ZU8kfHgo5d6zKGcXeHncvlMjnPN\"><span style=\"color: #000000;\">Conform\u00e9ment \u00e0 la loi sur la pr\u00e9vention de la contrebande de cigarettes (PACT) et aux r\u00e9glementations locales, nous n'exp\u00e9dions pas de produits de vapotage aux \u00e9tats\/villes suivants des \u00c9tats-Unis :<\/span><\/div><ul class=\"list-bullet1\"><li class=\"ace-line ace-line old-record-id-MeZOfwdzCd7CnJcmQQwcZ8DGnsb\" data-list=\"bullet\"><div><span style=\"color: #000000;\"><strong>\u00c9tats avec interdictions totales :<\/strong> Arkansas, G\u00e9orgie, Louisiane, Maine, New Hampshire, Oregon, Dakota du Sud, Utah, Vermont<\/span><\/div><\/li><li class=\"ace-line ace-line old-record-id-AhphfqNhJdC8HBcekBlcsGgBnNg\" data-list=\"bullet\"><div><span style=\"color: #000000;\"><strong>\u00c9tats avec interdictions de produits aromatis\u00e9s :<\/strong> Californie, Massachusetts, Montana, New Jersey, Rhode Island, Washington D.C. (seuls les produits au tabac et non aromatis\u00e9s sont autoris\u00e9s)<\/span><\/div><\/li><li class=\"ace-line ace-line old-record-id-VS1zfIRO8d5jZ9crfqlcdOUpndh\" data-list=\"bullet\"><div><span style=\"color: #000000;\"><strong>Restrictions sp\u00e9ciales :<\/strong> New York (pas d'exp\u00e9ditions d'e-liquides), Maryland (pas d'exp\u00e9ditions de vapes jetables)<\/span><\/div><\/li><\/ul><div class=\"ace-line ace-line old-record-id-Sr9AfWp9IdM9XhcBH5lcCCSTnjg\"><span style=\"color: #000000;\">La v\u00e9rification de l'\u00e2ge est obligatoire avant le paiement, et toutes les commandes n\u00e9cessitent une signature d'adulte (18+) lors de la livraison. Nous n'exp\u00e9dions pas aux bo\u00eetes postales, adresses APO\/FPO, ou bases militaires.<\/span><\/div><h2 class=\"heading-2 ace-line old-record-id-QuP7fgoEfdbGpVcaSHDc5yINn9b\"><span style=\"color: #000000;\">Informations suppl\u00e9mentaires<\/span><\/h2><div class=\"ace-line ace-line old-record-id-JHO6fIe9KdTKc8cFZpWc0OqYn8b\"><span style=\"color: #000000;\">Si votre commande est refus\u00e9e, retourn\u00e9e, ou non livr\u00e9e en raison d'informations d'adresse incorrectes, d'un \u00e9chec de la v\u00e9rification de l'\u00e2ge, ou de non-conformit\u00e9 avec les r\u00e9glementations locales, OioVape se r\u00e9serve le droit de facturer des frais pertinents (y compris les frais de retour et de manutention). Nous vous recommandons fortement de v\u00e9rifier tous les d\u00e9tails de livraison et les r\u00e9glementations locales sur le vapotage lors du paiement pour \u00e9viter des probl\u00e8mes inutiles.<\/span><\/div><div class=\"ace-line ace-line old-record-id-T8avfjDpHdnGRBcLEYccv7VRnPg\"><span style=\"color: #000000;\">Pour les zones \u00e9loign\u00e9es (par exemple, les r\u00e9gions rurales en dehors des grandes villes), des frais d'exp\u00e9dition suppl\u00e9mentaires peuvent s'appliquer, et les d\u00e9lais de livraison peuvent \u00eatre prolong\u00e9s de 3 \u00e0 5 jours ouvrables. Bien que nous nous effor\u00e7ons d'assurer une livraison \u00e0 temps, des retards in\u00e9vitables peuvent survenir en raison des conditions logistiques locales, et nous vous tiendrons inform\u00e9 de tout retard significatif.<\/span><\/div><h2 class=\"heading-2 ace-line old-record-id-KsmefQr7OdJJmnc5cGJchxHtn4T\"><span style=\"color: #000000;\">Service client<\/span><\/h2><div class=\"ace-line ace-line old-record-id-G5TNfAQphdCBTFcg8GRceNPRn6c\"><span style=\"color: #000000;\">Si vous avez des questions, des pr\u00e9occupations, ou des demandes sp\u00e9ciales concernant la livraison de votre commande, n'h\u00e9sitez pas \u00e0 contacter notre \u00e9quipe de support client. Vous pouvez nous joindre par e-mail \u00e0 <strong>info@oiovape.com<\/strong> ou via le formulaire \u201c Contactez-nous \u201d sur notre site web. Notre \u00e9quipe est disponible 24\/7 pour vous fournir une assistance professionnelle.<\/span><\/div><div class=\"ace-line ace-line old-record-id-Y8QLfkKuHdlQXech2EWcU64zngd\"><span style=\"color: #000000;\">Merci d'avoir choisi OioVape. Nous sommes impatients de vous offrir une exp\u00e9rience d'achat et de livraison premium !<\/span><\/div><\/div>\t\t\t\t\t\t\t\t<\/div>\n\t\t\t\t\t<\/div>\n\t\t\t\t<\/div>\n\t\t\t\t<\/div>","protected":false},"excerpt":{"rendered":"<p>OioVape Shipping Policy At OioVape, we are committed to ensuring that every order is delivered to you safely, securely and<\/p>","protected":false},"author":1,"featured_media":0,"parent":0,"menu_order":0,"comment_status":"closed","ping_status":"closed","template":"","meta":{"_acf_changed":false,"inline_featured_image":false,"_sitemap_exclude":false,"_sitemap_priority":"","_sitemap_frequency":"","footnotes":""},"class_list":["post-2099","page","type-page","status-publish","hentry"],"acf":[],"_links":{"self":[{"href":"https:\/\/oiovape.com\/fr\/wp-json\/wp\/v2\/pages\/2099","targetHints":{"allow":["GET"]}}],"collection":[{"href":"https:\/\/oiovape.com\/fr\/wp-json\/wp\/v2\/pages"}],"about":[{"href":"https:\/\/oiovape.com\/fr\/wp-json\/wp\/v2\/types\/page"}],"author":[{"embeddable":true,"href":"https:\/\/oiovape.com\/fr\/wp-json\/wp\/v2\/users\/1"}],"replies":[{"embeddable":true,"href":"https:\/\/oiovape.com\/fr\/wp-json\/wp\/v2\/comments?post=2099"}],"version-history":[{"count":3,"href":"https:\/\/oiovape.com\/fr\/wp-json\/wp\/v2\/pages\/2099\/revisions"}],"predecessor-version":[{"id":3584,"href":"https:\/\/oiovape.com\/fr\/wp-json\/wp\/v2\/pages\/2099\/revisions\/3584"}],"wp:attachment":[{"href":"https:\/\/oiovape.com\/fr\/wp-json\/wp\/v2\/media?parent=2099"}],"curies":[{"name":"wp","href":"https:\/\/api.w.org\/{rel}","templated":true}]}}