{"id":2633,"date":"2025-12-30T02:47:59","date_gmt":"2025-12-30T02:47:59","guid":{"rendered":"https:\/\/oiovape.com\/?post_type=product&#038;p=2633"},"modified":"2026-01-26T11:30:52","modified_gmt":"2026-01-26T03:30:52","slug":"waspe-double-flavor-40000-puffs","status":"publish","type":"product","link":"https:\/\/oiovape.com\/fr\/product\/waspe-double-flavor-40000-puffs\/","title":{"rendered":"WASPE Saveur Double 40000 BOUFF\u00c9ES Cigarette \u00c9lectronique \u00e0 Saveur Double avec Affichage LED et Bobine en Mesh Double"},"content":{"rendered":"<div data-page-id=\"ZVeMfq8uxd7y1ycuKm5cym4LnYd\" data-lark-html-role=\"root\" data-docx-has-block-data=\"false\">\n<div data-page-id=\"Fd41fZ5N9dzRQtcRNoVc2FuDnCh\" data-lark-html-role=\"root\" data-docx-has-block-data=\"true\">\n<div data-page-id=\"BdIJfeeijdk1eucGpS8cDCBBn5c\" data-lark-html-role=\"root\" data-docx-has-block-data=\"false\">\n<h2 class=\"heading-2 ace-line old-record-id-QxH0fwvUNd4bV2cthRvcO4U6nFf\">Pourquoi choisir le WASPE Double Saveur 40000 Bouff\u00e9es ?<\/h2>\n<div class=\"ace-line ace-line old-record-id-RVKKf6FYodaaf8cFvm3cappUnXe\">Dans un march\u00e9 encombr\u00e9 de vapes jetables, le dispositif WASPE Double Saveur 40000 Bouff\u00e9es se distingue pour plusieurs raisons cl\u00e9s, en faisant un choix de premier plan pour les vapoteurs \u00e0 la recherche de qualit\u00e9, de vari\u00e9t\u00e9 et de commodit\u00e9 :<\/div>\n<h3 class=\"heading-3 ace-line old-record-id-CIkpfLsJldzj1cci9h3cTTfKn9f\">Vari\u00e9t\u00e9 de Saveurs In\u00e9gal\u00e9e<\/h3>\n<div class=\"ace-line ace-line old-record-id-DlMQfZTdPdT9p6cnMqjctTifncd\">Avec 16 combinaisons de saveurs doubles uniques, ce dispositif offre plus de vari\u00e9t\u00e9 que la plupart des vapes jetables sur le march\u00e9. Vous ne vous ennuierez pas avec le m\u00eame go\u00fbt\u2014alternez entre des profils fruit\u00e9s, glac\u00e9s, sucr\u00e9s et acidul\u00e9s pour convenir \u00e0 votre humeur tout au long de la journ\u00e9e.<\/div>\n<h3 class=\"heading-3 ace-line old-record-id-JM3vfNqftdfyu7cdg1mcXB0pntl\">Performance Durable<\/h3>\n<div class=\"ace-line ace-line old-record-id-TRFmfdabwd8JMecMh9Rc8G23nqe\">Avec 40000 bouff\u00e9es et une capacit\u00e9 de 36ml de e-liquide, ce dispositif est con\u00e7u pour durer. Que vous soyez un vapoteur l\u00e9ger ou quelqu'un qui appr\u00e9cie des sessions fr\u00e9quentes, vous n'aurez pas \u00e0 vous soucier de remplacer votre dispositif de sit\u00f4t. La batterie rechargeable de 850mAh garantit que vous pouvez utiliser chaque goutte de e-liquide, avec un chargement Type-C pour des recharges rapides et pratiques.<\/div>\n<h3 class=\"heading-3 ace-line old-record-id-W4JLfJhFYdMrUtciwd4cWsiqnWh\">Vapeur Consistante et Douce<\/h3>\n<div class=\"ace-line ace-line old-record-id-CyoefD16ydNpspc6sVvcH0FDnxc\">Les doubles r\u00e9sistances en mesh de 0,9 ohm sont con\u00e7ues pour chauffer le e-liquide de mani\u00e8re uniforme, offrant une saveur constante et une vapeur douce \u00e0 chaque bouff\u00e9e. La technologie de la r\u00e9sistance en mesh r\u00e9duit \u00e9galement le risque de dry hits, garantissant une exp\u00e9rience de vapotage confortable du d\u00e9but \u00e0 la fin.<\/div>\n<h3 class=\"heading-3 ace-line old-record-id-I9KOfxe67d9dOZc3G5gcgpPunOb\">Options de Nicotine Personnalisables<\/h3>\n<div class=\"ace-line ace-line old-record-id-WA08fFh2zdnw4lcqLq7cHMx4n6b\">Que vous pr\u00e9f\u00e9riez vapoter sans nicotine, une force douce de 2%, ou un hit plus fort de 5%, le dispositif WASPE Double Saveur a ce qu'il vous faut. Cette flexibilit\u00e9 le rend adapt\u00e9 aux nouveaux vapoteurs, aux utilisateurs exp\u00e9riment\u00e9s et \u00e0 tous ceux qui se situent entre les deux.<\/div>\n<h3 class=\"heading-3 ace-line old-record-id-N1Hwf3AaTdDr4scPS1ycb9ssnmh\">Design Convivial<\/h3>\n<div class=\"ace-line ace-line old-record-id-PyNIfNUSGdV9W0cpMHVcsZu6n0c\">\n<p>L'\u00e9cran LED offre une visibilit\u00e9 claire de votre autonomie de batterie restante et du niveau de e-liquide, vous ne serez donc jamais pris au d\u00e9pourvu. Le dispositif est compact et portable, s'adaptant facilement \u00e0 votre poche ou \u00e0 votre sac pour un vapotage en d\u00e9placement. De plus, il est pr\u00eat \u00e0 l'emploi d\u00e8s sa sortie de la bo\u00eete\u2014aucune configuration ou maintenance requise.<\/p>\n<div data-page-id=\"BdIJfeeijdk1eucGpS8cDCBBn5c\" data-lark-html-role=\"root\" data-docx-has-block-data=\"true\">\n<h2 class=\"heading-2 ace-line old-record-id-U0AMfRijgd3XaicfOescrhgknVn\">D\u00e9couvrez la Diversit\u00e9 des Saveurs Doubles<\/h2>\n<div class=\"ace-line ace-line old-record-id-AJ9tf4cbRdXxOYc2WAIcyq0ince\">La caract\u00e9ristique distinctive du dispositif WASPE 40000 Bouff\u00e9es est son design \u00e0 double saveur, qui vous permet de passer d'un go\u00fbt \u00e0 l'autre ou de savourer le m\u00e9lange subtil des deux \u00e0 chaque inhalation. Avec 16 combinaisons de saveurs soigneusement \u00e9labor\u00e9es, cette s\u00e9rie couvre un large \u00e9ventail de profils de saveurs\u2014des associations de fruits classiques aux fusions innovantes qui ajoutent de l'excitation \u00e0 votre routine de vapotage. Chaque saveur est formul\u00e9e pour offrir un go\u00fbt constant de la premi\u00e8re bouff\u00e9e \u00e0 la derni\u00e8re, gr\u00e2ce \u00e0 une technologie de r\u00e9sistance avanc\u00e9e.<\/div>\n<h3 class=\"heading-3 ace-line old-record-id-Ux5AfWDPrd5t9Icz1JAcS1aCnOg\">Un Regard Plus Approfondi sur les 16 Combinaisons de Saveurs<\/h3>\n<div class=\"ace-line ace-line old-record-id-Svycfh1hxdpYkpcvh3BcQWmOnxd\">Chaque association de saveurs est con\u00e7ue pour \u00e9quilibrer richesse et fra\u00eecheur, r\u00e9pondant \u00e0 diff\u00e9rentes pr\u00e9f\u00e9rences gustatives. Que vous pr\u00e9f\u00e9riez le croquant des fruits glac\u00e9s, la douceur des notes inspir\u00e9es des bonbons, ou l'acidit\u00e9 des m\u00e9langes tropicaux, ces combinaisons offrent quelque chose pour tout le monde :<\/div>\n<ol class=\"list-number1\" start=\"1\">\n<li class=\"ace-line ace-line old-record-id-XC6NfSwMqd5Wh4cm038c3iyInJb\" data-list=\"number\">\n<div>Glace de Past\u00e8que &amp; Citron Vert \u2013 Un duo rafra\u00eechissant de past\u00e8que juteuse avec une finition menthol\u00e9e fra\u00eeche et une brillance citronn\u00e9e<\/div>\n<\/li>\n<li class=\"ace-line ace-line old-record-id-JjJFfMzeKdAcL8cykbCc6AI3nNb\" data-list=\"number\">\n<div>Cerise Glac\u00e9e P\u00e9tillante &amp; Sucre Fil\u00e9 Myrtille \u2013 Cerise p\u00e9tillante avec fra\u00eecheur glac\u00e9e associ\u00e9e \u00e0 du sucre fil\u00e9 myrtille doux et moelleux<\/div>\n<\/li>\n<li class=\"ace-line ace-line old-record-id-SKXofzcFCdcfJRcJ7Z5cmZDxnrh\" data-list=\"number\">\n<div>Fraise Past\u00e8que &amp; Framboise Myrtille \u2013 Fraise m\u00fbre et past\u00e8que sucr\u00e9e se m\u00e9langent parfaitement avec la myrtille acidul\u00e9e et la framboise<\/div>\n<\/li>\n<li class=\"ace-line ace-line old-record-id-CvDPfKDWBdX1I2cCwDdcWTgZnFh\" data-list=\"number\">\n<div>Glace Red Bull &amp; Fraise Mangue \u2013 Notes \u00e9nergisantes de Red Bull avec une touche fra\u00eeche aux c\u00f4t\u00e9s de la fraise sucr\u00e9e et de la mangue tropicale<\/div>\n<\/li>\n<li class=\"ace-line ace-line old-record-id-SvDSfk9SLd3SzrcjwpZcjgGgnZz\" data-list=\"number\">\n<div>Glace de P\u00eache &amp; Ananas Mangue P\u00eache \u2013 P\u00eache parfum\u00e9e avec une fra\u00eecheur glac\u00e9e associ\u00e9e \u00e0 un m\u00e9lange tropical d'ananas, de mangue et de p\u00eache<\/div>\n<\/li>\n<li class=\"ace-line ace-line old-record-id-ZTDUfsgvydZKhqca0vlcsJojn2f\" data-list=\"number\">\n<div>Glace de Raisin &amp; Kiwi Fraise \u2013 Raisin riche avec du menthol frais aux c\u00f4t\u00e9s de la fraise sucr\u00e9e et du kiwi acidul\u00e9<\/div>\n<\/li>\n<li class=\"ace-line ace-line old-record-id-MvLjf08jLdaOGHczH2ycxADOnkg\" data-list=\"number\">\n<div>Baies M\u00e9lang\u00e9es &amp; Glace de Pomme Double \u2013 Un m\u00e9lange de baies m\u00fbres associ\u00e9 \u00e0 une double saveur de pomme et une finition glac\u00e9e croquante<\/div>\n<\/li>\n<li class=\"ace-line ace-line old-record-id-Dj3tfwRkVdjrSScwEHCcGYYXnUc\" data-list=\"number\">\n<div>Limonade Myrtille Glac\u00e9e &amp; Chewing-gum Past\u00e8que \u2013 Limonade de framboise bleue acidul\u00e9e aux c\u00f4t\u00e9s de la nostalgie douce du chewing-gum past\u00e8que<\/div>\n<\/li>\n<li class=\"ace-line ace-line old-record-id-F2TefR1xddhE8QcJcFHcOLS2nke\" data-list=\"number\">\n<div>Fraise Framboise Cerise &amp; Amour666 \u2013 Un trio de baies sucr\u00e9es-acidul\u00e9es associ\u00e9 \u00e0 la saveur unique et myst\u00e9rieuse d'Amour666<\/div>\n<\/li>\n<li class=\"ace-line ace-line old-record-id-StrDf78O0dOYorcMZYac72GMnrg\" data-list=\"number\">\n<div>Fraise Banane &amp; Ananas Noix de Coco Glac\u00e9 \u2013 Douceur classique de fraise-bananes associ\u00e9e \u00e0 l'ananas tropical-noix de coco et \u00e0 la fra\u00eecheur glac\u00e9e<\/div>\n<\/li>\n<li class=\"ace-line ace-line old-record-id-EelHfJ213dBe8yczCKhc4vIZntb\" data-list=\"number\">\n<div>Fraise Past\u00e8que Chewing-gum &amp; Fruits M\u00e9lang\u00e9s \u2013 Notes de chewing-gum sucr\u00e9 de fraise et de past\u00e8que aux c\u00f4t\u00e9s d'un m\u00e9lange vibrant de fruits m\u00e9lang\u00e9s<\/div>\n<\/li>\n<li class=\"ace-line ace-line old-record-id-TtvZfGvgVd6gjScIdWxc6X0lnid\" data-list=\"number\">\n<div>Cerise Cola Glac\u00e9 &amp; Bonbon Fraise Framboise \u2013 Cerise cola p\u00e9tillante avec une fra\u00eecheur glac\u00e9e associ\u00e9e \u00e0 du bonbon sucr\u00e9 fraise-framboise<\/div>\n<\/li>\n<li class=\"ace-line ace-line old-record-id-R134fZqpXdZVvocrQBLcKHNqnCg\" data-list=\"number\">\n<div>Pomme Acide Framboise &amp; Fraise Big Bang \u2013 Pomme acide acidul\u00e9e et framboise aux c\u00f4t\u00e9s d'une saveur de fraise audacieuse et explosive<\/div>\n<\/li>\n<li class=\"ace-line ace-line old-record-id-RtULfmXOWdA9KOc6xg7cOnyRn2g\" data-list=\"number\">\n<div>P\u00eache Baie &amp; Past\u00e8que Mangue P\u00eache \u2013 M\u00e9lange juteux de p\u00eache et de baies associ\u00e9 \u00e0 un m\u00e9lange tropical de past\u00e8que, de mangue et de p\u00eache<\/div>\n<\/li>\n<li class=\"ace-line ace-line old-record-id-McJwfqZILdYcDXcTHTWcSFZfngg\" data-list=\"number\">\n<div>Glace de Myrtille &amp; Glace de Dragon Noir \u2013 Myrtille juteuse avec fra\u00eecheur glac\u00e9e aux c\u00f4t\u00e9s de la saveur distinctive et douce de Dragon Noir<\/div>\n<\/li>\n<li class=\"ace-line ace-line old-record-id-ZVIafza5OdSLdPcRYgiczRwCnhd\" data-list=\"number\">\n<div>Fraise Cerise &amp; Kiwi Fruit de la Passion \u2013 Fraise sucr\u00e9e et cerise associ\u00e9es \u00e0 du kiwi acidul\u00e9 et \u00e0 de l'exotique fruit de la passion<\/div>\n<\/li>\n<\/ol>\n<p><img decoding=\"async\" class=\"wp-image-2646 size-full\" title=\"WASPE Double Saveur 40k Saveur\" src=\"https:\/\/oiovape.com\/wp-content\/uploads\/2025\/12\/WASPE-Double-Flavor-40k-Flavor-scaled.jpg\" alt=\"WASPE Double Saveur 40k Saveur\" width=\"1102\" height=\"2560\" srcset=\"https:\/\/oiovape.com\/wp-content\/uploads\/2025\/12\/WASPE-Double-Flavor-40k-Flavor-scaled.jpg 1102w, https:\/\/oiovape.com\/wp-content\/uploads\/2025\/12\/WASPE-Double-Flavor-40k-Flavor-129x300.jpg 129w, https:\/\/oiovape.com\/wp-content\/uploads\/2025\/12\/WASPE-Double-Flavor-40k-Flavor-441x1024.jpg 441w, https:\/\/oiovape.com\/wp-content\/uploads\/2025\/12\/WASPE-Double-Flavor-40k-Flavor-768x1784.jpg 768w, https:\/\/oiovape.com\/wp-content\/uploads\/2025\/12\/WASPE-Double-Flavor-40k-Flavor-661x1536.jpg 661w, https:\/\/oiovape.com\/wp-content\/uploads\/2025\/12\/WASPE-Double-Flavor-40k-Flavor-882x2048.jpg 882w, https:\/\/oiovape.com\/wp-content\/uploads\/2025\/12\/WASPE-Double-Flavor-40k-Flavor-1200x2788.jpg 1200w, https:\/\/oiovape.com\/wp-content\/uploads\/2025\/12\/WASPE-Double-Flavor-40k-Flavor-150x348.jpg 150w\" sizes=\"(max-width: 1102px) 100vw, 1102px\" \/><\/p>\n<h2 class=\"heading-2 ace-line old-record-id-SuaTfQILRdqlrScJrWCcl6yZngb\">Sp\u00e9cifications de base en un coup d'\u0153il<\/h2>\n<div class=\"ace-line ace-line old-record-id-NF2IfmVPtdIyn9cCGKwcmnN5nPb\">Au-del\u00e0 de sa gamme de saveurs impressionnante, le dispositif WASPE Double Saveur 40000 Bouff\u00e9es est con\u00e7u pour la performance et la commodit\u00e9. Chaque composant est con\u00e7u pour am\u00e9liorer votre exp\u00e9rience de vapotage, de l'autonomie de batterie longue dur\u00e9e \u00e0 la visibilit\u00e9 claire de la puissance restante et du e-liquide.<\/div>\n<div>\n<table class=\"ace-table\" data-ace-table-col-widths=\"200;200\">\n<colgroup>\n<col width=\"200\" \/>\n<col width=\"200\" \/><\/colgroup>\n<thead>\n<tr>\n<th colspan=\"1\" rowspan=\"1\">\n<div class=\"ace-line ace-line old-record-id-MS52fuv31dDj0McAXYwcStCmn4l\">Fonctionnalit\u00e9<\/div>\n<\/th>\n<th colspan=\"1\" rowspan=\"1\">\n<div class=\"ace-line ace-line old-record-id-GhsIf5Qondsz6EcHA0bcCIZAnYf\">Sp\u00e9cification<\/div>\n<\/th>\n<\/tr>\n<\/thead>\n<tbody>\n<tr>\n<td colspan=\"1\" rowspan=\"1\">\n<div class=\"ace-line ace-line old-record-id-WrIyfFsWAdK37bc2CtQc3ZKtnzh\">Compte de bouff\u00e9es<\/div>\n<\/td>\n<td colspan=\"1\" rowspan=\"1\">\n<div class=\"ace-line ace-line old-record-id-I7AKfWXrTdSlkOcW3GbcYer1n7b\">40000 Bouff\u00e9es<\/div>\n<\/td>\n<\/tr>\n<tr>\n<td colspan=\"1\" rowspan=\"1\">\n<div class=\"ace-line ace-line old-record-id-U3MTf1029d30ANc3lhvcMUNGnfX\">Type de saveur<\/div>\n<\/td>\n<td colspan=\"1\" rowspan=\"1\">\n<div class=\"ace-line ace-line old-record-id-JeKkfVB9tdTuGEcCLcecBYCWnBf\">Double Saveur<\/div>\n<\/td>\n<\/tr>\n<tr>\n<td colspan=\"1\" rowspan=\"1\">\n<div class=\"ace-line ace-line old-record-id-Aua0fckVIdfQ22cvPmsclUm0nWc\">R\u00e9sistance<\/div>\n<\/td>\n<td colspan=\"1\" rowspan=\"1\">\n<div class=\"ace-line ace-line old-record-id-Q4TbfVe7bdDPogcLKNPcYby7ngg\">R\u00e9sistance en Mesh (0,9 ohm + 0,9 ohm)<\/div>\n<\/td>\n<\/tr>\n<tr>\n<td colspan=\"1\" rowspan=\"1\">\n<div class=\"ace-line ace-line old-record-id-RrelfY0wJdi5E8cT174cXylrnMg\">Capacit\u00e9 de E-liquide<\/div>\n<\/td>\n<td colspan=\"1\" rowspan=\"1\">\n<div class=\"ace-line ace-line old-record-id-PL8tfpokhdMNVvcKswjc5MEanfe\">36ml<\/div>\n<\/td>\n<\/tr>\n<tr>\n<td colspan=\"1\" rowspan=\"1\">\n<div class=\"ace-line ace-line old-record-id-W4UcfQGkkddX7xcepyRc86sPn5g\">Force de nicotine<\/div>\n<\/td>\n<td colspan=\"1\" rowspan=\"1\">\n<div class=\"ace-line ace-line old-record-id-CX73fztYZdc5Z8caZFOcz4z9nOe\">0% \/ 2% \/ 5% (Personnalisable)<\/div>\n<\/td>\n<\/tr>\n<tr>\n<td colspan=\"1\" rowspan=\"1\">\n<div class=\"ace-line ace-line old-record-id-I5S6f9JQndx836c6Cw3ciFkunqf\">Batterie<\/div>\n<\/td>\n<td colspan=\"1\" rowspan=\"1\">\n<div class=\"ace-line ace-line old-record-id-DuNUfqYW4dXkwtcfNH3ch6D7nUe\">850mAh<\/div>\n<\/td>\n<\/tr>\n<tr>\n<td colspan=\"1\" rowspan=\"1\">\n<div class=\"ace-line ace-line old-record-id-LKnvflzvudn9oNcvvLycKo2Knlg\">Chargement<\/div>\n<\/td>\n<td colspan=\"1\" rowspan=\"1\">\n<div class=\"ace-line ace-line old-record-id-AfCVfKsL6djKqKcENo3cMue3nRc\">Rechargeable (Type-C)<\/div>\n<\/td>\n<\/tr>\n<tr>\n<td colspan=\"1\" rowspan=\"1\">\n<div class=\"ace-line ace-line old-record-id-Vn0BfKcKZdwOqicV2jucZlzGnoc\">Affichage<\/div>\n<\/td>\n<td colspan=\"1\" rowspan=\"1\">\n<div class=\"ace-line ace-line old-record-id-RZSDfJAdadfw1acbpBIcxMz5nNh\">\u00c9cran LED (Affiche le niveau de batterie &amp; de e-liquide)<\/div>\n<\/td>\n<\/tr>\n<\/tbody>\n<\/table>\n<div data-page-id=\"BdIJfeeijdk1eucGpS8cDCBBn5c\" data-lark-html-role=\"root\" data-docx-has-block-data=\"false\">\n<h2 class=\"heading-2 ace-line old-record-id-AasTfl26EdMHbccQ3CicAbvPnEc\">Questions Fr\u00e9quemment Pos\u00e9es (Q&amp;R)<\/h2>\n<h3 class=\"heading-3 ace-line old-record-id-YBWkfSHjvdIcHLccYMTcY0Vfnid\">Q1 : Comment puis-je passer d'une saveur \u00e0 l'autre ?<\/h3>\n<div class=\"ace-line ace-line old-record-id-MqUlfB7HudTuSHcV18rcXpsTnMc\">R1 : Le design \u00e0 double saveur vous permet de vivre les deux saveurs simultan\u00e9ment, cr\u00e9ant un m\u00e9lange unique. Il n'est pas n\u00e9cessaire de changer manuellement\u2014il suffit d'inhaler pour profiter de la combinaison \u00e9quilibr\u00e9e des deux saveurs pr\u00e9\u00e9tablies.<\/div>\n<h3 class=\"heading-3 ace-line old-record-id-Yn2Ffd85qdrxThcLI5LccrNMn5e\">Q2 : Combien de temps les 40000 bouff\u00e9es dureront-elles ?<\/h3>\n<div class=\"ace-line ace-line old-record-id-WJNafuES1d6mixcDvNGcIPGAnda\">R2 : La dur\u00e9e de vie du dispositif d\u00e9pend de votre fr\u00e9quence de vapotage. Pour les vapoteurs l\u00e9gers, cela peut durer plusieurs semaines, tandis que les vapoteurs intensifs peuvent l'utiliser pendant 1 \u00e0 2 semaines. L'\u00e9cran LED vous aide \u00e0 suivre le e-liquide et la batterie restants, vous saurez donc quand il est temps de remplacer le dispositif.<\/div>\n<h3 class=\"heading-3 ace-line old-record-id-LbSRfHoHGd2SugcZEHrc1MTanzg\">Q3 : Le dispositif est-il facile \u00e0 charger ?<\/h3>\n<div class=\"ace-line ace-line old-record-id-S8FifTlbNdLEv2cPfa8ckpdVnJh\">\n<p>R3 : Oui ! Le dispositif est \u00e9quip\u00e9 d'un port de chargement Type-C, qui est largement compatible avec la plupart des c\u00e2bles de chargement modernes. Il suffit de connecter le c\u00e2ble au dispositif et \u00e0 une source d'alimentation\u2014le chargement est rapide et pratique.<\/p>\n<p><img decoding=\"async\" class=\"wp-image-2647 size-full\" title=\"WASPE 40000 Bouff\u00e9es\" src=\"https:\/\/oiovape.com\/wp-content\/uploads\/2025\/12\/WASPE-40000-Puffs.jpg\" alt=\"WASPE 40000 Bouff\u00e9es\" width=\"2000\" height=\"1125\" srcset=\"https:\/\/oiovape.com\/wp-content\/uploads\/2025\/12\/WASPE-40000-Puffs.jpg 2000w, https:\/\/oiovape.com\/wp-content\/uploads\/2025\/12\/WASPE-40000-Puffs-300x169.jpg 300w, https:\/\/oiovape.com\/wp-content\/uploads\/2025\/12\/WASPE-40000-Puffs-1024x576.jpg 1024w, https:\/\/oiovape.com\/wp-content\/uploads\/2025\/12\/WASPE-40000-Puffs-768x432.jpg 768w, https:\/\/oiovape.com\/wp-content\/uploads\/2025\/12\/WASPE-40000-Puffs-1536x864.jpg 1536w, https:\/\/oiovape.com\/wp-content\/uploads\/2025\/12\/WASPE-40000-Puffs-1200x675.jpg 1200w, https:\/\/oiovape.com\/wp-content\/uploads\/2025\/12\/WASPE-40000-Puffs-150x84.jpg 150w\" sizes=\"(max-width: 2000px) 100vw, 2000px\" \/><\/p>\n<\/div>\n<\/div>\n<\/div>\n<\/div>\n<\/div>\n<\/div>\n<\/div>\n<\/div>","protected":false},"excerpt":{"rendered":"<p>Le WASPE Double Flavor 40000 Puffs offre 16 combinaisons de saveurs doubles vibrantes, 36 ml de e-liquide et des coils en mesh duals de 0,9 ohm. Avec des options de nicotine 0%\/2%\/5%, une batterie rechargeable Type-C de 850 mAh et un \u00e9cran LED, c\u2019est votre choix pour un plaisir de vapotage durable et personnalisable.<\/p>","protected":false},"featured_media":2636,"comment_status":"open","ping_status":"closed","template":"","meta":{"_acf_changed":false,"inline_featured_image":false,"_sitemap_exclude":false,"_sitemap_priority":"","_sitemap_frequency":""},"product_brand":[98],"product_cat":[82,239,244],"product_tag":[],"class_list":{"0":"post-2633","1":"product","2":"type-product","3":"status-publish","4":"has-post-thumbnail","6":"product_brand-waspe","7":"product_cat-waspe-puff","8":"product_cat-disposable-vape-collection","9":"product_cat-40k-puff","11":"first","12":"instock","13":"sale","14":"shipping-taxable","15":"purchasable","16":"product-type-variable","17":"has-default-attributes"},"acf":[],"tiered_pricing_type":"fixed","tiered_pricing_fixed_rules":{"30":9.47,"60":8.49,"100":7.78,"200":7.02},"tiered_pricing_product_settings":{"layout":"default","base_unit_name":{"singular":null,"plural":null},"default_variation":null},"tiered_pricing_minimum_quantity":10,"tiered_pricing_roles_data":[],"tiered_pricing_percentage_rules":[],"tiered_pricing_maximum_quantity":null,"tiered_pricing_quantity_step":"10","_links":{"self":[{"href":"https:\/\/oiovape.com\/fr\/wp-json\/wp\/v2\/product\/2633","targetHints":{"allow":["GET"]}}],"collection":[{"href":"https:\/\/oiovape.com\/fr\/wp-json\/wp\/v2\/product"}],"about":[{"href":"https:\/\/oiovape.com\/fr\/wp-json\/wp\/v2\/types\/product"}],"replies":[{"embeddable":true,"href":"https:\/\/oiovape.com\/fr\/wp-json\/wp\/v2\/comments?post=2633"}],"version-history":[{"count":1,"href":"https:\/\/oiovape.com\/fr\/wp-json\/wp\/v2\/product\/2633\/revisions"}],"predecessor-version":[{"id":3640,"href":"https:\/\/oiovape.com\/fr\/wp-json\/wp\/v2\/product\/2633\/revisions\/3640"}],"wp:featuredmedia":[{"embeddable":true,"href":"https:\/\/oiovape.com\/fr\/wp-json\/wp\/v2\/media\/2636"}],"wp:attachment":[{"href":"https:\/\/oiovape.com\/fr\/wp-json\/wp\/v2\/media?parent=2633"}],"wp:term":[{"taxonomy":"product_brand","embeddable":true,"href":"https:\/\/oiovape.com\/fr\/wp-json\/wp\/v2\/product_brand?post=2633"},{"taxonomy":"product_cat","embeddable":true,"href":"https:\/\/oiovape.com\/fr\/wp-json\/wp\/v2\/product_cat?post=2633"},{"taxonomy":"product_tag","embeddable":true,"href":"https:\/\/oiovape.com\/fr\/wp-json\/wp\/v2\/product_tag?post=2633"}],"curies":[{"name":"wp","href":"https:\/\/api.w.org\/{rel}","templated":true}]}}