{"id":3977,"date":"2026-01-10T06:00:43","date_gmt":"2026-01-10T06:00:43","guid":{"rendered":"https:\/\/oiovape.com\/?post_type=product&#038;p=3977"},"modified":"2026-04-08T12:00:42","modified_gmt":"2026-04-08T04:00:42","slug":"al-fakher-crown-bar-pro-15000-puffs","status":"publish","type":"product","link":"https:\/\/oiovape.com\/fr\/product\/al-fakher-crown-bar-pro-15000-puffs\/","title":{"rendered":"Al Fakher Crown Bar Pro 15000 TIRAGES Affichage LED R\u00e9sistance en Maille Indicateur de Niveau de Batterie Vape Jetable Intelligente"},"content":{"rendered":"<div data-page-id=\"ZVeMfq8uxd7y1ycuKm5cym4LnYd\" data-lark-html-role=\"root\" data-docx-has-block-data=\"false\">\n<div data-page-id=\"Fd41fZ5N9dzRQtcRNoVc2FuDnCh\" data-lark-html-role=\"root\" data-docx-has-block-data=\"true\">\n<div data-page-id=\"BdIJfeeijdk1eucGpS8cDCBBn5c\" data-lark-html-role=\"root\" data-docx-has-block-data=\"false\">\n<div data-page-id=\"Zbg9fWx77dUuh2cIYpic25c8nyd\" data-lark-html-role=\"root\" data-docx-has-block-data=\"false\">\n<div data-page-id=\"KaIvfiurhdlCKdc0kyxcX64cnE6\" data-lark-html-role=\"root\" data-docx-has-block-data=\"true\">\n<div data-page-id=\"PbvFfqxqlddUTScRpEYcY5MHnpf\" data-lark-html-role=\"root\" data-docx-has-block-data=\"true\">\n<div data-page-id=\"GZO2f5JeudwY4jc9iJtcdk9Hnxh\" data-lark-html-role=\"root\" data-docx-has-block-data=\"false\">\n<div data-page-id=\"EZVRf2acFduXLGcseZFc4qH2n6e\" data-lark-html-role=\"root\" data-docx-has-block-data=\"false\">\n<div data-page-id=\"B8rHfcqlqdzmH5cCWCncz17Cntb\" data-lark-html-role=\"root\" data-docx-has-block-data=\"false\">\n<div data-page-id=\"B8rHfcqlqdzmH5cCWCncz17Cntb\" data-lark-html-role=\"root\" data-docx-has-block-data=\"false\">\n<div data-page-id=\"B8rHfcqlqdzmH5cCWCncz17Cntb\" data-lark-html-role=\"root\" data-docx-has-block-data=\"true\">\n<div data-page-id=\"HM70f1aoxdD0bMcxJZBcVc7ynZd\" data-lark-html-role=\"root\" data-docx-has-block-data=\"false\">\n<div data-page-id=\"NSrJfN7Ord22i0c1iwZcsF8yn8b\" data-lark-html-role=\"root\" data-docx-has-block-data=\"false\">\n<div data-page-id=\"RXEff4Mskds8o1cqL5HcGEtUnCh\" data-lark-html-role=\"root\" data-docx-has-block-data=\"false\">\n<div data-page-id=\"KJ7gfqkVndMSRJcMseScmvYwnTc\" data-lark-html-role=\"root\" data-docx-has-block-data=\"false\">\n<div class=\"ace-line ace-line old-record-id-QADAfETPudgmudc05YvcTO5fnxe\">\n<div data-page-id=\"KJ7gfqkVndMSRJcMseScmvYwnTc\" data-lark-html-role=\"root\" data-docx-has-block-data=\"false\">\n<div class=\"ace-line ace-line old-record-id-JoRkfpho8dOkiacEOascDyCOncb\">\n<div data-page-id=\"KJ7gfqkVndMSRJcMseScmvYwnTc\" data-lark-html-role=\"root\" data-docx-has-block-data=\"false\">\n<div data-page-id=\"Ju6ofQ3V4dGmePcVvJvc1gmcnZb\" data-lark-html-role=\"root\" data-docx-has-block-data=\"true\">\n<div data-page-id=\"PR9ife5PLdFabccbFgZcWgZOnTc\" data-lark-html-role=\"root\" data-docx-has-block-data=\"false\">\n<div data-page-id=\"INdrfOIGzdaenXcptrcc1BcznQc\" data-lark-html-role=\"root\" data-docx-has-block-data=\"false\">\n<div class=\"ace-line ace-line old-record-id-P0fIf4YaZdoGkbcxt5ackec2nnb\">\n<div data-page-id=\"INdrfOIGzdaenXcptrcc1BcznQc\" data-lark-html-role=\"root\" data-docx-has-block-data=\"false\">\n<div data-page-id=\"MAzCfUB73dMTQscm8eWcougVn1g\" data-lark-html-role=\"root\" data-docx-has-block-data=\"true\">\n<div data-page-id=\"AXfpf7H1odhDvGcKoUOcErN8nV7\" data-lark-html-role=\"root\" data-docx-has-block-data=\"false\">\n<div data-page-id=\"QYTKf5PvLdUNdbce2nBcW9yfnrh\" data-lark-html-role=\"root\" data-docx-has-block-data=\"false\">\n<div data-page-id=\"Pvu1f1CCBdxbjncA9pgcBTpanph\" data-lark-html-role=\"root\" data-docx-has-block-data=\"true\">\n<div data-page-id=\"Axf3fcmY8dDAhtcjVircBcphnPc\" data-lark-html-role=\"root\" data-docx-has-block-data=\"false\">\n<div data-page-id=\"KKj1f9SPmdLhhMc5E2AcNlLen6f\" data-lark-html-role=\"root\" data-docx-has-block-data=\"true\">\n<div data-page-id=\"Rx61fK1sJdXHjPcBuhZcweNhnwc\" data-lark-html-role=\"root\" data-docx-has-block-data=\"false\">\n<div data-page-id=\"L1H9fkG9Mdz45Fcy4WMc5VKXnRe\" data-lark-html-role=\"root\" data-docx-has-block-data=\"false\">\n<div data-page-id=\"L1H9fkG9Mdz45Fcy4WMc5VKXnRe\" data-lark-html-role=\"root\" data-docx-has-block-data=\"false\">\n<div data-page-id=\"D4XLfVBVrdE8mrcaYizczklLnaf\" data-lark-html-role=\"root\" data-docx-has-block-data=\"false\">\n<div data-page-id=\"WVcifIY44d5mhMcXtyEcTsfenGd\" data-lark-html-role=\"root\" data-docx-has-block-data=\"true\">\n<div data-page-id=\"LRknfa6Whd4DWCcUc0FcNKpJnyh\" data-lark-html-role=\"root\" data-docx-has-block-data=\"false\">\n<div data-page-id=\"LRknfa6Whd4DWCcUc0FcNKpJnyh\" data-lark-html-role=\"root\" data-docx-has-block-data=\"false\">\n<div data-page-id=\"XFRAfkcOEdRWh8cArQ2cJdyRnJf\" data-lark-html-role=\"root\" data-docx-has-block-data=\"true\">\n<div data-page-id=\"OQ3bfjnRddMTDGcC3ouc6xFKnWf\" data-lark-html-role=\"root\" data-docx-has-block-data=\"true\">\n<div data-page-id=\"J0iGfj1hEdjc4rcUdSmc4spMnmZ\" data-lark-html-role=\"root\" data-docx-has-block-data=\"false\">\n<div data-page-id=\"P1o7fFyNlduP8tcfZpQcagzbnIf\" data-lark-html-role=\"root\" data-docx-has-block-data=\"false\">\n<div class=\"ace-line ace-line old-record-id-P1o7fFyNlduP8tcfZpQcagzbnIf\">\n<div data-page-id=\"P1o7fFyNlduP8tcfZpQcagzbnIf\" data-lark-html-role=\"root\" data-docx-has-block-data=\"false\">\n<div data-page-id=\"U4iufW38SdttWKcTstMcTtHRnXc\" data-lark-html-role=\"root\" data-docx-has-block-data=\"true\">\n<h2 data-path-to-node=\"0\">Une Temp\u00eate Durable pour Perturber Vos Sens : Plong\u00e9e Profonde dans le Al Fakher Crown Bar Pro 15000 Puffs<\/h2>\n<p data-path-to-node=\"1\">Qui dit que les appareils jetables haute capacit\u00e9 sont destin\u00e9s \u00e0 faire des compromis avec des saveurs br\u00fbl\u00e9es et fades dans leur deuxi\u00e8me moiti\u00e9 ? Le Al Fakher Crown Bar Pro 15000 Puffs brise ce pr\u00e9jug\u00e9 avec une puissance ind\u00e9niable. Ce n'est pas seulement une \u201c machine de performance \u201d capable d'exhaler des nuages stup\u00e9fiants, mais plut\u00f4t un lounge \u00e0 chicha de haut niveau, de la taille d'une poche, pr\u00eat \u00e0 vous ouvrir ses portes \u00e0 tout moment. Pour ceux qui en ont assez de changer fr\u00e9quemment d'appareils et de supporter une d\u00e9gradation des saveurs vertigineuse, cet appareil est comme un copilote lors d'un long voyage transcontinental qui ne se plaint jamais et est toujours compl\u00e8tement \u00e9nergis\u00e9.<\/p>\n<h2 data-path-to-node=\"2\">Adieu \u00e0 la M\u00e9diocrit\u00e9, L'\u00c9veil Complet des Capacit\u00e9s Hardcore<\/h2>\n<p data-path-to-node=\"3\">Mettant de c\u00f4t\u00e9 ces gadgets d'\u00e9clairage RGB flashy mais inutiles, le Al Fakher 15K Pro choisit de doubler les d\u00e9tails essentiels qui affectent le plus l'exp\u00e9rience de vapotage. Devons-nous d\u00e9sesp\u00e9r\u00e9ment faire des compromis au milieu de l'anxi\u00e9t\u00e9 li\u00e9e \u00e0 la batterie et du go\u00fbt inf\u00e9rieur ? Bien s\u00fbr que non.<\/p>\n<h3 data-path-to-node=\"4\">La Source d'\u00c9nergie d'une B\u00eate de Performance<\/h3>\n<h4 data-path-to-node=\"5\">La Compagnie Ultime de 15000 Puffs<\/h4>\n<p data-path-to-node=\"6\">Ce n'est en aucun cas une \u00e9toile filante qui brille un instant puis s'\u00e9teint rapidement. L'endurance ultra-longue jusqu'\u00e0 15000 puffs signifie que m\u00eame si vous \u00eates le plus exigeant, le plus grand amateur de nuages, il vous accompagnera r\u00e9guli\u00e8rement pendant de longues p\u00e9riodes. Vous n'avez pas besoin de budg\u00e9tiser chaque puff avec soin ; ce qu'il vous accorde, c'est la libert\u00e9 absolue de vous plonger dans les nuages.<\/p>\n<h4 data-path-to-node=\"7\">La Vaste R\u00e9serve de 22 ML de Liquide \u00c9lectronique<\/h4>\n<p data-path-to-node=\"8\">Si une bouff\u00e9e de vapeur est un nuage, alors la capacit\u00e9 massive de 22 ml est un vaste ciel. Cette matrice pr\u00e9-remplie de liquide \u00e9lectronique de haute qualit\u00e9 \u00e9limine directement le tracas des remplissages fr\u00e9quents, minimisant toutes les interruptions et garantissant que votre exp\u00e9rience immersive reste ininterrompue.<\/p>\n<h3 data-path-to-node=\"9\">Technologie de Pr\u00e9cision en Contr\u00f4le Complet<\/h3>\n<h4 data-path-to-node=\"10\">Bobine Mesh Avanc\u00e9e 0.6\u03a9<\/h4>\n<p data-path-to-node=\"11\">Souffrez-vous toujours de cette atomisation fluctuante, parfois m\u00eame l\u00e9g\u00e8rement au go\u00fbt de plastique, inf\u00e9rieure ? Le fil chauffant \u00e0 maille de 0,6 ohm int\u00e9gr\u00e9 agit comme un ma\u00eetre parfumeur aux techniques incroyablement pr\u00e9cises. Il garantit que chaque goutte de liquide \u00e9lectronique est uniform\u00e9ment et f\u00e9rocement r\u00e9veill\u00e9e au moment du contact. De la premi\u00e8re puff \u00e0 la dix milli\u00e8me, la concentration de vapeur reste aussi constante que jamais, si riche que vous avez l'impression de pouvoir toucher cette couche de fruit\u00e9 avec vos mains.<\/p>\n<h4 data-path-to-node=\"12\">Fen\u00eatre d'\u00c9tat LED Intelligente<\/h4>\n<p data-path-to-node=\"13\">Devons-nous souffrir de la terreur inconnue d'une chute soudaine de batterie en profitant d'une vapeur riche ?<\/p>\n<h5 data-path-to-node=\"14\">Retour de Donn\u00e9es Pr\u00e9cis<\/h5>\n<p data-path-to-node=\"15\">L'\u00e9cran LED brillant \u00e0 l'avant de l'appareil met compl\u00e8tement fin \u00e0 l'\u00e8re des \u201c suppositions \u00e0 l'aveugle \u201d. Les niveaux de batterie et de liquide \u00e9lectronique sont visibles en un coup d'\u0153il, un peu comme les cadrans pr\u00e9cis du tableau de bord d'une voiture de sport. Il n'y a pas de coupures soudaines, seulement la s\u00e9r\u00e9nit\u00e9 tranquille d'avoir tout compl\u00e8tement sous contr\u00f4le.<\/p>\n<h4 data-path-to-node=\"16\">C\u0153ur d'Alimentation 600mAh et Charge Ultra-Rapide<\/h4>\n<p data-path-to-node=\"17\">La batterie rechargeable robuste de 600mAh est responsable d'une sortie r\u00e9guli\u00e8re et continue. Associ\u00e9e au port de charge rapide Type-C \u00e0 la base, elle peut rapidement \u201c ressusciter \u00e0 pleine charge \u201d dans le temps qu'il vous faut pour attraper une tasse de caf\u00e9, maintenant toujours cette sensation de pouss\u00e9e maximale.<\/p>\n<h2 data-path-to-node=\"18\">Exp\u00e9rience de Vapotage DTL Immersive : Pourquoi est-ce Irr\u00e9sistible ?<\/h2>\n<p data-path-to-node=\"19\">Ce n'est absolument pas le genre d'exp\u00e9rience \u00e9touffante avec une r\u00e9sistance de tirage massive qui vous laisse rouge de visage. Le flux d'air grand ouvert sp\u00e9cialement con\u00e7u pour le DTL (Direct-to-Lung) rend chaque tirage comme une respiration profonde et rafra\u00eechissante au c\u0153ur d'une for\u00eat d'automne pr\u00e9coce\u2014naturel, expansif et enti\u00e8rement exempt de s\u00e9cheresse. Associ\u00e9 \u00e0 une force de nicotine de 5%, il ne joue pas \u00e0 des jeux de sondage doux ; au lieu de cela, il offre un coup de gorge ferme et contr\u00f4lable. Chaque puff frappe exactement au bon endroit, apportant une satisfaction sensorielle tangible.<\/p>\n<p><img decoding=\"async\" class=\"alignnone wp-image-8117 size-full\" title=\"Al Fakher Crown Bar Pro 15K Disposable Vape\" src=\"https:\/\/oiovape.com\/wp-content\/uploads\/2026\/04\/Al-Fakher-Crown-Bar-Pro-15K-Disposable-Vape.jpg\" alt=\"Al Fakher Crown Bar Pro 15K Disposable Vape\" width=\"1012\" height=\"1012\" srcset=\"https:\/\/oiovape.com\/wp-content\/uploads\/2026\/04\/Al-Fakher-Crown-Bar-Pro-15K-Disposable-Vape.jpg 1012w, https:\/\/oiovape.com\/wp-content\/uploads\/2026\/04\/Al-Fakher-Crown-Bar-Pro-15K-Disposable-Vape-300x300.jpg 300w, https:\/\/oiovape.com\/wp-content\/uploads\/2026\/04\/Al-Fakher-Crown-Bar-Pro-15K-Disposable-Vape-150x150.jpg 150w, https:\/\/oiovape.com\/wp-content\/uploads\/2026\/04\/Al-Fakher-Crown-Bar-Pro-15K-Disposable-Vape-768x768.jpg 768w, https:\/\/oiovape.com\/wp-content\/uploads\/2026\/04\/Al-Fakher-Crown-Bar-Pro-15K-Disposable-Vape-12x12.jpg 12w, https:\/\/oiovape.com\/wp-content\/uploads\/2026\/04\/Al-Fakher-Crown-Bar-Pro-15K-Disposable-Vape-600x600.jpg 600w\" sizes=\"(max-width: 1012px) 100vw, 1012px\" \/><\/p>\n<h2 data-path-to-node=\"20\">Le Mus\u00e9e de l'Art du Go\u00fbt : Chaque Saveur est un Chef-d'\u0152uvre Ind\u00e9pendant<\/h2>\n<p data-path-to-node=\"21\">Al Fakher ne m\u00e9lange jamais de l'eau sucr\u00e9e bon march\u00e9 et industrielle ; ils construisent une architecture pr\u00e9cise de l'odeur et du go\u00fbt. Pour vous laisser voir compl\u00e8tement son paysage de saveur, nous d\u00e9composons chaque profil individuel :<\/p>\n<p data-path-to-node=\"22\">1.Berry Ice<br \/>\n2.Blackcurrant Ice<br \/>\n3.Citron Bleu Framboise<br \/>\n4.Cherry Raspberry<br \/>\n5.Grape Mint<br \/>\n6.Saveur Gomme<br \/>\n7.Menthe Gomme<br \/>\n8.Magic Love<br \/>\n9.Menthe Simple<br \/>\n10.Fruit de la Passion Sucr\u00e9<br \/>\n11. R\u00eave Lucide<br \/>\n12. \u00c9clair Blanc<\/p>\n<h2 data-path-to-node=\"54\">Esth\u00e9tique Minimaliste : Comment Dompter Cette B\u00eate de Vapotage ?<\/h2>\n<p data-path-to-node=\"55\">Le plaisir est cens\u00e9 \u00eatre un retour \u00e0 l'instinct, d\u00e9pourvu de toute \u00e9tape fastidieuse ou obscure :<\/p>\n<ol start=\"1\" data-path-to-node=\"56\">\n<li>\n<p data-path-to-node=\"56,0,0\"><b data-path-to-node=\"56,0,0\" data-index-in-node=\"0\">Lib\u00e9rez-vous des Contraintes :<\/b> D\u00e9chirez l'emballage, et cette machine compos\u00e9e est d\u00e9j\u00e0 en veille 24h\/24, 7j\/7.<\/p>\n<\/li>\n<li>\n<p data-path-to-node=\"56,1,0\"><b data-path-to-node=\"56,1,0\" data-index-in-node=\"0\">Suivez Vos Instincts :<\/b> \u00c9liminez tous les boutons inutiles. Scellez vos l\u00e8vres autour de l'embout buccal, et le capteur pneumatique r\u00e9veillera la bobine mesh dormante en millisecondes, \u00e9clatant instantan\u00e9ment avec une \u00e9nergie stup\u00e9fiante.<\/p>\n<\/li>\n<li>\n<p data-path-to-node=\"56,2,0\"><b data-path-to-node=\"56,2,0\" data-index-in-node=\"0\">Ravitaillement Serein :<\/b> Lorsque l'\u00e9cran \u00e9l\u00e9gant s'illumine avec un avertissement de batterie faible, branchez le c\u00e2ble Type-C. En le temps qu'il faut pour boire un verre d'eau, il sera revitalis\u00e9.<\/p>\n<\/li>\n<li>\n<p data-path-to-node=\"56,3,0\"><b data-path-to-node=\"56,3,0\" data-index-in-node=\"0\">Un Adieu Digne :<\/b> C'est la destin\u00e9e d'un appareil jetable. Lorsque les 22 ml de \u201c carburant \u201d sont compl\u00e8tement \u00e9puis\u00e9s, veuillez le recycler correctement selon les r\u00e9glementations locales, donnant \u00e0 ce compagnon fid\u00e8le une place de repos digne.<\/p>\n<\/li>\n<\/ol>\n<h2 data-path-to-node=\"57\">Avantage \u00c9crasant : Pourquoi Regarde-t-il de Haut la Foule ?<\/h2>\n<p data-path-to-node=\"58\">Le march\u00e9 est inond\u00e9 d'appareils vantant \u201c dix mille bouff\u00e9es \u201d, mais la plupart ne sont que des jouets en plastique gonflant aveugl\u00e9ment leur volume. Le Al Fakher Crown Bar 15000 Pro gagne par un art appel\u00e9 \u201c retenue artisanale \u201d. Il comprend mieux que quiconque que ce que les joueurs veulent n'est absolument pas un emballage exag\u00e9r\u00e9, mais un instrument de pr\u00e9cision qui peut vraiment analyser la saveur jusqu'\u00e0 la derni\u00e8re goutte. Il ne rivalise pas avec les concurrents sur les sp\u00e9cifications papier ; il red\u00e9finit le plafond de l'industrie pour les appareils DTL longue dur\u00e9e.<\/p>\n<p data-path-to-node=\"59\">Ne laissez pas vos papilles gustatives continuer \u00e0 se compromettre dans la m\u00e9diocrit\u00e9. Saisissez ce captivant \u201c Raisin Menthe \u201d pourpre et d\u00e9clenchez imm\u00e9diatement votre propre r\u00e9volution sensorielle.<\/p>\n<\/div>\n<\/div>\n<\/div>\n<\/div>\n<\/div>\n<\/div>\n<\/div>\n<\/div>\n<\/div>\n<\/div>\n<\/div>\n<\/div>\n<\/div>\n<\/div>\n<\/div>\n<\/div>\n<\/div>\n<\/div>\n<\/div>\n<\/div>\n<\/div>\n<\/div>\n<\/div>\n<\/div>\n<\/div>\n<\/div>\n<\/div>\n<\/div>\n<\/div>\n<\/div>\n<\/div>\n<\/div>\n<\/div>\n<\/div>\n<\/div>\n<\/div>\n<\/div>\n<\/div>\n<\/div>\n<\/div>\n<\/div>\n<\/div>\n<\/div>\n<\/div>","protected":false},"excerpt":{"rendered":"<div data-page-id=\"RAopf2sw9dtvw4cWYXpcTwo0n8g\" data-lark-html-role=\"root\" data-docx-has-block-data=\"false\">\n<div class=\"ace-line ace-line old-record-id-Uju9f3RXYd8dh2crAJbcBF3Un6M\">Le Al Fakher Crown Bar Pro 15000 Puffs offre une exp\u00e9rience de vapotage DTL fluide avec des saveurs riches et bien \u00e9quilibr\u00e9es, ainsi qu'une performance fiable. Dot\u00e9 d'une r\u00e9sistance en mesh, d'un affichage LED et d'une grande capacit\u00e9 de e-liquide, il combine une utilisation durable avec un contr\u00f4le clair, rendant chaque bouff\u00e9e coh\u00e9rente, savoureuse et satisfaisante.<\/div>\n<\/div>","protected":false},"featured_media":3988,"comment_status":"open","ping_status":"closed","template":"","meta":{"_acf_changed":false,"inline_featured_image":false,"_sitemap_exclude":false,"_sitemap_priority":"","_sitemap_frequency":""},"product_brand":[238],"product_cat":[237,239,246],"product_tag":[],"class_list":{"0":"post-3977","1":"product","2":"type-product","3":"status-publish","4":"has-post-thumbnail","6":"product_brand-al-fakher","7":"product_cat-al-fakher-puff","8":"product_cat-disposable-vape-collection","9":"product_cat-15k-puff","11":"first","12":"instock","13":"sale","14":"shipping-taxable","15":"purchasable","16":"product-type-variable","17":"has-default-attributes"},"acf":[],"tiered_pricing_type":"fixed","tiered_pricing_fixed_rules":{"30":12.05,"60":11.49,"100":10.9,"200":10.56},"tiered_pricing_product_settings":{"layout":"default","base_unit_name":{"singular":null,"plural":null},"default_variation":null},"tiered_pricing_minimum_quantity":10,"tiered_pricing_roles_data":[],"tiered_pricing_percentage_rules":[],"tiered_pricing_maximum_quantity":null,"tiered_pricing_quantity_step":"10","_links":{"self":[{"href":"https:\/\/oiovape.com\/fr\/wp-json\/wp\/v2\/product\/3977","targetHints":{"allow":["GET"]}}],"collection":[{"href":"https:\/\/oiovape.com\/fr\/wp-json\/wp\/v2\/product"}],"about":[{"href":"https:\/\/oiovape.com\/fr\/wp-json\/wp\/v2\/types\/product"}],"replies":[{"embeddable":true,"href":"https:\/\/oiovape.com\/fr\/wp-json\/wp\/v2\/comments?post=3977"}],"version-history":[{"count":3,"href":"https:\/\/oiovape.com\/fr\/wp-json\/wp\/v2\/product\/3977\/revisions"}],"predecessor-version":[{"id":8118,"href":"https:\/\/oiovape.com\/fr\/wp-json\/wp\/v2\/product\/3977\/revisions\/8118"}],"wp:featuredmedia":[{"embeddable":true,"href":"https:\/\/oiovape.com\/fr\/wp-json\/wp\/v2\/media\/3988"}],"wp:attachment":[{"href":"https:\/\/oiovape.com\/fr\/wp-json\/wp\/v2\/media?parent=3977"}],"wp:term":[{"taxonomy":"product_brand","embeddable":true,"href":"https:\/\/oiovape.com\/fr\/wp-json\/wp\/v2\/product_brand?post=3977"},{"taxonomy":"product_cat","embeddable":true,"href":"https:\/\/oiovape.com\/fr\/wp-json\/wp\/v2\/product_cat?post=3977"},{"taxonomy":"product_tag","embeddable":true,"href":"https:\/\/oiovape.com\/fr\/wp-json\/wp\/v2\/product_tag?post=3977"}],"curies":[{"name":"wp","href":"https:\/\/api.w.org\/{rel}","templated":true}]}}