{"id":3990,"date":"2026-01-10T06:46:41","date_gmt":"2026-01-10T06:46:41","guid":{"rendered":"https:\/\/oiovape.com\/?post_type=product&#038;p=3990"},"modified":"2026-04-11T11:32:59","modified_gmt":"2026-04-11T03:32:59","slug":"al-fakher-crown-bar-hypermax-15000-puffs","status":"publish","type":"product","link":"https:\/\/oiovape.com\/fr\/product\/al-fakher-crown-bar-hypermax-15000-puffs\/","title":{"rendered":"Al Fakher Crown Bar Hypermax 15000 TIRAGES 18ML E-liquide 650mAh Batterie Avanc\u00e9e Vape Jetable Avec \u00c9cran Affichage"},"content":{"rendered":"<div data-page-id=\"ZVeMfq8uxd7y1ycuKm5cym4LnYd\" data-lark-html-role=\"root\" data-docx-has-block-data=\"false\">\n<div data-page-id=\"Fd41fZ5N9dzRQtcRNoVc2FuDnCh\" data-lark-html-role=\"root\" data-docx-has-block-data=\"true\">\n<div data-page-id=\"BdIJfeeijdk1eucGpS8cDCBBn5c\" data-lark-html-role=\"root\" data-docx-has-block-data=\"false\">\n<div data-page-id=\"Zbg9fWx77dUuh2cIYpic25c8nyd\" data-lark-html-role=\"root\" data-docx-has-block-data=\"false\">\n<div data-page-id=\"KaIvfiurhdlCKdc0kyxcX64cnE6\" data-lark-html-role=\"root\" data-docx-has-block-data=\"true\">\n<div data-page-id=\"PbvFfqxqlddUTScRpEYcY5MHnpf\" data-lark-html-role=\"root\" data-docx-has-block-data=\"true\">\n<div data-page-id=\"GZO2f5JeudwY4jc9iJtcdk9Hnxh\" data-lark-html-role=\"root\" data-docx-has-block-data=\"false\">\n<div data-page-id=\"EZVRf2acFduXLGcseZFc4qH2n6e\" data-lark-html-role=\"root\" data-docx-has-block-data=\"false\">\n<div data-page-id=\"B8rHfcqlqdzmH5cCWCncz17Cntb\" data-lark-html-role=\"root\" data-docx-has-block-data=\"false\">\n<div data-page-id=\"B8rHfcqlqdzmH5cCWCncz17Cntb\" data-lark-html-role=\"root\" data-docx-has-block-data=\"false\">\n<div data-page-id=\"B8rHfcqlqdzmH5cCWCncz17Cntb\" data-lark-html-role=\"root\" data-docx-has-block-data=\"true\">\n<div data-page-id=\"HM70f1aoxdD0bMcxJZBcVc7ynZd\" data-lark-html-role=\"root\" data-docx-has-block-data=\"false\">\n<div data-page-id=\"NSrJfN7Ord22i0c1iwZcsF8yn8b\" data-lark-html-role=\"root\" data-docx-has-block-data=\"false\">\n<div data-page-id=\"RXEff4Mskds8o1cqL5HcGEtUnCh\" data-lark-html-role=\"root\" data-docx-has-block-data=\"false\">\n<div data-page-id=\"KJ7gfqkVndMSRJcMseScmvYwnTc\" data-lark-html-role=\"root\" data-docx-has-block-data=\"false\">\n<div class=\"ace-line ace-line old-record-id-QADAfETPudgmudc05YvcTO5fnxe\">\n<div data-page-id=\"KJ7gfqkVndMSRJcMseScmvYwnTc\" data-lark-html-role=\"root\" data-docx-has-block-data=\"false\">\n<div class=\"ace-line ace-line old-record-id-JoRkfpho8dOkiacEOascDyCOncb\">\n<div data-page-id=\"KJ7gfqkVndMSRJcMseScmvYwnTc\" data-lark-html-role=\"root\" data-docx-has-block-data=\"false\">\n<div data-page-id=\"Ju6ofQ3V4dGmePcVvJvc1gmcnZb\" data-lark-html-role=\"root\" data-docx-has-block-data=\"true\">\n<div data-page-id=\"PR9ife5PLdFabccbFgZcWgZOnTc\" data-lark-html-role=\"root\" data-docx-has-block-data=\"false\">\n<div data-page-id=\"INdrfOIGzdaenXcptrcc1BcznQc\" data-lark-html-role=\"root\" data-docx-has-block-data=\"false\">\n<div class=\"ace-line ace-line old-record-id-P0fIf4YaZdoGkbcxt5ackec2nnb\">\n<div data-page-id=\"INdrfOIGzdaenXcptrcc1BcznQc\" data-lark-html-role=\"root\" data-docx-has-block-data=\"false\">\n<div data-page-id=\"MAzCfUB73dMTQscm8eWcougVn1g\" data-lark-html-role=\"root\" data-docx-has-block-data=\"true\">\n<div data-page-id=\"AXfpf7H1odhDvGcKoUOcErN8nV7\" data-lark-html-role=\"root\" data-docx-has-block-data=\"false\">\n<div data-page-id=\"QYTKf5PvLdUNdbce2nBcW9yfnrh\" data-lark-html-role=\"root\" data-docx-has-block-data=\"false\">\n<div data-page-id=\"Pvu1f1CCBdxbjncA9pgcBTpanph\" data-lark-html-role=\"root\" data-docx-has-block-data=\"true\">\n<div data-page-id=\"Axf3fcmY8dDAhtcjVircBcphnPc\" data-lark-html-role=\"root\" data-docx-has-block-data=\"false\">\n<div data-page-id=\"KKj1f9SPmdLhhMc5E2AcNlLen6f\" data-lark-html-role=\"root\" data-docx-has-block-data=\"true\">\n<div data-page-id=\"Rx61fK1sJdXHjPcBuhZcweNhnwc\" data-lark-html-role=\"root\" data-docx-has-block-data=\"false\">\n<div data-page-id=\"L1H9fkG9Mdz45Fcy4WMc5VKXnRe\" data-lark-html-role=\"root\" data-docx-has-block-data=\"false\">\n<div data-page-id=\"L1H9fkG9Mdz45Fcy4WMc5VKXnRe\" data-lark-html-role=\"root\" data-docx-has-block-data=\"false\">\n<div data-page-id=\"D4XLfVBVrdE8mrcaYizczklLnaf\" data-lark-html-role=\"root\" data-docx-has-block-data=\"false\">\n<div data-page-id=\"WVcifIY44d5mhMcXtyEcTsfenGd\" data-lark-html-role=\"root\" data-docx-has-block-data=\"true\">\n<div data-page-id=\"LRknfa6Whd4DWCcUc0FcNKpJnyh\" data-lark-html-role=\"root\" data-docx-has-block-data=\"false\">\n<div data-page-id=\"LRknfa6Whd4DWCcUc0FcNKpJnyh\" data-lark-html-role=\"root\" data-docx-has-block-data=\"false\">\n<div data-page-id=\"XFRAfkcOEdRWh8cArQ2cJdyRnJf\" data-lark-html-role=\"root\" data-docx-has-block-data=\"true\">\n<div data-page-id=\"OQ3bfjnRddMTDGcC3ouc6xFKnWf\" data-lark-html-role=\"root\" data-docx-has-block-data=\"true\">\n<div data-page-id=\"J0iGfj1hEdjc4rcUdSmc4spMnmZ\" data-lark-html-role=\"root\" data-docx-has-block-data=\"false\">\n<div data-page-id=\"P1o7fFyNlduP8tcfZpQcagzbnIf\" data-lark-html-role=\"root\" data-docx-has-block-data=\"false\">\n<div class=\"ace-line ace-line old-record-id-P1o7fFyNlduP8tcfZpQcagzbnIf\">\n<div data-page-id=\"P1o7fFyNlduP8tcfZpQcagzbnIf\" data-lark-html-role=\"root\" data-docx-has-block-data=\"false\">\n<div data-page-id=\"U4iufW38SdttWKcTstMcTtHRnXc\" data-lark-html-role=\"root\" data-docx-has-block-data=\"true\">\n<h2 data-path-to-node=\"0\">Al Fakher Crown Bar Hypermax 15000 Puffs Vape \u2013 D\u00e9bloquez l'Exp\u00e9rience DTL Ultime<\/h2>\n<p data-path-to-node=\"2\">Qui dit que la portabilit\u00e9 et la production massive de nuages ne peuvent pas coexister ? Le Al Fakher Crown Bar Hypermax 15000 Puffs fait son entr\u00e9e sur la sc\u00e8ne chez OioVape avec une sinc\u00e9rit\u00e9 absolue. Ce n'est pas seulement un appareil ; c'est un \u201c moteur \u00e0 nuages \u201d de poche. Avec une capacit\u00e9 colossale de 30ml de e-liquide et un syst\u00e8me DTL (Direct-to-Lung) personnalis\u00e9, supportez-vous vraiment encore le d\u00e9sagr\u00e9ment de changer constamment les cartouches ?<\/p>\n<p data-path-to-node=\"3\">Dites adieu aux bouteilles de remplissage d\u00e9sordonn\u00e9es et aux m\u00e9caniques encombrantes et surcon\u00e7ues. Que vous soyez un d\u00e9butant curieux ou un chasseur de nuages exp\u00e9riment\u00e9, il conquiert les palais les plus exigeants avec sa texture douce et soyeuse et sa puissance explosive sans r\u00e9serve. Et si vous envisagez une expansion commerciale, connectez-vous directement aux canaux de gros\u2014l'efficacit\u00e9 et les rendements lucratifs se donnent la main ici.<\/p>\n<p><img decoding=\"async\" class=\"alignnone wp-image-4002 size-full\" title=\"al-fakher-crown-bar-hypermax-15000-puffs-2\" src=\"https:\/\/oiovape.com\/wp-content\/uploads\/2026\/01\/al-fakher-crown-bar-hypermax-15000-puffs-2.png\" alt=\"al-fakher-crown-bar-hypermax-15000-puffs-2\" width=\"1200\" height=\"480\" srcset=\"https:\/\/oiovape.com\/wp-content\/uploads\/2026\/01\/al-fakher-crown-bar-hypermax-15000-puffs-2.png 1200w, https:\/\/oiovape.com\/wp-content\/uploads\/2026\/01\/al-fakher-crown-bar-hypermax-15000-puffs-2-300x120.png 300w, https:\/\/oiovape.com\/wp-content\/uploads\/2026\/01\/al-fakher-crown-bar-hypermax-15000-puffs-2-1024x410.png 1024w, https:\/\/oiovape.com\/wp-content\/uploads\/2026\/01\/al-fakher-crown-bar-hypermax-15000-puffs-2-768x307.png 768w, https:\/\/oiovape.com\/wp-content\/uploads\/2026\/01\/al-fakher-crown-bar-hypermax-15000-puffs-2-150x60.png 150w\" sizes=\"(max-width: 1200px) 100vw, 1200px\" \/><\/p>\n<h2 data-path-to-node=\"5\">D\u00e9coder les Caract\u00e9ristiques Principales du Al Fakher Crown Bar 15K Hypermax<\/h2>\n<p data-path-to-node=\"6\">Ici, chaque sp\u00e9cification est bien plus qu'un simple chiffre froid ; elle est con\u00e7ue pour r\u00e9inventer compl\u00e8tement votre exp\u00e9rience de vapotage.<\/p>\n<h3 data-path-to-node=\"7\">Fusion Profonde du Mat\u00e9riel et de la Sensation<\/h3>\n<h4 data-path-to-node=\"8\">Un Impressionnant 15000 Puffs<\/h4>\n<p data-path-to-node=\"9\">Jetez votre anxi\u00e9t\u00e9 li\u00e9e \u00e0 la batterie dans l'ab\u00eeme. Cela signifie simplement des semaines de compagnie fid\u00e8le. Comme un plongeur des profondeurs infatigable, son endurance durable brise les limites des appareils jetables traditionnels.<\/p>\n<h4 data-path-to-node=\"10\">Bobine Mesh Avanc\u00e9e 0.6\u03a9<\/h4>\n<p data-path-to-node=\"11\">Ce c\u0153ur bat avec une force f\u00e9roce. Le noyau mesh \u00e0 faible r\u00e9sistance de 0,6 ohm agit comme un catalyseur magique pour le e-liquide, d\u00e9tonant instantan\u00e9ment chaque goutte en nuages denses et riches. La saveur glisse comme du velours dans la gorge.<\/p>\n<h4 data-path-to-node=\"12\">Matrice de E-Liquide G\u00e9ante 30ml<\/h4>\n<p data-path-to-node=\"13\">Un r\u00e9servoir pr\u00e9-rempli sans couture de 30ml agit comme une bo\u00eete magique sans fond de saveur. Arr\u00eatez de regarder nerveusement les jauges pour calculer ce qui reste\u2014prenez simplement une profonde respiration et laissez-vous aller.<\/p>\n<h4 data-path-to-node=\"14\">Affichage Dual LED Haute D\u00e9finition Intelligent<\/h4>\n<p data-path-to-node=\"15\">N'est-ce pas le rem\u00e8de ultime \u00e0 l\u201c\u201d anxi\u00e9t\u00e9 li\u00e9e \u00e0 la batterie \u00bb ? Avec des affichages ind\u00e9pendants et d'une pr\u00e9cision chirurgicale pour le Niveau de Batterie et le Niveau d'Huile, c'est comme regarder le tableau de bord d'une supervoiture. Vous \u00eates toujours aux commandes pour chaque bouff\u00e9e.<\/p>\n<h4 data-path-to-node=\"16\">Architecture DTL Exclusive<\/h4>\n<p data-path-to-node=\"17\">Con\u00e7ue strictement pour les utilisateurs qui crave la pure puissance. Le canal d'air est comme une autoroute grande ouverte ; le tirage sans r\u00e9sistance et a\u00e9r\u00e9 offre une temp\u00eate de vapeur vertigineuse.<\/p>\n<h4 data-path-to-node=\"18\">Ratio de Nicotine Dor\u00e9 0.6% (6mg\/ml)<\/h4>\n<p data-path-to-node=\"19\">Juste la bonne touche d'un coup de gorge l\u00e9ger comme une plume. Ce n'est jamais abrupt, jamais tranchant, trouvant ce point doux absolu entre une livraison de nicotine satisfaisante et une saveur pure et sans adult\u00e9ration.<\/p>\n<h4 data-path-to-node=\"20\">R\u00e9surrection Rapide Type-C<\/h4>\n<p data-path-to-node=\"21\">\u00c9quip\u00e9 d'un port de charge haute \u00e9nergie, un simple repos le ram\u00e8ne \u00e0 la vie en rugissant. Ne laissez pas les temps d'attente agonisants ruiner vos s\u00e9ances de d\u00e9gustation.<\/p>\n<h2 data-path-to-node=\"23\">D\u00e9couvrez Votre Tr\u00e9sor Exclusif chez OioVape<\/h2>\n<p data-path-to-node=\"24\">Pourquoi errer sans fin dans une mer de choix m\u00e9diocres ? Chez OioVape, nous ne filtrons pas seulement le mat\u00e9riel le plus dominant pour vous ; nous livrons une exp\u00e9rience irr\u00e9sistible et premium. Glissez ce chef-d'\u0153uvre dans votre poche et savourez un bond sans compromis en qualit\u00e9. Les vapoteurs intelligents savent d\u00e9j\u00e0 exactement o\u00f9 trouver le meilleur rapport qualit\u00e9-prix.<\/p>\n<h2 data-path-to-node=\"26\">La Galerie d'Art des Saveurs (M\u00e9langes S\u00e9lectionn\u00e9s)<\/h2>\n<p data-path-to-node=\"27\">Avec jusqu'\u00e0 20 saveurs signature, ce n'est pas un tas bon march\u00e9 d'extraits artificiels. C'est comme sceller un verger entier et un glacier directement dans la paume de votre main.<\/p>\n<h3 data-path-to-node=\"28\">Une Symphonie de Givre et de Fruit<\/h3>\n<h4 data-path-to-node=\"29\">Core Flagship Series<\/h4>\n<h5 data-path-to-node=\"30\">Menthe au raisin<\/h5>\n<p data-path-to-node=\"31\">Un nectar de raisin violet profond et riche enferm\u00e9 dans de la glace cristalline. Au moment o\u00f9 vous expirez, on a l'impression qu'une brise vive a balay\u00e9 toute la monotonie de la pi\u00e8ce.<\/p>\n<h5 data-path-to-node=\"32\">Myrtille framboise<\/h5>\n<p data-path-to-node=\"33\">Comme cueillir la toute premi\u00e8re poign\u00e9e de baies couvertes de ros\u00e9e d'un buisson du matin. L'acidit\u00e9 et la douceur ex\u00e9cutent une danse endiabl\u00e9e sur votre langue.<\/p>\n<h5 data-path-to-node=\"34\">Past\u00e8que ananas<\/h5>\n<p data-path-to-node=\"35\">La passion \u00e9quatoriale entre en collision avec les glaciers polaires. La douceur rafra\u00eechissante de la past\u00e8que pose les fondations, tandis que l'ananas audacieux et acidul\u00e9 sort de sa coquille. Qui pourrait r\u00e9sister \u00e0 une telle f\u00eate sensorielle multicouche ?<\/p>\n<h5 data-path-to-node=\"36\">Fiesta cerise<\/h5>\n<p data-path-to-node=\"37\">Absolument d\u00e9pourvu de toute ambiance de sirop m\u00e9dicinal cloying. Au lieu de cela, il capture le jus vibrant et \u00e9clatant de mordre dans une cerise charnue et m\u00fbre\u2014riche, direct et d\u00e9licieusement pur.<\/p>\n<h5 data-path-to-node=\"38\">Amour magique<\/h5>\n<p data-path-to-node=\"39\">Le nom lui-m\u00eame est une \u00e9nigme. L'ar\u00f4me complexe et floral-fruit\u00e9 se d\u00e9ploie comme le d\u00e9pliage d'un cadeau multicouche ; chaque bouff\u00e9e vous permet de saisir une finition inattendue et persistante.<\/p>\n<p><img decoding=\"async\" class=\"alignnone wp-image-8119 size-full\" title=\"Al Fakher Crown Bar Hypermax 15K Saveurs\" src=\"https:\/\/oiovape.com\/wp-content\/uploads\/2026\/04\/Al-Fakher-Crown-Bar-Hypermax-15K-Flavors.jpg\" alt=\"Al Fakher Crown Bar Hypermax 15K Saveurs\" width=\"1298\" height=\"475\" srcset=\"https:\/\/oiovape.com\/wp-content\/uploads\/2026\/04\/Al-Fakher-Crown-Bar-Hypermax-15K-Flavors.jpg 1298w, https:\/\/oiovape.com\/wp-content\/uploads\/2026\/04\/Al-Fakher-Crown-Bar-Hypermax-15K-Flavors-300x110.jpg 300w, https:\/\/oiovape.com\/wp-content\/uploads\/2026\/04\/Al-Fakher-Crown-Bar-Hypermax-15K-Flavors-1024x375.jpg 1024w, https:\/\/oiovape.com\/wp-content\/uploads\/2026\/04\/Al-Fakher-Crown-Bar-Hypermax-15K-Flavors-768x281.jpg 768w, https:\/\/oiovape.com\/wp-content\/uploads\/2026\/04\/Al-Fakher-Crown-Bar-Hypermax-15K-Flavors-18x7.jpg 18w, https:\/\/oiovape.com\/wp-content\/uploads\/2026\/04\/Al-Fakher-Crown-Bar-Hypermax-15K-Flavors-1200x439.jpg 1200w, https:\/\/oiovape.com\/wp-content\/uploads\/2026\/04\/Al-Fakher-Crown-Bar-Hypermax-15K-Flavors-150x55.jpg 150w\" sizes=\"(max-width: 1298px) 100vw, 1298px\" \/><\/p>\n<h2 data-path-to-node=\"41\">Pourquoi cela deviendra-t-il votre nouveau favori de poche ?<\/h2>\n<ul data-path-to-node=\"42\">\n<li>\n<p data-path-to-node=\"42,0,0\"><b data-path-to-node=\"42,0,0\" data-index-in-node=\"0\">Capacit\u00e9 disruptive de 30 ml :<\/b> Laisse l'anxi\u00e9t\u00e9 de long\u00e9vit\u00e9 compl\u00e8tement dans la poussi\u00e8re.<\/p>\n<\/li>\n<li>\n<p data-path-to-node=\"42,1,0\"><b data-path-to-node=\"42,1,0\" data-index-in-node=\"0\">Entra\u00eenement Mesh hardcore 0,6\u03a9 :<\/b> Garantit que chaque bouff\u00e9e DTL est une temp\u00eate satur\u00e9e de saveur.<\/p>\n<\/li>\n<li>\n<p data-path-to-node=\"42,2,0\"><b data-path-to-node=\"42,2,0\" data-index-in-node=\"0\">Surveillance intelligente LED \u00e0 double voie :<\/b> Les signes vitaux de l'appareil sont cristallins en un coup d'\u0153il ; dites adieu aux suppositions \u00e0 l'aveugle.<\/p>\n<\/li>\n<li>\n<p data-path-to-node=\"42,3,0\"><b data-path-to-node=\"42,3,0\" data-index-in-node=\"0\">0.6% Nicotine l\u00e9g\u00e8re :<\/b> Permet aux fruits et au givre de vraiment voler la vedette.<\/p>\n<\/li>\n<li>\n<p data-path-to-node=\"42,4,0\"><b data-path-to-node=\"42,4,0\" data-index-in-node=\"0\">Ing\u00e9nierie \u00e9tanche :<\/b> Aussi fiable qu'une capsule spatiale, gardant les choses \u00e9l\u00e9gantes et rang\u00e9es, n'importe quand, n'importe o\u00f9.<\/p>\n<\/li>\n<\/ul>\n<h2 data-path-to-node=\"44\">D\u00e9marrage minimaliste, instantan\u00e9ment dans les nuages<\/h2>\n<p data-path-to-node=\"45\">Aucune courbe d'apprentissage abrupte requise\u2014tout est magnifiquement simplifi\u00e9.<\/p>\n<h3 data-path-to-node=\"46\">La trilogie conviviale pour les d\u00e9butants<\/h3>\n<ol start=\"1\" data-path-to-node=\"47\">\n<li>\n<p data-path-to-node=\"47,0,0\"><b data-path-to-node=\"47,0,0\" data-index-in-node=\"0\">Lib\u00e9rez la B\u00eate :<\/b> Enlevez tout l'emballage ext\u00e9rieur et les bouchons en silicone pour lib\u00e9rer l'appareil.<\/p>\n<\/li>\n<li>\n<p data-path-to-node=\"47,1,0\"><b data-path-to-node=\"47,1,0\" data-index-in-node=\"0\">R\u00e9veillez la Temp\u00eate :<\/b> Le corps sans couture ne demande aucune pression de bouton. Faites confiance \u00e0 vos instincts, prenez une profonde inhalation, et le commutateur intelligent activ\u00e9 par l'air s'enflamme instantan\u00e9ment le festin.<\/p>\n<\/li>\n<li>\n<p data-path-to-node=\"47,2,0\"><b data-path-to-node=\"47,2,0\" data-index-in-node=\"0\">Ma\u00eetrisez le jeu :<\/b> Gardez un \u0153il vigilant sur votre e-liquide et votre batterie via l'\u00e9cran LED cristallin. Lorsque l'\u00e9nergie est faible, branchez un c\u00e2ble Type-C pour une recharge rapide ; lorsqu'il est inactif, rangez-le simplement en toute s\u00e9curit\u00e9 dans un endroit frais et sec.<\/p>\n<\/li>\n<\/ol>\n<\/div>\n<\/div>\n<\/div>\n<\/div>\n<\/div>\n<\/div>\n<\/div>\n<\/div>\n<\/div>\n<\/div>\n<\/div>\n<\/div>\n<\/div>\n<\/div>\n<\/div>\n<\/div>\n<\/div>\n<\/div>\n<\/div>\n<\/div>\n<\/div>\n<\/div>\n<\/div>\n<\/div>\n<\/div>\n<\/div>\n<\/div>\n<\/div>\n<\/div>\n<\/div>\n<\/div>\n<\/div>\n<\/div>\n<\/div>\n<\/div>\n<\/div>\n<\/div>\n<\/div>\n<\/div>\n<\/div>\n<\/div>\n<\/div>\n<\/div>\n<\/div>","protected":false},"excerpt":{"rendered":"<div data-page-id=\"RAopf2sw9dtvw4cWYXpcTwo0n8g\" data-lark-html-role=\"root\" data-docx-has-block-data=\"false\">\n<div class=\"ace-line ace-line old-record-id-Uju9f3RXYd8dh2crAJbcBF3Un6M\">Le Al Fakher Crown Bar Hypermax 15000 Puffs combine des performances durables avec une large gamme de saveurs. Con\u00e7u pour le vapotage Direct-to-Lung, il d\u00e9livre une vapeur lisse gr\u00e2ce \u00e0 une r\u00e9sistance de 0,6\u03a9, soutenue par une capacit\u00e9 de 18 ml de e-liquide, une batterie rechargeable, et un affichage clair montrant le nombre de bouff\u00e9es et l'\u00e9tat de la batterie.<\/div>\n<\/div>","protected":false},"featured_media":3992,"comment_status":"open","ping_status":"closed","template":"","meta":{"_acf_changed":false,"inline_featured_image":false,"_sitemap_exclude":false,"_sitemap_priority":"","_sitemap_frequency":""},"product_brand":[238],"product_cat":[237,239,246,229],"product_tag":[],"class_list":{"0":"post-3990","1":"product","2":"type-product","3":"status-publish","4":"has-post-thumbnail","6":"product_brand-al-fakher","7":"product_cat-al-fakher-puff","8":"product_cat-disposable-vape-collection","9":"product_cat-15k-puff","10":"product_cat-ship-from-german","12":"first","13":"instock","14":"sale","15":"shipping-taxable","16":"purchasable","17":"product-type-variable","18":"has-default-attributes"},"acf":[],"tiered_pricing_type":"fixed","tiered_pricing_fixed_rules":{"30":10.69,"60":10.45,"100":10.25,"200":10.13},"tiered_pricing_product_settings":{"layout":"default","base_unit_name":{"singular":null,"plural":null},"default_variation":null},"tiered_pricing_minimum_quantity":10,"tiered_pricing_roles_data":[],"tiered_pricing_percentage_rules":[],"tiered_pricing_maximum_quantity":null,"tiered_pricing_quantity_step":"10","_links":{"self":[{"href":"https:\/\/oiovape.com\/fr\/wp-json\/wp\/v2\/product\/3990","targetHints":{"allow":["GET"]}}],"collection":[{"href":"https:\/\/oiovape.com\/fr\/wp-json\/wp\/v2\/product"}],"about":[{"href":"https:\/\/oiovape.com\/fr\/wp-json\/wp\/v2\/types\/product"}],"replies":[{"embeddable":true,"href":"https:\/\/oiovape.com\/fr\/wp-json\/wp\/v2\/comments?post=3990"}],"version-history":[{"count":3,"href":"https:\/\/oiovape.com\/fr\/wp-json\/wp\/v2\/product\/3990\/revisions"}],"predecessor-version":[{"id":8120,"href":"https:\/\/oiovape.com\/fr\/wp-json\/wp\/v2\/product\/3990\/revisions\/8120"}],"wp:featuredmedia":[{"embeddable":true,"href":"https:\/\/oiovape.com\/fr\/wp-json\/wp\/v2\/media\/3992"}],"wp:attachment":[{"href":"https:\/\/oiovape.com\/fr\/wp-json\/wp\/v2\/media?parent=3990"}],"wp:term":[{"taxonomy":"product_brand","embeddable":true,"href":"https:\/\/oiovape.com\/fr\/wp-json\/wp\/v2\/product_brand?post=3990"},{"taxonomy":"product_cat","embeddable":true,"href":"https:\/\/oiovape.com\/fr\/wp-json\/wp\/v2\/product_cat?post=3990"},{"taxonomy":"product_tag","embeddable":true,"href":"https:\/\/oiovape.com\/fr\/wp-json\/wp\/v2\/product_tag?post=3990"}],"curies":[{"name":"wp","href":"https:\/\/api.w.org\/{rel}","templated":true}]}}